{"id":47673,"date":"2022-11-01T16:05:38","date_gmt":"2022-11-01T13:05:38","guid":{"rendered":"https:\/\/www.waterskis.lv\/products\/ww-kajaku-airis-tnp-727c-2-rapa-carbon\/"},"modified":"2026-02-06T11:51:06","modified_gmt":"2026-02-06T09:51:06","slug":"ww-kajaku-airis-tnp-727c-2-rapa-carbon","status":"publish","type":"product","link":"https:\/\/www.waterskis.lv\/ru\/product\/ww-kajaku-airis-tnp-727c-2-rapa-carbon\/","title":{"rendered":"WW kajaku airis TNP 727C.2 RAPA CARBON"},"content":{"rendered":"<h1>WW kajaku airis TNP 727C.2 RAPA CARBON<\/h1>\n<p>WW kajaku airis TNP 727C.2 RAPA CARBON<\/p>\n<p>VAIR\u0100K INFORM\u0100CIJAS<\/p>\n<p>\u0160\u012b kajaka airis pieder m\u016bsu augst\u0101kajai kajaku l\u012bnijai ar\u00a0PAC asme\u0146iem.<\/p>\n<p>Rapa ir \u013coti piem\u0113rota ne tikai pieredz\u0113ju\u0161iem air\u0113t\u0101jiem, bet ar\u012b ies\u0101c\u0113jiem. Tas nodro\u0161ina lielisku stingr\u012bbu un iztur\u012bbu, vienlaikus saglab\u0101jot \u0113rti zemu svaru.<\/p>\n<p>Rapu var izmantot balt\u016bdens kr\u0101c\u0113m l\u012bdz WW gr\u016bt\u012bbas pak\u0101pei.<\/p>\n<p>Standart\u0101 m\u0113s izgatavojam l\u0101psti\u0146as uz duralum\u012bnija vai kompoz\u012btmateri\u0101la v\u0101rpst\u0101m.<\/p>\n<p>No jauna varat izv\u0113l\u0113ties ar\u012b Vario\u00a0Z savienojumu, kas \u013cauj \u0101tri main\u012bt le\u0146\u0137i bez papildu instrumentiem.<\/p>\n<p>\u0160is modelis tiek ra\u017eots uz 30 mm diametra v\u0101rpst\u0101m.<\/p>\n<p>DATU LAPA<br \/>\nTipa WHITE WATER airis<br \/>\nSvars 0,88<br \/>\nV\u0101rpstas materi\u0101ls Carbon<br \/>\nDa\u013cu skaits 2<br \/>\nL\u0101psti\u0146as materi\u0101ls PAC (ar oglekli pastiprin\u0101ts poliam\u012bds)<br \/>\nAsmens virsma (cm2) 713<br \/>\nV\u0101rpstas diametrs 30 mm<br \/>\nSavienojuma tipa atsperes-pogas uzgalis<br \/>\nIzmanto\u0161anas m\u0113r\u0137is Balt\u016bdens upes<br \/>\nIzcelsmes valsts \u010cehija<\/p>\n<p>Garums 190, 195, 200, 205, 210 cm<\/p>\n<p>Spalvu le\u0146\u0137is 0-70 L, R; 0\u201375\u00a0l, R<\/p>\n<h3 id=\"more-info\" class=\"page-product-heading active\">MORE INFO<\/h3>\n<div class=\"block_content1 rte active\">\n<p>This kayak paddle belongs to our higher kayak line with\u00a0PAC blades.<\/p>\n<p>Rapa is very suitable not only for advanced paddlers but for beginners as well. It brings you great firmness and durabilty while keeping the weight comfortably low.<\/p>\n<p>Rapa can be used for whitewater rapids up to the WW difficulty.<\/p>\n<p>Standardly we manufacture paddle on duralumin or composite\u00a0shafts.<\/p>\n<p>Newly you can also opt for\u00a0Vario Z coupling, which allows you to change the angle swiftly without additional instruments.<\/p>\n<p>This model is produced on 30 mm diameter shafts.<\/p>\n<\/div>\n<h3 id=\"table-data\" class=\"page-product-heading\">DATA SHEET<\/h3>\n<table class=\"block_content2 table-data-sheet\">\n<tbody>\n<tr class=\"odd\">\n<td>Type<\/td>\n<td>WHITE WATER paddle<\/td>\n<\/tr>\n<tr class=\"even\">\n<td>Weight<\/td>\n<td>0,88<\/td>\n<\/tr>\n<tr class=\"odd\">\n<td>Shaft material<\/td>\n<td>Carbon<\/td>\n<\/tr>\n<tr class=\"even\">\n<td>Number of parts<\/td>\n<td>2<\/td>\n<\/tr>\n<tr class=\"odd\">\n<td>Blade material<\/td>\n<td>PAC (Carbon reinforced polyamide)<\/td>\n<\/tr>\n<tr class=\"even\">\n<td>Blade surface (cm2)<\/td>\n<td>713<\/td>\n<\/tr>\n<tr class=\"odd\">\n<td>Shaft diameter<\/td>\n<td>30 mm<\/td>\n<\/tr>\n<tr class=\"even\">\n<td>Joint type<\/td>\n<td>Spring-Button ferrule<\/td>\n<\/tr>\n<tr class=\"odd\">\n<td>Purpose of usage<\/td>\n<td>White water rivers<\/td>\n<\/tr>\n<tr class=\"even\">\n<td>Country of origin<\/td>\n<td>Czech Republic<\/td>\n<\/tr>\n<\/tbody>\n<\/table>\n<p>Length cm 190, 195, 200, 205, 210<\/p>\n<p>Feather angle 0-70 L, R; 0 &#8212; 75 L, R<\/p>\n","protected":false},"excerpt":{"rendered":"<p>Rapa ir \u013coti piem\u0113rota ne tikai pieredz\u0113ju\u0161iem air\u0113t\u0101jiem, bet ar\u012b ies\u0101c\u0113jiem. Tas nodro\u0161ina lielisku stingr\u012bbu un iztur\u012bbu, vienlaikus saglab\u0101jot \u0113rti zemu svaru [&#8230;]<\/p>\n<p><a class=\"btn btn-secondary understrap-read-more-link\" href=\"https:\/\/www.waterskis.lv\/ru\/product\/ww-kajaku-airis-tnp-727c-2-rapa-carbon\/\">\u0427\u0438\u0442\u0430\u0442\u044c \u0434\u0430\u043b\u044c\u0448\u0435\u2026<\/a><\/p>\n","protected":false},"featured_media":47668,"comment_status":"closed","ping_status":"closed","template":"","meta":{"_acf_changed":false,"inline_featured_image":false},"product_brand":[2822],"product_cat":[798,549,801],"product_tag":[3499,2856,3500,2854,3501,3502],"class_list":{"0":"post-47673","1":"product","2":"type-product","3":"status-publish","4":"has-post-thumbnail","6":"product_brand-tnp","7":"product_cat-b","8":"product_cat-549","9":"product_cat----white-water","10":"product_tag-kajaka-airis","11":"product_tag-karbona-kajaka-airis","12":"product_tag-kayak-paddle","13":"product_tag-straujupju-kajaka-airis-tnp","14":"product_tag-tnp","15":"product_tag-3502","17":"first","18":"instock","19":"shipping-taxable","20":"purchasable","21":"product-type-simple"},"acf":[],"yoast_head":"<!-- This site is optimized with the Yoast SEO plugin v27.4 - https:\/\/yoast.com\/product\/yoast-seo-wordpress\/ -->\n<title>WW kajaku airis TNP 727C.2 RAPA CARBON - WATERSKIS.LV<\/title>\n<meta name=\"description\" content=\"WW kajaku airis TNP 727C.2 RAPA CARBON ir piem\u0113rots ne tikai pieredz\u0113ju\u0161iem air\u0113t\u0101jiem, bet ar\u012b ies\u0101c\u0113jiem. Lieliska stingr\u012bba, iztur\u012bba, zems svars\" \/>\n<meta name=\"robots\" content=\"index, follow, max-snippet:-1, max-image-preview:large, max-video-preview:-1\" \/>\n<link rel=\"canonical\" href=\"https:\/\/www.waterskis.lv\/ru\/product\/ww-kajaku-airis-tnp-727c-2-rapa-carbon\/\" \/>\n<meta property=\"og:locale\" content=\"ru_RU\" \/>\n<meta property=\"og:type\" content=\"article\" \/>\n<meta property=\"og:title\" content=\"WW kajaku airis TNP 727C.2 RAPA CARBON - WATERSKIS.LV\" \/>\n<meta property=\"og:description\" content=\"WW kajaku airis TNP 727C.2 RAPA CARBON ir piem\u0113rots ne tikai pieredz\u0113ju\u0161iem air\u0113t\u0101jiem, bet ar\u012b ies\u0101c\u0113jiem. Lieliska stingr\u012bba, iztur\u012bba, zems svars\" \/>\n<meta property=\"og:url\" content=\"https:\/\/www.waterskis.lv\/ru\/product\/ww-kajaku-airis-tnp-727c-2-rapa-carbon\/\" \/>\n<meta property=\"og:site_name\" content=\"WATERSKIS.LV\" \/>\n<meta property=\"article:publisher\" content=\"https:\/\/www.facebook.com\/jurmalawaterskiwakeboardpark\/\" \/>\n<meta property=\"article:modified_time\" content=\"2026-02-06T09:51:06+00:00\" \/>\n<meta property=\"og:image\" content=\"https:\/\/www.waterskis.lv\/wp-content\/uploads\/2022\/11\/ww-kayak-paddle-tnp-727c2-rapa-carbon.png\" \/>\n\t<meta property=\"og:image:width\" content=\"1000\" \/>\n\t<meta property=\"og:image:height\" content=\"1000\" \/>\n\t<meta property=\"og:image:type\" content=\"image\/png\" \/>\n<meta name=\"twitter:card\" content=\"summary_large_image\" \/>\n<meta name=\"twitter:label1\" content=\"\u041f\u0440\u0438\u043c\u0435\u0440\u043d\u043e\u0435 \u0432\u0440\u0435\u043c\u044f \u0434\u043b\u044f \u0447\u0442\u0435\u043d\u0438\u044f\" \/>\n\t<meta name=\"twitter:data1\" content=\"2 \u043c\u0438\u043d\u0443\u0442\u044b\" \/>\n<script type=\"application\/ld+json\" class=\"yoast-schema-graph\">{\"@context\":\"https:\\\/\\\/schema.org\",\"@graph\":[{\"@type\":\"WebPage\",\"@id\":\"https:\\\/\\\/www.waterskis.lv\\\/ru\\\/product\\\/ww-kajaku-airis-tnp-727c-2-rapa-carbon\\\/\",\"url\":\"https:\\\/\\\/www.waterskis.lv\\\/ru\\\/product\\\/ww-kajaku-airis-tnp-727c-2-rapa-carbon\\\/\",\"name\":\"WW kajaku airis TNP 727C.2 RAPA CARBON - WATERSKIS.LV\",\"isPartOf\":{\"@id\":\"https:\\\/\\\/www.waterskis.lv\\\/ru\\\/#website\"},\"primaryImageOfPage\":{\"@id\":\"https:\\\/\\\/www.waterskis.lv\\\/ru\\\/product\\\/ww-kajaku-airis-tnp-727c-2-rapa-carbon\\\/#primaryimage\"},\"image\":{\"@id\":\"https:\\\/\\\/www.waterskis.lv\\\/ru\\\/product\\\/ww-kajaku-airis-tnp-727c-2-rapa-carbon\\\/#primaryimage\"},\"thumbnailUrl\":\"https:\\\/\\\/www.waterskis.lv\\\/wp-content\\\/uploads\\\/2022\\\/11\\\/ww-kayak-paddle-tnp-727c2-rapa-carbon.png\",\"datePublished\":\"2022-11-01T13:05:38+00:00\",\"dateModified\":\"2026-02-06T09:51:06+00:00\",\"description\":\"WW kajaku airis TNP 727C.2 RAPA CARBON ir piem\u0113rots ne tikai pieredz\u0113ju\u0161iem air\u0113t\u0101jiem, bet ar\u012b ies\u0101c\u0113jiem. Lieliska stingr\u012bba, iztur\u012bba, zems svars\",\"breadcrumb\":{\"@id\":\"https:\\\/\\\/www.waterskis.lv\\\/ru\\\/product\\\/ww-kajaku-airis-tnp-727c-2-rapa-carbon\\\/#breadcrumb\"},\"inLanguage\":\"ru-RU\",\"potentialAction\":[{\"@type\":\"ReadAction\",\"target\":[\"https:\\\/\\\/www.waterskis.lv\\\/ru\\\/product\\\/ww-kajaku-airis-tnp-727c-2-rapa-carbon\\\/\"]}]},{\"@type\":\"ImageObject\",\"inLanguage\":\"ru-RU\",\"@id\":\"https:\\\/\\\/www.waterskis.lv\\\/ru\\\/product\\\/ww-kajaku-airis-tnp-727c-2-rapa-carbon\\\/#primaryimage\",\"url\":\"https:\\\/\\\/www.waterskis.lv\\\/wp-content\\\/uploads\\\/2022\\\/11\\\/ww-kayak-paddle-tnp-727c2-rapa-carbon.png\",\"contentUrl\":\"https:\\\/\\\/www.waterskis.lv\\\/wp-content\\\/uploads\\\/2022\\\/11\\\/ww-kayak-paddle-tnp-727c2-rapa-carbon.png\",\"width\":1000,\"height\":1000,\"caption\":\"WW kajaku airis TNP 727C.2 RAPA CARBON\"},{\"@type\":\"BreadcrumbList\",\"@id\":\"https:\\\/\\\/www.waterskis.lv\\\/ru\\\/product\\\/ww-kajaku-airis-tnp-727c-2-rapa-carbon\\\/#breadcrumb\",\"itemListElement\":[{\"@type\":\"ListItem\",\"position\":1,\"name\":\"Home\",\"item\":\"https:\\\/\\\/www.waterskis.lv\\\/ru\\\/\"},{\"@type\":\"ListItem\",\"position\":2,\"name\":\"\u041c\u0430\u0433\u0430\u0437\u0438\u043d\",\"item\":\"https:\\\/\\\/www.waterskis.lv\\\/ru\\\/%d0%bc%d0%b0%d0%b3%d0%b0%d0%b7%d0%b8%d0%bd\\\/\"},{\"@type\":\"ListItem\",\"position\":3,\"name\":\"WW kajaku airis TNP 727C.2 RAPA CARBON\"}]},{\"@type\":\"WebSite\",\"@id\":\"https:\\\/\\\/www.waterskis.lv\\\/ru\\\/#website\",\"url\":\"https:\\\/\\\/www.waterskis.lv\\\/ru\\\/\",\"name\":\"WATERSKIS.LV\",\"description\":\"SUP d\u0113\u013ci, kajaki, kanoe, airu laivas, \u016bdenssl\u0113po\u0161ana, veikbords, SUP d\u0113\u013cu noma, kajaku nomaakt\u012bv\u0101s atp\u016btas centrs, laivu noma, sup noma, kajaku noma\",\"publisher\":{\"@id\":\"https:\\\/\\\/www.waterskis.lv\\\/ru\\\/#organization\"},\"potentialAction\":[{\"@type\":\"SearchAction\",\"target\":{\"@type\":\"EntryPoint\",\"urlTemplate\":\"https:\\\/\\\/www.waterskis.lv\\\/ru\\\/?s={search_term_string}\"},\"query-input\":{\"@type\":\"PropertyValueSpecification\",\"valueRequired\":true,\"valueName\":\"search_term_string\"}}],\"inLanguage\":\"ru-RU\"},{\"@type\":\"Organization\",\"@id\":\"https:\\\/\\\/www.waterskis.lv\\\/ru\\\/#organization\",\"name\":\"WATERSKIS.LV\",\"url\":\"https:\\\/\\\/www.waterskis.lv\\\/ru\\\/\",\"logo\":{\"@type\":\"ImageObject\",\"inLanguage\":\"ru-RU\",\"@id\":\"https:\\\/\\\/www.waterskis.lv\\\/ru\\\/#\\\/schema\\\/logo\\\/image\\\/\",\"url\":\"https:\\\/\\\/www.waterskis.lv\\\/wp-content\\\/uploads\\\/2025\\\/01\\\/JUVP-logo.png\",\"contentUrl\":\"https:\\\/\\\/www.waterskis.lv\\\/wp-content\\\/uploads\\\/2025\\\/01\\\/JUVP-logo.png\",\"width\":421,\"height\":202,\"caption\":\"WATERSKIS.LV\"},\"image\":{\"@id\":\"https:\\\/\\\/www.waterskis.lv\\\/ru\\\/#\\\/schema\\\/logo\\\/image\\\/\"},\"sameAs\":[\"https:\\\/\\\/www.facebook.com\\\/jurmalawaterskiwakeboardpark\\\/\"]}]}<\/script>\n<!-- \/ Yoast SEO plugin. -->","yoast_head_json":{"title":"WW kajaku airis TNP 727C.2 RAPA CARBON - WATERSKIS.LV","description":"WW kajaku airis TNP 727C.2 RAPA CARBON ir piem\u0113rots ne tikai pieredz\u0113ju\u0161iem air\u0113t\u0101jiem, bet ar\u012b ies\u0101c\u0113jiem. Lieliska stingr\u012bba, iztur\u012bba, zems svars","robots":{"index":"index","follow":"follow","max-snippet":"max-snippet:-1","max-image-preview":"max-image-preview:large","max-video-preview":"max-video-preview:-1"},"canonical":"https:\/\/www.waterskis.lv\/ru\/product\/ww-kajaku-airis-tnp-727c-2-rapa-carbon\/","og_locale":"ru_RU","og_type":"article","og_title":"WW kajaku airis TNP 727C.2 RAPA CARBON - WATERSKIS.LV","og_description":"WW kajaku airis TNP 727C.2 RAPA CARBON ir piem\u0113rots ne tikai pieredz\u0113ju\u0161iem air\u0113t\u0101jiem, bet ar\u012b ies\u0101c\u0113jiem. Lieliska stingr\u012bba, iztur\u012bba, zems svars","og_url":"https:\/\/www.waterskis.lv\/ru\/product\/ww-kajaku-airis-tnp-727c-2-rapa-carbon\/","og_site_name":"WATERSKIS.LV","article_publisher":"https:\/\/www.facebook.com\/jurmalawaterskiwakeboardpark\/","article_modified_time":"2026-02-06T09:51:06+00:00","og_image":[{"width":1000,"height":1000,"url":"https:\/\/www.waterskis.lv\/wp-content\/uploads\/2022\/11\/ww-kayak-paddle-tnp-727c2-rapa-carbon.png","type":"image\/png"}],"twitter_card":"summary_large_image","twitter_misc":{"\u041f\u0440\u0438\u043c\u0435\u0440\u043d\u043e\u0435 \u0432\u0440\u0435\u043c\u044f \u0434\u043b\u044f \u0447\u0442\u0435\u043d\u0438\u044f":"2 \u043c\u0438\u043d\u0443\u0442\u044b"},"schema":{"@context":"https:\/\/schema.org","@graph":[{"@type":"WebPage","@id":"https:\/\/www.waterskis.lv\/ru\/product\/ww-kajaku-airis-tnp-727c-2-rapa-carbon\/","url":"https:\/\/www.waterskis.lv\/ru\/product\/ww-kajaku-airis-tnp-727c-2-rapa-carbon\/","name":"WW kajaku airis TNP 727C.2 RAPA CARBON - WATERSKIS.LV","isPartOf":{"@id":"https:\/\/www.waterskis.lv\/ru\/#website"},"primaryImageOfPage":{"@id":"https:\/\/www.waterskis.lv\/ru\/product\/ww-kajaku-airis-tnp-727c-2-rapa-carbon\/#primaryimage"},"image":{"@id":"https:\/\/www.waterskis.lv\/ru\/product\/ww-kajaku-airis-tnp-727c-2-rapa-carbon\/#primaryimage"},"thumbnailUrl":"https:\/\/www.waterskis.lv\/wp-content\/uploads\/2022\/11\/ww-kayak-paddle-tnp-727c2-rapa-carbon.png","datePublished":"2022-11-01T13:05:38+00:00","dateModified":"2026-02-06T09:51:06+00:00","description":"WW kajaku airis TNP 727C.2 RAPA CARBON ir piem\u0113rots ne tikai pieredz\u0113ju\u0161iem air\u0113t\u0101jiem, bet ar\u012b ies\u0101c\u0113jiem. Lieliska stingr\u012bba, iztur\u012bba, zems svars","breadcrumb":{"@id":"https:\/\/www.waterskis.lv\/ru\/product\/ww-kajaku-airis-tnp-727c-2-rapa-carbon\/#breadcrumb"},"inLanguage":"ru-RU","potentialAction":[{"@type":"ReadAction","target":["https:\/\/www.waterskis.lv\/ru\/product\/ww-kajaku-airis-tnp-727c-2-rapa-carbon\/"]}]},{"@type":"ImageObject","inLanguage":"ru-RU","@id":"https:\/\/www.waterskis.lv\/ru\/product\/ww-kajaku-airis-tnp-727c-2-rapa-carbon\/#primaryimage","url":"https:\/\/www.waterskis.lv\/wp-content\/uploads\/2022\/11\/ww-kayak-paddle-tnp-727c2-rapa-carbon.png","contentUrl":"https:\/\/www.waterskis.lv\/wp-content\/uploads\/2022\/11\/ww-kayak-paddle-tnp-727c2-rapa-carbon.png","width":1000,"height":1000,"caption":"WW kajaku airis TNP 727C.2 RAPA CARBON"},{"@type":"BreadcrumbList","@id":"https:\/\/www.waterskis.lv\/ru\/product\/ww-kajaku-airis-tnp-727c-2-rapa-carbon\/#breadcrumb","itemListElement":[{"@type":"ListItem","position":1,"name":"Home","item":"https:\/\/www.waterskis.lv\/ru\/"},{"@type":"ListItem","position":2,"name":"\u041c\u0430\u0433\u0430\u0437\u0438\u043d","item":"https:\/\/www.waterskis.lv\/ru\/%d0%bc%d0%b0%d0%b3%d0%b0%d0%b7%d0%b8%d0%bd\/"},{"@type":"ListItem","position":3,"name":"WW kajaku airis TNP 727C.2 RAPA CARBON"}]},{"@type":"WebSite","@id":"https:\/\/www.waterskis.lv\/ru\/#website","url":"https:\/\/www.waterskis.lv\/ru\/","name":"WATERSKIS.LV","description":"SUP d\u0113\u013ci, kajaki, kanoe, airu laivas, \u016bdenssl\u0113po\u0161ana, veikbords, SUP d\u0113\u013cu noma, kajaku nomaakt\u012bv\u0101s atp\u016btas centrs, laivu noma, sup noma, kajaku noma","publisher":{"@id":"https:\/\/www.waterskis.lv\/ru\/#organization"},"potentialAction":[{"@type":"SearchAction","target":{"@type":"EntryPoint","urlTemplate":"https:\/\/www.waterskis.lv\/ru\/?s={search_term_string}"},"query-input":{"@type":"PropertyValueSpecification","valueRequired":true,"valueName":"search_term_string"}}],"inLanguage":"ru-RU"},{"@type":"Organization","@id":"https:\/\/www.waterskis.lv\/ru\/#organization","name":"WATERSKIS.LV","url":"https:\/\/www.waterskis.lv\/ru\/","logo":{"@type":"ImageObject","inLanguage":"ru-RU","@id":"https:\/\/www.waterskis.lv\/ru\/#\/schema\/logo\/image\/","url":"https:\/\/www.waterskis.lv\/wp-content\/uploads\/2025\/01\/JUVP-logo.png","contentUrl":"https:\/\/www.waterskis.lv\/wp-content\/uploads\/2025\/01\/JUVP-logo.png","width":421,"height":202,"caption":"WATERSKIS.LV"},"image":{"@id":"https:\/\/www.waterskis.lv\/ru\/#\/schema\/logo\/image\/"},"sameAs":["https:\/\/www.facebook.com\/jurmalawaterskiwakeboardpark\/"]}]}},"_links":{"self":[{"href":"https:\/\/www.waterskis.lv\/ru\/wp-json\/wp\/v2\/product\/47673","targetHints":{"allow":["GET"]}}],"collection":[{"href":"https:\/\/www.waterskis.lv\/ru\/wp-json\/wp\/v2\/product"}],"about":[{"href":"https:\/\/www.waterskis.lv\/ru\/wp-json\/wp\/v2\/types\/product"}],"replies":[{"embeddable":true,"href":"https:\/\/www.waterskis.lv\/ru\/wp-json\/wp\/v2\/comments?post=47673"}],"wp:featuredmedia":[{"embeddable":true,"href":"https:\/\/www.waterskis.lv\/ru\/wp-json\/wp\/v2\/media\/47668"}],"wp:attachment":[{"href":"https:\/\/www.waterskis.lv\/ru\/wp-json\/wp\/v2\/media?parent=47673"}],"wp:term":[{"taxonomy":"product_brand","embeddable":true,"href":"https:\/\/www.waterskis.lv\/ru\/wp-json\/wp\/v2\/product_brand?post=47673"},{"taxonomy":"product_cat","embeddable":true,"href":"https:\/\/www.waterskis.lv\/ru\/wp-json\/wp\/v2\/product_cat?post=47673"},{"taxonomy":"product_tag","embeddable":true,"href":"https:\/\/www.waterskis.lv\/ru\/wp-json\/wp\/v2\/product_tag?post=47673"}],"curies":[{"name":"wp","href":"https:\/\/api.w.org\/{rel}","templated":true}]}}