{"id":47718,"date":"2022-11-01T17:19:47","date_gmt":"2022-11-01T14:19:47","guid":{"rendered":"https:\/\/www.waterskis.lv\/products\/ww-kayak-paddle-tnp-222-2z-aker\/"},"modified":"2026-02-06T11:48:08","modified_gmt":"2026-02-06T09:48:08","slug":"ww-kajaku-airis-tnp-222-2z-aker","status":"publish","type":"product","link":"https:\/\/www.waterskis.lv\/ru\/product\/ww-kajaku-airis-tnp-222-2z-aker\/","title":{"rendered":"WW kajaku airis TNP 222.2Z AKER"},"content":{"rendered":"<h1>WW kajaku airis TNP 222.2Z AKER<\/h1>\n<p>WW kajaku airis TNP 222.2Z AKER<\/p>\n<p>VAIR\u0100K INFORM\u0100CIJAS<\/p>\n<p>Gatavs n\u0101kamajam \u016bdens piedz\u012bvojumam: Aker Paddle no TNP. Aker ir apr\u012bkoti ar stikl\u0161\u0137iedras asme\u0146iem ar mal\u0101m, kas pastiprin\u0101tas ar Dynel, asme\u0146i ir veidoti sp\u0113c\u012bgam g\u0101jienam uz priek\u0161u. Vienas vai divda\u013c\u012bgas v\u0101rpstas iesp\u0113jas, kas izgatavotas no stiklplasta vai oglek\u013ca. 45\u00b0 standarta nob\u012bde (pa labi), pieejama p\u0113c pas\u016bt\u012bjuma. Piem\u0113rots vid\u0113ja l\u012bme\u0146a l\u012bdz progres\u012bviem air\u0113t\u0101jiem. Garums 180 \u2013 220 cm, k\u0101ts: stikla \u0161\u0137iedra, sl\u012bp\u0113ta stikla \u0161\u0137iedra vai karbons.<\/p>\n<p>DATU LAPA<br \/>\nTipa WHITE WATER airis<br \/>\nSvars 1 kg<br \/>\nV\u0101rpstas materi\u0101ls Carbon<br \/>\nDa\u013cu skaits 2<br \/>\nAsmens materi\u0101ls Dynel Foam Core Carbon<br \/>\nAsmens virsma (cm2) 705<br \/>\nV\u0101rpstas diametrs 30 mm<br \/>\nSavienojuma tipa Z tipa regul\u0113jams uzgalis<br \/>\nIzmanto\u0161anas m\u0113r\u0137is Balt\u016bdens upes<br \/>\nIzcelsmes valsts \u010cehija<\/p>\n<p>Garums cm 180 &#8212; 220 cm<\/p>\n<h3 id=\"more-info\" class=\"page-product-heading active\">MORE INFO<\/h3>\n<div class=\"block_content1 rte active\">\n<p>Ready for your next whitewater adventure: The Aker Paddle from TNP. The Aker features fiberglass blades with edges reinforced with Dynel, blades shaped for a powerful forward stroke. Options of a one or two-piece shaft made of fiberglass or carbon. 45\u00b0 standard offset (right), custom available. Suitable for intermediate to advanced paddlers. Length 180 \u2013 220 cm, shaft: fiberglass, sanded fiberglass, or carbon.<\/p>\n<\/div>\n<h3 id=\"table-data\" class=\"page-product-heading\">DATA SHEET<\/h3>\n<table class=\"block_content2 table-data-sheet\">\n<tbody>\n<tr class=\"odd\">\n<td>Type<\/td>\n<td>WHITE WATER paddle<\/td>\n<\/tr>\n<tr class=\"even\">\n<td>Weight<\/td>\n<td>1 kg<\/td>\n<\/tr>\n<tr class=\"odd\">\n<td>Shaft material<\/td>\n<td>Carbon<\/td>\n<\/tr>\n<tr class=\"even\">\n<td>Number of parts<\/td>\n<td>2<\/td>\n<\/tr>\n<tr class=\"odd\">\n<td>Blade material<\/td>\n<td>Dynel Foam Core Carbon<\/td>\n<\/tr>\n<tr class=\"even\">\n<td>Blade surface (cm2)<\/td>\n<td>705<\/td>\n<\/tr>\n<tr class=\"odd\">\n<td>Shaft diameter<\/td>\n<td>30 mm<\/td>\n<\/tr>\n<tr class=\"even\">\n<td>Joint type<\/td>\n<td>Z type adjustable ferrule<\/td>\n<\/tr>\n<tr class=\"odd\">\n<td>Purpose of usage<\/td>\n<td>White water rivers<\/td>\n<\/tr>\n<tr class=\"even\">\n<td>Country of origin<\/td>\n<td>Czech Republic<\/td>\n<\/tr>\n<\/tbody>\n<\/table>\n<p>Length cm 180 &#8212; 220 cm<\/p>\n","protected":false},"excerpt":{"rendered":"<p>WW kajaku airis TNP 222.2Z AKER WW kajaku airis TNP 222.2Z AKER VAIR\u0100K INFORM\u0100CIJAS Gatavs n\u0101kamajam \u016bdens piedz\u012bvojumam: Aker Paddle no TNP. Aker ir apr\u012bkoti ar stikl\u0161\u0137iedras asme\u0146iem ar mal\u0101m, kas pastiprin\u0101tas ar Dynel, asme\u0146i ir veidoti sp\u0113c\u012bgam g\u0101jienam uz priek\u0161u. Vienas vai divda\u013c\u012bgas v\u0101rpstas iesp\u0113jas, kas izgatavotas no stiklplasta vai oglek\u013ca. 45\u00b0 standarta nob\u012bde [&#8230;]<\/p>\n<p><a class=\"btn btn-secondary understrap-read-more-link\" href=\"https:\/\/www.waterskis.lv\/ru\/product\/ww-kajaku-airis-tnp-222-2z-aker\/\">\u0427\u0438\u0442\u0430\u0442\u044c \u0434\u0430\u043b\u044c\u0448\u0435\u2026<\/a><\/p>\n","protected":false},"featured_media":47713,"comment_status":"closed","ping_status":"closed","template":"","meta":{"_acf_changed":false,"inline_featured_image":false},"product_brand":[2822],"product_cat":[798,549,801],"product_tag":[3499,3500,2854,3501,3502],"class_list":{"0":"post-47718","1":"product","2":"type-product","3":"status-publish","4":"has-post-thumbnail","6":"product_brand-tnp","7":"product_cat-b","8":"product_cat-549","9":"product_cat----white-water","10":"product_tag-kajaka-airis","11":"product_tag-kayak-paddle","12":"product_tag-straujupju-kajaka-airis-tnp","13":"product_tag-tnp","14":"product_tag-3502","16":"first","17":"instock","18":"shipping-taxable","19":"purchasable","20":"product-type-simple"},"acf":[],"yoast_head":"<!-- This site is optimized with the Yoast SEO plugin v27.4 - https:\/\/yoast.com\/product\/yoast-seo-wordpress\/ -->\n<title>WW kajaku airis TNP 222.2Z AKER - WATERSKIS.LV<\/title>\n<meta name=\"description\" content=\"WW kajaku airis TNP 222.2Z AKER ir apr\u012bkoti ar stikl\u0161\u0137iedras asme\u0146iem ar mal\u0101m, kas pastiprin\u0101tas ar Dynel, asme\u0146i ir veidoti sp\u0113c\u012bgam g\u0101jienam uz priek\u0161u.\" \/>\n<meta name=\"robots\" content=\"index, follow, max-snippet:-1, max-image-preview:large, max-video-preview:-1\" \/>\n<link rel=\"canonical\" href=\"https:\/\/www.waterskis.lv\/ru\/product\/ww-kajaku-airis-tnp-222-2z-aker\/\" \/>\n<meta property=\"og:locale\" content=\"ru_RU\" \/>\n<meta property=\"og:type\" content=\"article\" \/>\n<meta property=\"og:title\" content=\"WW kajaku airis TNP 222.2Z AKER - WATERSKIS.LV\" \/>\n<meta property=\"og:description\" content=\"WW kajaku airis TNP 222.2Z AKER ir apr\u012bkoti ar stikl\u0161\u0137iedras asme\u0146iem ar mal\u0101m, kas pastiprin\u0101tas ar Dynel, asme\u0146i ir veidoti sp\u0113c\u012bgam g\u0101jienam uz priek\u0161u.\" \/>\n<meta property=\"og:url\" content=\"https:\/\/www.waterskis.lv\/ru\/product\/ww-kajaku-airis-tnp-222-2z-aker\/\" \/>\n<meta property=\"og:site_name\" content=\"WATERSKIS.LV\" \/>\n<meta property=\"article:publisher\" content=\"https:\/\/www.facebook.com\/jurmalawaterskiwakeboardpark\/\" \/>\n<meta property=\"article:modified_time\" content=\"2026-02-06T09:48:08+00:00\" \/>\n<meta property=\"og:image\" content=\"https:\/\/www.waterskis.lv\/wp-content\/uploads\/2022\/11\/ww-kayak-paddle-tnp-2122z-aker.png\" \/>\n\t<meta property=\"og:image:width\" content=\"1000\" \/>\n\t<meta property=\"og:image:height\" content=\"1000\" \/>\n\t<meta property=\"og:image:type\" content=\"image\/png\" \/>\n<meta name=\"twitter:card\" content=\"summary_large_image\" \/>\n<meta name=\"twitter:label1\" content=\"\u041f\u0440\u0438\u043c\u0435\u0440\u043d\u043e\u0435 \u0432\u0440\u0435\u043c\u044f \u0434\u043b\u044f \u0447\u0442\u0435\u043d\u0438\u044f\" \/>\n\t<meta name=\"twitter:data1\" content=\"1 \u043c\u0438\u043d\u0443\u0442\u0430\" \/>\n<script type=\"application\/ld+json\" class=\"yoast-schema-graph\">{\"@context\":\"https:\\\/\\\/schema.org\",\"@graph\":[{\"@type\":\"WebPage\",\"@id\":\"https:\\\/\\\/www.waterskis.lv\\\/ru\\\/product\\\/ww-kajaku-airis-tnp-222-2z-aker\\\/\",\"url\":\"https:\\\/\\\/www.waterskis.lv\\\/ru\\\/product\\\/ww-kajaku-airis-tnp-222-2z-aker\\\/\",\"name\":\"WW kajaku airis TNP 222.2Z AKER - WATERSKIS.LV\",\"isPartOf\":{\"@id\":\"https:\\\/\\\/www.waterskis.lv\\\/ru\\\/#website\"},\"primaryImageOfPage\":{\"@id\":\"https:\\\/\\\/www.waterskis.lv\\\/ru\\\/product\\\/ww-kajaku-airis-tnp-222-2z-aker\\\/#primaryimage\"},\"image\":{\"@id\":\"https:\\\/\\\/www.waterskis.lv\\\/ru\\\/product\\\/ww-kajaku-airis-tnp-222-2z-aker\\\/#primaryimage\"},\"thumbnailUrl\":\"https:\\\/\\\/www.waterskis.lv\\\/wp-content\\\/uploads\\\/2022\\\/11\\\/ww-kayak-paddle-tnp-2122z-aker.png\",\"datePublished\":\"2022-11-01T14:19:47+00:00\",\"dateModified\":\"2026-02-06T09:48:08+00:00\",\"description\":\"WW kajaku airis TNP 222.2Z AKER ir apr\u012bkoti ar stikl\u0161\u0137iedras asme\u0146iem ar mal\u0101m, kas pastiprin\u0101tas ar Dynel, asme\u0146i ir veidoti sp\u0113c\u012bgam g\u0101jienam uz priek\u0161u.\",\"breadcrumb\":{\"@id\":\"https:\\\/\\\/www.waterskis.lv\\\/ru\\\/product\\\/ww-kajaku-airis-tnp-222-2z-aker\\\/#breadcrumb\"},\"inLanguage\":\"ru-RU\",\"potentialAction\":[{\"@type\":\"ReadAction\",\"target\":[\"https:\\\/\\\/www.waterskis.lv\\\/ru\\\/product\\\/ww-kajaku-airis-tnp-222-2z-aker\\\/\"]}]},{\"@type\":\"ImageObject\",\"inLanguage\":\"ru-RU\",\"@id\":\"https:\\\/\\\/www.waterskis.lv\\\/ru\\\/product\\\/ww-kajaku-airis-tnp-222-2z-aker\\\/#primaryimage\",\"url\":\"https:\\\/\\\/www.waterskis.lv\\\/wp-content\\\/uploads\\\/2022\\\/11\\\/ww-kayak-paddle-tnp-2122z-aker.png\",\"contentUrl\":\"https:\\\/\\\/www.waterskis.lv\\\/wp-content\\\/uploads\\\/2022\\\/11\\\/ww-kayak-paddle-tnp-2122z-aker.png\",\"width\":1000,\"height\":1000,\"caption\":\"WW kayak paddle TNP 212.2Z AKER\"},{\"@type\":\"BreadcrumbList\",\"@id\":\"https:\\\/\\\/www.waterskis.lv\\\/ru\\\/product\\\/ww-kajaku-airis-tnp-222-2z-aker\\\/#breadcrumb\",\"itemListElement\":[{\"@type\":\"ListItem\",\"position\":1,\"name\":\"Home\",\"item\":\"https:\\\/\\\/www.waterskis.lv\\\/ru\\\/\"},{\"@type\":\"ListItem\",\"position\":2,\"name\":\"\u041c\u0430\u0433\u0430\u0437\u0438\u043d\",\"item\":\"https:\\\/\\\/www.waterskis.lv\\\/ru\\\/%d0%bc%d0%b0%d0%b3%d0%b0%d0%b7%d0%b8%d0%bd\\\/\"},{\"@type\":\"ListItem\",\"position\":3,\"name\":\"WW kajaku airis TNP 222.2Z AKER\"}]},{\"@type\":\"WebSite\",\"@id\":\"https:\\\/\\\/www.waterskis.lv\\\/ru\\\/#website\",\"url\":\"https:\\\/\\\/www.waterskis.lv\\\/ru\\\/\",\"name\":\"WATERSKIS.LV\",\"description\":\"SUP d\u0113\u013ci, kajaki, kanoe, airu laivas, \u016bdenssl\u0113po\u0161ana, veikbords, SUP d\u0113\u013cu noma, kajaku nomaakt\u012bv\u0101s atp\u016btas centrs, laivu noma, sup noma, kajaku noma\",\"publisher\":{\"@id\":\"https:\\\/\\\/www.waterskis.lv\\\/ru\\\/#organization\"},\"potentialAction\":[{\"@type\":\"SearchAction\",\"target\":{\"@type\":\"EntryPoint\",\"urlTemplate\":\"https:\\\/\\\/www.waterskis.lv\\\/ru\\\/?s={search_term_string}\"},\"query-input\":{\"@type\":\"PropertyValueSpecification\",\"valueRequired\":true,\"valueName\":\"search_term_string\"}}],\"inLanguage\":\"ru-RU\"},{\"@type\":\"Organization\",\"@id\":\"https:\\\/\\\/www.waterskis.lv\\\/ru\\\/#organization\",\"name\":\"WATERSKIS.LV\",\"url\":\"https:\\\/\\\/www.waterskis.lv\\\/ru\\\/\",\"logo\":{\"@type\":\"ImageObject\",\"inLanguage\":\"ru-RU\",\"@id\":\"https:\\\/\\\/www.waterskis.lv\\\/ru\\\/#\\\/schema\\\/logo\\\/image\\\/\",\"url\":\"https:\\\/\\\/www.waterskis.lv\\\/wp-content\\\/uploads\\\/2025\\\/01\\\/JUVP-logo.png\",\"contentUrl\":\"https:\\\/\\\/www.waterskis.lv\\\/wp-content\\\/uploads\\\/2025\\\/01\\\/JUVP-logo.png\",\"width\":421,\"height\":202,\"caption\":\"WATERSKIS.LV\"},\"image\":{\"@id\":\"https:\\\/\\\/www.waterskis.lv\\\/ru\\\/#\\\/schema\\\/logo\\\/image\\\/\"},\"sameAs\":[\"https:\\\/\\\/www.facebook.com\\\/jurmalawaterskiwakeboardpark\\\/\"]}]}<\/script>\n<!-- \/ Yoast SEO plugin. -->","yoast_head_json":{"title":"WW kajaku airis TNP 222.2Z AKER - WATERSKIS.LV","description":"WW kajaku airis TNP 222.2Z AKER ir apr\u012bkoti ar stikl\u0161\u0137iedras asme\u0146iem ar mal\u0101m, kas pastiprin\u0101tas ar Dynel, asme\u0146i ir veidoti sp\u0113c\u012bgam g\u0101jienam uz priek\u0161u.","robots":{"index":"index","follow":"follow","max-snippet":"max-snippet:-1","max-image-preview":"max-image-preview:large","max-video-preview":"max-video-preview:-1"},"canonical":"https:\/\/www.waterskis.lv\/ru\/product\/ww-kajaku-airis-tnp-222-2z-aker\/","og_locale":"ru_RU","og_type":"article","og_title":"WW kajaku airis TNP 222.2Z AKER - WATERSKIS.LV","og_description":"WW kajaku airis TNP 222.2Z AKER ir apr\u012bkoti ar stikl\u0161\u0137iedras asme\u0146iem ar mal\u0101m, kas pastiprin\u0101tas ar Dynel, asme\u0146i ir veidoti sp\u0113c\u012bgam g\u0101jienam uz priek\u0161u.","og_url":"https:\/\/www.waterskis.lv\/ru\/product\/ww-kajaku-airis-tnp-222-2z-aker\/","og_site_name":"WATERSKIS.LV","article_publisher":"https:\/\/www.facebook.com\/jurmalawaterskiwakeboardpark\/","article_modified_time":"2026-02-06T09:48:08+00:00","og_image":[{"width":1000,"height":1000,"url":"https:\/\/www.waterskis.lv\/wp-content\/uploads\/2022\/11\/ww-kayak-paddle-tnp-2122z-aker.png","type":"image\/png"}],"twitter_card":"summary_large_image","twitter_misc":{"\u041f\u0440\u0438\u043c\u0435\u0440\u043d\u043e\u0435 \u0432\u0440\u0435\u043c\u044f \u0434\u043b\u044f \u0447\u0442\u0435\u043d\u0438\u044f":"1 \u043c\u0438\u043d\u0443\u0442\u0430"},"schema":{"@context":"https:\/\/schema.org","@graph":[{"@type":"WebPage","@id":"https:\/\/www.waterskis.lv\/ru\/product\/ww-kajaku-airis-tnp-222-2z-aker\/","url":"https:\/\/www.waterskis.lv\/ru\/product\/ww-kajaku-airis-tnp-222-2z-aker\/","name":"WW kajaku airis TNP 222.2Z AKER - WATERSKIS.LV","isPartOf":{"@id":"https:\/\/www.waterskis.lv\/ru\/#website"},"primaryImageOfPage":{"@id":"https:\/\/www.waterskis.lv\/ru\/product\/ww-kajaku-airis-tnp-222-2z-aker\/#primaryimage"},"image":{"@id":"https:\/\/www.waterskis.lv\/ru\/product\/ww-kajaku-airis-tnp-222-2z-aker\/#primaryimage"},"thumbnailUrl":"https:\/\/www.waterskis.lv\/wp-content\/uploads\/2022\/11\/ww-kayak-paddle-tnp-2122z-aker.png","datePublished":"2022-11-01T14:19:47+00:00","dateModified":"2026-02-06T09:48:08+00:00","description":"WW kajaku airis TNP 222.2Z AKER ir apr\u012bkoti ar stikl\u0161\u0137iedras asme\u0146iem ar mal\u0101m, kas pastiprin\u0101tas ar Dynel, asme\u0146i ir veidoti sp\u0113c\u012bgam g\u0101jienam uz priek\u0161u.","breadcrumb":{"@id":"https:\/\/www.waterskis.lv\/ru\/product\/ww-kajaku-airis-tnp-222-2z-aker\/#breadcrumb"},"inLanguage":"ru-RU","potentialAction":[{"@type":"ReadAction","target":["https:\/\/www.waterskis.lv\/ru\/product\/ww-kajaku-airis-tnp-222-2z-aker\/"]}]},{"@type":"ImageObject","inLanguage":"ru-RU","@id":"https:\/\/www.waterskis.lv\/ru\/product\/ww-kajaku-airis-tnp-222-2z-aker\/#primaryimage","url":"https:\/\/www.waterskis.lv\/wp-content\/uploads\/2022\/11\/ww-kayak-paddle-tnp-2122z-aker.png","contentUrl":"https:\/\/www.waterskis.lv\/wp-content\/uploads\/2022\/11\/ww-kayak-paddle-tnp-2122z-aker.png","width":1000,"height":1000,"caption":"WW kayak paddle TNP 212.2Z AKER"},{"@type":"BreadcrumbList","@id":"https:\/\/www.waterskis.lv\/ru\/product\/ww-kajaku-airis-tnp-222-2z-aker\/#breadcrumb","itemListElement":[{"@type":"ListItem","position":1,"name":"Home","item":"https:\/\/www.waterskis.lv\/ru\/"},{"@type":"ListItem","position":2,"name":"\u041c\u0430\u0433\u0430\u0437\u0438\u043d","item":"https:\/\/www.waterskis.lv\/ru\/%d0%bc%d0%b0%d0%b3%d0%b0%d0%b7%d0%b8%d0%bd\/"},{"@type":"ListItem","position":3,"name":"WW kajaku airis TNP 222.2Z AKER"}]},{"@type":"WebSite","@id":"https:\/\/www.waterskis.lv\/ru\/#website","url":"https:\/\/www.waterskis.lv\/ru\/","name":"WATERSKIS.LV","description":"SUP d\u0113\u013ci, kajaki, kanoe, airu laivas, \u016bdenssl\u0113po\u0161ana, veikbords, SUP d\u0113\u013cu noma, kajaku nomaakt\u012bv\u0101s atp\u016btas centrs, laivu noma, sup noma, kajaku noma","publisher":{"@id":"https:\/\/www.waterskis.lv\/ru\/#organization"},"potentialAction":[{"@type":"SearchAction","target":{"@type":"EntryPoint","urlTemplate":"https:\/\/www.waterskis.lv\/ru\/?s={search_term_string}"},"query-input":{"@type":"PropertyValueSpecification","valueRequired":true,"valueName":"search_term_string"}}],"inLanguage":"ru-RU"},{"@type":"Organization","@id":"https:\/\/www.waterskis.lv\/ru\/#organization","name":"WATERSKIS.LV","url":"https:\/\/www.waterskis.lv\/ru\/","logo":{"@type":"ImageObject","inLanguage":"ru-RU","@id":"https:\/\/www.waterskis.lv\/ru\/#\/schema\/logo\/image\/","url":"https:\/\/www.waterskis.lv\/wp-content\/uploads\/2025\/01\/JUVP-logo.png","contentUrl":"https:\/\/www.waterskis.lv\/wp-content\/uploads\/2025\/01\/JUVP-logo.png","width":421,"height":202,"caption":"WATERSKIS.LV"},"image":{"@id":"https:\/\/www.waterskis.lv\/ru\/#\/schema\/logo\/image\/"},"sameAs":["https:\/\/www.facebook.com\/jurmalawaterskiwakeboardpark\/"]}]}},"_links":{"self":[{"href":"https:\/\/www.waterskis.lv\/ru\/wp-json\/wp\/v2\/product\/47718","targetHints":{"allow":["GET"]}}],"collection":[{"href":"https:\/\/www.waterskis.lv\/ru\/wp-json\/wp\/v2\/product"}],"about":[{"href":"https:\/\/www.waterskis.lv\/ru\/wp-json\/wp\/v2\/types\/product"}],"replies":[{"embeddable":true,"href":"https:\/\/www.waterskis.lv\/ru\/wp-json\/wp\/v2\/comments?post=47718"}],"wp:featuredmedia":[{"embeddable":true,"href":"https:\/\/www.waterskis.lv\/ru\/wp-json\/wp\/v2\/media\/47713"}],"wp:attachment":[{"href":"https:\/\/www.waterskis.lv\/ru\/wp-json\/wp\/v2\/media?parent=47718"}],"wp:term":[{"taxonomy":"product_brand","embeddable":true,"href":"https:\/\/www.waterskis.lv\/ru\/wp-json\/wp\/v2\/product_brand?post=47718"},{"taxonomy":"product_cat","embeddable":true,"href":"https:\/\/www.waterskis.lv\/ru\/wp-json\/wp\/v2\/product_cat?post=47718"},{"taxonomy":"product_tag","embeddable":true,"href":"https:\/\/www.waterskis.lv\/ru\/wp-json\/wp\/v2\/product_tag?post=47718"}],"curies":[{"name":"wp","href":"https:\/\/api.w.org\/{rel}","templated":true}]}}