{"id":47994,"date":"2022-11-04T14:53:26","date_gmt":"2022-11-04T11:53:26","guid":{"rendered":"https:\/\/www.waterskis.lv\/products\/soft-pad-for-kayak-seat-backrest-vista-oem\/"},"modified":"2024-10-16T15:30:02","modified_gmt":"2024-10-16T12:30:02","slug":"miksts-paliktnis-kajaka-sedekla-atzveltnei-vista-oem","status":"publish","type":"product","link":"https:\/\/www.waterskis.lv\/ru\/product\/miksts-paliktnis-kajaka-sedekla-atzveltnei-vista-oem\/","title":{"rendered":"M\u012bksts paliktnis kajaka s\u0113dek\u013ca atzveltnei VISTA OEM"},"content":{"rendered":"<h1>M\u012bksts paliktnis kajaka s\u0113dek\u013ca atzveltnei VISTA OEM<\/h1>\n<p>M\u012bksts paliktnis kajaka s\u0113dek\u013ca atzveltnei VISTA OEM<\/p>\n<p><span class=\"jCAhz ChMk0b\"><span class=\"ryNqvb\">VAIR\u0100K INFORM\u0100CIJAS <\/span><\/span><span class=\"jCAhz ChMk0b\"><span class=\"ryNqvb\">OEM m\u012bkstais s\u0113dek\u013ca paliktnis kajaka s\u0113dek\u013ca atzveltnei.<\/span><\/span> <span class=\"jCAhz ChMk0b\"><span class=\"ryNqvb\">Piem\u0113rots VISTA, PRODIGY, CALYPSO, FAMILY un citiem kajakiem. <\/span><\/span><span class=\"jCAhz ChMk0b\"><span class=\"ryNqvb\">DATU LAPA <\/span><\/span><span class=\"jCAhz ChMk0b\"><span class=\"ryNqvb\">Tipa Kajaka da\u013cas <\/span><\/span><span class=\"jCAhz ChMk0b\"><span class=\"ryNqvb\">Materi\u0101ls neilons <\/span><\/span><span class=\"jCAhz\"><span class=\"ryNqvb\">Kr\u0101sa Melna <\/span><\/span><span class=\"jCAhz ChMk0b\"><span class=\"ryNqvb\">Izcelsmes valsts \u0136\u012bn<\/span><\/span><\/p>\n<h3 id=\"more-info\" class=\"page-product-heading active\">MORE INFO<\/h3>\n<div class=\"block_content1 rte active\">\n<p>OEM soft seat pad for kayak seat backrest. Suitable for VISTA, PRODIGY, CALYPSO, FAMILY, and other kayaks.<\/p>\n<\/div>\n<h3 id=\"table-data\" class=\"page-product-heading\">DATA SHEET<\/h3>\n<table class=\"block_content2 table-data-sheet\">\n<tbody>\n<tr class=\"odd\">\n<td>Type<\/td>\n<td>Kayak parts<\/td>\n<\/tr>\n<tr class=\"even\">\n<td>Material<\/td>\n<td>Nylon<\/td>\n<\/tr>\n<tr class=\"odd\">\n<td>Color<\/td>\n<td>Black<\/td>\n<\/tr>\n<tr class=\"even\">\n<td>Country of origin<\/td>\n<td>China<\/td>\n<\/tr>\n<\/tbody>\n<\/table>\n","protected":false},"excerpt":{"rendered":"<p>M\u012bksts paliktnis kajaka s\u0113dek\u013ca atzveltnei VISTA OEM M\u012bksts paliktnis kajaka s\u0113dek\u013ca atzveltnei VISTA OEM VAIR\u0100K INFORM\u0100CIJAS OEM m\u012bkstais s\u0113dek\u013ca paliktnis kajaka s\u0113dek\u013ca atzveltnei. Piem\u0113rots VISTA, PRODIGY, CALYPSO, FAMILY un citiem kajakiem. DATU LAPA Tipa Kajaka da\u013cas Materi\u0101ls neilons Kr\u0101sa Melna Izcelsmes valsts \u0136\u012bn MORE INFO OEM soft seat pad for kayak seat backrest. Suitable for [&#8230;]<\/p>\n<p><a class=\"btn btn-secondary understrap-read-more-link\" href=\"https:\/\/www.waterskis.lv\/ru\/product\/miksts-paliktnis-kajaka-sedekla-atzveltnei-vista-oem\/\">\u0427\u0438\u0442\u0430\u0442\u044c \u0434\u0430\u043b\u044c\u0448\u0435\u2026<\/a><\/p>\n","protected":false},"featured_media":47998,"comment_status":"closed","ping_status":"closed","template":"","meta":{"_acf_changed":false,"inline_featured_image":false},"product_brand":[],"product_cat":[508],"product_tag":[],"class_list":{"0":"post-47994","1":"product","2":"type-product","3":"status-publish","4":"has-post-thumbnail","6":"product_cat-508","8":"first","9":"instock","10":"shipping-taxable","11":"purchasable","12":"product-type-simple"},"acf":[],"yoast_head":"<!-- This site is optimized with the Yoast SEO plugin v27.3 - https:\/\/yoast.com\/product\/yoast-seo-wordpress\/ -->\n<title>M\u012bksts paliktnis kajaka s\u0113dek\u013ca atzveltnei VISTA OEM - WATERSKIS.LV<\/title>\n<meta name=\"description\" content=\"Soft pad for kayak seat backrest VISTA OEM. OEM soft seat pad for kayak seat backrest. Suitable for\u00a0VISTA, PRODIGY, CALYPSO, FAMILY and other kayaks.\" \/>\n<meta name=\"robots\" content=\"index, follow, max-snippet:-1, max-image-preview:large, max-video-preview:-1\" \/>\n<link rel=\"canonical\" href=\"https:\/\/www.waterskis.lv\/ru\/product\/miksts-paliktnis-kajaka-sedekla-atzveltnei-vista-oem\/\" \/>\n<meta property=\"og:locale\" content=\"ru_RU\" \/>\n<meta property=\"og:type\" content=\"article\" \/>\n<meta property=\"og:title\" content=\"M\u012bksts paliktnis kajaka s\u0113dek\u013ca atzveltnei VISTA OEM - WATERSKIS.LV\" \/>\n<meta property=\"og:description\" content=\"Soft pad for kayak seat backrest VISTA OEM. OEM soft seat pad for kayak seat backrest. Suitable for\u00a0VISTA, PRODIGY, CALYPSO, FAMILY and other kayaks.\" \/>\n<meta property=\"og:url\" content=\"https:\/\/www.waterskis.lv\/ru\/product\/miksts-paliktnis-kajaka-sedekla-atzveltnei-vista-oem\/\" \/>\n<meta property=\"og:site_name\" content=\"WATERSKIS.LV\" \/>\n<meta property=\"article:publisher\" content=\"https:\/\/www.facebook.com\/jurmalawaterskiwakeboardpark\/\" \/>\n<meta property=\"article:modified_time\" content=\"2024-10-16T12:30:02+00:00\" \/>\n<meta property=\"og:image\" content=\"https:\/\/www.waterskis.lv\/wp-content\/uploads\/2022\/11\/soft-pad-for-kayak-seat-backrest-vista-oem.jpg\" \/>\n\t<meta property=\"og:image:width\" content=\"1000\" \/>\n\t<meta property=\"og:image:height\" content=\"1000\" \/>\n\t<meta property=\"og:image:type\" content=\"image\/jpeg\" \/>\n<meta name=\"twitter:card\" content=\"summary_large_image\" \/>\n<script type=\"application\/ld+json\" class=\"yoast-schema-graph\">{\"@context\":\"https:\\\/\\\/schema.org\",\"@graph\":[{\"@type\":\"WebPage\",\"@id\":\"https:\\\/\\\/www.waterskis.lv\\\/ru\\\/product\\\/miksts-paliktnis-kajaka-sedekla-atzveltnei-vista-oem\\\/\",\"url\":\"https:\\\/\\\/www.waterskis.lv\\\/ru\\\/product\\\/miksts-paliktnis-kajaka-sedekla-atzveltnei-vista-oem\\\/\",\"name\":\"M\u012bksts paliktnis kajaka s\u0113dek\u013ca atzveltnei VISTA OEM - WATERSKIS.LV\",\"isPartOf\":{\"@id\":\"https:\\\/\\\/www.waterskis.lv\\\/ru\\\/#website\"},\"primaryImageOfPage\":{\"@id\":\"https:\\\/\\\/www.waterskis.lv\\\/ru\\\/product\\\/miksts-paliktnis-kajaka-sedekla-atzveltnei-vista-oem\\\/#primaryimage\"},\"image\":{\"@id\":\"https:\\\/\\\/www.waterskis.lv\\\/ru\\\/product\\\/miksts-paliktnis-kajaka-sedekla-atzveltnei-vista-oem\\\/#primaryimage\"},\"thumbnailUrl\":\"https:\\\/\\\/www.waterskis.lv\\\/wp-content\\\/uploads\\\/2022\\\/11\\\/soft-pad-for-kayak-seat-backrest-vista-oem.jpg\",\"datePublished\":\"2022-11-04T11:53:26+00:00\",\"dateModified\":\"2024-10-16T12:30:02+00:00\",\"description\":\"Soft pad for kayak seat backrest VISTA OEM. OEM soft seat pad for kayak seat backrest. Suitable for\u00a0VISTA, PRODIGY, CALYPSO, FAMILY and other kayaks.\",\"breadcrumb\":{\"@id\":\"https:\\\/\\\/www.waterskis.lv\\\/ru\\\/product\\\/miksts-paliktnis-kajaka-sedekla-atzveltnei-vista-oem\\\/#breadcrumb\"},\"inLanguage\":\"ru-RU\",\"potentialAction\":[{\"@type\":\"ReadAction\",\"target\":[\"https:\\\/\\\/www.waterskis.lv\\\/ru\\\/product\\\/miksts-paliktnis-kajaka-sedekla-atzveltnei-vista-oem\\\/\"]}]},{\"@type\":\"ImageObject\",\"inLanguage\":\"ru-RU\",\"@id\":\"https:\\\/\\\/www.waterskis.lv\\\/ru\\\/product\\\/miksts-paliktnis-kajaka-sedekla-atzveltnei-vista-oem\\\/#primaryimage\",\"url\":\"https:\\\/\\\/www.waterskis.lv\\\/wp-content\\\/uploads\\\/2022\\\/11\\\/soft-pad-for-kayak-seat-backrest-vista-oem.jpg\",\"contentUrl\":\"https:\\\/\\\/www.waterskis.lv\\\/wp-content\\\/uploads\\\/2022\\\/11\\\/soft-pad-for-kayak-seat-backrest-vista-oem.jpg\",\"width\":1000,\"height\":1000,\"caption\":\"Soft pad for kayak seat backrest VISTA OEM\"},{\"@type\":\"BreadcrumbList\",\"@id\":\"https:\\\/\\\/www.waterskis.lv\\\/ru\\\/product\\\/miksts-paliktnis-kajaka-sedekla-atzveltnei-vista-oem\\\/#breadcrumb\",\"itemListElement\":[{\"@type\":\"ListItem\",\"position\":1,\"name\":\"Home\",\"item\":\"https:\\\/\\\/www.waterskis.lv\\\/ru\\\/\"},{\"@type\":\"ListItem\",\"position\":2,\"name\":\"\u041c\u0430\u0433\u0430\u0437\u0438\u043d\",\"item\":\"https:\\\/\\\/www.waterskis.lv\\\/ru\\\/%d0%bc%d0%b0%d0%b3%d0%b0%d0%b7%d0%b8%d0%bd\\\/\"},{\"@type\":\"ListItem\",\"position\":3,\"name\":\"M\u012bksts paliktnis kajaka s\u0113dek\u013ca atzveltnei VISTA OEM\"}]},{\"@type\":\"WebSite\",\"@id\":\"https:\\\/\\\/www.waterskis.lv\\\/ru\\\/#website\",\"url\":\"https:\\\/\\\/www.waterskis.lv\\\/ru\\\/\",\"name\":\"WATERSKIS.LV\",\"description\":\"SUP d\u0113\u013ci, kajaki, kanoe, airu laivas, \u016bdenssl\u0113po\u0161ana, veikbords, SUP d\u0113\u013cu noma, kajaku nomaakt\u012bv\u0101s atp\u016btas centrs, laivu noma, sup noma, kajaku noma\",\"publisher\":{\"@id\":\"https:\\\/\\\/www.waterskis.lv\\\/ru\\\/#organization\"},\"potentialAction\":[{\"@type\":\"SearchAction\",\"target\":{\"@type\":\"EntryPoint\",\"urlTemplate\":\"https:\\\/\\\/www.waterskis.lv\\\/ru\\\/?s={search_term_string}\"},\"query-input\":{\"@type\":\"PropertyValueSpecification\",\"valueRequired\":true,\"valueName\":\"search_term_string\"}}],\"inLanguage\":\"ru-RU\"},{\"@type\":\"Organization\",\"@id\":\"https:\\\/\\\/www.waterskis.lv\\\/ru\\\/#organization\",\"name\":\"WATERSKIS.LV\",\"url\":\"https:\\\/\\\/www.waterskis.lv\\\/ru\\\/\",\"logo\":{\"@type\":\"ImageObject\",\"inLanguage\":\"ru-RU\",\"@id\":\"https:\\\/\\\/www.waterskis.lv\\\/ru\\\/#\\\/schema\\\/logo\\\/image\\\/\",\"url\":\"https:\\\/\\\/www.waterskis.lv\\\/wp-content\\\/uploads\\\/2025\\\/01\\\/JUVP-logo.png\",\"contentUrl\":\"https:\\\/\\\/www.waterskis.lv\\\/wp-content\\\/uploads\\\/2025\\\/01\\\/JUVP-logo.png\",\"width\":421,\"height\":202,\"caption\":\"WATERSKIS.LV\"},\"image\":{\"@id\":\"https:\\\/\\\/www.waterskis.lv\\\/ru\\\/#\\\/schema\\\/logo\\\/image\\\/\"},\"sameAs\":[\"https:\\\/\\\/www.facebook.com\\\/jurmalawaterskiwakeboardpark\\\/\"]}]}<\/script>\n<!-- \/ Yoast SEO plugin. -->","yoast_head_json":{"title":"M\u012bksts paliktnis kajaka s\u0113dek\u013ca atzveltnei VISTA OEM - WATERSKIS.LV","description":"Soft pad for kayak seat backrest VISTA OEM. OEM soft seat pad for kayak seat backrest. Suitable for\u00a0VISTA, PRODIGY, CALYPSO, FAMILY and other kayaks.","robots":{"index":"index","follow":"follow","max-snippet":"max-snippet:-1","max-image-preview":"max-image-preview:large","max-video-preview":"max-video-preview:-1"},"canonical":"https:\/\/www.waterskis.lv\/ru\/product\/miksts-paliktnis-kajaka-sedekla-atzveltnei-vista-oem\/","og_locale":"ru_RU","og_type":"article","og_title":"M\u012bksts paliktnis kajaka s\u0113dek\u013ca atzveltnei VISTA OEM - WATERSKIS.LV","og_description":"Soft pad for kayak seat backrest VISTA OEM. OEM soft seat pad for kayak seat backrest. Suitable for\u00a0VISTA, PRODIGY, CALYPSO, FAMILY and other kayaks.","og_url":"https:\/\/www.waterskis.lv\/ru\/product\/miksts-paliktnis-kajaka-sedekla-atzveltnei-vista-oem\/","og_site_name":"WATERSKIS.LV","article_publisher":"https:\/\/www.facebook.com\/jurmalawaterskiwakeboardpark\/","article_modified_time":"2024-10-16T12:30:02+00:00","og_image":[{"width":1000,"height":1000,"url":"https:\/\/www.waterskis.lv\/wp-content\/uploads\/2022\/11\/soft-pad-for-kayak-seat-backrest-vista-oem.jpg","type":"image\/jpeg"}],"twitter_card":"summary_large_image","schema":{"@context":"https:\/\/schema.org","@graph":[{"@type":"WebPage","@id":"https:\/\/www.waterskis.lv\/ru\/product\/miksts-paliktnis-kajaka-sedekla-atzveltnei-vista-oem\/","url":"https:\/\/www.waterskis.lv\/ru\/product\/miksts-paliktnis-kajaka-sedekla-atzveltnei-vista-oem\/","name":"M\u012bksts paliktnis kajaka s\u0113dek\u013ca atzveltnei VISTA OEM - WATERSKIS.LV","isPartOf":{"@id":"https:\/\/www.waterskis.lv\/ru\/#website"},"primaryImageOfPage":{"@id":"https:\/\/www.waterskis.lv\/ru\/product\/miksts-paliktnis-kajaka-sedekla-atzveltnei-vista-oem\/#primaryimage"},"image":{"@id":"https:\/\/www.waterskis.lv\/ru\/product\/miksts-paliktnis-kajaka-sedekla-atzveltnei-vista-oem\/#primaryimage"},"thumbnailUrl":"https:\/\/www.waterskis.lv\/wp-content\/uploads\/2022\/11\/soft-pad-for-kayak-seat-backrest-vista-oem.jpg","datePublished":"2022-11-04T11:53:26+00:00","dateModified":"2024-10-16T12:30:02+00:00","description":"Soft pad for kayak seat backrest VISTA OEM. OEM soft seat pad for kayak seat backrest. Suitable for\u00a0VISTA, PRODIGY, CALYPSO, FAMILY and other kayaks.","breadcrumb":{"@id":"https:\/\/www.waterskis.lv\/ru\/product\/miksts-paliktnis-kajaka-sedekla-atzveltnei-vista-oem\/#breadcrumb"},"inLanguage":"ru-RU","potentialAction":[{"@type":"ReadAction","target":["https:\/\/www.waterskis.lv\/ru\/product\/miksts-paliktnis-kajaka-sedekla-atzveltnei-vista-oem\/"]}]},{"@type":"ImageObject","inLanguage":"ru-RU","@id":"https:\/\/www.waterskis.lv\/ru\/product\/miksts-paliktnis-kajaka-sedekla-atzveltnei-vista-oem\/#primaryimage","url":"https:\/\/www.waterskis.lv\/wp-content\/uploads\/2022\/11\/soft-pad-for-kayak-seat-backrest-vista-oem.jpg","contentUrl":"https:\/\/www.waterskis.lv\/wp-content\/uploads\/2022\/11\/soft-pad-for-kayak-seat-backrest-vista-oem.jpg","width":1000,"height":1000,"caption":"Soft pad for kayak seat backrest VISTA OEM"},{"@type":"BreadcrumbList","@id":"https:\/\/www.waterskis.lv\/ru\/product\/miksts-paliktnis-kajaka-sedekla-atzveltnei-vista-oem\/#breadcrumb","itemListElement":[{"@type":"ListItem","position":1,"name":"Home","item":"https:\/\/www.waterskis.lv\/ru\/"},{"@type":"ListItem","position":2,"name":"\u041c\u0430\u0433\u0430\u0437\u0438\u043d","item":"https:\/\/www.waterskis.lv\/ru\/%d0%bc%d0%b0%d0%b3%d0%b0%d0%b7%d0%b8%d0%bd\/"},{"@type":"ListItem","position":3,"name":"M\u012bksts paliktnis kajaka s\u0113dek\u013ca atzveltnei VISTA OEM"}]},{"@type":"WebSite","@id":"https:\/\/www.waterskis.lv\/ru\/#website","url":"https:\/\/www.waterskis.lv\/ru\/","name":"WATERSKIS.LV","description":"SUP d\u0113\u013ci, kajaki, kanoe, airu laivas, \u016bdenssl\u0113po\u0161ana, veikbords, SUP d\u0113\u013cu noma, kajaku nomaakt\u012bv\u0101s atp\u016btas centrs, laivu noma, sup noma, kajaku noma","publisher":{"@id":"https:\/\/www.waterskis.lv\/ru\/#organization"},"potentialAction":[{"@type":"SearchAction","target":{"@type":"EntryPoint","urlTemplate":"https:\/\/www.waterskis.lv\/ru\/?s={search_term_string}"},"query-input":{"@type":"PropertyValueSpecification","valueRequired":true,"valueName":"search_term_string"}}],"inLanguage":"ru-RU"},{"@type":"Organization","@id":"https:\/\/www.waterskis.lv\/ru\/#organization","name":"WATERSKIS.LV","url":"https:\/\/www.waterskis.lv\/ru\/","logo":{"@type":"ImageObject","inLanguage":"ru-RU","@id":"https:\/\/www.waterskis.lv\/ru\/#\/schema\/logo\/image\/","url":"https:\/\/www.waterskis.lv\/wp-content\/uploads\/2025\/01\/JUVP-logo.png","contentUrl":"https:\/\/www.waterskis.lv\/wp-content\/uploads\/2025\/01\/JUVP-logo.png","width":421,"height":202,"caption":"WATERSKIS.LV"},"image":{"@id":"https:\/\/www.waterskis.lv\/ru\/#\/schema\/logo\/image\/"},"sameAs":["https:\/\/www.facebook.com\/jurmalawaterskiwakeboardpark\/"]}]}},"_links":{"self":[{"href":"https:\/\/www.waterskis.lv\/ru\/wp-json\/wp\/v2\/product\/47994","targetHints":{"allow":["GET"]}}],"collection":[{"href":"https:\/\/www.waterskis.lv\/ru\/wp-json\/wp\/v2\/product"}],"about":[{"href":"https:\/\/www.waterskis.lv\/ru\/wp-json\/wp\/v2\/types\/product"}],"replies":[{"embeddable":true,"href":"https:\/\/www.waterskis.lv\/ru\/wp-json\/wp\/v2\/comments?post=47994"}],"wp:featuredmedia":[{"embeddable":true,"href":"https:\/\/www.waterskis.lv\/ru\/wp-json\/wp\/v2\/media\/47998"}],"wp:attachment":[{"href":"https:\/\/www.waterskis.lv\/ru\/wp-json\/wp\/v2\/media?parent=47994"}],"wp:term":[{"taxonomy":"product_brand","embeddable":true,"href":"https:\/\/www.waterskis.lv\/ru\/wp-json\/wp\/v2\/product_brand?post=47994"},{"taxonomy":"product_cat","embeddable":true,"href":"https:\/\/www.waterskis.lv\/ru\/wp-json\/wp\/v2\/product_cat?post=47994"},{"taxonomy":"product_tag","embeddable":true,"href":"https:\/\/www.waterskis.lv\/ru\/wp-json\/wp\/v2\/product_tag?post=47994"}],"curies":[{"name":"wp","href":"https:\/\/api.w.org\/{rel}","templated":true}]}}