{"id":48004,"date":"2022-11-04T15:02:07","date_gmt":"2022-11-04T12:02:07","guid":{"rendered":"https:\/\/www.waterskis.lv\/products\/prodigy-ii-kayak-seat-base\/"},"modified":"2024-10-16T15:49:32","modified_gmt":"2024-10-16T12:49:32","slug":"prodigy-ii-kajaka-sedekla-pamatne-2","status":"publish","type":"product","link":"https:\/\/www.waterskis.lv\/ru\/product\/prodigy-ii-kajaka-sedekla-pamatne-2\/","title":{"rendered":"PRODIGY II kajaka s\u0113dek\u013ca pamatne"},"content":{"rendered":"<h1>PRODIGY II kajaka s\u0113dek\u013ca pamatne<\/h1>\n<p>PRODIGY II kajaka s\u0113dek\u013ca pamatne<\/p>\n<p><span class=\"jCAhz ChMk0b\"><span class=\"ryNqvb\">VAIR\u0100K INFORM\u0100CIJAS <\/span><\/span><span class=\"jCAhz ChMk0b\"><span class=\"ryNqvb\">Ori\u0123in\u0101l\u0101 PRODIGY II kajaka s\u0113dek\u013ca pamatne. <\/span><\/span><span class=\"jCAhz ChMk0b\"><span class=\"ryNqvb\">Nav piem\u0113rots VISTA (visas modifik\u0101cijas) un PRODIGY II EX modifik\u0101cijai (EX un EX\/w Ruddder). <\/span><\/span><span class=\"jCAhz\"><span class=\"ryNqvb\">DATU LAPA <\/span><\/span><span class=\"jCAhz ChMk0b\"><span class=\"ryNqvb\">Tipa Kajaka da\u013cas <\/span><\/span><span class=\"jCAhz\"><span class=\"ryNqvb\">Materi\u0101ls HDPE <\/span><\/span><span class=\"jCAhz\"><span class=\"ryNqvb\">Kr\u0101sa Melna <\/span><\/span><span class=\"jCAhz ChMk0b\"><span class=\"ryNqvb\">Izcelsmes valsts Apvienot\u0101 Karaliste<\/span><\/span><\/p>\n<h3 id=\"more-info\" class=\"page-product-heading active\">MORE INFO<\/h3>\n<div class=\"block_content1 rte active\">\n<p>Original PRODIGY II kayak seat base.<\/p>\n<p>Not suitable for VISTA (all modifications) and PRODIGY II EX modification (EX and EX\/w Ruddder).<\/p>\n<\/div>\n<h3 id=\"table-data\" class=\"page-product-heading\">DATA SHEET<\/h3>\n<table class=\"block_content2 table-data-sheet\">\n<tbody>\n<tr class=\"odd\">\n<td>Type<\/td>\n<td>Kayak parts<\/td>\n<\/tr>\n<tr class=\"even\">\n<td>Material<\/td>\n<td>HDPE<\/td>\n<\/tr>\n<tr class=\"odd\">\n<td>Color<\/td>\n<td>Black<\/td>\n<\/tr>\n<tr class=\"even\">\n<td>Country of origin<\/td>\n<td>United Kingdom<\/td>\n<\/tr>\n<\/tbody>\n<\/table>\n","protected":false},"excerpt":{"rendered":"<p>PRODIGY II kajaka s\u0113dek\u013ca pamatne PRODIGY II kajaka s\u0113dek\u013ca pamatne VAIR\u0100K INFORM\u0100CIJAS Ori\u0123in\u0101l\u0101 PRODIGY II kajaka s\u0113dek\u013ca pamatne. Nav piem\u0113rots VISTA (visas modifik\u0101cijas) un PRODIGY II EX modifik\u0101cijai (EX un EX\/w Ruddder). DATU LAPA Tipa Kajaka da\u013cas Materi\u0101ls HDPE Kr\u0101sa Melna Izcelsmes valsts Apvienot\u0101 Karaliste MORE INFO Original PRODIGY II kayak seat base. Not suitable [&#8230;]<\/p>\n<p><a class=\"btn btn-secondary understrap-read-more-link\" href=\"https:\/\/www.waterskis.lv\/ru\/product\/prodigy-ii-kajaka-sedekla-pamatne-2\/\">\u0427\u0438\u0442\u0430\u0442\u044c \u0434\u0430\u043b\u044c\u0448\u0435\u2026<\/a><\/p>\n","protected":false},"featured_media":48002,"comment_status":"closed","ping_status":"closed","template":"","meta":{"_acf_changed":false,"inline_featured_image":false},"product_brand":[],"product_cat":[508],"product_tag":[],"class_list":{"0":"post-48004","1":"product","2":"type-product","3":"status-publish","4":"has-post-thumbnail","6":"product_cat-508","8":"first","9":"instock","10":"shipping-taxable","11":"purchasable","12":"product-type-simple"},"acf":[],"yoast_head":"<!-- This site is optimized with the Yoast SEO plugin v27.4 - https:\/\/yoast.com\/product\/yoast-seo-wordpress\/ -->\n<title>PRODIGY II kajaka s\u0113dek\u013ca pamatne - WATERSKIS.LV<\/title>\n<meta name=\"description\" content=\"Original PRODIGY II kayak seat base. Not suitable for VISTA (all modifications) and PRODIGY II EX modification (EX and EX\/w Ruddder).\" \/>\n<meta name=\"robots\" content=\"index, follow, max-snippet:-1, max-image-preview:large, max-video-preview:-1\" \/>\n<link rel=\"canonical\" href=\"https:\/\/www.waterskis.lv\/ru\/product\/prodigy-ii-kajaka-sedekla-pamatne-2\/\" \/>\n<meta property=\"og:locale\" content=\"ru_RU\" \/>\n<meta property=\"og:type\" content=\"article\" \/>\n<meta property=\"og:title\" content=\"PRODIGY II kajaka s\u0113dek\u013ca pamatne - WATERSKIS.LV\" \/>\n<meta property=\"og:description\" content=\"Original PRODIGY II kayak seat base. Not suitable for VISTA (all modifications) and PRODIGY II EX modification (EX and EX\/w Ruddder).\" \/>\n<meta property=\"og:url\" content=\"https:\/\/www.waterskis.lv\/ru\/product\/prodigy-ii-kajaka-sedekla-pamatne-2\/\" \/>\n<meta property=\"og:site_name\" content=\"WATERSKIS.LV\" \/>\n<meta property=\"article:publisher\" content=\"https:\/\/www.facebook.com\/jurmalawaterskiwakeboardpark\/\" \/>\n<meta property=\"article:modified_time\" content=\"2024-10-16T12:49:32+00:00\" \/>\n<meta property=\"og:image\" content=\"https:\/\/www.waterskis.lv\/wp-content\/uploads\/2022\/11\/prodigy-ii-kayak-seat-base.jpg\" \/>\n\t<meta property=\"og:image:width\" content=\"1000\" \/>\n\t<meta property=\"og:image:height\" content=\"1000\" \/>\n\t<meta property=\"og:image:type\" content=\"image\/jpeg\" \/>\n<meta name=\"twitter:card\" content=\"summary_large_image\" \/>\n<meta name=\"twitter:label1\" content=\"\u041f\u0440\u0438\u043c\u0435\u0440\u043d\u043e\u0435 \u0432\u0440\u0435\u043c\u044f \u0434\u043b\u044f \u0447\u0442\u0435\u043d\u0438\u044f\" \/>\n\t<meta name=\"twitter:data1\" content=\"1 \u043c\u0438\u043d\u0443\u0442\u0430\" \/>\n<script type=\"application\/ld+json\" class=\"yoast-schema-graph\">{\"@context\":\"https:\\\/\\\/schema.org\",\"@graph\":[{\"@type\":\"WebPage\",\"@id\":\"https:\\\/\\\/www.waterskis.lv\\\/ru\\\/product\\\/prodigy-ii-kajaka-sedekla-pamatne-2\\\/\",\"url\":\"https:\\\/\\\/www.waterskis.lv\\\/ru\\\/product\\\/prodigy-ii-kajaka-sedekla-pamatne-2\\\/\",\"name\":\"PRODIGY II kajaka s\u0113dek\u013ca pamatne - WATERSKIS.LV\",\"isPartOf\":{\"@id\":\"https:\\\/\\\/www.waterskis.lv\\\/ru\\\/#website\"},\"primaryImageOfPage\":{\"@id\":\"https:\\\/\\\/www.waterskis.lv\\\/ru\\\/product\\\/prodigy-ii-kajaka-sedekla-pamatne-2\\\/#primaryimage\"},\"image\":{\"@id\":\"https:\\\/\\\/www.waterskis.lv\\\/ru\\\/product\\\/prodigy-ii-kajaka-sedekla-pamatne-2\\\/#primaryimage\"},\"thumbnailUrl\":\"https:\\\/\\\/www.waterskis.lv\\\/wp-content\\\/uploads\\\/2022\\\/11\\\/prodigy-ii-kayak-seat-base.jpg\",\"datePublished\":\"2022-11-04T12:02:07+00:00\",\"dateModified\":\"2024-10-16T12:49:32+00:00\",\"description\":\"Original PRODIGY II kayak seat base. Not suitable for VISTA (all modifications) and PRODIGY II EX modification (EX and EX\\\/w Ruddder).\",\"breadcrumb\":{\"@id\":\"https:\\\/\\\/www.waterskis.lv\\\/ru\\\/product\\\/prodigy-ii-kajaka-sedekla-pamatne-2\\\/#breadcrumb\"},\"inLanguage\":\"ru-RU\",\"potentialAction\":[{\"@type\":\"ReadAction\",\"target\":[\"https:\\\/\\\/www.waterskis.lv\\\/ru\\\/product\\\/prodigy-ii-kajaka-sedekla-pamatne-2\\\/\"]}]},{\"@type\":\"ImageObject\",\"inLanguage\":\"ru-RU\",\"@id\":\"https:\\\/\\\/www.waterskis.lv\\\/ru\\\/product\\\/prodigy-ii-kajaka-sedekla-pamatne-2\\\/#primaryimage\",\"url\":\"https:\\\/\\\/www.waterskis.lv\\\/wp-content\\\/uploads\\\/2022\\\/11\\\/prodigy-ii-kayak-seat-base.jpg\",\"contentUrl\":\"https:\\\/\\\/www.waterskis.lv\\\/wp-content\\\/uploads\\\/2022\\\/11\\\/prodigy-ii-kayak-seat-base.jpg\",\"width\":1000,\"height\":1000,\"caption\":\"PRODIGY II kayak seat base\"},{\"@type\":\"BreadcrumbList\",\"@id\":\"https:\\\/\\\/www.waterskis.lv\\\/ru\\\/product\\\/prodigy-ii-kajaka-sedekla-pamatne-2\\\/#breadcrumb\",\"itemListElement\":[{\"@type\":\"ListItem\",\"position\":1,\"name\":\"Home\",\"item\":\"https:\\\/\\\/www.waterskis.lv\\\/ru\\\/\"},{\"@type\":\"ListItem\",\"position\":2,\"name\":\"\u041c\u0430\u0433\u0430\u0437\u0438\u043d\",\"item\":\"https:\\\/\\\/www.waterskis.lv\\\/ru\\\/%d0%bc%d0%b0%d0%b3%d0%b0%d0%b7%d0%b8%d0%bd\\\/\"},{\"@type\":\"ListItem\",\"position\":3,\"name\":\"PRODIGY II kajaka s\u0113dek\u013ca pamatne\"}]},{\"@type\":\"WebSite\",\"@id\":\"https:\\\/\\\/www.waterskis.lv\\\/ru\\\/#website\",\"url\":\"https:\\\/\\\/www.waterskis.lv\\\/ru\\\/\",\"name\":\"WATERSKIS.LV\",\"description\":\"SUP d\u0113\u013ci, kajaki, kanoe, airu laivas, \u016bdenssl\u0113po\u0161ana, veikbords, SUP d\u0113\u013cu noma, kajaku nomaakt\u012bv\u0101s atp\u016btas centrs, laivu noma, sup noma, kajaku noma\",\"publisher\":{\"@id\":\"https:\\\/\\\/www.waterskis.lv\\\/ru\\\/#organization\"},\"potentialAction\":[{\"@type\":\"SearchAction\",\"target\":{\"@type\":\"EntryPoint\",\"urlTemplate\":\"https:\\\/\\\/www.waterskis.lv\\\/ru\\\/?s={search_term_string}\"},\"query-input\":{\"@type\":\"PropertyValueSpecification\",\"valueRequired\":true,\"valueName\":\"search_term_string\"}}],\"inLanguage\":\"ru-RU\"},{\"@type\":\"Organization\",\"@id\":\"https:\\\/\\\/www.waterskis.lv\\\/ru\\\/#organization\",\"name\":\"WATERSKIS.LV\",\"url\":\"https:\\\/\\\/www.waterskis.lv\\\/ru\\\/\",\"logo\":{\"@type\":\"ImageObject\",\"inLanguage\":\"ru-RU\",\"@id\":\"https:\\\/\\\/www.waterskis.lv\\\/ru\\\/#\\\/schema\\\/logo\\\/image\\\/\",\"url\":\"https:\\\/\\\/www.waterskis.lv\\\/wp-content\\\/uploads\\\/2025\\\/01\\\/JUVP-logo.png\",\"contentUrl\":\"https:\\\/\\\/www.waterskis.lv\\\/wp-content\\\/uploads\\\/2025\\\/01\\\/JUVP-logo.png\",\"width\":421,\"height\":202,\"caption\":\"WATERSKIS.LV\"},\"image\":{\"@id\":\"https:\\\/\\\/www.waterskis.lv\\\/ru\\\/#\\\/schema\\\/logo\\\/image\\\/\"},\"sameAs\":[\"https:\\\/\\\/www.facebook.com\\\/jurmalawaterskiwakeboardpark\\\/\"]}]}<\/script>\n<!-- \/ Yoast SEO plugin. -->","yoast_head_json":{"title":"PRODIGY II kajaka s\u0113dek\u013ca pamatne - WATERSKIS.LV","description":"Original PRODIGY II kayak seat base. Not suitable for VISTA (all modifications) and PRODIGY II EX modification (EX and EX\/w Ruddder).","robots":{"index":"index","follow":"follow","max-snippet":"max-snippet:-1","max-image-preview":"max-image-preview:large","max-video-preview":"max-video-preview:-1"},"canonical":"https:\/\/www.waterskis.lv\/ru\/product\/prodigy-ii-kajaka-sedekla-pamatne-2\/","og_locale":"ru_RU","og_type":"article","og_title":"PRODIGY II kajaka s\u0113dek\u013ca pamatne - WATERSKIS.LV","og_description":"Original PRODIGY II kayak seat base. Not suitable for VISTA (all modifications) and PRODIGY II EX modification (EX and EX\/w Ruddder).","og_url":"https:\/\/www.waterskis.lv\/ru\/product\/prodigy-ii-kajaka-sedekla-pamatne-2\/","og_site_name":"WATERSKIS.LV","article_publisher":"https:\/\/www.facebook.com\/jurmalawaterskiwakeboardpark\/","article_modified_time":"2024-10-16T12:49:32+00:00","og_image":[{"width":1000,"height":1000,"url":"https:\/\/www.waterskis.lv\/wp-content\/uploads\/2022\/11\/prodigy-ii-kayak-seat-base.jpg","type":"image\/jpeg"}],"twitter_card":"summary_large_image","twitter_misc":{"\u041f\u0440\u0438\u043c\u0435\u0440\u043d\u043e\u0435 \u0432\u0440\u0435\u043c\u044f \u0434\u043b\u044f \u0447\u0442\u0435\u043d\u0438\u044f":"1 \u043c\u0438\u043d\u0443\u0442\u0430"},"schema":{"@context":"https:\/\/schema.org","@graph":[{"@type":"WebPage","@id":"https:\/\/www.waterskis.lv\/ru\/product\/prodigy-ii-kajaka-sedekla-pamatne-2\/","url":"https:\/\/www.waterskis.lv\/ru\/product\/prodigy-ii-kajaka-sedekla-pamatne-2\/","name":"PRODIGY II kajaka s\u0113dek\u013ca pamatne - WATERSKIS.LV","isPartOf":{"@id":"https:\/\/www.waterskis.lv\/ru\/#website"},"primaryImageOfPage":{"@id":"https:\/\/www.waterskis.lv\/ru\/product\/prodigy-ii-kajaka-sedekla-pamatne-2\/#primaryimage"},"image":{"@id":"https:\/\/www.waterskis.lv\/ru\/product\/prodigy-ii-kajaka-sedekla-pamatne-2\/#primaryimage"},"thumbnailUrl":"https:\/\/www.waterskis.lv\/wp-content\/uploads\/2022\/11\/prodigy-ii-kayak-seat-base.jpg","datePublished":"2022-11-04T12:02:07+00:00","dateModified":"2024-10-16T12:49:32+00:00","description":"Original PRODIGY II kayak seat base. Not suitable for VISTA (all modifications) and PRODIGY II EX modification (EX and EX\/w Ruddder).","breadcrumb":{"@id":"https:\/\/www.waterskis.lv\/ru\/product\/prodigy-ii-kajaka-sedekla-pamatne-2\/#breadcrumb"},"inLanguage":"ru-RU","potentialAction":[{"@type":"ReadAction","target":["https:\/\/www.waterskis.lv\/ru\/product\/prodigy-ii-kajaka-sedekla-pamatne-2\/"]}]},{"@type":"ImageObject","inLanguage":"ru-RU","@id":"https:\/\/www.waterskis.lv\/ru\/product\/prodigy-ii-kajaka-sedekla-pamatne-2\/#primaryimage","url":"https:\/\/www.waterskis.lv\/wp-content\/uploads\/2022\/11\/prodigy-ii-kayak-seat-base.jpg","contentUrl":"https:\/\/www.waterskis.lv\/wp-content\/uploads\/2022\/11\/prodigy-ii-kayak-seat-base.jpg","width":1000,"height":1000,"caption":"PRODIGY II kayak seat base"},{"@type":"BreadcrumbList","@id":"https:\/\/www.waterskis.lv\/ru\/product\/prodigy-ii-kajaka-sedekla-pamatne-2\/#breadcrumb","itemListElement":[{"@type":"ListItem","position":1,"name":"Home","item":"https:\/\/www.waterskis.lv\/ru\/"},{"@type":"ListItem","position":2,"name":"\u041c\u0430\u0433\u0430\u0437\u0438\u043d","item":"https:\/\/www.waterskis.lv\/ru\/%d0%bc%d0%b0%d0%b3%d0%b0%d0%b7%d0%b8%d0%bd\/"},{"@type":"ListItem","position":3,"name":"PRODIGY II kajaka s\u0113dek\u013ca pamatne"}]},{"@type":"WebSite","@id":"https:\/\/www.waterskis.lv\/ru\/#website","url":"https:\/\/www.waterskis.lv\/ru\/","name":"WATERSKIS.LV","description":"SUP d\u0113\u013ci, kajaki, kanoe, airu laivas, \u016bdenssl\u0113po\u0161ana, veikbords, SUP d\u0113\u013cu noma, kajaku nomaakt\u012bv\u0101s atp\u016btas centrs, laivu noma, sup noma, kajaku noma","publisher":{"@id":"https:\/\/www.waterskis.lv\/ru\/#organization"},"potentialAction":[{"@type":"SearchAction","target":{"@type":"EntryPoint","urlTemplate":"https:\/\/www.waterskis.lv\/ru\/?s={search_term_string}"},"query-input":{"@type":"PropertyValueSpecification","valueRequired":true,"valueName":"search_term_string"}}],"inLanguage":"ru-RU"},{"@type":"Organization","@id":"https:\/\/www.waterskis.lv\/ru\/#organization","name":"WATERSKIS.LV","url":"https:\/\/www.waterskis.lv\/ru\/","logo":{"@type":"ImageObject","inLanguage":"ru-RU","@id":"https:\/\/www.waterskis.lv\/ru\/#\/schema\/logo\/image\/","url":"https:\/\/www.waterskis.lv\/wp-content\/uploads\/2025\/01\/JUVP-logo.png","contentUrl":"https:\/\/www.waterskis.lv\/wp-content\/uploads\/2025\/01\/JUVP-logo.png","width":421,"height":202,"caption":"WATERSKIS.LV"},"image":{"@id":"https:\/\/www.waterskis.lv\/ru\/#\/schema\/logo\/image\/"},"sameAs":["https:\/\/www.facebook.com\/jurmalawaterskiwakeboardpark\/"]}]}},"_links":{"self":[{"href":"https:\/\/www.waterskis.lv\/ru\/wp-json\/wp\/v2\/product\/48004","targetHints":{"allow":["GET"]}}],"collection":[{"href":"https:\/\/www.waterskis.lv\/ru\/wp-json\/wp\/v2\/product"}],"about":[{"href":"https:\/\/www.waterskis.lv\/ru\/wp-json\/wp\/v2\/types\/product"}],"replies":[{"embeddable":true,"href":"https:\/\/www.waterskis.lv\/ru\/wp-json\/wp\/v2\/comments?post=48004"}],"wp:featuredmedia":[{"embeddable":true,"href":"https:\/\/www.waterskis.lv\/ru\/wp-json\/wp\/v2\/media\/48002"}],"wp:attachment":[{"href":"https:\/\/www.waterskis.lv\/ru\/wp-json\/wp\/v2\/media?parent=48004"}],"wp:term":[{"taxonomy":"product_brand","embeddable":true,"href":"https:\/\/www.waterskis.lv\/ru\/wp-json\/wp\/v2\/product_brand?post=48004"},{"taxonomy":"product_cat","embeddable":true,"href":"https:\/\/www.waterskis.lv\/ru\/wp-json\/wp\/v2\/product_cat?post=48004"},{"taxonomy":"product_tag","embeddable":true,"href":"https:\/\/www.waterskis.lv\/ru\/wp-json\/wp\/v2\/product_tag?post=48004"}],"curies":[{"name":"wp","href":"https:\/\/api.w.org\/{rel}","templated":true}]}}