{"id":50356,"date":"2022-12-29T09:23:12","date_gmt":"2022-12-29T06:23:12","guid":{"rendered":"https:\/\/www.waterskis.lv\/product\/slaloma-udensslepe-connelly-dv8-versatail-2021\/"},"modified":"2026-01-28T15:29:02","modified_gmt":"2026-01-28T13:29:02","slug":"%d0%b2%d0%be%d0%b4%d0%bd%d1%8b%d0%b5-%d0%bb%d1%8b%d0%b6%d0%b8-connelly-dv8-versatail-2021","status":"publish","type":"product","link":"https:\/\/www.waterskis.lv\/ru\/product\/%d0%b2%d0%be%d0%b4%d0%bd%d1%8b%d0%b5-%d0%bb%d1%8b%d0%b6%d0%b8-connelly-dv8-versatail-2021\/","title":{"rendered":"\u0412\u043e\u0434\u043d\u044b\u0435 \u043b\u044b\u0436\u0438 CONNELLY DV8 VERSATAIL #2021"},"content":{"rendered":"<h1>\u0412\u043e\u0434\u043d\u044b\u0435 \u043b\u044b\u0436\u0438 CONNELLY DV8 VERSATAIL #2021<\/h1>\n<p>\u0412\u043e\u0434\u043d\u044b\u0435 \u043b\u044b\u0436\u0438 CONNELLY DV8 VERSATAIL #2021<\/p>\n<h3>Pros and cons<\/h3>\n<div class=\"pros-cons\">\n<ul>\n<li>Versatail &#8212; Skiers can choose from one of three tails, which are all included with the DV8<\/li>\n<li>The DV8 requires less perfection on your part and is the most forgiving ski we\u2019ve ever created<\/li>\n<li>Formulated with its own unique makeup as an increased rocker line, more subtle top shape, softer flex and customizable tail shapes<\/li>\n<li>Price Tag but enormous value for money<\/li>\n<\/ul>\n<\/div>\n<hr \/>\n<h3>Description<\/h3>\n<h4><strong>Buy your 2021 Connelly DV8 Versatail Waterski now @ waterskis.lv, Your Online Pro Waterski Store.<\/strong><\/h4>\n<p>Although the 2021 Connelly DV8 Versatail waterski is built with the same building blocks as our other high-end slalom skis (think GT-R, GT, Prophecy, etc), it was formulated with its own unique makeup. Between an increased rocker line, more subtle top shape, softer flex, and customizable tail shapes, the 2021 Connelly DV8 Versatail waterski requires less perfection on your part and is the most forgiving ski we\u2019ve ever created.<\/p>\n<p>Throughout the years, brands have been on a quest to create a ski that checks all the boxes. Yet because skiers have varying styles and skill sets, the one-shape-fits-all approach doesn\u2019t always pan out for everyone.<\/p>\n<p>With the 2021 Connelly DV8 and VersaTile, you choose how your ski rides and reacts.<\/p>\n<h4><strong>Versatail<\/strong><\/h4>\n<p>While considerable masterminding is put into the overall construction of a high-end slalom ski \u2014 the sidecut, rocker, bevels, etc \u2014 many people don\u2019t realize how large a part the last few inches of the tail play. A change in tail geometry can mean the difference in a ski performing in perfect rhythm with your personal style. Our patent pending VersaTail technology offers the ability to fine tune the flow of water off the tail of the ski, taking a step beyond the standard fin and binding position adjustments. Skiers can choose from one of three tails, which are all included with the 2021 Connelly DV8 Versatail Waterski. .<\/p>\n<h4><strong>VT Tail Shape<\/strong><\/h4>\n<ul>\n<li>Our stock tail shape \u2014 designed to offer a balanced tail depth through the turn and across the wake.<\/li>\n<\/ul>\n<h4><strong>VS Tail Shape<\/strong><\/h4>\n<ul>\n<li>The square tail provides more support at the tail, keeping the tip down through the turn and generating more speed between the buoys.<\/li>\n<\/ul>\n<h4><strong>VR Tail Shape<\/strong><\/h4>\n<ul>\n<li>The round tail lets the ski sit deeper in the water into the turn, adding control at higher speeds for quicker turns and reduced tail blowouts.<\/li>\n<\/ul>\n<h4><strong>#21 Connelly DV8 Versatail Waterski Construction Features<\/strong><\/h4>\n<ul>\n<li>PVC Core<\/li>\n<li>90\/10 Carbon\/Fiberglass Layup<\/li>\n<li>Hybrid Base<\/li>\n<li>Speed V-Tech<\/li>\n<li>Wide Tunnel<\/li>\n<li>Variable Bevel<\/li>\n<li>Connelly Advanced Profile Technology<\/li>\n<\/ul>\n<h4><strong>Terrain<\/strong><\/h4>\n<ul>\n<li>Course<\/li>\n<\/ul>\n<h4><strong>#21 Connelly DV8 Versatail Waterski Riders Weight Indication<\/strong><\/h4>\n<ul>\n<li>65&#8243; \/ Up to 60kg<\/li>\n<li>66&#8243; \/ 60-75kg<\/li>\n<li>67&#8243; \/ 70-85kg<\/li>\n<li>68&#8243; \/ 85kg and Up<\/li>\n<\/ul>\n<h4><strong>Suggested Maximum Speed<\/strong><\/h4>\n<ul>\n<li>54-58kmh<\/li>\n<\/ul>\n<h4><strong>Rocker<\/strong><\/h4>\n<p>The DV8 has an increased rocker line, predominantly in the tail, allowing it to move from one edge out to the other much easier<\/p>\n<h4><strong>CAPT Top<\/strong><\/h4>\n<p>We have gone with a more subtle top shape, particularly in the tip, to add support and control out of the turn. This creates a more balanced system, working together with the softer flex pattern and increased tail rocker<\/p>\n<h4><strong>Flex Pattern<\/strong><\/h4>\n<p>We have softened the flex pattern throughout the ski to work in concert with the new top shape and rocker line. The result? A more forgiving ski all-together<\/p>\n","protected":false},"excerpt":{"rendered":"<p>https:\/\/www.youtube.com\/watch?v=FyWs-ymbHQg [&#8230;]<\/p>\n<p><a class=\"btn btn-secondary understrap-read-more-link\" href=\"https:\/\/www.waterskis.lv\/ru\/product\/%d0%b2%d0%be%d0%b4%d0%bd%d1%8b%d0%b5-%d0%bb%d1%8b%d0%b6%d0%b8-connelly-dv8-versatail-2021\/\">\u0427\u0438\u0442\u0430\u0442\u044c \u0434\u0430\u043b\u044c\u0448\u0435\u2026<\/a><\/p>\n","protected":false},"featured_media":29501,"comment_status":"closed","ping_status":"closed","template":"","meta":{"_acf_changed":false,"inline_featured_image":false},"product_brand":[1280],"product_cat":[556,1120,558],"product_tag":[3989,3990,3991,3992,3993,3958,3963,2950,2987],"class_list":{"0":"post-50356","1":"product","2":"type-product","3":"status-publish","4":"has-post-thumbnail","6":"product_brand-connelly-water-sports","7":"product_cat-b-","8":"product_cat---connelly--","9":"product_cat-558","10":"product_tag-connelly-udensslepe","11":"product_tag-connelly-watersports","12":"product_tag-mono-udensslepe","13":"product_tag-slalom-waterski","14":"product_tag-slaloma-udensslepe","15":"product_tag-udens-slepes","16":"product_tag-waterskis","17":"product_tag-2950","18":"product_tag-2987","20":"first","21":"instock","22":"sale","23":"shipping-taxable","24":"purchasable","25":"product-type-simple"},"acf":[],"yoast_head":"<!-- This site is optimized with the Yoast SEO plugin v27.3 - https:\/\/yoast.com\/product\/yoast-seo-wordpress\/ -->\n<title>\u0412\u043e\u0434\u043d\u044b\u0435 \u043b\u044b\u0436\u0438 CONNELLY DV8 VERSATAIL #2021 - WATERSKIS.LV<\/title>\n<meta name=\"description\" content=\"\u0412\u043e\u0434\u043d\u044b\u0435 \u043b\u044b\u0436\u0438 CONNELLY DV8 VERSATAIL #2021 \u043f\u043e\u0441\u0442\u0440\u043e\u0435\u043d\u044b \u0438\u0437 \u0442\u0435\u0445 \u0436\u0435 \u0431\u043b\u043e\u043a\u043e\u0432, \u0447\u0442\u043e \u0438 \u0434\u0440\u0443\u0433\u0438\u0435 \u043d\u0430\u0448\u0438 \u0432\u044b\u0441\u043e\u043a\u043e\u043a\u0430\u0447\u0435\u0441\u0442\u0432\u0435\u043d\u043d\u044b\u0435 \u0441\u043b\u0430\u043b\u043e\u043c\u043d\u044b\u0435 \u043b\u044b\u0436\u0438 GT-R, GT, Prophecy \u0438 \u0442.\u00a0\u0434..\" \/>\n<meta name=\"robots\" content=\"index, follow, max-snippet:-1, max-image-preview:large, max-video-preview:-1\" \/>\n<link rel=\"canonical\" href=\"https:\/\/www.waterskis.lv\/ru\/product\/%d0%b2%d0%be%d0%b4%d0%bd%d1%8b%d0%b5-%d0%bb%d1%8b%d0%b6%d0%b8-connelly-dv8-versatail-2021\/\" \/>\n<meta property=\"og:locale\" content=\"ru_RU\" \/>\n<meta property=\"og:type\" content=\"article\" \/>\n<meta property=\"og:title\" content=\"\u0412\u043e\u0434\u043d\u044b\u0435 \u043b\u044b\u0436\u0438 CONNELLY DV8 VERSATAIL #2021 - WATERSKIS.LV\" \/>\n<meta property=\"og:description\" content=\"\u0412\u043e\u0434\u043d\u044b\u0435 \u043b\u044b\u0436\u0438 CONNELLY DV8 VERSATAIL #2021 \u043f\u043e\u0441\u0442\u0440\u043e\u0435\u043d\u044b \u0438\u0437 \u0442\u0435\u0445 \u0436\u0435 \u0431\u043b\u043e\u043a\u043e\u0432, \u0447\u0442\u043e \u0438 \u0434\u0440\u0443\u0433\u0438\u0435 \u043d\u0430\u0448\u0438 \u0432\u044b\u0441\u043e\u043a\u043e\u043a\u0430\u0447\u0435\u0441\u0442\u0432\u0435\u043d\u043d\u044b\u0435 \u0441\u043b\u0430\u043b\u043e\u043c\u043d\u044b\u0435 \u043b\u044b\u0436\u0438 GT-R, GT, Prophecy \u0438 \u0442.\u00a0\u0434..\" \/>\n<meta property=\"og:url\" content=\"https:\/\/www.waterskis.lv\/ru\/product\/%d0%b2%d0%be%d0%b4%d0%bd%d1%8b%d0%b5-%d0%bb%d1%8b%d0%b6%d0%b8-connelly-dv8-versatail-2021\/\" \/>\n<meta property=\"og:site_name\" content=\"WATERSKIS.LV\" \/>\n<meta property=\"article:publisher\" content=\"https:\/\/www.facebook.com\/jurmalawaterskiwakeboardpark\/\" \/>\n<meta property=\"article:modified_time\" content=\"2026-01-28T13:29:02+00:00\" \/>\n<meta property=\"og:image\" content=\"https:\/\/www.waterskis.lv\/wp-content\/uploads\/2021\/07\/DV8.jpeg\" \/>\n\t<meta property=\"og:image:width\" content=\"600\" \/>\n\t<meta property=\"og:image:height\" content=\"600\" \/>\n\t<meta property=\"og:image:type\" content=\"image\/jpeg\" \/>\n<meta name=\"twitter:card\" content=\"summary_large_image\" \/>\n<meta name=\"twitter:label1\" content=\"\u041f\u0440\u0438\u043c\u0435\u0440\u043d\u043e\u0435 \u0432\u0440\u0435\u043c\u044f \u0434\u043b\u044f \u0447\u0442\u0435\u043d\u0438\u044f\" \/>\n\t<meta name=\"twitter:data1\" content=\"4 \u043c\u0438\u043d\u0443\u0442\u044b\" \/>\n<script type=\"application\/ld+json\" class=\"yoast-schema-graph\">{\"@context\":\"https:\\\/\\\/schema.org\",\"@graph\":[{\"@type\":\"WebPage\",\"@id\":\"https:\\\/\\\/www.waterskis.lv\\\/ru\\\/product\\\/%d0%b2%d0%be%d0%b4%d0%bd%d1%8b%d0%b5-%d0%bb%d1%8b%d0%b6%d0%b8-connelly-dv8-versatail-2021\\\/\",\"url\":\"https:\\\/\\\/www.waterskis.lv\\\/ru\\\/product\\\/%d0%b2%d0%be%d0%b4%d0%bd%d1%8b%d0%b5-%d0%bb%d1%8b%d0%b6%d0%b8-connelly-dv8-versatail-2021\\\/\",\"name\":\"\u0412\u043e\u0434\u043d\u044b\u0435 \u043b\u044b\u0436\u0438 CONNELLY DV8 VERSATAIL #2021 - WATERSKIS.LV\",\"isPartOf\":{\"@id\":\"https:\\\/\\\/www.waterskis.lv\\\/ru\\\/#website\"},\"primaryImageOfPage\":{\"@id\":\"https:\\\/\\\/www.waterskis.lv\\\/ru\\\/product\\\/%d0%b2%d0%be%d0%b4%d0%bd%d1%8b%d0%b5-%d0%bb%d1%8b%d0%b6%d0%b8-connelly-dv8-versatail-2021\\\/#primaryimage\"},\"image\":{\"@id\":\"https:\\\/\\\/www.waterskis.lv\\\/ru\\\/product\\\/%d0%b2%d0%be%d0%b4%d0%bd%d1%8b%d0%b5-%d0%bb%d1%8b%d0%b6%d0%b8-connelly-dv8-versatail-2021\\\/#primaryimage\"},\"thumbnailUrl\":\"https:\\\/\\\/www.waterskis.lv\\\/wp-content\\\/uploads\\\/2021\\\/07\\\/DV8.jpeg\",\"datePublished\":\"2022-12-29T06:23:12+00:00\",\"dateModified\":\"2026-01-28T13:29:02+00:00\",\"description\":\"\u0412\u043e\u0434\u043d\u044b\u0435 \u043b\u044b\u0436\u0438 CONNELLY DV8 VERSATAIL #2021 \u043f\u043e\u0441\u0442\u0440\u043e\u0435\u043d\u044b \u0438\u0437 \u0442\u0435\u0445 \u0436\u0435 \u0431\u043b\u043e\u043a\u043e\u0432, \u0447\u0442\u043e \u0438 \u0434\u0440\u0443\u0433\u0438\u0435 \u043d\u0430\u0448\u0438 \u0432\u044b\u0441\u043e\u043a\u043e\u043a\u0430\u0447\u0435\u0441\u0442\u0432\u0435\u043d\u043d\u044b\u0435 \u0441\u043b\u0430\u043b\u043e\u043c\u043d\u044b\u0435 \u043b\u044b\u0436\u0438 GT-R, GT, Prophecy \u0438 \u0442.\u00a0\u0434..\",\"breadcrumb\":{\"@id\":\"https:\\\/\\\/www.waterskis.lv\\\/ru\\\/product\\\/%d0%b2%d0%be%d0%b4%d0%bd%d1%8b%d0%b5-%d0%bb%d1%8b%d0%b6%d0%b8-connelly-dv8-versatail-2021\\\/#breadcrumb\"},\"inLanguage\":\"ru-RU\",\"potentialAction\":[{\"@type\":\"ReadAction\",\"target\":[\"https:\\\/\\\/www.waterskis.lv\\\/ru\\\/product\\\/%d0%b2%d0%be%d0%b4%d0%bd%d1%8b%d0%b5-%d0%bb%d1%8b%d0%b6%d0%b8-connelly-dv8-versatail-2021\\\/\"]}]},{\"@type\":\"ImageObject\",\"inLanguage\":\"ru-RU\",\"@id\":\"https:\\\/\\\/www.waterskis.lv\\\/ru\\\/product\\\/%d0%b2%d0%be%d0%b4%d0%bd%d1%8b%d0%b5-%d0%bb%d1%8b%d0%b6%d0%b8-connelly-dv8-versatail-2021\\\/#primaryimage\",\"url\":\"https:\\\/\\\/www.waterskis.lv\\\/wp-content\\\/uploads\\\/2021\\\/07\\\/DV8.jpeg\",\"contentUrl\":\"https:\\\/\\\/www.waterskis.lv\\\/wp-content\\\/uploads\\\/2021\\\/07\\\/DV8.jpeg\",\"width\":600,\"height\":600,\"caption\":\"\u016adenssl\u0113pe CONNELLY DV8\"},{\"@type\":\"BreadcrumbList\",\"@id\":\"https:\\\/\\\/www.waterskis.lv\\\/ru\\\/product\\\/%d0%b2%d0%be%d0%b4%d0%bd%d1%8b%d0%b5-%d0%bb%d1%8b%d0%b6%d0%b8-connelly-dv8-versatail-2021\\\/#breadcrumb\",\"itemListElement\":[{\"@type\":\"ListItem\",\"position\":1,\"name\":\"Home\",\"item\":\"https:\\\/\\\/www.waterskis.lv\\\/ru\\\/\"},{\"@type\":\"ListItem\",\"position\":2,\"name\":\"\u041c\u0430\u0433\u0430\u0437\u0438\u043d\",\"item\":\"https:\\\/\\\/www.waterskis.lv\\\/ru\\\/%d0%bc%d0%b0%d0%b3%d0%b0%d0%b7%d0%b8%d0%bd\\\/\"},{\"@type\":\"ListItem\",\"position\":3,\"name\":\"\u0412\u043e\u0434\u043d\u044b\u0435 \u043b\u044b\u0436\u0438 CONNELLY DV8 VERSATAIL #2021\"}]},{\"@type\":\"WebSite\",\"@id\":\"https:\\\/\\\/www.waterskis.lv\\\/ru\\\/#website\",\"url\":\"https:\\\/\\\/www.waterskis.lv\\\/ru\\\/\",\"name\":\"WATERSKIS.LV\",\"description\":\"SUP d\u0113\u013ci, kajaki, kanoe, airu laivas, \u016bdenssl\u0113po\u0161ana, veikbords, SUP d\u0113\u013cu noma, kajaku nomaakt\u012bv\u0101s atp\u016btas centrs, laivu noma, sup noma, kajaku noma\",\"publisher\":{\"@id\":\"https:\\\/\\\/www.waterskis.lv\\\/ru\\\/#organization\"},\"potentialAction\":[{\"@type\":\"SearchAction\",\"target\":{\"@type\":\"EntryPoint\",\"urlTemplate\":\"https:\\\/\\\/www.waterskis.lv\\\/ru\\\/?s={search_term_string}\"},\"query-input\":{\"@type\":\"PropertyValueSpecification\",\"valueRequired\":true,\"valueName\":\"search_term_string\"}}],\"inLanguage\":\"ru-RU\"},{\"@type\":\"Organization\",\"@id\":\"https:\\\/\\\/www.waterskis.lv\\\/ru\\\/#organization\",\"name\":\"WATERSKIS.LV\",\"url\":\"https:\\\/\\\/www.waterskis.lv\\\/ru\\\/\",\"logo\":{\"@type\":\"ImageObject\",\"inLanguage\":\"ru-RU\",\"@id\":\"https:\\\/\\\/www.waterskis.lv\\\/ru\\\/#\\\/schema\\\/logo\\\/image\\\/\",\"url\":\"https:\\\/\\\/www.waterskis.lv\\\/wp-content\\\/uploads\\\/2025\\\/01\\\/JUVP-logo.png\",\"contentUrl\":\"https:\\\/\\\/www.waterskis.lv\\\/wp-content\\\/uploads\\\/2025\\\/01\\\/JUVP-logo.png\",\"width\":421,\"height\":202,\"caption\":\"WATERSKIS.LV\"},\"image\":{\"@id\":\"https:\\\/\\\/www.waterskis.lv\\\/ru\\\/#\\\/schema\\\/logo\\\/image\\\/\"},\"sameAs\":[\"https:\\\/\\\/www.facebook.com\\\/jurmalawaterskiwakeboardpark\\\/\"]}]}<\/script>\n<!-- \/ Yoast SEO plugin. -->","yoast_head_json":{"title":"\u0412\u043e\u0434\u043d\u044b\u0435 \u043b\u044b\u0436\u0438 CONNELLY DV8 VERSATAIL #2021 - WATERSKIS.LV","description":"\u0412\u043e\u0434\u043d\u044b\u0435 \u043b\u044b\u0436\u0438 CONNELLY DV8 VERSATAIL #2021 \u043f\u043e\u0441\u0442\u0440\u043e\u0435\u043d\u044b \u0438\u0437 \u0442\u0435\u0445 \u0436\u0435 \u0431\u043b\u043e\u043a\u043e\u0432, \u0447\u0442\u043e \u0438 \u0434\u0440\u0443\u0433\u0438\u0435 \u043d\u0430\u0448\u0438 \u0432\u044b\u0441\u043e\u043a\u043e\u043a\u0430\u0447\u0435\u0441\u0442\u0432\u0435\u043d\u043d\u044b\u0435 \u0441\u043b\u0430\u043b\u043e\u043c\u043d\u044b\u0435 \u043b\u044b\u0436\u0438 GT-R, GT, Prophecy \u0438 \u0442.\u00a0\u0434..","robots":{"index":"index","follow":"follow","max-snippet":"max-snippet:-1","max-image-preview":"max-image-preview:large","max-video-preview":"max-video-preview:-1"},"canonical":"https:\/\/www.waterskis.lv\/ru\/product\/%d0%b2%d0%be%d0%b4%d0%bd%d1%8b%d0%b5-%d0%bb%d1%8b%d0%b6%d0%b8-connelly-dv8-versatail-2021\/","og_locale":"ru_RU","og_type":"article","og_title":"\u0412\u043e\u0434\u043d\u044b\u0435 \u043b\u044b\u0436\u0438 CONNELLY DV8 VERSATAIL #2021 - WATERSKIS.LV","og_description":"\u0412\u043e\u0434\u043d\u044b\u0435 \u043b\u044b\u0436\u0438 CONNELLY DV8 VERSATAIL #2021 \u043f\u043e\u0441\u0442\u0440\u043e\u0435\u043d\u044b \u0438\u0437 \u0442\u0435\u0445 \u0436\u0435 \u0431\u043b\u043e\u043a\u043e\u0432, \u0447\u0442\u043e \u0438 \u0434\u0440\u0443\u0433\u0438\u0435 \u043d\u0430\u0448\u0438 \u0432\u044b\u0441\u043e\u043a\u043e\u043a\u0430\u0447\u0435\u0441\u0442\u0432\u0435\u043d\u043d\u044b\u0435 \u0441\u043b\u0430\u043b\u043e\u043c\u043d\u044b\u0435 \u043b\u044b\u0436\u0438 GT-R, GT, Prophecy \u0438 \u0442.\u00a0\u0434..","og_url":"https:\/\/www.waterskis.lv\/ru\/product\/%d0%b2%d0%be%d0%b4%d0%bd%d1%8b%d0%b5-%d0%bb%d1%8b%d0%b6%d0%b8-connelly-dv8-versatail-2021\/","og_site_name":"WATERSKIS.LV","article_publisher":"https:\/\/www.facebook.com\/jurmalawaterskiwakeboardpark\/","article_modified_time":"2026-01-28T13:29:02+00:00","og_image":[{"width":600,"height":600,"url":"https:\/\/www.waterskis.lv\/wp-content\/uploads\/2021\/07\/DV8.jpeg","type":"image\/jpeg"}],"twitter_card":"summary_large_image","twitter_misc":{"\u041f\u0440\u0438\u043c\u0435\u0440\u043d\u043e\u0435 \u0432\u0440\u0435\u043c\u044f \u0434\u043b\u044f \u0447\u0442\u0435\u043d\u0438\u044f":"4 \u043c\u0438\u043d\u0443\u0442\u044b"},"schema":{"@context":"https:\/\/schema.org","@graph":[{"@type":"WebPage","@id":"https:\/\/www.waterskis.lv\/ru\/product\/%d0%b2%d0%be%d0%b4%d0%bd%d1%8b%d0%b5-%d0%bb%d1%8b%d0%b6%d0%b8-connelly-dv8-versatail-2021\/","url":"https:\/\/www.waterskis.lv\/ru\/product\/%d0%b2%d0%be%d0%b4%d0%bd%d1%8b%d0%b5-%d0%bb%d1%8b%d0%b6%d0%b8-connelly-dv8-versatail-2021\/","name":"\u0412\u043e\u0434\u043d\u044b\u0435 \u043b\u044b\u0436\u0438 CONNELLY DV8 VERSATAIL #2021 - WATERSKIS.LV","isPartOf":{"@id":"https:\/\/www.waterskis.lv\/ru\/#website"},"primaryImageOfPage":{"@id":"https:\/\/www.waterskis.lv\/ru\/product\/%d0%b2%d0%be%d0%b4%d0%bd%d1%8b%d0%b5-%d0%bb%d1%8b%d0%b6%d0%b8-connelly-dv8-versatail-2021\/#primaryimage"},"image":{"@id":"https:\/\/www.waterskis.lv\/ru\/product\/%d0%b2%d0%be%d0%b4%d0%bd%d1%8b%d0%b5-%d0%bb%d1%8b%d0%b6%d0%b8-connelly-dv8-versatail-2021\/#primaryimage"},"thumbnailUrl":"https:\/\/www.waterskis.lv\/wp-content\/uploads\/2021\/07\/DV8.jpeg","datePublished":"2022-12-29T06:23:12+00:00","dateModified":"2026-01-28T13:29:02+00:00","description":"\u0412\u043e\u0434\u043d\u044b\u0435 \u043b\u044b\u0436\u0438 CONNELLY DV8 VERSATAIL #2021 \u043f\u043e\u0441\u0442\u0440\u043e\u0435\u043d\u044b \u0438\u0437 \u0442\u0435\u0445 \u0436\u0435 \u0431\u043b\u043e\u043a\u043e\u0432, \u0447\u0442\u043e \u0438 \u0434\u0440\u0443\u0433\u0438\u0435 \u043d\u0430\u0448\u0438 \u0432\u044b\u0441\u043e\u043a\u043e\u043a\u0430\u0447\u0435\u0441\u0442\u0432\u0435\u043d\u043d\u044b\u0435 \u0441\u043b\u0430\u043b\u043e\u043c\u043d\u044b\u0435 \u043b\u044b\u0436\u0438 GT-R, GT, Prophecy \u0438 \u0442.\u00a0\u0434..","breadcrumb":{"@id":"https:\/\/www.waterskis.lv\/ru\/product\/%d0%b2%d0%be%d0%b4%d0%bd%d1%8b%d0%b5-%d0%bb%d1%8b%d0%b6%d0%b8-connelly-dv8-versatail-2021\/#breadcrumb"},"inLanguage":"ru-RU","potentialAction":[{"@type":"ReadAction","target":["https:\/\/www.waterskis.lv\/ru\/product\/%d0%b2%d0%be%d0%b4%d0%bd%d1%8b%d0%b5-%d0%bb%d1%8b%d0%b6%d0%b8-connelly-dv8-versatail-2021\/"]}]},{"@type":"ImageObject","inLanguage":"ru-RU","@id":"https:\/\/www.waterskis.lv\/ru\/product\/%d0%b2%d0%be%d0%b4%d0%bd%d1%8b%d0%b5-%d0%bb%d1%8b%d0%b6%d0%b8-connelly-dv8-versatail-2021\/#primaryimage","url":"https:\/\/www.waterskis.lv\/wp-content\/uploads\/2021\/07\/DV8.jpeg","contentUrl":"https:\/\/www.waterskis.lv\/wp-content\/uploads\/2021\/07\/DV8.jpeg","width":600,"height":600,"caption":"\u016adenssl\u0113pe CONNELLY DV8"},{"@type":"BreadcrumbList","@id":"https:\/\/www.waterskis.lv\/ru\/product\/%d0%b2%d0%be%d0%b4%d0%bd%d1%8b%d0%b5-%d0%bb%d1%8b%d0%b6%d0%b8-connelly-dv8-versatail-2021\/#breadcrumb","itemListElement":[{"@type":"ListItem","position":1,"name":"Home","item":"https:\/\/www.waterskis.lv\/ru\/"},{"@type":"ListItem","position":2,"name":"\u041c\u0430\u0433\u0430\u0437\u0438\u043d","item":"https:\/\/www.waterskis.lv\/ru\/%d0%bc%d0%b0%d0%b3%d0%b0%d0%b7%d0%b8%d0%bd\/"},{"@type":"ListItem","position":3,"name":"\u0412\u043e\u0434\u043d\u044b\u0435 \u043b\u044b\u0436\u0438 CONNELLY DV8 VERSATAIL #2021"}]},{"@type":"WebSite","@id":"https:\/\/www.waterskis.lv\/ru\/#website","url":"https:\/\/www.waterskis.lv\/ru\/","name":"WATERSKIS.LV","description":"SUP d\u0113\u013ci, kajaki, kanoe, airu laivas, \u016bdenssl\u0113po\u0161ana, veikbords, SUP d\u0113\u013cu noma, kajaku nomaakt\u012bv\u0101s atp\u016btas centrs, laivu noma, sup noma, kajaku noma","publisher":{"@id":"https:\/\/www.waterskis.lv\/ru\/#organization"},"potentialAction":[{"@type":"SearchAction","target":{"@type":"EntryPoint","urlTemplate":"https:\/\/www.waterskis.lv\/ru\/?s={search_term_string}"},"query-input":{"@type":"PropertyValueSpecification","valueRequired":true,"valueName":"search_term_string"}}],"inLanguage":"ru-RU"},{"@type":"Organization","@id":"https:\/\/www.waterskis.lv\/ru\/#organization","name":"WATERSKIS.LV","url":"https:\/\/www.waterskis.lv\/ru\/","logo":{"@type":"ImageObject","inLanguage":"ru-RU","@id":"https:\/\/www.waterskis.lv\/ru\/#\/schema\/logo\/image\/","url":"https:\/\/www.waterskis.lv\/wp-content\/uploads\/2025\/01\/JUVP-logo.png","contentUrl":"https:\/\/www.waterskis.lv\/wp-content\/uploads\/2025\/01\/JUVP-logo.png","width":421,"height":202,"caption":"WATERSKIS.LV"},"image":{"@id":"https:\/\/www.waterskis.lv\/ru\/#\/schema\/logo\/image\/"},"sameAs":["https:\/\/www.facebook.com\/jurmalawaterskiwakeboardpark\/"]}]}},"_links":{"self":[{"href":"https:\/\/www.waterskis.lv\/ru\/wp-json\/wp\/v2\/product\/50356","targetHints":{"allow":["GET"]}}],"collection":[{"href":"https:\/\/www.waterskis.lv\/ru\/wp-json\/wp\/v2\/product"}],"about":[{"href":"https:\/\/www.waterskis.lv\/ru\/wp-json\/wp\/v2\/types\/product"}],"replies":[{"embeddable":true,"href":"https:\/\/www.waterskis.lv\/ru\/wp-json\/wp\/v2\/comments?post=50356"}],"wp:featuredmedia":[{"embeddable":true,"href":"https:\/\/www.waterskis.lv\/ru\/wp-json\/wp\/v2\/media\/29501"}],"wp:attachment":[{"href":"https:\/\/www.waterskis.lv\/ru\/wp-json\/wp\/v2\/media?parent=50356"}],"wp:term":[{"taxonomy":"product_brand","embeddable":true,"href":"https:\/\/www.waterskis.lv\/ru\/wp-json\/wp\/v2\/product_brand?post=50356"},{"taxonomy":"product_cat","embeddable":true,"href":"https:\/\/www.waterskis.lv\/ru\/wp-json\/wp\/v2\/product_cat?post=50356"},{"taxonomy":"product_tag","embeddable":true,"href":"https:\/\/www.waterskis.lv\/ru\/wp-json\/wp\/v2\/product_tag?post=50356"}],"curies":[{"name":"wp","href":"https:\/\/api.w.org\/{rel}","templated":true}]}}