{"id":50429,"date":"2022-12-30T15:42:51","date_gmt":"2022-12-30T12:42:51","guid":{"rendered":"https:\/\/www.waterskis.lv\/product\/udenssleposanas-rokturis-ar-virvi-follow-origins-pro-13\/"},"modified":"2023-01-21T10:12:10","modified_gmt":"2023-01-21T07:12:10","slug":"%d1%84%d0%b0%d0%bb-%d0%b8-%d1%80%d1%83%d0%ba%d0%be%d1%8f%d1%82%d0%ba%d0%b0-%d0%b4%d0%bb%d1%8f-%d0%b2%d0%be%d0%b4%d0%bd%d1%8b%d1%85-%d0%bb%d1%8b%d0%b6-follow-origins-pro-13","status":"publish","type":"product","link":"https:\/\/www.waterskis.lv\/ru\/product\/%d1%84%d0%b0%d0%bb-%d0%b8-%d1%80%d1%83%d0%ba%d0%be%d1%8f%d1%82%d0%ba%d0%b0-%d0%b4%d0%bb%d1%8f-%d0%b2%d0%be%d0%b4%d0%bd%d1%8b%d1%85-%d0%bb%d1%8b%d0%b6-follow-origins-pro-13\/","title":{"rendered":"\u0424\u0430\u043b \u0438 \u0440\u0443\u043a\u043e\u044f\u0442\u043a\u0430 \u0434\u043b\u044f \u0432\u043e\u0434\u043d\u044b\u0445 \u043b\u044b\u0436 FOLLOW ORIGIN(S) PRO 13&#8243;"},"content":{"rendered":"<h1>\u0424\u0430\u043b \u0438 \u0440\u0443\u043a\u043e\u044f\u0442\u043a\u0430 \u0434\u043b\u044f \u0432\u043e\u0434\u043d\u044b\u0445 \u043b\u044b\u0436 FOLLOW ORIGIN(S) PRO 13&#8243;<\/h1>\n<p>\u0424\u0430\u043b \u0438 \u0440\u0443\u043a\u043e\u044f\u0442\u043a\u0430 \u0434\u043b\u044f \u0432\u043e\u0434\u043d\u044b\u0445 \u043b\u044b\u0436 FOLLOW ORIGIN(S) PRO 13&#8243;<\/p>\n<h4><strong>Buy Your 2023 Follow Origins Pro Rope Waterski Package now @ waterskis.lv, Your Online Pro Wakeboard Store.<\/strong><\/h4>\n<p>We started in ropes and handles all those years ago and now we bring our expertise to the slalom course. High-grade rubber grip. A new player to an old sport. Clear line protectors to watch if the damage is occurring. Built directly by working with the team, we have refined this to be one of the best. The good news is that this is only the start.<\/p>\n<h4><strong># Follow Origins Pro Rope Waterski Package Construction Features<\/strong><\/h4>\n<ul>\n<li>Low Stretch<\/li>\n<li>IWWF Compliant<\/li>\n<li>Knotless Mainline<\/li>\n<\/ul>\n<h4><strong># Follow Origins Pro Rope Waterski Package Sizing<\/strong><\/h4>\n<ul>\n<li>13&#8243; Handle Length<\/li>\n<li>0.949&#8243;, 1.030&#8243;, 1.125&#8243;\u00a0 Handle Thickness<\/li>\n<\/ul>\n","protected":false},"excerpt":{"rendered":"<ul>\n<li>Low Stretch<\/li>\n<li>IWWF Compliant<\/li>\n<li>Knotless Mainline<\/li>\n<li>13&#8243; Handle Length<\/li>\n<li>0.949&#8243;, 1.030&#8243; , 1.125&#8243;\u00a0 Handle Thickness<\/li>\n<\/ul>\n<p> [&#8230;]<\/p>\n<p><a class=\"btn btn-secondary understrap-read-more-link\" href=\"https:\/\/www.waterskis.lv\/ru\/product\/%d1%84%d0%b0%d0%bb-%d0%b8-%d1%80%d1%83%d0%ba%d0%be%d1%8f%d1%82%d0%ba%d0%b0-%d0%b4%d0%bb%d1%8f-%d0%b2%d0%be%d0%b4%d0%bd%d1%8b%d1%85-%d0%bb%d1%8b%d0%b6-follow-origins-pro-13\/\">\u0427\u0438\u0442\u0430\u0442\u044c \u0434\u0430\u043b\u044c\u0448\u0435\u2026<\/a><\/p>\n","protected":false},"featured_media":50427,"comment_status":"closed","ping_status":"closed","template":"","meta":{"_acf_changed":false,"inline_featured_image":false},"product_brand":[],"product_cat":[556,362,1013],"product_tag":[3019],"class_list":{"0":"post-50429","1":"product","2":"type-product","3":"status-publish","4":"has-post-thumbnail","6":"product_cat-b-","7":"product_cat-c","8":"product_cat-1013","9":"product_tag-3019","11":"first","12":"instock","13":"sale","14":"shipping-taxable","15":"purchasable","16":"product-type-simple"},"acf":[],"yoast_head":"<!-- This site is optimized with the Yoast SEO plugin v27.4 - https:\/\/yoast.com\/product\/yoast-seo-wordpress\/ -->\n<title>\u0424\u0430\u043b \u0438 \u0440\u0443\u043a\u043e\u044f\u0442\u043a\u0430 \u0434\u043b\u044f \u0432\u043e\u0434\u043d\u044b\u0445 \u043b\u044b\u0436 FOLLOW ORIGIN(S) PRO 13&quot; - WATERSKIS.LV<\/title>\n<meta name=\"description\" content=\"\u0424\u0430\u043b \u0438 \u0440\u0443\u043a\u043e\u044f\u0442\u043a\u0430 \u0434\u043b\u044f \u0432\u043e\u0434\u043d\u044b\u0445 \u043b\u044b\u0436 FOLLOW ORIGIN(S) PRO 13&quot; ra\u017eots tie\u0161i, sadarbojoties ar sporta komandu. Rokturim pieejami 2 garumi un 3 diametri\" \/>\n<meta name=\"robots\" content=\"index, follow, max-snippet:-1, max-image-preview:large, max-video-preview:-1\" \/>\n<link rel=\"canonical\" href=\"https:\/\/www.waterskis.lv\/ru\/product\/%d1%84%d0%b0%d0%bb-%d0%b8-%d1%80%d1%83%d0%ba%d0%be%d1%8f%d1%82%d0%ba%d0%b0-%d0%b4%d0%bb%d1%8f-%d0%b2%d0%be%d0%b4%d0%bd%d1%8b%d1%85-%d0%bb%d1%8b%d0%b6-follow-origins-pro-13\/\" \/>\n<meta property=\"og:locale\" content=\"ru_RU\" \/>\n<meta property=\"og:type\" content=\"article\" \/>\n<meta property=\"og:title\" content=\"\u0424\u0430\u043b \u0438 \u0440\u0443\u043a\u043e\u044f\u0442\u043a\u0430 \u0434\u043b\u044f \u0432\u043e\u0434\u043d\u044b\u0445 \u043b\u044b\u0436 FOLLOW ORIGIN(S) PRO 13&quot; - WATERSKIS.LV\" \/>\n<meta property=\"og:description\" content=\"\u0424\u0430\u043b \u0438 \u0440\u0443\u043a\u043e\u044f\u0442\u043a\u0430 \u0434\u043b\u044f \u0432\u043e\u0434\u043d\u044b\u0445 \u043b\u044b\u0436 FOLLOW ORIGIN(S) PRO 13&quot; ra\u017eots tie\u0161i, sadarbojoties ar sporta komandu. Rokturim pieejami 2 garumi un 3 diametri\" \/>\n<meta property=\"og:url\" content=\"https:\/\/www.waterskis.lv\/ru\/product\/%d1%84%d0%b0%d0%bb-%d0%b8-%d1%80%d1%83%d0%ba%d0%be%d1%8f%d1%82%d0%ba%d0%b0-%d0%b4%d0%bb%d1%8f-%d0%b2%d0%be%d0%b4%d0%bd%d1%8b%d1%85-%d0%bb%d1%8b%d0%b6-follow-origins-pro-13\/\" \/>\n<meta property=\"og:site_name\" content=\"WATERSKIS.LV\" \/>\n<meta property=\"article:publisher\" content=\"https:\/\/www.facebook.com\/jurmalawaterskiwakeboardpark\/\" \/>\n<meta property=\"article:modified_time\" content=\"2023-01-21T07:12:10+00:00\" \/>\n<meta property=\"og:image\" content=\"https:\/\/waterskis.lv\/wp-content\/uploads\/2022\/12\/Origins_pro_handle_ly_main.jpg\" \/>\n\t<meta property=\"og:image:width\" content=\"1200\" \/>\n\t<meta property=\"og:image:height\" content=\"1200\" \/>\n\t<meta property=\"og:image:type\" content=\"image\/jpeg\" \/>\n<meta name=\"twitter:card\" content=\"summary_large_image\" \/>\n<meta name=\"twitter:label1\" content=\"\u041f\u0440\u0438\u043c\u0435\u0440\u043d\u043e\u0435 \u0432\u0440\u0435\u043c\u044f \u0434\u043b\u044f \u0447\u0442\u0435\u043d\u0438\u044f\" \/>\n\t<meta name=\"twitter:data1\" content=\"1 \u043c\u0438\u043d\u0443\u0442\u0430\" \/>\n<script type=\"application\/ld+json\" class=\"yoast-schema-graph\">{\"@context\":\"https:\\\/\\\/schema.org\",\"@graph\":[{\"@type\":\"WebPage\",\"@id\":\"https:\\\/\\\/www.waterskis.lv\\\/ru\\\/product\\\/%d1%84%d0%b0%d0%bb-%d0%b8-%d1%80%d1%83%d0%ba%d0%be%d1%8f%d1%82%d0%ba%d0%b0-%d0%b4%d0%bb%d1%8f-%d0%b2%d0%be%d0%b4%d0%bd%d1%8b%d1%85-%d0%bb%d1%8b%d0%b6-follow-origins-pro-13\\\/\",\"url\":\"https:\\\/\\\/www.waterskis.lv\\\/ru\\\/product\\\/%d1%84%d0%b0%d0%bb-%d0%b8-%d1%80%d1%83%d0%ba%d0%be%d1%8f%d1%82%d0%ba%d0%b0-%d0%b4%d0%bb%d1%8f-%d0%b2%d0%be%d0%b4%d0%bd%d1%8b%d1%85-%d0%bb%d1%8b%d0%b6-follow-origins-pro-13\\\/\",\"name\":\"\u0424\u0430\u043b \u0438 \u0440\u0443\u043a\u043e\u044f\u0442\u043a\u0430 \u0434\u043b\u044f \u0432\u043e\u0434\u043d\u044b\u0445 \u043b\u044b\u0436 FOLLOW ORIGIN(S) PRO 13\\\" - WATERSKIS.LV\",\"isPartOf\":{\"@id\":\"https:\\\/\\\/www.waterskis.lv\\\/ru\\\/#website\"},\"primaryImageOfPage\":{\"@id\":\"https:\\\/\\\/www.waterskis.lv\\\/ru\\\/product\\\/%d1%84%d0%b0%d0%bb-%d0%b8-%d1%80%d1%83%d0%ba%d0%be%d1%8f%d1%82%d0%ba%d0%b0-%d0%b4%d0%bb%d1%8f-%d0%b2%d0%be%d0%b4%d0%bd%d1%8b%d1%85-%d0%bb%d1%8b%d0%b6-follow-origins-pro-13\\\/#primaryimage\"},\"image\":{\"@id\":\"https:\\\/\\\/www.waterskis.lv\\\/ru\\\/product\\\/%d1%84%d0%b0%d0%bb-%d0%b8-%d1%80%d1%83%d0%ba%d0%be%d1%8f%d1%82%d0%ba%d0%b0-%d0%b4%d0%bb%d1%8f-%d0%b2%d0%be%d0%b4%d0%bd%d1%8b%d1%85-%d0%bb%d1%8b%d0%b6-follow-origins-pro-13\\\/#primaryimage\"},\"thumbnailUrl\":\"https:\\\/\\\/www.waterskis.lv\\\/wp-content\\\/uploads\\\/2022\\\/12\\\/Origins_pro_handle_ly_main.jpg\",\"datePublished\":\"2022-12-30T12:42:51+00:00\",\"dateModified\":\"2023-01-21T07:12:10+00:00\",\"description\":\"\u0424\u0430\u043b \u0438 \u0440\u0443\u043a\u043e\u044f\u0442\u043a\u0430 \u0434\u043b\u044f \u0432\u043e\u0434\u043d\u044b\u0445 \u043b\u044b\u0436 FOLLOW ORIGIN(S) PRO 13\\\" ra\u017eots tie\u0161i, sadarbojoties ar sporta komandu. Rokturim pieejami 2 garumi un 3 diametri\",\"breadcrumb\":{\"@id\":\"https:\\\/\\\/www.waterskis.lv\\\/ru\\\/product\\\/%d1%84%d0%b0%d0%bb-%d0%b8-%d1%80%d1%83%d0%ba%d0%be%d1%8f%d1%82%d0%ba%d0%b0-%d0%b4%d0%bb%d1%8f-%d0%b2%d0%be%d0%b4%d0%bd%d1%8b%d1%85-%d0%bb%d1%8b%d0%b6-follow-origins-pro-13\\\/#breadcrumb\"},\"inLanguage\":\"ru-RU\",\"potentialAction\":[{\"@type\":\"ReadAction\",\"target\":[\"https:\\\/\\\/www.waterskis.lv\\\/ru\\\/product\\\/%d1%84%d0%b0%d0%bb-%d0%b8-%d1%80%d1%83%d0%ba%d0%be%d1%8f%d1%82%d0%ba%d0%b0-%d0%b4%d0%bb%d1%8f-%d0%b2%d0%be%d0%b4%d0%bd%d1%8b%d1%85-%d0%bb%d1%8b%d0%b6-follow-origins-pro-13\\\/\"]}]},{\"@type\":\"ImageObject\",\"inLanguage\":\"ru-RU\",\"@id\":\"https:\\\/\\\/www.waterskis.lv\\\/ru\\\/product\\\/%d1%84%d0%b0%d0%bb-%d0%b8-%d1%80%d1%83%d0%ba%d0%be%d1%8f%d1%82%d0%ba%d0%b0-%d0%b4%d0%bb%d1%8f-%d0%b2%d0%be%d0%b4%d0%bd%d1%8b%d1%85-%d0%bb%d1%8b%d0%b6-follow-origins-pro-13\\\/#primaryimage\",\"url\":\"https:\\\/\\\/www.waterskis.lv\\\/wp-content\\\/uploads\\\/2022\\\/12\\\/Origins_pro_handle_ly_main.jpg\",\"contentUrl\":\"https:\\\/\\\/www.waterskis.lv\\\/wp-content\\\/uploads\\\/2022\\\/12\\\/Origins_pro_handle_ly_main.jpg\",\"width\":1200,\"height\":1200,\"caption\":\"\u016adenssl\u0113po\u0161anas rokturis ar virvi FOLLOW ORIGIN(S) PRO 13\\\"\"},{\"@type\":\"BreadcrumbList\",\"@id\":\"https:\\\/\\\/www.waterskis.lv\\\/ru\\\/product\\\/%d1%84%d0%b0%d0%bb-%d0%b8-%d1%80%d1%83%d0%ba%d0%be%d1%8f%d1%82%d0%ba%d0%b0-%d0%b4%d0%bb%d1%8f-%d0%b2%d0%be%d0%b4%d0%bd%d1%8b%d1%85-%d0%bb%d1%8b%d0%b6-follow-origins-pro-13\\\/#breadcrumb\",\"itemListElement\":[{\"@type\":\"ListItem\",\"position\":1,\"name\":\"Home\",\"item\":\"https:\\\/\\\/www.waterskis.lv\\\/ru\\\/\"},{\"@type\":\"ListItem\",\"position\":2,\"name\":\"\u041c\u0430\u0433\u0430\u0437\u0438\u043d\",\"item\":\"https:\\\/\\\/www.waterskis.lv\\\/ru\\\/%d0%bc%d0%b0%d0%b3%d0%b0%d0%b7%d0%b8%d0%bd\\\/\"},{\"@type\":\"ListItem\",\"position\":3,\"name\":\"\u0424\u0430\u043b \u0438 \u0440\u0443\u043a\u043e\u044f\u0442\u043a\u0430 \u0434\u043b\u044f \u0432\u043e\u0434\u043d\u044b\u0445 \u043b\u044b\u0436 FOLLOW ORIGIN(S) PRO 13&#8243;\"}]},{\"@type\":\"WebSite\",\"@id\":\"https:\\\/\\\/www.waterskis.lv\\\/ru\\\/#website\",\"url\":\"https:\\\/\\\/www.waterskis.lv\\\/ru\\\/\",\"name\":\"WATERSKIS.LV\",\"description\":\"SUP d\u0113\u013ci, kajaki, kanoe, airu laivas, \u016bdenssl\u0113po\u0161ana, veikbords, SUP d\u0113\u013cu noma, kajaku nomaakt\u012bv\u0101s atp\u016btas centrs, laivu noma, sup noma, kajaku noma\",\"publisher\":{\"@id\":\"https:\\\/\\\/www.waterskis.lv\\\/ru\\\/#organization\"},\"potentialAction\":[{\"@type\":\"SearchAction\",\"target\":{\"@type\":\"EntryPoint\",\"urlTemplate\":\"https:\\\/\\\/www.waterskis.lv\\\/ru\\\/?s={search_term_string}\"},\"query-input\":{\"@type\":\"PropertyValueSpecification\",\"valueRequired\":true,\"valueName\":\"search_term_string\"}}],\"inLanguage\":\"ru-RU\"},{\"@type\":\"Organization\",\"@id\":\"https:\\\/\\\/www.waterskis.lv\\\/ru\\\/#organization\",\"name\":\"WATERSKIS.LV\",\"url\":\"https:\\\/\\\/www.waterskis.lv\\\/ru\\\/\",\"logo\":{\"@type\":\"ImageObject\",\"inLanguage\":\"ru-RU\",\"@id\":\"https:\\\/\\\/www.waterskis.lv\\\/ru\\\/#\\\/schema\\\/logo\\\/image\\\/\",\"url\":\"https:\\\/\\\/www.waterskis.lv\\\/wp-content\\\/uploads\\\/2025\\\/01\\\/JUVP-logo.png\",\"contentUrl\":\"https:\\\/\\\/www.waterskis.lv\\\/wp-content\\\/uploads\\\/2025\\\/01\\\/JUVP-logo.png\",\"width\":421,\"height\":202,\"caption\":\"WATERSKIS.LV\"},\"image\":{\"@id\":\"https:\\\/\\\/www.waterskis.lv\\\/ru\\\/#\\\/schema\\\/logo\\\/image\\\/\"},\"sameAs\":[\"https:\\\/\\\/www.facebook.com\\\/jurmalawaterskiwakeboardpark\\\/\"]}]}<\/script>\n<!-- \/ Yoast SEO plugin. -->","yoast_head_json":{"title":"\u0424\u0430\u043b \u0438 \u0440\u0443\u043a\u043e\u044f\u0442\u043a\u0430 \u0434\u043b\u044f \u0432\u043e\u0434\u043d\u044b\u0445 \u043b\u044b\u0436 FOLLOW ORIGIN(S) PRO 13\" - WATERSKIS.LV","description":"\u0424\u0430\u043b \u0438 \u0440\u0443\u043a\u043e\u044f\u0442\u043a\u0430 \u0434\u043b\u044f \u0432\u043e\u0434\u043d\u044b\u0445 \u043b\u044b\u0436 FOLLOW ORIGIN(S) PRO 13\" ra\u017eots tie\u0161i, sadarbojoties ar sporta komandu. Rokturim pieejami 2 garumi un 3 diametri","robots":{"index":"index","follow":"follow","max-snippet":"max-snippet:-1","max-image-preview":"max-image-preview:large","max-video-preview":"max-video-preview:-1"},"canonical":"https:\/\/www.waterskis.lv\/ru\/product\/%d1%84%d0%b0%d0%bb-%d0%b8-%d1%80%d1%83%d0%ba%d0%be%d1%8f%d1%82%d0%ba%d0%b0-%d0%b4%d0%bb%d1%8f-%d0%b2%d0%be%d0%b4%d0%bd%d1%8b%d1%85-%d0%bb%d1%8b%d0%b6-follow-origins-pro-13\/","og_locale":"ru_RU","og_type":"article","og_title":"\u0424\u0430\u043b \u0438 \u0440\u0443\u043a\u043e\u044f\u0442\u043a\u0430 \u0434\u043b\u044f \u0432\u043e\u0434\u043d\u044b\u0445 \u043b\u044b\u0436 FOLLOW ORIGIN(S) PRO 13\" - WATERSKIS.LV","og_description":"\u0424\u0430\u043b \u0438 \u0440\u0443\u043a\u043e\u044f\u0442\u043a\u0430 \u0434\u043b\u044f \u0432\u043e\u0434\u043d\u044b\u0445 \u043b\u044b\u0436 FOLLOW ORIGIN(S) PRO 13\" ra\u017eots tie\u0161i, sadarbojoties ar sporta komandu. Rokturim pieejami 2 garumi un 3 diametri","og_url":"https:\/\/www.waterskis.lv\/ru\/product\/%d1%84%d0%b0%d0%bb-%d0%b8-%d1%80%d1%83%d0%ba%d0%be%d1%8f%d1%82%d0%ba%d0%b0-%d0%b4%d0%bb%d1%8f-%d0%b2%d0%be%d0%b4%d0%bd%d1%8b%d1%85-%d0%bb%d1%8b%d0%b6-follow-origins-pro-13\/","og_site_name":"WATERSKIS.LV","article_publisher":"https:\/\/www.facebook.com\/jurmalawaterskiwakeboardpark\/","article_modified_time":"2023-01-21T07:12:10+00:00","og_image":[{"width":1200,"height":1200,"url":"https:\/\/waterskis.lv\/wp-content\/uploads\/2022\/12\/Origins_pro_handle_ly_main.jpg","type":"image\/jpeg"}],"twitter_card":"summary_large_image","twitter_misc":{"\u041f\u0440\u0438\u043c\u0435\u0440\u043d\u043e\u0435 \u0432\u0440\u0435\u043c\u044f \u0434\u043b\u044f \u0447\u0442\u0435\u043d\u0438\u044f":"1 \u043c\u0438\u043d\u0443\u0442\u0430"},"schema":{"@context":"https:\/\/schema.org","@graph":[{"@type":"WebPage","@id":"https:\/\/www.waterskis.lv\/ru\/product\/%d1%84%d0%b0%d0%bb-%d0%b8-%d1%80%d1%83%d0%ba%d0%be%d1%8f%d1%82%d0%ba%d0%b0-%d0%b4%d0%bb%d1%8f-%d0%b2%d0%be%d0%b4%d0%bd%d1%8b%d1%85-%d0%bb%d1%8b%d0%b6-follow-origins-pro-13\/","url":"https:\/\/www.waterskis.lv\/ru\/product\/%d1%84%d0%b0%d0%bb-%d0%b8-%d1%80%d1%83%d0%ba%d0%be%d1%8f%d1%82%d0%ba%d0%b0-%d0%b4%d0%bb%d1%8f-%d0%b2%d0%be%d0%b4%d0%bd%d1%8b%d1%85-%d0%bb%d1%8b%d0%b6-follow-origins-pro-13\/","name":"\u0424\u0430\u043b \u0438 \u0440\u0443\u043a\u043e\u044f\u0442\u043a\u0430 \u0434\u043b\u044f \u0432\u043e\u0434\u043d\u044b\u0445 \u043b\u044b\u0436 FOLLOW ORIGIN(S) PRO 13\" - WATERSKIS.LV","isPartOf":{"@id":"https:\/\/www.waterskis.lv\/ru\/#website"},"primaryImageOfPage":{"@id":"https:\/\/www.waterskis.lv\/ru\/product\/%d1%84%d0%b0%d0%bb-%d0%b8-%d1%80%d1%83%d0%ba%d0%be%d1%8f%d1%82%d0%ba%d0%b0-%d0%b4%d0%bb%d1%8f-%d0%b2%d0%be%d0%b4%d0%bd%d1%8b%d1%85-%d0%bb%d1%8b%d0%b6-follow-origins-pro-13\/#primaryimage"},"image":{"@id":"https:\/\/www.waterskis.lv\/ru\/product\/%d1%84%d0%b0%d0%bb-%d0%b8-%d1%80%d1%83%d0%ba%d0%be%d1%8f%d1%82%d0%ba%d0%b0-%d0%b4%d0%bb%d1%8f-%d0%b2%d0%be%d0%b4%d0%bd%d1%8b%d1%85-%d0%bb%d1%8b%d0%b6-follow-origins-pro-13\/#primaryimage"},"thumbnailUrl":"https:\/\/www.waterskis.lv\/wp-content\/uploads\/2022\/12\/Origins_pro_handle_ly_main.jpg","datePublished":"2022-12-30T12:42:51+00:00","dateModified":"2023-01-21T07:12:10+00:00","description":"\u0424\u0430\u043b \u0438 \u0440\u0443\u043a\u043e\u044f\u0442\u043a\u0430 \u0434\u043b\u044f \u0432\u043e\u0434\u043d\u044b\u0445 \u043b\u044b\u0436 FOLLOW ORIGIN(S) PRO 13\" ra\u017eots tie\u0161i, sadarbojoties ar sporta komandu. Rokturim pieejami 2 garumi un 3 diametri","breadcrumb":{"@id":"https:\/\/www.waterskis.lv\/ru\/product\/%d1%84%d0%b0%d0%bb-%d0%b8-%d1%80%d1%83%d0%ba%d0%be%d1%8f%d1%82%d0%ba%d0%b0-%d0%b4%d0%bb%d1%8f-%d0%b2%d0%be%d0%b4%d0%bd%d1%8b%d1%85-%d0%bb%d1%8b%d0%b6-follow-origins-pro-13\/#breadcrumb"},"inLanguage":"ru-RU","potentialAction":[{"@type":"ReadAction","target":["https:\/\/www.waterskis.lv\/ru\/product\/%d1%84%d0%b0%d0%bb-%d0%b8-%d1%80%d1%83%d0%ba%d0%be%d1%8f%d1%82%d0%ba%d0%b0-%d0%b4%d0%bb%d1%8f-%d0%b2%d0%be%d0%b4%d0%bd%d1%8b%d1%85-%d0%bb%d1%8b%d0%b6-follow-origins-pro-13\/"]}]},{"@type":"ImageObject","inLanguage":"ru-RU","@id":"https:\/\/www.waterskis.lv\/ru\/product\/%d1%84%d0%b0%d0%bb-%d0%b8-%d1%80%d1%83%d0%ba%d0%be%d1%8f%d1%82%d0%ba%d0%b0-%d0%b4%d0%bb%d1%8f-%d0%b2%d0%be%d0%b4%d0%bd%d1%8b%d1%85-%d0%bb%d1%8b%d0%b6-follow-origins-pro-13\/#primaryimage","url":"https:\/\/www.waterskis.lv\/wp-content\/uploads\/2022\/12\/Origins_pro_handle_ly_main.jpg","contentUrl":"https:\/\/www.waterskis.lv\/wp-content\/uploads\/2022\/12\/Origins_pro_handle_ly_main.jpg","width":1200,"height":1200,"caption":"\u016adenssl\u0113po\u0161anas rokturis ar virvi FOLLOW ORIGIN(S) PRO 13\""},{"@type":"BreadcrumbList","@id":"https:\/\/www.waterskis.lv\/ru\/product\/%d1%84%d0%b0%d0%bb-%d0%b8-%d1%80%d1%83%d0%ba%d0%be%d1%8f%d1%82%d0%ba%d0%b0-%d0%b4%d0%bb%d1%8f-%d0%b2%d0%be%d0%b4%d0%bd%d1%8b%d1%85-%d0%bb%d1%8b%d0%b6-follow-origins-pro-13\/#breadcrumb","itemListElement":[{"@type":"ListItem","position":1,"name":"Home","item":"https:\/\/www.waterskis.lv\/ru\/"},{"@type":"ListItem","position":2,"name":"\u041c\u0430\u0433\u0430\u0437\u0438\u043d","item":"https:\/\/www.waterskis.lv\/ru\/%d0%bc%d0%b0%d0%b3%d0%b0%d0%b7%d0%b8%d0%bd\/"},{"@type":"ListItem","position":3,"name":"\u0424\u0430\u043b \u0438 \u0440\u0443\u043a\u043e\u044f\u0442\u043a\u0430 \u0434\u043b\u044f \u0432\u043e\u0434\u043d\u044b\u0445 \u043b\u044b\u0436 FOLLOW ORIGIN(S) PRO 13&#8243;"}]},{"@type":"WebSite","@id":"https:\/\/www.waterskis.lv\/ru\/#website","url":"https:\/\/www.waterskis.lv\/ru\/","name":"WATERSKIS.LV","description":"SUP d\u0113\u013ci, kajaki, kanoe, airu laivas, \u016bdenssl\u0113po\u0161ana, veikbords, SUP d\u0113\u013cu noma, kajaku nomaakt\u012bv\u0101s atp\u016btas centrs, laivu noma, sup noma, kajaku noma","publisher":{"@id":"https:\/\/www.waterskis.lv\/ru\/#organization"},"potentialAction":[{"@type":"SearchAction","target":{"@type":"EntryPoint","urlTemplate":"https:\/\/www.waterskis.lv\/ru\/?s={search_term_string}"},"query-input":{"@type":"PropertyValueSpecification","valueRequired":true,"valueName":"search_term_string"}}],"inLanguage":"ru-RU"},{"@type":"Organization","@id":"https:\/\/www.waterskis.lv\/ru\/#organization","name":"WATERSKIS.LV","url":"https:\/\/www.waterskis.lv\/ru\/","logo":{"@type":"ImageObject","inLanguage":"ru-RU","@id":"https:\/\/www.waterskis.lv\/ru\/#\/schema\/logo\/image\/","url":"https:\/\/www.waterskis.lv\/wp-content\/uploads\/2025\/01\/JUVP-logo.png","contentUrl":"https:\/\/www.waterskis.lv\/wp-content\/uploads\/2025\/01\/JUVP-logo.png","width":421,"height":202,"caption":"WATERSKIS.LV"},"image":{"@id":"https:\/\/www.waterskis.lv\/ru\/#\/schema\/logo\/image\/"},"sameAs":["https:\/\/www.facebook.com\/jurmalawaterskiwakeboardpark\/"]}]}},"_links":{"self":[{"href":"https:\/\/www.waterskis.lv\/ru\/wp-json\/wp\/v2\/product\/50429","targetHints":{"allow":["GET"]}}],"collection":[{"href":"https:\/\/www.waterskis.lv\/ru\/wp-json\/wp\/v2\/product"}],"about":[{"href":"https:\/\/www.waterskis.lv\/ru\/wp-json\/wp\/v2\/types\/product"}],"replies":[{"embeddable":true,"href":"https:\/\/www.waterskis.lv\/ru\/wp-json\/wp\/v2\/comments?post=50429"}],"wp:featuredmedia":[{"embeddable":true,"href":"https:\/\/www.waterskis.lv\/ru\/wp-json\/wp\/v2\/media\/50427"}],"wp:attachment":[{"href":"https:\/\/www.waterskis.lv\/ru\/wp-json\/wp\/v2\/media?parent=50429"}],"wp:term":[{"taxonomy":"product_brand","embeddable":true,"href":"https:\/\/www.waterskis.lv\/ru\/wp-json\/wp\/v2\/product_brand?post=50429"},{"taxonomy":"product_cat","embeddable":true,"href":"https:\/\/www.waterskis.lv\/ru\/wp-json\/wp\/v2\/product_cat?post=50429"},{"taxonomy":"product_tag","embeddable":true,"href":"https:\/\/www.waterskis.lv\/ru\/wp-json\/wp\/v2\/product_tag?post=50429"}],"curies":[{"name":"wp","href":"https:\/\/api.w.org\/{rel}","templated":true}]}}