{"id":50538,"date":"2023-01-02T14:25:23","date_gmt":"2023-01-02T11:25:23","guid":{"rendered":"https:\/\/www.waterskis.lv\/product\/veikborda-delis-connelly-hd-timber-136\/"},"modified":"2024-11-04T21:04:56","modified_gmt":"2024-11-04T18:04:56","slug":"%d0%b2%d0%b5%d0%b9%d0%ba%d0%b1%d0%be%d1%80%d0%b4-connelly-hd-timber-136","status":"publish","type":"product","link":"https:\/\/www.waterskis.lv\/ru\/product\/%d0%b2%d0%b5%d0%b9%d0%ba%d0%b1%d0%be%d1%80%d0%b4-connelly-hd-timber-136\/","title":{"rendered":"\u0412\u0435\u0439\u043a\u0431\u043e\u0440\u0434 Connelly HD Timber 136"},"content":{"rendered":"<h1>\u0412\u0435\u0439\u043a\u0431\u043e\u0440\u0434 Connelly HD Timber 136<\/h1>\n<p>\u0412\u0435\u0439\u043a\u0431\u043e\u0440\u0434 Connelly HD Timber 136<\/p>\n<p>\u041f\u043e\u0434\u0440\u043e\u0431\u043d\u043e\u0441\u0442\u0438<\/p>\n<p>Timber HD \u0441\u043e\u0437\u0434\u0430\u043d\u0430 \u0434\u043b\u044f \u0442\u043e\u0433\u043e, \u0447\u0442\u043e\u0431\u044b \u0434\u0430\u0442\u044c \u0440\u0430\u0439\u0434\u0435\u0440\u0430\u043c \u0432\u043e\u0437\u043c\u043e\u0436\u043d\u043e\u0441\u0442\u044c \u043a\u0430\u0442\u0430\u0442\u044c\u0441\u044f \u043d\u0430 \u0434\u043e\u0441\u043a\u0435 \u043f\u0440\u043e\u0444\u0435\u0441\u0441\u0438\u043e\u043d\u0430\u043b\u044c\u043d\u043e\u0433\u043e \u0443\u0440\u043e\u0432\u043d\u044f, \u0440\u0430\u0441\u0441\u0447\u0438\u0442\u0430\u043d\u043d\u043e\u0439 \u043d\u0430 \u0434\u043e\u043b\u0433\u0438\u0439 \u0441\u0440\u043e\u043a \u0441\u043b\u0443\u0436\u0431\u044b. \u0421\u0435\u0440\u0434\u0435\u0447\u043d\u0438\u043a \u0438\u0437 100% \u0434\u0440\u0435\u0432\u0435\u0441\u0438\u043d\u044b \u043f\u0430\u0432\u043b\u043e\u0432\u043d\u0438\u0438 \u043e\u0431\u0435\u0441\u043f\u0435\u0447\u0438\u0432\u0430\u0435\u0442 \u0433\u0438\u0431\u043a\u043e\u0441\u0442\u044c \u0438 \u043e\u0442\u043a\u043b\u0438\u043a, \u043d\u0435\u043e\u0431\u0445\u043e\u0434\u0438\u043c\u044b\u0435 \u0434\u043b\u044f \u043a\u0430\u0442\u0430\u043d\u0438\u044f \u043f\u043e \u0440\u0435\u0439\u043b\u0430\u043c \u0438 \u043a\u0438\u043a\u043a\u0435\u0440\u0430\u043c \u0438\u043b\u0438 \u043f\u0440\u043e\u0441\u0442\u043e \u0434\u043b\u044f \u0432\u044b\u043f\u043e\u043b\u043d\u0435\u043d\u0438\u044f \u043a\u0440\u0443\u0442\u044b\u0445 \u043f\u043e\u0432\u043e\u0440\u043e\u0442\u043e\u0432. \u0414\u043e\u043f\u043e\u043b\u043d\u0438\u0442\u0435\u043b\u044c\u043d\u0430\u044f \u043c\u043e\u0449\u043d\u0430\u044f \u0431\u043e\u043a\u043e\u0432\u0430\u044f \u0441\u0442\u0435\u043d\u043a\u0430 \u0438\u0437 5-\u0434\u044e\u0439\u043c\u043e\u0432\u043e\u0433\u043e ABS-\u043f\u043b\u0430\u0441\u0442\u0438\u043a\u0430 \u0437\u0430\u0449\u0438\u0449\u0430\u0435\u0442 \u043e\u0431\u0430 \u043a\u0440\u0430\u044f, \u0430 \u0442\u0430\u043a\u0436\u0435 \u043d\u043e\u0441 \u0438 \u0445\u0432\u043e\u0441\u0442 \u043e\u0442 \u0443\u0434\u0430\u0440\u043e\u0432 \u0438 \u0432\u043c\u044f\u0442\u0438\u043d. 1-\u0434\u044e\u0439\u043c\u043e\u0432\u044b\u0435 \u043f\u043b\u0430\u0432\u043d\u0438\u043a\u0438-\u0441\u043b\u0430\u0439\u0434\u0435\u0440\u044b \u043c\u043e\u0436\u043d\u043e \u0438\u0441\u043f\u043e\u043b\u044c\u0437\u043e\u0432\u0430\u0442\u044c \u0434\u043b\u044f \u043d\u043e\u0432\u0438\u0447\u043a\u043e\u0432, \u043a\u043e\u0442\u043e\u0440\u044b\u043c \u0442\u0440\u0435\u0431\u0443\u0435\u0442\u0441\u044f \u0434\u043e\u043f\u043e\u043b\u043d\u0438\u0442\u0435\u043b\u044c\u043d\u043e\u0435 \u043e\u0442\u0441\u043b\u0435\u0436\u0438\u0432\u0430\u043d\u0438\u0435, \u0438\u043b\u0438 \u0441\u043d\u044f\u0442\u044c \u0434\u043b\u044f \u043e\u043f\u044b\u0442\u043d\u044b\u0445 \u0440\u0430\u0439\u0434\u0435\u0440\u043e\u0432, \u043a\u043e\u0442\u043e\u0440\u044b\u0435 \u0445\u043e\u0442\u044f\u0442 \u043a\u0430\u0442\u0430\u0442\u044c\u0441\u044f \u0431\u0435\u0437 \u0437\u0430\u0446\u0435\u043f\u043e\u0432.<\/p>\n<p>\u0424\u0423\u041d\u041a\u0426\u0418\u0418<br \/>\n\u041f\u0440\u043e\u0444\u0438\u043b\u044c \u0441\u0442\u0440\u0435\u043b\u044b<br \/>\n\u041d\u0430\u0442\u0443\u0440\u0430\u043b\u044c\u043d\u044b\u0439 \u0433\u0438\u0431\u043a\u0438\u0439 \u0441\u0435\u0440\u0434\u0435\u0447\u043d\u0438\u043a<br \/>\n\u041f\u043b\u043e\u0441\u043a\u043e\u0435 \u043e\u0441\u043d\u043e\u0432\u0430\u043d\u0438\u0435 Ti<br \/>\n\u0411\u043e\u043a\u043e\u0432\u0438\u043d\u044b \u0438\u0437 \u0410\u0411\u0421 \u0442\u043e\u043b\u0449\u0438\u043d\u043e\u0439 0,5 \u0434\u044e\u0439\u043c\u0430<br \/>\n\u041d\u0435\u043f\u0440\u0435\u0440\u044b\u0432\u043d\u044b\u0439 \u0440\u043e\u043a\u0435\u0440<br \/>\n4 \u0441\u043a\u043e\u043b\u044c\u0437\u044f\u0449\u0438\u0445 \u0440\u0435\u0431\u0440\u0430 \u0434\u0438\u0430\u043c\u0435\u0442\u0440\u043e\u043c 1 \u0434\u044e\u0439\u043c \u043d\u0430 \u0431\u043e\u043b\u0442\u0430\u0445<\/p>\n","protected":false},"excerpt":{"rendered":"<p><a href=\"https:\/\/www.youtube.com\/watch?v=cHOa1ty3rqQ&amp;t=27s\">The Story &#8212; YouTube<\/a> [&#8230;]<\/p>\n<p><a class=\"btn btn-secondary understrap-read-more-link\" href=\"https:\/\/www.waterskis.lv\/ru\/product\/%d0%b2%d0%b5%d0%b9%d0%ba%d0%b1%d0%be%d1%80%d0%b4-connelly-hd-timber-136\/\">\u0427\u0438\u0442\u0430\u0442\u044c \u0434\u0430\u043b\u044c\u0448\u0435\u2026<\/a><\/p>\n","protected":false},"featured_media":50536,"comment_status":"closed","ping_status":"closed","template":"","meta":{"_acf_changed":false,"inline_featured_image":false},"product_brand":[],"product_cat":[362,1016,560,1144],"product_tag":[1456,3029],"class_list":{"0":"post-50538","1":"product","2":"type-product","3":"status-publish","4":"has-post-thumbnail","6":"product_cat-c","7":"product_cat-1016","8":"product_cat-560","9":"product_cat--connelly","10":"product_tag-veikbords","11":"product_tag-3029","13":"first","14":"instock","15":"sale","16":"shipping-taxable","17":"purchasable","18":"product-type-simple"},"acf":[],"yoast_head":"<!-- This site is optimized with the Yoast SEO plugin v27.4 - https:\/\/yoast.com\/product\/yoast-seo-wordpress\/ -->\n<title>\u0412\u0435\u0439\u043a\u0431\u043e\u0440\u0434 Connelly HD Timber 136 - WATERSKIS.LV<\/title>\n<meta name=\"description\" content=\"\u0412\u0435\u0439\u043a\u0431\u043e\u0440\u0434 Connelly HD Timber 136 \u0441\u043e\u0437\u0434\u0430\u043d\u0430 \u0434\u043b\u044f \u0442\u043e\u0433\u043e, \u0447\u0442\u043e\u0431\u044b \u0434\u0430\u0442\u044c \u0440\u0430\u0439\u0434\u0435\u0440\u0430\u043c \u0432\u043e\u0437\u043c\u043e\u0436\u043d\u043e\u0441\u0442\u044c \u043a\u0430\u0442\u0430\u0442\u044c\u0441\u044f \u043d\u0430 \u0434\u043e\u0441\u043a\u0435 \u043f\u0440\u043e\u0444\u0435\u0441\u0441\u0438\u043e\u043d\u0430\u043b\u044c\u043d\u043e\u0433\u043e \u0443\u0440\u043e\u0432\u043d\u044f\" \/>\n<meta name=\"robots\" content=\"index, follow, max-snippet:-1, max-image-preview:large, max-video-preview:-1\" \/>\n<link rel=\"canonical\" href=\"https:\/\/www.waterskis.lv\/ru\/product\/%d0%b2%d0%b5%d0%b9%d0%ba%d0%b1%d0%be%d1%80%d0%b4-connelly-hd-timber-136\/\" \/>\n<meta property=\"og:locale\" content=\"ru_RU\" \/>\n<meta property=\"og:type\" content=\"article\" \/>\n<meta property=\"og:title\" content=\"Veikborda d\u0113lis Connelly HD Timber 136\" \/>\n<meta property=\"og:description\" content=\"Veikborda d\u0113lis Connelly HD Timber 136DetailsThe timber HD is designed to give riders a pro-level experience on a board built to last. A 100% Paulownia wood core provides the flex and response needed for riding features like rails and kickers, or just making big turns. An extra beefy .5&quot; ABS sidewall protects both edges and the tip and tail from bumps and dings. 1&quot; slider fins can be used for beginners who need extra tracking or removed for experienced riders who want a catch free ride.FEATURES\u00a0Jib profile\u00a0Natural flex core\u00a0Flat Ti base\u00a00.5\u201d ABS sidewalls\u00a0Continuous rocker4 bolt-on 1\u201d slider fins\" \/>\n<meta property=\"og:url\" content=\"https:\/\/www.waterskis.lv\/ru\/product\/%d0%b2%d0%b5%d0%b9%d0%ba%d0%b1%d0%be%d1%80%d0%b4-connelly-hd-timber-136\/\" \/>\n<meta property=\"og:site_name\" content=\"WATERSKIS.LV\" \/>\n<meta property=\"article:publisher\" content=\"https:\/\/www.facebook.com\/jurmalawaterskiwakeboardpark\/\" \/>\n<meta property=\"article:modified_time\" content=\"2024-11-04T18:04:56+00:00\" \/>\n<meta property=\"og:image\" content=\"https:\/\/www.waterskis.lv\/wp-content\/uploads\/2023\/01\/con_rental_timber_136.jpg\" \/>\n\t<meta property=\"og:image:width\" content=\"650\" \/>\n\t<meta property=\"og:image:height\" content=\"650\" \/>\n\t<meta property=\"og:image:type\" content=\"image\/jpeg\" \/>\n<meta name=\"twitter:card\" content=\"summary_large_image\" \/>\n<meta name=\"twitter:label1\" content=\"\u041f\u0440\u0438\u043c\u0435\u0440\u043d\u043e\u0435 \u0432\u0440\u0435\u043c\u044f \u0434\u043b\u044f \u0447\u0442\u0435\u043d\u0438\u044f\" \/>\n\t<meta name=\"twitter:data1\" content=\"1 \u043c\u0438\u043d\u0443\u0442\u0430\" \/>\n<script type=\"application\/ld+json\" class=\"yoast-schema-graph\">{\"@context\":\"https:\\\/\\\/schema.org\",\"@graph\":[{\"@type\":\"WebPage\",\"@id\":\"https:\\\/\\\/www.waterskis.lv\\\/ru\\\/product\\\/%d0%b2%d0%b5%d0%b9%d0%ba%d0%b1%d0%be%d1%80%d0%b4-connelly-hd-timber-136\\\/\",\"url\":\"https:\\\/\\\/www.waterskis.lv\\\/ru\\\/product\\\/%d0%b2%d0%b5%d0%b9%d0%ba%d0%b1%d0%be%d1%80%d0%b4-connelly-hd-timber-136\\\/\",\"name\":\"\u0412\u0435\u0439\u043a\u0431\u043e\u0440\u0434 Connelly HD Timber 136 - WATERSKIS.LV\",\"isPartOf\":{\"@id\":\"https:\\\/\\\/www.waterskis.lv\\\/ru\\\/#website\"},\"primaryImageOfPage\":{\"@id\":\"https:\\\/\\\/www.waterskis.lv\\\/ru\\\/product\\\/%d0%b2%d0%b5%d0%b9%d0%ba%d0%b1%d0%be%d1%80%d0%b4-connelly-hd-timber-136\\\/#primaryimage\"},\"image\":{\"@id\":\"https:\\\/\\\/www.waterskis.lv\\\/ru\\\/product\\\/%d0%b2%d0%b5%d0%b9%d0%ba%d0%b1%d0%be%d1%80%d0%b4-connelly-hd-timber-136\\\/#primaryimage\"},\"thumbnailUrl\":\"https:\\\/\\\/www.waterskis.lv\\\/wp-content\\\/uploads\\\/2023\\\/01\\\/con_rental_timber_136.jpg\",\"datePublished\":\"2023-01-02T11:25:23+00:00\",\"dateModified\":\"2024-11-04T18:04:56+00:00\",\"description\":\"\u0412\u0435\u0439\u043a\u0431\u043e\u0440\u0434 Connelly HD Timber 136 \u0441\u043e\u0437\u0434\u0430\u043d\u0430 \u0434\u043b\u044f \u0442\u043e\u0433\u043e, \u0447\u0442\u043e\u0431\u044b \u0434\u0430\u0442\u044c \u0440\u0430\u0439\u0434\u0435\u0440\u0430\u043c \u0432\u043e\u0437\u043c\u043e\u0436\u043d\u043e\u0441\u0442\u044c \u043a\u0430\u0442\u0430\u0442\u044c\u0441\u044f \u043d\u0430 \u0434\u043e\u0441\u043a\u0435 \u043f\u0440\u043e\u0444\u0435\u0441\u0441\u0438\u043e\u043d\u0430\u043b\u044c\u043d\u043e\u0433\u043e \u0443\u0440\u043e\u0432\u043d\u044f\",\"breadcrumb\":{\"@id\":\"https:\\\/\\\/www.waterskis.lv\\\/ru\\\/product\\\/%d0%b2%d0%b5%d0%b9%d0%ba%d0%b1%d0%be%d1%80%d0%b4-connelly-hd-timber-136\\\/#breadcrumb\"},\"inLanguage\":\"ru-RU\",\"potentialAction\":[{\"@type\":\"ReadAction\",\"target\":[\"https:\\\/\\\/www.waterskis.lv\\\/ru\\\/product\\\/%d0%b2%d0%b5%d0%b9%d0%ba%d0%b1%d0%be%d1%80%d0%b4-connelly-hd-timber-136\\\/\"]}]},{\"@type\":\"ImageObject\",\"inLanguage\":\"ru-RU\",\"@id\":\"https:\\\/\\\/www.waterskis.lv\\\/ru\\\/product\\\/%d0%b2%d0%b5%d0%b9%d0%ba%d0%b1%d0%be%d1%80%d0%b4-connelly-hd-timber-136\\\/#primaryimage\",\"url\":\"https:\\\/\\\/www.waterskis.lv\\\/wp-content\\\/uploads\\\/2023\\\/01\\\/con_rental_timber_136.jpg\",\"contentUrl\":\"https:\\\/\\\/www.waterskis.lv\\\/wp-content\\\/uploads\\\/2023\\\/01\\\/con_rental_timber_136.jpg\",\"width\":650,\"height\":650,\"caption\":\"Veikborda d\u0113lis Connelly HD Timber 136\"},{\"@type\":\"BreadcrumbList\",\"@id\":\"https:\\\/\\\/www.waterskis.lv\\\/ru\\\/product\\\/%d0%b2%d0%b5%d0%b9%d0%ba%d0%b1%d0%be%d1%80%d0%b4-connelly-hd-timber-136\\\/#breadcrumb\",\"itemListElement\":[{\"@type\":\"ListItem\",\"position\":1,\"name\":\"Home\",\"item\":\"https:\\\/\\\/www.waterskis.lv\\\/ru\\\/\"},{\"@type\":\"ListItem\",\"position\":2,\"name\":\"\u041c\u0430\u0433\u0430\u0437\u0438\u043d\",\"item\":\"https:\\\/\\\/www.waterskis.lv\\\/ru\\\/%d0%bc%d0%b0%d0%b3%d0%b0%d0%b7%d0%b8%d0%bd\\\/\"},{\"@type\":\"ListItem\",\"position\":3,\"name\":\"\u0412\u0435\u0439\u043a\u0431\u043e\u0440\u0434 Connelly HD Timber 136\"}]},{\"@type\":\"WebSite\",\"@id\":\"https:\\\/\\\/www.waterskis.lv\\\/ru\\\/#website\",\"url\":\"https:\\\/\\\/www.waterskis.lv\\\/ru\\\/\",\"name\":\"WATERSKIS.LV\",\"description\":\"SUP d\u0113\u013ci, kajaki, kanoe, airu laivas, \u016bdenssl\u0113po\u0161ana, veikbords, SUP d\u0113\u013cu noma, kajaku nomaakt\u012bv\u0101s atp\u016btas centrs, laivu noma, sup noma, kajaku noma\",\"publisher\":{\"@id\":\"https:\\\/\\\/www.waterskis.lv\\\/ru\\\/#organization\"},\"potentialAction\":[{\"@type\":\"SearchAction\",\"target\":{\"@type\":\"EntryPoint\",\"urlTemplate\":\"https:\\\/\\\/www.waterskis.lv\\\/ru\\\/?s={search_term_string}\"},\"query-input\":{\"@type\":\"PropertyValueSpecification\",\"valueRequired\":true,\"valueName\":\"search_term_string\"}}],\"inLanguage\":\"ru-RU\"},{\"@type\":\"Organization\",\"@id\":\"https:\\\/\\\/www.waterskis.lv\\\/ru\\\/#organization\",\"name\":\"WATERSKIS.LV\",\"url\":\"https:\\\/\\\/www.waterskis.lv\\\/ru\\\/\",\"logo\":{\"@type\":\"ImageObject\",\"inLanguage\":\"ru-RU\",\"@id\":\"https:\\\/\\\/www.waterskis.lv\\\/ru\\\/#\\\/schema\\\/logo\\\/image\\\/\",\"url\":\"https:\\\/\\\/www.waterskis.lv\\\/wp-content\\\/uploads\\\/2025\\\/01\\\/JUVP-logo.png\",\"contentUrl\":\"https:\\\/\\\/www.waterskis.lv\\\/wp-content\\\/uploads\\\/2025\\\/01\\\/JUVP-logo.png\",\"width\":421,\"height\":202,\"caption\":\"WATERSKIS.LV\"},\"image\":{\"@id\":\"https:\\\/\\\/www.waterskis.lv\\\/ru\\\/#\\\/schema\\\/logo\\\/image\\\/\"},\"sameAs\":[\"https:\\\/\\\/www.facebook.com\\\/jurmalawaterskiwakeboardpark\\\/\"]}]}<\/script>\n<!-- \/ Yoast SEO plugin. -->","yoast_head_json":{"title":"\u0412\u0435\u0439\u043a\u0431\u043e\u0440\u0434 Connelly HD Timber 136 - WATERSKIS.LV","description":"\u0412\u0435\u0439\u043a\u0431\u043e\u0440\u0434 Connelly HD Timber 136 \u0441\u043e\u0437\u0434\u0430\u043d\u0430 \u0434\u043b\u044f \u0442\u043e\u0433\u043e, \u0447\u0442\u043e\u0431\u044b \u0434\u0430\u0442\u044c \u0440\u0430\u0439\u0434\u0435\u0440\u0430\u043c \u0432\u043e\u0437\u043c\u043e\u0436\u043d\u043e\u0441\u0442\u044c \u043a\u0430\u0442\u0430\u0442\u044c\u0441\u044f \u043d\u0430 \u0434\u043e\u0441\u043a\u0435 \u043f\u0440\u043e\u0444\u0435\u0441\u0441\u0438\u043e\u043d\u0430\u043b\u044c\u043d\u043e\u0433\u043e \u0443\u0440\u043e\u0432\u043d\u044f","robots":{"index":"index","follow":"follow","max-snippet":"max-snippet:-1","max-image-preview":"max-image-preview:large","max-video-preview":"max-video-preview:-1"},"canonical":"https:\/\/www.waterskis.lv\/ru\/product\/%d0%b2%d0%b5%d0%b9%d0%ba%d0%b1%d0%be%d1%80%d0%b4-connelly-hd-timber-136\/","og_locale":"ru_RU","og_type":"article","og_title":"Veikborda d\u0113lis Connelly HD Timber 136","og_description":"Veikborda d\u0113lis Connelly HD Timber 136DetailsThe timber HD is designed to give riders a pro-level experience on a board built to last. A 100% Paulownia wood core provides the flex and response needed for riding features like rails and kickers, or just making big turns. An extra beefy .5\" ABS sidewall protects both edges and the tip and tail from bumps and dings. 1\" slider fins can be used for beginners who need extra tracking or removed for experienced riders who want a catch free ride.FEATURES\u00a0Jib profile\u00a0Natural flex core\u00a0Flat Ti base\u00a00.5\u201d ABS sidewalls\u00a0Continuous rocker4 bolt-on 1\u201d slider fins","og_url":"https:\/\/www.waterskis.lv\/ru\/product\/%d0%b2%d0%b5%d0%b9%d0%ba%d0%b1%d0%be%d1%80%d0%b4-connelly-hd-timber-136\/","og_site_name":"WATERSKIS.LV","article_publisher":"https:\/\/www.facebook.com\/jurmalawaterskiwakeboardpark\/","article_modified_time":"2024-11-04T18:04:56+00:00","og_image":[{"width":650,"height":650,"url":"https:\/\/www.waterskis.lv\/wp-content\/uploads\/2023\/01\/con_rental_timber_136.jpg","type":"image\/jpeg"}],"twitter_card":"summary_large_image","twitter_misc":{"\u041f\u0440\u0438\u043c\u0435\u0440\u043d\u043e\u0435 \u0432\u0440\u0435\u043c\u044f \u0434\u043b\u044f \u0447\u0442\u0435\u043d\u0438\u044f":"1 \u043c\u0438\u043d\u0443\u0442\u0430"},"schema":{"@context":"https:\/\/schema.org","@graph":[{"@type":"WebPage","@id":"https:\/\/www.waterskis.lv\/ru\/product\/%d0%b2%d0%b5%d0%b9%d0%ba%d0%b1%d0%be%d1%80%d0%b4-connelly-hd-timber-136\/","url":"https:\/\/www.waterskis.lv\/ru\/product\/%d0%b2%d0%b5%d0%b9%d0%ba%d0%b1%d0%be%d1%80%d0%b4-connelly-hd-timber-136\/","name":"\u0412\u0435\u0439\u043a\u0431\u043e\u0440\u0434 Connelly HD Timber 136 - WATERSKIS.LV","isPartOf":{"@id":"https:\/\/www.waterskis.lv\/ru\/#website"},"primaryImageOfPage":{"@id":"https:\/\/www.waterskis.lv\/ru\/product\/%d0%b2%d0%b5%d0%b9%d0%ba%d0%b1%d0%be%d1%80%d0%b4-connelly-hd-timber-136\/#primaryimage"},"image":{"@id":"https:\/\/www.waterskis.lv\/ru\/product\/%d0%b2%d0%b5%d0%b9%d0%ba%d0%b1%d0%be%d1%80%d0%b4-connelly-hd-timber-136\/#primaryimage"},"thumbnailUrl":"https:\/\/www.waterskis.lv\/wp-content\/uploads\/2023\/01\/con_rental_timber_136.jpg","datePublished":"2023-01-02T11:25:23+00:00","dateModified":"2024-11-04T18:04:56+00:00","description":"\u0412\u0435\u0439\u043a\u0431\u043e\u0440\u0434 Connelly HD Timber 136 \u0441\u043e\u0437\u0434\u0430\u043d\u0430 \u0434\u043b\u044f \u0442\u043e\u0433\u043e, \u0447\u0442\u043e\u0431\u044b \u0434\u0430\u0442\u044c \u0440\u0430\u0439\u0434\u0435\u0440\u0430\u043c \u0432\u043e\u0437\u043c\u043e\u0436\u043d\u043e\u0441\u0442\u044c \u043a\u0430\u0442\u0430\u0442\u044c\u0441\u044f \u043d\u0430 \u0434\u043e\u0441\u043a\u0435 \u043f\u0440\u043e\u0444\u0435\u0441\u0441\u0438\u043e\u043d\u0430\u043b\u044c\u043d\u043e\u0433\u043e \u0443\u0440\u043e\u0432\u043d\u044f","breadcrumb":{"@id":"https:\/\/www.waterskis.lv\/ru\/product\/%d0%b2%d0%b5%d0%b9%d0%ba%d0%b1%d0%be%d1%80%d0%b4-connelly-hd-timber-136\/#breadcrumb"},"inLanguage":"ru-RU","potentialAction":[{"@type":"ReadAction","target":["https:\/\/www.waterskis.lv\/ru\/product\/%d0%b2%d0%b5%d0%b9%d0%ba%d0%b1%d0%be%d1%80%d0%b4-connelly-hd-timber-136\/"]}]},{"@type":"ImageObject","inLanguage":"ru-RU","@id":"https:\/\/www.waterskis.lv\/ru\/product\/%d0%b2%d0%b5%d0%b9%d0%ba%d0%b1%d0%be%d1%80%d0%b4-connelly-hd-timber-136\/#primaryimage","url":"https:\/\/www.waterskis.lv\/wp-content\/uploads\/2023\/01\/con_rental_timber_136.jpg","contentUrl":"https:\/\/www.waterskis.lv\/wp-content\/uploads\/2023\/01\/con_rental_timber_136.jpg","width":650,"height":650,"caption":"Veikborda d\u0113lis Connelly HD Timber 136"},{"@type":"BreadcrumbList","@id":"https:\/\/www.waterskis.lv\/ru\/product\/%d0%b2%d0%b5%d0%b9%d0%ba%d0%b1%d0%be%d1%80%d0%b4-connelly-hd-timber-136\/#breadcrumb","itemListElement":[{"@type":"ListItem","position":1,"name":"Home","item":"https:\/\/www.waterskis.lv\/ru\/"},{"@type":"ListItem","position":2,"name":"\u041c\u0430\u0433\u0430\u0437\u0438\u043d","item":"https:\/\/www.waterskis.lv\/ru\/%d0%bc%d0%b0%d0%b3%d0%b0%d0%b7%d0%b8%d0%bd\/"},{"@type":"ListItem","position":3,"name":"\u0412\u0435\u0439\u043a\u0431\u043e\u0440\u0434 Connelly HD Timber 136"}]},{"@type":"WebSite","@id":"https:\/\/www.waterskis.lv\/ru\/#website","url":"https:\/\/www.waterskis.lv\/ru\/","name":"WATERSKIS.LV","description":"SUP d\u0113\u013ci, kajaki, kanoe, airu laivas, \u016bdenssl\u0113po\u0161ana, veikbords, SUP d\u0113\u013cu noma, kajaku nomaakt\u012bv\u0101s atp\u016btas centrs, laivu noma, sup noma, kajaku noma","publisher":{"@id":"https:\/\/www.waterskis.lv\/ru\/#organization"},"potentialAction":[{"@type":"SearchAction","target":{"@type":"EntryPoint","urlTemplate":"https:\/\/www.waterskis.lv\/ru\/?s={search_term_string}"},"query-input":{"@type":"PropertyValueSpecification","valueRequired":true,"valueName":"search_term_string"}}],"inLanguage":"ru-RU"},{"@type":"Organization","@id":"https:\/\/www.waterskis.lv\/ru\/#organization","name":"WATERSKIS.LV","url":"https:\/\/www.waterskis.lv\/ru\/","logo":{"@type":"ImageObject","inLanguage":"ru-RU","@id":"https:\/\/www.waterskis.lv\/ru\/#\/schema\/logo\/image\/","url":"https:\/\/www.waterskis.lv\/wp-content\/uploads\/2025\/01\/JUVP-logo.png","contentUrl":"https:\/\/www.waterskis.lv\/wp-content\/uploads\/2025\/01\/JUVP-logo.png","width":421,"height":202,"caption":"WATERSKIS.LV"},"image":{"@id":"https:\/\/www.waterskis.lv\/ru\/#\/schema\/logo\/image\/"},"sameAs":["https:\/\/www.facebook.com\/jurmalawaterskiwakeboardpark\/"]}]}},"_links":{"self":[{"href":"https:\/\/www.waterskis.lv\/ru\/wp-json\/wp\/v2\/product\/50538","targetHints":{"allow":["GET"]}}],"collection":[{"href":"https:\/\/www.waterskis.lv\/ru\/wp-json\/wp\/v2\/product"}],"about":[{"href":"https:\/\/www.waterskis.lv\/ru\/wp-json\/wp\/v2\/types\/product"}],"replies":[{"embeddable":true,"href":"https:\/\/www.waterskis.lv\/ru\/wp-json\/wp\/v2\/comments?post=50538"}],"wp:featuredmedia":[{"embeddable":true,"href":"https:\/\/www.waterskis.lv\/ru\/wp-json\/wp\/v2\/media\/50536"}],"wp:attachment":[{"href":"https:\/\/www.waterskis.lv\/ru\/wp-json\/wp\/v2\/media?parent=50538"}],"wp:term":[{"taxonomy":"product_brand","embeddable":true,"href":"https:\/\/www.waterskis.lv\/ru\/wp-json\/wp\/v2\/product_brand?post=50538"},{"taxonomy":"product_cat","embeddable":true,"href":"https:\/\/www.waterskis.lv\/ru\/wp-json\/wp\/v2\/product_cat?post=50538"},{"taxonomy":"product_tag","embeddable":true,"href":"https:\/\/www.waterskis.lv\/ru\/wp-json\/wp\/v2\/product_tag?post=50538"}],"curies":[{"name":"wp","href":"https:\/\/api.w.org\/{rel}","templated":true}]}}