{"id":50574,"date":"2023-01-02T15:31:58","date_gmt":"2023-01-02T12:31:58","guid":{"rendered":"https:\/\/www.waterskis.lv\/product\/sieviesu-neoprena-veste-connelly-promo-womens-ce-neo-vest-50n\/"},"modified":"2026-02-07T10:29:25","modified_gmt":"2026-02-07T08:29:25","slug":"sieviesu-neoprena-glabsanas-veste-connelly-promo-womens-ce-neo-vest-50n","status":"publish","type":"product","link":"https:\/\/www.waterskis.lv\/ru\/product\/sieviesu-neoprena-glabsanas-veste-connelly-promo-womens-ce-neo-vest-50n\/","title":{"rendered":"Sievie\u0161u neopr\u0113na gl\u0101b\u0161anas veste Connelly Promo Women&#8217;s CE Neo Vest 50N"},"content":{"rendered":"<h1>Sievie\u0161u neopr\u0113na gl\u0101b\u0161anas veste Connelly Promo Women&#8217;s CE Neo Vest 50N<\/h1>\n<p>Sievie\u0161u neopr\u0113na gl\u0101b\u0161anas veste Connelly Promo Women&#8217;s CE Neo Vest 50N<\/p>\n<p>Kr\u0101sa: Roz\u0101, aqua<\/p>\n<p>S\u012bk\u0101ka inform\u0101cija<\/p>\n<p>\u0416\u0435\u043d\u0441\u043a\u0438\u0439 \u0436\u0438\u043b\u0435\u0442 Promo Neo \u2014 \u044d\u0442\u043e \u0434\u043e\u0441\u0442\u0443\u043f\u043d\u044b\u0439 \u043f\u043e \u0446\u0435\u043d\u0435 \u0436\u0438\u043b\u0435\u0442, \u043a\u043e\u0442\u043e\u0440\u044b\u0439 \u0432\u043a\u043b\u044e\u0447\u0430\u0435\u0442 \u0432 \u0441\u0435\u0431\u044f \u0441\u0430\u043c\u044b\u0435 \u0432\u0430\u0436\u043d\u044b\u0435 \u0444\u0443\u043d\u043a\u0446\u0438\u0438, \u043d\u0435\u043e\u0431\u0445\u043e\u0434\u0438\u043c\u044b\u0435 \u043b\u044e\u0431\u0438\u0442\u0435\u043b\u044f\u043c \u0432\u043e\u0434\u043d\u044b\u0445 \u0432\u0438\u0434\u043e\u0432 \u0441\u043f\u043e\u0440\u0442\u0430. \u0421\u0435\u0433\u043c\u0435\u043d\u0442\u0438\u0440\u043e\u0432\u0430\u043d\u043d\u044b\u0435 \u0441\u0435\u043a\u0446\u0438\u0438 \u0441\u043f\u0435\u0440\u0435\u0434\u0438 \u0438 \u0441\u0437\u0430\u0434\u0438 \u043e\u0431\u0435\u0441\u043f\u0435\u0447\u0438\u0432\u0430\u044e\u0442 \u0436\u0438\u043b\u0435\u0442\u0443 \u043f\u043e\u0432\u044b\u0448\u0435\u043d\u043d\u0443\u044e \u043c\u043e\u0431\u0438\u043b\u044c\u043d\u043e\u0441\u0442\u044c \u0438 \u043a\u043e\u043c\u0444\u043e\u0440\u0442, \u0441\u043e\u0445\u0440\u0430\u043d\u044f\u044f \u043f\u0440\u0438 \u044d\u0442\u043e\u043c \u043f\u0440\u043e\u0438\u0437\u0432\u043e\u0434\u0438\u0442\u0435\u043b\u044c\u043d\u043e\u0441\u0442\u044c \u043d\u0430 \u0432\u043e\u0434\u0435. \u042d\u0442\u043e\u0442 \u0436\u0438\u043b\u0435\u0442 \u0442\u0430\u043a\u0436\u0435 \u0438\u043c\u0435\u0435\u0442 \u0442\u0440\u0430\u0434\u0438\u0446\u0438\u043e\u043d\u043d\u0443\u044e \u043f\u0435\u0440\u0435\u0434\u043d\u044e\u044e \u043c\u043e\u043b\u043d\u0438\u044e \u0434\u043b\u044f \u043b\u0435\u0433\u043a\u043e\u0433\u043e \u043d\u0430\u0434\u0435\u0432\u0430\u043d\u0438\u044f\/\u0441\u043d\u044f\u0442\u0438\u044f \u0438 \u0434\u0432\u0430 \u0440\u0435\u0433\u0443\u043b\u0438\u0440\u0443\u0435\u043c\u044b\u0445 \u0440\u0435\u043c\u043d\u044f \u0434\u043b\u044f \u0442\u043e\u0447\u043d\u043e\u0439 \u043f\u043e\u0434\u0433\u043e\u043d\u043a\u0438.<\/p>\n<p>Funkcijas<\/p>\n<p>CE 50N Apstiprin\u0101ts<br \/>\nPilna garuma centra r\u0101v\u0113jsl\u0113dz\u0113js<br \/>\nSegment\u0113tas putas palielin\u0101tai mobilit\u0101tei<br \/>\nDivas (2) siksnas jostas ar s\u0101nu atvieno\u0161anas spr\u0101dz\u0113m<br \/>\nLiela izm\u0113ra roku izgriezumi \u0113rtai iek\u0101p\u0161anai\/izk\u0101p\u0161anai<\/p>\n<h2>Details<\/h2>\n<div class=\"std\">\n<p>The Women&#8217;s Promo Neo is a value-priced vest that incorporates the most important features that water sport enthusiasts demand. The front and back segmented sections provide a vest that maximizes mobility and comfort while not sacrificing performance out on the water. This vest also includes a traditional front zip closure for easy entry\/exit and two adjustable belts for fine-tuning the fit.<\/p>\n<p><strong>Features<\/strong><\/p>\n<ul>\n<li>CE 50N Approved<\/li>\n<li>Full-length center zip<\/li>\n<li>Segmented foam for increased mobility<\/li>\n<li>Two (2) webbing belts with side release buckles<\/li>\n<li>Oversized armholes for easy entry\/exit<\/li>\n<\/ul>\n<\/div>\n","protected":false},"excerpt":{"rendered":"<p>Sievie\u0161u neopr\u0113na gl\u0101b\u0161anas veste Connelly Promo Women&#8217;s CE Neo Vest 50N Sievie\u0161u neopr\u0113na gl\u0101b\u0161anas veste Connelly Promo Women&#8217;s CE Neo Vest 50N Kr\u0101sa: Roz\u0101, aqua S\u012bk\u0101ka inform\u0101cija \u0416\u0435\u043d\u0441\u043a\u0438\u0439 \u0436\u0438\u043b\u0435\u0442 Promo Neo \u2014 \u044d\u0442\u043e \u0434\u043e\u0441\u0442\u0443\u043f\u043d\u044b\u0439 \u043f\u043e \u0446\u0435\u043d\u0435 \u0436\u0438\u043b\u0435\u0442, \u043a\u043e\u0442\u043e\u0440\u044b\u0439 \u0432\u043a\u043b\u044e\u0447\u0430\u0435\u0442 \u0432 \u0441\u0435\u0431\u044f \u0441\u0430\u043c\u044b\u0435 \u0432\u0430\u0436\u043d\u044b\u0435 \u0444\u0443\u043d\u043a\u0446\u0438\u0438, \u043d\u0435\u043e\u0431\u0445\u043e\u0434\u0438\u043c\u044b\u0435 \u043b\u044e\u0431\u0438\u0442\u0435\u043b\u044f\u043c \u0432\u043e\u0434\u043d\u044b\u0445 \u0432\u0438\u0434\u043e\u0432 \u0441\u043f\u043e\u0440\u0442\u0430. \u0421\u0435\u0433\u043c\u0435\u043d\u0442\u0438\u0440\u043e\u0432\u0430\u043d\u043d\u044b\u0435 \u0441\u0435\u043a\u0446\u0438\u0438 \u0441\u043f\u0435\u0440\u0435\u0434\u0438 \u0438 \u0441\u0437\u0430\u0434\u0438 \u043e\u0431\u0435\u0441\u043f\u0435\u0447\u0438\u0432\u0430\u044e\u0442 [&#8230;]<\/p>\n<p><a class=\"btn btn-secondary understrap-read-more-link\" href=\"https:\/\/www.waterskis.lv\/ru\/product\/sieviesu-neoprena-glabsanas-veste-connelly-promo-womens-ce-neo-vest-50n\/\">\u0427\u0438\u0442\u0430\u0442\u044c \u0434\u0430\u043b\u044c\u0448\u0435\u2026<\/a><\/p>\n","protected":false},"featured_media":50566,"comment_status":"closed","ping_status":"closed","template":"","meta":{"_acf_changed":false,"inline_featured_image":false},"product_brand":[1280],"product_cat":[362,366],"product_tag":[3611,3612,2900,3620,1278,3613,1448,3614,1612,3615,1609],"class_list":{"0":"post-50574","1":"product","2":"type-product","3":"status-publish","4":"has-post-thumbnail","6":"product_brand-connelly-water-sports","7":"product_cat-c","8":"product_cat-366","9":"product_tag-buoyancy-aid","10":"product_tag-certified-life-jacket","11":"product_tag-connelly-neoprena-veste","12":"product_tag-connelly-skis","13":"product_tag-glabsanas-veste","14":"product_tag-life-jacket","15":"product_tag-peldveste","16":"product_tag-sertificeta-glabsanas-veste","17":"product_tag-sieviesu-glabsanas-veste","18":"product_tag-3615","19":"product_tag-1609","21":"first","22":"instock","23":"sale","24":"shipping-taxable","25":"purchasable","26":"product-type-simple"},"acf":[],"yoast_head":"<!-- This site is optimized with the Yoast SEO plugin v27.4 - https:\/\/yoast.com\/product\/yoast-seo-wordpress\/ -->\n<title>Sievie\u0161u neopr\u0113na gl\u0101b\u0161anas veste Connelly Promo Women&#039;s CE Neo Vest 50N - WATERSKIS.LV<\/title>\n<meta name=\"description\" content=\"\u0416\u0435\u043d\u0441\u043a\u0438\u0439 \u0436\u0438\u043b\u0435\u0442 Connelly Promo Women&#039;s CE Neo Vest 50N. \u0421\u0435\u0433\u043c\u0435\u043d\u0442\u0438\u0440\u043e\u0432\u0430\u043d\u043d\u044b\u0435 \u0441\u0435\u043a\u0446\u0438\u0438 \u0441\u043f\u0435\u0440\u0435\u0434\u0438 \u0438 \u0441\u0437\u0430\u0434\u0438 \u043e\u0431\u0435\u0441\u043f\u0435\u0447\u0438\u0432\u0430\u044e\u0442 \u0436\u0438\u043b\u0435\u0442\u0443 \u043f\u043e\u0432\u044b\u0448\u0435\u043d\u043d\u0443\u044e \u043c\u043e\u0431\u0438\u043b\u044c\u043d\u043e\u0441\u0442\u044c \u0438 \u043a\u043e\u043c\u0444\u043e\u0440\u0442.\" \/>\n<meta name=\"robots\" content=\"index, follow, max-snippet:-1, max-image-preview:large, max-video-preview:-1\" \/>\n<link rel=\"canonical\" href=\"https:\/\/www.waterskis.lv\/ru\/product\/sieviesu-neoprena-glabsanas-veste-connelly-promo-womens-ce-neo-vest-50n\/\" \/>\n<meta property=\"og:locale\" content=\"ru_RU\" \/>\n<meta property=\"og:type\" content=\"article\" \/>\n<meta property=\"og:title\" content=\"Sievie\u0161u neopr\u0113na gl\u0101b\u0161anas veste Connelly Promo Women&#039;s CE Neo Vest 50N - WATERSKIS.LV\" \/>\n<meta property=\"og:description\" content=\"\u0416\u0435\u043d\u0441\u043a\u0438\u0439 \u0436\u0438\u043b\u0435\u0442 Connelly Promo Women&#039;s CE Neo Vest 50N. \u0421\u0435\u0433\u043c\u0435\u043d\u0442\u0438\u0440\u043e\u0432\u0430\u043d\u043d\u044b\u0435 \u0441\u0435\u043a\u0446\u0438\u0438 \u0441\u043f\u0435\u0440\u0435\u0434\u0438 \u0438 \u0441\u0437\u0430\u0434\u0438 \u043e\u0431\u0435\u0441\u043f\u0435\u0447\u0438\u0432\u0430\u044e\u0442 \u0436\u0438\u043b\u0435\u0442\u0443 \u043f\u043e\u0432\u044b\u0448\u0435\u043d\u043d\u0443\u044e \u043c\u043e\u0431\u0438\u043b\u044c\u043d\u043e\u0441\u0442\u044c \u0438 \u043a\u043e\u043c\u0444\u043e\u0440\u0442.\" \/>\n<meta property=\"og:url\" content=\"https:\/\/www.waterskis.lv\/ru\/product\/sieviesu-neoprena-glabsanas-veste-connelly-promo-womens-ce-neo-vest-50n\/\" \/>\n<meta property=\"og:site_name\" content=\"WATERSKIS.LV\" \/>\n<meta property=\"article:publisher\" content=\"https:\/\/www.facebook.com\/jurmalawaterskiwakeboardpark\/\" \/>\n<meta property=\"article:modified_time\" content=\"2026-02-07T08:29:25+00:00\" \/>\n<meta property=\"og:image\" content=\"https:\/\/www.waterskis.lv\/wp-content\/uploads\/2023\/01\/con_promo_ce_aqua.jpg\" \/>\n\t<meta property=\"og:image:width\" content=\"650\" \/>\n\t<meta property=\"og:image:height\" content=\"650\" \/>\n\t<meta property=\"og:image:type\" content=\"image\/jpeg\" \/>\n<meta name=\"twitter:card\" content=\"summary_large_image\" \/>\n<meta name=\"twitter:label1\" content=\"\u041f\u0440\u0438\u043c\u0435\u0440\u043d\u043e\u0435 \u0432\u0440\u0435\u043c\u044f \u0434\u043b\u044f \u0447\u0442\u0435\u043d\u0438\u044f\" \/>\n\t<meta name=\"twitter:data1\" content=\"2 \u043c\u0438\u043d\u0443\u0442\u044b\" \/>\n<script type=\"application\/ld+json\" class=\"yoast-schema-graph\">{\"@context\":\"https:\\\/\\\/schema.org\",\"@graph\":[{\"@type\":\"WebPage\",\"@id\":\"https:\\\/\\\/www.waterskis.lv\\\/ru\\\/product\\\/sieviesu-neoprena-glabsanas-veste-connelly-promo-womens-ce-neo-vest-50n\\\/\",\"url\":\"https:\\\/\\\/www.waterskis.lv\\\/ru\\\/product\\\/sieviesu-neoprena-glabsanas-veste-connelly-promo-womens-ce-neo-vest-50n\\\/\",\"name\":\"Sievie\u0161u neopr\u0113na gl\u0101b\u0161anas veste Connelly Promo Women's CE Neo Vest 50N - WATERSKIS.LV\",\"isPartOf\":{\"@id\":\"https:\\\/\\\/www.waterskis.lv\\\/ru\\\/#website\"},\"primaryImageOfPage\":{\"@id\":\"https:\\\/\\\/www.waterskis.lv\\\/ru\\\/product\\\/sieviesu-neoprena-glabsanas-veste-connelly-promo-womens-ce-neo-vest-50n\\\/#primaryimage\"},\"image\":{\"@id\":\"https:\\\/\\\/www.waterskis.lv\\\/ru\\\/product\\\/sieviesu-neoprena-glabsanas-veste-connelly-promo-womens-ce-neo-vest-50n\\\/#primaryimage\"},\"thumbnailUrl\":\"https:\\\/\\\/www.waterskis.lv\\\/wp-content\\\/uploads\\\/2023\\\/01\\\/con_promo_ce_aqua.jpg\",\"datePublished\":\"2023-01-02T12:31:58+00:00\",\"dateModified\":\"2026-02-07T08:29:25+00:00\",\"description\":\"\u0416\u0435\u043d\u0441\u043a\u0438\u0439 \u0436\u0438\u043b\u0435\u0442 Connelly Promo Women's CE Neo Vest 50N. \u0421\u0435\u0433\u043c\u0435\u043d\u0442\u0438\u0440\u043e\u0432\u0430\u043d\u043d\u044b\u0435 \u0441\u0435\u043a\u0446\u0438\u0438 \u0441\u043f\u0435\u0440\u0435\u0434\u0438 \u0438 \u0441\u0437\u0430\u0434\u0438 \u043e\u0431\u0435\u0441\u043f\u0435\u0447\u0438\u0432\u0430\u044e\u0442 \u0436\u0438\u043b\u0435\u0442\u0443 \u043f\u043e\u0432\u044b\u0448\u0435\u043d\u043d\u0443\u044e \u043c\u043e\u0431\u0438\u043b\u044c\u043d\u043e\u0441\u0442\u044c \u0438 \u043a\u043e\u043c\u0444\u043e\u0440\u0442.\",\"breadcrumb\":{\"@id\":\"https:\\\/\\\/www.waterskis.lv\\\/ru\\\/product\\\/sieviesu-neoprena-glabsanas-veste-connelly-promo-womens-ce-neo-vest-50n\\\/#breadcrumb\"},\"inLanguage\":\"ru-RU\",\"potentialAction\":[{\"@type\":\"ReadAction\",\"target\":[\"https:\\\/\\\/www.waterskis.lv\\\/ru\\\/product\\\/sieviesu-neoprena-glabsanas-veste-connelly-promo-womens-ce-neo-vest-50n\\\/\"]}]},{\"@type\":\"ImageObject\",\"inLanguage\":\"ru-RU\",\"@id\":\"https:\\\/\\\/www.waterskis.lv\\\/ru\\\/product\\\/sieviesu-neoprena-glabsanas-veste-connelly-promo-womens-ce-neo-vest-50n\\\/#primaryimage\",\"url\":\"https:\\\/\\\/www.waterskis.lv\\\/wp-content\\\/uploads\\\/2023\\\/01\\\/con_promo_ce_aqua.jpg\",\"contentUrl\":\"https:\\\/\\\/www.waterskis.lv\\\/wp-content\\\/uploads\\\/2023\\\/01\\\/con_promo_ce_aqua.jpg\",\"width\":650,\"height\":650,\"caption\":\"Sievie\u0161u neopr\u0113na veste Connelly Promo Women's CE Neo Vest 50N\"},{\"@type\":\"BreadcrumbList\",\"@id\":\"https:\\\/\\\/www.waterskis.lv\\\/ru\\\/product\\\/sieviesu-neoprena-glabsanas-veste-connelly-promo-womens-ce-neo-vest-50n\\\/#breadcrumb\",\"itemListElement\":[{\"@type\":\"ListItem\",\"position\":1,\"name\":\"Home\",\"item\":\"https:\\\/\\\/www.waterskis.lv\\\/ru\\\/\"},{\"@type\":\"ListItem\",\"position\":2,\"name\":\"\u041c\u0430\u0433\u0430\u0437\u0438\u043d\",\"item\":\"https:\\\/\\\/www.waterskis.lv\\\/ru\\\/%d0%bc%d0%b0%d0%b3%d0%b0%d0%b7%d0%b8%d0%bd\\\/\"},{\"@type\":\"ListItem\",\"position\":3,\"name\":\"Sievie\u0161u neopr\u0113na gl\u0101b\u0161anas veste Connelly Promo Women&#8217;s CE Neo Vest 50N\"}]},{\"@type\":\"WebSite\",\"@id\":\"https:\\\/\\\/www.waterskis.lv\\\/ru\\\/#website\",\"url\":\"https:\\\/\\\/www.waterskis.lv\\\/ru\\\/\",\"name\":\"WATERSKIS.LV\",\"description\":\"SUP d\u0113\u013ci, kajaki, kanoe, airu laivas, \u016bdenssl\u0113po\u0161ana, veikbords, SUP d\u0113\u013cu noma, kajaku nomaakt\u012bv\u0101s atp\u016btas centrs, laivu noma, sup noma, kajaku noma\",\"publisher\":{\"@id\":\"https:\\\/\\\/www.waterskis.lv\\\/ru\\\/#organization\"},\"potentialAction\":[{\"@type\":\"SearchAction\",\"target\":{\"@type\":\"EntryPoint\",\"urlTemplate\":\"https:\\\/\\\/www.waterskis.lv\\\/ru\\\/?s={search_term_string}\"},\"query-input\":{\"@type\":\"PropertyValueSpecification\",\"valueRequired\":true,\"valueName\":\"search_term_string\"}}],\"inLanguage\":\"ru-RU\"},{\"@type\":\"Organization\",\"@id\":\"https:\\\/\\\/www.waterskis.lv\\\/ru\\\/#organization\",\"name\":\"WATERSKIS.LV\",\"url\":\"https:\\\/\\\/www.waterskis.lv\\\/ru\\\/\",\"logo\":{\"@type\":\"ImageObject\",\"inLanguage\":\"ru-RU\",\"@id\":\"https:\\\/\\\/www.waterskis.lv\\\/ru\\\/#\\\/schema\\\/logo\\\/image\\\/\",\"url\":\"https:\\\/\\\/www.waterskis.lv\\\/wp-content\\\/uploads\\\/2025\\\/01\\\/JUVP-logo.png\",\"contentUrl\":\"https:\\\/\\\/www.waterskis.lv\\\/wp-content\\\/uploads\\\/2025\\\/01\\\/JUVP-logo.png\",\"width\":421,\"height\":202,\"caption\":\"WATERSKIS.LV\"},\"image\":{\"@id\":\"https:\\\/\\\/www.waterskis.lv\\\/ru\\\/#\\\/schema\\\/logo\\\/image\\\/\"},\"sameAs\":[\"https:\\\/\\\/www.facebook.com\\\/jurmalawaterskiwakeboardpark\\\/\"]}]}<\/script>\n<!-- \/ Yoast SEO plugin. -->","yoast_head_json":{"title":"Sievie\u0161u neopr\u0113na gl\u0101b\u0161anas veste Connelly Promo Women's CE Neo Vest 50N - WATERSKIS.LV","description":"\u0416\u0435\u043d\u0441\u043a\u0438\u0439 \u0436\u0438\u043b\u0435\u0442 Connelly Promo Women's CE Neo Vest 50N. \u0421\u0435\u0433\u043c\u0435\u043d\u0442\u0438\u0440\u043e\u0432\u0430\u043d\u043d\u044b\u0435 \u0441\u0435\u043a\u0446\u0438\u0438 \u0441\u043f\u0435\u0440\u0435\u0434\u0438 \u0438 \u0441\u0437\u0430\u0434\u0438 \u043e\u0431\u0435\u0441\u043f\u0435\u0447\u0438\u0432\u0430\u044e\u0442 \u0436\u0438\u043b\u0435\u0442\u0443 \u043f\u043e\u0432\u044b\u0448\u0435\u043d\u043d\u0443\u044e \u043c\u043e\u0431\u0438\u043b\u044c\u043d\u043e\u0441\u0442\u044c \u0438 \u043a\u043e\u043c\u0444\u043e\u0440\u0442.","robots":{"index":"index","follow":"follow","max-snippet":"max-snippet:-1","max-image-preview":"max-image-preview:large","max-video-preview":"max-video-preview:-1"},"canonical":"https:\/\/www.waterskis.lv\/ru\/product\/sieviesu-neoprena-glabsanas-veste-connelly-promo-womens-ce-neo-vest-50n\/","og_locale":"ru_RU","og_type":"article","og_title":"Sievie\u0161u neopr\u0113na gl\u0101b\u0161anas veste Connelly Promo Women's CE Neo Vest 50N - WATERSKIS.LV","og_description":"\u0416\u0435\u043d\u0441\u043a\u0438\u0439 \u0436\u0438\u043b\u0435\u0442 Connelly Promo Women's CE Neo Vest 50N. \u0421\u0435\u0433\u043c\u0435\u043d\u0442\u0438\u0440\u043e\u0432\u0430\u043d\u043d\u044b\u0435 \u0441\u0435\u043a\u0446\u0438\u0438 \u0441\u043f\u0435\u0440\u0435\u0434\u0438 \u0438 \u0441\u0437\u0430\u0434\u0438 \u043e\u0431\u0435\u0441\u043f\u0435\u0447\u0438\u0432\u0430\u044e\u0442 \u0436\u0438\u043b\u0435\u0442\u0443 \u043f\u043e\u0432\u044b\u0448\u0435\u043d\u043d\u0443\u044e \u043c\u043e\u0431\u0438\u043b\u044c\u043d\u043e\u0441\u0442\u044c \u0438 \u043a\u043e\u043c\u0444\u043e\u0440\u0442.","og_url":"https:\/\/www.waterskis.lv\/ru\/product\/sieviesu-neoprena-glabsanas-veste-connelly-promo-womens-ce-neo-vest-50n\/","og_site_name":"WATERSKIS.LV","article_publisher":"https:\/\/www.facebook.com\/jurmalawaterskiwakeboardpark\/","article_modified_time":"2026-02-07T08:29:25+00:00","og_image":[{"width":650,"height":650,"url":"https:\/\/www.waterskis.lv\/wp-content\/uploads\/2023\/01\/con_promo_ce_aqua.jpg","type":"image\/jpeg"}],"twitter_card":"summary_large_image","twitter_misc":{"\u041f\u0440\u0438\u043c\u0435\u0440\u043d\u043e\u0435 \u0432\u0440\u0435\u043c\u044f \u0434\u043b\u044f \u0447\u0442\u0435\u043d\u0438\u044f":"2 \u043c\u0438\u043d\u0443\u0442\u044b"},"schema":{"@context":"https:\/\/schema.org","@graph":[{"@type":"WebPage","@id":"https:\/\/www.waterskis.lv\/ru\/product\/sieviesu-neoprena-glabsanas-veste-connelly-promo-womens-ce-neo-vest-50n\/","url":"https:\/\/www.waterskis.lv\/ru\/product\/sieviesu-neoprena-glabsanas-veste-connelly-promo-womens-ce-neo-vest-50n\/","name":"Sievie\u0161u neopr\u0113na gl\u0101b\u0161anas veste Connelly Promo Women's CE Neo Vest 50N - WATERSKIS.LV","isPartOf":{"@id":"https:\/\/www.waterskis.lv\/ru\/#website"},"primaryImageOfPage":{"@id":"https:\/\/www.waterskis.lv\/ru\/product\/sieviesu-neoprena-glabsanas-veste-connelly-promo-womens-ce-neo-vest-50n\/#primaryimage"},"image":{"@id":"https:\/\/www.waterskis.lv\/ru\/product\/sieviesu-neoprena-glabsanas-veste-connelly-promo-womens-ce-neo-vest-50n\/#primaryimage"},"thumbnailUrl":"https:\/\/www.waterskis.lv\/wp-content\/uploads\/2023\/01\/con_promo_ce_aqua.jpg","datePublished":"2023-01-02T12:31:58+00:00","dateModified":"2026-02-07T08:29:25+00:00","description":"\u0416\u0435\u043d\u0441\u043a\u0438\u0439 \u0436\u0438\u043b\u0435\u0442 Connelly Promo Women's CE Neo Vest 50N. \u0421\u0435\u0433\u043c\u0435\u043d\u0442\u0438\u0440\u043e\u0432\u0430\u043d\u043d\u044b\u0435 \u0441\u0435\u043a\u0446\u0438\u0438 \u0441\u043f\u0435\u0440\u0435\u0434\u0438 \u0438 \u0441\u0437\u0430\u0434\u0438 \u043e\u0431\u0435\u0441\u043f\u0435\u0447\u0438\u0432\u0430\u044e\u0442 \u0436\u0438\u043b\u0435\u0442\u0443 \u043f\u043e\u0432\u044b\u0448\u0435\u043d\u043d\u0443\u044e \u043c\u043e\u0431\u0438\u043b\u044c\u043d\u043e\u0441\u0442\u044c \u0438 \u043a\u043e\u043c\u0444\u043e\u0440\u0442.","breadcrumb":{"@id":"https:\/\/www.waterskis.lv\/ru\/product\/sieviesu-neoprena-glabsanas-veste-connelly-promo-womens-ce-neo-vest-50n\/#breadcrumb"},"inLanguage":"ru-RU","potentialAction":[{"@type":"ReadAction","target":["https:\/\/www.waterskis.lv\/ru\/product\/sieviesu-neoprena-glabsanas-veste-connelly-promo-womens-ce-neo-vest-50n\/"]}]},{"@type":"ImageObject","inLanguage":"ru-RU","@id":"https:\/\/www.waterskis.lv\/ru\/product\/sieviesu-neoprena-glabsanas-veste-connelly-promo-womens-ce-neo-vest-50n\/#primaryimage","url":"https:\/\/www.waterskis.lv\/wp-content\/uploads\/2023\/01\/con_promo_ce_aqua.jpg","contentUrl":"https:\/\/www.waterskis.lv\/wp-content\/uploads\/2023\/01\/con_promo_ce_aqua.jpg","width":650,"height":650,"caption":"Sievie\u0161u neopr\u0113na veste Connelly Promo Women's CE Neo Vest 50N"},{"@type":"BreadcrumbList","@id":"https:\/\/www.waterskis.lv\/ru\/product\/sieviesu-neoprena-glabsanas-veste-connelly-promo-womens-ce-neo-vest-50n\/#breadcrumb","itemListElement":[{"@type":"ListItem","position":1,"name":"Home","item":"https:\/\/www.waterskis.lv\/ru\/"},{"@type":"ListItem","position":2,"name":"\u041c\u0430\u0433\u0430\u0437\u0438\u043d","item":"https:\/\/www.waterskis.lv\/ru\/%d0%bc%d0%b0%d0%b3%d0%b0%d0%b7%d0%b8%d0%bd\/"},{"@type":"ListItem","position":3,"name":"Sievie\u0161u neopr\u0113na gl\u0101b\u0161anas veste Connelly Promo Women&#8217;s CE Neo Vest 50N"}]},{"@type":"WebSite","@id":"https:\/\/www.waterskis.lv\/ru\/#website","url":"https:\/\/www.waterskis.lv\/ru\/","name":"WATERSKIS.LV","description":"SUP d\u0113\u013ci, kajaki, kanoe, airu laivas, \u016bdenssl\u0113po\u0161ana, veikbords, SUP d\u0113\u013cu noma, kajaku nomaakt\u012bv\u0101s atp\u016btas centrs, laivu noma, sup noma, kajaku noma","publisher":{"@id":"https:\/\/www.waterskis.lv\/ru\/#organization"},"potentialAction":[{"@type":"SearchAction","target":{"@type":"EntryPoint","urlTemplate":"https:\/\/www.waterskis.lv\/ru\/?s={search_term_string}"},"query-input":{"@type":"PropertyValueSpecification","valueRequired":true,"valueName":"search_term_string"}}],"inLanguage":"ru-RU"},{"@type":"Organization","@id":"https:\/\/www.waterskis.lv\/ru\/#organization","name":"WATERSKIS.LV","url":"https:\/\/www.waterskis.lv\/ru\/","logo":{"@type":"ImageObject","inLanguage":"ru-RU","@id":"https:\/\/www.waterskis.lv\/ru\/#\/schema\/logo\/image\/","url":"https:\/\/www.waterskis.lv\/wp-content\/uploads\/2025\/01\/JUVP-logo.png","contentUrl":"https:\/\/www.waterskis.lv\/wp-content\/uploads\/2025\/01\/JUVP-logo.png","width":421,"height":202,"caption":"WATERSKIS.LV"},"image":{"@id":"https:\/\/www.waterskis.lv\/ru\/#\/schema\/logo\/image\/"},"sameAs":["https:\/\/www.facebook.com\/jurmalawaterskiwakeboardpark\/"]}]}},"_links":{"self":[{"href":"https:\/\/www.waterskis.lv\/ru\/wp-json\/wp\/v2\/product\/50574","targetHints":{"allow":["GET"]}}],"collection":[{"href":"https:\/\/www.waterskis.lv\/ru\/wp-json\/wp\/v2\/product"}],"about":[{"href":"https:\/\/www.waterskis.lv\/ru\/wp-json\/wp\/v2\/types\/product"}],"replies":[{"embeddable":true,"href":"https:\/\/www.waterskis.lv\/ru\/wp-json\/wp\/v2\/comments?post=50574"}],"wp:featuredmedia":[{"embeddable":true,"href":"https:\/\/www.waterskis.lv\/ru\/wp-json\/wp\/v2\/media\/50566"}],"wp:attachment":[{"href":"https:\/\/www.waterskis.lv\/ru\/wp-json\/wp\/v2\/media?parent=50574"}],"wp:term":[{"taxonomy":"product_brand","embeddable":true,"href":"https:\/\/www.waterskis.lv\/ru\/wp-json\/wp\/v2\/product_brand?post=50574"},{"taxonomy":"product_cat","embeddable":true,"href":"https:\/\/www.waterskis.lv\/ru\/wp-json\/wp\/v2\/product_cat?post=50574"},{"taxonomy":"product_tag","embeddable":true,"href":"https:\/\/www.waterskis.lv\/ru\/wp-json\/wp\/v2\/product_tag?post=50574"}],"curies":[{"name":"wp","href":"https:\/\/api.w.org\/{rel}","templated":true}]}}