{"id":51447,"date":"2023-02-05T10:17:24","date_gmt":"2023-02-05T07:17:24","guid":{"rendered":"https:\/\/www.waterskis.lv\/product\/pedal-powered-stand-up-paddle-board-hobie-mirage-eclipse-ace-tec\/"},"modified":"2026-02-01T15:57:23","modified_gmt":"2026-02-01T13:57:23","slug":"hobie-mirage-eclipse-ace-tec","status":"publish","type":"product","link":"https:\/\/www.waterskis.lv\/ru\/product\/hobie-mirage-eclipse-ace-tec\/","title":{"rendered":"HOBIE MIRAGE ECLIPSE ACE-TEC"},"content":{"rendered":"<h1 class=\"product_title entry-title\">HOBIE MIRAGE ECLIPSE ACE-TEC<\/h1>\n<p>HOBIE MIRAGE ECLIPSE ACE-TEC<\/p>\n<h3 id=\"more-info\" class=\"page-product-heading active\">MORE INFO<\/h3>\n<div class=\"block_content1 rte active\">\n<p>Break free from the shore. Trade the well-worn path for a waterway. Step out of your routine and onto a pedalboard. The Mirage Eclipse gives you the stability, control, and power to chart your own course. The water is waiting. You in?<\/p>\n<p>The Mirage Eclipse is another world\u2019s-first watercraft from Hobie. Fly high at exceptional speed, nimbly carving turns using fingertip steering controls. There\u2019s minimal setup. Go from the car, the dock, or your boat to the water in minutes. The board is lightweight and durable and full of thoughtful features such as height-adjustable handlebars, gear tie-downs, a bow handle, and a carefree kick-up rudder. Easily turn your Eclipse into a traditional Stand Up Paddleboard. Both the 12\u2019 and 10.5\u2019 boards deliver an exciting, stable ride.<\/p>\n<p>Now with a new ACE-TEC hull design. Shock-resistant hull nose cone. Removable rudder system.<\/p>\n<\/div>\n<h3 id=\"table-data\" class=\"page-product-heading\">DATA SHEET<\/h3>\n<table class=\"block_content2 table-data-sheet\">\n<tbody>\n<tr class=\"odd\">\n<td>Type<\/td>\n<td>Pedal powered stand-up paddle board<\/td>\n<\/tr>\n<tr class=\"even\">\n<td>Length<\/td>\n<td>350 cm<\/td>\n<\/tr>\n<tr class=\"odd\">\n<td>Width<\/td>\n<td>93<\/td>\n<\/tr>\n<tr class=\"even\">\n<td>Weight<\/td>\n<td>26 kg<\/td>\n<\/tr>\n<tr class=\"odd\">\n<td>Material<\/td>\n<td>ACE-TEC (Thermoformed plastic with inner EPS Foam core)<\/td>\n<\/tr>\n<tr class=\"even\">\n<td>Number of persons<\/td>\n<td>1<\/td>\n<\/tr>\n<tr class=\"odd\">\n<td>Capacity<\/td>\n<td>135 kg<\/td>\n<\/tr>\n<tr class=\"even\">\n<td>Purpose of usage<\/td>\n<td>Universal usage<\/td>\n<\/tr>\n<tr class=\"odd\">\n<td>Country of origin<\/td>\n<td>USA<\/td>\n<\/tr>\n<\/tbody>\n<\/table>\n<p>&nbsp;<\/p>\n","protected":false},"excerpt":{"rendered":"<p>HOBIE MIRAGE ECLIPSE ACE-TEC HOBIE MIRAGE ECLIPSE ACE-TEC MORE INFO Break free from the shore. Trade the well-worn path for a waterway. Step out of your routine and onto a pedalboard. The Mirage Eclipse gives you the stability, control, and power to chart your own course. The water is waiting. You in? The Mirage Eclipse [&#8230;]<\/p>\n<p><a class=\"btn btn-secondary understrap-read-more-link\" href=\"https:\/\/www.waterskis.lv\/ru\/product\/hobie-mirage-eclipse-ace-tec\/\">\u0427\u0438\u0442\u0430\u0442\u044c \u0434\u0430\u043b\u044c\u0448\u0435\u2026<\/a><\/p>\n","protected":false},"featured_media":51442,"comment_status":"closed","ping_status":"closed","template":"","meta":{"_acf_changed":false,"inline_featured_image":false},"product_brand":[2446],"product_cat":[499,505,503],"product_tag":[3177,3143,2464,1338,2465,3178,3179,1309,3144,3180,1822,3181,3134,3145],"class_list":{"0":"post-51447","1":"product","2":"type-product","3":"status-publish","4":"has-post-thumbnail","6":"product_brand-hobie","7":"product_cat-sup-","8":"product_cat--sup--hobie","9":"product_cat--sup---","10":"product_tag-aufblasbares-sup","11":"product_tag-hobie","12":"product_tag-hobie-sup-delis","13":"product_tag-paddle-boards","14":"product_tag-pedalu-sup-delis","15":"product_tag-stand-up-paddleboard","16":"product_tag-stand-up-paddling","17":"product_tag-sup","18":"product_tag-sup-pedal-boards","19":"product_tag-sup-surfer","20":"product_tag-sup-","21":"product_tag-supkayak","22":"product_tag-3134","23":"product_tag-3145","25":"first","26":"instock","27":"shipping-taxable","28":"purchasable","29":"product-type-simple"},"acf":[],"yoast_head":"<!-- This site is optimized with the Yoast SEO plugin v27.5 - https:\/\/yoast.com\/product\/yoast-seo-wordpress\/ -->\n<title>HOBIE MIRAGE ECLIPSE ACE-TEC - WATERSKIS.LV<\/title>\n<meta name=\"description\" content=\"HOBIE MIRAGE ECLIPSE ACE-TEC. SUP-\u0434\u043e\u0441\u043a\u0438, \u0434\u043e\u0441\u043a\u0438 \u0434\u043b\u044f \u043f\u0430\u0434\u0434\u043b\u0431\u043e\u0440\u0434\u0438\u043d\u0433\u0430.\" \/>\n<meta name=\"robots\" content=\"index, follow, max-snippet:-1, max-image-preview:large, max-video-preview:-1\" \/>\n<link rel=\"canonical\" href=\"https:\/\/www.waterskis.lv\/ru\/product\/hobie-mirage-eclipse-ace-tec\/\" \/>\n<meta property=\"og:locale\" content=\"ru_RU\" \/>\n<meta property=\"og:type\" content=\"article\" \/>\n<meta property=\"og:title\" content=\"HOBIE MIRAGE ECLIPSE ACE-TEC - WATERSKIS.LV\" \/>\n<meta property=\"og:description\" content=\"HOBIE MIRAGE ECLIPSE ACE-TEC. SUP-\u0434\u043e\u0441\u043a\u0438, \u0434\u043e\u0441\u043a\u0438 \u0434\u043b\u044f \u043f\u0430\u0434\u0434\u043b\u0431\u043e\u0440\u0434\u0438\u043d\u0433\u0430.\" \/>\n<meta property=\"og:url\" content=\"https:\/\/www.waterskis.lv\/ru\/product\/hobie-mirage-eclipse-ace-tec\/\" \/>\n<meta property=\"og:site_name\" content=\"WATERSKIS.LV\" \/>\n<meta property=\"article:publisher\" content=\"https:\/\/www.facebook.com\/jurmalawaterskiwakeboardpark\/\" \/>\n<meta property=\"article:modified_time\" content=\"2026-02-01T13:57:23+00:00\" \/>\n<meta property=\"og:image\" content=\"https:\/\/www.waterskis.lv\/wp-content\/uploads\/2023\/02\/pedal-powered-stand-up-paddle-board-hobie-mirage-eclipse-ace-tec.png\" \/>\n\t<meta property=\"og:image:width\" content=\"1000\" \/>\n\t<meta property=\"og:image:height\" content=\"1000\" \/>\n\t<meta property=\"og:image:type\" content=\"image\/png\" \/>\n<meta name=\"twitter:card\" content=\"summary_large_image\" \/>\n<meta name=\"twitter:label1\" content=\"\u041f\u0440\u0438\u043c\u0435\u0440\u043d\u043e\u0435 \u0432\u0440\u0435\u043c\u044f \u0434\u043b\u044f \u0447\u0442\u0435\u043d\u0438\u044f\" \/>\n\t<meta name=\"twitter:data1\" content=\"2 \u043c\u0438\u043d\u0443\u0442\u044b\" \/>\n<script type=\"application\/ld+json\" class=\"yoast-schema-graph\">{\"@context\":\"https:\\\/\\\/schema.org\",\"@graph\":[{\"@type\":\"WebPage\",\"@id\":\"https:\\\/\\\/www.waterskis.lv\\\/ru\\\/product\\\/hobie-mirage-eclipse-ace-tec\\\/\",\"url\":\"https:\\\/\\\/www.waterskis.lv\\\/ru\\\/product\\\/hobie-mirage-eclipse-ace-tec\\\/\",\"name\":\"HOBIE MIRAGE ECLIPSE ACE-TEC - WATERSKIS.LV\",\"isPartOf\":{\"@id\":\"https:\\\/\\\/www.waterskis.lv\\\/ru\\\/#website\"},\"primaryImageOfPage\":{\"@id\":\"https:\\\/\\\/www.waterskis.lv\\\/ru\\\/product\\\/hobie-mirage-eclipse-ace-tec\\\/#primaryimage\"},\"image\":{\"@id\":\"https:\\\/\\\/www.waterskis.lv\\\/ru\\\/product\\\/hobie-mirage-eclipse-ace-tec\\\/#primaryimage\"},\"thumbnailUrl\":\"https:\\\/\\\/www.waterskis.lv\\\/wp-content\\\/uploads\\\/2023\\\/02\\\/pedal-powered-stand-up-paddle-board-hobie-mirage-eclipse-ace-tec.png\",\"datePublished\":\"2023-02-05T07:17:24+00:00\",\"dateModified\":\"2026-02-01T13:57:23+00:00\",\"description\":\"HOBIE MIRAGE ECLIPSE ACE-TEC. SUP-\u0434\u043e\u0441\u043a\u0438, \u0434\u043e\u0441\u043a\u0438 \u0434\u043b\u044f \u043f\u0430\u0434\u0434\u043b\u0431\u043e\u0440\u0434\u0438\u043d\u0433\u0430.\",\"breadcrumb\":{\"@id\":\"https:\\\/\\\/www.waterskis.lv\\\/ru\\\/product\\\/hobie-mirage-eclipse-ace-tec\\\/#breadcrumb\"},\"inLanguage\":\"ru-RU\",\"potentialAction\":[{\"@type\":\"ReadAction\",\"target\":[\"https:\\\/\\\/www.waterskis.lv\\\/ru\\\/product\\\/hobie-mirage-eclipse-ace-tec\\\/\"]}]},{\"@type\":\"ImageObject\",\"inLanguage\":\"ru-RU\",\"@id\":\"https:\\\/\\\/www.waterskis.lv\\\/ru\\\/product\\\/hobie-mirage-eclipse-ace-tec\\\/#primaryimage\",\"url\":\"https:\\\/\\\/www.waterskis.lv\\\/wp-content\\\/uploads\\\/2023\\\/02\\\/pedal-powered-stand-up-paddle-board-hobie-mirage-eclipse-ace-tec.png\",\"contentUrl\":\"https:\\\/\\\/www.waterskis.lv\\\/wp-content\\\/uploads\\\/2023\\\/02\\\/pedal-powered-stand-up-paddle-board-hobie-mirage-eclipse-ace-tec.png\",\"width\":1000,\"height\":1000,\"caption\":\"Pedal-powered stand-up paddle board HOBIE MIRAGE ECLIPSE ACE-TEC\"},{\"@type\":\"BreadcrumbList\",\"@id\":\"https:\\\/\\\/www.waterskis.lv\\\/ru\\\/product\\\/hobie-mirage-eclipse-ace-tec\\\/#breadcrumb\",\"itemListElement\":[{\"@type\":\"ListItem\",\"position\":1,\"name\":\"Home\",\"item\":\"https:\\\/\\\/www.waterskis.lv\\\/ru\\\/\"},{\"@type\":\"ListItem\",\"position\":2,\"name\":\"\u041c\u0430\u0433\u0430\u0437\u0438\u043d\",\"item\":\"https:\\\/\\\/www.waterskis.lv\\\/ru\\\/%d0%bc%d0%b0%d0%b3%d0%b0%d0%b7%d0%b8%d0%bd\\\/\"},{\"@type\":\"ListItem\",\"position\":3,\"name\":\"HOBIE MIRAGE ECLIPSE ACE-TEC\"}]},{\"@type\":\"WebSite\",\"@id\":\"https:\\\/\\\/www.waterskis.lv\\\/ru\\\/#website\",\"url\":\"https:\\\/\\\/www.waterskis.lv\\\/ru\\\/\",\"name\":\"WATERSKIS.LV\",\"description\":\"SUP d\u0113\u013ci, kajaki, kanoe, airu laivas, \u016bdenssl\u0113po\u0161ana, veikbords, SUP d\u0113\u013cu noma, kajaku nomaakt\u012bv\u0101s atp\u016btas centrs, laivu noma, sup noma, kajaku noma\",\"publisher\":{\"@id\":\"https:\\\/\\\/www.waterskis.lv\\\/ru\\\/#organization\"},\"potentialAction\":[{\"@type\":\"SearchAction\",\"target\":{\"@type\":\"EntryPoint\",\"urlTemplate\":\"https:\\\/\\\/www.waterskis.lv\\\/ru\\\/?s={search_term_string}\"},\"query-input\":{\"@type\":\"PropertyValueSpecification\",\"valueRequired\":true,\"valueName\":\"search_term_string\"}}],\"inLanguage\":\"ru-RU\"},{\"@type\":\"Organization\",\"@id\":\"https:\\\/\\\/www.waterskis.lv\\\/ru\\\/#organization\",\"name\":\"WATERSKIS.LV\",\"url\":\"https:\\\/\\\/www.waterskis.lv\\\/ru\\\/\",\"logo\":{\"@type\":\"ImageObject\",\"inLanguage\":\"ru-RU\",\"@id\":\"https:\\\/\\\/www.waterskis.lv\\\/ru\\\/#\\\/schema\\\/logo\\\/image\\\/\",\"url\":\"https:\\\/\\\/www.waterskis.lv\\\/wp-content\\\/uploads\\\/2025\\\/01\\\/JUVP-logo.png\",\"contentUrl\":\"https:\\\/\\\/www.waterskis.lv\\\/wp-content\\\/uploads\\\/2025\\\/01\\\/JUVP-logo.png\",\"width\":421,\"height\":202,\"caption\":\"WATERSKIS.LV\"},\"image\":{\"@id\":\"https:\\\/\\\/www.waterskis.lv\\\/ru\\\/#\\\/schema\\\/logo\\\/image\\\/\"},\"sameAs\":[\"https:\\\/\\\/www.facebook.com\\\/jurmalawaterskiwakeboardpark\\\/\"]}]}<\/script>\n<!-- \/ Yoast SEO plugin. -->","yoast_head_json":{"title":"HOBIE MIRAGE ECLIPSE ACE-TEC - WATERSKIS.LV","description":"HOBIE MIRAGE ECLIPSE ACE-TEC. SUP-\u0434\u043e\u0441\u043a\u0438, \u0434\u043e\u0441\u043a\u0438 \u0434\u043b\u044f \u043f\u0430\u0434\u0434\u043b\u0431\u043e\u0440\u0434\u0438\u043d\u0433\u0430.","robots":{"index":"index","follow":"follow","max-snippet":"max-snippet:-1","max-image-preview":"max-image-preview:large","max-video-preview":"max-video-preview:-1"},"canonical":"https:\/\/www.waterskis.lv\/ru\/product\/hobie-mirage-eclipse-ace-tec\/","og_locale":"ru_RU","og_type":"article","og_title":"HOBIE MIRAGE ECLIPSE ACE-TEC - WATERSKIS.LV","og_description":"HOBIE MIRAGE ECLIPSE ACE-TEC. SUP-\u0434\u043e\u0441\u043a\u0438, \u0434\u043e\u0441\u043a\u0438 \u0434\u043b\u044f \u043f\u0430\u0434\u0434\u043b\u0431\u043e\u0440\u0434\u0438\u043d\u0433\u0430.","og_url":"https:\/\/www.waterskis.lv\/ru\/product\/hobie-mirage-eclipse-ace-tec\/","og_site_name":"WATERSKIS.LV","article_publisher":"https:\/\/www.facebook.com\/jurmalawaterskiwakeboardpark\/","article_modified_time":"2026-02-01T13:57:23+00:00","og_image":[{"width":1000,"height":1000,"url":"https:\/\/www.waterskis.lv\/wp-content\/uploads\/2023\/02\/pedal-powered-stand-up-paddle-board-hobie-mirage-eclipse-ace-tec.png","type":"image\/png"}],"twitter_card":"summary_large_image","twitter_misc":{"\u041f\u0440\u0438\u043c\u0435\u0440\u043d\u043e\u0435 \u0432\u0440\u0435\u043c\u044f \u0434\u043b\u044f \u0447\u0442\u0435\u043d\u0438\u044f":"2 \u043c\u0438\u043d\u0443\u0442\u044b"},"schema":{"@context":"https:\/\/schema.org","@graph":[{"@type":"WebPage","@id":"https:\/\/www.waterskis.lv\/ru\/product\/hobie-mirage-eclipse-ace-tec\/","url":"https:\/\/www.waterskis.lv\/ru\/product\/hobie-mirage-eclipse-ace-tec\/","name":"HOBIE MIRAGE ECLIPSE ACE-TEC - WATERSKIS.LV","isPartOf":{"@id":"https:\/\/www.waterskis.lv\/ru\/#website"},"primaryImageOfPage":{"@id":"https:\/\/www.waterskis.lv\/ru\/product\/hobie-mirage-eclipse-ace-tec\/#primaryimage"},"image":{"@id":"https:\/\/www.waterskis.lv\/ru\/product\/hobie-mirage-eclipse-ace-tec\/#primaryimage"},"thumbnailUrl":"https:\/\/www.waterskis.lv\/wp-content\/uploads\/2023\/02\/pedal-powered-stand-up-paddle-board-hobie-mirage-eclipse-ace-tec.png","datePublished":"2023-02-05T07:17:24+00:00","dateModified":"2026-02-01T13:57:23+00:00","description":"HOBIE MIRAGE ECLIPSE ACE-TEC. SUP-\u0434\u043e\u0441\u043a\u0438, \u0434\u043e\u0441\u043a\u0438 \u0434\u043b\u044f \u043f\u0430\u0434\u0434\u043b\u0431\u043e\u0440\u0434\u0438\u043d\u0433\u0430.","breadcrumb":{"@id":"https:\/\/www.waterskis.lv\/ru\/product\/hobie-mirage-eclipse-ace-tec\/#breadcrumb"},"inLanguage":"ru-RU","potentialAction":[{"@type":"ReadAction","target":["https:\/\/www.waterskis.lv\/ru\/product\/hobie-mirage-eclipse-ace-tec\/"]}]},{"@type":"ImageObject","inLanguage":"ru-RU","@id":"https:\/\/www.waterskis.lv\/ru\/product\/hobie-mirage-eclipse-ace-tec\/#primaryimage","url":"https:\/\/www.waterskis.lv\/wp-content\/uploads\/2023\/02\/pedal-powered-stand-up-paddle-board-hobie-mirage-eclipse-ace-tec.png","contentUrl":"https:\/\/www.waterskis.lv\/wp-content\/uploads\/2023\/02\/pedal-powered-stand-up-paddle-board-hobie-mirage-eclipse-ace-tec.png","width":1000,"height":1000,"caption":"Pedal-powered stand-up paddle board HOBIE MIRAGE ECLIPSE ACE-TEC"},{"@type":"BreadcrumbList","@id":"https:\/\/www.waterskis.lv\/ru\/product\/hobie-mirage-eclipse-ace-tec\/#breadcrumb","itemListElement":[{"@type":"ListItem","position":1,"name":"Home","item":"https:\/\/www.waterskis.lv\/ru\/"},{"@type":"ListItem","position":2,"name":"\u041c\u0430\u0433\u0430\u0437\u0438\u043d","item":"https:\/\/www.waterskis.lv\/ru\/%d0%bc%d0%b0%d0%b3%d0%b0%d0%b7%d0%b8%d0%bd\/"},{"@type":"ListItem","position":3,"name":"HOBIE MIRAGE ECLIPSE ACE-TEC"}]},{"@type":"WebSite","@id":"https:\/\/www.waterskis.lv\/ru\/#website","url":"https:\/\/www.waterskis.lv\/ru\/","name":"WATERSKIS.LV","description":"SUP d\u0113\u013ci, kajaki, kanoe, airu laivas, \u016bdenssl\u0113po\u0161ana, veikbords, SUP d\u0113\u013cu noma, kajaku nomaakt\u012bv\u0101s atp\u016btas centrs, laivu noma, sup noma, kajaku noma","publisher":{"@id":"https:\/\/www.waterskis.lv\/ru\/#organization"},"potentialAction":[{"@type":"SearchAction","target":{"@type":"EntryPoint","urlTemplate":"https:\/\/www.waterskis.lv\/ru\/?s={search_term_string}"},"query-input":{"@type":"PropertyValueSpecification","valueRequired":true,"valueName":"search_term_string"}}],"inLanguage":"ru-RU"},{"@type":"Organization","@id":"https:\/\/www.waterskis.lv\/ru\/#organization","name":"WATERSKIS.LV","url":"https:\/\/www.waterskis.lv\/ru\/","logo":{"@type":"ImageObject","inLanguage":"ru-RU","@id":"https:\/\/www.waterskis.lv\/ru\/#\/schema\/logo\/image\/","url":"https:\/\/www.waterskis.lv\/wp-content\/uploads\/2025\/01\/JUVP-logo.png","contentUrl":"https:\/\/www.waterskis.lv\/wp-content\/uploads\/2025\/01\/JUVP-logo.png","width":421,"height":202,"caption":"WATERSKIS.LV"},"image":{"@id":"https:\/\/www.waterskis.lv\/ru\/#\/schema\/logo\/image\/"},"sameAs":["https:\/\/www.facebook.com\/jurmalawaterskiwakeboardpark\/"]}]}},"_links":{"self":[{"href":"https:\/\/www.waterskis.lv\/ru\/wp-json\/wp\/v2\/product\/51447","targetHints":{"allow":["GET"]}}],"collection":[{"href":"https:\/\/www.waterskis.lv\/ru\/wp-json\/wp\/v2\/product"}],"about":[{"href":"https:\/\/www.waterskis.lv\/ru\/wp-json\/wp\/v2\/types\/product"}],"replies":[{"embeddable":true,"href":"https:\/\/www.waterskis.lv\/ru\/wp-json\/wp\/v2\/comments?post=51447"}],"wp:featuredmedia":[{"embeddable":true,"href":"https:\/\/www.waterskis.lv\/ru\/wp-json\/wp\/v2\/media\/51442"}],"wp:attachment":[{"href":"https:\/\/www.waterskis.lv\/ru\/wp-json\/wp\/v2\/media?parent=51447"}],"wp:term":[{"taxonomy":"product_brand","embeddable":true,"href":"https:\/\/www.waterskis.lv\/ru\/wp-json\/wp\/v2\/product_brand?post=51447"},{"taxonomy":"product_cat","embeddable":true,"href":"https:\/\/www.waterskis.lv\/ru\/wp-json\/wp\/v2\/product_cat?post=51447"},{"taxonomy":"product_tag","embeddable":true,"href":"https:\/\/www.waterskis.lv\/ru\/wp-json\/wp\/v2\/product_tag?post=51447"}],"curies":[{"name":"wp","href":"https:\/\/api.w.org\/{rel}","templated":true}]}}