{"id":51481,"date":"2022-09-27T20:20:31","date_gmt":"2022-09-27T17:20:31","guid":{"rendered":"https:\/\/www.waterskis.lv\/product\/brunotti-hooded-poncho\/"},"modified":"2023-02-07T19:09:14","modified_gmt":"2023-02-07T16:09:14","slug":"%d0%bf%d0%be%d0%bd%d1%87%d0%be-brunotti-hooded-poncho","status":"publish","type":"product","link":"https:\/\/www.waterskis.lv\/ru\/product\/%d0%bf%d0%be%d0%bd%d1%87%d0%be-brunotti-hooded-poncho\/","title":{"rendered":"\u041f\u043e\u043d\u0447\u043e Brunotti Hooded Poncho"},"content":{"rendered":"<h1>\u041f\u043e\u043d\u0447\u043e Brunotti Hooded Poncho<\/h1>\n<p>\u041f\u043e\u043d\u0447\u043e Brunotti Hooded Poncho<\/p>\n<h2>\u041e\u043f\u0438\u0441\u0430\u043d\u0438\u0435<\/h2>\n<table id=\"product-attribute-specs-table\" class=\"data-table\">\n<tbody>\n<tr class=\"even\">\n<th class=\"label\">Brand<\/th>\n<td class=\"data last\">Brunotti<\/td>\n<\/tr>\n<tr class=\"odd\">\n<th class=\"label\">Color<\/th>\n<td class=\"data last\">Black, Green, Blue<\/td>\n<\/tr>\n<tr class=\"even\">\n<th class=\"label\">Size<\/th>\n<td class=\"data last\">One Size<\/td>\n<\/tr>\n<tr class=\"odd\">\n<th class=\"label\">Gender<\/th>\n<td class=\"data last\">Unisex<\/td>\n<\/tr>\n<\/tbody>\n<\/table>\n<p>&nbsp;<\/p>\n<div class=\"list-description--title plus\">DESCRIPTION<\/div>\n<div class=\"list-description--text plus\">Surf ponchos are very popular in water sports, such as kite surfing, diving, windsurfing, swimming, and much more.<br \/>\nUse it for easy changing on the beach.<br \/>\nThrow it over you when you get out of the water. The ponchos are therefore also \u201coversized\u201d because the intention is that you can quickly put them on over your surf clothing.<br \/>\nYou can also use it as a beach towel or just at home after a shower.<br \/>\nA very versatile product.<\/p>\n<ul class=\"list-description\">\n<li>\n<div class=\"list-description--title plus\">FEATURES of Brunotti Hooded Poncho<\/div>\n<div class=\"list-description--text\">\n<ul class=\"features-list\">\n<li>Ponchos<\/li>\n<li>Kangaroo bag<\/li>\n<li>Adjustable Hood<\/li>\n<li>Personal changing room<\/li>\n<li>Usable as a beach towel<\/li>\n<\/ul>\n<\/div>\n<\/li>\n<\/ul>\n<\/div>\n","protected":false},"excerpt":{"rendered":"<p>\u041f\u043e\u043d\u0447\u043e Brunotti Hooded Poncho \u041f\u043e\u043d\u0447\u043e Brunotti Hooded Poncho \u041e\u043f\u0438\u0441\u0430\u043d\u0438\u0435 Brand Brunotti Color Black, Green, Blue Size One Size Gender Unisex &nbsp; DESCRIPTION Surf ponchos are very popular in water sports, such as kite surfing, diving, windsurfing, swimming, and much more. Use it for easy changing on the beach. Throw it over you when you get [&#8230;]<\/p>\n<p><a class=\"btn btn-secondary understrap-read-more-link\" href=\"https:\/\/www.waterskis.lv\/ru\/product\/%d0%bf%d0%be%d0%bd%d1%87%d0%be-brunotti-hooded-poncho\/\">\u0427\u0438\u0442\u0430\u0442\u044c \u0434\u0430\u043b\u044c\u0448\u0435\u2026<\/a><\/p>\n","protected":false},"featured_media":46155,"comment_status":"closed","ping_status":"closed","template":"","meta":{"_acf_changed":false,"inline_featured_image":false},"product_brand":[],"product_cat":[362,1090,838],"product_tag":[1802],"class_list":{"0":"post-51481","1":"product","2":"type-product","3":"status-publish","4":"has-post-thumbnail","6":"product_cat-c","7":"product_cat-1090","8":"product_cat-838","9":"product_tag-ponco","11":"first","12":"instock","13":"sale","14":"shipping-taxable","15":"purchasable","16":"product-type-simple"},"acf":[],"yoast_head":"<!-- This site is optimized with the Yoast SEO plugin v27.4 - https:\/\/yoast.com\/product\/yoast-seo-wordpress\/ -->\n<title>\u041f\u043e\u043d\u0447\u043e Brunotti Hooded Poncho - WATERSKIS.LV<\/title>\n<meta name=\"description\" content=\"\u041f\u043e\u043d\u0447\u043e Brunotti Hooded Poncho. Surf ponchos are very popular in water sports, such as kite surfing, diving, windsurfing, swimming much more. One Size. Unisex\" \/>\n<meta name=\"robots\" content=\"index, follow, max-snippet:-1, max-image-preview:large, max-video-preview:-1\" \/>\n<link rel=\"canonical\" href=\"https:\/\/www.waterskis.lv\/ru\/product\/%d0%bf%d0%be%d0%bd%d1%87%d0%be-brunotti-hooded-poncho\/\" \/>\n<meta property=\"og:locale\" content=\"ru_RU\" \/>\n<meta property=\"og:type\" content=\"article\" \/>\n<meta property=\"og:title\" content=\"\u041f\u043e\u043d\u0447\u043e Brunotti Hooded Poncho - WATERSKIS.LV\" \/>\n<meta property=\"og:description\" content=\"\u041f\u043e\u043d\u0447\u043e Brunotti Hooded Poncho. Surf ponchos are very popular in water sports, such as kite surfing, diving, windsurfing, swimming much more. One Size. Unisex\" \/>\n<meta property=\"og:url\" content=\"https:\/\/www.waterskis.lv\/ru\/product\/%d0%bf%d0%be%d0%bd%d1%87%d0%be-brunotti-hooded-poncho\/\" \/>\n<meta property=\"og:site_name\" content=\"WATERSKIS.LV\" \/>\n<meta property=\"article:publisher\" content=\"https:\/\/www.facebook.com\/jurmalawaterskiwakeboardpark\/\" \/>\n<meta property=\"article:modified_time\" content=\"2023-02-07T16:09:14+00:00\" \/>\n<meta property=\"og:image\" content=\"https:\/\/waterskis.lv\/wp-content\/uploads\/2022\/09\/Ponco.jpg\" \/>\n\t<meta property=\"og:image:width\" content=\"650\" \/>\n\t<meta property=\"og:image:height\" content=\"650\" \/>\n\t<meta property=\"og:image:type\" content=\"image\/jpeg\" \/>\n<meta name=\"twitter:card\" content=\"summary_large_image\" \/>\n<meta name=\"twitter:label1\" content=\"\u041f\u0440\u0438\u043c\u0435\u0440\u043d\u043e\u0435 \u0432\u0440\u0435\u043c\u044f \u0434\u043b\u044f \u0447\u0442\u0435\u043d\u0438\u044f\" \/>\n\t<meta name=\"twitter:data1\" content=\"1 \u043c\u0438\u043d\u0443\u0442\u0430\" \/>\n<script type=\"application\/ld+json\" class=\"yoast-schema-graph\">{\"@context\":\"https:\\\/\\\/schema.org\",\"@graph\":[{\"@type\":\"WebPage\",\"@id\":\"https:\\\/\\\/www.waterskis.lv\\\/ru\\\/product\\\/%d0%bf%d0%be%d0%bd%d1%87%d0%be-brunotti-hooded-poncho\\\/\",\"url\":\"https:\\\/\\\/www.waterskis.lv\\\/ru\\\/product\\\/%d0%bf%d0%be%d0%bd%d1%87%d0%be-brunotti-hooded-poncho\\\/\",\"name\":\"\u041f\u043e\u043d\u0447\u043e Brunotti Hooded Poncho - WATERSKIS.LV\",\"isPartOf\":{\"@id\":\"https:\\\/\\\/www.waterskis.lv\\\/ru\\\/#website\"},\"primaryImageOfPage\":{\"@id\":\"https:\\\/\\\/www.waterskis.lv\\\/ru\\\/product\\\/%d0%bf%d0%be%d0%bd%d1%87%d0%be-brunotti-hooded-poncho\\\/#primaryimage\"},\"image\":{\"@id\":\"https:\\\/\\\/www.waterskis.lv\\\/ru\\\/product\\\/%d0%bf%d0%be%d0%bd%d1%87%d0%be-brunotti-hooded-poncho\\\/#primaryimage\"},\"thumbnailUrl\":\"https:\\\/\\\/www.waterskis.lv\\\/wp-content\\\/uploads\\\/2022\\\/09\\\/Ponco.jpg\",\"datePublished\":\"2022-09-27T17:20:31+00:00\",\"dateModified\":\"2023-02-07T16:09:14+00:00\",\"description\":\"\u041f\u043e\u043d\u0447\u043e Brunotti Hooded Poncho. Surf ponchos are very popular in water sports, such as kite surfing, diving, windsurfing, swimming much more. One Size. Unisex\",\"breadcrumb\":{\"@id\":\"https:\\\/\\\/www.waterskis.lv\\\/ru\\\/product\\\/%d0%bf%d0%be%d0%bd%d1%87%d0%be-brunotti-hooded-poncho\\\/#breadcrumb\"},\"inLanguage\":\"ru-RU\",\"potentialAction\":[{\"@type\":\"ReadAction\",\"target\":[\"https:\\\/\\\/www.waterskis.lv\\\/ru\\\/product\\\/%d0%bf%d0%be%d0%bd%d1%87%d0%be-brunotti-hooded-poncho\\\/\"]}]},{\"@type\":\"ImageObject\",\"inLanguage\":\"ru-RU\",\"@id\":\"https:\\\/\\\/www.waterskis.lv\\\/ru\\\/product\\\/%d0%bf%d0%be%d0%bd%d1%87%d0%be-brunotti-hooded-poncho\\\/#primaryimage\",\"url\":\"https:\\\/\\\/www.waterskis.lv\\\/wp-content\\\/uploads\\\/2022\\\/09\\\/Ponco.jpg\",\"contentUrl\":\"https:\\\/\\\/www.waterskis.lv\\\/wp-content\\\/uploads\\\/2022\\\/09\\\/Ponco.jpg\",\"width\":650,\"height\":650,\"caption\":\"Pon\u010do Brunotti Hooded Poncho\"},{\"@type\":\"BreadcrumbList\",\"@id\":\"https:\\\/\\\/www.waterskis.lv\\\/ru\\\/product\\\/%d0%bf%d0%be%d0%bd%d1%87%d0%be-brunotti-hooded-poncho\\\/#breadcrumb\",\"itemListElement\":[{\"@type\":\"ListItem\",\"position\":1,\"name\":\"Home\",\"item\":\"https:\\\/\\\/www.waterskis.lv\\\/ru\\\/\"},{\"@type\":\"ListItem\",\"position\":2,\"name\":\"\u041c\u0430\u0433\u0430\u0437\u0438\u043d\",\"item\":\"https:\\\/\\\/www.waterskis.lv\\\/ru\\\/%d0%bc%d0%b0%d0%b3%d0%b0%d0%b7%d0%b8%d0%bd\\\/\"},{\"@type\":\"ListItem\",\"position\":3,\"name\":\"\u041f\u043e\u043d\u0447\u043e Brunotti Hooded Poncho\"}]},{\"@type\":\"WebSite\",\"@id\":\"https:\\\/\\\/www.waterskis.lv\\\/ru\\\/#website\",\"url\":\"https:\\\/\\\/www.waterskis.lv\\\/ru\\\/\",\"name\":\"WATERSKIS.LV\",\"description\":\"SUP d\u0113\u013ci, kajaki, kanoe, airu laivas, \u016bdenssl\u0113po\u0161ana, veikbords, SUP d\u0113\u013cu noma, kajaku nomaakt\u012bv\u0101s atp\u016btas centrs, laivu noma, sup noma, kajaku noma\",\"publisher\":{\"@id\":\"https:\\\/\\\/www.waterskis.lv\\\/ru\\\/#organization\"},\"potentialAction\":[{\"@type\":\"SearchAction\",\"target\":{\"@type\":\"EntryPoint\",\"urlTemplate\":\"https:\\\/\\\/www.waterskis.lv\\\/ru\\\/?s={search_term_string}\"},\"query-input\":{\"@type\":\"PropertyValueSpecification\",\"valueRequired\":true,\"valueName\":\"search_term_string\"}}],\"inLanguage\":\"ru-RU\"},{\"@type\":\"Organization\",\"@id\":\"https:\\\/\\\/www.waterskis.lv\\\/ru\\\/#organization\",\"name\":\"WATERSKIS.LV\",\"url\":\"https:\\\/\\\/www.waterskis.lv\\\/ru\\\/\",\"logo\":{\"@type\":\"ImageObject\",\"inLanguage\":\"ru-RU\",\"@id\":\"https:\\\/\\\/www.waterskis.lv\\\/ru\\\/#\\\/schema\\\/logo\\\/image\\\/\",\"url\":\"https:\\\/\\\/www.waterskis.lv\\\/wp-content\\\/uploads\\\/2025\\\/01\\\/JUVP-logo.png\",\"contentUrl\":\"https:\\\/\\\/www.waterskis.lv\\\/wp-content\\\/uploads\\\/2025\\\/01\\\/JUVP-logo.png\",\"width\":421,\"height\":202,\"caption\":\"WATERSKIS.LV\"},\"image\":{\"@id\":\"https:\\\/\\\/www.waterskis.lv\\\/ru\\\/#\\\/schema\\\/logo\\\/image\\\/\"},\"sameAs\":[\"https:\\\/\\\/www.facebook.com\\\/jurmalawaterskiwakeboardpark\\\/\"]}]}<\/script>\n<!-- \/ Yoast SEO plugin. -->","yoast_head_json":{"title":"\u041f\u043e\u043d\u0447\u043e Brunotti Hooded Poncho - WATERSKIS.LV","description":"\u041f\u043e\u043d\u0447\u043e Brunotti Hooded Poncho. Surf ponchos are very popular in water sports, such as kite surfing, diving, windsurfing, swimming much more. One Size. Unisex","robots":{"index":"index","follow":"follow","max-snippet":"max-snippet:-1","max-image-preview":"max-image-preview:large","max-video-preview":"max-video-preview:-1"},"canonical":"https:\/\/www.waterskis.lv\/ru\/product\/%d0%bf%d0%be%d0%bd%d1%87%d0%be-brunotti-hooded-poncho\/","og_locale":"ru_RU","og_type":"article","og_title":"\u041f\u043e\u043d\u0447\u043e Brunotti Hooded Poncho - WATERSKIS.LV","og_description":"\u041f\u043e\u043d\u0447\u043e Brunotti Hooded Poncho. Surf ponchos are very popular in water sports, such as kite surfing, diving, windsurfing, swimming much more. One Size. Unisex","og_url":"https:\/\/www.waterskis.lv\/ru\/product\/%d0%bf%d0%be%d0%bd%d1%87%d0%be-brunotti-hooded-poncho\/","og_site_name":"WATERSKIS.LV","article_publisher":"https:\/\/www.facebook.com\/jurmalawaterskiwakeboardpark\/","article_modified_time":"2023-02-07T16:09:14+00:00","og_image":[{"width":650,"height":650,"url":"https:\/\/waterskis.lv\/wp-content\/uploads\/2022\/09\/Ponco.jpg","type":"image\/jpeg"}],"twitter_card":"summary_large_image","twitter_misc":{"\u041f\u0440\u0438\u043c\u0435\u0440\u043d\u043e\u0435 \u0432\u0440\u0435\u043c\u044f \u0434\u043b\u044f \u0447\u0442\u0435\u043d\u0438\u044f":"1 \u043c\u0438\u043d\u0443\u0442\u0430"},"schema":{"@context":"https:\/\/schema.org","@graph":[{"@type":"WebPage","@id":"https:\/\/www.waterskis.lv\/ru\/product\/%d0%bf%d0%be%d0%bd%d1%87%d0%be-brunotti-hooded-poncho\/","url":"https:\/\/www.waterskis.lv\/ru\/product\/%d0%bf%d0%be%d0%bd%d1%87%d0%be-brunotti-hooded-poncho\/","name":"\u041f\u043e\u043d\u0447\u043e Brunotti Hooded Poncho - WATERSKIS.LV","isPartOf":{"@id":"https:\/\/www.waterskis.lv\/ru\/#website"},"primaryImageOfPage":{"@id":"https:\/\/www.waterskis.lv\/ru\/product\/%d0%bf%d0%be%d0%bd%d1%87%d0%be-brunotti-hooded-poncho\/#primaryimage"},"image":{"@id":"https:\/\/www.waterskis.lv\/ru\/product\/%d0%bf%d0%be%d0%bd%d1%87%d0%be-brunotti-hooded-poncho\/#primaryimage"},"thumbnailUrl":"https:\/\/www.waterskis.lv\/wp-content\/uploads\/2022\/09\/Ponco.jpg","datePublished":"2022-09-27T17:20:31+00:00","dateModified":"2023-02-07T16:09:14+00:00","description":"\u041f\u043e\u043d\u0447\u043e Brunotti Hooded Poncho. Surf ponchos are very popular in water sports, such as kite surfing, diving, windsurfing, swimming much more. One Size. Unisex","breadcrumb":{"@id":"https:\/\/www.waterskis.lv\/ru\/product\/%d0%bf%d0%be%d0%bd%d1%87%d0%be-brunotti-hooded-poncho\/#breadcrumb"},"inLanguage":"ru-RU","potentialAction":[{"@type":"ReadAction","target":["https:\/\/www.waterskis.lv\/ru\/product\/%d0%bf%d0%be%d0%bd%d1%87%d0%be-brunotti-hooded-poncho\/"]}]},{"@type":"ImageObject","inLanguage":"ru-RU","@id":"https:\/\/www.waterskis.lv\/ru\/product\/%d0%bf%d0%be%d0%bd%d1%87%d0%be-brunotti-hooded-poncho\/#primaryimage","url":"https:\/\/www.waterskis.lv\/wp-content\/uploads\/2022\/09\/Ponco.jpg","contentUrl":"https:\/\/www.waterskis.lv\/wp-content\/uploads\/2022\/09\/Ponco.jpg","width":650,"height":650,"caption":"Pon\u010do Brunotti Hooded Poncho"},{"@type":"BreadcrumbList","@id":"https:\/\/www.waterskis.lv\/ru\/product\/%d0%bf%d0%be%d0%bd%d1%87%d0%be-brunotti-hooded-poncho\/#breadcrumb","itemListElement":[{"@type":"ListItem","position":1,"name":"Home","item":"https:\/\/www.waterskis.lv\/ru\/"},{"@type":"ListItem","position":2,"name":"\u041c\u0430\u0433\u0430\u0437\u0438\u043d","item":"https:\/\/www.waterskis.lv\/ru\/%d0%bc%d0%b0%d0%b3%d0%b0%d0%b7%d0%b8%d0%bd\/"},{"@type":"ListItem","position":3,"name":"\u041f\u043e\u043d\u0447\u043e Brunotti Hooded Poncho"}]},{"@type":"WebSite","@id":"https:\/\/www.waterskis.lv\/ru\/#website","url":"https:\/\/www.waterskis.lv\/ru\/","name":"WATERSKIS.LV","description":"SUP d\u0113\u013ci, kajaki, kanoe, airu laivas, \u016bdenssl\u0113po\u0161ana, veikbords, SUP d\u0113\u013cu noma, kajaku nomaakt\u012bv\u0101s atp\u016btas centrs, laivu noma, sup noma, kajaku noma","publisher":{"@id":"https:\/\/www.waterskis.lv\/ru\/#organization"},"potentialAction":[{"@type":"SearchAction","target":{"@type":"EntryPoint","urlTemplate":"https:\/\/www.waterskis.lv\/ru\/?s={search_term_string}"},"query-input":{"@type":"PropertyValueSpecification","valueRequired":true,"valueName":"search_term_string"}}],"inLanguage":"ru-RU"},{"@type":"Organization","@id":"https:\/\/www.waterskis.lv\/ru\/#organization","name":"WATERSKIS.LV","url":"https:\/\/www.waterskis.lv\/ru\/","logo":{"@type":"ImageObject","inLanguage":"ru-RU","@id":"https:\/\/www.waterskis.lv\/ru\/#\/schema\/logo\/image\/","url":"https:\/\/www.waterskis.lv\/wp-content\/uploads\/2025\/01\/JUVP-logo.png","contentUrl":"https:\/\/www.waterskis.lv\/wp-content\/uploads\/2025\/01\/JUVP-logo.png","width":421,"height":202,"caption":"WATERSKIS.LV"},"image":{"@id":"https:\/\/www.waterskis.lv\/ru\/#\/schema\/logo\/image\/"},"sameAs":["https:\/\/www.facebook.com\/jurmalawaterskiwakeboardpark\/"]}]}},"_links":{"self":[{"href":"https:\/\/www.waterskis.lv\/ru\/wp-json\/wp\/v2\/product\/51481","targetHints":{"allow":["GET"]}}],"collection":[{"href":"https:\/\/www.waterskis.lv\/ru\/wp-json\/wp\/v2\/product"}],"about":[{"href":"https:\/\/www.waterskis.lv\/ru\/wp-json\/wp\/v2\/types\/product"}],"replies":[{"embeddable":true,"href":"https:\/\/www.waterskis.lv\/ru\/wp-json\/wp\/v2\/comments?post=51481"}],"wp:featuredmedia":[{"embeddable":true,"href":"https:\/\/www.waterskis.lv\/ru\/wp-json\/wp\/v2\/media\/46155"}],"wp:attachment":[{"href":"https:\/\/www.waterskis.lv\/ru\/wp-json\/wp\/v2\/media?parent=51481"}],"wp:term":[{"taxonomy":"product_brand","embeddable":true,"href":"https:\/\/www.waterskis.lv\/ru\/wp-json\/wp\/v2\/product_brand?post=51481"},{"taxonomy":"product_cat","embeddable":true,"href":"https:\/\/www.waterskis.lv\/ru\/wp-json\/wp\/v2\/product_cat?post=51481"},{"taxonomy":"product_tag","embeddable":true,"href":"https:\/\/www.waterskis.lv\/ru\/wp-json\/wp\/v2\/product_tag?post=51481"}],"curies":[{"name":"wp","href":"https:\/\/api.w.org\/{rel}","templated":true}]}}