{"id":51491,"date":"2023-02-07T19:15:55","date_gmt":"2023-02-07T16:15:55","guid":{"rendered":"https:\/\/www.waterskis.lv\/?post_type=product&#038;p=51491"},"modified":"2026-02-07T14:51:14","modified_gmt":"2026-02-07T12:51:14","slug":"%d0%bf%d0%be%d0%bd%d1%87%d0%be-simple-uni-surf-poncho","status":"publish","type":"product","link":"https:\/\/www.waterskis.lv\/ru\/product\/%d0%bf%d0%be%d0%bd%d1%87%d0%be-simple-uni-surf-poncho\/","title":{"rendered":"\u041f\u043e\u043d\u0447\u043e Simple Uni Surf Poncho"},"content":{"rendered":"<h1>\u041f\u043e\u043d\u0447\u043e Simple Uni Surf Poncho<\/h1>\n<p>\u041f\u043e\u043d\u0447\u043e Simple Uni Surf Poncho<\/p>\n<div class=\"product-colors\" data-colors-total=\"0\" data-colors-limit=\"20\"><label class=\"single-option-selector__label product-colors__label\">COLOUR\u00a0<span class=\"product-colors__current\">Black<\/span><\/label><\/div>\n<form id=\"product_form_6799766683833\" class=\"product-form product-form-product--static product-form--hide-variant-labels \" accept-charset=\"UTF-8\" action=\"https:\/\/www.brunotti.com\/en\/cart\/add\" enctype=\"multipart\/form-data\" method=\"post\" novalidate=\"novalidate\" data-product-form=\"\" data-product-handle=\"poncho-simple-uni-poncho-black\">\n<div class=\"product-form__controls-group\">\n<div class=\"pf-container\">\n<div class=\"product-variant\" data-variant-id=\"ONE SIZE\" data-variant-inventory-qty=\"27\"><\/div>\n<p><b>CHOOSE YOUR SIZE\u00a0\u00a0<\/b>ONE SIZE<\/p>\n<\/div>\n<div><\/div>\n<\/div>\n<\/form>\n<ul class=\"list-description\">\n<li>\n<div class=\"list-description--title plus\">DESCRIPTION<\/div>\n<div class=\"list-description--text plus\">\n<p>&nbsp;<\/p>\n<p>The Brunotti changing towel is a comfortable terry cloth poncho. With the poncho, you can change easily and warmly everywhere before and after your session. Pull it over your wetsuit to keep you warm while you\u2019re waiting for your next session!<\/p>\n<p>&nbsp;<\/p>\n<\/div>\n<\/li>\n<li>\n<div class=\"list-description--title plus\">FEATURES<\/div>\n<div class=\"list-description--text\">\n<p>&nbsp;<\/p>\n<p>\/ Quickdry<\/p>\n<p>\/ Ultra Light &amp; Compact<\/p>\n<p>\/ Personal Changing Room<\/p>\n<p>\/ Usable as Beach towel<\/p>\n<p>&nbsp;<\/p>\n<\/div>\n<\/li>\n<li>\n<div class=\"list-description--title plus\">FABRIC<\/div>\n<div class=\"list-description--text\">\n<p>&nbsp;<\/p>\n<p>\/ 80% Polyester<\/p>\n<p>\/ 20% Cotton<\/p>\n<\/div>\n<\/li>\n<\/ul>\n","protected":false},"excerpt":{"rendered":"<p>\u041f\u043e\u043d\u0447\u043e Simple Uni Surf Poncho \u041f\u043e\u043d\u0447\u043e Simple Uni Surf Poncho COLOUR\u00a0Black CHOOSE YOUR SIZE\u00a0\u00a0ONE SIZE DESCRIPTION &nbsp; The Brunotti changing towel is a comfortable terry cloth poncho. With the poncho, you can change easily and warmly everywhere before and after your session. Pull it over your wetsuit to keep you warm while you\u2019re waiting for [&#8230;]<\/p>\n<p><a class=\"btn btn-secondary understrap-read-more-link\" href=\"https:\/\/www.waterskis.lv\/ru\/product\/%d0%bf%d0%be%d0%bd%d1%87%d0%be-simple-uni-surf-poncho\/\">\u0427\u0438\u0442\u0430\u0442\u044c \u0434\u0430\u043b\u044c\u0448\u0435\u2026<\/a><\/p>\n","protected":false},"featured_media":51487,"comment_status":"closed","ping_status":"closed","template":"","meta":{"_acf_changed":false,"inline_featured_image":false},"product_brand":[2909],"product_cat":[1090,838],"product_tag":[3657,3660],"class_list":{"0":"post-51491","1":"product","2":"type-product","3":"status-publish","4":"has-post-thumbnail","6":"product_brand-brunotti","7":"product_cat-1090","8":"product_cat-838","9":"product_tag-poncho","10":"product_tag-3660","12":"first","13":"instock","14":"shipping-taxable","15":"purchasable","16":"product-type-simple"},"acf":[],"yoast_head":"<!-- This site is optimized with the Yoast SEO plugin v27.4 - https:\/\/yoast.com\/product\/yoast-seo-wordpress\/ -->\n<title>\u041f\u043e\u043d\u0447\u043e Simple Uni Surf Poncho - WATERSKIS.LV<\/title>\n<meta name=\"description\" content=\"\u041f\u043e\u043d\u0447\u043e Simple Uni Surf Poncho \u043f\u043e\u043b\u043e\u0442\u0435\u043d\u0446\u0435 \u0434\u043b\u044f \u043f\u0435\u0440\u0435\u043e\u0434\u0435\u0432\u0430\u043d\u0438\u044f - \u0443\u0434\u043e\u0431\u043d\u043e\u0435 \u043c\u0430\u0445\u0440\u043e\u0432\u043e\u0435 \u043f\u043e\u043d\u0447\u043e \u0432\u044b \u043c\u043e\u0436\u0435\u0442\u0435 \u043b\u0435\u0433\u043a\u043e \u0438 \u0442\u0435\u043f\u043b\u043e \u043f\u0435\u0440\u0435\u043e\u0434\u0435\u0442\u044c\u0441\u044f \u0432 \u043b\u044e\u0431\u043e\u043c \u043c\u0435\u0441\u0442\u0435 \u0434\u043e \u0438 \u043f\u043e\u0441\u043b\u0435 \u0441\u0435\u0430\u043d\u0441\u0430.\" \/>\n<meta name=\"robots\" content=\"index, follow, max-snippet:-1, max-image-preview:large, max-video-preview:-1\" \/>\n<link rel=\"canonical\" href=\"https:\/\/www.waterskis.lv\/ru\/product\/%d0%bf%d0%be%d0%bd%d1%87%d0%be-simple-uni-surf-poncho\/\" \/>\n<meta property=\"og:locale\" content=\"ru_RU\" \/>\n<meta property=\"og:type\" content=\"article\" \/>\n<meta property=\"og:title\" content=\"\u041f\u043e\u043d\u0447\u043e Simple Uni Surf Poncho - WATERSKIS.LV\" \/>\n<meta property=\"og:description\" content=\"\u041f\u043e\u043d\u0447\u043e Simple Uni Surf Poncho \u043f\u043e\u043b\u043e\u0442\u0435\u043d\u0446\u0435 \u0434\u043b\u044f \u043f\u0435\u0440\u0435\u043e\u0434\u0435\u0432\u0430\u043d\u0438\u044f - \u0443\u0434\u043e\u0431\u043d\u043e\u0435 \u043c\u0430\u0445\u0440\u043e\u0432\u043e\u0435 \u043f\u043e\u043d\u0447\u043e \u0432\u044b \u043c\u043e\u0436\u0435\u0442\u0435 \u043b\u0435\u0433\u043a\u043e \u0438 \u0442\u0435\u043f\u043b\u043e \u043f\u0435\u0440\u0435\u043e\u0434\u0435\u0442\u044c\u0441\u044f \u0432 \u043b\u044e\u0431\u043e\u043c \u043c\u0435\u0441\u0442\u0435 \u0434\u043e \u0438 \u043f\u043e\u0441\u043b\u0435 \u0441\u0435\u0430\u043d\u0441\u0430.\" \/>\n<meta property=\"og:url\" content=\"https:\/\/www.waterskis.lv\/ru\/product\/%d0%bf%d0%be%d0%bd%d1%87%d0%be-simple-uni-surf-poncho\/\" \/>\n<meta property=\"og:site_name\" content=\"WATERSKIS.LV\" \/>\n<meta property=\"article:publisher\" content=\"https:\/\/www.facebook.com\/jurmalawaterskiwakeboardpark\/\" \/>\n<meta property=\"article:modified_time\" content=\"2026-02-07T12:51:14+00:00\" \/>\n<meta property=\"og:image\" content=\"https:\/\/www.waterskis.lv\/wp-content\/uploads\/2023\/02\/BrunottiPon.jpg\" \/>\n\t<meta property=\"og:image:width\" content=\"1500\" \/>\n\t<meta property=\"og:image:height\" content=\"1500\" \/>\n\t<meta property=\"og:image:type\" content=\"image\/jpeg\" \/>\n<meta name=\"twitter:card\" content=\"summary_large_image\" \/>\n<meta name=\"twitter:label1\" content=\"\u041f\u0440\u0438\u043c\u0435\u0440\u043d\u043e\u0435 \u0432\u0440\u0435\u043c\u044f \u0434\u043b\u044f \u0447\u0442\u0435\u043d\u0438\u044f\" \/>\n\t<meta name=\"twitter:data1\" content=\"1 \u043c\u0438\u043d\u0443\u0442\u0430\" \/>\n<script type=\"application\/ld+json\" class=\"yoast-schema-graph\">{\"@context\":\"https:\\\/\\\/schema.org\",\"@graph\":[{\"@type\":\"WebPage\",\"@id\":\"https:\\\/\\\/www.waterskis.lv\\\/ru\\\/product\\\/%d0%bf%d0%be%d0%bd%d1%87%d0%be-simple-uni-surf-poncho\\\/\",\"url\":\"https:\\\/\\\/www.waterskis.lv\\\/ru\\\/product\\\/%d0%bf%d0%be%d0%bd%d1%87%d0%be-simple-uni-surf-poncho\\\/\",\"name\":\"\u041f\u043e\u043d\u0447\u043e Simple Uni Surf Poncho - WATERSKIS.LV\",\"isPartOf\":{\"@id\":\"https:\\\/\\\/www.waterskis.lv\\\/ru\\\/#website\"},\"primaryImageOfPage\":{\"@id\":\"https:\\\/\\\/www.waterskis.lv\\\/ru\\\/product\\\/%d0%bf%d0%be%d0%bd%d1%87%d0%be-simple-uni-surf-poncho\\\/#primaryimage\"},\"image\":{\"@id\":\"https:\\\/\\\/www.waterskis.lv\\\/ru\\\/product\\\/%d0%bf%d0%be%d0%bd%d1%87%d0%be-simple-uni-surf-poncho\\\/#primaryimage\"},\"thumbnailUrl\":\"https:\\\/\\\/www.waterskis.lv\\\/wp-content\\\/uploads\\\/2023\\\/02\\\/BrunottiPon.jpg\",\"datePublished\":\"2023-02-07T16:15:55+00:00\",\"dateModified\":\"2026-02-07T12:51:14+00:00\",\"description\":\"\u041f\u043e\u043d\u0447\u043e Simple Uni Surf Poncho \u043f\u043e\u043b\u043e\u0442\u0435\u043d\u0446\u0435 \u0434\u043b\u044f \u043f\u0435\u0440\u0435\u043e\u0434\u0435\u0432\u0430\u043d\u0438\u044f - \u0443\u0434\u043e\u0431\u043d\u043e\u0435 \u043c\u0430\u0445\u0440\u043e\u0432\u043e\u0435 \u043f\u043e\u043d\u0447\u043e \u0432\u044b \u043c\u043e\u0436\u0435\u0442\u0435 \u043b\u0435\u0433\u043a\u043e \u0438 \u0442\u0435\u043f\u043b\u043e \u043f\u0435\u0440\u0435\u043e\u0434\u0435\u0442\u044c\u0441\u044f \u0432 \u043b\u044e\u0431\u043e\u043c \u043c\u0435\u0441\u0442\u0435 \u0434\u043e \u0438 \u043f\u043e\u0441\u043b\u0435 \u0441\u0435\u0430\u043d\u0441\u0430.\",\"breadcrumb\":{\"@id\":\"https:\\\/\\\/www.waterskis.lv\\\/ru\\\/product\\\/%d0%bf%d0%be%d0%bd%d1%87%d0%be-simple-uni-surf-poncho\\\/#breadcrumb\"},\"inLanguage\":\"ru-RU\",\"potentialAction\":[{\"@type\":\"ReadAction\",\"target\":[\"https:\\\/\\\/www.waterskis.lv\\\/ru\\\/product\\\/%d0%bf%d0%be%d0%bd%d1%87%d0%be-simple-uni-surf-poncho\\\/\"]}]},{\"@type\":\"ImageObject\",\"inLanguage\":\"ru-RU\",\"@id\":\"https:\\\/\\\/www.waterskis.lv\\\/ru\\\/product\\\/%d0%bf%d0%be%d0%bd%d1%87%d0%be-simple-uni-surf-poncho\\\/#primaryimage\",\"url\":\"https:\\\/\\\/www.waterskis.lv\\\/wp-content\\\/uploads\\\/2023\\\/02\\\/BrunottiPon.jpg\",\"contentUrl\":\"https:\\\/\\\/www.waterskis.lv\\\/wp-content\\\/uploads\\\/2023\\\/02\\\/BrunottiPon.jpg\",\"width\":1500,\"height\":1500,\"caption\":\"Pon\u010do Simple Uni Surf Poncho\"},{\"@type\":\"BreadcrumbList\",\"@id\":\"https:\\\/\\\/www.waterskis.lv\\\/ru\\\/product\\\/%d0%bf%d0%be%d0%bd%d1%87%d0%be-simple-uni-surf-poncho\\\/#breadcrumb\",\"itemListElement\":[{\"@type\":\"ListItem\",\"position\":1,\"name\":\"Home\",\"item\":\"https:\\\/\\\/www.waterskis.lv\\\/ru\\\/\"},{\"@type\":\"ListItem\",\"position\":2,\"name\":\"\u041c\u0430\u0433\u0430\u0437\u0438\u043d\",\"item\":\"https:\\\/\\\/www.waterskis.lv\\\/ru\\\/%d0%bc%d0%b0%d0%b3%d0%b0%d0%b7%d0%b8%d0%bd\\\/\"},{\"@type\":\"ListItem\",\"position\":3,\"name\":\"\u041f\u043e\u043d\u0447\u043e Simple Uni Surf Poncho\"}]},{\"@type\":\"WebSite\",\"@id\":\"https:\\\/\\\/www.waterskis.lv\\\/ru\\\/#website\",\"url\":\"https:\\\/\\\/www.waterskis.lv\\\/ru\\\/\",\"name\":\"WATERSKIS.LV\",\"description\":\"SUP d\u0113\u013ci, kajaki, kanoe, airu laivas, \u016bdenssl\u0113po\u0161ana, veikbords, SUP d\u0113\u013cu noma, kajaku nomaakt\u012bv\u0101s atp\u016btas centrs, laivu noma, sup noma, kajaku noma\",\"publisher\":{\"@id\":\"https:\\\/\\\/www.waterskis.lv\\\/ru\\\/#organization\"},\"potentialAction\":[{\"@type\":\"SearchAction\",\"target\":{\"@type\":\"EntryPoint\",\"urlTemplate\":\"https:\\\/\\\/www.waterskis.lv\\\/ru\\\/?s={search_term_string}\"},\"query-input\":{\"@type\":\"PropertyValueSpecification\",\"valueRequired\":true,\"valueName\":\"search_term_string\"}}],\"inLanguage\":\"ru-RU\"},{\"@type\":\"Organization\",\"@id\":\"https:\\\/\\\/www.waterskis.lv\\\/ru\\\/#organization\",\"name\":\"WATERSKIS.LV\",\"url\":\"https:\\\/\\\/www.waterskis.lv\\\/ru\\\/\",\"logo\":{\"@type\":\"ImageObject\",\"inLanguage\":\"ru-RU\",\"@id\":\"https:\\\/\\\/www.waterskis.lv\\\/ru\\\/#\\\/schema\\\/logo\\\/image\\\/\",\"url\":\"https:\\\/\\\/www.waterskis.lv\\\/wp-content\\\/uploads\\\/2025\\\/01\\\/JUVP-logo.png\",\"contentUrl\":\"https:\\\/\\\/www.waterskis.lv\\\/wp-content\\\/uploads\\\/2025\\\/01\\\/JUVP-logo.png\",\"width\":421,\"height\":202,\"caption\":\"WATERSKIS.LV\"},\"image\":{\"@id\":\"https:\\\/\\\/www.waterskis.lv\\\/ru\\\/#\\\/schema\\\/logo\\\/image\\\/\"},\"sameAs\":[\"https:\\\/\\\/www.facebook.com\\\/jurmalawaterskiwakeboardpark\\\/\"]}]}<\/script>\n<!-- \/ Yoast SEO plugin. -->","yoast_head_json":{"title":"\u041f\u043e\u043d\u0447\u043e Simple Uni Surf Poncho - WATERSKIS.LV","description":"\u041f\u043e\u043d\u0447\u043e Simple Uni Surf Poncho \u043f\u043e\u043b\u043e\u0442\u0435\u043d\u0446\u0435 \u0434\u043b\u044f \u043f\u0435\u0440\u0435\u043e\u0434\u0435\u0432\u0430\u043d\u0438\u044f - \u0443\u0434\u043e\u0431\u043d\u043e\u0435 \u043c\u0430\u0445\u0440\u043e\u0432\u043e\u0435 \u043f\u043e\u043d\u0447\u043e \u0432\u044b \u043c\u043e\u0436\u0435\u0442\u0435 \u043b\u0435\u0433\u043a\u043e \u0438 \u0442\u0435\u043f\u043b\u043e \u043f\u0435\u0440\u0435\u043e\u0434\u0435\u0442\u044c\u0441\u044f \u0432 \u043b\u044e\u0431\u043e\u043c \u043c\u0435\u0441\u0442\u0435 \u0434\u043e \u0438 \u043f\u043e\u0441\u043b\u0435 \u0441\u0435\u0430\u043d\u0441\u0430.","robots":{"index":"index","follow":"follow","max-snippet":"max-snippet:-1","max-image-preview":"max-image-preview:large","max-video-preview":"max-video-preview:-1"},"canonical":"https:\/\/www.waterskis.lv\/ru\/product\/%d0%bf%d0%be%d0%bd%d1%87%d0%be-simple-uni-surf-poncho\/","og_locale":"ru_RU","og_type":"article","og_title":"\u041f\u043e\u043d\u0447\u043e Simple Uni Surf Poncho - WATERSKIS.LV","og_description":"\u041f\u043e\u043d\u0447\u043e Simple Uni Surf Poncho \u043f\u043e\u043b\u043e\u0442\u0435\u043d\u0446\u0435 \u0434\u043b\u044f \u043f\u0435\u0440\u0435\u043e\u0434\u0435\u0432\u0430\u043d\u0438\u044f - \u0443\u0434\u043e\u0431\u043d\u043e\u0435 \u043c\u0430\u0445\u0440\u043e\u0432\u043e\u0435 \u043f\u043e\u043d\u0447\u043e \u0432\u044b \u043c\u043e\u0436\u0435\u0442\u0435 \u043b\u0435\u0433\u043a\u043e \u0438 \u0442\u0435\u043f\u043b\u043e \u043f\u0435\u0440\u0435\u043e\u0434\u0435\u0442\u044c\u0441\u044f \u0432 \u043b\u044e\u0431\u043e\u043c \u043c\u0435\u0441\u0442\u0435 \u0434\u043e \u0438 \u043f\u043e\u0441\u043b\u0435 \u0441\u0435\u0430\u043d\u0441\u0430.","og_url":"https:\/\/www.waterskis.lv\/ru\/product\/%d0%bf%d0%be%d0%bd%d1%87%d0%be-simple-uni-surf-poncho\/","og_site_name":"WATERSKIS.LV","article_publisher":"https:\/\/www.facebook.com\/jurmalawaterskiwakeboardpark\/","article_modified_time":"2026-02-07T12:51:14+00:00","og_image":[{"width":1500,"height":1500,"url":"https:\/\/www.waterskis.lv\/wp-content\/uploads\/2023\/02\/BrunottiPon.jpg","type":"image\/jpeg"}],"twitter_card":"summary_large_image","twitter_misc":{"\u041f\u0440\u0438\u043c\u0435\u0440\u043d\u043e\u0435 \u0432\u0440\u0435\u043c\u044f \u0434\u043b\u044f \u0447\u0442\u0435\u043d\u0438\u044f":"1 \u043c\u0438\u043d\u0443\u0442\u0430"},"schema":{"@context":"https:\/\/schema.org","@graph":[{"@type":"WebPage","@id":"https:\/\/www.waterskis.lv\/ru\/product\/%d0%bf%d0%be%d0%bd%d1%87%d0%be-simple-uni-surf-poncho\/","url":"https:\/\/www.waterskis.lv\/ru\/product\/%d0%bf%d0%be%d0%bd%d1%87%d0%be-simple-uni-surf-poncho\/","name":"\u041f\u043e\u043d\u0447\u043e Simple Uni Surf Poncho - WATERSKIS.LV","isPartOf":{"@id":"https:\/\/www.waterskis.lv\/ru\/#website"},"primaryImageOfPage":{"@id":"https:\/\/www.waterskis.lv\/ru\/product\/%d0%bf%d0%be%d0%bd%d1%87%d0%be-simple-uni-surf-poncho\/#primaryimage"},"image":{"@id":"https:\/\/www.waterskis.lv\/ru\/product\/%d0%bf%d0%be%d0%bd%d1%87%d0%be-simple-uni-surf-poncho\/#primaryimage"},"thumbnailUrl":"https:\/\/www.waterskis.lv\/wp-content\/uploads\/2023\/02\/BrunottiPon.jpg","datePublished":"2023-02-07T16:15:55+00:00","dateModified":"2026-02-07T12:51:14+00:00","description":"\u041f\u043e\u043d\u0447\u043e Simple Uni Surf Poncho \u043f\u043e\u043b\u043e\u0442\u0435\u043d\u0446\u0435 \u0434\u043b\u044f \u043f\u0435\u0440\u0435\u043e\u0434\u0435\u0432\u0430\u043d\u0438\u044f - \u0443\u0434\u043e\u0431\u043d\u043e\u0435 \u043c\u0430\u0445\u0440\u043e\u0432\u043e\u0435 \u043f\u043e\u043d\u0447\u043e \u0432\u044b \u043c\u043e\u0436\u0435\u0442\u0435 \u043b\u0435\u0433\u043a\u043e \u0438 \u0442\u0435\u043f\u043b\u043e \u043f\u0435\u0440\u0435\u043e\u0434\u0435\u0442\u044c\u0441\u044f \u0432 \u043b\u044e\u0431\u043e\u043c \u043c\u0435\u0441\u0442\u0435 \u0434\u043e \u0438 \u043f\u043e\u0441\u043b\u0435 \u0441\u0435\u0430\u043d\u0441\u0430.","breadcrumb":{"@id":"https:\/\/www.waterskis.lv\/ru\/product\/%d0%bf%d0%be%d0%bd%d1%87%d0%be-simple-uni-surf-poncho\/#breadcrumb"},"inLanguage":"ru-RU","potentialAction":[{"@type":"ReadAction","target":["https:\/\/www.waterskis.lv\/ru\/product\/%d0%bf%d0%be%d0%bd%d1%87%d0%be-simple-uni-surf-poncho\/"]}]},{"@type":"ImageObject","inLanguage":"ru-RU","@id":"https:\/\/www.waterskis.lv\/ru\/product\/%d0%bf%d0%be%d0%bd%d1%87%d0%be-simple-uni-surf-poncho\/#primaryimage","url":"https:\/\/www.waterskis.lv\/wp-content\/uploads\/2023\/02\/BrunottiPon.jpg","contentUrl":"https:\/\/www.waterskis.lv\/wp-content\/uploads\/2023\/02\/BrunottiPon.jpg","width":1500,"height":1500,"caption":"Pon\u010do Simple Uni Surf Poncho"},{"@type":"BreadcrumbList","@id":"https:\/\/www.waterskis.lv\/ru\/product\/%d0%bf%d0%be%d0%bd%d1%87%d0%be-simple-uni-surf-poncho\/#breadcrumb","itemListElement":[{"@type":"ListItem","position":1,"name":"Home","item":"https:\/\/www.waterskis.lv\/ru\/"},{"@type":"ListItem","position":2,"name":"\u041c\u0430\u0433\u0430\u0437\u0438\u043d","item":"https:\/\/www.waterskis.lv\/ru\/%d0%bc%d0%b0%d0%b3%d0%b0%d0%b7%d0%b8%d0%bd\/"},{"@type":"ListItem","position":3,"name":"\u041f\u043e\u043d\u0447\u043e Simple Uni Surf Poncho"}]},{"@type":"WebSite","@id":"https:\/\/www.waterskis.lv\/ru\/#website","url":"https:\/\/www.waterskis.lv\/ru\/","name":"WATERSKIS.LV","description":"SUP d\u0113\u013ci, kajaki, kanoe, airu laivas, \u016bdenssl\u0113po\u0161ana, veikbords, SUP d\u0113\u013cu noma, kajaku nomaakt\u012bv\u0101s atp\u016btas centrs, laivu noma, sup noma, kajaku noma","publisher":{"@id":"https:\/\/www.waterskis.lv\/ru\/#organization"},"potentialAction":[{"@type":"SearchAction","target":{"@type":"EntryPoint","urlTemplate":"https:\/\/www.waterskis.lv\/ru\/?s={search_term_string}"},"query-input":{"@type":"PropertyValueSpecification","valueRequired":true,"valueName":"search_term_string"}}],"inLanguage":"ru-RU"},{"@type":"Organization","@id":"https:\/\/www.waterskis.lv\/ru\/#organization","name":"WATERSKIS.LV","url":"https:\/\/www.waterskis.lv\/ru\/","logo":{"@type":"ImageObject","inLanguage":"ru-RU","@id":"https:\/\/www.waterskis.lv\/ru\/#\/schema\/logo\/image\/","url":"https:\/\/www.waterskis.lv\/wp-content\/uploads\/2025\/01\/JUVP-logo.png","contentUrl":"https:\/\/www.waterskis.lv\/wp-content\/uploads\/2025\/01\/JUVP-logo.png","width":421,"height":202,"caption":"WATERSKIS.LV"},"image":{"@id":"https:\/\/www.waterskis.lv\/ru\/#\/schema\/logo\/image\/"},"sameAs":["https:\/\/www.facebook.com\/jurmalawaterskiwakeboardpark\/"]}]}},"_links":{"self":[{"href":"https:\/\/www.waterskis.lv\/ru\/wp-json\/wp\/v2\/product\/51491","targetHints":{"allow":["GET"]}}],"collection":[{"href":"https:\/\/www.waterskis.lv\/ru\/wp-json\/wp\/v2\/product"}],"about":[{"href":"https:\/\/www.waterskis.lv\/ru\/wp-json\/wp\/v2\/types\/product"}],"replies":[{"embeddable":true,"href":"https:\/\/www.waterskis.lv\/ru\/wp-json\/wp\/v2\/comments?post=51491"}],"wp:featuredmedia":[{"embeddable":true,"href":"https:\/\/www.waterskis.lv\/ru\/wp-json\/wp\/v2\/media\/51487"}],"wp:attachment":[{"href":"https:\/\/www.waterskis.lv\/ru\/wp-json\/wp\/v2\/media?parent=51491"}],"wp:term":[{"taxonomy":"product_brand","embeddable":true,"href":"https:\/\/www.waterskis.lv\/ru\/wp-json\/wp\/v2\/product_brand?post=51491"},{"taxonomy":"product_cat","embeddable":true,"href":"https:\/\/www.waterskis.lv\/ru\/wp-json\/wp\/v2\/product_cat?post=51491"},{"taxonomy":"product_tag","embeddable":true,"href":"https:\/\/www.waterskis.lv\/ru\/wp-json\/wp\/v2\/product_tag?post=51491"}],"curies":[{"name":"wp","href":"https:\/\/api.w.org\/{rel}","templated":true}]}}