{"id":52438,"date":"2023-06-21T08:11:31","date_gmt":"2023-06-21T05:11:31","guid":{"rendered":"https:\/\/www.waterskis.lv\/product\/sit-on-top-kajaks-amber-nemo\/"},"modified":"2026-01-04T10:41:54","modified_gmt":"2026-01-04T08:41:54","slug":"sit-on-top-kajaks-amber-nemo","status":"publish","type":"product","link":"https:\/\/www.waterskis.lv\/ru\/product\/sit-on-top-kajaks-amber-nemo\/","title":{"rendered":"Sit On Top kajaks AMBER NEMO"},"content":{"rendered":"<h1 class=\"product_title entry-title\">Sit On Top kajaks AMBER NEMO<\/h1>\n<p class=\"product_title entry-title\">Sit On Top kajaks AMBER NEMO<\/p>\n<div class=\"woocommerce-tabs wc-tabs-wrapper\">\n<div id=\"tab-description\" class=\"woocommerce-Tabs-panel woocommerce-Tabs-panel--description panel entry-content wc-tab\" role=\"tabpanel\" aria-labelledby=\"tab-title-description\">\n<h2>Apraksts<\/h2>\n<p><span style=\"background-color: var(--bs-body-bg); color: var(--bs-body-color); font-family: var(--bs-body-font-family); font-size: var(--bs-body-font-size); font-weight: var(--bs-body-font-weight); text-align: var(--bs-body-text-align);\">AMBER NEMO kajaks ir s\u0113do\u0161s kajaks, kas paredz\u0113ts vispras\u012bg\u0101kajiem atp\u016btas air\u0113t\u0101jiem, kuri izbauda stabilu un relaks\u0113jo\u0161u smai\u013co\u0161anas pieredzi mier\u012bgos vai l\u0113nos \u016bde\u0146os. Korpusa dizains nodro\u0161ina izcilu stabilit\u0101ti un lielisku brauk\u0161anu. Vair\u0101kas k\u0101ju balstu poz\u012bcijas da\u017e\u0101da izm\u0113ra air\u0113t\u0101jiem. Augsta bl\u012bvuma polietil\u0113ns (HDPE) padara to stingru un triecieniztur\u012bgu. Fiks\u0113t\u0101 \u0161trope ab\u0101s kl\u0101ja pus\u0113s var nostiprin\u0101t airi uz kajaka un \u013cauj atbr\u012bvot abas rokas, kad nepiecie\u0161ams. P\u0101rn\u0113s\u0101\u0161anas rokturi un centr\u0101lie p\u0101rn\u0113s\u0101\u0161anas rokturi atvieglo transport\u0113\u0161anu uz krastmalu un no t\u0101s. \u0112rta atzveltne ilg\u0101kiem air\u0113\u0161anas piedz\u012bvojumiem. Viegls un diezgan \u012bss \u2013 padara to par ide\u0101lu kajaku \u0113rtai uzglab\u0101\u0161anai un transport\u0113\u0161anai.<\/span><\/p>\n<div class=\"block_content1 rte active\">\n<p>DATI<\/p>\n<p>Tips Sit-on-Top<br \/>\nGarums 255 cm<br \/>\nPlatums 75 cm<br \/>\nSvars 18,5 kg<br \/>\nMateri\u0101ls HDPE<br \/>\nPersonu skaits 1<br \/>\nTilpums 110 kg<br \/>\nLieto\u0161anas m\u0113r\u0137is Atp\u016bta \/ T\u016brisma kajaks<br \/>\nIzcelsmes valsts \u0136\u012bna<\/p>\n<\/div>\n<\/div>\n<\/div>\n","protected":false},"excerpt":{"rendered":"<p>Sit On Top kajaks AMBER NEMO Sit On Top kajaks AMBER NEMO Apraksts AMBER NEMO kajaks ir s\u0113do\u0161s kajaks, kas paredz\u0113ts vispras\u012bg\u0101kajiem atp\u016btas air\u0113t\u0101jiem, kuri izbauda stabilu un relaks\u0113jo\u0161u smai\u013co\u0161anas pieredzi mier\u012bgos vai l\u0113nos \u016bde\u0146os. Korpusa dizains nodro\u0161ina izcilu stabilit\u0101ti un lielisku brauk\u0161anu. Vair\u0101kas k\u0101ju balstu poz\u012bcijas da\u017e\u0101da izm\u0113ra air\u0113t\u0101jiem. Augsta bl\u012bvuma polietil\u0113ns (HDPE) padara [&#8230;]<\/p>\n<p><a class=\"btn btn-secondary understrap-read-more-link\" href=\"https:\/\/www.waterskis.lv\/ru\/product\/sit-on-top-kajaks-amber-nemo\/\">\u0427\u0438\u0442\u0430\u0442\u044c \u0434\u0430\u043b\u044c\u0448\u0435\u2026<\/a><\/p>\n","protected":false},"featured_media":53974,"comment_status":"closed","ping_status":"closed","template":"","meta":{"_acf_changed":false,"inline_featured_image":false},"product_brand":[],"product_cat":[538,508,516],"product_tag":[],"class_list":{"0":"post-52438","1":"product","2":"type-product","3":"status-publish","4":"has-post-thumbnail","6":"product_cat--sit-on-top","7":"product_cat-508","8":"product_cat---sit-on-top","10":"first","11":"instock","12":"shipping-taxable","13":"product-type-simple"},"acf":[],"yoast_head":"<!-- This site is optimized with the Yoast SEO plugin v27.5 - https:\/\/yoast.com\/product\/yoast-seo-wordpress\/ -->\n<title>Sit On Top kajaks AMBER NEMO - WATERSKIS.LV<\/title>\n<meta name=\"description\" content=\"Sit On Top kajaks AMBER NEMO ir paredz\u0113ts vispras\u012bg\u0101kajiem atp\u016btas air\u0113t\u0101jiem stabilai un relaks\u0113jo\u0161ai smai\u013co\u0161anas pieredzei mier\u012bgos vai l\u0113nos \u016bde\u0146os\" \/>\n<meta name=\"robots\" content=\"index, follow, max-snippet:-1, max-image-preview:large, max-video-preview:-1\" \/>\n<link rel=\"canonical\" href=\"https:\/\/www.waterskis.lv\/ru\/product\/sit-on-top-kajaks-amber-nemo\/\" \/>\n<meta property=\"og:locale\" content=\"ru_RU\" \/>\n<meta property=\"og:type\" content=\"article\" \/>\n<meta property=\"og:title\" content=\"Sit On Top kajaks AMBER NEMO - WATERSKIS.LV\" \/>\n<meta property=\"og:description\" content=\"Sit On Top kajaks AMBER NEMO ir paredz\u0113ts vispras\u012bg\u0101kajiem atp\u016btas air\u0113t\u0101jiem stabilai un relaks\u0113jo\u0161ai smai\u013co\u0161anas pieredzei mier\u012bgos vai l\u0113nos \u016bde\u0146os\" \/>\n<meta property=\"og:url\" content=\"https:\/\/www.waterskis.lv\/ru\/product\/sit-on-top-kajaks-amber-nemo\/\" \/>\n<meta property=\"og:site_name\" content=\"WATERSKIS.LV\" \/>\n<meta property=\"article:publisher\" content=\"https:\/\/www.facebook.com\/jurmalawaterskiwakeboardpark\/\" \/>\n<meta property=\"article:modified_time\" content=\"2026-01-04T08:41:54+00:00\" \/>\n<meta property=\"og:image\" content=\"https:\/\/www.waterskis.lv\/wp-content\/uploads\/2023\/06\/Nemo.jpg\" \/>\n\t<meta property=\"og:image:width\" content=\"1000\" \/>\n\t<meta property=\"og:image:height\" content=\"1000\" \/>\n\t<meta property=\"og:image:type\" content=\"image\/jpeg\" \/>\n<meta name=\"twitter:card\" content=\"summary_large_image\" \/>\n<meta name=\"twitter:label1\" content=\"\u041f\u0440\u0438\u043c\u0435\u0440\u043d\u043e\u0435 \u0432\u0440\u0435\u043c\u044f \u0434\u043b\u044f \u0447\u0442\u0435\u043d\u0438\u044f\" \/>\n\t<meta name=\"twitter:data1\" content=\"1 \u043c\u0438\u043d\u0443\u0442\u0430\" \/>\n<script type=\"application\/ld+json\" class=\"yoast-schema-graph\">{\"@context\":\"https:\\\/\\\/schema.org\",\"@graph\":[{\"@type\":\"WebPage\",\"@id\":\"https:\\\/\\\/www.waterskis.lv\\\/ru\\\/product\\\/sit-on-top-kajaks-amber-nemo\\\/\",\"url\":\"https:\\\/\\\/www.waterskis.lv\\\/ru\\\/product\\\/sit-on-top-kajaks-amber-nemo\\\/\",\"name\":\"Sit On Top kajaks AMBER NEMO - WATERSKIS.LV\",\"isPartOf\":{\"@id\":\"https:\\\/\\\/www.waterskis.lv\\\/ru\\\/#website\"},\"primaryImageOfPage\":{\"@id\":\"https:\\\/\\\/www.waterskis.lv\\\/ru\\\/product\\\/sit-on-top-kajaks-amber-nemo\\\/#primaryimage\"},\"image\":{\"@id\":\"https:\\\/\\\/www.waterskis.lv\\\/ru\\\/product\\\/sit-on-top-kajaks-amber-nemo\\\/#primaryimage\"},\"thumbnailUrl\":\"https:\\\/\\\/www.waterskis.lv\\\/wp-content\\\/uploads\\\/2023\\\/06\\\/Nemo.jpg\",\"datePublished\":\"2023-06-21T05:11:31+00:00\",\"dateModified\":\"2026-01-04T08:41:54+00:00\",\"description\":\"Sit On Top kajaks AMBER NEMO ir paredz\u0113ts vispras\u012bg\u0101kajiem atp\u016btas air\u0113t\u0101jiem stabilai un relaks\u0113jo\u0161ai smai\u013co\u0161anas pieredzei mier\u012bgos vai l\u0113nos \u016bde\u0146os\",\"breadcrumb\":{\"@id\":\"https:\\\/\\\/www.waterskis.lv\\\/ru\\\/product\\\/sit-on-top-kajaks-amber-nemo\\\/#breadcrumb\"},\"inLanguage\":\"ru-RU\",\"potentialAction\":[{\"@type\":\"ReadAction\",\"target\":[\"https:\\\/\\\/www.waterskis.lv\\\/ru\\\/product\\\/sit-on-top-kajaks-amber-nemo\\\/\"]}]},{\"@type\":\"ImageObject\",\"inLanguage\":\"ru-RU\",\"@id\":\"https:\\\/\\\/www.waterskis.lv\\\/ru\\\/product\\\/sit-on-top-kajaks-amber-nemo\\\/#primaryimage\",\"url\":\"https:\\\/\\\/www.waterskis.lv\\\/wp-content\\\/uploads\\\/2023\\\/06\\\/Nemo.jpg\",\"contentUrl\":\"https:\\\/\\\/www.waterskis.lv\\\/wp-content\\\/uploads\\\/2023\\\/06\\\/Nemo.jpg\",\"width\":1000,\"height\":1000,\"caption\":\"Sit On Top kajaks AMBER NEMO\"},{\"@type\":\"BreadcrumbList\",\"@id\":\"https:\\\/\\\/www.waterskis.lv\\\/ru\\\/product\\\/sit-on-top-kajaks-amber-nemo\\\/#breadcrumb\",\"itemListElement\":[{\"@type\":\"ListItem\",\"position\":1,\"name\":\"Home\",\"item\":\"https:\\\/\\\/www.waterskis.lv\\\/ru\\\/\"},{\"@type\":\"ListItem\",\"position\":2,\"name\":\"\u041c\u0430\u0433\u0430\u0437\u0438\u043d\",\"item\":\"https:\\\/\\\/www.waterskis.lv\\\/ru\\\/%d0%bc%d0%b0%d0%b3%d0%b0%d0%b7%d0%b8%d0%bd\\\/\"},{\"@type\":\"ListItem\",\"position\":3,\"name\":\"Sit On Top kajaks AMBER NEMO\"}]},{\"@type\":\"WebSite\",\"@id\":\"https:\\\/\\\/www.waterskis.lv\\\/ru\\\/#website\",\"url\":\"https:\\\/\\\/www.waterskis.lv\\\/ru\\\/\",\"name\":\"WATERSKIS.LV\",\"description\":\"SUP d\u0113\u013ci, kajaki, kanoe, airu laivas, \u016bdenssl\u0113po\u0161ana, veikbords, SUP d\u0113\u013cu noma, kajaku nomaakt\u012bv\u0101s atp\u016btas centrs, laivu noma, sup noma, kajaku noma\",\"publisher\":{\"@id\":\"https:\\\/\\\/www.waterskis.lv\\\/ru\\\/#organization\"},\"potentialAction\":[{\"@type\":\"SearchAction\",\"target\":{\"@type\":\"EntryPoint\",\"urlTemplate\":\"https:\\\/\\\/www.waterskis.lv\\\/ru\\\/?s={search_term_string}\"},\"query-input\":{\"@type\":\"PropertyValueSpecification\",\"valueRequired\":true,\"valueName\":\"search_term_string\"}}],\"inLanguage\":\"ru-RU\"},{\"@type\":\"Organization\",\"@id\":\"https:\\\/\\\/www.waterskis.lv\\\/ru\\\/#organization\",\"name\":\"WATERSKIS.LV\",\"url\":\"https:\\\/\\\/www.waterskis.lv\\\/ru\\\/\",\"logo\":{\"@type\":\"ImageObject\",\"inLanguage\":\"ru-RU\",\"@id\":\"https:\\\/\\\/www.waterskis.lv\\\/ru\\\/#\\\/schema\\\/logo\\\/image\\\/\",\"url\":\"https:\\\/\\\/www.waterskis.lv\\\/wp-content\\\/uploads\\\/2025\\\/01\\\/JUVP-logo.png\",\"contentUrl\":\"https:\\\/\\\/www.waterskis.lv\\\/wp-content\\\/uploads\\\/2025\\\/01\\\/JUVP-logo.png\",\"width\":421,\"height\":202,\"caption\":\"WATERSKIS.LV\"},\"image\":{\"@id\":\"https:\\\/\\\/www.waterskis.lv\\\/ru\\\/#\\\/schema\\\/logo\\\/image\\\/\"},\"sameAs\":[\"https:\\\/\\\/www.facebook.com\\\/jurmalawaterskiwakeboardpark\\\/\"]}]}<\/script>\n<!-- \/ Yoast SEO plugin. -->","yoast_head_json":{"title":"Sit On Top kajaks AMBER NEMO - WATERSKIS.LV","description":"Sit On Top kajaks AMBER NEMO ir paredz\u0113ts vispras\u012bg\u0101kajiem atp\u016btas air\u0113t\u0101jiem stabilai un relaks\u0113jo\u0161ai smai\u013co\u0161anas pieredzei mier\u012bgos vai l\u0113nos \u016bde\u0146os","robots":{"index":"index","follow":"follow","max-snippet":"max-snippet:-1","max-image-preview":"max-image-preview:large","max-video-preview":"max-video-preview:-1"},"canonical":"https:\/\/www.waterskis.lv\/ru\/product\/sit-on-top-kajaks-amber-nemo\/","og_locale":"ru_RU","og_type":"article","og_title":"Sit On Top kajaks AMBER NEMO - WATERSKIS.LV","og_description":"Sit On Top kajaks AMBER NEMO ir paredz\u0113ts vispras\u012bg\u0101kajiem atp\u016btas air\u0113t\u0101jiem stabilai un relaks\u0113jo\u0161ai smai\u013co\u0161anas pieredzei mier\u012bgos vai l\u0113nos \u016bde\u0146os","og_url":"https:\/\/www.waterskis.lv\/ru\/product\/sit-on-top-kajaks-amber-nemo\/","og_site_name":"WATERSKIS.LV","article_publisher":"https:\/\/www.facebook.com\/jurmalawaterskiwakeboardpark\/","article_modified_time":"2026-01-04T08:41:54+00:00","og_image":[{"width":1000,"height":1000,"url":"https:\/\/www.waterskis.lv\/wp-content\/uploads\/2023\/06\/Nemo.jpg","type":"image\/jpeg"}],"twitter_card":"summary_large_image","twitter_misc":{"\u041f\u0440\u0438\u043c\u0435\u0440\u043d\u043e\u0435 \u0432\u0440\u0435\u043c\u044f \u0434\u043b\u044f \u0447\u0442\u0435\u043d\u0438\u044f":"1 \u043c\u0438\u043d\u0443\u0442\u0430"},"schema":{"@context":"https:\/\/schema.org","@graph":[{"@type":"WebPage","@id":"https:\/\/www.waterskis.lv\/ru\/product\/sit-on-top-kajaks-amber-nemo\/","url":"https:\/\/www.waterskis.lv\/ru\/product\/sit-on-top-kajaks-amber-nemo\/","name":"Sit On Top kajaks AMBER NEMO - WATERSKIS.LV","isPartOf":{"@id":"https:\/\/www.waterskis.lv\/ru\/#website"},"primaryImageOfPage":{"@id":"https:\/\/www.waterskis.lv\/ru\/product\/sit-on-top-kajaks-amber-nemo\/#primaryimage"},"image":{"@id":"https:\/\/www.waterskis.lv\/ru\/product\/sit-on-top-kajaks-amber-nemo\/#primaryimage"},"thumbnailUrl":"https:\/\/www.waterskis.lv\/wp-content\/uploads\/2023\/06\/Nemo.jpg","datePublished":"2023-06-21T05:11:31+00:00","dateModified":"2026-01-04T08:41:54+00:00","description":"Sit On Top kajaks AMBER NEMO ir paredz\u0113ts vispras\u012bg\u0101kajiem atp\u016btas air\u0113t\u0101jiem stabilai un relaks\u0113jo\u0161ai smai\u013co\u0161anas pieredzei mier\u012bgos vai l\u0113nos \u016bde\u0146os","breadcrumb":{"@id":"https:\/\/www.waterskis.lv\/ru\/product\/sit-on-top-kajaks-amber-nemo\/#breadcrumb"},"inLanguage":"ru-RU","potentialAction":[{"@type":"ReadAction","target":["https:\/\/www.waterskis.lv\/ru\/product\/sit-on-top-kajaks-amber-nemo\/"]}]},{"@type":"ImageObject","inLanguage":"ru-RU","@id":"https:\/\/www.waterskis.lv\/ru\/product\/sit-on-top-kajaks-amber-nemo\/#primaryimage","url":"https:\/\/www.waterskis.lv\/wp-content\/uploads\/2023\/06\/Nemo.jpg","contentUrl":"https:\/\/www.waterskis.lv\/wp-content\/uploads\/2023\/06\/Nemo.jpg","width":1000,"height":1000,"caption":"Sit On Top kajaks AMBER NEMO"},{"@type":"BreadcrumbList","@id":"https:\/\/www.waterskis.lv\/ru\/product\/sit-on-top-kajaks-amber-nemo\/#breadcrumb","itemListElement":[{"@type":"ListItem","position":1,"name":"Home","item":"https:\/\/www.waterskis.lv\/ru\/"},{"@type":"ListItem","position":2,"name":"\u041c\u0430\u0433\u0430\u0437\u0438\u043d","item":"https:\/\/www.waterskis.lv\/ru\/%d0%bc%d0%b0%d0%b3%d0%b0%d0%b7%d0%b8%d0%bd\/"},{"@type":"ListItem","position":3,"name":"Sit On Top kajaks AMBER NEMO"}]},{"@type":"WebSite","@id":"https:\/\/www.waterskis.lv\/ru\/#website","url":"https:\/\/www.waterskis.lv\/ru\/","name":"WATERSKIS.LV","description":"SUP d\u0113\u013ci, kajaki, kanoe, airu laivas, \u016bdenssl\u0113po\u0161ana, veikbords, SUP d\u0113\u013cu noma, kajaku nomaakt\u012bv\u0101s atp\u016btas centrs, laivu noma, sup noma, kajaku noma","publisher":{"@id":"https:\/\/www.waterskis.lv\/ru\/#organization"},"potentialAction":[{"@type":"SearchAction","target":{"@type":"EntryPoint","urlTemplate":"https:\/\/www.waterskis.lv\/ru\/?s={search_term_string}"},"query-input":{"@type":"PropertyValueSpecification","valueRequired":true,"valueName":"search_term_string"}}],"inLanguage":"ru-RU"},{"@type":"Organization","@id":"https:\/\/www.waterskis.lv\/ru\/#organization","name":"WATERSKIS.LV","url":"https:\/\/www.waterskis.lv\/ru\/","logo":{"@type":"ImageObject","inLanguage":"ru-RU","@id":"https:\/\/www.waterskis.lv\/ru\/#\/schema\/logo\/image\/","url":"https:\/\/www.waterskis.lv\/wp-content\/uploads\/2025\/01\/JUVP-logo.png","contentUrl":"https:\/\/www.waterskis.lv\/wp-content\/uploads\/2025\/01\/JUVP-logo.png","width":421,"height":202,"caption":"WATERSKIS.LV"},"image":{"@id":"https:\/\/www.waterskis.lv\/ru\/#\/schema\/logo\/image\/"},"sameAs":["https:\/\/www.facebook.com\/jurmalawaterskiwakeboardpark\/"]}]}},"_links":{"self":[{"href":"https:\/\/www.waterskis.lv\/ru\/wp-json\/wp\/v2\/product\/52438","targetHints":{"allow":["GET"]}}],"collection":[{"href":"https:\/\/www.waterskis.lv\/ru\/wp-json\/wp\/v2\/product"}],"about":[{"href":"https:\/\/www.waterskis.lv\/ru\/wp-json\/wp\/v2\/types\/product"}],"replies":[{"embeddable":true,"href":"https:\/\/www.waterskis.lv\/ru\/wp-json\/wp\/v2\/comments?post=52438"}],"wp:featuredmedia":[{"embeddable":true,"href":"https:\/\/www.waterskis.lv\/ru\/wp-json\/wp\/v2\/media\/53974"}],"wp:attachment":[{"href":"https:\/\/www.waterskis.lv\/ru\/wp-json\/wp\/v2\/media?parent=52438"}],"wp:term":[{"taxonomy":"product_brand","embeddable":true,"href":"https:\/\/www.waterskis.lv\/ru\/wp-json\/wp\/v2\/product_brand?post=52438"},{"taxonomy":"product_cat","embeddable":true,"href":"https:\/\/www.waterskis.lv\/ru\/wp-json\/wp\/v2\/product_cat?post=52438"},{"taxonomy":"product_tag","embeddable":true,"href":"https:\/\/www.waterskis.lv\/ru\/wp-json\/wp\/v2\/product_tag?post=52438"}],"curies":[{"name":"wp","href":"https:\/\/api.w.org\/{rel}","templated":true}]}}