{"id":54883,"date":"2024-05-29T09:43:03","date_gmt":"2024-05-29T06:43:03","guid":{"rendered":"https:\/\/www.waterskis.lv\/product\/connelly-peldesanas-josta-m\/"},"modified":"2026-02-07T10:26:40","modified_gmt":"2026-02-07T08:26:40","slug":"%d0%bf%d0%be%d1%8f%d1%81-%d0%b4%d0%bb%d1%8f-%d0%bf%d0%bb%d0%b0%d0%b2%d0%b0%d0%bd%d0%b8%d1%8f-connelly-m","status":"publish","type":"product","link":"https:\/\/www.waterskis.lv\/ru\/product\/%d0%bf%d0%be%d1%8f%d1%81-%d0%b4%d0%bb%d1%8f-%d0%bf%d0%bb%d0%b0%d0%b2%d0%b0%d0%bd%d0%b8%d1%8f-connelly-m\/","title":{"rendered":"\u041f\u043e\u044f\u0441 \u0434\u043b\u044f \u043f\u043b\u0430\u0432\u0430\u043d\u0438\u044f Connelly M"},"content":{"rendered":"<h1>\u041f\u043e\u044f\u0441 \u0434\u043b\u044f \u043f\u043b\u0430\u0432\u0430\u043d\u0438\u044f Connelly M<\/h1>\n<p>\u041f\u043e\u044f\u0441 \u0434\u043b\u044f \u043f\u043b\u0430\u0432\u0430\u043d\u0438\u044f Connelly M<\/p>\n<p>\u0421\u0440\u0435\u0434\u043d\u0438\u0439 (\u043e\u0431\u0445\u0432\u0430\u0442 \u0442\u0430\u043b\u0438\u0438 32\u201338 \u0434\u044e\u0439\u043c\u043e\u0432)<\/p>\n<p>\u0422\u043e\u043d\u043a\u0438\u0439 \u043f\u0440\u043e\u0444\u0438\u043b\u044c \u0434\u043b\u044f \u043f\u043e\u0432\u044b\u0448\u0435\u043d\u043d\u043e\u0439 \u043c\u043e\u0431\u0438\u043b\u044c\u043d\u043e\u0441\u0442\u0438 \u0438 \u0434\u0432\u0438\u0436\u0435\u043d\u0438\u044f.<br \/>\n\u0412\u0438\u043d\u0438\u043b, \u043f\u043e\u043a\u0440\u044b\u0442\u044b\u0439 \u043f\u043e\u0433\u0440\u0443\u0436\u0435\u043d\u0438\u0435\u043c, \u043e\u0431\u043b\u0430\u0434\u0430\u0435\u0442 \u043f\u043e\u0432\u044b\u0448\u0435\u043d\u043d\u043e\u0439 \u0443\u0441\u0442\u043e\u0439\u0447\u0438\u0432\u043e\u0441\u0442\u044c\u044e \u043a \u0443\u043b\u044c\u0442\u0440\u0430\u0444\u0438\u043e\u043b\u0435\u0442\u043e\u0432\u043e\u043c\u0443 \u0438\u0437\u043b\u0443\u0447\u0435\u043d\u0438\u044e, \u0441\u043e\u043b\u0435\u043d\u043e\u0439 \u0432\u043e\u0434\u0435 \u0438 \u0445\u043b\u043e\u0440\u0443.<br \/>\n\u041e\u0442\u043b\u0438\u0447\u043d\u0430\u044f \u043f\u043b\u0430\u0432\u0443\u0447\u0435\u0441\u0442\u044c \u0434\u043b\u044f \u043f\u043b\u043e\u0432\u0446\u043e\u0432 \u0438 \u043b\u044b\u0436\u043d\u0438\u043a\u043e\u0432.<br \/>\n\u0412 \u043a\u043e\u043c\u043f\u043b\u0435\u043a\u0442 \u0432\u0445\u043e\u0434\u0438\u0442 \u0431\u044b\u0441\u0442\u0440\u043e\u0437\u0430\u0441\u0442\u0435\u0433\u0438\u0432\u0430\u044e\u0449\u0430\u044f\u0441\u044f \u043f\u0440\u044f\u0436\u043a\u0430 \u0434\u043b\u044f \u043b\u0435\u0433\u043a\u043e\u0433\u043e \u043d\u0430\u0434\u0435\u0432\u0430\u043d\u0438\u044f \u0438 \u0441\u043d\u044f\u0442\u0438\u044f.<\/p>\n","protected":false},"excerpt":{"rendered":"<p>\u041f\u043e\u044f\u0441 \u0434\u043b\u044f \u043f\u043b\u0430\u0432\u0430\u043d\u0438\u044f Connelly M \u041f\u043e\u044f\u0441 \u0434\u043b\u044f \u043f\u043b\u0430\u0432\u0430\u043d\u0438\u044f Connelly M \u0421\u0440\u0435\u0434\u043d\u0438\u0439 (\u043e\u0431\u0445\u0432\u0430\u0442 \u0442\u0430\u043b\u0438\u0438 32\u201338 \u0434\u044e\u0439\u043c\u043e\u0432) \u0422\u043e\u043d\u043a\u0438\u0439 \u043f\u0440\u043e\u0444\u0438\u043b\u044c \u0434\u043b\u044f \u043f\u043e\u0432\u044b\u0448\u0435\u043d\u043d\u043e\u0439 \u043c\u043e\u0431\u0438\u043b\u044c\u043d\u043e\u0441\u0442\u0438 \u0438 \u0434\u0432\u0438\u0436\u0435\u043d\u0438\u044f. \u0412\u0438\u043d\u0438\u043b, \u043f\u043e\u043a\u0440\u044b\u0442\u044b\u0439 \u043f\u043e\u0433\u0440\u0443\u0436\u0435\u043d\u0438\u0435\u043c, \u043e\u0431\u043b\u0430\u0434\u0430\u0435\u0442 \u043f\u043e\u0432\u044b\u0448\u0435\u043d\u043d\u043e\u0439 \u0443\u0441\u0442\u043e\u0439\u0447\u0438\u0432\u043e\u0441\u0442\u044c\u044e \u043a \u0443\u043b\u044c\u0442\u0440\u0430\u0444\u0438\u043e\u043b\u0435\u0442\u043e\u0432\u043e\u043c\u0443 \u0438\u0437\u043b\u0443\u0447\u0435\u043d\u0438\u044e, \u0441\u043e\u043b\u0435\u043d\u043e\u0439 \u0432\u043e\u0434\u0435 \u0438 \u0445\u043b\u043e\u0440\u0443. \u041e\u0442\u043b\u0438\u0447\u043d\u0430\u044f \u043f\u043b\u0430\u0432\u0443\u0447\u0435\u0441\u0442\u044c \u0434\u043b\u044f \u043f\u043b\u043e\u0432\u0446\u043e\u0432 \u0438 \u043b\u044b\u0436\u043d\u0438\u043a\u043e\u0432. \u0412 \u043a\u043e\u043c\u043f\u043b\u0435\u043a\u0442 \u0432\u0445\u043e\u0434\u0438\u0442 \u0431\u044b\u0441\u0442\u0440\u043e\u0437\u0430\u0441\u0442\u0435\u0433\u0438\u0432\u0430\u044e\u0449\u0430\u044f\u0441\u044f \u043f\u0440\u044f\u0436\u043a\u0430 \u0434\u043b\u044f \u043b\u0435\u0433\u043a\u043e\u0433\u043e \u043d\u0430\u0434\u0435\u0432\u0430\u043d\u0438\u044f \u0438 \u0441\u043d\u044f\u0442\u0438\u044f. [&#8230;]<\/p>\n<p><a class=\"btn btn-secondary understrap-read-more-link\" href=\"https:\/\/www.waterskis.lv\/ru\/product\/%d0%bf%d0%be%d1%8f%d1%81-%d0%b4%d0%bb%d1%8f-%d0%bf%d0%bb%d0%b0%d0%b2%d0%b0%d0%bd%d0%b8%d1%8f-connelly-m\/\">\u0427\u0438\u0442\u0430\u0442\u044c \u0434\u0430\u043b\u044c\u0448\u0435\u2026<\/a><\/p>\n","protected":false},"featured_media":54878,"comment_status":"closed","ping_status":"closed","template":"","meta":{"_acf_changed":false,"inline_featured_image":false},"product_brand":[1280],"product_cat":[366],"product_tag":[3611,3612,3620,1278,3613,1448,3614,3615,1609],"class_list":{"0":"post-54883","1":"product","2":"type-product","3":"status-publish","4":"has-post-thumbnail","6":"product_brand-connelly-water-sports","7":"product_cat-366","8":"product_tag-buoyancy-aid","9":"product_tag-certified-life-jacket","10":"product_tag-connelly-skis","11":"product_tag-glabsanas-veste","12":"product_tag-life-jacket","13":"product_tag-peldveste","14":"product_tag-sertificeta-glabsanas-veste","15":"product_tag-3615","16":"product_tag-1609","18":"first","19":"instock","20":"shipping-taxable","21":"purchasable","22":"product-type-simple"},"acf":[],"yoast_head":"<!-- This site is optimized with the Yoast SEO plugin v27.4 - https:\/\/yoast.com\/product\/yoast-seo-wordpress\/ -->\n<title>\u041f\u043e\u044f\u0441 \u0434\u043b\u044f \u043f\u043b\u0430\u0432\u0430\u043d\u0438\u044f Connelly M - WATERSKIS.LV<\/title>\n<meta name=\"description\" content=\"\u041f\u043e\u044f\u0441 \u0434\u043b\u044f \u043f\u043b\u0430\u0432\u0430\u043d\u0438\u044f Connelly M. \u0421\u0440\u0435\u0434\u043d\u0438\u0439 (\u043e\u0431\u0445\u0432\u0430\u0442 \u0442\u0430\u043b\u0438\u0438 32\u201338 \u0434\u044e\u0439\u043c\u043e\u0432)\u0422\u043e\u043d\u043a\u0438\u0439 \u043f\u0440\u043e\u0444\u0438\u043b\u044c \u0434\u043b\u044f \u043f\u043e\u0432\u044b\u0448\u0435\u043d\u043d\u043e\u0439 \u043c\u043e\u0431\u0438\u043b\u044c\u043d\u043e\u0441\u0442\u0438 \u0438 \u0434\u0432\u0438\u0436\u0435\u043d\u0438\u044f. \u0412\u0438\u043d\u0438\u043b, \u043f\u043e\u043a\u0440\u044b\u0442\u044b\u0439\" \/>\n<meta name=\"robots\" content=\"index, follow, max-snippet:-1, max-image-preview:large, max-video-preview:-1\" \/>\n<link rel=\"canonical\" href=\"https:\/\/www.waterskis.lv\/ru\/product\/%d0%bf%d0%be%d1%8f%d1%81-%d0%b4%d0%bb%d1%8f-%d0%bf%d0%bb%d0%b0%d0%b2%d0%b0%d0%bd%d0%b8%d1%8f-connelly-m\/\" \/>\n<meta property=\"og:locale\" content=\"ru_RU\" \/>\n<meta property=\"og:type\" content=\"article\" \/>\n<meta property=\"og:title\" content=\"\u041f\u043e\u044f\u0441 \u0434\u043b\u044f \u043f\u043b\u0430\u0432\u0430\u043d\u0438\u044f Connelly M - WATERSKIS.LV\" \/>\n<meta property=\"og:description\" content=\"\u041f\u043e\u044f\u0441 \u0434\u043b\u044f \u043f\u043b\u0430\u0432\u0430\u043d\u0438\u044f Connelly M. \u0421\u0440\u0435\u0434\u043d\u0438\u0439 (\u043e\u0431\u0445\u0432\u0430\u0442 \u0442\u0430\u043b\u0438\u0438 32\u201338 \u0434\u044e\u0439\u043c\u043e\u0432)\u0422\u043e\u043d\u043a\u0438\u0439 \u043f\u0440\u043e\u0444\u0438\u043b\u044c \u0434\u043b\u044f \u043f\u043e\u0432\u044b\u0448\u0435\u043d\u043d\u043e\u0439 \u043c\u043e\u0431\u0438\u043b\u044c\u043d\u043e\u0441\u0442\u0438 \u0438 \u0434\u0432\u0438\u0436\u0435\u043d\u0438\u044f. \u0412\u0438\u043d\u0438\u043b, \u043f\u043e\u043a\u0440\u044b\u0442\u044b\u0439\" \/>\n<meta property=\"og:url\" content=\"https:\/\/www.waterskis.lv\/ru\/product\/%d0%bf%d0%be%d1%8f%d1%81-%d0%b4%d0%bb%d1%8f-%d0%bf%d0%bb%d0%b0%d0%b2%d0%b0%d0%bd%d0%b8%d1%8f-connelly-m\/\" \/>\n<meta property=\"og:site_name\" content=\"WATERSKIS.LV\" \/>\n<meta property=\"article:publisher\" content=\"https:\/\/www.facebook.com\/jurmalawaterskiwakeboardpark\/\" \/>\n<meta property=\"article:modified_time\" content=\"2026-02-07T08:26:40+00:00\" \/>\n<meta property=\"og:image\" content=\"https:\/\/www.waterskis.lv\/wp-content\/uploads\/2024\/05\/SwimBelt1.webp\" \/>\n\t<meta property=\"og:image:width\" content=\"640\" \/>\n\t<meta property=\"og:image:height\" content=\"640\" \/>\n\t<meta property=\"og:image:type\" content=\"image\/webp\" \/>\n<meta name=\"twitter:card\" content=\"summary_large_image\" \/>\n<meta name=\"twitter:label1\" content=\"\u041f\u0440\u0438\u043c\u0435\u0440\u043d\u043e\u0435 \u0432\u0440\u0435\u043c\u044f \u0434\u043b\u044f \u0447\u0442\u0435\u043d\u0438\u044f\" \/>\n\t<meta name=\"twitter:data1\" content=\"1 \u043c\u0438\u043d\u0443\u0442\u0430\" \/>\n<script type=\"application\/ld+json\" class=\"yoast-schema-graph\">{\"@context\":\"https:\\\/\\\/schema.org\",\"@graph\":[{\"@type\":\"WebPage\",\"@id\":\"https:\\\/\\\/www.waterskis.lv\\\/ru\\\/product\\\/%d0%bf%d0%be%d1%8f%d1%81-%d0%b4%d0%bb%d1%8f-%d0%bf%d0%bb%d0%b0%d0%b2%d0%b0%d0%bd%d0%b8%d1%8f-connelly-m\\\/\",\"url\":\"https:\\\/\\\/www.waterskis.lv\\\/ru\\\/product\\\/%d0%bf%d0%be%d1%8f%d1%81-%d0%b4%d0%bb%d1%8f-%d0%bf%d0%bb%d0%b0%d0%b2%d0%b0%d0%bd%d0%b8%d1%8f-connelly-m\\\/\",\"name\":\"\u041f\u043e\u044f\u0441 \u0434\u043b\u044f \u043f\u043b\u0430\u0432\u0430\u043d\u0438\u044f Connelly M - WATERSKIS.LV\",\"isPartOf\":{\"@id\":\"https:\\\/\\\/www.waterskis.lv\\\/ru\\\/#website\"},\"primaryImageOfPage\":{\"@id\":\"https:\\\/\\\/www.waterskis.lv\\\/ru\\\/product\\\/%d0%bf%d0%be%d1%8f%d1%81-%d0%b4%d0%bb%d1%8f-%d0%bf%d0%bb%d0%b0%d0%b2%d0%b0%d0%bd%d0%b8%d1%8f-connelly-m\\\/#primaryimage\"},\"image\":{\"@id\":\"https:\\\/\\\/www.waterskis.lv\\\/ru\\\/product\\\/%d0%bf%d0%be%d1%8f%d1%81-%d0%b4%d0%bb%d1%8f-%d0%bf%d0%bb%d0%b0%d0%b2%d0%b0%d0%bd%d0%b8%d1%8f-connelly-m\\\/#primaryimage\"},\"thumbnailUrl\":\"https:\\\/\\\/www.waterskis.lv\\\/wp-content\\\/uploads\\\/2024\\\/05\\\/SwimBelt1.webp\",\"datePublished\":\"2024-05-29T06:43:03+00:00\",\"dateModified\":\"2026-02-07T08:26:40+00:00\",\"description\":\"\u041f\u043e\u044f\u0441 \u0434\u043b\u044f \u043f\u043b\u0430\u0432\u0430\u043d\u0438\u044f Connelly M. \u0421\u0440\u0435\u0434\u043d\u0438\u0439 (\u043e\u0431\u0445\u0432\u0430\u0442 \u0442\u0430\u043b\u0438\u0438 32\u201338 \u0434\u044e\u0439\u043c\u043e\u0432)\u0422\u043e\u043d\u043a\u0438\u0439 \u043f\u0440\u043e\u0444\u0438\u043b\u044c \u0434\u043b\u044f \u043f\u043e\u0432\u044b\u0448\u0435\u043d\u043d\u043e\u0439 \u043c\u043e\u0431\u0438\u043b\u044c\u043d\u043e\u0441\u0442\u0438 \u0438 \u0434\u0432\u0438\u0436\u0435\u043d\u0438\u044f. \u0412\u0438\u043d\u0438\u043b, \u043f\u043e\u043a\u0440\u044b\u0442\u044b\u0439\",\"breadcrumb\":{\"@id\":\"https:\\\/\\\/www.waterskis.lv\\\/ru\\\/product\\\/%d0%bf%d0%be%d1%8f%d1%81-%d0%b4%d0%bb%d1%8f-%d0%bf%d0%bb%d0%b0%d0%b2%d0%b0%d0%bd%d0%b8%d1%8f-connelly-m\\\/#breadcrumb\"},\"inLanguage\":\"ru-RU\",\"potentialAction\":[{\"@type\":\"ReadAction\",\"target\":[\"https:\\\/\\\/www.waterskis.lv\\\/ru\\\/product\\\/%d0%bf%d0%be%d1%8f%d1%81-%d0%b4%d0%bb%d1%8f-%d0%bf%d0%bb%d0%b0%d0%b2%d0%b0%d0%bd%d0%b8%d1%8f-connelly-m\\\/\"]}]},{\"@type\":\"ImageObject\",\"inLanguage\":\"ru-RU\",\"@id\":\"https:\\\/\\\/www.waterskis.lv\\\/ru\\\/product\\\/%d0%bf%d0%be%d1%8f%d1%81-%d0%b4%d0%bb%d1%8f-%d0%bf%d0%bb%d0%b0%d0%b2%d0%b0%d0%bd%d0%b8%d1%8f-connelly-m\\\/#primaryimage\",\"url\":\"https:\\\/\\\/www.waterskis.lv\\\/wp-content\\\/uploads\\\/2024\\\/05\\\/SwimBelt1.webp\",\"contentUrl\":\"https:\\\/\\\/www.waterskis.lv\\\/wp-content\\\/uploads\\\/2024\\\/05\\\/SwimBelt1.webp\",\"width\":640,\"height\":640,\"caption\":\"Connelly peld\u0113\u0161anas josta M\"},{\"@type\":\"BreadcrumbList\",\"@id\":\"https:\\\/\\\/www.waterskis.lv\\\/ru\\\/product\\\/%d0%bf%d0%be%d1%8f%d1%81-%d0%b4%d0%bb%d1%8f-%d0%bf%d0%bb%d0%b0%d0%b2%d0%b0%d0%bd%d0%b8%d1%8f-connelly-m\\\/#breadcrumb\",\"itemListElement\":[{\"@type\":\"ListItem\",\"position\":1,\"name\":\"Home\",\"item\":\"https:\\\/\\\/www.waterskis.lv\\\/ru\\\/\"},{\"@type\":\"ListItem\",\"position\":2,\"name\":\"\u041c\u0430\u0433\u0430\u0437\u0438\u043d\",\"item\":\"https:\\\/\\\/www.waterskis.lv\\\/ru\\\/%d0%bc%d0%b0%d0%b3%d0%b0%d0%b7%d0%b8%d0%bd\\\/\"},{\"@type\":\"ListItem\",\"position\":3,\"name\":\"\u041f\u043e\u044f\u0441 \u0434\u043b\u044f \u043f\u043b\u0430\u0432\u0430\u043d\u0438\u044f Connelly M\"}]},{\"@type\":\"WebSite\",\"@id\":\"https:\\\/\\\/www.waterskis.lv\\\/ru\\\/#website\",\"url\":\"https:\\\/\\\/www.waterskis.lv\\\/ru\\\/\",\"name\":\"WATERSKIS.LV\",\"description\":\"SUP d\u0113\u013ci, kajaki, kanoe, airu laivas, \u016bdenssl\u0113po\u0161ana, veikbords, SUP d\u0113\u013cu noma, kajaku nomaakt\u012bv\u0101s atp\u016btas centrs, laivu noma, sup noma, kajaku noma\",\"publisher\":{\"@id\":\"https:\\\/\\\/www.waterskis.lv\\\/ru\\\/#organization\"},\"potentialAction\":[{\"@type\":\"SearchAction\",\"target\":{\"@type\":\"EntryPoint\",\"urlTemplate\":\"https:\\\/\\\/www.waterskis.lv\\\/ru\\\/?s={search_term_string}\"},\"query-input\":{\"@type\":\"PropertyValueSpecification\",\"valueRequired\":true,\"valueName\":\"search_term_string\"}}],\"inLanguage\":\"ru-RU\"},{\"@type\":\"Organization\",\"@id\":\"https:\\\/\\\/www.waterskis.lv\\\/ru\\\/#organization\",\"name\":\"WATERSKIS.LV\",\"url\":\"https:\\\/\\\/www.waterskis.lv\\\/ru\\\/\",\"logo\":{\"@type\":\"ImageObject\",\"inLanguage\":\"ru-RU\",\"@id\":\"https:\\\/\\\/www.waterskis.lv\\\/ru\\\/#\\\/schema\\\/logo\\\/image\\\/\",\"url\":\"https:\\\/\\\/www.waterskis.lv\\\/wp-content\\\/uploads\\\/2025\\\/01\\\/JUVP-logo.png\",\"contentUrl\":\"https:\\\/\\\/www.waterskis.lv\\\/wp-content\\\/uploads\\\/2025\\\/01\\\/JUVP-logo.png\",\"width\":421,\"height\":202,\"caption\":\"WATERSKIS.LV\"},\"image\":{\"@id\":\"https:\\\/\\\/www.waterskis.lv\\\/ru\\\/#\\\/schema\\\/logo\\\/image\\\/\"},\"sameAs\":[\"https:\\\/\\\/www.facebook.com\\\/jurmalawaterskiwakeboardpark\\\/\"]}]}<\/script>\n<!-- \/ Yoast SEO plugin. -->","yoast_head_json":{"title":"\u041f\u043e\u044f\u0441 \u0434\u043b\u044f \u043f\u043b\u0430\u0432\u0430\u043d\u0438\u044f Connelly M - WATERSKIS.LV","description":"\u041f\u043e\u044f\u0441 \u0434\u043b\u044f \u043f\u043b\u0430\u0432\u0430\u043d\u0438\u044f Connelly M. \u0421\u0440\u0435\u0434\u043d\u0438\u0439 (\u043e\u0431\u0445\u0432\u0430\u0442 \u0442\u0430\u043b\u0438\u0438 32\u201338 \u0434\u044e\u0439\u043c\u043e\u0432)\u0422\u043e\u043d\u043a\u0438\u0439 \u043f\u0440\u043e\u0444\u0438\u043b\u044c \u0434\u043b\u044f \u043f\u043e\u0432\u044b\u0448\u0435\u043d\u043d\u043e\u0439 \u043c\u043e\u0431\u0438\u043b\u044c\u043d\u043e\u0441\u0442\u0438 \u0438 \u0434\u0432\u0438\u0436\u0435\u043d\u0438\u044f. \u0412\u0438\u043d\u0438\u043b, \u043f\u043e\u043a\u0440\u044b\u0442\u044b\u0439","robots":{"index":"index","follow":"follow","max-snippet":"max-snippet:-1","max-image-preview":"max-image-preview:large","max-video-preview":"max-video-preview:-1"},"canonical":"https:\/\/www.waterskis.lv\/ru\/product\/%d0%bf%d0%be%d1%8f%d1%81-%d0%b4%d0%bb%d1%8f-%d0%bf%d0%bb%d0%b0%d0%b2%d0%b0%d0%bd%d0%b8%d1%8f-connelly-m\/","og_locale":"ru_RU","og_type":"article","og_title":"\u041f\u043e\u044f\u0441 \u0434\u043b\u044f \u043f\u043b\u0430\u0432\u0430\u043d\u0438\u044f Connelly M - WATERSKIS.LV","og_description":"\u041f\u043e\u044f\u0441 \u0434\u043b\u044f \u043f\u043b\u0430\u0432\u0430\u043d\u0438\u044f Connelly M. \u0421\u0440\u0435\u0434\u043d\u0438\u0439 (\u043e\u0431\u0445\u0432\u0430\u0442 \u0442\u0430\u043b\u0438\u0438 32\u201338 \u0434\u044e\u0439\u043c\u043e\u0432)\u0422\u043e\u043d\u043a\u0438\u0439 \u043f\u0440\u043e\u0444\u0438\u043b\u044c \u0434\u043b\u044f \u043f\u043e\u0432\u044b\u0448\u0435\u043d\u043d\u043e\u0439 \u043c\u043e\u0431\u0438\u043b\u044c\u043d\u043e\u0441\u0442\u0438 \u0438 \u0434\u0432\u0438\u0436\u0435\u043d\u0438\u044f. \u0412\u0438\u043d\u0438\u043b, \u043f\u043e\u043a\u0440\u044b\u0442\u044b\u0439","og_url":"https:\/\/www.waterskis.lv\/ru\/product\/%d0%bf%d0%be%d1%8f%d1%81-%d0%b4%d0%bb%d1%8f-%d0%bf%d0%bb%d0%b0%d0%b2%d0%b0%d0%bd%d0%b8%d1%8f-connelly-m\/","og_site_name":"WATERSKIS.LV","article_publisher":"https:\/\/www.facebook.com\/jurmalawaterskiwakeboardpark\/","article_modified_time":"2026-02-07T08:26:40+00:00","og_image":[{"width":640,"height":640,"url":"https:\/\/www.waterskis.lv\/wp-content\/uploads\/2024\/05\/SwimBelt1.webp","type":"image\/webp"}],"twitter_card":"summary_large_image","twitter_misc":{"\u041f\u0440\u0438\u043c\u0435\u0440\u043d\u043e\u0435 \u0432\u0440\u0435\u043c\u044f \u0434\u043b\u044f \u0447\u0442\u0435\u043d\u0438\u044f":"1 \u043c\u0438\u043d\u0443\u0442\u0430"},"schema":{"@context":"https:\/\/schema.org","@graph":[{"@type":"WebPage","@id":"https:\/\/www.waterskis.lv\/ru\/product\/%d0%bf%d0%be%d1%8f%d1%81-%d0%b4%d0%bb%d1%8f-%d0%bf%d0%bb%d0%b0%d0%b2%d0%b0%d0%bd%d0%b8%d1%8f-connelly-m\/","url":"https:\/\/www.waterskis.lv\/ru\/product\/%d0%bf%d0%be%d1%8f%d1%81-%d0%b4%d0%bb%d1%8f-%d0%bf%d0%bb%d0%b0%d0%b2%d0%b0%d0%bd%d0%b8%d1%8f-connelly-m\/","name":"\u041f\u043e\u044f\u0441 \u0434\u043b\u044f \u043f\u043b\u0430\u0432\u0430\u043d\u0438\u044f Connelly M - WATERSKIS.LV","isPartOf":{"@id":"https:\/\/www.waterskis.lv\/ru\/#website"},"primaryImageOfPage":{"@id":"https:\/\/www.waterskis.lv\/ru\/product\/%d0%bf%d0%be%d1%8f%d1%81-%d0%b4%d0%bb%d1%8f-%d0%bf%d0%bb%d0%b0%d0%b2%d0%b0%d0%bd%d0%b8%d1%8f-connelly-m\/#primaryimage"},"image":{"@id":"https:\/\/www.waterskis.lv\/ru\/product\/%d0%bf%d0%be%d1%8f%d1%81-%d0%b4%d0%bb%d1%8f-%d0%bf%d0%bb%d0%b0%d0%b2%d0%b0%d0%bd%d0%b8%d1%8f-connelly-m\/#primaryimage"},"thumbnailUrl":"https:\/\/www.waterskis.lv\/wp-content\/uploads\/2024\/05\/SwimBelt1.webp","datePublished":"2024-05-29T06:43:03+00:00","dateModified":"2026-02-07T08:26:40+00:00","description":"\u041f\u043e\u044f\u0441 \u0434\u043b\u044f \u043f\u043b\u0430\u0432\u0430\u043d\u0438\u044f Connelly M. \u0421\u0440\u0435\u0434\u043d\u0438\u0439 (\u043e\u0431\u0445\u0432\u0430\u0442 \u0442\u0430\u043b\u0438\u0438 32\u201338 \u0434\u044e\u0439\u043c\u043e\u0432)\u0422\u043e\u043d\u043a\u0438\u0439 \u043f\u0440\u043e\u0444\u0438\u043b\u044c \u0434\u043b\u044f \u043f\u043e\u0432\u044b\u0448\u0435\u043d\u043d\u043e\u0439 \u043c\u043e\u0431\u0438\u043b\u044c\u043d\u043e\u0441\u0442\u0438 \u0438 \u0434\u0432\u0438\u0436\u0435\u043d\u0438\u044f. \u0412\u0438\u043d\u0438\u043b, \u043f\u043e\u043a\u0440\u044b\u0442\u044b\u0439","breadcrumb":{"@id":"https:\/\/www.waterskis.lv\/ru\/product\/%d0%bf%d0%be%d1%8f%d1%81-%d0%b4%d0%bb%d1%8f-%d0%bf%d0%bb%d0%b0%d0%b2%d0%b0%d0%bd%d0%b8%d1%8f-connelly-m\/#breadcrumb"},"inLanguage":"ru-RU","potentialAction":[{"@type":"ReadAction","target":["https:\/\/www.waterskis.lv\/ru\/product\/%d0%bf%d0%be%d1%8f%d1%81-%d0%b4%d0%bb%d1%8f-%d0%bf%d0%bb%d0%b0%d0%b2%d0%b0%d0%bd%d0%b8%d1%8f-connelly-m\/"]}]},{"@type":"ImageObject","inLanguage":"ru-RU","@id":"https:\/\/www.waterskis.lv\/ru\/product\/%d0%bf%d0%be%d1%8f%d1%81-%d0%b4%d0%bb%d1%8f-%d0%bf%d0%bb%d0%b0%d0%b2%d0%b0%d0%bd%d0%b8%d1%8f-connelly-m\/#primaryimage","url":"https:\/\/www.waterskis.lv\/wp-content\/uploads\/2024\/05\/SwimBelt1.webp","contentUrl":"https:\/\/www.waterskis.lv\/wp-content\/uploads\/2024\/05\/SwimBelt1.webp","width":640,"height":640,"caption":"Connelly peld\u0113\u0161anas josta M"},{"@type":"BreadcrumbList","@id":"https:\/\/www.waterskis.lv\/ru\/product\/%d0%bf%d0%be%d1%8f%d1%81-%d0%b4%d0%bb%d1%8f-%d0%bf%d0%bb%d0%b0%d0%b2%d0%b0%d0%bd%d0%b8%d1%8f-connelly-m\/#breadcrumb","itemListElement":[{"@type":"ListItem","position":1,"name":"Home","item":"https:\/\/www.waterskis.lv\/ru\/"},{"@type":"ListItem","position":2,"name":"\u041c\u0430\u0433\u0430\u0437\u0438\u043d","item":"https:\/\/www.waterskis.lv\/ru\/%d0%bc%d0%b0%d0%b3%d0%b0%d0%b7%d0%b8%d0%bd\/"},{"@type":"ListItem","position":3,"name":"\u041f\u043e\u044f\u0441 \u0434\u043b\u044f \u043f\u043b\u0430\u0432\u0430\u043d\u0438\u044f Connelly M"}]},{"@type":"WebSite","@id":"https:\/\/www.waterskis.lv\/ru\/#website","url":"https:\/\/www.waterskis.lv\/ru\/","name":"WATERSKIS.LV","description":"SUP d\u0113\u013ci, kajaki, kanoe, airu laivas, \u016bdenssl\u0113po\u0161ana, veikbords, SUP d\u0113\u013cu noma, kajaku nomaakt\u012bv\u0101s atp\u016btas centrs, laivu noma, sup noma, kajaku noma","publisher":{"@id":"https:\/\/www.waterskis.lv\/ru\/#organization"},"potentialAction":[{"@type":"SearchAction","target":{"@type":"EntryPoint","urlTemplate":"https:\/\/www.waterskis.lv\/ru\/?s={search_term_string}"},"query-input":{"@type":"PropertyValueSpecification","valueRequired":true,"valueName":"search_term_string"}}],"inLanguage":"ru-RU"},{"@type":"Organization","@id":"https:\/\/www.waterskis.lv\/ru\/#organization","name":"WATERSKIS.LV","url":"https:\/\/www.waterskis.lv\/ru\/","logo":{"@type":"ImageObject","inLanguage":"ru-RU","@id":"https:\/\/www.waterskis.lv\/ru\/#\/schema\/logo\/image\/","url":"https:\/\/www.waterskis.lv\/wp-content\/uploads\/2025\/01\/JUVP-logo.png","contentUrl":"https:\/\/www.waterskis.lv\/wp-content\/uploads\/2025\/01\/JUVP-logo.png","width":421,"height":202,"caption":"WATERSKIS.LV"},"image":{"@id":"https:\/\/www.waterskis.lv\/ru\/#\/schema\/logo\/image\/"},"sameAs":["https:\/\/www.facebook.com\/jurmalawaterskiwakeboardpark\/"]}]}},"_links":{"self":[{"href":"https:\/\/www.waterskis.lv\/ru\/wp-json\/wp\/v2\/product\/54883","targetHints":{"allow":["GET"]}}],"collection":[{"href":"https:\/\/www.waterskis.lv\/ru\/wp-json\/wp\/v2\/product"}],"about":[{"href":"https:\/\/www.waterskis.lv\/ru\/wp-json\/wp\/v2\/types\/product"}],"replies":[{"embeddable":true,"href":"https:\/\/www.waterskis.lv\/ru\/wp-json\/wp\/v2\/comments?post=54883"}],"wp:featuredmedia":[{"embeddable":true,"href":"https:\/\/www.waterskis.lv\/ru\/wp-json\/wp\/v2\/media\/54878"}],"wp:attachment":[{"href":"https:\/\/www.waterskis.lv\/ru\/wp-json\/wp\/v2\/media?parent=54883"}],"wp:term":[{"taxonomy":"product_brand","embeddable":true,"href":"https:\/\/www.waterskis.lv\/ru\/wp-json\/wp\/v2\/product_brand?post=54883"},{"taxonomy":"product_cat","embeddable":true,"href":"https:\/\/www.waterskis.lv\/ru\/wp-json\/wp\/v2\/product_cat?post=54883"},{"taxonomy":"product_tag","embeddable":true,"href":"https:\/\/www.waterskis.lv\/ru\/wp-json\/wp\/v2\/product_tag?post=54883"}],"curies":[{"name":"wp","href":"https:\/\/api.w.org\/{rel}","templated":true}]}}