{"id":55255,"date":"2024-07-07T13:11:17","date_gmt":"2024-07-07T10:11:17","guid":{"rendered":"https:\/\/www.waterskis.lv\/product\/connelly-flex-wakeboard-141\/"},"modified":"2026-01-29T10:16:09","modified_gmt":"2026-01-29T08:16:09","slug":"%d0%b2%d0%b5%d0%b9%d0%ba%d0%b1%d0%be%d1%80%d0%b4-connelly-flex-141","status":"publish","type":"product","link":"https:\/\/www.waterskis.lv\/ru\/product\/%d0%b2%d0%b5%d0%b9%d0%ba%d0%b1%d0%be%d1%80%d0%b4-connelly-flex-141\/","title":{"rendered":"\u0412\u0435\u0439\u043a\u0431\u043e\u0440\u0434 CONNELLY FLEX 141"},"content":{"rendered":"<h1>\u0412\u0435\u0439\u043a\u0431\u043e\u0440\u0434 CONNELLY FLEX 141<\/h1>\n<p>\u0412\u0435\u0439\u043a\u0431\u043e\u0440\u0434 CONNELLY FLEX 141\u00a0\u0434\u043b\u044f \u0432\u0441\u0435\u0439 \u0441\u0435\u043c\u044c\u0438.<\/p>\n<p>\u0423\u0440\u043e\u0432\u0435\u043d\u044c \u043c\u0430\u0441\u0442\u0435\u0440\u0441\u0442\u0432\u0430<\/p>\n<p>\u041d\u0430\u0447\u0438\u043d\u0430\u044e\u0449\u0438\u0435 &#8212; \u0441\u0440\u0435\u0434\u043d\u0438\u0439 \u0443\u0440\u043e\u0432\u0435\u043d\u044c<\/p>\n","protected":false},"excerpt":{"rendered":"<p>\u0412\u0435\u0439\u043a\u0431\u043e\u0440\u0434 CONNELLY FLEX 141 \u0412\u0435\u0439\u043a\u0431\u043e\u0440\u0434 CONNELLY FLEX 141\u00a0\u0434\u043b\u044f \u0432\u0441\u0435\u0439 \u0441\u0435\u043c\u044c\u0438. \u0423\u0440\u043e\u0432\u0435\u043d\u044c \u043c\u0430\u0441\u0442\u0435\u0440\u0441\u0442\u0432\u0430 \u041d\u0430\u0447\u0438\u043d\u0430\u044e\u0449\u0438\u0435 &#8212; \u0441\u0440\u0435\u0434\u043d\u0438\u0439 \u0443\u0440\u043e\u0432\u0435\u043d\u044c [&#8230;]<\/p>\n<p><a class=\"btn btn-secondary understrap-read-more-link\" href=\"https:\/\/www.waterskis.lv\/ru\/product\/%d0%b2%d0%b5%d0%b9%d0%ba%d0%b1%d0%be%d1%80%d0%b4-connelly-flex-141\/\">\u0427\u0438\u0442\u0430\u0442\u044c \u0434\u0430\u043b\u044c\u0448\u0435\u2026<\/a><\/p>\n","protected":false},"featured_media":55247,"comment_status":"closed","ping_status":"closed","template":"","meta":{"_acf_changed":false,"inline_featured_image":false},"product_brand":[1280],"product_cat":[362,560,1144,1015],"product_tag":[3029],"class_list":{"0":"post-55255","1":"product","2":"type-product","3":"status-publish","4":"has-post-thumbnail","6":"product_brand-connelly-water-sports","7":"product_cat-c","8":"product_cat-560","9":"product_cat--connelly","10":"product_cat-1015","11":"product_tag-3029","13":"first","14":"instock","15":"sale","16":"shipping-taxable","17":"purchasable","18":"product-type-simple"},"acf":[],"yoast_head":"<!-- This site is optimized with the Yoast SEO plugin v27.4 - https:\/\/yoast.com\/product\/yoast-seo-wordpress\/ -->\n<title>\u0412\u0435\u0439\u043a\u0431\u043e\u0440\u0434 CONNELLY FLEX 141 - WATERSKIS.LV<\/title>\n<meta name=\"description\" content=\"\u0412\u0435\u0439\u043a\u0431\u043e\u0440\u0434 CONNELLY FLEX 141 \u0434\u043b\u044f \u0432\u0441\u0435\u0439 \u0441\u0435\u043c\u044c\u0438. \u0423\u0440\u043e\u0432\u0435\u043d\u044c \u043c\u0430\u0441\u0442\u0435\u0440\u0441\u0442\u0432\u0430 \u041d\u0430\u0447\u0438\u043d\u0430\u044e\u0449\u0438\u0435 - \u0441\u0440\u0435\u0434\u043d\u0438\u0439 \u0443\u0440\u043e\u0432\u0435\u043d\u044c. \u042e\u0440\u043c\u0430\u043b\u044c\u0441\u043a\u0438\u0439 \u0412\u0435\u0439\u043a\u043f\u0430\u0440\u043a. www.waterskis.lv\" \/>\n<meta name=\"robots\" content=\"index, follow, max-snippet:-1, max-image-preview:large, max-video-preview:-1\" \/>\n<link rel=\"canonical\" href=\"https:\/\/www.waterskis.lv\/ru\/product\/%d0%b2%d0%b5%d0%b9%d0%ba%d0%b1%d0%be%d1%80%d0%b4-connelly-flex-141\/\" \/>\n<meta property=\"og:locale\" content=\"ru_RU\" \/>\n<meta property=\"og:type\" content=\"article\" \/>\n<meta property=\"og:title\" content=\"\u0412\u0435\u0439\u043a\u0431\u043e\u0440\u0434 CONNELLY FLEX 141 - WATERSKIS.LV\" \/>\n<meta property=\"og:description\" content=\"\u0412\u0435\u0439\u043a\u0431\u043e\u0440\u0434 CONNELLY FLEX 141 \u0434\u043b\u044f \u0432\u0441\u0435\u0439 \u0441\u0435\u043c\u044c\u0438. \u0423\u0440\u043e\u0432\u0435\u043d\u044c \u043c\u0430\u0441\u0442\u0435\u0440\u0441\u0442\u0432\u0430 \u041d\u0430\u0447\u0438\u043d\u0430\u044e\u0449\u0438\u0435 - \u0441\u0440\u0435\u0434\u043d\u0438\u0439 \u0443\u0440\u043e\u0432\u0435\u043d\u044c. \u042e\u0440\u043c\u0430\u043b\u044c\u0441\u043a\u0438\u0439 \u0412\u0435\u0439\u043a\u043f\u0430\u0440\u043a. www.waterskis.lv\" \/>\n<meta property=\"og:url\" content=\"https:\/\/www.waterskis.lv\/ru\/product\/%d0%b2%d0%b5%d0%b9%d0%ba%d0%b1%d0%be%d1%80%d0%b4-connelly-flex-141\/\" \/>\n<meta property=\"og:site_name\" content=\"WATERSKIS.LV\" \/>\n<meta property=\"article:publisher\" content=\"https:\/\/www.facebook.com\/jurmalawaterskiwakeboardpark\/\" \/>\n<meta property=\"article:modified_time\" content=\"2026-01-29T08:16:09+00:00\" \/>\n<meta property=\"og:image\" content=\"https:\/\/www.waterskis.lv\/wp-content\/uploads\/2024\/07\/Flex-scaled.jpg\" \/>\n\t<meta property=\"og:image:width\" content=\"1442\" \/>\n\t<meta property=\"og:image:height\" content=\"2560\" \/>\n\t<meta property=\"og:image:type\" content=\"image\/jpeg\" \/>\n<meta name=\"twitter:card\" content=\"summary_large_image\" \/>\n<meta name=\"twitter:label1\" content=\"\u041f\u0440\u0438\u043c\u0435\u0440\u043d\u043e\u0435 \u0432\u0440\u0435\u043c\u044f \u0434\u043b\u044f \u0447\u0442\u0435\u043d\u0438\u044f\" \/>\n\t<meta name=\"twitter:data1\" content=\"1 \u043c\u0438\u043d\u0443\u0442\u0430\" \/>\n<script type=\"application\/ld+json\" class=\"yoast-schema-graph\">{\"@context\":\"https:\\\/\\\/schema.org\",\"@graph\":[{\"@type\":\"WebPage\",\"@id\":\"https:\\\/\\\/www.waterskis.lv\\\/ru\\\/product\\\/%d0%b2%d0%b5%d0%b9%d0%ba%d0%b1%d0%be%d1%80%d0%b4-connelly-flex-141\\\/\",\"url\":\"https:\\\/\\\/www.waterskis.lv\\\/ru\\\/product\\\/%d0%b2%d0%b5%d0%b9%d0%ba%d0%b1%d0%be%d1%80%d0%b4-connelly-flex-141\\\/\",\"name\":\"\u0412\u0435\u0439\u043a\u0431\u043e\u0440\u0434 CONNELLY FLEX 141 - WATERSKIS.LV\",\"isPartOf\":{\"@id\":\"https:\\\/\\\/www.waterskis.lv\\\/ru\\\/#website\"},\"primaryImageOfPage\":{\"@id\":\"https:\\\/\\\/www.waterskis.lv\\\/ru\\\/product\\\/%d0%b2%d0%b5%d0%b9%d0%ba%d0%b1%d0%be%d1%80%d0%b4-connelly-flex-141\\\/#primaryimage\"},\"image\":{\"@id\":\"https:\\\/\\\/www.waterskis.lv\\\/ru\\\/product\\\/%d0%b2%d0%b5%d0%b9%d0%ba%d0%b1%d0%be%d1%80%d0%b4-connelly-flex-141\\\/#primaryimage\"},\"thumbnailUrl\":\"https:\\\/\\\/www.waterskis.lv\\\/wp-content\\\/uploads\\\/2024\\\/07\\\/Flex-scaled.jpg\",\"datePublished\":\"2024-07-07T10:11:17+00:00\",\"dateModified\":\"2026-01-29T08:16:09+00:00\",\"description\":\"\u0412\u0435\u0439\u043a\u0431\u043e\u0440\u0434 CONNELLY FLEX 141 \u0434\u043b\u044f \u0432\u0441\u0435\u0439 \u0441\u0435\u043c\u044c\u0438. \u0423\u0440\u043e\u0432\u0435\u043d\u044c \u043c\u0430\u0441\u0442\u0435\u0440\u0441\u0442\u0432\u0430 \u041d\u0430\u0447\u0438\u043d\u0430\u044e\u0449\u0438\u0435 - \u0441\u0440\u0435\u0434\u043d\u0438\u0439 \u0443\u0440\u043e\u0432\u0435\u043d\u044c. \u042e\u0440\u043c\u0430\u043b\u044c\u0441\u043a\u0438\u0439 \u0412\u0435\u0439\u043a\u043f\u0430\u0440\u043a. www.waterskis.lv\",\"breadcrumb\":{\"@id\":\"https:\\\/\\\/www.waterskis.lv\\\/ru\\\/product\\\/%d0%b2%d0%b5%d0%b9%d0%ba%d0%b1%d0%be%d1%80%d0%b4-connelly-flex-141\\\/#breadcrumb\"},\"inLanguage\":\"ru-RU\",\"potentialAction\":[{\"@type\":\"ReadAction\",\"target\":[\"https:\\\/\\\/www.waterskis.lv\\\/ru\\\/product\\\/%d0%b2%d0%b5%d0%b9%d0%ba%d0%b1%d0%be%d1%80%d0%b4-connelly-flex-141\\\/\"]}]},{\"@type\":\"ImageObject\",\"inLanguage\":\"ru-RU\",\"@id\":\"https:\\\/\\\/www.waterskis.lv\\\/ru\\\/product\\\/%d0%b2%d0%b5%d0%b9%d0%ba%d0%b1%d0%be%d1%80%d0%b4-connelly-flex-141\\\/#primaryimage\",\"url\":\"https:\\\/\\\/www.waterskis.lv\\\/wp-content\\\/uploads\\\/2024\\\/07\\\/Flex-scaled.jpg\",\"contentUrl\":\"https:\\\/\\\/www.waterskis.lv\\\/wp-content\\\/uploads\\\/2024\\\/07\\\/Flex-scaled.jpg\",\"width\":1442,\"height\":2560,\"caption\":\"CONNELLY FLEX WAKEBOARD 141\"},{\"@type\":\"BreadcrumbList\",\"@id\":\"https:\\\/\\\/www.waterskis.lv\\\/ru\\\/product\\\/%d0%b2%d0%b5%d0%b9%d0%ba%d0%b1%d0%be%d1%80%d0%b4-connelly-flex-141\\\/#breadcrumb\",\"itemListElement\":[{\"@type\":\"ListItem\",\"position\":1,\"name\":\"Home\",\"item\":\"https:\\\/\\\/www.waterskis.lv\\\/ru\\\/\"},{\"@type\":\"ListItem\",\"position\":2,\"name\":\"\u041c\u0430\u0433\u0430\u0437\u0438\u043d\",\"item\":\"https:\\\/\\\/www.waterskis.lv\\\/ru\\\/%d0%bc%d0%b0%d0%b3%d0%b0%d0%b7%d0%b8%d0%bd\\\/\"},{\"@type\":\"ListItem\",\"position\":3,\"name\":\"\u0412\u0435\u0439\u043a\u0431\u043e\u0440\u0434 CONNELLY FLEX 141\"}]},{\"@type\":\"WebSite\",\"@id\":\"https:\\\/\\\/www.waterskis.lv\\\/ru\\\/#website\",\"url\":\"https:\\\/\\\/www.waterskis.lv\\\/ru\\\/\",\"name\":\"WATERSKIS.LV\",\"description\":\"SUP d\u0113\u013ci, kajaki, kanoe, airu laivas, \u016bdenssl\u0113po\u0161ana, veikbords, SUP d\u0113\u013cu noma, kajaku nomaakt\u012bv\u0101s atp\u016btas centrs, laivu noma, sup noma, kajaku noma\",\"publisher\":{\"@id\":\"https:\\\/\\\/www.waterskis.lv\\\/ru\\\/#organization\"},\"potentialAction\":[{\"@type\":\"SearchAction\",\"target\":{\"@type\":\"EntryPoint\",\"urlTemplate\":\"https:\\\/\\\/www.waterskis.lv\\\/ru\\\/?s={search_term_string}\"},\"query-input\":{\"@type\":\"PropertyValueSpecification\",\"valueRequired\":true,\"valueName\":\"search_term_string\"}}],\"inLanguage\":\"ru-RU\"},{\"@type\":\"Organization\",\"@id\":\"https:\\\/\\\/www.waterskis.lv\\\/ru\\\/#organization\",\"name\":\"WATERSKIS.LV\",\"url\":\"https:\\\/\\\/www.waterskis.lv\\\/ru\\\/\",\"logo\":{\"@type\":\"ImageObject\",\"inLanguage\":\"ru-RU\",\"@id\":\"https:\\\/\\\/www.waterskis.lv\\\/ru\\\/#\\\/schema\\\/logo\\\/image\\\/\",\"url\":\"https:\\\/\\\/www.waterskis.lv\\\/wp-content\\\/uploads\\\/2025\\\/01\\\/JUVP-logo.png\",\"contentUrl\":\"https:\\\/\\\/www.waterskis.lv\\\/wp-content\\\/uploads\\\/2025\\\/01\\\/JUVP-logo.png\",\"width\":421,\"height\":202,\"caption\":\"WATERSKIS.LV\"},\"image\":{\"@id\":\"https:\\\/\\\/www.waterskis.lv\\\/ru\\\/#\\\/schema\\\/logo\\\/image\\\/\"},\"sameAs\":[\"https:\\\/\\\/www.facebook.com\\\/jurmalawaterskiwakeboardpark\\\/\"]}]}<\/script>\n<!-- \/ Yoast SEO plugin. -->","yoast_head_json":{"title":"\u0412\u0435\u0439\u043a\u0431\u043e\u0440\u0434 CONNELLY FLEX 141 - WATERSKIS.LV","description":"\u0412\u0435\u0439\u043a\u0431\u043e\u0440\u0434 CONNELLY FLEX 141 \u0434\u043b\u044f \u0432\u0441\u0435\u0439 \u0441\u0435\u043c\u044c\u0438. \u0423\u0440\u043e\u0432\u0435\u043d\u044c \u043c\u0430\u0441\u0442\u0435\u0440\u0441\u0442\u0432\u0430 \u041d\u0430\u0447\u0438\u043d\u0430\u044e\u0449\u0438\u0435 - \u0441\u0440\u0435\u0434\u043d\u0438\u0439 \u0443\u0440\u043e\u0432\u0435\u043d\u044c. \u042e\u0440\u043c\u0430\u043b\u044c\u0441\u043a\u0438\u0439 \u0412\u0435\u0439\u043a\u043f\u0430\u0440\u043a. www.waterskis.lv","robots":{"index":"index","follow":"follow","max-snippet":"max-snippet:-1","max-image-preview":"max-image-preview:large","max-video-preview":"max-video-preview:-1"},"canonical":"https:\/\/www.waterskis.lv\/ru\/product\/%d0%b2%d0%b5%d0%b9%d0%ba%d0%b1%d0%be%d1%80%d0%b4-connelly-flex-141\/","og_locale":"ru_RU","og_type":"article","og_title":"\u0412\u0435\u0439\u043a\u0431\u043e\u0440\u0434 CONNELLY FLEX 141 - WATERSKIS.LV","og_description":"\u0412\u0435\u0439\u043a\u0431\u043e\u0440\u0434 CONNELLY FLEX 141 \u0434\u043b\u044f \u0432\u0441\u0435\u0439 \u0441\u0435\u043c\u044c\u0438. \u0423\u0440\u043e\u0432\u0435\u043d\u044c \u043c\u0430\u0441\u0442\u0435\u0440\u0441\u0442\u0432\u0430 \u041d\u0430\u0447\u0438\u043d\u0430\u044e\u0449\u0438\u0435 - \u0441\u0440\u0435\u0434\u043d\u0438\u0439 \u0443\u0440\u043e\u0432\u0435\u043d\u044c. \u042e\u0440\u043c\u0430\u043b\u044c\u0441\u043a\u0438\u0439 \u0412\u0435\u0439\u043a\u043f\u0430\u0440\u043a. www.waterskis.lv","og_url":"https:\/\/www.waterskis.lv\/ru\/product\/%d0%b2%d0%b5%d0%b9%d0%ba%d0%b1%d0%be%d1%80%d0%b4-connelly-flex-141\/","og_site_name":"WATERSKIS.LV","article_publisher":"https:\/\/www.facebook.com\/jurmalawaterskiwakeboardpark\/","article_modified_time":"2026-01-29T08:16:09+00:00","og_image":[{"width":1442,"height":2560,"url":"https:\/\/www.waterskis.lv\/wp-content\/uploads\/2024\/07\/Flex-scaled.jpg","type":"image\/jpeg"}],"twitter_card":"summary_large_image","twitter_misc":{"\u041f\u0440\u0438\u043c\u0435\u0440\u043d\u043e\u0435 \u0432\u0440\u0435\u043c\u044f \u0434\u043b\u044f \u0447\u0442\u0435\u043d\u0438\u044f":"1 \u043c\u0438\u043d\u0443\u0442\u0430"},"schema":{"@context":"https:\/\/schema.org","@graph":[{"@type":"WebPage","@id":"https:\/\/www.waterskis.lv\/ru\/product\/%d0%b2%d0%b5%d0%b9%d0%ba%d0%b1%d0%be%d1%80%d0%b4-connelly-flex-141\/","url":"https:\/\/www.waterskis.lv\/ru\/product\/%d0%b2%d0%b5%d0%b9%d0%ba%d0%b1%d0%be%d1%80%d0%b4-connelly-flex-141\/","name":"\u0412\u0435\u0439\u043a\u0431\u043e\u0440\u0434 CONNELLY FLEX 141 - WATERSKIS.LV","isPartOf":{"@id":"https:\/\/www.waterskis.lv\/ru\/#website"},"primaryImageOfPage":{"@id":"https:\/\/www.waterskis.lv\/ru\/product\/%d0%b2%d0%b5%d0%b9%d0%ba%d0%b1%d0%be%d1%80%d0%b4-connelly-flex-141\/#primaryimage"},"image":{"@id":"https:\/\/www.waterskis.lv\/ru\/product\/%d0%b2%d0%b5%d0%b9%d0%ba%d0%b1%d0%be%d1%80%d0%b4-connelly-flex-141\/#primaryimage"},"thumbnailUrl":"https:\/\/www.waterskis.lv\/wp-content\/uploads\/2024\/07\/Flex-scaled.jpg","datePublished":"2024-07-07T10:11:17+00:00","dateModified":"2026-01-29T08:16:09+00:00","description":"\u0412\u0435\u0439\u043a\u0431\u043e\u0440\u0434 CONNELLY FLEX 141 \u0434\u043b\u044f \u0432\u0441\u0435\u0439 \u0441\u0435\u043c\u044c\u0438. \u0423\u0440\u043e\u0432\u0435\u043d\u044c \u043c\u0430\u0441\u0442\u0435\u0440\u0441\u0442\u0432\u0430 \u041d\u0430\u0447\u0438\u043d\u0430\u044e\u0449\u0438\u0435 - \u0441\u0440\u0435\u0434\u043d\u0438\u0439 \u0443\u0440\u043e\u0432\u0435\u043d\u044c. \u042e\u0440\u043c\u0430\u043b\u044c\u0441\u043a\u0438\u0439 \u0412\u0435\u0439\u043a\u043f\u0430\u0440\u043a. www.waterskis.lv","breadcrumb":{"@id":"https:\/\/www.waterskis.lv\/ru\/product\/%d0%b2%d0%b5%d0%b9%d0%ba%d0%b1%d0%be%d1%80%d0%b4-connelly-flex-141\/#breadcrumb"},"inLanguage":"ru-RU","potentialAction":[{"@type":"ReadAction","target":["https:\/\/www.waterskis.lv\/ru\/product\/%d0%b2%d0%b5%d0%b9%d0%ba%d0%b1%d0%be%d1%80%d0%b4-connelly-flex-141\/"]}]},{"@type":"ImageObject","inLanguage":"ru-RU","@id":"https:\/\/www.waterskis.lv\/ru\/product\/%d0%b2%d0%b5%d0%b9%d0%ba%d0%b1%d0%be%d1%80%d0%b4-connelly-flex-141\/#primaryimage","url":"https:\/\/www.waterskis.lv\/wp-content\/uploads\/2024\/07\/Flex-scaled.jpg","contentUrl":"https:\/\/www.waterskis.lv\/wp-content\/uploads\/2024\/07\/Flex-scaled.jpg","width":1442,"height":2560,"caption":"CONNELLY FLEX WAKEBOARD 141"},{"@type":"BreadcrumbList","@id":"https:\/\/www.waterskis.lv\/ru\/product\/%d0%b2%d0%b5%d0%b9%d0%ba%d0%b1%d0%be%d1%80%d0%b4-connelly-flex-141\/#breadcrumb","itemListElement":[{"@type":"ListItem","position":1,"name":"Home","item":"https:\/\/www.waterskis.lv\/ru\/"},{"@type":"ListItem","position":2,"name":"\u041c\u0430\u0433\u0430\u0437\u0438\u043d","item":"https:\/\/www.waterskis.lv\/ru\/%d0%bc%d0%b0%d0%b3%d0%b0%d0%b7%d0%b8%d0%bd\/"},{"@type":"ListItem","position":3,"name":"\u0412\u0435\u0439\u043a\u0431\u043e\u0440\u0434 CONNELLY FLEX 141"}]},{"@type":"WebSite","@id":"https:\/\/www.waterskis.lv\/ru\/#website","url":"https:\/\/www.waterskis.lv\/ru\/","name":"WATERSKIS.LV","description":"SUP d\u0113\u013ci, kajaki, kanoe, airu laivas, \u016bdenssl\u0113po\u0161ana, veikbords, SUP d\u0113\u013cu noma, kajaku nomaakt\u012bv\u0101s atp\u016btas centrs, laivu noma, sup noma, kajaku noma","publisher":{"@id":"https:\/\/www.waterskis.lv\/ru\/#organization"},"potentialAction":[{"@type":"SearchAction","target":{"@type":"EntryPoint","urlTemplate":"https:\/\/www.waterskis.lv\/ru\/?s={search_term_string}"},"query-input":{"@type":"PropertyValueSpecification","valueRequired":true,"valueName":"search_term_string"}}],"inLanguage":"ru-RU"},{"@type":"Organization","@id":"https:\/\/www.waterskis.lv\/ru\/#organization","name":"WATERSKIS.LV","url":"https:\/\/www.waterskis.lv\/ru\/","logo":{"@type":"ImageObject","inLanguage":"ru-RU","@id":"https:\/\/www.waterskis.lv\/ru\/#\/schema\/logo\/image\/","url":"https:\/\/www.waterskis.lv\/wp-content\/uploads\/2025\/01\/JUVP-logo.png","contentUrl":"https:\/\/www.waterskis.lv\/wp-content\/uploads\/2025\/01\/JUVP-logo.png","width":421,"height":202,"caption":"WATERSKIS.LV"},"image":{"@id":"https:\/\/www.waterskis.lv\/ru\/#\/schema\/logo\/image\/"},"sameAs":["https:\/\/www.facebook.com\/jurmalawaterskiwakeboardpark\/"]}]}},"_links":{"self":[{"href":"https:\/\/www.waterskis.lv\/ru\/wp-json\/wp\/v2\/product\/55255","targetHints":{"allow":["GET"]}}],"collection":[{"href":"https:\/\/www.waterskis.lv\/ru\/wp-json\/wp\/v2\/product"}],"about":[{"href":"https:\/\/www.waterskis.lv\/ru\/wp-json\/wp\/v2\/types\/product"}],"replies":[{"embeddable":true,"href":"https:\/\/www.waterskis.lv\/ru\/wp-json\/wp\/v2\/comments?post=55255"}],"wp:featuredmedia":[{"embeddable":true,"href":"https:\/\/www.waterskis.lv\/ru\/wp-json\/wp\/v2\/media\/55247"}],"wp:attachment":[{"href":"https:\/\/www.waterskis.lv\/ru\/wp-json\/wp\/v2\/media?parent=55255"}],"wp:term":[{"taxonomy":"product_brand","embeddable":true,"href":"https:\/\/www.waterskis.lv\/ru\/wp-json\/wp\/v2\/product_brand?post=55255"},{"taxonomy":"product_cat","embeddable":true,"href":"https:\/\/www.waterskis.lv\/ru\/wp-json\/wp\/v2\/product_cat?post=55255"},{"taxonomy":"product_tag","embeddable":true,"href":"https:\/\/www.waterskis.lv\/ru\/wp-json\/wp\/v2\/product_tag?post=55255"}],"curies":[{"name":"wp","href":"https:\/\/api.w.org\/{rel}","templated":true}]}}