{"id":56187,"date":"2024-10-09T17:36:18","date_gmt":"2024-10-09T14:36:18","guid":{"rendered":"https:\/\/www.waterskis.lv\/product\/piepusams-sup-delis-jobe-aero-yama-8-6\/"},"modified":"2026-02-01T15:23:34","modified_gmt":"2026-02-01T13:23:34","slug":"%d0%ba%d0%be%d0%bc%d0%bf%d0%bb%d0%b5%d0%ba%d1%82-%d0%bd%d0%b0%d0%b4%d1%83%d0%b2%d0%bd%d0%be%d0%b9-%d0%b4%d0%be%d1%81%d0%ba%d0%b8-%d0%b4%d0%bb%d1%8f-%d0%b3%d1%80%d0%b5%d0%b1%d0%bb%d0%b8-jobe-yama-8-6","status":"publish","type":"product","link":"https:\/\/www.waterskis.lv\/ru\/product\/%d0%ba%d0%be%d0%bc%d0%bf%d0%bb%d0%b5%d0%ba%d1%82-%d0%bd%d0%b0%d0%b4%d1%83%d0%b2%d0%bd%d0%be%d0%b9-%d0%b4%d0%be%d1%81%d0%ba%d0%b8-%d0%b4%d0%bb%d1%8f-%d0%b3%d1%80%d0%b5%d0%b1%d0%bb%d0%b8-jobe-yama-8-6\/","title":{"rendered":"\u041a\u043e\u043c\u043f\u043b\u0435\u043a\u0442 \u043d\u0430\u0434\u0443\u0432\u043d\u043e\u0439 \u0434\u043e\u0441\u043a\u0438 \u0434\u043b\u044f \u0433\u0440\u0435\u0431\u043b\u0438 Jobe Yama 8.6"},"content":{"rendered":"<h1>\u041a\u043e\u043c\u043f\u043b\u0435\u043a\u0442 \u043d\u0430\u0434\u0443\u0432\u043d\u043e\u0439 \u0434\u043e\u0441\u043a\u0438 \u0434\u043b\u044f \u0433\u0440\u0435\u0431\u043b\u0438 Jobe Yama 8.6<\/h1>\n<p>\u041a\u043e\u043c\u043f\u043b\u0435\u043a\u0442 \u043d\u0430\u0434\u0443\u0432\u043d\u043e\u0439 \u0434\u043e\u0441\u043a\u0438 \u0434\u043b\u044f \u0433\u0440\u0435\u0431\u043b\u0438 Jobe Yama 8.6<\/p>\n<p>\u041f\u0440\u0435\u0434\u0441\u0442\u0430\u0432\u043b\u044f\u0435\u043c \u043a\u043e\u043c\u043f\u043b\u0435\u043a\u0442 \u043d\u0430\u0434\u0443\u0432\u043d\u043e\u0439 \u0434\u043e\u0441\u043a\u0438 \u0434\u043b\u044f \u0433\u0440\u0435\u0431\u043b\u0438 Jobe Yama 8.6! \u0412\u043e\u0437\u043c\u043e\u0436\u043d\u043e, \u044d\u0442\u043e \u043d\u0430\u0448 \u0441\u0430\u043c\u044b\u0439 \u043c\u0430\u043b\u0435\u043d\u044c\u043a\u0438\u0439 SUP, \u043d\u043e \u043e\u043d \u043f\u043e-\u043f\u0440\u0435\u0436\u043d\u0435\u043c\u0443 \u043e\u0441\u043d\u0430\u0449\u0435\u043d \u043d\u043e\u0432\u044b\u043c\u0438 \u0444\u0443\u043d\u043a\u0446\u0438\u044f\u043c\u0438, \u0442\u0430\u043a\u0438\u043c\u0438 \u043a\u0430\u043a \u043d\u0430\u0448 \u00ab\u043f\u043b\u0430\u0432\u043d\u0438\u043a EZ Lock Fin\u00bb \u0438 \u043b\u0435\u0433\u043a\u0430\u044f \u043a\u043e\u043d\u0441\u0442\u0440\u0443\u043a\u0446\u0438\u044f X-stitching \u0434\u043b\u044f \u0431\u043e\u043b\u0435\u0435 \u043a\u0430\u0447\u0435\u0441\u0442\u0432\u0435\u043d\u043d\u043e\u0433\u043e \u043e\u043f\u044b\u0442\u0430 \u0438 \u043a\u043e\u043d\u0441\u0442\u0440\u0443\u043a\u0446\u0438\u0438! \u0413\u0434\u0435 \u0431\u044b \u043d\u0438 \u043d\u0430\u0447\u0438\u043d\u0430\u043b\u0430\u0441\u044c \u0432\u0430\u0448\u0430 \u0432\u043e\u0434\u0430, \u043d\u0430\u0434\u0443\u0432\u043d\u0430\u044f \u0434\u043e\u0441\u043a\u0430 \u0434\u043b\u044f \u0433\u0440\u0435\u0431\u043b\u0438 \u0441\u0442\u043e\u044f Yama \u0432\u0441\u0442\u0440\u0435\u0442\u0438\u0442 \u0432\u0430\u0441 \u0442\u0430\u043c! \u0412 \u043a\u043e\u043c\u043f\u043b\u0435\u043a\u0442 \u0432\u0445\u043e\u0434\u0438\u0442 \u0432\u0441\u0435 \u043d\u0435\u043e\u0431\u0445\u043e\u0434\u0438\u043c\u043e\u0435 \u0434\u043b\u044f \u0432\u044b\u0445\u043e\u0434\u0430 \u043d\u0430 \u0432\u043e\u0434\u0443! \u041f\u043b\u044e\u0441, \u043f\u0440\u0438 \u043e\u0431\u0449\u0435\u043c \u0432\u0435\u0441\u0435 \u0432\u0441\u0435\u0433\u043e 13,2 \u0444\u0443\u043d\u0442\u0430 \u044d\u0442\u0443 \u0434\u043e\u0441\u043a\u0443 \u0434\u043b\u044f \u0433\u0440\u0435\u0431\u043b\u0438 \u0441\u0442\u043e\u044f \u043e\u0447\u0435\u043d\u044c \u043b\u0435\u0433\u043a\u043e \u043f\u0435\u0440\u0435\u043d\u043e\u0441\u0438\u0442\u044c \u0438\u0437 \u043e\u0434\u043d\u043e\u0433\u043e \u043f\u0440\u0438\u043a\u043b\u044e\u0447\u0435\u043d\u0438\u044f \u0432 \u0434\u0440\u0443\u0433\u043e\u0435!<\/p>\n<h2 class=\"title-3 fs24 mt20 boldTitleFont grey normal np\">Jobe Aero Yama SUP Board 8.6 Package<\/h2>\n<div class=\"col-12 paragraph\">Introducing the Jobe Yama 8.6 Inflatable Paddle Board Package! It may be our smallest SUP but it is still loaded with new features like our &#171;EZ Lock Fin and lightweight X-stitching construction for a higher quality experience and construction! Wherever your water starts, the inflatable Yama stand-up paddle board will meet you there! The package includes everything you need to get out on the water! Plus with its overall weight of only 13.2 pounds, this SUP board is super easy to transport from adventure to adventure!<\/div>\n<div><\/div>\n<div>\n<ul class=\"autoColumn checkListSmall blackCheck\">\n<li>Easy-to-carry neoprene handle with paddle holder<\/li>\n<li>8&#8243; EZ lock fin<\/li>\n<li>Board weight: 6kg | 13,2lbs<\/li>\n<li>Bungee storage net<\/li>\n<li>Dimensions: 8&#8217;6&#8243; x 28&#8243; x 6&#8243; | 2,59m x 71cm x 15cm<\/li>\n<li>Halkey Roberts Valve<\/li>\n<li>Heat bonded technology: more layer quality and safety<\/li>\n<li>Lightweight vertical-drop-stitch construction<\/li>\n<li>Non-slip EVA foam pattern, allows comfortable long-term SUPing<\/li>\n<li>Nose rocker: 9&#8243;, Tail Rocker: 0&#8243;&#187;<\/li>\n<li>Package contains: Aero Yama SUP Board 8.6, Double action pump, 10 ft. coiled leash, Freedom stick youth paddle, quick release waist belt, Nylon backpack<\/li>\n<li>Package weight: 10.5kg | 23lbs<\/li>\n<li>Recommended rider weight: Up to 80kg | 180 Ibs<\/li>\n<li>Valve patch assistance<\/li>\n<li>5-year warranty after registration<\/li>\n<\/ul>\n<\/div>\n","protected":false},"excerpt":{"rendered":"<p>https:\/\/www.youtube.com\/watch?v=-u3NW3T5fEg [&#8230;]<\/p>\n<p><a class=\"btn btn-secondary understrap-read-more-link\" href=\"https:\/\/www.waterskis.lv\/ru\/product\/%d0%ba%d0%be%d0%bc%d0%bf%d0%bb%d0%b5%d0%ba%d1%82-%d0%bd%d0%b0%d0%b4%d1%83%d0%b2%d0%bd%d0%be%d0%b9-%d0%b4%d0%be%d1%81%d0%ba%d0%b8-%d0%b4%d0%bb%d1%8f-%d0%b3%d1%80%d0%b5%d0%b1%d0%bb%d0%b8-jobe-yama-8-6\/\">\u0427\u0438\u0442\u0430\u0442\u044c \u0434\u0430\u043b\u044c\u0448\u0435\u2026<\/a><\/p>\n","protected":false},"featured_media":56179,"comment_status":"closed","ping_status":"closed","template":"","meta":{"_acf_changed":false,"inline_featured_image":false},"product_brand":[1330],"product_cat":[362,499,773,1108],"product_tag":[3177,1337,1338,3178,3179,1309,1343,3180,1822,3181,3134],"class_list":{"0":"post-56187","1":"product","2":"type-product","3":"status-publish","4":"has-post-thumbnail","6":"product_brand-jobe-watersports","7":"product_cat-c","8":"product_cat-sup-","9":"product_cat--sup-","10":"product_cat--sup--jobe","11":"product_tag-aufblasbares-sup","12":"product_tag-jobe","13":"product_tag-paddle-boards","14":"product_tag-stand-up-paddleboard","15":"product_tag-stand-up-paddling","16":"product_tag-sup","17":"product_tag-sup-delu-izpardosana","18":"product_tag-sup-surfer","19":"product_tag-sup-","20":"product_tag-supkayak","21":"product_tag-3134","23":"first","24":"instock","25":"sale","26":"shipping-taxable","27":"purchasable","28":"product-type-simple"},"acf":[],"yoast_head":"<!-- This site is optimized with the Yoast SEO plugin v27.2 - https:\/\/yoast.com\/product\/yoast-seo-wordpress\/ -->\n<title>\u041a\u043e\u043c\u043f\u043b\u0435\u043a\u0442 \u043d\u0430\u0434\u0443\u0432\u043d\u043e\u0439 \u0434\u043e\u0441\u043a\u0438 \u0434\u043b\u044f \u0433\u0440\u0435\u0431\u043b\u0438 Jobe Yama 8.6 - WATERSKIS.LV<\/title>\n<meta name=\"description\" content=\"\u041a\u043e\u043c\u043f\u043b\u0435\u043a\u0442 \u043d\u0430\u0434\u0443\u0432\u043d\u043e\u0439 \u0434\u043e\u0441\u043a\u0438 \u0434\u043b\u044f \u0433\u0440\u0435\u0431\u043b\u0438 Jobe Yama 8.6\u044e \u0412\u043e\u0437\u043c\u043e\u0436\u043d\u043e, \u044d\u0442\u043e \u043d\u0430\u0448 \u0441\u0430\u043c\u044b\u0439 \u043c\u0430\u043b\u0435\u043d\u044c\u043a\u0438\u0439 SUP, \u043d\u043e \u043e\u043d \u043e\u0441\u043d\u0430\u0449\u0435\u043d \u043d\u043e\u0432\u044b\u043c\u0438 \u0444\u0443\u043d\u043a\u0446\u0438\u044f\u043c\u0438, \u0442\u0430\u043a\u0438\u043c\u0438 \u043a\u0430\u043a \u00ab\u043f\u043b\u0430\u0432\u043d\u0438\u043a EZ Lock Fin\u00bb\" \/>\n<meta name=\"robots\" content=\"index, follow, max-snippet:-1, max-image-preview:large, max-video-preview:-1\" \/>\n<link rel=\"canonical\" href=\"https:\/\/www.waterskis.lv\/ru\/product\/%d0%ba%d0%be%d0%bc%d0%bf%d0%bb%d0%b5%d0%ba%d1%82-%d0%bd%d0%b0%d0%b4%d1%83%d0%b2%d0%bd%d0%be%d0%b9-%d0%b4%d0%be%d1%81%d0%ba%d0%b8-%d0%b4%d0%bb%d1%8f-%d0%b3%d1%80%d0%b5%d0%b1%d0%bb%d0%b8-jobe-yama-8-6\/\" \/>\n<meta property=\"og:locale\" content=\"ru_RU\" \/>\n<meta property=\"og:type\" content=\"article\" \/>\n<meta property=\"og:title\" content=\"\u041a\u043e\u043c\u043f\u043b\u0435\u043a\u0442 \u043d\u0430\u0434\u0443\u0432\u043d\u043e\u0439 \u0434\u043e\u0441\u043a\u0438 \u0434\u043b\u044f \u0433\u0440\u0435\u0431\u043b\u0438 Jobe Yama 8.6 - WATERSKIS.LV\" \/>\n<meta property=\"og:description\" content=\"\u041a\u043e\u043c\u043f\u043b\u0435\u043a\u0442 \u043d\u0430\u0434\u0443\u0432\u043d\u043e\u0439 \u0434\u043e\u0441\u043a\u0438 \u0434\u043b\u044f \u0433\u0440\u0435\u0431\u043b\u0438 Jobe Yama 8.6\u044e \u0412\u043e\u0437\u043c\u043e\u0436\u043d\u043e, \u044d\u0442\u043e \u043d\u0430\u0448 \u0441\u0430\u043c\u044b\u0439 \u043c\u0430\u043b\u0435\u043d\u044c\u043a\u0438\u0439 SUP, \u043d\u043e \u043e\u043d \u043e\u0441\u043d\u0430\u0449\u0435\u043d \u043d\u043e\u0432\u044b\u043c\u0438 \u0444\u0443\u043d\u043a\u0446\u0438\u044f\u043c\u0438, \u0442\u0430\u043a\u0438\u043c\u0438 \u043a\u0430\u043a \u00ab\u043f\u043b\u0430\u0432\u043d\u0438\u043a EZ Lock Fin\u00bb\" \/>\n<meta property=\"og:url\" content=\"https:\/\/www.waterskis.lv\/ru\/product\/%d0%ba%d0%be%d0%bc%d0%bf%d0%bb%d0%b5%d0%ba%d1%82-%d0%bd%d0%b0%d0%b4%d1%83%d0%b2%d0%bd%d0%be%d0%b9-%d0%b4%d0%be%d1%81%d0%ba%d0%b8-%d0%b4%d0%bb%d1%8f-%d0%b3%d1%80%d0%b5%d0%b1%d0%bb%d0%b8-jobe-yama-8-6\/\" \/>\n<meta property=\"og:site_name\" content=\"WATERSKIS.LV\" \/>\n<meta property=\"article:publisher\" content=\"https:\/\/www.facebook.com\/jurmalawaterskiwakeboardpark\/\" \/>\n<meta property=\"article:modified_time\" content=\"2026-02-01T13:23:34+00:00\" \/>\n<meta property=\"og:image\" content=\"https:\/\/www.waterskis.lv\/wp-content\/uploads\/2024\/10\/486421009-zoom.jpg\" \/>\n\t<meta property=\"og:image:width\" content=\"1500\" \/>\n\t<meta property=\"og:image:height\" content=\"1500\" \/>\n\t<meta property=\"og:image:type\" content=\"image\/jpeg\" \/>\n<meta name=\"twitter:card\" content=\"summary_large_image\" \/>\n<meta name=\"twitter:label1\" content=\"\u041f\u0440\u0438\u043c\u0435\u0440\u043d\u043e\u0435 \u0432\u0440\u0435\u043c\u044f \u0434\u043b\u044f \u0447\u0442\u0435\u043d\u0438\u044f\" \/>\n\t<meta name=\"twitter:data1\" content=\"2 \u043c\u0438\u043d\u0443\u0442\u044b\" \/>\n<script type=\"application\/ld+json\" class=\"yoast-schema-graph\">{\"@context\":\"https:\/\/schema.org\",\"@graph\":[{\"@type\":\"WebPage\",\"@id\":\"https:\/\/www.waterskis.lv\/ru\/product\/%d0%ba%d0%be%d0%bc%d0%bf%d0%bb%d0%b5%d0%ba%d1%82-%d0%bd%d0%b0%d0%b4%d1%83%d0%b2%d0%bd%d0%be%d0%b9-%d0%b4%d0%be%d1%81%d0%ba%d0%b8-%d0%b4%d0%bb%d1%8f-%d0%b3%d1%80%d0%b5%d0%b1%d0%bb%d0%b8-jobe-yama-8-6\/\",\"url\":\"https:\/\/www.waterskis.lv\/ru\/product\/%d0%ba%d0%be%d0%bc%d0%bf%d0%bb%d0%b5%d0%ba%d1%82-%d0%bd%d0%b0%d0%b4%d1%83%d0%b2%d0%bd%d0%be%d0%b9-%d0%b4%d0%be%d1%81%d0%ba%d0%b8-%d0%b4%d0%bb%d1%8f-%d0%b3%d1%80%d0%b5%d0%b1%d0%bb%d0%b8-jobe-yama-8-6\/\",\"name\":\"\u041a\u043e\u043c\u043f\u043b\u0435\u043a\u0442 \u043d\u0430\u0434\u0443\u0432\u043d\u043e\u0439 \u0434\u043e\u0441\u043a\u0438 \u0434\u043b\u044f \u0433\u0440\u0435\u0431\u043b\u0438 Jobe Yama 8.6 - WATERSKIS.LV\",\"isPartOf\":{\"@id\":\"https:\/\/www.waterskis.lv\/ru\/#website\"},\"primaryImageOfPage\":{\"@id\":\"https:\/\/www.waterskis.lv\/ru\/product\/%d0%ba%d0%be%d0%bc%d0%bf%d0%bb%d0%b5%d0%ba%d1%82-%d0%bd%d0%b0%d0%b4%d1%83%d0%b2%d0%bd%d0%be%d0%b9-%d0%b4%d0%be%d1%81%d0%ba%d0%b8-%d0%b4%d0%bb%d1%8f-%d0%b3%d1%80%d0%b5%d0%b1%d0%bb%d0%b8-jobe-yama-8-6\/#primaryimage\"},\"image\":{\"@id\":\"https:\/\/www.waterskis.lv\/ru\/product\/%d0%ba%d0%be%d0%bc%d0%bf%d0%bb%d0%b5%d0%ba%d1%82-%d0%bd%d0%b0%d0%b4%d1%83%d0%b2%d0%bd%d0%be%d0%b9-%d0%b4%d0%be%d1%81%d0%ba%d0%b8-%d0%b4%d0%bb%d1%8f-%d0%b3%d1%80%d0%b5%d0%b1%d0%bb%d0%b8-jobe-yama-8-6\/#primaryimage\"},\"thumbnailUrl\":\"https:\/\/www.waterskis.lv\/wp-content\/uploads\/2024\/10\/486421009-zoom.jpg\",\"datePublished\":\"2024-10-09T14:36:18+00:00\",\"dateModified\":\"2026-02-01T13:23:34+00:00\",\"description\":\"\u041a\u043e\u043c\u043f\u043b\u0435\u043a\u0442 \u043d\u0430\u0434\u0443\u0432\u043d\u043e\u0439 \u0434\u043e\u0441\u043a\u0438 \u0434\u043b\u044f \u0433\u0440\u0435\u0431\u043b\u0438 Jobe Yama 8.6\u044e \u0412\u043e\u0437\u043c\u043e\u0436\u043d\u043e, \u044d\u0442\u043e \u043d\u0430\u0448 \u0441\u0430\u043c\u044b\u0439 \u043c\u0430\u043b\u0435\u043d\u044c\u043a\u0438\u0439 SUP, \u043d\u043e \u043e\u043d \u043e\u0441\u043d\u0430\u0449\u0435\u043d \u043d\u043e\u0432\u044b\u043c\u0438 \u0444\u0443\u043d\u043a\u0446\u0438\u044f\u043c\u0438, \u0442\u0430\u043a\u0438\u043c\u0438 \u043a\u0430\u043a \u00ab\u043f\u043b\u0430\u0432\u043d\u0438\u043a EZ Lock Fin\u00bb\",\"breadcrumb\":{\"@id\":\"https:\/\/www.waterskis.lv\/ru\/product\/%d0%ba%d0%be%d0%bc%d0%bf%d0%bb%d0%b5%d0%ba%d1%82-%d0%bd%d0%b0%d0%b4%d1%83%d0%b2%d0%bd%d0%be%d0%b9-%d0%b4%d0%be%d1%81%d0%ba%d0%b8-%d0%b4%d0%bb%d1%8f-%d0%b3%d1%80%d0%b5%d0%b1%d0%bb%d0%b8-jobe-yama-8-6\/#breadcrumb\"},\"inLanguage\":\"ru-RU\",\"potentialAction\":[{\"@type\":\"ReadAction\",\"target\":[\"https:\/\/www.waterskis.lv\/ru\/product\/%d0%ba%d0%be%d0%bc%d0%bf%d0%bb%d0%b5%d0%ba%d1%82-%d0%bd%d0%b0%d0%b4%d1%83%d0%b2%d0%bd%d0%be%d0%b9-%d0%b4%d0%be%d1%81%d0%ba%d0%b8-%d0%b4%d0%bb%d1%8f-%d0%b3%d1%80%d0%b5%d0%b1%d0%bb%d0%b8-jobe-yama-8-6\/\"]}]},{\"@type\":\"ImageObject\",\"inLanguage\":\"ru-RU\",\"@id\":\"https:\/\/www.waterskis.lv\/ru\/product\/%d0%ba%d0%be%d0%bc%d0%bf%d0%bb%d0%b5%d0%ba%d1%82-%d0%bd%d0%b0%d0%b4%d1%83%d0%b2%d0%bd%d0%be%d0%b9-%d0%b4%d0%be%d1%81%d0%ba%d0%b8-%d0%b4%d0%bb%d1%8f-%d0%b3%d1%80%d0%b5%d0%b1%d0%bb%d0%b8-jobe-yama-8-6\/#primaryimage\",\"url\":\"https:\/\/www.waterskis.lv\/wp-content\/uploads\/2024\/10\/486421009-zoom.jpg\",\"contentUrl\":\"https:\/\/www.waterskis.lv\/wp-content\/uploads\/2024\/10\/486421009-zoom.jpg\",\"width\":1500,\"height\":1500,\"caption\":\"Piep\u016b\u0161ams SUP d\u0113lis Jobe Aero Yama 8.6\"},{\"@type\":\"BreadcrumbList\",\"@id\":\"https:\/\/www.waterskis.lv\/ru\/product\/%d0%ba%d0%be%d0%bc%d0%bf%d0%bb%d0%b5%d0%ba%d1%82-%d0%bd%d0%b0%d0%b4%d1%83%d0%b2%d0%bd%d0%be%d0%b9-%d0%b4%d0%be%d1%81%d0%ba%d0%b8-%d0%b4%d0%bb%d1%8f-%d0%b3%d1%80%d0%b5%d0%b1%d0%bb%d0%b8-jobe-yama-8-6\/#breadcrumb\",\"itemListElement\":[{\"@type\":\"ListItem\",\"position\":1,\"name\":\"Home\",\"item\":\"https:\/\/www.waterskis.lv\/ru\/\"},{\"@type\":\"ListItem\",\"position\":2,\"name\":\"\u041c\u0430\u0433\u0430\u0437\u0438\u043d\",\"item\":\"https:\/\/www.waterskis.lv\/ru\/%d0%bc%d0%b0%d0%b3%d0%b0%d0%b7%d0%b8%d0%bd\/\"},{\"@type\":\"ListItem\",\"position\":3,\"name\":\"\u041a\u043e\u043c\u043f\u043b\u0435\u043a\u0442 \u043d\u0430\u0434\u0443\u0432\u043d\u043e\u0439 \u0434\u043e\u0441\u043a\u0438 \u0434\u043b\u044f \u0433\u0440\u0435\u0431\u043b\u0438 Jobe Yama 8.6\"}]},{\"@type\":\"WebSite\",\"@id\":\"https:\/\/www.waterskis.lv\/ru\/#website\",\"url\":\"https:\/\/www.waterskis.lv\/ru\/\",\"name\":\"WATERSKIS.LV\",\"description\":\"SUP d\u0113\u013ci, kajaki, kanoe, airu laivas, \u016bdenssl\u0113po\u0161ana, veikbords, SUP d\u0113\u013cu noma, kajaku nomaakt\u012bv\u0101s atp\u016btas centrs, laivu noma, sup noma, kajaku noma\",\"publisher\":{\"@id\":\"https:\/\/www.waterskis.lv\/ru\/#organization\"},\"potentialAction\":[{\"@type\":\"SearchAction\",\"target\":{\"@type\":\"EntryPoint\",\"urlTemplate\":\"https:\/\/www.waterskis.lv\/ru\/?s={search_term_string}\"},\"query-input\":{\"@type\":\"PropertyValueSpecification\",\"valueRequired\":true,\"valueName\":\"search_term_string\"}}],\"inLanguage\":\"ru-RU\"},{\"@type\":\"Organization\",\"@id\":\"https:\/\/www.waterskis.lv\/ru\/#organization\",\"name\":\"WATERSKIS.LV\",\"url\":\"https:\/\/www.waterskis.lv\/ru\/\",\"logo\":{\"@type\":\"ImageObject\",\"inLanguage\":\"ru-RU\",\"@id\":\"https:\/\/www.waterskis.lv\/ru\/#\/schema\/logo\/image\/\",\"url\":\"https:\/\/www.waterskis.lv\/wp-content\/uploads\/2025\/01\/JUVP-logo.png\",\"contentUrl\":\"https:\/\/www.waterskis.lv\/wp-content\/uploads\/2025\/01\/JUVP-logo.png\",\"width\":421,\"height\":202,\"caption\":\"WATERSKIS.LV\"},\"image\":{\"@id\":\"https:\/\/www.waterskis.lv\/ru\/#\/schema\/logo\/image\/\"},\"sameAs\":[\"https:\/\/www.facebook.com\/jurmalawaterskiwakeboardpark\/\"]}]}<\/script>\n<!-- \/ Yoast SEO plugin. -->","yoast_head_json":{"title":"\u041a\u043e\u043c\u043f\u043b\u0435\u043a\u0442 \u043d\u0430\u0434\u0443\u0432\u043d\u043e\u0439 \u0434\u043e\u0441\u043a\u0438 \u0434\u043b\u044f \u0433\u0440\u0435\u0431\u043b\u0438 Jobe Yama 8.6 - WATERSKIS.LV","description":"\u041a\u043e\u043c\u043f\u043b\u0435\u043a\u0442 \u043d\u0430\u0434\u0443\u0432\u043d\u043e\u0439 \u0434\u043e\u0441\u043a\u0438 \u0434\u043b\u044f \u0433\u0440\u0435\u0431\u043b\u0438 Jobe Yama 8.6\u044e \u0412\u043e\u0437\u043c\u043e\u0436\u043d\u043e, \u044d\u0442\u043e \u043d\u0430\u0448 \u0441\u0430\u043c\u044b\u0439 \u043c\u0430\u043b\u0435\u043d\u044c\u043a\u0438\u0439 SUP, \u043d\u043e \u043e\u043d \u043e\u0441\u043d\u0430\u0449\u0435\u043d \u043d\u043e\u0432\u044b\u043c\u0438 \u0444\u0443\u043d\u043a\u0446\u0438\u044f\u043c\u0438, \u0442\u0430\u043a\u0438\u043c\u0438 \u043a\u0430\u043a \u00ab\u043f\u043b\u0430\u0432\u043d\u0438\u043a EZ Lock Fin\u00bb","robots":{"index":"index","follow":"follow","max-snippet":"max-snippet:-1","max-image-preview":"max-image-preview:large","max-video-preview":"max-video-preview:-1"},"canonical":"https:\/\/www.waterskis.lv\/ru\/product\/%d0%ba%d0%be%d0%bc%d0%bf%d0%bb%d0%b5%d0%ba%d1%82-%d0%bd%d0%b0%d0%b4%d1%83%d0%b2%d0%bd%d0%be%d0%b9-%d0%b4%d0%be%d1%81%d0%ba%d0%b8-%d0%b4%d0%bb%d1%8f-%d0%b3%d1%80%d0%b5%d0%b1%d0%bb%d0%b8-jobe-yama-8-6\/","og_locale":"ru_RU","og_type":"article","og_title":"\u041a\u043e\u043c\u043f\u043b\u0435\u043a\u0442 \u043d\u0430\u0434\u0443\u0432\u043d\u043e\u0439 \u0434\u043e\u0441\u043a\u0438 \u0434\u043b\u044f \u0433\u0440\u0435\u0431\u043b\u0438 Jobe Yama 8.6 - WATERSKIS.LV","og_description":"\u041a\u043e\u043c\u043f\u043b\u0435\u043a\u0442 \u043d\u0430\u0434\u0443\u0432\u043d\u043e\u0439 \u0434\u043e\u0441\u043a\u0438 \u0434\u043b\u044f \u0433\u0440\u0435\u0431\u043b\u0438 Jobe Yama 8.6\u044e \u0412\u043e\u0437\u043c\u043e\u0436\u043d\u043e, \u044d\u0442\u043e \u043d\u0430\u0448 \u0441\u0430\u043c\u044b\u0439 \u043c\u0430\u043b\u0435\u043d\u044c\u043a\u0438\u0439 SUP, \u043d\u043e \u043e\u043d \u043e\u0441\u043d\u0430\u0449\u0435\u043d \u043d\u043e\u0432\u044b\u043c\u0438 \u0444\u0443\u043d\u043a\u0446\u0438\u044f\u043c\u0438, \u0442\u0430\u043a\u0438\u043c\u0438 \u043a\u0430\u043a \u00ab\u043f\u043b\u0430\u0432\u043d\u0438\u043a EZ Lock Fin\u00bb","og_url":"https:\/\/www.waterskis.lv\/ru\/product\/%d0%ba%d0%be%d0%bc%d0%bf%d0%bb%d0%b5%d0%ba%d1%82-%d0%bd%d0%b0%d0%b4%d1%83%d0%b2%d0%bd%d0%be%d0%b9-%d0%b4%d0%be%d1%81%d0%ba%d0%b8-%d0%b4%d0%bb%d1%8f-%d0%b3%d1%80%d0%b5%d0%b1%d0%bb%d0%b8-jobe-yama-8-6\/","og_site_name":"WATERSKIS.LV","article_publisher":"https:\/\/www.facebook.com\/jurmalawaterskiwakeboardpark\/","article_modified_time":"2026-02-01T13:23:34+00:00","og_image":[{"width":1500,"height":1500,"url":"https:\/\/www.waterskis.lv\/wp-content\/uploads\/2024\/10\/486421009-zoom.jpg","type":"image\/jpeg"}],"twitter_card":"summary_large_image","twitter_misc":{"\u041f\u0440\u0438\u043c\u0435\u0440\u043d\u043e\u0435 \u0432\u0440\u0435\u043c\u044f \u0434\u043b\u044f \u0447\u0442\u0435\u043d\u0438\u044f":"2 \u043c\u0438\u043d\u0443\u0442\u044b"},"schema":{"@context":"https:\/\/schema.org","@graph":[{"@type":"WebPage","@id":"https:\/\/www.waterskis.lv\/ru\/product\/%d0%ba%d0%be%d0%bc%d0%bf%d0%bb%d0%b5%d0%ba%d1%82-%d0%bd%d0%b0%d0%b4%d1%83%d0%b2%d0%bd%d0%be%d0%b9-%d0%b4%d0%be%d1%81%d0%ba%d0%b8-%d0%b4%d0%bb%d1%8f-%d0%b3%d1%80%d0%b5%d0%b1%d0%bb%d0%b8-jobe-yama-8-6\/","url":"https:\/\/www.waterskis.lv\/ru\/product\/%d0%ba%d0%be%d0%bc%d0%bf%d0%bb%d0%b5%d0%ba%d1%82-%d0%bd%d0%b0%d0%b4%d1%83%d0%b2%d0%bd%d0%be%d0%b9-%d0%b4%d0%be%d1%81%d0%ba%d0%b8-%d0%b4%d0%bb%d1%8f-%d0%b3%d1%80%d0%b5%d0%b1%d0%bb%d0%b8-jobe-yama-8-6\/","name":"\u041a\u043e\u043c\u043f\u043b\u0435\u043a\u0442 \u043d\u0430\u0434\u0443\u0432\u043d\u043e\u0439 \u0434\u043e\u0441\u043a\u0438 \u0434\u043b\u044f \u0433\u0440\u0435\u0431\u043b\u0438 Jobe Yama 8.6 - WATERSKIS.LV","isPartOf":{"@id":"https:\/\/www.waterskis.lv\/ru\/#website"},"primaryImageOfPage":{"@id":"https:\/\/www.waterskis.lv\/ru\/product\/%d0%ba%d0%be%d0%bc%d0%bf%d0%bb%d0%b5%d0%ba%d1%82-%d0%bd%d0%b0%d0%b4%d1%83%d0%b2%d0%bd%d0%be%d0%b9-%d0%b4%d0%be%d1%81%d0%ba%d0%b8-%d0%b4%d0%bb%d1%8f-%d0%b3%d1%80%d0%b5%d0%b1%d0%bb%d0%b8-jobe-yama-8-6\/#primaryimage"},"image":{"@id":"https:\/\/www.waterskis.lv\/ru\/product\/%d0%ba%d0%be%d0%bc%d0%bf%d0%bb%d0%b5%d0%ba%d1%82-%d0%bd%d0%b0%d0%b4%d1%83%d0%b2%d0%bd%d0%be%d0%b9-%d0%b4%d0%be%d1%81%d0%ba%d0%b8-%d0%b4%d0%bb%d1%8f-%d0%b3%d1%80%d0%b5%d0%b1%d0%bb%d0%b8-jobe-yama-8-6\/#primaryimage"},"thumbnailUrl":"https:\/\/www.waterskis.lv\/wp-content\/uploads\/2024\/10\/486421009-zoom.jpg","datePublished":"2024-10-09T14:36:18+00:00","dateModified":"2026-02-01T13:23:34+00:00","description":"\u041a\u043e\u043c\u043f\u043b\u0435\u043a\u0442 \u043d\u0430\u0434\u0443\u0432\u043d\u043e\u0439 \u0434\u043e\u0441\u043a\u0438 \u0434\u043b\u044f \u0433\u0440\u0435\u0431\u043b\u0438 Jobe Yama 8.6\u044e \u0412\u043e\u0437\u043c\u043e\u0436\u043d\u043e, \u044d\u0442\u043e \u043d\u0430\u0448 \u0441\u0430\u043c\u044b\u0439 \u043c\u0430\u043b\u0435\u043d\u044c\u043a\u0438\u0439 SUP, \u043d\u043e \u043e\u043d \u043e\u0441\u043d\u0430\u0449\u0435\u043d \u043d\u043e\u0432\u044b\u043c\u0438 \u0444\u0443\u043d\u043a\u0446\u0438\u044f\u043c\u0438, \u0442\u0430\u043a\u0438\u043c\u0438 \u043a\u0430\u043a \u00ab\u043f\u043b\u0430\u0432\u043d\u0438\u043a EZ Lock Fin\u00bb","breadcrumb":{"@id":"https:\/\/www.waterskis.lv\/ru\/product\/%d0%ba%d0%be%d0%bc%d0%bf%d0%bb%d0%b5%d0%ba%d1%82-%d0%bd%d0%b0%d0%b4%d1%83%d0%b2%d0%bd%d0%be%d0%b9-%d0%b4%d0%be%d1%81%d0%ba%d0%b8-%d0%b4%d0%bb%d1%8f-%d0%b3%d1%80%d0%b5%d0%b1%d0%bb%d0%b8-jobe-yama-8-6\/#breadcrumb"},"inLanguage":"ru-RU","potentialAction":[{"@type":"ReadAction","target":["https:\/\/www.waterskis.lv\/ru\/product\/%d0%ba%d0%be%d0%bc%d0%bf%d0%bb%d0%b5%d0%ba%d1%82-%d0%bd%d0%b0%d0%b4%d1%83%d0%b2%d0%bd%d0%be%d0%b9-%d0%b4%d0%be%d1%81%d0%ba%d0%b8-%d0%b4%d0%bb%d1%8f-%d0%b3%d1%80%d0%b5%d0%b1%d0%bb%d0%b8-jobe-yama-8-6\/"]}]},{"@type":"ImageObject","inLanguage":"ru-RU","@id":"https:\/\/www.waterskis.lv\/ru\/product\/%d0%ba%d0%be%d0%bc%d0%bf%d0%bb%d0%b5%d0%ba%d1%82-%d0%bd%d0%b0%d0%b4%d1%83%d0%b2%d0%bd%d0%be%d0%b9-%d0%b4%d0%be%d1%81%d0%ba%d0%b8-%d0%b4%d0%bb%d1%8f-%d0%b3%d1%80%d0%b5%d0%b1%d0%bb%d0%b8-jobe-yama-8-6\/#primaryimage","url":"https:\/\/www.waterskis.lv\/wp-content\/uploads\/2024\/10\/486421009-zoom.jpg","contentUrl":"https:\/\/www.waterskis.lv\/wp-content\/uploads\/2024\/10\/486421009-zoom.jpg","width":1500,"height":1500,"caption":"Piep\u016b\u0161ams SUP d\u0113lis Jobe Aero Yama 8.6"},{"@type":"BreadcrumbList","@id":"https:\/\/www.waterskis.lv\/ru\/product\/%d0%ba%d0%be%d0%bc%d0%bf%d0%bb%d0%b5%d0%ba%d1%82-%d0%bd%d0%b0%d0%b4%d1%83%d0%b2%d0%bd%d0%be%d0%b9-%d0%b4%d0%be%d1%81%d0%ba%d0%b8-%d0%b4%d0%bb%d1%8f-%d0%b3%d1%80%d0%b5%d0%b1%d0%bb%d0%b8-jobe-yama-8-6\/#breadcrumb","itemListElement":[{"@type":"ListItem","position":1,"name":"Home","item":"https:\/\/www.waterskis.lv\/ru\/"},{"@type":"ListItem","position":2,"name":"\u041c\u0430\u0433\u0430\u0437\u0438\u043d","item":"https:\/\/www.waterskis.lv\/ru\/%d0%bc%d0%b0%d0%b3%d0%b0%d0%b7%d0%b8%d0%bd\/"},{"@type":"ListItem","position":3,"name":"\u041a\u043e\u043c\u043f\u043b\u0435\u043a\u0442 \u043d\u0430\u0434\u0443\u0432\u043d\u043e\u0439 \u0434\u043e\u0441\u043a\u0438 \u0434\u043b\u044f \u0433\u0440\u0435\u0431\u043b\u0438 Jobe Yama 8.6"}]},{"@type":"WebSite","@id":"https:\/\/www.waterskis.lv\/ru\/#website","url":"https:\/\/www.waterskis.lv\/ru\/","name":"WATERSKIS.LV","description":"SUP d\u0113\u013ci, kajaki, kanoe, airu laivas, \u016bdenssl\u0113po\u0161ana, veikbords, SUP d\u0113\u013cu noma, kajaku nomaakt\u012bv\u0101s atp\u016btas centrs, laivu noma, sup noma, kajaku noma","publisher":{"@id":"https:\/\/www.waterskis.lv\/ru\/#organization"},"potentialAction":[{"@type":"SearchAction","target":{"@type":"EntryPoint","urlTemplate":"https:\/\/www.waterskis.lv\/ru\/?s={search_term_string}"},"query-input":{"@type":"PropertyValueSpecification","valueRequired":true,"valueName":"search_term_string"}}],"inLanguage":"ru-RU"},{"@type":"Organization","@id":"https:\/\/www.waterskis.lv\/ru\/#organization","name":"WATERSKIS.LV","url":"https:\/\/www.waterskis.lv\/ru\/","logo":{"@type":"ImageObject","inLanguage":"ru-RU","@id":"https:\/\/www.waterskis.lv\/ru\/#\/schema\/logo\/image\/","url":"https:\/\/www.waterskis.lv\/wp-content\/uploads\/2025\/01\/JUVP-logo.png","contentUrl":"https:\/\/www.waterskis.lv\/wp-content\/uploads\/2025\/01\/JUVP-logo.png","width":421,"height":202,"caption":"WATERSKIS.LV"},"image":{"@id":"https:\/\/www.waterskis.lv\/ru\/#\/schema\/logo\/image\/"},"sameAs":["https:\/\/www.facebook.com\/jurmalawaterskiwakeboardpark\/"]}]}},"_links":{"self":[{"href":"https:\/\/www.waterskis.lv\/ru\/wp-json\/wp\/v2\/product\/56187","targetHints":{"allow":["GET"]}}],"collection":[{"href":"https:\/\/www.waterskis.lv\/ru\/wp-json\/wp\/v2\/product"}],"about":[{"href":"https:\/\/www.waterskis.lv\/ru\/wp-json\/wp\/v2\/types\/product"}],"replies":[{"embeddable":true,"href":"https:\/\/www.waterskis.lv\/ru\/wp-json\/wp\/v2\/comments?post=56187"}],"wp:featuredmedia":[{"embeddable":true,"href":"https:\/\/www.waterskis.lv\/ru\/wp-json\/wp\/v2\/media\/56179"}],"wp:attachment":[{"href":"https:\/\/www.waterskis.lv\/ru\/wp-json\/wp\/v2\/media?parent=56187"}],"wp:term":[{"taxonomy":"product_brand","embeddable":true,"href":"https:\/\/www.waterskis.lv\/ru\/wp-json\/wp\/v2\/product_brand?post=56187"},{"taxonomy":"product_cat","embeddable":true,"href":"https:\/\/www.waterskis.lv\/ru\/wp-json\/wp\/v2\/product_cat?post=56187"},{"taxonomy":"product_tag","embeddable":true,"href":"https:\/\/www.waterskis.lv\/ru\/wp-json\/wp\/v2\/product_tag?post=56187"}],"curies":[{"name":"wp","href":"https:\/\/api.w.org\/{rel}","templated":true}]}}