{"id":56314,"date":"2024-07-07T20:06:24","date_gmt":"2024-07-07T17:06:24","guid":{"rendered":"https:\/\/www.waterskis.lv\/product\/veikborda-delis-connelly-reverb-wakeboard\/"},"modified":"2024-11-04T20:55:44","modified_gmt":"2024-11-04T17:55:44","slug":"%d0%b2%d0%b5%d0%b9%d0%ba%d0%b1%d0%be%d1%80%d0%b4-connelly-reverb-wakeboard","status":"publish","type":"product","link":"https:\/\/www.waterskis.lv\/ru\/product\/%d0%b2%d0%b5%d0%b9%d0%ba%d0%b1%d0%be%d1%80%d0%b4-connelly-reverb-wakeboard\/","title":{"rendered":"\u0412\u0435\u0439\u043a\u0431\u043e\u0440\u0434 CONNELLY REVERB WAKEBOARD"},"content":{"rendered":"<h1>\u0412\u0435\u0439\u043a\u0431\u043e\u0440\u0434 CONNELLY REVERB WAKEBOARD<\/h1>\n<p>\u0412\u0435\u0439\u043a\u0431\u043e\u0440\u0434 CONNELLY REVERB WAKEBOARD<\/p>\n<p>\u0420\u0430\u0437\u043c\u0435\u0440\u044b: 136, 141, 146.<\/p>\n<p>\u041e\u041f\u0418\u0421\u0410\u041d\u0418\u0415<\/p>\n<p>REVERB<br \/>\nReverb \u043f\u0440\u0435\u0432\u0440\u0430\u0442\u0438\u043b\u0441\u044f \u0432 \u043d\u0435\u043e\u0444\u0438\u0446\u0438\u0430\u043b\u044c\u043d\u0443\u044e \u0434\u043e\u0441\u043a\u0443 \u043a\u043e\u043c\u0430\u043d\u0434\u044b CONNELLY. \u042d\u0442\u0430 \u0444\u043e\u0440\u043c\u0430 \u043f\u043e\u0434\u043e\u0439\u0434\u0435\u0442 \u043a \u043b\u044e\u0431\u043e\u043c\u0443 \u0441\u0442\u0438\u043b\u044e \u043a\u0430\u0442\u0430\u043d\u0438\u044f, \u0431\u0443\u0434\u044c \u0442\u043e \u0441\u0443\u043f\u0435\u0440\u0442\u0435\u0445\u043d\u0438\u0447\u043d\u044b\u0439 \u0438\u043b\u0438 \u043d\u0435\u043f\u0440\u0438\u043d\u0443\u0436\u0434\u0435\u043d\u043d\u044b\u0439 \u0438 \u0441\u0442\u0438\u043b\u044c\u043d\u044b\u0439. \u0413\u043b\u0443\u0431\u043e\u043a\u0438\u0439 \u0446\u0435\u043d\u0442\u0440\u0430\u043b\u044c\u043d\u044b\u0439 \u043a\u0430\u043d\u0430\u043b \u043e\u043f\u0443\u0441\u043a\u0430\u0435\u0442 \u0432\u0430\u0441 \u043d\u0435\u043c\u043d\u043e\u0433\u043e \u043d\u0438\u0436\u0435 \u0432 \u0432\u043e\u0434\u0443, \u0443\u0432\u0435\u043b\u0438\u0447\u0438\u0432\u0430\u044f \u0443\u0441\u0442\u043e\u0439\u0447\u0438\u0432\u043e\u0441\u0442\u044c \u043a\u0440\u043e\u043c\u043a\u0438 \u043f\u0440\u0438 \u043f\u043e\u0433\u0440\u0443\u0436\u0435\u043d\u0438\u0438 \u0432 \u0441\u043b\u0435\u0434. \u0423\u0441\u043e\u0432\u0435\u0440\u0448\u0435\u043d\u0441\u0442\u0432\u043e\u0432\u0430\u043d\u043d\u0430\u044f \u0442\u0440\u0435\u0445\u0441\u0442\u0443\u043f\u0435\u043d\u0447\u0430\u0442\u0430\u044f \u043b\u044e\u043b\u044c\u043a\u0430 \u043e\u0431\u0435\u0441\u043f\u0435\u0447\u0438\u0432\u0430\u0435\u0442 \u0440\u0430\u0441\u0441\u043b\u0430\u0431\u043b\u0435\u043d\u0438\u0435 \u0432\u043e \u0432\u0440\u0435\u043c\u044f \u0431\u043e\u0434\u0440\u0441\u0442\u0432\u043e\u0432\u0430\u043d\u0438\u044f. \u041f\u043e\u043b\u043d\u043e\u0440\u0430\u0437\u043c\u0435\u0440\u043d\u0430\u044f \u0446\u0435\u043d\u0442\u0440\u0430\u043b\u044c\u043d\u0430\u044f \u0447\u0430\u0441\u0442\u044c \u043f\u043e\u0437\u0432\u043e\u043d\u043e\u0447\u043d\u0438\u043a\u0430 \u0438 \u0440\u0435\u0433\u0443\u043b\u0438\u0440\u0443\u0435\u043c\u044b\u0435 \u043b\u0438\u043d\u0438\u0438 \u0440\u044b\u0447\u0430\u0433\u043e\u0432 \u043e\u0431\u043b\u0435\u0433\u0447\u0430\u044e\u0442 \u0436\u0435\u0441\u0442\u043a\u043e\u0435 \u0438 \u0440\u043e\u0432\u043d\u043e\u0435 \u043f\u0440\u0438\u0437\u0435\u043c\u043b\u0435\u043d\u0438\u0435.<\/p>\n<p>\u0421\u0412\u042f\u0417\u0410\u041d\u0418\u0415 \u0418\u041c\u041f\u0415\u0420\u0418\u0418<br \/>\n\u041a\u043e\u043d\u0441\u0442\u0440\u0443\u043a\u0446\u0438\u044f \u0431\u043e\u0442\u0438\u043d\u043e\u043a Empire \u043f\u043e\u0434\u0445\u043e\u0434\u0438\u0442 \u0434\u043b\u044f \u043d\u043e\u0433 \u0440\u0430\u0437\u043d\u043e\u0433\u043e \u0440\u0430\u0437\u043c\u0435\u0440\u0430, \u0431\u043b\u0430\u0433\u043e\u0434\u0430\u0440\u044f \u043f\u043e\u0434\u043a\u043b\u0430\u0434\u043a\u0435, \u043a\u043e\u0442\u043e\u0440\u0430\u044f \u0440\u0430\u0441\u0442\u044f\u0433\u0438\u0432\u0430\u0435\u0442\u0441\u044f \u0438\u043b\u0438 \u0437\u0430\u0442\u044f\u0433\u0438\u0432\u0430\u0435\u0442\u0441\u044f \u0434\u043e \u043d\u0443\u0436\u043d\u043e\u0433\u043e \u0440\u0430\u0437\u043c\u0435\u0440\u0430. \u0423\u0434\u043e\u0431\u043d\u044b\u0439 \u043e\u0434\u0438\u043d\u0430\u0440\u043d\u044b\u0439 \u0448\u043d\u0443\u0440\u043e\u043a \u0443\u0434\u0435\u0440\u0436\u0438\u0432\u0430\u0435\u0442 \u043f\u044f\u0442\u043a\u0443 \u043e\u0431\u0440\u0430\u0442\u043d\u043e \u0432 \u044d\u0440\u0433\u043e\u043d\u043e\u043c\u0438\u0447\u043d\u044b\u0439 \u043a\u0430\u0440\u043c\u0430\u043d \u0434\u043b\u044f \u043f\u0440\u043e\u0444\u0435\u0441\u0441\u0438\u043e\u043d\u0430\u043b\u044c\u043d\u043e\u0433\u043e \u0440\u0435\u0430\u0433\u0438\u0440\u043e\u0432\u0430\u043d\u0438\u044f. \u041d\u0430\u0448\u0435 \u0448\u0430\u0441\u0441\u0438 Infinity Plate \u044f\u0432\u043b\u044f\u0435\u0442\u0441\u044f \u0441\u0430\u043c\u044b\u043c \u043f\u0440\u043e\u0447\u043d\u044b\u043c \u0432 \u043e\u0442\u0440\u0430\u0441\u043b\u0438 \u0438 \u0438\u043c\u0435\u0435\u0442 \u043c\u044f\u0433\u043a\u0443\u044e \u043e\u0441\u043d\u043e\u0432\u0443 \u0438\u0437 \u044d\u0442\u0438\u043b\u0435\u043d\u0432\u0438\u043d\u0438\u043b\u0430\u0446\u0435\u0442\u0430\u0442\u0430 \u0434\u043b\u044f \u0437\u0430\u0449\u0438\u0442\u044b \u043e\u0442 \u0443\u0448\u0438\u0431\u043e\u0432 \u043f\u044f\u0442\u043a\u0438 \u0432\u043e \u0432\u0440\u0435\u043c\u044f \u0436\u0435\u0441\u0442\u043a\u0438\u0445 \u043f\u0440\u0438\u0437\u0435\u043c\u043b\u0435\u043d\u0438\u0439.<\/p>\n<p>\u0424\u0423\u041d\u041a\u0426\u0418\u0418 REVERB<\/p>\n<p>\u042f\u0434\u0440\u043e \u0441\u0438\u0441\u0442\u0435\u043c\u044b 80<br \/>\n\u0413\u043b\u0443\u0431\u043e\u043a\u0438\u0439 \u0446\u0435\u043d\u0442\u0440\u0430\u043b\u044c\u043d\u044b\u0439 \u043a\u0430\u043d\u0430\u043b \u0434\u043b\u044f \u0443\u043f\u0440\u0430\u0432\u043b\u0435\u043d\u0438\u044f<br \/>\n\u041f\u043e\u043b\u043d\u044b\u0439 \u043f\u043e\u0437\u0432\u043e\u043d\u043e\u0447\u043d\u0438\u043a<br \/>\n\u0422\u043e\u0447\u043d\u0430\u044f \u0442\u0440\u0435\u0445\u0441\u0442\u0443\u043f\u0435\u043d\u0447\u0430\u0442\u0430\u044f \u0440\u0435\u0433\u0443\u043b\u0438\u0440\u0443\u0435\u043c\u0430\u044f \u0440\u0443\u0447\u043a\u0430<br \/>\n\u043f\u043b\u0430\u0432\u043d\u0438\u043a\u0438 \u0432 \u0444\u043e\u0440\u043c\u0435 4&#215;4<br \/>\n2 \u0431\u043e\u043b\u0442\u0430 \u043d\u0430 \u043f\u043b\u0430\u0441\u0442\u0438\u043a\u043e\u0432\u044b\u0445 \u0446\u0435\u043d\u0442\u0440\u0430\u043b\u044c\u043d\u044b\u0445 \u0440\u0435\u0431\u0440\u0430\u0445 \u0434\u0438\u0430\u043c\u0435\u0442\u0440\u043e\u043c 1 \u0434\u044e\u0439\u043c.<\/p>\n","protected":false},"excerpt":{"rendered":"<p>https:\/\/www.youtube.com\/watch?v=zmyd24hiKBo [&#8230;]<\/p>\n<p><a class=\"btn btn-secondary understrap-read-more-link\" href=\"https:\/\/www.waterskis.lv\/ru\/product\/%d0%b2%d0%b5%d0%b9%d0%ba%d0%b1%d0%be%d1%80%d0%b4-connelly-reverb-wakeboard\/\">\u0427\u0438\u0442\u0430\u0442\u044c \u0434\u0430\u043b\u044c\u0448\u0435\u2026<\/a><\/p>\n","protected":false},"featured_media":55316,"comment_status":"closed","ping_status":"closed","template":"","meta":{"_acf_changed":false,"inline_featured_image":false},"product_brand":[],"product_cat":[362,560,1144,1015],"product_tag":[1456,3029],"class_list":{"0":"post-56314","1":"product","2":"type-product","3":"status-publish","4":"has-post-thumbnail","6":"product_cat-c","7":"product_cat-560","8":"product_cat--connelly","9":"product_cat-1015","10":"product_tag-veikbords","11":"product_tag-3029","13":"first","14":"instock","15":"sale","16":"shipping-taxable","17":"purchasable","18":"product-type-simple"},"acf":[],"yoast_head":"<!-- This site is optimized with the Yoast SEO plugin v27.3 - https:\/\/yoast.com\/product\/yoast-seo-wordpress\/ -->\n<title>\u0412\u0435\u0439\u043a\u0431\u043e\u0440\u0434 CONNELLY REVERB WAKEBOARD - WATERSKIS.LV<\/title>\n<meta name=\"description\" content=\"\u0412\u0435\u0439\u043a\u0431\u043e\u0440\u0434 CONNELLY REVERB WAKEBOARD \u043f\u0440\u0435\u0432\u0440\u0430\u0442\u0438\u043b\u0441\u044f \u0432 \u043d\u0435\u043e\u0444\u0438\u0446\u0438\u0430\u043b\u044c\u043d\u0443\u044e \u0434\u043e\u0441\u043a\u0443 \u043a\u043e\u043c\u0430\u043d\u0434\u044b CONNELLY. \u042d\u0442\u0430 \u0444\u043e\u0440\u043c\u0430 \u043f\u043e\u0434\u043e\u0439\u0434\u0435\u0442 \u043a \u043b\u044e\u0431\u043e\u043c\u0443 \u0441\u0442\u0438\u043b\u044e \u043a\u0430\u0442\u0430\u043d\u0438\u044f,\" \/>\n<meta name=\"robots\" content=\"index, follow, max-snippet:-1, max-image-preview:large, max-video-preview:-1\" \/>\n<link rel=\"canonical\" href=\"https:\/\/www.waterskis.lv\/ru\/product\/%d0%b2%d0%b5%d0%b9%d0%ba%d0%b1%d0%be%d1%80%d0%b4-connelly-reverb-wakeboard\/\" \/>\n<meta property=\"og:locale\" content=\"ru_RU\" \/>\n<meta property=\"og:type\" content=\"article\" \/>\n<meta property=\"og:title\" content=\"\u0412\u0435\u0439\u043a\u0431\u043e\u0440\u0434 CONNELLY REVERB WAKEBOARD - WATERSKIS.LV\" \/>\n<meta property=\"og:description\" content=\"\u0412\u0435\u0439\u043a\u0431\u043e\u0440\u0434 CONNELLY REVERB WAKEBOARD \u043f\u0440\u0435\u0432\u0440\u0430\u0442\u0438\u043b\u0441\u044f \u0432 \u043d\u0435\u043e\u0444\u0438\u0446\u0438\u0430\u043b\u044c\u043d\u0443\u044e \u0434\u043e\u0441\u043a\u0443 \u043a\u043e\u043c\u0430\u043d\u0434\u044b CONNELLY. \u042d\u0442\u0430 \u0444\u043e\u0440\u043c\u0430 \u043f\u043e\u0434\u043e\u0439\u0434\u0435\u0442 \u043a \u043b\u044e\u0431\u043e\u043c\u0443 \u0441\u0442\u0438\u043b\u044e \u043a\u0430\u0442\u0430\u043d\u0438\u044f,\" \/>\n<meta property=\"og:url\" content=\"https:\/\/www.waterskis.lv\/ru\/product\/%d0%b2%d0%b5%d0%b9%d0%ba%d0%b1%d0%be%d1%80%d0%b4-connelly-reverb-wakeboard\/\" \/>\n<meta property=\"og:site_name\" content=\"WATERSKIS.LV\" \/>\n<meta property=\"article:publisher\" content=\"https:\/\/www.facebook.com\/jurmalawaterskiwakeboardpark\/\" \/>\n<meta property=\"article:modified_time\" content=\"2024-11-04T17:55:44+00:00\" \/>\n<meta property=\"og:image\" content=\"https:\/\/www.waterskis.lv\/wp-content\/uploads\/2024\/07\/Reverb-scaled.jpg\" \/>\n\t<meta property=\"og:image:width\" content=\"1442\" \/>\n\t<meta property=\"og:image:height\" content=\"2560\" \/>\n\t<meta property=\"og:image:type\" content=\"image\/jpeg\" \/>\n<meta name=\"twitter:card\" content=\"summary_large_image\" \/>\n<meta name=\"twitter:label1\" content=\"\u041f\u0440\u0438\u043c\u0435\u0440\u043d\u043e\u0435 \u0432\u0440\u0435\u043c\u044f \u0434\u043b\u044f \u0447\u0442\u0435\u043d\u0438\u044f\" \/>\n\t<meta name=\"twitter:data1\" content=\"2 \u043c\u0438\u043d\u0443\u0442\u044b\" \/>\n<script type=\"application\/ld+json\" class=\"yoast-schema-graph\">{\"@context\":\"https:\\\/\\\/schema.org\",\"@graph\":[{\"@type\":\"WebPage\",\"@id\":\"https:\\\/\\\/www.waterskis.lv\\\/ru\\\/product\\\/%d0%b2%d0%b5%d0%b9%d0%ba%d0%b1%d0%be%d1%80%d0%b4-connelly-reverb-wakeboard\\\/\",\"url\":\"https:\\\/\\\/www.waterskis.lv\\\/ru\\\/product\\\/%d0%b2%d0%b5%d0%b9%d0%ba%d0%b1%d0%be%d1%80%d0%b4-connelly-reverb-wakeboard\\\/\",\"name\":\"\u0412\u0435\u0439\u043a\u0431\u043e\u0440\u0434 CONNELLY REVERB WAKEBOARD - WATERSKIS.LV\",\"isPartOf\":{\"@id\":\"https:\\\/\\\/www.waterskis.lv\\\/ru\\\/#website\"},\"primaryImageOfPage\":{\"@id\":\"https:\\\/\\\/www.waterskis.lv\\\/ru\\\/product\\\/%d0%b2%d0%b5%d0%b9%d0%ba%d0%b1%d0%be%d1%80%d0%b4-connelly-reverb-wakeboard\\\/#primaryimage\"},\"image\":{\"@id\":\"https:\\\/\\\/www.waterskis.lv\\\/ru\\\/product\\\/%d0%b2%d0%b5%d0%b9%d0%ba%d0%b1%d0%be%d1%80%d0%b4-connelly-reverb-wakeboard\\\/#primaryimage\"},\"thumbnailUrl\":\"https:\\\/\\\/www.waterskis.lv\\\/wp-content\\\/uploads\\\/2024\\\/07\\\/Reverb-scaled.jpg\",\"datePublished\":\"2024-07-07T17:06:24+00:00\",\"dateModified\":\"2024-11-04T17:55:44+00:00\",\"description\":\"\u0412\u0435\u0439\u043a\u0431\u043e\u0440\u0434 CONNELLY REVERB WAKEBOARD \u043f\u0440\u0435\u0432\u0440\u0430\u0442\u0438\u043b\u0441\u044f \u0432 \u043d\u0435\u043e\u0444\u0438\u0446\u0438\u0430\u043b\u044c\u043d\u0443\u044e \u0434\u043e\u0441\u043a\u0443 \u043a\u043e\u043c\u0430\u043d\u0434\u044b CONNELLY. \u042d\u0442\u0430 \u0444\u043e\u0440\u043c\u0430 \u043f\u043e\u0434\u043e\u0439\u0434\u0435\u0442 \u043a \u043b\u044e\u0431\u043e\u043c\u0443 \u0441\u0442\u0438\u043b\u044e \u043a\u0430\u0442\u0430\u043d\u0438\u044f,\",\"breadcrumb\":{\"@id\":\"https:\\\/\\\/www.waterskis.lv\\\/ru\\\/product\\\/%d0%b2%d0%b5%d0%b9%d0%ba%d0%b1%d0%be%d1%80%d0%b4-connelly-reverb-wakeboard\\\/#breadcrumb\"},\"inLanguage\":\"ru-RU\",\"potentialAction\":[{\"@type\":\"ReadAction\",\"target\":[\"https:\\\/\\\/www.waterskis.lv\\\/ru\\\/product\\\/%d0%b2%d0%b5%d0%b9%d0%ba%d0%b1%d0%be%d1%80%d0%b4-connelly-reverb-wakeboard\\\/\"]}]},{\"@type\":\"ImageObject\",\"inLanguage\":\"ru-RU\",\"@id\":\"https:\\\/\\\/www.waterskis.lv\\\/ru\\\/product\\\/%d0%b2%d0%b5%d0%b9%d0%ba%d0%b1%d0%be%d1%80%d0%b4-connelly-reverb-wakeboard\\\/#primaryimage\",\"url\":\"https:\\\/\\\/www.waterskis.lv\\\/wp-content\\\/uploads\\\/2024\\\/07\\\/Reverb-scaled.jpg\",\"contentUrl\":\"https:\\\/\\\/www.waterskis.lv\\\/wp-content\\\/uploads\\\/2024\\\/07\\\/Reverb-scaled.jpg\",\"width\":1442,\"height\":2560,\"caption\":\"CONELLY REVERB WAKEBOARD\"},{\"@type\":\"BreadcrumbList\",\"@id\":\"https:\\\/\\\/www.waterskis.lv\\\/ru\\\/product\\\/%d0%b2%d0%b5%d0%b9%d0%ba%d0%b1%d0%be%d1%80%d0%b4-connelly-reverb-wakeboard\\\/#breadcrumb\",\"itemListElement\":[{\"@type\":\"ListItem\",\"position\":1,\"name\":\"Home\",\"item\":\"https:\\\/\\\/www.waterskis.lv\\\/ru\\\/\"},{\"@type\":\"ListItem\",\"position\":2,\"name\":\"\u041c\u0430\u0433\u0430\u0437\u0438\u043d\",\"item\":\"https:\\\/\\\/www.waterskis.lv\\\/ru\\\/%d0%bc%d0%b0%d0%b3%d0%b0%d0%b7%d0%b8%d0%bd\\\/\"},{\"@type\":\"ListItem\",\"position\":3,\"name\":\"\u0412\u0435\u0439\u043a\u0431\u043e\u0440\u0434 CONNELLY REVERB WAKEBOARD\"}]},{\"@type\":\"WebSite\",\"@id\":\"https:\\\/\\\/www.waterskis.lv\\\/ru\\\/#website\",\"url\":\"https:\\\/\\\/www.waterskis.lv\\\/ru\\\/\",\"name\":\"WATERSKIS.LV\",\"description\":\"SUP d\u0113\u013ci, kajaki, kanoe, airu laivas, \u016bdenssl\u0113po\u0161ana, veikbords, SUP d\u0113\u013cu noma, kajaku nomaakt\u012bv\u0101s atp\u016btas centrs, laivu noma, sup noma, kajaku noma\",\"publisher\":{\"@id\":\"https:\\\/\\\/www.waterskis.lv\\\/ru\\\/#organization\"},\"potentialAction\":[{\"@type\":\"SearchAction\",\"target\":{\"@type\":\"EntryPoint\",\"urlTemplate\":\"https:\\\/\\\/www.waterskis.lv\\\/ru\\\/?s={search_term_string}\"},\"query-input\":{\"@type\":\"PropertyValueSpecification\",\"valueRequired\":true,\"valueName\":\"search_term_string\"}}],\"inLanguage\":\"ru-RU\"},{\"@type\":\"Organization\",\"@id\":\"https:\\\/\\\/www.waterskis.lv\\\/ru\\\/#organization\",\"name\":\"WATERSKIS.LV\",\"url\":\"https:\\\/\\\/www.waterskis.lv\\\/ru\\\/\",\"logo\":{\"@type\":\"ImageObject\",\"inLanguage\":\"ru-RU\",\"@id\":\"https:\\\/\\\/www.waterskis.lv\\\/ru\\\/#\\\/schema\\\/logo\\\/image\\\/\",\"url\":\"https:\\\/\\\/www.waterskis.lv\\\/wp-content\\\/uploads\\\/2025\\\/01\\\/JUVP-logo.png\",\"contentUrl\":\"https:\\\/\\\/www.waterskis.lv\\\/wp-content\\\/uploads\\\/2025\\\/01\\\/JUVP-logo.png\",\"width\":421,\"height\":202,\"caption\":\"WATERSKIS.LV\"},\"image\":{\"@id\":\"https:\\\/\\\/www.waterskis.lv\\\/ru\\\/#\\\/schema\\\/logo\\\/image\\\/\"},\"sameAs\":[\"https:\\\/\\\/www.facebook.com\\\/jurmalawaterskiwakeboardpark\\\/\"]}]}<\/script>\n<!-- \/ Yoast SEO plugin. -->","yoast_head_json":{"title":"\u0412\u0435\u0439\u043a\u0431\u043e\u0440\u0434 CONNELLY REVERB WAKEBOARD - WATERSKIS.LV","description":"\u0412\u0435\u0439\u043a\u0431\u043e\u0440\u0434 CONNELLY REVERB WAKEBOARD \u043f\u0440\u0435\u0432\u0440\u0430\u0442\u0438\u043b\u0441\u044f \u0432 \u043d\u0435\u043e\u0444\u0438\u0446\u0438\u0430\u043b\u044c\u043d\u0443\u044e \u0434\u043e\u0441\u043a\u0443 \u043a\u043e\u043c\u0430\u043d\u0434\u044b CONNELLY. \u042d\u0442\u0430 \u0444\u043e\u0440\u043c\u0430 \u043f\u043e\u0434\u043e\u0439\u0434\u0435\u0442 \u043a \u043b\u044e\u0431\u043e\u043c\u0443 \u0441\u0442\u0438\u043b\u044e \u043a\u0430\u0442\u0430\u043d\u0438\u044f,","robots":{"index":"index","follow":"follow","max-snippet":"max-snippet:-1","max-image-preview":"max-image-preview:large","max-video-preview":"max-video-preview:-1"},"canonical":"https:\/\/www.waterskis.lv\/ru\/product\/%d0%b2%d0%b5%d0%b9%d0%ba%d0%b1%d0%be%d1%80%d0%b4-connelly-reverb-wakeboard\/","og_locale":"ru_RU","og_type":"article","og_title":"\u0412\u0435\u0439\u043a\u0431\u043e\u0440\u0434 CONNELLY REVERB WAKEBOARD - WATERSKIS.LV","og_description":"\u0412\u0435\u0439\u043a\u0431\u043e\u0440\u0434 CONNELLY REVERB WAKEBOARD \u043f\u0440\u0435\u0432\u0440\u0430\u0442\u0438\u043b\u0441\u044f \u0432 \u043d\u0435\u043e\u0444\u0438\u0446\u0438\u0430\u043b\u044c\u043d\u0443\u044e \u0434\u043e\u0441\u043a\u0443 \u043a\u043e\u043c\u0430\u043d\u0434\u044b CONNELLY. \u042d\u0442\u0430 \u0444\u043e\u0440\u043c\u0430 \u043f\u043e\u0434\u043e\u0439\u0434\u0435\u0442 \u043a \u043b\u044e\u0431\u043e\u043c\u0443 \u0441\u0442\u0438\u043b\u044e \u043a\u0430\u0442\u0430\u043d\u0438\u044f,","og_url":"https:\/\/www.waterskis.lv\/ru\/product\/%d0%b2%d0%b5%d0%b9%d0%ba%d0%b1%d0%be%d1%80%d0%b4-connelly-reverb-wakeboard\/","og_site_name":"WATERSKIS.LV","article_publisher":"https:\/\/www.facebook.com\/jurmalawaterskiwakeboardpark\/","article_modified_time":"2024-11-04T17:55:44+00:00","og_image":[{"width":1442,"height":2560,"url":"https:\/\/www.waterskis.lv\/wp-content\/uploads\/2024\/07\/Reverb-scaled.jpg","type":"image\/jpeg"}],"twitter_card":"summary_large_image","twitter_misc":{"\u041f\u0440\u0438\u043c\u0435\u0440\u043d\u043e\u0435 \u0432\u0440\u0435\u043c\u044f \u0434\u043b\u044f \u0447\u0442\u0435\u043d\u0438\u044f":"2 \u043c\u0438\u043d\u0443\u0442\u044b"},"schema":{"@context":"https:\/\/schema.org","@graph":[{"@type":"WebPage","@id":"https:\/\/www.waterskis.lv\/ru\/product\/%d0%b2%d0%b5%d0%b9%d0%ba%d0%b1%d0%be%d1%80%d0%b4-connelly-reverb-wakeboard\/","url":"https:\/\/www.waterskis.lv\/ru\/product\/%d0%b2%d0%b5%d0%b9%d0%ba%d0%b1%d0%be%d1%80%d0%b4-connelly-reverb-wakeboard\/","name":"\u0412\u0435\u0439\u043a\u0431\u043e\u0440\u0434 CONNELLY REVERB WAKEBOARD - WATERSKIS.LV","isPartOf":{"@id":"https:\/\/www.waterskis.lv\/ru\/#website"},"primaryImageOfPage":{"@id":"https:\/\/www.waterskis.lv\/ru\/product\/%d0%b2%d0%b5%d0%b9%d0%ba%d0%b1%d0%be%d1%80%d0%b4-connelly-reverb-wakeboard\/#primaryimage"},"image":{"@id":"https:\/\/www.waterskis.lv\/ru\/product\/%d0%b2%d0%b5%d0%b9%d0%ba%d0%b1%d0%be%d1%80%d0%b4-connelly-reverb-wakeboard\/#primaryimage"},"thumbnailUrl":"https:\/\/www.waterskis.lv\/wp-content\/uploads\/2024\/07\/Reverb-scaled.jpg","datePublished":"2024-07-07T17:06:24+00:00","dateModified":"2024-11-04T17:55:44+00:00","description":"\u0412\u0435\u0439\u043a\u0431\u043e\u0440\u0434 CONNELLY REVERB WAKEBOARD \u043f\u0440\u0435\u0432\u0440\u0430\u0442\u0438\u043b\u0441\u044f \u0432 \u043d\u0435\u043e\u0444\u0438\u0446\u0438\u0430\u043b\u044c\u043d\u0443\u044e \u0434\u043e\u0441\u043a\u0443 \u043a\u043e\u043c\u0430\u043d\u0434\u044b CONNELLY. \u042d\u0442\u0430 \u0444\u043e\u0440\u043c\u0430 \u043f\u043e\u0434\u043e\u0439\u0434\u0435\u0442 \u043a \u043b\u044e\u0431\u043e\u043c\u0443 \u0441\u0442\u0438\u043b\u044e \u043a\u0430\u0442\u0430\u043d\u0438\u044f,","breadcrumb":{"@id":"https:\/\/www.waterskis.lv\/ru\/product\/%d0%b2%d0%b5%d0%b9%d0%ba%d0%b1%d0%be%d1%80%d0%b4-connelly-reverb-wakeboard\/#breadcrumb"},"inLanguage":"ru-RU","potentialAction":[{"@type":"ReadAction","target":["https:\/\/www.waterskis.lv\/ru\/product\/%d0%b2%d0%b5%d0%b9%d0%ba%d0%b1%d0%be%d1%80%d0%b4-connelly-reverb-wakeboard\/"]}]},{"@type":"ImageObject","inLanguage":"ru-RU","@id":"https:\/\/www.waterskis.lv\/ru\/product\/%d0%b2%d0%b5%d0%b9%d0%ba%d0%b1%d0%be%d1%80%d0%b4-connelly-reverb-wakeboard\/#primaryimage","url":"https:\/\/www.waterskis.lv\/wp-content\/uploads\/2024\/07\/Reverb-scaled.jpg","contentUrl":"https:\/\/www.waterskis.lv\/wp-content\/uploads\/2024\/07\/Reverb-scaled.jpg","width":1442,"height":2560,"caption":"CONELLY REVERB WAKEBOARD"},{"@type":"BreadcrumbList","@id":"https:\/\/www.waterskis.lv\/ru\/product\/%d0%b2%d0%b5%d0%b9%d0%ba%d0%b1%d0%be%d1%80%d0%b4-connelly-reverb-wakeboard\/#breadcrumb","itemListElement":[{"@type":"ListItem","position":1,"name":"Home","item":"https:\/\/www.waterskis.lv\/ru\/"},{"@type":"ListItem","position":2,"name":"\u041c\u0430\u0433\u0430\u0437\u0438\u043d","item":"https:\/\/www.waterskis.lv\/ru\/%d0%bc%d0%b0%d0%b3%d0%b0%d0%b7%d0%b8%d0%bd\/"},{"@type":"ListItem","position":3,"name":"\u0412\u0435\u0439\u043a\u0431\u043e\u0440\u0434 CONNELLY REVERB WAKEBOARD"}]},{"@type":"WebSite","@id":"https:\/\/www.waterskis.lv\/ru\/#website","url":"https:\/\/www.waterskis.lv\/ru\/","name":"WATERSKIS.LV","description":"SUP d\u0113\u013ci, kajaki, kanoe, airu laivas, \u016bdenssl\u0113po\u0161ana, veikbords, SUP d\u0113\u013cu noma, kajaku nomaakt\u012bv\u0101s atp\u016btas centrs, laivu noma, sup noma, kajaku noma","publisher":{"@id":"https:\/\/www.waterskis.lv\/ru\/#organization"},"potentialAction":[{"@type":"SearchAction","target":{"@type":"EntryPoint","urlTemplate":"https:\/\/www.waterskis.lv\/ru\/?s={search_term_string}"},"query-input":{"@type":"PropertyValueSpecification","valueRequired":true,"valueName":"search_term_string"}}],"inLanguage":"ru-RU"},{"@type":"Organization","@id":"https:\/\/www.waterskis.lv\/ru\/#organization","name":"WATERSKIS.LV","url":"https:\/\/www.waterskis.lv\/ru\/","logo":{"@type":"ImageObject","inLanguage":"ru-RU","@id":"https:\/\/www.waterskis.lv\/ru\/#\/schema\/logo\/image\/","url":"https:\/\/www.waterskis.lv\/wp-content\/uploads\/2025\/01\/JUVP-logo.png","contentUrl":"https:\/\/www.waterskis.lv\/wp-content\/uploads\/2025\/01\/JUVP-logo.png","width":421,"height":202,"caption":"WATERSKIS.LV"},"image":{"@id":"https:\/\/www.waterskis.lv\/ru\/#\/schema\/logo\/image\/"},"sameAs":["https:\/\/www.facebook.com\/jurmalawaterskiwakeboardpark\/"]}]}},"_links":{"self":[{"href":"https:\/\/www.waterskis.lv\/ru\/wp-json\/wp\/v2\/product\/56314","targetHints":{"allow":["GET"]}}],"collection":[{"href":"https:\/\/www.waterskis.lv\/ru\/wp-json\/wp\/v2\/product"}],"about":[{"href":"https:\/\/www.waterskis.lv\/ru\/wp-json\/wp\/v2\/types\/product"}],"replies":[{"embeddable":true,"href":"https:\/\/www.waterskis.lv\/ru\/wp-json\/wp\/v2\/comments?post=56314"}],"wp:featuredmedia":[{"embeddable":true,"href":"https:\/\/www.waterskis.lv\/ru\/wp-json\/wp\/v2\/media\/55316"}],"wp:attachment":[{"href":"https:\/\/www.waterskis.lv\/ru\/wp-json\/wp\/v2\/media?parent=56314"}],"wp:term":[{"taxonomy":"product_brand","embeddable":true,"href":"https:\/\/www.waterskis.lv\/ru\/wp-json\/wp\/v2\/product_brand?post=56314"},{"taxonomy":"product_cat","embeddable":true,"href":"https:\/\/www.waterskis.lv\/ru\/wp-json\/wp\/v2\/product_cat?post=56314"},{"taxonomy":"product_tag","embeddable":true,"href":"https:\/\/www.waterskis.lv\/ru\/wp-json\/wp\/v2\/product_tag?post=56314"}],"curies":[{"name":"wp","href":"https:\/\/api.w.org\/{rel}","templated":true}]}}