{"id":56550,"date":"2024-10-17T17:56:36","date_gmt":"2024-10-17T14:56:36","guid":{"rendered":"https:\/\/www.waterskis.lv\/product\/veikserfa-delis-jobe-laze-wakesurfer\/"},"modified":"2026-01-30T11:35:07","modified_gmt":"2026-01-30T09:35:07","slug":"%d0%b2%d0%b5%d0%b9%d0%ba%d1%81%d0%b5%d1%80%d1%84%d0%b5%d1%80-jobe-laze","status":"publish","type":"product","link":"https:\/\/www.waterskis.lv\/ru\/product\/%d0%b2%d0%b5%d0%b9%d0%ba%d1%81%d0%b5%d1%80%d1%84%d0%b5%d1%80-jobe-laze\/","title":{"rendered":"\u0412\u0435\u0439\u043a\u0441\u0435\u0440\u0444\u0435\u0440 Jobe Laze"},"content":{"rendered":"<h1>\u0412\u0435\u0439\u043a\u0441\u0435\u0440\u0444\u0435\u0440 Jobe Laze<\/h1>\n<p>\u0412\u0435\u0439\u043a\u0441\u0435\u0440\u0444\u0435\u0440 Jobe Laze<\/p>\n<p><span class=\"jCAhz ChMk0b\"><span class=\"ryNqvb\">\u0422\u0435\u0445\u043d\u0438\u0447\u0435\u0441\u043a\u0438\u0435\u00a0<\/span><\/span><span class=\"jCAhz ChMk0b\"><span class=\"ryNqvb\"> \u0445\u0430\u0440\u0430\u043a\u0442\u0435\u0440\u0438\u0441\u0442\u0438\u043a\u0438<\/span><\/span><\/p>\n<p><span class=\"jCAhz ChMk0b\"><span class=\"ryNqvb\">Jobe Laze \u2014 \u044d\u0442\u043e \u043d\u043e\u0432\u0430\u044f \u0444\u043e\u0440\u043c\u0430 2023 \u0433\u043e\u0434\u0430, \u0441\u043e\u0437\u0434\u0430\u043d\u043d\u0430\u044f \u0434\u043b\u044f \u043a\u0440\u0443\u0438\u0437\u043e\u0432 \u043f\u043e \u0431\u0435\u0441\u043a\u043e\u043d\u0435\u0447\u043d\u043e\u0439 \u0432\u043e\u043b\u043d\u0435.<\/span><\/span> <span class=\"jCAhz ChMk0b\"><span class=\"ryNqvb\">\u042d\u0442\u0430 \u043d\u043e\u0432\u0430\u044f \u0444\u043e\u0440\u043c\u0430 \u0431\u044b\u043b\u0430 \u0438\u0437\u043c\u0435\u043d\u0435\u043d\u0430 \u0438 \u0442\u0435\u043f\u0435\u0440\u044c \u0438\u043c\u0435\u0435\u0442 \u0437\u0430\u043e\u0441\u0442\u0440\u0435\u043d\u043d\u044b\u0439 \u0445\u0432\u043e\u0441\u0442 \u0438 \u0431\u043e\u043b\u0435\u0435 \u043a\u0440\u0443\u043f\u043d\u044b\u0439 \u043a\u043e\u0440\u0430\u0431\u043b\u044c \u0434\u043b\u044f \u0431\u043e\u043b\u044c\u0448\u0435\u0439 \u043f\u043b\u0430\u0432\u0443\u0447\u0435\u0441\u0442\u0438.<\/span><\/span> <span class=\"jCAhz ChMk0b\"><span class=\"ryNqvb\">\u0414\u043e\u0441\u043a\u0430, \u043a\u043e\u0442\u043e\u0440\u0430\u044f \u043f\u043e\u0434\u043e\u0439\u0434\u0435\u0442 \u043a\u0430\u043a \u043d\u043e\u0432\u0438\u0447\u043a\u0430\u043c, \u0442\u0430\u043a \u0438 \u043e\u043f\u044b\u0442\u043d\u044b\u043c \u0440\u0430\u0439\u0434\u0435\u0440\u0430\u043c, \u043a\u043e\u0442\u043e\u0440\u044b\u0435 \u0438\u0449\u0443\u0442 \u0434\u043e\u0441\u043a\u0443 \u0434\u043b\u044f \u043a\u0430\u0442\u0430\u043d\u0438\u044f \u0432 \u0441\u0442\u0438\u043b\u0435 \u0441\u0435\u0440\u0444\u0438\u043d\u0433\u0430.<\/span><\/span> <span class=\"jCAhz ChMk0b\"><span class=\"ryNqvb\">\u041a\u043e\u043d\u0441\u0442\u0440\u0443\u043a\u0446\u0438\u044f \u0438\u0437 \u0442\u0440\u0435\u0445 \u043f\u043b\u0430\u0432\u043d\u0438\u043a\u043e\u0432 \u0432 \u0441\u043e\u0447\u0435\u0442\u0430\u043d\u0438\u0438 \u0441 \u0447\u0435\u0442\u044b\u0440\u044c\u043c\u044f \u0432\u043e\u0433\u043d\u0443\u0442\u044b\u043c\u0438 \u043f\u043b\u0430\u0432\u043d\u0438\u043a\u0430\u043c\u0438 \u043e\u0431\u0435\u0441\u043f\u0435\u0447\u0438\u0432\u0430\u0435\u0442 \u043e\u0442\u043b\u0438\u0447\u043d\u043e\u0435 \u0441\u0446\u0435\u043f\u043b\u0435\u043d\u0438\u0435 \u0441 \u0434\u043e\u0440\u043e\u0433\u043e\u0439, \u0441\u043a\u043e\u0440\u043e\u0441\u0442\u044c \u0438 \u043f\u043e\u043c\u043e\u0433\u0430\u0435\u0442 \u043d\u0430\u0447\u0438\u043d\u0430\u0442\u044c \u043a\u0440\u0443\u0442\u044b\u0435 \u043f\u043e\u0432\u043e\u0440\u043e\u0442\u044b.<\/span><\/span> <span class=\"jCAhz ChMk0b\"><span class=\"ryNqvb\">\u042d\u0442\u043e \u0434\u0435\u043b\u0430\u0435\u0442 Jobe Laze \u0434\u043e\u0441\u043a\u043e\u0439, \u043a\u043e\u0442\u043e\u0440\u0430\u044f \u043c\u043e\u0436\u0435\u0442 \u0432\u044b\u043f\u043e\u043b\u043d\u044f\u0442\u044c \u043f\u043e\u0432\u043e\u0440\u043e\u0442\u044b \u0438\u043b\u0438 \u0438\u0441\u043f\u043e\u043b\u044c\u0437\u043e\u0432\u0430\u0442\u044c\u0441\u044f \u0434\u043b\u044f \u043a\u0430\u0442\u0430\u043d\u0438\u044f \u043d\u0430 \u043b\u044e\u0431\u043e\u043c \u0443\u0440\u043e\u0432\u043d\u0435.<\/span><\/span><\/p>\n<p><span class=\"jCAhz ChMk0b\"><span class=\"ryNqvb\">3 \u043f\u043b\u0430\u0432\u043d\u0438\u043a\u0430 \u0434\u0438\u0430\u043c\u0435\u0442\u0440\u043e\u043c 4,5 \u0434\u044e\u0439\u043c\u0430, \u0441\u043e\u0432\u043c\u0435\u0441\u0442\u0438\u043c\u044b\u0435 \u0441 FCS. <\/span><\/span><\/p>\n<p><span class=\"jCAhz ChMk0b\"><span class=\"ryNqvb\">\u0420\u0430\u0437\u043c\u0435\u0440\u044b: 152 x 57 \u0441\u043c \u0438 59,8 x 22,4 \u0434\u044e\u0439\u043c\u0430. <\/span><\/span><\/p>\n<p><span class=\"jCAhz ChMk0b\"><span class=\"ryNqvb\">\u041e\u0447\u0435\u043d\u044c \u0431\u043e\u043b\u044c\u0448\u0430\u044f \u0434\u043e\u0441\u043a\u0430 \u0434\u043b\u044f \u043d\u043e\u0432\u0438\u0447\u043a\u043e\u0432. <\/span><\/span><\/p>\n<p><span class=\"jCAhz ChMk0b\"><span class=\"ryNqvb\">\u0424\u043e\u0440\u043c\u043e\u0432\u0430\u043d\u043d\u043e\u0435 \u0441\u0442\u0435\u043a\u043b\u043e\u0432\u043e\u043b\u043e\u043a\u043d\u043e \u0432\u044b\u0441\u043e\u043a\u043e\u0433\u043e \u0434\u0430\u0432\u043b\u0435\u043d\u0438\u044f <\/span><\/span><span class=\"jCAhz ChMk0b\"><span class=\"ryNqvb\">\u0414\u0435\u043a\u0430 \u0438\u0437 \u042d\u0412\u0410 \u0441 \u043c\u0430\u0448\u0438\u043d\u043d\u044b\u043c\u0438 \u043a\u0430\u043d\u0430\u0432\u043a\u0430\u043c\u0438 \u0438 \u0434\u043e\u043f\u043e\u043b\u043d\u0438\u0442\u0435\u043b\u044c\u043d\u044b\u043c \u0443\u0434\u0430\u0440\u043e\u043c \u0445\u0432\u043e\u0441\u0442\u043e\u043c<\/span><\/span><\/p>\n<p><span class=\"jCAhz ChMk0b\"><span class=\"ryNqvb\">\u0421\u0434\u0435\u043b\u0430\u043d\u043e \u043d\u0430 100% \u0438\u0437 \u0441\u043e\u043b\u043d\u0435\u0447\u043d\u043e\u0439 \u044d\u043d\u0435\u0440\u0433\u0438\u0438<\/span><\/span><\/p>\n<p><span class=\"jCAhz ChMk0b\"><span class=\"ryNqvb\">\u0427\u0435\u0442\u044b\u0440\u0435\u0445\u0432\u043e\u0433\u043d\u0443\u0442\u0430\u044f \u0445\u0432\u043e\u0441\u0442\u043e\u0432\u0430\u044f \u0447\u0430\u0441\u0442\u044c \u0434\u043b\u044f \u0441\u043a\u043e\u0440\u043e\u0441\u0442\u0438 \u0438 \u0441\u0446\u0435\u043f\u043b\u0435\u043d\u0438\u044f.<\/span><\/span><\/p>\n<p><span class=\"jCAhz\"><span class=\"ryNqvb\">\u0421\u0442\u0438\u043b\u044c \u0432\u0435\u0439\u043a\u0441\u0435\u0440\u0444\u0438\u043d\u0433\u0430 <\/span><\/span><\/p>\n<p><span class=\"jCAhz ChMk0b\"><span class=\"ryNqvb\">\u0420\u0435\u043a\u043e\u043c\u0435\u043d\u0434\u0443\u0435\u043c\u044b\u0439 \u0432\u0435\u0441 \u0440\u0430\u0439\u0434\u0435\u0440\u0430: \u0434\u043e 120 \u043a\u0433 |<\/span><\/span> <span class=\"jCAhz\"><span class=\"ryNqvb\">265 \u0444\u0443\u043d\u0442\u043e\u0432<\/span><\/span><\/p>\n","protected":false},"excerpt":{"rendered":"<p>\u0412\u0435\u0439\u043a\u0441\u0435\u0440\u0444\u0435\u0440 Jobe Laze \u0412\u0435\u0439\u043a\u0441\u0435\u0440\u0444\u0435\u0440 Jobe Laze \u0422\u0435\u0445\u043d\u0438\u0447\u0435\u0441\u043a\u0438\u0435\u00a0 \u0445\u0430\u0440\u0430\u043a\u0442\u0435\u0440\u0438\u0441\u0442\u0438\u043a\u0438 Jobe Laze \u2014 \u044d\u0442\u043e \u043d\u043e\u0432\u0430\u044f \u0444\u043e\u0440\u043c\u0430 2023 \u0433\u043e\u0434\u0430, \u0441\u043e\u0437\u0434\u0430\u043d\u043d\u0430\u044f \u0434\u043b\u044f \u043a\u0440\u0443\u0438\u0437\u043e\u0432 \u043f\u043e \u0431\u0435\u0441\u043a\u043e\u043d\u0435\u0447\u043d\u043e\u0439 \u0432\u043e\u043b\u043d\u0435. \u042d\u0442\u0430 \u043d\u043e\u0432\u0430\u044f \u0444\u043e\u0440\u043c\u0430 \u0431\u044b\u043b\u0430 \u0438\u0437\u043c\u0435\u043d\u0435\u043d\u0430 \u0438 \u0442\u0435\u043f\u0435\u0440\u044c \u0438\u043c\u0435\u0435\u0442 \u0437\u0430\u043e\u0441\u0442\u0440\u0435\u043d\u043d\u044b\u0439 \u0445\u0432\u043e\u0441\u0442 \u0438 \u0431\u043e\u043b\u0435\u0435 \u043a\u0440\u0443\u043f\u043d\u044b\u0439 \u043a\u043e\u0440\u0430\u0431\u043b\u044c \u0434\u043b\u044f \u0431\u043e\u043b\u044c\u0448\u0435\u0439 \u043f\u043b\u0430\u0432\u0443\u0447\u0435\u0441\u0442\u0438. \u0414\u043e\u0441\u043a\u0430, \u043a\u043e\u0442\u043e\u0440\u0430\u044f \u043f\u043e\u0434\u043e\u0439\u0434\u0435\u0442 \u043a\u0430\u043a \u043d\u043e\u0432\u0438\u0447\u043a\u0430\u043c, \u0442\u0430\u043a \u0438 \u043e\u043f\u044b\u0442\u043d\u044b\u043c \u0440\u0430\u0439\u0434\u0435\u0440\u0430\u043c, \u043a\u043e\u0442\u043e\u0440\u044b\u0435 \u0438\u0449\u0443\u0442 \u0434\u043e\u0441\u043a\u0443 \u0434\u043b\u044f \u043a\u0430\u0442\u0430\u043d\u0438\u044f \u0432 \u0441\u0442\u0438\u043b\u0435 [&#8230;]<\/p>\n<p><a class=\"btn btn-secondary understrap-read-more-link\" href=\"https:\/\/www.waterskis.lv\/ru\/product\/%d0%b2%d0%b5%d0%b9%d0%ba%d1%81%d0%b5%d1%80%d1%84%d0%b5%d1%80-jobe-laze\/\">\u0427\u0438\u0442\u0430\u0442\u044c \u0434\u0430\u043b\u044c\u0448\u0435\u2026<\/a><\/p>\n","protected":false},"featured_media":56545,"comment_status":"closed","ping_status":"closed","template":"","meta":{"_acf_changed":false,"inline_featured_image":false},"product_brand":[1330],"product_cat":[1020,1019],"product_tag":[3057],"class_list":{"0":"post-56550","1":"product","2":"type-product","3":"status-publish","4":"has-post-thumbnail","6":"product_brand-jobe-watersports","7":"product_cat-1020","8":"product_cat-1019","9":"product_tag-3057","11":"first","12":"instock","13":"shipping-taxable","14":"purchasable","15":"product-type-simple"},"acf":[],"yoast_head":"<!-- This site is optimized with the Yoast SEO plugin v27.5 - https:\/\/yoast.com\/product\/yoast-seo-wordpress\/ -->\n<title>\u0412\u0435\u0439\u043a\u0441\u0435\u0440\u0444\u0435\u0440 Jobe Laze - WATERSKIS.LV<\/title>\n<meta name=\"description\" content=\"\u0412\u0435\u0439\u043a\u0441\u0435\u0440\u0444\u0435\u0440 Jobe Laze \u0414\u043e\u0441\u043a\u0430, \u043a\u043e\u0442\u043e\u0440\u0430\u044f \u043f\u043e\u0434\u043e\u0439\u0434\u0435\u0442 \u043a\u0430\u043a \u043d\u043e\u0432\u0438\u0447\u043a\u0430\u043c, \u0442\u0430\u043a \u0438 \u043e\u043f\u044b\u0442\u043d\u044b\u043c \u0440\u0430\u0439\u0434\u0435\u0440\u0430\u043c, \u043a\u043e\u0442\u043e\u0440\u044b\u0435 \u0438\u0449\u0443\u0442 \u0434\u043e\u0441\u043a\u0443 \u0434\u043b\u044f \u043a\u0430\u0442\u0430\u043d\u0438\u044f \u0432 \u0441\u0442\u0438\u043b\u0435 \u0441\u0435\u0440\u0444\u0438\u043d\u0433\u0430\" \/>\n<meta name=\"robots\" content=\"index, follow, max-snippet:-1, max-image-preview:large, max-video-preview:-1\" \/>\n<link rel=\"canonical\" href=\"https:\/\/www.waterskis.lv\/ru\/product\/%d0%b2%d0%b5%d0%b9%d0%ba%d1%81%d0%b5%d1%80%d1%84%d0%b5%d1%80-jobe-laze\/\" \/>\n<meta property=\"og:locale\" content=\"ru_RU\" \/>\n<meta property=\"og:type\" content=\"article\" \/>\n<meta property=\"og:title\" content=\"\u0412\u0435\u0439\u043a\u0441\u0435\u0440\u0444\u0435\u0440 Jobe Laze - WATERSKIS.LV\" \/>\n<meta property=\"og:description\" content=\"\u0412\u0435\u0439\u043a\u0441\u0435\u0440\u0444\u0435\u0440 Jobe Laze \u0414\u043e\u0441\u043a\u0430, \u043a\u043e\u0442\u043e\u0440\u0430\u044f \u043f\u043e\u0434\u043e\u0439\u0434\u0435\u0442 \u043a\u0430\u043a \u043d\u043e\u0432\u0438\u0447\u043a\u0430\u043c, \u0442\u0430\u043a \u0438 \u043e\u043f\u044b\u0442\u043d\u044b\u043c \u0440\u0430\u0439\u0434\u0435\u0440\u0430\u043c, \u043a\u043e\u0442\u043e\u0440\u044b\u0435 \u0438\u0449\u0443\u0442 \u0434\u043e\u0441\u043a\u0443 \u0434\u043b\u044f \u043a\u0430\u0442\u0430\u043d\u0438\u044f \u0432 \u0441\u0442\u0438\u043b\u0435 \u0441\u0435\u0440\u0444\u0438\u043d\u0433\u0430\" \/>\n<meta property=\"og:url\" content=\"https:\/\/www.waterskis.lv\/ru\/product\/%d0%b2%d0%b5%d0%b9%d0%ba%d1%81%d0%b5%d1%80%d1%84%d0%b5%d1%80-jobe-laze\/\" \/>\n<meta property=\"og:site_name\" content=\"WATERSKIS.LV\" \/>\n<meta property=\"article:publisher\" content=\"https:\/\/www.facebook.com\/jurmalawaterskiwakeboardpark\/\" \/>\n<meta property=\"article:modified_time\" content=\"2026-01-30T09:35:07+00:00\" \/>\n<meta property=\"og:image\" content=\"https:\/\/www.waterskis.lv\/wp-content\/uploads\/2024\/10\/582523001-zoom.jpg\" \/>\n\t<meta property=\"og:image:width\" content=\"1500\" \/>\n\t<meta property=\"og:image:height\" content=\"1500\" \/>\n\t<meta property=\"og:image:type\" content=\"image\/jpeg\" \/>\n<meta name=\"twitter:card\" content=\"summary_large_image\" \/>\n<meta name=\"twitter:label1\" content=\"\u041f\u0440\u0438\u043c\u0435\u0440\u043d\u043e\u0435 \u0432\u0440\u0435\u043c\u044f \u0434\u043b\u044f \u0447\u0442\u0435\u043d\u0438\u044f\" \/>\n\t<meta name=\"twitter:data1\" content=\"2 \u043c\u0438\u043d\u0443\u0442\u044b\" \/>\n<script type=\"application\/ld+json\" class=\"yoast-schema-graph\">{\"@context\":\"https:\\\/\\\/schema.org\",\"@graph\":[{\"@type\":\"WebPage\",\"@id\":\"https:\\\/\\\/www.waterskis.lv\\\/ru\\\/product\\\/%d0%b2%d0%b5%d0%b9%d0%ba%d1%81%d0%b5%d1%80%d1%84%d0%b5%d1%80-jobe-laze\\\/\",\"url\":\"https:\\\/\\\/www.waterskis.lv\\\/ru\\\/product\\\/%d0%b2%d0%b5%d0%b9%d0%ba%d1%81%d0%b5%d1%80%d1%84%d0%b5%d1%80-jobe-laze\\\/\",\"name\":\"\u0412\u0435\u0439\u043a\u0441\u0435\u0440\u0444\u0435\u0440 Jobe Laze - WATERSKIS.LV\",\"isPartOf\":{\"@id\":\"https:\\\/\\\/www.waterskis.lv\\\/ru\\\/#website\"},\"primaryImageOfPage\":{\"@id\":\"https:\\\/\\\/www.waterskis.lv\\\/ru\\\/product\\\/%d0%b2%d0%b5%d0%b9%d0%ba%d1%81%d0%b5%d1%80%d1%84%d0%b5%d1%80-jobe-laze\\\/#primaryimage\"},\"image\":{\"@id\":\"https:\\\/\\\/www.waterskis.lv\\\/ru\\\/product\\\/%d0%b2%d0%b5%d0%b9%d0%ba%d1%81%d0%b5%d1%80%d1%84%d0%b5%d1%80-jobe-laze\\\/#primaryimage\"},\"thumbnailUrl\":\"https:\\\/\\\/www.waterskis.lv\\\/wp-content\\\/uploads\\\/2024\\\/10\\\/582523001-zoom.jpg\",\"datePublished\":\"2024-10-17T14:56:36+00:00\",\"dateModified\":\"2026-01-30T09:35:07+00:00\",\"description\":\"\u0412\u0435\u0439\u043a\u0441\u0435\u0440\u0444\u0435\u0440 Jobe Laze \u0414\u043e\u0441\u043a\u0430, \u043a\u043e\u0442\u043e\u0440\u0430\u044f \u043f\u043e\u0434\u043e\u0439\u0434\u0435\u0442 \u043a\u0430\u043a \u043d\u043e\u0432\u0438\u0447\u043a\u0430\u043c, \u0442\u0430\u043a \u0438 \u043e\u043f\u044b\u0442\u043d\u044b\u043c \u0440\u0430\u0439\u0434\u0435\u0440\u0430\u043c, \u043a\u043e\u0442\u043e\u0440\u044b\u0435 \u0438\u0449\u0443\u0442 \u0434\u043e\u0441\u043a\u0443 \u0434\u043b\u044f \u043a\u0430\u0442\u0430\u043d\u0438\u044f \u0432 \u0441\u0442\u0438\u043b\u0435 \u0441\u0435\u0440\u0444\u0438\u043d\u0433\u0430\",\"breadcrumb\":{\"@id\":\"https:\\\/\\\/www.waterskis.lv\\\/ru\\\/product\\\/%d0%b2%d0%b5%d0%b9%d0%ba%d1%81%d0%b5%d1%80%d1%84%d0%b5%d1%80-jobe-laze\\\/#breadcrumb\"},\"inLanguage\":\"ru-RU\",\"potentialAction\":[{\"@type\":\"ReadAction\",\"target\":[\"https:\\\/\\\/www.waterskis.lv\\\/ru\\\/product\\\/%d0%b2%d0%b5%d0%b9%d0%ba%d1%81%d0%b5%d1%80%d1%84%d0%b5%d1%80-jobe-laze\\\/\"]}]},{\"@type\":\"ImageObject\",\"inLanguage\":\"ru-RU\",\"@id\":\"https:\\\/\\\/www.waterskis.lv\\\/ru\\\/product\\\/%d0%b2%d0%b5%d0%b9%d0%ba%d1%81%d0%b5%d1%80%d1%84%d0%b5%d1%80-jobe-laze\\\/#primaryimage\",\"url\":\"https:\\\/\\\/www.waterskis.lv\\\/wp-content\\\/uploads\\\/2024\\\/10\\\/582523001-zoom.jpg\",\"contentUrl\":\"https:\\\/\\\/www.waterskis.lv\\\/wp-content\\\/uploads\\\/2024\\\/10\\\/582523001-zoom.jpg\",\"width\":1500,\"height\":1500,\"caption\":\"Veiks\u0113rfa d\u0113lis Jobe Laze Wakesurfer\"},{\"@type\":\"BreadcrumbList\",\"@id\":\"https:\\\/\\\/www.waterskis.lv\\\/ru\\\/product\\\/%d0%b2%d0%b5%d0%b9%d0%ba%d1%81%d0%b5%d1%80%d1%84%d0%b5%d1%80-jobe-laze\\\/#breadcrumb\",\"itemListElement\":[{\"@type\":\"ListItem\",\"position\":1,\"name\":\"Home\",\"item\":\"https:\\\/\\\/www.waterskis.lv\\\/ru\\\/\"},{\"@type\":\"ListItem\",\"position\":2,\"name\":\"\u041c\u0430\u0433\u0430\u0437\u0438\u043d\",\"item\":\"https:\\\/\\\/www.waterskis.lv\\\/ru\\\/%d0%bc%d0%b0%d0%b3%d0%b0%d0%b7%d0%b8%d0%bd\\\/\"},{\"@type\":\"ListItem\",\"position\":3,\"name\":\"\u0412\u0435\u0439\u043a\u0441\u0435\u0440\u0444\u0435\u0440 Jobe Laze\"}]},{\"@type\":\"WebSite\",\"@id\":\"https:\\\/\\\/www.waterskis.lv\\\/ru\\\/#website\",\"url\":\"https:\\\/\\\/www.waterskis.lv\\\/ru\\\/\",\"name\":\"WATERSKIS.LV\",\"description\":\"SUP d\u0113\u013ci, kajaki, kanoe, airu laivas, \u016bdenssl\u0113po\u0161ana, veikbords, SUP d\u0113\u013cu noma, kajaku nomaakt\u012bv\u0101s atp\u016btas centrs, laivu noma, sup noma, kajaku noma\",\"publisher\":{\"@id\":\"https:\\\/\\\/www.waterskis.lv\\\/ru\\\/#organization\"},\"potentialAction\":[{\"@type\":\"SearchAction\",\"target\":{\"@type\":\"EntryPoint\",\"urlTemplate\":\"https:\\\/\\\/www.waterskis.lv\\\/ru\\\/?s={search_term_string}\"},\"query-input\":{\"@type\":\"PropertyValueSpecification\",\"valueRequired\":true,\"valueName\":\"search_term_string\"}}],\"inLanguage\":\"ru-RU\"},{\"@type\":\"Organization\",\"@id\":\"https:\\\/\\\/www.waterskis.lv\\\/ru\\\/#organization\",\"name\":\"WATERSKIS.LV\",\"url\":\"https:\\\/\\\/www.waterskis.lv\\\/ru\\\/\",\"logo\":{\"@type\":\"ImageObject\",\"inLanguage\":\"ru-RU\",\"@id\":\"https:\\\/\\\/www.waterskis.lv\\\/ru\\\/#\\\/schema\\\/logo\\\/image\\\/\",\"url\":\"https:\\\/\\\/www.waterskis.lv\\\/wp-content\\\/uploads\\\/2025\\\/01\\\/JUVP-logo.png\",\"contentUrl\":\"https:\\\/\\\/www.waterskis.lv\\\/wp-content\\\/uploads\\\/2025\\\/01\\\/JUVP-logo.png\",\"width\":421,\"height\":202,\"caption\":\"WATERSKIS.LV\"},\"image\":{\"@id\":\"https:\\\/\\\/www.waterskis.lv\\\/ru\\\/#\\\/schema\\\/logo\\\/image\\\/\"},\"sameAs\":[\"https:\\\/\\\/www.facebook.com\\\/jurmalawaterskiwakeboardpark\\\/\"]}]}<\/script>\n<!-- \/ Yoast SEO plugin. -->","yoast_head_json":{"title":"\u0412\u0435\u0439\u043a\u0441\u0435\u0440\u0444\u0435\u0440 Jobe Laze - WATERSKIS.LV","description":"\u0412\u0435\u0439\u043a\u0441\u0435\u0440\u0444\u0435\u0440 Jobe Laze \u0414\u043e\u0441\u043a\u0430, \u043a\u043e\u0442\u043e\u0440\u0430\u044f \u043f\u043e\u0434\u043e\u0439\u0434\u0435\u0442 \u043a\u0430\u043a \u043d\u043e\u0432\u0438\u0447\u043a\u0430\u043c, \u0442\u0430\u043a \u0438 \u043e\u043f\u044b\u0442\u043d\u044b\u043c \u0440\u0430\u0439\u0434\u0435\u0440\u0430\u043c, \u043a\u043e\u0442\u043e\u0440\u044b\u0435 \u0438\u0449\u0443\u0442 \u0434\u043e\u0441\u043a\u0443 \u0434\u043b\u044f \u043a\u0430\u0442\u0430\u043d\u0438\u044f \u0432 \u0441\u0442\u0438\u043b\u0435 \u0441\u0435\u0440\u0444\u0438\u043d\u0433\u0430","robots":{"index":"index","follow":"follow","max-snippet":"max-snippet:-1","max-image-preview":"max-image-preview:large","max-video-preview":"max-video-preview:-1"},"canonical":"https:\/\/www.waterskis.lv\/ru\/product\/%d0%b2%d0%b5%d0%b9%d0%ba%d1%81%d0%b5%d1%80%d1%84%d0%b5%d1%80-jobe-laze\/","og_locale":"ru_RU","og_type":"article","og_title":"\u0412\u0435\u0439\u043a\u0441\u0435\u0440\u0444\u0435\u0440 Jobe Laze - WATERSKIS.LV","og_description":"\u0412\u0435\u0439\u043a\u0441\u0435\u0440\u0444\u0435\u0440 Jobe Laze \u0414\u043e\u0441\u043a\u0430, \u043a\u043e\u0442\u043e\u0440\u0430\u044f \u043f\u043e\u0434\u043e\u0439\u0434\u0435\u0442 \u043a\u0430\u043a \u043d\u043e\u0432\u0438\u0447\u043a\u0430\u043c, \u0442\u0430\u043a \u0438 \u043e\u043f\u044b\u0442\u043d\u044b\u043c \u0440\u0430\u0439\u0434\u0435\u0440\u0430\u043c, \u043a\u043e\u0442\u043e\u0440\u044b\u0435 \u0438\u0449\u0443\u0442 \u0434\u043e\u0441\u043a\u0443 \u0434\u043b\u044f \u043a\u0430\u0442\u0430\u043d\u0438\u044f \u0432 \u0441\u0442\u0438\u043b\u0435 \u0441\u0435\u0440\u0444\u0438\u043d\u0433\u0430","og_url":"https:\/\/www.waterskis.lv\/ru\/product\/%d0%b2%d0%b5%d0%b9%d0%ba%d1%81%d0%b5%d1%80%d1%84%d0%b5%d1%80-jobe-laze\/","og_site_name":"WATERSKIS.LV","article_publisher":"https:\/\/www.facebook.com\/jurmalawaterskiwakeboardpark\/","article_modified_time":"2026-01-30T09:35:07+00:00","og_image":[{"width":1500,"height":1500,"url":"https:\/\/www.waterskis.lv\/wp-content\/uploads\/2024\/10\/582523001-zoom.jpg","type":"image\/jpeg"}],"twitter_card":"summary_large_image","twitter_misc":{"\u041f\u0440\u0438\u043c\u0435\u0440\u043d\u043e\u0435 \u0432\u0440\u0435\u043c\u044f \u0434\u043b\u044f \u0447\u0442\u0435\u043d\u0438\u044f":"2 \u043c\u0438\u043d\u0443\u0442\u044b"},"schema":{"@context":"https:\/\/schema.org","@graph":[{"@type":"WebPage","@id":"https:\/\/www.waterskis.lv\/ru\/product\/%d0%b2%d0%b5%d0%b9%d0%ba%d1%81%d0%b5%d1%80%d1%84%d0%b5%d1%80-jobe-laze\/","url":"https:\/\/www.waterskis.lv\/ru\/product\/%d0%b2%d0%b5%d0%b9%d0%ba%d1%81%d0%b5%d1%80%d1%84%d0%b5%d1%80-jobe-laze\/","name":"\u0412\u0435\u0439\u043a\u0441\u0435\u0440\u0444\u0435\u0440 Jobe Laze - WATERSKIS.LV","isPartOf":{"@id":"https:\/\/www.waterskis.lv\/ru\/#website"},"primaryImageOfPage":{"@id":"https:\/\/www.waterskis.lv\/ru\/product\/%d0%b2%d0%b5%d0%b9%d0%ba%d1%81%d0%b5%d1%80%d1%84%d0%b5%d1%80-jobe-laze\/#primaryimage"},"image":{"@id":"https:\/\/www.waterskis.lv\/ru\/product\/%d0%b2%d0%b5%d0%b9%d0%ba%d1%81%d0%b5%d1%80%d1%84%d0%b5%d1%80-jobe-laze\/#primaryimage"},"thumbnailUrl":"https:\/\/www.waterskis.lv\/wp-content\/uploads\/2024\/10\/582523001-zoom.jpg","datePublished":"2024-10-17T14:56:36+00:00","dateModified":"2026-01-30T09:35:07+00:00","description":"\u0412\u0435\u0439\u043a\u0441\u0435\u0440\u0444\u0435\u0440 Jobe Laze \u0414\u043e\u0441\u043a\u0430, \u043a\u043e\u0442\u043e\u0440\u0430\u044f \u043f\u043e\u0434\u043e\u0439\u0434\u0435\u0442 \u043a\u0430\u043a \u043d\u043e\u0432\u0438\u0447\u043a\u0430\u043c, \u0442\u0430\u043a \u0438 \u043e\u043f\u044b\u0442\u043d\u044b\u043c \u0440\u0430\u0439\u0434\u0435\u0440\u0430\u043c, \u043a\u043e\u0442\u043e\u0440\u044b\u0435 \u0438\u0449\u0443\u0442 \u0434\u043e\u0441\u043a\u0443 \u0434\u043b\u044f \u043a\u0430\u0442\u0430\u043d\u0438\u044f \u0432 \u0441\u0442\u0438\u043b\u0435 \u0441\u0435\u0440\u0444\u0438\u043d\u0433\u0430","breadcrumb":{"@id":"https:\/\/www.waterskis.lv\/ru\/product\/%d0%b2%d0%b5%d0%b9%d0%ba%d1%81%d0%b5%d1%80%d1%84%d0%b5%d1%80-jobe-laze\/#breadcrumb"},"inLanguage":"ru-RU","potentialAction":[{"@type":"ReadAction","target":["https:\/\/www.waterskis.lv\/ru\/product\/%d0%b2%d0%b5%d0%b9%d0%ba%d1%81%d0%b5%d1%80%d1%84%d0%b5%d1%80-jobe-laze\/"]}]},{"@type":"ImageObject","inLanguage":"ru-RU","@id":"https:\/\/www.waterskis.lv\/ru\/product\/%d0%b2%d0%b5%d0%b9%d0%ba%d1%81%d0%b5%d1%80%d1%84%d0%b5%d1%80-jobe-laze\/#primaryimage","url":"https:\/\/www.waterskis.lv\/wp-content\/uploads\/2024\/10\/582523001-zoom.jpg","contentUrl":"https:\/\/www.waterskis.lv\/wp-content\/uploads\/2024\/10\/582523001-zoom.jpg","width":1500,"height":1500,"caption":"Veiks\u0113rfa d\u0113lis Jobe Laze Wakesurfer"},{"@type":"BreadcrumbList","@id":"https:\/\/www.waterskis.lv\/ru\/product\/%d0%b2%d0%b5%d0%b9%d0%ba%d1%81%d0%b5%d1%80%d1%84%d0%b5%d1%80-jobe-laze\/#breadcrumb","itemListElement":[{"@type":"ListItem","position":1,"name":"Home","item":"https:\/\/www.waterskis.lv\/ru\/"},{"@type":"ListItem","position":2,"name":"\u041c\u0430\u0433\u0430\u0437\u0438\u043d","item":"https:\/\/www.waterskis.lv\/ru\/%d0%bc%d0%b0%d0%b3%d0%b0%d0%b7%d0%b8%d0%bd\/"},{"@type":"ListItem","position":3,"name":"\u0412\u0435\u0439\u043a\u0441\u0435\u0440\u0444\u0435\u0440 Jobe Laze"}]},{"@type":"WebSite","@id":"https:\/\/www.waterskis.lv\/ru\/#website","url":"https:\/\/www.waterskis.lv\/ru\/","name":"WATERSKIS.LV","description":"SUP d\u0113\u013ci, kajaki, kanoe, airu laivas, \u016bdenssl\u0113po\u0161ana, veikbords, SUP d\u0113\u013cu noma, kajaku nomaakt\u012bv\u0101s atp\u016btas centrs, laivu noma, sup noma, kajaku noma","publisher":{"@id":"https:\/\/www.waterskis.lv\/ru\/#organization"},"potentialAction":[{"@type":"SearchAction","target":{"@type":"EntryPoint","urlTemplate":"https:\/\/www.waterskis.lv\/ru\/?s={search_term_string}"},"query-input":{"@type":"PropertyValueSpecification","valueRequired":true,"valueName":"search_term_string"}}],"inLanguage":"ru-RU"},{"@type":"Organization","@id":"https:\/\/www.waterskis.lv\/ru\/#organization","name":"WATERSKIS.LV","url":"https:\/\/www.waterskis.lv\/ru\/","logo":{"@type":"ImageObject","inLanguage":"ru-RU","@id":"https:\/\/www.waterskis.lv\/ru\/#\/schema\/logo\/image\/","url":"https:\/\/www.waterskis.lv\/wp-content\/uploads\/2025\/01\/JUVP-logo.png","contentUrl":"https:\/\/www.waterskis.lv\/wp-content\/uploads\/2025\/01\/JUVP-logo.png","width":421,"height":202,"caption":"WATERSKIS.LV"},"image":{"@id":"https:\/\/www.waterskis.lv\/ru\/#\/schema\/logo\/image\/"},"sameAs":["https:\/\/www.facebook.com\/jurmalawaterskiwakeboardpark\/"]}]}},"_links":{"self":[{"href":"https:\/\/www.waterskis.lv\/ru\/wp-json\/wp\/v2\/product\/56550","targetHints":{"allow":["GET"]}}],"collection":[{"href":"https:\/\/www.waterskis.lv\/ru\/wp-json\/wp\/v2\/product"}],"about":[{"href":"https:\/\/www.waterskis.lv\/ru\/wp-json\/wp\/v2\/types\/product"}],"replies":[{"embeddable":true,"href":"https:\/\/www.waterskis.lv\/ru\/wp-json\/wp\/v2\/comments?post=56550"}],"wp:featuredmedia":[{"embeddable":true,"href":"https:\/\/www.waterskis.lv\/ru\/wp-json\/wp\/v2\/media\/56545"}],"wp:attachment":[{"href":"https:\/\/www.waterskis.lv\/ru\/wp-json\/wp\/v2\/media?parent=56550"}],"wp:term":[{"taxonomy":"product_brand","embeddable":true,"href":"https:\/\/www.waterskis.lv\/ru\/wp-json\/wp\/v2\/product_brand?post=56550"},{"taxonomy":"product_cat","embeddable":true,"href":"https:\/\/www.waterskis.lv\/ru\/wp-json\/wp\/v2\/product_cat?post=56550"},{"taxonomy":"product_tag","embeddable":true,"href":"https:\/\/www.waterskis.lv\/ru\/wp-json\/wp\/v2\/product_tag?post=56550"}],"curies":[{"name":"wp","href":"https:\/\/api.w.org\/{rel}","templated":true}]}}