{"id":56705,"date":"2024-10-19T07:43:12","date_gmt":"2024-10-19T04:43:12","guid":{"rendered":"https:\/\/www.waterskis.lv\/product\/veikborda-kivere-jobe-victor-wakeboard-helmet-black\/"},"modified":"2026-02-07T17:22:20","modified_gmt":"2026-02-07T15:22:20","slug":"%d1%88%d0%bb%d0%b5%d0%bc-jobe-victor-wakeboard-black","status":"publish","type":"product","link":"https:\/\/www.waterskis.lv\/ru\/product\/%d1%88%d0%bb%d0%b5%d0%bc-jobe-victor-wakeboard-black\/","title":{"rendered":"\u0428\u043b\u0435\u043c Jobe Victor Wakeboard Black"},"content":{"rendered":"<h1>\u0428\u043b\u0435\u043c Jobe Victor Wakeboard Black<\/h1>\n<p>\u0428\u043b\u0435\u043c Jobe Victor Wakeboard Black<\/p>\n<p><span class=\"boldTitleFont uppercase blackColor fs20\">Size table<\/span><\/p>\n<div class=\"switch\"><label class=\"switch-label switch-label-off\" tabindex=\"0\" for=\"view_cm\">CM<\/label><\/div>\n<table class=\"size_guide\">\n<thead>\n<tr>\n<th>Size\u00a0<span class=\"sg_cm\">(CM)<\/span><\/th>\n<th>Head circumference\u00a0<span class=\"sg_cm\">(CM)<\/span><\/th>\n<\/tr>\n<\/thead>\n<tbody>\n<tr>\n<td><span class=\"sg_cm\">S<\/span><\/td>\n<td><span class=\"sg_cm\">53-54<\/span><\/td>\n<\/tr>\n<tr>\n<td><span class=\"sg_cm\">M<\/span><\/td>\n<td><span class=\"sg_cm\">55-56<\/span><\/td>\n<\/tr>\n<tr>\n<td><span class=\"sg_cm\">L<\/span><\/td>\n<td><span class=\"sg_cm\">57-58<\/span><\/td>\n<\/tr>\n<tr>\n<td><span class=\"sg_cm\">XL<\/span><\/td>\n<td><span class=\"sg_cm\">59-60<\/span><\/td>\n<\/tr>\n<\/tbody>\n<\/table>\n<p>&nbsp;<\/p>\n<p>\u0425\u0430\u0440\u0430\u043a\u0442\u0435\u0440\u0438\u0441\u0442\u0438\u043a\u0438<br \/>\n\u041d\u0430\u0448 \u0448\u043b\u0435\u043c Victor \u0432\u044b\u0433\u043b\u044f\u0434\u0438\u0442 \u043f\u0440\u043e\u0434\u0443\u043c\u0430\u043d\u043d\u043e \u0438 \u043e\u0431\u0435\u0441\u043f\u0435\u0447\u0438\u0432\u0430\u0435\u0442 \u043f\u043e\u043b\u043d\u0443\u044e \u0437\u0430\u0449\u0438\u0442\u0443. \u0415\u0433\u043e \u0437\u0430\u0449\u0438\u0442\u043d\u044b\u0435 \u0430\u043c\u0431\u0443\u0448\u044e\u0440\u044b \u0438 \u0440\u0435\u0433\u0443\u043b\u0438\u0440\u0443\u0435\u043c\u044b\u0435 \u043f\u043e\u0434\u0431\u043e\u0440\u043e\u0434\u043e\u0447\u043d\u044b\u0435 \u0440\u0435\u043c\u043d\u0438 \u0433\u0430\u0440\u0430\u043d\u0442\u0438\u0440\u0443\u044e\u0442, \u0447\u0442\u043e \u044d\u0442\u043e\u0442 \u0448\u043b\u0435\u043c \u0431\u0443\u0434\u0435\u0442 \u0441\u0438\u0434\u0435\u0442\u044c \u043a\u0430\u043a \u0432\u043b\u0438\u0442\u043e\u0439 \u0438 \u043e\u0431\u0435\u0441\u043f\u0435\u0447\u0438\u0442 \u0432\u0430\u043c \u043f\u043e\u0441\u0442\u043e\u044f\u043d\u043d\u0443\u044e \u0431\u0435\u0437\u043e\u043f\u0430\u0441\u043d\u043e\u0441\u0442\u044c. \u0412\u044b \u0433\u043e\u0442\u043e\u0432\u044b \u043a \u0441\u0435\u0440\u044c\u0435\u0437\u043d\u043e\u0439 \u0440\u0430\u0431\u043e\u0442\u0435 \u0432 \u044d\u0442\u043e\u043c \u0441\u0435\u0437\u043e\u043d\u0435?<\/p>\n<p>\u0420\u0435\u0433\u0443\u043b\u0438\u0440\u0443\u0435\u043c\u044b\u0439 \u043f\u043e\u0434\u0431\u043e\u0440\u043e\u0434\u043e\u0447\u043d\u044b\u0439 \u0440\u0435\u043c\u0435\u0448\u043e\u043a<br \/>\n\u0417\u0430\u0449\u0438\u0442\u043d\u044b\u0435 \u0430\u043c\u0431\u0443\u0448\u044e\u0440\u044b<br \/>\n\u0421\u044a\u0435\u043c\u043d\u044b\u0435 \u043f\u043e\u0434\u043a\u043b\u0430\u0434\u043a\u0438<\/p>\n","protected":false},"excerpt":{"rendered":"<p><span class=\"boldTitleFont uppercase blackColor fs20\">Size table<\/span><\/p>\n<div class=\"switch\"><label class=\"switch-label switch-label-off\" tabindex=\"0\" for=\"view_cm\">CM<\/label><\/div>\n<table class=\"size_guide\">\n<thead>\n<tr>\n<th>Size\u00a0<span class=\"sg_cm\">(CM)<\/span><\/th>\n<th>Head circumference\u00a0<span class=\"sg_cm\">(CM)<\/span><\/th>\n<\/tr>\n<\/thead>\n<tbody>\n<tr>\n<td><span class=\"sg_cm\">S<\/span><\/td>\n<td><span class=\"sg_cm\">53-54<\/span><\/td>\n<\/tr>\n<tr>\n<td><span class=\"sg_cm\">M<\/span><\/td>\n<td><span class=\"sg_cm\">55-56<\/span><\/td>\n<\/tr>\n<tr>\n<td><span class=\"sg_cm\">L<\/span><\/td>\n<td><span class=\"sg_cm\">57-58<\/span><\/td>\n<\/tr>\n<tr>\n<td><span class=\"sg_cm\">XL<\/span><\/td>\n<td><span class=\"sg_cm\">59-60<\/span><\/td>\n<\/tr>\n<\/tbody>\n<\/table>\n<p> [&#8230;]<\/p>\n<p><a class=\"btn btn-secondary understrap-read-more-link\" href=\"https:\/\/www.waterskis.lv\/ru\/product\/%d1%88%d0%bb%d0%b5%d0%bc-jobe-victor-wakeboard-black\/\">\u0427\u0438\u0442\u0430\u0442\u044c \u0434\u0430\u043b\u044c\u0448\u0435\u2026<\/a><\/p>\n","protected":false},"featured_media":56703,"comment_status":"closed","ping_status":"closed","template":"","meta":{"_acf_changed":false,"inline_featured_image":false},"product_brand":[1330],"product_cat":[838,841],"product_tag":[3753,3754,3755,3756,3757,3758,3759,2924,2925,3760,3761,3762,3107,3763,3764,3765,3766,3767],"class_list":{"0":"post-56705","1":"product","2":"type-product","3":"status-publish","4":"has-post-thumbnail","6":"product_brand-jobe-watersports","7":"product_cat-838","8":"product_cat-841","9":"product_tag-airesanas-kivere","10":"product_tag-helmet","11":"product_tag-kivere","12":"product_tag-paddling-helmet","13":"product_tag-sup-board-helmet","14":"product_tag-sup-dela-kivere","15":"product_tag-udenssleposanas-kivere","16":"product_tag-udenssporta-kivere","17":"product_tag-veikborda-kivere","18":"product_tag-wakeboard-helmet","19":"product_tag-water-skiing-helmet","20":"product_tag-water-sports-helmet","21":"product_tag-3107","22":"product_tag---sup-","23":"product_tag-3764","24":"product_tag-3765","25":"product_tag-3766","26":"product_tag-3767","28":"first","29":"instock","30":"shipping-taxable","31":"purchasable","32":"product-type-simple"},"acf":[],"yoast_head":"<!-- This site is optimized with the Yoast SEO plugin v27.4 - https:\/\/yoast.com\/product\/yoast-seo-wordpress\/ -->\n<title>\u0428\u043b\u0435\u043c Jobe Victor Wakeboard Black - WATERSKIS.LV<\/title>\n<meta name=\"description\" content=\"\u0428\u043b\u0435\u043c Jobe Victor Wakeboard Black \u044b\u0433\u043b\u044f\u0434\u0438\u0442 \u043f\u0440\u043e\u0434\u0443\u043c\u0430\u043d\u043d\u043e \u0438 \u043e\u0431\u0435\u0441\u043f\u0435\u0447\u0438\u0432\u0430\u0435\u0442 \u043f\u043e\u043b\u043d\u0443\u044e \u0437\u0430\u0449\u0438\u0442\u0443. \u0415\u0433\u043e \u0437\u0430\u0449\u0438\u0442\u043d\u044b\u0435 \u0430\u043c\u0431\u0443\u0448\u044e\u0440\u044b \u0438 \u0440\u0435\u0433\u0443\u043b\u0438\u0440\u0443\u0435\u043c\u044b\u0435 \u043f\u043e\u0434\u0431\u043e\u0440\u043e\u0434\u043e\u0447\u043d\u044b\u0435 \u0440\u0435\u043c\u043d\u0438 \u0433\u0430\u0440\u0430\u043d\u0442\u0438\u0440\u0443\u044e\u0442\" \/>\n<meta name=\"robots\" content=\"index, follow, max-snippet:-1, max-image-preview:large, max-video-preview:-1\" \/>\n<link rel=\"canonical\" href=\"https:\/\/www.waterskis.lv\/ru\/product\/%d1%88%d0%bb%d0%b5%d0%bc-jobe-victor-wakeboard-black\/\" \/>\n<meta property=\"og:locale\" content=\"ru_RU\" \/>\n<meta property=\"og:type\" content=\"article\" \/>\n<meta property=\"og:title\" content=\"\u0428\u043b\u0435\u043c Jobe Victor Wakeboard Black - WATERSKIS.LV\" \/>\n<meta property=\"og:description\" content=\"\u0428\u043b\u0435\u043c Jobe Victor Wakeboard Black \u044b\u0433\u043b\u044f\u0434\u0438\u0442 \u043f\u0440\u043e\u0434\u0443\u043c\u0430\u043d\u043d\u043e \u0438 \u043e\u0431\u0435\u0441\u043f\u0435\u0447\u0438\u0432\u0430\u0435\u0442 \u043f\u043e\u043b\u043d\u0443\u044e \u0437\u0430\u0449\u0438\u0442\u0443. \u0415\u0433\u043e \u0437\u0430\u0449\u0438\u0442\u043d\u044b\u0435 \u0430\u043c\u0431\u0443\u0448\u044e\u0440\u044b \u0438 \u0440\u0435\u0433\u0443\u043b\u0438\u0440\u0443\u0435\u043c\u044b\u0435 \u043f\u043e\u0434\u0431\u043e\u0440\u043e\u0434\u043e\u0447\u043d\u044b\u0435 \u0440\u0435\u043c\u043d\u0438 \u0433\u0430\u0440\u0430\u043d\u0442\u0438\u0440\u0443\u044e\u0442\" \/>\n<meta property=\"og:url\" content=\"https:\/\/www.waterskis.lv\/ru\/product\/%d1%88%d0%bb%d0%b5%d0%bc-jobe-victor-wakeboard-black\/\" \/>\n<meta property=\"og:site_name\" content=\"WATERSKIS.LV\" \/>\n<meta property=\"article:publisher\" content=\"https:\/\/www.facebook.com\/jurmalawaterskiwakeboardpark\/\" \/>\n<meta property=\"article:modified_time\" content=\"2026-02-07T15:22:20+00:00\" \/>\n<meta property=\"og:image\" content=\"https:\/\/www.waterskis.lv\/wp-content\/uploads\/2024\/10\/370018001-zoom.jpg\" \/>\n\t<meta property=\"og:image:width\" content=\"1500\" \/>\n\t<meta property=\"og:image:height\" content=\"1500\" \/>\n\t<meta property=\"og:image:type\" content=\"image\/jpeg\" \/>\n<meta name=\"twitter:card\" content=\"summary_large_image\" \/>\n<meta name=\"twitter:label1\" content=\"\u041f\u0440\u0438\u043c\u0435\u0440\u043d\u043e\u0435 \u0432\u0440\u0435\u043c\u044f \u0434\u043b\u044f \u0447\u0442\u0435\u043d\u0438\u044f\" \/>\n\t<meta name=\"twitter:data1\" content=\"1 \u043c\u0438\u043d\u0443\u0442\u0430\" \/>\n<script type=\"application\/ld+json\" class=\"yoast-schema-graph\">{\"@context\":\"https:\\\/\\\/schema.org\",\"@graph\":[{\"@type\":\"WebPage\",\"@id\":\"https:\\\/\\\/www.waterskis.lv\\\/ru\\\/product\\\/%d1%88%d0%bb%d0%b5%d0%bc-jobe-victor-wakeboard-black\\\/\",\"url\":\"https:\\\/\\\/www.waterskis.lv\\\/ru\\\/product\\\/%d1%88%d0%bb%d0%b5%d0%bc-jobe-victor-wakeboard-black\\\/\",\"name\":\"\u0428\u043b\u0435\u043c Jobe Victor Wakeboard Black - WATERSKIS.LV\",\"isPartOf\":{\"@id\":\"https:\\\/\\\/www.waterskis.lv\\\/ru\\\/#website\"},\"primaryImageOfPage\":{\"@id\":\"https:\\\/\\\/www.waterskis.lv\\\/ru\\\/product\\\/%d1%88%d0%bb%d0%b5%d0%bc-jobe-victor-wakeboard-black\\\/#primaryimage\"},\"image\":{\"@id\":\"https:\\\/\\\/www.waterskis.lv\\\/ru\\\/product\\\/%d1%88%d0%bb%d0%b5%d0%bc-jobe-victor-wakeboard-black\\\/#primaryimage\"},\"thumbnailUrl\":\"https:\\\/\\\/www.waterskis.lv\\\/wp-content\\\/uploads\\\/2024\\\/10\\\/370018001-zoom.jpg\",\"datePublished\":\"2024-10-19T04:43:12+00:00\",\"dateModified\":\"2026-02-07T15:22:20+00:00\",\"description\":\"\u0428\u043b\u0435\u043c Jobe Victor Wakeboard Black \u044b\u0433\u043b\u044f\u0434\u0438\u0442 \u043f\u0440\u043e\u0434\u0443\u043c\u0430\u043d\u043d\u043e \u0438 \u043e\u0431\u0435\u0441\u043f\u0435\u0447\u0438\u0432\u0430\u0435\u0442 \u043f\u043e\u043b\u043d\u0443\u044e \u0437\u0430\u0449\u0438\u0442\u0443. \u0415\u0433\u043e \u0437\u0430\u0449\u0438\u0442\u043d\u044b\u0435 \u0430\u043c\u0431\u0443\u0448\u044e\u0440\u044b \u0438 \u0440\u0435\u0433\u0443\u043b\u0438\u0440\u0443\u0435\u043c\u044b\u0435 \u043f\u043e\u0434\u0431\u043e\u0440\u043e\u0434\u043e\u0447\u043d\u044b\u0435 \u0440\u0435\u043c\u043d\u0438 \u0433\u0430\u0440\u0430\u043d\u0442\u0438\u0440\u0443\u044e\u0442\",\"breadcrumb\":{\"@id\":\"https:\\\/\\\/www.waterskis.lv\\\/ru\\\/product\\\/%d1%88%d0%bb%d0%b5%d0%bc-jobe-victor-wakeboard-black\\\/#breadcrumb\"},\"inLanguage\":\"ru-RU\",\"potentialAction\":[{\"@type\":\"ReadAction\",\"target\":[\"https:\\\/\\\/www.waterskis.lv\\\/ru\\\/product\\\/%d1%88%d0%bb%d0%b5%d0%bc-jobe-victor-wakeboard-black\\\/\"]}]},{\"@type\":\"ImageObject\",\"inLanguage\":\"ru-RU\",\"@id\":\"https:\\\/\\\/www.waterskis.lv\\\/ru\\\/product\\\/%d1%88%d0%bb%d0%b5%d0%bc-jobe-victor-wakeboard-black\\\/#primaryimage\",\"url\":\"https:\\\/\\\/www.waterskis.lv\\\/wp-content\\\/uploads\\\/2024\\\/10\\\/370018001-zoom.jpg\",\"contentUrl\":\"https:\\\/\\\/www.waterskis.lv\\\/wp-content\\\/uploads\\\/2024\\\/10\\\/370018001-zoom.jpg\",\"width\":1500,\"height\":1500,\"caption\":\"Veikborda \u0137ivere Jobe Victor Wakeboard Helmet Black\"},{\"@type\":\"BreadcrumbList\",\"@id\":\"https:\\\/\\\/www.waterskis.lv\\\/ru\\\/product\\\/%d1%88%d0%bb%d0%b5%d0%bc-jobe-victor-wakeboard-black\\\/#breadcrumb\",\"itemListElement\":[{\"@type\":\"ListItem\",\"position\":1,\"name\":\"Home\",\"item\":\"https:\\\/\\\/www.waterskis.lv\\\/ru\\\/\"},{\"@type\":\"ListItem\",\"position\":2,\"name\":\"\u041c\u0430\u0433\u0430\u0437\u0438\u043d\",\"item\":\"https:\\\/\\\/www.waterskis.lv\\\/ru\\\/%d0%bc%d0%b0%d0%b3%d0%b0%d0%b7%d0%b8%d0%bd\\\/\"},{\"@type\":\"ListItem\",\"position\":3,\"name\":\"\u0428\u043b\u0435\u043c Jobe Victor Wakeboard Black\"}]},{\"@type\":\"WebSite\",\"@id\":\"https:\\\/\\\/www.waterskis.lv\\\/ru\\\/#website\",\"url\":\"https:\\\/\\\/www.waterskis.lv\\\/ru\\\/\",\"name\":\"WATERSKIS.LV\",\"description\":\"SUP d\u0113\u013ci, kajaki, kanoe, airu laivas, \u016bdenssl\u0113po\u0161ana, veikbords, SUP d\u0113\u013cu noma, kajaku nomaakt\u012bv\u0101s atp\u016btas centrs, laivu noma, sup noma, kajaku noma\",\"publisher\":{\"@id\":\"https:\\\/\\\/www.waterskis.lv\\\/ru\\\/#organization\"},\"potentialAction\":[{\"@type\":\"SearchAction\",\"target\":{\"@type\":\"EntryPoint\",\"urlTemplate\":\"https:\\\/\\\/www.waterskis.lv\\\/ru\\\/?s={search_term_string}\"},\"query-input\":{\"@type\":\"PropertyValueSpecification\",\"valueRequired\":true,\"valueName\":\"search_term_string\"}}],\"inLanguage\":\"ru-RU\"},{\"@type\":\"Organization\",\"@id\":\"https:\\\/\\\/www.waterskis.lv\\\/ru\\\/#organization\",\"name\":\"WATERSKIS.LV\",\"url\":\"https:\\\/\\\/www.waterskis.lv\\\/ru\\\/\",\"logo\":{\"@type\":\"ImageObject\",\"inLanguage\":\"ru-RU\",\"@id\":\"https:\\\/\\\/www.waterskis.lv\\\/ru\\\/#\\\/schema\\\/logo\\\/image\\\/\",\"url\":\"https:\\\/\\\/www.waterskis.lv\\\/wp-content\\\/uploads\\\/2025\\\/01\\\/JUVP-logo.png\",\"contentUrl\":\"https:\\\/\\\/www.waterskis.lv\\\/wp-content\\\/uploads\\\/2025\\\/01\\\/JUVP-logo.png\",\"width\":421,\"height\":202,\"caption\":\"WATERSKIS.LV\"},\"image\":{\"@id\":\"https:\\\/\\\/www.waterskis.lv\\\/ru\\\/#\\\/schema\\\/logo\\\/image\\\/\"},\"sameAs\":[\"https:\\\/\\\/www.facebook.com\\\/jurmalawaterskiwakeboardpark\\\/\"]}]}<\/script>\n<!-- \/ Yoast SEO plugin. -->","yoast_head_json":{"title":"\u0428\u043b\u0435\u043c Jobe Victor Wakeboard Black - WATERSKIS.LV","description":"\u0428\u043b\u0435\u043c Jobe Victor Wakeboard Black \u044b\u0433\u043b\u044f\u0434\u0438\u0442 \u043f\u0440\u043e\u0434\u0443\u043c\u0430\u043d\u043d\u043e \u0438 \u043e\u0431\u0435\u0441\u043f\u0435\u0447\u0438\u0432\u0430\u0435\u0442 \u043f\u043e\u043b\u043d\u0443\u044e \u0437\u0430\u0449\u0438\u0442\u0443. \u0415\u0433\u043e \u0437\u0430\u0449\u0438\u0442\u043d\u044b\u0435 \u0430\u043c\u0431\u0443\u0448\u044e\u0440\u044b \u0438 \u0440\u0435\u0433\u0443\u043b\u0438\u0440\u0443\u0435\u043c\u044b\u0435 \u043f\u043e\u0434\u0431\u043e\u0440\u043e\u0434\u043e\u0447\u043d\u044b\u0435 \u0440\u0435\u043c\u043d\u0438 \u0433\u0430\u0440\u0430\u043d\u0442\u0438\u0440\u0443\u044e\u0442","robots":{"index":"index","follow":"follow","max-snippet":"max-snippet:-1","max-image-preview":"max-image-preview:large","max-video-preview":"max-video-preview:-1"},"canonical":"https:\/\/www.waterskis.lv\/ru\/product\/%d1%88%d0%bb%d0%b5%d0%bc-jobe-victor-wakeboard-black\/","og_locale":"ru_RU","og_type":"article","og_title":"\u0428\u043b\u0435\u043c Jobe Victor Wakeboard Black - WATERSKIS.LV","og_description":"\u0428\u043b\u0435\u043c Jobe Victor Wakeboard Black \u044b\u0433\u043b\u044f\u0434\u0438\u0442 \u043f\u0440\u043e\u0434\u0443\u043c\u0430\u043d\u043d\u043e \u0438 \u043e\u0431\u0435\u0441\u043f\u0435\u0447\u0438\u0432\u0430\u0435\u0442 \u043f\u043e\u043b\u043d\u0443\u044e \u0437\u0430\u0449\u0438\u0442\u0443. \u0415\u0433\u043e \u0437\u0430\u0449\u0438\u0442\u043d\u044b\u0435 \u0430\u043c\u0431\u0443\u0448\u044e\u0440\u044b \u0438 \u0440\u0435\u0433\u0443\u043b\u0438\u0440\u0443\u0435\u043c\u044b\u0435 \u043f\u043e\u0434\u0431\u043e\u0440\u043e\u0434\u043e\u0447\u043d\u044b\u0435 \u0440\u0435\u043c\u043d\u0438 \u0433\u0430\u0440\u0430\u043d\u0442\u0438\u0440\u0443\u044e\u0442","og_url":"https:\/\/www.waterskis.lv\/ru\/product\/%d1%88%d0%bb%d0%b5%d0%bc-jobe-victor-wakeboard-black\/","og_site_name":"WATERSKIS.LV","article_publisher":"https:\/\/www.facebook.com\/jurmalawaterskiwakeboardpark\/","article_modified_time":"2026-02-07T15:22:20+00:00","og_image":[{"width":1500,"height":1500,"url":"https:\/\/www.waterskis.lv\/wp-content\/uploads\/2024\/10\/370018001-zoom.jpg","type":"image\/jpeg"}],"twitter_card":"summary_large_image","twitter_misc":{"\u041f\u0440\u0438\u043c\u0435\u0440\u043d\u043e\u0435 \u0432\u0440\u0435\u043c\u044f \u0434\u043b\u044f \u0447\u0442\u0435\u043d\u0438\u044f":"1 \u043c\u0438\u043d\u0443\u0442\u0430"},"schema":{"@context":"https:\/\/schema.org","@graph":[{"@type":"WebPage","@id":"https:\/\/www.waterskis.lv\/ru\/product\/%d1%88%d0%bb%d0%b5%d0%bc-jobe-victor-wakeboard-black\/","url":"https:\/\/www.waterskis.lv\/ru\/product\/%d1%88%d0%bb%d0%b5%d0%bc-jobe-victor-wakeboard-black\/","name":"\u0428\u043b\u0435\u043c Jobe Victor Wakeboard Black - WATERSKIS.LV","isPartOf":{"@id":"https:\/\/www.waterskis.lv\/ru\/#website"},"primaryImageOfPage":{"@id":"https:\/\/www.waterskis.lv\/ru\/product\/%d1%88%d0%bb%d0%b5%d0%bc-jobe-victor-wakeboard-black\/#primaryimage"},"image":{"@id":"https:\/\/www.waterskis.lv\/ru\/product\/%d1%88%d0%bb%d0%b5%d0%bc-jobe-victor-wakeboard-black\/#primaryimage"},"thumbnailUrl":"https:\/\/www.waterskis.lv\/wp-content\/uploads\/2024\/10\/370018001-zoom.jpg","datePublished":"2024-10-19T04:43:12+00:00","dateModified":"2026-02-07T15:22:20+00:00","description":"\u0428\u043b\u0435\u043c Jobe Victor Wakeboard Black \u044b\u0433\u043b\u044f\u0434\u0438\u0442 \u043f\u0440\u043e\u0434\u0443\u043c\u0430\u043d\u043d\u043e \u0438 \u043e\u0431\u0435\u0441\u043f\u0435\u0447\u0438\u0432\u0430\u0435\u0442 \u043f\u043e\u043b\u043d\u0443\u044e \u0437\u0430\u0449\u0438\u0442\u0443. \u0415\u0433\u043e \u0437\u0430\u0449\u0438\u0442\u043d\u044b\u0435 \u0430\u043c\u0431\u0443\u0448\u044e\u0440\u044b \u0438 \u0440\u0435\u0433\u0443\u043b\u0438\u0440\u0443\u0435\u043c\u044b\u0435 \u043f\u043e\u0434\u0431\u043e\u0440\u043e\u0434\u043e\u0447\u043d\u044b\u0435 \u0440\u0435\u043c\u043d\u0438 \u0433\u0430\u0440\u0430\u043d\u0442\u0438\u0440\u0443\u044e\u0442","breadcrumb":{"@id":"https:\/\/www.waterskis.lv\/ru\/product\/%d1%88%d0%bb%d0%b5%d0%bc-jobe-victor-wakeboard-black\/#breadcrumb"},"inLanguage":"ru-RU","potentialAction":[{"@type":"ReadAction","target":["https:\/\/www.waterskis.lv\/ru\/product\/%d1%88%d0%bb%d0%b5%d0%bc-jobe-victor-wakeboard-black\/"]}]},{"@type":"ImageObject","inLanguage":"ru-RU","@id":"https:\/\/www.waterskis.lv\/ru\/product\/%d1%88%d0%bb%d0%b5%d0%bc-jobe-victor-wakeboard-black\/#primaryimage","url":"https:\/\/www.waterskis.lv\/wp-content\/uploads\/2024\/10\/370018001-zoom.jpg","contentUrl":"https:\/\/www.waterskis.lv\/wp-content\/uploads\/2024\/10\/370018001-zoom.jpg","width":1500,"height":1500,"caption":"Veikborda \u0137ivere Jobe Victor Wakeboard Helmet Black"},{"@type":"BreadcrumbList","@id":"https:\/\/www.waterskis.lv\/ru\/product\/%d1%88%d0%bb%d0%b5%d0%bc-jobe-victor-wakeboard-black\/#breadcrumb","itemListElement":[{"@type":"ListItem","position":1,"name":"Home","item":"https:\/\/www.waterskis.lv\/ru\/"},{"@type":"ListItem","position":2,"name":"\u041c\u0430\u0433\u0430\u0437\u0438\u043d","item":"https:\/\/www.waterskis.lv\/ru\/%d0%bc%d0%b0%d0%b3%d0%b0%d0%b7%d0%b8%d0%bd\/"},{"@type":"ListItem","position":3,"name":"\u0428\u043b\u0435\u043c Jobe Victor Wakeboard Black"}]},{"@type":"WebSite","@id":"https:\/\/www.waterskis.lv\/ru\/#website","url":"https:\/\/www.waterskis.lv\/ru\/","name":"WATERSKIS.LV","description":"SUP d\u0113\u013ci, kajaki, kanoe, airu laivas, \u016bdenssl\u0113po\u0161ana, veikbords, SUP d\u0113\u013cu noma, kajaku nomaakt\u012bv\u0101s atp\u016btas centrs, laivu noma, sup noma, kajaku noma","publisher":{"@id":"https:\/\/www.waterskis.lv\/ru\/#organization"},"potentialAction":[{"@type":"SearchAction","target":{"@type":"EntryPoint","urlTemplate":"https:\/\/www.waterskis.lv\/ru\/?s={search_term_string}"},"query-input":{"@type":"PropertyValueSpecification","valueRequired":true,"valueName":"search_term_string"}}],"inLanguage":"ru-RU"},{"@type":"Organization","@id":"https:\/\/www.waterskis.lv\/ru\/#organization","name":"WATERSKIS.LV","url":"https:\/\/www.waterskis.lv\/ru\/","logo":{"@type":"ImageObject","inLanguage":"ru-RU","@id":"https:\/\/www.waterskis.lv\/ru\/#\/schema\/logo\/image\/","url":"https:\/\/www.waterskis.lv\/wp-content\/uploads\/2025\/01\/JUVP-logo.png","contentUrl":"https:\/\/www.waterskis.lv\/wp-content\/uploads\/2025\/01\/JUVP-logo.png","width":421,"height":202,"caption":"WATERSKIS.LV"},"image":{"@id":"https:\/\/www.waterskis.lv\/ru\/#\/schema\/logo\/image\/"},"sameAs":["https:\/\/www.facebook.com\/jurmalawaterskiwakeboardpark\/"]}]}},"_links":{"self":[{"href":"https:\/\/www.waterskis.lv\/ru\/wp-json\/wp\/v2\/product\/56705","targetHints":{"allow":["GET"]}}],"collection":[{"href":"https:\/\/www.waterskis.lv\/ru\/wp-json\/wp\/v2\/product"}],"about":[{"href":"https:\/\/www.waterskis.lv\/ru\/wp-json\/wp\/v2\/types\/product"}],"replies":[{"embeddable":true,"href":"https:\/\/www.waterskis.lv\/ru\/wp-json\/wp\/v2\/comments?post=56705"}],"wp:featuredmedia":[{"embeddable":true,"href":"https:\/\/www.waterskis.lv\/ru\/wp-json\/wp\/v2\/media\/56703"}],"wp:attachment":[{"href":"https:\/\/www.waterskis.lv\/ru\/wp-json\/wp\/v2\/media?parent=56705"}],"wp:term":[{"taxonomy":"product_brand","embeddable":true,"href":"https:\/\/www.waterskis.lv\/ru\/wp-json\/wp\/v2\/product_brand?post=56705"},{"taxonomy":"product_cat","embeddable":true,"href":"https:\/\/www.waterskis.lv\/ru\/wp-json\/wp\/v2\/product_cat?post=56705"},{"taxonomy":"product_tag","embeddable":true,"href":"https:\/\/www.waterskis.lv\/ru\/wp-json\/wp\/v2\/product_tag?post=56705"}],"curies":[{"name":"wp","href":"https:\/\/api.w.org\/{rel}","templated":true}]}}