{"id":56737,"date":"2024-10-19T09:09:01","date_gmt":"2024-10-19T06:09:01","guid":{"rendered":"https:\/\/www.waterskis.lv\/product\/cimdi-jobe-suction-gloves-men\/"},"modified":"2024-10-19T09:15:20","modified_gmt":"2024-10-19T06:15:20","slug":"%d0%bf%d0%b5%d1%80%d1%87%d0%b0%d1%82%d0%ba%d0%b8-%d0%bc%d1%83%d0%b6%d1%81%d0%ba%d0%b8%d0%b5-jobe-suction-gloves-men","status":"publish","type":"product","link":"https:\/\/www.waterskis.lv\/ru\/product\/%d0%bf%d0%b5%d1%80%d1%87%d0%b0%d1%82%d0%ba%d0%b8-%d0%bc%d1%83%d0%b6%d1%81%d0%ba%d0%b8%d0%b5-jobe-suction-gloves-men\/","title":{"rendered":"\u041f\u0435\u0440\u0447\u0430\u0442\u043a\u0438 \u043c\u0443\u0436\u0441\u043a\u0438\u0435 Jobe Suction Gloves Men"},"content":{"rendered":"<h1>\u041f\u0435\u0440\u0447\u0430\u0442\u043a\u0438 \u043c\u0443\u0436\u0441\u043a\u0438\u0435 Jobe Suction Gloves Men<\/h1>\n<p>\u041f\u0435\u0440\u0447\u0430\u0442\u043a\u0438 \u043c\u0443\u0436\u0441\u043a\u0438\u0435 Jobe Suction Gloves Men<\/p>\n<p>\u0422\u0435\u0445\u043d\u0438\u0447\u0435\u0441\u043a\u0438\u0435 \u0445\u0430\u0440\u0430\u043a\u0442\u0435\u0440\u0438\u0441\u0442\u0438\u043a\u0438<br \/>\n\u041f\u0435\u0440\u0447\u0430\u0442\u043a\u0438 \u043c\u0443\u0436\u0441\u043a\u0438\u0435 \u2014 \u0438\u0434\u0435\u0430\u043b\u044c\u043d\u044b\u0435 \u043d\u0435\u0441\u043a\u043e\u043b\u044c\u0437\u044f\u0449\u0438\u0435 \u043f\u0435\u0440\u0447\u0430\u0442\u043a\u0438, \u043e\u0431\u0435\u0441\u043f\u0435\u0447\u0438\u0432\u0430\u044e\u0449\u0438\u0435 \u0443\u043b\u0443\u0447\u0448\u0435\u043d\u043d\u044b\u0439 \u0437\u0430\u0445\u0432\u0430\u0442 \u0438 \u0437\u0430\u0449\u0438\u0442\u0443 \u043b\u0430\u0434\u043e\u043d\u0435\u0439. \u041f\u0435\u0440\u0447\u0430\u0442\u043a\u0438-\u043f\u0440\u0438\u0441\u043e\u0441\u043a\u0438 \u043e\u0441\u043d\u0430\u0449\u0435\u043d\u044b \u0440\u0435\u0433\u0443\u043b\u0438\u0440\u0443\u0435\u043c\u044b\u043c\u0438 \u0440\u0435\u043c\u043d\u044f\u043c\u0438 \u043d\u0430 \u0437\u0430\u043f\u044f\u0441\u0442\u044c\u044f\u0445 \u0441 \u043b\u0438\u043f\u0443\u0447\u043a\u0430\u043c\u0438 \u0438 \u043f\u0440\u0435\u0434\u0432\u0430\u0440\u0438\u0442\u0435\u043b\u044c\u043d\u043e \u0438\u0437\u043e\u0433\u043d\u0443\u0442\u044b \u0434\u043b\u044f \u043e\u043f\u0442\u0438\u043c\u0430\u043b\u044c\u043d\u043e\u0433\u043e \u043a\u043e\u043c\u0444\u043e\u0440\u0442\u0430. \u0414\u0435\u0439\u0441\u0442\u0432\u0443\u0439!<\/p>\n<p>\u0420\u0435\u0433\u0443\u043b\u0438\u0440\u0443\u0435\u043c\u044b\u0439 \u0440\u0435\u043c\u0435\u0448\u043e\u043a \u043d\u0430 \u0437\u0430\u043f\u044f\u0441\u0442\u044c\u0435 \u0441 \u043b\u0438\u043f\u0443\u0447\u043a\u043e\u0439<br \/>\n\u0417\u0430\u0449\u0438\u0442\u0430 \u0441\u0443\u0441\u0442\u0430\u0432\u043e\u0432<br \/>\n\u041d\u0435\u0441\u043a\u043e\u043b\u044c\u0437\u044f\u0449\u0438\u0435 \u043b\u0430\u0434\u043e\u043d\u0438 \u0438\u0437 \u0442\u043a\u0430\u043d\u0438 \u0430\u043c\u0430\u0440\u0430 \u0434\u043b\u044f \u043e\u043f\u0442\u0438\u043c\u0430\u043b\u044c\u043d\u043e\u0433\u043e \u0437\u0430\u0445\u0432\u0430\u0442\u0430.<br \/>\n\u041f\u0440\u0435\u0434\u0432\u0430\u0440\u0438\u0442\u0435\u043b\u044c\u043d\u043e \u0438\u0437\u043e\u0433\u043d\u0443\u0442\u0430\u044f \u0444\u043e\u0440\u043c\u0430 \u0434\u043b\u044f \u043e\u043f\u0442\u0438\u043c\u0430\u043b\u044c\u043d\u043e\u0433\u043e \u043a\u043e\u043c\u0444\u043e\u0440\u0442\u0430<\/p>\n<table class=\"size_guide\">\n<thead>\n<tr>\n<th><span style=\"font-weight: 400;\">Size<\/span><\/th>\n<th><span style=\"font-weight: 400;\">Hand circumference\u00a0<span class=\"sg_cm\">(CM)<\/span><\/span><\/th>\n<\/tr>\n<\/thead>\n<tbody>\n<tr>\n<td>XS<\/td>\n<td><span class=\"sg_cm\">17-20<\/span><\/td>\n<\/tr>\n<tr>\n<td>S<\/td>\n<td><span class=\"sg_cm\">18-21<\/span><\/td>\n<\/tr>\n<tr>\n<td>M<\/td>\n<td><span class=\"sg_cm\">19-22.5<\/span><\/td>\n<\/tr>\n<tr>\n<td>L<\/td>\n<td><span class=\"sg_cm\">20-24<\/span><\/td>\n<\/tr>\n<tr>\n<td>XL<\/td>\n<td><span class=\"sg_cm\">21-25<\/span><\/td>\n<\/tr>\n<tr>\n<td>2XL<\/td>\n<td><span class=\"sg_cm\">22<\/span><\/td>\n<\/tr>\n<\/tbody>\n<\/table>\n","protected":false},"excerpt":{"rendered":"<p>\u041f\u0435\u0440\u0447\u0430\u0442\u043a\u0438 \u043c\u0443\u0436\u0441\u043a\u0438\u0435 Jobe Suction Gloves Men \u041f\u0435\u0440\u0447\u0430\u0442\u043a\u0438 \u043c\u0443\u0436\u0441\u043a\u0438\u0435 Jobe Suction Gloves Men \u0422\u0435\u0445\u043d\u0438\u0447\u0435\u0441\u043a\u0438\u0435 \u0445\u0430\u0440\u0430\u043a\u0442\u0435\u0440\u0438\u0441\u0442\u0438\u043a\u0438 \u041f\u0435\u0440\u0447\u0430\u0442\u043a\u0438 \u043c\u0443\u0436\u0441\u043a\u0438\u0435 \u2014 \u0438\u0434\u0435\u0430\u043b\u044c\u043d\u044b\u0435 \u043d\u0435\u0441\u043a\u043e\u043b\u044c\u0437\u044f\u0449\u0438\u0435 \u043f\u0435\u0440\u0447\u0430\u0442\u043a\u0438, \u043e\u0431\u0435\u0441\u043f\u0435\u0447\u0438\u0432\u0430\u044e\u0449\u0438\u0435 \u0443\u043b\u0443\u0447\u0448\u0435\u043d\u043d\u044b\u0439 \u0437\u0430\u0445\u0432\u0430\u0442 \u0438 \u0437\u0430\u0449\u0438\u0442\u0443 \u043b\u0430\u0434\u043e\u043d\u0435\u0439. \u041f\u0435\u0440\u0447\u0430\u0442\u043a\u0438-\u043f\u0440\u0438\u0441\u043e\u0441\u043a\u0438 \u043e\u0441\u043d\u0430\u0449\u0435\u043d\u044b \u0440\u0435\u0433\u0443\u043b\u0438\u0440\u0443\u0435\u043c\u044b\u043c\u0438 \u0440\u0435\u043c\u043d\u044f\u043c\u0438 \u043d\u0430 \u0437\u0430\u043f\u044f\u0441\u0442\u044c\u044f\u0445 \u0441 \u043b\u0438\u043f\u0443\u0447\u043a\u0430\u043c\u0438 \u0438 \u043f\u0440\u0435\u0434\u0432\u0430\u0440\u0438\u0442\u0435\u043b\u044c\u043d\u043e \u0438\u0437\u043e\u0433\u043d\u0443\u0442\u044b \u0434\u043b\u044f \u043e\u043f\u0442\u0438\u043c\u0430\u043b\u044c\u043d\u043e\u0433\u043e \u043a\u043e\u043c\u0444\u043e\u0440\u0442\u0430. \u0414\u0435\u0439\u0441\u0442\u0432\u0443\u0439! \u0420\u0435\u0433\u0443\u043b\u0438\u0440\u0443\u0435\u043c\u044b\u0439 \u0440\u0435\u043c\u0435\u0448\u043e\u043a \u043d\u0430 \u0437\u0430\u043f\u044f\u0441\u0442\u044c\u0435 \u0441 \u043b\u0438\u043f\u0443\u0447\u043a\u043e\u0439 \u0417\u0430\u0449\u0438\u0442\u0430 \u0441\u0443\u0441\u0442\u0430\u0432\u043e\u0432 \u041d\u0435\u0441\u043a\u043e\u043b\u044c\u0437\u044f\u0449\u0438\u0435 \u043b\u0430\u0434\u043e\u043d\u0438 \u0438\u0437 \u0442\u043a\u0430\u043d\u0438 \u0430\u043c\u0430\u0440\u0430 \u0434\u043b\u044f [&#8230;]<\/p>\n<p><a class=\"btn btn-secondary understrap-read-more-link\" href=\"https:\/\/www.waterskis.lv\/ru\/product\/%d0%bf%d0%b5%d1%80%d1%87%d0%b0%d1%82%d0%ba%d0%b8-%d0%bc%d1%83%d0%b6%d1%81%d0%ba%d0%b8%d0%b5-jobe-suction-gloves-men\/\">\u0427\u0438\u0442\u0430\u0442\u044c \u0434\u0430\u043b\u044c\u0448\u0435\u2026<\/a><\/p>\n","protected":false},"featured_media":56735,"comment_status":"closed","ping_status":"closed","template":"","meta":{"_acf_changed":false,"inline_featured_image":false},"product_brand":[],"product_cat":[556,1012],"product_tag":[3009],"class_list":{"0":"post-56737","1":"product","2":"type-product","3":"status-publish","4":"has-post-thumbnail","6":"product_cat-b-","7":"product_cat-1012","8":"product_tag-3009","10":"first","11":"instock","12":"shipping-taxable","13":"purchasable","14":"product-type-simple"},"acf":[],"yoast_head":"<!-- This site is optimized with the Yoast SEO plugin v27.4 - https:\/\/yoast.com\/product\/yoast-seo-wordpress\/ -->\n<title>\u041f\u0435\u0440\u0447\u0430\u0442\u043a\u0438 \u043c\u0443\u0436\u0441\u043a\u0438\u0435 Jobe Suction Gloves Men - WATERSKIS.LV<\/title>\n<meta name=\"description\" content=\"\u041f\u0435\u0440\u0447\u0430\u0442\u043a\u0438 \u043c\u0443\u0436\u0441\u043a\u0438\u0435 Jobe Suction Gloves Men \u0438\u0434\u0435\u0430\u043b\u044c\u043d\u044b\u0435 \u043d\u0435\u0441\u043a\u043e\u043b\u044c\u0437\u044f\u0449\u0438\u0435 \u043f\u0435\u0440\u0447\u0430\u0442\u043a\u0438, \u043e\u0431\u0435\u0441\u043f\u0435\u0447\u0438\u0432\u0430\u044e\u0449\u0438\u0435 \u0443\u043b\u0443\u0447\u0448\u0435\u043d\u043d\u044b\u0439 \u0437\u0430\u0445\u0432\u0430\u0442 \u0438 \u0437\u0430\u0449\u0438\u0442\u0443 \u043b\u0430\u0434\u043e\u043d\u0435\u0439.\" \/>\n<meta name=\"robots\" content=\"index, follow, max-snippet:-1, max-image-preview:large, max-video-preview:-1\" \/>\n<link rel=\"canonical\" href=\"https:\/\/www.waterskis.lv\/ru\/product\/%d0%bf%d0%b5%d1%80%d1%87%d0%b0%d1%82%d0%ba%d0%b8-%d0%bc%d1%83%d0%b6%d1%81%d0%ba%d0%b8%d0%b5-jobe-suction-gloves-men\/\" \/>\n<meta property=\"og:locale\" content=\"ru_RU\" \/>\n<meta property=\"og:type\" content=\"article\" \/>\n<meta property=\"og:title\" content=\"\u041f\u0435\u0440\u0447\u0430\u0442\u043a\u0438 \u043c\u0443\u0436\u0441\u043a\u0438\u0435 Jobe Suction Gloves Men - WATERSKIS.LV\" \/>\n<meta property=\"og:description\" content=\"\u041f\u0435\u0440\u0447\u0430\u0442\u043a\u0438 \u043c\u0443\u0436\u0441\u043a\u0438\u0435 Jobe Suction Gloves Men \u0438\u0434\u0435\u0430\u043b\u044c\u043d\u044b\u0435 \u043d\u0435\u0441\u043a\u043e\u043b\u044c\u0437\u044f\u0449\u0438\u0435 \u043f\u0435\u0440\u0447\u0430\u0442\u043a\u0438, \u043e\u0431\u0435\u0441\u043f\u0435\u0447\u0438\u0432\u0430\u044e\u0449\u0438\u0435 \u0443\u043b\u0443\u0447\u0448\u0435\u043d\u043d\u044b\u0439 \u0437\u0430\u0445\u0432\u0430\u0442 \u0438 \u0437\u0430\u0449\u0438\u0442\u0443 \u043b\u0430\u0434\u043e\u043d\u0435\u0439.\" \/>\n<meta property=\"og:url\" content=\"https:\/\/www.waterskis.lv\/ru\/product\/%d0%bf%d0%b5%d1%80%d1%87%d0%b0%d1%82%d0%ba%d0%b8-%d0%bc%d1%83%d0%b6%d1%81%d0%ba%d0%b8%d0%b5-jobe-suction-gloves-men\/\" \/>\n<meta property=\"og:site_name\" content=\"WATERSKIS.LV\" \/>\n<meta property=\"article:publisher\" content=\"https:\/\/www.facebook.com\/jurmalawaterskiwakeboardpark\/\" \/>\n<meta property=\"article:modified_time\" content=\"2024-10-19T06:15:20+00:00\" \/>\n<meta property=\"og:image\" content=\"https:\/\/www.waterskis.lv\/wp-content\/uploads\/2024\/10\/340021001-zoom.jpg\" \/>\n\t<meta property=\"og:image:width\" content=\"1500\" \/>\n\t<meta property=\"og:image:height\" content=\"1500\" \/>\n\t<meta property=\"og:image:type\" content=\"image\/jpeg\" \/>\n<meta name=\"twitter:card\" content=\"summary_large_image\" \/>\n<meta name=\"twitter:label1\" content=\"\u041f\u0440\u0438\u043c\u0435\u0440\u043d\u043e\u0435 \u0432\u0440\u0435\u043c\u044f \u0434\u043b\u044f \u0447\u0442\u0435\u043d\u0438\u044f\" \/>\n\t<meta name=\"twitter:data1\" content=\"1 \u043c\u0438\u043d\u0443\u0442\u0430\" \/>\n<script type=\"application\/ld+json\" class=\"yoast-schema-graph\">{\"@context\":\"https:\\\/\\\/schema.org\",\"@graph\":[{\"@type\":\"WebPage\",\"@id\":\"https:\\\/\\\/www.waterskis.lv\\\/ru\\\/product\\\/%d0%bf%d0%b5%d1%80%d1%87%d0%b0%d1%82%d0%ba%d0%b8-%d0%bc%d1%83%d0%b6%d1%81%d0%ba%d0%b8%d0%b5-jobe-suction-gloves-men\\\/\",\"url\":\"https:\\\/\\\/www.waterskis.lv\\\/ru\\\/product\\\/%d0%bf%d0%b5%d1%80%d1%87%d0%b0%d1%82%d0%ba%d0%b8-%d0%bc%d1%83%d0%b6%d1%81%d0%ba%d0%b8%d0%b5-jobe-suction-gloves-men\\\/\",\"name\":\"\u041f\u0435\u0440\u0447\u0430\u0442\u043a\u0438 \u043c\u0443\u0436\u0441\u043a\u0438\u0435 Jobe Suction Gloves Men - WATERSKIS.LV\",\"isPartOf\":{\"@id\":\"https:\\\/\\\/www.waterskis.lv\\\/ru\\\/#website\"},\"primaryImageOfPage\":{\"@id\":\"https:\\\/\\\/www.waterskis.lv\\\/ru\\\/product\\\/%d0%bf%d0%b5%d1%80%d1%87%d0%b0%d1%82%d0%ba%d0%b8-%d0%bc%d1%83%d0%b6%d1%81%d0%ba%d0%b8%d0%b5-jobe-suction-gloves-men\\\/#primaryimage\"},\"image\":{\"@id\":\"https:\\\/\\\/www.waterskis.lv\\\/ru\\\/product\\\/%d0%bf%d0%b5%d1%80%d1%87%d0%b0%d1%82%d0%ba%d0%b8-%d0%bc%d1%83%d0%b6%d1%81%d0%ba%d0%b8%d0%b5-jobe-suction-gloves-men\\\/#primaryimage\"},\"thumbnailUrl\":\"https:\\\/\\\/www.waterskis.lv\\\/wp-content\\\/uploads\\\/2024\\\/10\\\/340021001-zoom.jpg\",\"datePublished\":\"2024-10-19T06:09:01+00:00\",\"dateModified\":\"2024-10-19T06:15:20+00:00\",\"description\":\"\u041f\u0435\u0440\u0447\u0430\u0442\u043a\u0438 \u043c\u0443\u0436\u0441\u043a\u0438\u0435 Jobe Suction Gloves Men \u0438\u0434\u0435\u0430\u043b\u044c\u043d\u044b\u0435 \u043d\u0435\u0441\u043a\u043e\u043b\u044c\u0437\u044f\u0449\u0438\u0435 \u043f\u0435\u0440\u0447\u0430\u0442\u043a\u0438, \u043e\u0431\u0435\u0441\u043f\u0435\u0447\u0438\u0432\u0430\u044e\u0449\u0438\u0435 \u0443\u043b\u0443\u0447\u0448\u0435\u043d\u043d\u044b\u0439 \u0437\u0430\u0445\u0432\u0430\u0442 \u0438 \u0437\u0430\u0449\u0438\u0442\u0443 \u043b\u0430\u0434\u043e\u043d\u0435\u0439.\",\"breadcrumb\":{\"@id\":\"https:\\\/\\\/www.waterskis.lv\\\/ru\\\/product\\\/%d0%bf%d0%b5%d1%80%d1%87%d0%b0%d1%82%d0%ba%d0%b8-%d0%bc%d1%83%d0%b6%d1%81%d0%ba%d0%b8%d0%b5-jobe-suction-gloves-men\\\/#breadcrumb\"},\"inLanguage\":\"ru-RU\",\"potentialAction\":[{\"@type\":\"ReadAction\",\"target\":[\"https:\\\/\\\/www.waterskis.lv\\\/ru\\\/product\\\/%d0%bf%d0%b5%d1%80%d1%87%d0%b0%d1%82%d0%ba%d0%b8-%d0%bc%d1%83%d0%b6%d1%81%d0%ba%d0%b8%d0%b5-jobe-suction-gloves-men\\\/\"]}]},{\"@type\":\"ImageObject\",\"inLanguage\":\"ru-RU\",\"@id\":\"https:\\\/\\\/www.waterskis.lv\\\/ru\\\/product\\\/%d0%bf%d0%b5%d1%80%d1%87%d0%b0%d1%82%d0%ba%d0%b8-%d0%bc%d1%83%d0%b6%d1%81%d0%ba%d0%b8%d0%b5-jobe-suction-gloves-men\\\/#primaryimage\",\"url\":\"https:\\\/\\\/www.waterskis.lv\\\/wp-content\\\/uploads\\\/2024\\\/10\\\/340021001-zoom.jpg\",\"contentUrl\":\"https:\\\/\\\/www.waterskis.lv\\\/wp-content\\\/uploads\\\/2024\\\/10\\\/340021001-zoom.jpg\",\"width\":1500,\"height\":1500,\"caption\":\"Cimdi Jobe Suction Gloves Men\"},{\"@type\":\"BreadcrumbList\",\"@id\":\"https:\\\/\\\/www.waterskis.lv\\\/ru\\\/product\\\/%d0%bf%d0%b5%d1%80%d1%87%d0%b0%d1%82%d0%ba%d0%b8-%d0%bc%d1%83%d0%b6%d1%81%d0%ba%d0%b8%d0%b5-jobe-suction-gloves-men\\\/#breadcrumb\",\"itemListElement\":[{\"@type\":\"ListItem\",\"position\":1,\"name\":\"Home\",\"item\":\"https:\\\/\\\/www.waterskis.lv\\\/ru\\\/\"},{\"@type\":\"ListItem\",\"position\":2,\"name\":\"\u041c\u0430\u0433\u0430\u0437\u0438\u043d\",\"item\":\"https:\\\/\\\/www.waterskis.lv\\\/ru\\\/%d0%bc%d0%b0%d0%b3%d0%b0%d0%b7%d0%b8%d0%bd\\\/\"},{\"@type\":\"ListItem\",\"position\":3,\"name\":\"\u041f\u0435\u0440\u0447\u0430\u0442\u043a\u0438 \u043c\u0443\u0436\u0441\u043a\u0438\u0435 Jobe Suction Gloves Men\"}]},{\"@type\":\"WebSite\",\"@id\":\"https:\\\/\\\/www.waterskis.lv\\\/ru\\\/#website\",\"url\":\"https:\\\/\\\/www.waterskis.lv\\\/ru\\\/\",\"name\":\"WATERSKIS.LV\",\"description\":\"SUP d\u0113\u013ci, kajaki, kanoe, airu laivas, \u016bdenssl\u0113po\u0161ana, veikbords, SUP d\u0113\u013cu noma, kajaku nomaakt\u012bv\u0101s atp\u016btas centrs, laivu noma, sup noma, kajaku noma\",\"publisher\":{\"@id\":\"https:\\\/\\\/www.waterskis.lv\\\/ru\\\/#organization\"},\"potentialAction\":[{\"@type\":\"SearchAction\",\"target\":{\"@type\":\"EntryPoint\",\"urlTemplate\":\"https:\\\/\\\/www.waterskis.lv\\\/ru\\\/?s={search_term_string}\"},\"query-input\":{\"@type\":\"PropertyValueSpecification\",\"valueRequired\":true,\"valueName\":\"search_term_string\"}}],\"inLanguage\":\"ru-RU\"},{\"@type\":\"Organization\",\"@id\":\"https:\\\/\\\/www.waterskis.lv\\\/ru\\\/#organization\",\"name\":\"WATERSKIS.LV\",\"url\":\"https:\\\/\\\/www.waterskis.lv\\\/ru\\\/\",\"logo\":{\"@type\":\"ImageObject\",\"inLanguage\":\"ru-RU\",\"@id\":\"https:\\\/\\\/www.waterskis.lv\\\/ru\\\/#\\\/schema\\\/logo\\\/image\\\/\",\"url\":\"https:\\\/\\\/www.waterskis.lv\\\/wp-content\\\/uploads\\\/2025\\\/01\\\/JUVP-logo.png\",\"contentUrl\":\"https:\\\/\\\/www.waterskis.lv\\\/wp-content\\\/uploads\\\/2025\\\/01\\\/JUVP-logo.png\",\"width\":421,\"height\":202,\"caption\":\"WATERSKIS.LV\"},\"image\":{\"@id\":\"https:\\\/\\\/www.waterskis.lv\\\/ru\\\/#\\\/schema\\\/logo\\\/image\\\/\"},\"sameAs\":[\"https:\\\/\\\/www.facebook.com\\\/jurmalawaterskiwakeboardpark\\\/\"]}]}<\/script>\n<!-- \/ Yoast SEO plugin. -->","yoast_head_json":{"title":"\u041f\u0435\u0440\u0447\u0430\u0442\u043a\u0438 \u043c\u0443\u0436\u0441\u043a\u0438\u0435 Jobe Suction Gloves Men - WATERSKIS.LV","description":"\u041f\u0435\u0440\u0447\u0430\u0442\u043a\u0438 \u043c\u0443\u0436\u0441\u043a\u0438\u0435 Jobe Suction Gloves Men \u0438\u0434\u0435\u0430\u043b\u044c\u043d\u044b\u0435 \u043d\u0435\u0441\u043a\u043e\u043b\u044c\u0437\u044f\u0449\u0438\u0435 \u043f\u0435\u0440\u0447\u0430\u0442\u043a\u0438, \u043e\u0431\u0435\u0441\u043f\u0435\u0447\u0438\u0432\u0430\u044e\u0449\u0438\u0435 \u0443\u043b\u0443\u0447\u0448\u0435\u043d\u043d\u044b\u0439 \u0437\u0430\u0445\u0432\u0430\u0442 \u0438 \u0437\u0430\u0449\u0438\u0442\u0443 \u043b\u0430\u0434\u043e\u043d\u0435\u0439.","robots":{"index":"index","follow":"follow","max-snippet":"max-snippet:-1","max-image-preview":"max-image-preview:large","max-video-preview":"max-video-preview:-1"},"canonical":"https:\/\/www.waterskis.lv\/ru\/product\/%d0%bf%d0%b5%d1%80%d1%87%d0%b0%d1%82%d0%ba%d0%b8-%d0%bc%d1%83%d0%b6%d1%81%d0%ba%d0%b8%d0%b5-jobe-suction-gloves-men\/","og_locale":"ru_RU","og_type":"article","og_title":"\u041f\u0435\u0440\u0447\u0430\u0442\u043a\u0438 \u043c\u0443\u0436\u0441\u043a\u0438\u0435 Jobe Suction Gloves Men - WATERSKIS.LV","og_description":"\u041f\u0435\u0440\u0447\u0430\u0442\u043a\u0438 \u043c\u0443\u0436\u0441\u043a\u0438\u0435 Jobe Suction Gloves Men \u0438\u0434\u0435\u0430\u043b\u044c\u043d\u044b\u0435 \u043d\u0435\u0441\u043a\u043e\u043b\u044c\u0437\u044f\u0449\u0438\u0435 \u043f\u0435\u0440\u0447\u0430\u0442\u043a\u0438, \u043e\u0431\u0435\u0441\u043f\u0435\u0447\u0438\u0432\u0430\u044e\u0449\u0438\u0435 \u0443\u043b\u0443\u0447\u0448\u0435\u043d\u043d\u044b\u0439 \u0437\u0430\u0445\u0432\u0430\u0442 \u0438 \u0437\u0430\u0449\u0438\u0442\u0443 \u043b\u0430\u0434\u043e\u043d\u0435\u0439.","og_url":"https:\/\/www.waterskis.lv\/ru\/product\/%d0%bf%d0%b5%d1%80%d1%87%d0%b0%d1%82%d0%ba%d0%b8-%d0%bc%d1%83%d0%b6%d1%81%d0%ba%d0%b8%d0%b5-jobe-suction-gloves-men\/","og_site_name":"WATERSKIS.LV","article_publisher":"https:\/\/www.facebook.com\/jurmalawaterskiwakeboardpark\/","article_modified_time":"2024-10-19T06:15:20+00:00","og_image":[{"width":1500,"height":1500,"url":"https:\/\/www.waterskis.lv\/wp-content\/uploads\/2024\/10\/340021001-zoom.jpg","type":"image\/jpeg"}],"twitter_card":"summary_large_image","twitter_misc":{"\u041f\u0440\u0438\u043c\u0435\u0440\u043d\u043e\u0435 \u0432\u0440\u0435\u043c\u044f \u0434\u043b\u044f \u0447\u0442\u0435\u043d\u0438\u044f":"1 \u043c\u0438\u043d\u0443\u0442\u0430"},"schema":{"@context":"https:\/\/schema.org","@graph":[{"@type":"WebPage","@id":"https:\/\/www.waterskis.lv\/ru\/product\/%d0%bf%d0%b5%d1%80%d1%87%d0%b0%d1%82%d0%ba%d0%b8-%d0%bc%d1%83%d0%b6%d1%81%d0%ba%d0%b8%d0%b5-jobe-suction-gloves-men\/","url":"https:\/\/www.waterskis.lv\/ru\/product\/%d0%bf%d0%b5%d1%80%d1%87%d0%b0%d1%82%d0%ba%d0%b8-%d0%bc%d1%83%d0%b6%d1%81%d0%ba%d0%b8%d0%b5-jobe-suction-gloves-men\/","name":"\u041f\u0435\u0440\u0447\u0430\u0442\u043a\u0438 \u043c\u0443\u0436\u0441\u043a\u0438\u0435 Jobe Suction Gloves Men - WATERSKIS.LV","isPartOf":{"@id":"https:\/\/www.waterskis.lv\/ru\/#website"},"primaryImageOfPage":{"@id":"https:\/\/www.waterskis.lv\/ru\/product\/%d0%bf%d0%b5%d1%80%d1%87%d0%b0%d1%82%d0%ba%d0%b8-%d0%bc%d1%83%d0%b6%d1%81%d0%ba%d0%b8%d0%b5-jobe-suction-gloves-men\/#primaryimage"},"image":{"@id":"https:\/\/www.waterskis.lv\/ru\/product\/%d0%bf%d0%b5%d1%80%d1%87%d0%b0%d1%82%d0%ba%d0%b8-%d0%bc%d1%83%d0%b6%d1%81%d0%ba%d0%b8%d0%b5-jobe-suction-gloves-men\/#primaryimage"},"thumbnailUrl":"https:\/\/www.waterskis.lv\/wp-content\/uploads\/2024\/10\/340021001-zoom.jpg","datePublished":"2024-10-19T06:09:01+00:00","dateModified":"2024-10-19T06:15:20+00:00","description":"\u041f\u0435\u0440\u0447\u0430\u0442\u043a\u0438 \u043c\u0443\u0436\u0441\u043a\u0438\u0435 Jobe Suction Gloves Men \u0438\u0434\u0435\u0430\u043b\u044c\u043d\u044b\u0435 \u043d\u0435\u0441\u043a\u043e\u043b\u044c\u0437\u044f\u0449\u0438\u0435 \u043f\u0435\u0440\u0447\u0430\u0442\u043a\u0438, \u043e\u0431\u0435\u0441\u043f\u0435\u0447\u0438\u0432\u0430\u044e\u0449\u0438\u0435 \u0443\u043b\u0443\u0447\u0448\u0435\u043d\u043d\u044b\u0439 \u0437\u0430\u0445\u0432\u0430\u0442 \u0438 \u0437\u0430\u0449\u0438\u0442\u0443 \u043b\u0430\u0434\u043e\u043d\u0435\u0439.","breadcrumb":{"@id":"https:\/\/www.waterskis.lv\/ru\/product\/%d0%bf%d0%b5%d1%80%d1%87%d0%b0%d1%82%d0%ba%d0%b8-%d0%bc%d1%83%d0%b6%d1%81%d0%ba%d0%b8%d0%b5-jobe-suction-gloves-men\/#breadcrumb"},"inLanguage":"ru-RU","potentialAction":[{"@type":"ReadAction","target":["https:\/\/www.waterskis.lv\/ru\/product\/%d0%bf%d0%b5%d1%80%d1%87%d0%b0%d1%82%d0%ba%d0%b8-%d0%bc%d1%83%d0%b6%d1%81%d0%ba%d0%b8%d0%b5-jobe-suction-gloves-men\/"]}]},{"@type":"ImageObject","inLanguage":"ru-RU","@id":"https:\/\/www.waterskis.lv\/ru\/product\/%d0%bf%d0%b5%d1%80%d1%87%d0%b0%d1%82%d0%ba%d0%b8-%d0%bc%d1%83%d0%b6%d1%81%d0%ba%d0%b8%d0%b5-jobe-suction-gloves-men\/#primaryimage","url":"https:\/\/www.waterskis.lv\/wp-content\/uploads\/2024\/10\/340021001-zoom.jpg","contentUrl":"https:\/\/www.waterskis.lv\/wp-content\/uploads\/2024\/10\/340021001-zoom.jpg","width":1500,"height":1500,"caption":"Cimdi Jobe Suction Gloves Men"},{"@type":"BreadcrumbList","@id":"https:\/\/www.waterskis.lv\/ru\/product\/%d0%bf%d0%b5%d1%80%d1%87%d0%b0%d1%82%d0%ba%d0%b8-%d0%bc%d1%83%d0%b6%d1%81%d0%ba%d0%b8%d0%b5-jobe-suction-gloves-men\/#breadcrumb","itemListElement":[{"@type":"ListItem","position":1,"name":"Home","item":"https:\/\/www.waterskis.lv\/ru\/"},{"@type":"ListItem","position":2,"name":"\u041c\u0430\u0433\u0430\u0437\u0438\u043d","item":"https:\/\/www.waterskis.lv\/ru\/%d0%bc%d0%b0%d0%b3%d0%b0%d0%b7%d0%b8%d0%bd\/"},{"@type":"ListItem","position":3,"name":"\u041f\u0435\u0440\u0447\u0430\u0442\u043a\u0438 \u043c\u0443\u0436\u0441\u043a\u0438\u0435 Jobe Suction Gloves Men"}]},{"@type":"WebSite","@id":"https:\/\/www.waterskis.lv\/ru\/#website","url":"https:\/\/www.waterskis.lv\/ru\/","name":"WATERSKIS.LV","description":"SUP d\u0113\u013ci, kajaki, kanoe, airu laivas, \u016bdenssl\u0113po\u0161ana, veikbords, SUP d\u0113\u013cu noma, kajaku nomaakt\u012bv\u0101s atp\u016btas centrs, laivu noma, sup noma, kajaku noma","publisher":{"@id":"https:\/\/www.waterskis.lv\/ru\/#organization"},"potentialAction":[{"@type":"SearchAction","target":{"@type":"EntryPoint","urlTemplate":"https:\/\/www.waterskis.lv\/ru\/?s={search_term_string}"},"query-input":{"@type":"PropertyValueSpecification","valueRequired":true,"valueName":"search_term_string"}}],"inLanguage":"ru-RU"},{"@type":"Organization","@id":"https:\/\/www.waterskis.lv\/ru\/#organization","name":"WATERSKIS.LV","url":"https:\/\/www.waterskis.lv\/ru\/","logo":{"@type":"ImageObject","inLanguage":"ru-RU","@id":"https:\/\/www.waterskis.lv\/ru\/#\/schema\/logo\/image\/","url":"https:\/\/www.waterskis.lv\/wp-content\/uploads\/2025\/01\/JUVP-logo.png","contentUrl":"https:\/\/www.waterskis.lv\/wp-content\/uploads\/2025\/01\/JUVP-logo.png","width":421,"height":202,"caption":"WATERSKIS.LV"},"image":{"@id":"https:\/\/www.waterskis.lv\/ru\/#\/schema\/logo\/image\/"},"sameAs":["https:\/\/www.facebook.com\/jurmalawaterskiwakeboardpark\/"]}]}},"_links":{"self":[{"href":"https:\/\/www.waterskis.lv\/ru\/wp-json\/wp\/v2\/product\/56737","targetHints":{"allow":["GET"]}}],"collection":[{"href":"https:\/\/www.waterskis.lv\/ru\/wp-json\/wp\/v2\/product"}],"about":[{"href":"https:\/\/www.waterskis.lv\/ru\/wp-json\/wp\/v2\/types\/product"}],"replies":[{"embeddable":true,"href":"https:\/\/www.waterskis.lv\/ru\/wp-json\/wp\/v2\/comments?post=56737"}],"wp:featuredmedia":[{"embeddable":true,"href":"https:\/\/www.waterskis.lv\/ru\/wp-json\/wp\/v2\/media\/56735"}],"wp:attachment":[{"href":"https:\/\/www.waterskis.lv\/ru\/wp-json\/wp\/v2\/media?parent=56737"}],"wp:term":[{"taxonomy":"product_brand","embeddable":true,"href":"https:\/\/www.waterskis.lv\/ru\/wp-json\/wp\/v2\/product_brand?post=56737"},{"taxonomy":"product_cat","embeddable":true,"href":"https:\/\/www.waterskis.lv\/ru\/wp-json\/wp\/v2\/product_cat?post=56737"},{"taxonomy":"product_tag","embeddable":true,"href":"https:\/\/www.waterskis.lv\/ru\/wp-json\/wp\/v2\/product_tag?post=56737"}],"curies":[{"name":"wp","href":"https:\/\/api.w.org\/{rel}","templated":true}]}}