{"id":57625,"date":"2024-11-04T18:21:03","date_gmt":"2024-11-04T15:21:03","guid":{"rendered":"https:\/\/www.waterskis.lv\/product\/veikborda-zabaki-hyperlite-frequency-low-pro\/"},"modified":"2026-01-29T10:33:28","modified_gmt":"2026-01-29T08:33:28","slug":"%d0%b1%d0%be%d1%82%d0%b8%d0%bd%d0%ba%d0%b8-%d0%b4%d0%bb%d1%8f-%d0%b2%d0%b5%d0%b9%d0%ba%d0%b1%d0%be%d1%80%d0%b4%d0%b0-hyperlite-frequency-low-pro","status":"publish","type":"product","link":"https:\/\/www.waterskis.lv\/ru\/product\/%d0%b1%d0%be%d1%82%d0%b8%d0%bd%d0%ba%d0%b8-%d0%b4%d0%bb%d1%8f-%d0%b2%d0%b5%d0%b9%d0%ba%d0%b1%d0%be%d1%80%d0%b4%d0%b0-hyperlite-frequency-low-pro\/","title":{"rendered":"\u0411\u043e\u0442\u0438\u043d\u043a\u0438 \u0434\u043b\u044f \u0432\u0435\u0439\u043a\u0431\u043e\u0440\u0434\u0430 Hyperlite Frequency Low Pro"},"content":{"rendered":"<h1>\u0411\u043e\u0442\u0438\u043d\u043a\u0438 \u0434\u043b\u044f \u0432\u0435\u0439\u043a\u0431\u043e\u0440\u0434\u0430 Hyperlite Frequency Low Pro<\/h1>\n<p>\u0411\u043e\u0442\u0438\u043d\u043a\u0438 \u0434\u043b\u044f \u0432\u0435\u0439\u043a\u0431\u043e\u0440\u0434\u0430 Hyperlite Frequency Low Pro<\/p>\n<p>\u041e\u0434\u0438\u043d \u0440\u0430\u0437\u043c\u0435\u0440 \u043f\u043e\u0434\u0445\u043e\u0434\u0438\u0442 \u0431\u043e\u043b\u044c\u0448\u0438\u043d\u0441\u0442\u0432\u0443 \u2014 \u0421\u0428\u0410 6\u201312 \/ \u0415\u0421 38\u201346<\/p>\n<h3>\u0412\u0435\u0439\u043a\u0431\u043e\u0440\u0434\u044b HYPERLITE. \u0428\u0438\u0440\u043e\u043a\u0438\u0439 \u0432\u044b\u0431\u043e\u0440 \u0432\u0435\u0439\u043a\u0431\u043e\u0440\u0434\u043e\u0432 \u0438 \u043e\u0431\u043e\u0440\u0443\u0434\u043e\u0432\u0430\u043d\u0438\u044f. \u0423\u0442\u043e\u0447\u043d\u044f\u0439\u0442\u0435 \u043d\u0430\u043b\u0438\u0447\u0438\u0435 \u0432\u0435\u0439\u043a\u0431\u043e\u0440\u0434\u043e\u0432 \u043f\u043e \u0442\u0435\u043b\u0435\u0444\u043e\u043d\u0443 \u0438\u043b\u0438 \u044d\u043b\u0435\u043a\u0442\u0440\u043e\u043d\u043d\u043e\u0439 \u043f\u043e\u0447\u0442\u0435 info@waterskis.lv<\/h3>\n","protected":false},"excerpt":{"rendered":"<p>\u0412\u0435\u0439\u043a\u0431\u043e\u0440\u0434\u044b HYPERLITE. \u0428\u0438\u0440\u043e\u043a\u0438\u0439 \u0432\u044b\u0431\u043e\u0440 \u0432\u0435\u0439\u043a\u0431\u043e\u0440\u0434\u043e\u0432 \u0438 \u043e\u0431\u043e\u0440\u0443\u0434\u043e\u0432\u0430\u043d\u0438\u044f. \u0423\u0442\u043e\u0447\u043d\u044f\u0439\u0442\u0435 \u043d\u0430\u043b\u0438\u0447\u0438\u0435 \u0432\u0435\u0439\u043a\u0431\u043e\u0440\u0434\u043e\u0432 \u043f\u043e \u0442\u0435\u043b\u0435\u0444\u043e\u043d\u0443 \u0438\u043b\u0438 \u044d\u043b\u0435\u043a\u0442\u0440\u043e\u043d\u043d\u043e\u0439 \u043f\u043e\u0447\u0442\u0435 info@waterskis.lv [&#8230;]<\/p>\n<p><a class=\"btn btn-secondary understrap-read-more-link\" href=\"https:\/\/www.waterskis.lv\/ru\/product\/%d0%b1%d0%be%d1%82%d0%b8%d0%bd%d0%ba%d0%b8-%d0%b4%d0%bb%d1%8f-%d0%b2%d0%b5%d0%b9%d0%ba%d0%b1%d0%be%d1%80%d0%b4%d0%b0-hyperlite-frequency-low-pro\/\">\u0427\u0438\u0442\u0430\u0442\u044c \u0434\u0430\u043b\u044c\u0448\u0435\u2026<\/a><\/p>\n","protected":false},"featured_media":57623,"comment_status":"closed","ping_status":"closed","template":"","meta":{"_acf_changed":false,"inline_featured_image":false},"product_brand":[2406],"product_cat":[560,1147],"product_tag":[3029],"class_list":{"0":"post-57625","1":"product","2":"type-product","3":"status-publish","4":"has-post-thumbnail","6":"product_brand-hyperlite-wake","7":"product_cat-560","8":"product_cat--hyperlite","9":"product_tag-3029","11":"first","12":"instock","13":"shipping-taxable","14":"purchasable","15":"product-type-simple"},"acf":[],"yoast_head":"<!-- This site is optimized with the Yoast SEO plugin v27.2 - https:\/\/yoast.com\/product\/yoast-seo-wordpress\/ -->\n<title>\u0411\u043e\u0442\u0438\u043d\u043a\u0438 \u0434\u043b\u044f \u0432\u0435\u0439\u043a\u0431\u043e\u0440\u0434\u0430 Hyperlite Frequency Low Pro - WATERSKIS.LV<\/title>\n<meta name=\"description\" content=\"\u0411\u043e\u0442\u0438\u043d\u043a\u0438 \u0434\u043b\u044f \u0432\u0435\u0439\u043a\u0431\u043e\u0440\u0434\u0430 Hyperlite Frequency Low Pro. \u0428\u0438\u0440\u043e\u043a\u0438\u0439 \u0432\u044b\u0431\u043e\u0440 \u0432\u0435\u0439\u043a\u0431\u043e\u0440\u0434\u043e\u0432. \u0423\u0442\u043e\u0447\u043d\u044f\u0439\u0442\u0435 \u043d\u0430\u043b\u0438\u0447\u0438\u0435 \u0431\u043e\u0440\u0434\u043e\u0432 \u043f\u043e \u0442\u0435\u043b\u0435\u0444\u043e\u043d\u0443 \u0438\u043b\u0438 \u044d\u043b\u0435\u043a\u0442\u0440\u043e\u043d\u043d\u043e\u0439 \u043f\u043e\u0447\u0442\u0435 info@waterskis.lv\" \/>\n<meta name=\"robots\" content=\"index, follow, max-snippet:-1, max-image-preview:large, max-video-preview:-1\" \/>\n<link rel=\"canonical\" href=\"https:\/\/www.waterskis.lv\/ru\/product\/%d0%b1%d0%be%d1%82%d0%b8%d0%bd%d0%ba%d0%b8-%d0%b4%d0%bb%d1%8f-%d0%b2%d0%b5%d0%b9%d0%ba%d0%b1%d0%be%d1%80%d0%b4%d0%b0-hyperlite-frequency-low-pro\/\" \/>\n<meta property=\"og:locale\" content=\"ru_RU\" \/>\n<meta property=\"og:type\" content=\"article\" \/>\n<meta property=\"og:title\" content=\"\u0411\u043e\u0442\u0438\u043d\u043a\u0438 \u0434\u043b\u044f \u0432\u0435\u0439\u043a\u0431\u043e\u0440\u0434\u0430 Hyperlite Frequency Low Pro - WATERSKIS.LV\" \/>\n<meta property=\"og:description\" content=\"\u0411\u043e\u0442\u0438\u043d\u043a\u0438 \u0434\u043b\u044f \u0432\u0435\u0439\u043a\u0431\u043e\u0440\u0434\u0430 Hyperlite Frequency Low Pro. \u0428\u0438\u0440\u043e\u043a\u0438\u0439 \u0432\u044b\u0431\u043e\u0440 \u0432\u0435\u0439\u043a\u0431\u043e\u0440\u0434\u043e\u0432. \u0423\u0442\u043e\u0447\u043d\u044f\u0439\u0442\u0435 \u043d\u0430\u043b\u0438\u0447\u0438\u0435 \u0431\u043e\u0440\u0434\u043e\u0432 \u043f\u043e \u0442\u0435\u043b\u0435\u0444\u043e\u043d\u0443 \u0438\u043b\u0438 \u044d\u043b\u0435\u043a\u0442\u0440\u043e\u043d\u043d\u043e\u0439 \u043f\u043e\u0447\u0442\u0435 info@waterskis.lv\" \/>\n<meta property=\"og:url\" content=\"https:\/\/www.waterskis.lv\/ru\/product\/%d0%b1%d0%be%d1%82%d0%b8%d0%bd%d0%ba%d0%b8-%d0%b4%d0%bb%d1%8f-%d0%b2%d0%b5%d0%b9%d0%ba%d0%b1%d0%be%d1%80%d0%b4%d0%b0-hyperlite-frequency-low-pro\/\" \/>\n<meta property=\"og:site_name\" content=\"WATERSKIS.LV\" \/>\n<meta property=\"article:publisher\" content=\"https:\/\/www.facebook.com\/jurmalawaterskiwakeboardpark\/\" \/>\n<meta property=\"article:modified_time\" content=\"2026-01-29T08:33:28+00:00\" \/>\n<meta property=\"og:image\" content=\"https:\/\/www.waterskis.lv\/wp-content\/uploads\/2024\/11\/22_hl_frequency_both.jpg\" \/>\n\t<meta property=\"og:image:width\" content=\"1600\" \/>\n\t<meta property=\"og:image:height\" content=\"1600\" \/>\n\t<meta property=\"og:image:type\" content=\"image\/jpeg\" \/>\n<meta name=\"twitter:card\" content=\"summary_large_image\" \/>\n<meta name=\"twitter:label1\" content=\"\u041f\u0440\u0438\u043c\u0435\u0440\u043d\u043e\u0435 \u0432\u0440\u0435\u043c\u044f \u0434\u043b\u044f \u0447\u0442\u0435\u043d\u0438\u044f\" \/>\n\t<meta name=\"twitter:data1\" content=\"1 \u043c\u0438\u043d\u0443\u0442\u0430\" \/>\n<script type=\"application\/ld+json\" class=\"yoast-schema-graph\">{\"@context\":\"https:\/\/schema.org\",\"@graph\":[{\"@type\":\"WebPage\",\"@id\":\"https:\/\/www.waterskis.lv\/ru\/product\/%d0%b1%d0%be%d1%82%d0%b8%d0%bd%d0%ba%d0%b8-%d0%b4%d0%bb%d1%8f-%d0%b2%d0%b5%d0%b9%d0%ba%d0%b1%d0%be%d1%80%d0%b4%d0%b0-hyperlite-frequency-low-pro\/\",\"url\":\"https:\/\/www.waterskis.lv\/ru\/product\/%d0%b1%d0%be%d1%82%d0%b8%d0%bd%d0%ba%d0%b8-%d0%b4%d0%bb%d1%8f-%d0%b2%d0%b5%d0%b9%d0%ba%d0%b1%d0%be%d1%80%d0%b4%d0%b0-hyperlite-frequency-low-pro\/\",\"name\":\"\u0411\u043e\u0442\u0438\u043d\u043a\u0438 \u0434\u043b\u044f \u0432\u0435\u0439\u043a\u0431\u043e\u0440\u0434\u0430 Hyperlite Frequency Low Pro - WATERSKIS.LV\",\"isPartOf\":{\"@id\":\"https:\/\/www.waterskis.lv\/ru\/#website\"},\"primaryImageOfPage\":{\"@id\":\"https:\/\/www.waterskis.lv\/ru\/product\/%d0%b1%d0%be%d1%82%d0%b8%d0%bd%d0%ba%d0%b8-%d0%b4%d0%bb%d1%8f-%d0%b2%d0%b5%d0%b9%d0%ba%d0%b1%d0%be%d1%80%d0%b4%d0%b0-hyperlite-frequency-low-pro\/#primaryimage\"},\"image\":{\"@id\":\"https:\/\/www.waterskis.lv\/ru\/product\/%d0%b1%d0%be%d1%82%d0%b8%d0%bd%d0%ba%d0%b8-%d0%b4%d0%bb%d1%8f-%d0%b2%d0%b5%d0%b9%d0%ba%d0%b1%d0%be%d1%80%d0%b4%d0%b0-hyperlite-frequency-low-pro\/#primaryimage\"},\"thumbnailUrl\":\"https:\/\/www.waterskis.lv\/wp-content\/uploads\/2024\/11\/22_hl_frequency_both.jpg\",\"datePublished\":\"2024-11-04T15:21:03+00:00\",\"dateModified\":\"2026-01-29T08:33:28+00:00\",\"description\":\"\u0411\u043e\u0442\u0438\u043d\u043a\u0438 \u0434\u043b\u044f \u0432\u0435\u0439\u043a\u0431\u043e\u0440\u0434\u0430 Hyperlite Frequency Low Pro. \u0428\u0438\u0440\u043e\u043a\u0438\u0439 \u0432\u044b\u0431\u043e\u0440 \u0432\u0435\u0439\u043a\u0431\u043e\u0440\u0434\u043e\u0432. \u0423\u0442\u043e\u0447\u043d\u044f\u0439\u0442\u0435 \u043d\u0430\u043b\u0438\u0447\u0438\u0435 \u0431\u043e\u0440\u0434\u043e\u0432 \u043f\u043e \u0442\u0435\u043b\u0435\u0444\u043e\u043d\u0443 \u0438\u043b\u0438 \u044d\u043b\u0435\u043a\u0442\u0440\u043e\u043d\u043d\u043e\u0439 \u043f\u043e\u0447\u0442\u0435 info@waterskis.lv\",\"breadcrumb\":{\"@id\":\"https:\/\/www.waterskis.lv\/ru\/product\/%d0%b1%d0%be%d1%82%d0%b8%d0%bd%d0%ba%d0%b8-%d0%b4%d0%bb%d1%8f-%d0%b2%d0%b5%d0%b9%d0%ba%d0%b1%d0%be%d1%80%d0%b4%d0%b0-hyperlite-frequency-low-pro\/#breadcrumb\"},\"inLanguage\":\"ru-RU\",\"potentialAction\":[{\"@type\":\"ReadAction\",\"target\":[\"https:\/\/www.waterskis.lv\/ru\/product\/%d0%b1%d0%be%d1%82%d0%b8%d0%bd%d0%ba%d0%b8-%d0%b4%d0%bb%d1%8f-%d0%b2%d0%b5%d0%b9%d0%ba%d0%b1%d0%be%d1%80%d0%b4%d0%b0-hyperlite-frequency-low-pro\/\"]}]},{\"@type\":\"ImageObject\",\"inLanguage\":\"ru-RU\",\"@id\":\"https:\/\/www.waterskis.lv\/ru\/product\/%d0%b1%d0%be%d1%82%d0%b8%d0%bd%d0%ba%d0%b8-%d0%b4%d0%bb%d1%8f-%d0%b2%d0%b5%d0%b9%d0%ba%d0%b1%d0%be%d1%80%d0%b4%d0%b0-hyperlite-frequency-low-pro\/#primaryimage\",\"url\":\"https:\/\/www.waterskis.lv\/wp-content\/uploads\/2024\/11\/22_hl_frequency_both.jpg\",\"contentUrl\":\"https:\/\/www.waterskis.lv\/wp-content\/uploads\/2024\/11\/22_hl_frequency_both.jpg\",\"width\":1600,\"height\":1600,\"caption\":\"Veikborda z\u0101baki Hyperlite Frequency Low Pro\"},{\"@type\":\"BreadcrumbList\",\"@id\":\"https:\/\/www.waterskis.lv\/ru\/product\/%d0%b1%d0%be%d1%82%d0%b8%d0%bd%d0%ba%d0%b8-%d0%b4%d0%bb%d1%8f-%d0%b2%d0%b5%d0%b9%d0%ba%d0%b1%d0%be%d1%80%d0%b4%d0%b0-hyperlite-frequency-low-pro\/#breadcrumb\",\"itemListElement\":[{\"@type\":\"ListItem\",\"position\":1,\"name\":\"Home\",\"item\":\"https:\/\/www.waterskis.lv\/ru\/\"},{\"@type\":\"ListItem\",\"position\":2,\"name\":\"\u041c\u0430\u0433\u0430\u0437\u0438\u043d\",\"item\":\"https:\/\/www.waterskis.lv\/ru\/%d0%bc%d0%b0%d0%b3%d0%b0%d0%b7%d0%b8%d0%bd\/\"},{\"@type\":\"ListItem\",\"position\":3,\"name\":\"\u0411\u043e\u0442\u0438\u043d\u043a\u0438 \u0434\u043b\u044f \u0432\u0435\u0439\u043a\u0431\u043e\u0440\u0434\u0430 Hyperlite Frequency Low Pro\"}]},{\"@type\":\"WebSite\",\"@id\":\"https:\/\/www.waterskis.lv\/ru\/#website\",\"url\":\"https:\/\/www.waterskis.lv\/ru\/\",\"name\":\"WATERSKIS.LV\",\"description\":\"SUP d\u0113\u013ci, kajaki, kanoe, airu laivas, \u016bdenssl\u0113po\u0161ana, veikbords, SUP d\u0113\u013cu noma, kajaku nomaakt\u012bv\u0101s atp\u016btas centrs, laivu noma, sup noma, kajaku noma\",\"publisher\":{\"@id\":\"https:\/\/www.waterskis.lv\/ru\/#organization\"},\"potentialAction\":[{\"@type\":\"SearchAction\",\"target\":{\"@type\":\"EntryPoint\",\"urlTemplate\":\"https:\/\/www.waterskis.lv\/ru\/?s={search_term_string}\"},\"query-input\":{\"@type\":\"PropertyValueSpecification\",\"valueRequired\":true,\"valueName\":\"search_term_string\"}}],\"inLanguage\":\"ru-RU\"},{\"@type\":\"Organization\",\"@id\":\"https:\/\/www.waterskis.lv\/ru\/#organization\",\"name\":\"WATERSKIS.LV\",\"url\":\"https:\/\/www.waterskis.lv\/ru\/\",\"logo\":{\"@type\":\"ImageObject\",\"inLanguage\":\"ru-RU\",\"@id\":\"https:\/\/www.waterskis.lv\/ru\/#\/schema\/logo\/image\/\",\"url\":\"https:\/\/www.waterskis.lv\/wp-content\/uploads\/2025\/01\/JUVP-logo.png\",\"contentUrl\":\"https:\/\/www.waterskis.lv\/wp-content\/uploads\/2025\/01\/JUVP-logo.png\",\"width\":421,\"height\":202,\"caption\":\"WATERSKIS.LV\"},\"image\":{\"@id\":\"https:\/\/www.waterskis.lv\/ru\/#\/schema\/logo\/image\/\"},\"sameAs\":[\"https:\/\/www.facebook.com\/jurmalawaterskiwakeboardpark\/\"]}]}<\/script>\n<!-- \/ Yoast SEO plugin. -->","yoast_head_json":{"title":"\u0411\u043e\u0442\u0438\u043d\u043a\u0438 \u0434\u043b\u044f \u0432\u0435\u0439\u043a\u0431\u043e\u0440\u0434\u0430 Hyperlite Frequency Low Pro - WATERSKIS.LV","description":"\u0411\u043e\u0442\u0438\u043d\u043a\u0438 \u0434\u043b\u044f \u0432\u0435\u0439\u043a\u0431\u043e\u0440\u0434\u0430 Hyperlite Frequency Low Pro. \u0428\u0438\u0440\u043e\u043a\u0438\u0439 \u0432\u044b\u0431\u043e\u0440 \u0432\u0435\u0439\u043a\u0431\u043e\u0440\u0434\u043e\u0432. \u0423\u0442\u043e\u0447\u043d\u044f\u0439\u0442\u0435 \u043d\u0430\u043b\u0438\u0447\u0438\u0435 \u0431\u043e\u0440\u0434\u043e\u0432 \u043f\u043e \u0442\u0435\u043b\u0435\u0444\u043e\u043d\u0443 \u0438\u043b\u0438 \u044d\u043b\u0435\u043a\u0442\u0440\u043e\u043d\u043d\u043e\u0439 \u043f\u043e\u0447\u0442\u0435 info@waterskis.lv","robots":{"index":"index","follow":"follow","max-snippet":"max-snippet:-1","max-image-preview":"max-image-preview:large","max-video-preview":"max-video-preview:-1"},"canonical":"https:\/\/www.waterskis.lv\/ru\/product\/%d0%b1%d0%be%d1%82%d0%b8%d0%bd%d0%ba%d0%b8-%d0%b4%d0%bb%d1%8f-%d0%b2%d0%b5%d0%b9%d0%ba%d0%b1%d0%be%d1%80%d0%b4%d0%b0-hyperlite-frequency-low-pro\/","og_locale":"ru_RU","og_type":"article","og_title":"\u0411\u043e\u0442\u0438\u043d\u043a\u0438 \u0434\u043b\u044f \u0432\u0435\u0439\u043a\u0431\u043e\u0440\u0434\u0430 Hyperlite Frequency Low Pro - WATERSKIS.LV","og_description":"\u0411\u043e\u0442\u0438\u043d\u043a\u0438 \u0434\u043b\u044f \u0432\u0435\u0439\u043a\u0431\u043e\u0440\u0434\u0430 Hyperlite Frequency Low Pro. \u0428\u0438\u0440\u043e\u043a\u0438\u0439 \u0432\u044b\u0431\u043e\u0440 \u0432\u0435\u0439\u043a\u0431\u043e\u0440\u0434\u043e\u0432. \u0423\u0442\u043e\u0447\u043d\u044f\u0439\u0442\u0435 \u043d\u0430\u043b\u0438\u0447\u0438\u0435 \u0431\u043e\u0440\u0434\u043e\u0432 \u043f\u043e \u0442\u0435\u043b\u0435\u0444\u043e\u043d\u0443 \u0438\u043b\u0438 \u044d\u043b\u0435\u043a\u0442\u0440\u043e\u043d\u043d\u043e\u0439 \u043f\u043e\u0447\u0442\u0435 info@waterskis.lv","og_url":"https:\/\/www.waterskis.lv\/ru\/product\/%d0%b1%d0%be%d1%82%d0%b8%d0%bd%d0%ba%d0%b8-%d0%b4%d0%bb%d1%8f-%d0%b2%d0%b5%d0%b9%d0%ba%d0%b1%d0%be%d1%80%d0%b4%d0%b0-hyperlite-frequency-low-pro\/","og_site_name":"WATERSKIS.LV","article_publisher":"https:\/\/www.facebook.com\/jurmalawaterskiwakeboardpark\/","article_modified_time":"2026-01-29T08:33:28+00:00","og_image":[{"width":1600,"height":1600,"url":"https:\/\/www.waterskis.lv\/wp-content\/uploads\/2024\/11\/22_hl_frequency_both.jpg","type":"image\/jpeg"}],"twitter_card":"summary_large_image","twitter_misc":{"\u041f\u0440\u0438\u043c\u0435\u0440\u043d\u043e\u0435 \u0432\u0440\u0435\u043c\u044f \u0434\u043b\u044f \u0447\u0442\u0435\u043d\u0438\u044f":"1 \u043c\u0438\u043d\u0443\u0442\u0430"},"schema":{"@context":"https:\/\/schema.org","@graph":[{"@type":"WebPage","@id":"https:\/\/www.waterskis.lv\/ru\/product\/%d0%b1%d0%be%d1%82%d0%b8%d0%bd%d0%ba%d0%b8-%d0%b4%d0%bb%d1%8f-%d0%b2%d0%b5%d0%b9%d0%ba%d0%b1%d0%be%d1%80%d0%b4%d0%b0-hyperlite-frequency-low-pro\/","url":"https:\/\/www.waterskis.lv\/ru\/product\/%d0%b1%d0%be%d1%82%d0%b8%d0%bd%d0%ba%d0%b8-%d0%b4%d0%bb%d1%8f-%d0%b2%d0%b5%d0%b9%d0%ba%d0%b1%d0%be%d1%80%d0%b4%d0%b0-hyperlite-frequency-low-pro\/","name":"\u0411\u043e\u0442\u0438\u043d\u043a\u0438 \u0434\u043b\u044f \u0432\u0435\u0439\u043a\u0431\u043e\u0440\u0434\u0430 Hyperlite Frequency Low Pro - WATERSKIS.LV","isPartOf":{"@id":"https:\/\/www.waterskis.lv\/ru\/#website"},"primaryImageOfPage":{"@id":"https:\/\/www.waterskis.lv\/ru\/product\/%d0%b1%d0%be%d1%82%d0%b8%d0%bd%d0%ba%d0%b8-%d0%b4%d0%bb%d1%8f-%d0%b2%d0%b5%d0%b9%d0%ba%d0%b1%d0%be%d1%80%d0%b4%d0%b0-hyperlite-frequency-low-pro\/#primaryimage"},"image":{"@id":"https:\/\/www.waterskis.lv\/ru\/product\/%d0%b1%d0%be%d1%82%d0%b8%d0%bd%d0%ba%d0%b8-%d0%b4%d0%bb%d1%8f-%d0%b2%d0%b5%d0%b9%d0%ba%d0%b1%d0%be%d1%80%d0%b4%d0%b0-hyperlite-frequency-low-pro\/#primaryimage"},"thumbnailUrl":"https:\/\/www.waterskis.lv\/wp-content\/uploads\/2024\/11\/22_hl_frequency_both.jpg","datePublished":"2024-11-04T15:21:03+00:00","dateModified":"2026-01-29T08:33:28+00:00","description":"\u0411\u043e\u0442\u0438\u043d\u043a\u0438 \u0434\u043b\u044f \u0432\u0435\u0439\u043a\u0431\u043e\u0440\u0434\u0430 Hyperlite Frequency Low Pro. \u0428\u0438\u0440\u043e\u043a\u0438\u0439 \u0432\u044b\u0431\u043e\u0440 \u0432\u0435\u0439\u043a\u0431\u043e\u0440\u0434\u043e\u0432. \u0423\u0442\u043e\u0447\u043d\u044f\u0439\u0442\u0435 \u043d\u0430\u043b\u0438\u0447\u0438\u0435 \u0431\u043e\u0440\u0434\u043e\u0432 \u043f\u043e \u0442\u0435\u043b\u0435\u0444\u043e\u043d\u0443 \u0438\u043b\u0438 \u044d\u043b\u0435\u043a\u0442\u0440\u043e\u043d\u043d\u043e\u0439 \u043f\u043e\u0447\u0442\u0435 info@waterskis.lv","breadcrumb":{"@id":"https:\/\/www.waterskis.lv\/ru\/product\/%d0%b1%d0%be%d1%82%d0%b8%d0%bd%d0%ba%d0%b8-%d0%b4%d0%bb%d1%8f-%d0%b2%d0%b5%d0%b9%d0%ba%d0%b1%d0%be%d1%80%d0%b4%d0%b0-hyperlite-frequency-low-pro\/#breadcrumb"},"inLanguage":"ru-RU","potentialAction":[{"@type":"ReadAction","target":["https:\/\/www.waterskis.lv\/ru\/product\/%d0%b1%d0%be%d1%82%d0%b8%d0%bd%d0%ba%d0%b8-%d0%b4%d0%bb%d1%8f-%d0%b2%d0%b5%d0%b9%d0%ba%d0%b1%d0%be%d1%80%d0%b4%d0%b0-hyperlite-frequency-low-pro\/"]}]},{"@type":"ImageObject","inLanguage":"ru-RU","@id":"https:\/\/www.waterskis.lv\/ru\/product\/%d0%b1%d0%be%d1%82%d0%b8%d0%bd%d0%ba%d0%b8-%d0%b4%d0%bb%d1%8f-%d0%b2%d0%b5%d0%b9%d0%ba%d0%b1%d0%be%d1%80%d0%b4%d0%b0-hyperlite-frequency-low-pro\/#primaryimage","url":"https:\/\/www.waterskis.lv\/wp-content\/uploads\/2024\/11\/22_hl_frequency_both.jpg","contentUrl":"https:\/\/www.waterskis.lv\/wp-content\/uploads\/2024\/11\/22_hl_frequency_both.jpg","width":1600,"height":1600,"caption":"Veikborda z\u0101baki Hyperlite Frequency Low Pro"},{"@type":"BreadcrumbList","@id":"https:\/\/www.waterskis.lv\/ru\/product\/%d0%b1%d0%be%d1%82%d0%b8%d0%bd%d0%ba%d0%b8-%d0%b4%d0%bb%d1%8f-%d0%b2%d0%b5%d0%b9%d0%ba%d0%b1%d0%be%d1%80%d0%b4%d0%b0-hyperlite-frequency-low-pro\/#breadcrumb","itemListElement":[{"@type":"ListItem","position":1,"name":"Home","item":"https:\/\/www.waterskis.lv\/ru\/"},{"@type":"ListItem","position":2,"name":"\u041c\u0430\u0433\u0430\u0437\u0438\u043d","item":"https:\/\/www.waterskis.lv\/ru\/%d0%bc%d0%b0%d0%b3%d0%b0%d0%b7%d0%b8%d0%bd\/"},{"@type":"ListItem","position":3,"name":"\u0411\u043e\u0442\u0438\u043d\u043a\u0438 \u0434\u043b\u044f \u0432\u0435\u0439\u043a\u0431\u043e\u0440\u0434\u0430 Hyperlite Frequency Low Pro"}]},{"@type":"WebSite","@id":"https:\/\/www.waterskis.lv\/ru\/#website","url":"https:\/\/www.waterskis.lv\/ru\/","name":"WATERSKIS.LV","description":"SUP d\u0113\u013ci, kajaki, kanoe, airu laivas, \u016bdenssl\u0113po\u0161ana, veikbords, SUP d\u0113\u013cu noma, kajaku nomaakt\u012bv\u0101s atp\u016btas centrs, laivu noma, sup noma, kajaku noma","publisher":{"@id":"https:\/\/www.waterskis.lv\/ru\/#organization"},"potentialAction":[{"@type":"SearchAction","target":{"@type":"EntryPoint","urlTemplate":"https:\/\/www.waterskis.lv\/ru\/?s={search_term_string}"},"query-input":{"@type":"PropertyValueSpecification","valueRequired":true,"valueName":"search_term_string"}}],"inLanguage":"ru-RU"},{"@type":"Organization","@id":"https:\/\/www.waterskis.lv\/ru\/#organization","name":"WATERSKIS.LV","url":"https:\/\/www.waterskis.lv\/ru\/","logo":{"@type":"ImageObject","inLanguage":"ru-RU","@id":"https:\/\/www.waterskis.lv\/ru\/#\/schema\/logo\/image\/","url":"https:\/\/www.waterskis.lv\/wp-content\/uploads\/2025\/01\/JUVP-logo.png","contentUrl":"https:\/\/www.waterskis.lv\/wp-content\/uploads\/2025\/01\/JUVP-logo.png","width":421,"height":202,"caption":"WATERSKIS.LV"},"image":{"@id":"https:\/\/www.waterskis.lv\/ru\/#\/schema\/logo\/image\/"},"sameAs":["https:\/\/www.facebook.com\/jurmalawaterskiwakeboardpark\/"]}]}},"_links":{"self":[{"href":"https:\/\/www.waterskis.lv\/ru\/wp-json\/wp\/v2\/product\/57625","targetHints":{"allow":["GET"]}}],"collection":[{"href":"https:\/\/www.waterskis.lv\/ru\/wp-json\/wp\/v2\/product"}],"about":[{"href":"https:\/\/www.waterskis.lv\/ru\/wp-json\/wp\/v2\/types\/product"}],"replies":[{"embeddable":true,"href":"https:\/\/www.waterskis.lv\/ru\/wp-json\/wp\/v2\/comments?post=57625"}],"wp:featuredmedia":[{"embeddable":true,"href":"https:\/\/www.waterskis.lv\/ru\/wp-json\/wp\/v2\/media\/57623"}],"wp:attachment":[{"href":"https:\/\/www.waterskis.lv\/ru\/wp-json\/wp\/v2\/media?parent=57625"}],"wp:term":[{"taxonomy":"product_brand","embeddable":true,"href":"https:\/\/www.waterskis.lv\/ru\/wp-json\/wp\/v2\/product_brand?post=57625"},{"taxonomy":"product_cat","embeddable":true,"href":"https:\/\/www.waterskis.lv\/ru\/wp-json\/wp\/v2\/product_cat?post=57625"},{"taxonomy":"product_tag","embeddable":true,"href":"https:\/\/www.waterskis.lv\/ru\/wp-json\/wp\/v2\/product_tag?post=57625"}],"curies":[{"name":"wp","href":"https:\/\/api.w.org\/{rel}","templated":true}]}}