{"id":57678,"date":"2024-11-05T08:18:47","date_gmt":"2024-11-05T05:18:47","guid":{"rendered":"https:\/\/www.waterskis.lv\/product\/veikserfa-delis-hyperlite-speedster-biolite-3-core-hybrid-wakesurfer\/"},"modified":"2026-01-30T11:32:50","modified_gmt":"2026-01-30T09:32:50","slug":"%d0%b4%d0%be%d1%81%d0%ba%d0%b0-%d0%b4%d0%bb%d1%8f-%d0%b2%d0%b5%d0%b9%d0%ba%d1%81%d0%b5%d1%80%d1%84%d0%b8%d0%bd%d0%b3%d0%b0-hyperlite-broadcast-biolite-hybrid-wakesufer","status":"publish","type":"product","link":"https:\/\/www.waterskis.lv\/ru\/product\/%d0%b4%d0%be%d1%81%d0%ba%d0%b0-%d0%b4%d0%bb%d1%8f-%d0%b2%d0%b5%d0%b9%d0%ba%d1%81%d0%b5%d1%80%d1%84%d0%b8%d0%bd%d0%b3%d0%b0-hyperlite-broadcast-biolite-hybrid-wakesufer\/","title":{"rendered":"\u0414\u043e\u0441\u043a\u0430 \u0434\u043b\u044f \u0432\u0435\u0439\u043a\u0441\u0435\u0440\u0444\u0438\u043d\u0433\u0430 Hyperlite Broadcast Biolite Hybrid Wakesufer"},"content":{"rendered":"<h1>\u0414\u0414\u043e\u0441\u043a\u0430 \u0434\u043b\u044f \u0432\u0435\u0439\u043a\u0441\u0435\u0440\u0444\u0438\u043d\u0433\u0430 Hyperlite Broadcast Biolite Hybrid Wakesufer<\/h1>\n<p>\u0414\u043e\u0441\u043a\u0430 \u0434\u043b\u044f \u0432\u0435\u0439\u043a\u0441\u0435\u0440\u0444\u0438\u043d\u0433\u0430 Hyperlite Broadcast Biolite Hybrid Wakesufer<\/p>\n<h4><strong>Hyperlite Broadcast Biolite 3 Hybrid WakeSurfer Size Guide:<\/strong><\/h4>\n<ul>\n<li><strong>4 feet 8 inch:<\/strong>\u00a0Up to 85kg<\/li>\n<li><strong>4 feet 8 i9nch:<\/strong>\u00a0Up to 115kg<\/li>\n<\/ul>\n<h4><strong>Hyperlite Broadcast Biolite 3 Hybrid WakeSurfer Volume:<\/strong><\/h4>\n<ul>\n<li><strong>4 feet 8 inch:<\/strong>\u00a012.1 ltrs<\/li>\n<li><strong>5 feet 4 inch<\/strong>: 15.8 ltrs<\/li>\n<\/ul>\n","protected":false},"excerpt":{"rendered":"<p>&nbsp;<\/p>\n<p>https:\/\/www.youtube.com\/watch?v=HasOUbFrIWU [&#8230;]<\/p>\n<p><a class=\"btn btn-secondary understrap-read-more-link\" href=\"https:\/\/www.waterskis.lv\/ru\/product\/%d0%b4%d0%be%d1%81%d0%ba%d0%b0-%d0%b4%d0%bb%d1%8f-%d0%b2%d0%b5%d0%b9%d0%ba%d1%81%d0%b5%d1%80%d1%84%d0%b8%d0%bd%d0%b3%d0%b0-hyperlite-broadcast-biolite-hybrid-wakesufer\/\">\u0427\u0438\u0442\u0430\u0442\u044c \u0434\u0430\u043b\u044c\u0448\u0435\u2026<\/a><\/p>\n","protected":false},"featured_media":68718,"comment_status":"closed","ping_status":"closed","template":"","meta":{"_acf_changed":false,"inline_featured_image":false},"product_brand":[2406],"product_cat":[362,1020,1019],"product_tag":[1467,3057],"class_list":{"0":"post-57678","1":"product","2":"type-product","3":"status-publish","4":"has-post-thumbnail","6":"product_brand-hyperlite-wake","7":"product_cat-c","8":"product_cat-1020","9":"product_cat-1019","10":"product_tag-veikserfs","11":"product_tag-3057","13":"first","14":"instock","15":"sale","16":"shipping-taxable","17":"purchasable","18":"product-type-simple"},"acf":[],"yoast_head":"<!-- This site is optimized with the Yoast SEO plugin v27.3 - https:\/\/yoast.com\/product\/yoast-seo-wordpress\/ -->\n<title>\u0414\u043e\u0441\u043a\u0430 \u0434\u043b\u044f \u0432\u0435\u0439\u043a\u0441\u0435\u0440\u0444\u0438\u043d\u0433\u0430 Hyperlite Broadcast Biolite Hybrid Wakesufer - WATERSKIS.LV<\/title>\n<meta name=\"description\" content=\"\u0414\u043e\u0441\u043a\u0430 \u0434\u043b\u044f \u0432\u0435\u0439\u043a\u0441\u0435\u0440\u0444\u0438\u043d\u0433\u0430 Hyperlite Broadcast Biolite Hybrid Wakesufer\" \/>\n<meta name=\"robots\" content=\"index, follow, max-snippet:-1, max-image-preview:large, max-video-preview:-1\" \/>\n<link rel=\"canonical\" href=\"https:\/\/www.waterskis.lv\/ru\/product\/%d0%b4%d0%be%d1%81%d0%ba%d0%b0-%d0%b4%d0%bb%d1%8f-%d0%b2%d0%b5%d0%b9%d0%ba%d1%81%d0%b5%d1%80%d1%84%d0%b8%d0%bd%d0%b3%d0%b0-hyperlite-broadcast-biolite-hybrid-wakesufer\/\" \/>\n<meta property=\"og:locale\" content=\"ru_RU\" \/>\n<meta property=\"og:type\" content=\"article\" \/>\n<meta property=\"og:title\" content=\"\u0414\u043e\u0441\u043a\u0430 \u0434\u043b\u044f \u0432\u0435\u0439\u043a\u0441\u0435\u0440\u0444\u0438\u043d\u0433\u0430 Hyperlite Broadcast Biolite Hybrid Wakesufer - WATERSKIS.LV\" \/>\n<meta property=\"og:description\" content=\"\u0414\u043e\u0441\u043a\u0430 \u0434\u043b\u044f \u0432\u0435\u0439\u043a\u0441\u0435\u0440\u0444\u0438\u043d\u0433\u0430 Hyperlite Broadcast Biolite Hybrid Wakesufer\" \/>\n<meta property=\"og:url\" content=\"https:\/\/www.waterskis.lv\/ru\/product\/%d0%b4%d0%be%d1%81%d0%ba%d0%b0-%d0%b4%d0%bb%d1%8f-%d0%b2%d0%b5%d0%b9%d0%ba%d1%81%d0%b5%d1%80%d1%84%d0%b8%d0%bd%d0%b3%d0%b0-hyperlite-broadcast-biolite-hybrid-wakesufer\/\" \/>\n<meta property=\"og:site_name\" content=\"WATERSKIS.LV\" \/>\n<meta property=\"article:publisher\" content=\"https:\/\/www.facebook.com\/jurmalawaterskiwakeboardpark\/\" \/>\n<meta property=\"article:modified_time\" content=\"2026-01-30T09:32:50+00:00\" \/>\n<meta property=\"og:image\" content=\"https:\/\/www.waterskis.lv\/wp-content\/uploads\/2024\/11\/Hyperlite.jpg\" \/>\n\t<meta property=\"og:image:width\" content=\"1500\" \/>\n\t<meta property=\"og:image:height\" content=\"1500\" \/>\n\t<meta property=\"og:image:type\" content=\"image\/jpeg\" \/>\n<meta name=\"twitter:card\" content=\"summary_large_image\" \/>\n<meta name=\"twitter:label1\" content=\"\u041f\u0440\u0438\u043c\u0435\u0440\u043d\u043e\u0435 \u0432\u0440\u0435\u043c\u044f \u0434\u043b\u044f \u0447\u0442\u0435\u043d\u0438\u044f\" \/>\n\t<meta name=\"twitter:data1\" content=\"1 \u043c\u0438\u043d\u0443\u0442\u0430\" \/>\n<script type=\"application\/ld+json\" class=\"yoast-schema-graph\">{\"@context\":\"https:\\\/\\\/schema.org\",\"@graph\":[{\"@type\":\"WebPage\",\"@id\":\"https:\\\/\\\/www.waterskis.lv\\\/ru\\\/product\\\/%d0%b4%d0%be%d1%81%d0%ba%d0%b0-%d0%b4%d0%bb%d1%8f-%d0%b2%d0%b5%d0%b9%d0%ba%d1%81%d0%b5%d1%80%d1%84%d0%b8%d0%bd%d0%b3%d0%b0-hyperlite-broadcast-biolite-hybrid-wakesufer\\\/\",\"url\":\"https:\\\/\\\/www.waterskis.lv\\\/ru\\\/product\\\/%d0%b4%d0%be%d1%81%d0%ba%d0%b0-%d0%b4%d0%bb%d1%8f-%d0%b2%d0%b5%d0%b9%d0%ba%d1%81%d0%b5%d1%80%d1%84%d0%b8%d0%bd%d0%b3%d0%b0-hyperlite-broadcast-biolite-hybrid-wakesufer\\\/\",\"name\":\"\u0414\u043e\u0441\u043a\u0430 \u0434\u043b\u044f \u0432\u0435\u0439\u043a\u0441\u0435\u0440\u0444\u0438\u043d\u0433\u0430 Hyperlite Broadcast Biolite Hybrid Wakesufer - WATERSKIS.LV\",\"isPartOf\":{\"@id\":\"https:\\\/\\\/www.waterskis.lv\\\/ru\\\/#website\"},\"primaryImageOfPage\":{\"@id\":\"https:\\\/\\\/www.waterskis.lv\\\/ru\\\/product\\\/%d0%b4%d0%be%d1%81%d0%ba%d0%b0-%d0%b4%d0%bb%d1%8f-%d0%b2%d0%b5%d0%b9%d0%ba%d1%81%d0%b5%d1%80%d1%84%d0%b8%d0%bd%d0%b3%d0%b0-hyperlite-broadcast-biolite-hybrid-wakesufer\\\/#primaryimage\"},\"image\":{\"@id\":\"https:\\\/\\\/www.waterskis.lv\\\/ru\\\/product\\\/%d0%b4%d0%be%d1%81%d0%ba%d0%b0-%d0%b4%d0%bb%d1%8f-%d0%b2%d0%b5%d0%b9%d0%ba%d1%81%d0%b5%d1%80%d1%84%d0%b8%d0%bd%d0%b3%d0%b0-hyperlite-broadcast-biolite-hybrid-wakesufer\\\/#primaryimage\"},\"thumbnailUrl\":\"https:\\\/\\\/www.waterskis.lv\\\/wp-content\\\/uploads\\\/2024\\\/11\\\/Hyperlite.jpg\",\"datePublished\":\"2024-11-05T05:18:47+00:00\",\"dateModified\":\"2026-01-30T09:32:50+00:00\",\"description\":\"\u0414\u043e\u0441\u043a\u0430 \u0434\u043b\u044f \u0432\u0435\u0439\u043a\u0441\u0435\u0440\u0444\u0438\u043d\u0433\u0430 Hyperlite Broadcast Biolite Hybrid Wakesufer\",\"breadcrumb\":{\"@id\":\"https:\\\/\\\/www.waterskis.lv\\\/ru\\\/product\\\/%d0%b4%d0%be%d1%81%d0%ba%d0%b0-%d0%b4%d0%bb%d1%8f-%d0%b2%d0%b5%d0%b9%d0%ba%d1%81%d0%b5%d1%80%d1%84%d0%b8%d0%bd%d0%b3%d0%b0-hyperlite-broadcast-biolite-hybrid-wakesufer\\\/#breadcrumb\"},\"inLanguage\":\"ru-RU\",\"potentialAction\":[{\"@type\":\"ReadAction\",\"target\":[\"https:\\\/\\\/www.waterskis.lv\\\/ru\\\/product\\\/%d0%b4%d0%be%d1%81%d0%ba%d0%b0-%d0%b4%d0%bb%d1%8f-%d0%b2%d0%b5%d0%b9%d0%ba%d1%81%d0%b5%d1%80%d1%84%d0%b8%d0%bd%d0%b3%d0%b0-hyperlite-broadcast-biolite-hybrid-wakesufer\\\/\"]}]},{\"@type\":\"ImageObject\",\"inLanguage\":\"ru-RU\",\"@id\":\"https:\\\/\\\/www.waterskis.lv\\\/ru\\\/product\\\/%d0%b4%d0%be%d1%81%d0%ba%d0%b0-%d0%b4%d0%bb%d1%8f-%d0%b2%d0%b5%d0%b9%d0%ba%d1%81%d0%b5%d1%80%d1%84%d0%b8%d0%bd%d0%b3%d0%b0-hyperlite-broadcast-biolite-hybrid-wakesufer\\\/#primaryimage\",\"url\":\"https:\\\/\\\/www.waterskis.lv\\\/wp-content\\\/uploads\\\/2024\\\/11\\\/Hyperlite.jpg\",\"contentUrl\":\"https:\\\/\\\/www.waterskis.lv\\\/wp-content\\\/uploads\\\/2024\\\/11\\\/Hyperlite.jpg\",\"width\":1500,\"height\":1500,\"caption\":\"Veiks\u0113rfs Hyperlite Broadcast Biolite Hybrid Wakesufer\"},{\"@type\":\"BreadcrumbList\",\"@id\":\"https:\\\/\\\/www.waterskis.lv\\\/ru\\\/product\\\/%d0%b4%d0%be%d1%81%d0%ba%d0%b0-%d0%b4%d0%bb%d1%8f-%d0%b2%d0%b5%d0%b9%d0%ba%d1%81%d0%b5%d1%80%d1%84%d0%b8%d0%bd%d0%b3%d0%b0-hyperlite-broadcast-biolite-hybrid-wakesufer\\\/#breadcrumb\",\"itemListElement\":[{\"@type\":\"ListItem\",\"position\":1,\"name\":\"Home\",\"item\":\"https:\\\/\\\/www.waterskis.lv\\\/ru\\\/\"},{\"@type\":\"ListItem\",\"position\":2,\"name\":\"\u041c\u0430\u0433\u0430\u0437\u0438\u043d\",\"item\":\"https:\\\/\\\/www.waterskis.lv\\\/ru\\\/%d0%bc%d0%b0%d0%b3%d0%b0%d0%b7%d0%b8%d0%bd\\\/\"},{\"@type\":\"ListItem\",\"position\":3,\"name\":\"\u0414\u043e\u0441\u043a\u0430 \u0434\u043b\u044f \u0432\u0435\u0439\u043a\u0441\u0435\u0440\u0444\u0438\u043d\u0433\u0430 Hyperlite Broadcast Biolite Hybrid Wakesufer\"}]},{\"@type\":\"WebSite\",\"@id\":\"https:\\\/\\\/www.waterskis.lv\\\/ru\\\/#website\",\"url\":\"https:\\\/\\\/www.waterskis.lv\\\/ru\\\/\",\"name\":\"WATERSKIS.LV\",\"description\":\"SUP d\u0113\u013ci, kajaki, kanoe, airu laivas, \u016bdenssl\u0113po\u0161ana, veikbords, SUP d\u0113\u013cu noma, kajaku nomaakt\u012bv\u0101s atp\u016btas centrs, laivu noma, sup noma, kajaku noma\",\"publisher\":{\"@id\":\"https:\\\/\\\/www.waterskis.lv\\\/ru\\\/#organization\"},\"potentialAction\":[{\"@type\":\"SearchAction\",\"target\":{\"@type\":\"EntryPoint\",\"urlTemplate\":\"https:\\\/\\\/www.waterskis.lv\\\/ru\\\/?s={search_term_string}\"},\"query-input\":{\"@type\":\"PropertyValueSpecification\",\"valueRequired\":true,\"valueName\":\"search_term_string\"}}],\"inLanguage\":\"ru-RU\"},{\"@type\":\"Organization\",\"@id\":\"https:\\\/\\\/www.waterskis.lv\\\/ru\\\/#organization\",\"name\":\"WATERSKIS.LV\",\"url\":\"https:\\\/\\\/www.waterskis.lv\\\/ru\\\/\",\"logo\":{\"@type\":\"ImageObject\",\"inLanguage\":\"ru-RU\",\"@id\":\"https:\\\/\\\/www.waterskis.lv\\\/ru\\\/#\\\/schema\\\/logo\\\/image\\\/\",\"url\":\"https:\\\/\\\/www.waterskis.lv\\\/wp-content\\\/uploads\\\/2025\\\/01\\\/JUVP-logo.png\",\"contentUrl\":\"https:\\\/\\\/www.waterskis.lv\\\/wp-content\\\/uploads\\\/2025\\\/01\\\/JUVP-logo.png\",\"width\":421,\"height\":202,\"caption\":\"WATERSKIS.LV\"},\"image\":{\"@id\":\"https:\\\/\\\/www.waterskis.lv\\\/ru\\\/#\\\/schema\\\/logo\\\/image\\\/\"},\"sameAs\":[\"https:\\\/\\\/www.facebook.com\\\/jurmalawaterskiwakeboardpark\\\/\"]}]}<\/script>\n<!-- \/ Yoast SEO plugin. -->","yoast_head_json":{"title":"\u0414\u043e\u0441\u043a\u0430 \u0434\u043b\u044f \u0432\u0435\u0439\u043a\u0441\u0435\u0440\u0444\u0438\u043d\u0433\u0430 Hyperlite Broadcast Biolite Hybrid Wakesufer - WATERSKIS.LV","description":"\u0414\u043e\u0441\u043a\u0430 \u0434\u043b\u044f \u0432\u0435\u0439\u043a\u0441\u0435\u0440\u0444\u0438\u043d\u0433\u0430 Hyperlite Broadcast Biolite Hybrid Wakesufer","robots":{"index":"index","follow":"follow","max-snippet":"max-snippet:-1","max-image-preview":"max-image-preview:large","max-video-preview":"max-video-preview:-1"},"canonical":"https:\/\/www.waterskis.lv\/ru\/product\/%d0%b4%d0%be%d1%81%d0%ba%d0%b0-%d0%b4%d0%bb%d1%8f-%d0%b2%d0%b5%d0%b9%d0%ba%d1%81%d0%b5%d1%80%d1%84%d0%b8%d0%bd%d0%b3%d0%b0-hyperlite-broadcast-biolite-hybrid-wakesufer\/","og_locale":"ru_RU","og_type":"article","og_title":"\u0414\u043e\u0441\u043a\u0430 \u0434\u043b\u044f \u0432\u0435\u0439\u043a\u0441\u0435\u0440\u0444\u0438\u043d\u0433\u0430 Hyperlite Broadcast Biolite Hybrid Wakesufer - WATERSKIS.LV","og_description":"\u0414\u043e\u0441\u043a\u0430 \u0434\u043b\u044f \u0432\u0435\u0439\u043a\u0441\u0435\u0440\u0444\u0438\u043d\u0433\u0430 Hyperlite Broadcast Biolite Hybrid Wakesufer","og_url":"https:\/\/www.waterskis.lv\/ru\/product\/%d0%b4%d0%be%d1%81%d0%ba%d0%b0-%d0%b4%d0%bb%d1%8f-%d0%b2%d0%b5%d0%b9%d0%ba%d1%81%d0%b5%d1%80%d1%84%d0%b8%d0%bd%d0%b3%d0%b0-hyperlite-broadcast-biolite-hybrid-wakesufer\/","og_site_name":"WATERSKIS.LV","article_publisher":"https:\/\/www.facebook.com\/jurmalawaterskiwakeboardpark\/","article_modified_time":"2026-01-30T09:32:50+00:00","og_image":[{"width":1500,"height":1500,"url":"https:\/\/www.waterskis.lv\/wp-content\/uploads\/2024\/11\/Hyperlite.jpg","type":"image\/jpeg"}],"twitter_card":"summary_large_image","twitter_misc":{"\u041f\u0440\u0438\u043c\u0435\u0440\u043d\u043e\u0435 \u0432\u0440\u0435\u043c\u044f \u0434\u043b\u044f \u0447\u0442\u0435\u043d\u0438\u044f":"1 \u043c\u0438\u043d\u0443\u0442\u0430"},"schema":{"@context":"https:\/\/schema.org","@graph":[{"@type":"WebPage","@id":"https:\/\/www.waterskis.lv\/ru\/product\/%d0%b4%d0%be%d1%81%d0%ba%d0%b0-%d0%b4%d0%bb%d1%8f-%d0%b2%d0%b5%d0%b9%d0%ba%d1%81%d0%b5%d1%80%d1%84%d0%b8%d0%bd%d0%b3%d0%b0-hyperlite-broadcast-biolite-hybrid-wakesufer\/","url":"https:\/\/www.waterskis.lv\/ru\/product\/%d0%b4%d0%be%d1%81%d0%ba%d0%b0-%d0%b4%d0%bb%d1%8f-%d0%b2%d0%b5%d0%b9%d0%ba%d1%81%d0%b5%d1%80%d1%84%d0%b8%d0%bd%d0%b3%d0%b0-hyperlite-broadcast-biolite-hybrid-wakesufer\/","name":"\u0414\u043e\u0441\u043a\u0430 \u0434\u043b\u044f \u0432\u0435\u0439\u043a\u0441\u0435\u0440\u0444\u0438\u043d\u0433\u0430 Hyperlite Broadcast Biolite Hybrid Wakesufer - WATERSKIS.LV","isPartOf":{"@id":"https:\/\/www.waterskis.lv\/ru\/#website"},"primaryImageOfPage":{"@id":"https:\/\/www.waterskis.lv\/ru\/product\/%d0%b4%d0%be%d1%81%d0%ba%d0%b0-%d0%b4%d0%bb%d1%8f-%d0%b2%d0%b5%d0%b9%d0%ba%d1%81%d0%b5%d1%80%d1%84%d0%b8%d0%bd%d0%b3%d0%b0-hyperlite-broadcast-biolite-hybrid-wakesufer\/#primaryimage"},"image":{"@id":"https:\/\/www.waterskis.lv\/ru\/product\/%d0%b4%d0%be%d1%81%d0%ba%d0%b0-%d0%b4%d0%bb%d1%8f-%d0%b2%d0%b5%d0%b9%d0%ba%d1%81%d0%b5%d1%80%d1%84%d0%b8%d0%bd%d0%b3%d0%b0-hyperlite-broadcast-biolite-hybrid-wakesufer\/#primaryimage"},"thumbnailUrl":"https:\/\/www.waterskis.lv\/wp-content\/uploads\/2024\/11\/Hyperlite.jpg","datePublished":"2024-11-05T05:18:47+00:00","dateModified":"2026-01-30T09:32:50+00:00","description":"\u0414\u043e\u0441\u043a\u0430 \u0434\u043b\u044f \u0432\u0435\u0439\u043a\u0441\u0435\u0440\u0444\u0438\u043d\u0433\u0430 Hyperlite Broadcast Biolite Hybrid Wakesufer","breadcrumb":{"@id":"https:\/\/www.waterskis.lv\/ru\/product\/%d0%b4%d0%be%d1%81%d0%ba%d0%b0-%d0%b4%d0%bb%d1%8f-%d0%b2%d0%b5%d0%b9%d0%ba%d1%81%d0%b5%d1%80%d1%84%d0%b8%d0%bd%d0%b3%d0%b0-hyperlite-broadcast-biolite-hybrid-wakesufer\/#breadcrumb"},"inLanguage":"ru-RU","potentialAction":[{"@type":"ReadAction","target":["https:\/\/www.waterskis.lv\/ru\/product\/%d0%b4%d0%be%d1%81%d0%ba%d0%b0-%d0%b4%d0%bb%d1%8f-%d0%b2%d0%b5%d0%b9%d0%ba%d1%81%d0%b5%d1%80%d1%84%d0%b8%d0%bd%d0%b3%d0%b0-hyperlite-broadcast-biolite-hybrid-wakesufer\/"]}]},{"@type":"ImageObject","inLanguage":"ru-RU","@id":"https:\/\/www.waterskis.lv\/ru\/product\/%d0%b4%d0%be%d1%81%d0%ba%d0%b0-%d0%b4%d0%bb%d1%8f-%d0%b2%d0%b5%d0%b9%d0%ba%d1%81%d0%b5%d1%80%d1%84%d0%b8%d0%bd%d0%b3%d0%b0-hyperlite-broadcast-biolite-hybrid-wakesufer\/#primaryimage","url":"https:\/\/www.waterskis.lv\/wp-content\/uploads\/2024\/11\/Hyperlite.jpg","contentUrl":"https:\/\/www.waterskis.lv\/wp-content\/uploads\/2024\/11\/Hyperlite.jpg","width":1500,"height":1500,"caption":"Veiks\u0113rfs Hyperlite Broadcast Biolite Hybrid Wakesufer"},{"@type":"BreadcrumbList","@id":"https:\/\/www.waterskis.lv\/ru\/product\/%d0%b4%d0%be%d1%81%d0%ba%d0%b0-%d0%b4%d0%bb%d1%8f-%d0%b2%d0%b5%d0%b9%d0%ba%d1%81%d0%b5%d1%80%d1%84%d0%b8%d0%bd%d0%b3%d0%b0-hyperlite-broadcast-biolite-hybrid-wakesufer\/#breadcrumb","itemListElement":[{"@type":"ListItem","position":1,"name":"Home","item":"https:\/\/www.waterskis.lv\/ru\/"},{"@type":"ListItem","position":2,"name":"\u041c\u0430\u0433\u0430\u0437\u0438\u043d","item":"https:\/\/www.waterskis.lv\/ru\/%d0%bc%d0%b0%d0%b3%d0%b0%d0%b7%d0%b8%d0%bd\/"},{"@type":"ListItem","position":3,"name":"\u0414\u043e\u0441\u043a\u0430 \u0434\u043b\u044f \u0432\u0435\u0439\u043a\u0441\u0435\u0440\u0444\u0438\u043d\u0433\u0430 Hyperlite Broadcast Biolite Hybrid Wakesufer"}]},{"@type":"WebSite","@id":"https:\/\/www.waterskis.lv\/ru\/#website","url":"https:\/\/www.waterskis.lv\/ru\/","name":"WATERSKIS.LV","description":"SUP d\u0113\u013ci, kajaki, kanoe, airu laivas, \u016bdenssl\u0113po\u0161ana, veikbords, SUP d\u0113\u013cu noma, kajaku nomaakt\u012bv\u0101s atp\u016btas centrs, laivu noma, sup noma, kajaku noma","publisher":{"@id":"https:\/\/www.waterskis.lv\/ru\/#organization"},"potentialAction":[{"@type":"SearchAction","target":{"@type":"EntryPoint","urlTemplate":"https:\/\/www.waterskis.lv\/ru\/?s={search_term_string}"},"query-input":{"@type":"PropertyValueSpecification","valueRequired":true,"valueName":"search_term_string"}}],"inLanguage":"ru-RU"},{"@type":"Organization","@id":"https:\/\/www.waterskis.lv\/ru\/#organization","name":"WATERSKIS.LV","url":"https:\/\/www.waterskis.lv\/ru\/","logo":{"@type":"ImageObject","inLanguage":"ru-RU","@id":"https:\/\/www.waterskis.lv\/ru\/#\/schema\/logo\/image\/","url":"https:\/\/www.waterskis.lv\/wp-content\/uploads\/2025\/01\/JUVP-logo.png","contentUrl":"https:\/\/www.waterskis.lv\/wp-content\/uploads\/2025\/01\/JUVP-logo.png","width":421,"height":202,"caption":"WATERSKIS.LV"},"image":{"@id":"https:\/\/www.waterskis.lv\/ru\/#\/schema\/logo\/image\/"},"sameAs":["https:\/\/www.facebook.com\/jurmalawaterskiwakeboardpark\/"]}]}},"_links":{"self":[{"href":"https:\/\/www.waterskis.lv\/ru\/wp-json\/wp\/v2\/product\/57678","targetHints":{"allow":["GET"]}}],"collection":[{"href":"https:\/\/www.waterskis.lv\/ru\/wp-json\/wp\/v2\/product"}],"about":[{"href":"https:\/\/www.waterskis.lv\/ru\/wp-json\/wp\/v2\/types\/product"}],"replies":[{"embeddable":true,"href":"https:\/\/www.waterskis.lv\/ru\/wp-json\/wp\/v2\/comments?post=57678"}],"wp:featuredmedia":[{"embeddable":true,"href":"https:\/\/www.waterskis.lv\/ru\/wp-json\/wp\/v2\/media\/68718"}],"wp:attachment":[{"href":"https:\/\/www.waterskis.lv\/ru\/wp-json\/wp\/v2\/media?parent=57678"}],"wp:term":[{"taxonomy":"product_brand","embeddable":true,"href":"https:\/\/www.waterskis.lv\/ru\/wp-json\/wp\/v2\/product_brand?post=57678"},{"taxonomy":"product_cat","embeddable":true,"href":"https:\/\/www.waterskis.lv\/ru\/wp-json\/wp\/v2\/product_cat?post=57678"},{"taxonomy":"product_tag","embeddable":true,"href":"https:\/\/www.waterskis.lv\/ru\/wp-json\/wp\/v2\/product_tag?post=57678"}],"curies":[{"name":"wp","href":"https:\/\/api.w.org\/{rel}","templated":true}]}}