{"id":57698,"date":"2024-11-05T20:09:34","date_gmt":"2024-11-05T17:09:34","guid":{"rendered":"https:\/\/www.waterskis.lv\/product\/veikserfa-delis-hyperlite-buzz-5-2-surfer-2023\/"},"modified":"2026-01-30T11:32:02","modified_gmt":"2026-01-30T09:32:02","slug":"%d0%b4%d0%be%d1%81%d0%ba%d0%b0-%d0%b4%d0%bb%d1%8f-%d0%b2%d0%b5%d0%b9%d0%ba%d1%81%d0%b5%d1%80%d1%84%d0%b8%d0%bd%d0%b3%d0%b0-hyperlite-buzz-5-2-surfer-2023","status":"publish","type":"product","link":"https:\/\/www.waterskis.lv\/ru\/product\/%d0%b4%d0%be%d1%81%d0%ba%d0%b0-%d0%b4%d0%bb%d1%8f-%d0%b2%d0%b5%d0%b9%d0%ba%d1%81%d0%b5%d1%80%d1%84%d0%b8%d0%bd%d0%b3%d0%b0-hyperlite-buzz-5-2-surfer-2023\/","title":{"rendered":"\u0414\u043e\u0441\u043a\u0430 \u0434\u043b\u044f \u0432\u0435\u0439\u043a\u0441\u0435\u0440\u0444\u0438\u043d\u0433\u0430 Ronix Powertail Sonic Core Kids #2026 Surf Style Wakesurfer"},"content":{"rendered":"<h1>\u0414\u043e\u0441\u043a\u0430 \u0434\u043b\u044f \u0432\u0435\u0439\u043a\u0441\u0435\u0440\u0444\u0438\u043d\u0433\u0430 Ronix Powertail Sonic Core Kids #2026 Surf Style Wakesurfer<\/h1>\n<p>\u0414\u043e\u0441\u043a\u0430 \u0434\u043b\u044f \u0432\u0435\u0439\u043a\u0441\u0435\u0440\u0444\u0438\u043d\u0433\u0430 Ronix Powertail Sonic Core Kids #2026 Surf Style Wakesurfer<\/p>\n<h3><img decoding=\"async\" class=\"pagebuilder-mobile-hidden\" style=\"font-size: 16px;\" title=\"\" src=\"https:\/\/www.buywake.eu\/media\/wysiwyg\/Sonic-PowerTail.jpg\" alt=\"\" data-element=\"desktop_image\" data-pb-style=\"Q8L3HE2\" \/><\/h3>\n<div data-content-type=\"row\" data-appearance=\"contained\" data-element=\"main\">\n<div data-enable-parallax=\"0\" data-parallax-speed=\"0.5\" data-background-images=\"{}\" data-background-type=\"image\" data-video-loop=\"true\" data-video-play-only-visible=\"true\" data-video-lazy-load=\"true\" data-video-fallback-src=\"\" data-element=\"inner\" data-pb-style=\"CFMWM11\">\n<div data-content-type=\"text\" data-appearance=\"default\" data-element=\"main\">\n<p>&nbsp;<\/p>\n<\/div>\n<\/div>\n<\/div>\n<div data-content-type=\"row\" data-appearance=\"contained\" data-element=\"main\">\n<div data-enable-parallax=\"0\" data-parallax-speed=\"0.5\" data-background-images=\"{}\" data-background-type=\"image\" data-video-loop=\"true\" data-video-play-only-visible=\"true\" data-video-lazy-load=\"true\" data-video-fallback-src=\"\" data-element=\"inner\" data-pb-style=\"OSFA2FK\">\n<div class=\"pagebuilder-column-group\" data-background-images=\"{}\" data-content-type=\"column-group\" data-appearance=\"default\" data-grid-size=\"12\" data-element=\"main\" data-pb-style=\"OX2UOC3\">\n<div class=\"pagebuilder-column-line\" data-content-type=\"column-line\" data-element=\"main\" data-pb-style=\"NI1YQO9\">\n<div class=\"pagebuilder-column\" data-content-type=\"column\" data-appearance=\"full-height\" data-background-images=\"{}\" data-element=\"main\" data-pb-style=\"NPVJW7P\">\n<div data-content-type=\"text\" data-appearance=\"default\" data-element=\"main\">\n<h4><strong>Weight Range<\/strong><\/h4>\n<ul>\n<li>3&#8217;9&#8243; = Up To 45kg<\/li>\n<\/ul>\n<p>&nbsp;<\/p>\n<\/div>\n<\/div>\n<div class=\"pagebuilder-column\" data-content-type=\"column\" data-appearance=\"full-height\" data-background-images=\"{}\" data-element=\"main\" data-pb-style=\"K9PTJFP\">\n<figure data-content-type=\"image\" data-appearance=\"full-width\" data-element=\"main\" data-pb-style=\"Q0QJMF3\"><img decoding=\"async\" class=\"pagebuilder-mobile-hidden\" title=\"\" src=\"https:\/\/www.buywake.eu\/media\/wysiwyg\/OHNZ4BPA.jpeg\" alt=\"\" data-element=\"desktop_image\" data-pb-style=\"R5B65K9\" \/><\/figure>\n<\/div>\n<\/div>\n<\/div>\n<\/div>\n<\/div>\n","protected":false},"excerpt":{"rendered":"<p>&nbsp;<\/p>\n<p>https:\/\/www.youtube.com\/watch?v=TuFil49RMLc [&#8230;]<\/p>\n<p><a class=\"btn btn-secondary understrap-read-more-link\" href=\"https:\/\/www.waterskis.lv\/ru\/product\/%d0%b4%d0%be%d1%81%d0%ba%d0%b0-%d0%b4%d0%bb%d1%8f-%d0%b2%d0%b5%d0%b9%d0%ba%d1%81%d0%b5%d1%80%d1%84%d0%b8%d0%bd%d0%b3%d0%b0-hyperlite-buzz-5-2-surfer-2023\/\">\u0427\u0438\u0442\u0430\u0442\u044c \u0434\u0430\u043b\u044c\u0448\u0435\u2026<\/a><\/p>\n","protected":false},"featured_media":68724,"comment_status":"closed","ping_status":"closed","template":"","meta":{"_acf_changed":false,"inline_featured_image":false},"product_brand":[2420],"product_cat":[362,1020,1019],"product_tag":[3057],"class_list":{"0":"post-57698","1":"product","2":"type-product","3":"status-publish","4":"has-post-thumbnail","6":"product_brand-ronix-wake","7":"product_cat-c","8":"product_cat-1020","9":"product_cat-1019","10":"product_tag-3057","12":"first","13":"instock","14":"sale","15":"shipping-taxable","16":"purchasable","17":"product-type-simple"},"acf":[],"yoast_head":"<!-- This site is optimized with the Yoast SEO plugin v27.5 - https:\/\/yoast.com\/product\/yoast-seo-wordpress\/ -->\n<title>\u0414\u043e\u0441\u043a\u0430 \u0434\u043b\u044f \u0432\u0435\u0439\u043a\u0441\u0435\u0440\u0444\u0438\u043d\u0433\u0430 Ronix Powertail Sonic Core Kids #2026 Surf Style Wakesurfer - WATERSKIS.LV<\/title>\n<meta name=\"description\" content=\"\u0414\u043e\u0441\u043a\u0430 \u0434\u043b\u044f \u0432\u0435\u0439\u043a\u0441\u0435\u0440\u0444\u0438\u043d\u0433\u0430 Ronix Powertail Sonic Core Kids #2026 Surf Style Wakesurfer. \u0414\u0438\u0430\u043f\u0430\u0437\u043e\u043d \u0432\u0435\u0441\u04303 \u0444\u0443\u0442\u0430 9 \u0434\u044e\u0439\u043c\u043e\u0432 = \u0434\u043e 45 \u043a\u0433\" \/>\n<meta name=\"robots\" content=\"index, follow, max-snippet:-1, max-image-preview:large, max-video-preview:-1\" \/>\n<link rel=\"canonical\" href=\"https:\/\/www.waterskis.lv\/ru\/product\/%d0%b4%d0%be%d1%81%d0%ba%d0%b0-%d0%b4%d0%bb%d1%8f-%d0%b2%d0%b5%d0%b9%d0%ba%d1%81%d0%b5%d1%80%d1%84%d0%b8%d0%bd%d0%b3%d0%b0-hyperlite-buzz-5-2-surfer-2023\/\" \/>\n<meta property=\"og:locale\" content=\"ru_RU\" \/>\n<meta property=\"og:type\" content=\"article\" \/>\n<meta property=\"og:title\" content=\"\u0414\u043e\u0441\u043a\u0430 \u0434\u043b\u044f \u0432\u0435\u0439\u043a\u0441\u0435\u0440\u0444\u0438\u043d\u0433\u0430 Ronix Powertail Sonic Core Kids #2026 Surf Style Wakesurfer - WATERSKIS.LV\" \/>\n<meta property=\"og:description\" content=\"\u0414\u043e\u0441\u043a\u0430 \u0434\u043b\u044f \u0432\u0435\u0439\u043a\u0441\u0435\u0440\u0444\u0438\u043d\u0433\u0430 Ronix Powertail Sonic Core Kids #2026 Surf Style Wakesurfer. \u0414\u0438\u0430\u043f\u0430\u0437\u043e\u043d \u0432\u0435\u0441\u04303 \u0444\u0443\u0442\u0430 9 \u0434\u044e\u0439\u043c\u043e\u0432 = \u0434\u043e 45 \u043a\u0433\" \/>\n<meta property=\"og:url\" content=\"https:\/\/www.waterskis.lv\/ru\/product\/%d0%b4%d0%be%d1%81%d0%ba%d0%b0-%d0%b4%d0%bb%d1%8f-%d0%b2%d0%b5%d0%b9%d0%ba%d1%81%d0%b5%d1%80%d1%84%d0%b8%d0%bd%d0%b3%d0%b0-hyperlite-buzz-5-2-surfer-2023\/\" \/>\n<meta property=\"og:site_name\" content=\"WATERSKIS.LV\" \/>\n<meta property=\"article:publisher\" content=\"https:\/\/www.facebook.com\/jurmalawaterskiwakeboardpark\/\" \/>\n<meta property=\"article:modified_time\" content=\"2026-01-30T09:32:02+00:00\" \/>\n<meta property=\"og:image\" content=\"https:\/\/www.waterskis.lv\/wp-content\/uploads\/2024\/11\/2025_RONIX_SONIC_POWERTAIL_BOTH_1.jpg\" \/>\n\t<meta property=\"og:image:width\" content=\"1600\" \/>\n\t<meta property=\"og:image:height\" content=\"1600\" \/>\n\t<meta property=\"og:image:type\" content=\"image\/jpeg\" \/>\n<meta name=\"twitter:card\" content=\"summary_large_image\" \/>\n<meta name=\"twitter:label1\" content=\"\u041f\u0440\u0438\u043c\u0435\u0440\u043d\u043e\u0435 \u0432\u0440\u0435\u043c\u044f \u0434\u043b\u044f \u0447\u0442\u0435\u043d\u0438\u044f\" \/>\n\t<meta name=\"twitter:data1\" content=\"1 \u043c\u0438\u043d\u0443\u0442\u0430\" \/>\n<script type=\"application\/ld+json\" class=\"yoast-schema-graph\">{\"@context\":\"https:\\\/\\\/schema.org\",\"@graph\":[{\"@type\":\"WebPage\",\"@id\":\"https:\\\/\\\/www.waterskis.lv\\\/ru\\\/product\\\/%d0%b4%d0%be%d1%81%d0%ba%d0%b0-%d0%b4%d0%bb%d1%8f-%d0%b2%d0%b5%d0%b9%d0%ba%d1%81%d0%b5%d1%80%d1%84%d0%b8%d0%bd%d0%b3%d0%b0-hyperlite-buzz-5-2-surfer-2023\\\/\",\"url\":\"https:\\\/\\\/www.waterskis.lv\\\/ru\\\/product\\\/%d0%b4%d0%be%d1%81%d0%ba%d0%b0-%d0%b4%d0%bb%d1%8f-%d0%b2%d0%b5%d0%b9%d0%ba%d1%81%d0%b5%d1%80%d1%84%d0%b8%d0%bd%d0%b3%d0%b0-hyperlite-buzz-5-2-surfer-2023\\\/\",\"name\":\"\u0414\u043e\u0441\u043a\u0430 \u0434\u043b\u044f \u0432\u0435\u0439\u043a\u0441\u0435\u0440\u0444\u0438\u043d\u0433\u0430 Ronix Powertail Sonic Core Kids #2026 Surf Style Wakesurfer - WATERSKIS.LV\",\"isPartOf\":{\"@id\":\"https:\\\/\\\/www.waterskis.lv\\\/ru\\\/#website\"},\"primaryImageOfPage\":{\"@id\":\"https:\\\/\\\/www.waterskis.lv\\\/ru\\\/product\\\/%d0%b4%d0%be%d1%81%d0%ba%d0%b0-%d0%b4%d0%bb%d1%8f-%d0%b2%d0%b5%d0%b9%d0%ba%d1%81%d0%b5%d1%80%d1%84%d0%b8%d0%bd%d0%b3%d0%b0-hyperlite-buzz-5-2-surfer-2023\\\/#primaryimage\"},\"image\":{\"@id\":\"https:\\\/\\\/www.waterskis.lv\\\/ru\\\/product\\\/%d0%b4%d0%be%d1%81%d0%ba%d0%b0-%d0%b4%d0%bb%d1%8f-%d0%b2%d0%b5%d0%b9%d0%ba%d1%81%d0%b5%d1%80%d1%84%d0%b8%d0%bd%d0%b3%d0%b0-hyperlite-buzz-5-2-surfer-2023\\\/#primaryimage\"},\"thumbnailUrl\":\"https:\\\/\\\/www.waterskis.lv\\\/wp-content\\\/uploads\\\/2024\\\/11\\\/2025_RONIX_SONIC_POWERTAIL_BOTH_1.jpg\",\"datePublished\":\"2024-11-05T17:09:34+00:00\",\"dateModified\":\"2026-01-30T09:32:02+00:00\",\"description\":\"\u0414\u043e\u0441\u043a\u0430 \u0434\u043b\u044f \u0432\u0435\u0439\u043a\u0441\u0435\u0440\u0444\u0438\u043d\u0433\u0430 Ronix Powertail Sonic Core Kids #2026 Surf Style Wakesurfer. \u0414\u0438\u0430\u043f\u0430\u0437\u043e\u043d \u0432\u0435\u0441\u04303 \u0444\u0443\u0442\u0430 9 \u0434\u044e\u0439\u043c\u043e\u0432 = \u0434\u043e 45 \u043a\u0433\",\"breadcrumb\":{\"@id\":\"https:\\\/\\\/www.waterskis.lv\\\/ru\\\/product\\\/%d0%b4%d0%be%d1%81%d0%ba%d0%b0-%d0%b4%d0%bb%d1%8f-%d0%b2%d0%b5%d0%b9%d0%ba%d1%81%d0%b5%d1%80%d1%84%d0%b8%d0%bd%d0%b3%d0%b0-hyperlite-buzz-5-2-surfer-2023\\\/#breadcrumb\"},\"inLanguage\":\"ru-RU\",\"potentialAction\":[{\"@type\":\"ReadAction\",\"target\":[\"https:\\\/\\\/www.waterskis.lv\\\/ru\\\/product\\\/%d0%b4%d0%be%d1%81%d0%ba%d0%b0-%d0%b4%d0%bb%d1%8f-%d0%b2%d0%b5%d0%b9%d0%ba%d1%81%d0%b5%d1%80%d1%84%d0%b8%d0%bd%d0%b3%d0%b0-hyperlite-buzz-5-2-surfer-2023\\\/\"]}]},{\"@type\":\"ImageObject\",\"inLanguage\":\"ru-RU\",\"@id\":\"https:\\\/\\\/www.waterskis.lv\\\/ru\\\/product\\\/%d0%b4%d0%be%d1%81%d0%ba%d0%b0-%d0%b4%d0%bb%d1%8f-%d0%b2%d0%b5%d0%b9%d0%ba%d1%81%d0%b5%d1%80%d1%84%d0%b8%d0%bd%d0%b3%d0%b0-hyperlite-buzz-5-2-surfer-2023\\\/#primaryimage\",\"url\":\"https:\\\/\\\/www.waterskis.lv\\\/wp-content\\\/uploads\\\/2024\\\/11\\\/2025_RONIX_SONIC_POWERTAIL_BOTH_1.jpg\",\"contentUrl\":\"https:\\\/\\\/www.waterskis.lv\\\/wp-content\\\/uploads\\\/2024\\\/11\\\/2025_RONIX_SONIC_POWERTAIL_BOTH_1.jpg\",\"width\":1600,\"height\":1600,\"caption\":\"B\u0113rnu veiks\u0113rfs Ronix Powertail Sonic Core Kids #2026 Surf Style Wakesurfer\"},{\"@type\":\"BreadcrumbList\",\"@id\":\"https:\\\/\\\/www.waterskis.lv\\\/ru\\\/product\\\/%d0%b4%d0%be%d1%81%d0%ba%d0%b0-%d0%b4%d0%bb%d1%8f-%d0%b2%d0%b5%d0%b9%d0%ba%d1%81%d0%b5%d1%80%d1%84%d0%b8%d0%bd%d0%b3%d0%b0-hyperlite-buzz-5-2-surfer-2023\\\/#breadcrumb\",\"itemListElement\":[{\"@type\":\"ListItem\",\"position\":1,\"name\":\"Home\",\"item\":\"https:\\\/\\\/www.waterskis.lv\\\/ru\\\/\"},{\"@type\":\"ListItem\",\"position\":2,\"name\":\"\u041c\u0430\u0433\u0430\u0437\u0438\u043d\",\"item\":\"https:\\\/\\\/www.waterskis.lv\\\/ru\\\/%d0%bc%d0%b0%d0%b3%d0%b0%d0%b7%d0%b8%d0%bd\\\/\"},{\"@type\":\"ListItem\",\"position\":3,\"name\":\"\u0414\u043e\u0441\u043a\u0430 \u0434\u043b\u044f \u0432\u0435\u0439\u043a\u0441\u0435\u0440\u0444\u0438\u043d\u0433\u0430 Ronix Powertail Sonic Core Kids #2026 Surf Style Wakesurfer\"}]},{\"@type\":\"WebSite\",\"@id\":\"https:\\\/\\\/www.waterskis.lv\\\/ru\\\/#website\",\"url\":\"https:\\\/\\\/www.waterskis.lv\\\/ru\\\/\",\"name\":\"WATERSKIS.LV\",\"description\":\"SUP d\u0113\u013ci, kajaki, kanoe, airu laivas, \u016bdenssl\u0113po\u0161ana, veikbords, SUP d\u0113\u013cu noma, kajaku nomaakt\u012bv\u0101s atp\u016btas centrs, laivu noma, sup noma, kajaku noma\",\"publisher\":{\"@id\":\"https:\\\/\\\/www.waterskis.lv\\\/ru\\\/#organization\"},\"potentialAction\":[{\"@type\":\"SearchAction\",\"target\":{\"@type\":\"EntryPoint\",\"urlTemplate\":\"https:\\\/\\\/www.waterskis.lv\\\/ru\\\/?s={search_term_string}\"},\"query-input\":{\"@type\":\"PropertyValueSpecification\",\"valueRequired\":true,\"valueName\":\"search_term_string\"}}],\"inLanguage\":\"ru-RU\"},{\"@type\":\"Organization\",\"@id\":\"https:\\\/\\\/www.waterskis.lv\\\/ru\\\/#organization\",\"name\":\"WATERSKIS.LV\",\"url\":\"https:\\\/\\\/www.waterskis.lv\\\/ru\\\/\",\"logo\":{\"@type\":\"ImageObject\",\"inLanguage\":\"ru-RU\",\"@id\":\"https:\\\/\\\/www.waterskis.lv\\\/ru\\\/#\\\/schema\\\/logo\\\/image\\\/\",\"url\":\"https:\\\/\\\/www.waterskis.lv\\\/wp-content\\\/uploads\\\/2025\\\/01\\\/JUVP-logo.png\",\"contentUrl\":\"https:\\\/\\\/www.waterskis.lv\\\/wp-content\\\/uploads\\\/2025\\\/01\\\/JUVP-logo.png\",\"width\":421,\"height\":202,\"caption\":\"WATERSKIS.LV\"},\"image\":{\"@id\":\"https:\\\/\\\/www.waterskis.lv\\\/ru\\\/#\\\/schema\\\/logo\\\/image\\\/\"},\"sameAs\":[\"https:\\\/\\\/www.facebook.com\\\/jurmalawaterskiwakeboardpark\\\/\"]}]}<\/script>\n<!-- \/ Yoast SEO plugin. -->","yoast_head_json":{"title":"\u0414\u043e\u0441\u043a\u0430 \u0434\u043b\u044f \u0432\u0435\u0439\u043a\u0441\u0435\u0440\u0444\u0438\u043d\u0433\u0430 Ronix Powertail Sonic Core Kids #2026 Surf Style Wakesurfer - WATERSKIS.LV","description":"\u0414\u043e\u0441\u043a\u0430 \u0434\u043b\u044f \u0432\u0435\u0439\u043a\u0441\u0435\u0440\u0444\u0438\u043d\u0433\u0430 Ronix Powertail Sonic Core Kids #2026 Surf Style Wakesurfer. \u0414\u0438\u0430\u043f\u0430\u0437\u043e\u043d \u0432\u0435\u0441\u04303 \u0444\u0443\u0442\u0430 9 \u0434\u044e\u0439\u043c\u043e\u0432 = \u0434\u043e 45 \u043a\u0433","robots":{"index":"index","follow":"follow","max-snippet":"max-snippet:-1","max-image-preview":"max-image-preview:large","max-video-preview":"max-video-preview:-1"},"canonical":"https:\/\/www.waterskis.lv\/ru\/product\/%d0%b4%d0%be%d1%81%d0%ba%d0%b0-%d0%b4%d0%bb%d1%8f-%d0%b2%d0%b5%d0%b9%d0%ba%d1%81%d0%b5%d1%80%d1%84%d0%b8%d0%bd%d0%b3%d0%b0-hyperlite-buzz-5-2-surfer-2023\/","og_locale":"ru_RU","og_type":"article","og_title":"\u0414\u043e\u0441\u043a\u0430 \u0434\u043b\u044f \u0432\u0435\u0439\u043a\u0441\u0435\u0440\u0444\u0438\u043d\u0433\u0430 Ronix Powertail Sonic Core Kids #2026 Surf Style Wakesurfer - WATERSKIS.LV","og_description":"\u0414\u043e\u0441\u043a\u0430 \u0434\u043b\u044f \u0432\u0435\u0439\u043a\u0441\u0435\u0440\u0444\u0438\u043d\u0433\u0430 Ronix Powertail Sonic Core Kids #2026 Surf Style Wakesurfer. \u0414\u0438\u0430\u043f\u0430\u0437\u043e\u043d \u0432\u0435\u0441\u04303 \u0444\u0443\u0442\u0430 9 \u0434\u044e\u0439\u043c\u043e\u0432 = \u0434\u043e 45 \u043a\u0433","og_url":"https:\/\/www.waterskis.lv\/ru\/product\/%d0%b4%d0%be%d1%81%d0%ba%d0%b0-%d0%b4%d0%bb%d1%8f-%d0%b2%d0%b5%d0%b9%d0%ba%d1%81%d0%b5%d1%80%d1%84%d0%b8%d0%bd%d0%b3%d0%b0-hyperlite-buzz-5-2-surfer-2023\/","og_site_name":"WATERSKIS.LV","article_publisher":"https:\/\/www.facebook.com\/jurmalawaterskiwakeboardpark\/","article_modified_time":"2026-01-30T09:32:02+00:00","og_image":[{"width":1600,"height":1600,"url":"https:\/\/www.waterskis.lv\/wp-content\/uploads\/2024\/11\/2025_RONIX_SONIC_POWERTAIL_BOTH_1.jpg","type":"image\/jpeg"}],"twitter_card":"summary_large_image","twitter_misc":{"\u041f\u0440\u0438\u043c\u0435\u0440\u043d\u043e\u0435 \u0432\u0440\u0435\u043c\u044f \u0434\u043b\u044f \u0447\u0442\u0435\u043d\u0438\u044f":"1 \u043c\u0438\u043d\u0443\u0442\u0430"},"schema":{"@context":"https:\/\/schema.org","@graph":[{"@type":"WebPage","@id":"https:\/\/www.waterskis.lv\/ru\/product\/%d0%b4%d0%be%d1%81%d0%ba%d0%b0-%d0%b4%d0%bb%d1%8f-%d0%b2%d0%b5%d0%b9%d0%ba%d1%81%d0%b5%d1%80%d1%84%d0%b8%d0%bd%d0%b3%d0%b0-hyperlite-buzz-5-2-surfer-2023\/","url":"https:\/\/www.waterskis.lv\/ru\/product\/%d0%b4%d0%be%d1%81%d0%ba%d0%b0-%d0%b4%d0%bb%d1%8f-%d0%b2%d0%b5%d0%b9%d0%ba%d1%81%d0%b5%d1%80%d1%84%d0%b8%d0%bd%d0%b3%d0%b0-hyperlite-buzz-5-2-surfer-2023\/","name":"\u0414\u043e\u0441\u043a\u0430 \u0434\u043b\u044f \u0432\u0435\u0439\u043a\u0441\u0435\u0440\u0444\u0438\u043d\u0433\u0430 Ronix Powertail Sonic Core Kids #2026 Surf Style Wakesurfer - WATERSKIS.LV","isPartOf":{"@id":"https:\/\/www.waterskis.lv\/ru\/#website"},"primaryImageOfPage":{"@id":"https:\/\/www.waterskis.lv\/ru\/product\/%d0%b4%d0%be%d1%81%d0%ba%d0%b0-%d0%b4%d0%bb%d1%8f-%d0%b2%d0%b5%d0%b9%d0%ba%d1%81%d0%b5%d1%80%d1%84%d0%b8%d0%bd%d0%b3%d0%b0-hyperlite-buzz-5-2-surfer-2023\/#primaryimage"},"image":{"@id":"https:\/\/www.waterskis.lv\/ru\/product\/%d0%b4%d0%be%d1%81%d0%ba%d0%b0-%d0%b4%d0%bb%d1%8f-%d0%b2%d0%b5%d0%b9%d0%ba%d1%81%d0%b5%d1%80%d1%84%d0%b8%d0%bd%d0%b3%d0%b0-hyperlite-buzz-5-2-surfer-2023\/#primaryimage"},"thumbnailUrl":"https:\/\/www.waterskis.lv\/wp-content\/uploads\/2024\/11\/2025_RONIX_SONIC_POWERTAIL_BOTH_1.jpg","datePublished":"2024-11-05T17:09:34+00:00","dateModified":"2026-01-30T09:32:02+00:00","description":"\u0414\u043e\u0441\u043a\u0430 \u0434\u043b\u044f \u0432\u0435\u0439\u043a\u0441\u0435\u0440\u0444\u0438\u043d\u0433\u0430 Ronix Powertail Sonic Core Kids #2026 Surf Style Wakesurfer. \u0414\u0438\u0430\u043f\u0430\u0437\u043e\u043d \u0432\u0435\u0441\u04303 \u0444\u0443\u0442\u0430 9 \u0434\u044e\u0439\u043c\u043e\u0432 = \u0434\u043e 45 \u043a\u0433","breadcrumb":{"@id":"https:\/\/www.waterskis.lv\/ru\/product\/%d0%b4%d0%be%d1%81%d0%ba%d0%b0-%d0%b4%d0%bb%d1%8f-%d0%b2%d0%b5%d0%b9%d0%ba%d1%81%d0%b5%d1%80%d1%84%d0%b8%d0%bd%d0%b3%d0%b0-hyperlite-buzz-5-2-surfer-2023\/#breadcrumb"},"inLanguage":"ru-RU","potentialAction":[{"@type":"ReadAction","target":["https:\/\/www.waterskis.lv\/ru\/product\/%d0%b4%d0%be%d1%81%d0%ba%d0%b0-%d0%b4%d0%bb%d1%8f-%d0%b2%d0%b5%d0%b9%d0%ba%d1%81%d0%b5%d1%80%d1%84%d0%b8%d0%bd%d0%b3%d0%b0-hyperlite-buzz-5-2-surfer-2023\/"]}]},{"@type":"ImageObject","inLanguage":"ru-RU","@id":"https:\/\/www.waterskis.lv\/ru\/product\/%d0%b4%d0%be%d1%81%d0%ba%d0%b0-%d0%b4%d0%bb%d1%8f-%d0%b2%d0%b5%d0%b9%d0%ba%d1%81%d0%b5%d1%80%d1%84%d0%b8%d0%bd%d0%b3%d0%b0-hyperlite-buzz-5-2-surfer-2023\/#primaryimage","url":"https:\/\/www.waterskis.lv\/wp-content\/uploads\/2024\/11\/2025_RONIX_SONIC_POWERTAIL_BOTH_1.jpg","contentUrl":"https:\/\/www.waterskis.lv\/wp-content\/uploads\/2024\/11\/2025_RONIX_SONIC_POWERTAIL_BOTH_1.jpg","width":1600,"height":1600,"caption":"B\u0113rnu veiks\u0113rfs Ronix Powertail Sonic Core Kids #2026 Surf Style Wakesurfer"},{"@type":"BreadcrumbList","@id":"https:\/\/www.waterskis.lv\/ru\/product\/%d0%b4%d0%be%d1%81%d0%ba%d0%b0-%d0%b4%d0%bb%d1%8f-%d0%b2%d0%b5%d0%b9%d0%ba%d1%81%d0%b5%d1%80%d1%84%d0%b8%d0%bd%d0%b3%d0%b0-hyperlite-buzz-5-2-surfer-2023\/#breadcrumb","itemListElement":[{"@type":"ListItem","position":1,"name":"Home","item":"https:\/\/www.waterskis.lv\/ru\/"},{"@type":"ListItem","position":2,"name":"\u041c\u0430\u0433\u0430\u0437\u0438\u043d","item":"https:\/\/www.waterskis.lv\/ru\/%d0%bc%d0%b0%d0%b3%d0%b0%d0%b7%d0%b8%d0%bd\/"},{"@type":"ListItem","position":3,"name":"\u0414\u043e\u0441\u043a\u0430 \u0434\u043b\u044f \u0432\u0435\u0439\u043a\u0441\u0435\u0440\u0444\u0438\u043d\u0433\u0430 Ronix Powertail Sonic Core Kids #2026 Surf Style Wakesurfer"}]},{"@type":"WebSite","@id":"https:\/\/www.waterskis.lv\/ru\/#website","url":"https:\/\/www.waterskis.lv\/ru\/","name":"WATERSKIS.LV","description":"SUP d\u0113\u013ci, kajaki, kanoe, airu laivas, \u016bdenssl\u0113po\u0161ana, veikbords, SUP d\u0113\u013cu noma, kajaku nomaakt\u012bv\u0101s atp\u016btas centrs, laivu noma, sup noma, kajaku noma","publisher":{"@id":"https:\/\/www.waterskis.lv\/ru\/#organization"},"potentialAction":[{"@type":"SearchAction","target":{"@type":"EntryPoint","urlTemplate":"https:\/\/www.waterskis.lv\/ru\/?s={search_term_string}"},"query-input":{"@type":"PropertyValueSpecification","valueRequired":true,"valueName":"search_term_string"}}],"inLanguage":"ru-RU"},{"@type":"Organization","@id":"https:\/\/www.waterskis.lv\/ru\/#organization","name":"WATERSKIS.LV","url":"https:\/\/www.waterskis.lv\/ru\/","logo":{"@type":"ImageObject","inLanguage":"ru-RU","@id":"https:\/\/www.waterskis.lv\/ru\/#\/schema\/logo\/image\/","url":"https:\/\/www.waterskis.lv\/wp-content\/uploads\/2025\/01\/JUVP-logo.png","contentUrl":"https:\/\/www.waterskis.lv\/wp-content\/uploads\/2025\/01\/JUVP-logo.png","width":421,"height":202,"caption":"WATERSKIS.LV"},"image":{"@id":"https:\/\/www.waterskis.lv\/ru\/#\/schema\/logo\/image\/"},"sameAs":["https:\/\/www.facebook.com\/jurmalawaterskiwakeboardpark\/"]}]}},"_links":{"self":[{"href":"https:\/\/www.waterskis.lv\/ru\/wp-json\/wp\/v2\/product\/57698","targetHints":{"allow":["GET"]}}],"collection":[{"href":"https:\/\/www.waterskis.lv\/ru\/wp-json\/wp\/v2\/product"}],"about":[{"href":"https:\/\/www.waterskis.lv\/ru\/wp-json\/wp\/v2\/types\/product"}],"replies":[{"embeddable":true,"href":"https:\/\/www.waterskis.lv\/ru\/wp-json\/wp\/v2\/comments?post=57698"}],"wp:featuredmedia":[{"embeddable":true,"href":"https:\/\/www.waterskis.lv\/ru\/wp-json\/wp\/v2\/media\/68724"}],"wp:attachment":[{"href":"https:\/\/www.waterskis.lv\/ru\/wp-json\/wp\/v2\/media?parent=57698"}],"wp:term":[{"taxonomy":"product_brand","embeddable":true,"href":"https:\/\/www.waterskis.lv\/ru\/wp-json\/wp\/v2\/product_brand?post=57698"},{"taxonomy":"product_cat","embeddable":true,"href":"https:\/\/www.waterskis.lv\/ru\/wp-json\/wp\/v2\/product_cat?post=57698"},{"taxonomy":"product_tag","embeddable":true,"href":"https:\/\/www.waterskis.lv\/ru\/wp-json\/wp\/v2\/product_tag?post=57698"}],"curies":[{"name":"wp","href":"https:\/\/api.w.org\/{rel}","templated":true}]}}