{"id":57978,"date":"2024-11-11T11:08:53","date_gmt":"2024-11-11T08:08:53","guid":{"rendered":"https:\/\/www.waterskis.lv\/product\/plaksne-turboswing-base-plate-1r-xm-xl-starboard-size\/"},"modified":"2024-11-11T11:18:23","modified_gmt":"2024-11-11T08:18:23","slug":"%d0%bf%d0%bb%d0%b8%d1%82%d0%b0turboswing-base-plate-1r-xm-xl-starboard-size","status":"publish","type":"product","link":"https:\/\/www.waterskis.lv\/ru\/product\/%d0%bf%d0%bb%d0%b8%d1%82%d0%b0turboswing-base-plate-1r-xm-xl-starboard-size\/","title":{"rendered":"\u041f\u043b\u0438\u0442\u0430Turboswing Base Plate 1R XM\/XL Starboard Size"},"content":{"rendered":"<h1>\u041f\u043b\u0438\u0442\u0430Turboswing Base Plate 1R XM\/XL Starboard Size<\/h1>\n<p>\u041f\u043b\u0438\u0442\u0430Turboswing Base Plate 1R XM\/XL Starboard Size<\/p>\n<p>\u041a\u0443\u043f\u0438\u0442\u0435 \u0431\u0430\u0437\u043e\u0432\u0443\u044e \u043f\u043b\u0430\u0441\u0442\u0438\u043d\u0443 TurboSwing \u043f\u0440\u044f\u043c\u043e \u0441\u0435\u0439\u0447\u0430\u0441 \u043d\u0430 Waterskis.lv, \u0432\u0430\u0448\u0435\u043c \u0438\u043d\u0442\u0435\u0440\u043d\u0435\u0442-\u043c\u0430\u0433\u0430\u0437\u0438\u043d\u0435 \u0434\u043b\u044f \u043f\u0440\u043e\u0444\u0435\u0441\u0441\u0438\u043e\u043d\u0430\u043b\u044c\u043d\u044b\u0445 \u0432\u043e\u0434\u043d\u044b\u0445 \u0432\u0438\u0434\u043e\u0432 \u0441\u043f\u043e\u0440\u0442\u0430.<\/p>\n<p>\u041e\u0441\u043e\u0431\u0435\u043d\u043d\u043e\u0441\u0442\u0438 \u043a\u043e\u043d\u0441\u0442\u0440\u0443\u043a\u0446\u0438\u0438 \u0431\u0430\u0437\u043e\u0432\u043e\u0439 \u043f\u043b\u0430\u0441\u0442\u0438\u043d\u044b TurboSwing<\/p>\n<ul>\n<li>1R XM\/XL Starboard Side<\/li>\n<li>1L XM\/XL port Side<\/li>\n<li>2R XXL\/Giant Starboard Side<\/li>\n<li>2L XXK\/Giant Port Side<\/li>\n<\/ul>\n","protected":false},"excerpt":{"rendered":"<p>https:\/\/www.youtube.com\/watch?v=Pbg-rlZ8CkI [&#8230;]<\/p>\n<p><a class=\"btn btn-secondary understrap-read-more-link\" href=\"https:\/\/www.waterskis.lv\/ru\/product\/%d0%bf%d0%bb%d0%b8%d1%82%d0%b0turboswing-base-plate-1r-xm-xl-starboard-size\/\">\u0427\u0438\u0442\u0430\u0442\u044c \u0434\u0430\u043b\u044c\u0448\u0435\u2026<\/a><\/p>\n","protected":false},"featured_media":57902,"comment_status":"closed","ping_status":"closed","template":"","meta":{"_acf_changed":false,"inline_featured_image":false},"product_brand":[],"product_cat":[1178,1172],"product_tag":[1828],"class_list":{"0":"post-57978","1":"product","2":"type-product","3":"status-publish","4":"has-post-thumbnail","6":"product_cat---turboswing","7":"product_cat-1172","8":"product_tag-turboswing","10":"first","11":"instock","12":"shipping-taxable","13":"purchasable","14":"product-type-simple"},"acf":[],"yoast_head":"<!-- This site is optimized with the Yoast SEO plugin v27.4 - https:\/\/yoast.com\/product\/yoast-seo-wordpress\/ -->\n<title>\u041f\u043b\u0438\u0442\u0430Turboswing Base Plate 1R XM\/XL Starboard Size - WATERSKIS.LV<\/title>\n<meta name=\"description\" content=\"\u041f\u043b\u0438\u0442\u0430Turboswing Base Plate 1R XM\/XL Starboard Size\u044e \u041e\u0441\u043e\u0431\u0435\u043d\u043d\u043e\u0441\u0442\u0438 \u043a\u043e\u043d\u0441\u0442\u0440\u0443\u043a\u0446\u0438\u0438 \u0431\u0430\u0437\u043e\u0432\u043e\u0439 \u043f\u043b\u0430\u0441\u0442\u0438\u043d\u044b M\/XL port Side2R XXL\/Giant Starboard Side2L XXK\/Giant Port Side\" \/>\n<meta name=\"robots\" content=\"index, follow, max-snippet:-1, max-image-preview:large, max-video-preview:-1\" \/>\n<link rel=\"canonical\" href=\"https:\/\/www.waterskis.lv\/ru\/product\/%d0%bf%d0%bb%d0%b8%d1%82%d0%b0turboswing-base-plate-1r-xm-xl-starboard-size\/\" \/>\n<meta property=\"og:locale\" content=\"ru_RU\" \/>\n<meta property=\"og:type\" content=\"article\" \/>\n<meta property=\"og:title\" content=\"\u041f\u043b\u0438\u0442\u0430Turboswing Base Plate 1R XM\/XL Starboard Size - WATERSKIS.LV\" \/>\n<meta property=\"og:description\" content=\"\u041f\u043b\u0438\u0442\u0430Turboswing Base Plate 1R XM\/XL Starboard Size\u044e \u041e\u0441\u043e\u0431\u0435\u043d\u043d\u043e\u0441\u0442\u0438 \u043a\u043e\u043d\u0441\u0442\u0440\u0443\u043a\u0446\u0438\u0438 \u0431\u0430\u0437\u043e\u0432\u043e\u0439 \u043f\u043b\u0430\u0441\u0442\u0438\u043d\u044b M\/XL port Side2R XXL\/Giant Starboard Side2L XXK\/Giant Port Side\" \/>\n<meta property=\"og:url\" content=\"https:\/\/www.waterskis.lv\/ru\/product\/%d0%bf%d0%bb%d0%b8%d1%82%d0%b0turboswing-base-plate-1r-xm-xl-starboard-size\/\" \/>\n<meta property=\"og:site_name\" content=\"WATERSKIS.LV\" \/>\n<meta property=\"article:publisher\" content=\"https:\/\/www.facebook.com\/jurmalawaterskiwakeboardpark\/\" \/>\n<meta property=\"article:modified_time\" content=\"2024-11-11T08:18:23+00:00\" \/>\n<meta property=\"og:image\" content=\"https:\/\/www.waterskis.lv\/wp-content\/uploads\/2024\/11\/2r-xxl-and-giant-starbord-base-plate_1.jpg\" \/>\n\t<meta property=\"og:image:width\" content=\"1000\" \/>\n\t<meta property=\"og:image:height\" content=\"1000\" \/>\n\t<meta property=\"og:image:type\" content=\"image\/jpeg\" \/>\n<meta name=\"twitter:card\" content=\"summary_large_image\" \/>\n<meta name=\"twitter:label1\" content=\"\u041f\u0440\u0438\u043c\u0435\u0440\u043d\u043e\u0435 \u0432\u0440\u0435\u043c\u044f \u0434\u043b\u044f \u0447\u0442\u0435\u043d\u0438\u044f\" \/>\n\t<meta name=\"twitter:data1\" content=\"1 \u043c\u0438\u043d\u0443\u0442\u0430\" \/>\n<script type=\"application\/ld+json\" class=\"yoast-schema-graph\">{\"@context\":\"https:\\\/\\\/schema.org\",\"@graph\":[{\"@type\":\"WebPage\",\"@id\":\"https:\\\/\\\/www.waterskis.lv\\\/ru\\\/product\\\/%d0%bf%d0%bb%d0%b8%d1%82%d0%b0turboswing-base-plate-1r-xm-xl-starboard-size\\\/\",\"url\":\"https:\\\/\\\/www.waterskis.lv\\\/ru\\\/product\\\/%d0%bf%d0%bb%d0%b8%d1%82%d0%b0turboswing-base-plate-1r-xm-xl-starboard-size\\\/\",\"name\":\"\u041f\u043b\u0438\u0442\u0430Turboswing Base Plate 1R XM\\\/XL Starboard Size - WATERSKIS.LV\",\"isPartOf\":{\"@id\":\"https:\\\/\\\/www.waterskis.lv\\\/ru\\\/#website\"},\"primaryImageOfPage\":{\"@id\":\"https:\\\/\\\/www.waterskis.lv\\\/ru\\\/product\\\/%d0%bf%d0%bb%d0%b8%d1%82%d0%b0turboswing-base-plate-1r-xm-xl-starboard-size\\\/#primaryimage\"},\"image\":{\"@id\":\"https:\\\/\\\/www.waterskis.lv\\\/ru\\\/product\\\/%d0%bf%d0%bb%d0%b8%d1%82%d0%b0turboswing-base-plate-1r-xm-xl-starboard-size\\\/#primaryimage\"},\"thumbnailUrl\":\"https:\\\/\\\/www.waterskis.lv\\\/wp-content\\\/uploads\\\/2024\\\/11\\\/2r-xxl-and-giant-starbord-base-plate_1.jpg\",\"datePublished\":\"2024-11-11T08:08:53+00:00\",\"dateModified\":\"2024-11-11T08:18:23+00:00\",\"description\":\"\u041f\u043b\u0438\u0442\u0430Turboswing Base Plate 1R XM\\\/XL Starboard Size\u044e \u041e\u0441\u043e\u0431\u0435\u043d\u043d\u043e\u0441\u0442\u0438 \u043a\u043e\u043d\u0441\u0442\u0440\u0443\u043a\u0446\u0438\u0438 \u0431\u0430\u0437\u043e\u0432\u043e\u0439 \u043f\u043b\u0430\u0441\u0442\u0438\u043d\u044b M\\\/XL port Side2R XXL\\\/Giant Starboard Side2L XXK\\\/Giant Port Side\",\"breadcrumb\":{\"@id\":\"https:\\\/\\\/www.waterskis.lv\\\/ru\\\/product\\\/%d0%bf%d0%bb%d0%b8%d1%82%d0%b0turboswing-base-plate-1r-xm-xl-starboard-size\\\/#breadcrumb\"},\"inLanguage\":\"ru-RU\",\"potentialAction\":[{\"@type\":\"ReadAction\",\"target\":[\"https:\\\/\\\/www.waterskis.lv\\\/ru\\\/product\\\/%d0%bf%d0%bb%d0%b8%d1%82%d0%b0turboswing-base-plate-1r-xm-xl-starboard-size\\\/\"]}]},{\"@type\":\"ImageObject\",\"inLanguage\":\"ru-RU\",\"@id\":\"https:\\\/\\\/www.waterskis.lv\\\/ru\\\/product\\\/%d0%bf%d0%bb%d0%b8%d1%82%d0%b0turboswing-base-plate-1r-xm-xl-starboard-size\\\/#primaryimage\",\"url\":\"https:\\\/\\\/www.waterskis.lv\\\/wp-content\\\/uploads\\\/2024\\\/11\\\/2r-xxl-and-giant-starbord-base-plate_1.jpg\",\"contentUrl\":\"https:\\\/\\\/www.waterskis.lv\\\/wp-content\\\/uploads\\\/2024\\\/11\\\/2r-xxl-and-giant-starbord-base-plate_1.jpg\",\"width\":1000,\"height\":1000,\"caption\":\"S\u0101nu stiprin\u0101jums Turboswing Base Plate 2L XXL\\\/Giant Port Side\"},{\"@type\":\"BreadcrumbList\",\"@id\":\"https:\\\/\\\/www.waterskis.lv\\\/ru\\\/product\\\/%d0%bf%d0%bb%d0%b8%d1%82%d0%b0turboswing-base-plate-1r-xm-xl-starboard-size\\\/#breadcrumb\",\"itemListElement\":[{\"@type\":\"ListItem\",\"position\":1,\"name\":\"Home\",\"item\":\"https:\\\/\\\/www.waterskis.lv\\\/ru\\\/\"},{\"@type\":\"ListItem\",\"position\":2,\"name\":\"\u041c\u0430\u0433\u0430\u0437\u0438\u043d\",\"item\":\"https:\\\/\\\/www.waterskis.lv\\\/ru\\\/%d0%bc%d0%b0%d0%b3%d0%b0%d0%b7%d0%b8%d0%bd\\\/\"},{\"@type\":\"ListItem\",\"position\":3,\"name\":\"\u041f\u043b\u0438\u0442\u0430Turboswing Base Plate 1R XM\\\/XL Starboard Size\"}]},{\"@type\":\"WebSite\",\"@id\":\"https:\\\/\\\/www.waterskis.lv\\\/ru\\\/#website\",\"url\":\"https:\\\/\\\/www.waterskis.lv\\\/ru\\\/\",\"name\":\"WATERSKIS.LV\",\"description\":\"SUP d\u0113\u013ci, kajaki, kanoe, airu laivas, \u016bdenssl\u0113po\u0161ana, veikbords, SUP d\u0113\u013cu noma, kajaku nomaakt\u012bv\u0101s atp\u016btas centrs, laivu noma, sup noma, kajaku noma\",\"publisher\":{\"@id\":\"https:\\\/\\\/www.waterskis.lv\\\/ru\\\/#organization\"},\"potentialAction\":[{\"@type\":\"SearchAction\",\"target\":{\"@type\":\"EntryPoint\",\"urlTemplate\":\"https:\\\/\\\/www.waterskis.lv\\\/ru\\\/?s={search_term_string}\"},\"query-input\":{\"@type\":\"PropertyValueSpecification\",\"valueRequired\":true,\"valueName\":\"search_term_string\"}}],\"inLanguage\":\"ru-RU\"},{\"@type\":\"Organization\",\"@id\":\"https:\\\/\\\/www.waterskis.lv\\\/ru\\\/#organization\",\"name\":\"WATERSKIS.LV\",\"url\":\"https:\\\/\\\/www.waterskis.lv\\\/ru\\\/\",\"logo\":{\"@type\":\"ImageObject\",\"inLanguage\":\"ru-RU\",\"@id\":\"https:\\\/\\\/www.waterskis.lv\\\/ru\\\/#\\\/schema\\\/logo\\\/image\\\/\",\"url\":\"https:\\\/\\\/www.waterskis.lv\\\/wp-content\\\/uploads\\\/2025\\\/01\\\/JUVP-logo.png\",\"contentUrl\":\"https:\\\/\\\/www.waterskis.lv\\\/wp-content\\\/uploads\\\/2025\\\/01\\\/JUVP-logo.png\",\"width\":421,\"height\":202,\"caption\":\"WATERSKIS.LV\"},\"image\":{\"@id\":\"https:\\\/\\\/www.waterskis.lv\\\/ru\\\/#\\\/schema\\\/logo\\\/image\\\/\"},\"sameAs\":[\"https:\\\/\\\/www.facebook.com\\\/jurmalawaterskiwakeboardpark\\\/\"]}]}<\/script>\n<!-- \/ Yoast SEO plugin. -->","yoast_head_json":{"title":"\u041f\u043b\u0438\u0442\u0430Turboswing Base Plate 1R XM\/XL Starboard Size - WATERSKIS.LV","description":"\u041f\u043b\u0438\u0442\u0430Turboswing Base Plate 1R XM\/XL Starboard Size\u044e \u041e\u0441\u043e\u0431\u0435\u043d\u043d\u043e\u0441\u0442\u0438 \u043a\u043e\u043d\u0441\u0442\u0440\u0443\u043a\u0446\u0438\u0438 \u0431\u0430\u0437\u043e\u0432\u043e\u0439 \u043f\u043b\u0430\u0441\u0442\u0438\u043d\u044b M\/XL port Side2R XXL\/Giant Starboard Side2L XXK\/Giant Port Side","robots":{"index":"index","follow":"follow","max-snippet":"max-snippet:-1","max-image-preview":"max-image-preview:large","max-video-preview":"max-video-preview:-1"},"canonical":"https:\/\/www.waterskis.lv\/ru\/product\/%d0%bf%d0%bb%d0%b8%d1%82%d0%b0turboswing-base-plate-1r-xm-xl-starboard-size\/","og_locale":"ru_RU","og_type":"article","og_title":"\u041f\u043b\u0438\u0442\u0430Turboswing Base Plate 1R XM\/XL Starboard Size - WATERSKIS.LV","og_description":"\u041f\u043b\u0438\u0442\u0430Turboswing Base Plate 1R XM\/XL Starboard Size\u044e \u041e\u0441\u043e\u0431\u0435\u043d\u043d\u043e\u0441\u0442\u0438 \u043a\u043e\u043d\u0441\u0442\u0440\u0443\u043a\u0446\u0438\u0438 \u0431\u0430\u0437\u043e\u0432\u043e\u0439 \u043f\u043b\u0430\u0441\u0442\u0438\u043d\u044b M\/XL port Side2R XXL\/Giant Starboard Side2L XXK\/Giant Port Side","og_url":"https:\/\/www.waterskis.lv\/ru\/product\/%d0%bf%d0%bb%d0%b8%d1%82%d0%b0turboswing-base-plate-1r-xm-xl-starboard-size\/","og_site_name":"WATERSKIS.LV","article_publisher":"https:\/\/www.facebook.com\/jurmalawaterskiwakeboardpark\/","article_modified_time":"2024-11-11T08:18:23+00:00","og_image":[{"width":1000,"height":1000,"url":"https:\/\/www.waterskis.lv\/wp-content\/uploads\/2024\/11\/2r-xxl-and-giant-starbord-base-plate_1.jpg","type":"image\/jpeg"}],"twitter_card":"summary_large_image","twitter_misc":{"\u041f\u0440\u0438\u043c\u0435\u0440\u043d\u043e\u0435 \u0432\u0440\u0435\u043c\u044f \u0434\u043b\u044f \u0447\u0442\u0435\u043d\u0438\u044f":"1 \u043c\u0438\u043d\u0443\u0442\u0430"},"schema":{"@context":"https:\/\/schema.org","@graph":[{"@type":"WebPage","@id":"https:\/\/www.waterskis.lv\/ru\/product\/%d0%bf%d0%bb%d0%b8%d1%82%d0%b0turboswing-base-plate-1r-xm-xl-starboard-size\/","url":"https:\/\/www.waterskis.lv\/ru\/product\/%d0%bf%d0%bb%d0%b8%d1%82%d0%b0turboswing-base-plate-1r-xm-xl-starboard-size\/","name":"\u041f\u043b\u0438\u0442\u0430Turboswing Base Plate 1R XM\/XL Starboard Size - WATERSKIS.LV","isPartOf":{"@id":"https:\/\/www.waterskis.lv\/ru\/#website"},"primaryImageOfPage":{"@id":"https:\/\/www.waterskis.lv\/ru\/product\/%d0%bf%d0%bb%d0%b8%d1%82%d0%b0turboswing-base-plate-1r-xm-xl-starboard-size\/#primaryimage"},"image":{"@id":"https:\/\/www.waterskis.lv\/ru\/product\/%d0%bf%d0%bb%d0%b8%d1%82%d0%b0turboswing-base-plate-1r-xm-xl-starboard-size\/#primaryimage"},"thumbnailUrl":"https:\/\/www.waterskis.lv\/wp-content\/uploads\/2024\/11\/2r-xxl-and-giant-starbord-base-plate_1.jpg","datePublished":"2024-11-11T08:08:53+00:00","dateModified":"2024-11-11T08:18:23+00:00","description":"\u041f\u043b\u0438\u0442\u0430Turboswing Base Plate 1R XM\/XL Starboard Size\u044e \u041e\u0441\u043e\u0431\u0435\u043d\u043d\u043e\u0441\u0442\u0438 \u043a\u043e\u043d\u0441\u0442\u0440\u0443\u043a\u0446\u0438\u0438 \u0431\u0430\u0437\u043e\u0432\u043e\u0439 \u043f\u043b\u0430\u0441\u0442\u0438\u043d\u044b M\/XL port Side2R XXL\/Giant Starboard Side2L XXK\/Giant Port Side","breadcrumb":{"@id":"https:\/\/www.waterskis.lv\/ru\/product\/%d0%bf%d0%bb%d0%b8%d1%82%d0%b0turboswing-base-plate-1r-xm-xl-starboard-size\/#breadcrumb"},"inLanguage":"ru-RU","potentialAction":[{"@type":"ReadAction","target":["https:\/\/www.waterskis.lv\/ru\/product\/%d0%bf%d0%bb%d0%b8%d1%82%d0%b0turboswing-base-plate-1r-xm-xl-starboard-size\/"]}]},{"@type":"ImageObject","inLanguage":"ru-RU","@id":"https:\/\/www.waterskis.lv\/ru\/product\/%d0%bf%d0%bb%d0%b8%d1%82%d0%b0turboswing-base-plate-1r-xm-xl-starboard-size\/#primaryimage","url":"https:\/\/www.waterskis.lv\/wp-content\/uploads\/2024\/11\/2r-xxl-and-giant-starbord-base-plate_1.jpg","contentUrl":"https:\/\/www.waterskis.lv\/wp-content\/uploads\/2024\/11\/2r-xxl-and-giant-starbord-base-plate_1.jpg","width":1000,"height":1000,"caption":"S\u0101nu stiprin\u0101jums Turboswing Base Plate 2L XXL\/Giant Port Side"},{"@type":"BreadcrumbList","@id":"https:\/\/www.waterskis.lv\/ru\/product\/%d0%bf%d0%bb%d0%b8%d1%82%d0%b0turboswing-base-plate-1r-xm-xl-starboard-size\/#breadcrumb","itemListElement":[{"@type":"ListItem","position":1,"name":"Home","item":"https:\/\/www.waterskis.lv\/ru\/"},{"@type":"ListItem","position":2,"name":"\u041c\u0430\u0433\u0430\u0437\u0438\u043d","item":"https:\/\/www.waterskis.lv\/ru\/%d0%bc%d0%b0%d0%b3%d0%b0%d0%b7%d0%b8%d0%bd\/"},{"@type":"ListItem","position":3,"name":"\u041f\u043b\u0438\u0442\u0430Turboswing Base Plate 1R XM\/XL Starboard Size"}]},{"@type":"WebSite","@id":"https:\/\/www.waterskis.lv\/ru\/#website","url":"https:\/\/www.waterskis.lv\/ru\/","name":"WATERSKIS.LV","description":"SUP d\u0113\u013ci, kajaki, kanoe, airu laivas, \u016bdenssl\u0113po\u0161ana, veikbords, SUP d\u0113\u013cu noma, kajaku nomaakt\u012bv\u0101s atp\u016btas centrs, laivu noma, sup noma, kajaku noma","publisher":{"@id":"https:\/\/www.waterskis.lv\/ru\/#organization"},"potentialAction":[{"@type":"SearchAction","target":{"@type":"EntryPoint","urlTemplate":"https:\/\/www.waterskis.lv\/ru\/?s={search_term_string}"},"query-input":{"@type":"PropertyValueSpecification","valueRequired":true,"valueName":"search_term_string"}}],"inLanguage":"ru-RU"},{"@type":"Organization","@id":"https:\/\/www.waterskis.lv\/ru\/#organization","name":"WATERSKIS.LV","url":"https:\/\/www.waterskis.lv\/ru\/","logo":{"@type":"ImageObject","inLanguage":"ru-RU","@id":"https:\/\/www.waterskis.lv\/ru\/#\/schema\/logo\/image\/","url":"https:\/\/www.waterskis.lv\/wp-content\/uploads\/2025\/01\/JUVP-logo.png","contentUrl":"https:\/\/www.waterskis.lv\/wp-content\/uploads\/2025\/01\/JUVP-logo.png","width":421,"height":202,"caption":"WATERSKIS.LV"},"image":{"@id":"https:\/\/www.waterskis.lv\/ru\/#\/schema\/logo\/image\/"},"sameAs":["https:\/\/www.facebook.com\/jurmalawaterskiwakeboardpark\/"]}]}},"_links":{"self":[{"href":"https:\/\/www.waterskis.lv\/ru\/wp-json\/wp\/v2\/product\/57978","targetHints":{"allow":["GET"]}}],"collection":[{"href":"https:\/\/www.waterskis.lv\/ru\/wp-json\/wp\/v2\/product"}],"about":[{"href":"https:\/\/www.waterskis.lv\/ru\/wp-json\/wp\/v2\/types\/product"}],"replies":[{"embeddable":true,"href":"https:\/\/www.waterskis.lv\/ru\/wp-json\/wp\/v2\/comments?post=57978"}],"wp:featuredmedia":[{"embeddable":true,"href":"https:\/\/www.waterskis.lv\/ru\/wp-json\/wp\/v2\/media\/57902"}],"wp:attachment":[{"href":"https:\/\/www.waterskis.lv\/ru\/wp-json\/wp\/v2\/media?parent=57978"}],"wp:term":[{"taxonomy":"product_brand","embeddable":true,"href":"https:\/\/www.waterskis.lv\/ru\/wp-json\/wp\/v2\/product_brand?post=57978"},{"taxonomy":"product_cat","embeddable":true,"href":"https:\/\/www.waterskis.lv\/ru\/wp-json\/wp\/v2\/product_cat?post=57978"},{"taxonomy":"product_tag","embeddable":true,"href":"https:\/\/www.waterskis.lv\/ru\/wp-json\/wp\/v2\/product_tag?post=57978"}],"curies":[{"name":"wp","href":"https:\/\/api.w.org\/{rel}","templated":true}]}}