{"id":59766,"date":"2024-12-25T11:52:41","date_gmt":"2024-12-25T08:52:41","guid":{"rendered":"https:\/\/www.waterskis.lv\/product\/kd-deluxe-neo-slaloma-slepes-parvalks-ar-kila-aizsargu\/"},"modified":"2024-12-25T12:03:21","modified_gmt":"2024-12-25T09:03:21","slug":"%d1%87%d0%b5%d1%85%d0%be%d0%bb-%d0%b4%d0%bb%d1%8f-%d0%bb%d1%8b%d0%b6-kd-deluxe-neo-slalom-%d1%81-%d0%b7%d0%b0%d1%89%d0%b8%d1%82%d0%be%d0%b9-%d0%ba%d0%b8%d0%bb%d1%8f","status":"publish","type":"product","link":"https:\/\/www.waterskis.lv\/ru\/product\/%d1%87%d0%b5%d1%85%d0%be%d0%bb-%d0%b4%d0%bb%d1%8f-%d0%bb%d1%8b%d0%b6-kd-deluxe-neo-slalom-%d1%81-%d0%b7%d0%b0%d1%89%d0%b8%d1%82%d0%be%d0%b9-%d0%ba%d0%b8%d0%bb%d1%8f\/","title":{"rendered":"\u0427\u0435\u0445\u043e\u043b \u0434\u043b\u044f \u043b\u044b\u0436 KD Deluxe Neo Slalom \u0441 \u0437\u0430\u0449\u0438\u0442\u043e\u0439 \u043a\u0438\u043b\u044f"},"content":{"rendered":"<h1>\u0427\u0435\u0445\u043e\u043b \u0434\u043b\u044f \u043b\u044b\u0436 KD Deluxe Neo Slalom \u0441 \u0437\u0430\u0449\u0438\u0442\u043e\u0439 \u043a\u0438\u043b\u044f<\/h1>\n<p>\u0427\u0435\u0445\u043e\u043b \u0434\u043b\u044f \u043b\u044b\u0436 KD Deluxe Neo Slalom \u0441 \u0437\u0430\u0449\u0438\u0442\u043e\u0439 \u043a\u0438\u043b\u044f<\/p>\n<p>SKU KBS0169M<\/p>\n<p>\u041a\u0430\u0442\u0435\u0433\u043e\u0440\u0438\u044f \u0421\u0443\u043c\u043a\u0438<\/p>\n<p>\u00abDeluxe Neoprene Sleeve with Fin Protector, quick snap-locks and PVC nasper Protector<\/p>\n<p>\u041f\u043e\u0434\u0445\u043e\u0434\u0438\u0442 \u0434\u043b\u044f \u0442\u0440\u0430\u0434\u0438\u0446\u0438\u043e\u043d\u043d\u044b\u0445 \u0441\u043b\u0430\u043b\u043e\u043c\u043d\u044b\u0445 \u043b\u044b\u0436 \u0440\u0430\u0437\u043c\u0435\u0440\u043e\u043c \u043e\u0442 64 \u0434\u043e 67 \u0434\u044e\u0439\u043c\u043e\u0432\u00bb.<\/p>\n<p>\u0420\u0430\u0437\u043c\u0435\u0440 63\u201369 \u0434\u044e\u0439\u043c\u043e\u0432<\/p>\n","protected":false},"excerpt":{"rendered":"<p>\u0427\u0435\u0445\u043e\u043b \u0434\u043b\u044f \u043b\u044b\u0436 KD Deluxe Neo Slalom \u0441 \u0437\u0430\u0449\u0438\u0442\u043e\u0439 \u043a\u0438\u043b\u044f \u0427\u0435\u0445\u043e\u043b \u0434\u043b\u044f \u043b\u044b\u0436 KD Deluxe Neo Slalom \u0441 \u0437\u0430\u0449\u0438\u0442\u043e\u0439 \u043a\u0438\u043b\u044f SKU KBS0169M \u041a\u0430\u0442\u0435\u0433\u043e\u0440\u0438\u044f \u0421\u0443\u043c\u043a\u0438 \u00abDeluxe Neoprene Sleeve with Fin Protector, quick snap-locks and PVC nasper Protector \u041f\u043e\u0434\u0445\u043e\u0434\u0438\u0442 \u0434\u043b\u044f \u0442\u0440\u0430\u0434\u0438\u0446\u0438\u043e\u043d\u043d\u044b\u0445 \u0441\u043b\u0430\u043b\u043e\u043c\u043d\u044b\u0445 \u043b\u044b\u0436 \u0440\u0430\u0437\u043c\u0435\u0440\u043e\u043c \u043e\u0442 64 \u0434\u043e 67 \u0434\u044e\u0439\u043c\u043e\u0432\u00bb. \u0420\u0430\u0437\u043c\u0435\u0440 63\u201369 \u0434\u044e\u0439\u043c\u043e\u0432 [&#8230;]<\/p>\n<p><a class=\"btn btn-secondary understrap-read-more-link\" href=\"https:\/\/www.waterskis.lv\/ru\/product\/%d1%87%d0%b5%d1%85%d0%be%d0%bb-%d0%b4%d0%bb%d1%8f-%d0%bb%d1%8b%d0%b6-kd-deluxe-neo-slalom-%d1%81-%d0%b7%d0%b0%d1%89%d0%b8%d1%82%d0%be%d0%b9-%d0%ba%d0%b8%d0%bb%d1%8f\/\">\u0427\u0438\u0442\u0430\u0442\u044c \u0434\u0430\u043b\u044c\u0448\u0435\u2026<\/a><\/p>\n","protected":false},"featured_media":59761,"comment_status":"closed","ping_status":"closed","template":"","meta":{"_acf_changed":false,"inline_featured_image":false},"product_brand":[],"product_cat":[556,381],"product_tag":[],"class_list":{"0":"post-59766","1":"product","2":"type-product","3":"status-publish","4":"has-post-thumbnail","6":"product_cat-b-","7":"product_cat-381","9":"first","10":"instock","11":"shipping-taxable","12":"purchasable","13":"product-type-simple"},"acf":[],"yoast_head":"<!-- This site is optimized with the Yoast SEO plugin v27.5 - https:\/\/yoast.com\/product\/yoast-seo-wordpress\/ -->\n<title>\u0427\u0435\u0445\u043e\u043b \u0434\u043b\u044f \u043b\u044b\u0436 KD Deluxe Neo Slalom \u0441 \u0437\u0430\u0449\u0438\u0442\u043e\u0439 \u043a\u0438\u043b\u044f - WATERSKIS.LV<\/title>\n<meta name=\"description\" content=\"\u0427\u0435\u0445\u043e\u043b \u0434\u043b\u044f \u043b\u044b\u0436 KD Deluxe Neo Slalom \u0441 \u0437\u0430\u0449\u0438\u0442\u043e\u0439 \u043a\u0438\u043b\u044f. \u041f\u043e\u0434\u0445\u043e\u0434\u0438\u0442 \u0434\u043b\u044f \u0442\u0440\u0430\u0434\u0438\u0446\u0438\u043e\u043d\u043d\u044b\u0445 \u0441\u043b\u0430\u043b\u043e\u043c\u043d\u044b\u0445 \u043b\u044b\u0436 \u0440\u0430\u0437\u043c\u0435\u0440\u043e\u043c \u043e\u0442 64 \u0434\u043e 67 \u0434\u044e\u0439\u043c\u043e\u0432. \u0420\u0430\u0437\u043c\u0435\u0440 63\u201369 \u0434\u044e\u0439\u043c\u043e\u0432\" \/>\n<meta name=\"robots\" content=\"index, follow, max-snippet:-1, max-image-preview:large, max-video-preview:-1\" \/>\n<link rel=\"canonical\" href=\"https:\/\/www.waterskis.lv\/ru\/product\/%d1%87%d0%b5%d1%85%d0%be%d0%bb-%d0%b4%d0%bb%d1%8f-%d0%bb%d1%8b%d0%b6-kd-deluxe-neo-slalom-%d1%81-%d0%b7%d0%b0%d1%89%d0%b8%d1%82%d0%be%d0%b9-%d0%ba%d0%b8%d0%bb%d1%8f\/\" \/>\n<meta property=\"og:locale\" content=\"ru_RU\" \/>\n<meta property=\"og:type\" content=\"article\" \/>\n<meta property=\"og:title\" content=\"\u0427\u0435\u0445\u043e\u043b \u0434\u043b\u044f \u043b\u044b\u0436 KD Deluxe Neo Slalom \u0441 \u0437\u0430\u0449\u0438\u0442\u043e\u0439 \u043a\u0438\u043b\u044f - WATERSKIS.LV\" \/>\n<meta property=\"og:description\" content=\"\u0427\u0435\u0445\u043e\u043b \u0434\u043b\u044f \u043b\u044b\u0436 KD Deluxe Neo Slalom \u0441 \u0437\u0430\u0449\u0438\u0442\u043e\u0439 \u043a\u0438\u043b\u044f. \u041f\u043e\u0434\u0445\u043e\u0434\u0438\u0442 \u0434\u043b\u044f \u0442\u0440\u0430\u0434\u0438\u0446\u0438\u043e\u043d\u043d\u044b\u0445 \u0441\u043b\u0430\u043b\u043e\u043c\u043d\u044b\u0445 \u043b\u044b\u0436 \u0440\u0430\u0437\u043c\u0435\u0440\u043e\u043c \u043e\u0442 64 \u0434\u043e 67 \u0434\u044e\u0439\u043c\u043e\u0432. \u0420\u0430\u0437\u043c\u0435\u0440 63\u201369 \u0434\u044e\u0439\u043c\u043e\u0432\" \/>\n<meta property=\"og:url\" content=\"https:\/\/www.waterskis.lv\/ru\/product\/%d1%87%d0%b5%d1%85%d0%be%d0%bb-%d0%b4%d0%bb%d1%8f-%d0%bb%d1%8b%d0%b6-kd-deluxe-neo-slalom-%d1%81-%d0%b7%d0%b0%d1%89%d0%b8%d1%82%d0%be%d0%b9-%d0%ba%d0%b8%d0%bb%d1%8f\/\" \/>\n<meta property=\"og:site_name\" content=\"WATERSKIS.LV\" \/>\n<meta property=\"article:publisher\" content=\"https:\/\/www.facebook.com\/jurmalawaterskiwakeboardpark\/\" \/>\n<meta property=\"article:modified_time\" content=\"2024-12-25T09:03:21+00:00\" \/>\n<meta property=\"og:image\" content=\"https:\/\/www.waterskis.lv\/wp-content\/uploads\/2024\/12\/2022_KD_DELUXE_NEOPRENE_SLALOM_TOP_1e-foto-1024x1024-1.jpg\" \/>\n\t<meta property=\"og:image:width\" content=\"1024\" \/>\n\t<meta property=\"og:image:height\" content=\"1024\" \/>\n\t<meta property=\"og:image:type\" content=\"image\/jpeg\" \/>\n<meta name=\"twitter:card\" content=\"summary_large_image\" \/>\n<meta name=\"twitter:label1\" content=\"\u041f\u0440\u0438\u043c\u0435\u0440\u043d\u043e\u0435 \u0432\u0440\u0435\u043c\u044f \u0434\u043b\u044f \u0447\u0442\u0435\u043d\u0438\u044f\" \/>\n\t<meta name=\"twitter:data1\" content=\"1 \u043c\u0438\u043d\u0443\u0442\u0430\" \/>\n<script type=\"application\/ld+json\" class=\"yoast-schema-graph\">{\"@context\":\"https:\\\/\\\/schema.org\",\"@graph\":[{\"@type\":\"WebPage\",\"@id\":\"https:\\\/\\\/www.waterskis.lv\\\/ru\\\/product\\\/%d1%87%d0%b5%d1%85%d0%be%d0%bb-%d0%b4%d0%bb%d1%8f-%d0%bb%d1%8b%d0%b6-kd-deluxe-neo-slalom-%d1%81-%d0%b7%d0%b0%d1%89%d0%b8%d1%82%d0%be%d0%b9-%d0%ba%d0%b8%d0%bb%d1%8f\\\/\",\"url\":\"https:\\\/\\\/www.waterskis.lv\\\/ru\\\/product\\\/%d1%87%d0%b5%d1%85%d0%be%d0%bb-%d0%b4%d0%bb%d1%8f-%d0%bb%d1%8b%d0%b6-kd-deluxe-neo-slalom-%d1%81-%d0%b7%d0%b0%d1%89%d0%b8%d1%82%d0%be%d0%b9-%d0%ba%d0%b8%d0%bb%d1%8f\\\/\",\"name\":\"\u0427\u0435\u0445\u043e\u043b \u0434\u043b\u044f \u043b\u044b\u0436 KD Deluxe Neo Slalom \u0441 \u0437\u0430\u0449\u0438\u0442\u043e\u0439 \u043a\u0438\u043b\u044f - WATERSKIS.LV\",\"isPartOf\":{\"@id\":\"https:\\\/\\\/www.waterskis.lv\\\/ru\\\/#website\"},\"primaryImageOfPage\":{\"@id\":\"https:\\\/\\\/www.waterskis.lv\\\/ru\\\/product\\\/%d1%87%d0%b5%d1%85%d0%be%d0%bb-%d0%b4%d0%bb%d1%8f-%d0%bb%d1%8b%d0%b6-kd-deluxe-neo-slalom-%d1%81-%d0%b7%d0%b0%d1%89%d0%b8%d1%82%d0%be%d0%b9-%d0%ba%d0%b8%d0%bb%d1%8f\\\/#primaryimage\"},\"image\":{\"@id\":\"https:\\\/\\\/www.waterskis.lv\\\/ru\\\/product\\\/%d1%87%d0%b5%d1%85%d0%be%d0%bb-%d0%b4%d0%bb%d1%8f-%d0%bb%d1%8b%d0%b6-kd-deluxe-neo-slalom-%d1%81-%d0%b7%d0%b0%d1%89%d0%b8%d1%82%d0%be%d0%b9-%d0%ba%d0%b8%d0%bb%d1%8f\\\/#primaryimage\"},\"thumbnailUrl\":\"https:\\\/\\\/www.waterskis.lv\\\/wp-content\\\/uploads\\\/2024\\\/12\\\/2022_KD_DELUXE_NEOPRENE_SLALOM_TOP_1e-foto-1024x1024-1.jpg\",\"datePublished\":\"2024-12-25T08:52:41+00:00\",\"dateModified\":\"2024-12-25T09:03:21+00:00\",\"description\":\"\u0427\u0435\u0445\u043e\u043b \u0434\u043b\u044f \u043b\u044b\u0436 KD Deluxe Neo Slalom \u0441 \u0437\u0430\u0449\u0438\u0442\u043e\u0439 \u043a\u0438\u043b\u044f. \u041f\u043e\u0434\u0445\u043e\u0434\u0438\u0442 \u0434\u043b\u044f \u0442\u0440\u0430\u0434\u0438\u0446\u0438\u043e\u043d\u043d\u044b\u0445 \u0441\u043b\u0430\u043b\u043e\u043c\u043d\u044b\u0445 \u043b\u044b\u0436 \u0440\u0430\u0437\u043c\u0435\u0440\u043e\u043c \u043e\u0442 64 \u0434\u043e 67 \u0434\u044e\u0439\u043c\u043e\u0432. \u0420\u0430\u0437\u043c\u0435\u0440 63\u201369 \u0434\u044e\u0439\u043c\u043e\u0432\",\"breadcrumb\":{\"@id\":\"https:\\\/\\\/www.waterskis.lv\\\/ru\\\/product\\\/%d1%87%d0%b5%d1%85%d0%be%d0%bb-%d0%b4%d0%bb%d1%8f-%d0%bb%d1%8b%d0%b6-kd-deluxe-neo-slalom-%d1%81-%d0%b7%d0%b0%d1%89%d0%b8%d1%82%d0%be%d0%b9-%d0%ba%d0%b8%d0%bb%d1%8f\\\/#breadcrumb\"},\"inLanguage\":\"ru-RU\",\"potentialAction\":[{\"@type\":\"ReadAction\",\"target\":[\"https:\\\/\\\/www.waterskis.lv\\\/ru\\\/product\\\/%d1%87%d0%b5%d1%85%d0%be%d0%bb-%d0%b4%d0%bb%d1%8f-%d0%bb%d1%8b%d0%b6-kd-deluxe-neo-slalom-%d1%81-%d0%b7%d0%b0%d1%89%d0%b8%d1%82%d0%be%d0%b9-%d0%ba%d0%b8%d0%bb%d1%8f\\\/\"]}]},{\"@type\":\"ImageObject\",\"inLanguage\":\"ru-RU\",\"@id\":\"https:\\\/\\\/www.waterskis.lv\\\/ru\\\/product\\\/%d1%87%d0%b5%d1%85%d0%be%d0%bb-%d0%b4%d0%bb%d1%8f-%d0%bb%d1%8b%d0%b6-kd-deluxe-neo-slalom-%d1%81-%d0%b7%d0%b0%d1%89%d0%b8%d1%82%d0%be%d0%b9-%d0%ba%d0%b8%d0%bb%d1%8f\\\/#primaryimage\",\"url\":\"https:\\\/\\\/www.waterskis.lv\\\/wp-content\\\/uploads\\\/2024\\\/12\\\/2022_KD_DELUXE_NEOPRENE_SLALOM_TOP_1e-foto-1024x1024-1.jpg\",\"contentUrl\":\"https:\\\/\\\/www.waterskis.lv\\\/wp-content\\\/uploads\\\/2024\\\/12\\\/2022_KD_DELUXE_NEOPRENE_SLALOM_TOP_1e-foto-1024x1024-1.jpg\",\"width\":1024,\"height\":1024,\"caption\":\"KD Deluxe Neo Slaloma sl\u0113pes p\u0101rvalks ar \u0137\u012b\u013ca aizsargu\"},{\"@type\":\"BreadcrumbList\",\"@id\":\"https:\\\/\\\/www.waterskis.lv\\\/ru\\\/product\\\/%d1%87%d0%b5%d1%85%d0%be%d0%bb-%d0%b4%d0%bb%d1%8f-%d0%bb%d1%8b%d0%b6-kd-deluxe-neo-slalom-%d1%81-%d0%b7%d0%b0%d1%89%d0%b8%d1%82%d0%be%d0%b9-%d0%ba%d0%b8%d0%bb%d1%8f\\\/#breadcrumb\",\"itemListElement\":[{\"@type\":\"ListItem\",\"position\":1,\"name\":\"Home\",\"item\":\"https:\\\/\\\/www.waterskis.lv\\\/ru\\\/\"},{\"@type\":\"ListItem\",\"position\":2,\"name\":\"\u041c\u0430\u0433\u0430\u0437\u0438\u043d\",\"item\":\"https:\\\/\\\/www.waterskis.lv\\\/ru\\\/%d0%bc%d0%b0%d0%b3%d0%b0%d0%b7%d0%b8%d0%bd\\\/\"},{\"@type\":\"ListItem\",\"position\":3,\"name\":\"\u0427\u0435\u0445\u043e\u043b \u0434\u043b\u044f \u043b\u044b\u0436 KD Deluxe Neo Slalom \u0441 \u0437\u0430\u0449\u0438\u0442\u043e\u0439 \u043a\u0438\u043b\u044f\"}]},{\"@type\":\"WebSite\",\"@id\":\"https:\\\/\\\/www.waterskis.lv\\\/ru\\\/#website\",\"url\":\"https:\\\/\\\/www.waterskis.lv\\\/ru\\\/\",\"name\":\"WATERSKIS.LV\",\"description\":\"SUP d\u0113\u013ci, kajaki, kanoe, airu laivas, \u016bdenssl\u0113po\u0161ana, veikbords, SUP d\u0113\u013cu noma, kajaku nomaakt\u012bv\u0101s atp\u016btas centrs, laivu noma, sup noma, kajaku noma\",\"publisher\":{\"@id\":\"https:\\\/\\\/www.waterskis.lv\\\/ru\\\/#organization\"},\"potentialAction\":[{\"@type\":\"SearchAction\",\"target\":{\"@type\":\"EntryPoint\",\"urlTemplate\":\"https:\\\/\\\/www.waterskis.lv\\\/ru\\\/?s={search_term_string}\"},\"query-input\":{\"@type\":\"PropertyValueSpecification\",\"valueRequired\":true,\"valueName\":\"search_term_string\"}}],\"inLanguage\":\"ru-RU\"},{\"@type\":\"Organization\",\"@id\":\"https:\\\/\\\/www.waterskis.lv\\\/ru\\\/#organization\",\"name\":\"WATERSKIS.LV\",\"url\":\"https:\\\/\\\/www.waterskis.lv\\\/ru\\\/\",\"logo\":{\"@type\":\"ImageObject\",\"inLanguage\":\"ru-RU\",\"@id\":\"https:\\\/\\\/www.waterskis.lv\\\/ru\\\/#\\\/schema\\\/logo\\\/image\\\/\",\"url\":\"https:\\\/\\\/www.waterskis.lv\\\/wp-content\\\/uploads\\\/2025\\\/01\\\/JUVP-logo.png\",\"contentUrl\":\"https:\\\/\\\/www.waterskis.lv\\\/wp-content\\\/uploads\\\/2025\\\/01\\\/JUVP-logo.png\",\"width\":421,\"height\":202,\"caption\":\"WATERSKIS.LV\"},\"image\":{\"@id\":\"https:\\\/\\\/www.waterskis.lv\\\/ru\\\/#\\\/schema\\\/logo\\\/image\\\/\"},\"sameAs\":[\"https:\\\/\\\/www.facebook.com\\\/jurmalawaterskiwakeboardpark\\\/\"]}]}<\/script>\n<!-- \/ Yoast SEO plugin. -->","yoast_head_json":{"title":"\u0427\u0435\u0445\u043e\u043b \u0434\u043b\u044f \u043b\u044b\u0436 KD Deluxe Neo Slalom \u0441 \u0437\u0430\u0449\u0438\u0442\u043e\u0439 \u043a\u0438\u043b\u044f - WATERSKIS.LV","description":"\u0427\u0435\u0445\u043e\u043b \u0434\u043b\u044f \u043b\u044b\u0436 KD Deluxe Neo Slalom \u0441 \u0437\u0430\u0449\u0438\u0442\u043e\u0439 \u043a\u0438\u043b\u044f. \u041f\u043e\u0434\u0445\u043e\u0434\u0438\u0442 \u0434\u043b\u044f \u0442\u0440\u0430\u0434\u0438\u0446\u0438\u043e\u043d\u043d\u044b\u0445 \u0441\u043b\u0430\u043b\u043e\u043c\u043d\u044b\u0445 \u043b\u044b\u0436 \u0440\u0430\u0437\u043c\u0435\u0440\u043e\u043c \u043e\u0442 64 \u0434\u043e 67 \u0434\u044e\u0439\u043c\u043e\u0432. \u0420\u0430\u0437\u043c\u0435\u0440 63\u201369 \u0434\u044e\u0439\u043c\u043e\u0432","robots":{"index":"index","follow":"follow","max-snippet":"max-snippet:-1","max-image-preview":"max-image-preview:large","max-video-preview":"max-video-preview:-1"},"canonical":"https:\/\/www.waterskis.lv\/ru\/product\/%d1%87%d0%b5%d1%85%d0%be%d0%bb-%d0%b4%d0%bb%d1%8f-%d0%bb%d1%8b%d0%b6-kd-deluxe-neo-slalom-%d1%81-%d0%b7%d0%b0%d1%89%d0%b8%d1%82%d0%be%d0%b9-%d0%ba%d0%b8%d0%bb%d1%8f\/","og_locale":"ru_RU","og_type":"article","og_title":"\u0427\u0435\u0445\u043e\u043b \u0434\u043b\u044f \u043b\u044b\u0436 KD Deluxe Neo Slalom \u0441 \u0437\u0430\u0449\u0438\u0442\u043e\u0439 \u043a\u0438\u043b\u044f - WATERSKIS.LV","og_description":"\u0427\u0435\u0445\u043e\u043b \u0434\u043b\u044f \u043b\u044b\u0436 KD Deluxe Neo Slalom \u0441 \u0437\u0430\u0449\u0438\u0442\u043e\u0439 \u043a\u0438\u043b\u044f. \u041f\u043e\u0434\u0445\u043e\u0434\u0438\u0442 \u0434\u043b\u044f \u0442\u0440\u0430\u0434\u0438\u0446\u0438\u043e\u043d\u043d\u044b\u0445 \u0441\u043b\u0430\u043b\u043e\u043c\u043d\u044b\u0445 \u043b\u044b\u0436 \u0440\u0430\u0437\u043c\u0435\u0440\u043e\u043c \u043e\u0442 64 \u0434\u043e 67 \u0434\u044e\u0439\u043c\u043e\u0432. \u0420\u0430\u0437\u043c\u0435\u0440 63\u201369 \u0434\u044e\u0439\u043c\u043e\u0432","og_url":"https:\/\/www.waterskis.lv\/ru\/product\/%d1%87%d0%b5%d1%85%d0%be%d0%bb-%d0%b4%d0%bb%d1%8f-%d0%bb%d1%8b%d0%b6-kd-deluxe-neo-slalom-%d1%81-%d0%b7%d0%b0%d1%89%d0%b8%d1%82%d0%be%d0%b9-%d0%ba%d0%b8%d0%bb%d1%8f\/","og_site_name":"WATERSKIS.LV","article_publisher":"https:\/\/www.facebook.com\/jurmalawaterskiwakeboardpark\/","article_modified_time":"2024-12-25T09:03:21+00:00","og_image":[{"width":1024,"height":1024,"url":"https:\/\/www.waterskis.lv\/wp-content\/uploads\/2024\/12\/2022_KD_DELUXE_NEOPRENE_SLALOM_TOP_1e-foto-1024x1024-1.jpg","type":"image\/jpeg"}],"twitter_card":"summary_large_image","twitter_misc":{"\u041f\u0440\u0438\u043c\u0435\u0440\u043d\u043e\u0435 \u0432\u0440\u0435\u043c\u044f \u0434\u043b\u044f \u0447\u0442\u0435\u043d\u0438\u044f":"1 \u043c\u0438\u043d\u0443\u0442\u0430"},"schema":{"@context":"https:\/\/schema.org","@graph":[{"@type":"WebPage","@id":"https:\/\/www.waterskis.lv\/ru\/product\/%d1%87%d0%b5%d1%85%d0%be%d0%bb-%d0%b4%d0%bb%d1%8f-%d0%bb%d1%8b%d0%b6-kd-deluxe-neo-slalom-%d1%81-%d0%b7%d0%b0%d1%89%d0%b8%d1%82%d0%be%d0%b9-%d0%ba%d0%b8%d0%bb%d1%8f\/","url":"https:\/\/www.waterskis.lv\/ru\/product\/%d1%87%d0%b5%d1%85%d0%be%d0%bb-%d0%b4%d0%bb%d1%8f-%d0%bb%d1%8b%d0%b6-kd-deluxe-neo-slalom-%d1%81-%d0%b7%d0%b0%d1%89%d0%b8%d1%82%d0%be%d0%b9-%d0%ba%d0%b8%d0%bb%d1%8f\/","name":"\u0427\u0435\u0445\u043e\u043b \u0434\u043b\u044f \u043b\u044b\u0436 KD Deluxe Neo Slalom \u0441 \u0437\u0430\u0449\u0438\u0442\u043e\u0439 \u043a\u0438\u043b\u044f - WATERSKIS.LV","isPartOf":{"@id":"https:\/\/www.waterskis.lv\/ru\/#website"},"primaryImageOfPage":{"@id":"https:\/\/www.waterskis.lv\/ru\/product\/%d1%87%d0%b5%d1%85%d0%be%d0%bb-%d0%b4%d0%bb%d1%8f-%d0%bb%d1%8b%d0%b6-kd-deluxe-neo-slalom-%d1%81-%d0%b7%d0%b0%d1%89%d0%b8%d1%82%d0%be%d0%b9-%d0%ba%d0%b8%d0%bb%d1%8f\/#primaryimage"},"image":{"@id":"https:\/\/www.waterskis.lv\/ru\/product\/%d1%87%d0%b5%d1%85%d0%be%d0%bb-%d0%b4%d0%bb%d1%8f-%d0%bb%d1%8b%d0%b6-kd-deluxe-neo-slalom-%d1%81-%d0%b7%d0%b0%d1%89%d0%b8%d1%82%d0%be%d0%b9-%d0%ba%d0%b8%d0%bb%d1%8f\/#primaryimage"},"thumbnailUrl":"https:\/\/www.waterskis.lv\/wp-content\/uploads\/2024\/12\/2022_KD_DELUXE_NEOPRENE_SLALOM_TOP_1e-foto-1024x1024-1.jpg","datePublished":"2024-12-25T08:52:41+00:00","dateModified":"2024-12-25T09:03:21+00:00","description":"\u0427\u0435\u0445\u043e\u043b \u0434\u043b\u044f \u043b\u044b\u0436 KD Deluxe Neo Slalom \u0441 \u0437\u0430\u0449\u0438\u0442\u043e\u0439 \u043a\u0438\u043b\u044f. \u041f\u043e\u0434\u0445\u043e\u0434\u0438\u0442 \u0434\u043b\u044f \u0442\u0440\u0430\u0434\u0438\u0446\u0438\u043e\u043d\u043d\u044b\u0445 \u0441\u043b\u0430\u043b\u043e\u043c\u043d\u044b\u0445 \u043b\u044b\u0436 \u0440\u0430\u0437\u043c\u0435\u0440\u043e\u043c \u043e\u0442 64 \u0434\u043e 67 \u0434\u044e\u0439\u043c\u043e\u0432. \u0420\u0430\u0437\u043c\u0435\u0440 63\u201369 \u0434\u044e\u0439\u043c\u043e\u0432","breadcrumb":{"@id":"https:\/\/www.waterskis.lv\/ru\/product\/%d1%87%d0%b5%d1%85%d0%be%d0%bb-%d0%b4%d0%bb%d1%8f-%d0%bb%d1%8b%d0%b6-kd-deluxe-neo-slalom-%d1%81-%d0%b7%d0%b0%d1%89%d0%b8%d1%82%d0%be%d0%b9-%d0%ba%d0%b8%d0%bb%d1%8f\/#breadcrumb"},"inLanguage":"ru-RU","potentialAction":[{"@type":"ReadAction","target":["https:\/\/www.waterskis.lv\/ru\/product\/%d1%87%d0%b5%d1%85%d0%be%d0%bb-%d0%b4%d0%bb%d1%8f-%d0%bb%d1%8b%d0%b6-kd-deluxe-neo-slalom-%d1%81-%d0%b7%d0%b0%d1%89%d0%b8%d1%82%d0%be%d0%b9-%d0%ba%d0%b8%d0%bb%d1%8f\/"]}]},{"@type":"ImageObject","inLanguage":"ru-RU","@id":"https:\/\/www.waterskis.lv\/ru\/product\/%d1%87%d0%b5%d1%85%d0%be%d0%bb-%d0%b4%d0%bb%d1%8f-%d0%bb%d1%8b%d0%b6-kd-deluxe-neo-slalom-%d1%81-%d0%b7%d0%b0%d1%89%d0%b8%d1%82%d0%be%d0%b9-%d0%ba%d0%b8%d0%bb%d1%8f\/#primaryimage","url":"https:\/\/www.waterskis.lv\/wp-content\/uploads\/2024\/12\/2022_KD_DELUXE_NEOPRENE_SLALOM_TOP_1e-foto-1024x1024-1.jpg","contentUrl":"https:\/\/www.waterskis.lv\/wp-content\/uploads\/2024\/12\/2022_KD_DELUXE_NEOPRENE_SLALOM_TOP_1e-foto-1024x1024-1.jpg","width":1024,"height":1024,"caption":"KD Deluxe Neo Slaloma sl\u0113pes p\u0101rvalks ar \u0137\u012b\u013ca aizsargu"},{"@type":"BreadcrumbList","@id":"https:\/\/www.waterskis.lv\/ru\/product\/%d1%87%d0%b5%d1%85%d0%be%d0%bb-%d0%b4%d0%bb%d1%8f-%d0%bb%d1%8b%d0%b6-kd-deluxe-neo-slalom-%d1%81-%d0%b7%d0%b0%d1%89%d0%b8%d1%82%d0%be%d0%b9-%d0%ba%d0%b8%d0%bb%d1%8f\/#breadcrumb","itemListElement":[{"@type":"ListItem","position":1,"name":"Home","item":"https:\/\/www.waterskis.lv\/ru\/"},{"@type":"ListItem","position":2,"name":"\u041c\u0430\u0433\u0430\u0437\u0438\u043d","item":"https:\/\/www.waterskis.lv\/ru\/%d0%bc%d0%b0%d0%b3%d0%b0%d0%b7%d0%b8%d0%bd\/"},{"@type":"ListItem","position":3,"name":"\u0427\u0435\u0445\u043e\u043b \u0434\u043b\u044f \u043b\u044b\u0436 KD Deluxe Neo Slalom \u0441 \u0437\u0430\u0449\u0438\u0442\u043e\u0439 \u043a\u0438\u043b\u044f"}]},{"@type":"WebSite","@id":"https:\/\/www.waterskis.lv\/ru\/#website","url":"https:\/\/www.waterskis.lv\/ru\/","name":"WATERSKIS.LV","description":"SUP d\u0113\u013ci, kajaki, kanoe, airu laivas, \u016bdenssl\u0113po\u0161ana, veikbords, SUP d\u0113\u013cu noma, kajaku nomaakt\u012bv\u0101s atp\u016btas centrs, laivu noma, sup noma, kajaku noma","publisher":{"@id":"https:\/\/www.waterskis.lv\/ru\/#organization"},"potentialAction":[{"@type":"SearchAction","target":{"@type":"EntryPoint","urlTemplate":"https:\/\/www.waterskis.lv\/ru\/?s={search_term_string}"},"query-input":{"@type":"PropertyValueSpecification","valueRequired":true,"valueName":"search_term_string"}}],"inLanguage":"ru-RU"},{"@type":"Organization","@id":"https:\/\/www.waterskis.lv\/ru\/#organization","name":"WATERSKIS.LV","url":"https:\/\/www.waterskis.lv\/ru\/","logo":{"@type":"ImageObject","inLanguage":"ru-RU","@id":"https:\/\/www.waterskis.lv\/ru\/#\/schema\/logo\/image\/","url":"https:\/\/www.waterskis.lv\/wp-content\/uploads\/2025\/01\/JUVP-logo.png","contentUrl":"https:\/\/www.waterskis.lv\/wp-content\/uploads\/2025\/01\/JUVP-logo.png","width":421,"height":202,"caption":"WATERSKIS.LV"},"image":{"@id":"https:\/\/www.waterskis.lv\/ru\/#\/schema\/logo\/image\/"},"sameAs":["https:\/\/www.facebook.com\/jurmalawaterskiwakeboardpark\/"]}]}},"_links":{"self":[{"href":"https:\/\/www.waterskis.lv\/ru\/wp-json\/wp\/v2\/product\/59766","targetHints":{"allow":["GET"]}}],"collection":[{"href":"https:\/\/www.waterskis.lv\/ru\/wp-json\/wp\/v2\/product"}],"about":[{"href":"https:\/\/www.waterskis.lv\/ru\/wp-json\/wp\/v2\/types\/product"}],"replies":[{"embeddable":true,"href":"https:\/\/www.waterskis.lv\/ru\/wp-json\/wp\/v2\/comments?post=59766"}],"wp:featuredmedia":[{"embeddable":true,"href":"https:\/\/www.waterskis.lv\/ru\/wp-json\/wp\/v2\/media\/59761"}],"wp:attachment":[{"href":"https:\/\/www.waterskis.lv\/ru\/wp-json\/wp\/v2\/media?parent=59766"}],"wp:term":[{"taxonomy":"product_brand","embeddable":true,"href":"https:\/\/www.waterskis.lv\/ru\/wp-json\/wp\/v2\/product_brand?post=59766"},{"taxonomy":"product_cat","embeddable":true,"href":"https:\/\/www.waterskis.lv\/ru\/wp-json\/wp\/v2\/product_cat?post=59766"},{"taxonomy":"product_tag","embeddable":true,"href":"https:\/\/www.waterskis.lv\/ru\/wp-json\/wp\/v2\/product_tag?post=59766"}],"curies":[{"name":"wp","href":"https:\/\/api.w.org\/{rel}","templated":true}]}}