{"id":59938,"date":"2025-01-11T13:39:26","date_gmt":"2025-01-11T10:39:26","guid":{"rendered":"https:\/\/www.waterskis.lv\/product\/slaloma-udensslepe-kd-titanium-carbon-graphite\/"},"modified":"2026-01-28T14:36:37","modified_gmt":"2026-01-28T12:36:37","slug":"%d0%b2%d0%be%d0%b4%d0%bd%d0%b0%d1%8f-%d0%bb%d1%8b%d0%b6%d0%b0-%d0%b4%d0%bb%d1%8f-%d1%81%d0%bb%d0%b0%d0%bb%d0%be%d0%bc%d0%b0-kd-titanium-carbon-graphite","status":"publish","type":"product","link":"https:\/\/www.waterskis.lv\/ru\/product\/%d0%b2%d0%be%d0%b4%d0%bd%d0%b0%d1%8f-%d0%bb%d1%8b%d0%b6%d0%b0-%d0%b4%d0%bb%d1%8f-%d1%81%d0%bb%d0%b0%d0%bb%d0%be%d0%bc%d0%b0-kd-titanium-carbon-graphite\/","title":{"rendered":"\u0412\u043e\u0434\u043d\u0430\u044f \u043b\u044b\u0436\u0430 \u0434\u043b\u044f \u0441\u043b\u0430\u043b\u043e\u043c\u0430 KD Titanium Carbon Graphite"},"content":{"rendered":"<h1>\u0412\u043e\u0434\u043d\u0430\u044f \u043b\u044b\u0436\u0430 \u0434\u043b\u044f \u0441\u043b\u0430\u043b\u043e\u043c\u0430 KD Titanium Carbon Graphite<\/h1>\n<p>\u0412\u043e\u0434\u043d\u0430\u044f \u043b\u044b\u0436\u0430 \u0434\u043b\u044f \u0441\u043b\u0430\u043b\u043e\u043c\u0430 KD Titanium Carbon Graphite<\/p>\n<p>\u0421\u0434\u0435\u043b\u0430\u043d\u043e \u0432 \u0421\u0428\u0410<br \/>\n\u0420\u0410\u0417\u041c\u0415\u0420\u042b: 65 \u0434\u044e\u0439\u043c\u043e\u0432\/66 \u0434\u044e\u0439\u043c\u043e\u0432\/67 \u0434\u044e\u0439\u043c\u043e\u0432\/68 \u0434\u044e\u0439\u043c\u043e\u0432<br \/>\n\u0411\u043b\u0430\u043d\u043a \u0441 \u0440\u0435\u0433\u0443\u043b\u0438\u0440\u0443\u0435\u043c\u044b\u043c \u043f\u043b\u0430\u0432\u043d\u0438\u043a\u043e\u043c<\/p>\n<p>\u042d\u0442\u0438 \u043b\u044b\u0436\u0438, \u043f\u0440\u043e\u0438\u0437\u0432\u0435\u0434\u0435\u043d\u043d\u044b\u0435 \u0432 \u0421\u0428\u0410, \u0440\u0430\u0437\u0440\u0430\u0431\u0430\u0442\u044b\u0432\u0430\u043b\u0438\u0441\u044c \u0431\u043e\u043b\u0435\u0435 \u0434\u0432\u0443\u0445 \u043b\u0435\u0442 \u0438 \u043e\u0441\u043d\u0430\u0449\u0435\u043d\u044b \u0444\u0443\u043d\u043a\u0446\u0438\u044f\u043c\u0438, \u043e\u0431\u0435\u0441\u043f\u0435\u0447\u0438\u0432\u0430\u044e\u0449\u0438\u043c\u0438 \u043f\u0440\u043e\u0438\u0437\u0432\u043e\u0434\u0438\u0442\u0435\u043b\u044c\u043d\u043e\u0441\u0442\u044c \u043d\u0430\u0431\u043e\u0440 \u0437\u0430 \u043d\u0430\u0431\u043e\u0440\u043e\u043c! \u0421\u043e\u0432\u0435\u0440\u0448\u0435\u043d\u043d\u043e \u043d\u043e\u0432\u044b\u0435 \u0442\u0438\u0442\u0430\u043d\u043e\u0432\u044b\u0435 \u0432\u0435\u0440\u0448\u0438\u043d\u044b \u0441\u0435\u0440\u0438\u0438 Element \u043e\u0431\u043b\u0430\u0434\u0430\u044e\u0442 \u043c\u043d\u043e\u0436\u0435\u0441\u0442\u0432\u043e\u043c \u0444\u0443\u043d\u043a\u0446\u0438\u0439 \u0438 \u043f\u0440\u043e\u0438\u0437\u0432\u043e\u0434\u0438\u0442\u0435\u043b\u044c\u043d\u043e\u0441\u0442\u044c\u044e. \u041c\u044b \u043d\u0430\u0447\u0430\u043b\u0438 \u0441 \u043d\u0430\u0448\u0435\u0439 Platinum \u043c\u0438\u0440\u043e\u0432\u043e\u0433\u043e \u043a\u043b\u0430\u0441\u0441\u0430 \u0438 \u0443\u0432\u0435\u043b\u0438\u0447\u0438\u043b\u0438 \u043f\u043b\u043e\u0441\u043a\u043e\u0441\u0442\u044c \u043f\u043e\u0434 \u043a\u0440\u0435\u043f\u043b\u0435\u043d\u0438\u044f\u043c\u0438, \u0442\u0435\u043c \u0441\u0430\u043c\u044b\u043c \u0434\u043e\u0431\u0430\u0432\u0438\u0432 \u0441\u0442\u0430\u0431\u0438\u043b\u044c\u043d\u043e\u0441\u0442\u0438 \u0438 \u0441\u043a\u043e\u0440\u043e\u0441\u0442\u0438.<\/p>\n<p>\u041c\u044b \u043f\u0435\u0440\u0435\u043c\u0435\u0441\u0442\u0438\u043b\u0438 \u0441\u0442\u0443\u043f\u0435\u043d\u044c\u043a\u0443 \u043f\u043e\u0434\u044a\u0435\u043c\u043d\u0438\u043a\u0430 \u0432 \u043f\u0435\u0440\u0435\u0434\u043d\u0435\u0439 \u0447\u0430\u0441\u0442\u0438 \u0432\u043e\u0433\u043d\u0443\u0442\u043e\u0439 \u0447\u0430\u0441\u0442\u0438 \u043b\u044b\u0436\u0438 \u043f\u043e \u043d\u0430\u043f\u0440\u0430\u0432\u043b\u0435\u043d\u0438\u044e \u043a \u043d\u043e\u0441\u043a\u0443 \u043b\u044b\u0436\u0438, \u0447\u0442\u043e\u0431\u044b \u0432\u043e\u0433\u043d\u0443\u0442\u0430\u044f \u043f\u043e\u0432\u0435\u0440\u0445\u043d\u043e\u0441\u0442\u044c \u043c\u043e\u0433\u043b\u0430 \u043e\u0442\u0432\u043e\u0434\u0438\u0442\u044c \u0432\u043e\u0434\u0443 \u043d\u0435\u043c\u043d\u043e\u0433\u043e \u0434\u0430\u043b\u044c\u0448\u0435 \u0432\u043f\u0435\u0440\u0435\u0434 \u0432\u043e \u0432\u0440\u0435\u043c\u044f \u043f\u043e\u0432\u043e\u0440\u043e\u0442\u0430, \u0432 \u0442\u043e \u0436\u0435 \u0432\u0440\u0435\u043c\u044f \u043f\u043e\u043c\u043e\u0433\u0430\u044f \u043f\u043e\u0434\u043d\u044f\u0442\u044c \u043d\u043e\u0441\u043e\u043a \u043b\u044b\u0436\u0438, \u0435\u0441\u043b\u0438 \u043b\u044b\u0436\u043d\u0438\u043a\u0438 \u043f\u043e\u0447\u0443\u0432\u0441\u0442\u0432\u0443\u044e\u0442 \u043e\u0449\u0443\u0449\u0435\u043d\u0438\u0435 \u0441\u0440\u044b\u0432\u0430. \u0412\u043d\u0443\u0442\u0440\u0435\u043d\u043d\u0438\u0439 \u043a\u0440\u0430\u0439 \u0445\u0432\u043e\u0441\u0442\u043e\u0432\u043e\u0439 \u0447\u0430\u0441\u0442\u0438 \u0441\u043a\u0440\u0443\u0433\u043b\u0435\u043d, \u0447\u0442\u043e\u0431\u044b \u043b\u044b\u0436\u0430 \u043c\u043e\u0433\u043b\u0430 \u0431\u043e\u043b\u0435\u0435 \u043f\u043b\u0430\u0432\u043d\u043e \u043a\u0430\u0442\u0438\u0442\u044c\u0441\u044f \u0432 \u043f\u043e\u0432\u043e\u0440\u043e\u0442\u0435, \u043e\u0441\u043e\u0431\u0435\u043d\u043d\u043e \u043d\u0430 \u0432\u044b\u0445\u043e\u0434\u0435 \u0438\u0437 \u0432\u043e\u0440\u043e\u0442.<\/p>\n<p>\u041a\u043b\u044e\u0447\u0435\u0432\u044b\u0435 \u043e\u0441\u043e\u0431\u0435\u043d\u043d\u043e\u0441\u0442\u0438:<\/p>\n<p>\u0420\u0438\u0441\u0443\u043d\u043e\u043a \u043d\u0430\u043a\u043e\u043d\u0435\u0447\u043d\u0438\u043a\u0430 \u0437\u043e\u043d\u044b \u0442\u043e\u0440\u0441\u0438\u043e\u043d\u043d\u043e\u0439 \u0433\u0438\u0431\u043a\u043e\u0441\u0442\u0438<br \/>\n\u041a\u043e\u043d\u0442\u0443\u0440\u043d\u044b\u0439 \u0442\u043e\u043f<br \/>\n\u0427\u0435\u0442\u044b\u0440\u0435\u0445\u0441\u0442\u0443\u043f\u0435\u043d\u0447\u0430\u0442\u0430\u044f \u043f\u0440\u043e\u0434\u043e\u043b\u044c\u043d\u0430\u044f \u0433\u0438\u0431\u043a\u0430\u044f \u043b\u0438\u043d\u0438\u044f<br \/>\n\u0421\u0432\u0435\u0440\u0445\u043b\u0435\u0433\u043a\u0438\u0439 \u0441\u0435\u0440\u0434\u0435\u0447\u043d\u0438\u043a \u0438\u0437 \u041f\u0412\u0425<br \/>\n\u0417\u0430\u0433\u043d\u0443\u0442\u044b\u0435 \u0431\u043e\u043a\u043e\u0432\u044b\u0435 \u0441\u0442\u0435\u043d\u043a\u0438 \u043a\u043e\u043d\u0447\u0438\u043a\u0430 \u0438 \u0445\u0432\u043e\u0441\u0442\u0430<br \/>\n100% \u0443\u0433\u043b\u0435\u0440\u043e\u0434\u043d\u044b\u0439 \u0433\u0440\u0430\u0444\u0438\u0442, \u0443\u043b\u043e\u0436\u0435\u043d\u043d\u044b\u0439<br \/>\n\u041d\u0430\u043a\u043e\u043d\u0435\u0447\u043d\u0438\u043a \u043f\u043e\u0434\u044a\u0435\u043c\u043d\u043e\u0439 \u0440\u0435\u0439\u043a\u0438<br \/>\n\u0420\u0435\u0433\u0443\u043b\u0438\u0440\u0443\u0435\u043c\u0430\u044f \u0441\u0438\u0441\u0442\u0435\u043c\u0430 \u0442\u0443\u0440\u043d\u0438\u0440\u043d\u044b\u0445 \u043f\u043b\u0430\u0432\u043d\u0438\u043a\u043e\u0432<br \/>\n\u041a\u043e\u043d\u043a\u0443\u0440\u0441\u043d\u0430\u044f \u0444\u043e\u043b\u044c\u0433\u0430<br \/>\n\u0421\u0434\u0435\u043b\u0430\u043d\u043e \u0432 \u0421\u0428\u0410<\/p>\n","protected":false},"excerpt":{"rendered":"<p>\u0412\u043e\u0434\u043d\u0430\u044f \u043b\u044b\u0436\u0430 \u0434\u043b\u044f \u0441\u043b\u0430\u043b\u043e\u043c\u0430 KD Titanium Carbon Graphite \u0412\u043e\u0434\u043d\u0430\u044f \u043b\u044b\u0436\u0430 \u0434\u043b\u044f \u0441\u043b\u0430\u043b\u043e\u043c\u0430 KD Titanium Carbon Graphite \u0421\u0434\u0435\u043b\u0430\u043d\u043e \u0432 \u0421\u0428\u0410 \u0420\u0410\u0417\u041c\u0415\u0420\u042b: 65 \u0434\u044e\u0439\u043c\u043e\u0432\/66 \u0434\u044e\u0439\u043c\u043e\u0432\/67 \u0434\u044e\u0439\u043c\u043e\u0432\/68 \u0434\u044e\u0439\u043c\u043e\u0432 \u0411\u043b\u0430\u043d\u043a \u0441 \u0440\u0435\u0433\u0443\u043b\u0438\u0440\u0443\u0435\u043c\u044b\u043c \u043f\u043b\u0430\u0432\u043d\u0438\u043a\u043e\u043c \u042d\u0442\u0438 \u043b\u044b\u0436\u0438, \u043f\u0440\u043e\u0438\u0437\u0432\u0435\u0434\u0435\u043d\u043d\u044b\u0435 \u0432 \u0421\u0428\u0410, \u0440\u0430\u0437\u0440\u0430\u0431\u0430\u0442\u044b\u0432\u0430\u043b\u0438\u0441\u044c \u0431\u043e\u043b\u0435\u0435 \u0434\u0432\u0443\u0445 \u043b\u0435\u0442 \u0438 \u043e\u0441\u043d\u0430\u0449\u0435\u043d\u044b \u0444\u0443\u043d\u043a\u0446\u0438\u044f\u043c\u0438, \u043e\u0431\u0435\u0441\u043f\u0435\u0447\u0438\u0432\u0430\u044e\u0449\u0438\u043c\u0438 \u043f\u0440\u043e\u0438\u0437\u0432\u043e\u0434\u0438\u0442\u0435\u043b\u044c\u043d\u043e\u0441\u0442\u044c \u043d\u0430\u0431\u043e\u0440 \u0437\u0430 \u043d\u0430\u0431\u043e\u0440\u043e\u043c! \u0421\u043e\u0432\u0435\u0440\u0448\u0435\u043d\u043d\u043e \u043d\u043e\u0432\u044b\u0435 \u0442\u0438\u0442\u0430\u043d\u043e\u0432\u044b\u0435 \u0432\u0435\u0440\u0448\u0438\u043d\u044b \u0441\u0435\u0440\u0438\u0438 Element \u043e\u0431\u043b\u0430\u0434\u0430\u044e\u0442 \u043c\u043d\u043e\u0436\u0435\u0441\u0442\u0432\u043e\u043c \u0444\u0443\u043d\u043a\u0446\u0438\u0439 [&#8230;]<\/p>\n<p><a class=\"btn btn-secondary understrap-read-more-link\" href=\"https:\/\/www.waterskis.lv\/ru\/product\/%d0%b2%d0%be%d0%b4%d0%bd%d0%b0%d1%8f-%d0%bb%d1%8b%d0%b6%d0%b0-%d0%b4%d0%bb%d1%8f-%d1%81%d0%bb%d0%b0%d0%bb%d0%be%d0%bc%d0%b0-kd-titanium-carbon-graphite\/\">\u0427\u0438\u0442\u0430\u0442\u044c \u0434\u0430\u043b\u044c\u0448\u0435\u2026<\/a><\/p>\n","protected":false},"featured_media":59936,"comment_status":"closed","ping_status":"closed","template":"","meta":{"_acf_changed":false,"inline_featured_image":false},"product_brand":[2390],"product_cat":[556,1204,558],"product_tag":[2987],"class_list":{"0":"post-59938","1":"product","2":"type-product","3":"status-publish","4":"has-post-thumbnail","6":"product_brand-kd-skis","7":"product_cat-b-","8":"product_cat---kd","9":"product_cat-558","10":"product_tag-2987","12":"first","13":"instock","14":"shipping-taxable","15":"purchasable","16":"product-type-simple"},"acf":[],"yoast_head":"<!-- This site is optimized with the Yoast SEO plugin v27.5 - https:\/\/yoast.com\/product\/yoast-seo-wordpress\/ -->\n<title>\u0412\u043e\u0434\u043d\u0430\u044f \u043b\u044b\u0436\u0430 \u0434\u043b\u044f \u0441\u043b\u0430\u043b\u043e\u043c\u0430 KD Titanium Carbon Graphite - WATERSKIS.LV<\/title>\n<meta name=\"description\" content=\"\u0412\u043e\u0434\u043d\u0430\u044f \u043b\u044b\u0436\u0430 \u0434\u043b\u044f \u0441\u043b\u0430\u043b\u043e\u043c\u0430 KD Titanium Carbon Graphite\u044e \u0421\u0434\u0435\u043b\u0430\u043d\u043e \u0432 \u0421\u0428\u0410\u044e \u0420\u0410\u0417\u041c\u0415\u0420\u042b: 65\/66\/6768 \u0434\u044e\u0439\u043c\u043e\u0432. \u0411\u043b\u0430\u043d\u043a \u0441 \u0440\u0435\u0433\u0443\u043b\u0438\u0440\u0443\u0435\u043c\u044b\u043c \u043f\u043b\u0430\u0432\u043d\u0438\u043a\u043e\u043c\" \/>\n<meta name=\"robots\" content=\"index, follow, max-snippet:-1, max-image-preview:large, max-video-preview:-1\" \/>\n<link rel=\"canonical\" href=\"https:\/\/www.waterskis.lv\/ru\/product\/%d0%b2%d0%be%d0%b4%d0%bd%d0%b0%d1%8f-%d0%bb%d1%8b%d0%b6%d0%b0-%d0%b4%d0%bb%d1%8f-%d1%81%d0%bb%d0%b0%d0%bb%d0%be%d0%bc%d0%b0-kd-titanium-carbon-graphite\/\" \/>\n<meta property=\"og:locale\" content=\"ru_RU\" \/>\n<meta property=\"og:type\" content=\"article\" \/>\n<meta property=\"og:title\" content=\"\u0412\u043e\u0434\u043d\u0430\u044f \u043b\u044b\u0436\u0430 \u0434\u043b\u044f \u0441\u043b\u0430\u043b\u043e\u043c\u0430 KD Titanium Carbon Graphite - WATERSKIS.LV\" \/>\n<meta property=\"og:description\" content=\"\u0412\u043e\u0434\u043d\u0430\u044f \u043b\u044b\u0436\u0430 \u0434\u043b\u044f \u0441\u043b\u0430\u043b\u043e\u043c\u0430 KD Titanium Carbon Graphite\u044e \u0421\u0434\u0435\u043b\u0430\u043d\u043e \u0432 \u0421\u0428\u0410\u044e \u0420\u0410\u0417\u041c\u0415\u0420\u042b: 65\/66\/6768 \u0434\u044e\u0439\u043c\u043e\u0432. \u0411\u043b\u0430\u043d\u043a \u0441 \u0440\u0435\u0433\u0443\u043b\u0438\u0440\u0443\u0435\u043c\u044b\u043c \u043f\u043b\u0430\u0432\u043d\u0438\u043a\u043e\u043c\" \/>\n<meta property=\"og:url\" content=\"https:\/\/www.waterskis.lv\/ru\/product\/%d0%b2%d0%be%d0%b4%d0%bd%d0%b0%d1%8f-%d0%bb%d1%8b%d0%b6%d0%b0-%d0%b4%d0%bb%d1%8f-%d1%81%d0%bb%d0%b0%d0%bb%d0%be%d0%bc%d0%b0-kd-titanium-carbon-graphite\/\" \/>\n<meta property=\"og:site_name\" content=\"WATERSKIS.LV\" \/>\n<meta property=\"article:publisher\" content=\"https:\/\/www.facebook.com\/jurmalawaterskiwakeboardpark\/\" \/>\n<meta property=\"article:modified_time\" content=\"2026-01-28T12:36:37+00:00\" \/>\n<meta property=\"og:image\" content=\"https:\/\/www.waterskis.lv\/wp-content\/uploads\/2025\/01\/Titanium-2024-Top_Bottom.jpeg\" \/>\n\t<meta property=\"og:image:width\" content=\"1500\" \/>\n\t<meta property=\"og:image:height\" content=\"1500\" \/>\n\t<meta property=\"og:image:type\" content=\"image\/jpeg\" \/>\n<meta name=\"twitter:card\" content=\"summary_large_image\" \/>\n<meta name=\"twitter:label1\" content=\"\u041f\u0440\u0438\u043c\u0435\u0440\u043d\u043e\u0435 \u0432\u0440\u0435\u043c\u044f \u0434\u043b\u044f \u0447\u0442\u0435\u043d\u0438\u044f\" \/>\n\t<meta name=\"twitter:data1\" content=\"2 \u043c\u0438\u043d\u0443\u0442\u044b\" \/>\n<script type=\"application\/ld+json\" class=\"yoast-schema-graph\">{\"@context\":\"https:\\\/\\\/schema.org\",\"@graph\":[{\"@type\":\"WebPage\",\"@id\":\"https:\\\/\\\/www.waterskis.lv\\\/ru\\\/product\\\/%d0%b2%d0%be%d0%b4%d0%bd%d0%b0%d1%8f-%d0%bb%d1%8b%d0%b6%d0%b0-%d0%b4%d0%bb%d1%8f-%d1%81%d0%bb%d0%b0%d0%bb%d0%be%d0%bc%d0%b0-kd-titanium-carbon-graphite\\\/\",\"url\":\"https:\\\/\\\/www.waterskis.lv\\\/ru\\\/product\\\/%d0%b2%d0%be%d0%b4%d0%bd%d0%b0%d1%8f-%d0%bb%d1%8b%d0%b6%d0%b0-%d0%b4%d0%bb%d1%8f-%d1%81%d0%bb%d0%b0%d0%bb%d0%be%d0%bc%d0%b0-kd-titanium-carbon-graphite\\\/\",\"name\":\"\u0412\u043e\u0434\u043d\u0430\u044f \u043b\u044b\u0436\u0430 \u0434\u043b\u044f \u0441\u043b\u0430\u043b\u043e\u043c\u0430 KD Titanium Carbon Graphite - WATERSKIS.LV\",\"isPartOf\":{\"@id\":\"https:\\\/\\\/www.waterskis.lv\\\/ru\\\/#website\"},\"primaryImageOfPage\":{\"@id\":\"https:\\\/\\\/www.waterskis.lv\\\/ru\\\/product\\\/%d0%b2%d0%be%d0%b4%d0%bd%d0%b0%d1%8f-%d0%bb%d1%8b%d0%b6%d0%b0-%d0%b4%d0%bb%d1%8f-%d1%81%d0%bb%d0%b0%d0%bb%d0%be%d0%bc%d0%b0-kd-titanium-carbon-graphite\\\/#primaryimage\"},\"image\":{\"@id\":\"https:\\\/\\\/www.waterskis.lv\\\/ru\\\/product\\\/%d0%b2%d0%be%d0%b4%d0%bd%d0%b0%d1%8f-%d0%bb%d1%8b%d0%b6%d0%b0-%d0%b4%d0%bb%d1%8f-%d1%81%d0%bb%d0%b0%d0%bb%d0%be%d0%bc%d0%b0-kd-titanium-carbon-graphite\\\/#primaryimage\"},\"thumbnailUrl\":\"https:\\\/\\\/www.waterskis.lv\\\/wp-content\\\/uploads\\\/2025\\\/01\\\/Titanium-2024-Top_Bottom.jpeg\",\"datePublished\":\"2025-01-11T10:39:26+00:00\",\"dateModified\":\"2026-01-28T12:36:37+00:00\",\"description\":\"\u0412\u043e\u0434\u043d\u0430\u044f \u043b\u044b\u0436\u0430 \u0434\u043b\u044f \u0441\u043b\u0430\u043b\u043e\u043c\u0430 KD Titanium Carbon Graphite\u044e \u0421\u0434\u0435\u043b\u0430\u043d\u043e \u0432 \u0421\u0428\u0410\u044e \u0420\u0410\u0417\u041c\u0415\u0420\u042b: 65\\\/66\\\/6768 \u0434\u044e\u0439\u043c\u043e\u0432. \u0411\u043b\u0430\u043d\u043a \u0441 \u0440\u0435\u0433\u0443\u043b\u0438\u0440\u0443\u0435\u043c\u044b\u043c \u043f\u043b\u0430\u0432\u043d\u0438\u043a\u043e\u043c\",\"breadcrumb\":{\"@id\":\"https:\\\/\\\/www.waterskis.lv\\\/ru\\\/product\\\/%d0%b2%d0%be%d0%b4%d0%bd%d0%b0%d1%8f-%d0%bb%d1%8b%d0%b6%d0%b0-%d0%b4%d0%bb%d1%8f-%d1%81%d0%bb%d0%b0%d0%bb%d0%be%d0%bc%d0%b0-kd-titanium-carbon-graphite\\\/#breadcrumb\"},\"inLanguage\":\"ru-RU\",\"potentialAction\":[{\"@type\":\"ReadAction\",\"target\":[\"https:\\\/\\\/www.waterskis.lv\\\/ru\\\/product\\\/%d0%b2%d0%be%d0%b4%d0%bd%d0%b0%d1%8f-%d0%bb%d1%8b%d0%b6%d0%b0-%d0%b4%d0%bb%d1%8f-%d1%81%d0%bb%d0%b0%d0%bb%d0%be%d0%bc%d0%b0-kd-titanium-carbon-graphite\\\/\"]}]},{\"@type\":\"ImageObject\",\"inLanguage\":\"ru-RU\",\"@id\":\"https:\\\/\\\/www.waterskis.lv\\\/ru\\\/product\\\/%d0%b2%d0%be%d0%b4%d0%bd%d0%b0%d1%8f-%d0%bb%d1%8b%d0%b6%d0%b0-%d0%b4%d0%bb%d1%8f-%d1%81%d0%bb%d0%b0%d0%bb%d0%be%d0%bc%d0%b0-kd-titanium-carbon-graphite\\\/#primaryimage\",\"url\":\"https:\\\/\\\/www.waterskis.lv\\\/wp-content\\\/uploads\\\/2025\\\/01\\\/Titanium-2024-Top_Bottom.jpeg\",\"contentUrl\":\"https:\\\/\\\/www.waterskis.lv\\\/wp-content\\\/uploads\\\/2025\\\/01\\\/Titanium-2024-Top_Bottom.jpeg\",\"width\":1500,\"height\":1500,\"caption\":\"Slaloma \u016bdenssl\u0113pe KD Titanium Carbon Graphite\"},{\"@type\":\"BreadcrumbList\",\"@id\":\"https:\\\/\\\/www.waterskis.lv\\\/ru\\\/product\\\/%d0%b2%d0%be%d0%b4%d0%bd%d0%b0%d1%8f-%d0%bb%d1%8b%d0%b6%d0%b0-%d0%b4%d0%bb%d1%8f-%d1%81%d0%bb%d0%b0%d0%bb%d0%be%d0%bc%d0%b0-kd-titanium-carbon-graphite\\\/#breadcrumb\",\"itemListElement\":[{\"@type\":\"ListItem\",\"position\":1,\"name\":\"Home\",\"item\":\"https:\\\/\\\/www.waterskis.lv\\\/ru\\\/\"},{\"@type\":\"ListItem\",\"position\":2,\"name\":\"\u041c\u0430\u0433\u0430\u0437\u0438\u043d\",\"item\":\"https:\\\/\\\/www.waterskis.lv\\\/ru\\\/%d0%bc%d0%b0%d0%b3%d0%b0%d0%b7%d0%b8%d0%bd\\\/\"},{\"@type\":\"ListItem\",\"position\":3,\"name\":\"\u0412\u043e\u0434\u043d\u0430\u044f \u043b\u044b\u0436\u0430 \u0434\u043b\u044f \u0441\u043b\u0430\u043b\u043e\u043c\u0430 KD Titanium Carbon Graphite\"}]},{\"@type\":\"WebSite\",\"@id\":\"https:\\\/\\\/www.waterskis.lv\\\/ru\\\/#website\",\"url\":\"https:\\\/\\\/www.waterskis.lv\\\/ru\\\/\",\"name\":\"WATERSKIS.LV\",\"description\":\"SUP d\u0113\u013ci, kajaki, kanoe, airu laivas, \u016bdenssl\u0113po\u0161ana, veikbords, SUP d\u0113\u013cu noma, kajaku nomaakt\u012bv\u0101s atp\u016btas centrs, laivu noma, sup noma, kajaku noma\",\"publisher\":{\"@id\":\"https:\\\/\\\/www.waterskis.lv\\\/ru\\\/#organization\"},\"potentialAction\":[{\"@type\":\"SearchAction\",\"target\":{\"@type\":\"EntryPoint\",\"urlTemplate\":\"https:\\\/\\\/www.waterskis.lv\\\/ru\\\/?s={search_term_string}\"},\"query-input\":{\"@type\":\"PropertyValueSpecification\",\"valueRequired\":true,\"valueName\":\"search_term_string\"}}],\"inLanguage\":\"ru-RU\"},{\"@type\":\"Organization\",\"@id\":\"https:\\\/\\\/www.waterskis.lv\\\/ru\\\/#organization\",\"name\":\"WATERSKIS.LV\",\"url\":\"https:\\\/\\\/www.waterskis.lv\\\/ru\\\/\",\"logo\":{\"@type\":\"ImageObject\",\"inLanguage\":\"ru-RU\",\"@id\":\"https:\\\/\\\/www.waterskis.lv\\\/ru\\\/#\\\/schema\\\/logo\\\/image\\\/\",\"url\":\"https:\\\/\\\/www.waterskis.lv\\\/wp-content\\\/uploads\\\/2025\\\/01\\\/JUVP-logo.png\",\"contentUrl\":\"https:\\\/\\\/www.waterskis.lv\\\/wp-content\\\/uploads\\\/2025\\\/01\\\/JUVP-logo.png\",\"width\":421,\"height\":202,\"caption\":\"WATERSKIS.LV\"},\"image\":{\"@id\":\"https:\\\/\\\/www.waterskis.lv\\\/ru\\\/#\\\/schema\\\/logo\\\/image\\\/\"},\"sameAs\":[\"https:\\\/\\\/www.facebook.com\\\/jurmalawaterskiwakeboardpark\\\/\"]}]}<\/script>\n<!-- \/ Yoast SEO plugin. -->","yoast_head_json":{"title":"\u0412\u043e\u0434\u043d\u0430\u044f \u043b\u044b\u0436\u0430 \u0434\u043b\u044f \u0441\u043b\u0430\u043b\u043e\u043c\u0430 KD Titanium Carbon Graphite - WATERSKIS.LV","description":"\u0412\u043e\u0434\u043d\u0430\u044f \u043b\u044b\u0436\u0430 \u0434\u043b\u044f \u0441\u043b\u0430\u043b\u043e\u043c\u0430 KD Titanium Carbon Graphite\u044e \u0421\u0434\u0435\u043b\u0430\u043d\u043e \u0432 \u0421\u0428\u0410\u044e \u0420\u0410\u0417\u041c\u0415\u0420\u042b: 65\/66\/6768 \u0434\u044e\u0439\u043c\u043e\u0432. \u0411\u043b\u0430\u043d\u043a \u0441 \u0440\u0435\u0433\u0443\u043b\u0438\u0440\u0443\u0435\u043c\u044b\u043c \u043f\u043b\u0430\u0432\u043d\u0438\u043a\u043e\u043c","robots":{"index":"index","follow":"follow","max-snippet":"max-snippet:-1","max-image-preview":"max-image-preview:large","max-video-preview":"max-video-preview:-1"},"canonical":"https:\/\/www.waterskis.lv\/ru\/product\/%d0%b2%d0%be%d0%b4%d0%bd%d0%b0%d1%8f-%d0%bb%d1%8b%d0%b6%d0%b0-%d0%b4%d0%bb%d1%8f-%d1%81%d0%bb%d0%b0%d0%bb%d0%be%d0%bc%d0%b0-kd-titanium-carbon-graphite\/","og_locale":"ru_RU","og_type":"article","og_title":"\u0412\u043e\u0434\u043d\u0430\u044f \u043b\u044b\u0436\u0430 \u0434\u043b\u044f \u0441\u043b\u0430\u043b\u043e\u043c\u0430 KD Titanium Carbon Graphite - WATERSKIS.LV","og_description":"\u0412\u043e\u0434\u043d\u0430\u044f \u043b\u044b\u0436\u0430 \u0434\u043b\u044f \u0441\u043b\u0430\u043b\u043e\u043c\u0430 KD Titanium Carbon Graphite\u044e \u0421\u0434\u0435\u043b\u0430\u043d\u043e \u0432 \u0421\u0428\u0410\u044e \u0420\u0410\u0417\u041c\u0415\u0420\u042b: 65\/66\/6768 \u0434\u044e\u0439\u043c\u043e\u0432. \u0411\u043b\u0430\u043d\u043a \u0441 \u0440\u0435\u0433\u0443\u043b\u0438\u0440\u0443\u0435\u043c\u044b\u043c \u043f\u043b\u0430\u0432\u043d\u0438\u043a\u043e\u043c","og_url":"https:\/\/www.waterskis.lv\/ru\/product\/%d0%b2%d0%be%d0%b4%d0%bd%d0%b0%d1%8f-%d0%bb%d1%8b%d0%b6%d0%b0-%d0%b4%d0%bb%d1%8f-%d1%81%d0%bb%d0%b0%d0%bb%d0%be%d0%bc%d0%b0-kd-titanium-carbon-graphite\/","og_site_name":"WATERSKIS.LV","article_publisher":"https:\/\/www.facebook.com\/jurmalawaterskiwakeboardpark\/","article_modified_time":"2026-01-28T12:36:37+00:00","og_image":[{"width":1500,"height":1500,"url":"https:\/\/www.waterskis.lv\/wp-content\/uploads\/2025\/01\/Titanium-2024-Top_Bottom.jpeg","type":"image\/jpeg"}],"twitter_card":"summary_large_image","twitter_misc":{"\u041f\u0440\u0438\u043c\u0435\u0440\u043d\u043e\u0435 \u0432\u0440\u0435\u043c\u044f \u0434\u043b\u044f \u0447\u0442\u0435\u043d\u0438\u044f":"2 \u043c\u0438\u043d\u0443\u0442\u044b"},"schema":{"@context":"https:\/\/schema.org","@graph":[{"@type":"WebPage","@id":"https:\/\/www.waterskis.lv\/ru\/product\/%d0%b2%d0%be%d0%b4%d0%bd%d0%b0%d1%8f-%d0%bb%d1%8b%d0%b6%d0%b0-%d0%b4%d0%bb%d1%8f-%d1%81%d0%bb%d0%b0%d0%bb%d0%be%d0%bc%d0%b0-kd-titanium-carbon-graphite\/","url":"https:\/\/www.waterskis.lv\/ru\/product\/%d0%b2%d0%be%d0%b4%d0%bd%d0%b0%d1%8f-%d0%bb%d1%8b%d0%b6%d0%b0-%d0%b4%d0%bb%d1%8f-%d1%81%d0%bb%d0%b0%d0%bb%d0%be%d0%bc%d0%b0-kd-titanium-carbon-graphite\/","name":"\u0412\u043e\u0434\u043d\u0430\u044f \u043b\u044b\u0436\u0430 \u0434\u043b\u044f \u0441\u043b\u0430\u043b\u043e\u043c\u0430 KD Titanium Carbon Graphite - WATERSKIS.LV","isPartOf":{"@id":"https:\/\/www.waterskis.lv\/ru\/#website"},"primaryImageOfPage":{"@id":"https:\/\/www.waterskis.lv\/ru\/product\/%d0%b2%d0%be%d0%b4%d0%bd%d0%b0%d1%8f-%d0%bb%d1%8b%d0%b6%d0%b0-%d0%b4%d0%bb%d1%8f-%d1%81%d0%bb%d0%b0%d0%bb%d0%be%d0%bc%d0%b0-kd-titanium-carbon-graphite\/#primaryimage"},"image":{"@id":"https:\/\/www.waterskis.lv\/ru\/product\/%d0%b2%d0%be%d0%b4%d0%bd%d0%b0%d1%8f-%d0%bb%d1%8b%d0%b6%d0%b0-%d0%b4%d0%bb%d1%8f-%d1%81%d0%bb%d0%b0%d0%bb%d0%be%d0%bc%d0%b0-kd-titanium-carbon-graphite\/#primaryimage"},"thumbnailUrl":"https:\/\/www.waterskis.lv\/wp-content\/uploads\/2025\/01\/Titanium-2024-Top_Bottom.jpeg","datePublished":"2025-01-11T10:39:26+00:00","dateModified":"2026-01-28T12:36:37+00:00","description":"\u0412\u043e\u0434\u043d\u0430\u044f \u043b\u044b\u0436\u0430 \u0434\u043b\u044f \u0441\u043b\u0430\u043b\u043e\u043c\u0430 KD Titanium Carbon Graphite\u044e \u0421\u0434\u0435\u043b\u0430\u043d\u043e \u0432 \u0421\u0428\u0410\u044e \u0420\u0410\u0417\u041c\u0415\u0420\u042b: 65\/66\/6768 \u0434\u044e\u0439\u043c\u043e\u0432. \u0411\u043b\u0430\u043d\u043a \u0441 \u0440\u0435\u0433\u0443\u043b\u0438\u0440\u0443\u0435\u043c\u044b\u043c \u043f\u043b\u0430\u0432\u043d\u0438\u043a\u043e\u043c","breadcrumb":{"@id":"https:\/\/www.waterskis.lv\/ru\/product\/%d0%b2%d0%be%d0%b4%d0%bd%d0%b0%d1%8f-%d0%bb%d1%8b%d0%b6%d0%b0-%d0%b4%d0%bb%d1%8f-%d1%81%d0%bb%d0%b0%d0%bb%d0%be%d0%bc%d0%b0-kd-titanium-carbon-graphite\/#breadcrumb"},"inLanguage":"ru-RU","potentialAction":[{"@type":"ReadAction","target":["https:\/\/www.waterskis.lv\/ru\/product\/%d0%b2%d0%be%d0%b4%d0%bd%d0%b0%d1%8f-%d0%bb%d1%8b%d0%b6%d0%b0-%d0%b4%d0%bb%d1%8f-%d1%81%d0%bb%d0%b0%d0%bb%d0%be%d0%bc%d0%b0-kd-titanium-carbon-graphite\/"]}]},{"@type":"ImageObject","inLanguage":"ru-RU","@id":"https:\/\/www.waterskis.lv\/ru\/product\/%d0%b2%d0%be%d0%b4%d0%bd%d0%b0%d1%8f-%d0%bb%d1%8b%d0%b6%d0%b0-%d0%b4%d0%bb%d1%8f-%d1%81%d0%bb%d0%b0%d0%bb%d0%be%d0%bc%d0%b0-kd-titanium-carbon-graphite\/#primaryimage","url":"https:\/\/www.waterskis.lv\/wp-content\/uploads\/2025\/01\/Titanium-2024-Top_Bottom.jpeg","contentUrl":"https:\/\/www.waterskis.lv\/wp-content\/uploads\/2025\/01\/Titanium-2024-Top_Bottom.jpeg","width":1500,"height":1500,"caption":"Slaloma \u016bdenssl\u0113pe KD Titanium Carbon Graphite"},{"@type":"BreadcrumbList","@id":"https:\/\/www.waterskis.lv\/ru\/product\/%d0%b2%d0%be%d0%b4%d0%bd%d0%b0%d1%8f-%d0%bb%d1%8b%d0%b6%d0%b0-%d0%b4%d0%bb%d1%8f-%d1%81%d0%bb%d0%b0%d0%bb%d0%be%d0%bc%d0%b0-kd-titanium-carbon-graphite\/#breadcrumb","itemListElement":[{"@type":"ListItem","position":1,"name":"Home","item":"https:\/\/www.waterskis.lv\/ru\/"},{"@type":"ListItem","position":2,"name":"\u041c\u0430\u0433\u0430\u0437\u0438\u043d","item":"https:\/\/www.waterskis.lv\/ru\/%d0%bc%d0%b0%d0%b3%d0%b0%d0%b7%d0%b8%d0%bd\/"},{"@type":"ListItem","position":3,"name":"\u0412\u043e\u0434\u043d\u0430\u044f \u043b\u044b\u0436\u0430 \u0434\u043b\u044f \u0441\u043b\u0430\u043b\u043e\u043c\u0430 KD Titanium Carbon Graphite"}]},{"@type":"WebSite","@id":"https:\/\/www.waterskis.lv\/ru\/#website","url":"https:\/\/www.waterskis.lv\/ru\/","name":"WATERSKIS.LV","description":"SUP d\u0113\u013ci, kajaki, kanoe, airu laivas, \u016bdenssl\u0113po\u0161ana, veikbords, SUP d\u0113\u013cu noma, kajaku nomaakt\u012bv\u0101s atp\u016btas centrs, laivu noma, sup noma, kajaku noma","publisher":{"@id":"https:\/\/www.waterskis.lv\/ru\/#organization"},"potentialAction":[{"@type":"SearchAction","target":{"@type":"EntryPoint","urlTemplate":"https:\/\/www.waterskis.lv\/ru\/?s={search_term_string}"},"query-input":{"@type":"PropertyValueSpecification","valueRequired":true,"valueName":"search_term_string"}}],"inLanguage":"ru-RU"},{"@type":"Organization","@id":"https:\/\/www.waterskis.lv\/ru\/#organization","name":"WATERSKIS.LV","url":"https:\/\/www.waterskis.lv\/ru\/","logo":{"@type":"ImageObject","inLanguage":"ru-RU","@id":"https:\/\/www.waterskis.lv\/ru\/#\/schema\/logo\/image\/","url":"https:\/\/www.waterskis.lv\/wp-content\/uploads\/2025\/01\/JUVP-logo.png","contentUrl":"https:\/\/www.waterskis.lv\/wp-content\/uploads\/2025\/01\/JUVP-logo.png","width":421,"height":202,"caption":"WATERSKIS.LV"},"image":{"@id":"https:\/\/www.waterskis.lv\/ru\/#\/schema\/logo\/image\/"},"sameAs":["https:\/\/www.facebook.com\/jurmalawaterskiwakeboardpark\/"]}]}},"_links":{"self":[{"href":"https:\/\/www.waterskis.lv\/ru\/wp-json\/wp\/v2\/product\/59938","targetHints":{"allow":["GET"]}}],"collection":[{"href":"https:\/\/www.waterskis.lv\/ru\/wp-json\/wp\/v2\/product"}],"about":[{"href":"https:\/\/www.waterskis.lv\/ru\/wp-json\/wp\/v2\/types\/product"}],"replies":[{"embeddable":true,"href":"https:\/\/www.waterskis.lv\/ru\/wp-json\/wp\/v2\/comments?post=59938"}],"wp:featuredmedia":[{"embeddable":true,"href":"https:\/\/www.waterskis.lv\/ru\/wp-json\/wp\/v2\/media\/59936"}],"wp:attachment":[{"href":"https:\/\/www.waterskis.lv\/ru\/wp-json\/wp\/v2\/media?parent=59938"}],"wp:term":[{"taxonomy":"product_brand","embeddable":true,"href":"https:\/\/www.waterskis.lv\/ru\/wp-json\/wp\/v2\/product_brand?post=59938"},{"taxonomy":"product_cat","embeddable":true,"href":"https:\/\/www.waterskis.lv\/ru\/wp-json\/wp\/v2\/product_cat?post=59938"},{"taxonomy":"product_tag","embeddable":true,"href":"https:\/\/www.waterskis.lv\/ru\/wp-json\/wp\/v2\/product_tag?post=59938"}],"curies":[{"name":"wp","href":"https:\/\/api.w.org\/{rel}","templated":true}]}}