{"id":61292,"date":"2025-02-09T10:01:14","date_gmt":"2025-02-09T08:01:14","guid":{"rendered":"https:\/\/waterskis.lv\/product\/aiz-laivas-velkamais-puslis-spinera-flight-4\/"},"modified":"2026-01-31T12:17:50","modified_gmt":"2026-01-31T10:17:50","slug":"%d0%b1%d1%83%d0%ba%d1%81%d0%b8%d1%80%d1%83%d0%b5%d0%bc%d1%8b%d0%b9-%d0%bd%d0%b0%d0%b4%d1%83%d0%b2%d0%bd%d0%be%d0%b9-%d0%b1%d0%b0%d0%bb%d0%bb%d0%be%d0%bd-spinera-flight-4","status":"publish","type":"product","link":"https:\/\/www.waterskis.lv\/ru\/product\/%d0%b1%d1%83%d0%ba%d1%81%d0%b8%d1%80%d1%83%d0%b5%d0%bc%d1%8b%d0%b9-%d0%bd%d0%b0%d0%b4%d1%83%d0%b2%d0%bd%d0%be%d0%b9-%d0%b1%d0%b0%d0%bb%d0%bb%d0%be%d0%bd-spinera-flight-4\/","title":{"rendered":"\u0411\u0443\u043a\u0441\u0438\u0440\u0443\u0435\u043c\u044b\u0439 \u043d\u0430\u0434\u0443\u0432\u043d\u043e\u0439 \u0431\u0430\u043b\u043b\u043e\u043d Spinera Flight 4"},"content":{"rendered":"<h1>\u0411\u0443\u043a\u0441\u0438\u0440\u0443\u0435\u043c\u044b\u0439 \u043d\u0430\u0434\u0443\u0432\u043d\u043e\u0439 \u0431\u0430\u043b\u043b\u043e\u043d Spinera Flight 4<\/h1>\n<p>\u0411\u0443\u043a\u0441\u0438\u0440\u0443\u0435\u043c\u044b\u0439 \u043d\u0430\u0434\u0443\u0432\u043d\u043e\u0439 \u0431\u0430\u043b\u043b\u043e\u043d Spinera Flight 4<\/p>\n<p>\u0414\u043b\u044f \u044d\u0442\u043e\u0433\u043e \u043c\u0435\u0442\u0440\u043e \u043d\u0443\u0436\u0435\u043d \u0431\u0438\u043b\u0435\u0442. \u041d\u0430\u0440\u0438\u0441\u043e\u0432\u0430\u043d\u043e 3 F: Fast, Fun &amp; Flight. \u042d\u0442\u0430 \u0442\u0440\u0443\u0431\u043a\u0430 \u0438\u0437\u0433\u043e\u0442\u043e\u0432\u043b\u0435\u043d\u0430 \u200b\u200b\u0441 \u0443\u0447\u0435\u0442\u043e\u043c \u0441\u0430\u043c\u044b\u0445 \u0432\u044b\u0441\u043e\u043a\u0438\u0445 \u0442\u0440\u0435\u0431\u043e\u0432\u0430\u043d\u0438\u0439 \u0438 \u0434\u043e\u043b\u0433\u043e\u0432\u0435\u0447\u043d\u043e\u0441\u0442\u0438. \u041e\u043d \u043f\u043e\u043b\u043d\u043e\u0441\u0442\u044c\u044e \u0437\u0430\u043a\u043b\u044e\u0447\u0435\u043d \u0432 \u043d\u0435\u0439\u043b\u043e\u043d\u043e\u0432\u0443\u044e \u043e\u0431\u043e\u043b\u043e\u0447\u043a\u0443, \u043f\u0440\u043e\u0443\u0448\u0438\u043d\u0430 \u0434\u044b\u0448\u043b\u0430 \u043f\u0440\u0438\u0448\u0438\u0442\u0430 \u0432 \u043d\u0435\u0441\u043a\u043e\u043b\u044c\u043a\u0438\u0445 \u0442\u043e\u0447\u043a\u0430\u0445 \u0432\u044b\u0442\u044f\u0433\u0438\u0432\u0430\u043d\u0438\u044f, \u0430 \u043c\u044f\u0433\u043a\u0438\u0435 \u043d\u0435\u0439\u043b\u043e\u043d\u043e\u0432\u044b\u0435 \u0440\u0443\u0447\u043a\u0438 \u0441 \u043d\u0435\u043e\u043f\u0440\u0435\u043d\u043e\u0432\u044b\u043c\u0438 \u043d\u0430\u043a\u043b\u0430\u0434\u043a\u0430\u043c\u0438 \u043f\u043e\u0434 \u043d\u0435\u0439 \u0441\u0432\u0438\u0434\u0435\u0442\u0435\u043b\u044c\u0441\u0442\u0432\u0443\u044e\u0442 \u043e \u043f\u0440\u0435\u0432\u043e\u0441\u0445\u043e\u0434\u043d\u043e\u043c \u043a\u0430\u0447\u0435\u0441\u0442\u0432\u0435 Spinera.<\/p>\n<p>\u0412\u0430\u043c \u0435\u0449\u0435 \u0441\u043a\u0443\u0447\u043d\u043e \u0438\u043b\u0438 \u0432\u044b \u0443\u0436\u0435 \u043b\u0435\u0442\u0438\u0442\u0435? \u041d\u043e\u0432\u0430\u044f \u0441\u0435\u0440\u0438\u044f Flight \u2013 \u043f\u0440\u0430\u0432\u0438\u043b\u044c\u043d\u044b\u0439 \u0432\u044b\u0431\u043e\u0440 \u0434\u043b\u044f \u0442\u0435\u0445, \u043a\u0442\u043e \u0445\u043e\u0447\u0435\u0442 \u043f\u043e\u0434\u043d\u044f\u0442\u044c\u0441\u044f \u0432\u044b\u0448\u0435.<\/p>\n<p>\u0422\u0430\u043a\u0436\u0435 \u043a\u0430\u043a \u043e\u0441\u0442\u0440\u043e\u0432 \u0434\u043b\u044f \u0432\u0430\u043d\u043d\u044b-\u043c\u0435\u0447\u0442\u0430!<\/p>\n<p>Notre OVNI volante \u0434\u043b\u044f 4 \u0447\u0435\u043b\u043e\u0432\u0435\u043a. La bou\u00e9e comporte de nombreuses poign\u00e9es \u0438 \u0437\u0430\u0449\u0438\u0442\u0430 \u0432 \u043d\u0435\u043e\u043f\u0440\u0435\u043d\u0435 \u0434\u043b\u044f \u0434\u0435\u0432\u0443\u0448\u0435\u043a \u0438 \u0436\u0435\u043d\u0449\u0438\u043d.<\/p>\n<p>Allong\u00e9 sur le ventre, vous pouvez \u00eatre catapult\u00e9 sur la \u0441\u043c\u0443\u0442\u043d\u043e\u0435 \u043f\u0440\u0438\u0431\u044b\u0442\u0438\u0435 \u043b\u043e\u0434\u043a\u0438. C&#8217;est la fun complete. \u0428\u043e\u0440\u0442 \u043f\u043e\u043b\u043d\u043e\u0441\u0442\u044c\u044e \u0432\u043e\u0441\u0441\u0442\u0430\u043d\u043e\u0432\u043b\u0435\u043d \u0438\u0437 \u043d\u0435\u0439\u043b\u043e\u043d\u0430.<\/p>\n<p>\u041f\u043e\u0434\u0440\u043e\u0431\u043d\u0430\u044f \u0438\u043d\u0444\u043e\u0440\u043c\u0430\u0446\u0438\u044f:<\/p>\n<p>\u0420\u0430\u0437\u043c\u0435\u0440: 90&#187;\/229 \u0441\u043c (\u0441\u043f\u0443\u0449\u0435\u043d\u043d\u044b\u0439)<br \/>\n28 Gauge<br \/>\n\u0422\u043e\u043b\u0449\u0438\u043d\u0430 \u041f\u0412\u0425: 0,7 \u043c\u043c<br \/>\n\u0422\u043e\u043b\u0449\u0438\u043d\u0430 \u043d\u0435\u0439\u043b\u043e\u043d\u043e\u0432\u043e\u0433\u043e \u0447\u0435\u0445\u043b\u0430: 840D<br \/>\n\u041f\u043e\u043b\u043d\u043e\u0441\u0442\u044c\u044e \u043c\u044f\u0433\u043a\u0438\u0435 \u043a\u043e\u043c\u0444\u043e\u0440\u0442\u043d\u044b\u0435 \u0440\u0443\u0447\u043a\u0438 \u0441<br \/>\n\u0417\u0430\u0449\u0438\u0442\u0430 \u043a\u043e\u0441\u0442\u044f\u0448\u0435\u043a \u043f\u0430\u043b\u044c\u0446\u0435\u0432 EVA: 8 + 4 \u0434\u043e\u043f. \u0440\u0443\u0447\u043a\u0438 \u0434\u043b\u044f \u043f\u043e\u0441\u0430\u0434\u043a\u0438<br \/>\n\u041a\u043b\u0430\u043f\u0430\u043d Boston \u0434\u043b\u044f \u0431\u044b\u0441\u0442\u0440\u043e\u0433\u043e \u043d\u0430\u043a\u0430\u0447\u0438\u0432\u0430\u043d\u0438\u044f \u0438 \u0441\u0434\u0443\u0432\u0430\u043d\u0438\u044f<br \/>\n\u0411\u044b\u0441\u0442\u0440\u043e\u0440\u0430\u0437\u044a\u0435\u043c\u043d\u044b\u0439 \u043a\u0440\u044e\u043a<br \/>\n\u0421\u043f\u0435\u0446\u0438\u0430\u043b\u044c\u043d\u043e\u0435: \u0428\u0438\u0440\u043e\u043a\u0438\u0435 \u043d\u0435\u043e\u043f\u0440\u0435\u043d\u043e\u0432\u044b\u0435 \u043d\u0430\u043a\u043b\u0430\u0434\u043a\u0438 \u0434\u043b\u044f \u043a\u043e\u043c\u0444\u043e\u0440\u0442\u043d\u043e\u0439 \u0435\u0437\u0434\u044b<br \/>\n\u0412\u0435\u0441: 12,84 \u043a\u0433<br \/>\n2-\u043a\u0430\u043c\u0435\u0440\u043d\u0430\u044f \u0441\u0438\u0441\u0442\u0435\u043c\u0430 \u0431\u0435\u0437\u043e\u043f\u0430\u0441\u043d\u043e\u0441\u0442\u0438 \u00ab\u043c\u044b \u0437\u0430\u0431\u043e\u0442\u0438\u043c\u0441\u044f \u043e \u0431\u0435\u0437\u043e\u043f\u0430\u0441\u043d\u043e\u0441\u0442\u0438\u00bb<\/p>\n","protected":false},"excerpt":{"rendered":"<p>https:\/\/www.youtube.com\/watch?v=HUB2F7ZWGJE [&#8230;]<\/p>\n<p><a class=\"btn btn-secondary understrap-read-more-link\" href=\"https:\/\/www.waterskis.lv\/ru\/product\/%d0%b1%d1%83%d0%ba%d1%81%d0%b8%d1%80%d1%83%d0%b5%d0%bc%d1%8b%d0%b9-%d0%bd%d0%b0%d0%b4%d1%83%d0%b2%d0%bd%d0%be%d0%b9-%d0%b1%d0%b0%d0%bb%d0%bb%d0%be%d0%bd-spinera-flight-4\/\">\u0427\u0438\u0442\u0430\u0442\u044c \u0434\u0430\u043b\u044c\u0448\u0435\u2026<\/a><\/p>\n","protected":false},"featured_media":61281,"comment_status":"closed","ping_status":"closed","template":"","meta":{"_acf_changed":false,"inline_featured_image":false},"product_brand":[1279],"product_cat":[1024,375],"product_tag":[1483,3076,3077],"class_list":{"0":"post-61292","1":"product","2":"type-product","3":"status-publish","4":"has-post-thumbnail","6":"product_brand-spinera-watersports","7":"product_cat-4---","8":"product_cat-375","9":"product_tag-aiz-laivas-velkamais-puslis","10":"product_tag-inflatable-towable-tube","11":"product_tag-3077","13":"first","14":"instock","15":"shipping-taxable","16":"purchasable","17":"product-type-simple"},"acf":[],"yoast_head":"<!-- This site is optimized with the Yoast SEO plugin v27.4 - https:\/\/yoast.com\/product\/yoast-seo-wordpress\/ -->\n<title>\u0411\u0443\u043a\u0441\u0438\u0440\u0443\u0435\u043c\u044b\u0439 \u043d\u0430\u0434\u0443\u0432\u043d\u043e\u0439 \u0431\u0430\u043b\u043b\u043e\u043d Spinera Flight 4 - WATERSKIS.LV<\/title>\n<meta name=\"description\" content=\"\u0411\u0443\u043a\u0441\u0438\u0440\u0443\u0435\u043c\u044b\u0439 \u043d\u0430\u0434\u0443\u0432\u043d\u043e\u0439 \u0431\u0430\u043b\u043b\u043e\u043d Spinera Flight 4 \u043f\u043e\u043b\u043d\u043e\u0441\u0442\u044c\u044e \u0437\u0430\u043a\u043b\u044e\u0447\u0435\u043d \u0432 \u043d\u0435\u0439\u043b\u043e\u043d\u043e\u0432\u0443\u044e \u043e\u0431\u043e\u043b\u043e\u0447\u043a\u0443, \u043f\u0440\u043e\u0443\u0448\u0438\u043d\u0430 \u0434\u044b\u0448\u043b\u0430 \u043f\u0440\u0438\u0448\u0438\u0442\u0430 \u0432 \u043d\u0435\u0441\u043a\u043e\u043b\u044c\u043a\u0438\u0445 \u0442\u043e\u0447\u043a\u0430\u0445\" \/>\n<meta name=\"robots\" content=\"index, follow, max-snippet:-1, max-image-preview:large, max-video-preview:-1\" \/>\n<link rel=\"canonical\" href=\"https:\/\/www.waterskis.lv\/ru\/product\/%d0%b1%d1%83%d0%ba%d1%81%d0%b8%d1%80%d1%83%d0%b5%d0%bc%d1%8b%d0%b9-%d0%bd%d0%b0%d0%b4%d1%83%d0%b2%d0%bd%d0%be%d0%b9-%d0%b1%d0%b0%d0%bb%d0%bb%d0%be%d0%bd-spinera-flight-4\/\" \/>\n<meta property=\"og:locale\" content=\"ru_RU\" \/>\n<meta property=\"og:type\" content=\"article\" \/>\n<meta property=\"og:title\" content=\"\u0411\u0443\u043a\u0441\u0438\u0440\u0443\u0435\u043c\u044b\u0439 \u043d\u0430\u0434\u0443\u0432\u043d\u043e\u0439 \u0431\u0430\u043b\u043b\u043e\u043d Spinera Flight 4 - WATERSKIS.LV\" \/>\n<meta property=\"og:description\" content=\"\u0411\u0443\u043a\u0441\u0438\u0440\u0443\u0435\u043c\u044b\u0439 \u043d\u0430\u0434\u0443\u0432\u043d\u043e\u0439 \u0431\u0430\u043b\u043b\u043e\u043d Spinera Flight 4 \u043f\u043e\u043b\u043d\u043e\u0441\u0442\u044c\u044e \u0437\u0430\u043a\u043b\u044e\u0447\u0435\u043d \u0432 \u043d\u0435\u0439\u043b\u043e\u043d\u043e\u0432\u0443\u044e \u043e\u0431\u043e\u043b\u043e\u0447\u043a\u0443, \u043f\u0440\u043e\u0443\u0448\u0438\u043d\u0430 \u0434\u044b\u0448\u043b\u0430 \u043f\u0440\u0438\u0448\u0438\u0442\u0430 \u0432 \u043d\u0435\u0441\u043a\u043e\u043b\u044c\u043a\u0438\u0445 \u0442\u043e\u0447\u043a\u0430\u0445\" \/>\n<meta property=\"og:url\" content=\"https:\/\/www.waterskis.lv\/ru\/product\/%d0%b1%d1%83%d0%ba%d1%81%d0%b8%d1%80%d1%83%d0%b5%d0%bc%d1%8b%d0%b9-%d0%bd%d0%b0%d0%b4%d1%83%d0%b2%d0%bd%d0%be%d0%b9-%d0%b1%d0%b0%d0%bb%d0%bb%d0%be%d0%bd-spinera-flight-4\/\" \/>\n<meta property=\"og:site_name\" content=\"WATERSKIS.LV\" \/>\n<meta property=\"article:publisher\" content=\"https:\/\/www.facebook.com\/jurmalawaterskiwakeboardpark\/\" \/>\n<meta property=\"article:modified_time\" content=\"2026-01-31T10:17:50+00:00\" \/>\n<meta property=\"og:image\" content=\"https:\/\/www.waterskis.lv\/wp-content\/uploads\/2025\/02\/18251_image_18251_spinera_flight_4_18251_1.webp\" \/>\n\t<meta property=\"og:image:width\" content=\"709\" \/>\n\t<meta property=\"og:image:height\" content=\"709\" \/>\n\t<meta property=\"og:image:type\" content=\"image\/webp\" \/>\n<meta name=\"twitter:card\" content=\"summary_large_image\" \/>\n<meta name=\"twitter:label1\" content=\"\u041f\u0440\u0438\u043c\u0435\u0440\u043d\u043e\u0435 \u0432\u0440\u0435\u043c\u044f \u0434\u043b\u044f \u0447\u0442\u0435\u043d\u0438\u044f\" \/>\n\t<meta name=\"twitter:data1\" content=\"2 \u043c\u0438\u043d\u0443\u0442\u044b\" \/>\n<script type=\"application\/ld+json\" class=\"yoast-schema-graph\">{\"@context\":\"https:\\\/\\\/schema.org\",\"@graph\":[{\"@type\":\"WebPage\",\"@id\":\"https:\\\/\\\/www.waterskis.lv\\\/ru\\\/product\\\/%d0%b1%d1%83%d0%ba%d1%81%d0%b8%d1%80%d1%83%d0%b5%d0%bc%d1%8b%d0%b9-%d0%bd%d0%b0%d0%b4%d1%83%d0%b2%d0%bd%d0%be%d0%b9-%d0%b1%d0%b0%d0%bb%d0%bb%d0%be%d0%bd-spinera-flight-4\\\/\",\"url\":\"https:\\\/\\\/www.waterskis.lv\\\/ru\\\/product\\\/%d0%b1%d1%83%d0%ba%d1%81%d0%b8%d1%80%d1%83%d0%b5%d0%bc%d1%8b%d0%b9-%d0%bd%d0%b0%d0%b4%d1%83%d0%b2%d0%bd%d0%be%d0%b9-%d0%b1%d0%b0%d0%bb%d0%bb%d0%be%d0%bd-spinera-flight-4\\\/\",\"name\":\"\u0411\u0443\u043a\u0441\u0438\u0440\u0443\u0435\u043c\u044b\u0439 \u043d\u0430\u0434\u0443\u0432\u043d\u043e\u0439 \u0431\u0430\u043b\u043b\u043e\u043d Spinera Flight 4 - WATERSKIS.LV\",\"isPartOf\":{\"@id\":\"https:\\\/\\\/www.waterskis.lv\\\/ru\\\/#website\"},\"primaryImageOfPage\":{\"@id\":\"https:\\\/\\\/www.waterskis.lv\\\/ru\\\/product\\\/%d0%b1%d1%83%d0%ba%d1%81%d0%b8%d1%80%d1%83%d0%b5%d0%bc%d1%8b%d0%b9-%d0%bd%d0%b0%d0%b4%d1%83%d0%b2%d0%bd%d0%be%d0%b9-%d0%b1%d0%b0%d0%bb%d0%bb%d0%be%d0%bd-spinera-flight-4\\\/#primaryimage\"},\"image\":{\"@id\":\"https:\\\/\\\/www.waterskis.lv\\\/ru\\\/product\\\/%d0%b1%d1%83%d0%ba%d1%81%d0%b8%d1%80%d1%83%d0%b5%d0%bc%d1%8b%d0%b9-%d0%bd%d0%b0%d0%b4%d1%83%d0%b2%d0%bd%d0%be%d0%b9-%d0%b1%d0%b0%d0%bb%d0%bb%d0%be%d0%bd-spinera-flight-4\\\/#primaryimage\"},\"thumbnailUrl\":\"https:\\\/\\\/www.waterskis.lv\\\/wp-content\\\/uploads\\\/2025\\\/02\\\/18251_image_18251_spinera_flight_4_18251_1.webp\",\"datePublished\":\"2025-02-09T08:01:14+00:00\",\"dateModified\":\"2026-01-31T10:17:50+00:00\",\"description\":\"\u0411\u0443\u043a\u0441\u0438\u0440\u0443\u0435\u043c\u044b\u0439 \u043d\u0430\u0434\u0443\u0432\u043d\u043e\u0439 \u0431\u0430\u043b\u043b\u043e\u043d Spinera Flight 4 \u043f\u043e\u043b\u043d\u043e\u0441\u0442\u044c\u044e \u0437\u0430\u043a\u043b\u044e\u0447\u0435\u043d \u0432 \u043d\u0435\u0439\u043b\u043e\u043d\u043e\u0432\u0443\u044e \u043e\u0431\u043e\u043b\u043e\u0447\u043a\u0443, \u043f\u0440\u043e\u0443\u0448\u0438\u043d\u0430 \u0434\u044b\u0448\u043b\u0430 \u043f\u0440\u0438\u0448\u0438\u0442\u0430 \u0432 \u043d\u0435\u0441\u043a\u043e\u043b\u044c\u043a\u0438\u0445 \u0442\u043e\u0447\u043a\u0430\u0445\",\"breadcrumb\":{\"@id\":\"https:\\\/\\\/www.waterskis.lv\\\/ru\\\/product\\\/%d0%b1%d1%83%d0%ba%d1%81%d0%b8%d1%80%d1%83%d0%b5%d0%bc%d1%8b%d0%b9-%d0%bd%d0%b0%d0%b4%d1%83%d0%b2%d0%bd%d0%be%d0%b9-%d0%b1%d0%b0%d0%bb%d0%bb%d0%be%d0%bd-spinera-flight-4\\\/#breadcrumb\"},\"inLanguage\":\"ru-RU\",\"potentialAction\":[{\"@type\":\"ReadAction\",\"target\":[\"https:\\\/\\\/www.waterskis.lv\\\/ru\\\/product\\\/%d0%b1%d1%83%d0%ba%d1%81%d0%b8%d1%80%d1%83%d0%b5%d0%bc%d1%8b%d0%b9-%d0%bd%d0%b0%d0%b4%d1%83%d0%b2%d0%bd%d0%be%d0%b9-%d0%b1%d0%b0%d0%bb%d0%bb%d0%be%d0%bd-spinera-flight-4\\\/\"]}]},{\"@type\":\"ImageObject\",\"inLanguage\":\"ru-RU\",\"@id\":\"https:\\\/\\\/www.waterskis.lv\\\/ru\\\/product\\\/%d0%b1%d1%83%d0%ba%d1%81%d0%b8%d1%80%d1%83%d0%b5%d0%bc%d1%8b%d0%b9-%d0%bd%d0%b0%d0%b4%d1%83%d0%b2%d0%bd%d0%be%d0%b9-%d0%b1%d0%b0%d0%bb%d0%bb%d0%be%d0%bd-spinera-flight-4\\\/#primaryimage\",\"url\":\"https:\\\/\\\/www.waterskis.lv\\\/wp-content\\\/uploads\\\/2025\\\/02\\\/18251_image_18251_spinera_flight_4_18251_1.webp\",\"contentUrl\":\"https:\\\/\\\/www.waterskis.lv\\\/wp-content\\\/uploads\\\/2025\\\/02\\\/18251_image_18251_spinera_flight_4_18251_1.webp\",\"width\":709,\"height\":709,\"caption\":\"Aiz laivas velkamais p\u016bslis Spinera Flight 4\"},{\"@type\":\"BreadcrumbList\",\"@id\":\"https:\\\/\\\/www.waterskis.lv\\\/ru\\\/product\\\/%d0%b1%d1%83%d0%ba%d1%81%d0%b8%d1%80%d1%83%d0%b5%d0%bc%d1%8b%d0%b9-%d0%bd%d0%b0%d0%b4%d1%83%d0%b2%d0%bd%d0%be%d0%b9-%d0%b1%d0%b0%d0%bb%d0%bb%d0%be%d0%bd-spinera-flight-4\\\/#breadcrumb\",\"itemListElement\":[{\"@type\":\"ListItem\",\"position\":1,\"name\":\"Home\",\"item\":\"https:\\\/\\\/www.waterskis.lv\\\/ru\\\/\"},{\"@type\":\"ListItem\",\"position\":2,\"name\":\"\u041c\u0430\u0433\u0430\u0437\u0438\u043d\",\"item\":\"https:\\\/\\\/www.waterskis.lv\\\/ru\\\/%d0%bc%d0%b0%d0%b3%d0%b0%d0%b7%d0%b8%d0%bd\\\/\"},{\"@type\":\"ListItem\",\"position\":3,\"name\":\"\u0411\u0443\u043a\u0441\u0438\u0440\u0443\u0435\u043c\u044b\u0439 \u043d\u0430\u0434\u0443\u0432\u043d\u043e\u0439 \u0431\u0430\u043b\u043b\u043e\u043d Spinera Flight 4\"}]},{\"@type\":\"WebSite\",\"@id\":\"https:\\\/\\\/www.waterskis.lv\\\/ru\\\/#website\",\"url\":\"https:\\\/\\\/www.waterskis.lv\\\/ru\\\/\",\"name\":\"WATERSKIS.LV\",\"description\":\"SUP d\u0113\u013ci, kajaki, kanoe, airu laivas, \u016bdenssl\u0113po\u0161ana, veikbords, SUP d\u0113\u013cu noma, kajaku nomaakt\u012bv\u0101s atp\u016btas centrs, laivu noma, sup noma, kajaku noma\",\"publisher\":{\"@id\":\"https:\\\/\\\/www.waterskis.lv\\\/ru\\\/#organization\"},\"potentialAction\":[{\"@type\":\"SearchAction\",\"target\":{\"@type\":\"EntryPoint\",\"urlTemplate\":\"https:\\\/\\\/www.waterskis.lv\\\/ru\\\/?s={search_term_string}\"},\"query-input\":{\"@type\":\"PropertyValueSpecification\",\"valueRequired\":true,\"valueName\":\"search_term_string\"}}],\"inLanguage\":\"ru-RU\"},{\"@type\":\"Organization\",\"@id\":\"https:\\\/\\\/www.waterskis.lv\\\/ru\\\/#organization\",\"name\":\"WATERSKIS.LV\",\"url\":\"https:\\\/\\\/www.waterskis.lv\\\/ru\\\/\",\"logo\":{\"@type\":\"ImageObject\",\"inLanguage\":\"ru-RU\",\"@id\":\"https:\\\/\\\/www.waterskis.lv\\\/ru\\\/#\\\/schema\\\/logo\\\/image\\\/\",\"url\":\"https:\\\/\\\/www.waterskis.lv\\\/wp-content\\\/uploads\\\/2025\\\/01\\\/JUVP-logo.png\",\"contentUrl\":\"https:\\\/\\\/www.waterskis.lv\\\/wp-content\\\/uploads\\\/2025\\\/01\\\/JUVP-logo.png\",\"width\":421,\"height\":202,\"caption\":\"WATERSKIS.LV\"},\"image\":{\"@id\":\"https:\\\/\\\/www.waterskis.lv\\\/ru\\\/#\\\/schema\\\/logo\\\/image\\\/\"},\"sameAs\":[\"https:\\\/\\\/www.facebook.com\\\/jurmalawaterskiwakeboardpark\\\/\"]}]}<\/script>\n<!-- \/ Yoast SEO plugin. -->","yoast_head_json":{"title":"\u0411\u0443\u043a\u0441\u0438\u0440\u0443\u0435\u043c\u044b\u0439 \u043d\u0430\u0434\u0443\u0432\u043d\u043e\u0439 \u0431\u0430\u043b\u043b\u043e\u043d Spinera Flight 4 - WATERSKIS.LV","description":"\u0411\u0443\u043a\u0441\u0438\u0440\u0443\u0435\u043c\u044b\u0439 \u043d\u0430\u0434\u0443\u0432\u043d\u043e\u0439 \u0431\u0430\u043b\u043b\u043e\u043d Spinera Flight 4 \u043f\u043e\u043b\u043d\u043e\u0441\u0442\u044c\u044e \u0437\u0430\u043a\u043b\u044e\u0447\u0435\u043d \u0432 \u043d\u0435\u0439\u043b\u043e\u043d\u043e\u0432\u0443\u044e \u043e\u0431\u043e\u043b\u043e\u0447\u043a\u0443, \u043f\u0440\u043e\u0443\u0448\u0438\u043d\u0430 \u0434\u044b\u0448\u043b\u0430 \u043f\u0440\u0438\u0448\u0438\u0442\u0430 \u0432 \u043d\u0435\u0441\u043a\u043e\u043b\u044c\u043a\u0438\u0445 \u0442\u043e\u0447\u043a\u0430\u0445","robots":{"index":"index","follow":"follow","max-snippet":"max-snippet:-1","max-image-preview":"max-image-preview:large","max-video-preview":"max-video-preview:-1"},"canonical":"https:\/\/www.waterskis.lv\/ru\/product\/%d0%b1%d1%83%d0%ba%d1%81%d0%b8%d1%80%d1%83%d0%b5%d0%bc%d1%8b%d0%b9-%d0%bd%d0%b0%d0%b4%d1%83%d0%b2%d0%bd%d0%be%d0%b9-%d0%b1%d0%b0%d0%bb%d0%bb%d0%be%d0%bd-spinera-flight-4\/","og_locale":"ru_RU","og_type":"article","og_title":"\u0411\u0443\u043a\u0441\u0438\u0440\u0443\u0435\u043c\u044b\u0439 \u043d\u0430\u0434\u0443\u0432\u043d\u043e\u0439 \u0431\u0430\u043b\u043b\u043e\u043d Spinera Flight 4 - WATERSKIS.LV","og_description":"\u0411\u0443\u043a\u0441\u0438\u0440\u0443\u0435\u043c\u044b\u0439 \u043d\u0430\u0434\u0443\u0432\u043d\u043e\u0439 \u0431\u0430\u043b\u043b\u043e\u043d Spinera Flight 4 \u043f\u043e\u043b\u043d\u043e\u0441\u0442\u044c\u044e \u0437\u0430\u043a\u043b\u044e\u0447\u0435\u043d \u0432 \u043d\u0435\u0439\u043b\u043e\u043d\u043e\u0432\u0443\u044e \u043e\u0431\u043e\u043b\u043e\u0447\u043a\u0443, \u043f\u0440\u043e\u0443\u0448\u0438\u043d\u0430 \u0434\u044b\u0448\u043b\u0430 \u043f\u0440\u0438\u0448\u0438\u0442\u0430 \u0432 \u043d\u0435\u0441\u043a\u043e\u043b\u044c\u043a\u0438\u0445 \u0442\u043e\u0447\u043a\u0430\u0445","og_url":"https:\/\/www.waterskis.lv\/ru\/product\/%d0%b1%d1%83%d0%ba%d1%81%d0%b8%d1%80%d1%83%d0%b5%d0%bc%d1%8b%d0%b9-%d0%bd%d0%b0%d0%b4%d1%83%d0%b2%d0%bd%d0%be%d0%b9-%d0%b1%d0%b0%d0%bb%d0%bb%d0%be%d0%bd-spinera-flight-4\/","og_site_name":"WATERSKIS.LV","article_publisher":"https:\/\/www.facebook.com\/jurmalawaterskiwakeboardpark\/","article_modified_time":"2026-01-31T10:17:50+00:00","og_image":[{"width":709,"height":709,"url":"https:\/\/www.waterskis.lv\/wp-content\/uploads\/2025\/02\/18251_image_18251_spinera_flight_4_18251_1.webp","type":"image\/webp"}],"twitter_card":"summary_large_image","twitter_misc":{"\u041f\u0440\u0438\u043c\u0435\u0440\u043d\u043e\u0435 \u0432\u0440\u0435\u043c\u044f \u0434\u043b\u044f \u0447\u0442\u0435\u043d\u0438\u044f":"2 \u043c\u0438\u043d\u0443\u0442\u044b"},"schema":{"@context":"https:\/\/schema.org","@graph":[{"@type":"WebPage","@id":"https:\/\/www.waterskis.lv\/ru\/product\/%d0%b1%d1%83%d0%ba%d1%81%d0%b8%d1%80%d1%83%d0%b5%d0%bc%d1%8b%d0%b9-%d0%bd%d0%b0%d0%b4%d1%83%d0%b2%d0%bd%d0%be%d0%b9-%d0%b1%d0%b0%d0%bb%d0%bb%d0%be%d0%bd-spinera-flight-4\/","url":"https:\/\/www.waterskis.lv\/ru\/product\/%d0%b1%d1%83%d0%ba%d1%81%d0%b8%d1%80%d1%83%d0%b5%d0%bc%d1%8b%d0%b9-%d0%bd%d0%b0%d0%b4%d1%83%d0%b2%d0%bd%d0%be%d0%b9-%d0%b1%d0%b0%d0%bb%d0%bb%d0%be%d0%bd-spinera-flight-4\/","name":"\u0411\u0443\u043a\u0441\u0438\u0440\u0443\u0435\u043c\u044b\u0439 \u043d\u0430\u0434\u0443\u0432\u043d\u043e\u0439 \u0431\u0430\u043b\u043b\u043e\u043d Spinera Flight 4 - WATERSKIS.LV","isPartOf":{"@id":"https:\/\/www.waterskis.lv\/ru\/#website"},"primaryImageOfPage":{"@id":"https:\/\/www.waterskis.lv\/ru\/product\/%d0%b1%d1%83%d0%ba%d1%81%d0%b8%d1%80%d1%83%d0%b5%d0%bc%d1%8b%d0%b9-%d0%bd%d0%b0%d0%b4%d1%83%d0%b2%d0%bd%d0%be%d0%b9-%d0%b1%d0%b0%d0%bb%d0%bb%d0%be%d0%bd-spinera-flight-4\/#primaryimage"},"image":{"@id":"https:\/\/www.waterskis.lv\/ru\/product\/%d0%b1%d1%83%d0%ba%d1%81%d0%b8%d1%80%d1%83%d0%b5%d0%bc%d1%8b%d0%b9-%d0%bd%d0%b0%d0%b4%d1%83%d0%b2%d0%bd%d0%be%d0%b9-%d0%b1%d0%b0%d0%bb%d0%bb%d0%be%d0%bd-spinera-flight-4\/#primaryimage"},"thumbnailUrl":"https:\/\/www.waterskis.lv\/wp-content\/uploads\/2025\/02\/18251_image_18251_spinera_flight_4_18251_1.webp","datePublished":"2025-02-09T08:01:14+00:00","dateModified":"2026-01-31T10:17:50+00:00","description":"\u0411\u0443\u043a\u0441\u0438\u0440\u0443\u0435\u043c\u044b\u0439 \u043d\u0430\u0434\u0443\u0432\u043d\u043e\u0439 \u0431\u0430\u043b\u043b\u043e\u043d Spinera Flight 4 \u043f\u043e\u043b\u043d\u043e\u0441\u0442\u044c\u044e \u0437\u0430\u043a\u043b\u044e\u0447\u0435\u043d \u0432 \u043d\u0435\u0439\u043b\u043e\u043d\u043e\u0432\u0443\u044e \u043e\u0431\u043e\u043b\u043e\u0447\u043a\u0443, \u043f\u0440\u043e\u0443\u0448\u0438\u043d\u0430 \u0434\u044b\u0448\u043b\u0430 \u043f\u0440\u0438\u0448\u0438\u0442\u0430 \u0432 \u043d\u0435\u0441\u043a\u043e\u043b\u044c\u043a\u0438\u0445 \u0442\u043e\u0447\u043a\u0430\u0445","breadcrumb":{"@id":"https:\/\/www.waterskis.lv\/ru\/product\/%d0%b1%d1%83%d0%ba%d1%81%d0%b8%d1%80%d1%83%d0%b5%d0%bc%d1%8b%d0%b9-%d0%bd%d0%b0%d0%b4%d1%83%d0%b2%d0%bd%d0%be%d0%b9-%d0%b1%d0%b0%d0%bb%d0%bb%d0%be%d0%bd-spinera-flight-4\/#breadcrumb"},"inLanguage":"ru-RU","potentialAction":[{"@type":"ReadAction","target":["https:\/\/www.waterskis.lv\/ru\/product\/%d0%b1%d1%83%d0%ba%d1%81%d0%b8%d1%80%d1%83%d0%b5%d0%bc%d1%8b%d0%b9-%d0%bd%d0%b0%d0%b4%d1%83%d0%b2%d0%bd%d0%be%d0%b9-%d0%b1%d0%b0%d0%bb%d0%bb%d0%be%d0%bd-spinera-flight-4\/"]}]},{"@type":"ImageObject","inLanguage":"ru-RU","@id":"https:\/\/www.waterskis.lv\/ru\/product\/%d0%b1%d1%83%d0%ba%d1%81%d0%b8%d1%80%d1%83%d0%b5%d0%bc%d1%8b%d0%b9-%d0%bd%d0%b0%d0%b4%d1%83%d0%b2%d0%bd%d0%be%d0%b9-%d0%b1%d0%b0%d0%bb%d0%bb%d0%be%d0%bd-spinera-flight-4\/#primaryimage","url":"https:\/\/www.waterskis.lv\/wp-content\/uploads\/2025\/02\/18251_image_18251_spinera_flight_4_18251_1.webp","contentUrl":"https:\/\/www.waterskis.lv\/wp-content\/uploads\/2025\/02\/18251_image_18251_spinera_flight_4_18251_1.webp","width":709,"height":709,"caption":"Aiz laivas velkamais p\u016bslis Spinera Flight 4"},{"@type":"BreadcrumbList","@id":"https:\/\/www.waterskis.lv\/ru\/product\/%d0%b1%d1%83%d0%ba%d1%81%d0%b8%d1%80%d1%83%d0%b5%d0%bc%d1%8b%d0%b9-%d0%bd%d0%b0%d0%b4%d1%83%d0%b2%d0%bd%d0%be%d0%b9-%d0%b1%d0%b0%d0%bb%d0%bb%d0%be%d0%bd-spinera-flight-4\/#breadcrumb","itemListElement":[{"@type":"ListItem","position":1,"name":"Home","item":"https:\/\/www.waterskis.lv\/ru\/"},{"@type":"ListItem","position":2,"name":"\u041c\u0430\u0433\u0430\u0437\u0438\u043d","item":"https:\/\/www.waterskis.lv\/ru\/%d0%bc%d0%b0%d0%b3%d0%b0%d0%b7%d0%b8%d0%bd\/"},{"@type":"ListItem","position":3,"name":"\u0411\u0443\u043a\u0441\u0438\u0440\u0443\u0435\u043c\u044b\u0439 \u043d\u0430\u0434\u0443\u0432\u043d\u043e\u0439 \u0431\u0430\u043b\u043b\u043e\u043d Spinera Flight 4"}]},{"@type":"WebSite","@id":"https:\/\/www.waterskis.lv\/ru\/#website","url":"https:\/\/www.waterskis.lv\/ru\/","name":"WATERSKIS.LV","description":"SUP d\u0113\u013ci, kajaki, kanoe, airu laivas, \u016bdenssl\u0113po\u0161ana, veikbords, SUP d\u0113\u013cu noma, kajaku nomaakt\u012bv\u0101s atp\u016btas centrs, laivu noma, sup noma, kajaku noma","publisher":{"@id":"https:\/\/www.waterskis.lv\/ru\/#organization"},"potentialAction":[{"@type":"SearchAction","target":{"@type":"EntryPoint","urlTemplate":"https:\/\/www.waterskis.lv\/ru\/?s={search_term_string}"},"query-input":{"@type":"PropertyValueSpecification","valueRequired":true,"valueName":"search_term_string"}}],"inLanguage":"ru-RU"},{"@type":"Organization","@id":"https:\/\/www.waterskis.lv\/ru\/#organization","name":"WATERSKIS.LV","url":"https:\/\/www.waterskis.lv\/ru\/","logo":{"@type":"ImageObject","inLanguage":"ru-RU","@id":"https:\/\/www.waterskis.lv\/ru\/#\/schema\/logo\/image\/","url":"https:\/\/www.waterskis.lv\/wp-content\/uploads\/2025\/01\/JUVP-logo.png","contentUrl":"https:\/\/www.waterskis.lv\/wp-content\/uploads\/2025\/01\/JUVP-logo.png","width":421,"height":202,"caption":"WATERSKIS.LV"},"image":{"@id":"https:\/\/www.waterskis.lv\/ru\/#\/schema\/logo\/image\/"},"sameAs":["https:\/\/www.facebook.com\/jurmalawaterskiwakeboardpark\/"]}]}},"_links":{"self":[{"href":"https:\/\/www.waterskis.lv\/ru\/wp-json\/wp\/v2\/product\/61292","targetHints":{"allow":["GET"]}}],"collection":[{"href":"https:\/\/www.waterskis.lv\/ru\/wp-json\/wp\/v2\/product"}],"about":[{"href":"https:\/\/www.waterskis.lv\/ru\/wp-json\/wp\/v2\/types\/product"}],"replies":[{"embeddable":true,"href":"https:\/\/www.waterskis.lv\/ru\/wp-json\/wp\/v2\/comments?post=61292"}],"wp:featuredmedia":[{"embeddable":true,"href":"https:\/\/www.waterskis.lv\/ru\/wp-json\/wp\/v2\/media\/61281"}],"wp:attachment":[{"href":"https:\/\/www.waterskis.lv\/ru\/wp-json\/wp\/v2\/media?parent=61292"}],"wp:term":[{"taxonomy":"product_brand","embeddable":true,"href":"https:\/\/www.waterskis.lv\/ru\/wp-json\/wp\/v2\/product_brand?post=61292"},{"taxonomy":"product_cat","embeddable":true,"href":"https:\/\/www.waterskis.lv\/ru\/wp-json\/wp\/v2\/product_cat?post=61292"},{"taxonomy":"product_tag","embeddable":true,"href":"https:\/\/www.waterskis.lv\/ru\/wp-json\/wp\/v2\/product_tag?post=61292"}],"curies":[{"name":"wp","href":"https:\/\/api.w.org\/{rel}","templated":true}]}}