{"id":61417,"date":"2025-02-09T14:46:17","date_gmt":"2025-02-09T12:46:17","guid":{"rendered":"https:\/\/www.waterskis.lv\/product\/piepusams-aiz-laivas-velkams-banans-spinera-rocket-3\/"},"modified":"2026-01-30T18:54:14","modified_gmt":"2026-01-30T16:54:14","slug":"%d0%bd%d0%b0%d0%b4%d1%83%d0%b2%d0%bd%d0%be%d0%b9-%d0%b1%d0%b0%d0%bd%d0%b0%d0%bd-spinera-rocket-3","status":"publish","type":"product","link":"https:\/\/www.waterskis.lv\/ru\/product\/%d0%bd%d0%b0%d0%b4%d1%83%d0%b2%d0%bd%d0%be%d0%b9-%d0%b1%d0%b0%d0%bd%d0%b0%d0%bd-spinera-rocket-3\/","title":{"rendered":"\u041d\u0430\u0434\u0443\u0432\u043d\u043e\u0439 \u0431\u0430\u043d\u0430\u043d Spinera Rocket 3"},"content":{"rendered":"<h1>\u041d\u0430\u0434\u0443\u0432\u043d\u043e\u0439 \u0431\u0430\u043d\u0430\u043d Spinera Rocket 3<\/h1>\n<p>\u041d\u0430\u0434\u0443\u0432\u043d\u043e\u0439 \u0431\u0430\u043d\u0430\u043d Spinera Rocket 3<\/p>\n<p>\u042d\u0442\u043e\u0442 \u0431\u0430\u043d\u0430\u043d \u0441\u043e\u0437\u0434\u0430\u043d \u0434\u043b\u044f \u0441\u0430\u043c\u044b\u0445 \u0432\u044b\u0441\u043e\u043a\u0438\u0445 \u0442\u0440\u0435\u0431\u043e\u0432\u0430\u043d\u0438\u0439 \u0438 \u0434\u043e\u043b\u0433\u043e\u0432\u0435\u0447\u043d\u043e\u0441\u0442\u0438. \u041e\u043d \u043f\u043e\u043b\u043d\u043e\u0441\u0442\u044c\u044e \u0437\u0430\u043a\u0440\u044b\u0442 \u043d\u0435\u0439\u043b\u043e\u043d\u043e\u0432\u043e\u0439 \u043e\u0431\u043e\u043b\u043e\u0447\u043a\u043e\u0439, \u043f\u0440\u043e\u0443\u0448\u0438\u043d\u0430 \u0434\u043b\u044f \u0441\u0446\u0435\u043f\u043a\u0438 \u043f\u0440\u043e\u0448\u0438\u0442\u0430 \u0432 \u043d\u0435\u0441\u043a\u043e\u043b\u044c\u043a\u0438\u0445 \u0442\u043e\u0447\u043a\u0430\u0445 \u0441\u0442\u044f\u0433\u0438\u0432\u0430\u043d\u0438\u044f, \u0430 \u043c\u044f\u0433\u043a\u0438\u0435 \u043d\u0435\u0439\u043b\u043e\u043d\u043e\u0432\u044b\u0435 \u0440\u0443\u0447\u043a\u0438 \u0441 \u043d\u0435\u043e\u043f\u0440\u0435\u043d\u043e\u0432\u044b\u043c\u0438 \u043f\u043e\u0434\u0443\u0448\u0435\u0447\u043a\u0430\u043c\u0438 \u0441\u043d\u0438\u0437\u0443 \u043f\u0440\u0435\u0434\u0441\u0442\u0430\u0432\u043b\u044f\u044e\u0442 \u0432\u044b\u0434\u0430\u044e\u0449\u0435\u0435\u0441\u044f \u043a\u0430\u0447\u0435\u0441\u0442\u0432\u043e Spinera.<\/p>\n<p>\u041d\u0430\u0441\u043b\u0430\u0436\u0434\u0430\u0439\u0442\u0435\u0441\u044c, \u0440\u0430\u043a\u0435\u0442\u0430 \u0442\u0430\u043a\u0436\u0435 \u0432\u0440\u0435\u043c\u044f \u043e\u0442 \u0432\u0440\u0435\u043c\u0435\u043d\u0438 \u0432\u044b\u0441\u0442\u0440\u0435\u043b\u0438\u0432\u0430\u0435\u0442 \u0432\u0430\u0441 \u0432 \u0432\u043e\u0434\u0443!<\/p>\n<p>\u041f\u043e\u0434\u0440\u043e\u0431\u043d\u0430\u044f \u0438\u043d\u0444\u043e\u0440\u043c\u0430\u0446\u0438\u044f:<\/p>\n<p>\u0420\u0430\u0437\u043c\u0435\u0440: 120&#8243;x43&#8243;x22&#8243;\/305x109x56 \u0441\u043c (\u043d\u0430\u0434\u0443\u0442\u044b\u0439)<br \/>\n28 \u043a\u0430\u043b\u0438\u0431\u0440<br \/>\n\u0422\u043e\u043b\u0449\u0438\u043d\u0430 \u041f\u0412\u0425: 0,7 \u043c\u043c<br \/>\n\u0422\u043e\u043b\u0449\u0438\u043d\u0430 \u043d\u0435\u0439\u043b\u043e\u043d\u043e\u0432\u043e\u0433\u043e \u0447\u0435\u0445\u043b\u0430: 840D<br \/>\n\u041f\u043e\u043b\u043d\u043e\u0441\u0442\u044c\u044e \u043c\u044f\u0433\u043a\u0438\u0435 \u0434\u0432\u043e\u0439\u043d\u044b\u0435 \u0440\u0443\u0447\u043a\u0438: 3<br \/>\n3 \u043a\u043b\u0430\u043f\u0430\u043d\u0430 Boston \u0434\u043b\u044f \u0431\u044b\u0441\u0442\u0440\u043e\u0433\u043e \u043d\u0430\u0434\u0443\u0432\u0430\u043d\u0438\u044f \u0438 \u0441\u0434\u0443\u0432\u0430\u043d\u0438\u044f<br \/>\n\u0411\u044b\u0441\u0442\u0440\u043e\u0440\u0430\u0437\u044a\u0435\u043c\u043d\u044b\u0439 \u043a\u0440\u044e\u043a<br \/>\n\u0421\u043f\u0435\u0446\u0438\u0430\u043b\u044c\u043d\u043e\u0435: \u041e\u0441\u043e\u0431\u043e \u043f\u0440\u043e\u0447\u043d\u0430\u044f \u0431\u0443\u043a\u0441\u0438\u0440\u043e\u0432\u043e\u0447\u043d\u0430\u044f \u0442\u043e\u0447\u043a\u0430 \u0441\u043f\u0435\u0440\u0435\u0434\u0438<br \/>\n\u0412\u0435\u0441: 10,96 \u043a\u0433<br \/>\n3-\u043a\u0430\u043c\u0435\u0440\u043d\u0430\u044f \u0441\u0438\u0441\u0442\u0435\u043c\u0430 \u0431\u0435\u0437\u043e\u043f\u0430\u0441\u043d\u043e\u0441\u0442\u0438 \u00ab\u043c\u044b \u0437\u0430\u0431\u043e\u0442\u0438\u043c\u0441\u044f \u043e \u0431\u0435\u0437\u043e\u043f\u0430\u0441\u043d\u043e\u0441\u0442\u0438\u00bb<\/p>\n","protected":false},"excerpt":{"rendered":"<p>https:\/\/www.youtube.com\/watch?v=g68PkANAOpU [&#8230;]<\/p>\n<p><a class=\"btn btn-secondary understrap-read-more-link\" href=\"https:\/\/www.waterskis.lv\/ru\/product\/%d0%bd%d0%b0%d0%b4%d1%83%d0%b2%d0%bd%d0%be%d0%b9-%d0%b1%d0%b0%d0%bd%d0%b0%d0%bd-spinera-rocket-3\/\">\u0427\u0438\u0442\u0430\u0442\u044c \u0434\u0430\u043b\u044c\u0448\u0435\u2026<\/a><\/p>\n","protected":false},"featured_media":61400,"comment_status":"closed","ping_status":"closed","template":"","meta":{"_acf_changed":false,"inline_featured_image":false},"product_brand":[1279],"product_cat":[1023,375],"product_tag":[1483,3076,3077],"class_list":{"0":"post-61417","1":"product","2":"type-product","3":"status-publish","4":"has-post-thumbnail","6":"product_brand-spinera-watersports","7":"product_cat-3---","8":"product_cat-375","9":"product_tag-aiz-laivas-velkamais-puslis","10":"product_tag-inflatable-towable-tube","11":"product_tag-3077","13":"first","14":"instock","15":"shipping-taxable","16":"purchasable","17":"product-type-simple"},"acf":[],"yoast_head":"<!-- This site is optimized with the Yoast SEO plugin v27.4 - https:\/\/yoast.com\/product\/yoast-seo-wordpress\/ -->\n<title>\u041d\u0430\u0434\u0443\u0432\u043d\u043e\u0439 \u0431\u0430\u043d\u0430\u043d Spinera Rocket 3 - WATERSKIS.LV<\/title>\n<meta name=\"description\" content=\"\u041d\u0430\u0434\u0443\u0432\u043d\u043e\u0439 \u0431\u0430\u043d\u0430\u043d Spinera Rocket 3 \u0441\u043e\u0437\u0434\u0430\u043d \u0434\u043b\u044f \u0441\u0430\u043c\u044b\u0445 \u0432\u044b\u0441\u043e\u043a\u0438\u0445 \u0442\u0440\u0435\u0431\u043e\u0432\u0430\u043d\u0438\u0439 \u0438 \u0434\u043e\u043b\u0433\u043e\u0432\u0435\u0447\u043d\u043e\u0441\u0442\u0438. \u0412\u0435\u0441: 10,96 \u043a\u0433. 3-\u043a\u0430\u043c\u0435\u0440\u043d\u0430\u044f \u0441\u0438\u0441\u0442\u0435\u043c\u0430 \u0431\u0435\u0437\u043e\u043f\u0430\u0441\u043d\u043e\u0441\u0442\u0438\" \/>\n<meta name=\"robots\" content=\"index, follow, max-snippet:-1, max-image-preview:large, max-video-preview:-1\" \/>\n<link rel=\"canonical\" href=\"https:\/\/www.waterskis.lv\/ru\/product\/%d0%bd%d0%b0%d0%b4%d1%83%d0%b2%d0%bd%d0%be%d0%b9-%d0%b1%d0%b0%d0%bd%d0%b0%d0%bd-spinera-rocket-3\/\" \/>\n<meta property=\"og:locale\" content=\"ru_RU\" \/>\n<meta property=\"og:type\" content=\"article\" \/>\n<meta property=\"og:title\" content=\"\u041d\u0430\u0434\u0443\u0432\u043d\u043e\u0439 \u0431\u0430\u043d\u0430\u043d Spinera Rocket 3 - WATERSKIS.LV\" \/>\n<meta property=\"og:description\" content=\"\u041d\u0430\u0434\u0443\u0432\u043d\u043e\u0439 \u0431\u0430\u043d\u0430\u043d Spinera Rocket 3 \u0441\u043e\u0437\u0434\u0430\u043d \u0434\u043b\u044f \u0441\u0430\u043c\u044b\u0445 \u0432\u044b\u0441\u043e\u043a\u0438\u0445 \u0442\u0440\u0435\u0431\u043e\u0432\u0430\u043d\u0438\u0439 \u0438 \u0434\u043e\u043b\u0433\u043e\u0432\u0435\u0447\u043d\u043e\u0441\u0442\u0438. \u0412\u0435\u0441: 10,96 \u043a\u0433. 3-\u043a\u0430\u043c\u0435\u0440\u043d\u0430\u044f \u0441\u0438\u0441\u0442\u0435\u043c\u0430 \u0431\u0435\u0437\u043e\u043f\u0430\u0441\u043d\u043e\u0441\u0442\u0438\" \/>\n<meta property=\"og:url\" content=\"https:\/\/www.waterskis.lv\/ru\/product\/%d0%bd%d0%b0%d0%b4%d1%83%d0%b2%d0%bd%d0%be%d0%b9-%d0%b1%d0%b0%d0%bd%d0%b0%d0%bd-spinera-rocket-3\/\" \/>\n<meta property=\"og:site_name\" content=\"WATERSKIS.LV\" \/>\n<meta property=\"article:publisher\" content=\"https:\/\/www.facebook.com\/jurmalawaterskiwakeboardpark\/\" \/>\n<meta property=\"article:modified_time\" content=\"2026-01-30T16:54:14+00:00\" \/>\n<meta property=\"og:image\" content=\"https:\/\/www.waterskis.lv\/wp-content\/uploads\/2025\/02\/18256_image_18256_spinera_rocket_3_18256_1.webp\" \/>\n\t<meta property=\"og:image:width\" content=\"709\" \/>\n\t<meta property=\"og:image:height\" content=\"709\" \/>\n\t<meta property=\"og:image:type\" content=\"image\/webp\" \/>\n<meta name=\"twitter:card\" content=\"summary_large_image\" \/>\n<meta name=\"twitter:label1\" content=\"\u041f\u0440\u0438\u043c\u0435\u0440\u043d\u043e\u0435 \u0432\u0440\u0435\u043c\u044f \u0434\u043b\u044f \u0447\u0442\u0435\u043d\u0438\u044f\" \/>\n\t<meta name=\"twitter:data1\" content=\"1 \u043c\u0438\u043d\u0443\u0442\u0430\" \/>\n<script type=\"application\/ld+json\" class=\"yoast-schema-graph\">{\"@context\":\"https:\\\/\\\/schema.org\",\"@graph\":[{\"@type\":\"WebPage\",\"@id\":\"https:\\\/\\\/www.waterskis.lv\\\/ru\\\/product\\\/%d0%bd%d0%b0%d0%b4%d1%83%d0%b2%d0%bd%d0%be%d0%b9-%d0%b1%d0%b0%d0%bd%d0%b0%d0%bd-spinera-rocket-3\\\/\",\"url\":\"https:\\\/\\\/www.waterskis.lv\\\/ru\\\/product\\\/%d0%bd%d0%b0%d0%b4%d1%83%d0%b2%d0%bd%d0%be%d0%b9-%d0%b1%d0%b0%d0%bd%d0%b0%d0%bd-spinera-rocket-3\\\/\",\"name\":\"\u041d\u0430\u0434\u0443\u0432\u043d\u043e\u0439 \u0431\u0430\u043d\u0430\u043d Spinera Rocket 3 - WATERSKIS.LV\",\"isPartOf\":{\"@id\":\"https:\\\/\\\/www.waterskis.lv\\\/ru\\\/#website\"},\"primaryImageOfPage\":{\"@id\":\"https:\\\/\\\/www.waterskis.lv\\\/ru\\\/product\\\/%d0%bd%d0%b0%d0%b4%d1%83%d0%b2%d0%bd%d0%be%d0%b9-%d0%b1%d0%b0%d0%bd%d0%b0%d0%bd-spinera-rocket-3\\\/#primaryimage\"},\"image\":{\"@id\":\"https:\\\/\\\/www.waterskis.lv\\\/ru\\\/product\\\/%d0%bd%d0%b0%d0%b4%d1%83%d0%b2%d0%bd%d0%be%d0%b9-%d0%b1%d0%b0%d0%bd%d0%b0%d0%bd-spinera-rocket-3\\\/#primaryimage\"},\"thumbnailUrl\":\"https:\\\/\\\/www.waterskis.lv\\\/wp-content\\\/uploads\\\/2025\\\/02\\\/18256_image_18256_spinera_rocket_3_18256_1.webp\",\"datePublished\":\"2025-02-09T12:46:17+00:00\",\"dateModified\":\"2026-01-30T16:54:14+00:00\",\"description\":\"\u041d\u0430\u0434\u0443\u0432\u043d\u043e\u0439 \u0431\u0430\u043d\u0430\u043d Spinera Rocket 3 \u0441\u043e\u0437\u0434\u0430\u043d \u0434\u043b\u044f \u0441\u0430\u043c\u044b\u0445 \u0432\u044b\u0441\u043e\u043a\u0438\u0445 \u0442\u0440\u0435\u0431\u043e\u0432\u0430\u043d\u0438\u0439 \u0438 \u0434\u043e\u043b\u0433\u043e\u0432\u0435\u0447\u043d\u043e\u0441\u0442\u0438. \u0412\u0435\u0441: 10,96 \u043a\u0433. 3-\u043a\u0430\u043c\u0435\u0440\u043d\u0430\u044f \u0441\u0438\u0441\u0442\u0435\u043c\u0430 \u0431\u0435\u0437\u043e\u043f\u0430\u0441\u043d\u043e\u0441\u0442\u0438\",\"breadcrumb\":{\"@id\":\"https:\\\/\\\/www.waterskis.lv\\\/ru\\\/product\\\/%d0%bd%d0%b0%d0%b4%d1%83%d0%b2%d0%bd%d0%be%d0%b9-%d0%b1%d0%b0%d0%bd%d0%b0%d0%bd-spinera-rocket-3\\\/#breadcrumb\"},\"inLanguage\":\"ru-RU\",\"potentialAction\":[{\"@type\":\"ReadAction\",\"target\":[\"https:\\\/\\\/www.waterskis.lv\\\/ru\\\/product\\\/%d0%bd%d0%b0%d0%b4%d1%83%d0%b2%d0%bd%d0%be%d0%b9-%d0%b1%d0%b0%d0%bd%d0%b0%d0%bd-spinera-rocket-3\\\/\"]}]},{\"@type\":\"ImageObject\",\"inLanguage\":\"ru-RU\",\"@id\":\"https:\\\/\\\/www.waterskis.lv\\\/ru\\\/product\\\/%d0%bd%d0%b0%d0%b4%d1%83%d0%b2%d0%bd%d0%be%d0%b9-%d0%b1%d0%b0%d0%bd%d0%b0%d0%bd-spinera-rocket-3\\\/#primaryimage\",\"url\":\"https:\\\/\\\/www.waterskis.lv\\\/wp-content\\\/uploads\\\/2025\\\/02\\\/18256_image_18256_spinera_rocket_3_18256_1.webp\",\"contentUrl\":\"https:\\\/\\\/www.waterskis.lv\\\/wp-content\\\/uploads\\\/2025\\\/02\\\/18256_image_18256_spinera_rocket_3_18256_1.webp\",\"width\":709,\"height\":709,\"caption\":\"Piep\u016b\u0161ams aiz laivas velkams ban\u0101ns Spinera Rocket 3\"},{\"@type\":\"BreadcrumbList\",\"@id\":\"https:\\\/\\\/www.waterskis.lv\\\/ru\\\/product\\\/%d0%bd%d0%b0%d0%b4%d1%83%d0%b2%d0%bd%d0%be%d0%b9-%d0%b1%d0%b0%d0%bd%d0%b0%d0%bd-spinera-rocket-3\\\/#breadcrumb\",\"itemListElement\":[{\"@type\":\"ListItem\",\"position\":1,\"name\":\"Home\",\"item\":\"https:\\\/\\\/www.waterskis.lv\\\/ru\\\/\"},{\"@type\":\"ListItem\",\"position\":2,\"name\":\"\u041c\u0430\u0433\u0430\u0437\u0438\u043d\",\"item\":\"https:\\\/\\\/www.waterskis.lv\\\/ru\\\/%d0%bc%d0%b0%d0%b3%d0%b0%d0%b7%d0%b8%d0%bd\\\/\"},{\"@type\":\"ListItem\",\"position\":3,\"name\":\"\u041d\u0430\u0434\u0443\u0432\u043d\u043e\u0439 \u0431\u0430\u043d\u0430\u043d Spinera Rocket 3\"}]},{\"@type\":\"WebSite\",\"@id\":\"https:\\\/\\\/www.waterskis.lv\\\/ru\\\/#website\",\"url\":\"https:\\\/\\\/www.waterskis.lv\\\/ru\\\/\",\"name\":\"WATERSKIS.LV\",\"description\":\"SUP d\u0113\u013ci, kajaki, kanoe, airu laivas, \u016bdenssl\u0113po\u0161ana, veikbords, SUP d\u0113\u013cu noma, kajaku nomaakt\u012bv\u0101s atp\u016btas centrs, laivu noma, sup noma, kajaku noma\",\"publisher\":{\"@id\":\"https:\\\/\\\/www.waterskis.lv\\\/ru\\\/#organization\"},\"potentialAction\":[{\"@type\":\"SearchAction\",\"target\":{\"@type\":\"EntryPoint\",\"urlTemplate\":\"https:\\\/\\\/www.waterskis.lv\\\/ru\\\/?s={search_term_string}\"},\"query-input\":{\"@type\":\"PropertyValueSpecification\",\"valueRequired\":true,\"valueName\":\"search_term_string\"}}],\"inLanguage\":\"ru-RU\"},{\"@type\":\"Organization\",\"@id\":\"https:\\\/\\\/www.waterskis.lv\\\/ru\\\/#organization\",\"name\":\"WATERSKIS.LV\",\"url\":\"https:\\\/\\\/www.waterskis.lv\\\/ru\\\/\",\"logo\":{\"@type\":\"ImageObject\",\"inLanguage\":\"ru-RU\",\"@id\":\"https:\\\/\\\/www.waterskis.lv\\\/ru\\\/#\\\/schema\\\/logo\\\/image\\\/\",\"url\":\"https:\\\/\\\/www.waterskis.lv\\\/wp-content\\\/uploads\\\/2025\\\/01\\\/JUVP-logo.png\",\"contentUrl\":\"https:\\\/\\\/www.waterskis.lv\\\/wp-content\\\/uploads\\\/2025\\\/01\\\/JUVP-logo.png\",\"width\":421,\"height\":202,\"caption\":\"WATERSKIS.LV\"},\"image\":{\"@id\":\"https:\\\/\\\/www.waterskis.lv\\\/ru\\\/#\\\/schema\\\/logo\\\/image\\\/\"},\"sameAs\":[\"https:\\\/\\\/www.facebook.com\\\/jurmalawaterskiwakeboardpark\\\/\"]}]}<\/script>\n<!-- \/ Yoast SEO plugin. -->","yoast_head_json":{"title":"\u041d\u0430\u0434\u0443\u0432\u043d\u043e\u0439 \u0431\u0430\u043d\u0430\u043d Spinera Rocket 3 - WATERSKIS.LV","description":"\u041d\u0430\u0434\u0443\u0432\u043d\u043e\u0439 \u0431\u0430\u043d\u0430\u043d Spinera Rocket 3 \u0441\u043e\u0437\u0434\u0430\u043d \u0434\u043b\u044f \u0441\u0430\u043c\u044b\u0445 \u0432\u044b\u0441\u043e\u043a\u0438\u0445 \u0442\u0440\u0435\u0431\u043e\u0432\u0430\u043d\u0438\u0439 \u0438 \u0434\u043e\u043b\u0433\u043e\u0432\u0435\u0447\u043d\u043e\u0441\u0442\u0438. \u0412\u0435\u0441: 10,96 \u043a\u0433. 3-\u043a\u0430\u043c\u0435\u0440\u043d\u0430\u044f \u0441\u0438\u0441\u0442\u0435\u043c\u0430 \u0431\u0435\u0437\u043e\u043f\u0430\u0441\u043d\u043e\u0441\u0442\u0438","robots":{"index":"index","follow":"follow","max-snippet":"max-snippet:-1","max-image-preview":"max-image-preview:large","max-video-preview":"max-video-preview:-1"},"canonical":"https:\/\/www.waterskis.lv\/ru\/product\/%d0%bd%d0%b0%d0%b4%d1%83%d0%b2%d0%bd%d0%be%d0%b9-%d0%b1%d0%b0%d0%bd%d0%b0%d0%bd-spinera-rocket-3\/","og_locale":"ru_RU","og_type":"article","og_title":"\u041d\u0430\u0434\u0443\u0432\u043d\u043e\u0439 \u0431\u0430\u043d\u0430\u043d Spinera Rocket 3 - WATERSKIS.LV","og_description":"\u041d\u0430\u0434\u0443\u0432\u043d\u043e\u0439 \u0431\u0430\u043d\u0430\u043d Spinera Rocket 3 \u0441\u043e\u0437\u0434\u0430\u043d \u0434\u043b\u044f \u0441\u0430\u043c\u044b\u0445 \u0432\u044b\u0441\u043e\u043a\u0438\u0445 \u0442\u0440\u0435\u0431\u043e\u0432\u0430\u043d\u0438\u0439 \u0438 \u0434\u043e\u043b\u0433\u043e\u0432\u0435\u0447\u043d\u043e\u0441\u0442\u0438. \u0412\u0435\u0441: 10,96 \u043a\u0433. 3-\u043a\u0430\u043c\u0435\u0440\u043d\u0430\u044f \u0441\u0438\u0441\u0442\u0435\u043c\u0430 \u0431\u0435\u0437\u043e\u043f\u0430\u0441\u043d\u043e\u0441\u0442\u0438","og_url":"https:\/\/www.waterskis.lv\/ru\/product\/%d0%bd%d0%b0%d0%b4%d1%83%d0%b2%d0%bd%d0%be%d0%b9-%d0%b1%d0%b0%d0%bd%d0%b0%d0%bd-spinera-rocket-3\/","og_site_name":"WATERSKIS.LV","article_publisher":"https:\/\/www.facebook.com\/jurmalawaterskiwakeboardpark\/","article_modified_time":"2026-01-30T16:54:14+00:00","og_image":[{"width":709,"height":709,"url":"https:\/\/www.waterskis.lv\/wp-content\/uploads\/2025\/02\/18256_image_18256_spinera_rocket_3_18256_1.webp","type":"image\/webp"}],"twitter_card":"summary_large_image","twitter_misc":{"\u041f\u0440\u0438\u043c\u0435\u0440\u043d\u043e\u0435 \u0432\u0440\u0435\u043c\u044f \u0434\u043b\u044f \u0447\u0442\u0435\u043d\u0438\u044f":"1 \u043c\u0438\u043d\u0443\u0442\u0430"},"schema":{"@context":"https:\/\/schema.org","@graph":[{"@type":"WebPage","@id":"https:\/\/www.waterskis.lv\/ru\/product\/%d0%bd%d0%b0%d0%b4%d1%83%d0%b2%d0%bd%d0%be%d0%b9-%d0%b1%d0%b0%d0%bd%d0%b0%d0%bd-spinera-rocket-3\/","url":"https:\/\/www.waterskis.lv\/ru\/product\/%d0%bd%d0%b0%d0%b4%d1%83%d0%b2%d0%bd%d0%be%d0%b9-%d0%b1%d0%b0%d0%bd%d0%b0%d0%bd-spinera-rocket-3\/","name":"\u041d\u0430\u0434\u0443\u0432\u043d\u043e\u0439 \u0431\u0430\u043d\u0430\u043d Spinera Rocket 3 - WATERSKIS.LV","isPartOf":{"@id":"https:\/\/www.waterskis.lv\/ru\/#website"},"primaryImageOfPage":{"@id":"https:\/\/www.waterskis.lv\/ru\/product\/%d0%bd%d0%b0%d0%b4%d1%83%d0%b2%d0%bd%d0%be%d0%b9-%d0%b1%d0%b0%d0%bd%d0%b0%d0%bd-spinera-rocket-3\/#primaryimage"},"image":{"@id":"https:\/\/www.waterskis.lv\/ru\/product\/%d0%bd%d0%b0%d0%b4%d1%83%d0%b2%d0%bd%d0%be%d0%b9-%d0%b1%d0%b0%d0%bd%d0%b0%d0%bd-spinera-rocket-3\/#primaryimage"},"thumbnailUrl":"https:\/\/www.waterskis.lv\/wp-content\/uploads\/2025\/02\/18256_image_18256_spinera_rocket_3_18256_1.webp","datePublished":"2025-02-09T12:46:17+00:00","dateModified":"2026-01-30T16:54:14+00:00","description":"\u041d\u0430\u0434\u0443\u0432\u043d\u043e\u0439 \u0431\u0430\u043d\u0430\u043d Spinera Rocket 3 \u0441\u043e\u0437\u0434\u0430\u043d \u0434\u043b\u044f \u0441\u0430\u043c\u044b\u0445 \u0432\u044b\u0441\u043e\u043a\u0438\u0445 \u0442\u0440\u0435\u0431\u043e\u0432\u0430\u043d\u0438\u0439 \u0438 \u0434\u043e\u043b\u0433\u043e\u0432\u0435\u0447\u043d\u043e\u0441\u0442\u0438. \u0412\u0435\u0441: 10,96 \u043a\u0433. 3-\u043a\u0430\u043c\u0435\u0440\u043d\u0430\u044f \u0441\u0438\u0441\u0442\u0435\u043c\u0430 \u0431\u0435\u0437\u043e\u043f\u0430\u0441\u043d\u043e\u0441\u0442\u0438","breadcrumb":{"@id":"https:\/\/www.waterskis.lv\/ru\/product\/%d0%bd%d0%b0%d0%b4%d1%83%d0%b2%d0%bd%d0%be%d0%b9-%d0%b1%d0%b0%d0%bd%d0%b0%d0%bd-spinera-rocket-3\/#breadcrumb"},"inLanguage":"ru-RU","potentialAction":[{"@type":"ReadAction","target":["https:\/\/www.waterskis.lv\/ru\/product\/%d0%bd%d0%b0%d0%b4%d1%83%d0%b2%d0%bd%d0%be%d0%b9-%d0%b1%d0%b0%d0%bd%d0%b0%d0%bd-spinera-rocket-3\/"]}]},{"@type":"ImageObject","inLanguage":"ru-RU","@id":"https:\/\/www.waterskis.lv\/ru\/product\/%d0%bd%d0%b0%d0%b4%d1%83%d0%b2%d0%bd%d0%be%d0%b9-%d0%b1%d0%b0%d0%bd%d0%b0%d0%bd-spinera-rocket-3\/#primaryimage","url":"https:\/\/www.waterskis.lv\/wp-content\/uploads\/2025\/02\/18256_image_18256_spinera_rocket_3_18256_1.webp","contentUrl":"https:\/\/www.waterskis.lv\/wp-content\/uploads\/2025\/02\/18256_image_18256_spinera_rocket_3_18256_1.webp","width":709,"height":709,"caption":"Piep\u016b\u0161ams aiz laivas velkams ban\u0101ns Spinera Rocket 3"},{"@type":"BreadcrumbList","@id":"https:\/\/www.waterskis.lv\/ru\/product\/%d0%bd%d0%b0%d0%b4%d1%83%d0%b2%d0%bd%d0%be%d0%b9-%d0%b1%d0%b0%d0%bd%d0%b0%d0%bd-spinera-rocket-3\/#breadcrumb","itemListElement":[{"@type":"ListItem","position":1,"name":"Home","item":"https:\/\/www.waterskis.lv\/ru\/"},{"@type":"ListItem","position":2,"name":"\u041c\u0430\u0433\u0430\u0437\u0438\u043d","item":"https:\/\/www.waterskis.lv\/ru\/%d0%bc%d0%b0%d0%b3%d0%b0%d0%b7%d0%b8%d0%bd\/"},{"@type":"ListItem","position":3,"name":"\u041d\u0430\u0434\u0443\u0432\u043d\u043e\u0439 \u0431\u0430\u043d\u0430\u043d Spinera Rocket 3"}]},{"@type":"WebSite","@id":"https:\/\/www.waterskis.lv\/ru\/#website","url":"https:\/\/www.waterskis.lv\/ru\/","name":"WATERSKIS.LV","description":"SUP d\u0113\u013ci, kajaki, kanoe, airu laivas, \u016bdenssl\u0113po\u0161ana, veikbords, SUP d\u0113\u013cu noma, kajaku nomaakt\u012bv\u0101s atp\u016btas centrs, laivu noma, sup noma, kajaku noma","publisher":{"@id":"https:\/\/www.waterskis.lv\/ru\/#organization"},"potentialAction":[{"@type":"SearchAction","target":{"@type":"EntryPoint","urlTemplate":"https:\/\/www.waterskis.lv\/ru\/?s={search_term_string}"},"query-input":{"@type":"PropertyValueSpecification","valueRequired":true,"valueName":"search_term_string"}}],"inLanguage":"ru-RU"},{"@type":"Organization","@id":"https:\/\/www.waterskis.lv\/ru\/#organization","name":"WATERSKIS.LV","url":"https:\/\/www.waterskis.lv\/ru\/","logo":{"@type":"ImageObject","inLanguage":"ru-RU","@id":"https:\/\/www.waterskis.lv\/ru\/#\/schema\/logo\/image\/","url":"https:\/\/www.waterskis.lv\/wp-content\/uploads\/2025\/01\/JUVP-logo.png","contentUrl":"https:\/\/www.waterskis.lv\/wp-content\/uploads\/2025\/01\/JUVP-logo.png","width":421,"height":202,"caption":"WATERSKIS.LV"},"image":{"@id":"https:\/\/www.waterskis.lv\/ru\/#\/schema\/logo\/image\/"},"sameAs":["https:\/\/www.facebook.com\/jurmalawaterskiwakeboardpark\/"]}]}},"_links":{"self":[{"href":"https:\/\/www.waterskis.lv\/ru\/wp-json\/wp\/v2\/product\/61417","targetHints":{"allow":["GET"]}}],"collection":[{"href":"https:\/\/www.waterskis.lv\/ru\/wp-json\/wp\/v2\/product"}],"about":[{"href":"https:\/\/www.waterskis.lv\/ru\/wp-json\/wp\/v2\/types\/product"}],"replies":[{"embeddable":true,"href":"https:\/\/www.waterskis.lv\/ru\/wp-json\/wp\/v2\/comments?post=61417"}],"wp:featuredmedia":[{"embeddable":true,"href":"https:\/\/www.waterskis.lv\/ru\/wp-json\/wp\/v2\/media\/61400"}],"wp:attachment":[{"href":"https:\/\/www.waterskis.lv\/ru\/wp-json\/wp\/v2\/media?parent=61417"}],"wp:term":[{"taxonomy":"product_brand","embeddable":true,"href":"https:\/\/www.waterskis.lv\/ru\/wp-json\/wp\/v2\/product_brand?post=61417"},{"taxonomy":"product_cat","embeddable":true,"href":"https:\/\/www.waterskis.lv\/ru\/wp-json\/wp\/v2\/product_cat?post=61417"},{"taxonomy":"product_tag","embeddable":true,"href":"https:\/\/www.waterskis.lv\/ru\/wp-json\/wp\/v2\/product_tag?post=61417"}],"curies":[{"name":"wp","href":"https:\/\/api.w.org\/{rel}","templated":true}]}}