{"id":61593,"date":"2025-02-11T07:41:47","date_gmt":"2025-02-11T05:41:47","guid":{"rendered":"https:\/\/waterskis.lv\/product\/sup-delis-spinera-professional-10-6-320x80x15cm\/"},"modified":"2026-01-31T18:51:16","modified_gmt":"2026-01-31T16:51:16","slug":"sup-%d0%b1%d0%be%d1%80%d0%b4-spinera-professional-10-6-320x80x15cm","status":"publish","type":"product","link":"https:\/\/www.waterskis.lv\/ru\/product\/sup-%d0%b1%d0%be%d1%80%d0%b4-spinera-professional-10-6-320x80x15cm\/","title":{"rendered":"SUP \u0431\u043e\u0440\u0434 Spinera Professional 10.6 &#8212; 320x80x15cm"},"content":{"rendered":"<h1>SUP \u0431\u043e\u0440\u0434 Spinera Professional 10.6 &#8212; 320x80x15cm<\/h1>\n<p>SUP \u0431\u043e\u0440\u0434 Spinera Professional 10.6 &#8212; 320x80x15cm<\/p>\n<p>\u0412\u044b\u0441\u043e\u043a\u043e\u043a\u0430\u0447\u0435\u0441\u0442\u0432\u0435\u043d\u043d\u044b\u0439 \u0434\u0432\u0443\u0445\u0441\u043b\u043e\u0439\u043d\u044b\u0439 \u043f\u0440\u043e\u043a\u0430\u0442\u043d\u044b\u0439 SUP \u043f\u043e \u0434\u043e\u0441\u0442\u0443\u043f\u043d\u043e\u0439 \u0446\u0435\u043d\u0435.<\/p>\n<p>\u0420\u0430\u0437\u043c\u0435\u0440: 10\u00b46&#8243;x31,5&#8243; &#8212; 320 \u0441\u043c x 80 \u0441\u043c<br \/>\n\u0412\u0435\u0441 \u0440\u0430\u0439\u0434\u0435\u0440\u0430: \u043b\u0443\u0447\u0448\u0438\u0439 \u043e\u043f\u044b\u0442 \u0434\u043e 95 \u043a\u0433<br \/>\n\u041c\u0430\u043a\u0441\u0438\u043c\u0430\u043b\u044c\u043d\u0430\u044f \u043f\u043e\u043b\u0435\u0437\u043d\u0430\u044f \u043d\u0430\u0433\u0440\u0443\u0437\u043a\u0430: 125 \u043a\u0433<br \/>\n\u041e\u0431\u044a\u0435\u043c: 312 \u043b<br \/>\n\u0412\u0435\u0441 \u043d\u0435\u0442\u0442\u043e: 13,1 \u043a\u0433<br \/>\n\u0412\u0435\u0441 \u0431\u0440\u0443\u0442\u0442\u043e: 14,9 \u043a\u0433<\/p>\n<p>\u041f\u0440\u043e\u0438\u0437\u0432\u043e\u0434\u0441\u0442\u0432\u043e:<\/p>\n<p>15 \u0441\u043c dropstitch, \u0442\u0435\u0445\u043d\u043e\u043b\u043e\u0433\u0438\u044f dlt\/double layer,<br \/>\n\u043f\u0440\u0435\u0441\u0441\u043e\u0432\u0430\u043d\u043d\u044b\u0439 \u0432\u0435\u0440\u0445 \u0438\u0437 EVA \u0441 \u0430\u043b\u043c\u0430\u0437\u043d\u043e\u0439 \u0440\u0435\u0437\u043a\u043e\u0439<br \/>\n4 D-\u043e\u0431\u0440\u0430\u0437\u043d\u044b\u0445 \u043a\u043e\u043b\u044c\u0446\u0430 &#8212; \u0441\u043a\u0440\u044b\u0442\u044b\u0435 \u043f\u043e\u0434 EVA &#8212; \u0434\u043b\u044f \u0441\u0438\u0434\u0435\u043d\u044c\u044f \u043a\u0430\u044f\u043a\u0430<br \/>\n1 D-\u043e\u0431\u0440\u0430\u0437\u043d\u043e\u0435 \u043a\u043e\u043b\u044c\u0446\u043e \u0441\u043f\u0435\u0440\u0435\u0434\u0438 \u0432\u043d\u0438\u0437\u0443<br \/>\n\u0440\u0435\u0437\u0438\u043d\u043e\u0432\u0430\u044f \u0431\u043e\u043a\u043e\u0432\u0438\u043d\u0430<\/p>\n<p>\u041f\u0440\u0435\u0438\u043c\u0443\u0449\u0435\u0441\u0442\u0432\u0430 \u0434\u0432\u0443\u0445\u0441\u043b\u043e\u0439\u043d\u043e\u0433\u043e \u043f\u043e\u043a\u0440\u044b\u0442\u0438\u044f:<\/p>\n<p>\u043d\u0430 15% \u0431\u043e\u043b\u044c\u0448\u0435 \u0436\u0435\u0441\u0442\u043a\u043e\u0441\u0442\u0438<br \/>\n\u043c\u0435\u043d\u044c\u0448\u0435\u0435 \u0442\u0440\u0435\u043d\u0438\u0435 \u043e \u0432\u043e\u0434\u0443<br \/>\n\u043c\u0438\u043d. \u0421\u043a\u043e\u0440\u043e\u0441\u0442\u044c \u0432\u0435\u0441\u043b\u0430 \u043d\u0430 10% \u0432\u044b\u0448\u0435<br \/>\n\u041b\u0443\u0447\u0448\u0430\u044f \u0433\u0435\u0440\u043c\u0435\u0442\u0438\u0447\u043d\u043e\u0441\u0442\u044c<br \/>\n\u041b\u0443\u0447\u0448\u0430\u044f \u0443\u0441\u0442\u043e\u0439\u0447\u0438\u0432\u043e\u0441\u0442\u044c \u043a \u0423\u0424-\u0438\u0437\u043b\u0443\u0447\u0435\u043d\u0438\u044e<br \/>\n\u0411\u043e\u043b\u0435\u0435 \u0434\u043b\u0438\u0442\u0435\u043b\u044c\u043d\u044b\u0439 \u0441\u0440\u043e\u043a \u0441\u043b\u0443\u0436\u0431\u044b \u043c\u0430\u0442\u0435\u0440\u0438\u0430\u043b\u0430<\/p>\n<p>\u041a\u043e\u043c\u043f\u043b\u0435\u043a\u0442 \u043f\u043e\u0441\u0442\u0430\u0432\u043a\u0438:<\/p>\n<p>\u0420\u044e\u043a\u0437\u0430\u043a &#8212; 600D \u043f\u043e\u043b\u0438\u044d\u0441\u0442\u0435\u0440<br \/>\n3 \u0448\u0442. \u0432\u0435\u0441\u043b\u0430 Alu\/Fiberglass Performance<br \/>\n\u041f\u043e\u0432\u043e\u0434\u043e\u043a<br \/>\n\u0410\u043c\u0435\u0440\u0438\u043a\u0430\u043d\u0441\u043a\u0438\u0439 \u043f\u043b\u0430\u0432\u043d\u0438\u043a Box Classic, \u0432\u043a\u043b. \u043c\u0435\u0442\u0430\u043b\u043b\u0438\u0447\u0435\u0441\u043a\u0443\u044e \u043f\u043b\u0430\u0441\u0442\u0438\u043d\u0443<\/p>\n","protected":false},"excerpt":{"rendered":"<p>https:\/\/www.youtube.com\/watch?v=WsYXBpQyIls [&#8230;]<\/p>\n<p><a class=\"btn btn-secondary understrap-read-more-link\" href=\"https:\/\/www.waterskis.lv\/ru\/product\/sup-%d0%b1%d0%be%d1%80%d0%b4-spinera-professional-10-6-320x80x15cm\/\">\u0427\u0438\u0442\u0430\u0442\u044c \u0434\u0430\u043b\u044c\u0448\u0435\u2026<\/a><\/p>\n","protected":false},"featured_media":61579,"comment_status":"closed","ping_status":"closed","template":"","meta":{"_acf_changed":false,"inline_featured_image":false},"product_brand":[2677,1279],"product_cat":[1226,1104,502,700,1250],"product_tag":[3172,1352,3189,3173,3174,1335,3175,3095,3140,3176,3096,3191],"class_list":{"0":"post-61593","1":"product","2":"type-product","3":"status-publish","4":"has-post-thumbnail","6":"product_brand-spinera-professional","7":"product_brand-spinera-watersports","8":"product_cat-spinera-professional-en","9":"product_cat-spinera-inflatable-sups","10":"product_cat-stand-up-paddle-boards","11":"product_cat-inflatable-sup-boards","12":"product_cat-spinera-rental-sup-series","13":"product_tag-aufblasbares-sup","14":"product_tag-paddle-board","15":"product_tag-spinera","16":"product_tag-stand-up-paddleboard","17":"product_tag-stand-up-paddling","18":"product_tag-sup","19":"product_tag-sup-surfer","20":"product_tag-sup-","22":"product_tag-supkayak","23":"product_tag--sup","24":"product_tag-3191","26":"first","27":"instock","28":"shipping-taxable","29":"purchasable","30":"product-type-simple"},"acf":[],"yoast_head":"<!-- This site is optimized with the Yoast SEO plugin v27.5 - https:\/\/yoast.com\/product\/yoast-seo-wordpress\/ -->\n<title>SUP \u0431\u043e\u0440\u0434 Spinera Professional 10.6 - 320x80x15cm - WATERSKIS.LV<\/title>\n<meta name=\"description\" content=\"SUP \u0431\u043e\u0440\u0434 Spinera Professional 10.6 - 320x80x15cm\u044e \u0412\u044b\u0441\u043e\u043a\u043e\u043a\u0430\u0447\u0435\u0441\u0442\u0432\u0435\u043d\u043d\u044b\u0439 \u0434\u0432\u0443\u0445\u0441\u043b\u043e\u0439\u043d\u044b\u0439 \u043f\u0440\u043e\u043a\u0430\u0442\u043d\u044b\u0439 SUP \u043f\u043e \u0434\u043e\u0441\u0442\u0443\u043f\u043d\u043e\u0439 \u0446\u0435\u043d\u0435. \u043d\u0430 15% \u0431\u043e\u043b\u044c\u0448\u0435 \u0436\u0435\u0441\u0442\u043a\u043e\u0441\u0442\u0438\" \/>\n<meta name=\"robots\" content=\"index, follow, max-snippet:-1, max-image-preview:large, max-video-preview:-1\" \/>\n<link rel=\"canonical\" href=\"https:\/\/www.waterskis.lv\/ru\/product\/sup-%d0%b1%d0%be%d1%80%d0%b4-spinera-professional-10-6-320x80x15cm\/\" \/>\n<meta property=\"og:locale\" content=\"ru_RU\" \/>\n<meta property=\"og:type\" content=\"article\" \/>\n<meta property=\"og:title\" content=\"SUP \u0431\u043e\u0440\u0434 Spinera Professional 10.6 - 320x80x15cm - WATERSKIS.LV\" \/>\n<meta property=\"og:description\" content=\"SUP \u0431\u043e\u0440\u0434 Spinera Professional 10.6 - 320x80x15cm\u044e \u0412\u044b\u0441\u043e\u043a\u043e\u043a\u0430\u0447\u0435\u0441\u0442\u0432\u0435\u043d\u043d\u044b\u0439 \u0434\u0432\u0443\u0445\u0441\u043b\u043e\u0439\u043d\u044b\u0439 \u043f\u0440\u043e\u043a\u0430\u0442\u043d\u044b\u0439 SUP \u043f\u043e \u0434\u043e\u0441\u0442\u0443\u043f\u043d\u043e\u0439 \u0446\u0435\u043d\u0435. \u043d\u0430 15% \u0431\u043e\u043b\u044c\u0448\u0435 \u0436\u0435\u0441\u0442\u043a\u043e\u0441\u0442\u0438\" \/>\n<meta property=\"og:url\" content=\"https:\/\/www.waterskis.lv\/ru\/product\/sup-%d0%b1%d0%be%d1%80%d0%b4-spinera-professional-10-6-320x80x15cm\/\" \/>\n<meta property=\"og:site_name\" content=\"WATERSKIS.LV\" \/>\n<meta property=\"article:publisher\" content=\"https:\/\/www.facebook.com\/jurmalawaterskiwakeboardpark\/\" \/>\n<meta property=\"article:modified_time\" content=\"2026-01-31T16:51:16+00:00\" \/>\n<meta property=\"og:image\" content=\"https:\/\/www.waterskis.lv\/wp-content\/uploads\/2025\/02\/20269_image_20269_spinera_professional_sup_rental_10_6_-_320x80x15cm_20269_1.webp\" \/>\n\t<meta property=\"og:image:width\" content=\"1200\" \/>\n\t<meta property=\"og:image:height\" content=\"1200\" \/>\n\t<meta property=\"og:image:type\" content=\"image\/webp\" \/>\n<meta name=\"twitter:card\" content=\"summary_large_image\" \/>\n<meta name=\"twitter:label1\" content=\"\u041f\u0440\u0438\u043c\u0435\u0440\u043d\u043e\u0435 \u0432\u0440\u0435\u043c\u044f \u0434\u043b\u044f \u0447\u0442\u0435\u043d\u0438\u044f\" \/>\n\t<meta name=\"twitter:data1\" content=\"1 \u043c\u0438\u043d\u0443\u0442\u0430\" \/>\n<script type=\"application\/ld+json\" class=\"yoast-schema-graph\">{\"@context\":\"https:\\\/\\\/schema.org\",\"@graph\":[{\"@type\":\"WebPage\",\"@id\":\"https:\\\/\\\/www.waterskis.lv\\\/ru\\\/product\\\/sup-%d0%b1%d0%be%d1%80%d0%b4-spinera-professional-10-6-320x80x15cm\\\/\",\"url\":\"https:\\\/\\\/www.waterskis.lv\\\/ru\\\/product\\\/sup-%d0%b1%d0%be%d1%80%d0%b4-spinera-professional-10-6-320x80x15cm\\\/\",\"name\":\"SUP \u0431\u043e\u0440\u0434 Spinera Professional 10.6 - 320x80x15cm - WATERSKIS.LV\",\"isPartOf\":{\"@id\":\"https:\\\/\\\/www.waterskis.lv\\\/ru\\\/#website\"},\"primaryImageOfPage\":{\"@id\":\"https:\\\/\\\/www.waterskis.lv\\\/ru\\\/product\\\/sup-%d0%b1%d0%be%d1%80%d0%b4-spinera-professional-10-6-320x80x15cm\\\/#primaryimage\"},\"image\":{\"@id\":\"https:\\\/\\\/www.waterskis.lv\\\/ru\\\/product\\\/sup-%d0%b1%d0%be%d1%80%d0%b4-spinera-professional-10-6-320x80x15cm\\\/#primaryimage\"},\"thumbnailUrl\":\"https:\\\/\\\/www.waterskis.lv\\\/wp-content\\\/uploads\\\/2025\\\/02\\\/20269_image_20269_spinera_professional_sup_rental_10_6_-_320x80x15cm_20269_1.webp\",\"datePublished\":\"2025-02-11T05:41:47+00:00\",\"dateModified\":\"2026-01-31T16:51:16+00:00\",\"description\":\"SUP \u0431\u043e\u0440\u0434 Spinera Professional 10.6 - 320x80x15cm\u044e \u0412\u044b\u0441\u043e\u043a\u043e\u043a\u0430\u0447\u0435\u0441\u0442\u0432\u0435\u043d\u043d\u044b\u0439 \u0434\u0432\u0443\u0445\u0441\u043b\u043e\u0439\u043d\u044b\u0439 \u043f\u0440\u043e\u043a\u0430\u0442\u043d\u044b\u0439 SUP \u043f\u043e \u0434\u043e\u0441\u0442\u0443\u043f\u043d\u043e\u0439 \u0446\u0435\u043d\u0435. \u043d\u0430 15% \u0431\u043e\u043b\u044c\u0448\u0435 \u0436\u0435\u0441\u0442\u043a\u043e\u0441\u0442\u0438\",\"breadcrumb\":{\"@id\":\"https:\\\/\\\/www.waterskis.lv\\\/ru\\\/product\\\/sup-%d0%b1%d0%be%d1%80%d0%b4-spinera-professional-10-6-320x80x15cm\\\/#breadcrumb\"},\"inLanguage\":\"ru-RU\",\"potentialAction\":[{\"@type\":\"ReadAction\",\"target\":[\"https:\\\/\\\/www.waterskis.lv\\\/ru\\\/product\\\/sup-%d0%b1%d0%be%d1%80%d0%b4-spinera-professional-10-6-320x80x15cm\\\/\"]}]},{\"@type\":\"ImageObject\",\"inLanguage\":\"ru-RU\",\"@id\":\"https:\\\/\\\/www.waterskis.lv\\\/ru\\\/product\\\/sup-%d0%b1%d0%be%d1%80%d0%b4-spinera-professional-10-6-320x80x15cm\\\/#primaryimage\",\"url\":\"https:\\\/\\\/www.waterskis.lv\\\/wp-content\\\/uploads\\\/2025\\\/02\\\/20269_image_20269_spinera_professional_sup_rental_10_6_-_320x80x15cm_20269_1.webp\",\"contentUrl\":\"https:\\\/\\\/www.waterskis.lv\\\/wp-content\\\/uploads\\\/2025\\\/02\\\/20269_image_20269_spinera_professional_sup_rental_10_6_-_320x80x15cm_20269_1.webp\",\"width\":1200,\"height\":1200,\"caption\":\"SUP d\u0113lis Spinera Professional 10.6 - 320x80x15cm\"},{\"@type\":\"BreadcrumbList\",\"@id\":\"https:\\\/\\\/www.waterskis.lv\\\/ru\\\/product\\\/sup-%d0%b1%d0%be%d1%80%d0%b4-spinera-professional-10-6-320x80x15cm\\\/#breadcrumb\",\"itemListElement\":[{\"@type\":\"ListItem\",\"position\":1,\"name\":\"Home\",\"item\":\"https:\\\/\\\/www.waterskis.lv\\\/ru\\\/\"},{\"@type\":\"ListItem\",\"position\":2,\"name\":\"\u041c\u0430\u0433\u0430\u0437\u0438\u043d\",\"item\":\"https:\\\/\\\/www.waterskis.lv\\\/ru\\\/%d0%bc%d0%b0%d0%b3%d0%b0%d0%b7%d0%b8%d0%bd\\\/\"},{\"@type\":\"ListItem\",\"position\":3,\"name\":\"SUP \u0431\u043e\u0440\u0434 Spinera Professional 10.6 &#8211; 320x80x15cm\"}]},{\"@type\":\"WebSite\",\"@id\":\"https:\\\/\\\/www.waterskis.lv\\\/ru\\\/#website\",\"url\":\"https:\\\/\\\/www.waterskis.lv\\\/ru\\\/\",\"name\":\"WATERSKIS.LV\",\"description\":\"SUP d\u0113\u013ci, kajaki, kanoe, airu laivas, \u016bdenssl\u0113po\u0161ana, veikbords, SUP d\u0113\u013cu noma, kajaku nomaakt\u012bv\u0101s atp\u016btas centrs, laivu noma, sup noma, kajaku noma\",\"publisher\":{\"@id\":\"https:\\\/\\\/www.waterskis.lv\\\/ru\\\/#organization\"},\"potentialAction\":[{\"@type\":\"SearchAction\",\"target\":{\"@type\":\"EntryPoint\",\"urlTemplate\":\"https:\\\/\\\/www.waterskis.lv\\\/ru\\\/?s={search_term_string}\"},\"query-input\":{\"@type\":\"PropertyValueSpecification\",\"valueRequired\":true,\"valueName\":\"search_term_string\"}}],\"inLanguage\":\"ru-RU\"},{\"@type\":\"Organization\",\"@id\":\"https:\\\/\\\/www.waterskis.lv\\\/ru\\\/#organization\",\"name\":\"WATERSKIS.LV\",\"url\":\"https:\\\/\\\/www.waterskis.lv\\\/ru\\\/\",\"logo\":{\"@type\":\"ImageObject\",\"inLanguage\":\"ru-RU\",\"@id\":\"https:\\\/\\\/www.waterskis.lv\\\/ru\\\/#\\\/schema\\\/logo\\\/image\\\/\",\"url\":\"https:\\\/\\\/www.waterskis.lv\\\/wp-content\\\/uploads\\\/2025\\\/01\\\/JUVP-logo.png\",\"contentUrl\":\"https:\\\/\\\/www.waterskis.lv\\\/wp-content\\\/uploads\\\/2025\\\/01\\\/JUVP-logo.png\",\"width\":421,\"height\":202,\"caption\":\"WATERSKIS.LV\"},\"image\":{\"@id\":\"https:\\\/\\\/www.waterskis.lv\\\/ru\\\/#\\\/schema\\\/logo\\\/image\\\/\"},\"sameAs\":[\"https:\\\/\\\/www.facebook.com\\\/jurmalawaterskiwakeboardpark\\\/\"]}]}<\/script>\n<!-- \/ Yoast SEO plugin. -->","yoast_head_json":{"title":"SUP \u0431\u043e\u0440\u0434 Spinera Professional 10.6 - 320x80x15cm - WATERSKIS.LV","description":"SUP \u0431\u043e\u0440\u0434 Spinera Professional 10.6 - 320x80x15cm\u044e \u0412\u044b\u0441\u043e\u043a\u043e\u043a\u0430\u0447\u0435\u0441\u0442\u0432\u0435\u043d\u043d\u044b\u0439 \u0434\u0432\u0443\u0445\u0441\u043b\u043e\u0439\u043d\u044b\u0439 \u043f\u0440\u043e\u043a\u0430\u0442\u043d\u044b\u0439 SUP \u043f\u043e \u0434\u043e\u0441\u0442\u0443\u043f\u043d\u043e\u0439 \u0446\u0435\u043d\u0435. \u043d\u0430 15% \u0431\u043e\u043b\u044c\u0448\u0435 \u0436\u0435\u0441\u0442\u043a\u043e\u0441\u0442\u0438","robots":{"index":"index","follow":"follow","max-snippet":"max-snippet:-1","max-image-preview":"max-image-preview:large","max-video-preview":"max-video-preview:-1"},"canonical":"https:\/\/www.waterskis.lv\/ru\/product\/sup-%d0%b1%d0%be%d1%80%d0%b4-spinera-professional-10-6-320x80x15cm\/","og_locale":"ru_RU","og_type":"article","og_title":"SUP \u0431\u043e\u0440\u0434 Spinera Professional 10.6 - 320x80x15cm - WATERSKIS.LV","og_description":"SUP \u0431\u043e\u0440\u0434 Spinera Professional 10.6 - 320x80x15cm\u044e \u0412\u044b\u0441\u043e\u043a\u043e\u043a\u0430\u0447\u0435\u0441\u0442\u0432\u0435\u043d\u043d\u044b\u0439 \u0434\u0432\u0443\u0445\u0441\u043b\u043e\u0439\u043d\u044b\u0439 \u043f\u0440\u043e\u043a\u0430\u0442\u043d\u044b\u0439 SUP \u043f\u043e \u0434\u043e\u0441\u0442\u0443\u043f\u043d\u043e\u0439 \u0446\u0435\u043d\u0435. \u043d\u0430 15% \u0431\u043e\u043b\u044c\u0448\u0435 \u0436\u0435\u0441\u0442\u043a\u043e\u0441\u0442\u0438","og_url":"https:\/\/www.waterskis.lv\/ru\/product\/sup-%d0%b1%d0%be%d1%80%d0%b4-spinera-professional-10-6-320x80x15cm\/","og_site_name":"WATERSKIS.LV","article_publisher":"https:\/\/www.facebook.com\/jurmalawaterskiwakeboardpark\/","article_modified_time":"2026-01-31T16:51:16+00:00","og_image":[{"width":1200,"height":1200,"url":"https:\/\/www.waterskis.lv\/wp-content\/uploads\/2025\/02\/20269_image_20269_spinera_professional_sup_rental_10_6_-_320x80x15cm_20269_1.webp","type":"image\/webp"}],"twitter_card":"summary_large_image","twitter_misc":{"\u041f\u0440\u0438\u043c\u0435\u0440\u043d\u043e\u0435 \u0432\u0440\u0435\u043c\u044f \u0434\u043b\u044f \u0447\u0442\u0435\u043d\u0438\u044f":"1 \u043c\u0438\u043d\u0443\u0442\u0430"},"schema":{"@context":"https:\/\/schema.org","@graph":[{"@type":"WebPage","@id":"https:\/\/www.waterskis.lv\/ru\/product\/sup-%d0%b1%d0%be%d1%80%d0%b4-spinera-professional-10-6-320x80x15cm\/","url":"https:\/\/www.waterskis.lv\/ru\/product\/sup-%d0%b1%d0%be%d1%80%d0%b4-spinera-professional-10-6-320x80x15cm\/","name":"SUP \u0431\u043e\u0440\u0434 Spinera Professional 10.6 - 320x80x15cm - WATERSKIS.LV","isPartOf":{"@id":"https:\/\/www.waterskis.lv\/ru\/#website"},"primaryImageOfPage":{"@id":"https:\/\/www.waterskis.lv\/ru\/product\/sup-%d0%b1%d0%be%d1%80%d0%b4-spinera-professional-10-6-320x80x15cm\/#primaryimage"},"image":{"@id":"https:\/\/www.waterskis.lv\/ru\/product\/sup-%d0%b1%d0%be%d1%80%d0%b4-spinera-professional-10-6-320x80x15cm\/#primaryimage"},"thumbnailUrl":"https:\/\/www.waterskis.lv\/wp-content\/uploads\/2025\/02\/20269_image_20269_spinera_professional_sup_rental_10_6_-_320x80x15cm_20269_1.webp","datePublished":"2025-02-11T05:41:47+00:00","dateModified":"2026-01-31T16:51:16+00:00","description":"SUP \u0431\u043e\u0440\u0434 Spinera Professional 10.6 - 320x80x15cm\u044e \u0412\u044b\u0441\u043e\u043a\u043e\u043a\u0430\u0447\u0435\u0441\u0442\u0432\u0435\u043d\u043d\u044b\u0439 \u0434\u0432\u0443\u0445\u0441\u043b\u043e\u0439\u043d\u044b\u0439 \u043f\u0440\u043e\u043a\u0430\u0442\u043d\u044b\u0439 SUP \u043f\u043e \u0434\u043e\u0441\u0442\u0443\u043f\u043d\u043e\u0439 \u0446\u0435\u043d\u0435. \u043d\u0430 15% \u0431\u043e\u043b\u044c\u0448\u0435 \u0436\u0435\u0441\u0442\u043a\u043e\u0441\u0442\u0438","breadcrumb":{"@id":"https:\/\/www.waterskis.lv\/ru\/product\/sup-%d0%b1%d0%be%d1%80%d0%b4-spinera-professional-10-6-320x80x15cm\/#breadcrumb"},"inLanguage":"ru-RU","potentialAction":[{"@type":"ReadAction","target":["https:\/\/www.waterskis.lv\/ru\/product\/sup-%d0%b1%d0%be%d1%80%d0%b4-spinera-professional-10-6-320x80x15cm\/"]}]},{"@type":"ImageObject","inLanguage":"ru-RU","@id":"https:\/\/www.waterskis.lv\/ru\/product\/sup-%d0%b1%d0%be%d1%80%d0%b4-spinera-professional-10-6-320x80x15cm\/#primaryimage","url":"https:\/\/www.waterskis.lv\/wp-content\/uploads\/2025\/02\/20269_image_20269_spinera_professional_sup_rental_10_6_-_320x80x15cm_20269_1.webp","contentUrl":"https:\/\/www.waterskis.lv\/wp-content\/uploads\/2025\/02\/20269_image_20269_spinera_professional_sup_rental_10_6_-_320x80x15cm_20269_1.webp","width":1200,"height":1200,"caption":"SUP d\u0113lis Spinera Professional 10.6 - 320x80x15cm"},{"@type":"BreadcrumbList","@id":"https:\/\/www.waterskis.lv\/ru\/product\/sup-%d0%b1%d0%be%d1%80%d0%b4-spinera-professional-10-6-320x80x15cm\/#breadcrumb","itemListElement":[{"@type":"ListItem","position":1,"name":"Home","item":"https:\/\/www.waterskis.lv\/ru\/"},{"@type":"ListItem","position":2,"name":"\u041c\u0430\u0433\u0430\u0437\u0438\u043d","item":"https:\/\/www.waterskis.lv\/ru\/%d0%bc%d0%b0%d0%b3%d0%b0%d0%b7%d0%b8%d0%bd\/"},{"@type":"ListItem","position":3,"name":"SUP \u0431\u043e\u0440\u0434 Spinera Professional 10.6 &#8211; 320x80x15cm"}]},{"@type":"WebSite","@id":"https:\/\/www.waterskis.lv\/ru\/#website","url":"https:\/\/www.waterskis.lv\/ru\/","name":"WATERSKIS.LV","description":"SUP d\u0113\u013ci, kajaki, kanoe, airu laivas, \u016bdenssl\u0113po\u0161ana, veikbords, SUP d\u0113\u013cu noma, kajaku nomaakt\u012bv\u0101s atp\u016btas centrs, laivu noma, sup noma, kajaku noma","publisher":{"@id":"https:\/\/www.waterskis.lv\/ru\/#organization"},"potentialAction":[{"@type":"SearchAction","target":{"@type":"EntryPoint","urlTemplate":"https:\/\/www.waterskis.lv\/ru\/?s={search_term_string}"},"query-input":{"@type":"PropertyValueSpecification","valueRequired":true,"valueName":"search_term_string"}}],"inLanguage":"ru-RU"},{"@type":"Organization","@id":"https:\/\/www.waterskis.lv\/ru\/#organization","name":"WATERSKIS.LV","url":"https:\/\/www.waterskis.lv\/ru\/","logo":{"@type":"ImageObject","inLanguage":"ru-RU","@id":"https:\/\/www.waterskis.lv\/ru\/#\/schema\/logo\/image\/","url":"https:\/\/www.waterskis.lv\/wp-content\/uploads\/2025\/01\/JUVP-logo.png","contentUrl":"https:\/\/www.waterskis.lv\/wp-content\/uploads\/2025\/01\/JUVP-logo.png","width":421,"height":202,"caption":"WATERSKIS.LV"},"image":{"@id":"https:\/\/www.waterskis.lv\/ru\/#\/schema\/logo\/image\/"},"sameAs":["https:\/\/www.facebook.com\/jurmalawaterskiwakeboardpark\/"]}]}},"_links":{"self":[{"href":"https:\/\/www.waterskis.lv\/ru\/wp-json\/wp\/v2\/product\/61593","targetHints":{"allow":["GET"]}}],"collection":[{"href":"https:\/\/www.waterskis.lv\/ru\/wp-json\/wp\/v2\/product"}],"about":[{"href":"https:\/\/www.waterskis.lv\/ru\/wp-json\/wp\/v2\/types\/product"}],"replies":[{"embeddable":true,"href":"https:\/\/www.waterskis.lv\/ru\/wp-json\/wp\/v2\/comments?post=61593"}],"wp:featuredmedia":[{"embeddable":true,"href":"https:\/\/www.waterskis.lv\/ru\/wp-json\/wp\/v2\/media\/61579"}],"wp:attachment":[{"href":"https:\/\/www.waterskis.lv\/ru\/wp-json\/wp\/v2\/media?parent=61593"}],"wp:term":[{"taxonomy":"product_brand","embeddable":true,"href":"https:\/\/www.waterskis.lv\/ru\/wp-json\/wp\/v2\/product_brand?post=61593"},{"taxonomy":"product_cat","embeddable":true,"href":"https:\/\/www.waterskis.lv\/ru\/wp-json\/wp\/v2\/product_cat?post=61593"},{"taxonomy":"product_tag","embeddable":true,"href":"https:\/\/www.waterskis.lv\/ru\/wp-json\/wp\/v2\/product_tag?post=61593"}],"curies":[{"name":"wp","href":"https:\/\/api.w.org\/{rel}","templated":true}]}}