{"id":61614,"date":"2025-02-11T07:52:41","date_gmt":"2025-02-11T05:52:41","guid":{"rendered":"https:\/\/waterskis.lv\/product\/spinera-professional-rental-sup-delis-12-0-366x84x15cm\/"},"modified":"2026-01-31T18:50:47","modified_gmt":"2026-01-31T16:50:47","slug":"spinera-professional-rental-sup-%d0%b4%d0%be%d1%81%d0%ba%d0%b0-12-0-366x84x15cm","status":"publish","type":"product","link":"https:\/\/www.waterskis.lv\/ru\/product\/spinera-professional-rental-sup-%d0%b4%d0%be%d1%81%d0%ba%d0%b0-12-0-366x84x15cm\/","title":{"rendered":"Spinera Professional Rental SUP \u0434\u043e\u0441\u043a\u0430 12.0 &#8212; 366x84x15cm"},"content":{"rendered":"<h1>Spinera Professional Rental SUP \u0434\u043e\u0441\u043a\u0430 12.0 &#8212; 366x84x15cm<\/h1>\n<p>Spinera Professional Rental SUP \u0434\u043e\u0441\u043a\u0430 12.0 &#8212; 366x84x15cm<\/p>\n<p>\u0412\u044b\u0441\u043e\u043a\u043e\u043a\u0430\u0447\u0435\u0441\u0442\u0432\u0435\u043d\u043d\u044b\u0439 \u0434\u0432\u0443\u0445\u0441\u043b\u043e\u0439\u043d\u044b\u0439 \u043f\u0440\u043e\u043a\u0430\u0442\u043d\u044b\u0439 SUP \u043f\u043e \u0434\u043e\u0441\u0442\u0443\u043f\u043d\u043e\u0439 \u0446\u0435\u043d\u0435.<\/p>\n<p>\u0420\u0430\u0437\u043c\u0435\u0440: 12\u00b40&#8243;x33&#8243; &#8212; 366 \u0441\u043c x 84 \u0441\u043c<br \/>\n\u0412\u0435\u0441 \u0440\u0430\u0439\u0434\u0435\u0440\u0430: \u043b\u0443\u0447\u0448\u0438\u0439 \u043e\u043f\u044b\u0442 \u0434\u043e 120 \u043a\u0433<br \/>\n\u041c\u0430\u043a\u0441\u0438\u043c\u0430\u043b\u044c\u043d\u0430\u044f \u043f\u043e\u043b\u0435\u0437\u043d\u0430\u044f \u043d\u0430\u0433\u0440\u0443\u0437\u043a\u0430: 150 \u043a\u0433<br \/>\n\u041e\u0431\u044a\u0435\u043c: 375 \u043b<br \/>\n\u0412\u0435\u0441 \u043d\u0435\u0442\u0442\u043e: 14,8 \u043a\u0433<br \/>\n\u0412\u0435\u0441 \u0431\u0440\u0443\u0442\u0442\u043e: 16,6 \u043a\u0433<\/p>\n<p>\u041f\u0440\u043e\u0438\u0437\u0432\u043e\u0434\u0441\u0442\u0432\u043e:<\/p>\n<p>15 \u0441\u043c dropstitch, \u0442\u0435\u0445\u043d\u043e\u043b\u043e\u0433\u0438\u044f DLT\/double layer,<br \/>\n\u043f\u0440\u0435\u0441\u0441\u043e\u0432\u0430\u043d\u043d\u044b\u0439 \u0432\u0435\u0440\u0445 \u0438\u0437 EVA \u0441 \u0430\u043b\u043c\u0430\u0437\u043d\u043e\u0439 \u0440\u0435\u0437\u043a\u043e\u0439<br \/>\n4 D-\u043e\u0431\u0440\u0430\u0437\u043d\u044b\u0445 \u043a\u043e\u043b\u044c\u0446\u0430 &#8212; \u0441\u043a\u0440\u044b\u0442\u044b\u0435 \u043f\u043e\u0434 EVA &#8212; \u0434\u043b\u044f \u0441\u0438\u0434\u0435\u043d\u044c\u044f \u043a\u0430\u044f\u043a\u0430<br \/>\n1 D-\u043e\u0431\u0440\u0430\u0437\u043d\u043e\u0435 \u043a\u043e\u043b\u044c\u0446\u043e \u0441\u043f\u0435\u0440\u0435\u0434\u0438 \u0432\u043d\u0438\u0437\u0443<br \/>\n\u0440\u0435\u0437\u0438\u043d\u043e\u0432\u0430\u044f \u0431\u043e\u043a\u043e\u0432\u0438\u043d\u0430<\/p>\n<p>\u041f\u0440\u0435\u0438\u043c\u0443\u0449\u0435\u0441\u0442\u0432\u0430 \u0434\u0432\u0443\u0445\u0441\u043b\u043e\u0439\u043d\u043e\u0433\u043e \u043f\u043e\u043a\u0440\u044b\u0442\u0438\u044f:<\/p>\n<p>\u043d\u0430 15% \u0431\u043e\u043b\u044c\u0448\u0435 \u0436\u0435\u0441\u0442\u043a\u043e\u0441\u0442\u0438<br \/>\n\u043c\u0435\u043d\u044c\u0448\u0435\u0435 \u0442\u0440\u0435\u043d\u0438\u0435 \u043e \u0432\u043e\u0434\u0443<br \/>\n\u043c\u0438\u043d. \u0421\u043a\u043e\u0440\u043e\u0441\u0442\u044c \u0432\u0435\u0441\u043b\u0430 \u043d\u0430 10% \u0432\u044b\u0448\u0435<br \/>\n\u041b\u0443\u0447\u0448\u0430\u044f \u0433\u0435\u0440\u043c\u0435\u0442\u0438\u0447\u043d\u043e\u0441\u0442\u044c<br \/>\n\u041b\u0443\u0447\u0448\u0430\u044f \u0443\u0441\u0442\u043e\u0439\u0447\u0438\u0432\u043e\u0441\u0442\u044c \u043a \u0423\u0424-\u0438\u0437\u043b\u0443\u0447\u0435\u043d\u0438\u044e<br \/>\n\u0411\u043e\u043b\u0435\u0435 \u0434\u043b\u0438\u0442\u0435\u043b\u044c\u043d\u044b\u0439 \u0441\u0440\u043e\u043a \u0441\u043b\u0443\u0436\u0431\u044b \u043c\u0430\u0442\u0435\u0440\u0438\u0430\u043b\u0430<\/p>\n<p>\u041a\u043e\u043c\u043f\u043b\u0435\u043a\u0442 \u043f\u043e\u0441\u0442\u0430\u0432\u043a\u0438:<\/p>\n<p>\u0420\u044e\u043a\u0437\u0430\u043a &#8212; 600D \u043f\u043e\u043b\u0438\u044d\u0441\u0442\u0435\u0440<br \/>\n3 \u0448\u0442. \u0432\u0435\u0441\u043b\u0430 Alu\/Fiberglass Performance<br \/>\n\u041f\u043e\u0432\u043e\u0434\u043e\u043a<br \/>\nUS Box Fin Classic 9 \u0434\u044e\u0439\u043c\u043e\u0432<\/p>\n","protected":false},"excerpt":{"rendered":"<p>https:\/\/www.youtube.com\/watch?v=WsYXBpQyIls [&#8230;]<\/p>\n<p><a class=\"btn btn-secondary understrap-read-more-link\" href=\"https:\/\/www.waterskis.lv\/ru\/product\/spinera-professional-rental-sup-%d0%b4%d0%be%d1%81%d0%ba%d0%b0-12-0-366x84x15cm\/\">\u0427\u0438\u0442\u0430\u0442\u044c \u0434\u0430\u043b\u044c\u0448\u0435\u2026<\/a><\/p>\n","protected":false},"featured_media":61603,"comment_status":"closed","ping_status":"closed","template":"","meta":{"_acf_changed":false,"inline_featured_image":false},"product_brand":[2677,1279],"product_cat":[1227,1105,499,773,1251],"product_tag":[1423,3177,1354,3190,3178,3179,1309,1391,3180,3097,1822,3181,3098,3182],"class_list":{"0":"post-61614","1":"product","2":"type-product","3":"status-publish","4":"has-post-thumbnail","6":"product_brand-spinera-professional","7":"product_brand-spinera-watersports","8":"product_cat-spinera-professional-ru","9":"product_cat-spinera-sup-","10":"product_cat-sup-","11":"product_cat--sup-","12":"product_cat--rental-sup--spinera","13":"product_tag-akcija","14":"product_tag-aufblasbares-sup","15":"product_tag-paddle-board","16":"product_tag-spinera","17":"product_tag-stand-up-paddleboard","18":"product_tag-stand-up-paddling","19":"product_tag-sup","20":"product_tag-sup-delis","21":"product_tag-sup-surfer","22":"product_tag-sup-","24":"product_tag-supkayak","25":"product_tag--sup","26":"product_tag-3182","28":"first","29":"instock","30":"shipping-taxable","31":"purchasable","32":"product-type-simple"},"acf":[],"yoast_head":"<!-- This site is optimized with the Yoast SEO plugin v27.4 - https:\/\/yoast.com\/product\/yoast-seo-wordpress\/ -->\n<title>Spinera Professional Rental SUP \u0434\u043e\u0441\u043a\u0430 12.0 - 366x84x15cm - WATERSKIS.LV<\/title>\n<meta name=\"description\" content=\"Spinera Professional Rental SUP \u0434\u043e\u0441\u043a\u0430 12.0 - 366x84x15cm. \u0412\u044b\u0441\u043e\u043a\u043e\u043a\u0430\u0447\u0435\u0441\u0442\u0432\u0435\u043d\u043d\u044b\u0439 \u0434\u0432\u0443\u0445\u0441\u043b\u043e\u0439\u043d\u044b\u0439 \u043f\u0440\u043e\u043a\u0430\u0442\u043d\u044b\u0439 SUP \u043f\u043e \u0434\u043e\u0441\u0442\u0443\u043f\u043d\u043e\u0439 \u0446\u0435\u043d\u0435.\" \/>\n<meta name=\"robots\" content=\"index, follow, max-snippet:-1, max-image-preview:large, max-video-preview:-1\" \/>\n<link rel=\"canonical\" href=\"https:\/\/www.waterskis.lv\/ru\/product\/spinera-professional-rental-sup-%d0%b4%d0%be%d1%81%d0%ba%d0%b0-12-0-366x84x15cm\/\" \/>\n<meta property=\"og:locale\" content=\"ru_RU\" \/>\n<meta property=\"og:type\" content=\"article\" \/>\n<meta property=\"og:title\" content=\"Spinera Professional Rental SUP \u0434\u043e\u0441\u043a\u0430 12.0 - 366x84x15cm - WATERSKIS.LV\" \/>\n<meta property=\"og:description\" content=\"Spinera Professional Rental SUP \u0434\u043e\u0441\u043a\u0430 12.0 - 366x84x15cm. \u0412\u044b\u0441\u043e\u043a\u043e\u043a\u0430\u0447\u0435\u0441\u0442\u0432\u0435\u043d\u043d\u044b\u0439 \u0434\u0432\u0443\u0445\u0441\u043b\u043e\u0439\u043d\u044b\u0439 \u043f\u0440\u043e\u043a\u0430\u0442\u043d\u044b\u0439 SUP \u043f\u043e \u0434\u043e\u0441\u0442\u0443\u043f\u043d\u043e\u0439 \u0446\u0435\u043d\u0435.\" \/>\n<meta property=\"og:url\" content=\"https:\/\/www.waterskis.lv\/ru\/product\/spinera-professional-rental-sup-%d0%b4%d0%be%d1%81%d0%ba%d0%b0-12-0-366x84x15cm\/\" \/>\n<meta property=\"og:site_name\" content=\"WATERSKIS.LV\" \/>\n<meta property=\"article:publisher\" content=\"https:\/\/www.facebook.com\/jurmalawaterskiwakeboardpark\/\" \/>\n<meta property=\"article:modified_time\" content=\"2026-01-31T16:50:47+00:00\" \/>\n<meta property=\"og:image\" content=\"https:\/\/www.waterskis.lv\/wp-content\/uploads\/2025\/02\/20270_image_20270_spinera_professional_rental_sup_12_0_-_366x84x15cm_20270_1.webp\" \/>\n\t<meta property=\"og:image:width\" content=\"1200\" \/>\n\t<meta property=\"og:image:height\" content=\"1200\" \/>\n\t<meta property=\"og:image:type\" content=\"image\/webp\" \/>\n<meta name=\"twitter:card\" content=\"summary_large_image\" \/>\n<meta name=\"twitter:label1\" content=\"\u041f\u0440\u0438\u043c\u0435\u0440\u043d\u043e\u0435 \u0432\u0440\u0435\u043c\u044f \u0434\u043b\u044f \u0447\u0442\u0435\u043d\u0438\u044f\" \/>\n\t<meta name=\"twitter:data1\" content=\"1 \u043c\u0438\u043d\u0443\u0442\u0430\" \/>\n<script type=\"application\/ld+json\" class=\"yoast-schema-graph\">{\"@context\":\"https:\\\/\\\/schema.org\",\"@graph\":[{\"@type\":\"WebPage\",\"@id\":\"https:\\\/\\\/www.waterskis.lv\\\/ru\\\/product\\\/spinera-professional-rental-sup-%d0%b4%d0%be%d1%81%d0%ba%d0%b0-12-0-366x84x15cm\\\/\",\"url\":\"https:\\\/\\\/www.waterskis.lv\\\/ru\\\/product\\\/spinera-professional-rental-sup-%d0%b4%d0%be%d1%81%d0%ba%d0%b0-12-0-366x84x15cm\\\/\",\"name\":\"Spinera Professional Rental SUP \u0434\u043e\u0441\u043a\u0430 12.0 - 366x84x15cm - WATERSKIS.LV\",\"isPartOf\":{\"@id\":\"https:\\\/\\\/www.waterskis.lv\\\/ru\\\/#website\"},\"primaryImageOfPage\":{\"@id\":\"https:\\\/\\\/www.waterskis.lv\\\/ru\\\/product\\\/spinera-professional-rental-sup-%d0%b4%d0%be%d1%81%d0%ba%d0%b0-12-0-366x84x15cm\\\/#primaryimage\"},\"image\":{\"@id\":\"https:\\\/\\\/www.waterskis.lv\\\/ru\\\/product\\\/spinera-professional-rental-sup-%d0%b4%d0%be%d1%81%d0%ba%d0%b0-12-0-366x84x15cm\\\/#primaryimage\"},\"thumbnailUrl\":\"https:\\\/\\\/www.waterskis.lv\\\/wp-content\\\/uploads\\\/2025\\\/02\\\/20270_image_20270_spinera_professional_rental_sup_12_0_-_366x84x15cm_20270_1.webp\",\"datePublished\":\"2025-02-11T05:52:41+00:00\",\"dateModified\":\"2026-01-31T16:50:47+00:00\",\"description\":\"Spinera Professional Rental SUP \u0434\u043e\u0441\u043a\u0430 12.0 - 366x84x15cm. \u0412\u044b\u0441\u043e\u043a\u043e\u043a\u0430\u0447\u0435\u0441\u0442\u0432\u0435\u043d\u043d\u044b\u0439 \u0434\u0432\u0443\u0445\u0441\u043b\u043e\u0439\u043d\u044b\u0439 \u043f\u0440\u043e\u043a\u0430\u0442\u043d\u044b\u0439 SUP \u043f\u043e \u0434\u043e\u0441\u0442\u0443\u043f\u043d\u043e\u0439 \u0446\u0435\u043d\u0435.\",\"breadcrumb\":{\"@id\":\"https:\\\/\\\/www.waterskis.lv\\\/ru\\\/product\\\/spinera-professional-rental-sup-%d0%b4%d0%be%d1%81%d0%ba%d0%b0-12-0-366x84x15cm\\\/#breadcrumb\"},\"inLanguage\":\"ru-RU\",\"potentialAction\":[{\"@type\":\"ReadAction\",\"target\":[\"https:\\\/\\\/www.waterskis.lv\\\/ru\\\/product\\\/spinera-professional-rental-sup-%d0%b4%d0%be%d1%81%d0%ba%d0%b0-12-0-366x84x15cm\\\/\"]}]},{\"@type\":\"ImageObject\",\"inLanguage\":\"ru-RU\",\"@id\":\"https:\\\/\\\/www.waterskis.lv\\\/ru\\\/product\\\/spinera-professional-rental-sup-%d0%b4%d0%be%d1%81%d0%ba%d0%b0-12-0-366x84x15cm\\\/#primaryimage\",\"url\":\"https:\\\/\\\/www.waterskis.lv\\\/wp-content\\\/uploads\\\/2025\\\/02\\\/20270_image_20270_spinera_professional_rental_sup_12_0_-_366x84x15cm_20270_1.webp\",\"contentUrl\":\"https:\\\/\\\/www.waterskis.lv\\\/wp-content\\\/uploads\\\/2025\\\/02\\\/20270_image_20270_spinera_professional_rental_sup_12_0_-_366x84x15cm_20270_1.webp\",\"width\":1200,\"height\":1200,\"caption\":\"Spinera Professional Rental SUP d\u0113lis 12.0 - 366x84x15cm\"},{\"@type\":\"BreadcrumbList\",\"@id\":\"https:\\\/\\\/www.waterskis.lv\\\/ru\\\/product\\\/spinera-professional-rental-sup-%d0%b4%d0%be%d1%81%d0%ba%d0%b0-12-0-366x84x15cm\\\/#breadcrumb\",\"itemListElement\":[{\"@type\":\"ListItem\",\"position\":1,\"name\":\"Home\",\"item\":\"https:\\\/\\\/www.waterskis.lv\\\/ru\\\/\"},{\"@type\":\"ListItem\",\"position\":2,\"name\":\"\u041c\u0430\u0433\u0430\u0437\u0438\u043d\",\"item\":\"https:\\\/\\\/www.waterskis.lv\\\/ru\\\/%d0%bc%d0%b0%d0%b3%d0%b0%d0%b7%d0%b8%d0%bd\\\/\"},{\"@type\":\"ListItem\",\"position\":3,\"name\":\"Spinera Professional Rental SUP \u0434\u043e\u0441\u043a\u0430 12.0 &#8211; 366x84x15cm\"}]},{\"@type\":\"WebSite\",\"@id\":\"https:\\\/\\\/www.waterskis.lv\\\/ru\\\/#website\",\"url\":\"https:\\\/\\\/www.waterskis.lv\\\/ru\\\/\",\"name\":\"WATERSKIS.LV\",\"description\":\"SUP d\u0113\u013ci, kajaki, kanoe, airu laivas, \u016bdenssl\u0113po\u0161ana, veikbords, SUP d\u0113\u013cu noma, kajaku nomaakt\u012bv\u0101s atp\u016btas centrs, laivu noma, sup noma, kajaku noma\",\"publisher\":{\"@id\":\"https:\\\/\\\/www.waterskis.lv\\\/ru\\\/#organization\"},\"potentialAction\":[{\"@type\":\"SearchAction\",\"target\":{\"@type\":\"EntryPoint\",\"urlTemplate\":\"https:\\\/\\\/www.waterskis.lv\\\/ru\\\/?s={search_term_string}\"},\"query-input\":{\"@type\":\"PropertyValueSpecification\",\"valueRequired\":true,\"valueName\":\"search_term_string\"}}],\"inLanguage\":\"ru-RU\"},{\"@type\":\"Organization\",\"@id\":\"https:\\\/\\\/www.waterskis.lv\\\/ru\\\/#organization\",\"name\":\"WATERSKIS.LV\",\"url\":\"https:\\\/\\\/www.waterskis.lv\\\/ru\\\/\",\"logo\":{\"@type\":\"ImageObject\",\"inLanguage\":\"ru-RU\",\"@id\":\"https:\\\/\\\/www.waterskis.lv\\\/ru\\\/#\\\/schema\\\/logo\\\/image\\\/\",\"url\":\"https:\\\/\\\/www.waterskis.lv\\\/wp-content\\\/uploads\\\/2025\\\/01\\\/JUVP-logo.png\",\"contentUrl\":\"https:\\\/\\\/www.waterskis.lv\\\/wp-content\\\/uploads\\\/2025\\\/01\\\/JUVP-logo.png\",\"width\":421,\"height\":202,\"caption\":\"WATERSKIS.LV\"},\"image\":{\"@id\":\"https:\\\/\\\/www.waterskis.lv\\\/ru\\\/#\\\/schema\\\/logo\\\/image\\\/\"},\"sameAs\":[\"https:\\\/\\\/www.facebook.com\\\/jurmalawaterskiwakeboardpark\\\/\"]}]}<\/script>\n<!-- \/ Yoast SEO plugin. -->","yoast_head_json":{"title":"Spinera Professional Rental SUP \u0434\u043e\u0441\u043a\u0430 12.0 - 366x84x15cm - WATERSKIS.LV","description":"Spinera Professional Rental SUP \u0434\u043e\u0441\u043a\u0430 12.0 - 366x84x15cm. \u0412\u044b\u0441\u043e\u043a\u043e\u043a\u0430\u0447\u0435\u0441\u0442\u0432\u0435\u043d\u043d\u044b\u0439 \u0434\u0432\u0443\u0445\u0441\u043b\u043e\u0439\u043d\u044b\u0439 \u043f\u0440\u043e\u043a\u0430\u0442\u043d\u044b\u0439 SUP \u043f\u043e \u0434\u043e\u0441\u0442\u0443\u043f\u043d\u043e\u0439 \u0446\u0435\u043d\u0435.","robots":{"index":"index","follow":"follow","max-snippet":"max-snippet:-1","max-image-preview":"max-image-preview:large","max-video-preview":"max-video-preview:-1"},"canonical":"https:\/\/www.waterskis.lv\/ru\/product\/spinera-professional-rental-sup-%d0%b4%d0%be%d1%81%d0%ba%d0%b0-12-0-366x84x15cm\/","og_locale":"ru_RU","og_type":"article","og_title":"Spinera Professional Rental SUP \u0434\u043e\u0441\u043a\u0430 12.0 - 366x84x15cm - WATERSKIS.LV","og_description":"Spinera Professional Rental SUP \u0434\u043e\u0441\u043a\u0430 12.0 - 366x84x15cm. \u0412\u044b\u0441\u043e\u043a\u043e\u043a\u0430\u0447\u0435\u0441\u0442\u0432\u0435\u043d\u043d\u044b\u0439 \u0434\u0432\u0443\u0445\u0441\u043b\u043e\u0439\u043d\u044b\u0439 \u043f\u0440\u043e\u043a\u0430\u0442\u043d\u044b\u0439 SUP \u043f\u043e \u0434\u043e\u0441\u0442\u0443\u043f\u043d\u043e\u0439 \u0446\u0435\u043d\u0435.","og_url":"https:\/\/www.waterskis.lv\/ru\/product\/spinera-professional-rental-sup-%d0%b4%d0%be%d1%81%d0%ba%d0%b0-12-0-366x84x15cm\/","og_site_name":"WATERSKIS.LV","article_publisher":"https:\/\/www.facebook.com\/jurmalawaterskiwakeboardpark\/","article_modified_time":"2026-01-31T16:50:47+00:00","og_image":[{"width":1200,"height":1200,"url":"https:\/\/www.waterskis.lv\/wp-content\/uploads\/2025\/02\/20270_image_20270_spinera_professional_rental_sup_12_0_-_366x84x15cm_20270_1.webp","type":"image\/webp"}],"twitter_card":"summary_large_image","twitter_misc":{"\u041f\u0440\u0438\u043c\u0435\u0440\u043d\u043e\u0435 \u0432\u0440\u0435\u043c\u044f \u0434\u043b\u044f \u0447\u0442\u0435\u043d\u0438\u044f":"1 \u043c\u0438\u043d\u0443\u0442\u0430"},"schema":{"@context":"https:\/\/schema.org","@graph":[{"@type":"WebPage","@id":"https:\/\/www.waterskis.lv\/ru\/product\/spinera-professional-rental-sup-%d0%b4%d0%be%d1%81%d0%ba%d0%b0-12-0-366x84x15cm\/","url":"https:\/\/www.waterskis.lv\/ru\/product\/spinera-professional-rental-sup-%d0%b4%d0%be%d1%81%d0%ba%d0%b0-12-0-366x84x15cm\/","name":"Spinera Professional Rental SUP \u0434\u043e\u0441\u043a\u0430 12.0 - 366x84x15cm - WATERSKIS.LV","isPartOf":{"@id":"https:\/\/www.waterskis.lv\/ru\/#website"},"primaryImageOfPage":{"@id":"https:\/\/www.waterskis.lv\/ru\/product\/spinera-professional-rental-sup-%d0%b4%d0%be%d1%81%d0%ba%d0%b0-12-0-366x84x15cm\/#primaryimage"},"image":{"@id":"https:\/\/www.waterskis.lv\/ru\/product\/spinera-professional-rental-sup-%d0%b4%d0%be%d1%81%d0%ba%d0%b0-12-0-366x84x15cm\/#primaryimage"},"thumbnailUrl":"https:\/\/www.waterskis.lv\/wp-content\/uploads\/2025\/02\/20270_image_20270_spinera_professional_rental_sup_12_0_-_366x84x15cm_20270_1.webp","datePublished":"2025-02-11T05:52:41+00:00","dateModified":"2026-01-31T16:50:47+00:00","description":"Spinera Professional Rental SUP \u0434\u043e\u0441\u043a\u0430 12.0 - 366x84x15cm. \u0412\u044b\u0441\u043e\u043a\u043e\u043a\u0430\u0447\u0435\u0441\u0442\u0432\u0435\u043d\u043d\u044b\u0439 \u0434\u0432\u0443\u0445\u0441\u043b\u043e\u0439\u043d\u044b\u0439 \u043f\u0440\u043e\u043a\u0430\u0442\u043d\u044b\u0439 SUP \u043f\u043e \u0434\u043e\u0441\u0442\u0443\u043f\u043d\u043e\u0439 \u0446\u0435\u043d\u0435.","breadcrumb":{"@id":"https:\/\/www.waterskis.lv\/ru\/product\/spinera-professional-rental-sup-%d0%b4%d0%be%d1%81%d0%ba%d0%b0-12-0-366x84x15cm\/#breadcrumb"},"inLanguage":"ru-RU","potentialAction":[{"@type":"ReadAction","target":["https:\/\/www.waterskis.lv\/ru\/product\/spinera-professional-rental-sup-%d0%b4%d0%be%d1%81%d0%ba%d0%b0-12-0-366x84x15cm\/"]}]},{"@type":"ImageObject","inLanguage":"ru-RU","@id":"https:\/\/www.waterskis.lv\/ru\/product\/spinera-professional-rental-sup-%d0%b4%d0%be%d1%81%d0%ba%d0%b0-12-0-366x84x15cm\/#primaryimage","url":"https:\/\/www.waterskis.lv\/wp-content\/uploads\/2025\/02\/20270_image_20270_spinera_professional_rental_sup_12_0_-_366x84x15cm_20270_1.webp","contentUrl":"https:\/\/www.waterskis.lv\/wp-content\/uploads\/2025\/02\/20270_image_20270_spinera_professional_rental_sup_12_0_-_366x84x15cm_20270_1.webp","width":1200,"height":1200,"caption":"Spinera Professional Rental SUP d\u0113lis 12.0 - 366x84x15cm"},{"@type":"BreadcrumbList","@id":"https:\/\/www.waterskis.lv\/ru\/product\/spinera-professional-rental-sup-%d0%b4%d0%be%d1%81%d0%ba%d0%b0-12-0-366x84x15cm\/#breadcrumb","itemListElement":[{"@type":"ListItem","position":1,"name":"Home","item":"https:\/\/www.waterskis.lv\/ru\/"},{"@type":"ListItem","position":2,"name":"\u041c\u0430\u0433\u0430\u0437\u0438\u043d","item":"https:\/\/www.waterskis.lv\/ru\/%d0%bc%d0%b0%d0%b3%d0%b0%d0%b7%d0%b8%d0%bd\/"},{"@type":"ListItem","position":3,"name":"Spinera Professional Rental SUP \u0434\u043e\u0441\u043a\u0430 12.0 &#8211; 366x84x15cm"}]},{"@type":"WebSite","@id":"https:\/\/www.waterskis.lv\/ru\/#website","url":"https:\/\/www.waterskis.lv\/ru\/","name":"WATERSKIS.LV","description":"SUP d\u0113\u013ci, kajaki, kanoe, airu laivas, \u016bdenssl\u0113po\u0161ana, veikbords, SUP d\u0113\u013cu noma, kajaku nomaakt\u012bv\u0101s atp\u016btas centrs, laivu noma, sup noma, kajaku noma","publisher":{"@id":"https:\/\/www.waterskis.lv\/ru\/#organization"},"potentialAction":[{"@type":"SearchAction","target":{"@type":"EntryPoint","urlTemplate":"https:\/\/www.waterskis.lv\/ru\/?s={search_term_string}"},"query-input":{"@type":"PropertyValueSpecification","valueRequired":true,"valueName":"search_term_string"}}],"inLanguage":"ru-RU"},{"@type":"Organization","@id":"https:\/\/www.waterskis.lv\/ru\/#organization","name":"WATERSKIS.LV","url":"https:\/\/www.waterskis.lv\/ru\/","logo":{"@type":"ImageObject","inLanguage":"ru-RU","@id":"https:\/\/www.waterskis.lv\/ru\/#\/schema\/logo\/image\/","url":"https:\/\/www.waterskis.lv\/wp-content\/uploads\/2025\/01\/JUVP-logo.png","contentUrl":"https:\/\/www.waterskis.lv\/wp-content\/uploads\/2025\/01\/JUVP-logo.png","width":421,"height":202,"caption":"WATERSKIS.LV"},"image":{"@id":"https:\/\/www.waterskis.lv\/ru\/#\/schema\/logo\/image\/"},"sameAs":["https:\/\/www.facebook.com\/jurmalawaterskiwakeboardpark\/"]}]}},"_links":{"self":[{"href":"https:\/\/www.waterskis.lv\/ru\/wp-json\/wp\/v2\/product\/61614","targetHints":{"allow":["GET"]}}],"collection":[{"href":"https:\/\/www.waterskis.lv\/ru\/wp-json\/wp\/v2\/product"}],"about":[{"href":"https:\/\/www.waterskis.lv\/ru\/wp-json\/wp\/v2\/types\/product"}],"replies":[{"embeddable":true,"href":"https:\/\/www.waterskis.lv\/ru\/wp-json\/wp\/v2\/comments?post=61614"}],"wp:featuredmedia":[{"embeddable":true,"href":"https:\/\/www.waterskis.lv\/ru\/wp-json\/wp\/v2\/media\/61603"}],"wp:attachment":[{"href":"https:\/\/www.waterskis.lv\/ru\/wp-json\/wp\/v2\/media?parent=61614"}],"wp:term":[{"taxonomy":"product_brand","embeddable":true,"href":"https:\/\/www.waterskis.lv\/ru\/wp-json\/wp\/v2\/product_brand?post=61614"},{"taxonomy":"product_cat","embeddable":true,"href":"https:\/\/www.waterskis.lv\/ru\/wp-json\/wp\/v2\/product_cat?post=61614"},{"taxonomy":"product_tag","embeddable":true,"href":"https:\/\/www.waterskis.lv\/ru\/wp-json\/wp\/v2\/product_tag?post=61614"}],"curies":[{"name":"wp","href":"https:\/\/api.w.org\/{rel}","templated":true}]}}