{"id":62915,"date":"2025-02-14T14:31:19","date_gmt":"2025-02-14T12:31:19","guid":{"rendered":"https:\/\/www.waterskis.lv\/product\/sup-jogas-delis-aqua-marina-yoga-dock-96-290-x-170-x-12cm\/"},"modified":"2026-02-01T13:01:42","modified_gmt":"2026-02-01T11:01:42","slug":"%d0%b4%d0%be%d0%ba-%d1%81%d1%82%d0%b0%d0%bd%d1%86%d0%b8%d1%8f-%d0%b4%d0%bb%d1%8f-%d0%b9%d0%be%d0%b3%d0%b8-aqua-marina-yoga-dock-96-290-x-170-x-12-%d1%81%d0%bc","status":"publish","type":"product","link":"https:\/\/www.waterskis.lv\/ru\/product\/%d0%b4%d0%be%d0%ba-%d1%81%d1%82%d0%b0%d0%bd%d1%86%d0%b8%d1%8f-%d0%b4%d0%bb%d1%8f-%d0%b9%d0%be%d0%b3%d0%b8-aqua-marina-yoga-dock-96-290-x-170-x-12-%d1%81%d0%bc\/","title":{"rendered":"\u0414\u043e\u043a-\u0441\u0442\u0430\u043d\u0446\u0438\u044f \u0434\u043b\u044f \u0439\u043e\u0433\u0438 Aqua Marina Yoga Dock 9\u00b46 &#8212; 290 x 170 x 12 \u0441\u043c"},"content":{"rendered":"<h1>\u0414\u043e\u043a-\u0441\u0442\u0430\u043d\u0446\u0438\u044f \u0434\u043b\u044f \u0439\u043e\u0433\u0438 Aqua Marina Yoga Dock 9\u00b46 &#8212; 290 x 170 x 12 \u0441\u043c<\/h1>\n<p>\u0414\u043e\u043a-\u0441\u0442\u0430\u043d\u0446\u0438\u044f \u0434\u043b\u044f \u0439\u043e\u0433\u0438 Aqua Marina Yoga Dock 9\u00b46 &#8212; 290 x 170 x 12 \u0441\u043c<\/p>\n<p>\u0421\u0415\u0420\u0418\u042f \u0424\u0418\u0422\u041d\u0415\u0421\u0410<\/p>\n<p>\u0421\u043a\u0430\u0436\u0438\u0442\u0435 \u00ab\u0434\u0430\u00bb \u043d\u043e\u0432\u044b\u043c \u0432\u044b\u0437\u043e\u0432\u0430\u043c, \u043f\u0435\u0440\u0435\u043d\u0435\u0441\u044f \u0441\u0432\u043e\u0438 \u0442\u0440\u0435\u043d\u0438\u0440\u043e\u0432\u043a\u0438 \u043d\u0430 \u0432\u043e\u0434\u0443!<\/p>\n<p>\u041d\u0430\u0448\u0430 \u0441\u0435\u0440\u0438\u044f \u0424\u0418\u0422\u041d\u0415\u0421\u0410 \u0434\u043e\u0431\u0430\u0432\u043b\u044f\u0435\u0442 \u0434\u043e\u043f\u043e\u043b\u043d\u0438\u0442\u0435\u043b\u044c\u043d\u044b\u0439 \u0443\u0440\u043e\u0432\u0435\u043d\u044c \u0441\u043b\u043e\u0436\u043d\u043e\u0441\u0442\u0438 \u043a \u0432\u0430\u0448\u0435\u043c\u0443 \u043e\u0431\u044b\u0447\u043d\u043e\u043c\u0443 \u0437\u0430\u043d\u044f\u0442\u0438\u044e \u0439\u043e\u0433\u043e\u0439 \u0438\u043b\u0438 \u0444\u0438\u0442\u043d\u0435\u0441\u043e\u043c,<\/p>\n<p>\u043d\u043e \u043c\u044b \u0433\u0430\u0440\u0430\u043d\u0442\u0438\u0440\u0443\u0435\u043c, \u0447\u0442\u043e \u0432\u0438\u0434\u044b \u0442\u043e\u0433\u043e \u0441\u0442\u043e\u044f\u0442. \u041d\u0430\u0439\u0434\u0438\u0442\u0435 \u0441\u0432\u043e\u0439 \u0431\u0430\u043b\u0430\u043d\u0441 \u0438 \u0443\u043a\u0440\u0435\u043f\u0438\u0442\u0435 \u0441\u0432\u043e\u044e \u043e\u0441\u043d\u043e\u0432\u043d\u0443\u044e \u0441\u0438\u043b\u0443, \u043d\u0430\u0445\u043e\u0434\u044f\u0441\u044c \u0432 \u043e\u043a\u0440\u0443\u0436\u0435\u043d\u0438\u0438 \u0441\u043f\u043e\u043a\u043e\u0439\u043d\u043e\u0439 \u0431\u0435\u0437\u043c\u044f\u0442\u0435\u0436\u043d\u043e\u0441\u0442\u0438 \u043f\u0440\u0438\u0440\u043e\u0434\u044b \u0434\u043b\u044f \u0442\u0440\u0435\u043d\u0438\u0440\u043e\u0432\u043a\u0438, \u043d\u0435 \u043f\u043e\u0445\u043e\u0436\u0435\u0439 \u043d\u0438 \u043d\u0430 \u043e\u0434\u043d\u0443 \u0434\u0440\u0443\u0433\u0443\u044e.<\/p>\n<p>\u0412\u044b\u0432\u0435\u0434\u0438\u0442\u0435 \u0432\u0435\u0441\u044c \u043a\u043b\u0430\u0441\u0441 \u043d\u0430 \u0432\u043e\u0434\u0443 \u0441 \u043f\u043e\u043c\u043e\u0449\u044c\u044e \u043d\u0430\u0448\u0435\u0439 \u0414\u041e\u041a-\u0421\u0422\u0410\u041d\u0426\u0418\u0418 \u0414\u041b\u042f \u0419\u041e\u0413\u0418 SUP,<\/p>\n<p>\u043d\u0430 \u043a\u043e\u0442\u043e\u0440\u043e\u0439 \u043c\u043e\u0436\u043d\u043e \u043f\u0440\u0438\u0448\u0432\u0430\u0440\u0442\u043e\u0432\u0430\u0442\u044c \u0434\u043e 8 \u0434\u043e\u0441\u043e\u043a DHYANA \u0434\u043b\u044f \u0438\u043d\u0442\u0438\u043c\u043d\u043e\u0433\u043e \u0441\u0435\u0437\u043e\u043d\u0430 \u0442\u0440\u0435\u043d\u0438\u0440\u043e\u0432\u043e\u043a \u043d\u0430 \u0432\u043e\u0434\u0435.<\/p>\n<p>\u041f\u043e\u0437\u043d\u0430\u043a\u043e\u043c\u044c\u0442\u0435\u0441\u044c \u043f\u043e\u0431\u043b\u0438\u0436\u0435 \u0438 \u043b\u0438\u0447\u043d\u043e \u0441 \u0432\u0430\u0448\u0438\u043c \u0438\u043d\u0441\u0442\u0440\u0443\u043a\u0442\u043e\u0440\u043e\u043c, \u0447\u0442\u043e\u0431\u044b \u0441 \u043b\u0435\u0433\u043a\u043e\u0441\u0442\u044c\u044e \u0441\u043b\u0435\u0434\u0438\u0442\u044c \u0437\u0430 \u0435\u0433\u043e \u0434\u0432\u0438\u0436\u0435\u043d\u0438\u044f\u043c\u0438. \u0412\u044b \u0433\u043e\u0442\u043e\u0432\u044b \u043f\u043e\u043f\u0440\u043e\u0431\u043e\u0432\u0430\u0442\u044c \u0439\u043e\u0433\u0443 SUP?<\/p>\n<p>\u0425\u0430\u0440\u0430\u043a\u0442\u0435\u0440\u0438\u0441\u0442\u0438\u043a\u0438 Yoga Dock<\/p>\n<p>\u0414\u043b\u0438\u043d\u0430 9\u00b46&#8243; \/ 290 \u0441\u043c<br \/>\n\u0428\u0438\u0440\u0438\u043d\u0430 67&#8243; \/ 170 \u0441\u043c<br \/>\n\u0422\u043e\u043b\u0449\u0438\u043d\u0430 4,7&#8243; \/ 12 \u0441\u043c<br \/>\n\u041e\u0431\u044a\u0435\u043c 470 \u043b<br \/>\n\u0412\u0435\u0441 \u043d\u0435\u0442\u0442\u043e 31,3 \u0444\u0443\u043d\u0442\u0430 \/ 14,2 \u043a\u0433<br \/>\n\u041c\u0430\u043a\u0441. \u043f\u043e\u043b\u0435\u0437\u043d\u0430\u044f \u043d\u0430\u0433\u0440\u0443\u0437\u043a\u0430 485 \u0444\u0443\u043d\u0442\u043e\u0432 \/ 220 \u043a\u0433<br \/>\n\u041c\u0430\u043a\u0441. \u0434\u0430\u0432\u043b\u0435\u043d\u0438\u0435 \u0432\u043e\u0437\u0434\u0443\u0445\u0430 15 \u0444\u0443\u043d\u0442\u043e\u0432 \u043d\u0430 \u043a\u0432. \u0434\u044e\u0439\u043c<\/p>\n<p>\u0412 \u043a\u043e\u043c\u043f\u043b\u0435\u043a\u0442 \u043f\u043e\u0441\u0442\u0430\u0432\u043a\u0438 \u0432\u0445\u043e\u0434\u044f\u0442<\/p>\n<p>\u0421\u0443\u043c\u043a\u0430 \u0434\u043b\u044f \u043f\u0435\u0440\u0435\u043d\u043e\u0441\u043a\u0438, \u043d\u0430\u0441\u043e\u0441 \u0434\u0432\u043e\u0439\u043d\u043e\u0433\u043e \u0434\u0435\u0439\u0441\u0442\u0432\u0438\u044f LIQUID AIR V1<\/p>\n<p>\u041a\u043b\u044e\u0447\u0435\u0432\u044b\u0435 \u0441\u043b\u043e\u0432\u0430<\/p>\n<p>Aquamarina,Yoga, Fintess,Dock<\/p>\n<p>\u0418\u041d\u0424\u041e\u0420\u041c\u0410\u0426\u0418\u042f: \u041c\u044b \u043d\u0430\u0441\u0442\u043e\u044f\u0442\u0435\u043b\u044c\u043d\u043e \u0440\u0435\u043a\u043e\u043c\u0435\u043d\u0434\u0443\u0435\u043c \u043d\u0430\u0434\u0435\u0432\u0430\u0442\u044c \u043f\u043b\u0430\u0432\u0430\u044e\u0449\u0435\u0435 \u0443\u0441\u0442\u0440\u043e\u0439\u0441\u0442\u0432\u043e\/\u043f\u043b\u0430\u0432\u0430\u044e\u0449\u0435\u0435 \u0441\u0440\u0435\u0434\u0441\u0442\u0432\u043e \u043f\u0440\u0438 \u0438\u0441\u043f\u043e\u043b\u044c\u0437\u043e\u0432\u0430\u043d\u0438\u0438 \u0434\u043e\u0441\u043a\u0438 \u0434\u043b\u044f \u0433\u0440\u0435\u0431\u043b\u0438 \u0441\u0442\u043e\u044f. \u041f\u043b\u0430\u0432\u0430\u044e\u0449\u0438\u0435 \u0443\u0441\u0442\u0440\u043e\u0439\u0441\u0442\u0432\u0430\/\u043f\u043b\u0430\u0432\u0430\u044e\u0449\u0438\u0435 \u0441\u0440\u0435\u0434\u0441\u0442\u0432\u0430 \u043e\u0431\u0435\u0441\u043f\u0435\u0447\u0438\u0432\u0430\u044e\u0442 \u043f\u043e\u0434\u044a\u0435\u043c \u043f\u043e\u0441\u043b\u0435 \u043f\u0430\u0434\u0435\u043d\u0438\u044f \u0432 \u0432\u043e\u0434\u0443 \u0438 \u0441\u043e\u0445\u0440\u0430\u043d\u044f\u044e\u0442 \u0441\u043f\u043e\u0441\u043e\u0431\u043d\u043e\u0441\u0442\u044c \u043f\u043b\u0430\u0432\u0430\u0442\u044c \u0438 \u0434\u0432\u0438\u0433\u0430\u0442\u044c\u0441\u044f. \u041f\u043b\u0430\u0432\u0430\u044e\u0449\u0435\u0435 \u0443\u0441\u0442\u0440\u043e\u0439\u0441\u0442\u0432\u043e\/\u043f\u043b\u0430\u0432\u0430\u044e\u0449\u0435\u0435 \u0441\u0440\u0435\u0434\u0441\u0442\u0432\u043e \u043d\u0435 \u0432\u0445\u043e\u0434\u0438\u0442 \u0432 \u043a\u043e\u043c\u043f\u043b\u0435\u043a\u0442 \u043f\u043e\u0441\u0442\u0430\u0432\u043a\u0438.<\/p>\n","protected":false},"excerpt":{"rendered":"<p>https:\/\/www.youtube.com\/watch?v=nnB7qinctHI [&#8230;]<\/p>\n<p><a class=\"btn btn-secondary understrap-read-more-link\" href=\"https:\/\/www.waterskis.lv\/ru\/product\/%d0%b4%d0%be%d0%ba-%d1%81%d1%82%d0%b0%d0%bd%d1%86%d0%b8%d1%8f-%d0%b4%d0%bb%d1%8f-%d0%b9%d0%be%d0%b3%d0%b8-aqua-marina-yoga-dock-96-290-x-170-x-12-%d1%81%d0%bc\/\">\u0427\u0438\u0442\u0430\u0442\u044c \u0434\u0430\u043b\u044c\u0448\u0435\u2026<\/a><\/p>\n","protected":false},"featured_media":62898,"comment_status":"closed","ping_status":"closed","template":"","meta":{"_acf_changed":false,"inline_featured_image":false},"product_brand":[1287],"product_cat":[1099,499,773],"product_tag":[3165,3177,1338,3178,3179,1309,3180,1822,3181,3134],"class_list":{"0":"post-62915","1":"product","2":"type-product","3":"status-publish","4":"has-post-thumbnail","6":"product_brand-aqua-marina","7":"product_cat-aqua-marina---","8":"product_cat-sup-","9":"product_cat--sup-","10":"product_tag-aqua-marina","11":"product_tag-aufblasbares-sup","12":"product_tag-paddle-boards","13":"product_tag-stand-up-paddleboard","14":"product_tag-stand-up-paddling","15":"product_tag-sup","16":"product_tag-sup-surfer","17":"product_tag-sup-","18":"product_tag-supkayak","19":"product_tag-3134","21":"first","22":"outofstock","23":"shipping-taxable","24":"purchasable","25":"product-type-simple"},"acf":[],"yoast_head":"<!-- This site is optimized with the Yoast SEO plugin v27.2 - https:\/\/yoast.com\/product\/yoast-seo-wordpress\/ -->\n<title>\u0414\u043e\u043a-\u0441\u0442\u0430\u043d\u0446\u0438\u044f \u0434\u043b\u044f \u0439\u043e\u0433\u0438 Aqua Marina Yoga Dock 9\u00b46 - 290 x 170 x 12 \u0441\u043c - WATERSKIS.LV<\/title>\n<meta name=\"description\" content=\"\u0414\u043e\u043a-\u0441\u0442\u0430\u043d\u0446\u0438\u044f \u0434\u043b\u044f \u0439\u043e\u0433\u0438 Aqua Marina Yoga Dock 9\u00b46 - 290 x 170 x 12 \u0441\u043c \u0434\u043e\u0431\u0430\u0432\u043b\u044f\u0435\u0442 \u0434\u043e\u043f\u043e\u043b\u043d\u0438\u0442\u0435\u043b\u044c\u043d\u044b\u0439 \u0443\u0440\u043e\u0432\u0435\u043d\u044c \u0441\u043b\u043e\u0436\u043d\u043e\u0441\u0442\u0438 \u043a \u0432\u0430\u0448\u0435\u043c\u0443 \u043e\u0431\u044b\u0447\u043d\u043e\u043c\u0443 \u0437\u0430\u043d\u044f\u0442\u0438\u044e \u0439\u043e\u0433\u043e\u0439 \u0438\u043b\u0438 \u0444\u0438\u0442\u043d\u0435\u0441\u043e\u043c\" \/>\n<meta name=\"robots\" content=\"index, follow, max-snippet:-1, max-image-preview:large, max-video-preview:-1\" \/>\n<link rel=\"canonical\" href=\"https:\/\/www.waterskis.lv\/ru\/product\/%d0%b4%d0%be%d0%ba-%d1%81%d1%82%d0%b0%d0%bd%d1%86%d0%b8%d1%8f-%d0%b4%d0%bb%d1%8f-%d0%b9%d0%be%d0%b3%d0%b8-aqua-marina-yoga-dock-96-290-x-170-x-12-%d1%81%d0%bc\/\" \/>\n<meta property=\"og:locale\" content=\"ru_RU\" \/>\n<meta property=\"og:type\" content=\"article\" \/>\n<meta property=\"og:title\" content=\"\u0414\u043e\u043a-\u0441\u0442\u0430\u043d\u0446\u0438\u044f \u0434\u043b\u044f \u0439\u043e\u0433\u0438 Aqua Marina Yoga Dock 9\u00b46 - 290 x 170 x 12 \u0441\u043c - WATERSKIS.LV\" \/>\n<meta property=\"og:description\" content=\"\u0414\u043e\u043a-\u0441\u0442\u0430\u043d\u0446\u0438\u044f \u0434\u043b\u044f \u0439\u043e\u0433\u0438 Aqua Marina Yoga Dock 9\u00b46 - 290 x 170 x 12 \u0441\u043c \u0434\u043e\u0431\u0430\u0432\u043b\u044f\u0435\u0442 \u0434\u043e\u043f\u043e\u043b\u043d\u0438\u0442\u0435\u043b\u044c\u043d\u044b\u0439 \u0443\u0440\u043e\u0432\u0435\u043d\u044c \u0441\u043b\u043e\u0436\u043d\u043e\u0441\u0442\u0438 \u043a \u0432\u0430\u0448\u0435\u043c\u0443 \u043e\u0431\u044b\u0447\u043d\u043e\u043c\u0443 \u0437\u0430\u043d\u044f\u0442\u0438\u044e \u0439\u043e\u0433\u043e\u0439 \u0438\u043b\u0438 \u0444\u0438\u0442\u043d\u0435\u0441\u043e\u043c\" \/>\n<meta property=\"og:url\" content=\"https:\/\/www.waterskis.lv\/ru\/product\/%d0%b4%d0%be%d0%ba-%d1%81%d1%82%d0%b0%d0%bd%d1%86%d0%b8%d1%8f-%d0%b4%d0%bb%d1%8f-%d0%b9%d0%be%d0%b3%d0%b8-aqua-marina-yoga-dock-96-290-x-170-x-12-%d1%81%d0%bc\/\" \/>\n<meta property=\"og:site_name\" content=\"WATERSKIS.LV\" \/>\n<meta property=\"article:publisher\" content=\"https:\/\/www.facebook.com\/jurmalawaterskiwakeboardpark\/\" \/>\n<meta property=\"article:modified_time\" content=\"2026-02-01T11:01:42+00:00\" \/>\n<meta property=\"og:image\" content=\"https:\/\/www.waterskis.lv\/wp-content\/uploads\/2025\/02\/yoga_dock_23130_1.webp\" \/>\n\t<meta property=\"og:image:width\" content=\"2000\" \/>\n\t<meta property=\"og:image:height\" content=\"2000\" \/>\n\t<meta property=\"og:image:type\" content=\"image\/webp\" \/>\n<meta name=\"twitter:card\" content=\"summary_large_image\" \/>\n<meta name=\"twitter:label1\" content=\"\u041f\u0440\u0438\u043c\u0435\u0440\u043d\u043e\u0435 \u0432\u0440\u0435\u043c\u044f \u0434\u043b\u044f \u0447\u0442\u0435\u043d\u0438\u044f\" \/>\n\t<meta name=\"twitter:data1\" content=\"2 \u043c\u0438\u043d\u0443\u0442\u044b\" \/>\n<script type=\"application\/ld+json\" class=\"yoast-schema-graph\">{\"@context\":\"https:\/\/schema.org\",\"@graph\":[{\"@type\":\"WebPage\",\"@id\":\"https:\/\/www.waterskis.lv\/ru\/product\/%d0%b4%d0%be%d0%ba-%d1%81%d1%82%d0%b0%d0%bd%d1%86%d0%b8%d1%8f-%d0%b4%d0%bb%d1%8f-%d0%b9%d0%be%d0%b3%d0%b8-aqua-marina-yoga-dock-96-290-x-170-x-12-%d1%81%d0%bc\/\",\"url\":\"https:\/\/www.waterskis.lv\/ru\/product\/%d0%b4%d0%be%d0%ba-%d1%81%d1%82%d0%b0%d0%bd%d1%86%d0%b8%d1%8f-%d0%b4%d0%bb%d1%8f-%d0%b9%d0%be%d0%b3%d0%b8-aqua-marina-yoga-dock-96-290-x-170-x-12-%d1%81%d0%bc\/\",\"name\":\"\u0414\u043e\u043a-\u0441\u0442\u0430\u043d\u0446\u0438\u044f \u0434\u043b\u044f \u0439\u043e\u0433\u0438 Aqua Marina Yoga Dock 9\u00b46 - 290 x 170 x 12 \u0441\u043c - WATERSKIS.LV\",\"isPartOf\":{\"@id\":\"https:\/\/www.waterskis.lv\/ru\/#website\"},\"primaryImageOfPage\":{\"@id\":\"https:\/\/www.waterskis.lv\/ru\/product\/%d0%b4%d0%be%d0%ba-%d1%81%d1%82%d0%b0%d0%bd%d1%86%d0%b8%d1%8f-%d0%b4%d0%bb%d1%8f-%d0%b9%d0%be%d0%b3%d0%b8-aqua-marina-yoga-dock-96-290-x-170-x-12-%d1%81%d0%bc\/#primaryimage\"},\"image\":{\"@id\":\"https:\/\/www.waterskis.lv\/ru\/product\/%d0%b4%d0%be%d0%ba-%d1%81%d1%82%d0%b0%d0%bd%d1%86%d0%b8%d1%8f-%d0%b4%d0%bb%d1%8f-%d0%b9%d0%be%d0%b3%d0%b8-aqua-marina-yoga-dock-96-290-x-170-x-12-%d1%81%d0%bc\/#primaryimage\"},\"thumbnailUrl\":\"https:\/\/www.waterskis.lv\/wp-content\/uploads\/2025\/02\/yoga_dock_23130_1.webp\",\"datePublished\":\"2025-02-14T12:31:19+00:00\",\"dateModified\":\"2026-02-01T11:01:42+00:00\",\"description\":\"\u0414\u043e\u043a-\u0441\u0442\u0430\u043d\u0446\u0438\u044f \u0434\u043b\u044f \u0439\u043e\u0433\u0438 Aqua Marina Yoga Dock 9\u00b46 - 290 x 170 x 12 \u0441\u043c \u0434\u043e\u0431\u0430\u0432\u043b\u044f\u0435\u0442 \u0434\u043e\u043f\u043e\u043b\u043d\u0438\u0442\u0435\u043b\u044c\u043d\u044b\u0439 \u0443\u0440\u043e\u0432\u0435\u043d\u044c \u0441\u043b\u043e\u0436\u043d\u043e\u0441\u0442\u0438 \u043a \u0432\u0430\u0448\u0435\u043c\u0443 \u043e\u0431\u044b\u0447\u043d\u043e\u043c\u0443 \u0437\u0430\u043d\u044f\u0442\u0438\u044e \u0439\u043e\u0433\u043e\u0439 \u0438\u043b\u0438 \u0444\u0438\u0442\u043d\u0435\u0441\u043e\u043c\",\"breadcrumb\":{\"@id\":\"https:\/\/www.waterskis.lv\/ru\/product\/%d0%b4%d0%be%d0%ba-%d1%81%d1%82%d0%b0%d0%bd%d1%86%d0%b8%d1%8f-%d0%b4%d0%bb%d1%8f-%d0%b9%d0%be%d0%b3%d0%b8-aqua-marina-yoga-dock-96-290-x-170-x-12-%d1%81%d0%bc\/#breadcrumb\"},\"inLanguage\":\"ru-RU\",\"potentialAction\":[{\"@type\":\"ReadAction\",\"target\":[\"https:\/\/www.waterskis.lv\/ru\/product\/%d0%b4%d0%be%d0%ba-%d1%81%d1%82%d0%b0%d0%bd%d1%86%d0%b8%d1%8f-%d0%b4%d0%bb%d1%8f-%d0%b9%d0%be%d0%b3%d0%b8-aqua-marina-yoga-dock-96-290-x-170-x-12-%d1%81%d0%bc\/\"]}]},{\"@type\":\"ImageObject\",\"inLanguage\":\"ru-RU\",\"@id\":\"https:\/\/www.waterskis.lv\/ru\/product\/%d0%b4%d0%be%d0%ba-%d1%81%d1%82%d0%b0%d0%bd%d1%86%d0%b8%d1%8f-%d0%b4%d0%bb%d1%8f-%d0%b9%d0%be%d0%b3%d0%b8-aqua-marina-yoga-dock-96-290-x-170-x-12-%d1%81%d0%bc\/#primaryimage\",\"url\":\"https:\/\/www.waterskis.lv\/wp-content\/uploads\/2025\/02\/yoga_dock_23130_1.webp\",\"contentUrl\":\"https:\/\/www.waterskis.lv\/wp-content\/uploads\/2025\/02\/yoga_dock_23130_1.webp\",\"width\":2000,\"height\":2000,\"caption\":\"SUP jogas d\u0113lis Aqua Marina Yoga Dock 9\u00b46 - 290 x 170 x 12cm\"},{\"@type\":\"BreadcrumbList\",\"@id\":\"https:\/\/www.waterskis.lv\/ru\/product\/%d0%b4%d0%be%d0%ba-%d1%81%d1%82%d0%b0%d0%bd%d1%86%d0%b8%d1%8f-%d0%b4%d0%bb%d1%8f-%d0%b9%d0%be%d0%b3%d0%b8-aqua-marina-yoga-dock-96-290-x-170-x-12-%d1%81%d0%bc\/#breadcrumb\",\"itemListElement\":[{\"@type\":\"ListItem\",\"position\":1,\"name\":\"Home\",\"item\":\"https:\/\/www.waterskis.lv\/ru\/\"},{\"@type\":\"ListItem\",\"position\":2,\"name\":\"\u041c\u0430\u0433\u0430\u0437\u0438\u043d\",\"item\":\"https:\/\/www.waterskis.lv\/ru\/%d0%bc%d0%b0%d0%b3%d0%b0%d0%b7%d0%b8%d0%bd\/\"},{\"@type\":\"ListItem\",\"position\":3,\"name\":\"\u0414\u043e\u043a-\u0441\u0442\u0430\u043d\u0446\u0438\u044f \u0434\u043b\u044f \u0439\u043e\u0433\u0438 Aqua Marina Yoga Dock 9\u00b46 &#8211; 290 x 170 x 12 \u0441\u043c\"}]},{\"@type\":\"WebSite\",\"@id\":\"https:\/\/www.waterskis.lv\/ru\/#website\",\"url\":\"https:\/\/www.waterskis.lv\/ru\/\",\"name\":\"WATERSKIS.LV\",\"description\":\"SUP d\u0113\u013ci, kajaki, kanoe, airu laivas, \u016bdenssl\u0113po\u0161ana, veikbords, SUP d\u0113\u013cu noma, kajaku nomaakt\u012bv\u0101s atp\u016btas centrs, laivu noma, sup noma, kajaku noma\",\"publisher\":{\"@id\":\"https:\/\/www.waterskis.lv\/ru\/#organization\"},\"potentialAction\":[{\"@type\":\"SearchAction\",\"target\":{\"@type\":\"EntryPoint\",\"urlTemplate\":\"https:\/\/www.waterskis.lv\/ru\/?s={search_term_string}\"},\"query-input\":{\"@type\":\"PropertyValueSpecification\",\"valueRequired\":true,\"valueName\":\"search_term_string\"}}],\"inLanguage\":\"ru-RU\"},{\"@type\":\"Organization\",\"@id\":\"https:\/\/www.waterskis.lv\/ru\/#organization\",\"name\":\"WATERSKIS.LV\",\"url\":\"https:\/\/www.waterskis.lv\/ru\/\",\"logo\":{\"@type\":\"ImageObject\",\"inLanguage\":\"ru-RU\",\"@id\":\"https:\/\/www.waterskis.lv\/ru\/#\/schema\/logo\/image\/\",\"url\":\"https:\/\/www.waterskis.lv\/wp-content\/uploads\/2025\/01\/JUVP-logo.png\",\"contentUrl\":\"https:\/\/www.waterskis.lv\/wp-content\/uploads\/2025\/01\/JUVP-logo.png\",\"width\":421,\"height\":202,\"caption\":\"WATERSKIS.LV\"},\"image\":{\"@id\":\"https:\/\/www.waterskis.lv\/ru\/#\/schema\/logo\/image\/\"},\"sameAs\":[\"https:\/\/www.facebook.com\/jurmalawaterskiwakeboardpark\/\"]}]}<\/script>\n<!-- \/ Yoast SEO plugin. -->","yoast_head_json":{"title":"\u0414\u043e\u043a-\u0441\u0442\u0430\u043d\u0446\u0438\u044f \u0434\u043b\u044f \u0439\u043e\u0433\u0438 Aqua Marina Yoga Dock 9\u00b46 - 290 x 170 x 12 \u0441\u043c - WATERSKIS.LV","description":"\u0414\u043e\u043a-\u0441\u0442\u0430\u043d\u0446\u0438\u044f \u0434\u043b\u044f \u0439\u043e\u0433\u0438 Aqua Marina Yoga Dock 9\u00b46 - 290 x 170 x 12 \u0441\u043c \u0434\u043e\u0431\u0430\u0432\u043b\u044f\u0435\u0442 \u0434\u043e\u043f\u043e\u043b\u043d\u0438\u0442\u0435\u043b\u044c\u043d\u044b\u0439 \u0443\u0440\u043e\u0432\u0435\u043d\u044c \u0441\u043b\u043e\u0436\u043d\u043e\u0441\u0442\u0438 \u043a \u0432\u0430\u0448\u0435\u043c\u0443 \u043e\u0431\u044b\u0447\u043d\u043e\u043c\u0443 \u0437\u0430\u043d\u044f\u0442\u0438\u044e \u0439\u043e\u0433\u043e\u0439 \u0438\u043b\u0438 \u0444\u0438\u0442\u043d\u0435\u0441\u043e\u043c","robots":{"index":"index","follow":"follow","max-snippet":"max-snippet:-1","max-image-preview":"max-image-preview:large","max-video-preview":"max-video-preview:-1"},"canonical":"https:\/\/www.waterskis.lv\/ru\/product\/%d0%b4%d0%be%d0%ba-%d1%81%d1%82%d0%b0%d0%bd%d1%86%d0%b8%d1%8f-%d0%b4%d0%bb%d1%8f-%d0%b9%d0%be%d0%b3%d0%b8-aqua-marina-yoga-dock-96-290-x-170-x-12-%d1%81%d0%bc\/","og_locale":"ru_RU","og_type":"article","og_title":"\u0414\u043e\u043a-\u0441\u0442\u0430\u043d\u0446\u0438\u044f \u0434\u043b\u044f \u0439\u043e\u0433\u0438 Aqua Marina Yoga Dock 9\u00b46 - 290 x 170 x 12 \u0441\u043c - WATERSKIS.LV","og_description":"\u0414\u043e\u043a-\u0441\u0442\u0430\u043d\u0446\u0438\u044f \u0434\u043b\u044f \u0439\u043e\u0433\u0438 Aqua Marina Yoga Dock 9\u00b46 - 290 x 170 x 12 \u0441\u043c \u0434\u043e\u0431\u0430\u0432\u043b\u044f\u0435\u0442 \u0434\u043e\u043f\u043e\u043b\u043d\u0438\u0442\u0435\u043b\u044c\u043d\u044b\u0439 \u0443\u0440\u043e\u0432\u0435\u043d\u044c \u0441\u043b\u043e\u0436\u043d\u043e\u0441\u0442\u0438 \u043a \u0432\u0430\u0448\u0435\u043c\u0443 \u043e\u0431\u044b\u0447\u043d\u043e\u043c\u0443 \u0437\u0430\u043d\u044f\u0442\u0438\u044e \u0439\u043e\u0433\u043e\u0439 \u0438\u043b\u0438 \u0444\u0438\u0442\u043d\u0435\u0441\u043e\u043c","og_url":"https:\/\/www.waterskis.lv\/ru\/product\/%d0%b4%d0%be%d0%ba-%d1%81%d1%82%d0%b0%d0%bd%d1%86%d0%b8%d1%8f-%d0%b4%d0%bb%d1%8f-%d0%b9%d0%be%d0%b3%d0%b8-aqua-marina-yoga-dock-96-290-x-170-x-12-%d1%81%d0%bc\/","og_site_name":"WATERSKIS.LV","article_publisher":"https:\/\/www.facebook.com\/jurmalawaterskiwakeboardpark\/","article_modified_time":"2026-02-01T11:01:42+00:00","og_image":[{"width":2000,"height":2000,"url":"https:\/\/www.waterskis.lv\/wp-content\/uploads\/2025\/02\/yoga_dock_23130_1.webp","type":"image\/webp"}],"twitter_card":"summary_large_image","twitter_misc":{"\u041f\u0440\u0438\u043c\u0435\u0440\u043d\u043e\u0435 \u0432\u0440\u0435\u043c\u044f \u0434\u043b\u044f \u0447\u0442\u0435\u043d\u0438\u044f":"2 \u043c\u0438\u043d\u0443\u0442\u044b"},"schema":{"@context":"https:\/\/schema.org","@graph":[{"@type":"WebPage","@id":"https:\/\/www.waterskis.lv\/ru\/product\/%d0%b4%d0%be%d0%ba-%d1%81%d1%82%d0%b0%d0%bd%d1%86%d0%b8%d1%8f-%d0%b4%d0%bb%d1%8f-%d0%b9%d0%be%d0%b3%d0%b8-aqua-marina-yoga-dock-96-290-x-170-x-12-%d1%81%d0%bc\/","url":"https:\/\/www.waterskis.lv\/ru\/product\/%d0%b4%d0%be%d0%ba-%d1%81%d1%82%d0%b0%d0%bd%d1%86%d0%b8%d1%8f-%d0%b4%d0%bb%d1%8f-%d0%b9%d0%be%d0%b3%d0%b8-aqua-marina-yoga-dock-96-290-x-170-x-12-%d1%81%d0%bc\/","name":"\u0414\u043e\u043a-\u0441\u0442\u0430\u043d\u0446\u0438\u044f \u0434\u043b\u044f \u0439\u043e\u0433\u0438 Aqua Marina Yoga Dock 9\u00b46 - 290 x 170 x 12 \u0441\u043c - WATERSKIS.LV","isPartOf":{"@id":"https:\/\/www.waterskis.lv\/ru\/#website"},"primaryImageOfPage":{"@id":"https:\/\/www.waterskis.lv\/ru\/product\/%d0%b4%d0%be%d0%ba-%d1%81%d1%82%d0%b0%d0%bd%d1%86%d0%b8%d1%8f-%d0%b4%d0%bb%d1%8f-%d0%b9%d0%be%d0%b3%d0%b8-aqua-marina-yoga-dock-96-290-x-170-x-12-%d1%81%d0%bc\/#primaryimage"},"image":{"@id":"https:\/\/www.waterskis.lv\/ru\/product\/%d0%b4%d0%be%d0%ba-%d1%81%d1%82%d0%b0%d0%bd%d1%86%d0%b8%d1%8f-%d0%b4%d0%bb%d1%8f-%d0%b9%d0%be%d0%b3%d0%b8-aqua-marina-yoga-dock-96-290-x-170-x-12-%d1%81%d0%bc\/#primaryimage"},"thumbnailUrl":"https:\/\/www.waterskis.lv\/wp-content\/uploads\/2025\/02\/yoga_dock_23130_1.webp","datePublished":"2025-02-14T12:31:19+00:00","dateModified":"2026-02-01T11:01:42+00:00","description":"\u0414\u043e\u043a-\u0441\u0442\u0430\u043d\u0446\u0438\u044f \u0434\u043b\u044f \u0439\u043e\u0433\u0438 Aqua Marina Yoga Dock 9\u00b46 - 290 x 170 x 12 \u0441\u043c \u0434\u043e\u0431\u0430\u0432\u043b\u044f\u0435\u0442 \u0434\u043e\u043f\u043e\u043b\u043d\u0438\u0442\u0435\u043b\u044c\u043d\u044b\u0439 \u0443\u0440\u043e\u0432\u0435\u043d\u044c \u0441\u043b\u043e\u0436\u043d\u043e\u0441\u0442\u0438 \u043a \u0432\u0430\u0448\u0435\u043c\u0443 \u043e\u0431\u044b\u0447\u043d\u043e\u043c\u0443 \u0437\u0430\u043d\u044f\u0442\u0438\u044e \u0439\u043e\u0433\u043e\u0439 \u0438\u043b\u0438 \u0444\u0438\u0442\u043d\u0435\u0441\u043e\u043c","breadcrumb":{"@id":"https:\/\/www.waterskis.lv\/ru\/product\/%d0%b4%d0%be%d0%ba-%d1%81%d1%82%d0%b0%d0%bd%d1%86%d0%b8%d1%8f-%d0%b4%d0%bb%d1%8f-%d0%b9%d0%be%d0%b3%d0%b8-aqua-marina-yoga-dock-96-290-x-170-x-12-%d1%81%d0%bc\/#breadcrumb"},"inLanguage":"ru-RU","potentialAction":[{"@type":"ReadAction","target":["https:\/\/www.waterskis.lv\/ru\/product\/%d0%b4%d0%be%d0%ba-%d1%81%d1%82%d0%b0%d0%bd%d1%86%d0%b8%d1%8f-%d0%b4%d0%bb%d1%8f-%d0%b9%d0%be%d0%b3%d0%b8-aqua-marina-yoga-dock-96-290-x-170-x-12-%d1%81%d0%bc\/"]}]},{"@type":"ImageObject","inLanguage":"ru-RU","@id":"https:\/\/www.waterskis.lv\/ru\/product\/%d0%b4%d0%be%d0%ba-%d1%81%d1%82%d0%b0%d0%bd%d1%86%d0%b8%d1%8f-%d0%b4%d0%bb%d1%8f-%d0%b9%d0%be%d0%b3%d0%b8-aqua-marina-yoga-dock-96-290-x-170-x-12-%d1%81%d0%bc\/#primaryimage","url":"https:\/\/www.waterskis.lv\/wp-content\/uploads\/2025\/02\/yoga_dock_23130_1.webp","contentUrl":"https:\/\/www.waterskis.lv\/wp-content\/uploads\/2025\/02\/yoga_dock_23130_1.webp","width":2000,"height":2000,"caption":"SUP jogas d\u0113lis Aqua Marina Yoga Dock 9\u00b46 - 290 x 170 x 12cm"},{"@type":"BreadcrumbList","@id":"https:\/\/www.waterskis.lv\/ru\/product\/%d0%b4%d0%be%d0%ba-%d1%81%d1%82%d0%b0%d0%bd%d1%86%d0%b8%d1%8f-%d0%b4%d0%bb%d1%8f-%d0%b9%d0%be%d0%b3%d0%b8-aqua-marina-yoga-dock-96-290-x-170-x-12-%d1%81%d0%bc\/#breadcrumb","itemListElement":[{"@type":"ListItem","position":1,"name":"Home","item":"https:\/\/www.waterskis.lv\/ru\/"},{"@type":"ListItem","position":2,"name":"\u041c\u0430\u0433\u0430\u0437\u0438\u043d","item":"https:\/\/www.waterskis.lv\/ru\/%d0%bc%d0%b0%d0%b3%d0%b0%d0%b7%d0%b8%d0%bd\/"},{"@type":"ListItem","position":3,"name":"\u0414\u043e\u043a-\u0441\u0442\u0430\u043d\u0446\u0438\u044f \u0434\u043b\u044f \u0439\u043e\u0433\u0438 Aqua Marina Yoga Dock 9\u00b46 &#8211; 290 x 170 x 12 \u0441\u043c"}]},{"@type":"WebSite","@id":"https:\/\/www.waterskis.lv\/ru\/#website","url":"https:\/\/www.waterskis.lv\/ru\/","name":"WATERSKIS.LV","description":"SUP d\u0113\u013ci, kajaki, kanoe, airu laivas, \u016bdenssl\u0113po\u0161ana, veikbords, SUP d\u0113\u013cu noma, kajaku nomaakt\u012bv\u0101s atp\u016btas centrs, laivu noma, sup noma, kajaku noma","publisher":{"@id":"https:\/\/www.waterskis.lv\/ru\/#organization"},"potentialAction":[{"@type":"SearchAction","target":{"@type":"EntryPoint","urlTemplate":"https:\/\/www.waterskis.lv\/ru\/?s={search_term_string}"},"query-input":{"@type":"PropertyValueSpecification","valueRequired":true,"valueName":"search_term_string"}}],"inLanguage":"ru-RU"},{"@type":"Organization","@id":"https:\/\/www.waterskis.lv\/ru\/#organization","name":"WATERSKIS.LV","url":"https:\/\/www.waterskis.lv\/ru\/","logo":{"@type":"ImageObject","inLanguage":"ru-RU","@id":"https:\/\/www.waterskis.lv\/ru\/#\/schema\/logo\/image\/","url":"https:\/\/www.waterskis.lv\/wp-content\/uploads\/2025\/01\/JUVP-logo.png","contentUrl":"https:\/\/www.waterskis.lv\/wp-content\/uploads\/2025\/01\/JUVP-logo.png","width":421,"height":202,"caption":"WATERSKIS.LV"},"image":{"@id":"https:\/\/www.waterskis.lv\/ru\/#\/schema\/logo\/image\/"},"sameAs":["https:\/\/www.facebook.com\/jurmalawaterskiwakeboardpark\/"]}]}},"_links":{"self":[{"href":"https:\/\/www.waterskis.lv\/ru\/wp-json\/wp\/v2\/product\/62915","targetHints":{"allow":["GET"]}}],"collection":[{"href":"https:\/\/www.waterskis.lv\/ru\/wp-json\/wp\/v2\/product"}],"about":[{"href":"https:\/\/www.waterskis.lv\/ru\/wp-json\/wp\/v2\/types\/product"}],"replies":[{"embeddable":true,"href":"https:\/\/www.waterskis.lv\/ru\/wp-json\/wp\/v2\/comments?post=62915"}],"wp:featuredmedia":[{"embeddable":true,"href":"https:\/\/www.waterskis.lv\/ru\/wp-json\/wp\/v2\/media\/62898"}],"wp:attachment":[{"href":"https:\/\/www.waterskis.lv\/ru\/wp-json\/wp\/v2\/media?parent=62915"}],"wp:term":[{"taxonomy":"product_brand","embeddable":true,"href":"https:\/\/www.waterskis.lv\/ru\/wp-json\/wp\/v2\/product_brand?post=62915"},{"taxonomy":"product_cat","embeddable":true,"href":"https:\/\/www.waterskis.lv\/ru\/wp-json\/wp\/v2\/product_cat?post=62915"},{"taxonomy":"product_tag","embeddable":true,"href":"https:\/\/www.waterskis.lv\/ru\/wp-json\/wp\/v2\/product_tag?post=62915"}],"curies":[{"name":"wp","href":"https:\/\/api.w.org\/{rel}","templated":true}]}}