{"id":63353,"date":"2025-02-15T20:16:29","date_gmt":"2025-02-15T18:16:29","guid":{"rendered":"https:\/\/www.waterskis.lv\/product\/isais-viriesu-neoprena-hidroterps-spinera-springsuit-2-2-men-shorty\/"},"modified":"2026-02-07T15:58:31","modified_gmt":"2026-02-07T13:58:31","slug":"%d0%bc%d1%83%d0%b6%d1%81%d0%ba%d0%be%d0%b9-%d0%ba%d0%be%d1%80%d0%be%d1%82%d0%ba%d0%b8%d0%b9-%d0%bd%d0%b5%d0%be%d0%bf%d1%80%d0%b5%d0%bd%d0%be%d0%b2%d1%8b%d0%b9-%d0%b3%d0%b8%d0%b4%d1%80%d0%be%d0%ba","status":"publish","type":"product","link":"https:\/\/www.waterskis.lv\/ru\/product\/%d0%bc%d1%83%d0%b6%d1%81%d0%ba%d0%be%d0%b9-%d0%ba%d0%be%d1%80%d0%be%d1%82%d0%ba%d0%b8%d0%b9-%d0%bd%d0%b5%d0%be%d0%bf%d1%80%d0%b5%d0%bd%d0%be%d0%b2%d1%8b%d0%b9-%d0%b3%d0%b8%d0%b4%d1%80%d0%be%d0%ba\/","title":{"rendered":"\u041c\u0443\u0436\u0441\u043a\u043e\u0439 \u043a\u043e\u0440\u043e\u0442\u043a\u0438\u0439 \u043d\u0435\u043e\u043f\u0440\u0435\u043d\u043e\u0432\u044b\u0439 \u0433\u0438\u0434\u0440\u043e\u043a\u043e\u0441\u0442\u044e\u043c Spinera Springsuit 2\/2 Men Shorty"},"content":{"rendered":"<h1>\u041c\u0443\u0436\u0441\u043a\u043e\u0439 \u043a\u043e\u0440\u043e\u0442\u043a\u0438\u0439 \u043d\u0435\u043e\u043f\u0440\u0435\u043d\u043e\u0432\u044b\u0439 \u0433\u0438\u0434\u0440\u043e\u043a\u043e\u0441\u0442\u044e\u043c Spinera Springsuit 2\/2 Men Shorty<\/h1>\n<p>\u041c\u0443\u0436\u0441\u043a\u043e\u0439 \u043a\u043e\u0440\u043e\u0442\u043a\u0438\u0439 \u043d\u0435\u043e\u043f\u0440\u0435\u043d\u043e\u0432\u044b\u0439 \u0433\u0438\u0434\u0440\u043e\u043a\u043e\u0441\u0442\u044e\u043c Spinera Springsuit 2\/2 Men Shorty<\/p>\n<p>\u041e\u0421\u041e\u0411\u0415\u041d\u041d\u041e\u0421\u0422\u0418:<\/p>\n<p>2 \u043c\u043c \u043d\u0435\u043e\u043f\u0440\u0435\u043d<br \/>\n\u041f\u043b\u043e\u0441\u043a\u0438\u0435 \u043a\u043e\u043c\u0444\u043e\u0440\u0442\u043d\u044b\u0435 \u0448\u0432\u044b<br \/>\n\u0414\u044b\u0448\u0430\u0449\u0430\u044f \u043a\u043e\u043d\u0441\u0442\u0440\u0443\u043a\u0446\u0438\u044f \u0434\u043b\u044f \u043f\u0440\u043e\u0445\u043b\u0430\u0434\u043d\u044b\u0445 \u0443\u0441\u043b\u043e\u0432\u0438\u0439<br \/>\n\u0410\u043d\u0430\u0442\u043e\u043c\u0438\u0447\u0435\u0441\u043a\u0438\u0439 \u043a\u0440\u043e\u0439<br \/>\n\u041f\u0440\u043e\u0447\u043d\u0430\u044f \u043c\u043e\u043b\u043d\u0438\u044f YKK \u0441\u0437\u0430\u0434\u0438<br \/>\n\u041b\u0435\u043d\u0442\u0430 \u043c\u043e\u043b\u043d\u0438\u0438<\/p>\n<p>\u0426\u0432\u0435\u0442: \u0441\u0435\u0440\u0435\u0431\u0440\u0438\u0441\u0442\u044b\u0439<\/p>\n<p>\u0420\u0430\u0437\u043c\u0435\u0440\u044b: XS, S, M, L, XL, XXL, XXXL<\/p>\n<p><b>Size Chart:<\/b><\/p>\n<p><b>XS\u00a0\u00a0\u00a0\u00a0\u00a0\u00a0\u00a0\u00a0\u00a0\u00a0\u00a0\u00a0 S\u00a0\u00a0\u00a0\u00a0\u00a0\u00a0\u00a0\u00a0\u00a0\u00a0\u00a0\u00a0\u00a0\u00a0\u00a0\u00a0M\u00a0\u00a0\u00a0\u00a0\u00a0\u00a0\u00a0\u00a0\u00a0\u00a0\u00a0\u00a0\u00a0\u00a0\u00a0\u00a0 L\u00a0\u00a0\u00a0\u00a0\u00a0\u00a0\u00a0\u00a0\u00a0\u00a0\u00a0\u00a0\u00a0\u00a0\u00a0\u00a0XL\u00a0\u00a0\u00a0\u00a0\u00a0\u00a0\u00a0\u00a0\u00a0\u00a0\u00a0\u00a0\u00a0\u00a0\u00a0\u00a0XXL\u00a0\u00a0\u00a0\u00a0\u00a0\u00a0\u00a0\u00a0\u00a0\u00a0\u00a0\u00a0\u00a0\u00a0\u00a0\u00a0XXXL\u00a0\u00a0\u00a0\u00a0\u00a0\u00a0<\/b><\/p>\n<p>Chest\u00a0\u00a0\u00a0\u00a0\u00a0\u00a0\u00a0\u00a0\u00a0\u00a0\u00a0\u00a0 78,5\u00a0\u00a0\u00a0\u00a0\u00a0\u00a0\u00a0\u00a0\u00a0\u00a0 83\u00a0\u00a0\u00a0\u00a0\u00a0\u00a0\u00a0\u00a0\u00a0\u00a0\u00a0\u00a0\u00a0\u00a087,5\u00a0\u00a0\u00a0\u00a0\u00a0\u00a0\u00a0\u00a0\u00a0\u00a0\u00a0\u00a0 92\u00a0\u00a0\u00a0\u00a0\u00a0\u00a0\u00a0\u00a0\u00a0\u00a0\u00a0\u00a0\u00a0\u00a096,5\u00a0\u00a0\u00a0\u00a0\u00a0\u00a0\u00a0\u00a0\u00a0\u00a0\u00a0\u00a0\u00a0\u00a0101\u00a0\u00a0\u00a0\u00a0\u00a0\u00a0\u00a0\u00a0\u00a0\u00a0\u00a0\u00a0\u00a0\u00a0\u00a0\u00a0 105,5<\/p>\n<p>Waist\u00a0\u00a0\u00a0\u00a0\u00a0\u00a0\u00a0\u00a0\u00a0\u00a0\u00a0\u00a0\u00a0\u00a066,5\u00a0\u00a0\u00a0\u00a0\u00a0\u00a0\u00a0\u00a0\u00a0\u00a0 71\u00a0\u00a0\u00a0\u00a0\u00a0\u00a0\u00a0\u00a0\u00a0\u00a0\u00a0\u00a0\u00a0\u00a075,5\u00a0\u00a0\u00a0\u00a0\u00a0\u00a0\u00a0\u00a0\u00a0\u00a0\u00a0\u00a0 80\u00a0\u00a0\u00a0\u00a0\u00a0\u00a0\u00a0\u00a0\u00a0\u00a0\u00a0\u00a0\u00a0\u00a084,5\u00a0\u00a0\u00a0\u00a0\u00a0\u00a0\u00a0\u00a0\u00a0\u00a0\u00a0\u00a0\u00a0\u00a0\u00a0\u00a089\u00a0\u00a0\u00a0\u00a0\u00a0\u00a0\u00a0\u00a0\u00a0\u00a0\u00a0\u00a0\u00a0\u00a0\u00a0\u00a0\u00a0\u00a0 93,5<\/p>\n","protected":false},"excerpt":{"rendered":"<p>https:\/\/www.youtube.com\/watch?v=HUB2F7ZWGJE [&#8230;]<\/p>\n<p><a class=\"btn btn-secondary understrap-read-more-link\" href=\"https:\/\/www.waterskis.lv\/ru\/product\/%d0%bc%d1%83%d0%b6%d1%81%d0%ba%d0%be%d0%b9-%d0%ba%d0%be%d1%80%d0%be%d1%82%d0%ba%d0%b8%d0%b9-%d0%bd%d0%b5%d0%be%d0%bf%d1%80%d0%b5%d0%bd%d0%be%d0%b2%d1%8b%d0%b9-%d0%b3%d0%b8%d0%b4%d1%80%d0%be%d0%ba\/\">\u0427\u0438\u0442\u0430\u0442\u044c \u0434\u0430\u043b\u044c\u0448\u0435\u2026<\/a><\/p>\n","protected":false},"featured_media":63351,"comment_status":"closed","ping_status":"closed","template":"","meta":{"_acf_changed":false,"inline_featured_image":false},"product_brand":[],"product_cat":[838,839],"product_tag":[1665,3693,3690,3692,3552,1671,3691],"class_list":{"0":"post-63353","1":"product","2":"type-product","3":"status-publish","4":"has-post-thumbnail","6":"product_cat-838","7":"product_cat-839","8":"product_tag-neoprena-hidroterps","9":"product_tag-neoprene-wetsuit","10":"product_tag-spinera-neoprena-hidroterps","11":"product_tag-spinera-neoprene-wetsuit","12":"product_tag-spinera-watersports","13":"product_tag-1671","14":"product_tag----spinera","16":"first","17":"instock","18":"shipping-taxable","19":"purchasable","20":"product-type-simple"},"acf":[],"yoast_head":"<!-- This site is optimized with the Yoast SEO plugin v27.4 - https:\/\/yoast.com\/product\/yoast-seo-wordpress\/ -->\n<title>\u041c\u0443\u0436\u0441\u043a\u043e\u0439 \u043a\u043e\u0440\u043e\u0442\u043a\u0438\u0439 \u043d\u0435\u043e\u043f\u0440\u0435\u043d\u043e\u0432\u044b\u0439 \u0433\u0438\u0434\u0440\u043e\u043a\u043e\u0441\u0442\u044e\u043c Spinera Springsuit 2\/2 Men Shorty - WATERSKIS.LV<\/title>\n<meta name=\"description\" content=\"\u041c\u0443\u0436\u0441\u043a\u043e\u0439 \u043a\u043e\u0440\u043e\u0442\u043a\u0438\u0439 \u043d\u0435\u043e\u043f\u0440\u0435\u043d\u043e\u0432\u044b\u0439 \u0433\u0438\u0434\u0440\u043e\u043a\u043e\u0441\u0442\u044e\u043c Spinera Springsuit 2\/2 Men Shorty. 2 \u043c\u043c \u043d\u0435\u043e\u043f\u0440\u0435\u043d\u041f\u043b\u043e\u0441\u043a\u0438\u0435 \u043a\u043e\u043c\u0444\u043e\u0440\u0442\u043d\u044b\u0435 \u0448\u0432\u044b\u0414\u044b\u0448\u0430\u0449\u0430\u044f \u043a\u043e\u043d\u0441\u0442\u0440\u0443\u043a\u0446\u0438\u044f \u0434\u043b\u044f \u043f\u0440\u043e\u0445\u043b\u0430\u0434\u043d\u044b\u0445 \u0443\u0441\u043b\u043e\u0432\u0438\u0439\" \/>\n<meta name=\"robots\" content=\"index, follow, max-snippet:-1, max-image-preview:large, max-video-preview:-1\" \/>\n<link rel=\"canonical\" href=\"https:\/\/www.waterskis.lv\/ru\/product\/%d0%bc%d1%83%d0%b6%d1%81%d0%ba%d0%be%d0%b9-%d0%ba%d0%be%d1%80%d0%be%d1%82%d0%ba%d0%b8%d0%b9-%d0%bd%d0%b5%d0%be%d0%bf%d1%80%d0%b5%d0%bd%d0%be%d0%b2%d1%8b%d0%b9-%d0%b3%d0%b8%d0%b4%d1%80%d0%be%d0%ba\/\" \/>\n<meta property=\"og:locale\" content=\"ru_RU\" \/>\n<meta property=\"og:type\" content=\"article\" \/>\n<meta property=\"og:title\" content=\"\u041c\u0443\u0436\u0441\u043a\u043e\u0439 \u043a\u043e\u0440\u043e\u0442\u043a\u0438\u0439 \u043d\u0435\u043e\u043f\u0440\u0435\u043d\u043e\u0432\u044b\u0439 \u0433\u0438\u0434\u0440\u043e\u043a\u043e\u0441\u0442\u044e\u043c Spinera Springsuit 2\/2 Men Shorty - WATERSKIS.LV\" \/>\n<meta property=\"og:description\" content=\"\u041c\u0443\u0436\u0441\u043a\u043e\u0439 \u043a\u043e\u0440\u043e\u0442\u043a\u0438\u0439 \u043d\u0435\u043e\u043f\u0440\u0435\u043d\u043e\u0432\u044b\u0439 \u0433\u0438\u0434\u0440\u043e\u043a\u043e\u0441\u0442\u044e\u043c Spinera Springsuit 2\/2 Men Shorty. 2 \u043c\u043c \u043d\u0435\u043e\u043f\u0440\u0435\u043d\u041f\u043b\u043e\u0441\u043a\u0438\u0435 \u043a\u043e\u043c\u0444\u043e\u0440\u0442\u043d\u044b\u0435 \u0448\u0432\u044b\u0414\u044b\u0448\u0430\u0449\u0430\u044f \u043a\u043e\u043d\u0441\u0442\u0440\u0443\u043a\u0446\u0438\u044f \u0434\u043b\u044f \u043f\u0440\u043e\u0445\u043b\u0430\u0434\u043d\u044b\u0445 \u0443\u0441\u043b\u043e\u0432\u0438\u0439\" \/>\n<meta property=\"og:url\" content=\"https:\/\/www.waterskis.lv\/ru\/product\/%d0%bc%d1%83%d0%b6%d1%81%d0%ba%d0%be%d0%b9-%d0%ba%d0%be%d1%80%d0%be%d1%82%d0%ba%d0%b8%d0%b9-%d0%bd%d0%b5%d0%be%d0%bf%d1%80%d0%b5%d0%bd%d0%be%d0%b2%d1%8b%d0%b9-%d0%b3%d0%b8%d0%b4%d1%80%d0%be%d0%ba\/\" \/>\n<meta property=\"og:site_name\" content=\"WATERSKIS.LV\" \/>\n<meta property=\"article:publisher\" content=\"https:\/\/www.facebook.com\/jurmalawaterskiwakeboardpark\/\" \/>\n<meta property=\"article:modified_time\" content=\"2026-02-07T13:58:31+00:00\" \/>\n<meta property=\"og:image\" content=\"https:\/\/www.waterskis.lv\/wp-content\/uploads\/2025\/02\/springsuit_2_2_men_20258P_1.webp\" \/>\n\t<meta property=\"og:image:width\" content=\"1304\" \/>\n\t<meta property=\"og:image:height\" content=\"1304\" \/>\n\t<meta property=\"og:image:type\" content=\"image\/webp\" \/>\n<meta name=\"twitter:card\" content=\"summary_large_image\" \/>\n<meta name=\"twitter:label1\" content=\"\u041f\u0440\u0438\u043c\u0435\u0440\u043d\u043e\u0435 \u0432\u0440\u0435\u043c\u044f \u0434\u043b\u044f \u0447\u0442\u0435\u043d\u0438\u044f\" \/>\n\t<meta name=\"twitter:data1\" content=\"1 \u043c\u0438\u043d\u0443\u0442\u0430\" \/>\n<script type=\"application\/ld+json\" class=\"yoast-schema-graph\">{\"@context\":\"https:\\\/\\\/schema.org\",\"@graph\":[{\"@type\":\"WebPage\",\"@id\":\"https:\\\/\\\/www.waterskis.lv\\\/ru\\\/product\\\/%d0%bc%d1%83%d0%b6%d1%81%d0%ba%d0%be%d0%b9-%d0%ba%d0%be%d1%80%d0%be%d1%82%d0%ba%d0%b8%d0%b9-%d0%bd%d0%b5%d0%be%d0%bf%d1%80%d0%b5%d0%bd%d0%be%d0%b2%d1%8b%d0%b9-%d0%b3%d0%b8%d0%b4%d1%80%d0%be%d0%ba\\\/\",\"url\":\"https:\\\/\\\/www.waterskis.lv\\\/ru\\\/product\\\/%d0%bc%d1%83%d0%b6%d1%81%d0%ba%d0%be%d0%b9-%d0%ba%d0%be%d1%80%d0%be%d1%82%d0%ba%d0%b8%d0%b9-%d0%bd%d0%b5%d0%be%d0%bf%d1%80%d0%b5%d0%bd%d0%be%d0%b2%d1%8b%d0%b9-%d0%b3%d0%b8%d0%b4%d1%80%d0%be%d0%ba\\\/\",\"name\":\"\u041c\u0443\u0436\u0441\u043a\u043e\u0439 \u043a\u043e\u0440\u043e\u0442\u043a\u0438\u0439 \u043d\u0435\u043e\u043f\u0440\u0435\u043d\u043e\u0432\u044b\u0439 \u0433\u0438\u0434\u0440\u043e\u043a\u043e\u0441\u0442\u044e\u043c Spinera Springsuit 2\\\/2 Men Shorty - WATERSKIS.LV\",\"isPartOf\":{\"@id\":\"https:\\\/\\\/www.waterskis.lv\\\/ru\\\/#website\"},\"primaryImageOfPage\":{\"@id\":\"https:\\\/\\\/www.waterskis.lv\\\/ru\\\/product\\\/%d0%bc%d1%83%d0%b6%d1%81%d0%ba%d0%be%d0%b9-%d0%ba%d0%be%d1%80%d0%be%d1%82%d0%ba%d0%b8%d0%b9-%d0%bd%d0%b5%d0%be%d0%bf%d1%80%d0%b5%d0%bd%d0%be%d0%b2%d1%8b%d0%b9-%d0%b3%d0%b8%d0%b4%d1%80%d0%be%d0%ba\\\/#primaryimage\"},\"image\":{\"@id\":\"https:\\\/\\\/www.waterskis.lv\\\/ru\\\/product\\\/%d0%bc%d1%83%d0%b6%d1%81%d0%ba%d0%be%d0%b9-%d0%ba%d0%be%d1%80%d0%be%d1%82%d0%ba%d0%b8%d0%b9-%d0%bd%d0%b5%d0%be%d0%bf%d1%80%d0%b5%d0%bd%d0%be%d0%b2%d1%8b%d0%b9-%d0%b3%d0%b8%d0%b4%d1%80%d0%be%d0%ba\\\/#primaryimage\"},\"thumbnailUrl\":\"https:\\\/\\\/www.waterskis.lv\\\/wp-content\\\/uploads\\\/2025\\\/02\\\/springsuit_2_2_men_20258P_1.webp\",\"datePublished\":\"2025-02-15T18:16:29+00:00\",\"dateModified\":\"2026-02-07T13:58:31+00:00\",\"description\":\"\u041c\u0443\u0436\u0441\u043a\u043e\u0439 \u043a\u043e\u0440\u043e\u0442\u043a\u0438\u0439 \u043d\u0435\u043e\u043f\u0440\u0435\u043d\u043e\u0432\u044b\u0439 \u0433\u0438\u0434\u0440\u043e\u043a\u043e\u0441\u0442\u044e\u043c Spinera Springsuit 2\\\/2 Men Shorty. 2 \u043c\u043c \u043d\u0435\u043e\u043f\u0440\u0435\u043d\u041f\u043b\u043e\u0441\u043a\u0438\u0435 \u043a\u043e\u043c\u0444\u043e\u0440\u0442\u043d\u044b\u0435 \u0448\u0432\u044b\u0414\u044b\u0448\u0430\u0449\u0430\u044f \u043a\u043e\u043d\u0441\u0442\u0440\u0443\u043a\u0446\u0438\u044f \u0434\u043b\u044f \u043f\u0440\u043e\u0445\u043b\u0430\u0434\u043d\u044b\u0445 \u0443\u0441\u043b\u043e\u0432\u0438\u0439\",\"breadcrumb\":{\"@id\":\"https:\\\/\\\/www.waterskis.lv\\\/ru\\\/product\\\/%d0%bc%d1%83%d0%b6%d1%81%d0%ba%d0%be%d0%b9-%d0%ba%d0%be%d1%80%d0%be%d1%82%d0%ba%d0%b8%d0%b9-%d0%bd%d0%b5%d0%be%d0%bf%d1%80%d0%b5%d0%bd%d0%be%d0%b2%d1%8b%d0%b9-%d0%b3%d0%b8%d0%b4%d1%80%d0%be%d0%ba\\\/#breadcrumb\"},\"inLanguage\":\"ru-RU\",\"potentialAction\":[{\"@type\":\"ReadAction\",\"target\":[\"https:\\\/\\\/www.waterskis.lv\\\/ru\\\/product\\\/%d0%bc%d1%83%d0%b6%d1%81%d0%ba%d0%be%d0%b9-%d0%ba%d0%be%d1%80%d0%be%d1%82%d0%ba%d0%b8%d0%b9-%d0%bd%d0%b5%d0%be%d0%bf%d1%80%d0%b5%d0%bd%d0%be%d0%b2%d1%8b%d0%b9-%d0%b3%d0%b8%d0%b4%d1%80%d0%be%d0%ba\\\/\"]}]},{\"@type\":\"ImageObject\",\"inLanguage\":\"ru-RU\",\"@id\":\"https:\\\/\\\/www.waterskis.lv\\\/ru\\\/product\\\/%d0%bc%d1%83%d0%b6%d1%81%d0%ba%d0%be%d0%b9-%d0%ba%d0%be%d1%80%d0%be%d1%82%d0%ba%d0%b8%d0%b9-%d0%bd%d0%b5%d0%be%d0%bf%d1%80%d0%b5%d0%bd%d0%be%d0%b2%d1%8b%d0%b9-%d0%b3%d0%b8%d0%b4%d1%80%d0%be%d0%ba\\\/#primaryimage\",\"url\":\"https:\\\/\\\/www.waterskis.lv\\\/wp-content\\\/uploads\\\/2025\\\/02\\\/springsuit_2_2_men_20258P_1.webp\",\"contentUrl\":\"https:\\\/\\\/www.waterskis.lv\\\/wp-content\\\/uploads\\\/2025\\\/02\\\/springsuit_2_2_men_20258P_1.webp\",\"width\":1304,\"height\":1304,\"caption\":\"\u012asais v\u012brie\u0161u neopr\u0113na hidrot\u0113rps Spinera Springsuit 2\\\/2 Men Shorty\"},{\"@type\":\"BreadcrumbList\",\"@id\":\"https:\\\/\\\/www.waterskis.lv\\\/ru\\\/product\\\/%d0%bc%d1%83%d0%b6%d1%81%d0%ba%d0%be%d0%b9-%d0%ba%d0%be%d1%80%d0%be%d1%82%d0%ba%d0%b8%d0%b9-%d0%bd%d0%b5%d0%be%d0%bf%d1%80%d0%b5%d0%bd%d0%be%d0%b2%d1%8b%d0%b9-%d0%b3%d0%b8%d0%b4%d1%80%d0%be%d0%ba\\\/#breadcrumb\",\"itemListElement\":[{\"@type\":\"ListItem\",\"position\":1,\"name\":\"Home\",\"item\":\"https:\\\/\\\/www.waterskis.lv\\\/ru\\\/\"},{\"@type\":\"ListItem\",\"position\":2,\"name\":\"\u041c\u0430\u0433\u0430\u0437\u0438\u043d\",\"item\":\"https:\\\/\\\/www.waterskis.lv\\\/ru\\\/%d0%bc%d0%b0%d0%b3%d0%b0%d0%b7%d0%b8%d0%bd\\\/\"},{\"@type\":\"ListItem\",\"position\":3,\"name\":\"\u041c\u0443\u0436\u0441\u043a\u043e\u0439 \u043a\u043e\u0440\u043e\u0442\u043a\u0438\u0439 \u043d\u0435\u043e\u043f\u0440\u0435\u043d\u043e\u0432\u044b\u0439 \u0433\u0438\u0434\u0440\u043e\u043a\u043e\u0441\u0442\u044e\u043c Spinera Springsuit 2\\\/2 Men Shorty\"}]},{\"@type\":\"WebSite\",\"@id\":\"https:\\\/\\\/www.waterskis.lv\\\/ru\\\/#website\",\"url\":\"https:\\\/\\\/www.waterskis.lv\\\/ru\\\/\",\"name\":\"WATERSKIS.LV\",\"description\":\"SUP d\u0113\u013ci, kajaki, kanoe, airu laivas, \u016bdenssl\u0113po\u0161ana, veikbords, SUP d\u0113\u013cu noma, kajaku nomaakt\u012bv\u0101s atp\u016btas centrs, laivu noma, sup noma, kajaku noma\",\"publisher\":{\"@id\":\"https:\\\/\\\/www.waterskis.lv\\\/ru\\\/#organization\"},\"potentialAction\":[{\"@type\":\"SearchAction\",\"target\":{\"@type\":\"EntryPoint\",\"urlTemplate\":\"https:\\\/\\\/www.waterskis.lv\\\/ru\\\/?s={search_term_string}\"},\"query-input\":{\"@type\":\"PropertyValueSpecification\",\"valueRequired\":true,\"valueName\":\"search_term_string\"}}],\"inLanguage\":\"ru-RU\"},{\"@type\":\"Organization\",\"@id\":\"https:\\\/\\\/www.waterskis.lv\\\/ru\\\/#organization\",\"name\":\"WATERSKIS.LV\",\"url\":\"https:\\\/\\\/www.waterskis.lv\\\/ru\\\/\",\"logo\":{\"@type\":\"ImageObject\",\"inLanguage\":\"ru-RU\",\"@id\":\"https:\\\/\\\/www.waterskis.lv\\\/ru\\\/#\\\/schema\\\/logo\\\/image\\\/\",\"url\":\"https:\\\/\\\/www.waterskis.lv\\\/wp-content\\\/uploads\\\/2025\\\/01\\\/JUVP-logo.png\",\"contentUrl\":\"https:\\\/\\\/www.waterskis.lv\\\/wp-content\\\/uploads\\\/2025\\\/01\\\/JUVP-logo.png\",\"width\":421,\"height\":202,\"caption\":\"WATERSKIS.LV\"},\"image\":{\"@id\":\"https:\\\/\\\/www.waterskis.lv\\\/ru\\\/#\\\/schema\\\/logo\\\/image\\\/\"},\"sameAs\":[\"https:\\\/\\\/www.facebook.com\\\/jurmalawaterskiwakeboardpark\\\/\"]}]}<\/script>\n<!-- \/ Yoast SEO plugin. -->","yoast_head_json":{"title":"\u041c\u0443\u0436\u0441\u043a\u043e\u0439 \u043a\u043e\u0440\u043e\u0442\u043a\u0438\u0439 \u043d\u0435\u043e\u043f\u0440\u0435\u043d\u043e\u0432\u044b\u0439 \u0433\u0438\u0434\u0440\u043e\u043a\u043e\u0441\u0442\u044e\u043c Spinera Springsuit 2\/2 Men Shorty - WATERSKIS.LV","description":"\u041c\u0443\u0436\u0441\u043a\u043e\u0439 \u043a\u043e\u0440\u043e\u0442\u043a\u0438\u0439 \u043d\u0435\u043e\u043f\u0440\u0435\u043d\u043e\u0432\u044b\u0439 \u0433\u0438\u0434\u0440\u043e\u043a\u043e\u0441\u0442\u044e\u043c Spinera Springsuit 2\/2 Men Shorty. 2 \u043c\u043c \u043d\u0435\u043e\u043f\u0440\u0435\u043d\u041f\u043b\u043e\u0441\u043a\u0438\u0435 \u043a\u043e\u043c\u0444\u043e\u0440\u0442\u043d\u044b\u0435 \u0448\u0432\u044b\u0414\u044b\u0448\u0430\u0449\u0430\u044f \u043a\u043e\u043d\u0441\u0442\u0440\u0443\u043a\u0446\u0438\u044f \u0434\u043b\u044f \u043f\u0440\u043e\u0445\u043b\u0430\u0434\u043d\u044b\u0445 \u0443\u0441\u043b\u043e\u0432\u0438\u0439","robots":{"index":"index","follow":"follow","max-snippet":"max-snippet:-1","max-image-preview":"max-image-preview:large","max-video-preview":"max-video-preview:-1"},"canonical":"https:\/\/www.waterskis.lv\/ru\/product\/%d0%bc%d1%83%d0%b6%d1%81%d0%ba%d0%be%d0%b9-%d0%ba%d0%be%d1%80%d0%be%d1%82%d0%ba%d0%b8%d0%b9-%d0%bd%d0%b5%d0%be%d0%bf%d1%80%d0%b5%d0%bd%d0%be%d0%b2%d1%8b%d0%b9-%d0%b3%d0%b8%d0%b4%d1%80%d0%be%d0%ba\/","og_locale":"ru_RU","og_type":"article","og_title":"\u041c\u0443\u0436\u0441\u043a\u043e\u0439 \u043a\u043e\u0440\u043e\u0442\u043a\u0438\u0439 \u043d\u0435\u043e\u043f\u0440\u0435\u043d\u043e\u0432\u044b\u0439 \u0433\u0438\u0434\u0440\u043e\u043a\u043e\u0441\u0442\u044e\u043c Spinera Springsuit 2\/2 Men Shorty - WATERSKIS.LV","og_description":"\u041c\u0443\u0436\u0441\u043a\u043e\u0439 \u043a\u043e\u0440\u043e\u0442\u043a\u0438\u0439 \u043d\u0435\u043e\u043f\u0440\u0435\u043d\u043e\u0432\u044b\u0439 \u0433\u0438\u0434\u0440\u043e\u043a\u043e\u0441\u0442\u044e\u043c Spinera Springsuit 2\/2 Men Shorty. 2 \u043c\u043c \u043d\u0435\u043e\u043f\u0440\u0435\u043d\u041f\u043b\u043e\u0441\u043a\u0438\u0435 \u043a\u043e\u043c\u0444\u043e\u0440\u0442\u043d\u044b\u0435 \u0448\u0432\u044b\u0414\u044b\u0448\u0430\u0449\u0430\u044f \u043a\u043e\u043d\u0441\u0442\u0440\u0443\u043a\u0446\u0438\u044f \u0434\u043b\u044f \u043f\u0440\u043e\u0445\u043b\u0430\u0434\u043d\u044b\u0445 \u0443\u0441\u043b\u043e\u0432\u0438\u0439","og_url":"https:\/\/www.waterskis.lv\/ru\/product\/%d0%bc%d1%83%d0%b6%d1%81%d0%ba%d0%be%d0%b9-%d0%ba%d0%be%d1%80%d0%be%d1%82%d0%ba%d0%b8%d0%b9-%d0%bd%d0%b5%d0%be%d0%bf%d1%80%d0%b5%d0%bd%d0%be%d0%b2%d1%8b%d0%b9-%d0%b3%d0%b8%d0%b4%d1%80%d0%be%d0%ba\/","og_site_name":"WATERSKIS.LV","article_publisher":"https:\/\/www.facebook.com\/jurmalawaterskiwakeboardpark\/","article_modified_time":"2026-02-07T13:58:31+00:00","og_image":[{"width":1304,"height":1304,"url":"https:\/\/www.waterskis.lv\/wp-content\/uploads\/2025\/02\/springsuit_2_2_men_20258P_1.webp","type":"image\/webp"}],"twitter_card":"summary_large_image","twitter_misc":{"\u041f\u0440\u0438\u043c\u0435\u0440\u043d\u043e\u0435 \u0432\u0440\u0435\u043c\u044f \u0434\u043b\u044f \u0447\u0442\u0435\u043d\u0438\u044f":"1 \u043c\u0438\u043d\u0443\u0442\u0430"},"schema":{"@context":"https:\/\/schema.org","@graph":[{"@type":"WebPage","@id":"https:\/\/www.waterskis.lv\/ru\/product\/%d0%bc%d1%83%d0%b6%d1%81%d0%ba%d0%be%d0%b9-%d0%ba%d0%be%d1%80%d0%be%d1%82%d0%ba%d0%b8%d0%b9-%d0%bd%d0%b5%d0%be%d0%bf%d1%80%d0%b5%d0%bd%d0%be%d0%b2%d1%8b%d0%b9-%d0%b3%d0%b8%d0%b4%d1%80%d0%be%d0%ba\/","url":"https:\/\/www.waterskis.lv\/ru\/product\/%d0%bc%d1%83%d0%b6%d1%81%d0%ba%d0%be%d0%b9-%d0%ba%d0%be%d1%80%d0%be%d1%82%d0%ba%d0%b8%d0%b9-%d0%bd%d0%b5%d0%be%d0%bf%d1%80%d0%b5%d0%bd%d0%be%d0%b2%d1%8b%d0%b9-%d0%b3%d0%b8%d0%b4%d1%80%d0%be%d0%ba\/","name":"\u041c\u0443\u0436\u0441\u043a\u043e\u0439 \u043a\u043e\u0440\u043e\u0442\u043a\u0438\u0439 \u043d\u0435\u043e\u043f\u0440\u0435\u043d\u043e\u0432\u044b\u0439 \u0433\u0438\u0434\u0440\u043e\u043a\u043e\u0441\u0442\u044e\u043c Spinera Springsuit 2\/2 Men Shorty - WATERSKIS.LV","isPartOf":{"@id":"https:\/\/www.waterskis.lv\/ru\/#website"},"primaryImageOfPage":{"@id":"https:\/\/www.waterskis.lv\/ru\/product\/%d0%bc%d1%83%d0%b6%d1%81%d0%ba%d0%be%d0%b9-%d0%ba%d0%be%d1%80%d0%be%d1%82%d0%ba%d0%b8%d0%b9-%d0%bd%d0%b5%d0%be%d0%bf%d1%80%d0%b5%d0%bd%d0%be%d0%b2%d1%8b%d0%b9-%d0%b3%d0%b8%d0%b4%d1%80%d0%be%d0%ba\/#primaryimage"},"image":{"@id":"https:\/\/www.waterskis.lv\/ru\/product\/%d0%bc%d1%83%d0%b6%d1%81%d0%ba%d0%be%d0%b9-%d0%ba%d0%be%d1%80%d0%be%d1%82%d0%ba%d0%b8%d0%b9-%d0%bd%d0%b5%d0%be%d0%bf%d1%80%d0%b5%d0%bd%d0%be%d0%b2%d1%8b%d0%b9-%d0%b3%d0%b8%d0%b4%d1%80%d0%be%d0%ba\/#primaryimage"},"thumbnailUrl":"https:\/\/www.waterskis.lv\/wp-content\/uploads\/2025\/02\/springsuit_2_2_men_20258P_1.webp","datePublished":"2025-02-15T18:16:29+00:00","dateModified":"2026-02-07T13:58:31+00:00","description":"\u041c\u0443\u0436\u0441\u043a\u043e\u0439 \u043a\u043e\u0440\u043e\u0442\u043a\u0438\u0439 \u043d\u0435\u043e\u043f\u0440\u0435\u043d\u043e\u0432\u044b\u0439 \u0433\u0438\u0434\u0440\u043e\u043a\u043e\u0441\u0442\u044e\u043c Spinera Springsuit 2\/2 Men Shorty. 2 \u043c\u043c \u043d\u0435\u043e\u043f\u0440\u0435\u043d\u041f\u043b\u043e\u0441\u043a\u0438\u0435 \u043a\u043e\u043c\u0444\u043e\u0440\u0442\u043d\u044b\u0435 \u0448\u0432\u044b\u0414\u044b\u0448\u0430\u0449\u0430\u044f \u043a\u043e\u043d\u0441\u0442\u0440\u0443\u043a\u0446\u0438\u044f \u0434\u043b\u044f \u043f\u0440\u043e\u0445\u043b\u0430\u0434\u043d\u044b\u0445 \u0443\u0441\u043b\u043e\u0432\u0438\u0439","breadcrumb":{"@id":"https:\/\/www.waterskis.lv\/ru\/product\/%d0%bc%d1%83%d0%b6%d1%81%d0%ba%d0%be%d0%b9-%d0%ba%d0%be%d1%80%d0%be%d1%82%d0%ba%d0%b8%d0%b9-%d0%bd%d0%b5%d0%be%d0%bf%d1%80%d0%b5%d0%bd%d0%be%d0%b2%d1%8b%d0%b9-%d0%b3%d0%b8%d0%b4%d1%80%d0%be%d0%ba\/#breadcrumb"},"inLanguage":"ru-RU","potentialAction":[{"@type":"ReadAction","target":["https:\/\/www.waterskis.lv\/ru\/product\/%d0%bc%d1%83%d0%b6%d1%81%d0%ba%d0%be%d0%b9-%d0%ba%d0%be%d1%80%d0%be%d1%82%d0%ba%d0%b8%d0%b9-%d0%bd%d0%b5%d0%be%d0%bf%d1%80%d0%b5%d0%bd%d0%be%d0%b2%d1%8b%d0%b9-%d0%b3%d0%b8%d0%b4%d1%80%d0%be%d0%ba\/"]}]},{"@type":"ImageObject","inLanguage":"ru-RU","@id":"https:\/\/www.waterskis.lv\/ru\/product\/%d0%bc%d1%83%d0%b6%d1%81%d0%ba%d0%be%d0%b9-%d0%ba%d0%be%d1%80%d0%be%d1%82%d0%ba%d0%b8%d0%b9-%d0%bd%d0%b5%d0%be%d0%bf%d1%80%d0%b5%d0%bd%d0%be%d0%b2%d1%8b%d0%b9-%d0%b3%d0%b8%d0%b4%d1%80%d0%be%d0%ba\/#primaryimage","url":"https:\/\/www.waterskis.lv\/wp-content\/uploads\/2025\/02\/springsuit_2_2_men_20258P_1.webp","contentUrl":"https:\/\/www.waterskis.lv\/wp-content\/uploads\/2025\/02\/springsuit_2_2_men_20258P_1.webp","width":1304,"height":1304,"caption":"\u012asais v\u012brie\u0161u neopr\u0113na hidrot\u0113rps Spinera Springsuit 2\/2 Men Shorty"},{"@type":"BreadcrumbList","@id":"https:\/\/www.waterskis.lv\/ru\/product\/%d0%bc%d1%83%d0%b6%d1%81%d0%ba%d0%be%d0%b9-%d0%ba%d0%be%d1%80%d0%be%d1%82%d0%ba%d0%b8%d0%b9-%d0%bd%d0%b5%d0%be%d0%bf%d1%80%d0%b5%d0%bd%d0%be%d0%b2%d1%8b%d0%b9-%d0%b3%d0%b8%d0%b4%d1%80%d0%be%d0%ba\/#breadcrumb","itemListElement":[{"@type":"ListItem","position":1,"name":"Home","item":"https:\/\/www.waterskis.lv\/ru\/"},{"@type":"ListItem","position":2,"name":"\u041c\u0430\u0433\u0430\u0437\u0438\u043d","item":"https:\/\/www.waterskis.lv\/ru\/%d0%bc%d0%b0%d0%b3%d0%b0%d0%b7%d0%b8%d0%bd\/"},{"@type":"ListItem","position":3,"name":"\u041c\u0443\u0436\u0441\u043a\u043e\u0439 \u043a\u043e\u0440\u043e\u0442\u043a\u0438\u0439 \u043d\u0435\u043e\u043f\u0440\u0435\u043d\u043e\u0432\u044b\u0439 \u0433\u0438\u0434\u0440\u043e\u043a\u043e\u0441\u0442\u044e\u043c Spinera Springsuit 2\/2 Men Shorty"}]},{"@type":"WebSite","@id":"https:\/\/www.waterskis.lv\/ru\/#website","url":"https:\/\/www.waterskis.lv\/ru\/","name":"WATERSKIS.LV","description":"SUP d\u0113\u013ci, kajaki, kanoe, airu laivas, \u016bdenssl\u0113po\u0161ana, veikbords, SUP d\u0113\u013cu noma, kajaku nomaakt\u012bv\u0101s atp\u016btas centrs, laivu noma, sup noma, kajaku noma","publisher":{"@id":"https:\/\/www.waterskis.lv\/ru\/#organization"},"potentialAction":[{"@type":"SearchAction","target":{"@type":"EntryPoint","urlTemplate":"https:\/\/www.waterskis.lv\/ru\/?s={search_term_string}"},"query-input":{"@type":"PropertyValueSpecification","valueRequired":true,"valueName":"search_term_string"}}],"inLanguage":"ru-RU"},{"@type":"Organization","@id":"https:\/\/www.waterskis.lv\/ru\/#organization","name":"WATERSKIS.LV","url":"https:\/\/www.waterskis.lv\/ru\/","logo":{"@type":"ImageObject","inLanguage":"ru-RU","@id":"https:\/\/www.waterskis.lv\/ru\/#\/schema\/logo\/image\/","url":"https:\/\/www.waterskis.lv\/wp-content\/uploads\/2025\/01\/JUVP-logo.png","contentUrl":"https:\/\/www.waterskis.lv\/wp-content\/uploads\/2025\/01\/JUVP-logo.png","width":421,"height":202,"caption":"WATERSKIS.LV"},"image":{"@id":"https:\/\/www.waterskis.lv\/ru\/#\/schema\/logo\/image\/"},"sameAs":["https:\/\/www.facebook.com\/jurmalawaterskiwakeboardpark\/"]}]}},"_links":{"self":[{"href":"https:\/\/www.waterskis.lv\/ru\/wp-json\/wp\/v2\/product\/63353","targetHints":{"allow":["GET"]}}],"collection":[{"href":"https:\/\/www.waterskis.lv\/ru\/wp-json\/wp\/v2\/product"}],"about":[{"href":"https:\/\/www.waterskis.lv\/ru\/wp-json\/wp\/v2\/types\/product"}],"replies":[{"embeddable":true,"href":"https:\/\/www.waterskis.lv\/ru\/wp-json\/wp\/v2\/comments?post=63353"}],"wp:featuredmedia":[{"embeddable":true,"href":"https:\/\/www.waterskis.lv\/ru\/wp-json\/wp\/v2\/media\/63351"}],"wp:attachment":[{"href":"https:\/\/www.waterskis.lv\/ru\/wp-json\/wp\/v2\/media?parent=63353"}],"wp:term":[{"taxonomy":"product_brand","embeddable":true,"href":"https:\/\/www.waterskis.lv\/ru\/wp-json\/wp\/v2\/product_brand?post=63353"},{"taxonomy":"product_cat","embeddable":true,"href":"https:\/\/www.waterskis.lv\/ru\/wp-json\/wp\/v2\/product_cat?post=63353"},{"taxonomy":"product_tag","embeddable":true,"href":"https:\/\/www.waterskis.lv\/ru\/wp-json\/wp\/v2\/product_tag?post=63353"}],"curies":[{"name":"wp","href":"https:\/\/api.w.org\/{rel}","templated":true}]}}