{"id":63412,"date":"2025-02-16T07:49:55","date_gmt":"2025-02-16T05:49:55","guid":{"rendered":"https:\/\/www.waterskis.lv\/product\/neoprena-hidroterps-spinera-professional-zenith-rental-fullsuit-3-2mm\/"},"modified":"2026-02-07T15:53:42","modified_gmt":"2026-02-07T13:53:42","slug":"%d0%bd%d0%b5%d0%be%d0%bf%d1%80%d0%b5%d0%bd%d0%be%d0%b2%d1%8b%d0%b9-%d0%b3%d0%b8%d0%b4%d1%80%d0%be%d0%ba%d0%be%d1%81%d1%82%d1%8e%d0%bc-spinera-professional-zenith-rental-fullsuit-3-2%d0%bc%d0%bc","status":"publish","type":"product","link":"https:\/\/www.waterskis.lv\/ru\/product\/%d0%bd%d0%b5%d0%be%d0%bf%d1%80%d0%b5%d0%bd%d0%be%d0%b2%d1%8b%d0%b9-%d0%b3%d0%b8%d0%b4%d1%80%d0%be%d0%ba%d0%be%d1%81%d1%82%d1%8e%d0%bc-spinera-professional-zenith-rental-fullsuit-3-2%d0%bc%d0%bc\/","title":{"rendered":"\u041d\u0435\u043e\u043f\u0440\u0435\u043d\u043e\u0432\u044b\u0439 \u0433\u0438\u0434\u0440\u043e\u043a\u043e\u0441\u0442\u044e\u043c Spinera Professional Zenith Rental Fullsuit 3\/2\u043c\u043c"},"content":{"rendered":"<h1>\u041d\u0435\u043e\u043f\u0440\u0435\u043d\u043e\u0432\u044b\u0439 \u0433\u0438\u0434\u0440\u043e\u043a\u043e\u0441\u0442\u044e\u043c Spinera Professional Zenith Rental Fullsuit 3\/2\u043c\u043c<\/h1>\n<p>\u041d\u0435\u043e\u043f\u0440\u0435\u043d\u043e\u0432\u044b\u0439 \u0433\u0438\u0434\u0440\u043e\u043a\u043e\u0441\u0442\u044e\u043c Spinera Professional Zenith Rental Fullsuit 3\/2\u043c\u043c<\/p>\n<p>\u0426\u0432\u0435\u0442\u0430 \u043f\u043e \u043e\u0442\u0434\u0435\u043b\u044c\u043d\u043e\u0441\u0442\u0438 \u043f\u043e \u0440\u0430\u0437\u043c\u0435\u0440\u0443 \u2014 \u043e\u0441\u043e\u0431\u0435\u043d\u043d\u043e \u043f\u043e\u0434\u0445\u043e\u0434\u0438\u0442 \u0434\u043b\u044f \u043f\u0443\u043d\u043a\u0442\u043e\u0432 \u043f\u0440\u043e\u043a\u0430\u0442\u0430. \u041c\u043e\u043b\u043d\u0438\u044f \u043d\u0435\u043c\u043d\u043e\u0433\u043e \u0434\u043b\u0438\u043d\u043d\u0435\u0435 \u0434\u043b\u044f \u0443\u0434\u043e\u0431\u043d\u043e\u0433\u043e \u0432\u0445\u043e\u0434\u0430 \u0438 \u0432\u044b\u0445\u043e\u0434\u0430. \u041a\u043e\u043d\u0435\u0446 \u043c\u043e\u043b\u043d\u0438\u0438 \u0443\u0441\u0438\u043b\u0435\u043d \u0434\u043b\u044f \u043c\u0430\u043a\u0441\u0438\u043c\u0430\u043b\u044c\u043d\u043e\u0439 \u043f\u0440\u043e\u0447\u043d\u043e\u0441\u0442\u0438.<\/p>\n<p>\u0420\u0430\u0437\u043c\u0435\u0440\u044b:<\/p>\n<p>XS (\u0437\u0435\u043b\u0435\u043d\u044b\u0439)<br \/>\nS (\u0436\u0435\u043b\u0442\u044b\u0439)<br \/>\nM (\u043a\u0440\u0430\u0441\u043d\u044b\u0439)<br \/>\nL (\u0441\u0438\u043d\u0438\u0439)<br \/>\nXL (\u0441\u0435\u0440\u044b\u0439)<br \/>\nXXL (\u0447\u0435\u0440\u043d\u044b\u0439)<br \/>\nXXXL (\u0442\u0435\u043c\u043d\u043e-\u0441\u0438\u043d\u0438\u0439)<\/p>\n<p><b>Size Chart:<\/b><\/p>\n<p><b>\u00a0\u00a0XS\u00a0\u00a0\u00a0\u00a0\u00a0\u00a0\u00a0\u00a0\u00a0\u00a0\u00a0\u00a0\u00a0\u00a0 S\u00a0\u00a0\u00a0\u00a0\u00a0\u00a0\u00a0\u00a0\u00a0\u00a0\u00a0\u00a0\u00a0\u00a0\u00a0\u00a0M\u00a0\u00a0\u00a0\u00a0\u00a0\u00a0\u00a0\u00a0\u00a0\u00a0\u00a0\u00a0 L\u00a0\u00a0\u00a0\u00a0\u00a0\u00a0\u00a0\u00a0\u00a0\u00a0\u00a0\u00a0\u00a0\u00a0 XL\u00a0\u00a0\u00a0\u00a0\u00a0\u00a0\u00a0\u00a0\u00a0\u00a0\u00a0\u00a0\u00a0\u00a0\u00a0\u00a0XXL<\/b><\/p>\n<p>Chest\u00a0\u00a0\u00a0\u00a0\u00a0\u00a0\u00a0\u00a084-89\u00a0\u00a0\u00a0\u00a0\u00a0\u00a0 89-94\u00a0\u00a0\u00a0\u00a0\u00a0\u00a0\u00a0\u00a094-99\u00a0\u00a0\u00a0\u00a0\u00a0\u00a0 99-104\u00a0\u00a0\u00a0\u00a0\u00a0\u00a0\u00a0\u00a0104-109\u00a0\u00a0\u00a0\u00a0 109-114<\/p>\n<p>Waist\u00a0\u00a0\u00a0\u00a0\u00a0\u00a0\u00a0\u00a0 64-69\u00a0\u00a0\u00a0\u00a0\u00a0\u00a069-74\u00a0\u00a0\u00a0\u00a0\u00a0\u00a0\u00a0\u00a0 74-79\u00a0\u00a0\u00a0\u00a0\u00a0\u00a079-84\u00a0\u00a0\u00a0\u00a0\u00a0\u00a0\u00a0\u00a0\u00a0\u00a084-89\u00a0\u00a0\u00a0\u00a0\u00a0\u00a0\u00a0\u00a0\u00a0\u00a0\u00a0\u00a089-94<\/p>\n<p>Hight\u00a0\u00a0\u00a0\u00a0\u00a0\u00a0\u00a0\u00a0 155-163\u00a0\u00a0163-168\u00a0\u00a0 168-173\u00a0\u00a0\u00a0\u00a0173-178\u00a0\u00a0\u00a0\u00a0 178-183\u00a0\u00a0\u00a0\u00a0\u00a0\u00a0183-186<\/p>\n<p>Weight\u00a0\u00a0\u00a0\u00a0\u00a0\u00a0 55-64\u00a0\u00a0\u00a0\u00a0\u00a0\u00a0\u00a0\u00a061-70\u00a0\u00a0\u00a0\u00a0\u00a0\u00a0 68-77\u00a0\u00a0\u00a0\u00a0\u00a0\u00a0\u00a0\u00a075-84\u00a0\u00a0\u00a0\u00a0\u00a0\u00a0 82-91\u00a0\u00a0\u00a0\u00a0\u00a0\u00a0\u00a0\u00a0\u00a0\u00a0\u00a0\u00a086-95<\/p>\n<p>&nbsp;<\/p>\n","protected":false},"excerpt":{"rendered":"<p>https:\/\/www.youtube.com\/watch?v=HUB2F7ZWGJE [&#8230;]<\/p>\n<p><a class=\"btn btn-secondary understrap-read-more-link\" href=\"https:\/\/www.waterskis.lv\/ru\/product\/%d0%bd%d0%b5%d0%be%d0%bf%d1%80%d0%b5%d0%bd%d0%be%d0%b2%d1%8b%d0%b9-%d0%b3%d0%b8%d0%b4%d1%80%d0%be%d0%ba%d0%be%d1%81%d1%82%d1%8e%d0%bc-spinera-professional-zenith-rental-fullsuit-3-2%d0%bc%d0%bc\/\">\u0427\u0438\u0442\u0430\u0442\u044c \u0434\u0430\u043b\u044c\u0448\u0435\u2026<\/a><\/p>\n","protected":false},"featured_media":63410,"comment_status":"closed","ping_status":"closed","template":"","meta":{"_acf_changed":false,"inline_featured_image":false},"product_brand":[2677],"product_cat":[1227,1275,838,839],"product_tag":[1665,3693,3690,3692,3552,1671,3691,1676],"class_list":{"0":"post-63412","1":"product","2":"type-product","3":"status-publish","4":"has-post-thumbnail","6":"product_brand-spinera-professional","7":"product_cat-spinera-professional-ru","8":"product_cat-spinera-rental---","9":"product_cat-838","10":"product_cat-839","11":"product_tag-neoprena-hidroterps","12":"product_tag-neoprene-wetsuit","13":"product_tag-spinera-neoprena-hidroterps","14":"product_tag-spinera-neoprene-wetsuit","15":"product_tag-spinera-watersports","16":"product_tag-1671","17":"product_tag----spinera","18":"product_tag-1676","20":"first","21":"instock","22":"shipping-taxable","23":"purchasable","24":"product-type-simple"},"acf":[],"yoast_head":"<!-- This site is optimized with the Yoast SEO plugin v27.4 - https:\/\/yoast.com\/product\/yoast-seo-wordpress\/ -->\n<title>\u041d\u0435\u043e\u043f\u0440\u0435\u043d\u043e\u0432\u044b\u0439 \u0433\u0438\u0434\u0440\u043e\u043a\u043e\u0441\u0442\u044e\u043c Spinera Professional Zenith Rental Fullsuit 3\/2\u043c\u043c - WATERSKIS.LV<\/title>\n<meta name=\"description\" content=\"\u041d\u0435\u043e\u043f\u0440\u0435\u043d\u043e\u0432\u044b\u0439 \u0433\u0438\u0434\u0440\u043e\u043a\u043e\u0441\u0442\u044e\u043c Spinera Professional Zenith Rental Fullsuit 3\/2\u043c\u043c. \u0426\u0432\u0435\u0442\u0430 \u043f\u043e \u043e\u0442\u0434\u0435\u043b\u044c\u043d\u043e\u0441\u0442\u0438 \u043f\u043e \u0440\u0430\u0437\u043c\u0435\u0440\u0443 \u2014 \u043e\u0441\u043e\u0431\u0435\u043d\u043d\u043e \u043f\u043e\u0434\u0445\u043e\u0434\u0438\u0442 \u0434\u043b\u044f \u043f\u0443\u043d\u043a\u0442\u043e\u0432 \u043f\u0440\u043e\u043a\u0430\u0442\u0430.\" \/>\n<meta name=\"robots\" content=\"index, follow, max-snippet:-1, max-image-preview:large, max-video-preview:-1\" \/>\n<link rel=\"canonical\" href=\"https:\/\/www.waterskis.lv\/ru\/product\/%d0%bd%d0%b5%d0%be%d0%bf%d1%80%d0%b5%d0%bd%d0%be%d0%b2%d1%8b%d0%b9-%d0%b3%d0%b8%d0%b4%d1%80%d0%be%d0%ba%d0%be%d1%81%d1%82%d1%8e%d0%bc-spinera-professional-zenith-rental-fullsuit-3-2%d0%bc%d0%bc\/\" \/>\n<meta property=\"og:locale\" content=\"ru_RU\" \/>\n<meta property=\"og:type\" content=\"article\" \/>\n<meta property=\"og:title\" content=\"\u041d\u0435\u043e\u043f\u0440\u0435\u043d\u043e\u0432\u044b\u0439 \u0433\u0438\u0434\u0440\u043e\u043a\u043e\u0441\u0442\u044e\u043c Spinera Professional Zenith Rental Fullsuit 3\/2\u043c\u043c - WATERSKIS.LV\" \/>\n<meta property=\"og:description\" content=\"\u041d\u0435\u043e\u043f\u0440\u0435\u043d\u043e\u0432\u044b\u0439 \u0433\u0438\u0434\u0440\u043e\u043a\u043e\u0441\u0442\u044e\u043c Spinera Professional Zenith Rental Fullsuit 3\/2\u043c\u043c. \u0426\u0432\u0435\u0442\u0430 \u043f\u043e \u043e\u0442\u0434\u0435\u043b\u044c\u043d\u043e\u0441\u0442\u0438 \u043f\u043e \u0440\u0430\u0437\u043c\u0435\u0440\u0443 \u2014 \u043e\u0441\u043e\u0431\u0435\u043d\u043d\u043e \u043f\u043e\u0434\u0445\u043e\u0434\u0438\u0442 \u0434\u043b\u044f \u043f\u0443\u043d\u043a\u0442\u043e\u0432 \u043f\u0440\u043e\u043a\u0430\u0442\u0430.\" \/>\n<meta property=\"og:url\" content=\"https:\/\/www.waterskis.lv\/ru\/product\/%d0%bd%d0%b5%d0%be%d0%bf%d1%80%d0%b5%d0%bd%d0%be%d0%b2%d1%8b%d0%b9-%d0%b3%d0%b8%d0%b4%d1%80%d0%be%d0%ba%d0%be%d1%81%d1%82%d1%8e%d0%bc-spinera-professional-zenith-rental-fullsuit-3-2%d0%bc%d0%bc\/\" \/>\n<meta property=\"og:site_name\" content=\"WATERSKIS.LV\" \/>\n<meta property=\"article:publisher\" content=\"https:\/\/www.facebook.com\/jurmalawaterskiwakeboardpark\/\" \/>\n<meta property=\"article:modified_time\" content=\"2026-02-07T13:53:42+00:00\" \/>\n<meta property=\"og:image\" content=\"https:\/\/www.waterskis.lv\/wp-content\/uploads\/2025\/02\/professional_rental_fullsuit_3_2_mm_19474P_1.webp\" \/>\n\t<meta property=\"og:image:width\" content=\"2000\" \/>\n\t<meta property=\"og:image:height\" content=\"2000\" \/>\n\t<meta property=\"og:image:type\" content=\"image\/webp\" \/>\n<meta name=\"twitter:card\" content=\"summary_large_image\" \/>\n<meta name=\"twitter:label1\" content=\"\u041f\u0440\u0438\u043c\u0435\u0440\u043d\u043e\u0435 \u0432\u0440\u0435\u043c\u044f \u0434\u043b\u044f \u0447\u0442\u0435\u043d\u0438\u044f\" \/>\n\t<meta name=\"twitter:data1\" content=\"1 \u043c\u0438\u043d\u0443\u0442\u0430\" \/>\n<script type=\"application\/ld+json\" class=\"yoast-schema-graph\">{\"@context\":\"https:\\\/\\\/schema.org\",\"@graph\":[{\"@type\":\"WebPage\",\"@id\":\"https:\\\/\\\/www.waterskis.lv\\\/ru\\\/product\\\/%d0%bd%d0%b5%d0%be%d0%bf%d1%80%d0%b5%d0%bd%d0%be%d0%b2%d1%8b%d0%b9-%d0%b3%d0%b8%d0%b4%d1%80%d0%be%d0%ba%d0%be%d1%81%d1%82%d1%8e%d0%bc-spinera-professional-zenith-rental-fullsuit-3-2%d0%bc%d0%bc\\\/\",\"url\":\"https:\\\/\\\/www.waterskis.lv\\\/ru\\\/product\\\/%d0%bd%d0%b5%d0%be%d0%bf%d1%80%d0%b5%d0%bd%d0%be%d0%b2%d1%8b%d0%b9-%d0%b3%d0%b8%d0%b4%d1%80%d0%be%d0%ba%d0%be%d1%81%d1%82%d1%8e%d0%bc-spinera-professional-zenith-rental-fullsuit-3-2%d0%bc%d0%bc\\\/\",\"name\":\"\u041d\u0435\u043e\u043f\u0440\u0435\u043d\u043e\u0432\u044b\u0439 \u0433\u0438\u0434\u0440\u043e\u043a\u043e\u0441\u0442\u044e\u043c Spinera Professional Zenith Rental Fullsuit 3\\\/2\u043c\u043c - WATERSKIS.LV\",\"isPartOf\":{\"@id\":\"https:\\\/\\\/www.waterskis.lv\\\/ru\\\/#website\"},\"primaryImageOfPage\":{\"@id\":\"https:\\\/\\\/www.waterskis.lv\\\/ru\\\/product\\\/%d0%bd%d0%b5%d0%be%d0%bf%d1%80%d0%b5%d0%bd%d0%be%d0%b2%d1%8b%d0%b9-%d0%b3%d0%b8%d0%b4%d1%80%d0%be%d0%ba%d0%be%d1%81%d1%82%d1%8e%d0%bc-spinera-professional-zenith-rental-fullsuit-3-2%d0%bc%d0%bc\\\/#primaryimage\"},\"image\":{\"@id\":\"https:\\\/\\\/www.waterskis.lv\\\/ru\\\/product\\\/%d0%bd%d0%b5%d0%be%d0%bf%d1%80%d0%b5%d0%bd%d0%be%d0%b2%d1%8b%d0%b9-%d0%b3%d0%b8%d0%b4%d1%80%d0%be%d0%ba%d0%be%d1%81%d1%82%d1%8e%d0%bc-spinera-professional-zenith-rental-fullsuit-3-2%d0%bc%d0%bc\\\/#primaryimage\"},\"thumbnailUrl\":\"https:\\\/\\\/www.waterskis.lv\\\/wp-content\\\/uploads\\\/2025\\\/02\\\/professional_rental_fullsuit_3_2_mm_19474P_1.webp\",\"datePublished\":\"2025-02-16T05:49:55+00:00\",\"dateModified\":\"2026-02-07T13:53:42+00:00\",\"description\":\"\u041d\u0435\u043e\u043f\u0440\u0435\u043d\u043e\u0432\u044b\u0439 \u0433\u0438\u0434\u0440\u043e\u043a\u043e\u0441\u0442\u044e\u043c Spinera Professional Zenith Rental Fullsuit 3\\\/2\u043c\u043c. \u0426\u0432\u0435\u0442\u0430 \u043f\u043e \u043e\u0442\u0434\u0435\u043b\u044c\u043d\u043e\u0441\u0442\u0438 \u043f\u043e \u0440\u0430\u0437\u043c\u0435\u0440\u0443 \u2014 \u043e\u0441\u043e\u0431\u0435\u043d\u043d\u043e \u043f\u043e\u0434\u0445\u043e\u0434\u0438\u0442 \u0434\u043b\u044f \u043f\u0443\u043d\u043a\u0442\u043e\u0432 \u043f\u0440\u043e\u043a\u0430\u0442\u0430.\",\"breadcrumb\":{\"@id\":\"https:\\\/\\\/www.waterskis.lv\\\/ru\\\/product\\\/%d0%bd%d0%b5%d0%be%d0%bf%d1%80%d0%b5%d0%bd%d0%be%d0%b2%d1%8b%d0%b9-%d0%b3%d0%b8%d0%b4%d1%80%d0%be%d0%ba%d0%be%d1%81%d1%82%d1%8e%d0%bc-spinera-professional-zenith-rental-fullsuit-3-2%d0%bc%d0%bc\\\/#breadcrumb\"},\"inLanguage\":\"ru-RU\",\"potentialAction\":[{\"@type\":\"ReadAction\",\"target\":[\"https:\\\/\\\/www.waterskis.lv\\\/ru\\\/product\\\/%d0%bd%d0%b5%d0%be%d0%bf%d1%80%d0%b5%d0%bd%d0%be%d0%b2%d1%8b%d0%b9-%d0%b3%d0%b8%d0%b4%d1%80%d0%be%d0%ba%d0%be%d1%81%d1%82%d1%8e%d0%bc-spinera-professional-zenith-rental-fullsuit-3-2%d0%bc%d0%bc\\\/\"]}]},{\"@type\":\"ImageObject\",\"inLanguage\":\"ru-RU\",\"@id\":\"https:\\\/\\\/www.waterskis.lv\\\/ru\\\/product\\\/%d0%bd%d0%b5%d0%be%d0%bf%d1%80%d0%b5%d0%bd%d0%be%d0%b2%d1%8b%d0%b9-%d0%b3%d0%b8%d0%b4%d1%80%d0%be%d0%ba%d0%be%d1%81%d1%82%d1%8e%d0%bc-spinera-professional-zenith-rental-fullsuit-3-2%d0%bc%d0%bc\\\/#primaryimage\",\"url\":\"https:\\\/\\\/www.waterskis.lv\\\/wp-content\\\/uploads\\\/2025\\\/02\\\/professional_rental_fullsuit_3_2_mm_19474P_1.webp\",\"contentUrl\":\"https:\\\/\\\/www.waterskis.lv\\\/wp-content\\\/uploads\\\/2025\\\/02\\\/professional_rental_fullsuit_3_2_mm_19474P_1.webp\",\"width\":2000,\"height\":2000,\"caption\":\"Neopr\u0113na hidrot\u0113rps Spinera Professional Zenith Rental Fullsuit 3\\\/2mm\"},{\"@type\":\"BreadcrumbList\",\"@id\":\"https:\\\/\\\/www.waterskis.lv\\\/ru\\\/product\\\/%d0%bd%d0%b5%d0%be%d0%bf%d1%80%d0%b5%d0%bd%d0%be%d0%b2%d1%8b%d0%b9-%d0%b3%d0%b8%d0%b4%d1%80%d0%be%d0%ba%d0%be%d1%81%d1%82%d1%8e%d0%bc-spinera-professional-zenith-rental-fullsuit-3-2%d0%bc%d0%bc\\\/#breadcrumb\",\"itemListElement\":[{\"@type\":\"ListItem\",\"position\":1,\"name\":\"Home\",\"item\":\"https:\\\/\\\/www.waterskis.lv\\\/ru\\\/\"},{\"@type\":\"ListItem\",\"position\":2,\"name\":\"\u041c\u0430\u0433\u0430\u0437\u0438\u043d\",\"item\":\"https:\\\/\\\/www.waterskis.lv\\\/ru\\\/%d0%bc%d0%b0%d0%b3%d0%b0%d0%b7%d0%b8%d0%bd\\\/\"},{\"@type\":\"ListItem\",\"position\":3,\"name\":\"\u041d\u0435\u043e\u043f\u0440\u0435\u043d\u043e\u0432\u044b\u0439 \u0433\u0438\u0434\u0440\u043e\u043a\u043e\u0441\u0442\u044e\u043c Spinera Professional Zenith Rental Fullsuit 3\\\/2\u043c\u043c\"}]},{\"@type\":\"WebSite\",\"@id\":\"https:\\\/\\\/www.waterskis.lv\\\/ru\\\/#website\",\"url\":\"https:\\\/\\\/www.waterskis.lv\\\/ru\\\/\",\"name\":\"WATERSKIS.LV\",\"description\":\"SUP d\u0113\u013ci, kajaki, kanoe, airu laivas, \u016bdenssl\u0113po\u0161ana, veikbords, SUP d\u0113\u013cu noma, kajaku nomaakt\u012bv\u0101s atp\u016btas centrs, laivu noma, sup noma, kajaku noma\",\"publisher\":{\"@id\":\"https:\\\/\\\/www.waterskis.lv\\\/ru\\\/#organization\"},\"potentialAction\":[{\"@type\":\"SearchAction\",\"target\":{\"@type\":\"EntryPoint\",\"urlTemplate\":\"https:\\\/\\\/www.waterskis.lv\\\/ru\\\/?s={search_term_string}\"},\"query-input\":{\"@type\":\"PropertyValueSpecification\",\"valueRequired\":true,\"valueName\":\"search_term_string\"}}],\"inLanguage\":\"ru-RU\"},{\"@type\":\"Organization\",\"@id\":\"https:\\\/\\\/www.waterskis.lv\\\/ru\\\/#organization\",\"name\":\"WATERSKIS.LV\",\"url\":\"https:\\\/\\\/www.waterskis.lv\\\/ru\\\/\",\"logo\":{\"@type\":\"ImageObject\",\"inLanguage\":\"ru-RU\",\"@id\":\"https:\\\/\\\/www.waterskis.lv\\\/ru\\\/#\\\/schema\\\/logo\\\/image\\\/\",\"url\":\"https:\\\/\\\/www.waterskis.lv\\\/wp-content\\\/uploads\\\/2025\\\/01\\\/JUVP-logo.png\",\"contentUrl\":\"https:\\\/\\\/www.waterskis.lv\\\/wp-content\\\/uploads\\\/2025\\\/01\\\/JUVP-logo.png\",\"width\":421,\"height\":202,\"caption\":\"WATERSKIS.LV\"},\"image\":{\"@id\":\"https:\\\/\\\/www.waterskis.lv\\\/ru\\\/#\\\/schema\\\/logo\\\/image\\\/\"},\"sameAs\":[\"https:\\\/\\\/www.facebook.com\\\/jurmalawaterskiwakeboardpark\\\/\"]}]}<\/script>\n<!-- \/ Yoast SEO plugin. -->","yoast_head_json":{"title":"\u041d\u0435\u043e\u043f\u0440\u0435\u043d\u043e\u0432\u044b\u0439 \u0433\u0438\u0434\u0440\u043e\u043a\u043e\u0441\u0442\u044e\u043c Spinera Professional Zenith Rental Fullsuit 3\/2\u043c\u043c - WATERSKIS.LV","description":"\u041d\u0435\u043e\u043f\u0440\u0435\u043d\u043e\u0432\u044b\u0439 \u0433\u0438\u0434\u0440\u043e\u043a\u043e\u0441\u0442\u044e\u043c Spinera Professional Zenith Rental Fullsuit 3\/2\u043c\u043c. \u0426\u0432\u0435\u0442\u0430 \u043f\u043e \u043e\u0442\u0434\u0435\u043b\u044c\u043d\u043e\u0441\u0442\u0438 \u043f\u043e \u0440\u0430\u0437\u043c\u0435\u0440\u0443 \u2014 \u043e\u0441\u043e\u0431\u0435\u043d\u043d\u043e \u043f\u043e\u0434\u0445\u043e\u0434\u0438\u0442 \u0434\u043b\u044f \u043f\u0443\u043d\u043a\u0442\u043e\u0432 \u043f\u0440\u043e\u043a\u0430\u0442\u0430.","robots":{"index":"index","follow":"follow","max-snippet":"max-snippet:-1","max-image-preview":"max-image-preview:large","max-video-preview":"max-video-preview:-1"},"canonical":"https:\/\/www.waterskis.lv\/ru\/product\/%d0%bd%d0%b5%d0%be%d0%bf%d1%80%d0%b5%d0%bd%d0%be%d0%b2%d1%8b%d0%b9-%d0%b3%d0%b8%d0%b4%d1%80%d0%be%d0%ba%d0%be%d1%81%d1%82%d1%8e%d0%bc-spinera-professional-zenith-rental-fullsuit-3-2%d0%bc%d0%bc\/","og_locale":"ru_RU","og_type":"article","og_title":"\u041d\u0435\u043e\u043f\u0440\u0435\u043d\u043e\u0432\u044b\u0439 \u0433\u0438\u0434\u0440\u043e\u043a\u043e\u0441\u0442\u044e\u043c Spinera Professional Zenith Rental Fullsuit 3\/2\u043c\u043c - WATERSKIS.LV","og_description":"\u041d\u0435\u043e\u043f\u0440\u0435\u043d\u043e\u0432\u044b\u0439 \u0433\u0438\u0434\u0440\u043e\u043a\u043e\u0441\u0442\u044e\u043c Spinera Professional Zenith Rental Fullsuit 3\/2\u043c\u043c. \u0426\u0432\u0435\u0442\u0430 \u043f\u043e \u043e\u0442\u0434\u0435\u043b\u044c\u043d\u043e\u0441\u0442\u0438 \u043f\u043e \u0440\u0430\u0437\u043c\u0435\u0440\u0443 \u2014 \u043e\u0441\u043e\u0431\u0435\u043d\u043d\u043e \u043f\u043e\u0434\u0445\u043e\u0434\u0438\u0442 \u0434\u043b\u044f \u043f\u0443\u043d\u043a\u0442\u043e\u0432 \u043f\u0440\u043e\u043a\u0430\u0442\u0430.","og_url":"https:\/\/www.waterskis.lv\/ru\/product\/%d0%bd%d0%b5%d0%be%d0%bf%d1%80%d0%b5%d0%bd%d0%be%d0%b2%d1%8b%d0%b9-%d0%b3%d0%b8%d0%b4%d1%80%d0%be%d0%ba%d0%be%d1%81%d1%82%d1%8e%d0%bc-spinera-professional-zenith-rental-fullsuit-3-2%d0%bc%d0%bc\/","og_site_name":"WATERSKIS.LV","article_publisher":"https:\/\/www.facebook.com\/jurmalawaterskiwakeboardpark\/","article_modified_time":"2026-02-07T13:53:42+00:00","og_image":[{"width":2000,"height":2000,"url":"https:\/\/www.waterskis.lv\/wp-content\/uploads\/2025\/02\/professional_rental_fullsuit_3_2_mm_19474P_1.webp","type":"image\/webp"}],"twitter_card":"summary_large_image","twitter_misc":{"\u041f\u0440\u0438\u043c\u0435\u0440\u043d\u043e\u0435 \u0432\u0440\u0435\u043c\u044f \u0434\u043b\u044f \u0447\u0442\u0435\u043d\u0438\u044f":"1 \u043c\u0438\u043d\u0443\u0442\u0430"},"schema":{"@context":"https:\/\/schema.org","@graph":[{"@type":"WebPage","@id":"https:\/\/www.waterskis.lv\/ru\/product\/%d0%bd%d0%b5%d0%be%d0%bf%d1%80%d0%b5%d0%bd%d0%be%d0%b2%d1%8b%d0%b9-%d0%b3%d0%b8%d0%b4%d1%80%d0%be%d0%ba%d0%be%d1%81%d1%82%d1%8e%d0%bc-spinera-professional-zenith-rental-fullsuit-3-2%d0%bc%d0%bc\/","url":"https:\/\/www.waterskis.lv\/ru\/product\/%d0%bd%d0%b5%d0%be%d0%bf%d1%80%d0%b5%d0%bd%d0%be%d0%b2%d1%8b%d0%b9-%d0%b3%d0%b8%d0%b4%d1%80%d0%be%d0%ba%d0%be%d1%81%d1%82%d1%8e%d0%bc-spinera-professional-zenith-rental-fullsuit-3-2%d0%bc%d0%bc\/","name":"\u041d\u0435\u043e\u043f\u0440\u0435\u043d\u043e\u0432\u044b\u0439 \u0433\u0438\u0434\u0440\u043e\u043a\u043e\u0441\u0442\u044e\u043c Spinera Professional Zenith Rental Fullsuit 3\/2\u043c\u043c - WATERSKIS.LV","isPartOf":{"@id":"https:\/\/www.waterskis.lv\/ru\/#website"},"primaryImageOfPage":{"@id":"https:\/\/www.waterskis.lv\/ru\/product\/%d0%bd%d0%b5%d0%be%d0%bf%d1%80%d0%b5%d0%bd%d0%be%d0%b2%d1%8b%d0%b9-%d0%b3%d0%b8%d0%b4%d1%80%d0%be%d0%ba%d0%be%d1%81%d1%82%d1%8e%d0%bc-spinera-professional-zenith-rental-fullsuit-3-2%d0%bc%d0%bc\/#primaryimage"},"image":{"@id":"https:\/\/www.waterskis.lv\/ru\/product\/%d0%bd%d0%b5%d0%be%d0%bf%d1%80%d0%b5%d0%bd%d0%be%d0%b2%d1%8b%d0%b9-%d0%b3%d0%b8%d0%b4%d1%80%d0%be%d0%ba%d0%be%d1%81%d1%82%d1%8e%d0%bc-spinera-professional-zenith-rental-fullsuit-3-2%d0%bc%d0%bc\/#primaryimage"},"thumbnailUrl":"https:\/\/www.waterskis.lv\/wp-content\/uploads\/2025\/02\/professional_rental_fullsuit_3_2_mm_19474P_1.webp","datePublished":"2025-02-16T05:49:55+00:00","dateModified":"2026-02-07T13:53:42+00:00","description":"\u041d\u0435\u043e\u043f\u0440\u0435\u043d\u043e\u0432\u044b\u0439 \u0433\u0438\u0434\u0440\u043e\u043a\u043e\u0441\u0442\u044e\u043c Spinera Professional Zenith Rental Fullsuit 3\/2\u043c\u043c. \u0426\u0432\u0435\u0442\u0430 \u043f\u043e \u043e\u0442\u0434\u0435\u043b\u044c\u043d\u043e\u0441\u0442\u0438 \u043f\u043e \u0440\u0430\u0437\u043c\u0435\u0440\u0443 \u2014 \u043e\u0441\u043e\u0431\u0435\u043d\u043d\u043e \u043f\u043e\u0434\u0445\u043e\u0434\u0438\u0442 \u0434\u043b\u044f \u043f\u0443\u043d\u043a\u0442\u043e\u0432 \u043f\u0440\u043e\u043a\u0430\u0442\u0430.","breadcrumb":{"@id":"https:\/\/www.waterskis.lv\/ru\/product\/%d0%bd%d0%b5%d0%be%d0%bf%d1%80%d0%b5%d0%bd%d0%be%d0%b2%d1%8b%d0%b9-%d0%b3%d0%b8%d0%b4%d1%80%d0%be%d0%ba%d0%be%d1%81%d1%82%d1%8e%d0%bc-spinera-professional-zenith-rental-fullsuit-3-2%d0%bc%d0%bc\/#breadcrumb"},"inLanguage":"ru-RU","potentialAction":[{"@type":"ReadAction","target":["https:\/\/www.waterskis.lv\/ru\/product\/%d0%bd%d0%b5%d0%be%d0%bf%d1%80%d0%b5%d0%bd%d0%be%d0%b2%d1%8b%d0%b9-%d0%b3%d0%b8%d0%b4%d1%80%d0%be%d0%ba%d0%be%d1%81%d1%82%d1%8e%d0%bc-spinera-professional-zenith-rental-fullsuit-3-2%d0%bc%d0%bc\/"]}]},{"@type":"ImageObject","inLanguage":"ru-RU","@id":"https:\/\/www.waterskis.lv\/ru\/product\/%d0%bd%d0%b5%d0%be%d0%bf%d1%80%d0%b5%d0%bd%d0%be%d0%b2%d1%8b%d0%b9-%d0%b3%d0%b8%d0%b4%d1%80%d0%be%d0%ba%d0%be%d1%81%d1%82%d1%8e%d0%bc-spinera-professional-zenith-rental-fullsuit-3-2%d0%bc%d0%bc\/#primaryimage","url":"https:\/\/www.waterskis.lv\/wp-content\/uploads\/2025\/02\/professional_rental_fullsuit_3_2_mm_19474P_1.webp","contentUrl":"https:\/\/www.waterskis.lv\/wp-content\/uploads\/2025\/02\/professional_rental_fullsuit_3_2_mm_19474P_1.webp","width":2000,"height":2000,"caption":"Neopr\u0113na hidrot\u0113rps Spinera Professional Zenith Rental Fullsuit 3\/2mm"},{"@type":"BreadcrumbList","@id":"https:\/\/www.waterskis.lv\/ru\/product\/%d0%bd%d0%b5%d0%be%d0%bf%d1%80%d0%b5%d0%bd%d0%be%d0%b2%d1%8b%d0%b9-%d0%b3%d0%b8%d0%b4%d1%80%d0%be%d0%ba%d0%be%d1%81%d1%82%d1%8e%d0%bc-spinera-professional-zenith-rental-fullsuit-3-2%d0%bc%d0%bc\/#breadcrumb","itemListElement":[{"@type":"ListItem","position":1,"name":"Home","item":"https:\/\/www.waterskis.lv\/ru\/"},{"@type":"ListItem","position":2,"name":"\u041c\u0430\u0433\u0430\u0437\u0438\u043d","item":"https:\/\/www.waterskis.lv\/ru\/%d0%bc%d0%b0%d0%b3%d0%b0%d0%b7%d0%b8%d0%bd\/"},{"@type":"ListItem","position":3,"name":"\u041d\u0435\u043e\u043f\u0440\u0435\u043d\u043e\u0432\u044b\u0439 \u0433\u0438\u0434\u0440\u043e\u043a\u043e\u0441\u0442\u044e\u043c Spinera Professional Zenith Rental Fullsuit 3\/2\u043c\u043c"}]},{"@type":"WebSite","@id":"https:\/\/www.waterskis.lv\/ru\/#website","url":"https:\/\/www.waterskis.lv\/ru\/","name":"WATERSKIS.LV","description":"SUP d\u0113\u013ci, kajaki, kanoe, airu laivas, \u016bdenssl\u0113po\u0161ana, veikbords, SUP d\u0113\u013cu noma, kajaku nomaakt\u012bv\u0101s atp\u016btas centrs, laivu noma, sup noma, kajaku noma","publisher":{"@id":"https:\/\/www.waterskis.lv\/ru\/#organization"},"potentialAction":[{"@type":"SearchAction","target":{"@type":"EntryPoint","urlTemplate":"https:\/\/www.waterskis.lv\/ru\/?s={search_term_string}"},"query-input":{"@type":"PropertyValueSpecification","valueRequired":true,"valueName":"search_term_string"}}],"inLanguage":"ru-RU"},{"@type":"Organization","@id":"https:\/\/www.waterskis.lv\/ru\/#organization","name":"WATERSKIS.LV","url":"https:\/\/www.waterskis.lv\/ru\/","logo":{"@type":"ImageObject","inLanguage":"ru-RU","@id":"https:\/\/www.waterskis.lv\/ru\/#\/schema\/logo\/image\/","url":"https:\/\/www.waterskis.lv\/wp-content\/uploads\/2025\/01\/JUVP-logo.png","contentUrl":"https:\/\/www.waterskis.lv\/wp-content\/uploads\/2025\/01\/JUVP-logo.png","width":421,"height":202,"caption":"WATERSKIS.LV"},"image":{"@id":"https:\/\/www.waterskis.lv\/ru\/#\/schema\/logo\/image\/"},"sameAs":["https:\/\/www.facebook.com\/jurmalawaterskiwakeboardpark\/"]}]}},"_links":{"self":[{"href":"https:\/\/www.waterskis.lv\/ru\/wp-json\/wp\/v2\/product\/63412","targetHints":{"allow":["GET"]}}],"collection":[{"href":"https:\/\/www.waterskis.lv\/ru\/wp-json\/wp\/v2\/product"}],"about":[{"href":"https:\/\/www.waterskis.lv\/ru\/wp-json\/wp\/v2\/types\/product"}],"replies":[{"embeddable":true,"href":"https:\/\/www.waterskis.lv\/ru\/wp-json\/wp\/v2\/comments?post=63412"}],"wp:featuredmedia":[{"embeddable":true,"href":"https:\/\/www.waterskis.lv\/ru\/wp-json\/wp\/v2\/media\/63410"}],"wp:attachment":[{"href":"https:\/\/www.waterskis.lv\/ru\/wp-json\/wp\/v2\/media?parent=63412"}],"wp:term":[{"taxonomy":"product_brand","embeddable":true,"href":"https:\/\/www.waterskis.lv\/ru\/wp-json\/wp\/v2\/product_brand?post=63412"},{"taxonomy":"product_cat","embeddable":true,"href":"https:\/\/www.waterskis.lv\/ru\/wp-json\/wp\/v2\/product_cat?post=63412"},{"taxonomy":"product_tag","embeddable":true,"href":"https:\/\/www.waterskis.lv\/ru\/wp-json\/wp\/v2\/product_tag?post=63412"}],"curies":[{"name":"wp","href":"https:\/\/api.w.org\/{rel}","templated":true}]}}