{"id":65164,"date":"2025-03-16T19:38:46","date_gmt":"2025-03-16T17:38:46","guid":{"rendered":"https:\/\/waterskis.lv\/product\/spinera-zemejuma-skruvju-enkurs\/"},"modified":"2025-03-16T19:43:26","modified_gmt":"2025-03-16T17:43:26","slug":"spinera-%d0%b2%d0%b8%d0%bd%d1%82%d0%be%d0%b2%d0%be%d0%b9-%d1%8f%d0%ba%d0%be%d1%80%d1%8c","status":"publish","type":"product","link":"https:\/\/www.waterskis.lv\/ru\/product\/spinera-%d0%b2%d0%b8%d0%bd%d1%82%d0%be%d0%b2%d0%be%d0%b9-%d1%8f%d0%ba%d0%be%d1%80%d1%8c\/","title":{"rendered":"Spinera &#8212; \u0432\u0438\u043d\u0442\u043e\u0432\u043e\u0439 \u044f\u043a\u043e\u0440\u044c"},"content":{"rendered":"<h1>Spinera &#8212; \u0432\u0438\u043d\u0442\u043e\u0432\u043e\u0439 \u044f\u043a\u043e\u0440\u044c<\/h1>\n<p>Spinera &#8212; \u0432\u0438\u043d\u0442\u043e\u0432\u043e\u0439 \u044f\u043a\u043e\u0440\u044c<\/p>\n<p>\u0412\u0438\u043d\u0442\u043e\u0432\u044b\u0435 \u0430\u043d\u043a\u0435\u0440\u044b \u0434\u043b\u044f \u043a\u0440\u0435\u043f\u043b\u0435\u043d\u0438\u044f \u043d\u0430\u0434\u0443\u0432\u043d\u044b\u0445 \u0432\u043e\u0434\u043d\u044b\u0445 \u0441\u043f\u043e\u0440\u0442\u0438\u0432\u043d\u044b\u0445 \u0438\u0437\u0434\u0435\u043b\u0438\u0439.<\/p>\n<p>\u0414\u043b\u0438\u043d\u0430: 1 \u043c<br \/>\n\u0412\u0438\u043d\u0442: 21 \u0441\u043c<br \/>\n\u041e\u0442\u0432\u0435\u0440\u0441\u0442\u0438\u0435: \u043f\u0440\u0438\u0431\u043b. 55 \u043c\u043c<br \/>\n\u0433\u043e\u0440\u044f\u0447\u0435\u043e\u0446\u0438\u043d\u043a\u043e\u0432\u0430\u043d\u043d\u0430\u044f \u0441\u0442\u0430\u043b\u044c<\/p>\n","protected":false},"excerpt":{"rendered":"<p>https:\/\/www.youtube.com\/watch?v=HUB2F7ZWGJE [&#8230;]<\/p>\n<p><a class=\"btn btn-secondary understrap-read-more-link\" href=\"https:\/\/www.waterskis.lv\/ru\/product\/spinera-%d0%b2%d0%b8%d0%bd%d1%82%d0%be%d0%b2%d0%be%d0%b9-%d1%8f%d0%ba%d0%be%d1%80%d1%8c\/\">\u0427\u0438\u0442\u0430\u0442\u044c \u0434\u0430\u043b\u044c\u0448\u0435\u2026<\/a><\/p>\n","protected":false},"featured_media":65162,"comment_status":"closed","ping_status":"closed","template":"","meta":{"_acf_changed":false,"inline_featured_image":false},"product_brand":[],"product_cat":[1227,1260,1269],"product_tag":[],"class_list":{"0":"post-65164","1":"product","2":"type-product","3":"status-publish","4":"has-post-thumbnail","6":"product_cat-spinera-professional-ru","7":"product_cat-1260","8":"product_cat-1269","10":"first","11":"instock","12":"shipping-taxable","13":"purchasable","14":"product-type-simple"},"acf":[],"yoast_head":"<!-- This site is optimized with the Yoast SEO plugin v27.4 - https:\/\/yoast.com\/product\/yoast-seo-wordpress\/ -->\n<title>Spinera - \u0432\u0438\u043d\u0442\u043e\u0432\u043e\u0439 \u044f\u043a\u043e\u0440\u044c - WATERSKIS.LV<\/title>\n<meta name=\"description\" content=\"Spinera - \u0432\u0438\u043d\u0442\u043e\u0432\u043e\u0439 \u044f\u043a\u043e\u0440\u044c \u0434\u043b\u044f \u043a\u0440\u0435\u043f\u043b\u0435\u043d\u0438\u044f \u043d\u0430\u0434\u0443\u0432\u043d\u044b\u0445 \u0432\u043e\u0434\u043d\u044b\u0445 \u0441\u043f\u043e\u0440\u0442\u0438\u0432\u043d\u044b\u0445 \u0438\u0437\u0434\u0435\u043b\u0438\u0439.\u0414\u043b\u0438\u043d\u0430: 1 \u043c\u0412\u0438\u043d\u0442: 21 \u0441\u043c\u041e\u0442\u0432\u0435\u0440\u0441\u0442\u0438\u0435: \u043f\u0440\u0438\u0431\u043b. 55 \u043c\u043c\u0433\u043e\u0440\u044f\u0447\u0435\u043e\u0446\u0438\u043d\u043a\u043e\u0432\u0430\u043d\u043d\u0430\u044f \u0441\u0442\u0430\u043b\u044c\" \/>\n<meta name=\"robots\" content=\"index, follow, max-snippet:-1, max-image-preview:large, max-video-preview:-1\" \/>\n<link rel=\"canonical\" href=\"https:\/\/www.waterskis.lv\/ru\/product\/spinera-%d0%b2%d0%b8%d0%bd%d1%82%d0%be%d0%b2%d0%be%d0%b9-%d1%8f%d0%ba%d0%be%d1%80%d1%8c\/\" \/>\n<meta property=\"og:locale\" content=\"ru_RU\" \/>\n<meta property=\"og:type\" content=\"article\" \/>\n<meta property=\"og:title\" content=\"Spinera - \u0432\u0438\u043d\u0442\u043e\u0432\u043e\u0439 \u044f\u043a\u043e\u0440\u044c - WATERSKIS.LV\" \/>\n<meta property=\"og:description\" content=\"Spinera - \u0432\u0438\u043d\u0442\u043e\u0432\u043e\u0439 \u044f\u043a\u043e\u0440\u044c \u0434\u043b\u044f \u043a\u0440\u0435\u043f\u043b\u0435\u043d\u0438\u044f \u043d\u0430\u0434\u0443\u0432\u043d\u044b\u0445 \u0432\u043e\u0434\u043d\u044b\u0445 \u0441\u043f\u043e\u0440\u0442\u0438\u0432\u043d\u044b\u0445 \u0438\u0437\u0434\u0435\u043b\u0438\u0439.\u0414\u043b\u0438\u043d\u0430: 1 \u043c\u0412\u0438\u043d\u0442: 21 \u0441\u043c\u041e\u0442\u0432\u0435\u0440\u0441\u0442\u0438\u0435: \u043f\u0440\u0438\u0431\u043b. 55 \u043c\u043c\u0433\u043e\u0440\u044f\u0447\u0435\u043e\u0446\u0438\u043d\u043a\u043e\u0432\u0430\u043d\u043d\u0430\u044f \u0441\u0442\u0430\u043b\u044c\" \/>\n<meta property=\"og:url\" content=\"https:\/\/www.waterskis.lv\/ru\/product\/spinera-%d0%b2%d0%b8%d0%bd%d1%82%d0%be%d0%b2%d0%be%d0%b9-%d1%8f%d0%ba%d0%be%d1%80%d1%8c\/\" \/>\n<meta property=\"og:site_name\" content=\"WATERSKIS.LV\" \/>\n<meta property=\"article:publisher\" content=\"https:\/\/www.facebook.com\/jurmalawaterskiwakeboardpark\/\" \/>\n<meta property=\"article:modified_time\" content=\"2025-03-16T17:43:26+00:00\" \/>\n<meta property=\"og:image\" content=\"https:\/\/www.waterskis.lv\/wp-content\/uploads\/2025\/03\/19406_image_19406_spinera_ground_screw_anchor_19406_2.webp\" \/>\n\t<meta property=\"og:image:width\" content=\"2000\" \/>\n\t<meta property=\"og:image:height\" content=\"2000\" \/>\n\t<meta property=\"og:image:type\" content=\"image\/webp\" \/>\n<meta name=\"twitter:card\" content=\"summary_large_image\" \/>\n<meta name=\"twitter:label1\" content=\"\u041f\u0440\u0438\u043c\u0435\u0440\u043d\u043e\u0435 \u0432\u0440\u0435\u043c\u044f \u0434\u043b\u044f \u0447\u0442\u0435\u043d\u0438\u044f\" \/>\n\t<meta name=\"twitter:data1\" content=\"1 \u043c\u0438\u043d\u0443\u0442\u0430\" \/>\n<script type=\"application\/ld+json\" class=\"yoast-schema-graph\">{\"@context\":\"https:\\\/\\\/schema.org\",\"@graph\":[{\"@type\":\"WebPage\",\"@id\":\"https:\\\/\\\/www.waterskis.lv\\\/ru\\\/product\\\/spinera-%d0%b2%d0%b8%d0%bd%d1%82%d0%be%d0%b2%d0%be%d0%b9-%d1%8f%d0%ba%d0%be%d1%80%d1%8c\\\/\",\"url\":\"https:\\\/\\\/www.waterskis.lv\\\/ru\\\/product\\\/spinera-%d0%b2%d0%b8%d0%bd%d1%82%d0%be%d0%b2%d0%be%d0%b9-%d1%8f%d0%ba%d0%be%d1%80%d1%8c\\\/\",\"name\":\"Spinera - \u0432\u0438\u043d\u0442\u043e\u0432\u043e\u0439 \u044f\u043a\u043e\u0440\u044c - WATERSKIS.LV\",\"isPartOf\":{\"@id\":\"https:\\\/\\\/www.waterskis.lv\\\/ru\\\/#website\"},\"primaryImageOfPage\":{\"@id\":\"https:\\\/\\\/www.waterskis.lv\\\/ru\\\/product\\\/spinera-%d0%b2%d0%b8%d0%bd%d1%82%d0%be%d0%b2%d0%be%d0%b9-%d1%8f%d0%ba%d0%be%d1%80%d1%8c\\\/#primaryimage\"},\"image\":{\"@id\":\"https:\\\/\\\/www.waterskis.lv\\\/ru\\\/product\\\/spinera-%d0%b2%d0%b8%d0%bd%d1%82%d0%be%d0%b2%d0%be%d0%b9-%d1%8f%d0%ba%d0%be%d1%80%d1%8c\\\/#primaryimage\"},\"thumbnailUrl\":\"https:\\\/\\\/www.waterskis.lv\\\/wp-content\\\/uploads\\\/2025\\\/03\\\/19406_image_19406_spinera_ground_screw_anchor_19406_2.webp\",\"datePublished\":\"2025-03-16T17:38:46+00:00\",\"dateModified\":\"2025-03-16T17:43:26+00:00\",\"description\":\"Spinera - \u0432\u0438\u043d\u0442\u043e\u0432\u043e\u0439 \u044f\u043a\u043e\u0440\u044c \u0434\u043b\u044f \u043a\u0440\u0435\u043f\u043b\u0435\u043d\u0438\u044f \u043d\u0430\u0434\u0443\u0432\u043d\u044b\u0445 \u0432\u043e\u0434\u043d\u044b\u0445 \u0441\u043f\u043e\u0440\u0442\u0438\u0432\u043d\u044b\u0445 \u0438\u0437\u0434\u0435\u043b\u0438\u0439.\u0414\u043b\u0438\u043d\u0430: 1 \u043c\u0412\u0438\u043d\u0442: 21 \u0441\u043c\u041e\u0442\u0432\u0435\u0440\u0441\u0442\u0438\u0435: \u043f\u0440\u0438\u0431\u043b. 55 \u043c\u043c\u0433\u043e\u0440\u044f\u0447\u0435\u043e\u0446\u0438\u043d\u043a\u043e\u0432\u0430\u043d\u043d\u0430\u044f \u0441\u0442\u0430\u043b\u044c\",\"breadcrumb\":{\"@id\":\"https:\\\/\\\/www.waterskis.lv\\\/ru\\\/product\\\/spinera-%d0%b2%d0%b8%d0%bd%d1%82%d0%be%d0%b2%d0%be%d0%b9-%d1%8f%d0%ba%d0%be%d1%80%d1%8c\\\/#breadcrumb\"},\"inLanguage\":\"ru-RU\",\"potentialAction\":[{\"@type\":\"ReadAction\",\"target\":[\"https:\\\/\\\/www.waterskis.lv\\\/ru\\\/product\\\/spinera-%d0%b2%d0%b8%d0%bd%d1%82%d0%be%d0%b2%d0%be%d0%b9-%d1%8f%d0%ba%d0%be%d1%80%d1%8c\\\/\"]}]},{\"@type\":\"ImageObject\",\"inLanguage\":\"ru-RU\",\"@id\":\"https:\\\/\\\/www.waterskis.lv\\\/ru\\\/product\\\/spinera-%d0%b2%d0%b8%d0%bd%d1%82%d0%be%d0%b2%d0%be%d0%b9-%d1%8f%d0%ba%d0%be%d1%80%d1%8c\\\/#primaryimage\",\"url\":\"https:\\\/\\\/www.waterskis.lv\\\/wp-content\\\/uploads\\\/2025\\\/03\\\/19406_image_19406_spinera_ground_screw_anchor_19406_2.webp\",\"contentUrl\":\"https:\\\/\\\/www.waterskis.lv\\\/wp-content\\\/uploads\\\/2025\\\/03\\\/19406_image_19406_spinera_ground_screw_anchor_19406_2.webp\",\"width\":2000,\"height\":2000,\"caption\":\"Spinera - zem\u0113juma skr\u016bvju enkurs\"},{\"@type\":\"BreadcrumbList\",\"@id\":\"https:\\\/\\\/www.waterskis.lv\\\/ru\\\/product\\\/spinera-%d0%b2%d0%b8%d0%bd%d1%82%d0%be%d0%b2%d0%be%d0%b9-%d1%8f%d0%ba%d0%be%d1%80%d1%8c\\\/#breadcrumb\",\"itemListElement\":[{\"@type\":\"ListItem\",\"position\":1,\"name\":\"Home\",\"item\":\"https:\\\/\\\/www.waterskis.lv\\\/ru\\\/\"},{\"@type\":\"ListItem\",\"position\":2,\"name\":\"\u041c\u0430\u0433\u0430\u0437\u0438\u043d\",\"item\":\"https:\\\/\\\/www.waterskis.lv\\\/ru\\\/%d0%bc%d0%b0%d0%b3%d0%b0%d0%b7%d0%b8%d0%bd\\\/\"},{\"@type\":\"ListItem\",\"position\":3,\"name\":\"Spinera &#8211; \u0432\u0438\u043d\u0442\u043e\u0432\u043e\u0439 \u044f\u043a\u043e\u0440\u044c\"}]},{\"@type\":\"WebSite\",\"@id\":\"https:\\\/\\\/www.waterskis.lv\\\/ru\\\/#website\",\"url\":\"https:\\\/\\\/www.waterskis.lv\\\/ru\\\/\",\"name\":\"WATERSKIS.LV\",\"description\":\"SUP d\u0113\u013ci, kajaki, kanoe, airu laivas, \u016bdenssl\u0113po\u0161ana, veikbords, SUP d\u0113\u013cu noma, kajaku nomaakt\u012bv\u0101s atp\u016btas centrs, laivu noma, sup noma, kajaku noma\",\"publisher\":{\"@id\":\"https:\\\/\\\/www.waterskis.lv\\\/ru\\\/#organization\"},\"potentialAction\":[{\"@type\":\"SearchAction\",\"target\":{\"@type\":\"EntryPoint\",\"urlTemplate\":\"https:\\\/\\\/www.waterskis.lv\\\/ru\\\/?s={search_term_string}\"},\"query-input\":{\"@type\":\"PropertyValueSpecification\",\"valueRequired\":true,\"valueName\":\"search_term_string\"}}],\"inLanguage\":\"ru-RU\"},{\"@type\":\"Organization\",\"@id\":\"https:\\\/\\\/www.waterskis.lv\\\/ru\\\/#organization\",\"name\":\"WATERSKIS.LV\",\"url\":\"https:\\\/\\\/www.waterskis.lv\\\/ru\\\/\",\"logo\":{\"@type\":\"ImageObject\",\"inLanguage\":\"ru-RU\",\"@id\":\"https:\\\/\\\/www.waterskis.lv\\\/ru\\\/#\\\/schema\\\/logo\\\/image\\\/\",\"url\":\"https:\\\/\\\/www.waterskis.lv\\\/wp-content\\\/uploads\\\/2025\\\/01\\\/JUVP-logo.png\",\"contentUrl\":\"https:\\\/\\\/www.waterskis.lv\\\/wp-content\\\/uploads\\\/2025\\\/01\\\/JUVP-logo.png\",\"width\":421,\"height\":202,\"caption\":\"WATERSKIS.LV\"},\"image\":{\"@id\":\"https:\\\/\\\/www.waterskis.lv\\\/ru\\\/#\\\/schema\\\/logo\\\/image\\\/\"},\"sameAs\":[\"https:\\\/\\\/www.facebook.com\\\/jurmalawaterskiwakeboardpark\\\/\"]}]}<\/script>\n<!-- \/ Yoast SEO plugin. -->","yoast_head_json":{"title":"Spinera - \u0432\u0438\u043d\u0442\u043e\u0432\u043e\u0439 \u044f\u043a\u043e\u0440\u044c - WATERSKIS.LV","description":"Spinera - \u0432\u0438\u043d\u0442\u043e\u0432\u043e\u0439 \u044f\u043a\u043e\u0440\u044c \u0434\u043b\u044f \u043a\u0440\u0435\u043f\u043b\u0435\u043d\u0438\u044f \u043d\u0430\u0434\u0443\u0432\u043d\u044b\u0445 \u0432\u043e\u0434\u043d\u044b\u0445 \u0441\u043f\u043e\u0440\u0442\u0438\u0432\u043d\u044b\u0445 \u0438\u0437\u0434\u0435\u043b\u0438\u0439.\u0414\u043b\u0438\u043d\u0430: 1 \u043c\u0412\u0438\u043d\u0442: 21 \u0441\u043c\u041e\u0442\u0432\u0435\u0440\u0441\u0442\u0438\u0435: \u043f\u0440\u0438\u0431\u043b. 55 \u043c\u043c\u0433\u043e\u0440\u044f\u0447\u0435\u043e\u0446\u0438\u043d\u043a\u043e\u0432\u0430\u043d\u043d\u0430\u044f \u0441\u0442\u0430\u043b\u044c","robots":{"index":"index","follow":"follow","max-snippet":"max-snippet:-1","max-image-preview":"max-image-preview:large","max-video-preview":"max-video-preview:-1"},"canonical":"https:\/\/www.waterskis.lv\/ru\/product\/spinera-%d0%b2%d0%b8%d0%bd%d1%82%d0%be%d0%b2%d0%be%d0%b9-%d1%8f%d0%ba%d0%be%d1%80%d1%8c\/","og_locale":"ru_RU","og_type":"article","og_title":"Spinera - \u0432\u0438\u043d\u0442\u043e\u0432\u043e\u0439 \u044f\u043a\u043e\u0440\u044c - WATERSKIS.LV","og_description":"Spinera - \u0432\u0438\u043d\u0442\u043e\u0432\u043e\u0439 \u044f\u043a\u043e\u0440\u044c \u0434\u043b\u044f \u043a\u0440\u0435\u043f\u043b\u0435\u043d\u0438\u044f \u043d\u0430\u0434\u0443\u0432\u043d\u044b\u0445 \u0432\u043e\u0434\u043d\u044b\u0445 \u0441\u043f\u043e\u0440\u0442\u0438\u0432\u043d\u044b\u0445 \u0438\u0437\u0434\u0435\u043b\u0438\u0439.\u0414\u043b\u0438\u043d\u0430: 1 \u043c\u0412\u0438\u043d\u0442: 21 \u0441\u043c\u041e\u0442\u0432\u0435\u0440\u0441\u0442\u0438\u0435: \u043f\u0440\u0438\u0431\u043b. 55 \u043c\u043c\u0433\u043e\u0440\u044f\u0447\u0435\u043e\u0446\u0438\u043d\u043a\u043e\u0432\u0430\u043d\u043d\u0430\u044f \u0441\u0442\u0430\u043b\u044c","og_url":"https:\/\/www.waterskis.lv\/ru\/product\/spinera-%d0%b2%d0%b8%d0%bd%d1%82%d0%be%d0%b2%d0%be%d0%b9-%d1%8f%d0%ba%d0%be%d1%80%d1%8c\/","og_site_name":"WATERSKIS.LV","article_publisher":"https:\/\/www.facebook.com\/jurmalawaterskiwakeboardpark\/","article_modified_time":"2025-03-16T17:43:26+00:00","og_image":[{"width":2000,"height":2000,"url":"https:\/\/www.waterskis.lv\/wp-content\/uploads\/2025\/03\/19406_image_19406_spinera_ground_screw_anchor_19406_2.webp","type":"image\/webp"}],"twitter_card":"summary_large_image","twitter_misc":{"\u041f\u0440\u0438\u043c\u0435\u0440\u043d\u043e\u0435 \u0432\u0440\u0435\u043c\u044f \u0434\u043b\u044f \u0447\u0442\u0435\u043d\u0438\u044f":"1 \u043c\u0438\u043d\u0443\u0442\u0430"},"schema":{"@context":"https:\/\/schema.org","@graph":[{"@type":"WebPage","@id":"https:\/\/www.waterskis.lv\/ru\/product\/spinera-%d0%b2%d0%b8%d0%bd%d1%82%d0%be%d0%b2%d0%be%d0%b9-%d1%8f%d0%ba%d0%be%d1%80%d1%8c\/","url":"https:\/\/www.waterskis.lv\/ru\/product\/spinera-%d0%b2%d0%b8%d0%bd%d1%82%d0%be%d0%b2%d0%be%d0%b9-%d1%8f%d0%ba%d0%be%d1%80%d1%8c\/","name":"Spinera - \u0432\u0438\u043d\u0442\u043e\u0432\u043e\u0439 \u044f\u043a\u043e\u0440\u044c - WATERSKIS.LV","isPartOf":{"@id":"https:\/\/www.waterskis.lv\/ru\/#website"},"primaryImageOfPage":{"@id":"https:\/\/www.waterskis.lv\/ru\/product\/spinera-%d0%b2%d0%b8%d0%bd%d1%82%d0%be%d0%b2%d0%be%d0%b9-%d1%8f%d0%ba%d0%be%d1%80%d1%8c\/#primaryimage"},"image":{"@id":"https:\/\/www.waterskis.lv\/ru\/product\/spinera-%d0%b2%d0%b8%d0%bd%d1%82%d0%be%d0%b2%d0%be%d0%b9-%d1%8f%d0%ba%d0%be%d1%80%d1%8c\/#primaryimage"},"thumbnailUrl":"https:\/\/www.waterskis.lv\/wp-content\/uploads\/2025\/03\/19406_image_19406_spinera_ground_screw_anchor_19406_2.webp","datePublished":"2025-03-16T17:38:46+00:00","dateModified":"2025-03-16T17:43:26+00:00","description":"Spinera - \u0432\u0438\u043d\u0442\u043e\u0432\u043e\u0439 \u044f\u043a\u043e\u0440\u044c \u0434\u043b\u044f \u043a\u0440\u0435\u043f\u043b\u0435\u043d\u0438\u044f \u043d\u0430\u0434\u0443\u0432\u043d\u044b\u0445 \u0432\u043e\u0434\u043d\u044b\u0445 \u0441\u043f\u043e\u0440\u0442\u0438\u0432\u043d\u044b\u0445 \u0438\u0437\u0434\u0435\u043b\u0438\u0439.\u0414\u043b\u0438\u043d\u0430: 1 \u043c\u0412\u0438\u043d\u0442: 21 \u0441\u043c\u041e\u0442\u0432\u0435\u0440\u0441\u0442\u0438\u0435: \u043f\u0440\u0438\u0431\u043b. 55 \u043c\u043c\u0433\u043e\u0440\u044f\u0447\u0435\u043e\u0446\u0438\u043d\u043a\u043e\u0432\u0430\u043d\u043d\u0430\u044f \u0441\u0442\u0430\u043b\u044c","breadcrumb":{"@id":"https:\/\/www.waterskis.lv\/ru\/product\/spinera-%d0%b2%d0%b8%d0%bd%d1%82%d0%be%d0%b2%d0%be%d0%b9-%d1%8f%d0%ba%d0%be%d1%80%d1%8c\/#breadcrumb"},"inLanguage":"ru-RU","potentialAction":[{"@type":"ReadAction","target":["https:\/\/www.waterskis.lv\/ru\/product\/spinera-%d0%b2%d0%b8%d0%bd%d1%82%d0%be%d0%b2%d0%be%d0%b9-%d1%8f%d0%ba%d0%be%d1%80%d1%8c\/"]}]},{"@type":"ImageObject","inLanguage":"ru-RU","@id":"https:\/\/www.waterskis.lv\/ru\/product\/spinera-%d0%b2%d0%b8%d0%bd%d1%82%d0%be%d0%b2%d0%be%d0%b9-%d1%8f%d0%ba%d0%be%d1%80%d1%8c\/#primaryimage","url":"https:\/\/www.waterskis.lv\/wp-content\/uploads\/2025\/03\/19406_image_19406_spinera_ground_screw_anchor_19406_2.webp","contentUrl":"https:\/\/www.waterskis.lv\/wp-content\/uploads\/2025\/03\/19406_image_19406_spinera_ground_screw_anchor_19406_2.webp","width":2000,"height":2000,"caption":"Spinera - zem\u0113juma skr\u016bvju enkurs"},{"@type":"BreadcrumbList","@id":"https:\/\/www.waterskis.lv\/ru\/product\/spinera-%d0%b2%d0%b8%d0%bd%d1%82%d0%be%d0%b2%d0%be%d0%b9-%d1%8f%d0%ba%d0%be%d1%80%d1%8c\/#breadcrumb","itemListElement":[{"@type":"ListItem","position":1,"name":"Home","item":"https:\/\/www.waterskis.lv\/ru\/"},{"@type":"ListItem","position":2,"name":"\u041c\u0430\u0433\u0430\u0437\u0438\u043d","item":"https:\/\/www.waterskis.lv\/ru\/%d0%bc%d0%b0%d0%b3%d0%b0%d0%b7%d0%b8%d0%bd\/"},{"@type":"ListItem","position":3,"name":"Spinera &#8211; \u0432\u0438\u043d\u0442\u043e\u0432\u043e\u0439 \u044f\u043a\u043e\u0440\u044c"}]},{"@type":"WebSite","@id":"https:\/\/www.waterskis.lv\/ru\/#website","url":"https:\/\/www.waterskis.lv\/ru\/","name":"WATERSKIS.LV","description":"SUP d\u0113\u013ci, kajaki, kanoe, airu laivas, \u016bdenssl\u0113po\u0161ana, veikbords, SUP d\u0113\u013cu noma, kajaku nomaakt\u012bv\u0101s atp\u016btas centrs, laivu noma, sup noma, kajaku noma","publisher":{"@id":"https:\/\/www.waterskis.lv\/ru\/#organization"},"potentialAction":[{"@type":"SearchAction","target":{"@type":"EntryPoint","urlTemplate":"https:\/\/www.waterskis.lv\/ru\/?s={search_term_string}"},"query-input":{"@type":"PropertyValueSpecification","valueRequired":true,"valueName":"search_term_string"}}],"inLanguage":"ru-RU"},{"@type":"Organization","@id":"https:\/\/www.waterskis.lv\/ru\/#organization","name":"WATERSKIS.LV","url":"https:\/\/www.waterskis.lv\/ru\/","logo":{"@type":"ImageObject","inLanguage":"ru-RU","@id":"https:\/\/www.waterskis.lv\/ru\/#\/schema\/logo\/image\/","url":"https:\/\/www.waterskis.lv\/wp-content\/uploads\/2025\/01\/JUVP-logo.png","contentUrl":"https:\/\/www.waterskis.lv\/wp-content\/uploads\/2025\/01\/JUVP-logo.png","width":421,"height":202,"caption":"WATERSKIS.LV"},"image":{"@id":"https:\/\/www.waterskis.lv\/ru\/#\/schema\/logo\/image\/"},"sameAs":["https:\/\/www.facebook.com\/jurmalawaterskiwakeboardpark\/"]}]}},"_links":{"self":[{"href":"https:\/\/www.waterskis.lv\/ru\/wp-json\/wp\/v2\/product\/65164","targetHints":{"allow":["GET"]}}],"collection":[{"href":"https:\/\/www.waterskis.lv\/ru\/wp-json\/wp\/v2\/product"}],"about":[{"href":"https:\/\/www.waterskis.lv\/ru\/wp-json\/wp\/v2\/types\/product"}],"replies":[{"embeddable":true,"href":"https:\/\/www.waterskis.lv\/ru\/wp-json\/wp\/v2\/comments?post=65164"}],"wp:featuredmedia":[{"embeddable":true,"href":"https:\/\/www.waterskis.lv\/ru\/wp-json\/wp\/v2\/media\/65162"}],"wp:attachment":[{"href":"https:\/\/www.waterskis.lv\/ru\/wp-json\/wp\/v2\/media?parent=65164"}],"wp:term":[{"taxonomy":"product_brand","embeddable":true,"href":"https:\/\/www.waterskis.lv\/ru\/wp-json\/wp\/v2\/product_brand?post=65164"},{"taxonomy":"product_cat","embeddable":true,"href":"https:\/\/www.waterskis.lv\/ru\/wp-json\/wp\/v2\/product_cat?post=65164"},{"taxonomy":"product_tag","embeddable":true,"href":"https:\/\/www.waterskis.lv\/ru\/wp-json\/wp\/v2\/product_tag?post=65164"}],"curies":[{"name":"wp","href":"https:\/\/api.w.org\/{rel}","templated":true}]}}