{"id":65373,"date":"2025-04-09T18:07:39","date_gmt":"2025-04-09T16:07:39","guid":{"rendered":"https:\/\/www.waterskis.lv\/product\/glabsanas-veste-spinera-rental-vest-classic-200d-neilons\/"},"modified":"2026-02-07T10:13:34","modified_gmt":"2026-02-07T08:13:34","slug":"%d0%b6%d0%b8%d0%bb%d0%b5%d1%82-spinera-rental-vest-classic-200d-nylon","status":"publish","type":"product","link":"https:\/\/www.waterskis.lv\/ru\/product\/%d0%b6%d0%b8%d0%bb%d0%b5%d1%82-spinera-rental-vest-classic-200d-nylon\/","title":{"rendered":"\u0416\u0438\u043b\u0435\u0442 Spinera Rental Vest Classic 200D Nylon"},"content":{"rendered":"<h1>\u0416\u0438\u043b\u0435\u0442 Spinera Rental Vest Classic 200D Nylon<\/h1>\n<p>\u0416\u0438\u043b\u0435\u0442 Spinera Rental Vest Classic 200D Nylon<br \/>\n\u0410\u0440\u0442. \u2116 18422P<\/p>\n<p>\u0425\u043e\u0440\u043e\u0448\u0438\u0439 \u0440\u0435\u0433\u0443\u043b\u0438\u0440\u0443\u0435\u043c\u044b\u0439 \u0438 \u0432\u044b\u0441\u043e\u043a\u043e\u043a\u0430\u0447\u0435\u0441\u0442\u0432\u0435\u043d\u043d\u044b\u0439 \u0436\u0438\u043b\u0435\u0442 \u0441 \u0442\u0440\u0435\u043c\u044f \u043b\u044f\u043c\u043a\u0430\u043c\u0438, \u0441\u043f\u0435\u0446\u0438\u0430\u043b\u044c\u043d\u043e \u043f\u0440\u0435\u0434\u043d\u0430\u0437\u043d\u0430\u0447\u0435\u043d\u043d\u044b\u0439 \u0434\u043b\u044f \u0430\u0440\u0435\u043d\u0434\u044b \u0432 \u043f\u0430\u0440\u043a\u0430\u0445 \u0432\u043e\u0434\u043d\u044b\u0445 \u043b\u044b\u0436, \u043d\u0430 \u0441\u0442\u0430\u043d\u0446\u0438\u044f\u0445 \u0432\u043e\u0434\u043d\u044b\u0445 \u0432\u0438\u0434\u043e\u0432 \u0441\u043f\u043e\u0440\u0442\u0430, \u0432 \u043a\u043b\u0443\u0431\u0430\u0445 \u0438 \u0442. \u0434.<\/p>\n<p>\u041b\u044f\u043c\u043a\u0438 \u0438 \u043a\u0440\u0443\u0433 \u043f\u043e \u0440\u0430\u0437\u043c\u0435\u0440\u0443 \u0432\u0441\u0435\u0433\u0434\u0430 \u043e\u0434\u043d\u043e\u0433\u043e \u0446\u0432\u0435\u0442\u0430, \u0447\u0442\u043e \u0443\u043f\u0440\u043e\u0449\u0430\u0435\u0442 \u0432\u044b\u0431\u043e\u0440.<\/p>\n<p>\u0414\u043e\u043f\u043e\u043b\u043d\u0438\u0442\u0435\u043b\u044c\u043d\u044b\u0435 \u0445\u0430\u0440\u0430\u043a\u0442\u0435\u0440\u0438\u0441\u0442\u0438\u043a\u0438:<\/p>\n<p>\u043f\u0440\u043e\u0447\u043d\u044b\u0439 \u043d\u0430 \u0440\u0430\u0437\u0440\u044b\u0432 \u043c\u0430\u0442\u0435\u0440\u0438\u0430\u043b \u0438\u0437 \u043d\u0435\u0439\u043b\u043e\u043d\u0430 200D<\/p>\n<p>\u0412\u043e\u0434\u0430 \u0441\u0442\u0435\u043a\u0430\u0435\u0442 \u0432 \u043d\u0438\u0436\u043d\u044e\u044e \u0447\u0430\u0441\u0442\u044c \u0436\u0438\u043b\u0435\u0442\u0430 \u0434\u043b\u044f \u0431\u043e\u043b\u0435\u0435 \u0431\u044b\u0441\u0442\u0440\u043e\u0439 \u0441\u0443\u0448\u043a\u0438<\/p>\n<p>\u0441\u0435\u0440\u0442\u0438\u0444\u0438\u0446\u0438\u0440\u043e\u0432\u0430\u043d \u043f\u043e EN ISO 12402-5 50N<\/p>\n<p>\u0425\u043e\u0440\u043e\u0448\u043e \u0440\u0435\u0433\u0443\u043b\u0438\u0440\u0443\u0435\u043c\u044b\u0439 \u0438 \u0432\u044b\u0441\u043e\u043a\u043e\u043a\u0430\u0447\u0435\u0441\u0442\u0432\u0435\u043d\u043d\u044b\u0439 \u0436\u0438\u043b\u0435\u0442 \u0441 3 \u0440\u0435\u043c\u043d\u044f\u043c\u0438<br \/>\n\u0421\u043f\u0435\u0446\u0438\u0430\u043b\u044c\u043d\u043e \u0434\u043b\u044f \u043f\u0440\u043e\u043a\u0430\u0442\u0430 \u043d\u0430 \u0432\u043e\u0434\u043d\u043e\u043b\u044b\u0436\u043d\u044b\u0445 \u043a\u0443\u0440\u043e\u0440\u0442\u0430\u0445 \u0438 \u200b\u200b\u0441\u0442\u0430\u043d\u0446\u0438\u044f\u0445 \u0432\u043e\u0434\u043d\u044b\u0445 \u0432\u0438\u0434\u043e\u0432 \u0441\u043f\u043e\u0440\u0442\u0430<br \/>\n\u0420\u0435\u043c\u043d\u0438 \u0438 \u043a\u0440\u0443\u0433 \u0432\u043e\u043a\u0440\u0443\u0433 \u0440\u0430\u0437\u043c\u0435\u0440\u0430 \u0432\u0441\u0435\u0433\u0434\u0430 \u043e\u0434\u043d\u043e\u0433\u043e \u0446\u0432\u0435\u0442\u0430, \u0447\u0442\u043e \u0443\u043f\u0440\u043e\u0449\u0430\u0435\u0442 \u043d\u0430\u0437\u043d\u0430\u0447\u0435\u043d\u0438\u0435<br \/>\n\u0427\u0440\u0435\u0437\u0432\u044b\u0447\u0430\u0439\u043d\u043e \u043f\u0440\u043e\u0447\u043d\u044b\u0439 \u043d\u0430 \u0440\u0430\u0437\u0440\u044b\u0432 \u043c\u0430\u0442\u0435\u0440\u0438\u0430\u043b Codura \/ \u0421\u043a\u0440\u044b\u0442\u044b\u0435 \u0440\u0435\u043c\u043d\u0438 \u043d\u0430 \u0441\u043f\u0438\u043d\u0435 \u0434\u043b\u044f \u043e\u0431\u0435\u0441\u043f\u0435\u0447\u0435\u043d\u0438\u044f \u0431\u043e\u043b\u044c\u0448\u0435\u0439 \u0431\u0435\u0437\u043e\u043f\u0430\u0441\u043d\u043e\u0441\u0442\u0438<br \/>\n\u0412\u043e\u0434\u0430 \u0441\u0442\u0435\u043a\u0430\u0435\u0442 \u0432 \u043d\u0438\u0436\u043d\u044e\u044e \u0447\u0430\u0441\u0442\u044c \u0436\u0438\u043b\u0435\u0442\u0430 \u0434\u043b\u044f \u0431\u043e\u043b\u0435\u0435 \u0431\u044b\u0441\u0442\u0440\u043e\u0439 \u0441\u0443\u0448\u043a\u0438<\/p>\n<p>\u0420\u0430\u0437\u043c\u0435\u0440:<\/p>\n<p>\u041c\u043e\u043b\u043e\u0434\u0435\u0436\u043d\u044b\u0439 (\u043a\u0440\u0430\u0441\u043d\u044b\u0439\/\u0444\u0438\u043e\u043b\u0435\u0442\u043e\u0432\u044b\u0439)<br \/>\nXS (\u043a\u0440\u0430\u0441\u043d\u044b\u0439\/\u0437\u0435\u043b\u0435\u043d\u044b\u0439)<br \/>\nS\/M (\u043a\u0440\u0430\u0441\u043d\u044b\u0439\/\u043a\u0440\u0430\u0441\u043d\u044b\u0439)<br \/>\nL\/XL (\u043a\u0440\u0430\u0441\u043d\u044b\u0439\/\u0441\u0435\u0440\u044b\u0439)<br \/>\nXXL\/XXXL (\u043a\u0440\u0430\u0441\u043d\u044b\u0439\/\u0441\u0438\u043d\u0438\u0439)<\/p>\n<p>\u0418\u043d\u0434\u0438\u0432\u0438\u0434\u0443\u0430\u043b\u044c\u043d\u044b\u0439 \u0446\u0432\u0435\u0442\u043e\u0432\u043e\u0439 \u043a\u043e\u0434 \u0434\u043b\u044f \u043a\u0430\u0436\u0434\u043e\u0433\u043e \u0440\u0430\u0437\u043c\u0435\u0440\u0430 &#8212; \u041a\u043e\u0434 ICA (\u041c\u0435\u0436\u0434\u0443\u043d\u0430\u0440\u043e\u0434\u043d\u0430\u044f \u0430\u0441\u0441\u043e\u0446\u0438\u0430\u0446\u0438\u044f \u043a\u0430\u043d\u0430\u0442\u043d\u044b\u0445 \u0434\u043e\u0440\u043e\u0433)<\/p>\n<p>\u0420\u0430\u0437\u043c\u0435\u0440 \u0414\u0438\u0430\u043f\u0430\u0437\u043e\u043d \u0432\u0435\u0441\u0430 \u043a\u0433 \u0414\u0438\u0430\u043f\u0430\u0437\u043e\u043d \u0433\u0440\u0443\u0434\u0438 (\u0441\u043c) EEC \u041c\u0438\u043d\u0438\u043c\u0443\u043c<\/p>\n<p>\u041c\u043e\u043b\u043e\u0434\u0435\u0436\u044c 30-40 64-74 35N<\/p>\n<p>XS 40-50 71-81 40N<\/p>\n<p>S\/M 50-70 81-101 45N<\/p>\n<p>L\/XL 70+ 101-132 50N<\/p>\n<p>2XL\/3XL 70+ 127-152 50N<\/p>\n","protected":false},"excerpt":{"rendered":"<p>Art. Nr.18422P<\/p>\n<p>https:\/\/www.youtube.com\/watch?v=HUB2F7ZWGJE [&#8230;]<\/p>\n<p><a class=\"btn btn-secondary understrap-read-more-link\" href=\"https:\/\/www.waterskis.lv\/ru\/product\/%d0%b6%d0%b8%d0%bb%d0%b5%d1%82-spinera-rental-vest-classic-200d-nylon\/\">\u0427\u0438\u0442\u0430\u0442\u044c \u0434\u0430\u043b\u044c\u0448\u0435\u2026<\/a><\/p>\n","protected":false},"featured_media":65371,"comment_status":"closed","ping_status":"closed","template":"","meta":{"_acf_changed":false,"inline_featured_image":false},"product_brand":[2677],"product_cat":[1227,1275,1260,1266,366],"product_tag":[3611,3612,1278,3613,1448,3614,3190,3615,1609],"class_list":{"0":"post-65373","1":"product","2":"type-product","3":"status-publish","4":"has-post-thumbnail","6":"product_brand-spinera-professional","7":"product_cat-spinera-professional-ru","8":"product_cat-spinera-rental---","9":"product_cat-1260","10":"product_cat-1266","11":"product_cat-366","12":"product_tag-buoyancy-aid","13":"product_tag-certified-life-jacket","14":"product_tag-glabsanas-veste","15":"product_tag-life-jacket","16":"product_tag-peldveste","17":"product_tag-sertificeta-glabsanas-veste","18":"product_tag-spinera","19":"product_tag-3615","20":"product_tag-1609","22":"first","23":"instock","24":"shipping-taxable","25":"purchasable","26":"product-type-simple"},"acf":[],"yoast_head":"<!-- This site is optimized with the Yoast SEO plugin v27.4 - https:\/\/yoast.com\/product\/yoast-seo-wordpress\/ -->\n<title>\u0416\u0438\u043b\u0435\u0442 Spinera Rental Vest Classic 200D Nylon - WATERSKIS.LV<\/title>\n<meta name=\"description\" content=\"\u0416\u0438\u043b\u0435\u0442 Spinera Rental Vest Classic 200D Nylon \u0421\u043f\u0435\u0446\u0438\u0430\u043b\u044c\u043d\u043e \u0434\u043b\u044f \u043f\u0440\u043e\u043a\u0430\u0442\u0430 \u043d\u0430 \u0432\u043e\u0434\u043d\u043e\u043b\u044b\u0436\u043d\u044b\u0445 \u043a\u0443\u0440\u043e\u0440\u0442\u0430\u0445 \u0438 \u200b\u200b\u0441\u0442\u0430\u043d\u0446\u0438\u044f\u0445 \u0432\u043e\u0434\u043d\u044b\u0445 \u0432\u0438\u0434\u043e\u0432 \u0441\u043f\u043e\u0440\u0442\u0430\" \/>\n<meta name=\"robots\" content=\"index, follow, max-snippet:-1, max-image-preview:large, max-video-preview:-1\" \/>\n<link rel=\"canonical\" href=\"https:\/\/www.waterskis.lv\/ru\/product\/%d0%b6%d0%b8%d0%bb%d0%b5%d1%82-spinera-rental-vest-classic-200d-nylon\/\" \/>\n<meta property=\"og:locale\" content=\"ru_RU\" \/>\n<meta property=\"og:type\" content=\"article\" \/>\n<meta property=\"og:title\" content=\"\u0416\u0438\u043b\u0435\u0442 Spinera Rental Vest Classic 200D Nylon - WATERSKIS.LV\" \/>\n<meta property=\"og:description\" content=\"\u0416\u0438\u043b\u0435\u0442 Spinera Rental Vest Classic 200D Nylon \u0421\u043f\u0435\u0446\u0438\u0430\u043b\u044c\u043d\u043e \u0434\u043b\u044f \u043f\u0440\u043e\u043a\u0430\u0442\u0430 \u043d\u0430 \u0432\u043e\u0434\u043d\u043e\u043b\u044b\u0436\u043d\u044b\u0445 \u043a\u0443\u0440\u043e\u0440\u0442\u0430\u0445 \u0438 \u200b\u200b\u0441\u0442\u0430\u043d\u0446\u0438\u044f\u0445 \u0432\u043e\u0434\u043d\u044b\u0445 \u0432\u0438\u0434\u043e\u0432 \u0441\u043f\u043e\u0440\u0442\u0430\" \/>\n<meta property=\"og:url\" content=\"https:\/\/www.waterskis.lv\/ru\/product\/%d0%b6%d0%b8%d0%bb%d0%b5%d1%82-spinera-rental-vest-classic-200d-nylon\/\" \/>\n<meta property=\"og:site_name\" content=\"WATERSKIS.LV\" \/>\n<meta property=\"article:publisher\" content=\"https:\/\/www.facebook.com\/jurmalawaterskiwakeboardpark\/\" \/>\n<meta property=\"article:modified_time\" content=\"2026-02-07T08:13:34+00:00\" \/>\n<meta property=\"og:image\" content=\"https:\/\/www.waterskis.lv\/wp-content\/uploads\/2025\/04\/rental_vest_classic_200d_nylon_18422P_1.webp\" \/>\n\t<meta property=\"og:image:width\" content=\"2000\" \/>\n\t<meta property=\"og:image:height\" content=\"2000\" \/>\n\t<meta property=\"og:image:type\" content=\"image\/webp\" \/>\n<meta name=\"twitter:card\" content=\"summary_large_image\" \/>\n<meta name=\"twitter:label1\" content=\"\u041f\u0440\u0438\u043c\u0435\u0440\u043d\u043e\u0435 \u0432\u0440\u0435\u043c\u044f \u0434\u043b\u044f \u0447\u0442\u0435\u043d\u0438\u044f\" \/>\n\t<meta name=\"twitter:data1\" content=\"2 \u043c\u0438\u043d\u0443\u0442\u044b\" \/>\n<script type=\"application\/ld+json\" class=\"yoast-schema-graph\">{\"@context\":\"https:\\\/\\\/schema.org\",\"@graph\":[{\"@type\":\"WebPage\",\"@id\":\"https:\\\/\\\/www.waterskis.lv\\\/ru\\\/product\\\/%d0%b6%d0%b8%d0%bb%d0%b5%d1%82-spinera-rental-vest-classic-200d-nylon\\\/\",\"url\":\"https:\\\/\\\/www.waterskis.lv\\\/ru\\\/product\\\/%d0%b6%d0%b8%d0%bb%d0%b5%d1%82-spinera-rental-vest-classic-200d-nylon\\\/\",\"name\":\"\u0416\u0438\u043b\u0435\u0442 Spinera Rental Vest Classic 200D Nylon - WATERSKIS.LV\",\"isPartOf\":{\"@id\":\"https:\\\/\\\/www.waterskis.lv\\\/ru\\\/#website\"},\"primaryImageOfPage\":{\"@id\":\"https:\\\/\\\/www.waterskis.lv\\\/ru\\\/product\\\/%d0%b6%d0%b8%d0%bb%d0%b5%d1%82-spinera-rental-vest-classic-200d-nylon\\\/#primaryimage\"},\"image\":{\"@id\":\"https:\\\/\\\/www.waterskis.lv\\\/ru\\\/product\\\/%d0%b6%d0%b8%d0%bb%d0%b5%d1%82-spinera-rental-vest-classic-200d-nylon\\\/#primaryimage\"},\"thumbnailUrl\":\"https:\\\/\\\/www.waterskis.lv\\\/wp-content\\\/uploads\\\/2025\\\/04\\\/rental_vest_classic_200d_nylon_18422P_1.webp\",\"datePublished\":\"2025-04-09T16:07:39+00:00\",\"dateModified\":\"2026-02-07T08:13:34+00:00\",\"description\":\"\u0416\u0438\u043b\u0435\u0442 Spinera Rental Vest Classic 200D Nylon \u0421\u043f\u0435\u0446\u0438\u0430\u043b\u044c\u043d\u043e \u0434\u043b\u044f \u043f\u0440\u043e\u043a\u0430\u0442\u0430 \u043d\u0430 \u0432\u043e\u0434\u043d\u043e\u043b\u044b\u0436\u043d\u044b\u0445 \u043a\u0443\u0440\u043e\u0440\u0442\u0430\u0445 \u0438 \u200b\u200b\u0441\u0442\u0430\u043d\u0446\u0438\u044f\u0445 \u0432\u043e\u0434\u043d\u044b\u0445 \u0432\u0438\u0434\u043e\u0432 \u0441\u043f\u043e\u0440\u0442\u0430\",\"breadcrumb\":{\"@id\":\"https:\\\/\\\/www.waterskis.lv\\\/ru\\\/product\\\/%d0%b6%d0%b8%d0%bb%d0%b5%d1%82-spinera-rental-vest-classic-200d-nylon\\\/#breadcrumb\"},\"inLanguage\":\"ru-RU\",\"potentialAction\":[{\"@type\":\"ReadAction\",\"target\":[\"https:\\\/\\\/www.waterskis.lv\\\/ru\\\/product\\\/%d0%b6%d0%b8%d0%bb%d0%b5%d1%82-spinera-rental-vest-classic-200d-nylon\\\/\"]}]},{\"@type\":\"ImageObject\",\"inLanguage\":\"ru-RU\",\"@id\":\"https:\\\/\\\/www.waterskis.lv\\\/ru\\\/product\\\/%d0%b6%d0%b8%d0%bb%d0%b5%d1%82-spinera-rental-vest-classic-200d-nylon\\\/#primaryimage\",\"url\":\"https:\\\/\\\/www.waterskis.lv\\\/wp-content\\\/uploads\\\/2025\\\/04\\\/rental_vest_classic_200d_nylon_18422P_1.webp\",\"contentUrl\":\"https:\\\/\\\/www.waterskis.lv\\\/wp-content\\\/uploads\\\/2025\\\/04\\\/rental_vest_classic_200d_nylon_18422P_1.webp\",\"width\":2000,\"height\":2000,\"caption\":\"Gl\u0101b\u0161anas veste Spinera Rental Vest Classic 200D neilons\"},{\"@type\":\"BreadcrumbList\",\"@id\":\"https:\\\/\\\/www.waterskis.lv\\\/ru\\\/product\\\/%d0%b6%d0%b8%d0%bb%d0%b5%d1%82-spinera-rental-vest-classic-200d-nylon\\\/#breadcrumb\",\"itemListElement\":[{\"@type\":\"ListItem\",\"position\":1,\"name\":\"Home\",\"item\":\"https:\\\/\\\/www.waterskis.lv\\\/ru\\\/\"},{\"@type\":\"ListItem\",\"position\":2,\"name\":\"\u041c\u0430\u0433\u0430\u0437\u0438\u043d\",\"item\":\"https:\\\/\\\/www.waterskis.lv\\\/ru\\\/%d0%bc%d0%b0%d0%b3%d0%b0%d0%b7%d0%b8%d0%bd\\\/\"},{\"@type\":\"ListItem\",\"position\":3,\"name\":\"\u0416\u0438\u043b\u0435\u0442 Spinera Rental Vest Classic 200D Nylon\"}]},{\"@type\":\"WebSite\",\"@id\":\"https:\\\/\\\/www.waterskis.lv\\\/ru\\\/#website\",\"url\":\"https:\\\/\\\/www.waterskis.lv\\\/ru\\\/\",\"name\":\"WATERSKIS.LV\",\"description\":\"SUP d\u0113\u013ci, kajaki, kanoe, airu laivas, \u016bdenssl\u0113po\u0161ana, veikbords, SUP d\u0113\u013cu noma, kajaku nomaakt\u012bv\u0101s atp\u016btas centrs, laivu noma, sup noma, kajaku noma\",\"publisher\":{\"@id\":\"https:\\\/\\\/www.waterskis.lv\\\/ru\\\/#organization\"},\"potentialAction\":[{\"@type\":\"SearchAction\",\"target\":{\"@type\":\"EntryPoint\",\"urlTemplate\":\"https:\\\/\\\/www.waterskis.lv\\\/ru\\\/?s={search_term_string}\"},\"query-input\":{\"@type\":\"PropertyValueSpecification\",\"valueRequired\":true,\"valueName\":\"search_term_string\"}}],\"inLanguage\":\"ru-RU\"},{\"@type\":\"Organization\",\"@id\":\"https:\\\/\\\/www.waterskis.lv\\\/ru\\\/#organization\",\"name\":\"WATERSKIS.LV\",\"url\":\"https:\\\/\\\/www.waterskis.lv\\\/ru\\\/\",\"logo\":{\"@type\":\"ImageObject\",\"inLanguage\":\"ru-RU\",\"@id\":\"https:\\\/\\\/www.waterskis.lv\\\/ru\\\/#\\\/schema\\\/logo\\\/image\\\/\",\"url\":\"https:\\\/\\\/www.waterskis.lv\\\/wp-content\\\/uploads\\\/2025\\\/01\\\/JUVP-logo.png\",\"contentUrl\":\"https:\\\/\\\/www.waterskis.lv\\\/wp-content\\\/uploads\\\/2025\\\/01\\\/JUVP-logo.png\",\"width\":421,\"height\":202,\"caption\":\"WATERSKIS.LV\"},\"image\":{\"@id\":\"https:\\\/\\\/www.waterskis.lv\\\/ru\\\/#\\\/schema\\\/logo\\\/image\\\/\"},\"sameAs\":[\"https:\\\/\\\/www.facebook.com\\\/jurmalawaterskiwakeboardpark\\\/\"]}]}<\/script>\n<!-- \/ Yoast SEO plugin. -->","yoast_head_json":{"title":"\u0416\u0438\u043b\u0435\u0442 Spinera Rental Vest Classic 200D Nylon - WATERSKIS.LV","description":"\u0416\u0438\u043b\u0435\u0442 Spinera Rental Vest Classic 200D Nylon \u0421\u043f\u0435\u0446\u0438\u0430\u043b\u044c\u043d\u043e \u0434\u043b\u044f \u043f\u0440\u043e\u043a\u0430\u0442\u0430 \u043d\u0430 \u0432\u043e\u0434\u043d\u043e\u043b\u044b\u0436\u043d\u044b\u0445 \u043a\u0443\u0440\u043e\u0440\u0442\u0430\u0445 \u0438 \u200b\u200b\u0441\u0442\u0430\u043d\u0446\u0438\u044f\u0445 \u0432\u043e\u0434\u043d\u044b\u0445 \u0432\u0438\u0434\u043e\u0432 \u0441\u043f\u043e\u0440\u0442\u0430","robots":{"index":"index","follow":"follow","max-snippet":"max-snippet:-1","max-image-preview":"max-image-preview:large","max-video-preview":"max-video-preview:-1"},"canonical":"https:\/\/www.waterskis.lv\/ru\/product\/%d0%b6%d0%b8%d0%bb%d0%b5%d1%82-spinera-rental-vest-classic-200d-nylon\/","og_locale":"ru_RU","og_type":"article","og_title":"\u0416\u0438\u043b\u0435\u0442 Spinera Rental Vest Classic 200D Nylon - WATERSKIS.LV","og_description":"\u0416\u0438\u043b\u0435\u0442 Spinera Rental Vest Classic 200D Nylon \u0421\u043f\u0435\u0446\u0438\u0430\u043b\u044c\u043d\u043e \u0434\u043b\u044f \u043f\u0440\u043e\u043a\u0430\u0442\u0430 \u043d\u0430 \u0432\u043e\u0434\u043d\u043e\u043b\u044b\u0436\u043d\u044b\u0445 \u043a\u0443\u0440\u043e\u0440\u0442\u0430\u0445 \u0438 \u200b\u200b\u0441\u0442\u0430\u043d\u0446\u0438\u044f\u0445 \u0432\u043e\u0434\u043d\u044b\u0445 \u0432\u0438\u0434\u043e\u0432 \u0441\u043f\u043e\u0440\u0442\u0430","og_url":"https:\/\/www.waterskis.lv\/ru\/product\/%d0%b6%d0%b8%d0%bb%d0%b5%d1%82-spinera-rental-vest-classic-200d-nylon\/","og_site_name":"WATERSKIS.LV","article_publisher":"https:\/\/www.facebook.com\/jurmalawaterskiwakeboardpark\/","article_modified_time":"2026-02-07T08:13:34+00:00","og_image":[{"width":2000,"height":2000,"url":"https:\/\/www.waterskis.lv\/wp-content\/uploads\/2025\/04\/rental_vest_classic_200d_nylon_18422P_1.webp","type":"image\/webp"}],"twitter_card":"summary_large_image","twitter_misc":{"\u041f\u0440\u0438\u043c\u0435\u0440\u043d\u043e\u0435 \u0432\u0440\u0435\u043c\u044f \u0434\u043b\u044f \u0447\u0442\u0435\u043d\u0438\u044f":"2 \u043c\u0438\u043d\u0443\u0442\u044b"},"schema":{"@context":"https:\/\/schema.org","@graph":[{"@type":"WebPage","@id":"https:\/\/www.waterskis.lv\/ru\/product\/%d0%b6%d0%b8%d0%bb%d0%b5%d1%82-spinera-rental-vest-classic-200d-nylon\/","url":"https:\/\/www.waterskis.lv\/ru\/product\/%d0%b6%d0%b8%d0%bb%d0%b5%d1%82-spinera-rental-vest-classic-200d-nylon\/","name":"\u0416\u0438\u043b\u0435\u0442 Spinera Rental Vest Classic 200D Nylon - WATERSKIS.LV","isPartOf":{"@id":"https:\/\/www.waterskis.lv\/ru\/#website"},"primaryImageOfPage":{"@id":"https:\/\/www.waterskis.lv\/ru\/product\/%d0%b6%d0%b8%d0%bb%d0%b5%d1%82-spinera-rental-vest-classic-200d-nylon\/#primaryimage"},"image":{"@id":"https:\/\/www.waterskis.lv\/ru\/product\/%d0%b6%d0%b8%d0%bb%d0%b5%d1%82-spinera-rental-vest-classic-200d-nylon\/#primaryimage"},"thumbnailUrl":"https:\/\/www.waterskis.lv\/wp-content\/uploads\/2025\/04\/rental_vest_classic_200d_nylon_18422P_1.webp","datePublished":"2025-04-09T16:07:39+00:00","dateModified":"2026-02-07T08:13:34+00:00","description":"\u0416\u0438\u043b\u0435\u0442 Spinera Rental Vest Classic 200D Nylon \u0421\u043f\u0435\u0446\u0438\u0430\u043b\u044c\u043d\u043e \u0434\u043b\u044f \u043f\u0440\u043e\u043a\u0430\u0442\u0430 \u043d\u0430 \u0432\u043e\u0434\u043d\u043e\u043b\u044b\u0436\u043d\u044b\u0445 \u043a\u0443\u0440\u043e\u0440\u0442\u0430\u0445 \u0438 \u200b\u200b\u0441\u0442\u0430\u043d\u0446\u0438\u044f\u0445 \u0432\u043e\u0434\u043d\u044b\u0445 \u0432\u0438\u0434\u043e\u0432 \u0441\u043f\u043e\u0440\u0442\u0430","breadcrumb":{"@id":"https:\/\/www.waterskis.lv\/ru\/product\/%d0%b6%d0%b8%d0%bb%d0%b5%d1%82-spinera-rental-vest-classic-200d-nylon\/#breadcrumb"},"inLanguage":"ru-RU","potentialAction":[{"@type":"ReadAction","target":["https:\/\/www.waterskis.lv\/ru\/product\/%d0%b6%d0%b8%d0%bb%d0%b5%d1%82-spinera-rental-vest-classic-200d-nylon\/"]}]},{"@type":"ImageObject","inLanguage":"ru-RU","@id":"https:\/\/www.waterskis.lv\/ru\/product\/%d0%b6%d0%b8%d0%bb%d0%b5%d1%82-spinera-rental-vest-classic-200d-nylon\/#primaryimage","url":"https:\/\/www.waterskis.lv\/wp-content\/uploads\/2025\/04\/rental_vest_classic_200d_nylon_18422P_1.webp","contentUrl":"https:\/\/www.waterskis.lv\/wp-content\/uploads\/2025\/04\/rental_vest_classic_200d_nylon_18422P_1.webp","width":2000,"height":2000,"caption":"Gl\u0101b\u0161anas veste Spinera Rental Vest Classic 200D neilons"},{"@type":"BreadcrumbList","@id":"https:\/\/www.waterskis.lv\/ru\/product\/%d0%b6%d0%b8%d0%bb%d0%b5%d1%82-spinera-rental-vest-classic-200d-nylon\/#breadcrumb","itemListElement":[{"@type":"ListItem","position":1,"name":"Home","item":"https:\/\/www.waterskis.lv\/ru\/"},{"@type":"ListItem","position":2,"name":"\u041c\u0430\u0433\u0430\u0437\u0438\u043d","item":"https:\/\/www.waterskis.lv\/ru\/%d0%bc%d0%b0%d0%b3%d0%b0%d0%b7%d0%b8%d0%bd\/"},{"@type":"ListItem","position":3,"name":"\u0416\u0438\u043b\u0435\u0442 Spinera Rental Vest Classic 200D Nylon"}]},{"@type":"WebSite","@id":"https:\/\/www.waterskis.lv\/ru\/#website","url":"https:\/\/www.waterskis.lv\/ru\/","name":"WATERSKIS.LV","description":"SUP d\u0113\u013ci, kajaki, kanoe, airu laivas, \u016bdenssl\u0113po\u0161ana, veikbords, SUP d\u0113\u013cu noma, kajaku nomaakt\u012bv\u0101s atp\u016btas centrs, laivu noma, sup noma, kajaku noma","publisher":{"@id":"https:\/\/www.waterskis.lv\/ru\/#organization"},"potentialAction":[{"@type":"SearchAction","target":{"@type":"EntryPoint","urlTemplate":"https:\/\/www.waterskis.lv\/ru\/?s={search_term_string}"},"query-input":{"@type":"PropertyValueSpecification","valueRequired":true,"valueName":"search_term_string"}}],"inLanguage":"ru-RU"},{"@type":"Organization","@id":"https:\/\/www.waterskis.lv\/ru\/#organization","name":"WATERSKIS.LV","url":"https:\/\/www.waterskis.lv\/ru\/","logo":{"@type":"ImageObject","inLanguage":"ru-RU","@id":"https:\/\/www.waterskis.lv\/ru\/#\/schema\/logo\/image\/","url":"https:\/\/www.waterskis.lv\/wp-content\/uploads\/2025\/01\/JUVP-logo.png","contentUrl":"https:\/\/www.waterskis.lv\/wp-content\/uploads\/2025\/01\/JUVP-logo.png","width":421,"height":202,"caption":"WATERSKIS.LV"},"image":{"@id":"https:\/\/www.waterskis.lv\/ru\/#\/schema\/logo\/image\/"},"sameAs":["https:\/\/www.facebook.com\/jurmalawaterskiwakeboardpark\/"]}]}},"_links":{"self":[{"href":"https:\/\/www.waterskis.lv\/ru\/wp-json\/wp\/v2\/product\/65373","targetHints":{"allow":["GET"]}}],"collection":[{"href":"https:\/\/www.waterskis.lv\/ru\/wp-json\/wp\/v2\/product"}],"about":[{"href":"https:\/\/www.waterskis.lv\/ru\/wp-json\/wp\/v2\/types\/product"}],"replies":[{"embeddable":true,"href":"https:\/\/www.waterskis.lv\/ru\/wp-json\/wp\/v2\/comments?post=65373"}],"wp:featuredmedia":[{"embeddable":true,"href":"https:\/\/www.waterskis.lv\/ru\/wp-json\/wp\/v2\/media\/65371"}],"wp:attachment":[{"href":"https:\/\/www.waterskis.lv\/ru\/wp-json\/wp\/v2\/media?parent=65373"}],"wp:term":[{"taxonomy":"product_brand","embeddable":true,"href":"https:\/\/www.waterskis.lv\/ru\/wp-json\/wp\/v2\/product_brand?post=65373"},{"taxonomy":"product_cat","embeddable":true,"href":"https:\/\/www.waterskis.lv\/ru\/wp-json\/wp\/v2\/product_cat?post=65373"},{"taxonomy":"product_tag","embeddable":true,"href":"https:\/\/www.waterskis.lv\/ru\/wp-json\/wp\/v2\/product_tag?post=65373"}],"curies":[{"name":"wp","href":"https:\/\/api.w.org\/{rel}","templated":true}]}}