{"id":65393,"date":"2025-04-09T18:34:40","date_gmt":"2025-04-09T16:34:40","guid":{"rendered":"https:\/\/www.waterskis.lv\/product\/spinera-sup-kajaka-akvaparka-neilona-veste-50n\/"},"modified":"2026-02-07T10:12:55","modified_gmt":"2026-02-07T08:12:55","slug":"%d0%b6%d0%b8%d0%bb%d0%b5%d1%82-spinera-sup-kayak-aquapark-nylon-50n","status":"publish","type":"product","link":"https:\/\/www.waterskis.lv\/ru\/product\/%d0%b6%d0%b8%d0%bb%d0%b5%d1%82-spinera-sup-kayak-aquapark-nylon-50n\/","title":{"rendered":"\u0416\u0438\u043b\u0435\u0442 Spinera SUP \/ Kayak \/ Aquapark Nylon &#8212; 50N"},"content":{"rendered":"<h1>\u0416\u0438\u043b\u0435\u0442 Spinera SUP \/ Kayak \/ Aquapark Nylon &#8212; 50N<\/h1>\n<p>\u0416\u0438\u043b\u0435\u0442 Spinera SUP \/ Kayak \/ Aquapark Nylon &#8212; 50N<\/p>\n<p>Art. No.\u00a019351P<\/p>\n<p>\u0418\u0434\u0435\u0430\u043b\u044c\u043d\u044b\u0439 \u0436\u0438\u043b\u0435\u0442 \u0434\u043b\u044f \u043a\u0430\u044f\u043a\u0430 \u0441 \u043f\u043b\u0430\u0432\u0443\u0447\u0435\u0441\u0442\u044c\u044e 50N. \u041a\u043e\u0440\u043e\u0442\u043a\u0438\u0439 \u043a\u0440\u043e\u0439, \u043f\u043e\u044d\u0442\u043e\u043c\u0443 \u0432\u044b \u0441\u0438\u0434\u0438\u0442\u0435 \u043e\u0447\u0435\u043d\u044c \u043a\u043e\u043c\u0444\u043e\u0440\u0442\u043d\u043e.<\/p>\n<p>\u0428\u0438\u0440\u043e\u043a\u0438\u0435 \u043f\u0440\u043e\u0439\u043c\u044b, \u043f\u043e\u044d\u0442\u043e\u043c\u0443 \u0438\u0434\u0435\u0430\u043b\u044c\u043d\u043e \u043f\u043e\u0434\u0445\u043e\u0434\u044f\u0442 \u0434\u043b\u044f \u0438\u0441\u043f\u043e\u043b\u044c\u0437\u043e\u0432\u0430\u043d\u0438\u044f SUP. \u0422\u0430\u043a\u0436\u0435 \u043c\u043e\u0436\u043d\u043e \u0438\u0441\u043f\u043e\u043b\u044c\u0437\u043e\u0432\u0430\u0442\u044c \u0432 \u0430\u043a\u0432\u0430\u043f\u0430\u0440\u043a\u0430\u0445.<\/p>\n<p>\u0416\u0438\u043b\u0435\u0442, \u043e\u0434\u043e\u0431\u0440\u0435\u043d\u043d\u044b\u0439 EN ISO 12402-5 50N.<\/p>\n<p>\u0420\u0430\u0437\u043c\u0435\u0440: \u0434\u0435\u0442\u0441\u043a\u0438\u0439, \u044e\u043d\u0438\u043e\u0440\u0441\u043a\u0438\u0439, S\/M, M\/L, L\/XL, XXL<\/p>\n<p>\u0414\u0435\u0442\u0441\u043a\u0438\u0439: 25\u201329 \u0434\u044e\u0439\u043c\u043e\u0432 \/ 63\u201373 \u0441\u043c = \u0434\u043e 30 \u043a\u0433<\/p>\n<p>\u042e\u043d\u0438\u043e\u0440\u0441\u043a\u0438\u0439: 30\u201334 \u0434\u044e\u0439\u043c\u0430 \/ 76\u201386 \u0441\u043c = 30\u201340 \u043a\u0433<\/p>\n<p>S\/M: 34\u201342 \u0434\u044e\u0439\u043c\u0430 \/ 86\u2013106 \u0441\u043c = 40\u201360 \u043a\u0433<\/p>\n<p>M\/L: 42\u201346 \u0434\u044e\u0439\u043c\u043e\u0432 \/ 106\u2013116 \u0441\u043c = 60\u201380 \u043a\u0433<\/p>\n<p>L\/XL: 46\u201350 \u0434\u044e\u0439\u043c\u043e\u0432 \/ 116\u2013127 \u0441\u043c = &lt; 80 \u043a\u0433<\/p>\n<p>XXL: \u0431\u043e\u043b\u0435\u0435 50 \u0434\u044e\u0439\u043c\u043e\u0432 \/ \u0441\u0432\u044b\u0448\u0435 127 \u0441\u043c = &gt; 80 \u043a\u0433<\/p>\n","protected":false},"excerpt":{"rendered":"<p>Art. No.\u00a019351P<\/p>\n<p>https:\/\/www.youtube.com\/watch?v=HUB2F7ZWGJE [&#8230;]<\/p>\n<p><a class=\"btn btn-secondary understrap-read-more-link\" href=\"https:\/\/www.waterskis.lv\/ru\/product\/%d0%b6%d0%b8%d0%bb%d0%b5%d1%82-spinera-sup-kayak-aquapark-nylon-50n\/\">\u0427\u0438\u0442\u0430\u0442\u044c \u0434\u0430\u043b\u044c\u0448\u0435\u2026<\/a><\/p>\n","protected":false},"featured_media":65379,"comment_status":"closed","ping_status":"closed","template":"","meta":{"_acf_changed":false,"inline_featured_image":false},"product_brand":[2677],"product_cat":[1227,1275,1260,1266,366],"product_tag":[3611,3612,1278,3613,1448,3614,3190,3615,1609],"class_list":{"0":"post-65393","1":"product","2":"type-product","3":"status-publish","4":"has-post-thumbnail","6":"product_brand-spinera-professional","7":"product_cat-spinera-professional-ru","8":"product_cat-spinera-rental---","9":"product_cat-1260","10":"product_cat-1266","11":"product_cat-366","12":"product_tag-buoyancy-aid","13":"product_tag-certified-life-jacket","14":"product_tag-glabsanas-veste","15":"product_tag-life-jacket","16":"product_tag-peldveste","17":"product_tag-sertificeta-glabsanas-veste","18":"product_tag-spinera","19":"product_tag-3615","20":"product_tag-1609","22":"first","23":"instock","24":"shipping-taxable","25":"purchasable","26":"product-type-simple"},"acf":[],"yoast_head":"<!-- This site is optimized with the Yoast SEO plugin v27.4 - https:\/\/yoast.com\/product\/yoast-seo-wordpress\/ -->\n<title>\u0416\u0438\u043b\u0435\u0442 Spinera SUP \/ Kayak \/ Aquapark Nylon - 50N - WATERSKIS.LV<\/title>\n<meta name=\"description\" content=\"\u0416\u0438\u043b\u0435\u0442 Spinera SUP \/ Kayak \/ Aquapark Nylon - 50N. \u0428\u0438\u0440\u043e\u043a\u0438\u0435 \u043f\u0440\u043e\u0439\u043c\u044b, \u043f\u043e\u044d\u0442\u043e\u043c\u0443 \u0438\u0434\u0435\u0430\u043b\u044c\u043d\u043e \u043f\u043e\u0434\u0445\u043e\u0434\u044f\u0442 \u0434\u043b\u044f \u0438\u0441\u043f\u043e\u043b\u044c\u0437\u043e\u0432\u0430\u043d\u0438\u044f SUP. \u0422\u0430\u043a\u0436\u0435 \u043c\u043e\u0436\u043d\u043e \u0438\u0441\u043f\u043e\u043b\u044c\u0437\u043e\u0432\u0430\u0442\u044c \u0432 \u0430\u043a\u0432\u0430\u043f\u0430\u0440\u043a\u0430\u0445.\" \/>\n<meta name=\"robots\" content=\"index, follow, max-snippet:-1, max-image-preview:large, max-video-preview:-1\" \/>\n<link rel=\"canonical\" href=\"https:\/\/www.waterskis.lv\/ru\/product\/%d0%b6%d0%b8%d0%bb%d0%b5%d1%82-spinera-sup-kayak-aquapark-nylon-50n\/\" \/>\n<meta property=\"og:locale\" content=\"ru_RU\" \/>\n<meta property=\"og:type\" content=\"article\" \/>\n<meta property=\"og:title\" content=\"\u0416\u0438\u043b\u0435\u0442 Spinera SUP \/ Kayak \/ Aquapark Nylon - 50N - WATERSKIS.LV\" \/>\n<meta property=\"og:description\" content=\"\u0416\u0438\u043b\u0435\u0442 Spinera SUP \/ Kayak \/ Aquapark Nylon - 50N. \u0428\u0438\u0440\u043e\u043a\u0438\u0435 \u043f\u0440\u043e\u0439\u043c\u044b, \u043f\u043e\u044d\u0442\u043e\u043c\u0443 \u0438\u0434\u0435\u0430\u043b\u044c\u043d\u043e \u043f\u043e\u0434\u0445\u043e\u0434\u044f\u0442 \u0434\u043b\u044f \u0438\u0441\u043f\u043e\u043b\u044c\u0437\u043e\u0432\u0430\u043d\u0438\u044f SUP. \u0422\u0430\u043a\u0436\u0435 \u043c\u043e\u0436\u043d\u043e \u0438\u0441\u043f\u043e\u043b\u044c\u0437\u043e\u0432\u0430\u0442\u044c \u0432 \u0430\u043a\u0432\u0430\u043f\u0430\u0440\u043a\u0430\u0445.\" \/>\n<meta property=\"og:url\" content=\"https:\/\/www.waterskis.lv\/ru\/product\/%d0%b6%d0%b8%d0%bb%d0%b5%d1%82-spinera-sup-kayak-aquapark-nylon-50n\/\" \/>\n<meta property=\"og:site_name\" content=\"WATERSKIS.LV\" \/>\n<meta property=\"article:publisher\" content=\"https:\/\/www.facebook.com\/jurmalawaterskiwakeboardpark\/\" \/>\n<meta property=\"article:modified_time\" content=\"2026-02-07T08:12:55+00:00\" \/>\n<meta property=\"og:image\" content=\"https:\/\/www.waterskis.lv\/wp-content\/uploads\/2025\/04\/19351P_image_19351p_spinera_sup___kayak___aquapark_nylon_vest_-_50n_19351P_1.webp\" \/>\n\t<meta property=\"og:image:width\" content=\"2000\" \/>\n\t<meta property=\"og:image:height\" content=\"2000\" \/>\n\t<meta property=\"og:image:type\" content=\"image\/webp\" \/>\n<meta name=\"twitter:card\" content=\"summary_large_image\" \/>\n<meta name=\"twitter:label1\" content=\"\u041f\u0440\u0438\u043c\u0435\u0440\u043d\u043e\u0435 \u0432\u0440\u0435\u043c\u044f \u0434\u043b\u044f \u0447\u0442\u0435\u043d\u0438\u044f\" \/>\n\t<meta name=\"twitter:data1\" content=\"1 \u043c\u0438\u043d\u0443\u0442\u0430\" \/>\n<script type=\"application\/ld+json\" class=\"yoast-schema-graph\">{\"@context\":\"https:\\\/\\\/schema.org\",\"@graph\":[{\"@type\":\"WebPage\",\"@id\":\"https:\\\/\\\/www.waterskis.lv\\\/ru\\\/product\\\/%d0%b6%d0%b8%d0%bb%d0%b5%d1%82-spinera-sup-kayak-aquapark-nylon-50n\\\/\",\"url\":\"https:\\\/\\\/www.waterskis.lv\\\/ru\\\/product\\\/%d0%b6%d0%b8%d0%bb%d0%b5%d1%82-spinera-sup-kayak-aquapark-nylon-50n\\\/\",\"name\":\"\u0416\u0438\u043b\u0435\u0442 Spinera SUP \\\/ Kayak \\\/ Aquapark Nylon - 50N - WATERSKIS.LV\",\"isPartOf\":{\"@id\":\"https:\\\/\\\/www.waterskis.lv\\\/ru\\\/#website\"},\"primaryImageOfPage\":{\"@id\":\"https:\\\/\\\/www.waterskis.lv\\\/ru\\\/product\\\/%d0%b6%d0%b8%d0%bb%d0%b5%d1%82-spinera-sup-kayak-aquapark-nylon-50n\\\/#primaryimage\"},\"image\":{\"@id\":\"https:\\\/\\\/www.waterskis.lv\\\/ru\\\/product\\\/%d0%b6%d0%b8%d0%bb%d0%b5%d1%82-spinera-sup-kayak-aquapark-nylon-50n\\\/#primaryimage\"},\"thumbnailUrl\":\"https:\\\/\\\/www.waterskis.lv\\\/wp-content\\\/uploads\\\/2025\\\/04\\\/19351P_image_19351p_spinera_sup___kayak___aquapark_nylon_vest_-_50n_19351P_1.webp\",\"datePublished\":\"2025-04-09T16:34:40+00:00\",\"dateModified\":\"2026-02-07T08:12:55+00:00\",\"description\":\"\u0416\u0438\u043b\u0435\u0442 Spinera SUP \\\/ Kayak \\\/ Aquapark Nylon - 50N. \u0428\u0438\u0440\u043e\u043a\u0438\u0435 \u043f\u0440\u043e\u0439\u043c\u044b, \u043f\u043e\u044d\u0442\u043e\u043c\u0443 \u0438\u0434\u0435\u0430\u043b\u044c\u043d\u043e \u043f\u043e\u0434\u0445\u043e\u0434\u044f\u0442 \u0434\u043b\u044f \u0438\u0441\u043f\u043e\u043b\u044c\u0437\u043e\u0432\u0430\u043d\u0438\u044f SUP. \u0422\u0430\u043a\u0436\u0435 \u043c\u043e\u0436\u043d\u043e \u0438\u0441\u043f\u043e\u043b\u044c\u0437\u043e\u0432\u0430\u0442\u044c \u0432 \u0430\u043a\u0432\u0430\u043f\u0430\u0440\u043a\u0430\u0445.\",\"breadcrumb\":{\"@id\":\"https:\\\/\\\/www.waterskis.lv\\\/ru\\\/product\\\/%d0%b6%d0%b8%d0%bb%d0%b5%d1%82-spinera-sup-kayak-aquapark-nylon-50n\\\/#breadcrumb\"},\"inLanguage\":\"ru-RU\",\"potentialAction\":[{\"@type\":\"ReadAction\",\"target\":[\"https:\\\/\\\/www.waterskis.lv\\\/ru\\\/product\\\/%d0%b6%d0%b8%d0%bb%d0%b5%d1%82-spinera-sup-kayak-aquapark-nylon-50n\\\/\"]}]},{\"@type\":\"ImageObject\",\"inLanguage\":\"ru-RU\",\"@id\":\"https:\\\/\\\/www.waterskis.lv\\\/ru\\\/product\\\/%d0%b6%d0%b8%d0%bb%d0%b5%d1%82-spinera-sup-kayak-aquapark-nylon-50n\\\/#primaryimage\",\"url\":\"https:\\\/\\\/www.waterskis.lv\\\/wp-content\\\/uploads\\\/2025\\\/04\\\/19351P_image_19351p_spinera_sup___kayak___aquapark_nylon_vest_-_50n_19351P_1.webp\",\"contentUrl\":\"https:\\\/\\\/www.waterskis.lv\\\/wp-content\\\/uploads\\\/2025\\\/04\\\/19351P_image_19351p_spinera_sup___kayak___aquapark_nylon_vest_-_50n_19351P_1.webp\",\"width\":2000,\"height\":2000,\"caption\":\"Spinera SUP Kajaka Akvaparka neilona veste - 50N\"},{\"@type\":\"BreadcrumbList\",\"@id\":\"https:\\\/\\\/www.waterskis.lv\\\/ru\\\/product\\\/%d0%b6%d0%b8%d0%bb%d0%b5%d1%82-spinera-sup-kayak-aquapark-nylon-50n\\\/#breadcrumb\",\"itemListElement\":[{\"@type\":\"ListItem\",\"position\":1,\"name\":\"Home\",\"item\":\"https:\\\/\\\/www.waterskis.lv\\\/ru\\\/\"},{\"@type\":\"ListItem\",\"position\":2,\"name\":\"\u041c\u0430\u0433\u0430\u0437\u0438\u043d\",\"item\":\"https:\\\/\\\/www.waterskis.lv\\\/ru\\\/%d0%bc%d0%b0%d0%b3%d0%b0%d0%b7%d0%b8%d0%bd\\\/\"},{\"@type\":\"ListItem\",\"position\":3,\"name\":\"\u0416\u0438\u043b\u0435\u0442 Spinera SUP \\\/ Kayak \\\/ Aquapark Nylon &#8211; 50N\"}]},{\"@type\":\"WebSite\",\"@id\":\"https:\\\/\\\/www.waterskis.lv\\\/ru\\\/#website\",\"url\":\"https:\\\/\\\/www.waterskis.lv\\\/ru\\\/\",\"name\":\"WATERSKIS.LV\",\"description\":\"SUP d\u0113\u013ci, kajaki, kanoe, airu laivas, \u016bdenssl\u0113po\u0161ana, veikbords, SUP d\u0113\u013cu noma, kajaku nomaakt\u012bv\u0101s atp\u016btas centrs, laivu noma, sup noma, kajaku noma\",\"publisher\":{\"@id\":\"https:\\\/\\\/www.waterskis.lv\\\/ru\\\/#organization\"},\"potentialAction\":[{\"@type\":\"SearchAction\",\"target\":{\"@type\":\"EntryPoint\",\"urlTemplate\":\"https:\\\/\\\/www.waterskis.lv\\\/ru\\\/?s={search_term_string}\"},\"query-input\":{\"@type\":\"PropertyValueSpecification\",\"valueRequired\":true,\"valueName\":\"search_term_string\"}}],\"inLanguage\":\"ru-RU\"},{\"@type\":\"Organization\",\"@id\":\"https:\\\/\\\/www.waterskis.lv\\\/ru\\\/#organization\",\"name\":\"WATERSKIS.LV\",\"url\":\"https:\\\/\\\/www.waterskis.lv\\\/ru\\\/\",\"logo\":{\"@type\":\"ImageObject\",\"inLanguage\":\"ru-RU\",\"@id\":\"https:\\\/\\\/www.waterskis.lv\\\/ru\\\/#\\\/schema\\\/logo\\\/image\\\/\",\"url\":\"https:\\\/\\\/www.waterskis.lv\\\/wp-content\\\/uploads\\\/2025\\\/01\\\/JUVP-logo.png\",\"contentUrl\":\"https:\\\/\\\/www.waterskis.lv\\\/wp-content\\\/uploads\\\/2025\\\/01\\\/JUVP-logo.png\",\"width\":421,\"height\":202,\"caption\":\"WATERSKIS.LV\"},\"image\":{\"@id\":\"https:\\\/\\\/www.waterskis.lv\\\/ru\\\/#\\\/schema\\\/logo\\\/image\\\/\"},\"sameAs\":[\"https:\\\/\\\/www.facebook.com\\\/jurmalawaterskiwakeboardpark\\\/\"]}]}<\/script>\n<!-- \/ Yoast SEO plugin. -->","yoast_head_json":{"title":"\u0416\u0438\u043b\u0435\u0442 Spinera SUP \/ Kayak \/ Aquapark Nylon - 50N - WATERSKIS.LV","description":"\u0416\u0438\u043b\u0435\u0442 Spinera SUP \/ Kayak \/ Aquapark Nylon - 50N. \u0428\u0438\u0440\u043e\u043a\u0438\u0435 \u043f\u0440\u043e\u0439\u043c\u044b, \u043f\u043e\u044d\u0442\u043e\u043c\u0443 \u0438\u0434\u0435\u0430\u043b\u044c\u043d\u043e \u043f\u043e\u0434\u0445\u043e\u0434\u044f\u0442 \u0434\u043b\u044f \u0438\u0441\u043f\u043e\u043b\u044c\u0437\u043e\u0432\u0430\u043d\u0438\u044f SUP. \u0422\u0430\u043a\u0436\u0435 \u043c\u043e\u0436\u043d\u043e \u0438\u0441\u043f\u043e\u043b\u044c\u0437\u043e\u0432\u0430\u0442\u044c \u0432 \u0430\u043a\u0432\u0430\u043f\u0430\u0440\u043a\u0430\u0445.","robots":{"index":"index","follow":"follow","max-snippet":"max-snippet:-1","max-image-preview":"max-image-preview:large","max-video-preview":"max-video-preview:-1"},"canonical":"https:\/\/www.waterskis.lv\/ru\/product\/%d0%b6%d0%b8%d0%bb%d0%b5%d1%82-spinera-sup-kayak-aquapark-nylon-50n\/","og_locale":"ru_RU","og_type":"article","og_title":"\u0416\u0438\u043b\u0435\u0442 Spinera SUP \/ Kayak \/ Aquapark Nylon - 50N - WATERSKIS.LV","og_description":"\u0416\u0438\u043b\u0435\u0442 Spinera SUP \/ Kayak \/ Aquapark Nylon - 50N. \u0428\u0438\u0440\u043e\u043a\u0438\u0435 \u043f\u0440\u043e\u0439\u043c\u044b, \u043f\u043e\u044d\u0442\u043e\u043c\u0443 \u0438\u0434\u0435\u0430\u043b\u044c\u043d\u043e \u043f\u043e\u0434\u0445\u043e\u0434\u044f\u0442 \u0434\u043b\u044f \u0438\u0441\u043f\u043e\u043b\u044c\u0437\u043e\u0432\u0430\u043d\u0438\u044f SUP. \u0422\u0430\u043a\u0436\u0435 \u043c\u043e\u0436\u043d\u043e \u0438\u0441\u043f\u043e\u043b\u044c\u0437\u043e\u0432\u0430\u0442\u044c \u0432 \u0430\u043a\u0432\u0430\u043f\u0430\u0440\u043a\u0430\u0445.","og_url":"https:\/\/www.waterskis.lv\/ru\/product\/%d0%b6%d0%b8%d0%bb%d0%b5%d1%82-spinera-sup-kayak-aquapark-nylon-50n\/","og_site_name":"WATERSKIS.LV","article_publisher":"https:\/\/www.facebook.com\/jurmalawaterskiwakeboardpark\/","article_modified_time":"2026-02-07T08:12:55+00:00","og_image":[{"width":2000,"height":2000,"url":"https:\/\/www.waterskis.lv\/wp-content\/uploads\/2025\/04\/19351P_image_19351p_spinera_sup___kayak___aquapark_nylon_vest_-_50n_19351P_1.webp","type":"image\/webp"}],"twitter_card":"summary_large_image","twitter_misc":{"\u041f\u0440\u0438\u043c\u0435\u0440\u043d\u043e\u0435 \u0432\u0440\u0435\u043c\u044f \u0434\u043b\u044f \u0447\u0442\u0435\u043d\u0438\u044f":"1 \u043c\u0438\u043d\u0443\u0442\u0430"},"schema":{"@context":"https:\/\/schema.org","@graph":[{"@type":"WebPage","@id":"https:\/\/www.waterskis.lv\/ru\/product\/%d0%b6%d0%b8%d0%bb%d0%b5%d1%82-spinera-sup-kayak-aquapark-nylon-50n\/","url":"https:\/\/www.waterskis.lv\/ru\/product\/%d0%b6%d0%b8%d0%bb%d0%b5%d1%82-spinera-sup-kayak-aquapark-nylon-50n\/","name":"\u0416\u0438\u043b\u0435\u0442 Spinera SUP \/ Kayak \/ Aquapark Nylon - 50N - WATERSKIS.LV","isPartOf":{"@id":"https:\/\/www.waterskis.lv\/ru\/#website"},"primaryImageOfPage":{"@id":"https:\/\/www.waterskis.lv\/ru\/product\/%d0%b6%d0%b8%d0%bb%d0%b5%d1%82-spinera-sup-kayak-aquapark-nylon-50n\/#primaryimage"},"image":{"@id":"https:\/\/www.waterskis.lv\/ru\/product\/%d0%b6%d0%b8%d0%bb%d0%b5%d1%82-spinera-sup-kayak-aquapark-nylon-50n\/#primaryimage"},"thumbnailUrl":"https:\/\/www.waterskis.lv\/wp-content\/uploads\/2025\/04\/19351P_image_19351p_spinera_sup___kayak___aquapark_nylon_vest_-_50n_19351P_1.webp","datePublished":"2025-04-09T16:34:40+00:00","dateModified":"2026-02-07T08:12:55+00:00","description":"\u0416\u0438\u043b\u0435\u0442 Spinera SUP \/ Kayak \/ Aquapark Nylon - 50N. \u0428\u0438\u0440\u043e\u043a\u0438\u0435 \u043f\u0440\u043e\u0439\u043c\u044b, \u043f\u043e\u044d\u0442\u043e\u043c\u0443 \u0438\u0434\u0435\u0430\u043b\u044c\u043d\u043e \u043f\u043e\u0434\u0445\u043e\u0434\u044f\u0442 \u0434\u043b\u044f \u0438\u0441\u043f\u043e\u043b\u044c\u0437\u043e\u0432\u0430\u043d\u0438\u044f SUP. \u0422\u0430\u043a\u0436\u0435 \u043c\u043e\u0436\u043d\u043e \u0438\u0441\u043f\u043e\u043b\u044c\u0437\u043e\u0432\u0430\u0442\u044c \u0432 \u0430\u043a\u0432\u0430\u043f\u0430\u0440\u043a\u0430\u0445.","breadcrumb":{"@id":"https:\/\/www.waterskis.lv\/ru\/product\/%d0%b6%d0%b8%d0%bb%d0%b5%d1%82-spinera-sup-kayak-aquapark-nylon-50n\/#breadcrumb"},"inLanguage":"ru-RU","potentialAction":[{"@type":"ReadAction","target":["https:\/\/www.waterskis.lv\/ru\/product\/%d0%b6%d0%b8%d0%bb%d0%b5%d1%82-spinera-sup-kayak-aquapark-nylon-50n\/"]}]},{"@type":"ImageObject","inLanguage":"ru-RU","@id":"https:\/\/www.waterskis.lv\/ru\/product\/%d0%b6%d0%b8%d0%bb%d0%b5%d1%82-spinera-sup-kayak-aquapark-nylon-50n\/#primaryimage","url":"https:\/\/www.waterskis.lv\/wp-content\/uploads\/2025\/04\/19351P_image_19351p_spinera_sup___kayak___aquapark_nylon_vest_-_50n_19351P_1.webp","contentUrl":"https:\/\/www.waterskis.lv\/wp-content\/uploads\/2025\/04\/19351P_image_19351p_spinera_sup___kayak___aquapark_nylon_vest_-_50n_19351P_1.webp","width":2000,"height":2000,"caption":"Spinera SUP Kajaka Akvaparka neilona veste - 50N"},{"@type":"BreadcrumbList","@id":"https:\/\/www.waterskis.lv\/ru\/product\/%d0%b6%d0%b8%d0%bb%d0%b5%d1%82-spinera-sup-kayak-aquapark-nylon-50n\/#breadcrumb","itemListElement":[{"@type":"ListItem","position":1,"name":"Home","item":"https:\/\/www.waterskis.lv\/ru\/"},{"@type":"ListItem","position":2,"name":"\u041c\u0430\u0433\u0430\u0437\u0438\u043d","item":"https:\/\/www.waterskis.lv\/ru\/%d0%bc%d0%b0%d0%b3%d0%b0%d0%b7%d0%b8%d0%bd\/"},{"@type":"ListItem","position":3,"name":"\u0416\u0438\u043b\u0435\u0442 Spinera SUP \/ Kayak \/ Aquapark Nylon &#8211; 50N"}]},{"@type":"WebSite","@id":"https:\/\/www.waterskis.lv\/ru\/#website","url":"https:\/\/www.waterskis.lv\/ru\/","name":"WATERSKIS.LV","description":"SUP d\u0113\u013ci, kajaki, kanoe, airu laivas, \u016bdenssl\u0113po\u0161ana, veikbords, SUP d\u0113\u013cu noma, kajaku nomaakt\u012bv\u0101s atp\u016btas centrs, laivu noma, sup noma, kajaku noma","publisher":{"@id":"https:\/\/www.waterskis.lv\/ru\/#organization"},"potentialAction":[{"@type":"SearchAction","target":{"@type":"EntryPoint","urlTemplate":"https:\/\/www.waterskis.lv\/ru\/?s={search_term_string}"},"query-input":{"@type":"PropertyValueSpecification","valueRequired":true,"valueName":"search_term_string"}}],"inLanguage":"ru-RU"},{"@type":"Organization","@id":"https:\/\/www.waterskis.lv\/ru\/#organization","name":"WATERSKIS.LV","url":"https:\/\/www.waterskis.lv\/ru\/","logo":{"@type":"ImageObject","inLanguage":"ru-RU","@id":"https:\/\/www.waterskis.lv\/ru\/#\/schema\/logo\/image\/","url":"https:\/\/www.waterskis.lv\/wp-content\/uploads\/2025\/01\/JUVP-logo.png","contentUrl":"https:\/\/www.waterskis.lv\/wp-content\/uploads\/2025\/01\/JUVP-logo.png","width":421,"height":202,"caption":"WATERSKIS.LV"},"image":{"@id":"https:\/\/www.waterskis.lv\/ru\/#\/schema\/logo\/image\/"},"sameAs":["https:\/\/www.facebook.com\/jurmalawaterskiwakeboardpark\/"]}]}},"_links":{"self":[{"href":"https:\/\/www.waterskis.lv\/ru\/wp-json\/wp\/v2\/product\/65393","targetHints":{"allow":["GET"]}}],"collection":[{"href":"https:\/\/www.waterskis.lv\/ru\/wp-json\/wp\/v2\/product"}],"about":[{"href":"https:\/\/www.waterskis.lv\/ru\/wp-json\/wp\/v2\/types\/product"}],"replies":[{"embeddable":true,"href":"https:\/\/www.waterskis.lv\/ru\/wp-json\/wp\/v2\/comments?post=65393"}],"wp:featuredmedia":[{"embeddable":true,"href":"https:\/\/www.waterskis.lv\/ru\/wp-json\/wp\/v2\/media\/65379"}],"wp:attachment":[{"href":"https:\/\/www.waterskis.lv\/ru\/wp-json\/wp\/v2\/media?parent=65393"}],"wp:term":[{"taxonomy":"product_brand","embeddable":true,"href":"https:\/\/www.waterskis.lv\/ru\/wp-json\/wp\/v2\/product_brand?post=65393"},{"taxonomy":"product_cat","embeddable":true,"href":"https:\/\/www.waterskis.lv\/ru\/wp-json\/wp\/v2\/product_cat?post=65393"},{"taxonomy":"product_tag","embeddable":true,"href":"https:\/\/www.waterskis.lv\/ru\/wp-json\/wp\/v2\/product_tag?post=65393"}],"curies":[{"name":"wp","href":"https:\/\/api.w.org\/{rel}","templated":true}]}}