{"id":65427,"date":"2025-04-09T20:13:53","date_gmt":"2025-04-09T18:13:53","guid":{"rendered":"https:\/\/www.waterskis.lv\/product\/neoprena-veste-spinera-professional-rental-neo-vest-50n\/"},"modified":"2026-02-07T10:11:42","modified_gmt":"2026-02-07T08:11:42","slug":"%d0%bd%d0%b5%d0%be%d0%bf%d1%80%d0%b5%d0%bd%d0%be%d0%b2%d1%8b%d0%b9-%d0%b6%d0%b8%d0%bb%d0%b5%d1%82-spinera-professional-rental-neo-vest-50n","status":"publish","type":"product","link":"https:\/\/www.waterskis.lv\/ru\/product\/%d0%bd%d0%b5%d0%be%d0%bf%d1%80%d0%b5%d0%bd%d0%be%d0%b2%d1%8b%d0%b9-%d0%b6%d0%b8%d0%bb%d0%b5%d1%82-spinera-professional-rental-neo-vest-50n\/","title":{"rendered":"\u041d\u0435\u043e\u043f\u0440\u0435\u043d\u043e\u0432\u044b\u0439 \u0436\u0438\u043b\u0435\u0442 Spinera Professional Rental Neo Vest &#8212; 50N"},"content":{"rendered":"<h1>\u041d\u0435\u043e\u043f\u0440\u0435\u043d\u043e\u0432\u044b\u0439 \u0436\u0438\u043b\u0435\u0442 Spinera Professional Rental Neo Vest &#8212; 50N<\/h1>\n<p>\u041d\u0435\u043e\u043f\u0440\u0435\u043d\u043e\u0432\u044b\u0439 \u0436\u0438\u043b\u0435\u0442 Spinera Professional Rental Neo Vest &#8212; 50N<\/p>\n<p>Art. No<strong class=\"type\">.<\/strong>\u00a019352P<\/p>\n<p>\u0423\u0434\u043e\u0431\u043d\u0430\u044f \u043a\u043e\u043d\u0441\u0442\u0440\u0443\u043a\u0446\u0438\u044f \u043f\u0435\u0440\u0435\u0434\u043d\u0435\u0439 \u043c\u043e\u043b\u043d\u0438\u0438<\/p>\n<p>\u0412\u044b\u0441\u043e\u0447\u0430\u0439\u0448\u0435\u0435 \u043a\u0430\u0447\u0435\u0441\u0442\u0432\u043e \u041f\u0412\u0425-\u043f\u0435\u043d\u044b<\/p>\n<p>\u0414\u0432\u0435 1 &#8212; 1\/2 \u043f\u0440\u043e\u0447\u043d\u044b\u0435 \u043f\u0440\u044f\u0436\u043a\u0438 \u0438 \u0442\u0435\u0441\u044c\u043c\u0430<\/p>\n<p>\u041f\u0440\u043e\u0447\u043d\u044b\u0435 \u0441\u0435\u0442\u0447\u0430\u0442\u044b\u0435 \u0434\u0440\u0435\u043d\u0430\u0436\u043d\u044b\u0435 \u0432\u0441\u0442\u0430\u0432\u043a\u0438<\/p>\n<p>\u041b\u043e\u0433\u043e\u0442\u0438\u043f\u044b, \u043d\u0430\u043f\u0435\u0447\u0430\u0442\u0430\u043d\u043d\u044b\u0435 \u0442\u0440\u0430\u0444\u0430\u0440\u0435\u0442\u043e\u043c<\/p>\n<p>\u0421\u0435\u0433\u043c\u0435\u043d\u0442\u0438\u0440\u043e\u0432\u0430\u043d\u043d\u044b\u0439 \u0434\u0438\u0437\u0430\u0439\u043d \u0434\u043b\u044f \u0434\u043e\u043f\u043e\u043b\u043d\u0438\u0442\u0435\u043b\u044c\u043d\u043e\u0439 \u0433\u0438\u0431\u043a\u043e\u0441\u0442\u0438<\/p>\n<p>\u0426\u0432\u0435\u0442\u043d\u044b\u0435 \u0440\u0435\u043c\u043d\u0438 \u043f\u043e \u0440\u0430\u0437\u043c\u0435\u0440\u0443<\/p>\n<p>\u041b\u043e\u0433\u043e\u0442\u0438\u043f \u0440\u0430\u0437\u043c\u0435\u0440\u0430 \u0441\u043f\u0435\u0440\u0435\u0434\u0438<\/p>\n<p>\u0416\u0438\u043b\u0435\u0442, \u043e\u0434\u043e\u0431\u0440\u0435\u043d\u043d\u044b\u0439 EN ISO 12402-5 50N<\/p>\n<p>\u0426\u0412\u0415\u0422 \u041b\u041e\u0413\u041e\u0422\u0418\u041f\u0410 \u0416\u0418\u041b\u0415\u0422\u0410 \u0418 \u041f\u041e\u042f\u0421\u0410:<\/p>\n<p>XXS = \u0424\u0418\u041e\u041b\u0415\u0422\u041e\u0412\u042b\u0419<br \/>\nXS = \u0417\u0415\u041b\u0415\u041d\u042b\u0419<br \/>\nS = \u0416\u0415\u041b\u0422\u042b\u0419<br \/>\nM = \u041a\u0420\u0410\u0421\u041d\u042b\u0419<br \/>\nL = \u0421\u0418\u041d\u0418\u0419<br \/>\nXL = \u0421\u0415\u0420\u042b\u0419<br \/>\nXXL = \u0427\u0415\u0420\u041d\u042b\u0419<br \/>\n3XL = \u0422\u0415\u041c\u041d\u041e-\u0421\u0418\u041d\u0418\u0419<\/p>\n<p>\u0418\u043d\u0434\u0438\u0432\u0438\u0434\u0443\u0430\u043b\u044c\u043d\u044b\u0439 \u0446\u0432\u0435\u0442\u043e\u0432\u043e\u0439 \u043a\u043e\u0434 \u043f\u043e \u0440\u0430\u0437\u043c\u0435\u0440\u0443 &#8212; \u041a\u043e\u0434 ICA (\u041c\u0435\u0436\u0434\u0443\u043d\u0430\u0440\u043e\u0434\u043d\u0430\u044f \u0430\u0441\u0441\u043e\u0446\u0438\u0430\u0446\u0438\u044f \u043a\u0430\u043d\u0430\u0442\u043d\u044b\u0445 \u0434\u043e\u0440\u043e\u0433)<\/p>\n","protected":false},"excerpt":{"rendered":"<p><strong class=\"type\">Art. No.<\/strong>\u00a019352P<\/p>\n<p>https:\/\/www.youtube.com\/watch?v=HUB2F7ZWGJE [&#8230;]<\/p>\n<p><a class=\"btn btn-secondary understrap-read-more-link\" href=\"https:\/\/www.waterskis.lv\/ru\/product\/%d0%bd%d0%b5%d0%be%d0%bf%d1%80%d0%b5%d0%bd%d0%be%d0%b2%d1%8b%d0%b9-%d0%b6%d0%b8%d0%bb%d0%b5%d1%82-spinera-professional-rental-neo-vest-50n\/\">\u0427\u0438\u0442\u0430\u0442\u044c \u0434\u0430\u043b\u044c\u0448\u0435\u2026<\/a><\/p>\n","protected":false},"featured_media":65401,"comment_status":"closed","ping_status":"closed","template":"","meta":{"_acf_changed":false,"inline_featured_image":false},"product_brand":[2677],"product_cat":[1227,1275,1260,1266,366],"product_tag":[3611,3612,1278,3613,1447,1448,3614,3190,3615,1609],"class_list":{"0":"post-65427","1":"product","2":"type-product","3":"status-publish","4":"has-post-thumbnail","6":"product_brand-spinera-professional","7":"product_cat-spinera-professional-ru","8":"product_cat-spinera-rental---","9":"product_cat-1260","10":"product_cat-1266","11":"product_cat-366","12":"product_tag-buoyancy-aid","13":"product_tag-certified-life-jacket","14":"product_tag-glabsanas-veste","15":"product_tag-life-jacket","16":"product_tag-neoprena-veste","17":"product_tag-peldveste","18":"product_tag-sertificeta-glabsanas-veste","19":"product_tag-spinera","20":"product_tag-3615","21":"product_tag-1609","23":"first","24":"instock","25":"shipping-taxable","26":"purchasable","27":"product-type-simple"},"acf":[],"yoast_head":"<!-- This site is optimized with the Yoast SEO plugin v27.4 - https:\/\/yoast.com\/product\/yoast-seo-wordpress\/ -->\n<title>\u041d\u0435\u043e\u043f\u0440\u0435\u043d\u043e\u0432\u044b\u0439 \u0436\u0438\u043b\u0435\u0442 Spinera Professional Rental Neo Vest - 50N - WATERSKIS.LV<\/title>\n<meta name=\"description\" content=\"\u041d\u0435\u043e\u043f\u0440\u0435\u043d\u043e\u0432\u044b\u0439 \u0436\u0438\u043b\u0435\u0442 Spinera Professional Rental Neo Vest - 50N. \u0423\u0434\u043e\u0431\u043d\u0430\u044f \u043a\u043e\u043d\u0441\u0442\u0440\u0443\u043a\u0446\u0438\u044f \u043f\u0435\u0440\u0435\u0434\u043d\u0435\u0439 \u043c\u043e\u043b\u043d\u0438\u0438\u0412\u044b\u0441\u043e\u0447\u0430\u0439\u0448\u0435\u0435 \u043a\u0430\u0447\u0435\u0441\u0442\u0432\u043e \u041f\u0412\u0425-\u043f\u0435\u043d\u044b\" \/>\n<meta name=\"robots\" content=\"index, follow, max-snippet:-1, max-image-preview:large, max-video-preview:-1\" \/>\n<link rel=\"canonical\" href=\"https:\/\/www.waterskis.lv\/ru\/product\/%d0%bd%d0%b5%d0%be%d0%bf%d1%80%d0%b5%d0%bd%d0%be%d0%b2%d1%8b%d0%b9-%d0%b6%d0%b8%d0%bb%d0%b5%d1%82-spinera-professional-rental-neo-vest-50n\/\" \/>\n<meta property=\"og:locale\" content=\"ru_RU\" \/>\n<meta property=\"og:type\" content=\"article\" \/>\n<meta property=\"og:title\" content=\"\u041d\u0435\u043e\u043f\u0440\u0435\u043d\u043e\u0432\u044b\u0439 \u0436\u0438\u043b\u0435\u0442 Spinera Professional Rental Neo Vest - 50N - WATERSKIS.LV\" \/>\n<meta property=\"og:description\" content=\"\u041d\u0435\u043e\u043f\u0440\u0435\u043d\u043e\u0432\u044b\u0439 \u0436\u0438\u043b\u0435\u0442 Spinera Professional Rental Neo Vest - 50N. \u0423\u0434\u043e\u0431\u043d\u0430\u044f \u043a\u043e\u043d\u0441\u0442\u0440\u0443\u043a\u0446\u0438\u044f \u043f\u0435\u0440\u0435\u0434\u043d\u0435\u0439 \u043c\u043e\u043b\u043d\u0438\u0438\u0412\u044b\u0441\u043e\u0447\u0430\u0439\u0448\u0435\u0435 \u043a\u0430\u0447\u0435\u0441\u0442\u0432\u043e \u041f\u0412\u0425-\u043f\u0435\u043d\u044b\" \/>\n<meta property=\"og:url\" content=\"https:\/\/www.waterskis.lv\/ru\/product\/%d0%bd%d0%b5%d0%be%d0%bf%d1%80%d0%b5%d0%bd%d0%be%d0%b2%d1%8b%d0%b9-%d0%b6%d0%b8%d0%bb%d0%b5%d1%82-spinera-professional-rental-neo-vest-50n\/\" \/>\n<meta property=\"og:site_name\" content=\"WATERSKIS.LV\" \/>\n<meta property=\"article:publisher\" content=\"https:\/\/www.facebook.com\/jurmalawaterskiwakeboardpark\/\" \/>\n<meta property=\"article:modified_time\" content=\"2026-02-07T08:11:42+00:00\" \/>\n<meta property=\"og:image\" content=\"https:\/\/www.waterskis.lv\/wp-content\/uploads\/2025\/04\/professional_rental_neo_vest_-_50n_19352P_2.webp\" \/>\n\t<meta property=\"og:image:width\" content=\"2000\" \/>\n\t<meta property=\"og:image:height\" content=\"2000\" \/>\n\t<meta property=\"og:image:type\" content=\"image\/webp\" \/>\n<meta name=\"twitter:card\" content=\"summary_large_image\" \/>\n<meta name=\"twitter:label1\" content=\"\u041f\u0440\u0438\u043c\u0435\u0440\u043d\u043e\u0435 \u0432\u0440\u0435\u043c\u044f \u0434\u043b\u044f \u0447\u0442\u0435\u043d\u0438\u044f\" \/>\n\t<meta name=\"twitter:data1\" content=\"1 \u043c\u0438\u043d\u0443\u0442\u0430\" \/>\n<script type=\"application\/ld+json\" class=\"yoast-schema-graph\">{\"@context\":\"https:\\\/\\\/schema.org\",\"@graph\":[{\"@type\":\"WebPage\",\"@id\":\"https:\\\/\\\/www.waterskis.lv\\\/ru\\\/product\\\/%d0%bd%d0%b5%d0%be%d0%bf%d1%80%d0%b5%d0%bd%d0%be%d0%b2%d1%8b%d0%b9-%d0%b6%d0%b8%d0%bb%d0%b5%d1%82-spinera-professional-rental-neo-vest-50n\\\/\",\"url\":\"https:\\\/\\\/www.waterskis.lv\\\/ru\\\/product\\\/%d0%bd%d0%b5%d0%be%d0%bf%d1%80%d0%b5%d0%bd%d0%be%d0%b2%d1%8b%d0%b9-%d0%b6%d0%b8%d0%bb%d0%b5%d1%82-spinera-professional-rental-neo-vest-50n\\\/\",\"name\":\"\u041d\u0435\u043e\u043f\u0440\u0435\u043d\u043e\u0432\u044b\u0439 \u0436\u0438\u043b\u0435\u0442 Spinera Professional Rental Neo Vest - 50N - WATERSKIS.LV\",\"isPartOf\":{\"@id\":\"https:\\\/\\\/www.waterskis.lv\\\/ru\\\/#website\"},\"primaryImageOfPage\":{\"@id\":\"https:\\\/\\\/www.waterskis.lv\\\/ru\\\/product\\\/%d0%bd%d0%b5%d0%be%d0%bf%d1%80%d0%b5%d0%bd%d0%be%d0%b2%d1%8b%d0%b9-%d0%b6%d0%b8%d0%bb%d0%b5%d1%82-spinera-professional-rental-neo-vest-50n\\\/#primaryimage\"},\"image\":{\"@id\":\"https:\\\/\\\/www.waterskis.lv\\\/ru\\\/product\\\/%d0%bd%d0%b5%d0%be%d0%bf%d1%80%d0%b5%d0%bd%d0%be%d0%b2%d1%8b%d0%b9-%d0%b6%d0%b8%d0%bb%d0%b5%d1%82-spinera-professional-rental-neo-vest-50n\\\/#primaryimage\"},\"thumbnailUrl\":\"https:\\\/\\\/www.waterskis.lv\\\/wp-content\\\/uploads\\\/2025\\\/04\\\/professional_rental_neo_vest_-_50n_19352P_2.webp\",\"datePublished\":\"2025-04-09T18:13:53+00:00\",\"dateModified\":\"2026-02-07T08:11:42+00:00\",\"description\":\"\u041d\u0435\u043e\u043f\u0440\u0435\u043d\u043e\u0432\u044b\u0439 \u0436\u0438\u043b\u0435\u0442 Spinera Professional Rental Neo Vest - 50N. \u0423\u0434\u043e\u0431\u043d\u0430\u044f \u043a\u043e\u043d\u0441\u0442\u0440\u0443\u043a\u0446\u0438\u044f \u043f\u0435\u0440\u0435\u0434\u043d\u0435\u0439 \u043c\u043e\u043b\u043d\u0438\u0438\u0412\u044b\u0441\u043e\u0447\u0430\u0439\u0448\u0435\u0435 \u043a\u0430\u0447\u0435\u0441\u0442\u0432\u043e \u041f\u0412\u0425-\u043f\u0435\u043d\u044b\",\"breadcrumb\":{\"@id\":\"https:\\\/\\\/www.waterskis.lv\\\/ru\\\/product\\\/%d0%bd%d0%b5%d0%be%d0%bf%d1%80%d0%b5%d0%bd%d0%be%d0%b2%d1%8b%d0%b9-%d0%b6%d0%b8%d0%bb%d0%b5%d1%82-spinera-professional-rental-neo-vest-50n\\\/#breadcrumb\"},\"inLanguage\":\"ru-RU\",\"potentialAction\":[{\"@type\":\"ReadAction\",\"target\":[\"https:\\\/\\\/www.waterskis.lv\\\/ru\\\/product\\\/%d0%bd%d0%b5%d0%be%d0%bf%d1%80%d0%b5%d0%bd%d0%be%d0%b2%d1%8b%d0%b9-%d0%b6%d0%b8%d0%bb%d0%b5%d1%82-spinera-professional-rental-neo-vest-50n\\\/\"]}]},{\"@type\":\"ImageObject\",\"inLanguage\":\"ru-RU\",\"@id\":\"https:\\\/\\\/www.waterskis.lv\\\/ru\\\/product\\\/%d0%bd%d0%b5%d0%be%d0%bf%d1%80%d0%b5%d0%bd%d0%be%d0%b2%d1%8b%d0%b9-%d0%b6%d0%b8%d0%bb%d0%b5%d1%82-spinera-professional-rental-neo-vest-50n\\\/#primaryimage\",\"url\":\"https:\\\/\\\/www.waterskis.lv\\\/wp-content\\\/uploads\\\/2025\\\/04\\\/professional_rental_neo_vest_-_50n_19352P_2.webp\",\"contentUrl\":\"https:\\\/\\\/www.waterskis.lv\\\/wp-content\\\/uploads\\\/2025\\\/04\\\/professional_rental_neo_vest_-_50n_19352P_2.webp\",\"width\":2000,\"height\":2000,\"caption\":\"Neopr\u0113na veste Spinera Professional Rental Neo Vest - 50N\"},{\"@type\":\"BreadcrumbList\",\"@id\":\"https:\\\/\\\/www.waterskis.lv\\\/ru\\\/product\\\/%d0%bd%d0%b5%d0%be%d0%bf%d1%80%d0%b5%d0%bd%d0%be%d0%b2%d1%8b%d0%b9-%d0%b6%d0%b8%d0%bb%d0%b5%d1%82-spinera-professional-rental-neo-vest-50n\\\/#breadcrumb\",\"itemListElement\":[{\"@type\":\"ListItem\",\"position\":1,\"name\":\"Home\",\"item\":\"https:\\\/\\\/www.waterskis.lv\\\/ru\\\/\"},{\"@type\":\"ListItem\",\"position\":2,\"name\":\"\u041c\u0430\u0433\u0430\u0437\u0438\u043d\",\"item\":\"https:\\\/\\\/www.waterskis.lv\\\/ru\\\/%d0%bc%d0%b0%d0%b3%d0%b0%d0%b7%d0%b8%d0%bd\\\/\"},{\"@type\":\"ListItem\",\"position\":3,\"name\":\"\u041d\u0435\u043e\u043f\u0440\u0435\u043d\u043e\u0432\u044b\u0439 \u0436\u0438\u043b\u0435\u0442 Spinera Professional Rental Neo Vest &#8211; 50N\"}]},{\"@type\":\"WebSite\",\"@id\":\"https:\\\/\\\/www.waterskis.lv\\\/ru\\\/#website\",\"url\":\"https:\\\/\\\/www.waterskis.lv\\\/ru\\\/\",\"name\":\"WATERSKIS.LV\",\"description\":\"SUP d\u0113\u013ci, kajaki, kanoe, airu laivas, \u016bdenssl\u0113po\u0161ana, veikbords, SUP d\u0113\u013cu noma, kajaku nomaakt\u012bv\u0101s atp\u016btas centrs, laivu noma, sup noma, kajaku noma\",\"publisher\":{\"@id\":\"https:\\\/\\\/www.waterskis.lv\\\/ru\\\/#organization\"},\"potentialAction\":[{\"@type\":\"SearchAction\",\"target\":{\"@type\":\"EntryPoint\",\"urlTemplate\":\"https:\\\/\\\/www.waterskis.lv\\\/ru\\\/?s={search_term_string}\"},\"query-input\":{\"@type\":\"PropertyValueSpecification\",\"valueRequired\":true,\"valueName\":\"search_term_string\"}}],\"inLanguage\":\"ru-RU\"},{\"@type\":\"Organization\",\"@id\":\"https:\\\/\\\/www.waterskis.lv\\\/ru\\\/#organization\",\"name\":\"WATERSKIS.LV\",\"url\":\"https:\\\/\\\/www.waterskis.lv\\\/ru\\\/\",\"logo\":{\"@type\":\"ImageObject\",\"inLanguage\":\"ru-RU\",\"@id\":\"https:\\\/\\\/www.waterskis.lv\\\/ru\\\/#\\\/schema\\\/logo\\\/image\\\/\",\"url\":\"https:\\\/\\\/www.waterskis.lv\\\/wp-content\\\/uploads\\\/2025\\\/01\\\/JUVP-logo.png\",\"contentUrl\":\"https:\\\/\\\/www.waterskis.lv\\\/wp-content\\\/uploads\\\/2025\\\/01\\\/JUVP-logo.png\",\"width\":421,\"height\":202,\"caption\":\"WATERSKIS.LV\"},\"image\":{\"@id\":\"https:\\\/\\\/www.waterskis.lv\\\/ru\\\/#\\\/schema\\\/logo\\\/image\\\/\"},\"sameAs\":[\"https:\\\/\\\/www.facebook.com\\\/jurmalawaterskiwakeboardpark\\\/\"]}]}<\/script>\n<!-- \/ Yoast SEO plugin. -->","yoast_head_json":{"title":"\u041d\u0435\u043e\u043f\u0440\u0435\u043d\u043e\u0432\u044b\u0439 \u0436\u0438\u043b\u0435\u0442 Spinera Professional Rental Neo Vest - 50N - WATERSKIS.LV","description":"\u041d\u0435\u043e\u043f\u0440\u0435\u043d\u043e\u0432\u044b\u0439 \u0436\u0438\u043b\u0435\u0442 Spinera Professional Rental Neo Vest - 50N. \u0423\u0434\u043e\u0431\u043d\u0430\u044f \u043a\u043e\u043d\u0441\u0442\u0440\u0443\u043a\u0446\u0438\u044f \u043f\u0435\u0440\u0435\u0434\u043d\u0435\u0439 \u043c\u043e\u043b\u043d\u0438\u0438\u0412\u044b\u0441\u043e\u0447\u0430\u0439\u0448\u0435\u0435 \u043a\u0430\u0447\u0435\u0441\u0442\u0432\u043e \u041f\u0412\u0425-\u043f\u0435\u043d\u044b","robots":{"index":"index","follow":"follow","max-snippet":"max-snippet:-1","max-image-preview":"max-image-preview:large","max-video-preview":"max-video-preview:-1"},"canonical":"https:\/\/www.waterskis.lv\/ru\/product\/%d0%bd%d0%b5%d0%be%d0%bf%d1%80%d0%b5%d0%bd%d0%be%d0%b2%d1%8b%d0%b9-%d0%b6%d0%b8%d0%bb%d0%b5%d1%82-spinera-professional-rental-neo-vest-50n\/","og_locale":"ru_RU","og_type":"article","og_title":"\u041d\u0435\u043e\u043f\u0440\u0435\u043d\u043e\u0432\u044b\u0439 \u0436\u0438\u043b\u0435\u0442 Spinera Professional Rental Neo Vest - 50N - WATERSKIS.LV","og_description":"\u041d\u0435\u043e\u043f\u0440\u0435\u043d\u043e\u0432\u044b\u0439 \u0436\u0438\u043b\u0435\u0442 Spinera Professional Rental Neo Vest - 50N. \u0423\u0434\u043e\u0431\u043d\u0430\u044f \u043a\u043e\u043d\u0441\u0442\u0440\u0443\u043a\u0446\u0438\u044f \u043f\u0435\u0440\u0435\u0434\u043d\u0435\u0439 \u043c\u043e\u043b\u043d\u0438\u0438\u0412\u044b\u0441\u043e\u0447\u0430\u0439\u0448\u0435\u0435 \u043a\u0430\u0447\u0435\u0441\u0442\u0432\u043e \u041f\u0412\u0425-\u043f\u0435\u043d\u044b","og_url":"https:\/\/www.waterskis.lv\/ru\/product\/%d0%bd%d0%b5%d0%be%d0%bf%d1%80%d0%b5%d0%bd%d0%be%d0%b2%d1%8b%d0%b9-%d0%b6%d0%b8%d0%bb%d0%b5%d1%82-spinera-professional-rental-neo-vest-50n\/","og_site_name":"WATERSKIS.LV","article_publisher":"https:\/\/www.facebook.com\/jurmalawaterskiwakeboardpark\/","article_modified_time":"2026-02-07T08:11:42+00:00","og_image":[{"width":2000,"height":2000,"url":"https:\/\/www.waterskis.lv\/wp-content\/uploads\/2025\/04\/professional_rental_neo_vest_-_50n_19352P_2.webp","type":"image\/webp"}],"twitter_card":"summary_large_image","twitter_misc":{"\u041f\u0440\u0438\u043c\u0435\u0440\u043d\u043e\u0435 \u0432\u0440\u0435\u043c\u044f \u0434\u043b\u044f \u0447\u0442\u0435\u043d\u0438\u044f":"1 \u043c\u0438\u043d\u0443\u0442\u0430"},"schema":{"@context":"https:\/\/schema.org","@graph":[{"@type":"WebPage","@id":"https:\/\/www.waterskis.lv\/ru\/product\/%d0%bd%d0%b5%d0%be%d0%bf%d1%80%d0%b5%d0%bd%d0%be%d0%b2%d1%8b%d0%b9-%d0%b6%d0%b8%d0%bb%d0%b5%d1%82-spinera-professional-rental-neo-vest-50n\/","url":"https:\/\/www.waterskis.lv\/ru\/product\/%d0%bd%d0%b5%d0%be%d0%bf%d1%80%d0%b5%d0%bd%d0%be%d0%b2%d1%8b%d0%b9-%d0%b6%d0%b8%d0%bb%d0%b5%d1%82-spinera-professional-rental-neo-vest-50n\/","name":"\u041d\u0435\u043e\u043f\u0440\u0435\u043d\u043e\u0432\u044b\u0439 \u0436\u0438\u043b\u0435\u0442 Spinera Professional Rental Neo Vest - 50N - WATERSKIS.LV","isPartOf":{"@id":"https:\/\/www.waterskis.lv\/ru\/#website"},"primaryImageOfPage":{"@id":"https:\/\/www.waterskis.lv\/ru\/product\/%d0%bd%d0%b5%d0%be%d0%bf%d1%80%d0%b5%d0%bd%d0%be%d0%b2%d1%8b%d0%b9-%d0%b6%d0%b8%d0%bb%d0%b5%d1%82-spinera-professional-rental-neo-vest-50n\/#primaryimage"},"image":{"@id":"https:\/\/www.waterskis.lv\/ru\/product\/%d0%bd%d0%b5%d0%be%d0%bf%d1%80%d0%b5%d0%bd%d0%be%d0%b2%d1%8b%d0%b9-%d0%b6%d0%b8%d0%bb%d0%b5%d1%82-spinera-professional-rental-neo-vest-50n\/#primaryimage"},"thumbnailUrl":"https:\/\/www.waterskis.lv\/wp-content\/uploads\/2025\/04\/professional_rental_neo_vest_-_50n_19352P_2.webp","datePublished":"2025-04-09T18:13:53+00:00","dateModified":"2026-02-07T08:11:42+00:00","description":"\u041d\u0435\u043e\u043f\u0440\u0435\u043d\u043e\u0432\u044b\u0439 \u0436\u0438\u043b\u0435\u0442 Spinera Professional Rental Neo Vest - 50N. \u0423\u0434\u043e\u0431\u043d\u0430\u044f \u043a\u043e\u043d\u0441\u0442\u0440\u0443\u043a\u0446\u0438\u044f \u043f\u0435\u0440\u0435\u0434\u043d\u0435\u0439 \u043c\u043e\u043b\u043d\u0438\u0438\u0412\u044b\u0441\u043e\u0447\u0430\u0439\u0448\u0435\u0435 \u043a\u0430\u0447\u0435\u0441\u0442\u0432\u043e \u041f\u0412\u0425-\u043f\u0435\u043d\u044b","breadcrumb":{"@id":"https:\/\/www.waterskis.lv\/ru\/product\/%d0%bd%d0%b5%d0%be%d0%bf%d1%80%d0%b5%d0%bd%d0%be%d0%b2%d1%8b%d0%b9-%d0%b6%d0%b8%d0%bb%d0%b5%d1%82-spinera-professional-rental-neo-vest-50n\/#breadcrumb"},"inLanguage":"ru-RU","potentialAction":[{"@type":"ReadAction","target":["https:\/\/www.waterskis.lv\/ru\/product\/%d0%bd%d0%b5%d0%be%d0%bf%d1%80%d0%b5%d0%bd%d0%be%d0%b2%d1%8b%d0%b9-%d0%b6%d0%b8%d0%bb%d0%b5%d1%82-spinera-professional-rental-neo-vest-50n\/"]}]},{"@type":"ImageObject","inLanguage":"ru-RU","@id":"https:\/\/www.waterskis.lv\/ru\/product\/%d0%bd%d0%b5%d0%be%d0%bf%d1%80%d0%b5%d0%bd%d0%be%d0%b2%d1%8b%d0%b9-%d0%b6%d0%b8%d0%bb%d0%b5%d1%82-spinera-professional-rental-neo-vest-50n\/#primaryimage","url":"https:\/\/www.waterskis.lv\/wp-content\/uploads\/2025\/04\/professional_rental_neo_vest_-_50n_19352P_2.webp","contentUrl":"https:\/\/www.waterskis.lv\/wp-content\/uploads\/2025\/04\/professional_rental_neo_vest_-_50n_19352P_2.webp","width":2000,"height":2000,"caption":"Neopr\u0113na veste Spinera Professional Rental Neo Vest - 50N"},{"@type":"BreadcrumbList","@id":"https:\/\/www.waterskis.lv\/ru\/product\/%d0%bd%d0%b5%d0%be%d0%bf%d1%80%d0%b5%d0%bd%d0%be%d0%b2%d1%8b%d0%b9-%d0%b6%d0%b8%d0%bb%d0%b5%d1%82-spinera-professional-rental-neo-vest-50n\/#breadcrumb","itemListElement":[{"@type":"ListItem","position":1,"name":"Home","item":"https:\/\/www.waterskis.lv\/ru\/"},{"@type":"ListItem","position":2,"name":"\u041c\u0430\u0433\u0430\u0437\u0438\u043d","item":"https:\/\/www.waterskis.lv\/ru\/%d0%bc%d0%b0%d0%b3%d0%b0%d0%b7%d0%b8%d0%bd\/"},{"@type":"ListItem","position":3,"name":"\u041d\u0435\u043e\u043f\u0440\u0435\u043d\u043e\u0432\u044b\u0439 \u0436\u0438\u043b\u0435\u0442 Spinera Professional Rental Neo Vest &#8211; 50N"}]},{"@type":"WebSite","@id":"https:\/\/www.waterskis.lv\/ru\/#website","url":"https:\/\/www.waterskis.lv\/ru\/","name":"WATERSKIS.LV","description":"SUP d\u0113\u013ci, kajaki, kanoe, airu laivas, \u016bdenssl\u0113po\u0161ana, veikbords, SUP d\u0113\u013cu noma, kajaku nomaakt\u012bv\u0101s atp\u016btas centrs, laivu noma, sup noma, kajaku noma","publisher":{"@id":"https:\/\/www.waterskis.lv\/ru\/#organization"},"potentialAction":[{"@type":"SearchAction","target":{"@type":"EntryPoint","urlTemplate":"https:\/\/www.waterskis.lv\/ru\/?s={search_term_string}"},"query-input":{"@type":"PropertyValueSpecification","valueRequired":true,"valueName":"search_term_string"}}],"inLanguage":"ru-RU"},{"@type":"Organization","@id":"https:\/\/www.waterskis.lv\/ru\/#organization","name":"WATERSKIS.LV","url":"https:\/\/www.waterskis.lv\/ru\/","logo":{"@type":"ImageObject","inLanguage":"ru-RU","@id":"https:\/\/www.waterskis.lv\/ru\/#\/schema\/logo\/image\/","url":"https:\/\/www.waterskis.lv\/wp-content\/uploads\/2025\/01\/JUVP-logo.png","contentUrl":"https:\/\/www.waterskis.lv\/wp-content\/uploads\/2025\/01\/JUVP-logo.png","width":421,"height":202,"caption":"WATERSKIS.LV"},"image":{"@id":"https:\/\/www.waterskis.lv\/ru\/#\/schema\/logo\/image\/"},"sameAs":["https:\/\/www.facebook.com\/jurmalawaterskiwakeboardpark\/"]}]}},"_links":{"self":[{"href":"https:\/\/www.waterskis.lv\/ru\/wp-json\/wp\/v2\/product\/65427","targetHints":{"allow":["GET"]}}],"collection":[{"href":"https:\/\/www.waterskis.lv\/ru\/wp-json\/wp\/v2\/product"}],"about":[{"href":"https:\/\/www.waterskis.lv\/ru\/wp-json\/wp\/v2\/types\/product"}],"replies":[{"embeddable":true,"href":"https:\/\/www.waterskis.lv\/ru\/wp-json\/wp\/v2\/comments?post=65427"}],"wp:featuredmedia":[{"embeddable":true,"href":"https:\/\/www.waterskis.lv\/ru\/wp-json\/wp\/v2\/media\/65401"}],"wp:attachment":[{"href":"https:\/\/www.waterskis.lv\/ru\/wp-json\/wp\/v2\/media?parent=65427"}],"wp:term":[{"taxonomy":"product_brand","embeddable":true,"href":"https:\/\/www.waterskis.lv\/ru\/wp-json\/wp\/v2\/product_brand?post=65427"},{"taxonomy":"product_cat","embeddable":true,"href":"https:\/\/www.waterskis.lv\/ru\/wp-json\/wp\/v2\/product_cat?post=65427"},{"taxonomy":"product_tag","embeddable":true,"href":"https:\/\/www.waterskis.lv\/ru\/wp-json\/wp\/v2\/product_tag?post=65427"}],"curies":[{"name":"wp","href":"https:\/\/api.w.org\/{rel}","templated":true}]}}