{"id":65683,"date":"2025-04-30T16:26:45","date_gmt":"2025-04-30T14:26:45","guid":{"rendered":"https:\/\/waterskis.lv\/product\/udensslepes-jobe-allegre-67-combo-waterskis-red\/"},"modified":"2025-04-30T17:08:53","modified_gmt":"2025-04-30T15:08:53","slug":"%d0%b2%d0%be%d0%b4%d0%bd%d1%8b%d0%b5-%d0%bb%d1%8b%d0%b6%d0%b8-jobe-allegre-67-combo","status":"publish","type":"product","link":"https:\/\/www.waterskis.lv\/ru\/product\/%d0%b2%d0%be%d0%b4%d0%bd%d1%8b%d0%b5-%d0%bb%d1%8b%d0%b6%d0%b8-jobe-allegre-67-combo\/","title":{"rendered":"\u0412\u043e\u0434\u043d\u044b\u0435 \u043b\u044b\u0436\u0438 Jobe Allegre 67&#8243; Combo"},"content":{"rendered":"<h1>\u0412\u043e\u0434\u043d\u044b\u0435 \u043b\u044b\u0436\u0438 Jobe Allegre 67&#8243; Combo<\/h1>\n<p>\u0412\u043e\u0434\u043d\u044b\u0435 \u043b\u044b\u0436\u0438 Jobe Allegre 67&#8243; Combo\u00a0\u2014 \u044d\u0442\u043e \u0438\u0434\u0435\u0430\u043b\u044c\u043d\u044b\u0435 \u043b\u044b\u0436\u0438 \u0434\u043b\u044f \u0432\u0441\u0435\u0439 \u0441\u0435\u043c\u044c\u0438 \u0438 \u043b\u044e\u0431\u043e\u0433\u043e \u0443\u0440\u043e\u0432\u043d\u044f \u043f\u043e\u0434\u0433\u043e\u0442\u043e\u0432\u043a\u0438. \u041a\u043e\u043d\u0441\u0442\u0440\u0443\u043a\u0446\u0438\u044f \u0434\u043d\u0438\u0449\u0430 \u0432 \u0432\u0438\u0434\u0435 \u0442\u0443\u043d\u043d\u0435\u043b\u044f \u0438 \u0438\u0434\u0435\u0430\u043b\u044c\u043d\u043e\u0435 \u0441\u043e\u0447\u0435\u0442\u0430\u043d\u0438\u0435 \u043f\u0440\u043e\u0447\u043d\u043e\u0441\u0442\u0438 \u0438 \u043a\u043e\u043d\u0442\u0440\u043e\u043b\u044f \u0434\u0435\u043b\u0430\u044e\u0442 \u044d\u0442\u0438 \u043b\u044b\u0436\u0438 \u043f\u043e\u0434\u0445\u043e\u0434\u044f\u0449\u0438\u043c\u0438 \u043a\u0430\u043a \u0434\u043b\u044f \u043a\u043e\u043c\u0431\u0438\u043d\u0438\u0440\u043e\u0432\u0430\u043d\u043d\u043e\u0433\u043e \u043a\u0430\u0442\u0430\u043d\u0438\u044f, \u0442\u0430\u043a \u0438 \u0434\u043b\u044f \u0441\u043b\u0430\u043b\u043e\u043c\u0430. \u0412\u044b\u0431\u0438\u0440\u0430\u0439\u0442\u0435 \u0438\u0437 \u0442\u0440\u0435\u0445 \u0446\u0432\u0435\u0442\u043e\u0432.<\/p>\n<div class=\"col-12 grid grid-3 gap-20 mt30 mb20\">\n<div class=\"col-12\">\n<div class=\"paragraph col-12 mb5\">Responsive<\/div>\n<div class=\"progressItem\"><\/div>\n<\/div>\n<\/div>\n<div class=\"col-12 paragraph mt20\">\n<ul class=\"autoColumn checkListSmall blackCheck\">\n<li>Binding size 67&#8243;: US 5,5-14 | Europe 36-47<\/li>\n<li>Bright fins for extra visibility<\/li>\n<li>Comfortable front toe and adjustable heel<\/li>\n<li>Extra overlay for durability<\/li>\n<li>For both combo and entry-level slalom skiing<\/li>\n<li>Glossy protective top finish<\/li>\n<li>Graphic printed with eco friendly water based ink<\/li>\n<li>Made with the use of solar power<\/li>\n<li>Recreational level water skis<\/li>\n<li>Rim injection construction with extra metal rods for stiffness<\/li>\n<li>Slalom toe<\/li>\n<li>V bottom design for easy edge to edge and better tracking<\/li>\n<li>Weight Range 59&#8243;: &lt;55kg, 67&#8243;: &gt;50kg<\/li>\n<\/ul>\n<\/div>\n","protected":false},"excerpt":{"rendered":"<p>https:\/\/www.youtube.com\/watch?v=FQKgSqSPnBM [&#8230;]<\/p>\n<p><a class=\"btn btn-secondary understrap-read-more-link\" href=\"https:\/\/www.waterskis.lv\/ru\/product\/%d0%b2%d0%be%d0%b4%d0%bd%d1%8b%d0%b5-%d0%bb%d1%8b%d0%b6%d0%b8-jobe-allegre-67-combo\/\">\u0427\u0438\u0442\u0430\u0442\u044c \u0434\u0430\u043b\u044c\u0448\u0435\u2026<\/a><\/p>\n","protected":false},"featured_media":65672,"comment_status":"closed","ping_status":"closed","template":"","meta":{"_acf_changed":false,"inline_featured_image":false},"product_brand":[],"product_cat":[556,362,559],"product_tag":[3955,3958,3960,3962,3963,2950,2953,2954],"class_list":{"0":"post-65683","1":"product","2":"type-product","3":"status-publish","4":"has-post-thumbnail","6":"product_cat-b-","7":"product_cat-c","8":"product_cat-559","9":"product_tag-combo-waterskis","10":"product_tag-udens-slepes","11":"product_tag-udensslepes","12":"product_tag-udenssleposana","13":"product_tag-waterskis","14":"product_tag-2950","15":"product_tag---jobe","16":"product_tag-2954","18":"first","19":"instock","20":"sale","21":"shipping-taxable","22":"purchasable","23":"product-type-simple"},"acf":[],"yoast_head":"<!-- This site is optimized with the Yoast SEO plugin v27.5 - https:\/\/yoast.com\/product\/yoast-seo-wordpress\/ -->\n<title>\u0412\u043e\u0434\u043d\u044b\u0435 \u043b\u044b\u0436\u0438 Jobe Allegre 67&quot; Combo - WATERSKIS.LV<\/title>\n<meta name=\"description\" content=\"\u0412\u043e\u0434\u043d\u044b\u0435 \u043b\u044b\u0436\u0438 Jobe Allegre 67&quot; Combo \u2014 \u044d\u0442\u043e \u0438\u0434\u0435\u0430\u043b\u044c\u043d\u044b\u0435 \u043b\u044b\u0436\u0438 \u0434\u043b\u044f \u0432\u0441\u0435\u0439 \u0441\u0435\u043c\u044c\u0438 \u0438 \u043b\u044e\u0431\u043e\u0433\u043e \u0443\u0440\u043e\u0432\u043d\u044f \u043f\u043e\u0434\u0433\u043e\u0442\u043e\u0432\u043a\u0438. \u0418\u0434\u0435\u0430\u043b\u044c\u043d\u043e\u0435 \u0441\u043e\u0447\u0435\u0442\u0430\u043d\u0438\u0435 \u043f\u0440\u043e\u0447\u043d\u043e\u0441\u0442\u0438 \u0438 \u043a\u043e\u043d\u0442\u0440\u043e\u043b\u044f\" \/>\n<meta name=\"robots\" content=\"index, follow, max-snippet:-1, max-image-preview:large, max-video-preview:-1\" \/>\n<link rel=\"canonical\" href=\"https:\/\/www.waterskis.lv\/ru\/product\/%d0%b2%d0%be%d0%b4%d0%bd%d1%8b%d0%b5-%d0%bb%d1%8b%d0%b6%d0%b8-jobe-allegre-67-combo\/\" \/>\n<meta property=\"og:locale\" content=\"ru_RU\" \/>\n<meta property=\"og:type\" content=\"article\" \/>\n<meta property=\"og:title\" content=\"\u0412\u043e\u0434\u043d\u044b\u0435 \u043b\u044b\u0436\u0438 Jobe Allegre 67&quot; Combo - WATERSKIS.LV\" \/>\n<meta property=\"og:description\" content=\"\u0412\u043e\u0434\u043d\u044b\u0435 \u043b\u044b\u0436\u0438 Jobe Allegre 67&quot; Combo \u2014 \u044d\u0442\u043e \u0438\u0434\u0435\u0430\u043b\u044c\u043d\u044b\u0435 \u043b\u044b\u0436\u0438 \u0434\u043b\u044f \u0432\u0441\u0435\u0439 \u0441\u0435\u043c\u044c\u0438 \u0438 \u043b\u044e\u0431\u043e\u0433\u043e \u0443\u0440\u043e\u0432\u043d\u044f \u043f\u043e\u0434\u0433\u043e\u0442\u043e\u0432\u043a\u0438. \u0418\u0434\u0435\u0430\u043b\u044c\u043d\u043e\u0435 \u0441\u043e\u0447\u0435\u0442\u0430\u043d\u0438\u0435 \u043f\u0440\u043e\u0447\u043d\u043e\u0441\u0442\u0438 \u0438 \u043a\u043e\u043d\u0442\u0440\u043e\u043b\u044f\" \/>\n<meta property=\"og:url\" content=\"https:\/\/www.waterskis.lv\/ru\/product\/%d0%b2%d0%be%d0%b4%d0%bd%d1%8b%d0%b5-%d0%bb%d1%8b%d0%b6%d0%b8-jobe-allegre-67-combo\/\" \/>\n<meta property=\"og:site_name\" content=\"WATERSKIS.LV\" \/>\n<meta property=\"article:publisher\" content=\"https:\/\/www.facebook.com\/jurmalawaterskiwakeboardpark\/\" \/>\n<meta property=\"article:modified_time\" content=\"2025-04-30T15:08:53+00:00\" \/>\n<meta property=\"og:image\" content=\"https:\/\/www.waterskis.lv\/wp-content\/uploads\/2025\/04\/203322002-zoom.jpg\" \/>\n\t<meta property=\"og:image:width\" content=\"1500\" \/>\n\t<meta property=\"og:image:height\" content=\"1500\" \/>\n\t<meta property=\"og:image:type\" content=\"image\/jpeg\" \/>\n<meta name=\"twitter:card\" content=\"summary_large_image\" \/>\n<meta name=\"twitter:label1\" content=\"\u041f\u0440\u0438\u043c\u0435\u0440\u043d\u043e\u0435 \u0432\u0440\u0435\u043c\u044f \u0434\u043b\u044f \u0447\u0442\u0435\u043d\u0438\u044f\" \/>\n\t<meta name=\"twitter:data1\" content=\"1 \u043c\u0438\u043d\u0443\u0442\u0430\" \/>\n<script type=\"application\/ld+json\" class=\"yoast-schema-graph\">{\"@context\":\"https:\\\/\\\/schema.org\",\"@graph\":[{\"@type\":\"WebPage\",\"@id\":\"https:\\\/\\\/www.waterskis.lv\\\/ru\\\/product\\\/%d0%b2%d0%be%d0%b4%d0%bd%d1%8b%d0%b5-%d0%bb%d1%8b%d0%b6%d0%b8-jobe-allegre-67-combo\\\/\",\"url\":\"https:\\\/\\\/www.waterskis.lv\\\/ru\\\/product\\\/%d0%b2%d0%be%d0%b4%d0%bd%d1%8b%d0%b5-%d0%bb%d1%8b%d0%b6%d0%b8-jobe-allegre-67-combo\\\/\",\"name\":\"\u0412\u043e\u0434\u043d\u044b\u0435 \u043b\u044b\u0436\u0438 Jobe Allegre 67\\\" Combo - WATERSKIS.LV\",\"isPartOf\":{\"@id\":\"https:\\\/\\\/www.waterskis.lv\\\/ru\\\/#website\"},\"primaryImageOfPage\":{\"@id\":\"https:\\\/\\\/www.waterskis.lv\\\/ru\\\/product\\\/%d0%b2%d0%be%d0%b4%d0%bd%d1%8b%d0%b5-%d0%bb%d1%8b%d0%b6%d0%b8-jobe-allegre-67-combo\\\/#primaryimage\"},\"image\":{\"@id\":\"https:\\\/\\\/www.waterskis.lv\\\/ru\\\/product\\\/%d0%b2%d0%be%d0%b4%d0%bd%d1%8b%d0%b5-%d0%bb%d1%8b%d0%b6%d0%b8-jobe-allegre-67-combo\\\/#primaryimage\"},\"thumbnailUrl\":\"https:\\\/\\\/www.waterskis.lv\\\/wp-content\\\/uploads\\\/2025\\\/04\\\/203322002-zoom.jpg\",\"datePublished\":\"2025-04-30T14:26:45+00:00\",\"dateModified\":\"2025-04-30T15:08:53+00:00\",\"description\":\"\u0412\u043e\u0434\u043d\u044b\u0435 \u043b\u044b\u0436\u0438 Jobe Allegre 67\\\" Combo \u2014 \u044d\u0442\u043e \u0438\u0434\u0435\u0430\u043b\u044c\u043d\u044b\u0435 \u043b\u044b\u0436\u0438 \u0434\u043b\u044f \u0432\u0441\u0435\u0439 \u0441\u0435\u043c\u044c\u0438 \u0438 \u043b\u044e\u0431\u043e\u0433\u043e \u0443\u0440\u043e\u0432\u043d\u044f \u043f\u043e\u0434\u0433\u043e\u0442\u043e\u0432\u043a\u0438. \u0418\u0434\u0435\u0430\u043b\u044c\u043d\u043e\u0435 \u0441\u043e\u0447\u0435\u0442\u0430\u043d\u0438\u0435 \u043f\u0440\u043e\u0447\u043d\u043e\u0441\u0442\u0438 \u0438 \u043a\u043e\u043d\u0442\u0440\u043e\u043b\u044f\",\"breadcrumb\":{\"@id\":\"https:\\\/\\\/www.waterskis.lv\\\/ru\\\/product\\\/%d0%b2%d0%be%d0%b4%d0%bd%d1%8b%d0%b5-%d0%bb%d1%8b%d0%b6%d0%b8-jobe-allegre-67-combo\\\/#breadcrumb\"},\"inLanguage\":\"ru-RU\",\"potentialAction\":[{\"@type\":\"ReadAction\",\"target\":[\"https:\\\/\\\/www.waterskis.lv\\\/ru\\\/product\\\/%d0%b2%d0%be%d0%b4%d0%bd%d1%8b%d0%b5-%d0%bb%d1%8b%d0%b6%d0%b8-jobe-allegre-67-combo\\\/\"]}]},{\"@type\":\"ImageObject\",\"inLanguage\":\"ru-RU\",\"@id\":\"https:\\\/\\\/www.waterskis.lv\\\/ru\\\/product\\\/%d0%b2%d0%be%d0%b4%d0%bd%d1%8b%d0%b5-%d0%bb%d1%8b%d0%b6%d0%b8-jobe-allegre-67-combo\\\/#primaryimage\",\"url\":\"https:\\\/\\\/www.waterskis.lv\\\/wp-content\\\/uploads\\\/2025\\\/04\\\/203322002-zoom.jpg\",\"contentUrl\":\"https:\\\/\\\/www.waterskis.lv\\\/wp-content\\\/uploads\\\/2025\\\/04\\\/203322002-zoom.jpg\",\"width\":1500,\"height\":1500,\"caption\":\"\u016adenssl\u0113pes Jobe Allegre Combo Waterskis\"},{\"@type\":\"BreadcrumbList\",\"@id\":\"https:\\\/\\\/www.waterskis.lv\\\/ru\\\/product\\\/%d0%b2%d0%be%d0%b4%d0%bd%d1%8b%d0%b5-%d0%bb%d1%8b%d0%b6%d0%b8-jobe-allegre-67-combo\\\/#breadcrumb\",\"itemListElement\":[{\"@type\":\"ListItem\",\"position\":1,\"name\":\"Home\",\"item\":\"https:\\\/\\\/www.waterskis.lv\\\/ru\\\/\"},{\"@type\":\"ListItem\",\"position\":2,\"name\":\"\u041c\u0430\u0433\u0430\u0437\u0438\u043d\",\"item\":\"https:\\\/\\\/www.waterskis.lv\\\/ru\\\/%d0%bc%d0%b0%d0%b3%d0%b0%d0%b7%d0%b8%d0%bd\\\/\"},{\"@type\":\"ListItem\",\"position\":3,\"name\":\"\u0412\u043e\u0434\u043d\u044b\u0435 \u043b\u044b\u0436\u0438 Jobe Allegre 67&#8243; Combo\"}]},{\"@type\":\"WebSite\",\"@id\":\"https:\\\/\\\/www.waterskis.lv\\\/ru\\\/#website\",\"url\":\"https:\\\/\\\/www.waterskis.lv\\\/ru\\\/\",\"name\":\"WATERSKIS.LV\",\"description\":\"SUP d\u0113\u013ci, kajaki, kanoe, airu laivas, \u016bdenssl\u0113po\u0161ana, veikbords, SUP d\u0113\u013cu noma, kajaku nomaakt\u012bv\u0101s atp\u016btas centrs, laivu noma, sup noma, kajaku noma\",\"publisher\":{\"@id\":\"https:\\\/\\\/www.waterskis.lv\\\/ru\\\/#organization\"},\"potentialAction\":[{\"@type\":\"SearchAction\",\"target\":{\"@type\":\"EntryPoint\",\"urlTemplate\":\"https:\\\/\\\/www.waterskis.lv\\\/ru\\\/?s={search_term_string}\"},\"query-input\":{\"@type\":\"PropertyValueSpecification\",\"valueRequired\":true,\"valueName\":\"search_term_string\"}}],\"inLanguage\":\"ru-RU\"},{\"@type\":\"Organization\",\"@id\":\"https:\\\/\\\/www.waterskis.lv\\\/ru\\\/#organization\",\"name\":\"WATERSKIS.LV\",\"url\":\"https:\\\/\\\/www.waterskis.lv\\\/ru\\\/\",\"logo\":{\"@type\":\"ImageObject\",\"inLanguage\":\"ru-RU\",\"@id\":\"https:\\\/\\\/www.waterskis.lv\\\/ru\\\/#\\\/schema\\\/logo\\\/image\\\/\",\"url\":\"https:\\\/\\\/www.waterskis.lv\\\/wp-content\\\/uploads\\\/2025\\\/01\\\/JUVP-logo.png\",\"contentUrl\":\"https:\\\/\\\/www.waterskis.lv\\\/wp-content\\\/uploads\\\/2025\\\/01\\\/JUVP-logo.png\",\"width\":421,\"height\":202,\"caption\":\"WATERSKIS.LV\"},\"image\":{\"@id\":\"https:\\\/\\\/www.waterskis.lv\\\/ru\\\/#\\\/schema\\\/logo\\\/image\\\/\"},\"sameAs\":[\"https:\\\/\\\/www.facebook.com\\\/jurmalawaterskiwakeboardpark\\\/\"]}]}<\/script>\n<!-- \/ Yoast SEO plugin. -->","yoast_head_json":{"title":"\u0412\u043e\u0434\u043d\u044b\u0435 \u043b\u044b\u0436\u0438 Jobe Allegre 67\" Combo - WATERSKIS.LV","description":"\u0412\u043e\u0434\u043d\u044b\u0435 \u043b\u044b\u0436\u0438 Jobe Allegre 67\" Combo \u2014 \u044d\u0442\u043e \u0438\u0434\u0435\u0430\u043b\u044c\u043d\u044b\u0435 \u043b\u044b\u0436\u0438 \u0434\u043b\u044f \u0432\u0441\u0435\u0439 \u0441\u0435\u043c\u044c\u0438 \u0438 \u043b\u044e\u0431\u043e\u0433\u043e \u0443\u0440\u043e\u0432\u043d\u044f \u043f\u043e\u0434\u0433\u043e\u0442\u043e\u0432\u043a\u0438. \u0418\u0434\u0435\u0430\u043b\u044c\u043d\u043e\u0435 \u0441\u043e\u0447\u0435\u0442\u0430\u043d\u0438\u0435 \u043f\u0440\u043e\u0447\u043d\u043e\u0441\u0442\u0438 \u0438 \u043a\u043e\u043d\u0442\u0440\u043e\u043b\u044f","robots":{"index":"index","follow":"follow","max-snippet":"max-snippet:-1","max-image-preview":"max-image-preview:large","max-video-preview":"max-video-preview:-1"},"canonical":"https:\/\/www.waterskis.lv\/ru\/product\/%d0%b2%d0%be%d0%b4%d0%bd%d1%8b%d0%b5-%d0%bb%d1%8b%d0%b6%d0%b8-jobe-allegre-67-combo\/","og_locale":"ru_RU","og_type":"article","og_title":"\u0412\u043e\u0434\u043d\u044b\u0435 \u043b\u044b\u0436\u0438 Jobe Allegre 67\" Combo - WATERSKIS.LV","og_description":"\u0412\u043e\u0434\u043d\u044b\u0435 \u043b\u044b\u0436\u0438 Jobe Allegre 67\" Combo \u2014 \u044d\u0442\u043e \u0438\u0434\u0435\u0430\u043b\u044c\u043d\u044b\u0435 \u043b\u044b\u0436\u0438 \u0434\u043b\u044f \u0432\u0441\u0435\u0439 \u0441\u0435\u043c\u044c\u0438 \u0438 \u043b\u044e\u0431\u043e\u0433\u043e \u0443\u0440\u043e\u0432\u043d\u044f \u043f\u043e\u0434\u0433\u043e\u0442\u043e\u0432\u043a\u0438. \u0418\u0434\u0435\u0430\u043b\u044c\u043d\u043e\u0435 \u0441\u043e\u0447\u0435\u0442\u0430\u043d\u0438\u0435 \u043f\u0440\u043e\u0447\u043d\u043e\u0441\u0442\u0438 \u0438 \u043a\u043e\u043d\u0442\u0440\u043e\u043b\u044f","og_url":"https:\/\/www.waterskis.lv\/ru\/product\/%d0%b2%d0%be%d0%b4%d0%bd%d1%8b%d0%b5-%d0%bb%d1%8b%d0%b6%d0%b8-jobe-allegre-67-combo\/","og_site_name":"WATERSKIS.LV","article_publisher":"https:\/\/www.facebook.com\/jurmalawaterskiwakeboardpark\/","article_modified_time":"2025-04-30T15:08:53+00:00","og_image":[{"width":1500,"height":1500,"url":"https:\/\/www.waterskis.lv\/wp-content\/uploads\/2025\/04\/203322002-zoom.jpg","type":"image\/jpeg"}],"twitter_card":"summary_large_image","twitter_misc":{"\u041f\u0440\u0438\u043c\u0435\u0440\u043d\u043e\u0435 \u0432\u0440\u0435\u043c\u044f \u0434\u043b\u044f \u0447\u0442\u0435\u043d\u0438\u044f":"1 \u043c\u0438\u043d\u0443\u0442\u0430"},"schema":{"@context":"https:\/\/schema.org","@graph":[{"@type":"WebPage","@id":"https:\/\/www.waterskis.lv\/ru\/product\/%d0%b2%d0%be%d0%b4%d0%bd%d1%8b%d0%b5-%d0%bb%d1%8b%d0%b6%d0%b8-jobe-allegre-67-combo\/","url":"https:\/\/www.waterskis.lv\/ru\/product\/%d0%b2%d0%be%d0%b4%d0%bd%d1%8b%d0%b5-%d0%bb%d1%8b%d0%b6%d0%b8-jobe-allegre-67-combo\/","name":"\u0412\u043e\u0434\u043d\u044b\u0435 \u043b\u044b\u0436\u0438 Jobe Allegre 67\" Combo - WATERSKIS.LV","isPartOf":{"@id":"https:\/\/www.waterskis.lv\/ru\/#website"},"primaryImageOfPage":{"@id":"https:\/\/www.waterskis.lv\/ru\/product\/%d0%b2%d0%be%d0%b4%d0%bd%d1%8b%d0%b5-%d0%bb%d1%8b%d0%b6%d0%b8-jobe-allegre-67-combo\/#primaryimage"},"image":{"@id":"https:\/\/www.waterskis.lv\/ru\/product\/%d0%b2%d0%be%d0%b4%d0%bd%d1%8b%d0%b5-%d0%bb%d1%8b%d0%b6%d0%b8-jobe-allegre-67-combo\/#primaryimage"},"thumbnailUrl":"https:\/\/www.waterskis.lv\/wp-content\/uploads\/2025\/04\/203322002-zoom.jpg","datePublished":"2025-04-30T14:26:45+00:00","dateModified":"2025-04-30T15:08:53+00:00","description":"\u0412\u043e\u0434\u043d\u044b\u0435 \u043b\u044b\u0436\u0438 Jobe Allegre 67\" Combo \u2014 \u044d\u0442\u043e \u0438\u0434\u0435\u0430\u043b\u044c\u043d\u044b\u0435 \u043b\u044b\u0436\u0438 \u0434\u043b\u044f \u0432\u0441\u0435\u0439 \u0441\u0435\u043c\u044c\u0438 \u0438 \u043b\u044e\u0431\u043e\u0433\u043e \u0443\u0440\u043e\u0432\u043d\u044f \u043f\u043e\u0434\u0433\u043e\u0442\u043e\u0432\u043a\u0438. \u0418\u0434\u0435\u0430\u043b\u044c\u043d\u043e\u0435 \u0441\u043e\u0447\u0435\u0442\u0430\u043d\u0438\u0435 \u043f\u0440\u043e\u0447\u043d\u043e\u0441\u0442\u0438 \u0438 \u043a\u043e\u043d\u0442\u0440\u043e\u043b\u044f","breadcrumb":{"@id":"https:\/\/www.waterskis.lv\/ru\/product\/%d0%b2%d0%be%d0%b4%d0%bd%d1%8b%d0%b5-%d0%bb%d1%8b%d0%b6%d0%b8-jobe-allegre-67-combo\/#breadcrumb"},"inLanguage":"ru-RU","potentialAction":[{"@type":"ReadAction","target":["https:\/\/www.waterskis.lv\/ru\/product\/%d0%b2%d0%be%d0%b4%d0%bd%d1%8b%d0%b5-%d0%bb%d1%8b%d0%b6%d0%b8-jobe-allegre-67-combo\/"]}]},{"@type":"ImageObject","inLanguage":"ru-RU","@id":"https:\/\/www.waterskis.lv\/ru\/product\/%d0%b2%d0%be%d0%b4%d0%bd%d1%8b%d0%b5-%d0%bb%d1%8b%d0%b6%d0%b8-jobe-allegre-67-combo\/#primaryimage","url":"https:\/\/www.waterskis.lv\/wp-content\/uploads\/2025\/04\/203322002-zoom.jpg","contentUrl":"https:\/\/www.waterskis.lv\/wp-content\/uploads\/2025\/04\/203322002-zoom.jpg","width":1500,"height":1500,"caption":"\u016adenssl\u0113pes Jobe Allegre Combo Waterskis"},{"@type":"BreadcrumbList","@id":"https:\/\/www.waterskis.lv\/ru\/product\/%d0%b2%d0%be%d0%b4%d0%bd%d1%8b%d0%b5-%d0%bb%d1%8b%d0%b6%d0%b8-jobe-allegre-67-combo\/#breadcrumb","itemListElement":[{"@type":"ListItem","position":1,"name":"Home","item":"https:\/\/www.waterskis.lv\/ru\/"},{"@type":"ListItem","position":2,"name":"\u041c\u0430\u0433\u0430\u0437\u0438\u043d","item":"https:\/\/www.waterskis.lv\/ru\/%d0%bc%d0%b0%d0%b3%d0%b0%d0%b7%d0%b8%d0%bd\/"},{"@type":"ListItem","position":3,"name":"\u0412\u043e\u0434\u043d\u044b\u0435 \u043b\u044b\u0436\u0438 Jobe Allegre 67&#8243; Combo"}]},{"@type":"WebSite","@id":"https:\/\/www.waterskis.lv\/ru\/#website","url":"https:\/\/www.waterskis.lv\/ru\/","name":"WATERSKIS.LV","description":"SUP d\u0113\u013ci, kajaki, kanoe, airu laivas, \u016bdenssl\u0113po\u0161ana, veikbords, SUP d\u0113\u013cu noma, kajaku nomaakt\u012bv\u0101s atp\u016btas centrs, laivu noma, sup noma, kajaku noma","publisher":{"@id":"https:\/\/www.waterskis.lv\/ru\/#organization"},"potentialAction":[{"@type":"SearchAction","target":{"@type":"EntryPoint","urlTemplate":"https:\/\/www.waterskis.lv\/ru\/?s={search_term_string}"},"query-input":{"@type":"PropertyValueSpecification","valueRequired":true,"valueName":"search_term_string"}}],"inLanguage":"ru-RU"},{"@type":"Organization","@id":"https:\/\/www.waterskis.lv\/ru\/#organization","name":"WATERSKIS.LV","url":"https:\/\/www.waterskis.lv\/ru\/","logo":{"@type":"ImageObject","inLanguage":"ru-RU","@id":"https:\/\/www.waterskis.lv\/ru\/#\/schema\/logo\/image\/","url":"https:\/\/www.waterskis.lv\/wp-content\/uploads\/2025\/01\/JUVP-logo.png","contentUrl":"https:\/\/www.waterskis.lv\/wp-content\/uploads\/2025\/01\/JUVP-logo.png","width":421,"height":202,"caption":"WATERSKIS.LV"},"image":{"@id":"https:\/\/www.waterskis.lv\/ru\/#\/schema\/logo\/image\/"},"sameAs":["https:\/\/www.facebook.com\/jurmalawaterskiwakeboardpark\/"]}]}},"_links":{"self":[{"href":"https:\/\/www.waterskis.lv\/ru\/wp-json\/wp\/v2\/product\/65683","targetHints":{"allow":["GET"]}}],"collection":[{"href":"https:\/\/www.waterskis.lv\/ru\/wp-json\/wp\/v2\/product"}],"about":[{"href":"https:\/\/www.waterskis.lv\/ru\/wp-json\/wp\/v2\/types\/product"}],"replies":[{"embeddable":true,"href":"https:\/\/www.waterskis.lv\/ru\/wp-json\/wp\/v2\/comments?post=65683"}],"wp:featuredmedia":[{"embeddable":true,"href":"https:\/\/www.waterskis.lv\/ru\/wp-json\/wp\/v2\/media\/65672"}],"wp:attachment":[{"href":"https:\/\/www.waterskis.lv\/ru\/wp-json\/wp\/v2\/media?parent=65683"}],"wp:term":[{"taxonomy":"product_brand","embeddable":true,"href":"https:\/\/www.waterskis.lv\/ru\/wp-json\/wp\/v2\/product_brand?post=65683"},{"taxonomy":"product_cat","embeddable":true,"href":"https:\/\/www.waterskis.lv\/ru\/wp-json\/wp\/v2\/product_cat?post=65683"},{"taxonomy":"product_tag","embeddable":true,"href":"https:\/\/www.waterskis.lv\/ru\/wp-json\/wp\/v2\/product_tag?post=65683"}],"curies":[{"name":"wp","href":"https:\/\/api.w.org\/{rel}","templated":true}]}}