{"id":65786,"date":"2025-05-01T15:16:19","date_gmt":"2025-05-01T13:16:19","guid":{"rendered":"https:\/\/www.waterskis.lv\/product\/udenssleposanas-slaloma-virve-jobe-sport-series-2-section-slalom-rope\/"},"modified":"2025-05-01T15:37:40","modified_gmt":"2025-05-01T13:37:40","slug":"%d1%84%d0%b0%d0%bb-%d1%81-%d1%80%d1%83%d0%ba%d0%be%d1%8f%d1%82%d0%ba%d0%be%d0%b9-jobe-sport-series-2-section-slalom","status":"publish","type":"product","link":"https:\/\/www.waterskis.lv\/ru\/product\/%d1%84%d0%b0%d0%bb-%d1%81-%d1%80%d1%83%d0%ba%d0%be%d1%8f%d1%82%d0%ba%d0%be%d0%b9-jobe-sport-series-2-section-slalom\/","title":{"rendered":"\u0424\u0430\u043b \u0441 \u0440\u0443\u043a\u043e\u044f\u0442\u043a\u043e\u0439 Jobe Sport Series 2 Section Slalom"},"content":{"rendered":"<h1>\u0424\u0430\u043b \u0441 \u0440\u0443\u043a\u043e\u044f\u0442\u043a\u043e\u0439 Jobe Sport Series 2 Section Slalom<\/h1>\n<p>\u0424\u0430\u043b \u0441 \u0440\u0443\u043a\u043e\u044f\u0442\u043a\u043e\u0439 Jobe Sport Series 2 Section Slalom<br \/>\n\u042d\u0442\u043e\u0442 \u043f\u043e\u0431\u0435\u0434\u0438\u0442\u0435\u043b\u044c \u0440\u0430\u0437\u0440\u0430\u0431\u043e\u0442\u0430\u043d \u0432 \u0441\u043e\u043e\u0442\u0432\u0435\u0442\u0441\u0442\u0432\u0438\u0438 \u0441\u043e \u0441\u0442\u0430\u043d\u0434\u0430\u0440\u0442\u0430\u043c\u0438 \u0441\u043e\u0440\u0435\u0432\u043d\u043e\u0432\u0430\u043d\u0438\u0439. \u0421 2 \u0441\u044a\u0435\u043c\u043d\u044b\u043c\u0438 \u043a\u043e\u0440\u043e\u0442\u043a\u0438\u043c\u0438 \u043a\u043e\u043d\u0446\u0430\u043c\u0438 \u0438 \u043c\u044f\u0433\u043a\u043e\u0439 \u0438 \u0443\u0434\u043e\u0431\u043d\u043e\u0439 \u0440\u0435\u0437\u0438\u043d\u043e\u0432\u043e\u0439 \u0440\u0443\u043a\u043e\u044f\u0442\u043a\u043e\u0439 \u044d\u0442\u0430 \u043e\u0441\u0442\u0440\u0430\u044f \u0432\u0435\u0440\u0435\u0432\u043a\u0430 \u2014 \u043d\u0430\u0441\u0442\u043e\u044f\u0449\u0438\u0439 \u0444\u0430\u0432\u043e\u0440\u0438\u0442 \u043f\u0440\u043e\u0444\u0435\u0441\u0441\u0438\u043e\u043d\u0430\u043b\u043e\u0432.<\/p>\n<p>1,1 \u0434\u044e\u0439\u043c\u0430 | \u043a\u0440\u0443\u0433\u043b\u0430\u044f \u0440\u0443\u043a\u043e\u044f\u0442\u043a\u0430 \u0442\u043e\u043b\u0449\u0438\u043d\u043e\u0439 28 \u043c\u043c<br \/>\n12 \u0434\u044e\u0439\u043c\u043e\u0432 | \u0440\u0443\u0447\u043a\u0430 \u0448\u0438\u0440\u0438\u043d\u043e\u0439 30,48 \u0441\u043c<br \/>\n75 \u0444\u0443\u0442\u043e\u0432 | \u043e\u0441\u043d\u043e\u0432\u043d\u0430\u044f \u043b\u0435\u0441\u043a\u0430 22,86 \u043c \u0441 2 (2 \u0441\u0435\u043a\u0446\u0438\u0438) \u0438\u043b\u0438 8 (8 \u0441\u0435\u043a\u0446\u0438\u0439) \u0443\u0434\u043b\u0438\u043d\u0438\u0442\u0435\u043b\u044f\u043c\u0438<br \/>\n\u0420\u0443\u0447\u043a\u0430 \u0441 \u0440\u0435\u0437\u0438\u043d\u043e\u0432\u044b\u043c \u043f\u0440\u043e\u0444\u0438\u043b\u0435\u043c<\/p>\n","protected":false},"excerpt":{"rendered":"<p>https:\/\/www.youtube.com\/watch?v=FQKgSqSPnBM [&#8230;]<\/p>\n<p><a class=\"btn btn-secondary understrap-read-more-link\" href=\"https:\/\/www.waterskis.lv\/ru\/product\/%d1%84%d0%b0%d0%bb-%d1%81-%d1%80%d1%83%d0%ba%d0%be%d1%8f%d1%82%d0%ba%d0%be%d0%b9-jobe-sport-series-2-section-slalom\/\">\u0427\u0438\u0442\u0430\u0442\u044c \u0434\u0430\u043b\u044c\u0448\u0435\u2026<\/a><\/p>\n","protected":false},"featured_media":65784,"comment_status":"closed","ping_status":"closed","template":"","meta":{"_acf_changed":false,"inline_featured_image":false},"product_brand":[],"product_cat":[556,1013],"product_tag":[3021],"class_list":{"0":"post-65786","1":"product","2":"type-product","3":"status-publish","4":"has-post-thumbnail","6":"product_cat-b-","7":"product_cat-1013","8":"product_tag-3021","10":"first","11":"instock","12":"shipping-taxable","13":"purchasable","14":"product-type-simple"},"acf":[],"yoast_head":"<!-- This site is optimized with the Yoast SEO plugin v27.3 - https:\/\/yoast.com\/product\/yoast-seo-wordpress\/ -->\n<title>\u0424\u0430\u043b \u0441 \u0440\u0443\u043a\u043e\u044f\u0442\u043a\u043e\u0439 Jobe Sport Series 2 Section Slalom - WATERSKIS.LV<\/title>\n<meta name=\"description\" content=\"\u0424\u0430\u043b \u0441 \u0440\u0443\u043a\u043e\u044f\u0442\u043a\u043e\u0439 Jobe Sport Series 2 Section Slalom. \u0421 2 \u0441\u044a\u0435\u043c\u043d\u044b\u043c\u0438 \u043a\u043e\u0440\u043e\u0442\u043a\u0438\u043c\u0438 \u043a\u043e\u043d\u0446\u0430\u043c\u0438 \u0438 \u043c\u044f\u0433\u043a\u043e\u0439 \u0438 \u0443\u0434\u043e\u0431\u043d\u043e\u0439 \u0440\u0435\u0437\u0438\u043d\u043e\u0432\u043e\u0439 \u0440\u0443\u043a\u043e\u044f\u0442\u043a\u043e\u0439 \u044d\u0442\u0430 \u043e\u0441\u0442\u0440\u0430\u044f \u0432\u0435\u0440\u0435\u0432\u043a\u0430\" \/>\n<meta name=\"robots\" content=\"index, follow, max-snippet:-1, max-image-preview:large, max-video-preview:-1\" \/>\n<link rel=\"canonical\" href=\"https:\/\/www.waterskis.lv\/ru\/product\/%d1%84%d0%b0%d0%bb-%d1%81-%d1%80%d1%83%d0%ba%d0%be%d1%8f%d1%82%d0%ba%d0%be%d0%b9-jobe-sport-series-2-section-slalom\/\" \/>\n<meta property=\"og:locale\" content=\"ru_RU\" \/>\n<meta property=\"og:type\" content=\"article\" \/>\n<meta property=\"og:title\" content=\"\u0424\u0430\u043b \u0441 \u0440\u0443\u043a\u043e\u044f\u0442\u043a\u043e\u0439 Jobe Sport Series 2 Section Slalom - WATERSKIS.LV\" \/>\n<meta property=\"og:description\" content=\"\u0424\u0430\u043b \u0441 \u0440\u0443\u043a\u043e\u044f\u0442\u043a\u043e\u0439 Jobe Sport Series 2 Section Slalom. \u0421 2 \u0441\u044a\u0435\u043c\u043d\u044b\u043c\u0438 \u043a\u043e\u0440\u043e\u0442\u043a\u0438\u043c\u0438 \u043a\u043e\u043d\u0446\u0430\u043c\u0438 \u0438 \u043c\u044f\u0433\u043a\u043e\u0439 \u0438 \u0443\u0434\u043e\u0431\u043d\u043e\u0439 \u0440\u0435\u0437\u0438\u043d\u043e\u0432\u043e\u0439 \u0440\u0443\u043a\u043e\u044f\u0442\u043a\u043e\u0439 \u044d\u0442\u0430 \u043e\u0441\u0442\u0440\u0430\u044f \u0432\u0435\u0440\u0435\u0432\u043a\u0430\" \/>\n<meta property=\"og:url\" content=\"https:\/\/www.waterskis.lv\/ru\/product\/%d1%84%d0%b0%d0%bb-%d1%81-%d1%80%d1%83%d0%ba%d0%be%d1%8f%d1%82%d0%ba%d0%be%d0%b9-jobe-sport-series-2-section-slalom\/\" \/>\n<meta property=\"og:site_name\" content=\"WATERSKIS.LV\" \/>\n<meta property=\"article:publisher\" content=\"https:\/\/www.facebook.com\/jurmalawaterskiwakeboardpark\/\" \/>\n<meta property=\"article:modified_time\" content=\"2025-05-01T13:37:40+00:00\" \/>\n<meta property=\"og:image\" content=\"https:\/\/www.waterskis.lv\/wp-content\/uploads\/2025\/05\/211117025-big.jpg\" \/>\n\t<meta property=\"og:image:width\" content=\"800\" \/>\n\t<meta property=\"og:image:height\" content=\"800\" \/>\n\t<meta property=\"og:image:type\" content=\"image\/jpeg\" \/>\n<meta name=\"twitter:card\" content=\"summary_large_image\" \/>\n<meta name=\"twitter:label1\" content=\"\u041f\u0440\u0438\u043c\u0435\u0440\u043d\u043e\u0435 \u0432\u0440\u0435\u043c\u044f \u0434\u043b\u044f \u0447\u0442\u0435\u043d\u0438\u044f\" \/>\n\t<meta name=\"twitter:data1\" content=\"1 \u043c\u0438\u043d\u0443\u0442\u0430\" \/>\n<script type=\"application\/ld+json\" class=\"yoast-schema-graph\">{\"@context\":\"https:\\\/\\\/schema.org\",\"@graph\":[{\"@type\":\"WebPage\",\"@id\":\"https:\\\/\\\/www.waterskis.lv\\\/ru\\\/product\\\/%d1%84%d0%b0%d0%bb-%d1%81-%d1%80%d1%83%d0%ba%d0%be%d1%8f%d1%82%d0%ba%d0%be%d0%b9-jobe-sport-series-2-section-slalom\\\/\",\"url\":\"https:\\\/\\\/www.waterskis.lv\\\/ru\\\/product\\\/%d1%84%d0%b0%d0%bb-%d1%81-%d1%80%d1%83%d0%ba%d0%be%d1%8f%d1%82%d0%ba%d0%be%d0%b9-jobe-sport-series-2-section-slalom\\\/\",\"name\":\"\u0424\u0430\u043b \u0441 \u0440\u0443\u043a\u043e\u044f\u0442\u043a\u043e\u0439 Jobe Sport Series 2 Section Slalom - WATERSKIS.LV\",\"isPartOf\":{\"@id\":\"https:\\\/\\\/www.waterskis.lv\\\/ru\\\/#website\"},\"primaryImageOfPage\":{\"@id\":\"https:\\\/\\\/www.waterskis.lv\\\/ru\\\/product\\\/%d1%84%d0%b0%d0%bb-%d1%81-%d1%80%d1%83%d0%ba%d0%be%d1%8f%d1%82%d0%ba%d0%be%d0%b9-jobe-sport-series-2-section-slalom\\\/#primaryimage\"},\"image\":{\"@id\":\"https:\\\/\\\/www.waterskis.lv\\\/ru\\\/product\\\/%d1%84%d0%b0%d0%bb-%d1%81-%d1%80%d1%83%d0%ba%d0%be%d1%8f%d1%82%d0%ba%d0%be%d0%b9-jobe-sport-series-2-section-slalom\\\/#primaryimage\"},\"thumbnailUrl\":\"https:\\\/\\\/www.waterskis.lv\\\/wp-content\\\/uploads\\\/2025\\\/05\\\/211117025-big.jpg\",\"datePublished\":\"2025-05-01T13:16:19+00:00\",\"dateModified\":\"2025-05-01T13:37:40+00:00\",\"description\":\"\u0424\u0430\u043b \u0441 \u0440\u0443\u043a\u043e\u044f\u0442\u043a\u043e\u0439 Jobe Sport Series 2 Section Slalom. \u0421 2 \u0441\u044a\u0435\u043c\u043d\u044b\u043c\u0438 \u043a\u043e\u0440\u043e\u0442\u043a\u0438\u043c\u0438 \u043a\u043e\u043d\u0446\u0430\u043c\u0438 \u0438 \u043c\u044f\u0433\u043a\u043e\u0439 \u0438 \u0443\u0434\u043e\u0431\u043d\u043e\u0439 \u0440\u0435\u0437\u0438\u043d\u043e\u0432\u043e\u0439 \u0440\u0443\u043a\u043e\u044f\u0442\u043a\u043e\u0439 \u044d\u0442\u0430 \u043e\u0441\u0442\u0440\u0430\u044f \u0432\u0435\u0440\u0435\u0432\u043a\u0430\",\"breadcrumb\":{\"@id\":\"https:\\\/\\\/www.waterskis.lv\\\/ru\\\/product\\\/%d1%84%d0%b0%d0%bb-%d1%81-%d1%80%d1%83%d0%ba%d0%be%d1%8f%d1%82%d0%ba%d0%be%d0%b9-jobe-sport-series-2-section-slalom\\\/#breadcrumb\"},\"inLanguage\":\"ru-RU\",\"potentialAction\":[{\"@type\":\"ReadAction\",\"target\":[\"https:\\\/\\\/www.waterskis.lv\\\/ru\\\/product\\\/%d1%84%d0%b0%d0%bb-%d1%81-%d1%80%d1%83%d0%ba%d0%be%d1%8f%d1%82%d0%ba%d0%be%d0%b9-jobe-sport-series-2-section-slalom\\\/\"]}]},{\"@type\":\"ImageObject\",\"inLanguage\":\"ru-RU\",\"@id\":\"https:\\\/\\\/www.waterskis.lv\\\/ru\\\/product\\\/%d1%84%d0%b0%d0%bb-%d1%81-%d1%80%d1%83%d0%ba%d0%be%d1%8f%d1%82%d0%ba%d0%be%d0%b9-jobe-sport-series-2-section-slalom\\\/#primaryimage\",\"url\":\"https:\\\/\\\/www.waterskis.lv\\\/wp-content\\\/uploads\\\/2025\\\/05\\\/211117025-big.jpg\",\"contentUrl\":\"https:\\\/\\\/www.waterskis.lv\\\/wp-content\\\/uploads\\\/2025\\\/05\\\/211117025-big.jpg\",\"width\":800,\"height\":800,\"caption\":\"\u016adenssl\u0113po\u0161anas slaloma virve Jobe Sport Series 2 Section Slalom Rope\"},{\"@type\":\"BreadcrumbList\",\"@id\":\"https:\\\/\\\/www.waterskis.lv\\\/ru\\\/product\\\/%d1%84%d0%b0%d0%bb-%d1%81-%d1%80%d1%83%d0%ba%d0%be%d1%8f%d1%82%d0%ba%d0%be%d0%b9-jobe-sport-series-2-section-slalom\\\/#breadcrumb\",\"itemListElement\":[{\"@type\":\"ListItem\",\"position\":1,\"name\":\"Home\",\"item\":\"https:\\\/\\\/www.waterskis.lv\\\/ru\\\/\"},{\"@type\":\"ListItem\",\"position\":2,\"name\":\"\u041c\u0430\u0433\u0430\u0437\u0438\u043d\",\"item\":\"https:\\\/\\\/www.waterskis.lv\\\/ru\\\/%d0%bc%d0%b0%d0%b3%d0%b0%d0%b7%d0%b8%d0%bd\\\/\"},{\"@type\":\"ListItem\",\"position\":3,\"name\":\"\u0424\u0430\u043b \u0441 \u0440\u0443\u043a\u043e\u044f\u0442\u043a\u043e\u0439 Jobe Sport Series 2 Section Slalom\"}]},{\"@type\":\"WebSite\",\"@id\":\"https:\\\/\\\/www.waterskis.lv\\\/ru\\\/#website\",\"url\":\"https:\\\/\\\/www.waterskis.lv\\\/ru\\\/\",\"name\":\"WATERSKIS.LV\",\"description\":\"SUP d\u0113\u013ci, kajaki, kanoe, airu laivas, \u016bdenssl\u0113po\u0161ana, veikbords, SUP d\u0113\u013cu noma, kajaku nomaakt\u012bv\u0101s atp\u016btas centrs, laivu noma, sup noma, kajaku noma\",\"publisher\":{\"@id\":\"https:\\\/\\\/www.waterskis.lv\\\/ru\\\/#organization\"},\"potentialAction\":[{\"@type\":\"SearchAction\",\"target\":{\"@type\":\"EntryPoint\",\"urlTemplate\":\"https:\\\/\\\/www.waterskis.lv\\\/ru\\\/?s={search_term_string}\"},\"query-input\":{\"@type\":\"PropertyValueSpecification\",\"valueRequired\":true,\"valueName\":\"search_term_string\"}}],\"inLanguage\":\"ru-RU\"},{\"@type\":\"Organization\",\"@id\":\"https:\\\/\\\/www.waterskis.lv\\\/ru\\\/#organization\",\"name\":\"WATERSKIS.LV\",\"url\":\"https:\\\/\\\/www.waterskis.lv\\\/ru\\\/\",\"logo\":{\"@type\":\"ImageObject\",\"inLanguage\":\"ru-RU\",\"@id\":\"https:\\\/\\\/www.waterskis.lv\\\/ru\\\/#\\\/schema\\\/logo\\\/image\\\/\",\"url\":\"https:\\\/\\\/www.waterskis.lv\\\/wp-content\\\/uploads\\\/2025\\\/01\\\/JUVP-logo.png\",\"contentUrl\":\"https:\\\/\\\/www.waterskis.lv\\\/wp-content\\\/uploads\\\/2025\\\/01\\\/JUVP-logo.png\",\"width\":421,\"height\":202,\"caption\":\"WATERSKIS.LV\"},\"image\":{\"@id\":\"https:\\\/\\\/www.waterskis.lv\\\/ru\\\/#\\\/schema\\\/logo\\\/image\\\/\"},\"sameAs\":[\"https:\\\/\\\/www.facebook.com\\\/jurmalawaterskiwakeboardpark\\\/\"]}]}<\/script>\n<!-- \/ Yoast SEO plugin. -->","yoast_head_json":{"title":"\u0424\u0430\u043b \u0441 \u0440\u0443\u043a\u043e\u044f\u0442\u043a\u043e\u0439 Jobe Sport Series 2 Section Slalom - WATERSKIS.LV","description":"\u0424\u0430\u043b \u0441 \u0440\u0443\u043a\u043e\u044f\u0442\u043a\u043e\u0439 Jobe Sport Series 2 Section Slalom. \u0421 2 \u0441\u044a\u0435\u043c\u043d\u044b\u043c\u0438 \u043a\u043e\u0440\u043e\u0442\u043a\u0438\u043c\u0438 \u043a\u043e\u043d\u0446\u0430\u043c\u0438 \u0438 \u043c\u044f\u0433\u043a\u043e\u0439 \u0438 \u0443\u0434\u043e\u0431\u043d\u043e\u0439 \u0440\u0435\u0437\u0438\u043d\u043e\u0432\u043e\u0439 \u0440\u0443\u043a\u043e\u044f\u0442\u043a\u043e\u0439 \u044d\u0442\u0430 \u043e\u0441\u0442\u0440\u0430\u044f \u0432\u0435\u0440\u0435\u0432\u043a\u0430","robots":{"index":"index","follow":"follow","max-snippet":"max-snippet:-1","max-image-preview":"max-image-preview:large","max-video-preview":"max-video-preview:-1"},"canonical":"https:\/\/www.waterskis.lv\/ru\/product\/%d1%84%d0%b0%d0%bb-%d1%81-%d1%80%d1%83%d0%ba%d0%be%d1%8f%d1%82%d0%ba%d0%be%d0%b9-jobe-sport-series-2-section-slalom\/","og_locale":"ru_RU","og_type":"article","og_title":"\u0424\u0430\u043b \u0441 \u0440\u0443\u043a\u043e\u044f\u0442\u043a\u043e\u0439 Jobe Sport Series 2 Section Slalom - WATERSKIS.LV","og_description":"\u0424\u0430\u043b \u0441 \u0440\u0443\u043a\u043e\u044f\u0442\u043a\u043e\u0439 Jobe Sport Series 2 Section Slalom. \u0421 2 \u0441\u044a\u0435\u043c\u043d\u044b\u043c\u0438 \u043a\u043e\u0440\u043e\u0442\u043a\u0438\u043c\u0438 \u043a\u043e\u043d\u0446\u0430\u043c\u0438 \u0438 \u043c\u044f\u0433\u043a\u043e\u0439 \u0438 \u0443\u0434\u043e\u0431\u043d\u043e\u0439 \u0440\u0435\u0437\u0438\u043d\u043e\u0432\u043e\u0439 \u0440\u0443\u043a\u043e\u044f\u0442\u043a\u043e\u0439 \u044d\u0442\u0430 \u043e\u0441\u0442\u0440\u0430\u044f \u0432\u0435\u0440\u0435\u0432\u043a\u0430","og_url":"https:\/\/www.waterskis.lv\/ru\/product\/%d1%84%d0%b0%d0%bb-%d1%81-%d1%80%d1%83%d0%ba%d0%be%d1%8f%d1%82%d0%ba%d0%be%d0%b9-jobe-sport-series-2-section-slalom\/","og_site_name":"WATERSKIS.LV","article_publisher":"https:\/\/www.facebook.com\/jurmalawaterskiwakeboardpark\/","article_modified_time":"2025-05-01T13:37:40+00:00","og_image":[{"width":800,"height":800,"url":"https:\/\/www.waterskis.lv\/wp-content\/uploads\/2025\/05\/211117025-big.jpg","type":"image\/jpeg"}],"twitter_card":"summary_large_image","twitter_misc":{"\u041f\u0440\u0438\u043c\u0435\u0440\u043d\u043e\u0435 \u0432\u0440\u0435\u043c\u044f \u0434\u043b\u044f \u0447\u0442\u0435\u043d\u0438\u044f":"1 \u043c\u0438\u043d\u0443\u0442\u0430"},"schema":{"@context":"https:\/\/schema.org","@graph":[{"@type":"WebPage","@id":"https:\/\/www.waterskis.lv\/ru\/product\/%d1%84%d0%b0%d0%bb-%d1%81-%d1%80%d1%83%d0%ba%d0%be%d1%8f%d1%82%d0%ba%d0%be%d0%b9-jobe-sport-series-2-section-slalom\/","url":"https:\/\/www.waterskis.lv\/ru\/product\/%d1%84%d0%b0%d0%bb-%d1%81-%d1%80%d1%83%d0%ba%d0%be%d1%8f%d1%82%d0%ba%d0%be%d0%b9-jobe-sport-series-2-section-slalom\/","name":"\u0424\u0430\u043b \u0441 \u0440\u0443\u043a\u043e\u044f\u0442\u043a\u043e\u0439 Jobe Sport Series 2 Section Slalom - WATERSKIS.LV","isPartOf":{"@id":"https:\/\/www.waterskis.lv\/ru\/#website"},"primaryImageOfPage":{"@id":"https:\/\/www.waterskis.lv\/ru\/product\/%d1%84%d0%b0%d0%bb-%d1%81-%d1%80%d1%83%d0%ba%d0%be%d1%8f%d1%82%d0%ba%d0%be%d0%b9-jobe-sport-series-2-section-slalom\/#primaryimage"},"image":{"@id":"https:\/\/www.waterskis.lv\/ru\/product\/%d1%84%d0%b0%d0%bb-%d1%81-%d1%80%d1%83%d0%ba%d0%be%d1%8f%d1%82%d0%ba%d0%be%d0%b9-jobe-sport-series-2-section-slalom\/#primaryimage"},"thumbnailUrl":"https:\/\/www.waterskis.lv\/wp-content\/uploads\/2025\/05\/211117025-big.jpg","datePublished":"2025-05-01T13:16:19+00:00","dateModified":"2025-05-01T13:37:40+00:00","description":"\u0424\u0430\u043b \u0441 \u0440\u0443\u043a\u043e\u044f\u0442\u043a\u043e\u0439 Jobe Sport Series 2 Section Slalom. \u0421 2 \u0441\u044a\u0435\u043c\u043d\u044b\u043c\u0438 \u043a\u043e\u0440\u043e\u0442\u043a\u0438\u043c\u0438 \u043a\u043e\u043d\u0446\u0430\u043c\u0438 \u0438 \u043c\u044f\u0433\u043a\u043e\u0439 \u0438 \u0443\u0434\u043e\u0431\u043d\u043e\u0439 \u0440\u0435\u0437\u0438\u043d\u043e\u0432\u043e\u0439 \u0440\u0443\u043a\u043e\u044f\u0442\u043a\u043e\u0439 \u044d\u0442\u0430 \u043e\u0441\u0442\u0440\u0430\u044f \u0432\u0435\u0440\u0435\u0432\u043a\u0430","breadcrumb":{"@id":"https:\/\/www.waterskis.lv\/ru\/product\/%d1%84%d0%b0%d0%bb-%d1%81-%d1%80%d1%83%d0%ba%d0%be%d1%8f%d1%82%d0%ba%d0%be%d0%b9-jobe-sport-series-2-section-slalom\/#breadcrumb"},"inLanguage":"ru-RU","potentialAction":[{"@type":"ReadAction","target":["https:\/\/www.waterskis.lv\/ru\/product\/%d1%84%d0%b0%d0%bb-%d1%81-%d1%80%d1%83%d0%ba%d0%be%d1%8f%d1%82%d0%ba%d0%be%d0%b9-jobe-sport-series-2-section-slalom\/"]}]},{"@type":"ImageObject","inLanguage":"ru-RU","@id":"https:\/\/www.waterskis.lv\/ru\/product\/%d1%84%d0%b0%d0%bb-%d1%81-%d1%80%d1%83%d0%ba%d0%be%d1%8f%d1%82%d0%ba%d0%be%d0%b9-jobe-sport-series-2-section-slalom\/#primaryimage","url":"https:\/\/www.waterskis.lv\/wp-content\/uploads\/2025\/05\/211117025-big.jpg","contentUrl":"https:\/\/www.waterskis.lv\/wp-content\/uploads\/2025\/05\/211117025-big.jpg","width":800,"height":800,"caption":"\u016adenssl\u0113po\u0161anas slaloma virve Jobe Sport Series 2 Section Slalom Rope"},{"@type":"BreadcrumbList","@id":"https:\/\/www.waterskis.lv\/ru\/product\/%d1%84%d0%b0%d0%bb-%d1%81-%d1%80%d1%83%d0%ba%d0%be%d1%8f%d1%82%d0%ba%d0%be%d0%b9-jobe-sport-series-2-section-slalom\/#breadcrumb","itemListElement":[{"@type":"ListItem","position":1,"name":"Home","item":"https:\/\/www.waterskis.lv\/ru\/"},{"@type":"ListItem","position":2,"name":"\u041c\u0430\u0433\u0430\u0437\u0438\u043d","item":"https:\/\/www.waterskis.lv\/ru\/%d0%bc%d0%b0%d0%b3%d0%b0%d0%b7%d0%b8%d0%bd\/"},{"@type":"ListItem","position":3,"name":"\u0424\u0430\u043b \u0441 \u0440\u0443\u043a\u043e\u044f\u0442\u043a\u043e\u0439 Jobe Sport Series 2 Section Slalom"}]},{"@type":"WebSite","@id":"https:\/\/www.waterskis.lv\/ru\/#website","url":"https:\/\/www.waterskis.lv\/ru\/","name":"WATERSKIS.LV","description":"SUP d\u0113\u013ci, kajaki, kanoe, airu laivas, \u016bdenssl\u0113po\u0161ana, veikbords, SUP d\u0113\u013cu noma, kajaku nomaakt\u012bv\u0101s atp\u016btas centrs, laivu noma, sup noma, kajaku noma","publisher":{"@id":"https:\/\/www.waterskis.lv\/ru\/#organization"},"potentialAction":[{"@type":"SearchAction","target":{"@type":"EntryPoint","urlTemplate":"https:\/\/www.waterskis.lv\/ru\/?s={search_term_string}"},"query-input":{"@type":"PropertyValueSpecification","valueRequired":true,"valueName":"search_term_string"}}],"inLanguage":"ru-RU"},{"@type":"Organization","@id":"https:\/\/www.waterskis.lv\/ru\/#organization","name":"WATERSKIS.LV","url":"https:\/\/www.waterskis.lv\/ru\/","logo":{"@type":"ImageObject","inLanguage":"ru-RU","@id":"https:\/\/www.waterskis.lv\/ru\/#\/schema\/logo\/image\/","url":"https:\/\/www.waterskis.lv\/wp-content\/uploads\/2025\/01\/JUVP-logo.png","contentUrl":"https:\/\/www.waterskis.lv\/wp-content\/uploads\/2025\/01\/JUVP-logo.png","width":421,"height":202,"caption":"WATERSKIS.LV"},"image":{"@id":"https:\/\/www.waterskis.lv\/ru\/#\/schema\/logo\/image\/"},"sameAs":["https:\/\/www.facebook.com\/jurmalawaterskiwakeboardpark\/"]}]}},"_links":{"self":[{"href":"https:\/\/www.waterskis.lv\/ru\/wp-json\/wp\/v2\/product\/65786","targetHints":{"allow":["GET"]}}],"collection":[{"href":"https:\/\/www.waterskis.lv\/ru\/wp-json\/wp\/v2\/product"}],"about":[{"href":"https:\/\/www.waterskis.lv\/ru\/wp-json\/wp\/v2\/types\/product"}],"replies":[{"embeddable":true,"href":"https:\/\/www.waterskis.lv\/ru\/wp-json\/wp\/v2\/comments?post=65786"}],"wp:featuredmedia":[{"embeddable":true,"href":"https:\/\/www.waterskis.lv\/ru\/wp-json\/wp\/v2\/media\/65784"}],"wp:attachment":[{"href":"https:\/\/www.waterskis.lv\/ru\/wp-json\/wp\/v2\/media?parent=65786"}],"wp:term":[{"taxonomy":"product_brand","embeddable":true,"href":"https:\/\/www.waterskis.lv\/ru\/wp-json\/wp\/v2\/product_brand?post=65786"},{"taxonomy":"product_cat","embeddable":true,"href":"https:\/\/www.waterskis.lv\/ru\/wp-json\/wp\/v2\/product_cat?post=65786"},{"taxonomy":"product_tag","embeddable":true,"href":"https:\/\/www.waterskis.lv\/ru\/wp-json\/wp\/v2\/product_tag?post=65786"}],"curies":[{"name":"wp","href":"https:\/\/api.w.org\/{rel}","templated":true}]}}