{"id":68703,"date":"2025-12-30T14:21:56","date_gmt":"2025-12-30T12:21:56","guid":{"rendered":"https:\/\/www.waterskis.lv\/product\/cimdi-kd-gloves-641\/"},"modified":"2026-01-29T07:51:12","modified_gmt":"2026-01-29T05:51:12","slug":"%d0%bf%d0%b5%d1%80%d1%87%d0%b0%d1%82%d0%ba%d0%b8-kd-gloves-641","status":"publish","type":"product","link":"https:\/\/www.waterskis.lv\/ru\/product\/%d0%bf%d0%b5%d1%80%d1%87%d0%b0%d1%82%d0%ba%d0%b8-kd-gloves-641\/","title":{"rendered":"\u041f\u0435\u0440\u0447\u0430\u0442\u043a\u0438 KD Gloves 6@41"},"content":{"rendered":"<h1>\u041f\u0435\u0440\u0447\u0430\u0442\u043a\u0438 KD Gloves 6@41<\/h1>\n<p>\u041f\u0435\u0440\u0447\u0430\u0442\u043a\u0438 KD Gloves 6@41<\/p>\n<table class=\"woocommerce-product-attributes shop_attributes\" aria-label=\"Product Details\">\n<tbody>\n<tr class=\"woocommerce-product-attributes-item woocommerce-product-attributes-item--attribute_size\">\n<th class=\"woocommerce-product-attributes-item__label\" scope=\"row\">Size<\/th>\n<td class=\"woocommerce-product-attributes-item__value\">S, M, L, XL<\/td>\n<\/tr>\n<\/tbody>\n<\/table>\n","protected":false},"excerpt":{"rendered":"<p>\u041f\u0435\u0440\u0447\u0430\u0442\u043a\u0438 KD Gloves 6@41 \u041f\u0435\u0440\u0447\u0430\u0442\u043a\u0438 KD Gloves 6@41 Size S, M, L, XL [&#8230;]<\/p>\n<p><a class=\"btn btn-secondary understrap-read-more-link\" href=\"https:\/\/www.waterskis.lv\/ru\/product\/%d0%bf%d0%b5%d1%80%d1%87%d0%b0%d1%82%d0%ba%d0%b8-kd-gloves-641\/\">\u0427\u0438\u0442\u0430\u0442\u044c \u0434\u0430\u043b\u044c\u0448\u0435\u2026<\/a><\/p>\n","protected":false},"featured_media":68704,"comment_status":"closed","ping_status":"closed","template":"","meta":{"_acf_changed":false,"inline_featured_image":false},"product_brand":[2390],"product_cat":[556,1012],"product_tag":[3009],"class_list":{"0":"post-68703","1":"product","2":"type-product","3":"status-publish","4":"has-post-thumbnail","6":"product_brand-kd-skis","7":"product_cat-b-","8":"product_cat-1012","9":"product_tag-3009","11":"first","12":"instock","13":"shipping-taxable","14":"purchasable","15":"product-type-simple"},"acf":[],"yoast_head":"<!-- This site is optimized with the Yoast SEO plugin v27.3 - https:\/\/yoast.com\/product\/yoast-seo-wordpress\/ -->\n<title>\u041f\u0435\u0440\u0447\u0430\u0442\u043a\u0438 KD Gloves 6@41 - WATERSKIS.LV<\/title>\n<meta name=\"description\" content=\"\u041f\u0435\u0440\u0447\u0430\u0442\u043a\u0438 KD Gloves 6@41. \u041f\u0435\u0440\u0447\u0430\u0442\u043a\u0438 \u0434\u043b\u044f \u0432\u043e\u0434\u043d\u044b\u0445 \u043b\u044b\u0436.\" \/>\n<meta name=\"robots\" content=\"index, follow, max-snippet:-1, max-image-preview:large, max-video-preview:-1\" \/>\n<link rel=\"canonical\" href=\"https:\/\/www.waterskis.lv\/ru\/product\/%d0%bf%d0%b5%d1%80%d1%87%d0%b0%d1%82%d0%ba%d0%b8-kd-gloves-641\/\" \/>\n<meta property=\"og:locale\" content=\"ru_RU\" \/>\n<meta property=\"og:type\" content=\"article\" \/>\n<meta property=\"og:title\" content=\"\u041f\u0435\u0440\u0447\u0430\u0442\u043a\u0438 KD Gloves 6@41 - WATERSKIS.LV\" \/>\n<meta property=\"og:description\" content=\"\u041f\u0435\u0440\u0447\u0430\u0442\u043a\u0438 KD Gloves 6@41. \u041f\u0435\u0440\u0447\u0430\u0442\u043a\u0438 \u0434\u043b\u044f \u0432\u043e\u0434\u043d\u044b\u0445 \u043b\u044b\u0436.\" \/>\n<meta property=\"og:url\" content=\"https:\/\/www.waterskis.lv\/ru\/product\/%d0%bf%d0%b5%d1%80%d1%87%d0%b0%d1%82%d0%ba%d0%b8-kd-gloves-641\/\" \/>\n<meta property=\"og:site_name\" content=\"WATERSKIS.LV\" \/>\n<meta property=\"article:publisher\" content=\"https:\/\/www.facebook.com\/jurmalawaterskiwakeboardpark\/\" \/>\n<meta property=\"article:modified_time\" content=\"2026-01-29T05:51:12+00:00\" \/>\n<meta property=\"og:image\" content=\"https:\/\/www.waterskis.lv\/wp-content\/uploads\/2025\/12\/Gloves-1-scaled.png\" \/>\n\t<meta property=\"og:image:width\" content=\"1920\" \/>\n\t<meta property=\"og:image:height\" content=\"2560\" \/>\n\t<meta property=\"og:image:type\" content=\"image\/png\" \/>\n<meta name=\"twitter:card\" content=\"summary_large_image\" \/>\n<meta name=\"twitter:label1\" content=\"\u041f\u0440\u0438\u043c\u0435\u0440\u043d\u043e\u0435 \u0432\u0440\u0435\u043c\u044f \u0434\u043b\u044f \u0447\u0442\u0435\u043d\u0438\u044f\" \/>\n\t<meta name=\"twitter:data1\" content=\"1 \u043c\u0438\u043d\u0443\u0442\u0430\" \/>\n<script type=\"application\/ld+json\" class=\"yoast-schema-graph\">{\"@context\":\"https:\\\/\\\/schema.org\",\"@graph\":[{\"@type\":\"WebPage\",\"@id\":\"https:\\\/\\\/www.waterskis.lv\\\/ru\\\/product\\\/%d0%bf%d0%b5%d1%80%d1%87%d0%b0%d1%82%d0%ba%d0%b8-kd-gloves-641\\\/\",\"url\":\"https:\\\/\\\/www.waterskis.lv\\\/ru\\\/product\\\/%d0%bf%d0%b5%d1%80%d1%87%d0%b0%d1%82%d0%ba%d0%b8-kd-gloves-641\\\/\",\"name\":\"\u041f\u0435\u0440\u0447\u0430\u0442\u043a\u0438 KD Gloves 6@41 - WATERSKIS.LV\",\"isPartOf\":{\"@id\":\"https:\\\/\\\/www.waterskis.lv\\\/ru\\\/#website\"},\"primaryImageOfPage\":{\"@id\":\"https:\\\/\\\/www.waterskis.lv\\\/ru\\\/product\\\/%d0%bf%d0%b5%d1%80%d1%87%d0%b0%d1%82%d0%ba%d0%b8-kd-gloves-641\\\/#primaryimage\"},\"image\":{\"@id\":\"https:\\\/\\\/www.waterskis.lv\\\/ru\\\/product\\\/%d0%bf%d0%b5%d1%80%d1%87%d0%b0%d1%82%d0%ba%d0%b8-kd-gloves-641\\\/#primaryimage\"},\"thumbnailUrl\":\"https:\\\/\\\/www.waterskis.lv\\\/wp-content\\\/uploads\\\/2025\\\/12\\\/Gloves-1-scaled.png\",\"datePublished\":\"2025-12-30T12:21:56+00:00\",\"dateModified\":\"2026-01-29T05:51:12+00:00\",\"description\":\"\u041f\u0435\u0440\u0447\u0430\u0442\u043a\u0438 KD Gloves 6@41. \u041f\u0435\u0440\u0447\u0430\u0442\u043a\u0438 \u0434\u043b\u044f \u0432\u043e\u0434\u043d\u044b\u0445 \u043b\u044b\u0436.\",\"breadcrumb\":{\"@id\":\"https:\\\/\\\/www.waterskis.lv\\\/ru\\\/product\\\/%d0%bf%d0%b5%d1%80%d1%87%d0%b0%d1%82%d0%ba%d0%b8-kd-gloves-641\\\/#breadcrumb\"},\"inLanguage\":\"ru-RU\",\"potentialAction\":[{\"@type\":\"ReadAction\",\"target\":[\"https:\\\/\\\/www.waterskis.lv\\\/ru\\\/product\\\/%d0%bf%d0%b5%d1%80%d1%87%d0%b0%d1%82%d0%ba%d0%b8-kd-gloves-641\\\/\"]}]},{\"@type\":\"ImageObject\",\"inLanguage\":\"ru-RU\",\"@id\":\"https:\\\/\\\/www.waterskis.lv\\\/ru\\\/product\\\/%d0%bf%d0%b5%d1%80%d1%87%d0%b0%d1%82%d0%ba%d0%b8-kd-gloves-641\\\/#primaryimage\",\"url\":\"https:\\\/\\\/www.waterskis.lv\\\/wp-content\\\/uploads\\\/2025\\\/12\\\/Gloves-1-scaled.png\",\"contentUrl\":\"https:\\\/\\\/www.waterskis.lv\\\/wp-content\\\/uploads\\\/2025\\\/12\\\/Gloves-1-scaled.png\",\"width\":1920,\"height\":2560,\"caption\":\"Cimdi KD Gloves 6@41\"},{\"@type\":\"BreadcrumbList\",\"@id\":\"https:\\\/\\\/www.waterskis.lv\\\/ru\\\/product\\\/%d0%bf%d0%b5%d1%80%d1%87%d0%b0%d1%82%d0%ba%d0%b8-kd-gloves-641\\\/#breadcrumb\",\"itemListElement\":[{\"@type\":\"ListItem\",\"position\":1,\"name\":\"Home\",\"item\":\"https:\\\/\\\/www.waterskis.lv\\\/ru\\\/\"},{\"@type\":\"ListItem\",\"position\":2,\"name\":\"\u041c\u0430\u0433\u0430\u0437\u0438\u043d\",\"item\":\"https:\\\/\\\/www.waterskis.lv\\\/ru\\\/%d0%bc%d0%b0%d0%b3%d0%b0%d0%b7%d0%b8%d0%bd\\\/\"},{\"@type\":\"ListItem\",\"position\":3,\"name\":\"\u041f\u0435\u0440\u0447\u0430\u0442\u043a\u0438 KD Gloves 6@41\"}]},{\"@type\":\"WebSite\",\"@id\":\"https:\\\/\\\/www.waterskis.lv\\\/ru\\\/#website\",\"url\":\"https:\\\/\\\/www.waterskis.lv\\\/ru\\\/\",\"name\":\"WATERSKIS.LV\",\"description\":\"SUP d\u0113\u013ci, kajaki, kanoe, airu laivas, \u016bdenssl\u0113po\u0161ana, veikbords, SUP d\u0113\u013cu noma, kajaku nomaakt\u012bv\u0101s atp\u016btas centrs, laivu noma, sup noma, kajaku noma\",\"publisher\":{\"@id\":\"https:\\\/\\\/www.waterskis.lv\\\/ru\\\/#organization\"},\"potentialAction\":[{\"@type\":\"SearchAction\",\"target\":{\"@type\":\"EntryPoint\",\"urlTemplate\":\"https:\\\/\\\/www.waterskis.lv\\\/ru\\\/?s={search_term_string}\"},\"query-input\":{\"@type\":\"PropertyValueSpecification\",\"valueRequired\":true,\"valueName\":\"search_term_string\"}}],\"inLanguage\":\"ru-RU\"},{\"@type\":\"Organization\",\"@id\":\"https:\\\/\\\/www.waterskis.lv\\\/ru\\\/#organization\",\"name\":\"WATERSKIS.LV\",\"url\":\"https:\\\/\\\/www.waterskis.lv\\\/ru\\\/\",\"logo\":{\"@type\":\"ImageObject\",\"inLanguage\":\"ru-RU\",\"@id\":\"https:\\\/\\\/www.waterskis.lv\\\/ru\\\/#\\\/schema\\\/logo\\\/image\\\/\",\"url\":\"https:\\\/\\\/www.waterskis.lv\\\/wp-content\\\/uploads\\\/2025\\\/01\\\/JUVP-logo.png\",\"contentUrl\":\"https:\\\/\\\/www.waterskis.lv\\\/wp-content\\\/uploads\\\/2025\\\/01\\\/JUVP-logo.png\",\"width\":421,\"height\":202,\"caption\":\"WATERSKIS.LV\"},\"image\":{\"@id\":\"https:\\\/\\\/www.waterskis.lv\\\/ru\\\/#\\\/schema\\\/logo\\\/image\\\/\"},\"sameAs\":[\"https:\\\/\\\/www.facebook.com\\\/jurmalawaterskiwakeboardpark\\\/\"]}]}<\/script>\n<!-- \/ Yoast SEO plugin. -->","yoast_head_json":{"title":"\u041f\u0435\u0440\u0447\u0430\u0442\u043a\u0438 KD Gloves 6@41 - WATERSKIS.LV","description":"\u041f\u0435\u0440\u0447\u0430\u0442\u043a\u0438 KD Gloves 6@41. \u041f\u0435\u0440\u0447\u0430\u0442\u043a\u0438 \u0434\u043b\u044f \u0432\u043e\u0434\u043d\u044b\u0445 \u043b\u044b\u0436.","robots":{"index":"index","follow":"follow","max-snippet":"max-snippet:-1","max-image-preview":"max-image-preview:large","max-video-preview":"max-video-preview:-1"},"canonical":"https:\/\/www.waterskis.lv\/ru\/product\/%d0%bf%d0%b5%d1%80%d1%87%d0%b0%d1%82%d0%ba%d0%b8-kd-gloves-641\/","og_locale":"ru_RU","og_type":"article","og_title":"\u041f\u0435\u0440\u0447\u0430\u0442\u043a\u0438 KD Gloves 6@41 - WATERSKIS.LV","og_description":"\u041f\u0435\u0440\u0447\u0430\u0442\u043a\u0438 KD Gloves 6@41. \u041f\u0435\u0440\u0447\u0430\u0442\u043a\u0438 \u0434\u043b\u044f \u0432\u043e\u0434\u043d\u044b\u0445 \u043b\u044b\u0436.","og_url":"https:\/\/www.waterskis.lv\/ru\/product\/%d0%bf%d0%b5%d1%80%d1%87%d0%b0%d1%82%d0%ba%d0%b8-kd-gloves-641\/","og_site_name":"WATERSKIS.LV","article_publisher":"https:\/\/www.facebook.com\/jurmalawaterskiwakeboardpark\/","article_modified_time":"2026-01-29T05:51:12+00:00","og_image":[{"width":1920,"height":2560,"url":"https:\/\/www.waterskis.lv\/wp-content\/uploads\/2025\/12\/Gloves-1-scaled.png","type":"image\/png"}],"twitter_card":"summary_large_image","twitter_misc":{"\u041f\u0440\u0438\u043c\u0435\u0440\u043d\u043e\u0435 \u0432\u0440\u0435\u043c\u044f \u0434\u043b\u044f \u0447\u0442\u0435\u043d\u0438\u044f":"1 \u043c\u0438\u043d\u0443\u0442\u0430"},"schema":{"@context":"https:\/\/schema.org","@graph":[{"@type":"WebPage","@id":"https:\/\/www.waterskis.lv\/ru\/product\/%d0%bf%d0%b5%d1%80%d1%87%d0%b0%d1%82%d0%ba%d0%b8-kd-gloves-641\/","url":"https:\/\/www.waterskis.lv\/ru\/product\/%d0%bf%d0%b5%d1%80%d1%87%d0%b0%d1%82%d0%ba%d0%b8-kd-gloves-641\/","name":"\u041f\u0435\u0440\u0447\u0430\u0442\u043a\u0438 KD Gloves 6@41 - WATERSKIS.LV","isPartOf":{"@id":"https:\/\/www.waterskis.lv\/ru\/#website"},"primaryImageOfPage":{"@id":"https:\/\/www.waterskis.lv\/ru\/product\/%d0%bf%d0%b5%d1%80%d1%87%d0%b0%d1%82%d0%ba%d0%b8-kd-gloves-641\/#primaryimage"},"image":{"@id":"https:\/\/www.waterskis.lv\/ru\/product\/%d0%bf%d0%b5%d1%80%d1%87%d0%b0%d1%82%d0%ba%d0%b8-kd-gloves-641\/#primaryimage"},"thumbnailUrl":"https:\/\/www.waterskis.lv\/wp-content\/uploads\/2025\/12\/Gloves-1-scaled.png","datePublished":"2025-12-30T12:21:56+00:00","dateModified":"2026-01-29T05:51:12+00:00","description":"\u041f\u0435\u0440\u0447\u0430\u0442\u043a\u0438 KD Gloves 6@41. \u041f\u0435\u0440\u0447\u0430\u0442\u043a\u0438 \u0434\u043b\u044f \u0432\u043e\u0434\u043d\u044b\u0445 \u043b\u044b\u0436.","breadcrumb":{"@id":"https:\/\/www.waterskis.lv\/ru\/product\/%d0%bf%d0%b5%d1%80%d1%87%d0%b0%d1%82%d0%ba%d0%b8-kd-gloves-641\/#breadcrumb"},"inLanguage":"ru-RU","potentialAction":[{"@type":"ReadAction","target":["https:\/\/www.waterskis.lv\/ru\/product\/%d0%bf%d0%b5%d1%80%d1%87%d0%b0%d1%82%d0%ba%d0%b8-kd-gloves-641\/"]}]},{"@type":"ImageObject","inLanguage":"ru-RU","@id":"https:\/\/www.waterskis.lv\/ru\/product\/%d0%bf%d0%b5%d1%80%d1%87%d0%b0%d1%82%d0%ba%d0%b8-kd-gloves-641\/#primaryimage","url":"https:\/\/www.waterskis.lv\/wp-content\/uploads\/2025\/12\/Gloves-1-scaled.png","contentUrl":"https:\/\/www.waterskis.lv\/wp-content\/uploads\/2025\/12\/Gloves-1-scaled.png","width":1920,"height":2560,"caption":"Cimdi KD Gloves 6@41"},{"@type":"BreadcrumbList","@id":"https:\/\/www.waterskis.lv\/ru\/product\/%d0%bf%d0%b5%d1%80%d1%87%d0%b0%d1%82%d0%ba%d0%b8-kd-gloves-641\/#breadcrumb","itemListElement":[{"@type":"ListItem","position":1,"name":"Home","item":"https:\/\/www.waterskis.lv\/ru\/"},{"@type":"ListItem","position":2,"name":"\u041c\u0430\u0433\u0430\u0437\u0438\u043d","item":"https:\/\/www.waterskis.lv\/ru\/%d0%bc%d0%b0%d0%b3%d0%b0%d0%b7%d0%b8%d0%bd\/"},{"@type":"ListItem","position":3,"name":"\u041f\u0435\u0440\u0447\u0430\u0442\u043a\u0438 KD Gloves 6@41"}]},{"@type":"WebSite","@id":"https:\/\/www.waterskis.lv\/ru\/#website","url":"https:\/\/www.waterskis.lv\/ru\/","name":"WATERSKIS.LV","description":"SUP d\u0113\u013ci, kajaki, kanoe, airu laivas, \u016bdenssl\u0113po\u0161ana, veikbords, SUP d\u0113\u013cu noma, kajaku nomaakt\u012bv\u0101s atp\u016btas centrs, laivu noma, sup noma, kajaku noma","publisher":{"@id":"https:\/\/www.waterskis.lv\/ru\/#organization"},"potentialAction":[{"@type":"SearchAction","target":{"@type":"EntryPoint","urlTemplate":"https:\/\/www.waterskis.lv\/ru\/?s={search_term_string}"},"query-input":{"@type":"PropertyValueSpecification","valueRequired":true,"valueName":"search_term_string"}}],"inLanguage":"ru-RU"},{"@type":"Organization","@id":"https:\/\/www.waterskis.lv\/ru\/#organization","name":"WATERSKIS.LV","url":"https:\/\/www.waterskis.lv\/ru\/","logo":{"@type":"ImageObject","inLanguage":"ru-RU","@id":"https:\/\/www.waterskis.lv\/ru\/#\/schema\/logo\/image\/","url":"https:\/\/www.waterskis.lv\/wp-content\/uploads\/2025\/01\/JUVP-logo.png","contentUrl":"https:\/\/www.waterskis.lv\/wp-content\/uploads\/2025\/01\/JUVP-logo.png","width":421,"height":202,"caption":"WATERSKIS.LV"},"image":{"@id":"https:\/\/www.waterskis.lv\/ru\/#\/schema\/logo\/image\/"},"sameAs":["https:\/\/www.facebook.com\/jurmalawaterskiwakeboardpark\/"]}]}},"_links":{"self":[{"href":"https:\/\/www.waterskis.lv\/ru\/wp-json\/wp\/v2\/product\/68703","targetHints":{"allow":["GET"]}}],"collection":[{"href":"https:\/\/www.waterskis.lv\/ru\/wp-json\/wp\/v2\/product"}],"about":[{"href":"https:\/\/www.waterskis.lv\/ru\/wp-json\/wp\/v2\/types\/product"}],"replies":[{"embeddable":true,"href":"https:\/\/www.waterskis.lv\/ru\/wp-json\/wp\/v2\/comments?post=68703"}],"wp:featuredmedia":[{"embeddable":true,"href":"https:\/\/www.waterskis.lv\/ru\/wp-json\/wp\/v2\/media\/68704"}],"wp:attachment":[{"href":"https:\/\/www.waterskis.lv\/ru\/wp-json\/wp\/v2\/media?parent=68703"}],"wp:term":[{"taxonomy":"product_brand","embeddable":true,"href":"https:\/\/www.waterskis.lv\/ru\/wp-json\/wp\/v2\/product_brand?post=68703"},{"taxonomy":"product_cat","embeddable":true,"href":"https:\/\/www.waterskis.lv\/ru\/wp-json\/wp\/v2\/product_cat?post=68703"},{"taxonomy":"product_tag","embeddable":true,"href":"https:\/\/www.waterskis.lv\/ru\/wp-json\/wp\/v2\/product_tag?post=68703"}],"curies":[{"name":"wp","href":"https:\/\/api.w.org\/{rel}","templated":true}]}}