{"id":69033,"date":"2026-01-05T14:09:48","date_gmt":"2026-01-05T12:09:48","guid":{"rendered":"https:\/\/www.waterskis.lv\/product\/sup-delis-jobe-aero-yarra-sup-board-10-6-package-teal-fiberglass-paddle-lime\/"},"modified":"2026-01-05T14:25:40","modified_gmt":"2026-01-05T12:25:40","slug":"sup-%d0%b4%d0%be%d1%81%d0%ba%d0%b0-jobe-aero-yarra-sup-board-10-6-package-teal-fiberglass-paddle-lime","status":"publish","type":"product","link":"https:\/\/www.waterskis.lv\/ru\/product\/sup-%d0%b4%d0%be%d1%81%d0%ba%d0%b0-jobe-aero-yarra-sup-board-10-6-package-teal-fiberglass-paddle-lime\/","title":{"rendered":"SUP-\u0434\u043e\u0441\u043a\u0430 JOBE Aero Yarra SUP Board 10.6 Package Teal (fiberglass paddle Lime)"},"content":{"rendered":"<h1>SUP-\u0434\u043e\u0441\u043a\u0430 JOBE Aero Yarra SUP Board 10.6 Package Teal (fiberglass paddle Lime)<\/h1>\n<p>SUP-\u0434\u043e\u0441\u043a\u0430 JOBE Aero Yarra SUP Board 10.6 Package Teal (fiberglass paddle Lime)<\/p>\n<table width=\"213\">\n<tbody>\n<tr>\n<td width=\"213\">486423023-PCS.<\/td>\n<\/tr>\n<\/tbody>\n<\/table>\n<p>&nbsp;<\/p>\n<p class=\"title-3 fs25 mt20 mb20 boldTitleFont grey uppercase np\">\u0422\u0435\u0445\u043d\u0438\u0447\u0435\u0441\u043a\u0438\u0435 \u0445\u0430\u0440\u0430\u043a\u0442\u0435\u0440\u0438\u0441\u0442\u0438\u043a\u0438<br \/>\nSUP-\u0434\u043e\u0441\u043a\u0430 Jobe Aero Yarra 10.6 Complete, \u0441\u0442\u0430\u043b\u044c\u043d\u043e\u0439 \u0441\u0438\u043d\u0438\u0439<br \/>\n\u041e\u0442\u043f\u0440\u0430\u0432\u043b\u044f\u0439\u0442\u0435\u0441\u044c \u0432 \u0440\u0430\u0437\u043d\u043e\u043e\u0431\u0440\u0430\u0437\u043d\u044b\u0435 \u043f\u0440\u0438\u043a\u043b\u044e\u0447\u0435\u043d\u0438\u044f \u043d\u0430 \u0432\u043e\u0434\u0435 \u0441 SUP-\u0434\u043e\u0441\u043a\u043e\u0439 Jobe Aero Yarra 10.6 Complete \u044f\u0440\u043a\u043e-\u0441\u0442\u0430\u043b\u044c\u043d\u043e\u0433\u043e \u0441\u0438\u043d\u0435\u0433\u043e \u0446\u0432\u0435\u0442\u0430. \u042d\u0442\u043e \u0438\u0434\u0435\u0430\u043b\u044c\u043d\u0430\u044f \u0443\u043d\u0438\u0432\u0435\u0440\u0441\u0430\u043b\u044c\u043d\u0430\u044f \u0434\u043e\u0441\u043a\u0430 \u0441 \u043d\u0435\u0441\u043a\u043e\u043b\u044c\u0437\u044f\u0449\u0438\u043c \u043f\u043e\u043a\u0440\u044b\u0442\u0438\u0435\u043c \u0438\u0437 \u043f\u0435\u043d\u043e\u043c\u0430\u0442\u0435\u0440\u0438\u0430\u043b\u0430 EVA \u0442\u043e\u043b\u0449\u0438\u043d\u043e\u0439 5 \u043c\u043c \u0434\u043b\u044f \u043c\u0430\u043a\u0441\u0438\u043c\u0430\u043b\u044c\u043d\u043e\u0433\u043e \u043a\u043e\u043c\u0444\u043e\u0440\u0442\u0430, \u0431\u0443\u0434\u044c \u0442\u043e \u0433\u0440\u0435\u0431\u043b\u044f \u043f\u043e \u043e\u0437\u0435\u0440\u0443 \u0438\u043b\u0438 \u0438\u0441\u0441\u043b\u0435\u0434\u043e\u0432\u0430\u043d\u0438\u0435 \u043f\u0440\u0438\u0431\u0440\u0435\u0436\u043d\u044b\u0445 \u0432\u043e\u0434. \u041b\u0435\u0433\u043a\u0430\u044f \u043a\u043e\u043d\u0441\u0442\u0440\u0443\u043a\u0446\u0438\u044f \u0441 X-\u043e\u0431\u0440\u0430\u0437\u043d\u044b\u043c \u0448\u0432\u043e\u043c \u0438 \u0432\u0435\u0440\u0445\u043d\u0438\u0435 \u0438 \u043d\u0438\u0436\u043d\u0438\u0435 \u0441\u0442\u0440\u0438\u043d\u0433\u0435\u0440\u044b \u043e\u0431\u0435\u0441\u043f\u0435\u0447\u0438\u0432\u0430\u044e\u0442 \u043f\u0440\u0435\u0432\u043e\u0441\u0445\u043e\u0434\u043d\u0443\u044e \u0436\u0435\u0441\u0442\u043a\u043e\u0441\u0442\u044c \u0438 \u043f\u0440\u043e\u0447\u043d\u043e\u0441\u0442\u044c. \u0411\u043b\u0430\u0433\u043e\u0434\u0430\u0440\u044f \u0442\u0435\u0445\u043d\u043e\u043b\u043e\u0433\u0438\u0438 \u0442\u0435\u0440\u043c\u043e\u0441\u043a\u043b\u0435\u0438\u0432\u0430\u043d\u0438\u044f \u044d\u0442\u0430 \u0434\u043e\u0441\u043a\u0430 \u043e\u0434\u043d\u043e\u0432\u0440\u0435\u043c\u0435\u043d\u043d\u043e \u043b\u0435\u0433\u043a\u0430\u044f \u0438 \u043f\u0440\u043e\u0447\u043d\u0430\u044f. \u0412 \u043a\u043e\u043c\u043f\u043b\u0435\u043a\u0442\u0435 \u0438\u0434\u0435\u0442 \u0433\u0438\u0431\u043a\u0430\u044f \u0441\u0435\u0442\u043a\u0430 \u0434\u043b\u044f \u0445\u0440\u0430\u043d\u0435\u043d\u0438\u044f \u0434\u043b\u044f \u0443\u0434\u043e\u0431\u0441\u0442\u0432\u0430 \u0438 \u0443\u0434\u043e\u0431\u043d\u0430\u044f \u043d\u0435\u043e\u043f\u0440\u0435\u043d\u043e\u0432\u0430\u044f \u0440\u0443\u0447\u043a\u0430 \u0441 \u0434\u0435\u0440\u0436\u0430\u0442\u0435\u043b\u0435\u043c \u0434\u043b\u044f \u0432\u0435\u0441\u043b\u0430. 8-\u0434\u044e\u0439\u043c\u043e\u0432\u044b\u0439 \u043f\u043b\u0430\u0432\u043d\u0438\u043a EZ lock \u0438 \u0432\u0435\u0441\u043b\u043e \u0438\u0437 40% \u043a\u0430\u0440\u0431\u043e\u043d\u0430 \u043e\u0431\u0435\u0441\u043f\u0435\u0447\u0438\u0432\u0430\u044e\u0442 \u043f\u043b\u0430\u0432\u043d\u043e\u0435 \u0438 \u043e\u0442\u0437\u044b\u0432\u0447\u0438\u0432\u043e\u0435 \u0443\u043f\u0440\u0430\u0432\u043b\u0435\u043d\u0438\u0435, \u0430 9-\u0434\u044e\u0439\u043c\u043e\u0432\u044b\u0439 \u0438\u0437\u0433\u0438\u0431 \u043d\u043e\u0441\u0430 \u0443\u043b\u0443\u0447\u0448\u0430\u0435\u0442 \u0443\u0441\u0442\u043e\u0439\u0447\u0438\u0432\u043e\u0441\u0442\u044c \u0438 \u0441\u043a\u043e\u043b\u044c\u0436\u0435\u043d\u0438\u0435. \u042d\u0442\u0430 \u043b\u043e\u0434\u043a\u0430, \u0440\u0430\u0441\u0441\u0447\u0438\u0442\u0430\u043d\u043d\u0430\u044f \u043d\u0430 \u0440\u0435\u043a\u043e\u043c\u0435\u043d\u0434\u0443\u0435\u043c\u044b\u0439 \u0432\u0435\u0441 \u0440\u0430\u0439\u0434\u0435\u0440\u0430 \u0434\u043e 140 \u043a\u0433 (308 \u0444\u0443\u043d\u0442\u043e\u0432) \u0438 \u0438\u043c\u0435\u044e\u0449\u0430\u044f \u0440\u0430\u0437\u043c\u0435\u0440\u044b 10&#8217;6&#8243; x 32&#8243; x 6&#8243;, \u043e\u0431\u0435\u0441\u043f\u0435\u0447\u0438\u0432\u0430\u0435\u0442 \u043f\u0440\u0435\u0432\u043e\u0441\u0445\u043e\u0434\u043d\u0443\u044e \u0443\u0441\u0442\u043e\u0439\u0447\u0438\u0432\u043e\u0441\u0442\u044c \u0438 \u043c\u043d\u043e\u0433\u043e \u043c\u0435\u0441\u0442\u0430. \u0412\u0435\u0441 \u0432\u0441\u0435\u0433\u043e 9,5 \u043a\u0433 (20,9 \u0444\u0443\u043d\u0442\u043e\u0432) \u0434\u0435\u043b\u0430\u0435\u0442 \u0435\u0451 \u0443\u0434\u043e\u0431\u043d\u043e\u0439 \u0432 \u0438\u0441\u043f\u043e\u043b\u044c\u0437\u043e\u0432\u0430\u043d\u0438\u0438 \u0438 \u0442\u0440\u0430\u043d\u0441\u043f\u043e\u0440\u0442\u0438\u0440\u043e\u0432\u043a\u0435. \u0412 \u043a\u043e\u043c\u043f\u043b\u0435\u043a\u0442 \u0432\u0445\u043e\u0434\u044f\u0442 \u0440\u0435\u0433\u0443\u043b\u0438\u0440\u0443\u0435\u043c\u043e\u0435 \u0442\u0440\u0435\u0445\u0441\u0435\u043a\u0446\u0438\u043e\u043d\u043d\u043e\u0435 \u0432\u0435\u0441\u043b\u043e \u0438\u0437 \u0441\u0442\u0435\u043a\u043b\u043e\u0432\u043e\u043b\u043e\u043a\u043d\u0430, \u0432\u043e\u0434\u043e\u043d\u0435\u043f\u0440\u043e\u043d\u0438\u0446\u0430\u0435\u043c\u044b\u0439 \u0440\u044e\u043a\u0437\u0430\u043a, \u043d\u0430\u0441\u043e\u0441 \u0434\u0432\u043e\u0439\u043d\u043e\u0433\u043e \u0434\u0435\u0439\u0441\u0442\u0432\u0438\u044f \u0438 3-\u043c\u0435\u0442\u0440\u043e\u0432\u044b\u0439 (10 \u0444\u0443\u0442\u043e\u0432) \u0432\u0438\u0442\u043e\u0439 \u0441\u0442\u0440\u0430\u0445\u043e\u0432\u043e\u0447\u043d\u044b\u0439 \u0442\u0440\u043e\u0441, \u043d\u0430 \u0432\u0441\u0451 \u044d\u0442\u043e \u043f\u0440\u0435\u0434\u043e\u0441\u0442\u0430\u0432\u043b\u044f\u0435\u0442\u0441\u044f 5-\u043b\u0435\u0442\u043d\u044f\u044f \u0433\u0430\u0440\u0430\u043d\u0442\u0438\u044f. \u0418\u0434\u0435\u0430\u043b\u044c\u043d\u043e \u043f\u043e\u0434\u0445\u043e\u0434\u0438\u0442 \u0434\u043b\u044f \u043b\u044e\u0431\u044b\u0445 \u043f\u0440\u0438\u043a\u043b\u044e\u0447\u0435\u043d\u0438\u0439 \u043d\u0430 \u0432\u043e\u0434\u0435.<\/p>\n<div class=\"col-12 mt30 mb20\">\n<div class=\"col-12 \">\n<div id=\"completeyourgear\" class=\"completGear completeGearSlide\">\n<h2 class=\"title-3 fs25 mt20 mb20 boldTitleFont uppercase\"><\/h2>\n<\/div>\n<\/div>\n<\/div>\n<div class=\"col-12 paragraph mt20\">\n<ul class=\"autoColumn checkListSmall blackCheck\">\n<li>Inflation Pressure: 14\u201320 PSI \u2013 For maximum stiffness and performance.<\/li>\n<li>Non-slip EVA foam pattern: 5mm thick soft deckpad for comfortable SUPing<\/li>\n<li>Lightweight X-dropstitching construction<\/li>\n<li>Stringer on top and bottom for the best stiffness<\/li>\n<li>Bungee storage net<\/li>\n<li>Easy-to-carry neoprene handle with paddle holder<\/li>\n<li>Heat bonded technology: better layer quality and lightest construction in the market<\/li>\n<li>Halkey Roberts Valve<\/li>\n<li>8&#187; EZ lock fin<\/li>\n<li>Paddle 40% carbon<\/li>\n<li>Nose rocker: 23 cm | 9&#187;<\/li>\n<li>Tail rocker: 0 cm | 0&#187;<\/li>\n<li>Recommended rider weight: Up to 140 kg | 308 lbs<\/li>\n<li>Board weight: 9,5 kg | 20.9 lbs<\/li>\n<li>Package weight: 14,3 kg | 31.5 lbs<\/li>\n<li>Dimensions: 320 x 81,3 x 15 cm | 10&#8217;6&#187; x 32&#187; x 6&#187;<\/li>\n<li>Volume: 310 l<\/li>\n<li>Package contains: Aero Yarra SUP board 10.6, adjustable fiberglass 3-piece paddle, waterproof backpack, double action pump, 10 ft | 3,04 m coiled leash<\/li>\n<li>5 year warranty<\/li>\n<\/ul>\n<\/div>\n<p>&nbsp;<\/p>\n","protected":false},"excerpt":{"rendered":"<p>SUP-\u0434\u043e\u0441\u043a\u0430 JOBE Aero Yarra SUP Board 10.6 Package Teal (fiberglass paddle Lime) SUP-\u0434\u043e\u0441\u043a\u0430 JOBE Aero Yarra SUP Board 10.6 Package Teal (fiberglass paddle Lime) 486423023-PCS. &nbsp; \u0422\u0435\u0445\u043d\u0438\u0447\u0435\u0441\u043a\u0438\u0435 \u0445\u0430\u0440\u0430\u043a\u0442\u0435\u0440\u0438\u0441\u0442\u0438\u043a\u0438 SUP-\u0434\u043e\u0441\u043a\u0430 Jobe Aero Yarra 10.6 Complete, \u0441\u0442\u0430\u043b\u044c\u043d\u043e\u0439 \u0441\u0438\u043d\u0438\u0439 \u041e\u0442\u043f\u0440\u0430\u0432\u043b\u044f\u0439\u0442\u0435\u0441\u044c \u0432 \u0440\u0430\u0437\u043d\u043e\u043e\u0431\u0440\u0430\u0437\u043d\u044b\u0435 \u043f\u0440\u0438\u043a\u043b\u044e\u0447\u0435\u043d\u0438\u044f \u043d\u0430 \u0432\u043e\u0434\u0435 \u0441 SUP-\u0434\u043e\u0441\u043a\u043e\u0439 Jobe Aero Yarra 10.6 Complete \u044f\u0440\u043a\u043e-\u0441\u0442\u0430\u043b\u044c\u043d\u043e\u0433\u043e \u0441\u0438\u043d\u0435\u0433\u043e \u0446\u0432\u0435\u0442\u0430. \u042d\u0442\u043e \u0438\u0434\u0435\u0430\u043b\u044c\u043d\u0430\u044f \u0443\u043d\u0438\u0432\u0435\u0440\u0441\u0430\u043b\u044c\u043d\u0430\u044f [&#8230;]<\/p>\n<p><a class=\"btn btn-secondary understrap-read-more-link\" href=\"https:\/\/www.waterskis.lv\/ru\/product\/sup-%d0%b4%d0%be%d1%81%d0%ba%d0%b0-jobe-aero-yarra-sup-board-10-6-package-teal-fiberglass-paddle-lime\/\">\u0427\u0438\u0442\u0430\u0442\u044c \u0434\u0430\u043b\u044c\u0448\u0435\u2026<\/a><\/p>\n","protected":false},"featured_media":69254,"comment_status":"closed","ping_status":"closed","template":"","meta":{"_acf_changed":false,"inline_featured_image":false},"product_brand":[],"product_cat":[499,773,1108],"product_tag":[3177,1337,1348,1338,3178,3179,1309,1310,1349,3180,1822,3181,3134],"class_list":{"0":"post-69033","1":"product","2":"type-product","3":"status-publish","4":"has-post-thumbnail","6":"product_cat-sup-","7":"product_cat--sup-","8":"product_cat--sup--jobe","9":"product_tag-aufblasbares-sup","10":"product_tag-jobe","11":"product_tag-jobe-sup-deli","12":"product_tag-paddle-boards","13":"product_tag-stand-up-paddleboard","14":"product_tag-stand-up-paddling","15":"product_tag-sup","16":"product_tag-sup-deli","17":"product_tag-sup-izpardosana","18":"product_tag-sup-surfer","19":"product_tag-sup-","20":"product_tag-supkayak","21":"product_tag-3134","23":"first","24":"instock","25":"sale","26":"shipping-taxable","27":"purchasable","28":"product-type-simple"},"acf":[],"yoast_head":"<!-- This site is optimized with the Yoast SEO plugin v27.3 - https:\/\/yoast.com\/product\/yoast-seo-wordpress\/ -->\n<title>SUP-\u0434\u043e\u0441\u043a\u0430 JOBE Aero Yarra SUP Board 10.6 Package Teal (fiberglass paddle Lime) - WATERSKIS.LV<\/title>\n<meta name=\"description\" content=\"SUP-\u0434\u043e\u0441\u043a\u0430 JOBE Aero Yarra SUP Board 10.6 Package Teal (fiberglass paddle Lime) \u0418\u0434\u0435\u0430\u043b\u044c\u043d\u043e \u043f\u043e\u0434\u0445\u043e\u0434\u0438\u0442 \u0434\u043b\u044f \u043b\u044e\u0431\u044b\u0445 \u043f\u0440\u0438\u043a\u043b\u044e\u0447\u0435\u043d\u0438\u0439 \u043d\u0430 \u0432\u043e\u0434\u0435.\" \/>\n<meta name=\"robots\" content=\"index, follow, max-snippet:-1, max-image-preview:large, max-video-preview:-1\" \/>\n<link rel=\"canonical\" href=\"https:\/\/www.waterskis.lv\/ru\/product\/sup-%d0%b4%d0%be%d1%81%d0%ba%d0%b0-jobe-aero-yarra-sup-board-10-6-package-teal-fiberglass-paddle-lime\/\" \/>\n<meta property=\"og:locale\" content=\"ru_RU\" \/>\n<meta property=\"og:type\" content=\"article\" \/>\n<meta property=\"og:title\" content=\"SUP-\u0434\u043e\u0441\u043a\u0430 JOBE Aero Yarra SUP Board 10.6 Package Teal (fiberglass paddle Lime) - WATERSKIS.LV\" \/>\n<meta property=\"og:description\" content=\"SUP-\u0434\u043e\u0441\u043a\u0430 JOBE Aero Yarra SUP Board 10.6 Package Teal (fiberglass paddle Lime) \u0418\u0434\u0435\u0430\u043b\u044c\u043d\u043e \u043f\u043e\u0434\u0445\u043e\u0434\u0438\u0442 \u0434\u043b\u044f \u043b\u044e\u0431\u044b\u0445 \u043f\u0440\u0438\u043a\u043b\u044e\u0447\u0435\u043d\u0438\u0439 \u043d\u0430 \u0432\u043e\u0434\u0435.\" \/>\n<meta property=\"og:url\" content=\"https:\/\/www.waterskis.lv\/ru\/product\/sup-%d0%b4%d0%be%d1%81%d0%ba%d0%b0-jobe-aero-yarra-sup-board-10-6-package-teal-fiberglass-paddle-lime\/\" \/>\n<meta property=\"og:site_name\" content=\"WATERSKIS.LV\" \/>\n<meta property=\"article:publisher\" content=\"https:\/\/www.facebook.com\/jurmalawaterskiwakeboardpark\/\" \/>\n<meta property=\"article:modified_time\" content=\"2026-01-05T12:25:40+00:00\" \/>\n<meta property=\"og:image\" content=\"https:\/\/www.waterskis.lv\/wp-content\/uploads\/2026\/01\/AeroYarra.jpg\" \/>\n\t<meta property=\"og:image:width\" content=\"1500\" \/>\n\t<meta property=\"og:image:height\" content=\"1500\" \/>\n\t<meta property=\"og:image:type\" content=\"image\/jpeg\" \/>\n<meta name=\"twitter:card\" content=\"summary_large_image\" \/>\n<meta name=\"twitter:label1\" content=\"\u041f\u0440\u0438\u043c\u0435\u0440\u043d\u043e\u0435 \u0432\u0440\u0435\u043c\u044f \u0434\u043b\u044f \u0447\u0442\u0435\u043d\u0438\u044f\" \/>\n\t<meta name=\"twitter:data1\" content=\"2 \u043c\u0438\u043d\u0443\u0442\u044b\" \/>\n<script type=\"application\/ld+json\" class=\"yoast-schema-graph\">{\"@context\":\"https:\\\/\\\/schema.org\",\"@graph\":[{\"@type\":\"WebPage\",\"@id\":\"https:\\\/\\\/www.waterskis.lv\\\/ru\\\/product\\\/sup-%d0%b4%d0%be%d1%81%d0%ba%d0%b0-jobe-aero-yarra-sup-board-10-6-package-teal-fiberglass-paddle-lime\\\/\",\"url\":\"https:\\\/\\\/www.waterskis.lv\\\/ru\\\/product\\\/sup-%d0%b4%d0%be%d1%81%d0%ba%d0%b0-jobe-aero-yarra-sup-board-10-6-package-teal-fiberglass-paddle-lime\\\/\",\"name\":\"SUP-\u0434\u043e\u0441\u043a\u0430 JOBE Aero Yarra SUP Board 10.6 Package Teal (fiberglass paddle Lime) - WATERSKIS.LV\",\"isPartOf\":{\"@id\":\"https:\\\/\\\/www.waterskis.lv\\\/ru\\\/#website\"},\"primaryImageOfPage\":{\"@id\":\"https:\\\/\\\/www.waterskis.lv\\\/ru\\\/product\\\/sup-%d0%b4%d0%be%d1%81%d0%ba%d0%b0-jobe-aero-yarra-sup-board-10-6-package-teal-fiberglass-paddle-lime\\\/#primaryimage\"},\"image\":{\"@id\":\"https:\\\/\\\/www.waterskis.lv\\\/ru\\\/product\\\/sup-%d0%b4%d0%be%d1%81%d0%ba%d0%b0-jobe-aero-yarra-sup-board-10-6-package-teal-fiberglass-paddle-lime\\\/#primaryimage\"},\"thumbnailUrl\":\"https:\\\/\\\/www.waterskis.lv\\\/wp-content\\\/uploads\\\/2026\\\/01\\\/AeroYarra.jpg\",\"datePublished\":\"2026-01-05T12:09:48+00:00\",\"dateModified\":\"2026-01-05T12:25:40+00:00\",\"description\":\"SUP-\u0434\u043e\u0441\u043a\u0430 JOBE Aero Yarra SUP Board 10.6 Package Teal (fiberglass paddle Lime) \u0418\u0434\u0435\u0430\u043b\u044c\u043d\u043e \u043f\u043e\u0434\u0445\u043e\u0434\u0438\u0442 \u0434\u043b\u044f \u043b\u044e\u0431\u044b\u0445 \u043f\u0440\u0438\u043a\u043b\u044e\u0447\u0435\u043d\u0438\u0439 \u043d\u0430 \u0432\u043e\u0434\u0435.\",\"breadcrumb\":{\"@id\":\"https:\\\/\\\/www.waterskis.lv\\\/ru\\\/product\\\/sup-%d0%b4%d0%be%d1%81%d0%ba%d0%b0-jobe-aero-yarra-sup-board-10-6-package-teal-fiberglass-paddle-lime\\\/#breadcrumb\"},\"inLanguage\":\"ru-RU\",\"potentialAction\":[{\"@type\":\"ReadAction\",\"target\":[\"https:\\\/\\\/www.waterskis.lv\\\/ru\\\/product\\\/sup-%d0%b4%d0%be%d1%81%d0%ba%d0%b0-jobe-aero-yarra-sup-board-10-6-package-teal-fiberglass-paddle-lime\\\/\"]}]},{\"@type\":\"ImageObject\",\"inLanguage\":\"ru-RU\",\"@id\":\"https:\\\/\\\/www.waterskis.lv\\\/ru\\\/product\\\/sup-%d0%b4%d0%be%d1%81%d0%ba%d0%b0-jobe-aero-yarra-sup-board-10-6-package-teal-fiberglass-paddle-lime\\\/#primaryimage\",\"url\":\"https:\\\/\\\/www.waterskis.lv\\\/wp-content\\\/uploads\\\/2026\\\/01\\\/AeroYarra.jpg\",\"contentUrl\":\"https:\\\/\\\/www.waterskis.lv\\\/wp-content\\\/uploads\\\/2026\\\/01\\\/AeroYarra.jpg\",\"width\":1500,\"height\":1500,\"caption\":\"SUP d\u0113lis JOBE Aero Yarra SUP Board 10.6 Package Teal (fiberglass paddle Lime)\"},{\"@type\":\"BreadcrumbList\",\"@id\":\"https:\\\/\\\/www.waterskis.lv\\\/ru\\\/product\\\/sup-%d0%b4%d0%be%d1%81%d0%ba%d0%b0-jobe-aero-yarra-sup-board-10-6-package-teal-fiberglass-paddle-lime\\\/#breadcrumb\",\"itemListElement\":[{\"@type\":\"ListItem\",\"position\":1,\"name\":\"Home\",\"item\":\"https:\\\/\\\/www.waterskis.lv\\\/ru\\\/\"},{\"@type\":\"ListItem\",\"position\":2,\"name\":\"\u041c\u0430\u0433\u0430\u0437\u0438\u043d\",\"item\":\"https:\\\/\\\/www.waterskis.lv\\\/ru\\\/%d0%bc%d0%b0%d0%b3%d0%b0%d0%b7%d0%b8%d0%bd\\\/\"},{\"@type\":\"ListItem\",\"position\":3,\"name\":\"SUP-\u0434\u043e\u0441\u043a\u0430 JOBE Aero Yarra SUP Board 10.6 Package Teal (fiberglass paddle Lime)\"}]},{\"@type\":\"WebSite\",\"@id\":\"https:\\\/\\\/www.waterskis.lv\\\/ru\\\/#website\",\"url\":\"https:\\\/\\\/www.waterskis.lv\\\/ru\\\/\",\"name\":\"WATERSKIS.LV\",\"description\":\"SUP d\u0113\u013ci, kajaki, kanoe, airu laivas, \u016bdenssl\u0113po\u0161ana, veikbords, SUP d\u0113\u013cu noma, kajaku nomaakt\u012bv\u0101s atp\u016btas centrs, laivu noma, sup noma, kajaku noma\",\"publisher\":{\"@id\":\"https:\\\/\\\/www.waterskis.lv\\\/ru\\\/#organization\"},\"potentialAction\":[{\"@type\":\"SearchAction\",\"target\":{\"@type\":\"EntryPoint\",\"urlTemplate\":\"https:\\\/\\\/www.waterskis.lv\\\/ru\\\/?s={search_term_string}\"},\"query-input\":{\"@type\":\"PropertyValueSpecification\",\"valueRequired\":true,\"valueName\":\"search_term_string\"}}],\"inLanguage\":\"ru-RU\"},{\"@type\":\"Organization\",\"@id\":\"https:\\\/\\\/www.waterskis.lv\\\/ru\\\/#organization\",\"name\":\"WATERSKIS.LV\",\"url\":\"https:\\\/\\\/www.waterskis.lv\\\/ru\\\/\",\"logo\":{\"@type\":\"ImageObject\",\"inLanguage\":\"ru-RU\",\"@id\":\"https:\\\/\\\/www.waterskis.lv\\\/ru\\\/#\\\/schema\\\/logo\\\/image\\\/\",\"url\":\"https:\\\/\\\/www.waterskis.lv\\\/wp-content\\\/uploads\\\/2025\\\/01\\\/JUVP-logo.png\",\"contentUrl\":\"https:\\\/\\\/www.waterskis.lv\\\/wp-content\\\/uploads\\\/2025\\\/01\\\/JUVP-logo.png\",\"width\":421,\"height\":202,\"caption\":\"WATERSKIS.LV\"},\"image\":{\"@id\":\"https:\\\/\\\/www.waterskis.lv\\\/ru\\\/#\\\/schema\\\/logo\\\/image\\\/\"},\"sameAs\":[\"https:\\\/\\\/www.facebook.com\\\/jurmalawaterskiwakeboardpark\\\/\"]}]}<\/script>\n<!-- \/ Yoast SEO plugin. -->","yoast_head_json":{"title":"SUP-\u0434\u043e\u0441\u043a\u0430 JOBE Aero Yarra SUP Board 10.6 Package Teal (fiberglass paddle Lime) - WATERSKIS.LV","description":"SUP-\u0434\u043e\u0441\u043a\u0430 JOBE Aero Yarra SUP Board 10.6 Package Teal (fiberglass paddle Lime) \u0418\u0434\u0435\u0430\u043b\u044c\u043d\u043e \u043f\u043e\u0434\u0445\u043e\u0434\u0438\u0442 \u0434\u043b\u044f \u043b\u044e\u0431\u044b\u0445 \u043f\u0440\u0438\u043a\u043b\u044e\u0447\u0435\u043d\u0438\u0439 \u043d\u0430 \u0432\u043e\u0434\u0435.","robots":{"index":"index","follow":"follow","max-snippet":"max-snippet:-1","max-image-preview":"max-image-preview:large","max-video-preview":"max-video-preview:-1"},"canonical":"https:\/\/www.waterskis.lv\/ru\/product\/sup-%d0%b4%d0%be%d1%81%d0%ba%d0%b0-jobe-aero-yarra-sup-board-10-6-package-teal-fiberglass-paddle-lime\/","og_locale":"ru_RU","og_type":"article","og_title":"SUP-\u0434\u043e\u0441\u043a\u0430 JOBE Aero Yarra SUP Board 10.6 Package Teal (fiberglass paddle Lime) - WATERSKIS.LV","og_description":"SUP-\u0434\u043e\u0441\u043a\u0430 JOBE Aero Yarra SUP Board 10.6 Package Teal (fiberglass paddle Lime) \u0418\u0434\u0435\u0430\u043b\u044c\u043d\u043e \u043f\u043e\u0434\u0445\u043e\u0434\u0438\u0442 \u0434\u043b\u044f \u043b\u044e\u0431\u044b\u0445 \u043f\u0440\u0438\u043a\u043b\u044e\u0447\u0435\u043d\u0438\u0439 \u043d\u0430 \u0432\u043e\u0434\u0435.","og_url":"https:\/\/www.waterskis.lv\/ru\/product\/sup-%d0%b4%d0%be%d1%81%d0%ba%d0%b0-jobe-aero-yarra-sup-board-10-6-package-teal-fiberglass-paddle-lime\/","og_site_name":"WATERSKIS.LV","article_publisher":"https:\/\/www.facebook.com\/jurmalawaterskiwakeboardpark\/","article_modified_time":"2026-01-05T12:25:40+00:00","og_image":[{"width":1500,"height":1500,"url":"https:\/\/www.waterskis.lv\/wp-content\/uploads\/2026\/01\/AeroYarra.jpg","type":"image\/jpeg"}],"twitter_card":"summary_large_image","twitter_misc":{"\u041f\u0440\u0438\u043c\u0435\u0440\u043d\u043e\u0435 \u0432\u0440\u0435\u043c\u044f \u0434\u043b\u044f \u0447\u0442\u0435\u043d\u0438\u044f":"2 \u043c\u0438\u043d\u0443\u0442\u044b"},"schema":{"@context":"https:\/\/schema.org","@graph":[{"@type":"WebPage","@id":"https:\/\/www.waterskis.lv\/ru\/product\/sup-%d0%b4%d0%be%d1%81%d0%ba%d0%b0-jobe-aero-yarra-sup-board-10-6-package-teal-fiberglass-paddle-lime\/","url":"https:\/\/www.waterskis.lv\/ru\/product\/sup-%d0%b4%d0%be%d1%81%d0%ba%d0%b0-jobe-aero-yarra-sup-board-10-6-package-teal-fiberglass-paddle-lime\/","name":"SUP-\u0434\u043e\u0441\u043a\u0430 JOBE Aero Yarra SUP Board 10.6 Package Teal (fiberglass paddle Lime) - WATERSKIS.LV","isPartOf":{"@id":"https:\/\/www.waterskis.lv\/ru\/#website"},"primaryImageOfPage":{"@id":"https:\/\/www.waterskis.lv\/ru\/product\/sup-%d0%b4%d0%be%d1%81%d0%ba%d0%b0-jobe-aero-yarra-sup-board-10-6-package-teal-fiberglass-paddle-lime\/#primaryimage"},"image":{"@id":"https:\/\/www.waterskis.lv\/ru\/product\/sup-%d0%b4%d0%be%d1%81%d0%ba%d0%b0-jobe-aero-yarra-sup-board-10-6-package-teal-fiberglass-paddle-lime\/#primaryimage"},"thumbnailUrl":"https:\/\/www.waterskis.lv\/wp-content\/uploads\/2026\/01\/AeroYarra.jpg","datePublished":"2026-01-05T12:09:48+00:00","dateModified":"2026-01-05T12:25:40+00:00","description":"SUP-\u0434\u043e\u0441\u043a\u0430 JOBE Aero Yarra SUP Board 10.6 Package Teal (fiberglass paddle Lime) \u0418\u0434\u0435\u0430\u043b\u044c\u043d\u043e \u043f\u043e\u0434\u0445\u043e\u0434\u0438\u0442 \u0434\u043b\u044f \u043b\u044e\u0431\u044b\u0445 \u043f\u0440\u0438\u043a\u043b\u044e\u0447\u0435\u043d\u0438\u0439 \u043d\u0430 \u0432\u043e\u0434\u0435.","breadcrumb":{"@id":"https:\/\/www.waterskis.lv\/ru\/product\/sup-%d0%b4%d0%be%d1%81%d0%ba%d0%b0-jobe-aero-yarra-sup-board-10-6-package-teal-fiberglass-paddle-lime\/#breadcrumb"},"inLanguage":"ru-RU","potentialAction":[{"@type":"ReadAction","target":["https:\/\/www.waterskis.lv\/ru\/product\/sup-%d0%b4%d0%be%d1%81%d0%ba%d0%b0-jobe-aero-yarra-sup-board-10-6-package-teal-fiberglass-paddle-lime\/"]}]},{"@type":"ImageObject","inLanguage":"ru-RU","@id":"https:\/\/www.waterskis.lv\/ru\/product\/sup-%d0%b4%d0%be%d1%81%d0%ba%d0%b0-jobe-aero-yarra-sup-board-10-6-package-teal-fiberglass-paddle-lime\/#primaryimage","url":"https:\/\/www.waterskis.lv\/wp-content\/uploads\/2026\/01\/AeroYarra.jpg","contentUrl":"https:\/\/www.waterskis.lv\/wp-content\/uploads\/2026\/01\/AeroYarra.jpg","width":1500,"height":1500,"caption":"SUP d\u0113lis JOBE Aero Yarra SUP Board 10.6 Package Teal (fiberglass paddle Lime)"},{"@type":"BreadcrumbList","@id":"https:\/\/www.waterskis.lv\/ru\/product\/sup-%d0%b4%d0%be%d1%81%d0%ba%d0%b0-jobe-aero-yarra-sup-board-10-6-package-teal-fiberglass-paddle-lime\/#breadcrumb","itemListElement":[{"@type":"ListItem","position":1,"name":"Home","item":"https:\/\/www.waterskis.lv\/ru\/"},{"@type":"ListItem","position":2,"name":"\u041c\u0430\u0433\u0430\u0437\u0438\u043d","item":"https:\/\/www.waterskis.lv\/ru\/%d0%bc%d0%b0%d0%b3%d0%b0%d0%b7%d0%b8%d0%bd\/"},{"@type":"ListItem","position":3,"name":"SUP-\u0434\u043e\u0441\u043a\u0430 JOBE Aero Yarra SUP Board 10.6 Package Teal (fiberglass paddle Lime)"}]},{"@type":"WebSite","@id":"https:\/\/www.waterskis.lv\/ru\/#website","url":"https:\/\/www.waterskis.lv\/ru\/","name":"WATERSKIS.LV","description":"SUP d\u0113\u013ci, kajaki, kanoe, airu laivas, \u016bdenssl\u0113po\u0161ana, veikbords, SUP d\u0113\u013cu noma, kajaku nomaakt\u012bv\u0101s atp\u016btas centrs, laivu noma, sup noma, kajaku noma","publisher":{"@id":"https:\/\/www.waterskis.lv\/ru\/#organization"},"potentialAction":[{"@type":"SearchAction","target":{"@type":"EntryPoint","urlTemplate":"https:\/\/www.waterskis.lv\/ru\/?s={search_term_string}"},"query-input":{"@type":"PropertyValueSpecification","valueRequired":true,"valueName":"search_term_string"}}],"inLanguage":"ru-RU"},{"@type":"Organization","@id":"https:\/\/www.waterskis.lv\/ru\/#organization","name":"WATERSKIS.LV","url":"https:\/\/www.waterskis.lv\/ru\/","logo":{"@type":"ImageObject","inLanguage":"ru-RU","@id":"https:\/\/www.waterskis.lv\/ru\/#\/schema\/logo\/image\/","url":"https:\/\/www.waterskis.lv\/wp-content\/uploads\/2025\/01\/JUVP-logo.png","contentUrl":"https:\/\/www.waterskis.lv\/wp-content\/uploads\/2025\/01\/JUVP-logo.png","width":421,"height":202,"caption":"WATERSKIS.LV"},"image":{"@id":"https:\/\/www.waterskis.lv\/ru\/#\/schema\/logo\/image\/"},"sameAs":["https:\/\/www.facebook.com\/jurmalawaterskiwakeboardpark\/"]}]}},"_links":{"self":[{"href":"https:\/\/www.waterskis.lv\/ru\/wp-json\/wp\/v2\/product\/69033","targetHints":{"allow":["GET"]}}],"collection":[{"href":"https:\/\/www.waterskis.lv\/ru\/wp-json\/wp\/v2\/product"}],"about":[{"href":"https:\/\/www.waterskis.lv\/ru\/wp-json\/wp\/v2\/types\/product"}],"replies":[{"embeddable":true,"href":"https:\/\/www.waterskis.lv\/ru\/wp-json\/wp\/v2\/comments?post=69033"}],"wp:featuredmedia":[{"embeddable":true,"href":"https:\/\/www.waterskis.lv\/ru\/wp-json\/wp\/v2\/media\/69254"}],"wp:attachment":[{"href":"https:\/\/www.waterskis.lv\/ru\/wp-json\/wp\/v2\/media?parent=69033"}],"wp:term":[{"taxonomy":"product_brand","embeddable":true,"href":"https:\/\/www.waterskis.lv\/ru\/wp-json\/wp\/v2\/product_brand?post=69033"},{"taxonomy":"product_cat","embeddable":true,"href":"https:\/\/www.waterskis.lv\/ru\/wp-json\/wp\/v2\/product_cat?post=69033"},{"taxonomy":"product_tag","embeddable":true,"href":"https:\/\/www.waterskis.lv\/ru\/wp-json\/wp\/v2\/product_tag?post=69033"}],"curies":[{"name":"wp","href":"https:\/\/api.w.org\/{rel}","templated":true}]}}