{"id":69052,"date":"2026-01-05T17:27:16","date_gmt":"2026-01-05T15:27:16","guid":{"rendered":"https:\/\/www.waterskis.lv\/product\/sup-delis-jobe-aero-duna-sup-board-11-6-package-purple\/"},"modified":"2026-01-05T17:32:21","modified_gmt":"2026-01-05T15:32:21","slug":"%d0%b4%d0%be%d1%81%d0%ba%d0%b0-sup-jobe-aero-duna-sup-board-11-6-package-%d1%84%d0%b8%d0%be%d0%bb%d0%b5%d1%82%d0%be%d0%b2%d0%b0%d1%8f","status":"publish","type":"product","link":"https:\/\/www.waterskis.lv\/ru\/product\/%d0%b4%d0%be%d1%81%d0%ba%d0%b0-sup-jobe-aero-duna-sup-board-11-6-package-%d1%84%d0%b8%d0%be%d0%bb%d0%b5%d1%82%d0%be%d0%b2%d0%b0%d1%8f\/","title":{"rendered":"\u0414\u043e\u0441\u043a\u0430 SUP Jobe Aero Duna SUP Board 11.6 Package \u0444\u0438\u043e\u043b\u0435\u0442\u043e\u0432\u0430\u044f"},"content":{"rendered":"<h1>\u0414\u043e\u0441\u043a\u0430 SUP Jobe Aero Duna SUP Board 11.6 Package \u0444\u0438\u043e\u043b\u0435\u0442\u043e\u0432\u0430\u044f<\/h1>\n<p>\u0414\u043e\u0441\u043a\u0430 SUP Jobe Aero Duna SUP Board 11.6 Package \u0444\u0438\u043e\u043b\u0435\u0442\u043e\u0432\u0430\u044f<\/p>\n<table width=\"142\">\n<tbody>\n<tr>\n<td width=\"142\">486425005-PCS.<\/td>\n<\/tr>\n<\/tbody>\n<\/table>\n<p class=\"title-3 fs25 mt20 mb20 boldTitleFont grey uppercase np\">Specifications<\/p>\n<p class=\"title-3 fs24 mt20 boldTitleFont grey normal np\">\u0414\u043e\u0441\u043a\u0430 SUP Jobe Aero Duna 11.6 Package, \u0444\u0438\u043e\u043b\u0435\u0442\u043e\u0432\u0430\u044f<br \/>\n\u041e\u0442\u043f\u0440\u0430\u0432\u043b\u044f\u0439\u0442\u0435\u0441\u044c \u0432 \u0440\u0430\u0437\u043d\u043e\u043e\u0431\u0440\u0430\u0437\u043d\u044b\u0435 \u043f\u0440\u0438\u043a\u043b\u044e\u0447\u0435\u043d\u0438\u044f \u0441 \u0434\u043e\u0441\u043a\u043e\u0439 \u0434\u043b\u044f SUP Jobe Aero Duna 11.6 Package \u044f\u0440\u043a\u043e\u0433\u043e \u0444\u0438\u043e\u043b\u0435\u0442\u043e\u0432\u043e\u0433\u043e \u0446\u0432\u0435\u0442\u0430. \u0418\u0434\u0435\u0430\u043b\u044c\u043d\u043e \u043f\u043e\u0434\u0445\u043e\u0434\u0438\u0442 \u043a\u0430\u043a \u0434\u043b\u044f \u0442\u0443\u0440\u0438\u0441\u0442\u0438\u0447\u0435\u0441\u043a\u0438\u0445 \u043f\u043e\u0435\u0437\u0434\u043e\u043a, \u0442\u0430\u043a \u0438 \u0434\u043b\u044f \u0443\u043d\u0438\u0432\u0435\u0440\u0441\u0430\u043b\u044c\u043d\u043e\u0433\u043e \u0438\u0441\u043f\u043e\u043b\u044c\u0437\u043e\u0432\u0430\u043d\u0438\u044f. \u041e\u043d\u0430 \u043e\u0441\u043d\u0430\u0449\u0435\u043d\u0430 \u043c\u044f\u0433\u043a\u0438\u043c \u043d\u0435\u0441\u043a\u043e\u043b\u044c\u0437\u044f\u0449\u0438\u043c \u043f\u043e\u043a\u0440\u044b\u0442\u0438\u0435\u043c \u0438\u0437 \u043f\u0435\u043d\u043e\u043c\u0430\u0442\u0435\u0440\u0438\u0430\u043b\u0430 EVA \u0442\u043e\u043b\u0449\u0438\u043d\u043e\u0439 5 \u043c\u043c \u0434\u043b\u044f \u043c\u0430\u043a\u0441\u0438\u043c\u0430\u043b\u044c\u043d\u043e\u0433\u043e \u043a\u043e\u043c\u0444\u043e\u0440\u0442\u0430 \u0438 \u043b\u0435\u0433\u043a\u043e\u0439 \u043a\u043e\u043d\u0441\u0442\u0440\u0443\u043a\u0446\u0438\u0435\u0439 \u0441 X-\u043e\u0431\u0440\u0430\u0437\u043d\u043e\u0439 \u043f\u0440\u043e\u0441\u0442\u0440\u043e\u0447\u043a\u043e\u0439 \u0438 \u0441\u0442\u0440\u0438\u043d\u0433\u0435\u0440\u0430\u043c\u0438 \u0434\u043b\u044f \u0438\u0441\u043a\u043b\u044e\u0447\u0438\u0442\u0435\u043b\u044c\u043d\u043e\u0439 \u0436\u0435\u0441\u0442\u043a\u043e\u0441\u0442\u0438 \u0438 \u0434\u043e\u043b\u0433\u043e\u0432\u0435\u0447\u043d\u043e\u0441\u0442\u0438. \u0422\u0435\u0445\u043d\u043e\u043b\u043e\u0433\u0438\u044f \u0442\u0435\u0440\u043c\u043e\u0441\u043a\u043b\u0435\u0438\u0432\u0430\u043d\u0438\u044f \u043e\u0431\u0435\u0441\u043f\u0435\u0447\u0438\u0432\u0430\u0435\u0442 \u043c\u0430\u043a\u0441\u0438\u043c\u0430\u043b\u044c\u043d\u043e \u043b\u0435\u0433\u043a\u0443\u044e \u0438 \u043f\u0440\u043e\u0447\u043d\u0443\u044e \u043a\u043e\u043d\u0441\u0442\u0440\u0443\u043a\u0446\u0438\u044e. \u0412\u043e\u0441\u043f\u043e\u043b\u044c\u0437\u0443\u0439\u0442\u0435\u0441\u044c \u0443\u0434\u043e\u0431\u0441\u0442\u0432\u043e\u043c \u044d\u043b\u0430\u0441\u0442\u0438\u0447\u043d\u043e\u0439 \u0441\u0435\u0442\u043a\u0438 \u0434\u043b\u044f \u0445\u0440\u0430\u043d\u0435\u043d\u0438\u044f \u0438 \u0443\u0434\u043e\u0431\u043d\u043e\u0439 \u043d\u0435\u043e\u043f\u0440\u0435\u043d\u043e\u0432\u043e\u0439 \u0440\u0443\u0447\u043a\u0438 \u0434\u043b\u044f \u043f\u0435\u0440\u0435\u043d\u043e\u0441\u043a\u0438 \u0441 \u0434\u0435\u0440\u0436\u0430\u0442\u0435\u043b\u0435\u043c \u0434\u043b\u044f \u0432\u0435\u0441\u043b\u0430. 8-\u0434\u044e\u0439\u043c\u043e\u0432\u044b\u0439 \u043f\u043b\u0430\u0432\u043d\u0438\u043a EZ lock \u0438 \u0432\u0435\u0441\u043b\u043e \u0438\u0437 40% \u043a\u0430\u0440\u0431\u043e\u043d\u0430 \u043e\u0431\u0435\u0441\u043f\u0435\u0447\u0438\u0432\u0430\u044e\u0442 \u043f\u043b\u0430\u0432\u043d\u043e\u0435 \u0434\u0432\u0438\u0436\u0435\u043d\u0438\u0435, \u0430 9-\u0434\u044e\u0439\u043c\u043e\u0432\u044b\u0439 \u0440\u043e\u043a\u0435\u0440 \u043d\u043e\u0441\u043e\u0432\u043e\u0439 \u0447\u0430\u0441\u0442\u0438 \u0443\u043b\u0443\u0447\u0448\u0430\u0435\u0442 \u0431\u0430\u043b\u0430\u043d\u0441 \u0438 \u0441\u043a\u043e\u043b\u044c\u0436\u0435\u043d\u0438\u0435. \u042d\u0442\u0430 \u0434\u043e\u0441\u043a\u0430, \u0440\u0430\u0441\u0441\u0447\u0438\u0442\u0430\u043d\u043d\u0430\u044f \u043d\u0430 \u0432\u0435\u0441 \u0440\u0430\u0439\u0434\u0435\u0440\u0430 \u0434\u043e 160 \u043a\u0433 (352 \u0444\u0443\u043d\u0442\u0430) \u0438 \u0438\u043c\u0435\u044e\u0449\u0430\u044f \u0440\u0430\u0437\u043c\u0435\u0440\u044b 11&#8217;6&#8243; x 31&#8243; x 6&#8243;, \u043e\u0431\u0435\u0441\u043f\u0435\u0447\u0438\u0432\u0430\u0435\u0442 \u0443\u0441\u0442\u043e\u0439\u0447\u0438\u0432\u043e\u0441\u0442\u044c \u0438 \u0443\u043d\u0438\u0432\u0435\u0440\u0441\u0430\u043b\u044c\u043d\u043e\u0441\u0442\u044c. \u0412 \u043a\u043e\u043c\u043f\u043b\u0435\u043a\u0442 \u0432\u0445\u043e\u0434\u044f\u0442 \u0440\u0435\u0433\u0443\u043b\u0438\u0440\u0443\u0435\u043c\u043e\u0435 \u0432\u0435\u0441\u043b\u043e Stream 40, \u043d\u0435\u0439\u043b\u043e\u043d\u043e\u0432\u044b\u0439 \u0440\u044e\u043a\u0437\u0430\u043a, \u043d\u0430\u0441\u043e\u0441 \u0434\u0432\u043e\u0439\u043d\u043e\u0433\u043e \u0434\u0435\u0439\u0441\u0442\u0432\u0438\u044f, \u0431\u044b\u0441\u0442\u0440\u043e\u0441\u044a\u0435\u043c\u043d\u044b\u0439 \u043f\u043e\u044f\u0441\u043d\u043e\u0439 \u0440\u0435\u043c\u0435\u043d\u044c \u0438 3-\u043c\u0435\u0442\u0440\u043e\u0432\u044b\u0439 \u0432\u0438\u0442\u043e\u0439 \u0441\u0442\u0440\u0430\u0445\u043e\u0432\u043e\u0447\u043d\u044b\u0439 \u0442\u0440\u043e\u0441, \u043d\u0430 \u0432\u0441\u0435 \u043f\u0440\u0435\u0434\u043e\u0441\u0442\u0430\u0432\u043b\u044f\u0435\u0442\u0441\u044f 5-\u043b\u0435\u0442\u043d\u044f\u044f \u0433\u0430\u0440\u0430\u043d\u0442\u0438\u044f. \u0418\u0434\u0435\u0430\u043b\u044c\u043d\u043e \u043f\u043e\u0434\u0445\u043e\u0434\u0438\u0442 \u0434\u043b\u044f \u043b\u044e\u0431\u044b\u0445 \u043f\u0440\u0438\u043a\u043b\u044e\u0447\u0435\u043d\u0438\u0439 \u043d\u0430 \u0432\u043e\u0434\u0435.<\/p>\n<div class=\"col-12 paragraph mt20\">\n<ul class=\"autoColumn checkListSmall blackCheck\">\n<li>5 year warranty<\/li>\n<li>Inflation Pressure: 14\u201320 PSI \u2013 For maximum stiffness and performance.<\/li>\n<li>Non-slip EVA foam pattern: 5mm thick soft deckpad for comfortable SUPing, no matter how long your tour is<\/li>\n<li>Lightweight X-dropstitching construction<\/li>\n<li>Stringer on top and bottom for the best stiffness<\/li>\n<li>Bungee storage net<\/li>\n<li>Easy-to-carry neoprene handle with paddle holder<\/li>\n<li>Halkey Roberts Valve<\/li>\n<li>8&#8243; EZ lock fin<\/li>\n<li>Paddle 40% carbon<\/li>\n<li>Nose rocker: 9&#8243;, Tail rocker: 0&#8243;<\/li>\n<li>Board weight: 10,2kg | 22.5 lbs<\/li>\n<li>Recommended rider weight: Up to 160kg | 352 lbs<\/li>\n<li>Package weight: 15,2kg | 33.5lbs<\/li>\n<li>Dimensions: 11&#8217;6&#8243; x 31&#8243; x 6&#8243; | 350 x 78,8 x 15cm<\/li>\n<li>Package contains: Aero Duna SUP Board 11.6, Stream 40 adjustable 3-piece paddle, Nylon backpack, double action pump, Quick Release Waist Belt, 10ft \/ 3,04m coiled leash<\/li>\n<li>Volume: 324 l<\/li>\n<\/ul>\n<\/div>\n<p>&nbsp;<\/p>\n<p>&nbsp;<\/p>\n<p>&nbsp;<\/p>\n","protected":false},"excerpt":{"rendered":"<p>\u0414\u043e\u0441\u043a\u0430 SUP Jobe Aero Duna SUP Board 11.6 Package \u0444\u0438\u043e\u043b\u0435\u0442\u043e\u0432\u0430\u044f \u0414\u043e\u0441\u043a\u0430 SUP Jobe Aero Duna SUP Board 11.6 Package \u0444\u0438\u043e\u043b\u0435\u0442\u043e\u0432\u0430\u044f 486425005-PCS. Specifications \u0414\u043e\u0441\u043a\u0430 SUP Jobe Aero Duna 11.6 Package, \u0444\u0438\u043e\u043b\u0435\u0442\u043e\u0432\u0430\u044f \u041e\u0442\u043f\u0440\u0430\u0432\u043b\u044f\u0439\u0442\u0435\u0441\u044c \u0432 \u0440\u0430\u0437\u043d\u043e\u043e\u0431\u0440\u0430\u0437\u043d\u044b\u0435 \u043f\u0440\u0438\u043a\u043b\u044e\u0447\u0435\u043d\u0438\u044f \u0441 \u0434\u043e\u0441\u043a\u043e\u0439 \u0434\u043b\u044f SUP Jobe Aero Duna 11.6 Package \u044f\u0440\u043a\u043e\u0433\u043e \u0444\u0438\u043e\u043b\u0435\u0442\u043e\u0432\u043e\u0433\u043e \u0446\u0432\u0435\u0442\u0430. \u0418\u0434\u0435\u0430\u043b\u044c\u043d\u043e \u043f\u043e\u0434\u0445\u043e\u0434\u0438\u0442 \u043a\u0430\u043a \u0434\u043b\u044f \u0442\u0443\u0440\u0438\u0441\u0442\u0438\u0447\u0435\u0441\u043a\u0438\u0445 \u043f\u043e\u0435\u0437\u0434\u043e\u043a, \u0442\u0430\u043a \u0438 \u0434\u043b\u044f [&#8230;]<\/p>\n<p><a class=\"btn btn-secondary understrap-read-more-link\" href=\"https:\/\/www.waterskis.lv\/ru\/product\/%d0%b4%d0%be%d1%81%d0%ba%d0%b0-sup-jobe-aero-duna-sup-board-11-6-package-%d1%84%d0%b8%d0%be%d0%bb%d0%b5%d1%82%d0%be%d0%b2%d0%b0%d1%8f\/\">\u0427\u0438\u0442\u0430\u0442\u044c \u0434\u0430\u043b\u044c\u0448\u0435\u2026<\/a><\/p>\n","protected":false},"featured_media":69285,"comment_status":"closed","ping_status":"closed","template":"","meta":{"_acf_changed":false,"inline_featured_image":false},"product_brand":[1330],"product_cat":[499,773,1108],"product_tag":[3177,1337,1338,3178,3179,1309,1391,3180,1822,3181,3134],"class_list":{"0":"post-69052","1":"product","2":"type-product","3":"status-publish","4":"has-post-thumbnail","6":"product_brand-jobe-watersports","7":"product_cat-sup-","8":"product_cat--sup-","9":"product_cat--sup--jobe","10":"product_tag-aufblasbares-sup","11":"product_tag-jobe","12":"product_tag-paddle-boards","13":"product_tag-stand-up-paddleboard","14":"product_tag-stand-up-paddling","15":"product_tag-sup","16":"product_tag-sup-delis","17":"product_tag-sup-surfer","18":"product_tag-sup-","19":"product_tag-supkayak","20":"product_tag-3134","22":"first","23":"instock","24":"shipping-taxable","25":"purchasable","26":"product-type-simple"},"acf":[],"yoast_head":"<!-- This site is optimized with the Yoast SEO plugin v27.3 - https:\/\/yoast.com\/product\/yoast-seo-wordpress\/ -->\n<title>\u0414\u043e\u0441\u043a\u0430 SUP Jobe Aero Duna SUP Board 11.6 Package \u0444\u0438\u043e\u043b\u0435\u0442\u043e\u0432\u0430\u044f - WATERSKIS.LV<\/title>\n<meta name=\"description\" content=\"\u0414\u043e\u0441\u043a\u0430 SUP Jobe Aero Duna SUP Board 11.6 Package \u0444\u0438\u043e\u043b\u0435\u0442\u043e\u0432\u0430\u044f. \u041e\u0442\u043f\u0440\u0430\u0432\u043b\u044f\u0439\u0442\u0435\u0441\u044c \u0432 \u0440\u0430\u0437\u043d\u043e\u043e\u0431\u0440\u0430\u0437\u043d\u044b\u0435 \u043f\u0440\u0438\u043a\u043b\u044e\u0447\u0435\u043d\u0438\u044f \u0441 \u0434\u043e\u0441\u043a\u043e\u0439 \u0434\u043b\u044f SUP Jobe\" \/>\n<meta name=\"robots\" content=\"index, follow, max-snippet:-1, max-image-preview:large, max-video-preview:-1\" \/>\n<link rel=\"canonical\" href=\"https:\/\/www.waterskis.lv\/ru\/product\/%d0%b4%d0%be%d1%81%d0%ba%d0%b0-sup-jobe-aero-duna-sup-board-11-6-package-%d1%84%d0%b8%d0%be%d0%bb%d0%b5%d1%82%d0%be%d0%b2%d0%b0%d1%8f\/\" \/>\n<meta property=\"og:locale\" content=\"ru_RU\" \/>\n<meta property=\"og:type\" content=\"article\" \/>\n<meta property=\"og:title\" content=\"\u0414\u043e\u0441\u043a\u0430 SUP Jobe Aero Duna SUP Board 11.6 Package \u0444\u0438\u043e\u043b\u0435\u0442\u043e\u0432\u0430\u044f - WATERSKIS.LV\" \/>\n<meta property=\"og:description\" content=\"\u0414\u043e\u0441\u043a\u0430 SUP Jobe Aero Duna SUP Board 11.6 Package \u0444\u0438\u043e\u043b\u0435\u0442\u043e\u0432\u0430\u044f. \u041e\u0442\u043f\u0440\u0430\u0432\u043b\u044f\u0439\u0442\u0435\u0441\u044c \u0432 \u0440\u0430\u0437\u043d\u043e\u043e\u0431\u0440\u0430\u0437\u043d\u044b\u0435 \u043f\u0440\u0438\u043a\u043b\u044e\u0447\u0435\u043d\u0438\u044f \u0441 \u0434\u043e\u0441\u043a\u043e\u0439 \u0434\u043b\u044f SUP Jobe\" \/>\n<meta property=\"og:url\" content=\"https:\/\/www.waterskis.lv\/ru\/product\/%d0%b4%d0%be%d1%81%d0%ba%d0%b0-sup-jobe-aero-duna-sup-board-11-6-package-%d1%84%d0%b8%d0%be%d0%bb%d0%b5%d1%82%d0%be%d0%b2%d0%b0%d1%8f\/\" \/>\n<meta property=\"og:site_name\" content=\"WATERSKIS.LV\" \/>\n<meta property=\"article:publisher\" content=\"https:\/\/www.facebook.com\/jurmalawaterskiwakeboardpark\/\" \/>\n<meta property=\"article:modified_time\" content=\"2026-01-05T15:32:21+00:00\" \/>\n<meta property=\"og:image\" content=\"https:\/\/www.waterskis.lv\/wp-content\/uploads\/2026\/01\/DunaPurple.jpg\" \/>\n\t<meta property=\"og:image:width\" content=\"1500\" \/>\n\t<meta property=\"og:image:height\" content=\"1500\" \/>\n\t<meta property=\"og:image:type\" content=\"image\/jpeg\" \/>\n<meta name=\"twitter:card\" content=\"summary_large_image\" \/>\n<meta name=\"twitter:label1\" content=\"\u041f\u0440\u0438\u043c\u0435\u0440\u043d\u043e\u0435 \u0432\u0440\u0435\u043c\u044f \u0434\u043b\u044f \u0447\u0442\u0435\u043d\u0438\u044f\" \/>\n\t<meta name=\"twitter:data1\" content=\"2 \u043c\u0438\u043d\u0443\u0442\u044b\" \/>\n<script type=\"application\/ld+json\" class=\"yoast-schema-graph\">{\"@context\":\"https:\\\/\\\/schema.org\",\"@graph\":[{\"@type\":\"WebPage\",\"@id\":\"https:\\\/\\\/www.waterskis.lv\\\/ru\\\/product\\\/%d0%b4%d0%be%d1%81%d0%ba%d0%b0-sup-jobe-aero-duna-sup-board-11-6-package-%d1%84%d0%b8%d0%be%d0%bb%d0%b5%d1%82%d0%be%d0%b2%d0%b0%d1%8f\\\/\",\"url\":\"https:\\\/\\\/www.waterskis.lv\\\/ru\\\/product\\\/%d0%b4%d0%be%d1%81%d0%ba%d0%b0-sup-jobe-aero-duna-sup-board-11-6-package-%d1%84%d0%b8%d0%be%d0%bb%d0%b5%d1%82%d0%be%d0%b2%d0%b0%d1%8f\\\/\",\"name\":\"\u0414\u043e\u0441\u043a\u0430 SUP Jobe Aero Duna SUP Board 11.6 Package \u0444\u0438\u043e\u043b\u0435\u0442\u043e\u0432\u0430\u044f - WATERSKIS.LV\",\"isPartOf\":{\"@id\":\"https:\\\/\\\/www.waterskis.lv\\\/ru\\\/#website\"},\"primaryImageOfPage\":{\"@id\":\"https:\\\/\\\/www.waterskis.lv\\\/ru\\\/product\\\/%d0%b4%d0%be%d1%81%d0%ba%d0%b0-sup-jobe-aero-duna-sup-board-11-6-package-%d1%84%d0%b8%d0%be%d0%bb%d0%b5%d1%82%d0%be%d0%b2%d0%b0%d1%8f\\\/#primaryimage\"},\"image\":{\"@id\":\"https:\\\/\\\/www.waterskis.lv\\\/ru\\\/product\\\/%d0%b4%d0%be%d1%81%d0%ba%d0%b0-sup-jobe-aero-duna-sup-board-11-6-package-%d1%84%d0%b8%d0%be%d0%bb%d0%b5%d1%82%d0%be%d0%b2%d0%b0%d1%8f\\\/#primaryimage\"},\"thumbnailUrl\":\"https:\\\/\\\/www.waterskis.lv\\\/wp-content\\\/uploads\\\/2026\\\/01\\\/DunaPurple.jpg\",\"datePublished\":\"2026-01-05T15:27:16+00:00\",\"dateModified\":\"2026-01-05T15:32:21+00:00\",\"description\":\"\u0414\u043e\u0441\u043a\u0430 SUP Jobe Aero Duna SUP Board 11.6 Package \u0444\u0438\u043e\u043b\u0435\u0442\u043e\u0432\u0430\u044f. \u041e\u0442\u043f\u0440\u0430\u0432\u043b\u044f\u0439\u0442\u0435\u0441\u044c \u0432 \u0440\u0430\u0437\u043d\u043e\u043e\u0431\u0440\u0430\u0437\u043d\u044b\u0435 \u043f\u0440\u0438\u043a\u043b\u044e\u0447\u0435\u043d\u0438\u044f \u0441 \u0434\u043e\u0441\u043a\u043e\u0439 \u0434\u043b\u044f SUP Jobe\",\"breadcrumb\":{\"@id\":\"https:\\\/\\\/www.waterskis.lv\\\/ru\\\/product\\\/%d0%b4%d0%be%d1%81%d0%ba%d0%b0-sup-jobe-aero-duna-sup-board-11-6-package-%d1%84%d0%b8%d0%be%d0%bb%d0%b5%d1%82%d0%be%d0%b2%d0%b0%d1%8f\\\/#breadcrumb\"},\"inLanguage\":\"ru-RU\",\"potentialAction\":[{\"@type\":\"ReadAction\",\"target\":[\"https:\\\/\\\/www.waterskis.lv\\\/ru\\\/product\\\/%d0%b4%d0%be%d1%81%d0%ba%d0%b0-sup-jobe-aero-duna-sup-board-11-6-package-%d1%84%d0%b8%d0%be%d0%bb%d0%b5%d1%82%d0%be%d0%b2%d0%b0%d1%8f\\\/\"]}]},{\"@type\":\"ImageObject\",\"inLanguage\":\"ru-RU\",\"@id\":\"https:\\\/\\\/www.waterskis.lv\\\/ru\\\/product\\\/%d0%b4%d0%be%d1%81%d0%ba%d0%b0-sup-jobe-aero-duna-sup-board-11-6-package-%d1%84%d0%b8%d0%be%d0%bb%d0%b5%d1%82%d0%be%d0%b2%d0%b0%d1%8f\\\/#primaryimage\",\"url\":\"https:\\\/\\\/www.waterskis.lv\\\/wp-content\\\/uploads\\\/2026\\\/01\\\/DunaPurple.jpg\",\"contentUrl\":\"https:\\\/\\\/www.waterskis.lv\\\/wp-content\\\/uploads\\\/2026\\\/01\\\/DunaPurple.jpg\",\"width\":1500,\"height\":1500,\"caption\":\"Sup d\u0113lis Jobe Aero Duna SUP Board 11.6 Package Purple\"},{\"@type\":\"BreadcrumbList\",\"@id\":\"https:\\\/\\\/www.waterskis.lv\\\/ru\\\/product\\\/%d0%b4%d0%be%d1%81%d0%ba%d0%b0-sup-jobe-aero-duna-sup-board-11-6-package-%d1%84%d0%b8%d0%be%d0%bb%d0%b5%d1%82%d0%be%d0%b2%d0%b0%d1%8f\\\/#breadcrumb\",\"itemListElement\":[{\"@type\":\"ListItem\",\"position\":1,\"name\":\"Home\",\"item\":\"https:\\\/\\\/www.waterskis.lv\\\/ru\\\/\"},{\"@type\":\"ListItem\",\"position\":2,\"name\":\"\u041c\u0430\u0433\u0430\u0437\u0438\u043d\",\"item\":\"https:\\\/\\\/www.waterskis.lv\\\/ru\\\/%d0%bc%d0%b0%d0%b3%d0%b0%d0%b7%d0%b8%d0%bd\\\/\"},{\"@type\":\"ListItem\",\"position\":3,\"name\":\"\u0414\u043e\u0441\u043a\u0430 SUP Jobe Aero Duna SUP Board 11.6 Package \u0444\u0438\u043e\u043b\u0435\u0442\u043e\u0432\u0430\u044f\"}]},{\"@type\":\"WebSite\",\"@id\":\"https:\\\/\\\/www.waterskis.lv\\\/ru\\\/#website\",\"url\":\"https:\\\/\\\/www.waterskis.lv\\\/ru\\\/\",\"name\":\"WATERSKIS.LV\",\"description\":\"SUP d\u0113\u013ci, kajaki, kanoe, airu laivas, \u016bdenssl\u0113po\u0161ana, veikbords, SUP d\u0113\u013cu noma, kajaku nomaakt\u012bv\u0101s atp\u016btas centrs, laivu noma, sup noma, kajaku noma\",\"publisher\":{\"@id\":\"https:\\\/\\\/www.waterskis.lv\\\/ru\\\/#organization\"},\"potentialAction\":[{\"@type\":\"SearchAction\",\"target\":{\"@type\":\"EntryPoint\",\"urlTemplate\":\"https:\\\/\\\/www.waterskis.lv\\\/ru\\\/?s={search_term_string}\"},\"query-input\":{\"@type\":\"PropertyValueSpecification\",\"valueRequired\":true,\"valueName\":\"search_term_string\"}}],\"inLanguage\":\"ru-RU\"},{\"@type\":\"Organization\",\"@id\":\"https:\\\/\\\/www.waterskis.lv\\\/ru\\\/#organization\",\"name\":\"WATERSKIS.LV\",\"url\":\"https:\\\/\\\/www.waterskis.lv\\\/ru\\\/\",\"logo\":{\"@type\":\"ImageObject\",\"inLanguage\":\"ru-RU\",\"@id\":\"https:\\\/\\\/www.waterskis.lv\\\/ru\\\/#\\\/schema\\\/logo\\\/image\\\/\",\"url\":\"https:\\\/\\\/www.waterskis.lv\\\/wp-content\\\/uploads\\\/2025\\\/01\\\/JUVP-logo.png\",\"contentUrl\":\"https:\\\/\\\/www.waterskis.lv\\\/wp-content\\\/uploads\\\/2025\\\/01\\\/JUVP-logo.png\",\"width\":421,\"height\":202,\"caption\":\"WATERSKIS.LV\"},\"image\":{\"@id\":\"https:\\\/\\\/www.waterskis.lv\\\/ru\\\/#\\\/schema\\\/logo\\\/image\\\/\"},\"sameAs\":[\"https:\\\/\\\/www.facebook.com\\\/jurmalawaterskiwakeboardpark\\\/\"]}]}<\/script>\n<!-- \/ Yoast SEO plugin. -->","yoast_head_json":{"title":"\u0414\u043e\u0441\u043a\u0430 SUP Jobe Aero Duna SUP Board 11.6 Package \u0444\u0438\u043e\u043b\u0435\u0442\u043e\u0432\u0430\u044f - WATERSKIS.LV","description":"\u0414\u043e\u0441\u043a\u0430 SUP Jobe Aero Duna SUP Board 11.6 Package \u0444\u0438\u043e\u043b\u0435\u0442\u043e\u0432\u0430\u044f. \u041e\u0442\u043f\u0440\u0430\u0432\u043b\u044f\u0439\u0442\u0435\u0441\u044c \u0432 \u0440\u0430\u0437\u043d\u043e\u043e\u0431\u0440\u0430\u0437\u043d\u044b\u0435 \u043f\u0440\u0438\u043a\u043b\u044e\u0447\u0435\u043d\u0438\u044f \u0441 \u0434\u043e\u0441\u043a\u043e\u0439 \u0434\u043b\u044f SUP Jobe","robots":{"index":"index","follow":"follow","max-snippet":"max-snippet:-1","max-image-preview":"max-image-preview:large","max-video-preview":"max-video-preview:-1"},"canonical":"https:\/\/www.waterskis.lv\/ru\/product\/%d0%b4%d0%be%d1%81%d0%ba%d0%b0-sup-jobe-aero-duna-sup-board-11-6-package-%d1%84%d0%b8%d0%be%d0%bb%d0%b5%d1%82%d0%be%d0%b2%d0%b0%d1%8f\/","og_locale":"ru_RU","og_type":"article","og_title":"\u0414\u043e\u0441\u043a\u0430 SUP Jobe Aero Duna SUP Board 11.6 Package \u0444\u0438\u043e\u043b\u0435\u0442\u043e\u0432\u0430\u044f - WATERSKIS.LV","og_description":"\u0414\u043e\u0441\u043a\u0430 SUP Jobe Aero Duna SUP Board 11.6 Package \u0444\u0438\u043e\u043b\u0435\u0442\u043e\u0432\u0430\u044f. \u041e\u0442\u043f\u0440\u0430\u0432\u043b\u044f\u0439\u0442\u0435\u0441\u044c \u0432 \u0440\u0430\u0437\u043d\u043e\u043e\u0431\u0440\u0430\u0437\u043d\u044b\u0435 \u043f\u0440\u0438\u043a\u043b\u044e\u0447\u0435\u043d\u0438\u044f \u0441 \u0434\u043e\u0441\u043a\u043e\u0439 \u0434\u043b\u044f SUP Jobe","og_url":"https:\/\/www.waterskis.lv\/ru\/product\/%d0%b4%d0%be%d1%81%d0%ba%d0%b0-sup-jobe-aero-duna-sup-board-11-6-package-%d1%84%d0%b8%d0%be%d0%bb%d0%b5%d1%82%d0%be%d0%b2%d0%b0%d1%8f\/","og_site_name":"WATERSKIS.LV","article_publisher":"https:\/\/www.facebook.com\/jurmalawaterskiwakeboardpark\/","article_modified_time":"2026-01-05T15:32:21+00:00","og_image":[{"width":1500,"height":1500,"url":"https:\/\/www.waterskis.lv\/wp-content\/uploads\/2026\/01\/DunaPurple.jpg","type":"image\/jpeg"}],"twitter_card":"summary_large_image","twitter_misc":{"\u041f\u0440\u0438\u043c\u0435\u0440\u043d\u043e\u0435 \u0432\u0440\u0435\u043c\u044f \u0434\u043b\u044f \u0447\u0442\u0435\u043d\u0438\u044f":"2 \u043c\u0438\u043d\u0443\u0442\u044b"},"schema":{"@context":"https:\/\/schema.org","@graph":[{"@type":"WebPage","@id":"https:\/\/www.waterskis.lv\/ru\/product\/%d0%b4%d0%be%d1%81%d0%ba%d0%b0-sup-jobe-aero-duna-sup-board-11-6-package-%d1%84%d0%b8%d0%be%d0%bb%d0%b5%d1%82%d0%be%d0%b2%d0%b0%d1%8f\/","url":"https:\/\/www.waterskis.lv\/ru\/product\/%d0%b4%d0%be%d1%81%d0%ba%d0%b0-sup-jobe-aero-duna-sup-board-11-6-package-%d1%84%d0%b8%d0%be%d0%bb%d0%b5%d1%82%d0%be%d0%b2%d0%b0%d1%8f\/","name":"\u0414\u043e\u0441\u043a\u0430 SUP Jobe Aero Duna SUP Board 11.6 Package \u0444\u0438\u043e\u043b\u0435\u0442\u043e\u0432\u0430\u044f - WATERSKIS.LV","isPartOf":{"@id":"https:\/\/www.waterskis.lv\/ru\/#website"},"primaryImageOfPage":{"@id":"https:\/\/www.waterskis.lv\/ru\/product\/%d0%b4%d0%be%d1%81%d0%ba%d0%b0-sup-jobe-aero-duna-sup-board-11-6-package-%d1%84%d0%b8%d0%be%d0%bb%d0%b5%d1%82%d0%be%d0%b2%d0%b0%d1%8f\/#primaryimage"},"image":{"@id":"https:\/\/www.waterskis.lv\/ru\/product\/%d0%b4%d0%be%d1%81%d0%ba%d0%b0-sup-jobe-aero-duna-sup-board-11-6-package-%d1%84%d0%b8%d0%be%d0%bb%d0%b5%d1%82%d0%be%d0%b2%d0%b0%d1%8f\/#primaryimage"},"thumbnailUrl":"https:\/\/www.waterskis.lv\/wp-content\/uploads\/2026\/01\/DunaPurple.jpg","datePublished":"2026-01-05T15:27:16+00:00","dateModified":"2026-01-05T15:32:21+00:00","description":"\u0414\u043e\u0441\u043a\u0430 SUP Jobe Aero Duna SUP Board 11.6 Package \u0444\u0438\u043e\u043b\u0435\u0442\u043e\u0432\u0430\u044f. \u041e\u0442\u043f\u0440\u0430\u0432\u043b\u044f\u0439\u0442\u0435\u0441\u044c \u0432 \u0440\u0430\u0437\u043d\u043e\u043e\u0431\u0440\u0430\u0437\u043d\u044b\u0435 \u043f\u0440\u0438\u043a\u043b\u044e\u0447\u0435\u043d\u0438\u044f \u0441 \u0434\u043e\u0441\u043a\u043e\u0439 \u0434\u043b\u044f SUP Jobe","breadcrumb":{"@id":"https:\/\/www.waterskis.lv\/ru\/product\/%d0%b4%d0%be%d1%81%d0%ba%d0%b0-sup-jobe-aero-duna-sup-board-11-6-package-%d1%84%d0%b8%d0%be%d0%bb%d0%b5%d1%82%d0%be%d0%b2%d0%b0%d1%8f\/#breadcrumb"},"inLanguage":"ru-RU","potentialAction":[{"@type":"ReadAction","target":["https:\/\/www.waterskis.lv\/ru\/product\/%d0%b4%d0%be%d1%81%d0%ba%d0%b0-sup-jobe-aero-duna-sup-board-11-6-package-%d1%84%d0%b8%d0%be%d0%bb%d0%b5%d1%82%d0%be%d0%b2%d0%b0%d1%8f\/"]}]},{"@type":"ImageObject","inLanguage":"ru-RU","@id":"https:\/\/www.waterskis.lv\/ru\/product\/%d0%b4%d0%be%d1%81%d0%ba%d0%b0-sup-jobe-aero-duna-sup-board-11-6-package-%d1%84%d0%b8%d0%be%d0%bb%d0%b5%d1%82%d0%be%d0%b2%d0%b0%d1%8f\/#primaryimage","url":"https:\/\/www.waterskis.lv\/wp-content\/uploads\/2026\/01\/DunaPurple.jpg","contentUrl":"https:\/\/www.waterskis.lv\/wp-content\/uploads\/2026\/01\/DunaPurple.jpg","width":1500,"height":1500,"caption":"Sup d\u0113lis Jobe Aero Duna SUP Board 11.6 Package Purple"},{"@type":"BreadcrumbList","@id":"https:\/\/www.waterskis.lv\/ru\/product\/%d0%b4%d0%be%d1%81%d0%ba%d0%b0-sup-jobe-aero-duna-sup-board-11-6-package-%d1%84%d0%b8%d0%be%d0%bb%d0%b5%d1%82%d0%be%d0%b2%d0%b0%d1%8f\/#breadcrumb","itemListElement":[{"@type":"ListItem","position":1,"name":"Home","item":"https:\/\/www.waterskis.lv\/ru\/"},{"@type":"ListItem","position":2,"name":"\u041c\u0430\u0433\u0430\u0437\u0438\u043d","item":"https:\/\/www.waterskis.lv\/ru\/%d0%bc%d0%b0%d0%b3%d0%b0%d0%b7%d0%b8%d0%bd\/"},{"@type":"ListItem","position":3,"name":"\u0414\u043e\u0441\u043a\u0430 SUP Jobe Aero Duna SUP Board 11.6 Package \u0444\u0438\u043e\u043b\u0435\u0442\u043e\u0432\u0430\u044f"}]},{"@type":"WebSite","@id":"https:\/\/www.waterskis.lv\/ru\/#website","url":"https:\/\/www.waterskis.lv\/ru\/","name":"WATERSKIS.LV","description":"SUP d\u0113\u013ci, kajaki, kanoe, airu laivas, \u016bdenssl\u0113po\u0161ana, veikbords, SUP d\u0113\u013cu noma, kajaku nomaakt\u012bv\u0101s atp\u016btas centrs, laivu noma, sup noma, kajaku noma","publisher":{"@id":"https:\/\/www.waterskis.lv\/ru\/#organization"},"potentialAction":[{"@type":"SearchAction","target":{"@type":"EntryPoint","urlTemplate":"https:\/\/www.waterskis.lv\/ru\/?s={search_term_string}"},"query-input":{"@type":"PropertyValueSpecification","valueRequired":true,"valueName":"search_term_string"}}],"inLanguage":"ru-RU"},{"@type":"Organization","@id":"https:\/\/www.waterskis.lv\/ru\/#organization","name":"WATERSKIS.LV","url":"https:\/\/www.waterskis.lv\/ru\/","logo":{"@type":"ImageObject","inLanguage":"ru-RU","@id":"https:\/\/www.waterskis.lv\/ru\/#\/schema\/logo\/image\/","url":"https:\/\/www.waterskis.lv\/wp-content\/uploads\/2025\/01\/JUVP-logo.png","contentUrl":"https:\/\/www.waterskis.lv\/wp-content\/uploads\/2025\/01\/JUVP-logo.png","width":421,"height":202,"caption":"WATERSKIS.LV"},"image":{"@id":"https:\/\/www.waterskis.lv\/ru\/#\/schema\/logo\/image\/"},"sameAs":["https:\/\/www.facebook.com\/jurmalawaterskiwakeboardpark\/"]}]}},"_links":{"self":[{"href":"https:\/\/www.waterskis.lv\/ru\/wp-json\/wp\/v2\/product\/69052","targetHints":{"allow":["GET"]}}],"collection":[{"href":"https:\/\/www.waterskis.lv\/ru\/wp-json\/wp\/v2\/product"}],"about":[{"href":"https:\/\/www.waterskis.lv\/ru\/wp-json\/wp\/v2\/types\/product"}],"replies":[{"embeddable":true,"href":"https:\/\/www.waterskis.lv\/ru\/wp-json\/wp\/v2\/comments?post=69052"}],"wp:featuredmedia":[{"embeddable":true,"href":"https:\/\/www.waterskis.lv\/ru\/wp-json\/wp\/v2\/media\/69285"}],"wp:attachment":[{"href":"https:\/\/www.waterskis.lv\/ru\/wp-json\/wp\/v2\/media?parent=69052"}],"wp:term":[{"taxonomy":"product_brand","embeddable":true,"href":"https:\/\/www.waterskis.lv\/ru\/wp-json\/wp\/v2\/product_brand?post=69052"},{"taxonomy":"product_cat","embeddable":true,"href":"https:\/\/www.waterskis.lv\/ru\/wp-json\/wp\/v2\/product_cat?post=69052"},{"taxonomy":"product_tag","embeddable":true,"href":"https:\/\/www.waterskis.lv\/ru\/wp-json\/wp\/v2\/product_tag?post=69052"}],"curies":[{"name":"wp","href":"https:\/\/api.w.org\/{rel}","templated":true}]}}