{"id":69065,"date":"2026-01-05T18:10:39","date_gmt":"2026-01-05T16:10:39","guid":{"rendered":"https:\/\/www.waterskis.lv\/product\/jobe-aero-loa-sup-board-11-6-package\/"},"modified":"2026-01-05T18:17:01","modified_gmt":"2026-01-05T16:17:01","slug":"jobe-aero-loa-sup-board-11-6-package","status":"publish","type":"product","link":"https:\/\/www.waterskis.lv\/ru\/product\/jobe-aero-loa-sup-board-11-6-package\/","title":{"rendered":"Jobe Aero Loa SUP Board 11.6 Package"},"content":{"rendered":"<h1 class=\"productTitle s-hide\">Jobe Aero Loa SUP Board 11.6 Package<\/h1>\n<p class=\"productTitle s-hide\">Jobe Aero Loa SUP Board 11.6 Package<\/p>\n<div class=\"paragraph mt10 col-12\">\n<p><span class=\"s-hide\">Product ID\u00a0486425014<\/span><\/p>\n<div class=\"col-12 relative mt10\">\u0422\u0435\u0445\u043d\u0438\u0447\u0435\u0441\u043a\u0438\u0435 \u0445\u0430\u0440\u0430\u043a\u0442\u0435\u0440\u0438\u0441\u0442\u0438\u043a\u0438<br \/>\n\u041a\u043e\u043c\u043f\u043b\u0435\u043a\u0442\u0430\u0446\u0438\u044f \u0434\u043e\u0441\u043a\u0438 Jobe Aero Loa SUP 11.6. \u041e\u0449\u0443\u0442\u0438\u0442\u0435 \u043d\u0435\u043f\u0440\u0435\u0432\u0437\u043e\u0439\u0434\u0435\u043d\u043d\u0443\u044e \u0443\u0441\u0442\u043e\u0439\u0447\u0438\u0432\u043e\u0441\u0442\u044c \u0441 \u0434\u043e\u0441\u043a\u043e\u0439 Jobe Aero Loa SUP 11.6. \u042d\u0442\u0430 \u0448\u0438\u0440\u043e\u043a\u0430\u044f, \u0443\u0441\u0442\u043e\u0439\u0447\u0438\u0432\u0430\u044f \u0434\u043e\u0441\u043a\u0430 \u0438\u0434\u0435\u0430\u043b\u044c\u043d\u043e \u043f\u043e\u0434\u0445\u043e\u0434\u0438\u0442 \u0434\u043b\u044f \u043a\u0430\u0442\u0430\u043d\u0438\u044f \u0441 \u0434\u0440\u0443\u0433\u043e\u043c \u0438\u043b\u0438 \u0441 \u0441\u043e\u0431\u0430\u043a\u043e\u0439. \u0420\u0430\u0437\u0440\u0430\u0431\u043e\u0442\u0430\u043d\u043d\u0430\u044f \u0441 \u0438\u0441\u043f\u043e\u043b\u044c\u0437\u043e\u0432\u0430\u043d\u0438\u0435\u043c \u0442\u0435\u0445\u043d\u043e\u043b\u043e\u0433\u0438\u0438 \u0442\u0435\u0440\u043c\u043e\u0441\u043a\u043b\u0435\u0438\u0432\u0430\u043d\u0438\u044f \u0434\u043b\u044f \u0434\u043e\u043b\u0433\u043e\u0432\u0435\u0447\u043d\u043e\u0441\u0442\u0438, \u043e\u043d\u0430 \u043e\u0441\u043d\u0430\u0449\u0435\u043d\u0430 \u043d\u0435\u0441\u043a\u043e\u043b\u044c\u0437\u044f\u0449\u0438\u043c \u043f\u043e\u043a\u0440\u044b\u0442\u0438\u0435\u043c \u0438\u0437 \u043f\u0435\u043d\u043e\u043f\u043e\u043b\u0438\u0443\u0440\u0435\u0442\u0430\u043d\u0430 EVA \u0442\u043e\u043b\u0449\u0438\u043d\u043e\u0439 5 \u043c\u043c \u0434\u043b\u044f \u043a\u043e\u043c\u0444\u043e\u0440\u0442\u0430 \u0432 \u0442\u0435\u0447\u0435\u043d\u0438\u0435 \u0432\u0441\u0435\u0433\u043e \u0434\u043d\u044f. \u041b\u0435\u0433\u043a\u0430\u044f \u043a\u043e\u043d\u0441\u0442\u0440\u0443\u043a\u0446\u0438\u044f \u0434\u043e\u0441\u043a\u0438 \u0441 X-\u043e\u0431\u0440\u0430\u0437\u043d\u043e\u0439 \u043f\u0440\u043e\u0441\u0442\u0440\u043e\u0447\u043a\u043e\u0439 \u0438 \u0434\u0432\u043e\u0439\u043d\u044b\u043c\u0438 \u0441\u0442\u0440\u0438\u043d\u0433\u0435\u0440\u0430\u043c\u0438 \u043e\u0431\u0435\u0441\u043f\u0435\u0447\u0438\u0432\u0430\u0435\u0442 \u0438\u0441\u043a\u043b\u044e\u0447\u0438\u0442\u0435\u043b\u044c\u043d\u0443\u044e \u0436\u0435\u0441\u0442\u043a\u043e\u0441\u0442\u044c \u0438 \u0443\u043f\u0440\u0430\u0432\u043b\u044f\u0435\u043c\u043e\u0441\u0442\u044c, \u0441\u043e\u0437\u0434\u0430\u0432\u0430\u044f \u043d\u0435\u0432\u0435\u0440\u043e\u044f\u0442\u043d\u043e \u0441\u0442\u0430\u0431\u0438\u043b\u044c\u043d\u0443\u044e \u043f\u043b\u0430\u0442\u0444\u043e\u0440\u043c\u0443. \u0423\u0434\u043e\u0431\u043d\u0430\u044f \u043d\u0435\u043e\u043f\u0440\u0435\u043d\u043e\u0432\u0430\u044f \u0440\u0443\u0447\u043a\u0430 \u0441 \u0434\u0435\u0440\u0436\u0430\u0442\u0435\u043b\u0435\u043c \u0434\u043b\u044f \u0432\u0435\u0441\u043b\u0430 \u0438 \u0441\u0435\u0442\u043a\u043e\u0439 \u0434\u043b\u044f \u0445\u0440\u0430\u043d\u0435\u043d\u0438\u044f \u043d\u0430 \u044d\u043b\u0430\u0441\u0442\u0438\u0447\u043d\u043e\u043c \u0448\u043d\u0443\u0440\u0435 \u0434\u043e\u0431\u0430\u0432\u043b\u044f\u044e\u0442 \u0443\u0434\u043e\u0431\u0441\u0442\u0432\u0430. \u0411\u043b\u0430\u0433\u043e\u0434\u0430\u0440\u044f 8-\u0434\u044e\u0439\u043c\u043e\u0432\u043e\u043c\u0443 \u043f\u043b\u0430\u0432\u043d\u0438\u043a\u0443 EZ lock \u0438 \u0432\u0435\u0441\u043b\u0443 \u0441 \u0434\u0440\u0435\u0432\u043a\u043e\u043c, \u0441\u043e\u0441\u0442\u043e\u044f\u0449\u0438\u043c \u043d\u0430 20% \u0438\u0437 \u043a\u0430\u0440\u0431\u043e\u043d\u0430 \u0438 \u043d\u0430 80% \u0438\u0437 \u0441\u0442\u0435\u043a\u043b\u043e\u0432\u043e\u043b\u043e\u043a\u043d\u0430, \u0432\u044b \u043f\u043e\u043b\u0443\u0447\u0438\u0442\u0435 \u043f\u043b\u0430\u0432\u043d\u043e\u0435 \u0438 \u043e\u0442\u0437\u044b\u0432\u0447\u0438\u0432\u043e\u0435 \u0443\u043f\u0440\u0430\u0432\u043b\u0435\u043d\u0438\u0435. \u0420\u0435\u043a\u043e\u043c\u0435\u043d\u0434\u0443\u0435\u043c\u044b\u0439 \u0432\u0435\u0441 \u0440\u0430\u0439\u0434\u0435\u0440\u0430 \u0441\u043e\u0441\u0442\u0430\u0432\u043b\u044f\u0435\u0442 \u0434\u043e 160 \u043a\u0433 (352 \u0444\u0443\u043d\u0442\u0430), \u0430 \u0440\u0430\u0437\u043c\u0435\u0440\u044b \u2014 350 x 86,36 x 15 \u0441\u043c (11&#8217;6&#8243; x 34&#8243; x 6&#8243;), \u0447\u0442\u043e \u043e\u0431\u0435\u0441\u043f\u0435\u0447\u0438\u0432\u0430\u0435\u0442 \u0434\u043e\u0441\u0442\u0430\u0442\u043e\u0447\u043d\u043e \u043c\u0435\u0441\u0442\u0430 \u0438 \u043f\u043e\u0434\u0434\u0435\u0440\u0436\u043a\u0438 \u0434\u043b\u044f \u0434\u043e\u043f\u043e\u043b\u043d\u0438\u0442\u0435\u043b\u044c\u043d\u044b\u0445 \u043f\u0430\u0441\u0441\u0430\u0436\u0438\u0440\u043e\u0432 \u0438\u043b\u0438 \u0434\u043e\u043c\u0430\u0448\u043d\u0438\u0445 \u0436\u0438\u0432\u043e\u0442\u043d\u044b\u0445. \u0412\u0435\u0441 \u0432\u0441\u0435\u0433\u043e 10,8 \u043a\u0433 (23,8 \u0444\u0443\u043d\u0442\u0430) \u0434\u0435\u043b\u0430\u0435\u0442 \u0435\u0433\u043e \u0443\u0434\u043e\u0431\u043d\u044b\u043c \u0432 \u043e\u0431\u0440\u0430\u0449\u0435\u043d\u0438\u0438 \u0438 \u0442\u0440\u0430\u043d\u0441\u043f\u043e\u0440\u0442\u0438\u0440\u043e\u0432\u043a\u0435. \u0412 \u043a\u043e\u043c\u043f\u043b\u0435\u043a\u0442 \u0432\u0445\u043e\u0434\u044f\u0442 \u0440\u0435\u0433\u0443\u043b\u0438\u0440\u0443\u0435\u043c\u043e\u0435 \u0442\u0440\u0435\u0445\u0441\u0435\u043a\u0446\u0438\u043e\u043d\u043d\u043e\u0435 \u0432\u0435\u0441\u043b\u043e \u0438\u0437 \u0441\u0442\u0435\u043a\u043b\u043e\u0432\u043e\u043b\u043e\u043a\u043d\u0430, \u043d\u0430\u0441\u043e\u0441 \u0434\u0432\u043e\u0439\u043d\u043e\u0433\u043e \u0434\u0435\u0439\u0441\u0442\u0432\u0438\u044f, 3,04-\u043c\u0435\u0442\u0440\u043e\u0432\u044b\u0439 (10 \u0444\u0443\u0442\u043e\u0432) \u0432\u0438\u0442\u043e\u0439 \u0441\u0442\u0440\u0430\u0445\u043e\u0432\u043e\u0447\u043d\u044b\u0439 \u0442\u0440\u043e\u0441 \u0438 \u0432\u043e\u0434\u043e\u043d\u0435\u043f\u0440\u043e\u043d\u0438\u0446\u0430\u0435\u043c\u044b\u0439 \u0440\u044e\u043a\u0437\u0430\u043a, \u043d\u0430 \u0432\u0441\u0435 \u043f\u0440\u0435\u0434\u043e\u0441\u0442\u0430\u0432\u043b\u044f\u0435\u0442\u0441\u044f 5-\u043b\u0435\u0442\u043d\u044f\u044f \u0433\u0430\u0440\u0430\u043d\u0442\u0438\u044f. \u0418\u0434\u0435\u0430\u043b\u044c\u043d\u043e \u043f\u043e\u0434\u0445\u043e\u0434\u0438\u0442 \u0434\u043b\u044f \u0432\u0435\u0441\u0435\u043b\u044b\u0445 \u0438 \u0441\u0442\u0430\u0431\u0438\u043b\u044c\u043d\u044b\u0445 \u043f\u0440\u0438\u043a\u043b\u044e\u0447\u0435\u043d\u0438\u0439 \u043d\u0430 \u0432\u043e\u0434\u0435.<\/div>\n<div><\/div>\n<div>\n<ul class=\"autoColumn checkListSmall blackCheck\">\n<li>5 year warranty<\/li>\n<li>Inflation Pressure: 14\u201320 PSI \u2013 For maximum stiffness and performance.<\/li>\n<li>Non-slip EVA foam pattern: 5mm thick soft deckpad for comfortable SUPing, no matter how long your tour is<\/li>\n<li>Lightweight X-dropstitching construction<\/li>\n<li>Stringer on top and bottom for the best stiffness<\/li>\n<li>Bungee storage net<\/li>\n<li>Easy-to-carry neoprene handle with paddle holder<\/li>\n<li>Halkey Roberts Valve<\/li>\n<li>8&#8243; EZ lock fin<\/li>\n<li>Paddle 40% carbon<\/li>\n<li>Nose rocker: 9&#8243;, Tail rocker: 0&#8243;<\/li>\n<li>Dimensions: 11&#8217;6\u201d x 34\u201d x 6\u201d | 350 x 86.36 x 15cm<\/li>\n<li>Dimensions: 11&#8217;6\u201d x 34\u201d x 6\u201d | 350 x 86.36 x 15cm<\/li>\n<li>Recommended rider weight: Up to 160kg | 352 lbs<\/li>\n<li>Package weight: 16 kg | 35lbs<\/li>\n<li>Package contains: Aero Loa SUP Board 11.6, adjustable fiberglass 3-piece paddle, double action pump, 10 ft. coiled leash, waterproof backpack<\/li>\n<li>Volume: 360 l<\/li>\n<\/ul>\n<\/div>\n<\/div>\n","protected":false},"excerpt":{"rendered":"<p>Jobe Aero Loa SUP Board 11.6 Package Jobe Aero Loa SUP Board 11.6 Package Product ID\u00a0486425014 \u0422\u0435\u0445\u043d\u0438\u0447\u0435\u0441\u043a\u0438\u0435 \u0445\u0430\u0440\u0430\u043a\u0442\u0435\u0440\u0438\u0441\u0442\u0438\u043a\u0438 \u041a\u043e\u043c\u043f\u043b\u0435\u043a\u0442\u0430\u0446\u0438\u044f \u0434\u043e\u0441\u043a\u0438 Jobe Aero Loa SUP 11.6. \u041e\u0449\u0443\u0442\u0438\u0442\u0435 \u043d\u0435\u043f\u0440\u0435\u0432\u0437\u043e\u0439\u0434\u0435\u043d\u043d\u0443\u044e \u0443\u0441\u0442\u043e\u0439\u0447\u0438\u0432\u043e\u0441\u0442\u044c \u0441 \u0434\u043e\u0441\u043a\u043e\u0439 Jobe Aero Loa SUP 11.6. \u042d\u0442\u0430 \u0448\u0438\u0440\u043e\u043a\u0430\u044f, \u0443\u0441\u0442\u043e\u0439\u0447\u0438\u0432\u0430\u044f \u0434\u043e\u0441\u043a\u0430 \u0438\u0434\u0435\u0430\u043b\u044c\u043d\u043e \u043f\u043e\u0434\u0445\u043e\u0434\u0438\u0442 \u0434\u043b\u044f \u043a\u0430\u0442\u0430\u043d\u0438\u044f \u0441 \u0434\u0440\u0443\u0433\u043e\u043c \u0438\u043b\u0438 \u0441 \u0441\u043e\u0431\u0430\u043a\u043e\u0439. \u0420\u0430\u0437\u0440\u0430\u0431\u043e\u0442\u0430\u043d\u043d\u0430\u044f \u0441 \u0438\u0441\u043f\u043e\u043b\u044c\u0437\u043e\u0432\u0430\u043d\u0438\u0435\u043c \u0442\u0435\u0445\u043d\u043e\u043b\u043e\u0433\u0438\u0438 \u0442\u0435\u0440\u043c\u043e\u0441\u043a\u043b\u0435\u0438\u0432\u0430\u043d\u0438\u044f \u0434\u043b\u044f \u0434\u043e\u043b\u0433\u043e\u0432\u0435\u0447\u043d\u043e\u0441\u0442\u0438, [&#8230;]<\/p>\n<p><a class=\"btn btn-secondary understrap-read-more-link\" href=\"https:\/\/www.waterskis.lv\/ru\/product\/jobe-aero-loa-sup-board-11-6-package\/\">\u0427\u0438\u0442\u0430\u0442\u044c \u0434\u0430\u043b\u044c\u0448\u0435\u2026<\/a><\/p>\n","protected":false},"featured_media":69291,"comment_status":"closed","ping_status":"closed","template":"","meta":{"_acf_changed":false,"inline_featured_image":false},"product_brand":[1330],"product_cat":[499,773,1108],"product_tag":[3177,1337,1348,1338,1356,3178,3179,1309,1310,3180,1822,3181,3134],"class_list":{"0":"post-69065","1":"product","2":"type-product","3":"status-publish","4":"has-post-thumbnail","6":"product_brand-jobe-watersports","7":"product_cat-sup-","8":"product_cat--sup-","9":"product_cat--sup--jobe","10":"product_tag-aufblasbares-sup","11":"product_tag-jobe","12":"product_tag-jobe-sup-deli","13":"product_tag-paddle-boards","14":"product_tag-piepusams-sup-delis","15":"product_tag-stand-up-paddleboard","16":"product_tag-stand-up-paddling","17":"product_tag-sup","18":"product_tag-sup-deli","19":"product_tag-sup-surfer","20":"product_tag-sup-","21":"product_tag-supkayak","22":"product_tag-3134","24":"first","25":"instock","26":"shipping-taxable","27":"purchasable","28":"product-type-simple"},"acf":[],"yoast_head":"<!-- This site is optimized with the Yoast SEO plugin v27.3 - https:\/\/yoast.com\/product\/yoast-seo-wordpress\/ -->\n<title>Jobe Aero Loa SUP Board 11.6 Package - WATERSKIS.LV<\/title>\n<meta name=\"description\" content=\"Jobe Aero Loa SUP Board 11.6 Package. \u042d\u0442\u0430 \u0448\u0438\u0440\u043e\u043a\u0430\u044f, \u0443\u0441\u0442\u043e\u0439\u0447\u0438\u0432\u0430\u044f \u0434\u043e\u0441\u043a\u0430 \u0438\u0434\u0435\u0430\u043b\u044c\u043d\u043e \u043f\u043e\u0434\u0445\u043e\u0434\u0438\u0442 \u0434\u043b\u044f \u043a\u0430\u0442\u0430\u043d\u0438\u044f \u0441 \u0434\u0440\u0443\u0433\u043e\u043c \u0438\u043b\u0438 \u0441 \u0441\u043e\u0431\u0430\u043a\u043e\u0439.\" \/>\n<meta name=\"robots\" content=\"index, follow, max-snippet:-1, max-image-preview:large, max-video-preview:-1\" \/>\n<link rel=\"canonical\" href=\"https:\/\/www.waterskis.lv\/ru\/product\/jobe-aero-loa-sup-board-11-6-package\/\" \/>\n<meta property=\"og:locale\" content=\"ru_RU\" \/>\n<meta property=\"og:type\" content=\"article\" \/>\n<meta property=\"og:title\" content=\"Jobe Aero Loa SUP Board 11.6 Package - WATERSKIS.LV\" \/>\n<meta property=\"og:description\" content=\"Jobe Aero Loa SUP Board 11.6 Package. \u042d\u0442\u0430 \u0448\u0438\u0440\u043e\u043a\u0430\u044f, \u0443\u0441\u0442\u043e\u0439\u0447\u0438\u0432\u0430\u044f \u0434\u043e\u0441\u043a\u0430 \u0438\u0434\u0435\u0430\u043b\u044c\u043d\u043e \u043f\u043e\u0434\u0445\u043e\u0434\u0438\u0442 \u0434\u043b\u044f \u043a\u0430\u0442\u0430\u043d\u0438\u044f \u0441 \u0434\u0440\u0443\u0433\u043e\u043c \u0438\u043b\u0438 \u0441 \u0441\u043e\u0431\u0430\u043a\u043e\u0439.\" \/>\n<meta property=\"og:url\" content=\"https:\/\/www.waterskis.lv\/ru\/product\/jobe-aero-loa-sup-board-11-6-package\/\" \/>\n<meta property=\"og:site_name\" content=\"WATERSKIS.LV\" \/>\n<meta property=\"article:publisher\" content=\"https:\/\/www.facebook.com\/jurmalawaterskiwakeboardpark\/\" \/>\n<meta property=\"article:modified_time\" content=\"2026-01-05T16:17:01+00:00\" \/>\n<meta property=\"og:image\" content=\"https:\/\/www.waterskis.lv\/wp-content\/uploads\/2026\/01\/Loa.jpg\" \/>\n\t<meta property=\"og:image:width\" content=\"1500\" \/>\n\t<meta property=\"og:image:height\" content=\"1500\" \/>\n\t<meta property=\"og:image:type\" content=\"image\/jpeg\" \/>\n<meta name=\"twitter:card\" content=\"summary_large_image\" \/>\n<meta name=\"twitter:label1\" content=\"\u041f\u0440\u0438\u043c\u0435\u0440\u043d\u043e\u0435 \u0432\u0440\u0435\u043c\u044f \u0434\u043b\u044f \u0447\u0442\u0435\u043d\u0438\u044f\" \/>\n\t<meta name=\"twitter:data1\" content=\"2 \u043c\u0438\u043d\u0443\u0442\u044b\" \/>\n<script type=\"application\/ld+json\" class=\"yoast-schema-graph\">{\"@context\":\"https:\\\/\\\/schema.org\",\"@graph\":[{\"@type\":\"WebPage\",\"@id\":\"https:\\\/\\\/www.waterskis.lv\\\/ru\\\/product\\\/jobe-aero-loa-sup-board-11-6-package\\\/\",\"url\":\"https:\\\/\\\/www.waterskis.lv\\\/ru\\\/product\\\/jobe-aero-loa-sup-board-11-6-package\\\/\",\"name\":\"Jobe Aero Loa SUP Board 11.6 Package - WATERSKIS.LV\",\"isPartOf\":{\"@id\":\"https:\\\/\\\/www.waterskis.lv\\\/ru\\\/#website\"},\"primaryImageOfPage\":{\"@id\":\"https:\\\/\\\/www.waterskis.lv\\\/ru\\\/product\\\/jobe-aero-loa-sup-board-11-6-package\\\/#primaryimage\"},\"image\":{\"@id\":\"https:\\\/\\\/www.waterskis.lv\\\/ru\\\/product\\\/jobe-aero-loa-sup-board-11-6-package\\\/#primaryimage\"},\"thumbnailUrl\":\"https:\\\/\\\/www.waterskis.lv\\\/wp-content\\\/uploads\\\/2026\\\/01\\\/Loa.jpg\",\"datePublished\":\"2026-01-05T16:10:39+00:00\",\"dateModified\":\"2026-01-05T16:17:01+00:00\",\"description\":\"Jobe Aero Loa SUP Board 11.6 Package. \u042d\u0442\u0430 \u0448\u0438\u0440\u043e\u043a\u0430\u044f, \u0443\u0441\u0442\u043e\u0439\u0447\u0438\u0432\u0430\u044f \u0434\u043e\u0441\u043a\u0430 \u0438\u0434\u0435\u0430\u043b\u044c\u043d\u043e \u043f\u043e\u0434\u0445\u043e\u0434\u0438\u0442 \u0434\u043b\u044f \u043a\u0430\u0442\u0430\u043d\u0438\u044f \u0441 \u0434\u0440\u0443\u0433\u043e\u043c \u0438\u043b\u0438 \u0441 \u0441\u043e\u0431\u0430\u043a\u043e\u0439.\",\"breadcrumb\":{\"@id\":\"https:\\\/\\\/www.waterskis.lv\\\/ru\\\/product\\\/jobe-aero-loa-sup-board-11-6-package\\\/#breadcrumb\"},\"inLanguage\":\"ru-RU\",\"potentialAction\":[{\"@type\":\"ReadAction\",\"target\":[\"https:\\\/\\\/www.waterskis.lv\\\/ru\\\/product\\\/jobe-aero-loa-sup-board-11-6-package\\\/\"]}]},{\"@type\":\"ImageObject\",\"inLanguage\":\"ru-RU\",\"@id\":\"https:\\\/\\\/www.waterskis.lv\\\/ru\\\/product\\\/jobe-aero-loa-sup-board-11-6-package\\\/#primaryimage\",\"url\":\"https:\\\/\\\/www.waterskis.lv\\\/wp-content\\\/uploads\\\/2026\\\/01\\\/Loa.jpg\",\"contentUrl\":\"https:\\\/\\\/www.waterskis.lv\\\/wp-content\\\/uploads\\\/2026\\\/01\\\/Loa.jpg\",\"width\":1500,\"height\":1500,\"caption\":\"Jobe Aero Loa SUP Board 11.6 Package\"},{\"@type\":\"BreadcrumbList\",\"@id\":\"https:\\\/\\\/www.waterskis.lv\\\/ru\\\/product\\\/jobe-aero-loa-sup-board-11-6-package\\\/#breadcrumb\",\"itemListElement\":[{\"@type\":\"ListItem\",\"position\":1,\"name\":\"Home\",\"item\":\"https:\\\/\\\/www.waterskis.lv\\\/ru\\\/\"},{\"@type\":\"ListItem\",\"position\":2,\"name\":\"\u041c\u0430\u0433\u0430\u0437\u0438\u043d\",\"item\":\"https:\\\/\\\/www.waterskis.lv\\\/ru\\\/%d0%bc%d0%b0%d0%b3%d0%b0%d0%b7%d0%b8%d0%bd\\\/\"},{\"@type\":\"ListItem\",\"position\":3,\"name\":\"Jobe Aero Loa SUP Board 11.6 Package\"}]},{\"@type\":\"WebSite\",\"@id\":\"https:\\\/\\\/www.waterskis.lv\\\/ru\\\/#website\",\"url\":\"https:\\\/\\\/www.waterskis.lv\\\/ru\\\/\",\"name\":\"WATERSKIS.LV\",\"description\":\"SUP d\u0113\u013ci, kajaki, kanoe, airu laivas, \u016bdenssl\u0113po\u0161ana, veikbords, SUP d\u0113\u013cu noma, kajaku nomaakt\u012bv\u0101s atp\u016btas centrs, laivu noma, sup noma, kajaku noma\",\"publisher\":{\"@id\":\"https:\\\/\\\/www.waterskis.lv\\\/ru\\\/#organization\"},\"potentialAction\":[{\"@type\":\"SearchAction\",\"target\":{\"@type\":\"EntryPoint\",\"urlTemplate\":\"https:\\\/\\\/www.waterskis.lv\\\/ru\\\/?s={search_term_string}\"},\"query-input\":{\"@type\":\"PropertyValueSpecification\",\"valueRequired\":true,\"valueName\":\"search_term_string\"}}],\"inLanguage\":\"ru-RU\"},{\"@type\":\"Organization\",\"@id\":\"https:\\\/\\\/www.waterskis.lv\\\/ru\\\/#organization\",\"name\":\"WATERSKIS.LV\",\"url\":\"https:\\\/\\\/www.waterskis.lv\\\/ru\\\/\",\"logo\":{\"@type\":\"ImageObject\",\"inLanguage\":\"ru-RU\",\"@id\":\"https:\\\/\\\/www.waterskis.lv\\\/ru\\\/#\\\/schema\\\/logo\\\/image\\\/\",\"url\":\"https:\\\/\\\/www.waterskis.lv\\\/wp-content\\\/uploads\\\/2025\\\/01\\\/JUVP-logo.png\",\"contentUrl\":\"https:\\\/\\\/www.waterskis.lv\\\/wp-content\\\/uploads\\\/2025\\\/01\\\/JUVP-logo.png\",\"width\":421,\"height\":202,\"caption\":\"WATERSKIS.LV\"},\"image\":{\"@id\":\"https:\\\/\\\/www.waterskis.lv\\\/ru\\\/#\\\/schema\\\/logo\\\/image\\\/\"},\"sameAs\":[\"https:\\\/\\\/www.facebook.com\\\/jurmalawaterskiwakeboardpark\\\/\"]}]}<\/script>\n<!-- \/ Yoast SEO plugin. -->","yoast_head_json":{"title":"Jobe Aero Loa SUP Board 11.6 Package - WATERSKIS.LV","description":"Jobe Aero Loa SUP Board 11.6 Package. \u042d\u0442\u0430 \u0448\u0438\u0440\u043e\u043a\u0430\u044f, \u0443\u0441\u0442\u043e\u0439\u0447\u0438\u0432\u0430\u044f \u0434\u043e\u0441\u043a\u0430 \u0438\u0434\u0435\u0430\u043b\u044c\u043d\u043e \u043f\u043e\u0434\u0445\u043e\u0434\u0438\u0442 \u0434\u043b\u044f \u043a\u0430\u0442\u0430\u043d\u0438\u044f \u0441 \u0434\u0440\u0443\u0433\u043e\u043c \u0438\u043b\u0438 \u0441 \u0441\u043e\u0431\u0430\u043a\u043e\u0439.","robots":{"index":"index","follow":"follow","max-snippet":"max-snippet:-1","max-image-preview":"max-image-preview:large","max-video-preview":"max-video-preview:-1"},"canonical":"https:\/\/www.waterskis.lv\/ru\/product\/jobe-aero-loa-sup-board-11-6-package\/","og_locale":"ru_RU","og_type":"article","og_title":"Jobe Aero Loa SUP Board 11.6 Package - WATERSKIS.LV","og_description":"Jobe Aero Loa SUP Board 11.6 Package. \u042d\u0442\u0430 \u0448\u0438\u0440\u043e\u043a\u0430\u044f, \u0443\u0441\u0442\u043e\u0439\u0447\u0438\u0432\u0430\u044f \u0434\u043e\u0441\u043a\u0430 \u0438\u0434\u0435\u0430\u043b\u044c\u043d\u043e \u043f\u043e\u0434\u0445\u043e\u0434\u0438\u0442 \u0434\u043b\u044f \u043a\u0430\u0442\u0430\u043d\u0438\u044f \u0441 \u0434\u0440\u0443\u0433\u043e\u043c \u0438\u043b\u0438 \u0441 \u0441\u043e\u0431\u0430\u043a\u043e\u0439.","og_url":"https:\/\/www.waterskis.lv\/ru\/product\/jobe-aero-loa-sup-board-11-6-package\/","og_site_name":"WATERSKIS.LV","article_publisher":"https:\/\/www.facebook.com\/jurmalawaterskiwakeboardpark\/","article_modified_time":"2026-01-05T16:17:01+00:00","og_image":[{"width":1500,"height":1500,"url":"https:\/\/www.waterskis.lv\/wp-content\/uploads\/2026\/01\/Loa.jpg","type":"image\/jpeg"}],"twitter_card":"summary_large_image","twitter_misc":{"\u041f\u0440\u0438\u043c\u0435\u0440\u043d\u043e\u0435 \u0432\u0440\u0435\u043c\u044f \u0434\u043b\u044f \u0447\u0442\u0435\u043d\u0438\u044f":"2 \u043c\u0438\u043d\u0443\u0442\u044b"},"schema":{"@context":"https:\/\/schema.org","@graph":[{"@type":"WebPage","@id":"https:\/\/www.waterskis.lv\/ru\/product\/jobe-aero-loa-sup-board-11-6-package\/","url":"https:\/\/www.waterskis.lv\/ru\/product\/jobe-aero-loa-sup-board-11-6-package\/","name":"Jobe Aero Loa SUP Board 11.6 Package - WATERSKIS.LV","isPartOf":{"@id":"https:\/\/www.waterskis.lv\/ru\/#website"},"primaryImageOfPage":{"@id":"https:\/\/www.waterskis.lv\/ru\/product\/jobe-aero-loa-sup-board-11-6-package\/#primaryimage"},"image":{"@id":"https:\/\/www.waterskis.lv\/ru\/product\/jobe-aero-loa-sup-board-11-6-package\/#primaryimage"},"thumbnailUrl":"https:\/\/www.waterskis.lv\/wp-content\/uploads\/2026\/01\/Loa.jpg","datePublished":"2026-01-05T16:10:39+00:00","dateModified":"2026-01-05T16:17:01+00:00","description":"Jobe Aero Loa SUP Board 11.6 Package. \u042d\u0442\u0430 \u0448\u0438\u0440\u043e\u043a\u0430\u044f, \u0443\u0441\u0442\u043e\u0439\u0447\u0438\u0432\u0430\u044f \u0434\u043e\u0441\u043a\u0430 \u0438\u0434\u0435\u0430\u043b\u044c\u043d\u043e \u043f\u043e\u0434\u0445\u043e\u0434\u0438\u0442 \u0434\u043b\u044f \u043a\u0430\u0442\u0430\u043d\u0438\u044f \u0441 \u0434\u0440\u0443\u0433\u043e\u043c \u0438\u043b\u0438 \u0441 \u0441\u043e\u0431\u0430\u043a\u043e\u0439.","breadcrumb":{"@id":"https:\/\/www.waterskis.lv\/ru\/product\/jobe-aero-loa-sup-board-11-6-package\/#breadcrumb"},"inLanguage":"ru-RU","potentialAction":[{"@type":"ReadAction","target":["https:\/\/www.waterskis.lv\/ru\/product\/jobe-aero-loa-sup-board-11-6-package\/"]}]},{"@type":"ImageObject","inLanguage":"ru-RU","@id":"https:\/\/www.waterskis.lv\/ru\/product\/jobe-aero-loa-sup-board-11-6-package\/#primaryimage","url":"https:\/\/www.waterskis.lv\/wp-content\/uploads\/2026\/01\/Loa.jpg","contentUrl":"https:\/\/www.waterskis.lv\/wp-content\/uploads\/2026\/01\/Loa.jpg","width":1500,"height":1500,"caption":"Jobe Aero Loa SUP Board 11.6 Package"},{"@type":"BreadcrumbList","@id":"https:\/\/www.waterskis.lv\/ru\/product\/jobe-aero-loa-sup-board-11-6-package\/#breadcrumb","itemListElement":[{"@type":"ListItem","position":1,"name":"Home","item":"https:\/\/www.waterskis.lv\/ru\/"},{"@type":"ListItem","position":2,"name":"\u041c\u0430\u0433\u0430\u0437\u0438\u043d","item":"https:\/\/www.waterskis.lv\/ru\/%d0%bc%d0%b0%d0%b3%d0%b0%d0%b7%d0%b8%d0%bd\/"},{"@type":"ListItem","position":3,"name":"Jobe Aero Loa SUP Board 11.6 Package"}]},{"@type":"WebSite","@id":"https:\/\/www.waterskis.lv\/ru\/#website","url":"https:\/\/www.waterskis.lv\/ru\/","name":"WATERSKIS.LV","description":"SUP d\u0113\u013ci, kajaki, kanoe, airu laivas, \u016bdenssl\u0113po\u0161ana, veikbords, SUP d\u0113\u013cu noma, kajaku nomaakt\u012bv\u0101s atp\u016btas centrs, laivu noma, sup noma, kajaku noma","publisher":{"@id":"https:\/\/www.waterskis.lv\/ru\/#organization"},"potentialAction":[{"@type":"SearchAction","target":{"@type":"EntryPoint","urlTemplate":"https:\/\/www.waterskis.lv\/ru\/?s={search_term_string}"},"query-input":{"@type":"PropertyValueSpecification","valueRequired":true,"valueName":"search_term_string"}}],"inLanguage":"ru-RU"},{"@type":"Organization","@id":"https:\/\/www.waterskis.lv\/ru\/#organization","name":"WATERSKIS.LV","url":"https:\/\/www.waterskis.lv\/ru\/","logo":{"@type":"ImageObject","inLanguage":"ru-RU","@id":"https:\/\/www.waterskis.lv\/ru\/#\/schema\/logo\/image\/","url":"https:\/\/www.waterskis.lv\/wp-content\/uploads\/2025\/01\/JUVP-logo.png","contentUrl":"https:\/\/www.waterskis.lv\/wp-content\/uploads\/2025\/01\/JUVP-logo.png","width":421,"height":202,"caption":"WATERSKIS.LV"},"image":{"@id":"https:\/\/www.waterskis.lv\/ru\/#\/schema\/logo\/image\/"},"sameAs":["https:\/\/www.facebook.com\/jurmalawaterskiwakeboardpark\/"]}]}},"_links":{"self":[{"href":"https:\/\/www.waterskis.lv\/ru\/wp-json\/wp\/v2\/product\/69065","targetHints":{"allow":["GET"]}}],"collection":[{"href":"https:\/\/www.waterskis.lv\/ru\/wp-json\/wp\/v2\/product"}],"about":[{"href":"https:\/\/www.waterskis.lv\/ru\/wp-json\/wp\/v2\/types\/product"}],"replies":[{"embeddable":true,"href":"https:\/\/www.waterskis.lv\/ru\/wp-json\/wp\/v2\/comments?post=69065"}],"wp:featuredmedia":[{"embeddable":true,"href":"https:\/\/www.waterskis.lv\/ru\/wp-json\/wp\/v2\/media\/69291"}],"wp:attachment":[{"href":"https:\/\/www.waterskis.lv\/ru\/wp-json\/wp\/v2\/media?parent=69065"}],"wp:term":[{"taxonomy":"product_brand","embeddable":true,"href":"https:\/\/www.waterskis.lv\/ru\/wp-json\/wp\/v2\/product_brand?post=69065"},{"taxonomy":"product_cat","embeddable":true,"href":"https:\/\/www.waterskis.lv\/ru\/wp-json\/wp\/v2\/product_cat?post=69065"},{"taxonomy":"product_tag","embeddable":true,"href":"https:\/\/www.waterskis.lv\/ru\/wp-json\/wp\/v2\/product_tag?post=69065"}],"curies":[{"name":"wp","href":"https:\/\/api.w.org\/{rel}","templated":true}]}}