{"id":69336,"date":"2026-01-06T14:46:07","date_gmt":"2026-01-06T12:46:07","guid":{"rendered":"https:\/\/www.waterskis.lv\/product\/aiz-laivas-velkams-puslis-jobe-binar-towable-3p\/"},"modified":"2026-01-30T18:47:06","modified_gmt":"2026-01-30T16:47:06","slug":"jobe-binar-towable-3p","status":"publish","type":"product","link":"https:\/\/www.waterskis.lv\/ru\/product\/jobe-binar-towable-3p\/","title":{"rendered":"Jobe Binar Towable 3P"},"content":{"rendered":"<h1 class=\"productTitle s-hide\">Jobe Binar Towable 3P<\/h1>\n<p class=\"productTitle s-hide\">Jobe Binar Towable 3P<\/p>\n<div class=\"paragraph mt10 col-12\">\n<p><span class=\"s-hide\">Product ID\u00a0230323001<\/span><\/p>\n<\/div>\n<p>\u0423\u043d\u0438\u0432\u0435\u0440\u0441\u0430\u043b\u044c\u043d\u0430\u044f \u0438 \u0432\u043c\u0435\u0449\u0430\u0435\u0442 3 \u0447\u0435\u043b\u043e\u0432\u0435\u043a<br \/>\n\u0411\u0443\u043a\u0441\u0438\u0440\u0443\u0435\u043c\u044b\u0439 \u043d\u0430\u0434\u0443\u0432\u043d\u043e\u0439 \u0442\u044e\u0431\u0438\u043d\u0433 Jobe Binar 3P \u0438\u0434\u0435\u0430\u043b\u044c\u043d\u043e \u043f\u043e\u0434\u0445\u043e\u0434\u0438\u0442 \u0434\u043b\u044f \u0430\u043a\u0442\u0438\u0432\u043d\u043e\u0433\u043e \u043e\u0442\u0434\u044b\u0445\u0430 \u043d\u0430 \u0432\u043e\u0434\u0435. \u042d\u0442\u0430 \u043b\u043e\u0434\u043a\u0430 \u0432\u043c\u0435\u0449\u0430\u0435\u0442 \u0434\u043e \u0442\u0440\u0435\u0445 \u0447\u0435\u043b\u043e\u0432\u0435\u043a, \u043f\u043e\u0437\u0432\u043e\u043b\u044f\u044f \u0432\u0430\u043c \u0438\u0441\u0441\u043b\u0435\u0434\u043e\u0432\u0430\u0442\u044c \u0432\u043e\u0434\u0443 \u0441 \u0434\u0440\u0443\u0437\u044c\u044f\u043c\u0438 \u0438\u043b\u0438 \u0441\u0435\u043c\u044c\u0435\u0439. \u0411\u043b\u0430\u0433\u043e\u0434\u0430\u0440\u044f \u0434\u0432\u0443\u043c \u0442\u043e\u0447\u043a\u0430\u043c \u043a\u0440\u0435\u043f\u043b\u0435\u043d\u0438\u044f, \u0432\u044b \u043c\u043e\u0436\u0435\u0442\u0435 \u0438\u0441\u043f\u043e\u043b\u044c\u0437\u043e\u0432\u0430\u0442\u044c \u043b\u043e\u0434\u043a\u0443 \u0440\u0430\u0437\u043b\u0438\u0447\u043d\u044b\u043c\u0438 \u0441\u043f\u043e\u0441\u043e\u0431\u0430\u043c\u0438, \u043e\u0431\u0435\u0441\u043f\u0435\u0447\u0438\u0432\u0430\u044f \u0434\u0438\u043d\u0430\u043c\u0438\u0447\u043d\u044b\u0439 \u0438 \u0440\u0430\u0437\u043d\u043e\u043e\u0431\u0440\u0430\u0437\u043d\u044b\u0439 \u043e\u0442\u0434\u044b\u0445.<\/p>\n<p>\u041f\u0440\u043e\u0447\u043d\u0430\u044f \u0438 \u0443\u0434\u043e\u0431\u043d\u0430\u044f<br \/>\n\u0418\u0437\u0433\u043e\u0442\u043e\u0432\u043b\u0435\u043d\u043d\u0430\u044f \u0438\u0437 \u041f\u0412\u0425 \u0442\u043e\u043b\u0449\u0438\u043d\u043e\u0439 28 \u043a\u0430\u043b\u0438\u0431\u0440\u043e\u0432 \u0438 \u043e\u0441\u043d\u0430\u0449\u0435\u043d\u043d\u0430\u044f \u043f\u0440\u043e\u0447\u043d\u044b\u043c \u043d\u0435\u0439\u043b\u043e\u043d\u043e\u0432\u044b\u043c \u043f\u043e\u043a\u0440\u044b\u0442\u0438\u0435\u043c 840D, \u0431\u0443\u043a\u0441\u0438\u0440\u0443\u0435\u043c\u0430\u044f \u043b\u043e\u0434\u043a\u0430 Binar \u0447\u0440\u0435\u0437\u0432\u044b\u0447\u0430\u0439\u043d\u043e \u043f\u0440\u043e\u0447\u043d\u0430 \u0438 \u0443\u0441\u0442\u043e\u0439\u0447\u0438\u0432\u0430 \u043a \u0438\u043d\u0442\u0435\u043d\u0441\u0438\u0432\u043d\u043e\u043c\u0443 \u0438\u0441\u043f\u043e\u043b\u044c\u0437\u043e\u0432\u0430\u043d\u0438\u044e. 10 \u0440\u0443\u0447\u0435\u043a \u0441 \u043d\u0435\u043e\u043f\u0440\u0435\u043d\u043e\u0432\u044b\u043c\u0438 \u043d\u0430\u043a\u043b\u0430\u0434\u043a\u0430\u043c\u0438 \u0434\u043b\u044f \u043f\u0430\u043b\u044c\u0446\u0435\u0432 \u0438 \u0434\u0432\u0435 \u0434\u043e\u043f\u043e\u043b\u043d\u0438\u0442\u0435\u043b\u044c\u043d\u044b\u0435 \u043d\u0435\u043e\u043f\u0440\u0435\u043d\u043e\u0432\u044b\u0435 \u0440\u0443\u0447\u043a\u0438 \u043e\u0431\u0435\u0441\u043f\u0435\u0447\u0438\u0432\u0430\u044e\u0442 \u043f\u0440\u0435\u0432\u043e\u0441\u0445\u043e\u0434\u043d\u044b\u0439 \u0437\u0430\u0445\u0432\u0430\u0442 \u0438 \u043a\u043e\u043c\u0444\u043e\u0440\u0442 \u0434\u0430\u0436\u0435 \u0432\u043e \u0432\u0440\u0435\u043c\u044f \u0441\u0430\u043c\u044b\u0445 \u044d\u043a\u0441\u0442\u0440\u0435\u043c\u0430\u043b\u044c\u043d\u044b\u0445 \u043f\u043e\u0435\u0437\u0434\u043e\u043a. \u0414\u0432\u043e\u0439\u043d\u0430\u044f \u043f\u0440\u043e\u0441\u0442\u0440\u043e\u0447\u043a\u0430 \u043d\u0435\u0439\u043b\u043e\u043d\u0430 \u0438 \u043e\u0434\u043d\u043e\u0441\u0442\u043e\u0440\u043e\u043d\u043d\u0438\u0439 \u043a\u043b\u0430\u043f\u0430\u043d Boston \u0434\u0435\u043b\u0430\u044e\u0442 \u043d\u0430\u043a\u0430\u0447\u0438\u0432\u0430\u043d\u0438\u0435 \u0431\u044b\u0441\u0442\u0440\u044b\u043c \u0438 \u043b\u0435\u0433\u043a\u0438\u043c, \u043f\u043e\u0437\u0432\u043e\u043b\u044f\u044f \u0432\u0430\u043c \u0431\u043e\u043b\u044c\u0448\u0435 \u0432\u0440\u0435\u043c\u0435\u043d\u0438 \u043d\u0430\u0441\u043b\u0430\u0436\u0434\u0430\u0442\u044c\u0441\u044f \u0441\u0432\u043e\u0438\u043c \u043f\u0440\u0438\u043a\u043b\u044e\u0447\u0435\u043d\u0438\u0435\u043c.<\/p>\n<p>\u0414\u043e\u043f\u043e\u043b\u043d\u0438\u0442\u0435\u043b\u044c\u043d\u044b\u0439 \u043a\u043e\u043c\u0444\u043e\u0440\u0442 \u0434\u043b\u044f \u0434\u043b\u0438\u0442\u0435\u043b\u044c\u043d\u044b\u0445 \u043f\u043e\u0435\u0437\u0434\u043e\u043a<br \/>\n\u041c\u044f\u0433\u043a\u043e\u0435 \u043f\u043e\u043a\u0440\u044b\u0442\u0438\u0435 \u043f\u043e\u0434\u043b\u043e\u043a\u043e\u0442\u043d\u0438\u043a\u043e\u0432 \u0438 \u0441\u043f\u0438\u043d\u043a\u0438 \u043e\u0431\u0435\u0441\u043f\u0435\u0447\u0438\u0432\u0430\u0435\u0442 \u0434\u043e\u043f\u043e\u043b\u043d\u0438\u0442\u0435\u043b\u044c\u043d\u044b\u0439 \u043a\u043e\u043c\u0444\u043e\u0440\u0442 \u0434\u0430\u0436\u0435 \u0432\u043e \u0432\u0440\u0435\u043c\u044f \u0434\u043b\u0438\u0442\u0435\u043b\u044c\u043d\u044b\u0445 \u043f\u043e\u0435\u0437\u0434\u043e\u043a \u0437\u0430 \u043b\u043e\u0434\u043a\u043e\u0439. \u0411\u044b\u0441\u0442\u0440\u043e\u0441\u044a\u0435\u043c\u043d\u044b\u0439 \u0441\u043e\u0435\u0434\u0438\u043d\u0438\u0442\u0435\u043b\u044c \u043f\u043e\u0437\u0432\u043e\u043b\u044f\u0435\u0442 \u0431\u044b\u0441\u0442\u0440\u043e \u0438 \u043b\u0435\u0433\u043a\u043e \u043f\u0440\u0438\u043a\u0440\u0435\u043f\u0438\u0442\u044c \u043d\u0430\u0434\u0443\u0432\u043d\u043e\u0439 \u043a\u0440\u0443\u0433 \u043a \u043b\u043e\u0434\u043a\u0435. \u0411\u043b\u0430\u0433\u043e\u0434\u0430\u0440\u044f \u0432\u044b\u0441\u043e\u0442\u0435 \u043f\u0430\u043b\u0443\u0431\u044b 34 \u0441\u043c, Jobe Binar 3P \u043e\u0431\u0435\u0441\u043f\u0435\u0447\u0438\u0432\u0430\u0435\u0442 \u0431\u0435\u0437\u043e\u043f\u0430\u0441\u043d\u0443\u044e \u0438 \u043a\u043e\u043c\u0444\u043e\u0440\u0442\u043d\u0443\u044e \u043f\u043e\u0435\u0437\u0434\u043a\u0443 \u0434\u043b\u044f \u0432\u0441\u0435\u0445, \u043a\u0442\u043e \u043d\u0430\u0445\u043e\u0434\u0438\u0442\u0441\u044f \u043d\u0430 \u0431\u043e\u0440\u0442\u0443.<\/p>\n<p>\u0421 \u043d\u0430\u0434\u0443\u0432\u043d\u044b\u043c \u043a\u0440\u0443\u0433\u043e\u043c Jobe Binar 3P \u0432\u0430\u043c \u0433\u0430\u0440\u0430\u043d\u0442\u0438\u0440\u043e\u0432\u0430\u043d\u044b \u0443\u043d\u0438\u0432\u0435\u0440\u0441\u0430\u043b\u044c\u043d\u043e\u0441\u0442\u044c, \u0431\u0435\u0437\u043e\u043f\u0430\u0441\u043d\u043e\u0441\u0442\u044c \u0438 \u043a\u043e\u043c\u0444\u043e\u0440\u0442 \u0432\u043e \u0432\u0440\u0435\u043c\u044f \u043a\u0430\u0442\u0430\u043d\u0438\u044f \u0437\u0430 \u043b\u043e\u0434\u043a\u043e\u0439. \u0418\u0434\u0435\u0430\u043b\u044c\u043d\u043e \u043f\u043e\u0434\u0445\u043e\u0434\u0438\u0442 \u0434\u043b\u044f \u0442\u0435\u0445, \u043a\u0442\u043e \u0438\u0449\u0435\u0442 \u043d\u0430\u0434\u0443\u0432\u043d\u043e\u0439 \u043a\u0440\u0443\u0433, \u043a\u043e\u0442\u043e\u0440\u044b\u0439 \u043c\u043e\u0436\u043d\u043e \u0438\u0441\u043f\u043e\u043b\u044c\u0437\u043e\u0432\u0430\u0442\u044c \u0432 \u0440\u0430\u0437\u043d\u044b\u0445 \u043f\u043e\u043b\u043e\u0436\u0435\u043d\u0438\u044f\u0445 \u0438 \u043a\u043e\u0442\u043e\u0440\u044b\u0439 \u043f\u043e\u0434\u0430\u0440\u0438\u0442 \u0447\u0430\u0441\u044b \u0432\u0435\u0441\u0435\u043b\u044c\u044f!<\/p>\n<div class=\"paragraph mt10 col-12\">\n<div class=\"col-12 relative mt10\">\n<div>\n<ul class=\"autoColumn checkListSmall blackCheck\">\n<li>3 year warranty<\/li>\n<li>Can be used in two different ways<\/li>\n<li>10 Handles with neoprene knuckle guards<\/li>\n<li>2 neoprene handles<\/li>\n<li>Air chambers<\/li>\n<li>Double stitched nylon<\/li>\n<li>Max 3 persons<\/li>\n<li>Multi position towable<\/li>\n<li>One way Boston valve<\/li>\n<li>Quick connector for easy towing<\/li>\n<li>Soft top armrest guard<\/li>\n<li>Soft top on the top of the backrest<\/li>\n<li>840 Denier nylon cover<\/li>\n<li>28 gauge PVC<\/li>\n<li>Dimensions when inflated: 85 x 72 x 28&#8243; | 215 x 183 x 70cm<\/li>\n<li>Dimensions when deflated : 98&#8243; x 73&#8243; | 250 x 186cm<\/li>\n<li>Deck height: 13&#8243; | 34cm<\/li>\n<\/ul>\n<\/div>\n<\/div>\n<\/div>\n","protected":false},"excerpt":{"rendered":"<p>Jobe Binar Towable 3P Jobe Binar Towable 3P Product ID\u00a0230323001 \u0423\u043d\u0438\u0432\u0435\u0440\u0441\u0430\u043b\u044c\u043d\u0430\u044f \u0438 \u0432\u043c\u0435\u0449\u0430\u0435\u0442 3 \u0447\u0435\u043b\u043e\u0432\u0435\u043a \u0411\u0443\u043a\u0441\u0438\u0440\u0443\u0435\u043c\u044b\u0439 \u043d\u0430\u0434\u0443\u0432\u043d\u043e\u0439 \u0442\u044e\u0431\u0438\u043d\u0433 Jobe Binar 3P \u0438\u0434\u0435\u0430\u043b\u044c\u043d\u043e \u043f\u043e\u0434\u0445\u043e\u0434\u0438\u0442 \u0434\u043b\u044f \u0430\u043a\u0442\u0438\u0432\u043d\u043e\u0433\u043e \u043e\u0442\u0434\u044b\u0445\u0430 \u043d\u0430 \u0432\u043e\u0434\u0435. \u042d\u0442\u0430 \u043b\u043e\u0434\u043a\u0430 \u0432\u043c\u0435\u0449\u0430\u0435\u0442 \u0434\u043e \u0442\u0440\u0435\u0445 \u0447\u0435\u043b\u043e\u0432\u0435\u043a, \u043f\u043e\u0437\u0432\u043e\u043b\u044f\u044f \u0432\u0430\u043c \u0438\u0441\u0441\u043b\u0435\u0434\u043e\u0432\u0430\u0442\u044c \u0432\u043e\u0434\u0443 \u0441 \u0434\u0440\u0443\u0437\u044c\u044f\u043c\u0438 \u0438\u043b\u0438 \u0441\u0435\u043c\u044c\u0435\u0439. \u0411\u043b\u0430\u0433\u043e\u0434\u0430\u0440\u044f \u0434\u0432\u0443\u043c \u0442\u043e\u0447\u043a\u0430\u043c \u043a\u0440\u0435\u043f\u043b\u0435\u043d\u0438\u044f, \u0432\u044b \u043c\u043e\u0436\u0435\u0442\u0435 \u0438\u0441\u043f\u043e\u043b\u044c\u0437\u043e\u0432\u0430\u0442\u044c \u043b\u043e\u0434\u043a\u0443 \u0440\u0430\u0437\u043b\u0438\u0447\u043d\u044b\u043c\u0438 \u0441\u043f\u043e\u0441\u043e\u0431\u0430\u043c\u0438, \u043e\u0431\u0435\u0441\u043f\u0435\u0447\u0438\u0432\u0430\u044f \u0434\u0438\u043d\u0430\u043c\u0438\u0447\u043d\u044b\u0439 \u0438 [&#8230;]<\/p>\n<p><a class=\"btn btn-secondary understrap-read-more-link\" href=\"https:\/\/www.waterskis.lv\/ru\/product\/jobe-binar-towable-3p\/\">\u0427\u0438\u0442\u0430\u0442\u044c \u0434\u0430\u043b\u044c\u0448\u0435\u2026<\/a><\/p>\n","protected":false},"featured_media":69337,"comment_status":"closed","ping_status":"closed","template":"","meta":{"_acf_changed":false,"inline_featured_image":false},"product_brand":[1330],"product_cat":[1023,375],"product_tag":[3076,1417,1428,3077],"class_list":{"0":"post-69336","1":"product","2":"type-product","3":"status-publish","4":"has-post-thumbnail","6":"product_brand-jobe-watersports","7":"product_cat-3---","8":"product_cat-375","9":"product_tag-inflatable-towable-tube","10":"product_tag-piepusams-puslis","11":"product_tag-velkams-puslis","12":"product_tag-3077","14":"first","15":"instock","16":"shipping-taxable","17":"purchasable","18":"product-type-simple"},"acf":[],"yoast_head":"<!-- This site is optimized with the Yoast SEO plugin v27.3 - https:\/\/yoast.com\/product\/yoast-seo-wordpress\/ -->\n<title>Jobe Binar Towable 3P - WATERSKIS.LV<\/title>\n<meta name=\"description\" content=\"\u0411\u0443\u043a\u0441\u0438\u0440\u0443\u0435\u043c\u044b\u0439 \u043d\u0430\u0434\u0443\u0432\u043d\u043e\u0439 \u0442\u044e\u0431\u0438\u043d\u0433 Jobe Binar Towable 3P \u0438\u0434\u0435\u0430\u043b\u044c\u043d\u043e \u043f\u043e\u0434\u0445\u043e\u0434\u0438\u0442 \u0434\u043b\u044f \u0430\u043a\u0442\u0438\u0432\u043d\u043e\u0433\u043e \u043e\u0442\u0434\u044b\u0445\u0430 \u043d\u0430 \u0432\u043e\u0434\u0435. \u041d\u0430\u0434\u0443\u0432\u043d\u044b\u0435 \u0431\u0443\u043a\u0441\u0438\u0440\u0443\u0435\u043c\u044b\u0435 \u0431\u0430\u043b\u043b\u043e\u043d\u044b.\" \/>\n<meta name=\"robots\" content=\"index, follow, max-snippet:-1, max-image-preview:large, max-video-preview:-1\" \/>\n<link rel=\"canonical\" href=\"https:\/\/www.waterskis.lv\/ru\/product\/jobe-binar-towable-3p\/\" \/>\n<meta property=\"og:locale\" content=\"ru_RU\" \/>\n<meta property=\"og:type\" content=\"article\" \/>\n<meta property=\"og:title\" content=\"Jobe Binar Towable 3P - WATERSKIS.LV\" \/>\n<meta property=\"og:description\" content=\"\u0411\u0443\u043a\u0441\u0438\u0440\u0443\u0435\u043c\u044b\u0439 \u043d\u0430\u0434\u0443\u0432\u043d\u043e\u0439 \u0442\u044e\u0431\u0438\u043d\u0433 Jobe Binar Towable 3P \u0438\u0434\u0435\u0430\u043b\u044c\u043d\u043e \u043f\u043e\u0434\u0445\u043e\u0434\u0438\u0442 \u0434\u043b\u044f \u0430\u043a\u0442\u0438\u0432\u043d\u043e\u0433\u043e \u043e\u0442\u0434\u044b\u0445\u0430 \u043d\u0430 \u0432\u043e\u0434\u0435. \u041d\u0430\u0434\u0443\u0432\u043d\u044b\u0435 \u0431\u0443\u043a\u0441\u0438\u0440\u0443\u0435\u043c\u044b\u0435 \u0431\u0430\u043b\u043b\u043e\u043d\u044b.\" \/>\n<meta property=\"og:url\" content=\"https:\/\/www.waterskis.lv\/ru\/product\/jobe-binar-towable-3p\/\" \/>\n<meta property=\"og:site_name\" content=\"WATERSKIS.LV\" \/>\n<meta property=\"article:publisher\" content=\"https:\/\/www.facebook.com\/jurmalawaterskiwakeboardpark\/\" \/>\n<meta property=\"article:modified_time\" content=\"2026-01-30T16:47:06+00:00\" \/>\n<meta property=\"og:image\" content=\"https:\/\/www.waterskis.lv\/wp-content\/uploads\/2026\/01\/Binar3.jpg\" \/>\n\t<meta property=\"og:image:width\" content=\"1500\" \/>\n\t<meta property=\"og:image:height\" content=\"1500\" \/>\n\t<meta property=\"og:image:type\" content=\"image\/jpeg\" \/>\n<meta name=\"twitter:card\" content=\"summary_large_image\" \/>\n<meta name=\"twitter:label1\" content=\"\u041f\u0440\u0438\u043c\u0435\u0440\u043d\u043e\u0435 \u0432\u0440\u0435\u043c\u044f \u0434\u043b\u044f \u0447\u0442\u0435\u043d\u0438\u044f\" \/>\n\t<meta name=\"twitter:data1\" content=\"2 \u043c\u0438\u043d\u0443\u0442\u044b\" \/>\n<script type=\"application\/ld+json\" class=\"yoast-schema-graph\">{\"@context\":\"https:\\\/\\\/schema.org\",\"@graph\":[{\"@type\":\"WebPage\",\"@id\":\"https:\\\/\\\/www.waterskis.lv\\\/ru\\\/product\\\/jobe-binar-towable-3p\\\/\",\"url\":\"https:\\\/\\\/www.waterskis.lv\\\/ru\\\/product\\\/jobe-binar-towable-3p\\\/\",\"name\":\"Jobe Binar Towable 3P - WATERSKIS.LV\",\"isPartOf\":{\"@id\":\"https:\\\/\\\/www.waterskis.lv\\\/ru\\\/#website\"},\"primaryImageOfPage\":{\"@id\":\"https:\\\/\\\/www.waterskis.lv\\\/ru\\\/product\\\/jobe-binar-towable-3p\\\/#primaryimage\"},\"image\":{\"@id\":\"https:\\\/\\\/www.waterskis.lv\\\/ru\\\/product\\\/jobe-binar-towable-3p\\\/#primaryimage\"},\"thumbnailUrl\":\"https:\\\/\\\/www.waterskis.lv\\\/wp-content\\\/uploads\\\/2026\\\/01\\\/Binar3.jpg\",\"datePublished\":\"2026-01-06T12:46:07+00:00\",\"dateModified\":\"2026-01-30T16:47:06+00:00\",\"description\":\"\u0411\u0443\u043a\u0441\u0438\u0440\u0443\u0435\u043c\u044b\u0439 \u043d\u0430\u0434\u0443\u0432\u043d\u043e\u0439 \u0442\u044e\u0431\u0438\u043d\u0433 Jobe Binar Towable 3P \u0438\u0434\u0435\u0430\u043b\u044c\u043d\u043e \u043f\u043e\u0434\u0445\u043e\u0434\u0438\u0442 \u0434\u043b\u044f \u0430\u043a\u0442\u0438\u0432\u043d\u043e\u0433\u043e \u043e\u0442\u0434\u044b\u0445\u0430 \u043d\u0430 \u0432\u043e\u0434\u0435. \u041d\u0430\u0434\u0443\u0432\u043d\u044b\u0435 \u0431\u0443\u043a\u0441\u0438\u0440\u0443\u0435\u043c\u044b\u0435 \u0431\u0430\u043b\u043b\u043e\u043d\u044b.\",\"breadcrumb\":{\"@id\":\"https:\\\/\\\/www.waterskis.lv\\\/ru\\\/product\\\/jobe-binar-towable-3p\\\/#breadcrumb\"},\"inLanguage\":\"ru-RU\",\"potentialAction\":[{\"@type\":\"ReadAction\",\"target\":[\"https:\\\/\\\/www.waterskis.lv\\\/ru\\\/product\\\/jobe-binar-towable-3p\\\/\"]}]},{\"@type\":\"ImageObject\",\"inLanguage\":\"ru-RU\",\"@id\":\"https:\\\/\\\/www.waterskis.lv\\\/ru\\\/product\\\/jobe-binar-towable-3p\\\/#primaryimage\",\"url\":\"https:\\\/\\\/www.waterskis.lv\\\/wp-content\\\/uploads\\\/2026\\\/01\\\/Binar3.jpg\",\"contentUrl\":\"https:\\\/\\\/www.waterskis.lv\\\/wp-content\\\/uploads\\\/2026\\\/01\\\/Binar3.jpg\",\"width\":1500,\"height\":1500,\"caption\":\"Aiz laivas velkams p\u016bslis Jobe Binar Towable 3P\"},{\"@type\":\"BreadcrumbList\",\"@id\":\"https:\\\/\\\/www.waterskis.lv\\\/ru\\\/product\\\/jobe-binar-towable-3p\\\/#breadcrumb\",\"itemListElement\":[{\"@type\":\"ListItem\",\"position\":1,\"name\":\"Home\",\"item\":\"https:\\\/\\\/www.waterskis.lv\\\/ru\\\/\"},{\"@type\":\"ListItem\",\"position\":2,\"name\":\"\u041c\u0430\u0433\u0430\u0437\u0438\u043d\",\"item\":\"https:\\\/\\\/www.waterskis.lv\\\/ru\\\/%d0%bc%d0%b0%d0%b3%d0%b0%d0%b7%d0%b8%d0%bd\\\/\"},{\"@type\":\"ListItem\",\"position\":3,\"name\":\"Jobe Binar Towable 3P\"}]},{\"@type\":\"WebSite\",\"@id\":\"https:\\\/\\\/www.waterskis.lv\\\/ru\\\/#website\",\"url\":\"https:\\\/\\\/www.waterskis.lv\\\/ru\\\/\",\"name\":\"WATERSKIS.LV\",\"description\":\"SUP d\u0113\u013ci, kajaki, kanoe, airu laivas, \u016bdenssl\u0113po\u0161ana, veikbords, SUP d\u0113\u013cu noma, kajaku nomaakt\u012bv\u0101s atp\u016btas centrs, laivu noma, sup noma, kajaku noma\",\"publisher\":{\"@id\":\"https:\\\/\\\/www.waterskis.lv\\\/ru\\\/#organization\"},\"potentialAction\":[{\"@type\":\"SearchAction\",\"target\":{\"@type\":\"EntryPoint\",\"urlTemplate\":\"https:\\\/\\\/www.waterskis.lv\\\/ru\\\/?s={search_term_string}\"},\"query-input\":{\"@type\":\"PropertyValueSpecification\",\"valueRequired\":true,\"valueName\":\"search_term_string\"}}],\"inLanguage\":\"ru-RU\"},{\"@type\":\"Organization\",\"@id\":\"https:\\\/\\\/www.waterskis.lv\\\/ru\\\/#organization\",\"name\":\"WATERSKIS.LV\",\"url\":\"https:\\\/\\\/www.waterskis.lv\\\/ru\\\/\",\"logo\":{\"@type\":\"ImageObject\",\"inLanguage\":\"ru-RU\",\"@id\":\"https:\\\/\\\/www.waterskis.lv\\\/ru\\\/#\\\/schema\\\/logo\\\/image\\\/\",\"url\":\"https:\\\/\\\/www.waterskis.lv\\\/wp-content\\\/uploads\\\/2025\\\/01\\\/JUVP-logo.png\",\"contentUrl\":\"https:\\\/\\\/www.waterskis.lv\\\/wp-content\\\/uploads\\\/2025\\\/01\\\/JUVP-logo.png\",\"width\":421,\"height\":202,\"caption\":\"WATERSKIS.LV\"},\"image\":{\"@id\":\"https:\\\/\\\/www.waterskis.lv\\\/ru\\\/#\\\/schema\\\/logo\\\/image\\\/\"},\"sameAs\":[\"https:\\\/\\\/www.facebook.com\\\/jurmalawaterskiwakeboardpark\\\/\"]}]}<\/script>\n<!-- \/ Yoast SEO plugin. -->","yoast_head_json":{"title":"Jobe Binar Towable 3P - WATERSKIS.LV","description":"\u0411\u0443\u043a\u0441\u0438\u0440\u0443\u0435\u043c\u044b\u0439 \u043d\u0430\u0434\u0443\u0432\u043d\u043e\u0439 \u0442\u044e\u0431\u0438\u043d\u0433 Jobe Binar Towable 3P \u0438\u0434\u0435\u0430\u043b\u044c\u043d\u043e \u043f\u043e\u0434\u0445\u043e\u0434\u0438\u0442 \u0434\u043b\u044f \u0430\u043a\u0442\u0438\u0432\u043d\u043e\u0433\u043e \u043e\u0442\u0434\u044b\u0445\u0430 \u043d\u0430 \u0432\u043e\u0434\u0435. \u041d\u0430\u0434\u0443\u0432\u043d\u044b\u0435 \u0431\u0443\u043a\u0441\u0438\u0440\u0443\u0435\u043c\u044b\u0435 \u0431\u0430\u043b\u043b\u043e\u043d\u044b.","robots":{"index":"index","follow":"follow","max-snippet":"max-snippet:-1","max-image-preview":"max-image-preview:large","max-video-preview":"max-video-preview:-1"},"canonical":"https:\/\/www.waterskis.lv\/ru\/product\/jobe-binar-towable-3p\/","og_locale":"ru_RU","og_type":"article","og_title":"Jobe Binar Towable 3P - WATERSKIS.LV","og_description":"\u0411\u0443\u043a\u0441\u0438\u0440\u0443\u0435\u043c\u044b\u0439 \u043d\u0430\u0434\u0443\u0432\u043d\u043e\u0439 \u0442\u044e\u0431\u0438\u043d\u0433 Jobe Binar Towable 3P \u0438\u0434\u0435\u0430\u043b\u044c\u043d\u043e \u043f\u043e\u0434\u0445\u043e\u0434\u0438\u0442 \u0434\u043b\u044f \u0430\u043a\u0442\u0438\u0432\u043d\u043e\u0433\u043e \u043e\u0442\u0434\u044b\u0445\u0430 \u043d\u0430 \u0432\u043e\u0434\u0435. \u041d\u0430\u0434\u0443\u0432\u043d\u044b\u0435 \u0431\u0443\u043a\u0441\u0438\u0440\u0443\u0435\u043c\u044b\u0435 \u0431\u0430\u043b\u043b\u043e\u043d\u044b.","og_url":"https:\/\/www.waterskis.lv\/ru\/product\/jobe-binar-towable-3p\/","og_site_name":"WATERSKIS.LV","article_publisher":"https:\/\/www.facebook.com\/jurmalawaterskiwakeboardpark\/","article_modified_time":"2026-01-30T16:47:06+00:00","og_image":[{"width":1500,"height":1500,"url":"https:\/\/www.waterskis.lv\/wp-content\/uploads\/2026\/01\/Binar3.jpg","type":"image\/jpeg"}],"twitter_card":"summary_large_image","twitter_misc":{"\u041f\u0440\u0438\u043c\u0435\u0440\u043d\u043e\u0435 \u0432\u0440\u0435\u043c\u044f \u0434\u043b\u044f \u0447\u0442\u0435\u043d\u0438\u044f":"2 \u043c\u0438\u043d\u0443\u0442\u044b"},"schema":{"@context":"https:\/\/schema.org","@graph":[{"@type":"WebPage","@id":"https:\/\/www.waterskis.lv\/ru\/product\/jobe-binar-towable-3p\/","url":"https:\/\/www.waterskis.lv\/ru\/product\/jobe-binar-towable-3p\/","name":"Jobe Binar Towable 3P - WATERSKIS.LV","isPartOf":{"@id":"https:\/\/www.waterskis.lv\/ru\/#website"},"primaryImageOfPage":{"@id":"https:\/\/www.waterskis.lv\/ru\/product\/jobe-binar-towable-3p\/#primaryimage"},"image":{"@id":"https:\/\/www.waterskis.lv\/ru\/product\/jobe-binar-towable-3p\/#primaryimage"},"thumbnailUrl":"https:\/\/www.waterskis.lv\/wp-content\/uploads\/2026\/01\/Binar3.jpg","datePublished":"2026-01-06T12:46:07+00:00","dateModified":"2026-01-30T16:47:06+00:00","description":"\u0411\u0443\u043a\u0441\u0438\u0440\u0443\u0435\u043c\u044b\u0439 \u043d\u0430\u0434\u0443\u0432\u043d\u043e\u0439 \u0442\u044e\u0431\u0438\u043d\u0433 Jobe Binar Towable 3P \u0438\u0434\u0435\u0430\u043b\u044c\u043d\u043e \u043f\u043e\u0434\u0445\u043e\u0434\u0438\u0442 \u0434\u043b\u044f \u0430\u043a\u0442\u0438\u0432\u043d\u043e\u0433\u043e \u043e\u0442\u0434\u044b\u0445\u0430 \u043d\u0430 \u0432\u043e\u0434\u0435. \u041d\u0430\u0434\u0443\u0432\u043d\u044b\u0435 \u0431\u0443\u043a\u0441\u0438\u0440\u0443\u0435\u043c\u044b\u0435 \u0431\u0430\u043b\u043b\u043e\u043d\u044b.","breadcrumb":{"@id":"https:\/\/www.waterskis.lv\/ru\/product\/jobe-binar-towable-3p\/#breadcrumb"},"inLanguage":"ru-RU","potentialAction":[{"@type":"ReadAction","target":["https:\/\/www.waterskis.lv\/ru\/product\/jobe-binar-towable-3p\/"]}]},{"@type":"ImageObject","inLanguage":"ru-RU","@id":"https:\/\/www.waterskis.lv\/ru\/product\/jobe-binar-towable-3p\/#primaryimage","url":"https:\/\/www.waterskis.lv\/wp-content\/uploads\/2026\/01\/Binar3.jpg","contentUrl":"https:\/\/www.waterskis.lv\/wp-content\/uploads\/2026\/01\/Binar3.jpg","width":1500,"height":1500,"caption":"Aiz laivas velkams p\u016bslis Jobe Binar Towable 3P"},{"@type":"BreadcrumbList","@id":"https:\/\/www.waterskis.lv\/ru\/product\/jobe-binar-towable-3p\/#breadcrumb","itemListElement":[{"@type":"ListItem","position":1,"name":"Home","item":"https:\/\/www.waterskis.lv\/ru\/"},{"@type":"ListItem","position":2,"name":"\u041c\u0430\u0433\u0430\u0437\u0438\u043d","item":"https:\/\/www.waterskis.lv\/ru\/%d0%bc%d0%b0%d0%b3%d0%b0%d0%b7%d0%b8%d0%bd\/"},{"@type":"ListItem","position":3,"name":"Jobe Binar Towable 3P"}]},{"@type":"WebSite","@id":"https:\/\/www.waterskis.lv\/ru\/#website","url":"https:\/\/www.waterskis.lv\/ru\/","name":"WATERSKIS.LV","description":"SUP d\u0113\u013ci, kajaki, kanoe, airu laivas, \u016bdenssl\u0113po\u0161ana, veikbords, SUP d\u0113\u013cu noma, kajaku nomaakt\u012bv\u0101s atp\u016btas centrs, laivu noma, sup noma, kajaku noma","publisher":{"@id":"https:\/\/www.waterskis.lv\/ru\/#organization"},"potentialAction":[{"@type":"SearchAction","target":{"@type":"EntryPoint","urlTemplate":"https:\/\/www.waterskis.lv\/ru\/?s={search_term_string}"},"query-input":{"@type":"PropertyValueSpecification","valueRequired":true,"valueName":"search_term_string"}}],"inLanguage":"ru-RU"},{"@type":"Organization","@id":"https:\/\/www.waterskis.lv\/ru\/#organization","name":"WATERSKIS.LV","url":"https:\/\/www.waterskis.lv\/ru\/","logo":{"@type":"ImageObject","inLanguage":"ru-RU","@id":"https:\/\/www.waterskis.lv\/ru\/#\/schema\/logo\/image\/","url":"https:\/\/www.waterskis.lv\/wp-content\/uploads\/2025\/01\/JUVP-logo.png","contentUrl":"https:\/\/www.waterskis.lv\/wp-content\/uploads\/2025\/01\/JUVP-logo.png","width":421,"height":202,"caption":"WATERSKIS.LV"},"image":{"@id":"https:\/\/www.waterskis.lv\/ru\/#\/schema\/logo\/image\/"},"sameAs":["https:\/\/www.facebook.com\/jurmalawaterskiwakeboardpark\/"]}]}},"_links":{"self":[{"href":"https:\/\/www.waterskis.lv\/ru\/wp-json\/wp\/v2\/product\/69336","targetHints":{"allow":["GET"]}}],"collection":[{"href":"https:\/\/www.waterskis.lv\/ru\/wp-json\/wp\/v2\/product"}],"about":[{"href":"https:\/\/www.waterskis.lv\/ru\/wp-json\/wp\/v2\/types\/product"}],"replies":[{"embeddable":true,"href":"https:\/\/www.waterskis.lv\/ru\/wp-json\/wp\/v2\/comments?post=69336"}],"wp:featuredmedia":[{"embeddable":true,"href":"https:\/\/www.waterskis.lv\/ru\/wp-json\/wp\/v2\/media\/69337"}],"wp:attachment":[{"href":"https:\/\/www.waterskis.lv\/ru\/wp-json\/wp\/v2\/media?parent=69336"}],"wp:term":[{"taxonomy":"product_brand","embeddable":true,"href":"https:\/\/www.waterskis.lv\/ru\/wp-json\/wp\/v2\/product_brand?post=69336"},{"taxonomy":"product_cat","embeddable":true,"href":"https:\/\/www.waterskis.lv\/ru\/wp-json\/wp\/v2\/product_cat?post=69336"},{"taxonomy":"product_tag","embeddable":true,"href":"https:\/\/www.waterskis.lv\/ru\/wp-json\/wp\/v2\/product_tag?post=69336"}],"curies":[{"name":"wp","href":"https:\/\/api.w.org\/{rel}","templated":true}]}}