{"id":69515,"date":"2026-01-07T13:37:52","date_gmt":"2026-01-07T11:37:52","guid":{"rendered":"https:\/\/www.waterskis.lv\/product\/jobe-trooper-towable-1p\/"},"modified":"2026-01-30T14:51:16","modified_gmt":"2026-01-30T12:51:16","slug":"jobe-trooper-towable-1p","status":"publish","type":"product","link":"https:\/\/www.waterskis.lv\/ru\/product\/jobe-trooper-towable-1p\/","title":{"rendered":"Jobe Trooper Towable 1p"},"content":{"rendered":"<h1 class=\"productTitle s-hide\">Jobe Trooper Towable 1p<\/h1>\n<p class=\"productTitle s-hide\">Jobe Trooper Towable 1p<\/p>\n<div class=\"paragraph mt10 col-12\"><span class=\"s-hide\">Product ID\u00a0230524001<\/span><\/div>\n<div><\/div>\n<p>\u0411\u0443\u043a\u0441\u0438\u0440\u0443\u0435\u043c\u044b\u0439 \u043a\u0430\u0442\u0435\u0440 Jobe Trooper 1P \u2014 \u044d\u0442\u043e \u0443\u043d\u0438\u0432\u0435\u0440\u0441\u0430\u043b\u044c\u043d\u044b\u0439 \u0431\u0443\u043a\u0441\u0438\u0440\u0443\u0435\u043c\u044b\u0439 \u043a\u0430\u0442\u0435\u0440 \u0434\u043b\u044f \u043b\u044e\u0431\u0438\u0442\u0435\u043b\u0435\u0439 \u0432\u043e\u0434\u043d\u044b\u0445 \u0432\u0438\u0434\u043e\u0432 \u0441\u043f\u043e\u0440\u0442\u0430! \u042d\u0442\u0430 \u0438\u043d\u043d\u043e\u0432\u0430\u0446\u0438\u043e\u043d\u043d\u0430\u044f \u043c\u043e\u0434\u0435\u043b\u044c \u043f\u0440\u0435\u0434\u043b\u0430\u0433\u0430\u0435\u0442 \u0434\u0432\u0430 \u0441\u043f\u043e\u0441\u043e\u0431\u0430 \u0438\u0441\u043f\u043e\u043b\u044c\u0437\u043e\u0432\u0430\u043d\u0438\u044f, \u043f\u043e\u044d\u0442\u043e\u043c\u0443 \u0432\u044b \u0432\u0441\u0435\u0433\u0434\u0430 \u043c\u043e\u0436\u0435\u0442\u0435 \u0432\u044b\u0431\u0440\u0430\u0442\u044c, \u043a\u0430\u043a \u043d\u0430\u0441\u043b\u0430\u0436\u0434\u0430\u0442\u044c\u0441\u044f \u043e\u0442\u0434\u044b\u0445\u043e\u043c \u043d\u0430 \u0432\u043e\u0434\u0435. \u0411\u043b\u0430\u0433\u043e\u0434\u0430\u0440\u044f \u043f\u0440\u043e\u0447\u043d\u043e\u0439 \u043a\u043e\u043d\u0441\u0442\u0440\u0443\u043a\u0446\u0438\u0438 \u0438\u0437 \u041f\u0412\u0425 \u0442\u043e\u043b\u0449\u0438\u043d\u043e\u0439 0,6 \u043c\u043c \/ 26 \u043a\u0430\u043b\u0438\u0431\u0440\u0430 \u0438 \u043d\u0435\u0439\u043b\u043e\u043d\u043e\u0432\u043e\u0433\u043e \u043f\u043e\u043a\u0440\u044b\u0442\u0438\u044f \u043f\u043b\u043e\u0442\u043d\u043e\u0441\u0442\u044c\u044e 840 \u0434\u0435\u043d, Trooper \u043f\u0440\u043e\u0441\u043b\u0443\u0436\u0438\u0442 \u0434\u043e\u043b\u0433\u043e, \u0434\u0430\u0436\u0435 \u043f\u0440\u0438 \u0438\u043d\u0442\u0435\u043d\u0441\u0438\u0432\u043d\u043e\u043c \u0438\u0441\u043f\u043e\u043b\u044c\u0437\u043e\u0432\u0430\u043d\u0438\u0438.<\/p>\n<p>\u042d\u0442\u043e\u0442 \u0431\u0443\u043a\u0441\u0438\u0440\u0443\u0435\u043c\u044b\u0439 \u043a\u0430\u0442\u0435\u0440 \u043f\u043e\u0434\u0445\u043e\u0434\u0438\u0442 \u0434\u043b\u044f 1 \u0432\u0437\u0440\u043e\u0441\u043b\u043e\u0433\u043e \u0438 1 \u043c\u0430\u043b\u0435\u043d\u044c\u043a\u043e\u0433\u043e \u0440\u0435\u0431\u0435\u043d\u043a\u0430, \u0447\u0442\u043e \u0434\u0435\u043b\u0430\u0435\u0442 \u0435\u0433\u043e \u0438\u0434\u0435\u0430\u043b\u044c\u043d\u044b\u043c \u0432\u044b\u0431\u043e\u0440\u043e\u043c \u0434\u043b\u044f \u0441\u0435\u043c\u0435\u0439. \u0427\u0435\u0442\u044b\u0440\u0435 \u0440\u0443\u0447\u043a\u0438 \u0441 \u043d\u0435\u043e\u043f\u0440\u0435\u043d\u043e\u0432\u044b\u043c\u0438 \u043d\u0430\u043a\u043b\u0430\u0434\u043a\u0430\u043c\u0438 \u043d\u0430 \u043f\u0430\u043b\u044c\u0446\u044b \u043e\u0431\u0435\u0441\u043f\u0435\u0447\u0438\u0432\u0430\u044e\u0442 \u0434\u043e\u043f\u043e\u043b\u043d\u0438\u0442\u0435\u043b\u044c\u043d\u044b\u0439 \u043a\u043e\u043c\u0444\u043e\u0440\u0442 \u0438 \u0431\u0435\u0437\u043e\u043f\u0430\u0441\u043d\u043e\u0441\u0442\u044c \u0432\u043e \u0432\u0440\u0435\u043c\u044f \u043a\u0430\u0442\u0430\u043d\u0438\u044f. \u041a\u0440\u043e\u043c\u0435 \u0442\u043e\u0433\u043e, Trooper \u043f\u043e\u0441\u0442\u0430\u0432\u043b\u044f\u0435\u0442\u0441\u044f \u0441 \u043f\u0440\u0430\u043a\u0442\u0438\u0447\u043d\u044b\u043c \u0432\u0435\u0441\u043b\u043e\u043c \u0432 \u0441\u0442\u0438\u043b\u0435 \u043a\u0430\u044f\u043a\u0430, \u0447\u0442\u043e \u043f\u043e\u0437\u0432\u043e\u043b\u044f\u0435\u0442 \u0438\u0441\u043f\u043e\u043b\u044c\u0437\u043e\u0432\u0430\u0442\u044c \u0435\u0433\u043e \u0438 \u043a\u0430\u043a \u043a\u0430\u044f\u043a.<\/p>\n<p>\u0414\u0432\u043e\u0439\u043d\u0430\u044f \u043f\u0440\u043e\u0441\u0442\u0440\u043e\u0447\u043a\u0430 \u043d\u0435\u0439\u043b\u043e\u043d\u0430 \u0432 \u0441\u043e\u0447\u0435\u0442\u0430\u043d\u0438\u0438 \u0441 \u043a\u043b\u0430\u043f\u0430\u043d\u043e\u043c Boston \u0434\u043b\u044f \u0431\u044b\u0441\u0442\u0440\u043e\u0433\u043e \u043d\u0430\u0434\u0443\u0432\u0430\u043d\u0438\u044f \u0438 \u0441\u043f\u0443\u0441\u043a\u0430 \u0432\u043e\u0437\u0434\u0443\u0445\u0430 \u0434\u0435\u043b\u0430\u0435\u0442 \u044d\u0442\u043e\u0442 \u0431\u0443\u043a\u0441\u0438\u0440\u0443\u0435\u043c\u044b\u0439 \u043a\u0430\u0442\u0435\u0440 \u043d\u0435 \u0442\u043e\u043b\u044c\u043a\u043e \u043f\u0440\u043e\u0447\u043d\u044b\u043c, \u043d\u043e \u0438 \u0443\u0434\u043e\u0431\u043d\u044b\u043c \u0432 \u0438\u0441\u043f\u043e\u043b\u044c\u0437\u043e\u0432\u0430\u043d\u0438\u0438. \u0412 \u0441\u043f\u0443\u0449\u0435\u043d\u043d\u043e\u043c \u0441\u043e\u0441\u0442\u043e\u044f\u043d\u0438\u0438 \u0435\u0433\u043e \u0440\u0430\u0437\u043c\u0435\u0440\u044b \u0441\u043e\u0441\u0442\u0430\u0432\u043b\u044f\u044e\u0442 190 x 125 \u0441\u043c, \u0430 \u0432 \u043d\u0430\u0434\u0443\u0442\u043e\u043c \u2014 195 x 120 x 55 \u0441\u043c, \u0447\u0442\u043e \u0434\u0435\u043b\u0430\u0435\u0442 \u0435\u0433\u043e \u043a\u043e\u043c\u043f\u0430\u043a\u0442\u043d\u044b\u043c \u0434\u043b\u044f \u0442\u0440\u0430\u043d\u0441\u043f\u043e\u0440\u0442\u0438\u0440\u043e\u0432\u043a\u0438 \u0438 \u0434\u043e\u0441\u0442\u0430\u0442\u043e\u0447\u043d\u043e \u043f\u0440\u043e\u0441\u0442\u043e\u0440\u043d\u044b\u043c \u0434\u043b\u044f \u043a\u043e\u043c\u0444\u043e\u0440\u0442\u043d\u043e\u0433\u043e \u043e\u0442\u0434\u044b\u0445\u0430 \u043d\u0430 \u0432\u043e\u0434\u0435.<\/p>\n<p>\u0412\u044b\u0431\u0435\u0440\u0438\u0442\u0435 \u043f\u0440\u0438\u043a\u043b\u044e\u0447\u0435\u043d\u0438\u044f \u0438 \u0443\u043d\u0438\u0432\u0435\u0440\u0441\u0430\u043b\u044c\u043d\u043e\u0441\u0442\u044c \u0441 Jobe Trooper 1P \u2014 \u0438\u0434\u0435\u0430\u043b\u044c\u043d\u044b\u0439 \u0432\u044b\u0431\u043e\u0440 \u0434\u043b\u044f \u0440\u0430\u0437\u0432\u043b\u0435\u0447\u0435\u043d\u0438\u0439 \u043d\u0430 \u0432\u043e\u0434\u0435!<br \/>\n\u041c\u043e\u0436\u0435\u0442 \u0438\u0441\u043f\u043e\u043b\u044c\u0437\u043e\u0432\u0430\u0442\u044c\u0441\u044f \u0434\u0432\u0443\u043c\u044f \u0440\u0430\u0437\u043d\u044b\u043c\u0438 \u0441\u043f\u043e\u0441\u043e\u0431\u0430\u043c\u0438.<br \/>\n\u041f\u0412\u0425 0,6 \u043c\u043c \/ 26 \u043a\u0430\u043b\u0438\u0431\u0440\u0430<br \/>\n\u041d\u0435\u0439\u043b\u043e\u043d \u0441 \u0434\u0432\u043e\u0439\u043d\u043e\u0439 \u043f\u0440\u043e\u0441\u0442\u0440\u043e\u0447\u043a\u043e\u0439<br \/>\n\u0412 \u043a\u043e\u043c\u043f\u043b\u0435\u043a\u0442\u0435 \u0432\u0435\u0441\u043b\u043e \u0432 \u0441\u0442\u0438\u043b\u0435 \u043a\u0430\u044f\u043a\u0430<br \/>\n\u041c\u0430\u043a\u0441\u0438\u043c\u0430\u043b\u044c\u043d\u043e 1 \u0432\u0437\u0440\u043e\u0441\u043b\u044b\u0439 \u0438 1 \u043c\u0430\u043b\u0435\u043d\u044c\u043a\u0438\u0439 \u0440\u0435\u0431\u0435\u043d\u043e\u043a.<br \/>\n4 \u0440\u0443\u0447\u043a\u0438 \u0441 \u043d\u0435\u043e\u043f\u0440\u0435\u043d\u043e\u0432\u044b\u043c\u0438 \u0437\u0430\u0449\u0438\u0442\u043d\u044b\u043c\u0438 \u043d\u0430\u043a\u043b\u0430\u0434\u043a\u0430\u043c\u0438 \u0434\u043b\u044f \u043f\u0430\u043b\u044c\u0446\u0435\u0432.<br \/>\n\u0427\u0435\u0445\u043e\u043b \u0438\u0437 \u043d\u0435\u0439\u043b\u043e\u043d\u0430 840 \u0434\u0435\u043d.<br \/>\n\u0411\u043e\u0441\u0442\u043e\u043d\u0441\u043a\u0438\u0439 \u043a\u043b\u0430\u043f\u0430\u043d.<br \/>\n\u0420\u0430\u0437\u043c\u0435\u0440 \u0432 \u0441\u043f\u0443\u0449\u0435\u043d\u043d\u043e\u043c \u0441\u043e\u0441\u0442\u043e\u044f\u043d\u0438\u0438: 75 x 49 \u0434\u044e\u0439\u043c\u043e\u0432, 190 x 125 \u0441\u043c.<br \/>\n\u0420\u0430\u0437\u043c\u0435\u0440 \u0432 \u043d\u0430\u0434\u0443\u0442\u043e\u043c \u0441\u043e\u0441\u0442\u043e\u044f\u043d\u0438\u0438: 76 x 47 x 22 \u0434\u044e\u0439\u043c\u0430, 195 x 120 x 55 \u0441\u043c.<\/p>\n","protected":false},"excerpt":{"rendered":"<p>Jobe Trooper Towable 1p Jobe Trooper Towable 1p Product ID\u00a0230524001 \u0411\u0443\u043a\u0441\u0438\u0440\u0443\u0435\u043c\u044b\u0439 \u043a\u0430\u0442\u0435\u0440 Jobe Trooper 1P \u2014 \u044d\u0442\u043e \u0443\u043d\u0438\u0432\u0435\u0440\u0441\u0430\u043b\u044c\u043d\u044b\u0439 \u0431\u0443\u043a\u0441\u0438\u0440\u0443\u0435\u043c\u044b\u0439 \u043a\u0430\u0442\u0435\u0440 \u0434\u043b\u044f \u043b\u044e\u0431\u0438\u0442\u0435\u043b\u0435\u0439 \u0432\u043e\u0434\u043d\u044b\u0445 \u0432\u0438\u0434\u043e\u0432 \u0441\u043f\u043e\u0440\u0442\u0430! \u042d\u0442\u0430 \u0438\u043d\u043d\u043e\u0432\u0430\u0446\u0438\u043e\u043d\u043d\u0430\u044f \u043c\u043e\u0434\u0435\u043b\u044c \u043f\u0440\u0435\u0434\u043b\u0430\u0433\u0430\u0435\u0442 \u0434\u0432\u0430 \u0441\u043f\u043e\u0441\u043e\u0431\u0430 \u0438\u0441\u043f\u043e\u043b\u044c\u0437\u043e\u0432\u0430\u043d\u0438\u044f, \u043f\u043e\u044d\u0442\u043e\u043c\u0443 \u0432\u044b \u0432\u0441\u0435\u0433\u0434\u0430 \u043c\u043e\u0436\u0435\u0442\u0435 \u0432\u044b\u0431\u0440\u0430\u0442\u044c, \u043a\u0430\u043a \u043d\u0430\u0441\u043b\u0430\u0436\u0434\u0430\u0442\u044c\u0441\u044f \u043e\u0442\u0434\u044b\u0445\u043e\u043c \u043d\u0430 \u0432\u043e\u0434\u0435. \u0411\u043b\u0430\u0433\u043e\u0434\u0430\u0440\u044f \u043f\u0440\u043e\u0447\u043d\u043e\u0439 \u043a\u043e\u043d\u0441\u0442\u0440\u0443\u043a\u0446\u0438\u0438 \u0438\u0437 \u041f\u0412\u0425 \u0442\u043e\u043b\u0449\u0438\u043d\u043e\u0439 0,6 \u043c\u043c \/ 26 \u043a\u0430\u043b\u0438\u0431\u0440\u0430 \u0438 \u043d\u0435\u0439\u043b\u043e\u043d\u043e\u0432\u043e\u0433\u043e [&#8230;]<\/p>\n<p><a class=\"btn btn-secondary understrap-read-more-link\" href=\"https:\/\/www.waterskis.lv\/ru\/product\/jobe-trooper-towable-1p\/\">\u0427\u0438\u0442\u0430\u0442\u044c \u0434\u0430\u043b\u044c\u0448\u0435\u2026<\/a><\/p>\n","protected":false},"featured_media":69516,"comment_status":"closed","ping_status":"closed","template":"","meta":{"_acf_changed":false,"inline_featured_image":false},"product_brand":[1330],"product_cat":[1022,375],"product_tag":[1416,3076,3077],"class_list":{"0":"post-69515","1":"product","2":"type-product","3":"status-publish","4":"has-post-thumbnail","6":"product_brand-jobe-watersports","7":"product_cat-1---","8":"product_cat-375","9":"product_tag-aiz-laivas-velkams-puslis","10":"product_tag-inflatable-towable-tube","11":"product_tag-3077","13":"first","14":"instock","15":"shipping-taxable","16":"purchasable","17":"product-type-simple"},"acf":[],"yoast_head":"<!-- This site is optimized with the Yoast SEO plugin v27.3 - https:\/\/yoast.com\/product\/yoast-seo-wordpress\/ -->\n<title>Jobe Trooper Towable 1p - WATERSKIS.LV<\/title>\n<meta name=\"description\" content=\"Jobe Trooper Towable 1p \u0411\u0443\u043a\u0441\u0438\u0440\u0443\u0435\u043c\u044b\u0439 \u043a\u0430\u0442\u0435\u0440 Jobe Trooper 1P \u2014 \u044d\u0442\u043e \u0443\u043d\u0438\u0432\u0435\u0440\u0441\u0430\u043b\u044c\u043d\u044b\u0439 \u0431\u0443\u043a\u0441\u0438\u0440\u0443\u0435\u043c\u044b\u0439 \u043a\u0430\u0442\u0435\u0440 \u0434\u043b\u044f \u043b\u044e\u0431\u0438\u0442\u0435\u043b\u0435\u0439 \u0432\u043e\u0434\u043d\u044b\u0445 \u0432\u0438\u0434\u043e\u0432 \u0441\u043f\u043e\u0440\u0442\u0430\" \/>\n<meta name=\"robots\" content=\"index, follow, max-snippet:-1, max-image-preview:large, max-video-preview:-1\" \/>\n<link rel=\"canonical\" href=\"https:\/\/www.waterskis.lv\/ru\/product\/jobe-trooper-towable-1p\/\" \/>\n<meta property=\"og:locale\" content=\"ru_RU\" \/>\n<meta property=\"og:type\" content=\"article\" \/>\n<meta property=\"og:title\" content=\"Jobe Trooper Towable 1p - WATERSKIS.LV\" \/>\n<meta property=\"og:description\" content=\"Jobe Trooper Towable 1p \u0411\u0443\u043a\u0441\u0438\u0440\u0443\u0435\u043c\u044b\u0439 \u043a\u0430\u0442\u0435\u0440 Jobe Trooper 1P \u2014 \u044d\u0442\u043e \u0443\u043d\u0438\u0432\u0435\u0440\u0441\u0430\u043b\u044c\u043d\u044b\u0439 \u0431\u0443\u043a\u0441\u0438\u0440\u0443\u0435\u043c\u044b\u0439 \u043a\u0430\u0442\u0435\u0440 \u0434\u043b\u044f \u043b\u044e\u0431\u0438\u0442\u0435\u043b\u0435\u0439 \u0432\u043e\u0434\u043d\u044b\u0445 \u0432\u0438\u0434\u043e\u0432 \u0441\u043f\u043e\u0440\u0442\u0430\" \/>\n<meta property=\"og:url\" content=\"https:\/\/www.waterskis.lv\/ru\/product\/jobe-trooper-towable-1p\/\" \/>\n<meta property=\"og:site_name\" content=\"WATERSKIS.LV\" \/>\n<meta property=\"article:publisher\" content=\"https:\/\/www.facebook.com\/jurmalawaterskiwakeboardpark\/\" \/>\n<meta property=\"article:modified_time\" content=\"2026-01-30T12:51:16+00:00\" \/>\n<meta property=\"og:image\" content=\"https:\/\/www.waterskis.lv\/wp-content\/uploads\/2026\/01\/Trooper1.jpg\" \/>\n\t<meta property=\"og:image:width\" content=\"1500\" \/>\n\t<meta property=\"og:image:height\" content=\"1500\" \/>\n\t<meta property=\"og:image:type\" content=\"image\/jpeg\" \/>\n<meta name=\"twitter:card\" content=\"summary_large_image\" \/>\n<meta name=\"twitter:label1\" content=\"\u041f\u0440\u0438\u043c\u0435\u0440\u043d\u043e\u0435 \u0432\u0440\u0435\u043c\u044f \u0434\u043b\u044f \u0447\u0442\u0435\u043d\u0438\u044f\" \/>\n\t<meta name=\"twitter:data1\" content=\"2 \u043c\u0438\u043d\u0443\u0442\u044b\" \/>\n<script type=\"application\/ld+json\" class=\"yoast-schema-graph\">{\"@context\":\"https:\\\/\\\/schema.org\",\"@graph\":[{\"@type\":\"WebPage\",\"@id\":\"https:\\\/\\\/www.waterskis.lv\\\/ru\\\/product\\\/jobe-trooper-towable-1p\\\/\",\"url\":\"https:\\\/\\\/www.waterskis.lv\\\/ru\\\/product\\\/jobe-trooper-towable-1p\\\/\",\"name\":\"Jobe Trooper Towable 1p - WATERSKIS.LV\",\"isPartOf\":{\"@id\":\"https:\\\/\\\/www.waterskis.lv\\\/ru\\\/#website\"},\"primaryImageOfPage\":{\"@id\":\"https:\\\/\\\/www.waterskis.lv\\\/ru\\\/product\\\/jobe-trooper-towable-1p\\\/#primaryimage\"},\"image\":{\"@id\":\"https:\\\/\\\/www.waterskis.lv\\\/ru\\\/product\\\/jobe-trooper-towable-1p\\\/#primaryimage\"},\"thumbnailUrl\":\"https:\\\/\\\/www.waterskis.lv\\\/wp-content\\\/uploads\\\/2026\\\/01\\\/Trooper1.jpg\",\"datePublished\":\"2026-01-07T11:37:52+00:00\",\"dateModified\":\"2026-01-30T12:51:16+00:00\",\"description\":\"Jobe Trooper Towable 1p \u0411\u0443\u043a\u0441\u0438\u0440\u0443\u0435\u043c\u044b\u0439 \u043a\u0430\u0442\u0435\u0440 Jobe Trooper 1P \u2014 \u044d\u0442\u043e \u0443\u043d\u0438\u0432\u0435\u0440\u0441\u0430\u043b\u044c\u043d\u044b\u0439 \u0431\u0443\u043a\u0441\u0438\u0440\u0443\u0435\u043c\u044b\u0439 \u043a\u0430\u0442\u0435\u0440 \u0434\u043b\u044f \u043b\u044e\u0431\u0438\u0442\u0435\u043b\u0435\u0439 \u0432\u043e\u0434\u043d\u044b\u0445 \u0432\u0438\u0434\u043e\u0432 \u0441\u043f\u043e\u0440\u0442\u0430\",\"breadcrumb\":{\"@id\":\"https:\\\/\\\/www.waterskis.lv\\\/ru\\\/product\\\/jobe-trooper-towable-1p\\\/#breadcrumb\"},\"inLanguage\":\"ru-RU\",\"potentialAction\":[{\"@type\":\"ReadAction\",\"target\":[\"https:\\\/\\\/www.waterskis.lv\\\/ru\\\/product\\\/jobe-trooper-towable-1p\\\/\"]}]},{\"@type\":\"ImageObject\",\"inLanguage\":\"ru-RU\",\"@id\":\"https:\\\/\\\/www.waterskis.lv\\\/ru\\\/product\\\/jobe-trooper-towable-1p\\\/#primaryimage\",\"url\":\"https:\\\/\\\/www.waterskis.lv\\\/wp-content\\\/uploads\\\/2026\\\/01\\\/Trooper1.jpg\",\"contentUrl\":\"https:\\\/\\\/www.waterskis.lv\\\/wp-content\\\/uploads\\\/2026\\\/01\\\/Trooper1.jpg\",\"width\":1500,\"height\":1500,\"caption\":\"Jobe Trooper Towable 1p\"},{\"@type\":\"BreadcrumbList\",\"@id\":\"https:\\\/\\\/www.waterskis.lv\\\/ru\\\/product\\\/jobe-trooper-towable-1p\\\/#breadcrumb\",\"itemListElement\":[{\"@type\":\"ListItem\",\"position\":1,\"name\":\"Home\",\"item\":\"https:\\\/\\\/www.waterskis.lv\\\/ru\\\/\"},{\"@type\":\"ListItem\",\"position\":2,\"name\":\"\u041c\u0430\u0433\u0430\u0437\u0438\u043d\",\"item\":\"https:\\\/\\\/www.waterskis.lv\\\/ru\\\/%d0%bc%d0%b0%d0%b3%d0%b0%d0%b7%d0%b8%d0%bd\\\/\"},{\"@type\":\"ListItem\",\"position\":3,\"name\":\"Jobe Trooper Towable 1p\"}]},{\"@type\":\"WebSite\",\"@id\":\"https:\\\/\\\/www.waterskis.lv\\\/ru\\\/#website\",\"url\":\"https:\\\/\\\/www.waterskis.lv\\\/ru\\\/\",\"name\":\"WATERSKIS.LV\",\"description\":\"SUP d\u0113\u013ci, kajaki, kanoe, airu laivas, \u016bdenssl\u0113po\u0161ana, veikbords, SUP d\u0113\u013cu noma, kajaku nomaakt\u012bv\u0101s atp\u016btas centrs, laivu noma, sup noma, kajaku noma\",\"publisher\":{\"@id\":\"https:\\\/\\\/www.waterskis.lv\\\/ru\\\/#organization\"},\"potentialAction\":[{\"@type\":\"SearchAction\",\"target\":{\"@type\":\"EntryPoint\",\"urlTemplate\":\"https:\\\/\\\/www.waterskis.lv\\\/ru\\\/?s={search_term_string}\"},\"query-input\":{\"@type\":\"PropertyValueSpecification\",\"valueRequired\":true,\"valueName\":\"search_term_string\"}}],\"inLanguage\":\"ru-RU\"},{\"@type\":\"Organization\",\"@id\":\"https:\\\/\\\/www.waterskis.lv\\\/ru\\\/#organization\",\"name\":\"WATERSKIS.LV\",\"url\":\"https:\\\/\\\/www.waterskis.lv\\\/ru\\\/\",\"logo\":{\"@type\":\"ImageObject\",\"inLanguage\":\"ru-RU\",\"@id\":\"https:\\\/\\\/www.waterskis.lv\\\/ru\\\/#\\\/schema\\\/logo\\\/image\\\/\",\"url\":\"https:\\\/\\\/www.waterskis.lv\\\/wp-content\\\/uploads\\\/2025\\\/01\\\/JUVP-logo.png\",\"contentUrl\":\"https:\\\/\\\/www.waterskis.lv\\\/wp-content\\\/uploads\\\/2025\\\/01\\\/JUVP-logo.png\",\"width\":421,\"height\":202,\"caption\":\"WATERSKIS.LV\"},\"image\":{\"@id\":\"https:\\\/\\\/www.waterskis.lv\\\/ru\\\/#\\\/schema\\\/logo\\\/image\\\/\"},\"sameAs\":[\"https:\\\/\\\/www.facebook.com\\\/jurmalawaterskiwakeboardpark\\\/\"]}]}<\/script>\n<!-- \/ Yoast SEO plugin. -->","yoast_head_json":{"title":"Jobe Trooper Towable 1p - WATERSKIS.LV","description":"Jobe Trooper Towable 1p \u0411\u0443\u043a\u0441\u0438\u0440\u0443\u0435\u043c\u044b\u0439 \u043a\u0430\u0442\u0435\u0440 Jobe Trooper 1P \u2014 \u044d\u0442\u043e \u0443\u043d\u0438\u0432\u0435\u0440\u0441\u0430\u043b\u044c\u043d\u044b\u0439 \u0431\u0443\u043a\u0441\u0438\u0440\u0443\u0435\u043c\u044b\u0439 \u043a\u0430\u0442\u0435\u0440 \u0434\u043b\u044f \u043b\u044e\u0431\u0438\u0442\u0435\u043b\u0435\u0439 \u0432\u043e\u0434\u043d\u044b\u0445 \u0432\u0438\u0434\u043e\u0432 \u0441\u043f\u043e\u0440\u0442\u0430","robots":{"index":"index","follow":"follow","max-snippet":"max-snippet:-1","max-image-preview":"max-image-preview:large","max-video-preview":"max-video-preview:-1"},"canonical":"https:\/\/www.waterskis.lv\/ru\/product\/jobe-trooper-towable-1p\/","og_locale":"ru_RU","og_type":"article","og_title":"Jobe Trooper Towable 1p - WATERSKIS.LV","og_description":"Jobe Trooper Towable 1p \u0411\u0443\u043a\u0441\u0438\u0440\u0443\u0435\u043c\u044b\u0439 \u043a\u0430\u0442\u0435\u0440 Jobe Trooper 1P \u2014 \u044d\u0442\u043e \u0443\u043d\u0438\u0432\u0435\u0440\u0441\u0430\u043b\u044c\u043d\u044b\u0439 \u0431\u0443\u043a\u0441\u0438\u0440\u0443\u0435\u043c\u044b\u0439 \u043a\u0430\u0442\u0435\u0440 \u0434\u043b\u044f \u043b\u044e\u0431\u0438\u0442\u0435\u043b\u0435\u0439 \u0432\u043e\u0434\u043d\u044b\u0445 \u0432\u0438\u0434\u043e\u0432 \u0441\u043f\u043e\u0440\u0442\u0430","og_url":"https:\/\/www.waterskis.lv\/ru\/product\/jobe-trooper-towable-1p\/","og_site_name":"WATERSKIS.LV","article_publisher":"https:\/\/www.facebook.com\/jurmalawaterskiwakeboardpark\/","article_modified_time":"2026-01-30T12:51:16+00:00","og_image":[{"width":1500,"height":1500,"url":"https:\/\/www.waterskis.lv\/wp-content\/uploads\/2026\/01\/Trooper1.jpg","type":"image\/jpeg"}],"twitter_card":"summary_large_image","twitter_misc":{"\u041f\u0440\u0438\u043c\u0435\u0440\u043d\u043e\u0435 \u0432\u0440\u0435\u043c\u044f \u0434\u043b\u044f \u0447\u0442\u0435\u043d\u0438\u044f":"2 \u043c\u0438\u043d\u0443\u0442\u044b"},"schema":{"@context":"https:\/\/schema.org","@graph":[{"@type":"WebPage","@id":"https:\/\/www.waterskis.lv\/ru\/product\/jobe-trooper-towable-1p\/","url":"https:\/\/www.waterskis.lv\/ru\/product\/jobe-trooper-towable-1p\/","name":"Jobe Trooper Towable 1p - WATERSKIS.LV","isPartOf":{"@id":"https:\/\/www.waterskis.lv\/ru\/#website"},"primaryImageOfPage":{"@id":"https:\/\/www.waterskis.lv\/ru\/product\/jobe-trooper-towable-1p\/#primaryimage"},"image":{"@id":"https:\/\/www.waterskis.lv\/ru\/product\/jobe-trooper-towable-1p\/#primaryimage"},"thumbnailUrl":"https:\/\/www.waterskis.lv\/wp-content\/uploads\/2026\/01\/Trooper1.jpg","datePublished":"2026-01-07T11:37:52+00:00","dateModified":"2026-01-30T12:51:16+00:00","description":"Jobe Trooper Towable 1p \u0411\u0443\u043a\u0441\u0438\u0440\u0443\u0435\u043c\u044b\u0439 \u043a\u0430\u0442\u0435\u0440 Jobe Trooper 1P \u2014 \u044d\u0442\u043e \u0443\u043d\u0438\u0432\u0435\u0440\u0441\u0430\u043b\u044c\u043d\u044b\u0439 \u0431\u0443\u043a\u0441\u0438\u0440\u0443\u0435\u043c\u044b\u0439 \u043a\u0430\u0442\u0435\u0440 \u0434\u043b\u044f \u043b\u044e\u0431\u0438\u0442\u0435\u043b\u0435\u0439 \u0432\u043e\u0434\u043d\u044b\u0445 \u0432\u0438\u0434\u043e\u0432 \u0441\u043f\u043e\u0440\u0442\u0430","breadcrumb":{"@id":"https:\/\/www.waterskis.lv\/ru\/product\/jobe-trooper-towable-1p\/#breadcrumb"},"inLanguage":"ru-RU","potentialAction":[{"@type":"ReadAction","target":["https:\/\/www.waterskis.lv\/ru\/product\/jobe-trooper-towable-1p\/"]}]},{"@type":"ImageObject","inLanguage":"ru-RU","@id":"https:\/\/www.waterskis.lv\/ru\/product\/jobe-trooper-towable-1p\/#primaryimage","url":"https:\/\/www.waterskis.lv\/wp-content\/uploads\/2026\/01\/Trooper1.jpg","contentUrl":"https:\/\/www.waterskis.lv\/wp-content\/uploads\/2026\/01\/Trooper1.jpg","width":1500,"height":1500,"caption":"Jobe Trooper Towable 1p"},{"@type":"BreadcrumbList","@id":"https:\/\/www.waterskis.lv\/ru\/product\/jobe-trooper-towable-1p\/#breadcrumb","itemListElement":[{"@type":"ListItem","position":1,"name":"Home","item":"https:\/\/www.waterskis.lv\/ru\/"},{"@type":"ListItem","position":2,"name":"\u041c\u0430\u0433\u0430\u0437\u0438\u043d","item":"https:\/\/www.waterskis.lv\/ru\/%d0%bc%d0%b0%d0%b3%d0%b0%d0%b7%d0%b8%d0%bd\/"},{"@type":"ListItem","position":3,"name":"Jobe Trooper Towable 1p"}]},{"@type":"WebSite","@id":"https:\/\/www.waterskis.lv\/ru\/#website","url":"https:\/\/www.waterskis.lv\/ru\/","name":"WATERSKIS.LV","description":"SUP d\u0113\u013ci, kajaki, kanoe, airu laivas, \u016bdenssl\u0113po\u0161ana, veikbords, SUP d\u0113\u013cu noma, kajaku nomaakt\u012bv\u0101s atp\u016btas centrs, laivu noma, sup noma, kajaku noma","publisher":{"@id":"https:\/\/www.waterskis.lv\/ru\/#organization"},"potentialAction":[{"@type":"SearchAction","target":{"@type":"EntryPoint","urlTemplate":"https:\/\/www.waterskis.lv\/ru\/?s={search_term_string}"},"query-input":{"@type":"PropertyValueSpecification","valueRequired":true,"valueName":"search_term_string"}}],"inLanguage":"ru-RU"},{"@type":"Organization","@id":"https:\/\/www.waterskis.lv\/ru\/#organization","name":"WATERSKIS.LV","url":"https:\/\/www.waterskis.lv\/ru\/","logo":{"@type":"ImageObject","inLanguage":"ru-RU","@id":"https:\/\/www.waterskis.lv\/ru\/#\/schema\/logo\/image\/","url":"https:\/\/www.waterskis.lv\/wp-content\/uploads\/2025\/01\/JUVP-logo.png","contentUrl":"https:\/\/www.waterskis.lv\/wp-content\/uploads\/2025\/01\/JUVP-logo.png","width":421,"height":202,"caption":"WATERSKIS.LV"},"image":{"@id":"https:\/\/www.waterskis.lv\/ru\/#\/schema\/logo\/image\/"},"sameAs":["https:\/\/www.facebook.com\/jurmalawaterskiwakeboardpark\/"]}]}},"_links":{"self":[{"href":"https:\/\/www.waterskis.lv\/ru\/wp-json\/wp\/v2\/product\/69515","targetHints":{"allow":["GET"]}}],"collection":[{"href":"https:\/\/www.waterskis.lv\/ru\/wp-json\/wp\/v2\/product"}],"about":[{"href":"https:\/\/www.waterskis.lv\/ru\/wp-json\/wp\/v2\/types\/product"}],"replies":[{"embeddable":true,"href":"https:\/\/www.waterskis.lv\/ru\/wp-json\/wp\/v2\/comments?post=69515"}],"wp:featuredmedia":[{"embeddable":true,"href":"https:\/\/www.waterskis.lv\/ru\/wp-json\/wp\/v2\/media\/69516"}],"wp:attachment":[{"href":"https:\/\/www.waterskis.lv\/ru\/wp-json\/wp\/v2\/media?parent=69515"}],"wp:term":[{"taxonomy":"product_brand","embeddable":true,"href":"https:\/\/www.waterskis.lv\/ru\/wp-json\/wp\/v2\/product_brand?post=69515"},{"taxonomy":"product_cat","embeddable":true,"href":"https:\/\/www.waterskis.lv\/ru\/wp-json\/wp\/v2\/product_cat?post=69515"},{"taxonomy":"product_tag","embeddable":true,"href":"https:\/\/www.waterskis.lv\/ru\/wp-json\/wp\/v2\/product_tag?post=69515"}],"curies":[{"name":"wp","href":"https:\/\/api.w.org\/{rel}","templated":true}]}}