{"id":69567,"date":"2026-01-07T15:08:45","date_gmt":"2026-01-07T13:08:45","guid":{"rendered":"https:\/\/www.waterskis.lv\/product\/jobe-webbing-bungee-dock-tie\/"},"modified":"2026-01-07T15:12:10","modified_gmt":"2026-01-07T13:12:10","slug":"jobe-webbing-bungee-dock-tie","status":"publish","type":"product","link":"https:\/\/www.waterskis.lv\/ru\/product\/jobe-webbing-bungee-dock-tie\/","title":{"rendered":"Jobe Webbing Bungee Dock Tie"},"content":{"rendered":"<h1 class=\"productTitle s-hide\">Jobe Webbing Bungee Dock Tie<\/h1>\n<p class=\"productTitle s-hide\">Jobe Webbing Bungee Dock Tie<\/p>\n<div class=\"paragraph mt10 col-12\">\n<p><span class=\"s-hide\">Product ID\u00a0210017035<\/span><\/p>\n<div class=\"col-12 relative mt10\">\u0414\u0430\u0432\u0430\u0439\u0442\u0435 \u043d\u0430\u0447\u043d\u0451\u043c \u0441 \u044d\u0442\u043e\u0439 \u043d\u0435\u0439\u043b\u043e\u043d\u043e\u0432\u043e\u0439 \u043b\u0435\u043d\u0442\u044b \u0441 \u044d\u043b\u0430\u0441\u0442\u0438\u0447\u043d\u044b\u043c \u0448\u043d\u0443\u0440\u043e\u043c \u0434\u043b\u044f \u0430\u043c\u043e\u0440\u0442\u0438\u0437\u0430\u0446\u0438\u0438 \u0443\u0434\u0430\u0440\u043e\u0432.<\/div>\n<div class=\"col-12 relative mt10\">\n\u041e\u0441\u043d\u043e\u0432\u043d\u043e\u0439 \u0442\u0440\u043e\u0441 6 \u0444\u0443\u0442\u043e\u0432 | 2,13 \u043c<br \/>\n\u041f\u043b\u0430\u0432\u0443\u0447\u0438\u0439 \u043e\u0441\u043d\u043e\u0432\u043d\u043e\u0439 \u0442\u0440\u043e\u0441<br \/>\n\u041a\u0440\u044e\u043a\u0438 \u0438\u0437 \u043d\u0435\u0440\u0436\u0430\u0432\u0435\u044e\u0449\u0435\u0439 \u0441\u0442\u0430\u043b\u0438<br \/>\n\u0414\u043b\u044f \u043a\u0440\u0435\u043f\u043b\u0435\u043d\u0438\u044f \u0434\u043e\u0441\u043a\u0438 \u043a \u043f\u0440\u0438\u0447\u0430\u043b\u0443<\/div>\n<\/div>\n","protected":false},"excerpt":{"rendered":"<p>Jobe Webbing Bungee Dock Tie Jobe Webbing Bungee Dock Tie Product ID\u00a0210017035 \u0414\u0430\u0432\u0430\u0439\u0442\u0435 \u043d\u0430\u0447\u043d\u0451\u043c \u0441 \u044d\u0442\u043e\u0439 \u043d\u0435\u0439\u043b\u043e\u043d\u043e\u0432\u043e\u0439 \u043b\u0435\u043d\u0442\u044b \u0441 \u044d\u043b\u0430\u0441\u0442\u0438\u0447\u043d\u044b\u043c \u0448\u043d\u0443\u0440\u043e\u043c \u0434\u043b\u044f \u0430\u043c\u043e\u0440\u0442\u0438\u0437\u0430\u0446\u0438\u0438 \u0443\u0434\u0430\u0440\u043e\u0432. \u041e\u0441\u043d\u043e\u0432\u043d\u043e\u0439 \u0442\u0440\u043e\u0441 6 \u0444\u0443\u0442\u043e\u0432 | 2,13 \u043c \u041f\u043b\u0430\u0432\u0443\u0447\u0438\u0439 \u043e\u0441\u043d\u043e\u0432\u043d\u043e\u0439 \u0442\u0440\u043e\u0441 \u041a\u0440\u044e\u043a\u0438 \u0438\u0437 \u043d\u0435\u0440\u0436\u0430\u0432\u0435\u044e\u0449\u0435\u0439 \u0441\u0442\u0430\u043b\u0438 \u0414\u043b\u044f \u043a\u0440\u0435\u043f\u043b\u0435\u043d\u0438\u044f \u0434\u043e\u0441\u043a\u0438 \u043a \u043f\u0440\u0438\u0447\u0430\u043b\u0443 [&#8230;]<\/p>\n<p><a class=\"btn btn-secondary understrap-read-more-link\" href=\"https:\/\/www.waterskis.lv\/ru\/product\/jobe-webbing-bungee-dock-tie\/\">\u0427\u0438\u0442\u0430\u0442\u044c \u0434\u0430\u043b\u044c\u0448\u0435\u2026<\/a><\/p>\n","protected":false},"featured_media":69564,"comment_status":"closed","ping_status":"closed","template":"","meta":{"_acf_changed":false,"inline_featured_image":false},"product_brand":[1330],"product_cat":[499,390],"product_tag":[],"class_list":{"0":"post-69567","1":"product","2":"type-product","3":"status-publish","4":"has-post-thumbnail","6":"product_brand-jobe-watersports","7":"product_cat-sup-","8":"product_cat---sup-","10":"first","11":"instock","12":"shipping-taxable","13":"purchasable","14":"product-type-simple"},"acf":[],"yoast_head":"<!-- This site is optimized with the Yoast SEO plugin v27.3 - https:\/\/yoast.com\/product\/yoast-seo-wordpress\/ -->\n<title>Jobe Webbing Bungee Dock Tie - WATERSKIS.LV<\/title>\n<meta name=\"description\" content=\"Jobe Webbing Bungee Dock Tie \u0414\u043b\u044f \u043a\u0440\u0435\u043f\u043b\u0435\u043d\u0438\u044f \u0434\u043e\u0441\u043a\u0438 \u043a \u043f\u0440\u0438\u0447\u0430\u043b\u0443. \u0414\u0430\u0432\u0430\u0439\u0442\u0435 \u043d\u0430\u0447\u043d\u0451\u043c \u0441 \u044d\u0442\u043e\u0439 \u043d\u0435\u0439\u043b\u043e\u043d\u043e\u0432\u043e\u0439 \u043b\u0435\u043d\u0442\u044b \u0441 \u044d\u043b\u0430\u0441\u0442\u0438\u0447\u043d\u044b\u043c \u0448\u043d\u0443\u0440\u043e\u043c \u0434\u043b\u044f \u0430\u043c\u043e\u0440\u0442\u0438\u0437\u0430\u0446\u0438\u0438 \u0443\u0434\u0430\u0440\u043e\u0432.\" \/>\n<meta name=\"robots\" content=\"index, follow, max-snippet:-1, max-image-preview:large, max-video-preview:-1\" \/>\n<link rel=\"canonical\" href=\"https:\/\/www.waterskis.lv\/ru\/product\/jobe-webbing-bungee-dock-tie\/\" \/>\n<meta property=\"og:locale\" content=\"ru_RU\" \/>\n<meta property=\"og:type\" content=\"article\" \/>\n<meta property=\"og:title\" content=\"Jobe Webbing Bungee Dock Tie - WATERSKIS.LV\" \/>\n<meta property=\"og:description\" content=\"Jobe Webbing Bungee Dock Tie \u0414\u043b\u044f \u043a\u0440\u0435\u043f\u043b\u0435\u043d\u0438\u044f \u0434\u043e\u0441\u043a\u0438 \u043a \u043f\u0440\u0438\u0447\u0430\u043b\u0443. \u0414\u0430\u0432\u0430\u0439\u0442\u0435 \u043d\u0430\u0447\u043d\u0451\u043c \u0441 \u044d\u0442\u043e\u0439 \u043d\u0435\u0439\u043b\u043e\u043d\u043e\u0432\u043e\u0439 \u043b\u0435\u043d\u0442\u044b \u0441 \u044d\u043b\u0430\u0441\u0442\u0438\u0447\u043d\u044b\u043c \u0448\u043d\u0443\u0440\u043e\u043c \u0434\u043b\u044f \u0430\u043c\u043e\u0440\u0442\u0438\u0437\u0430\u0446\u0438\u0438 \u0443\u0434\u0430\u0440\u043e\u0432.\" \/>\n<meta property=\"og:url\" content=\"https:\/\/www.waterskis.lv\/ru\/product\/jobe-webbing-bungee-dock-tie\/\" \/>\n<meta property=\"og:site_name\" content=\"WATERSKIS.LV\" \/>\n<meta property=\"article:publisher\" content=\"https:\/\/www.facebook.com\/jurmalawaterskiwakeboardpark\/\" \/>\n<meta property=\"article:modified_time\" content=\"2026-01-07T13:12:10+00:00\" \/>\n<meta property=\"og:image\" content=\"https:\/\/www.waterskis.lv\/wp-content\/uploads\/2026\/01\/SUP-tie.jpg\" \/>\n\t<meta property=\"og:image:width\" content=\"1500\" \/>\n\t<meta property=\"og:image:height\" content=\"1500\" \/>\n\t<meta property=\"og:image:type\" content=\"image\/jpeg\" \/>\n<meta name=\"twitter:card\" content=\"summary_large_image\" \/>\n<meta name=\"twitter:label1\" content=\"\u041f\u0440\u0438\u043c\u0435\u0440\u043d\u043e\u0435 \u0432\u0440\u0435\u043c\u044f \u0434\u043b\u044f \u0447\u0442\u0435\u043d\u0438\u044f\" \/>\n\t<meta name=\"twitter:data1\" content=\"1 \u043c\u0438\u043d\u0443\u0442\u0430\" \/>\n<script type=\"application\/ld+json\" class=\"yoast-schema-graph\">{\"@context\":\"https:\\\/\\\/schema.org\",\"@graph\":[{\"@type\":\"WebPage\",\"@id\":\"https:\\\/\\\/www.waterskis.lv\\\/ru\\\/product\\\/jobe-webbing-bungee-dock-tie\\\/\",\"url\":\"https:\\\/\\\/www.waterskis.lv\\\/ru\\\/product\\\/jobe-webbing-bungee-dock-tie\\\/\",\"name\":\"Jobe Webbing Bungee Dock Tie - WATERSKIS.LV\",\"isPartOf\":{\"@id\":\"https:\\\/\\\/www.waterskis.lv\\\/ru\\\/#website\"},\"primaryImageOfPage\":{\"@id\":\"https:\\\/\\\/www.waterskis.lv\\\/ru\\\/product\\\/jobe-webbing-bungee-dock-tie\\\/#primaryimage\"},\"image\":{\"@id\":\"https:\\\/\\\/www.waterskis.lv\\\/ru\\\/product\\\/jobe-webbing-bungee-dock-tie\\\/#primaryimage\"},\"thumbnailUrl\":\"https:\\\/\\\/www.waterskis.lv\\\/wp-content\\\/uploads\\\/2026\\\/01\\\/SUP-tie.jpg\",\"datePublished\":\"2026-01-07T13:08:45+00:00\",\"dateModified\":\"2026-01-07T13:12:10+00:00\",\"description\":\"Jobe Webbing Bungee Dock Tie \u0414\u043b\u044f \u043a\u0440\u0435\u043f\u043b\u0435\u043d\u0438\u044f \u0434\u043e\u0441\u043a\u0438 \u043a \u043f\u0440\u0438\u0447\u0430\u043b\u0443. \u0414\u0430\u0432\u0430\u0439\u0442\u0435 \u043d\u0430\u0447\u043d\u0451\u043c \u0441 \u044d\u0442\u043e\u0439 \u043d\u0435\u0439\u043b\u043e\u043d\u043e\u0432\u043e\u0439 \u043b\u0435\u043d\u0442\u044b \u0441 \u044d\u043b\u0430\u0441\u0442\u0438\u0447\u043d\u044b\u043c \u0448\u043d\u0443\u0440\u043e\u043c \u0434\u043b\u044f \u0430\u043c\u043e\u0440\u0442\u0438\u0437\u0430\u0446\u0438\u0438 \u0443\u0434\u0430\u0440\u043e\u0432.\",\"breadcrumb\":{\"@id\":\"https:\\\/\\\/www.waterskis.lv\\\/ru\\\/product\\\/jobe-webbing-bungee-dock-tie\\\/#breadcrumb\"},\"inLanguage\":\"ru-RU\",\"potentialAction\":[{\"@type\":\"ReadAction\",\"target\":[\"https:\\\/\\\/www.waterskis.lv\\\/ru\\\/product\\\/jobe-webbing-bungee-dock-tie\\\/\"]}]},{\"@type\":\"ImageObject\",\"inLanguage\":\"ru-RU\",\"@id\":\"https:\\\/\\\/www.waterskis.lv\\\/ru\\\/product\\\/jobe-webbing-bungee-dock-tie\\\/#primaryimage\",\"url\":\"https:\\\/\\\/www.waterskis.lv\\\/wp-content\\\/uploads\\\/2026\\\/01\\\/SUP-tie.jpg\",\"contentUrl\":\"https:\\\/\\\/www.waterskis.lv\\\/wp-content\\\/uploads\\\/2026\\\/01\\\/SUP-tie.jpg\",\"width\":1500,\"height\":1500,\"caption\":\"Jobe Webbing Bungee Dock Tie\"},{\"@type\":\"BreadcrumbList\",\"@id\":\"https:\\\/\\\/www.waterskis.lv\\\/ru\\\/product\\\/jobe-webbing-bungee-dock-tie\\\/#breadcrumb\",\"itemListElement\":[{\"@type\":\"ListItem\",\"position\":1,\"name\":\"Home\",\"item\":\"https:\\\/\\\/www.waterskis.lv\\\/ru\\\/\"},{\"@type\":\"ListItem\",\"position\":2,\"name\":\"\u041c\u0430\u0433\u0430\u0437\u0438\u043d\",\"item\":\"https:\\\/\\\/www.waterskis.lv\\\/ru\\\/%d0%bc%d0%b0%d0%b3%d0%b0%d0%b7%d0%b8%d0%bd\\\/\"},{\"@type\":\"ListItem\",\"position\":3,\"name\":\"Jobe Webbing Bungee Dock Tie\"}]},{\"@type\":\"WebSite\",\"@id\":\"https:\\\/\\\/www.waterskis.lv\\\/ru\\\/#website\",\"url\":\"https:\\\/\\\/www.waterskis.lv\\\/ru\\\/\",\"name\":\"WATERSKIS.LV\",\"description\":\"SUP d\u0113\u013ci, kajaki, kanoe, airu laivas, \u016bdenssl\u0113po\u0161ana, veikbords, SUP d\u0113\u013cu noma, kajaku nomaakt\u012bv\u0101s atp\u016btas centrs, laivu noma, sup noma, kajaku noma\",\"publisher\":{\"@id\":\"https:\\\/\\\/www.waterskis.lv\\\/ru\\\/#organization\"},\"potentialAction\":[{\"@type\":\"SearchAction\",\"target\":{\"@type\":\"EntryPoint\",\"urlTemplate\":\"https:\\\/\\\/www.waterskis.lv\\\/ru\\\/?s={search_term_string}\"},\"query-input\":{\"@type\":\"PropertyValueSpecification\",\"valueRequired\":true,\"valueName\":\"search_term_string\"}}],\"inLanguage\":\"ru-RU\"},{\"@type\":\"Organization\",\"@id\":\"https:\\\/\\\/www.waterskis.lv\\\/ru\\\/#organization\",\"name\":\"WATERSKIS.LV\",\"url\":\"https:\\\/\\\/www.waterskis.lv\\\/ru\\\/\",\"logo\":{\"@type\":\"ImageObject\",\"inLanguage\":\"ru-RU\",\"@id\":\"https:\\\/\\\/www.waterskis.lv\\\/ru\\\/#\\\/schema\\\/logo\\\/image\\\/\",\"url\":\"https:\\\/\\\/www.waterskis.lv\\\/wp-content\\\/uploads\\\/2025\\\/01\\\/JUVP-logo.png\",\"contentUrl\":\"https:\\\/\\\/www.waterskis.lv\\\/wp-content\\\/uploads\\\/2025\\\/01\\\/JUVP-logo.png\",\"width\":421,\"height\":202,\"caption\":\"WATERSKIS.LV\"},\"image\":{\"@id\":\"https:\\\/\\\/www.waterskis.lv\\\/ru\\\/#\\\/schema\\\/logo\\\/image\\\/\"},\"sameAs\":[\"https:\\\/\\\/www.facebook.com\\\/jurmalawaterskiwakeboardpark\\\/\"]}]}<\/script>\n<!-- \/ Yoast SEO plugin. -->","yoast_head_json":{"title":"Jobe Webbing Bungee Dock Tie - WATERSKIS.LV","description":"Jobe Webbing Bungee Dock Tie \u0414\u043b\u044f \u043a\u0440\u0435\u043f\u043b\u0435\u043d\u0438\u044f \u0434\u043e\u0441\u043a\u0438 \u043a \u043f\u0440\u0438\u0447\u0430\u043b\u0443. \u0414\u0430\u0432\u0430\u0439\u0442\u0435 \u043d\u0430\u0447\u043d\u0451\u043c \u0441 \u044d\u0442\u043e\u0439 \u043d\u0435\u0439\u043b\u043e\u043d\u043e\u0432\u043e\u0439 \u043b\u0435\u043d\u0442\u044b \u0441 \u044d\u043b\u0430\u0441\u0442\u0438\u0447\u043d\u044b\u043c \u0448\u043d\u0443\u0440\u043e\u043c \u0434\u043b\u044f \u0430\u043c\u043e\u0440\u0442\u0438\u0437\u0430\u0446\u0438\u0438 \u0443\u0434\u0430\u0440\u043e\u0432.","robots":{"index":"index","follow":"follow","max-snippet":"max-snippet:-1","max-image-preview":"max-image-preview:large","max-video-preview":"max-video-preview:-1"},"canonical":"https:\/\/www.waterskis.lv\/ru\/product\/jobe-webbing-bungee-dock-tie\/","og_locale":"ru_RU","og_type":"article","og_title":"Jobe Webbing Bungee Dock Tie - WATERSKIS.LV","og_description":"Jobe Webbing Bungee Dock Tie \u0414\u043b\u044f \u043a\u0440\u0435\u043f\u043b\u0435\u043d\u0438\u044f \u0434\u043e\u0441\u043a\u0438 \u043a \u043f\u0440\u0438\u0447\u0430\u043b\u0443. \u0414\u0430\u0432\u0430\u0439\u0442\u0435 \u043d\u0430\u0447\u043d\u0451\u043c \u0441 \u044d\u0442\u043e\u0439 \u043d\u0435\u0439\u043b\u043e\u043d\u043e\u0432\u043e\u0439 \u043b\u0435\u043d\u0442\u044b \u0441 \u044d\u043b\u0430\u0441\u0442\u0438\u0447\u043d\u044b\u043c \u0448\u043d\u0443\u0440\u043e\u043c \u0434\u043b\u044f \u0430\u043c\u043e\u0440\u0442\u0438\u0437\u0430\u0446\u0438\u0438 \u0443\u0434\u0430\u0440\u043e\u0432.","og_url":"https:\/\/www.waterskis.lv\/ru\/product\/jobe-webbing-bungee-dock-tie\/","og_site_name":"WATERSKIS.LV","article_publisher":"https:\/\/www.facebook.com\/jurmalawaterskiwakeboardpark\/","article_modified_time":"2026-01-07T13:12:10+00:00","og_image":[{"width":1500,"height":1500,"url":"https:\/\/www.waterskis.lv\/wp-content\/uploads\/2026\/01\/SUP-tie.jpg","type":"image\/jpeg"}],"twitter_card":"summary_large_image","twitter_misc":{"\u041f\u0440\u0438\u043c\u0435\u0440\u043d\u043e\u0435 \u0432\u0440\u0435\u043c\u044f \u0434\u043b\u044f \u0447\u0442\u0435\u043d\u0438\u044f":"1 \u043c\u0438\u043d\u0443\u0442\u0430"},"schema":{"@context":"https:\/\/schema.org","@graph":[{"@type":"WebPage","@id":"https:\/\/www.waterskis.lv\/ru\/product\/jobe-webbing-bungee-dock-tie\/","url":"https:\/\/www.waterskis.lv\/ru\/product\/jobe-webbing-bungee-dock-tie\/","name":"Jobe Webbing Bungee Dock Tie - WATERSKIS.LV","isPartOf":{"@id":"https:\/\/www.waterskis.lv\/ru\/#website"},"primaryImageOfPage":{"@id":"https:\/\/www.waterskis.lv\/ru\/product\/jobe-webbing-bungee-dock-tie\/#primaryimage"},"image":{"@id":"https:\/\/www.waterskis.lv\/ru\/product\/jobe-webbing-bungee-dock-tie\/#primaryimage"},"thumbnailUrl":"https:\/\/www.waterskis.lv\/wp-content\/uploads\/2026\/01\/SUP-tie.jpg","datePublished":"2026-01-07T13:08:45+00:00","dateModified":"2026-01-07T13:12:10+00:00","description":"Jobe Webbing Bungee Dock Tie \u0414\u043b\u044f \u043a\u0440\u0435\u043f\u043b\u0435\u043d\u0438\u044f \u0434\u043e\u0441\u043a\u0438 \u043a \u043f\u0440\u0438\u0447\u0430\u043b\u0443. \u0414\u0430\u0432\u0430\u0439\u0442\u0435 \u043d\u0430\u0447\u043d\u0451\u043c \u0441 \u044d\u0442\u043e\u0439 \u043d\u0435\u0439\u043b\u043e\u043d\u043e\u0432\u043e\u0439 \u043b\u0435\u043d\u0442\u044b \u0441 \u044d\u043b\u0430\u0441\u0442\u0438\u0447\u043d\u044b\u043c \u0448\u043d\u0443\u0440\u043e\u043c \u0434\u043b\u044f \u0430\u043c\u043e\u0440\u0442\u0438\u0437\u0430\u0446\u0438\u0438 \u0443\u0434\u0430\u0440\u043e\u0432.","breadcrumb":{"@id":"https:\/\/www.waterskis.lv\/ru\/product\/jobe-webbing-bungee-dock-tie\/#breadcrumb"},"inLanguage":"ru-RU","potentialAction":[{"@type":"ReadAction","target":["https:\/\/www.waterskis.lv\/ru\/product\/jobe-webbing-bungee-dock-tie\/"]}]},{"@type":"ImageObject","inLanguage":"ru-RU","@id":"https:\/\/www.waterskis.lv\/ru\/product\/jobe-webbing-bungee-dock-tie\/#primaryimage","url":"https:\/\/www.waterskis.lv\/wp-content\/uploads\/2026\/01\/SUP-tie.jpg","contentUrl":"https:\/\/www.waterskis.lv\/wp-content\/uploads\/2026\/01\/SUP-tie.jpg","width":1500,"height":1500,"caption":"Jobe Webbing Bungee Dock Tie"},{"@type":"BreadcrumbList","@id":"https:\/\/www.waterskis.lv\/ru\/product\/jobe-webbing-bungee-dock-tie\/#breadcrumb","itemListElement":[{"@type":"ListItem","position":1,"name":"Home","item":"https:\/\/www.waterskis.lv\/ru\/"},{"@type":"ListItem","position":2,"name":"\u041c\u0430\u0433\u0430\u0437\u0438\u043d","item":"https:\/\/www.waterskis.lv\/ru\/%d0%bc%d0%b0%d0%b3%d0%b0%d0%b7%d0%b8%d0%bd\/"},{"@type":"ListItem","position":3,"name":"Jobe Webbing Bungee Dock Tie"}]},{"@type":"WebSite","@id":"https:\/\/www.waterskis.lv\/ru\/#website","url":"https:\/\/www.waterskis.lv\/ru\/","name":"WATERSKIS.LV","description":"SUP d\u0113\u013ci, kajaki, kanoe, airu laivas, \u016bdenssl\u0113po\u0161ana, veikbords, SUP d\u0113\u013cu noma, kajaku nomaakt\u012bv\u0101s atp\u016btas centrs, laivu noma, sup noma, kajaku noma","publisher":{"@id":"https:\/\/www.waterskis.lv\/ru\/#organization"},"potentialAction":[{"@type":"SearchAction","target":{"@type":"EntryPoint","urlTemplate":"https:\/\/www.waterskis.lv\/ru\/?s={search_term_string}"},"query-input":{"@type":"PropertyValueSpecification","valueRequired":true,"valueName":"search_term_string"}}],"inLanguage":"ru-RU"},{"@type":"Organization","@id":"https:\/\/www.waterskis.lv\/ru\/#organization","name":"WATERSKIS.LV","url":"https:\/\/www.waterskis.lv\/ru\/","logo":{"@type":"ImageObject","inLanguage":"ru-RU","@id":"https:\/\/www.waterskis.lv\/ru\/#\/schema\/logo\/image\/","url":"https:\/\/www.waterskis.lv\/wp-content\/uploads\/2025\/01\/JUVP-logo.png","contentUrl":"https:\/\/www.waterskis.lv\/wp-content\/uploads\/2025\/01\/JUVP-logo.png","width":421,"height":202,"caption":"WATERSKIS.LV"},"image":{"@id":"https:\/\/www.waterskis.lv\/ru\/#\/schema\/logo\/image\/"},"sameAs":["https:\/\/www.facebook.com\/jurmalawaterskiwakeboardpark\/"]}]}},"_links":{"self":[{"href":"https:\/\/www.waterskis.lv\/ru\/wp-json\/wp\/v2\/product\/69567","targetHints":{"allow":["GET"]}}],"collection":[{"href":"https:\/\/www.waterskis.lv\/ru\/wp-json\/wp\/v2\/product"}],"about":[{"href":"https:\/\/www.waterskis.lv\/ru\/wp-json\/wp\/v2\/types\/product"}],"replies":[{"embeddable":true,"href":"https:\/\/www.waterskis.lv\/ru\/wp-json\/wp\/v2\/comments?post=69567"}],"wp:featuredmedia":[{"embeddable":true,"href":"https:\/\/www.waterskis.lv\/ru\/wp-json\/wp\/v2\/media\/69564"}],"wp:attachment":[{"href":"https:\/\/www.waterskis.lv\/ru\/wp-json\/wp\/v2\/media?parent=69567"}],"wp:term":[{"taxonomy":"product_brand","embeddable":true,"href":"https:\/\/www.waterskis.lv\/ru\/wp-json\/wp\/v2\/product_brand?post=69567"},{"taxonomy":"product_cat","embeddable":true,"href":"https:\/\/www.waterskis.lv\/ru\/wp-json\/wp\/v2\/product_cat?post=69567"},{"taxonomy":"product_tag","embeddable":true,"href":"https:\/\/www.waterskis.lv\/ru\/wp-json\/wp\/v2\/product_tag?post=69567"}],"curies":[{"name":"wp","href":"https:\/\/api.w.org\/{rel}","templated":true}]}}