{"id":69597,"date":"2026-01-07T15:37:18","date_gmt":"2026-01-07T13:37:18","guid":{"rendered":"https:\/\/www.waterskis.lv\/product\/jobe-turbo-pump-12v\/"},"modified":"2026-02-07T19:15:24","modified_gmt":"2026-02-07T17:15:24","slug":"jobe-turbo-pump-12v","status":"publish","type":"product","link":"https:\/\/www.waterskis.lv\/ru\/product\/jobe-turbo-pump-12v\/","title":{"rendered":"Jobe Turbo Pump 12V"},"content":{"rendered":"<h1 class=\"productTitle s-hide\">Jobe Turbo Pump 12V<\/h1>\n<p class=\"productTitle s-hide\">Jobe Turbo Pump 12V<\/p>\n<div class=\"paragraph mt10 col-12\">\n<p><span class=\"s-hide\">Product ID\u00a0410017201<\/span><\/p>\n<div class=\"col-12 relative mt10\"><\/div>\n<\/div>\n<div>\n<p>\u0411\u0435\u0437\u0443\u0441\u043b\u043e\u0432\u043d\u043e, \u043b\u0443\u0447\u0448\u0438\u0439 12-\u0432\u043e\u043b\u044c\u0442\u043e\u0432\u044b\u0439 \u043d\u0430\u0441\u043e\u0441 \u043d\u0430 \u0440\u044b\u043d\u043a\u0435. \u041d\u0430\u0441\u043e\u0441 \u043f\u043e\u0441\u0442\u0430\u0432\u043b\u044f\u0435\u0442\u0441\u044f \u0441 4 \u0440\u0430\u0437\u043b\u0438\u0447\u043d\u044b\u043c\u0438 \u043d\u0430\u0441\u0430\u0434\u043a\u0430\u043c\u0438, \u043d\u0430\u0441\u0430\u0434\u043a\u043e\u0439 Halkey Roberts \u0438 \u0443\u0434\u0430\u0440\u043e\u043f\u0440\u043e\u0447\u043d\u044b\u043c \u0448\u043b\u0430\u043d\u0433\u043e\u043c, \u043a\u043e\u0442\u043e\u0440\u044b\u0439 \u043d\u0430\u043a\u0430\u0447\u0438\u0432\u0430\u0435\u0442 \u0434\u043e 2,5 psi\/0,17 \u0431\u0430\u0440. \u0412\u044b\u0439\u0434\u0438\u0442\u0435 \u043d\u0430 \u0432\u043e\u0434\u0443 \u0437\u0430 \u0434\u043e\u043b\u0438 \u0441\u0435\u043a\u0443\u043d\u0434\u044b.<\/p>\n<p>12-\u0432\u043e\u043b\u044c\u0442\u043e\u0432\u044b\u0439 \u043d\u0430\u0441\u043e\u0441<br \/>\n\u0422\u0440\u0435\u0431\u0443\u0435\u0442\u0441\u044f 29 \u0430\u043c\u043f\u0435\u0440<br \/>\n4 \u0440\u0430\u0437\u043b\u0438\u0447\u043d\u044b\u0435 \u043d\u0430\u0441\u0430\u0434\u043a\u0438 \u0434\u043b\u044f \u0431\u043e\u043b\u044c\u0448\u0438\u043d\u0441\u0442\u0432\u0430 \u043a\u043b\u0430\u043f\u0430\u043d\u043e\u0432<br \/>\n\u0420\u0430\u0441\u0445\u043e\u0434 \u0432\u043e\u0437\u0434\u0443\u0445\u0430 23,5 \u0444\u0443\u0442\u00b3\/\u043c\u0438\u043d<br \/>\n\u0417\u0430\u0436\u0438\u043c\u044b \u0442\u0438\u043f\u0430 \u00ab\u043a\u0440\u043e\u043a\u043e\u0434\u0438\u043b\u00bb<br \/>\n\u0428\u043b\u0430\u043d\u0433, \u0443\u0441\u0442\u043e\u0439\u0447\u0438\u0432\u044b\u0439 \u043a \u0434\u0430\u0432\u043b\u0435\u043d\u0438\u044e<br \/>\n\u0414\u0430\u0432\u043b\u0435\u043d\u0438\u0435: \u0434\u043e 0,16 \u0431\u0430\u0440 (2,3 PSI)<br \/>\n\u0420\u0430\u0437\u043c\u0435\u0440\u044b: 6,3&#8243; x 4,9&#8243; x 4,9&#8243; | 16 x 12,5 x 12,5 \u0441\u043c<br \/>\n\u0420\u0430\u0441\u0445\u043e\u0434 652 \u043b\/\u043c\u0438\u043d<br \/>\n\u0417\u0430\u0433\u0440\u0443\u0437\u0438\u0442\u044c \u0440\u0443\u043a\u043e\u0432\u043e\u0434\u0441\u0442\u0432\u043e \u043f\u043e\u043b\u044c\u0437\u043e\u0432\u0430\u0442\u0435\u043b\u044f<\/p>\n<div id=\"productinfo\" class=\"col-12 relative\">\n<div class=\"col-12 paragraph mt20\">\n<ul class=\"autoColumn checkListSmall blackCheck\">\n<li class=\"productManual\"><a href=\"https:\/\/www.jobesports.com\/uploads\/product\/manual\/12v_pump_instructions.pdf\" target=\"blank\">Download product manual<\/a><\/li>\n<\/ul>\n<\/div>\n<\/div>\n<div class=\"col-12 p100-0 relative\">\n<h2 class=\"title-3 fs25 centerText boldTitleFont grey uppercase\"><\/h2>\n<\/div>\n<\/div>\n","protected":false},"excerpt":{"rendered":"<p>Jobe Turbo Pump 12V Jobe Turbo Pump 12V Product ID\u00a0410017201 \u0411\u0435\u0437\u0443\u0441\u043b\u043e\u0432\u043d\u043e, \u043b\u0443\u0447\u0448\u0438\u0439 12-\u0432\u043e\u043b\u044c\u0442\u043e\u0432\u044b\u0439 \u043d\u0430\u0441\u043e\u0441 \u043d\u0430 \u0440\u044b\u043d\u043a\u0435. \u041d\u0430\u0441\u043e\u0441 \u043f\u043e\u0441\u0442\u0430\u0432\u043b\u044f\u0435\u0442\u0441\u044f \u0441 4 \u0440\u0430\u0437\u043b\u0438\u0447\u043d\u044b\u043c\u0438 \u043d\u0430\u0441\u0430\u0434\u043a\u0430\u043c\u0438, \u043d\u0430\u0441\u0430\u0434\u043a\u043e\u0439 Halkey Roberts \u0438 \u0443\u0434\u0430\u0440\u043e\u043f\u0440\u043e\u0447\u043d\u044b\u043c \u0448\u043b\u0430\u043d\u0433\u043e\u043c, \u043a\u043e\u0442\u043e\u0440\u044b\u0439 \u043d\u0430\u043a\u0430\u0447\u0438\u0432\u0430\u0435\u0442 \u0434\u043e 2,5 psi\/0,17 \u0431\u0430\u0440. \u0412\u044b\u0439\u0434\u0438\u0442\u0435 \u043d\u0430 \u0432\u043e\u0434\u0443 \u0437\u0430 \u0434\u043e\u043b\u0438 \u0441\u0435\u043a\u0443\u043d\u0434\u044b. 12-\u0432\u043e\u043b\u044c\u0442\u043e\u0432\u044b\u0439 \u043d\u0430\u0441\u043e\u0441 \u0422\u0440\u0435\u0431\u0443\u0435\u0442\u0441\u044f 29 \u0430\u043c\u043f\u0435\u0440 4 \u0440\u0430\u0437\u043b\u0438\u0447\u043d\u044b\u0435 \u043d\u0430\u0441\u0430\u0434\u043a\u0438 \u0434\u043b\u044f \u0431\u043e\u043b\u044c\u0448\u0438\u043d\u0441\u0442\u0432\u0430 \u043a\u043b\u0430\u043f\u0430\u043d\u043e\u0432 \u0420\u0430\u0441\u0445\u043e\u0434 \u0432\u043e\u0437\u0434\u0443\u0445\u0430 23,5 \u0444\u0443\u0442\u00b3\/\u043c\u0438\u043d [&#8230;]<\/p>\n<p><a class=\"btn btn-secondary understrap-read-more-link\" href=\"https:\/\/www.waterskis.lv\/ru\/product\/jobe-turbo-pump-12v\/\">\u0427\u0438\u0442\u0430\u0442\u044c \u0434\u0430\u043b\u044c\u0448\u0435\u2026<\/a><\/p>\n","protected":false},"featured_media":69598,"comment_status":"closed","ping_status":"closed","template":"","meta":{"_acf_changed":false,"inline_featured_image":false},"product_brand":[1330],"product_cat":[1215],"product_tag":[3832,3834,1729,3830,3831,1581,3833,1582,3835,1384,1390,3839,3838,3836,3837],"class_list":{"0":"post-69597","1":"product","2":"type-product","3":"status-publish","4":"has-post-thumbnail","6":"product_brand-jobe-watersports","7":"product_cat-1215","8":"product_tag-inflatable-boat-pump","9":"product_tag-inflatable-towable-tube-pump","10":"product_tag-jobe-pumpis","11":"product_tag-piepusamas-laivas-pumpis","12":"product_tag-piepusamo-puslu-pumpis","13":"product_tag-pumpji","14":"product_tag-pumps","15":"product_tag-puslu-pumpis","16":"product_tag-sup-board-pump","17":"product_tag-sup-dela-pumpis","18":"product_tag-sup-pumpis","19":"product_tag---sup-","20":"product_tag-3838","21":"product_tag-3836","22":"product_tag-3837","24":"first","25":"instock","26":"shipping-taxable","27":"purchasable","28":"product-type-simple"},"acf":[],"yoast_head":"<!-- This site is optimized with the Yoast SEO plugin v27.3 - https:\/\/yoast.com\/product\/yoast-seo-wordpress\/ -->\n<title>Jobe Turbo Pump 12V - WATERSKIS.LV<\/title>\n<meta name=\"description\" content=\"Jobe Turbo Pump 12V. \u041d\u0430\u0441\u043e\u0441 \u043f\u043e\u0441\u0442\u0430\u0432\u043b\u044f\u0435\u0442\u0441\u044f \u0441 4 \u0440\u0430\u0437\u043b\u0438\u0447\u043d\u044b\u043c\u0438 \u043d\u0430\u0441\u0430\u0434\u043a\u0430\u043c\u0438, \u043d\u0430\u0441\u0430\u0434\u043a\u043e\u0439 Halkey Roberts \u0438 \u0443\u0434\u0430\u0440\u043e\u043f\u0440\u043e\u0447\u043d\u044b\u043c \u0448\u043b\u0430\u043d\u0433\u043e\u043c, \u043a\u043e\u0442\u043e\u0440\u044b\u0439 \u043d\u0430\u043a\u0430\u0447\u0438\u0432\u0430\u0435\u0442 \u0434\u043e 2,5 psi\/0,17 \u0431\u0430\u0440\" \/>\n<meta name=\"robots\" content=\"index, follow, max-snippet:-1, max-image-preview:large, max-video-preview:-1\" \/>\n<link rel=\"canonical\" href=\"https:\/\/www.waterskis.lv\/ru\/product\/jobe-turbo-pump-12v\/\" \/>\n<meta property=\"og:locale\" content=\"ru_RU\" \/>\n<meta property=\"og:type\" content=\"article\" \/>\n<meta property=\"og:title\" content=\"Jobe Turbo Pump 12V - WATERSKIS.LV\" \/>\n<meta property=\"og:description\" content=\"Jobe Turbo Pump 12V. \u041d\u0430\u0441\u043e\u0441 \u043f\u043e\u0441\u0442\u0430\u0432\u043b\u044f\u0435\u0442\u0441\u044f \u0441 4 \u0440\u0430\u0437\u043b\u0438\u0447\u043d\u044b\u043c\u0438 \u043d\u0430\u0441\u0430\u0434\u043a\u0430\u043c\u0438, \u043d\u0430\u0441\u0430\u0434\u043a\u043e\u0439 Halkey Roberts \u0438 \u0443\u0434\u0430\u0440\u043e\u043f\u0440\u043e\u0447\u043d\u044b\u043c \u0448\u043b\u0430\u043d\u0433\u043e\u043c, \u043a\u043e\u0442\u043e\u0440\u044b\u0439 \u043d\u0430\u043a\u0430\u0447\u0438\u0432\u0430\u0435\u0442 \u0434\u043e 2,5 psi\/0,17 \u0431\u0430\u0440\" \/>\n<meta property=\"og:url\" content=\"https:\/\/www.waterskis.lv\/ru\/product\/jobe-turbo-pump-12v\/\" \/>\n<meta property=\"og:site_name\" content=\"WATERSKIS.LV\" \/>\n<meta property=\"article:publisher\" content=\"https:\/\/www.facebook.com\/jurmalawaterskiwakeboardpark\/\" \/>\n<meta property=\"article:modified_time\" content=\"2026-02-07T17:15:24+00:00\" \/>\n<meta property=\"og:image\" content=\"https:\/\/www.waterskis.lv\/wp-content\/uploads\/2026\/01\/TurboPump12V.jpg\" \/>\n\t<meta property=\"og:image:width\" content=\"1500\" \/>\n\t<meta property=\"og:image:height\" content=\"1500\" \/>\n\t<meta property=\"og:image:type\" content=\"image\/jpeg\" \/>\n<meta name=\"twitter:card\" content=\"summary_large_image\" \/>\n<meta name=\"twitter:label1\" content=\"\u041f\u0440\u0438\u043c\u0435\u0440\u043d\u043e\u0435 \u0432\u0440\u0435\u043c\u044f \u0434\u043b\u044f \u0447\u0442\u0435\u043d\u0438\u044f\" \/>\n\t<meta name=\"twitter:data1\" content=\"1 \u043c\u0438\u043d\u0443\u0442\u0430\" \/>\n<script type=\"application\/ld+json\" class=\"yoast-schema-graph\">{\"@context\":\"https:\\\/\\\/schema.org\",\"@graph\":[{\"@type\":\"WebPage\",\"@id\":\"https:\\\/\\\/www.waterskis.lv\\\/ru\\\/product\\\/jobe-turbo-pump-12v\\\/\",\"url\":\"https:\\\/\\\/www.waterskis.lv\\\/ru\\\/product\\\/jobe-turbo-pump-12v\\\/\",\"name\":\"Jobe Turbo Pump 12V - WATERSKIS.LV\",\"isPartOf\":{\"@id\":\"https:\\\/\\\/www.waterskis.lv\\\/ru\\\/#website\"},\"primaryImageOfPage\":{\"@id\":\"https:\\\/\\\/www.waterskis.lv\\\/ru\\\/product\\\/jobe-turbo-pump-12v\\\/#primaryimage\"},\"image\":{\"@id\":\"https:\\\/\\\/www.waterskis.lv\\\/ru\\\/product\\\/jobe-turbo-pump-12v\\\/#primaryimage\"},\"thumbnailUrl\":\"https:\\\/\\\/www.waterskis.lv\\\/wp-content\\\/uploads\\\/2026\\\/01\\\/TurboPump12V.jpg\",\"datePublished\":\"2026-01-07T13:37:18+00:00\",\"dateModified\":\"2026-02-07T17:15:24+00:00\",\"description\":\"Jobe Turbo Pump 12V. \u041d\u0430\u0441\u043e\u0441 \u043f\u043e\u0441\u0442\u0430\u0432\u043b\u044f\u0435\u0442\u0441\u044f \u0441 4 \u0440\u0430\u0437\u043b\u0438\u0447\u043d\u044b\u043c\u0438 \u043d\u0430\u0441\u0430\u0434\u043a\u0430\u043c\u0438, \u043d\u0430\u0441\u0430\u0434\u043a\u043e\u0439 Halkey Roberts \u0438 \u0443\u0434\u0430\u0440\u043e\u043f\u0440\u043e\u0447\u043d\u044b\u043c \u0448\u043b\u0430\u043d\u0433\u043e\u043c, \u043a\u043e\u0442\u043e\u0440\u044b\u0439 \u043d\u0430\u043a\u0430\u0447\u0438\u0432\u0430\u0435\u0442 \u0434\u043e 2,5 psi\\\/0,17 \u0431\u0430\u0440\",\"breadcrumb\":{\"@id\":\"https:\\\/\\\/www.waterskis.lv\\\/ru\\\/product\\\/jobe-turbo-pump-12v\\\/#breadcrumb\"},\"inLanguage\":\"ru-RU\",\"potentialAction\":[{\"@type\":\"ReadAction\",\"target\":[\"https:\\\/\\\/www.waterskis.lv\\\/ru\\\/product\\\/jobe-turbo-pump-12v\\\/\"]}]},{\"@type\":\"ImageObject\",\"inLanguage\":\"ru-RU\",\"@id\":\"https:\\\/\\\/www.waterskis.lv\\\/ru\\\/product\\\/jobe-turbo-pump-12v\\\/#primaryimage\",\"url\":\"https:\\\/\\\/www.waterskis.lv\\\/wp-content\\\/uploads\\\/2026\\\/01\\\/TurboPump12V.jpg\",\"contentUrl\":\"https:\\\/\\\/www.waterskis.lv\\\/wp-content\\\/uploads\\\/2026\\\/01\\\/TurboPump12V.jpg\",\"width\":1500,\"height\":1500,\"caption\":\"Jobe Turbo Pump 12V\"},{\"@type\":\"BreadcrumbList\",\"@id\":\"https:\\\/\\\/www.waterskis.lv\\\/ru\\\/product\\\/jobe-turbo-pump-12v\\\/#breadcrumb\",\"itemListElement\":[{\"@type\":\"ListItem\",\"position\":1,\"name\":\"Home\",\"item\":\"https:\\\/\\\/www.waterskis.lv\\\/ru\\\/\"},{\"@type\":\"ListItem\",\"position\":2,\"name\":\"\u041c\u0430\u0433\u0430\u0437\u0438\u043d\",\"item\":\"https:\\\/\\\/www.waterskis.lv\\\/ru\\\/%d0%bc%d0%b0%d0%b3%d0%b0%d0%b7%d0%b8%d0%bd\\\/\"},{\"@type\":\"ListItem\",\"position\":3,\"name\":\"Jobe Turbo Pump 12V\"}]},{\"@type\":\"WebSite\",\"@id\":\"https:\\\/\\\/www.waterskis.lv\\\/ru\\\/#website\",\"url\":\"https:\\\/\\\/www.waterskis.lv\\\/ru\\\/\",\"name\":\"WATERSKIS.LV\",\"description\":\"SUP d\u0113\u013ci, kajaki, kanoe, airu laivas, \u016bdenssl\u0113po\u0161ana, veikbords, SUP d\u0113\u013cu noma, kajaku nomaakt\u012bv\u0101s atp\u016btas centrs, laivu noma, sup noma, kajaku noma\",\"publisher\":{\"@id\":\"https:\\\/\\\/www.waterskis.lv\\\/ru\\\/#organization\"},\"potentialAction\":[{\"@type\":\"SearchAction\",\"target\":{\"@type\":\"EntryPoint\",\"urlTemplate\":\"https:\\\/\\\/www.waterskis.lv\\\/ru\\\/?s={search_term_string}\"},\"query-input\":{\"@type\":\"PropertyValueSpecification\",\"valueRequired\":true,\"valueName\":\"search_term_string\"}}],\"inLanguage\":\"ru-RU\"},{\"@type\":\"Organization\",\"@id\":\"https:\\\/\\\/www.waterskis.lv\\\/ru\\\/#organization\",\"name\":\"WATERSKIS.LV\",\"url\":\"https:\\\/\\\/www.waterskis.lv\\\/ru\\\/\",\"logo\":{\"@type\":\"ImageObject\",\"inLanguage\":\"ru-RU\",\"@id\":\"https:\\\/\\\/www.waterskis.lv\\\/ru\\\/#\\\/schema\\\/logo\\\/image\\\/\",\"url\":\"https:\\\/\\\/www.waterskis.lv\\\/wp-content\\\/uploads\\\/2025\\\/01\\\/JUVP-logo.png\",\"contentUrl\":\"https:\\\/\\\/www.waterskis.lv\\\/wp-content\\\/uploads\\\/2025\\\/01\\\/JUVP-logo.png\",\"width\":421,\"height\":202,\"caption\":\"WATERSKIS.LV\"},\"image\":{\"@id\":\"https:\\\/\\\/www.waterskis.lv\\\/ru\\\/#\\\/schema\\\/logo\\\/image\\\/\"},\"sameAs\":[\"https:\\\/\\\/www.facebook.com\\\/jurmalawaterskiwakeboardpark\\\/\"]}]}<\/script>\n<!-- \/ Yoast SEO plugin. -->","yoast_head_json":{"title":"Jobe Turbo Pump 12V - WATERSKIS.LV","description":"Jobe Turbo Pump 12V. \u041d\u0430\u0441\u043e\u0441 \u043f\u043e\u0441\u0442\u0430\u0432\u043b\u044f\u0435\u0442\u0441\u044f \u0441 4 \u0440\u0430\u0437\u043b\u0438\u0447\u043d\u044b\u043c\u0438 \u043d\u0430\u0441\u0430\u0434\u043a\u0430\u043c\u0438, \u043d\u0430\u0441\u0430\u0434\u043a\u043e\u0439 Halkey Roberts \u0438 \u0443\u0434\u0430\u0440\u043e\u043f\u0440\u043e\u0447\u043d\u044b\u043c \u0448\u043b\u0430\u043d\u0433\u043e\u043c, \u043a\u043e\u0442\u043e\u0440\u044b\u0439 \u043d\u0430\u043a\u0430\u0447\u0438\u0432\u0430\u0435\u0442 \u0434\u043e 2,5 psi\/0,17 \u0431\u0430\u0440","robots":{"index":"index","follow":"follow","max-snippet":"max-snippet:-1","max-image-preview":"max-image-preview:large","max-video-preview":"max-video-preview:-1"},"canonical":"https:\/\/www.waterskis.lv\/ru\/product\/jobe-turbo-pump-12v\/","og_locale":"ru_RU","og_type":"article","og_title":"Jobe Turbo Pump 12V - WATERSKIS.LV","og_description":"Jobe Turbo Pump 12V. \u041d\u0430\u0441\u043e\u0441 \u043f\u043e\u0441\u0442\u0430\u0432\u043b\u044f\u0435\u0442\u0441\u044f \u0441 4 \u0440\u0430\u0437\u043b\u0438\u0447\u043d\u044b\u043c\u0438 \u043d\u0430\u0441\u0430\u0434\u043a\u0430\u043c\u0438, \u043d\u0430\u0441\u0430\u0434\u043a\u043e\u0439 Halkey Roberts \u0438 \u0443\u0434\u0430\u0440\u043e\u043f\u0440\u043e\u0447\u043d\u044b\u043c \u0448\u043b\u0430\u043d\u0433\u043e\u043c, \u043a\u043e\u0442\u043e\u0440\u044b\u0439 \u043d\u0430\u043a\u0430\u0447\u0438\u0432\u0430\u0435\u0442 \u0434\u043e 2,5 psi\/0,17 \u0431\u0430\u0440","og_url":"https:\/\/www.waterskis.lv\/ru\/product\/jobe-turbo-pump-12v\/","og_site_name":"WATERSKIS.LV","article_publisher":"https:\/\/www.facebook.com\/jurmalawaterskiwakeboardpark\/","article_modified_time":"2026-02-07T17:15:24+00:00","og_image":[{"width":1500,"height":1500,"url":"https:\/\/www.waterskis.lv\/wp-content\/uploads\/2026\/01\/TurboPump12V.jpg","type":"image\/jpeg"}],"twitter_card":"summary_large_image","twitter_misc":{"\u041f\u0440\u0438\u043c\u0435\u0440\u043d\u043e\u0435 \u0432\u0440\u0435\u043c\u044f \u0434\u043b\u044f \u0447\u0442\u0435\u043d\u0438\u044f":"1 \u043c\u0438\u043d\u0443\u0442\u0430"},"schema":{"@context":"https:\/\/schema.org","@graph":[{"@type":"WebPage","@id":"https:\/\/www.waterskis.lv\/ru\/product\/jobe-turbo-pump-12v\/","url":"https:\/\/www.waterskis.lv\/ru\/product\/jobe-turbo-pump-12v\/","name":"Jobe Turbo Pump 12V - WATERSKIS.LV","isPartOf":{"@id":"https:\/\/www.waterskis.lv\/ru\/#website"},"primaryImageOfPage":{"@id":"https:\/\/www.waterskis.lv\/ru\/product\/jobe-turbo-pump-12v\/#primaryimage"},"image":{"@id":"https:\/\/www.waterskis.lv\/ru\/product\/jobe-turbo-pump-12v\/#primaryimage"},"thumbnailUrl":"https:\/\/www.waterskis.lv\/wp-content\/uploads\/2026\/01\/TurboPump12V.jpg","datePublished":"2026-01-07T13:37:18+00:00","dateModified":"2026-02-07T17:15:24+00:00","description":"Jobe Turbo Pump 12V. \u041d\u0430\u0441\u043e\u0441 \u043f\u043e\u0441\u0442\u0430\u0432\u043b\u044f\u0435\u0442\u0441\u044f \u0441 4 \u0440\u0430\u0437\u043b\u0438\u0447\u043d\u044b\u043c\u0438 \u043d\u0430\u0441\u0430\u0434\u043a\u0430\u043c\u0438, \u043d\u0430\u0441\u0430\u0434\u043a\u043e\u0439 Halkey Roberts \u0438 \u0443\u0434\u0430\u0440\u043e\u043f\u0440\u043e\u0447\u043d\u044b\u043c \u0448\u043b\u0430\u043d\u0433\u043e\u043c, \u043a\u043e\u0442\u043e\u0440\u044b\u0439 \u043d\u0430\u043a\u0430\u0447\u0438\u0432\u0430\u0435\u0442 \u0434\u043e 2,5 psi\/0,17 \u0431\u0430\u0440","breadcrumb":{"@id":"https:\/\/www.waterskis.lv\/ru\/product\/jobe-turbo-pump-12v\/#breadcrumb"},"inLanguage":"ru-RU","potentialAction":[{"@type":"ReadAction","target":["https:\/\/www.waterskis.lv\/ru\/product\/jobe-turbo-pump-12v\/"]}]},{"@type":"ImageObject","inLanguage":"ru-RU","@id":"https:\/\/www.waterskis.lv\/ru\/product\/jobe-turbo-pump-12v\/#primaryimage","url":"https:\/\/www.waterskis.lv\/wp-content\/uploads\/2026\/01\/TurboPump12V.jpg","contentUrl":"https:\/\/www.waterskis.lv\/wp-content\/uploads\/2026\/01\/TurboPump12V.jpg","width":1500,"height":1500,"caption":"Jobe Turbo Pump 12V"},{"@type":"BreadcrumbList","@id":"https:\/\/www.waterskis.lv\/ru\/product\/jobe-turbo-pump-12v\/#breadcrumb","itemListElement":[{"@type":"ListItem","position":1,"name":"Home","item":"https:\/\/www.waterskis.lv\/ru\/"},{"@type":"ListItem","position":2,"name":"\u041c\u0430\u0433\u0430\u0437\u0438\u043d","item":"https:\/\/www.waterskis.lv\/ru\/%d0%bc%d0%b0%d0%b3%d0%b0%d0%b7%d0%b8%d0%bd\/"},{"@type":"ListItem","position":3,"name":"Jobe Turbo Pump 12V"}]},{"@type":"WebSite","@id":"https:\/\/www.waterskis.lv\/ru\/#website","url":"https:\/\/www.waterskis.lv\/ru\/","name":"WATERSKIS.LV","description":"SUP d\u0113\u013ci, kajaki, kanoe, airu laivas, \u016bdenssl\u0113po\u0161ana, veikbords, SUP d\u0113\u013cu noma, kajaku nomaakt\u012bv\u0101s atp\u016btas centrs, laivu noma, sup noma, kajaku noma","publisher":{"@id":"https:\/\/www.waterskis.lv\/ru\/#organization"},"potentialAction":[{"@type":"SearchAction","target":{"@type":"EntryPoint","urlTemplate":"https:\/\/www.waterskis.lv\/ru\/?s={search_term_string}"},"query-input":{"@type":"PropertyValueSpecification","valueRequired":true,"valueName":"search_term_string"}}],"inLanguage":"ru-RU"},{"@type":"Organization","@id":"https:\/\/www.waterskis.lv\/ru\/#organization","name":"WATERSKIS.LV","url":"https:\/\/www.waterskis.lv\/ru\/","logo":{"@type":"ImageObject","inLanguage":"ru-RU","@id":"https:\/\/www.waterskis.lv\/ru\/#\/schema\/logo\/image\/","url":"https:\/\/www.waterskis.lv\/wp-content\/uploads\/2025\/01\/JUVP-logo.png","contentUrl":"https:\/\/www.waterskis.lv\/wp-content\/uploads\/2025\/01\/JUVP-logo.png","width":421,"height":202,"caption":"WATERSKIS.LV"},"image":{"@id":"https:\/\/www.waterskis.lv\/ru\/#\/schema\/logo\/image\/"},"sameAs":["https:\/\/www.facebook.com\/jurmalawaterskiwakeboardpark\/"]}]}},"_links":{"self":[{"href":"https:\/\/www.waterskis.lv\/ru\/wp-json\/wp\/v2\/product\/69597","targetHints":{"allow":["GET"]}}],"collection":[{"href":"https:\/\/www.waterskis.lv\/ru\/wp-json\/wp\/v2\/product"}],"about":[{"href":"https:\/\/www.waterskis.lv\/ru\/wp-json\/wp\/v2\/types\/product"}],"replies":[{"embeddable":true,"href":"https:\/\/www.waterskis.lv\/ru\/wp-json\/wp\/v2\/comments?post=69597"}],"wp:featuredmedia":[{"embeddable":true,"href":"https:\/\/www.waterskis.lv\/ru\/wp-json\/wp\/v2\/media\/69598"}],"wp:attachment":[{"href":"https:\/\/www.waterskis.lv\/ru\/wp-json\/wp\/v2\/media?parent=69597"}],"wp:term":[{"taxonomy":"product_brand","embeddable":true,"href":"https:\/\/www.waterskis.lv\/ru\/wp-json\/wp\/v2\/product_brand?post=69597"},{"taxonomy":"product_cat","embeddable":true,"href":"https:\/\/www.waterskis.lv\/ru\/wp-json\/wp\/v2\/product_cat?post=69597"},{"taxonomy":"product_tag","embeddable":true,"href":"https:\/\/www.waterskis.lv\/ru\/wp-json\/wp\/v2\/product_tag?post=69597"}],"curies":[{"name":"wp","href":"https:\/\/api.w.org\/{rel}","templated":true}]}}