{"id":69621,"date":"2026-01-07T18:04:29","date_gmt":"2026-01-07T16:04:29","guid":{"rendered":"https:\/\/www.waterskis.lv\/product\/jobe-neoprene-life-vest-men-lime-green\/"},"modified":"2026-02-07T09:40:11","modified_gmt":"2026-02-07T07:40:11","slug":"jobe-neoprene-life-vest-men-lime-green","status":"publish","type":"product","link":"https:\/\/www.waterskis.lv\/ru\/product\/jobe-neoprene-life-vest-men-lime-green\/","title":{"rendered":"Jobe Neoprene Life Vest Men Lime Green"},"content":{"rendered":"<h1 class=\"productTitle s-hide\">Jobe Neoprene Life Vest Men Lime Green<\/h1>\n<p class=\"productTitle s-hide\">Jobe Neoprene Life Vest Men Lime Green<\/p>\n<div class=\"paragraph mt10 col-12\"><span class=\"s-hide\">Product ID\u00a0244922004<\/span><\/div>\n<div><\/div>\n<div>\n<p>Specifik\u0101cijas<\/p>\n<p>\u0425\u0430\u0440\u0430\u043a\u0442\u0435\u0440\u0438\u0441\u0442\u0438\u043a\u0438 \u043c\u0443\u0436\u0441\u043a\u043e\u0433\u043e \u043d\u0435\u043e\u043f\u0440\u0435\u043d\u043e\u0432\u043e\u0433\u043e \u0441\u043f\u0430\u0441\u0430\u0442\u0435\u043b\u044c\u043d\u043e\u0433\u043e \u0436\u0438\u043b\u0435\u0442\u0430 Jobe, \u0441\u0430\u043b\u0430\u0442\u043e\u0432\u044b\u0439 \u0446\u0432\u0435\u0442<br \/>\n\u041c\u0443\u0436\u0441\u043a\u043e\u0439 \u043d\u0435\u043e\u043f\u0440\u0435\u043d\u043e\u0432\u044b\u0439 \u0436\u0438\u043b\u0435\u0442 Jobe \u0438\u0437\u0433\u043e\u0442\u043e\u0432\u043b\u0435\u043d \u0438\u0437 \u0441\u0430\u043c\u043e\u0433\u043e \u043c\u044f\u0433\u043a\u043e\u0433\u043e \u0438 \u043a\u043e\u043c\u0444\u043e\u0440\u0442\u043d\u043e\u0433\u043e \u043d\u0435\u043e\u043f\u0440\u0435\u043d\u0430. \u042d\u0442\u043e\u0442 \u0436\u0438\u043b\u0435\u0442 \u043e\u0441\u043d\u0430\u0449\u0435\u043d \u043f\u0435\u0440\u0435\u0434\u043d\u0435\u0439 \u043c\u043e\u043b\u043d\u0438\u0435\u0439 YKK, \u043f\u0440\u043e\u0447\u043d\u044b\u043c\u0438 \u043f\u0440\u044f\u0436\u043a\u0430\u043c\u0438 YKK \u0438 \u0440\u0435\u0433\u0443\u043b\u0438\u0440\u0443\u0435\u043c\u044b\u043c\u0438 \u0440\u0435\u043c\u043d\u044f\u043c\u0438. \u041c\u044f\u0433\u043a\u0430\u044f \u041f\u0412\u0425-\u043f\u0435\u043d\u0430 \u0443\u0441\u0442\u0430\u043d\u0430\u0432\u043b\u0438\u0432\u0430\u0435\u0442 \u043d\u043e\u0432\u044b\u0439 \u043e\u0442\u0440\u0430\u0441\u043b\u0435\u0432\u043e\u0439 \u0441\u0442\u0430\u043d\u0434\u0430\u0440\u0442 \u0438 \u0434\u0435\u043b\u0430\u0435\u0442 \u044d\u0442\u043e\u0442 \u0436\u0438\u043b\u0435\u0442, \u0441\u0435\u0440\u0442\u0438\u0444\u0438\u0446\u0438\u0440\u043e\u0432\u0430\u043d\u043d\u044b\u0439 \u043f\u043e \u0441\u0442\u0430\u043d\u0434\u0430\u0440\u0442\u0443 ISO 50N, \u043e\u0447\u0435\u043d\u044c \u043c\u044f\u0433\u043a\u0438\u043c, \u0433\u0438\u0431\u043a\u0438\u043c \u0438 \u0443\u0434\u043e\u0431\u043d\u044b\u043c. \u041a D-\u043e\u0431\u0440\u0430\u0437\u043d\u043e\u043c\u0443 \u043a\u043e\u043b\u044c\u0446\u0443 \u043d\u0430 \u043f\u0435\u0440\u0435\u0434\u043d\u0435\u0439 \u0447\u0430\u0441\u0442\u0438 \u0436\u0438\u043b\u0435\u0442\u0430 \u043c\u043e\u0436\u043d\u043e \u043f\u0440\u0438\u043a\u0440\u0435\u043f\u0438\u0442\u044c \u0430\u0432\u0430\u0440\u0438\u0439\u043d\u044b\u0439 \u0448\u043d\u0443\u0440.<\/p>\n<p>\u0421\u0435\u0440\u0442\u0438\u0444\u0438\u0446\u0438\u0440\u043e\u0432\u0430\u043d\u043e \u043f\u043e \u0441\u0442\u0430\u043d\u0434\u0430\u0440\u0442\u0443 ISO 50N (\u0441\u043f\u0430\u0441\u0430\u0442\u0435\u043b\u044c\u043d\u044b\u0439 \u0436\u0438\u043b\u0435\u0442)<br \/>\n\u0418\u0434\u0435\u0430\u043b\u044c\u043d\u0430\u044f \u043f\u043e\u0441\u0430\u0434\u043a\u0430: \u0431\u043e\u043b\u044c\u0448\u0435 \u043a\u043e\u043c\u0444\u043e\u0440\u0442\u0430 \u0438 \u0431\u0435\u0437\u043e\u043f\u0430\u0441\u043d\u043e\u0441\u0442\u0438<br \/>\n\u0418\u0437\u0433\u043e\u0442\u043e\u0432\u043b\u0435\u043d\u043e \u0438\u0437 30% \u043d\u0435\u043e\u043f\u0440\u0435\u043d\u0430 \u043d\u0430 \u043e\u0441\u043d\u043e\u0432\u0435 \u0438\u0437\u0432\u0435\u0441\u0442\u043d\u044f\u043a\u0430<br \/>\n\u0414\u043e\u0441\u0442\u0443\u043f\u043d\u044b \u0431\u043e\u043b\u044c\u0448\u0438\u0435 \u0440\u0430\u0437\u043c\u0435\u0440\u044b<br \/>\n\u0420\u0435\u0433\u0443\u043b\u0438\u0440\u0443\u0435\u043c\u044b\u0439 \u0440\u0435\u043c\u0435\u043d\u044c: 3,8 \u0441\u043c (2 \u0448\u0442.)<br \/>\nD-\u043e\u0431\u0440\u0430\u0437\u043d\u043e\u0435 \u043a\u043e\u043b\u044c\u0446\u043e<br \/>\n\u041f\u0435\u0440\u0435\u0434\u043d\u044f\u044f \u043c\u043e\u043b\u043d\u0438\u044f \u0434\u043b\u044f \u0431\u044b\u0441\u0442\u0440\u043e\u0433\u043e \u043d\u0430\u0434\u0435\u0432\u0430\u043d\u0438\u044f<br \/>\n\u041f\u0440\u0435\u0434\u043e\u0445\u0440\u0430\u043d\u0438\u0442\u0435\u043b\u044c\u043d\u043e\u0435 D-\u043e\u0431\u0440\u0430\u0437\u043d\u043e\u0435 \u043a\u043e\u043b\u044c\u0446\u043e \u0434\u043b\u044f \u043a\u0440\u0435\u043f\u043b\u0435\u043d\u0438\u044f \u0430\u0432\u0430\u0440\u0438\u0439\u043d\u043e\u0433\u043e \u0448\u043d\u0443\u0440\u0430<br \/>\n\u041c\u044f\u0433\u043a\u0430\u044f \u0438 \u044d\u043b\u0430\u0441\u0442\u0438\u0447\u043d\u0430\u044f \u043d\u0435\u043e\u043f\u0440\u0435\u043d\u043e\u0432\u0430\u044f \u0442\u043a\u0430\u043d\u044c<br \/>\n\u041c\u044f\u0433\u043a\u0430\u044f \u043f\u0435\u043d\u0430 \u041f\u0412\u0425<br \/>\n\u0420\u0430\u0437\u0434\u0435\u043b\u0435\u043d\u043d\u044b\u0435 \u043f\u0435\u043d\u043e\u043f\u043b\u0430\u0441\u0442\u043e\u0432\u044b\u0435 \u043f\u0430\u043d\u0435\u043b\u0438 \u0434\u043b\u044f \u043c\u0430\u043a\u0441\u0438\u043c\u0430\u043b\u044c\u043d\u043e\u0439 \u0441\u0432\u043e\u0431\u043e\u0434\u044b \u0434\u0432\u0438\u0436\u0435\u043d\u0438\u0439<br \/>\n\u0421\u0438\u0441\u0442\u0435\u043c\u0430 \u043e\u0442\u0432\u043e\u0434\u0430 \u0432\u043e\u0434\u044b<br \/>\n\u041f\u0440\u043e\u0447\u043d\u0430\u044f \u043f\u0440\u044f\u0436\u043a\u0430 \u0438 \u043c\u043e\u043b\u043d\u0438\u044f YKK<\/p>\n<div class=\"switch\"><label class=\"switch-label switch-label-off\" tabindex=\"0\" for=\"view_cm\">CM<\/label><\/div>\n<table class=\"size_guide\">\n<thead>\n<tr>\n<th>Size<\/th>\n<th>Chest\u00a0<span class=\"sg_cm\">(CM)<\/span><\/th>\n<th>Waist\u00a0<span class=\"sg_cm\">(CM)<\/span><\/th>\n<\/tr>\n<\/thead>\n<tbody>\n<tr>\n<td>S<\/td>\n<td><span class=\"sg_cm\">94-98<\/span><\/td>\n<td><span class=\"sg_cm\">84-88<\/span><\/td>\n<\/tr>\n<tr>\n<td>M<\/td>\n<td><span class=\"sg_cm\">98-102<\/span><\/td>\n<td><span class=\"sg_cm\">88-92<\/span><\/td>\n<\/tr>\n<tr>\n<td>L<\/td>\n<td><span class=\"sg_cm\">102-106<\/span><\/td>\n<td><span class=\"sg_cm\">92-96<\/span><\/td>\n<\/tr>\n<tr>\n<td>XL<\/td>\n<td><span class=\"sg_cm\">106-110<\/span><\/td>\n<td><span class=\"sg_cm\">96-100<\/span><\/td>\n<\/tr>\n<tr>\n<td>XL+<\/td>\n<td><span class=\"sg_cm\">106-112<\/span><\/td>\n<td><span class=\"sg_cm\">96-104<\/span><\/td>\n<\/tr>\n<tr>\n<td>2XL+<\/td>\n<td><span class=\"sg_cm\">112-118<\/span><\/td>\n<td><span class=\"sg_cm\">104-112<\/span><\/td>\n<\/tr>\n<tr>\n<td>3XL+<\/td>\n<td><span class=\"sg_cm\">118-124<\/span><\/td>\n<td><span class=\"sg_cm\">112-120<\/span><\/td>\n<\/tr>\n<\/tbody>\n<\/table>\n<\/div>\n<p>&nbsp;<\/p>\n<div class=\"col-12 mb10\">\n<div class=\"col-6\">\n<div class=\"image\"><img decoding=\"async\" src=\"https:\/\/www.jobesports.com\/uploads\/base\/size_guide\/mens-life-vests-2020-neoprenesegmentunify-1603291989.jpg\" alt=\"Size table\" \/><\/div>\n<\/div>\n<div class=\"col-6 col-padding-left\"><span class=\"boldTitleFont uppercase blackColor fs18 col-12\">How to measure<\/span>1. Place the tape under your arms. Measure the chest at the widest part.<br \/>\n2. Measure around the narrowest part of your waist.<\/div>\n<\/div>\n<p>&nbsp;<\/p>\n<div class=\"switch\">Inch<\/div>\n<table class=\"size_guide\">\n<thead>\n<tr>\n<th><span style=\"font-weight: 400;\">Size<\/span><\/th>\n<th><span style=\"font-weight: 400;\">Chest\u00a0<span class=\"sg_in\">(Inch)<\/span><\/span><\/th>\n<th><span style=\"font-weight: 400;\">Waist\u00a0<span class=\"sg_in\">(Inch)<\/span><\/span><\/th>\n<\/tr>\n<\/thead>\n<tbody>\n<tr>\n<td>S<\/td>\n<td><span class=\"sg_in\">37.01-38.58<\/span><\/td>\n<td><span class=\"sg_in\">33.07-34.65<\/span><\/td>\n<\/tr>\n<tr>\n<td>M<\/td>\n<td><span class=\"sg_in\">38.58-40.16<\/span><\/td>\n<td><span class=\"sg_in\">34.65-36.22<\/span><\/td>\n<\/tr>\n<tr>\n<td>L<\/td>\n<td><span class=\"sg_in\">40.16-41.73<\/span><\/td>\n<td><span class=\"sg_in\">36.22-37.8<\/span><\/td>\n<\/tr>\n<tr>\n<td>XL<\/td>\n<td><span class=\"sg_in\">41.73-43.31<\/span><\/td>\n<td><span class=\"sg_in\">37.8-39.37<\/span><\/td>\n<\/tr>\n<tr>\n<td>XL+<\/td>\n<td><span class=\"sg_in\">41.73-44.09<\/span><\/td>\n<td><span class=\"sg_in\">37.8-40.94<\/span><\/td>\n<\/tr>\n<tr>\n<td>2XL+<\/td>\n<td><span class=\"sg_in\">44.09-46.46<\/span><\/td>\n<td><span class=\"sg_in\">40.94-44.09<\/span><\/td>\n<\/tr>\n<tr>\n<td>3XL+<\/td>\n<td><span class=\"sg_in\">46.46-48.82<\/span><\/td>\n<td><span class=\"sg_in\">44.09-47.24<\/span><\/td>\n<\/tr>\n<\/tbody>\n<\/table>\n","protected":false},"excerpt":{"rendered":"<p>Jobe Neoprene Life Vest Men Lime Green Jobe Neoprene Life Vest Men Lime Green Product ID\u00a0244922004 Specifik\u0101cijas \u0425\u0430\u0440\u0430\u043a\u0442\u0435\u0440\u0438\u0441\u0442\u0438\u043a\u0438 \u043c\u0443\u0436\u0441\u043a\u043e\u0433\u043e \u043d\u0435\u043e\u043f\u0440\u0435\u043d\u043e\u0432\u043e\u0433\u043e \u0441\u043f\u0430\u0441\u0430\u0442\u0435\u043b\u044c\u043d\u043e\u0433\u043e \u0436\u0438\u043b\u0435\u0442\u0430 Jobe, \u0441\u0430\u043b\u0430\u0442\u043e\u0432\u044b\u0439 \u0446\u0432\u0435\u0442 \u041c\u0443\u0436\u0441\u043a\u043e\u0439 \u043d\u0435\u043e\u043f\u0440\u0435\u043d\u043e\u0432\u044b\u0439 \u0436\u0438\u043b\u0435\u0442 Jobe \u0438\u0437\u0433\u043e\u0442\u043e\u0432\u043b\u0435\u043d \u0438\u0437 \u0441\u0430\u043c\u043e\u0433\u043e \u043c\u044f\u0433\u043a\u043e\u0433\u043e \u0438 \u043a\u043e\u043c\u0444\u043e\u0440\u0442\u043d\u043e\u0433\u043e \u043d\u0435\u043e\u043f\u0440\u0435\u043d\u0430. \u042d\u0442\u043e\u0442 \u0436\u0438\u043b\u0435\u0442 \u043e\u0441\u043d\u0430\u0449\u0435\u043d \u043f\u0435\u0440\u0435\u0434\u043d\u0435\u0439 \u043c\u043e\u043b\u043d\u0438\u0435\u0439 YKK, \u043f\u0440\u043e\u0447\u043d\u044b\u043c\u0438 \u043f\u0440\u044f\u0436\u043a\u0430\u043c\u0438 YKK \u0438 \u0440\u0435\u0433\u0443\u043b\u0438\u0440\u0443\u0435\u043c\u044b\u043c\u0438 \u0440\u0435\u043c\u043d\u044f\u043c\u0438. \u041c\u044f\u0433\u043a\u0430\u044f \u041f\u0412\u0425-\u043f\u0435\u043d\u0430 \u0443\u0441\u0442\u0430\u043d\u0430\u0432\u043b\u0438\u0432\u0430\u0435\u0442 \u043d\u043e\u0432\u044b\u0439 \u043e\u0442\u0440\u0430\u0441\u043b\u0435\u0432\u043e\u0439 \u0441\u0442\u0430\u043d\u0434\u0430\u0440\u0442 \u0438 [&#8230;]<\/p>\n<p><a class=\"btn btn-secondary understrap-read-more-link\" href=\"https:\/\/www.waterskis.lv\/ru\/product\/jobe-neoprene-life-vest-men-lime-green\/\">\u0427\u0438\u0442\u0430\u0442\u044c \u0434\u0430\u043b\u044c\u0448\u0435\u2026<\/a><\/p>\n","protected":false},"featured_media":69622,"comment_status":"closed","ping_status":"closed","template":"","meta":{"_acf_changed":false,"inline_featured_image":false},"product_brand":[1330],"product_cat":[366],"product_tag":[3611,3612,1278,1585,1446,3550,3613,1447,1448,3614,3615,1609],"class_list":{"0":"post-69621","1":"product","2":"type-product","3":"status-publish","4":"has-post-thumbnail","6":"product_brand-jobe-watersports","7":"product_cat-366","8":"product_tag-buoyancy-aid","9":"product_tag-certified-life-jacket","10":"product_tag-glabsanas-veste","11":"product_tag-jobe-glabsanas-veste","12":"product_tag-jobe-veste","13":"product_tag-jobe-watersports","14":"product_tag-life-jacket","15":"product_tag-neoprena-veste","16":"product_tag-peldveste","17":"product_tag-sertificeta-glabsanas-veste","18":"product_tag-3615","19":"product_tag-1609","21":"first","22":"instock","23":"shipping-taxable","24":"purchasable","25":"product-type-simple"},"acf":[],"yoast_head":"<!-- This site is optimized with the Yoast SEO plugin v27.3 - https:\/\/yoast.com\/product\/yoast-seo-wordpress\/ -->\n<title>Jobe Neoprene Life Vest Men Lime Green - WATERSKIS.LV<\/title>\n<meta name=\"description\" content=\"Jobe Neoprene Life Vest Men Lime Green \u0438\u0437\u0433\u043e\u0442\u043e\u0432\u043b\u0435\u043d \u0438\u0437 \u0441\u0430\u043c\u043e\u0433\u043e \u043c\u044f\u0433\u043a\u043e\u0433\u043e \u0438 \u043a\u043e\u043c\u0444\u043e\u0440\u0442\u043d\u043e\u0433\u043e \u043d\u0435\u043e\u043f\u0440\u0435\u043d\u0430. \u042d\u0442\u043e\u0442 \u0436\u0438\u043b\u0435\u0442 \u043e\u0441\u043d\u0430\u0449\u0435\u043d \u043f\u0435\u0440\u0435\u0434\u043d\u0435\u0439 \u043c\u043e\u043b\u043d\u0438\u0435\u0439 YKK,\" \/>\n<meta name=\"robots\" content=\"index, follow, max-snippet:-1, max-image-preview:large, max-video-preview:-1\" \/>\n<link rel=\"canonical\" href=\"https:\/\/www.waterskis.lv\/ru\/product\/jobe-neoprene-life-vest-men-lime-green\/\" \/>\n<meta property=\"og:locale\" content=\"ru_RU\" \/>\n<meta property=\"og:type\" content=\"article\" \/>\n<meta property=\"og:title\" content=\"Jobe Neoprene Life Vest Men Lime Green - WATERSKIS.LV\" \/>\n<meta property=\"og:description\" content=\"Jobe Neoprene Life Vest Men Lime Green \u0438\u0437\u0433\u043e\u0442\u043e\u0432\u043b\u0435\u043d \u0438\u0437 \u0441\u0430\u043c\u043e\u0433\u043e \u043c\u044f\u0433\u043a\u043e\u0433\u043e \u0438 \u043a\u043e\u043c\u0444\u043e\u0440\u0442\u043d\u043e\u0433\u043e \u043d\u0435\u043e\u043f\u0440\u0435\u043d\u0430. \u042d\u0442\u043e\u0442 \u0436\u0438\u043b\u0435\u0442 \u043e\u0441\u043d\u0430\u0449\u0435\u043d \u043f\u0435\u0440\u0435\u0434\u043d\u0435\u0439 \u043c\u043e\u043b\u043d\u0438\u0435\u0439 YKK,\" \/>\n<meta property=\"og:url\" content=\"https:\/\/www.waterskis.lv\/ru\/product\/jobe-neoprene-life-vest-men-lime-green\/\" \/>\n<meta property=\"og:site_name\" content=\"WATERSKIS.LV\" \/>\n<meta property=\"article:publisher\" content=\"https:\/\/www.facebook.com\/jurmalawaterskiwakeboardpark\/\" \/>\n<meta property=\"article:modified_time\" content=\"2026-02-07T07:40:11+00:00\" \/>\n<meta property=\"og:image\" content=\"https:\/\/www.waterskis.lv\/wp-content\/uploads\/2026\/01\/VesteNeoprena.jpg\" \/>\n\t<meta property=\"og:image:width\" content=\"1500\" \/>\n\t<meta property=\"og:image:height\" content=\"1500\" \/>\n\t<meta property=\"og:image:type\" content=\"image\/jpeg\" \/>\n<meta name=\"twitter:card\" content=\"summary_large_image\" \/>\n<meta name=\"twitter:label1\" content=\"\u041f\u0440\u0438\u043c\u0435\u0440\u043d\u043e\u0435 \u0432\u0440\u0435\u043c\u044f \u0434\u043b\u044f \u0447\u0442\u0435\u043d\u0438\u044f\" \/>\n\t<meta name=\"twitter:data1\" content=\"2 \u043c\u0438\u043d\u0443\u0442\u044b\" \/>\n<script type=\"application\/ld+json\" class=\"yoast-schema-graph\">{\"@context\":\"https:\\\/\\\/schema.org\",\"@graph\":[{\"@type\":\"WebPage\",\"@id\":\"https:\\\/\\\/www.waterskis.lv\\\/ru\\\/product\\\/jobe-neoprene-life-vest-men-lime-green\\\/\",\"url\":\"https:\\\/\\\/www.waterskis.lv\\\/ru\\\/product\\\/jobe-neoprene-life-vest-men-lime-green\\\/\",\"name\":\"Jobe Neoprene Life Vest Men Lime Green - WATERSKIS.LV\",\"isPartOf\":{\"@id\":\"https:\\\/\\\/www.waterskis.lv\\\/ru\\\/#website\"},\"primaryImageOfPage\":{\"@id\":\"https:\\\/\\\/www.waterskis.lv\\\/ru\\\/product\\\/jobe-neoprene-life-vest-men-lime-green\\\/#primaryimage\"},\"image\":{\"@id\":\"https:\\\/\\\/www.waterskis.lv\\\/ru\\\/product\\\/jobe-neoprene-life-vest-men-lime-green\\\/#primaryimage\"},\"thumbnailUrl\":\"https:\\\/\\\/www.waterskis.lv\\\/wp-content\\\/uploads\\\/2026\\\/01\\\/VesteNeoprena.jpg\",\"datePublished\":\"2026-01-07T16:04:29+00:00\",\"dateModified\":\"2026-02-07T07:40:11+00:00\",\"description\":\"Jobe Neoprene Life Vest Men Lime Green \u0438\u0437\u0433\u043e\u0442\u043e\u0432\u043b\u0435\u043d \u0438\u0437 \u0441\u0430\u043c\u043e\u0433\u043e \u043c\u044f\u0433\u043a\u043e\u0433\u043e \u0438 \u043a\u043e\u043c\u0444\u043e\u0440\u0442\u043d\u043e\u0433\u043e \u043d\u0435\u043e\u043f\u0440\u0435\u043d\u0430. \u042d\u0442\u043e\u0442 \u0436\u0438\u043b\u0435\u0442 \u043e\u0441\u043d\u0430\u0449\u0435\u043d \u043f\u0435\u0440\u0435\u0434\u043d\u0435\u0439 \u043c\u043e\u043b\u043d\u0438\u0435\u0439 YKK,\",\"breadcrumb\":{\"@id\":\"https:\\\/\\\/www.waterskis.lv\\\/ru\\\/product\\\/jobe-neoprene-life-vest-men-lime-green\\\/#breadcrumb\"},\"inLanguage\":\"ru-RU\",\"potentialAction\":[{\"@type\":\"ReadAction\",\"target\":[\"https:\\\/\\\/www.waterskis.lv\\\/ru\\\/product\\\/jobe-neoprene-life-vest-men-lime-green\\\/\"]}]},{\"@type\":\"ImageObject\",\"inLanguage\":\"ru-RU\",\"@id\":\"https:\\\/\\\/www.waterskis.lv\\\/ru\\\/product\\\/jobe-neoprene-life-vest-men-lime-green\\\/#primaryimage\",\"url\":\"https:\\\/\\\/www.waterskis.lv\\\/wp-content\\\/uploads\\\/2026\\\/01\\\/VesteNeoprena.jpg\",\"contentUrl\":\"https:\\\/\\\/www.waterskis.lv\\\/wp-content\\\/uploads\\\/2026\\\/01\\\/VesteNeoprena.jpg\",\"width\":1500,\"height\":1500,\"caption\":\"Jobe Neoprene Life Vest Men Lime Green\"},{\"@type\":\"BreadcrumbList\",\"@id\":\"https:\\\/\\\/www.waterskis.lv\\\/ru\\\/product\\\/jobe-neoprene-life-vest-men-lime-green\\\/#breadcrumb\",\"itemListElement\":[{\"@type\":\"ListItem\",\"position\":1,\"name\":\"Home\",\"item\":\"https:\\\/\\\/www.waterskis.lv\\\/ru\\\/\"},{\"@type\":\"ListItem\",\"position\":2,\"name\":\"\u041c\u0430\u0433\u0430\u0437\u0438\u043d\",\"item\":\"https:\\\/\\\/www.waterskis.lv\\\/ru\\\/%d0%bc%d0%b0%d0%b3%d0%b0%d0%b7%d0%b8%d0%bd\\\/\"},{\"@type\":\"ListItem\",\"position\":3,\"name\":\"Jobe Neoprene Life Vest Men Lime Green\"}]},{\"@type\":\"WebSite\",\"@id\":\"https:\\\/\\\/www.waterskis.lv\\\/ru\\\/#website\",\"url\":\"https:\\\/\\\/www.waterskis.lv\\\/ru\\\/\",\"name\":\"WATERSKIS.LV\",\"description\":\"SUP d\u0113\u013ci, kajaki, kanoe, airu laivas, \u016bdenssl\u0113po\u0161ana, veikbords, SUP d\u0113\u013cu noma, kajaku nomaakt\u012bv\u0101s atp\u016btas centrs, laivu noma, sup noma, kajaku noma\",\"publisher\":{\"@id\":\"https:\\\/\\\/www.waterskis.lv\\\/ru\\\/#organization\"},\"potentialAction\":[{\"@type\":\"SearchAction\",\"target\":{\"@type\":\"EntryPoint\",\"urlTemplate\":\"https:\\\/\\\/www.waterskis.lv\\\/ru\\\/?s={search_term_string}\"},\"query-input\":{\"@type\":\"PropertyValueSpecification\",\"valueRequired\":true,\"valueName\":\"search_term_string\"}}],\"inLanguage\":\"ru-RU\"},{\"@type\":\"Organization\",\"@id\":\"https:\\\/\\\/www.waterskis.lv\\\/ru\\\/#organization\",\"name\":\"WATERSKIS.LV\",\"url\":\"https:\\\/\\\/www.waterskis.lv\\\/ru\\\/\",\"logo\":{\"@type\":\"ImageObject\",\"inLanguage\":\"ru-RU\",\"@id\":\"https:\\\/\\\/www.waterskis.lv\\\/ru\\\/#\\\/schema\\\/logo\\\/image\\\/\",\"url\":\"https:\\\/\\\/www.waterskis.lv\\\/wp-content\\\/uploads\\\/2025\\\/01\\\/JUVP-logo.png\",\"contentUrl\":\"https:\\\/\\\/www.waterskis.lv\\\/wp-content\\\/uploads\\\/2025\\\/01\\\/JUVP-logo.png\",\"width\":421,\"height\":202,\"caption\":\"WATERSKIS.LV\"},\"image\":{\"@id\":\"https:\\\/\\\/www.waterskis.lv\\\/ru\\\/#\\\/schema\\\/logo\\\/image\\\/\"},\"sameAs\":[\"https:\\\/\\\/www.facebook.com\\\/jurmalawaterskiwakeboardpark\\\/\"]}]}<\/script>\n<!-- \/ Yoast SEO plugin. -->","yoast_head_json":{"title":"Jobe Neoprene Life Vest Men Lime Green - WATERSKIS.LV","description":"Jobe Neoprene Life Vest Men Lime Green \u0438\u0437\u0433\u043e\u0442\u043e\u0432\u043b\u0435\u043d \u0438\u0437 \u0441\u0430\u043c\u043e\u0433\u043e \u043c\u044f\u0433\u043a\u043e\u0433\u043e \u0438 \u043a\u043e\u043c\u0444\u043e\u0440\u0442\u043d\u043e\u0433\u043e \u043d\u0435\u043e\u043f\u0440\u0435\u043d\u0430. \u042d\u0442\u043e\u0442 \u0436\u0438\u043b\u0435\u0442 \u043e\u0441\u043d\u0430\u0449\u0435\u043d \u043f\u0435\u0440\u0435\u0434\u043d\u0435\u0439 \u043c\u043e\u043b\u043d\u0438\u0435\u0439 YKK,","robots":{"index":"index","follow":"follow","max-snippet":"max-snippet:-1","max-image-preview":"max-image-preview:large","max-video-preview":"max-video-preview:-1"},"canonical":"https:\/\/www.waterskis.lv\/ru\/product\/jobe-neoprene-life-vest-men-lime-green\/","og_locale":"ru_RU","og_type":"article","og_title":"Jobe Neoprene Life Vest Men Lime Green - WATERSKIS.LV","og_description":"Jobe Neoprene Life Vest Men Lime Green \u0438\u0437\u0433\u043e\u0442\u043e\u0432\u043b\u0435\u043d \u0438\u0437 \u0441\u0430\u043c\u043e\u0433\u043e \u043c\u044f\u0433\u043a\u043e\u0433\u043e \u0438 \u043a\u043e\u043c\u0444\u043e\u0440\u0442\u043d\u043e\u0433\u043e \u043d\u0435\u043e\u043f\u0440\u0435\u043d\u0430. \u042d\u0442\u043e\u0442 \u0436\u0438\u043b\u0435\u0442 \u043e\u0441\u043d\u0430\u0449\u0435\u043d \u043f\u0435\u0440\u0435\u0434\u043d\u0435\u0439 \u043c\u043e\u043b\u043d\u0438\u0435\u0439 YKK,","og_url":"https:\/\/www.waterskis.lv\/ru\/product\/jobe-neoprene-life-vest-men-lime-green\/","og_site_name":"WATERSKIS.LV","article_publisher":"https:\/\/www.facebook.com\/jurmalawaterskiwakeboardpark\/","article_modified_time":"2026-02-07T07:40:11+00:00","og_image":[{"width":1500,"height":1500,"url":"https:\/\/www.waterskis.lv\/wp-content\/uploads\/2026\/01\/VesteNeoprena.jpg","type":"image\/jpeg"}],"twitter_card":"summary_large_image","twitter_misc":{"\u041f\u0440\u0438\u043c\u0435\u0440\u043d\u043e\u0435 \u0432\u0440\u0435\u043c\u044f \u0434\u043b\u044f \u0447\u0442\u0435\u043d\u0438\u044f":"2 \u043c\u0438\u043d\u0443\u0442\u044b"},"schema":{"@context":"https:\/\/schema.org","@graph":[{"@type":"WebPage","@id":"https:\/\/www.waterskis.lv\/ru\/product\/jobe-neoprene-life-vest-men-lime-green\/","url":"https:\/\/www.waterskis.lv\/ru\/product\/jobe-neoprene-life-vest-men-lime-green\/","name":"Jobe Neoprene Life Vest Men Lime Green - WATERSKIS.LV","isPartOf":{"@id":"https:\/\/www.waterskis.lv\/ru\/#website"},"primaryImageOfPage":{"@id":"https:\/\/www.waterskis.lv\/ru\/product\/jobe-neoprene-life-vest-men-lime-green\/#primaryimage"},"image":{"@id":"https:\/\/www.waterskis.lv\/ru\/product\/jobe-neoprene-life-vest-men-lime-green\/#primaryimage"},"thumbnailUrl":"https:\/\/www.waterskis.lv\/wp-content\/uploads\/2026\/01\/VesteNeoprena.jpg","datePublished":"2026-01-07T16:04:29+00:00","dateModified":"2026-02-07T07:40:11+00:00","description":"Jobe Neoprene Life Vest Men Lime Green \u0438\u0437\u0433\u043e\u0442\u043e\u0432\u043b\u0435\u043d \u0438\u0437 \u0441\u0430\u043c\u043e\u0433\u043e \u043c\u044f\u0433\u043a\u043e\u0433\u043e \u0438 \u043a\u043e\u043c\u0444\u043e\u0440\u0442\u043d\u043e\u0433\u043e \u043d\u0435\u043e\u043f\u0440\u0435\u043d\u0430. \u042d\u0442\u043e\u0442 \u0436\u0438\u043b\u0435\u0442 \u043e\u0441\u043d\u0430\u0449\u0435\u043d \u043f\u0435\u0440\u0435\u0434\u043d\u0435\u0439 \u043c\u043e\u043b\u043d\u0438\u0435\u0439 YKK,","breadcrumb":{"@id":"https:\/\/www.waterskis.lv\/ru\/product\/jobe-neoprene-life-vest-men-lime-green\/#breadcrumb"},"inLanguage":"ru-RU","potentialAction":[{"@type":"ReadAction","target":["https:\/\/www.waterskis.lv\/ru\/product\/jobe-neoprene-life-vest-men-lime-green\/"]}]},{"@type":"ImageObject","inLanguage":"ru-RU","@id":"https:\/\/www.waterskis.lv\/ru\/product\/jobe-neoprene-life-vest-men-lime-green\/#primaryimage","url":"https:\/\/www.waterskis.lv\/wp-content\/uploads\/2026\/01\/VesteNeoprena.jpg","contentUrl":"https:\/\/www.waterskis.lv\/wp-content\/uploads\/2026\/01\/VesteNeoprena.jpg","width":1500,"height":1500,"caption":"Jobe Neoprene Life Vest Men Lime Green"},{"@type":"BreadcrumbList","@id":"https:\/\/www.waterskis.lv\/ru\/product\/jobe-neoprene-life-vest-men-lime-green\/#breadcrumb","itemListElement":[{"@type":"ListItem","position":1,"name":"Home","item":"https:\/\/www.waterskis.lv\/ru\/"},{"@type":"ListItem","position":2,"name":"\u041c\u0430\u0433\u0430\u0437\u0438\u043d","item":"https:\/\/www.waterskis.lv\/ru\/%d0%bc%d0%b0%d0%b3%d0%b0%d0%b7%d0%b8%d0%bd\/"},{"@type":"ListItem","position":3,"name":"Jobe Neoprene Life Vest Men Lime Green"}]},{"@type":"WebSite","@id":"https:\/\/www.waterskis.lv\/ru\/#website","url":"https:\/\/www.waterskis.lv\/ru\/","name":"WATERSKIS.LV","description":"SUP d\u0113\u013ci, kajaki, kanoe, airu laivas, \u016bdenssl\u0113po\u0161ana, veikbords, SUP d\u0113\u013cu noma, kajaku nomaakt\u012bv\u0101s atp\u016btas centrs, laivu noma, sup noma, kajaku noma","publisher":{"@id":"https:\/\/www.waterskis.lv\/ru\/#organization"},"potentialAction":[{"@type":"SearchAction","target":{"@type":"EntryPoint","urlTemplate":"https:\/\/www.waterskis.lv\/ru\/?s={search_term_string}"},"query-input":{"@type":"PropertyValueSpecification","valueRequired":true,"valueName":"search_term_string"}}],"inLanguage":"ru-RU"},{"@type":"Organization","@id":"https:\/\/www.waterskis.lv\/ru\/#organization","name":"WATERSKIS.LV","url":"https:\/\/www.waterskis.lv\/ru\/","logo":{"@type":"ImageObject","inLanguage":"ru-RU","@id":"https:\/\/www.waterskis.lv\/ru\/#\/schema\/logo\/image\/","url":"https:\/\/www.waterskis.lv\/wp-content\/uploads\/2025\/01\/JUVP-logo.png","contentUrl":"https:\/\/www.waterskis.lv\/wp-content\/uploads\/2025\/01\/JUVP-logo.png","width":421,"height":202,"caption":"WATERSKIS.LV"},"image":{"@id":"https:\/\/www.waterskis.lv\/ru\/#\/schema\/logo\/image\/"},"sameAs":["https:\/\/www.facebook.com\/jurmalawaterskiwakeboardpark\/"]}]}},"_links":{"self":[{"href":"https:\/\/www.waterskis.lv\/ru\/wp-json\/wp\/v2\/product\/69621","targetHints":{"allow":["GET"]}}],"collection":[{"href":"https:\/\/www.waterskis.lv\/ru\/wp-json\/wp\/v2\/product"}],"about":[{"href":"https:\/\/www.waterskis.lv\/ru\/wp-json\/wp\/v2\/types\/product"}],"replies":[{"embeddable":true,"href":"https:\/\/www.waterskis.lv\/ru\/wp-json\/wp\/v2\/comments?post=69621"}],"wp:featuredmedia":[{"embeddable":true,"href":"https:\/\/www.waterskis.lv\/ru\/wp-json\/wp\/v2\/media\/69622"}],"wp:attachment":[{"href":"https:\/\/www.waterskis.lv\/ru\/wp-json\/wp\/v2\/media?parent=69621"}],"wp:term":[{"taxonomy":"product_brand","embeddable":true,"href":"https:\/\/www.waterskis.lv\/ru\/wp-json\/wp\/v2\/product_brand?post=69621"},{"taxonomy":"product_cat","embeddable":true,"href":"https:\/\/www.waterskis.lv\/ru\/wp-json\/wp\/v2\/product_cat?post=69621"},{"taxonomy":"product_tag","embeddable":true,"href":"https:\/\/www.waterskis.lv\/ru\/wp-json\/wp\/v2\/product_tag?post=69621"}],"curies":[{"name":"wp","href":"https:\/\/api.w.org\/{rel}","templated":true}]}}