{"id":69684,"date":"2026-01-08T18:16:23","date_gmt":"2026-01-08T16:16:23","guid":{"rendered":"https:\/\/www.waterskis.lv\/product\/piepusamais-sup-delis-spinera-supventure-106-dlt\/"},"modified":"2026-01-08T18:32:41","modified_gmt":"2026-01-08T16:32:41","slug":"%d0%bd%d0%b0%d0%b4%d1%83%d0%b2%d0%bd%d0%b0%d1%8f-%d0%b4%d0%be%d1%81%d0%ba%d0%b0-%d0%b4%d0%bb%d1%8f-%d1%81%d0%b0%d0%bf%d1%81%d0%b5%d1%80%d1%84%d0%b8%d0%bd%d0%b3%d0%b0-spinera-supventure-106-dl","status":"publish","type":"product","link":"https:\/\/www.waterskis.lv\/ru\/product\/%d0%bd%d0%b0%d0%b4%d1%83%d0%b2%d0%bd%d0%b0%d1%8f-%d0%b4%d0%be%d1%81%d0%ba%d0%b0-%d0%b4%d0%bb%d1%8f-%d1%81%d0%b0%d0%bf%d1%81%d0%b5%d1%80%d1%84%d0%b8%d0%bd%d0%b3%d0%b0-spinera-supventure-106-dl\/","title":{"rendered":"\u041d\u0430\u0434\u0443\u0432\u043d\u0430\u044f \u0434\u043e\u0441\u043a\u0430 \u0434\u043b\u044f \u0441\u0430\u043f\u0441\u0435\u0440\u0444\u0438\u043d\u0433\u0430 Spinera Supventure 10\u20196 DLT"},"content":{"rendered":"<h1 class=\"product_title entry-title\">\u041d\u0430\u0434\u0443\u0432\u043d\u0430\u044f \u0434\u043e\u0441\u043a\u0430 \u0434\u043b\u044f \u0441\u0430\u043f\u0441\u0435\u0440\u0444\u0438\u043d\u0433\u0430 Spinera Supventure 10\u20196 DLT<\/h1>\n<p>\u041d\u0430\u0434\u0443\u0432\u043d\u0430\u044f \u0434\u043e\u0441\u043a\u0430 \u0434\u043b\u044f \u0441\u0430\u043f\u0441\u0435\u0440\u0444\u0438\u043d\u0433\u0430 Spinera Supventure 10\u20196 DLT<\/p>\n<p>\u0423\u043d\u0438\u0432\u0435\u0440\u0441\u0430\u043b\u044c\u043d\u0430\u044f \u0441\u043f\u043e\u0440\u0442\u0438\u0432\u043d\u0430\u044f SUP-\u0434\u043e\u0441\u043a\u0430 \u0434\u043b\u044f \u0433\u0440\u0435\u0431\u043b\u0438<br \/>\n\u0420\u0430\u0437\u043c\u0435\u0440: 10\u00b46 \u0434\u044e\u0439\u043c\u043e\u0432 x 31,5 \u0434\u044e\u0439\u043c\u043e\u0432 \u2013 320 \u0441\u043c x 80 \u0441\u043c<br \/>\n\u0412\u0435\u0441 \u0440\u0430\u0439\u0434\u0435\u0440\u0430: \u0434\u043e 95 \u043a\u0433<br \/>\n\u0422\u0435\u0445\u043d\u043e\u043b\u043e\u0433\u0438\u044f \u0438\u0437\u0433\u043e\u0442\u043e\u0432\u043b\u0435\u043d\u0438\u044f: 15-\u0441\u0430\u043d\u0442\u0438\u043c\u0435\u0442\u0440\u043e\u0432\u044b\u0439 Dropstitch, \u0434\u0432\u0443\u0445\u0441\u043b\u043e\u0439\u043d\u0430\u044f \u043a\u043e\u043d\u0441\u0442\u0440\u0443\u043a\u0446\u0438\u044f<br \/>\n\u0422\u043e\u043b\u0441\u0442\u044b\u0439 \u0441\u043b\u043e\u0439 EVA \u0441 \u0430\u043b\u043c\u0430\u0437\u043d\u043e\u0439 \u043e\u0433\u0440\u0430\u043d\u043a\u043e\u0439<\/p>\n<p>\u041a\u043e\u043c\u043f\u043b\u0435\u043a\u0442\u0430\u0446\u0438\u044f:<br \/>\n\u0420\u044e\u043a\u0437\u0430\u043a \u0434\u043b\u044f \u043f\u0435\u0440\u0435\u043d\u043e\u0441\u043a\u0438 \/ \u041f\u043e\u043b\u0438\u044d\u0441\u0442\u0435\u0440 600D<br \/>\n\u041c\u043e\u0449\u043d\u044b\u0439 \u043d\u0430\u0441\u043e\u0441 \u0434\u0432\u043e\u0439\u043d\u043e\u0433\u043e \u0434\u0435\u0439\u0441\u0442\u0432\u0438\u044f<br \/>\n\u0412\u0435\u0441\u043b\u043e \u0438\u0437 \u0441\u0442\u0435\u043a\u043b\u043e\u0432\u043e\u043b\u043e\u043a\u043d\u0430<br \/>\n\u0412\u0441\u0442\u0430\u0432\u043d\u043e\u0439 \u0446\u0435\u043d\u0442\u0440\u0430\u043b\u044c\u043d\u044b\u0439 \u043f\u043b\u0430\u0432\u043d\u0438\u043a<br \/>\n\u0420\u0435\u043c\u043e\u043d\u0442\u043d\u044b\u0439 \u043a\u043e\u043c\u043f\u043b\u0435\u043a\u0442<\/p>\n<p>Sporty allround SUP for paddling<br \/>\nSize: 10\u00b46Inchx31,5Inch \u2013 320cm x 80cm<br \/>\nRider Weight: up to 95 kg<br \/>\nProduction: 15cm dropstitch, double layer technology<br \/>\nPressed diamond cut EVA top<\/p>\n<p>Scope of delivery:<br \/>\nCarry Backpack \/ 600D Polyester<br \/>\nPerformance Double Action Pump<br \/>\nFieberglass Paddle<br \/>\nSlide in Center Fin<br \/>\nRepair Kit<\/p>\n","protected":false},"excerpt":{"rendered":"<p>&nbsp;<\/p>\n<p>https:\/\/www.youtube.com\/watch?v=VSJaRj9mkJI [&#8230;]<\/p>\n<p><a class=\"btn btn-secondary understrap-read-more-link\" href=\"https:\/\/www.waterskis.lv\/ru\/product\/%d0%bd%d0%b0%d0%b4%d1%83%d0%b2%d0%bd%d0%b0%d1%8f-%d0%b4%d0%be%d1%81%d0%ba%d0%b0-%d0%b4%d0%bb%d1%8f-%d1%81%d0%b0%d0%bf%d1%81%d0%b5%d1%80%d1%84%d0%b8%d0%bd%d0%b3%d0%b0-spinera-supventure-106-dl\/\">\u0427\u0438\u0442\u0430\u0442\u044c \u0434\u0430\u043b\u044c\u0448\u0435\u2026<\/a><\/p>\n","protected":false},"featured_media":56806,"comment_status":"closed","ping_status":"closed","template":"","meta":{"_acf_changed":false,"inline_featured_image":false},"product_brand":[1279],"product_cat":[362,1105,499,773],"product_tag":[3177,1354,1338,1308,1597,3178,3179,1309,1310,1391,3180,1822,3181,3134],"class_list":{"0":"post-69684","1":"product","2":"type-product","3":"status-publish","4":"has-post-thumbnail","6":"product_brand-spinera-watersports","7":"product_cat-c","8":"product_cat-spinera-sup-","9":"product_cat-sup-","10":"product_cat--sup-","11":"product_tag-aufblasbares-sup","12":"product_tag-paddle-board","13":"product_tag-paddle-boards","14":"product_tag-piepusami-sup-deli","15":"product_tag-spinera-sup","16":"product_tag-stand-up-paddleboard","17":"product_tag-stand-up-paddling","18":"product_tag-sup","19":"product_tag-sup-deli","20":"product_tag-sup-delis","21":"product_tag-sup-surfer","22":"product_tag-sup-","23":"product_tag-supkayak","24":"product_tag-3134","26":"first","27":"instock","28":"sale","29":"shipping-taxable","30":"purchasable","31":"product-type-simple"},"acf":[],"yoast_head":"<!-- This site is optimized with the Yoast SEO plugin v27.3 - https:\/\/yoast.com\/product\/yoast-seo-wordpress\/ -->\n<title>\u041d\u0430\u0434\u0443\u0432\u043d\u0430\u044f \u0434\u043e\u0441\u043a\u0430 \u0434\u043b\u044f \u0441\u0430\u043f\u0441\u0435\u0440\u0444\u0438\u043d\u0433\u0430 Spinera Supventure 10\u20196 DLT - WATERSKIS.LV<\/title>\n<meta name=\"description\" content=\"\u041d\u0430\u0434\u0443\u0432\u043d\u0430\u044f \u0434\u043e\u0441\u043a\u0430 \u0434\u043b\u044f \u0441\u0430\u043f\u0441\u0435\u0440\u0444\u0438\u043d\u0433\u0430 Spinera Supventure 10\u20196 DLT. \u0423\u043d\u0438\u0432\u0435\u0440\u0441\u0430\u043b\u044c\u043d\u0430\u044f \u0441\u043f\u043e\u0440\u0442\u0438\u0432\u043d\u0430\u044f SUP-\u0434\u043e\u0441\u043a\u0430 \u0434\u043b\u044f \u0433\u0440\u0435\u0431\u043b\u0438, \u0434\u0432\u0443\u0445\u0441\u043b\u043e\u0439\u043d\u0430\u044f \u043a\u043e\u043d\u0441\u0442\u0440\u0443\u043a\u0446\u0438\u044f\" \/>\n<meta name=\"robots\" content=\"index, follow, max-snippet:-1, max-image-preview:large, max-video-preview:-1\" \/>\n<link rel=\"canonical\" href=\"https:\/\/www.waterskis.lv\/ru\/product\/%d0%bd%d0%b0%d0%b4%d1%83%d0%b2%d0%bd%d0%b0%d1%8f-%d0%b4%d0%be%d1%81%d0%ba%d0%b0-%d0%b4%d0%bb%d1%8f-%d1%81%d0%b0%d0%bf%d1%81%d0%b5%d1%80%d1%84%d0%b8%d0%bd%d0%b3%d0%b0-spinera-supventure-106-dl\/\" \/>\n<meta property=\"og:locale\" content=\"ru_RU\" \/>\n<meta property=\"og:type\" content=\"article\" \/>\n<meta property=\"og:title\" content=\"\u041d\u0430\u0434\u0443\u0432\u043d\u0430\u044f \u0434\u043e\u0441\u043a\u0430 \u0434\u043b\u044f \u0441\u0430\u043f\u0441\u0435\u0440\u0444\u0438\u043d\u0433\u0430 Spinera Supventure 10\u20196 DLT - WATERSKIS.LV\" \/>\n<meta property=\"og:description\" content=\"\u041d\u0430\u0434\u0443\u0432\u043d\u0430\u044f \u0434\u043e\u0441\u043a\u0430 \u0434\u043b\u044f \u0441\u0430\u043f\u0441\u0435\u0440\u0444\u0438\u043d\u0433\u0430 Spinera Supventure 10\u20196 DLT. \u0423\u043d\u0438\u0432\u0435\u0440\u0441\u0430\u043b\u044c\u043d\u0430\u044f \u0441\u043f\u043e\u0440\u0442\u0438\u0432\u043d\u0430\u044f SUP-\u0434\u043e\u0441\u043a\u0430 \u0434\u043b\u044f \u0433\u0440\u0435\u0431\u043b\u0438, \u0434\u0432\u0443\u0445\u0441\u043b\u043e\u0439\u043d\u0430\u044f \u043a\u043e\u043d\u0441\u0442\u0440\u0443\u043a\u0446\u0438\u044f\" \/>\n<meta property=\"og:url\" content=\"https:\/\/www.waterskis.lv\/ru\/product\/%d0%bd%d0%b0%d0%b4%d1%83%d0%b2%d0%bd%d0%b0%d1%8f-%d0%b4%d0%be%d1%81%d0%ba%d0%b0-%d0%b4%d0%bb%d1%8f-%d1%81%d0%b0%d0%bf%d1%81%d0%b5%d1%80%d1%84%d0%b8%d0%bd%d0%b3%d0%b0-spinera-supventure-106-dl\/\" \/>\n<meta property=\"og:site_name\" content=\"WATERSKIS.LV\" \/>\n<meta property=\"article:publisher\" content=\"https:\/\/www.facebook.com\/jurmalawaterskiwakeboardpark\/\" \/>\n<meta property=\"article:modified_time\" content=\"2026-01-08T16:32:41+00:00\" \/>\n<meta property=\"og:image\" content=\"https:\/\/www.waterskis.lv\/wp-content\/uploads\/2024\/10\/w20251_1_spinera_sup_supventure_10.6_set.jpg\" \/>\n\t<meta property=\"og:image:width\" content=\"2000\" \/>\n\t<meta property=\"og:image:height\" content=\"2000\" \/>\n\t<meta property=\"og:image:type\" content=\"image\/jpeg\" \/>\n<meta name=\"twitter:card\" content=\"summary_large_image\" \/>\n<meta name=\"twitter:label1\" content=\"\u041f\u0440\u0438\u043c\u0435\u0440\u043d\u043e\u0435 \u0432\u0440\u0435\u043c\u044f \u0434\u043b\u044f \u0447\u0442\u0435\u043d\u0438\u044f\" \/>\n\t<meta name=\"twitter:data1\" content=\"1 \u043c\u0438\u043d\u0443\u0442\u0430\" \/>\n<script type=\"application\/ld+json\" class=\"yoast-schema-graph\">{\"@context\":\"https:\\\/\\\/schema.org\",\"@graph\":[{\"@type\":\"WebPage\",\"@id\":\"https:\\\/\\\/www.waterskis.lv\\\/ru\\\/product\\\/%d0%bd%d0%b0%d0%b4%d1%83%d0%b2%d0%bd%d0%b0%d1%8f-%d0%b4%d0%be%d1%81%d0%ba%d0%b0-%d0%b4%d0%bb%d1%8f-%d1%81%d0%b0%d0%bf%d1%81%d0%b5%d1%80%d1%84%d0%b8%d0%bd%d0%b3%d0%b0-spinera-supventure-106-dl\\\/\",\"url\":\"https:\\\/\\\/www.waterskis.lv\\\/ru\\\/product\\\/%d0%bd%d0%b0%d0%b4%d1%83%d0%b2%d0%bd%d0%b0%d1%8f-%d0%b4%d0%be%d1%81%d0%ba%d0%b0-%d0%b4%d0%bb%d1%8f-%d1%81%d0%b0%d0%bf%d1%81%d0%b5%d1%80%d1%84%d0%b8%d0%bd%d0%b3%d0%b0-spinera-supventure-106-dl\\\/\",\"name\":\"\u041d\u0430\u0434\u0443\u0432\u043d\u0430\u044f \u0434\u043e\u0441\u043a\u0430 \u0434\u043b\u044f \u0441\u0430\u043f\u0441\u0435\u0440\u0444\u0438\u043d\u0433\u0430 Spinera Supventure 10\u20196 DLT - WATERSKIS.LV\",\"isPartOf\":{\"@id\":\"https:\\\/\\\/www.waterskis.lv\\\/ru\\\/#website\"},\"primaryImageOfPage\":{\"@id\":\"https:\\\/\\\/www.waterskis.lv\\\/ru\\\/product\\\/%d0%bd%d0%b0%d0%b4%d1%83%d0%b2%d0%bd%d0%b0%d1%8f-%d0%b4%d0%be%d1%81%d0%ba%d0%b0-%d0%b4%d0%bb%d1%8f-%d1%81%d0%b0%d0%bf%d1%81%d0%b5%d1%80%d1%84%d0%b8%d0%bd%d0%b3%d0%b0-spinera-supventure-106-dl\\\/#primaryimage\"},\"image\":{\"@id\":\"https:\\\/\\\/www.waterskis.lv\\\/ru\\\/product\\\/%d0%bd%d0%b0%d0%b4%d1%83%d0%b2%d0%bd%d0%b0%d1%8f-%d0%b4%d0%be%d1%81%d0%ba%d0%b0-%d0%b4%d0%bb%d1%8f-%d1%81%d0%b0%d0%bf%d1%81%d0%b5%d1%80%d1%84%d0%b8%d0%bd%d0%b3%d0%b0-spinera-supventure-106-dl\\\/#primaryimage\"},\"thumbnailUrl\":\"https:\\\/\\\/www.waterskis.lv\\\/wp-content\\\/uploads\\\/2024\\\/10\\\/w20251_1_spinera_sup_supventure_10.6_set.jpg\",\"datePublished\":\"2026-01-08T16:16:23+00:00\",\"dateModified\":\"2026-01-08T16:32:41+00:00\",\"description\":\"\u041d\u0430\u0434\u0443\u0432\u043d\u0430\u044f \u0434\u043e\u0441\u043a\u0430 \u0434\u043b\u044f \u0441\u0430\u043f\u0441\u0435\u0440\u0444\u0438\u043d\u0433\u0430 Spinera Supventure 10\u20196 DLT. \u0423\u043d\u0438\u0432\u0435\u0440\u0441\u0430\u043b\u044c\u043d\u0430\u044f \u0441\u043f\u043e\u0440\u0442\u0438\u0432\u043d\u0430\u044f SUP-\u0434\u043e\u0441\u043a\u0430 \u0434\u043b\u044f \u0433\u0440\u0435\u0431\u043b\u0438, \u0434\u0432\u0443\u0445\u0441\u043b\u043e\u0439\u043d\u0430\u044f \u043a\u043e\u043d\u0441\u0442\u0440\u0443\u043a\u0446\u0438\u044f\",\"breadcrumb\":{\"@id\":\"https:\\\/\\\/www.waterskis.lv\\\/ru\\\/product\\\/%d0%bd%d0%b0%d0%b4%d1%83%d0%b2%d0%bd%d0%b0%d1%8f-%d0%b4%d0%be%d1%81%d0%ba%d0%b0-%d0%b4%d0%bb%d1%8f-%d1%81%d0%b0%d0%bf%d1%81%d0%b5%d1%80%d1%84%d0%b8%d0%bd%d0%b3%d0%b0-spinera-supventure-106-dl\\\/#breadcrumb\"},\"inLanguage\":\"ru-RU\",\"potentialAction\":[{\"@type\":\"ReadAction\",\"target\":[\"https:\\\/\\\/www.waterskis.lv\\\/ru\\\/product\\\/%d0%bd%d0%b0%d0%b4%d1%83%d0%b2%d0%bd%d0%b0%d1%8f-%d0%b4%d0%be%d1%81%d0%ba%d0%b0-%d0%b4%d0%bb%d1%8f-%d1%81%d0%b0%d0%bf%d1%81%d0%b5%d1%80%d1%84%d0%b8%d0%bd%d0%b3%d0%b0-spinera-supventure-106-dl\\\/\"]}]},{\"@type\":\"ImageObject\",\"inLanguage\":\"ru-RU\",\"@id\":\"https:\\\/\\\/www.waterskis.lv\\\/ru\\\/product\\\/%d0%bd%d0%b0%d0%b4%d1%83%d0%b2%d0%bd%d0%b0%d1%8f-%d0%b4%d0%be%d1%81%d0%ba%d0%b0-%d0%b4%d0%bb%d1%8f-%d1%81%d0%b0%d0%bf%d1%81%d0%b5%d1%80%d1%84%d0%b8%d0%bd%d0%b3%d0%b0-spinera-supventure-106-dl\\\/#primaryimage\",\"url\":\"https:\\\/\\\/www.waterskis.lv\\\/wp-content\\\/uploads\\\/2024\\\/10\\\/w20251_1_spinera_sup_supventure_10.6_set.jpg\",\"contentUrl\":\"https:\\\/\\\/www.waterskis.lv\\\/wp-content\\\/uploads\\\/2024\\\/10\\\/w20251_1_spinera_sup_supventure_10.6_set.jpg\",\"width\":2000,\"height\":2000,\"caption\":\"Piep\u016b\u0161ams SUP d\u0113lis Spinera Supventure 10'6\\\" ALLROUND ADVANCED\"},{\"@type\":\"BreadcrumbList\",\"@id\":\"https:\\\/\\\/www.waterskis.lv\\\/ru\\\/product\\\/%d0%bd%d0%b0%d0%b4%d1%83%d0%b2%d0%bd%d0%b0%d1%8f-%d0%b4%d0%be%d1%81%d0%ba%d0%b0-%d0%b4%d0%bb%d1%8f-%d1%81%d0%b0%d0%bf%d1%81%d0%b5%d1%80%d1%84%d0%b8%d0%bd%d0%b3%d0%b0-spinera-supventure-106-dl\\\/#breadcrumb\",\"itemListElement\":[{\"@type\":\"ListItem\",\"position\":1,\"name\":\"Home\",\"item\":\"https:\\\/\\\/www.waterskis.lv\\\/ru\\\/\"},{\"@type\":\"ListItem\",\"position\":2,\"name\":\"\u041c\u0430\u0433\u0430\u0437\u0438\u043d\",\"item\":\"https:\\\/\\\/www.waterskis.lv\\\/ru\\\/%d0%bc%d0%b0%d0%b3%d0%b0%d0%b7%d0%b8%d0%bd\\\/\"},{\"@type\":\"ListItem\",\"position\":3,\"name\":\"\u041d\u0430\u0434\u0443\u0432\u043d\u0430\u044f \u0434\u043e\u0441\u043a\u0430 \u0434\u043b\u044f \u0441\u0430\u043f\u0441\u0435\u0440\u0444\u0438\u043d\u0433\u0430 Spinera Supventure 10\u20196 DLT\"}]},{\"@type\":\"WebSite\",\"@id\":\"https:\\\/\\\/www.waterskis.lv\\\/ru\\\/#website\",\"url\":\"https:\\\/\\\/www.waterskis.lv\\\/ru\\\/\",\"name\":\"WATERSKIS.LV\",\"description\":\"SUP d\u0113\u013ci, kajaki, kanoe, airu laivas, \u016bdenssl\u0113po\u0161ana, veikbords, SUP d\u0113\u013cu noma, kajaku nomaakt\u012bv\u0101s atp\u016btas centrs, laivu noma, sup noma, kajaku noma\",\"publisher\":{\"@id\":\"https:\\\/\\\/www.waterskis.lv\\\/ru\\\/#organization\"},\"potentialAction\":[{\"@type\":\"SearchAction\",\"target\":{\"@type\":\"EntryPoint\",\"urlTemplate\":\"https:\\\/\\\/www.waterskis.lv\\\/ru\\\/?s={search_term_string}\"},\"query-input\":{\"@type\":\"PropertyValueSpecification\",\"valueRequired\":true,\"valueName\":\"search_term_string\"}}],\"inLanguage\":\"ru-RU\"},{\"@type\":\"Organization\",\"@id\":\"https:\\\/\\\/www.waterskis.lv\\\/ru\\\/#organization\",\"name\":\"WATERSKIS.LV\",\"url\":\"https:\\\/\\\/www.waterskis.lv\\\/ru\\\/\",\"logo\":{\"@type\":\"ImageObject\",\"inLanguage\":\"ru-RU\",\"@id\":\"https:\\\/\\\/www.waterskis.lv\\\/ru\\\/#\\\/schema\\\/logo\\\/image\\\/\",\"url\":\"https:\\\/\\\/www.waterskis.lv\\\/wp-content\\\/uploads\\\/2025\\\/01\\\/JUVP-logo.png\",\"contentUrl\":\"https:\\\/\\\/www.waterskis.lv\\\/wp-content\\\/uploads\\\/2025\\\/01\\\/JUVP-logo.png\",\"width\":421,\"height\":202,\"caption\":\"WATERSKIS.LV\"},\"image\":{\"@id\":\"https:\\\/\\\/www.waterskis.lv\\\/ru\\\/#\\\/schema\\\/logo\\\/image\\\/\"},\"sameAs\":[\"https:\\\/\\\/www.facebook.com\\\/jurmalawaterskiwakeboardpark\\\/\"]}]}<\/script>\n<!-- \/ Yoast SEO plugin. -->","yoast_head_json":{"title":"\u041d\u0430\u0434\u0443\u0432\u043d\u0430\u044f \u0434\u043e\u0441\u043a\u0430 \u0434\u043b\u044f \u0441\u0430\u043f\u0441\u0435\u0440\u0444\u0438\u043d\u0433\u0430 Spinera Supventure 10\u20196 DLT - WATERSKIS.LV","description":"\u041d\u0430\u0434\u0443\u0432\u043d\u0430\u044f \u0434\u043e\u0441\u043a\u0430 \u0434\u043b\u044f \u0441\u0430\u043f\u0441\u0435\u0440\u0444\u0438\u043d\u0433\u0430 Spinera Supventure 10\u20196 DLT. \u0423\u043d\u0438\u0432\u0435\u0440\u0441\u0430\u043b\u044c\u043d\u0430\u044f \u0441\u043f\u043e\u0440\u0442\u0438\u0432\u043d\u0430\u044f SUP-\u0434\u043e\u0441\u043a\u0430 \u0434\u043b\u044f \u0433\u0440\u0435\u0431\u043b\u0438, \u0434\u0432\u0443\u0445\u0441\u043b\u043e\u0439\u043d\u0430\u044f \u043a\u043e\u043d\u0441\u0442\u0440\u0443\u043a\u0446\u0438\u044f","robots":{"index":"index","follow":"follow","max-snippet":"max-snippet:-1","max-image-preview":"max-image-preview:large","max-video-preview":"max-video-preview:-1"},"canonical":"https:\/\/www.waterskis.lv\/ru\/product\/%d0%bd%d0%b0%d0%b4%d1%83%d0%b2%d0%bd%d0%b0%d1%8f-%d0%b4%d0%be%d1%81%d0%ba%d0%b0-%d0%b4%d0%bb%d1%8f-%d1%81%d0%b0%d0%bf%d1%81%d0%b5%d1%80%d1%84%d0%b8%d0%bd%d0%b3%d0%b0-spinera-supventure-106-dl\/","og_locale":"ru_RU","og_type":"article","og_title":"\u041d\u0430\u0434\u0443\u0432\u043d\u0430\u044f \u0434\u043e\u0441\u043a\u0430 \u0434\u043b\u044f \u0441\u0430\u043f\u0441\u0435\u0440\u0444\u0438\u043d\u0433\u0430 Spinera Supventure 10\u20196 DLT - WATERSKIS.LV","og_description":"\u041d\u0430\u0434\u0443\u0432\u043d\u0430\u044f \u0434\u043e\u0441\u043a\u0430 \u0434\u043b\u044f \u0441\u0430\u043f\u0441\u0435\u0440\u0444\u0438\u043d\u0433\u0430 Spinera Supventure 10\u20196 DLT. \u0423\u043d\u0438\u0432\u0435\u0440\u0441\u0430\u043b\u044c\u043d\u0430\u044f \u0441\u043f\u043e\u0440\u0442\u0438\u0432\u043d\u0430\u044f SUP-\u0434\u043e\u0441\u043a\u0430 \u0434\u043b\u044f \u0433\u0440\u0435\u0431\u043b\u0438, \u0434\u0432\u0443\u0445\u0441\u043b\u043e\u0439\u043d\u0430\u044f \u043a\u043e\u043d\u0441\u0442\u0440\u0443\u043a\u0446\u0438\u044f","og_url":"https:\/\/www.waterskis.lv\/ru\/product\/%d0%bd%d0%b0%d0%b4%d1%83%d0%b2%d0%bd%d0%b0%d1%8f-%d0%b4%d0%be%d1%81%d0%ba%d0%b0-%d0%b4%d0%bb%d1%8f-%d1%81%d0%b0%d0%bf%d1%81%d0%b5%d1%80%d1%84%d0%b8%d0%bd%d0%b3%d0%b0-spinera-supventure-106-dl\/","og_site_name":"WATERSKIS.LV","article_publisher":"https:\/\/www.facebook.com\/jurmalawaterskiwakeboardpark\/","article_modified_time":"2026-01-08T16:32:41+00:00","og_image":[{"width":2000,"height":2000,"url":"https:\/\/www.waterskis.lv\/wp-content\/uploads\/2024\/10\/w20251_1_spinera_sup_supventure_10.6_set.jpg","type":"image\/jpeg"}],"twitter_card":"summary_large_image","twitter_misc":{"\u041f\u0440\u0438\u043c\u0435\u0440\u043d\u043e\u0435 \u0432\u0440\u0435\u043c\u044f \u0434\u043b\u044f \u0447\u0442\u0435\u043d\u0438\u044f":"1 \u043c\u0438\u043d\u0443\u0442\u0430"},"schema":{"@context":"https:\/\/schema.org","@graph":[{"@type":"WebPage","@id":"https:\/\/www.waterskis.lv\/ru\/product\/%d0%bd%d0%b0%d0%b4%d1%83%d0%b2%d0%bd%d0%b0%d1%8f-%d0%b4%d0%be%d1%81%d0%ba%d0%b0-%d0%b4%d0%bb%d1%8f-%d1%81%d0%b0%d0%bf%d1%81%d0%b5%d1%80%d1%84%d0%b8%d0%bd%d0%b3%d0%b0-spinera-supventure-106-dl\/","url":"https:\/\/www.waterskis.lv\/ru\/product\/%d0%bd%d0%b0%d0%b4%d1%83%d0%b2%d0%bd%d0%b0%d1%8f-%d0%b4%d0%be%d1%81%d0%ba%d0%b0-%d0%b4%d0%bb%d1%8f-%d1%81%d0%b0%d0%bf%d1%81%d0%b5%d1%80%d1%84%d0%b8%d0%bd%d0%b3%d0%b0-spinera-supventure-106-dl\/","name":"\u041d\u0430\u0434\u0443\u0432\u043d\u0430\u044f \u0434\u043e\u0441\u043a\u0430 \u0434\u043b\u044f \u0441\u0430\u043f\u0441\u0435\u0440\u0444\u0438\u043d\u0433\u0430 Spinera Supventure 10\u20196 DLT - WATERSKIS.LV","isPartOf":{"@id":"https:\/\/www.waterskis.lv\/ru\/#website"},"primaryImageOfPage":{"@id":"https:\/\/www.waterskis.lv\/ru\/product\/%d0%bd%d0%b0%d0%b4%d1%83%d0%b2%d0%bd%d0%b0%d1%8f-%d0%b4%d0%be%d1%81%d0%ba%d0%b0-%d0%b4%d0%bb%d1%8f-%d1%81%d0%b0%d0%bf%d1%81%d0%b5%d1%80%d1%84%d0%b8%d0%bd%d0%b3%d0%b0-spinera-supventure-106-dl\/#primaryimage"},"image":{"@id":"https:\/\/www.waterskis.lv\/ru\/product\/%d0%bd%d0%b0%d0%b4%d1%83%d0%b2%d0%bd%d0%b0%d1%8f-%d0%b4%d0%be%d1%81%d0%ba%d0%b0-%d0%b4%d0%bb%d1%8f-%d1%81%d0%b0%d0%bf%d1%81%d0%b5%d1%80%d1%84%d0%b8%d0%bd%d0%b3%d0%b0-spinera-supventure-106-dl\/#primaryimage"},"thumbnailUrl":"https:\/\/www.waterskis.lv\/wp-content\/uploads\/2024\/10\/w20251_1_spinera_sup_supventure_10.6_set.jpg","datePublished":"2026-01-08T16:16:23+00:00","dateModified":"2026-01-08T16:32:41+00:00","description":"\u041d\u0430\u0434\u0443\u0432\u043d\u0430\u044f \u0434\u043e\u0441\u043a\u0430 \u0434\u043b\u044f \u0441\u0430\u043f\u0441\u0435\u0440\u0444\u0438\u043d\u0433\u0430 Spinera Supventure 10\u20196 DLT. \u0423\u043d\u0438\u0432\u0435\u0440\u0441\u0430\u043b\u044c\u043d\u0430\u044f \u0441\u043f\u043e\u0440\u0442\u0438\u0432\u043d\u0430\u044f SUP-\u0434\u043e\u0441\u043a\u0430 \u0434\u043b\u044f \u0433\u0440\u0435\u0431\u043b\u0438, \u0434\u0432\u0443\u0445\u0441\u043b\u043e\u0439\u043d\u0430\u044f \u043a\u043e\u043d\u0441\u0442\u0440\u0443\u043a\u0446\u0438\u044f","breadcrumb":{"@id":"https:\/\/www.waterskis.lv\/ru\/product\/%d0%bd%d0%b0%d0%b4%d1%83%d0%b2%d0%bd%d0%b0%d1%8f-%d0%b4%d0%be%d1%81%d0%ba%d0%b0-%d0%b4%d0%bb%d1%8f-%d1%81%d0%b0%d0%bf%d1%81%d0%b5%d1%80%d1%84%d0%b8%d0%bd%d0%b3%d0%b0-spinera-supventure-106-dl\/#breadcrumb"},"inLanguage":"ru-RU","potentialAction":[{"@type":"ReadAction","target":["https:\/\/www.waterskis.lv\/ru\/product\/%d0%bd%d0%b0%d0%b4%d1%83%d0%b2%d0%bd%d0%b0%d1%8f-%d0%b4%d0%be%d1%81%d0%ba%d0%b0-%d0%b4%d0%bb%d1%8f-%d1%81%d0%b0%d0%bf%d1%81%d0%b5%d1%80%d1%84%d0%b8%d0%bd%d0%b3%d0%b0-spinera-supventure-106-dl\/"]}]},{"@type":"ImageObject","inLanguage":"ru-RU","@id":"https:\/\/www.waterskis.lv\/ru\/product\/%d0%bd%d0%b0%d0%b4%d1%83%d0%b2%d0%bd%d0%b0%d1%8f-%d0%b4%d0%be%d1%81%d0%ba%d0%b0-%d0%b4%d0%bb%d1%8f-%d1%81%d0%b0%d0%bf%d1%81%d0%b5%d1%80%d1%84%d0%b8%d0%bd%d0%b3%d0%b0-spinera-supventure-106-dl\/#primaryimage","url":"https:\/\/www.waterskis.lv\/wp-content\/uploads\/2024\/10\/w20251_1_spinera_sup_supventure_10.6_set.jpg","contentUrl":"https:\/\/www.waterskis.lv\/wp-content\/uploads\/2024\/10\/w20251_1_spinera_sup_supventure_10.6_set.jpg","width":2000,"height":2000,"caption":"Piep\u016b\u0161ams SUP d\u0113lis Spinera Supventure 10'6\" ALLROUND ADVANCED"},{"@type":"BreadcrumbList","@id":"https:\/\/www.waterskis.lv\/ru\/product\/%d0%bd%d0%b0%d0%b4%d1%83%d0%b2%d0%bd%d0%b0%d1%8f-%d0%b4%d0%be%d1%81%d0%ba%d0%b0-%d0%b4%d0%bb%d1%8f-%d1%81%d0%b0%d0%bf%d1%81%d0%b5%d1%80%d1%84%d0%b8%d0%bd%d0%b3%d0%b0-spinera-supventure-106-dl\/#breadcrumb","itemListElement":[{"@type":"ListItem","position":1,"name":"Home","item":"https:\/\/www.waterskis.lv\/ru\/"},{"@type":"ListItem","position":2,"name":"\u041c\u0430\u0433\u0430\u0437\u0438\u043d","item":"https:\/\/www.waterskis.lv\/ru\/%d0%bc%d0%b0%d0%b3%d0%b0%d0%b7%d0%b8%d0%bd\/"},{"@type":"ListItem","position":3,"name":"\u041d\u0430\u0434\u0443\u0432\u043d\u0430\u044f \u0434\u043e\u0441\u043a\u0430 \u0434\u043b\u044f \u0441\u0430\u043f\u0441\u0435\u0440\u0444\u0438\u043d\u0433\u0430 Spinera Supventure 10\u20196 DLT"}]},{"@type":"WebSite","@id":"https:\/\/www.waterskis.lv\/ru\/#website","url":"https:\/\/www.waterskis.lv\/ru\/","name":"WATERSKIS.LV","description":"SUP d\u0113\u013ci, kajaki, kanoe, airu laivas, \u016bdenssl\u0113po\u0161ana, veikbords, SUP d\u0113\u013cu noma, kajaku nomaakt\u012bv\u0101s atp\u016btas centrs, laivu noma, sup noma, kajaku noma","publisher":{"@id":"https:\/\/www.waterskis.lv\/ru\/#organization"},"potentialAction":[{"@type":"SearchAction","target":{"@type":"EntryPoint","urlTemplate":"https:\/\/www.waterskis.lv\/ru\/?s={search_term_string}"},"query-input":{"@type":"PropertyValueSpecification","valueRequired":true,"valueName":"search_term_string"}}],"inLanguage":"ru-RU"},{"@type":"Organization","@id":"https:\/\/www.waterskis.lv\/ru\/#organization","name":"WATERSKIS.LV","url":"https:\/\/www.waterskis.lv\/ru\/","logo":{"@type":"ImageObject","inLanguage":"ru-RU","@id":"https:\/\/www.waterskis.lv\/ru\/#\/schema\/logo\/image\/","url":"https:\/\/www.waterskis.lv\/wp-content\/uploads\/2025\/01\/JUVP-logo.png","contentUrl":"https:\/\/www.waterskis.lv\/wp-content\/uploads\/2025\/01\/JUVP-logo.png","width":421,"height":202,"caption":"WATERSKIS.LV"},"image":{"@id":"https:\/\/www.waterskis.lv\/ru\/#\/schema\/logo\/image\/"},"sameAs":["https:\/\/www.facebook.com\/jurmalawaterskiwakeboardpark\/"]}]}},"_links":{"self":[{"href":"https:\/\/www.waterskis.lv\/ru\/wp-json\/wp\/v2\/product\/69684","targetHints":{"allow":["GET"]}}],"collection":[{"href":"https:\/\/www.waterskis.lv\/ru\/wp-json\/wp\/v2\/product"}],"about":[{"href":"https:\/\/www.waterskis.lv\/ru\/wp-json\/wp\/v2\/types\/product"}],"replies":[{"embeddable":true,"href":"https:\/\/www.waterskis.lv\/ru\/wp-json\/wp\/v2\/comments?post=69684"}],"wp:featuredmedia":[{"embeddable":true,"href":"https:\/\/www.waterskis.lv\/ru\/wp-json\/wp\/v2\/media\/56806"}],"wp:attachment":[{"href":"https:\/\/www.waterskis.lv\/ru\/wp-json\/wp\/v2\/media?parent=69684"}],"wp:term":[{"taxonomy":"product_brand","embeddable":true,"href":"https:\/\/www.waterskis.lv\/ru\/wp-json\/wp\/v2\/product_brand?post=69684"},{"taxonomy":"product_cat","embeddable":true,"href":"https:\/\/www.waterskis.lv\/ru\/wp-json\/wp\/v2\/product_cat?post=69684"},{"taxonomy":"product_tag","embeddable":true,"href":"https:\/\/www.waterskis.lv\/ru\/wp-json\/wp\/v2\/product_tag?post=69684"}],"curies":[{"name":"wp","href":"https:\/\/api.w.org\/{rel}","templated":true}]}}