{"id":69840,"date":"2026-01-10T15:12:08","date_gmt":"2026-01-10T13:12:08","guid":{"rendered":"https:\/\/www.waterskis.lv\/product\/jobe-fragment-life-vest-women-denim-blue\/"},"modified":"2026-02-07T09:22:26","modified_gmt":"2026-02-07T07:22:26","slug":"jobe-fragment-life-vest-women-denim-blue","status":"publish","type":"product","link":"https:\/\/www.waterskis.lv\/ru\/product\/jobe-fragment-life-vest-women-denim-blue\/","title":{"rendered":"Jobe Fragment Life Vest Women Denim Blue"},"content":{"rendered":"<h1 class=\"productTitle s-hide\">Jobe Fragment Life Vest Women Denim Blue<\/h1>\n<p class=\"productTitle s-hide\">Jobe Fragment Life Vest Women Denim Blue<\/p>\n<div class=\"paragraph mt10 col-12\">\n<p><span class=\"s-hide\">Product ID\u00a0244922008<\/span><\/p>\n<div class=\"col-12 relative mt10\">\n<div>\n<div class=\"paragraph mt10 col-12\">\n<div class=\"col-12 relative mt10\">\n<div>Jobe Fragment veste pied\u0101v\u0101 lab\u0101ko no ab\u0101m pasaul\u0113m komforta un dro\u0161\u012bbas zi\u0146\u0101. Atdal\u012btie putu pane\u013ci apvienojum\u0101 ar m\u012bksto un elast\u012bgo, \u012bpa\u0161i elast\u012bgo audumu nodro\u0161ina maksim\u0101lu kust\u012bbu br\u012bv\u012bbu, savuk\u0101rt 50N ISO sertifik\u0101cija nodro\u0161ina, ka j\u016bs vienm\u0113r notur\u0113sieties virs \u016bdens. Papildu dro\u0161\u012bbai, braucot ar laivu vai sacen\u0161oties ar PWC, ir pievienoti D veida gredzeni. \u0160\u012bs vestes ir izstr\u0101d\u0101tas, \u0146emot v\u0113r\u0101 m\u016bsu ide\u0101l\u0101s piegul\u0161anas filozofiju, un ir pieejamas lielos izm\u0113ros. Tik \u0113rtas, ka aizmirs\u012bsiet, ka t\u0101s valk\u0101jat. 50N ISO sertific\u0113ts (peldsp\u0113jas l\u012bdzeklis)<br \/>\nNesertific\u0113tas vestes komforts<br \/>\nVienm\u0113r ide\u0101li piegu\u013co\u0161a: liel\u0101ks komforts un dro\u0161\u012bba<br \/>\nPieejams lielos izm\u0113ros<br \/>\nPriek\u0161\u0113jais r\u0101v\u0113jsl\u0113dz\u0113js \u0101trai atv\u0113r\u0161anai<br \/>\nIek\u0161\u0113j\u0101 kabata ar \u016bdensnecaurlaid\u012bgu somas savienojuma auklu<br \/>\nL\u0101zergriezti neopr\u0113na pane\u013ci augstas kvalit\u0101tes saj\u016btai uz \u016bdens<br \/>\nGar\u0101ks, sievi\u0161\u0137\u012bgs piegriezums<br \/>\nAizsarg\u0101jo\u0161s r\u0101v\u0113jsl\u0113dz\u0113ja atloks un p\u0101rsegs<br \/>\nDro\u0161\u012bbas D veida gredzena stiprin\u0101jums av\u0101rijas auklas piestiprin\u0101\u0161anai<br \/>\nAtdal\u012bti putu pane\u013ci maksim\u0101lai kust\u012bbu br\u012bv\u012bbai<br \/>\nM\u012bksts un elast\u012bgs, \u012bpa\u0161i elast\u012bgs audums<br \/>\nSadal\u012bti putu pane\u013ci maksim\u0101lai kust\u012bbu br\u012bv\u012bbai<br \/>\n\u016adens novad\u012b\u0161anas sist\u0113ma<br \/>\nSp\u0113c\u012bga YKK spr\u0101dze un YKK r\u0101v\u0113jsl\u0113dz\u0113js<\/div>\n<\/div>\n<\/div>\n<div><\/div>\n<div>\n<p><span class=\"boldTitleFont uppercase blackColor fs30 mt10 col-12\">Women\u2019s Life Vests<\/span><\/p>\n<div class=\"col-12 mb10\">\n<div class=\"col-6\">\n<div class=\"image\"><img decoding=\"async\" class=\"entered litespeed-loaded\" src=\"https:\/\/www.jobesports.com\/uploads\/base\/size_guide\/women-vests-certified-50n-1583843936.jpg\" alt=\"Size table\" width=\"500\" height=\"500\" data-lazyloaded=\"1\" data-placeholder-resp=\"500x500\" data-src=\"https:\/\/www.jobesports.com\/uploads\/base\/size_guide\/women-vests-certified-50n-1583843936.jpg\" data-ll-status=\"loaded\" \/><\/div>\n<\/div>\n<div class=\"col-6 col-padding-left\"><span class=\"boldTitleFont uppercase blackColor fs18 col-12\">How to measure<\/span>1. Place the tape under your arms. Measure the chest at the widest part.<br \/>\n2. Measure around the narrowest part of your waist.<\/div>\n<\/div>\n<\/div>\n<div>\n<p><span class=\"boldTitleFont uppercase blackColor fs20\">Size table<\/span><\/p>\n<div class=\"switch\"><label class=\"switch-label switch-label-off\" tabindex=\"0\" for=\"view_cm\">CM<\/label><label class=\"switch-label switch-label-on\" tabindex=\"0\" for=\"view_inch\">Inch<\/label><\/div>\n<table class=\"size_guide\">\n<thead>\n<tr>\n<th>Size<\/th>\n<th>Chest\u00a0<span class=\"sg_cm\">(CM)<\/span><\/th>\n<th>Waist\u00a0<span class=\"sg_cm\">(CM)<\/span><\/th>\n<\/tr>\n<\/thead>\n<tbody>\n<tr>\n<td>XS<\/td>\n<td><span class=\"sg_cm\">82-86<\/span><\/td>\n<td><span class=\"sg_cm\">65-69<\/span><\/td>\n<\/tr>\n<tr>\n<td>S<\/td>\n<td><span class=\"sg_cm\">86-90<\/span><\/td>\n<td><span class=\"sg_cm\">70-74<\/span><\/td>\n<\/tr>\n<tr>\n<td>S+<\/td>\n<td><span class=\"sg_cm\">90-94<\/span><\/td>\n<td><span class=\"sg_cm\">74-78<\/span><\/td>\n<\/tr>\n<tr>\n<td>M<\/td>\n<td><span class=\"sg_cm\">94-98<\/span><\/td>\n<td><span class=\"sg_cm\">78-82<\/span><\/td>\n<\/tr>\n<tr>\n<td>M+<\/td>\n<td><span class=\"sg_cm\">98-102<\/span><\/td>\n<td><span class=\"sg_cm\">83-87<\/span><\/td>\n<\/tr>\n<tr>\n<td>L<\/td>\n<td><span class=\"sg_cm\">102-106<\/span><\/td>\n<td><span class=\"sg_cm\">87-92<\/span><\/td>\n<\/tr>\n<tr>\n<td>XL<\/td>\n<td><span class=\"sg_cm\">107-113<\/span><\/td>\n<td><span class=\"sg_cm\">93-99<\/span><\/td>\n<\/tr>\n<tr>\n<td>2XL<\/td>\n<td><span class=\"sg_cm\">113-119<\/span><\/td>\n<td><span class=\"sg_cm\">99-105<\/span><\/td>\n<\/tr>\n<\/tbody>\n<\/table>\n<\/div>\n<\/div>\n<\/div>\n<\/div>\n<div><\/div>\n","protected":false},"excerpt":{"rendered":"<p>Jobe Fragment Life Vest Women Denim Blue Jobe Fragment Life Vest Women Denim Blue Product ID\u00a0244922008 Jobe Fragment veste pied\u0101v\u0101 lab\u0101ko no ab\u0101m pasaul\u0113m komforta un dro\u0161\u012bbas zi\u0146\u0101. Atdal\u012btie putu pane\u013ci apvienojum\u0101 ar m\u012bksto un elast\u012bgo, \u012bpa\u0161i elast\u012bgo audumu nodro\u0161ina maksim\u0101lu kust\u012bbu br\u012bv\u012bbu, savuk\u0101rt 50N ISO sertifik\u0101cija nodro\u0161ina, ka j\u016bs vienm\u0113r notur\u0113sieties virs \u016bdens. Papildu [&#8230;]<\/p>\n<p><a class=\"btn btn-secondary understrap-read-more-link\" href=\"https:\/\/www.waterskis.lv\/ru\/product\/jobe-fragment-life-vest-women-denim-blue\/\">\u0427\u0438\u0442\u0430\u0442\u044c \u0434\u0430\u043b\u044c\u0448\u0435\u2026<\/a><\/p>\n","protected":false},"featured_media":69841,"comment_status":"closed","ping_status":"closed","template":"","meta":{"_acf_changed":false,"inline_featured_image":false},"product_brand":[1330],"product_cat":[366],"product_tag":[3611,3612,1278,1585,3550,3613,1447,1448,3614,1612,3615,1609],"class_list":{"0":"post-69840","1":"product","2":"type-product","3":"status-publish","4":"has-post-thumbnail","6":"product_brand-jobe-watersports","7":"product_cat-366","8":"product_tag-buoyancy-aid","9":"product_tag-certified-life-jacket","10":"product_tag-glabsanas-veste","11":"product_tag-jobe-glabsanas-veste","12":"product_tag-jobe-watersports","13":"product_tag-life-jacket","14":"product_tag-neoprena-veste","15":"product_tag-peldveste","16":"product_tag-sertificeta-glabsanas-veste","17":"product_tag-sieviesu-glabsanas-veste","18":"product_tag-3615","19":"product_tag-1609","21":"first","22":"instock","23":"shipping-taxable","24":"purchasable","25":"product-type-simple"},"acf":[],"yoast_head":"<!-- This site is optimized with the Yoast SEO plugin v27.4 - https:\/\/yoast.com\/product\/yoast-seo-wordpress\/ -->\n<title>Jobe Fragment Life Vest Women Denim Blue - WATERSKIS.LV<\/title>\n<meta name=\"description\" content=\"Jobe Fragment Life Vest Women Denim Blue \u0421\u043f\u0430\u0441\u0430\u0442\u0435\u043b\u044c\u043d\u044b\u0439 \u0436\u0438\u043b\u0435\u0442 \u0434\u043b\u044f \u0436\u0435\u043d\u0449\u0438\u043d, \u0434\u0436\u0438\u043d\u0441\u043e\u0432\u044b\u0439, \u0441\u0438\u043d\u0438\u0439 \u0440\u0430\u0437\u0440\u0430\u0431\u043e\u0442\u0430\u043d \u0441 \u0443\u0447\u0435\u0442\u043e\u043c \u0438\u0434\u0435\u0430\u043b\u044c\u043d\u043e\u0439 \u043f\u043e\u0441\u0430\u0434\u043a\u0438 \u0438 \u0434\u043e\u0441\u0442\u0443\u043f\u043d\u044b \u0432 \u0431\u043e\u043b\u044c\u0448\u0438\u0445 \u0440\u0430\u0437\u043c\u0435\u0440\u0430\u0445\" \/>\n<meta name=\"robots\" content=\"index, follow, max-snippet:-1, max-image-preview:large, max-video-preview:-1\" \/>\n<link rel=\"canonical\" href=\"https:\/\/www.waterskis.lv\/ru\/product\/jobe-fragment-life-vest-women-denim-blue\/\" \/>\n<meta property=\"og:locale\" content=\"ru_RU\" \/>\n<meta property=\"og:type\" content=\"article\" \/>\n<meta property=\"og:title\" content=\"Jobe Fragment Life Vest Women Denim Blue - WATERSKIS.LV\" \/>\n<meta property=\"og:description\" content=\"Jobe Fragment Life Vest Women Denim Blue \u0421\u043f\u0430\u0441\u0430\u0442\u0435\u043b\u044c\u043d\u044b\u0439 \u0436\u0438\u043b\u0435\u0442 \u0434\u043b\u044f \u0436\u0435\u043d\u0449\u0438\u043d, \u0434\u0436\u0438\u043d\u0441\u043e\u0432\u044b\u0439, \u0441\u0438\u043d\u0438\u0439 \u0440\u0430\u0437\u0440\u0430\u0431\u043e\u0442\u0430\u043d \u0441 \u0443\u0447\u0435\u0442\u043e\u043c \u0438\u0434\u0435\u0430\u043b\u044c\u043d\u043e\u0439 \u043f\u043e\u0441\u0430\u0434\u043a\u0438 \u0438 \u0434\u043e\u0441\u0442\u0443\u043f\u043d\u044b \u0432 \u0431\u043e\u043b\u044c\u0448\u0438\u0445 \u0440\u0430\u0437\u043c\u0435\u0440\u0430\u0445\" \/>\n<meta property=\"og:url\" content=\"https:\/\/www.waterskis.lv\/ru\/product\/jobe-fragment-life-vest-women-denim-blue\/\" \/>\n<meta property=\"og:site_name\" content=\"WATERSKIS.LV\" \/>\n<meta property=\"article:publisher\" content=\"https:\/\/www.facebook.com\/jurmalawaterskiwakeboardpark\/\" \/>\n<meta property=\"article:modified_time\" content=\"2026-02-07T07:22:26+00:00\" \/>\n<meta property=\"og:image\" content=\"https:\/\/www.waterskis.lv\/wp-content\/uploads\/2026\/01\/VesteDenimBlue.jpg\" \/>\n\t<meta property=\"og:image:width\" content=\"1500\" \/>\n\t<meta property=\"og:image:height\" content=\"1500\" \/>\n\t<meta property=\"og:image:type\" content=\"image\/jpeg\" \/>\n<meta name=\"twitter:card\" content=\"summary_large_image\" \/>\n<meta name=\"twitter:label1\" content=\"\u041f\u0440\u0438\u043c\u0435\u0440\u043d\u043e\u0435 \u0432\u0440\u0435\u043c\u044f \u0434\u043b\u044f \u0447\u0442\u0435\u043d\u0438\u044f\" \/>\n\t<meta name=\"twitter:data1\" content=\"2 \u043c\u0438\u043d\u0443\u0442\u044b\" \/>\n<script type=\"application\/ld+json\" class=\"yoast-schema-graph\">{\"@context\":\"https:\\\/\\\/schema.org\",\"@graph\":[{\"@type\":\"WebPage\",\"@id\":\"https:\\\/\\\/www.waterskis.lv\\\/ru\\\/product\\\/jobe-fragment-life-vest-women-denim-blue\\\/\",\"url\":\"https:\\\/\\\/www.waterskis.lv\\\/ru\\\/product\\\/jobe-fragment-life-vest-women-denim-blue\\\/\",\"name\":\"Jobe Fragment Life Vest Women Denim Blue - WATERSKIS.LV\",\"isPartOf\":{\"@id\":\"https:\\\/\\\/www.waterskis.lv\\\/ru\\\/#website\"},\"primaryImageOfPage\":{\"@id\":\"https:\\\/\\\/www.waterskis.lv\\\/ru\\\/product\\\/jobe-fragment-life-vest-women-denim-blue\\\/#primaryimage\"},\"image\":{\"@id\":\"https:\\\/\\\/www.waterskis.lv\\\/ru\\\/product\\\/jobe-fragment-life-vest-women-denim-blue\\\/#primaryimage\"},\"thumbnailUrl\":\"https:\\\/\\\/www.waterskis.lv\\\/wp-content\\\/uploads\\\/2026\\\/01\\\/VesteDenimBlue.jpg\",\"datePublished\":\"2026-01-10T13:12:08+00:00\",\"dateModified\":\"2026-02-07T07:22:26+00:00\",\"description\":\"Jobe Fragment Life Vest Women Denim Blue \u0421\u043f\u0430\u0441\u0430\u0442\u0435\u043b\u044c\u043d\u044b\u0439 \u0436\u0438\u043b\u0435\u0442 \u0434\u043b\u044f \u0436\u0435\u043d\u0449\u0438\u043d, \u0434\u0436\u0438\u043d\u0441\u043e\u0432\u044b\u0439, \u0441\u0438\u043d\u0438\u0439 \u0440\u0430\u0437\u0440\u0430\u0431\u043e\u0442\u0430\u043d \u0441 \u0443\u0447\u0435\u0442\u043e\u043c \u0438\u0434\u0435\u0430\u043b\u044c\u043d\u043e\u0439 \u043f\u043e\u0441\u0430\u0434\u043a\u0438 \u0438 \u0434\u043e\u0441\u0442\u0443\u043f\u043d\u044b \u0432 \u0431\u043e\u043b\u044c\u0448\u0438\u0445 \u0440\u0430\u0437\u043c\u0435\u0440\u0430\u0445\",\"breadcrumb\":{\"@id\":\"https:\\\/\\\/www.waterskis.lv\\\/ru\\\/product\\\/jobe-fragment-life-vest-women-denim-blue\\\/#breadcrumb\"},\"inLanguage\":\"ru-RU\",\"potentialAction\":[{\"@type\":\"ReadAction\",\"target\":[\"https:\\\/\\\/www.waterskis.lv\\\/ru\\\/product\\\/jobe-fragment-life-vest-women-denim-blue\\\/\"]}]},{\"@type\":\"ImageObject\",\"inLanguage\":\"ru-RU\",\"@id\":\"https:\\\/\\\/www.waterskis.lv\\\/ru\\\/product\\\/jobe-fragment-life-vest-women-denim-blue\\\/#primaryimage\",\"url\":\"https:\\\/\\\/www.waterskis.lv\\\/wp-content\\\/uploads\\\/2026\\\/01\\\/VesteDenimBlue.jpg\",\"contentUrl\":\"https:\\\/\\\/www.waterskis.lv\\\/wp-content\\\/uploads\\\/2026\\\/01\\\/VesteDenimBlue.jpg\",\"width\":1500,\"height\":1500,\"caption\":\"Jobe Fragment Life Vest Women Denim Blue\"},{\"@type\":\"BreadcrumbList\",\"@id\":\"https:\\\/\\\/www.waterskis.lv\\\/ru\\\/product\\\/jobe-fragment-life-vest-women-denim-blue\\\/#breadcrumb\",\"itemListElement\":[{\"@type\":\"ListItem\",\"position\":1,\"name\":\"Home\",\"item\":\"https:\\\/\\\/www.waterskis.lv\\\/ru\\\/\"},{\"@type\":\"ListItem\",\"position\":2,\"name\":\"\u041c\u0430\u0433\u0430\u0437\u0438\u043d\",\"item\":\"https:\\\/\\\/www.waterskis.lv\\\/ru\\\/%d0%bc%d0%b0%d0%b3%d0%b0%d0%b7%d0%b8%d0%bd\\\/\"},{\"@type\":\"ListItem\",\"position\":3,\"name\":\"Jobe Fragment Life Vest Women Denim Blue\"}]},{\"@type\":\"WebSite\",\"@id\":\"https:\\\/\\\/www.waterskis.lv\\\/ru\\\/#website\",\"url\":\"https:\\\/\\\/www.waterskis.lv\\\/ru\\\/\",\"name\":\"WATERSKIS.LV\",\"description\":\"SUP d\u0113\u013ci, kajaki, kanoe, airu laivas, \u016bdenssl\u0113po\u0161ana, veikbords, SUP d\u0113\u013cu noma, kajaku nomaakt\u012bv\u0101s atp\u016btas centrs, laivu noma, sup noma, kajaku noma\",\"publisher\":{\"@id\":\"https:\\\/\\\/www.waterskis.lv\\\/ru\\\/#organization\"},\"potentialAction\":[{\"@type\":\"SearchAction\",\"target\":{\"@type\":\"EntryPoint\",\"urlTemplate\":\"https:\\\/\\\/www.waterskis.lv\\\/ru\\\/?s={search_term_string}\"},\"query-input\":{\"@type\":\"PropertyValueSpecification\",\"valueRequired\":true,\"valueName\":\"search_term_string\"}}],\"inLanguage\":\"ru-RU\"},{\"@type\":\"Organization\",\"@id\":\"https:\\\/\\\/www.waterskis.lv\\\/ru\\\/#organization\",\"name\":\"WATERSKIS.LV\",\"url\":\"https:\\\/\\\/www.waterskis.lv\\\/ru\\\/\",\"logo\":{\"@type\":\"ImageObject\",\"inLanguage\":\"ru-RU\",\"@id\":\"https:\\\/\\\/www.waterskis.lv\\\/ru\\\/#\\\/schema\\\/logo\\\/image\\\/\",\"url\":\"https:\\\/\\\/www.waterskis.lv\\\/wp-content\\\/uploads\\\/2025\\\/01\\\/JUVP-logo.png\",\"contentUrl\":\"https:\\\/\\\/www.waterskis.lv\\\/wp-content\\\/uploads\\\/2025\\\/01\\\/JUVP-logo.png\",\"width\":421,\"height\":202,\"caption\":\"WATERSKIS.LV\"},\"image\":{\"@id\":\"https:\\\/\\\/www.waterskis.lv\\\/ru\\\/#\\\/schema\\\/logo\\\/image\\\/\"},\"sameAs\":[\"https:\\\/\\\/www.facebook.com\\\/jurmalawaterskiwakeboardpark\\\/\"]}]}<\/script>\n<!-- \/ Yoast SEO plugin. -->","yoast_head_json":{"title":"Jobe Fragment Life Vest Women Denim Blue - WATERSKIS.LV","description":"Jobe Fragment Life Vest Women Denim Blue \u0421\u043f\u0430\u0441\u0430\u0442\u0435\u043b\u044c\u043d\u044b\u0439 \u0436\u0438\u043b\u0435\u0442 \u0434\u043b\u044f \u0436\u0435\u043d\u0449\u0438\u043d, \u0434\u0436\u0438\u043d\u0441\u043e\u0432\u044b\u0439, \u0441\u0438\u043d\u0438\u0439 \u0440\u0430\u0437\u0440\u0430\u0431\u043e\u0442\u0430\u043d \u0441 \u0443\u0447\u0435\u0442\u043e\u043c \u0438\u0434\u0435\u0430\u043b\u044c\u043d\u043e\u0439 \u043f\u043e\u0441\u0430\u0434\u043a\u0438 \u0438 \u0434\u043e\u0441\u0442\u0443\u043f\u043d\u044b \u0432 \u0431\u043e\u043b\u044c\u0448\u0438\u0445 \u0440\u0430\u0437\u043c\u0435\u0440\u0430\u0445","robots":{"index":"index","follow":"follow","max-snippet":"max-snippet:-1","max-image-preview":"max-image-preview:large","max-video-preview":"max-video-preview:-1"},"canonical":"https:\/\/www.waterskis.lv\/ru\/product\/jobe-fragment-life-vest-women-denim-blue\/","og_locale":"ru_RU","og_type":"article","og_title":"Jobe Fragment Life Vest Women Denim Blue - WATERSKIS.LV","og_description":"Jobe Fragment Life Vest Women Denim Blue \u0421\u043f\u0430\u0441\u0430\u0442\u0435\u043b\u044c\u043d\u044b\u0439 \u0436\u0438\u043b\u0435\u0442 \u0434\u043b\u044f \u0436\u0435\u043d\u0449\u0438\u043d, \u0434\u0436\u0438\u043d\u0441\u043e\u0432\u044b\u0439, \u0441\u0438\u043d\u0438\u0439 \u0440\u0430\u0437\u0440\u0430\u0431\u043e\u0442\u0430\u043d \u0441 \u0443\u0447\u0435\u0442\u043e\u043c \u0438\u0434\u0435\u0430\u043b\u044c\u043d\u043e\u0439 \u043f\u043e\u0441\u0430\u0434\u043a\u0438 \u0438 \u0434\u043e\u0441\u0442\u0443\u043f\u043d\u044b \u0432 \u0431\u043e\u043b\u044c\u0448\u0438\u0445 \u0440\u0430\u0437\u043c\u0435\u0440\u0430\u0445","og_url":"https:\/\/www.waterskis.lv\/ru\/product\/jobe-fragment-life-vest-women-denim-blue\/","og_site_name":"WATERSKIS.LV","article_publisher":"https:\/\/www.facebook.com\/jurmalawaterskiwakeboardpark\/","article_modified_time":"2026-02-07T07:22:26+00:00","og_image":[{"width":1500,"height":1500,"url":"https:\/\/www.waterskis.lv\/wp-content\/uploads\/2026\/01\/VesteDenimBlue.jpg","type":"image\/jpeg"}],"twitter_card":"summary_large_image","twitter_misc":{"\u041f\u0440\u0438\u043c\u0435\u0440\u043d\u043e\u0435 \u0432\u0440\u0435\u043c\u044f \u0434\u043b\u044f \u0447\u0442\u0435\u043d\u0438\u044f":"2 \u043c\u0438\u043d\u0443\u0442\u044b"},"schema":{"@context":"https:\/\/schema.org","@graph":[{"@type":"WebPage","@id":"https:\/\/www.waterskis.lv\/ru\/product\/jobe-fragment-life-vest-women-denim-blue\/","url":"https:\/\/www.waterskis.lv\/ru\/product\/jobe-fragment-life-vest-women-denim-blue\/","name":"Jobe Fragment Life Vest Women Denim Blue - WATERSKIS.LV","isPartOf":{"@id":"https:\/\/www.waterskis.lv\/ru\/#website"},"primaryImageOfPage":{"@id":"https:\/\/www.waterskis.lv\/ru\/product\/jobe-fragment-life-vest-women-denim-blue\/#primaryimage"},"image":{"@id":"https:\/\/www.waterskis.lv\/ru\/product\/jobe-fragment-life-vest-women-denim-blue\/#primaryimage"},"thumbnailUrl":"https:\/\/www.waterskis.lv\/wp-content\/uploads\/2026\/01\/VesteDenimBlue.jpg","datePublished":"2026-01-10T13:12:08+00:00","dateModified":"2026-02-07T07:22:26+00:00","description":"Jobe Fragment Life Vest Women Denim Blue \u0421\u043f\u0430\u0441\u0430\u0442\u0435\u043b\u044c\u043d\u044b\u0439 \u0436\u0438\u043b\u0435\u0442 \u0434\u043b\u044f \u0436\u0435\u043d\u0449\u0438\u043d, \u0434\u0436\u0438\u043d\u0441\u043e\u0432\u044b\u0439, \u0441\u0438\u043d\u0438\u0439 \u0440\u0430\u0437\u0440\u0430\u0431\u043e\u0442\u0430\u043d \u0441 \u0443\u0447\u0435\u0442\u043e\u043c \u0438\u0434\u0435\u0430\u043b\u044c\u043d\u043e\u0439 \u043f\u043e\u0441\u0430\u0434\u043a\u0438 \u0438 \u0434\u043e\u0441\u0442\u0443\u043f\u043d\u044b \u0432 \u0431\u043e\u043b\u044c\u0448\u0438\u0445 \u0440\u0430\u0437\u043c\u0435\u0440\u0430\u0445","breadcrumb":{"@id":"https:\/\/www.waterskis.lv\/ru\/product\/jobe-fragment-life-vest-women-denim-blue\/#breadcrumb"},"inLanguage":"ru-RU","potentialAction":[{"@type":"ReadAction","target":["https:\/\/www.waterskis.lv\/ru\/product\/jobe-fragment-life-vest-women-denim-blue\/"]}]},{"@type":"ImageObject","inLanguage":"ru-RU","@id":"https:\/\/www.waterskis.lv\/ru\/product\/jobe-fragment-life-vest-women-denim-blue\/#primaryimage","url":"https:\/\/www.waterskis.lv\/wp-content\/uploads\/2026\/01\/VesteDenimBlue.jpg","contentUrl":"https:\/\/www.waterskis.lv\/wp-content\/uploads\/2026\/01\/VesteDenimBlue.jpg","width":1500,"height":1500,"caption":"Jobe Fragment Life Vest Women Denim Blue"},{"@type":"BreadcrumbList","@id":"https:\/\/www.waterskis.lv\/ru\/product\/jobe-fragment-life-vest-women-denim-blue\/#breadcrumb","itemListElement":[{"@type":"ListItem","position":1,"name":"Home","item":"https:\/\/www.waterskis.lv\/ru\/"},{"@type":"ListItem","position":2,"name":"\u041c\u0430\u0433\u0430\u0437\u0438\u043d","item":"https:\/\/www.waterskis.lv\/ru\/%d0%bc%d0%b0%d0%b3%d0%b0%d0%b7%d0%b8%d0%bd\/"},{"@type":"ListItem","position":3,"name":"Jobe Fragment Life Vest Women Denim Blue"}]},{"@type":"WebSite","@id":"https:\/\/www.waterskis.lv\/ru\/#website","url":"https:\/\/www.waterskis.lv\/ru\/","name":"WATERSKIS.LV","description":"SUP d\u0113\u013ci, kajaki, kanoe, airu laivas, \u016bdenssl\u0113po\u0161ana, veikbords, SUP d\u0113\u013cu noma, kajaku nomaakt\u012bv\u0101s atp\u016btas centrs, laivu noma, sup noma, kajaku noma","publisher":{"@id":"https:\/\/www.waterskis.lv\/ru\/#organization"},"potentialAction":[{"@type":"SearchAction","target":{"@type":"EntryPoint","urlTemplate":"https:\/\/www.waterskis.lv\/ru\/?s={search_term_string}"},"query-input":{"@type":"PropertyValueSpecification","valueRequired":true,"valueName":"search_term_string"}}],"inLanguage":"ru-RU"},{"@type":"Organization","@id":"https:\/\/www.waterskis.lv\/ru\/#organization","name":"WATERSKIS.LV","url":"https:\/\/www.waterskis.lv\/ru\/","logo":{"@type":"ImageObject","inLanguage":"ru-RU","@id":"https:\/\/www.waterskis.lv\/ru\/#\/schema\/logo\/image\/","url":"https:\/\/www.waterskis.lv\/wp-content\/uploads\/2025\/01\/JUVP-logo.png","contentUrl":"https:\/\/www.waterskis.lv\/wp-content\/uploads\/2025\/01\/JUVP-logo.png","width":421,"height":202,"caption":"WATERSKIS.LV"},"image":{"@id":"https:\/\/www.waterskis.lv\/ru\/#\/schema\/logo\/image\/"},"sameAs":["https:\/\/www.facebook.com\/jurmalawaterskiwakeboardpark\/"]}]}},"_links":{"self":[{"href":"https:\/\/www.waterskis.lv\/ru\/wp-json\/wp\/v2\/product\/69840","targetHints":{"allow":["GET"]}}],"collection":[{"href":"https:\/\/www.waterskis.lv\/ru\/wp-json\/wp\/v2\/product"}],"about":[{"href":"https:\/\/www.waterskis.lv\/ru\/wp-json\/wp\/v2\/types\/product"}],"replies":[{"embeddable":true,"href":"https:\/\/www.waterskis.lv\/ru\/wp-json\/wp\/v2\/comments?post=69840"}],"wp:featuredmedia":[{"embeddable":true,"href":"https:\/\/www.waterskis.lv\/ru\/wp-json\/wp\/v2\/media\/69841"}],"wp:attachment":[{"href":"https:\/\/www.waterskis.lv\/ru\/wp-json\/wp\/v2\/media?parent=69840"}],"wp:term":[{"taxonomy":"product_brand","embeddable":true,"href":"https:\/\/www.waterskis.lv\/ru\/wp-json\/wp\/v2\/product_brand?post=69840"},{"taxonomy":"product_cat","embeddable":true,"href":"https:\/\/www.waterskis.lv\/ru\/wp-json\/wp\/v2\/product_cat?post=69840"},{"taxonomy":"product_tag","embeddable":true,"href":"https:\/\/www.waterskis.lv\/ru\/wp-json\/wp\/v2\/product_tag?post=69840"}],"curies":[{"name":"wp","href":"https:\/\/api.w.org\/{rel}","templated":true}]}}