{"id":69981,"date":"2026-01-11T15:22:36","date_gmt":"2026-01-11T13:22:36","guid":{"rendered":"https:\/\/www.waterskis.lv\/product\/jobe-perth-3-2mm-chestzipper-wetsuit-men-gray\/"},"modified":"2026-02-07T16:46:58","modified_gmt":"2026-02-07T14:46:58","slug":"jobe-perth-3-2mm-chestzipper-wetsuit-men-gray","status":"publish","type":"product","link":"https:\/\/www.waterskis.lv\/ru\/product\/jobe-perth-3-2mm-chestzipper-wetsuit-men-gray\/","title":{"rendered":"Jobe Perth 3\/2mm Chestzipper Wetsuit Men Gray"},"content":{"rendered":"<h1 class=\"productTitle s-hide\">Jobe Perth 3\/2mm Chestzipper Wetsuit Men Gray<\/h1>\n<p class=\"productTitle s-hide\">Jobe Perth 3\/2mm Chestzipper Wetsuit Men Gray<\/p>\n<div class=\"paragraph mt10 col-12\">\n<p><span class=\"s-hide\">Product ID\u00a0303520004<\/span><\/p>\n<div class=\"col-12 relative mt10\">\n<p>\u0425\u0430\u0440\u0430\u043a\u0442\u0435\u0440\u0438\u0441\u0442\u0438\u043a\u0438<br \/>\n\u0421\u0435\u0440\u044b\u0439 \u0433\u0438\u0434\u0440\u043e\u043a\u043e\u0441\u0442\u044e\u043c, \u043a\u043e\u0442\u043e\u0440\u044b\u0439 \u043e\u0449\u0443\u0449\u0430\u0435\u0442\u0441\u044f \u043a\u0430\u043a \u0432\u0442\u043e\u0440\u0430\u044f \u043a\u043e\u0436\u0430! \u0413\u0438\u0434\u0440\u043e\u043a\u043e\u0441\u0442\u044e\u043c Jobe Portland Chestzipper \u0438\u043c\u0435\u0435\u0442 \u0442\u0435\u043f\u043b\u0443\u044e \u0442\u0435\u0440\u043c\u043e\u043f\u043e\u0434\u043a\u043b\u0430\u0434\u043a\u0443, \u043a\u043e\u0442\u043e\u0440\u0430\u044f \u0441\u043e\u0445\u0440\u0430\u043d\u0438\u0442 \u0432\u0430\u0448\u0435 \u0442\u0435\u043f\u043b\u043e. \u041a\u043e\u043c\u0444\u043e\u0440\u0442 \u0438 \u043e\u0449\u0443\u0449\u0435\u043d\u0438\u0435 \u0432\u044b\u0441\u043e\u043a\u043e\u0433\u043e \u043a\u0430\u0447\u0435\u0441\u0442\u0432\u0430 \u0434\u043e\u0441\u0442\u0438\u0433\u0430\u044e\u0442\u0441\u044f \u0431\u043b\u0430\u0433\u043e\u0434\u0430\u0440\u044f \u0433\u0438\u0431\u043a\u043e\u043c\u0443 \u043d\u0435\u043e\u043f\u0440\u0435\u043d\u0443 \u0438 \u043c\u043e\u043b\u043d\u0438\u0438 \u0441\u043f\u0435\u0440\u0435\u0434\u0438, \u0430 \u043d\u0435 \u0441\u0437\u0430\u0434\u0438. \u041d\u043e \u043a\u043e\u0433\u0434\u0430 \u0442\u0435\u043c\u043f\u0435\u0440\u0430\u0442\u0443\u0440\u0430 \u043f\u043e\u0432\u044b\u0441\u0438\u0442\u0441\u044f \u0438 \u0432\u0430\u043c \u043f\u043e\u043d\u0430\u0434\u043e\u0431\u0438\u0442\u0441\u044f \u0443\u043a\u043e\u0440\u043e\u0447\u0435\u043d\u043d\u044b\u0439 \u0433\u0438\u0434\u0440\u043e\u043a\u043e\u0441\u0442\u044e\u043c, \u0432\u044b \u043c\u043e\u0436\u0435\u0442\u0435 \u043f\u0440\u043e\u0441\u0442\u043e \u0443\u043a\u043e\u0440\u043e\u0442\u0438\u0442\u044c \u0448\u0442\u0430\u043d\u0438\u043d\u044b \u0431\u043b\u0430\u0433\u043e\u0434\u0430\u0440\u044f \u0432\u043e\u0437\u043c\u043e\u0436\u043d\u043e\u0441\u0442\u0438 \u0443\u043a\u043e\u0440\u043e\u0447\u0435\u043d\u0438\u044f \u0432\u044b\u0448\u0435 \u043a\u043e\u043b\u0435\u043d.<\/p>\n<p>\u0418\u0437\u0433\u043e\u0442\u043e\u0432\u043b\u0435\u043d \u0438\u0437 50% \u043d\u0435\u043e\u043f\u0440\u0435\u043d\u0430 \u043d\u0430 \u043e\u0441\u043d\u043e\u0432\u0435 \u0438\u0437\u0432\u0435\u0441\u0442\u043d\u044f\u043a\u0430<br \/>\n\u041c\u043e\u043b\u043d\u0438\u044f \u043d\u0430 \u0433\u0440\u0443\u0434\u0438 \u0434\u043b\u044f \u043c\u0430\u043a\u0441\u0438\u043c\u0430\u043b\u044c\u043d\u043e\u0439 \u0433\u0438\u0431\u043a\u043e\u0441\u0442\u0438 \u0438 \u043c\u0438\u043d\u0438\u043c\u0430\u043b\u044c\u043d\u043e\u0433\u043e \u043f\u0440\u043e\u043d\u0438\u043a\u043d\u043e\u0432\u0435\u043d\u0438\u044f \u0432\u043e\u0434\u044b<br \/>\n\u041d\u0435\u043e\u043f\u0440\u0435\u043d 3 \u043c\u043c \u043d\u0430 \u0433\u0440\u0443\u0434\u0438 \u0438 \u0441\u043f\u0438\u043d\u0435, 2 \u043c\u043c \u043d\u0430 \u0434\u0440\u0443\u0433\u0438\u0445 \u043f\u0430\u043d\u0435\u043b\u044f\u0445<br \/>\n\u041f\u0440\u043e\u0447\u043d\u044b\u0435 \u043f\u043b\u043e\u0441\u043a\u0438\u0435 \u0448\u0432\u044b<br \/>\n\u041f\u043e\u043b\u043d\u043e\u0441\u0442\u044c\u044e \u044d\u043b\u0430\u0441\u0442\u0438\u0447\u043d\u044b\u0439 \u043d\u0435\u043e\u043f\u0440\u0435\u043d<br \/>\n\u0417\u0430\u0449\u0438\u0442\u043d\u044b\u0435 \u043d\u0430\u043a\u043e\u043b\u0435\u043d\u043d\u0438\u043a\u0438<br \/>\n\u0423\u043a\u0440\u0435\u043f\u043b\u044f\u044e\u0449\u0430\u044f \u043b\u0435\u043d\u0442\u0430 \u0432\u043d\u0443\u0442\u0440\u0438<\/p>\n<p><span class=\"boldTitleFont uppercase blackColor fs30 mt10 col-12\">Men&#8217;s Wetsuits &amp; Apparel<\/span><\/p>\n<div class=\"col-12 mb10\">\n<div class=\"col-6\">\n<div class=\"image\"><img decoding=\"async\" src=\"https:\/\/www.jobesports.com\/uploads\/base\/size_guide\/waterwear-men-1551343898.jpg\" alt=\"Size table\" \/><\/div>\n<\/div>\n<div class=\"col-6 col-padding-left\"><span class=\"boldTitleFont uppercase blackColor fs18 col-12\">How to measure<\/span>1. Place the tape under your arms. Measure the chest at the widest part.<br \/>\n2. Measure around the narrowest part of your waist.<br \/>\n3. Measure around the widest part of your hips.<br \/>\n4. Measure from head to toe.<\/div>\n<\/div>\n<p><span class=\"boldTitleFont uppercase blackColor fs20\">Size table<\/span><\/p>\n<div class=\"switch\"><label class=\"switch-label switch-label-off\" tabindex=\"0\" for=\"view_cm\">CM<\/label><label class=\"switch-label switch-label-on\" tabindex=\"0\" for=\"view_inch\">Inch<\/label><\/div>\n<table class=\"size_guide\">\n<thead>\n<tr>\n<th>Size<\/th>\n<th>Chest\u00a0<span class=\"sg_cm\">(CM)<\/span><\/th>\n<th>Waist\u00a0<span class=\"sg_cm\">(CM)<\/span><\/th>\n<th>Hip\u00a0<span class=\"sg_cm\">(CM)<\/span><\/th>\n<th>Length\u00a0<span class=\"sg_cm\">(CM)<\/span><\/th>\n<\/tr>\n<\/thead>\n<tbody>\n<tr>\n<td>S<\/td>\n<td><span class=\"sg_cm\">94-98<\/span><\/td>\n<td><span class=\"sg_cm\">84-88<\/span><\/td>\n<td><span class=\"sg_cm\">94-98<\/span><\/td>\n<td><span class=\"sg_cm\">175-181<\/span><\/td>\n<\/tr>\n<tr>\n<td>M<\/td>\n<td><span class=\"sg_cm\">98-102<\/span><\/td>\n<td><span class=\"sg_cm\">88-92<\/span><\/td>\n<td><span class=\"sg_cm\">98-102<\/span><\/td>\n<td><span class=\"sg_cm\">177-183<\/span><\/td>\n<\/tr>\n<tr>\n<td>L<\/td>\n<td><span class=\"sg_cm\">102-106<\/span><\/td>\n<td><span class=\"sg_cm\">92-96<\/span><\/td>\n<td><span class=\"sg_cm\">102-106<\/span><\/td>\n<td><span class=\"sg_cm\">179-185<\/span><\/td>\n<\/tr>\n<tr>\n<td>XL<\/td>\n<td><span class=\"sg_cm\">106-110<\/span><\/td>\n<td><span class=\"sg_cm\">96-100<\/span><\/td>\n<td><span class=\"sg_cm\">106-110<\/span><\/td>\n<td><span class=\"sg_cm\">181-187<\/span><\/td>\n<\/tr>\n<tr>\n<td>2XL<\/td>\n<td><span class=\"sg_cm\">111-117<\/span><\/td>\n<td><span class=\"sg_cm\">101-107<\/span><\/td>\n<td><span class=\"sg_cm\">111-117<\/span><\/td>\n<td><span class=\"sg_cm\">183-189<\/span><\/td>\n<\/tr>\n<\/tbody>\n<\/table>\n<\/div>\n<\/div>\n","protected":false},"excerpt":{"rendered":"<p>&nbsp;<\/p>\n<p>Kr\u016b\u0161u r\u0101v\u0113jsl\u0113dz\u0113js maksim\u0101lai elast\u012bbai un minim\u0101lai \u016bdens iek\u013c\u016b\u0161anai [&#8230;]<\/p>\n<p><a class=\"btn btn-secondary understrap-read-more-link\" href=\"https:\/\/www.waterskis.lv\/ru\/product\/jobe-perth-3-2mm-chestzipper-wetsuit-men-gray\/\">\u0427\u0438\u0442\u0430\u0442\u044c \u0434\u0430\u043b\u044c\u0448\u0435\u2026<\/a><\/p>\n","protected":false},"featured_media":69982,"comment_status":"closed","ping_status":"closed","template":"","meta":{"_acf_changed":false,"inline_featured_image":false},"product_brand":[1330],"product_cat":[838,839],"product_tag":[1662,1337,1664,3697,3550,1665,3693,1671,3696],"class_list":{"0":"post-69981","1":"product","2":"type-product","3":"status-publish","4":"has-post-thumbnail","6":"product_brand-jobe-watersports","7":"product_cat-838","8":"product_cat-839","9":"product_tag-hidroterps","10":"product_tag-jobe","11":"product_tag-jobe-neoprena-hidroterps","12":"product_tag-jobe-neoprene-wetsuit","13":"product_tag-jobe-watersports","14":"product_tag-neoprena-hidroterps","15":"product_tag-neoprene-wetsuit","16":"product_tag-1671","17":"product_tag----jobe","19":"first","20":"instock","21":"shipping-taxable","22":"purchasable","23":"product-type-simple"},"acf":[],"yoast_head":"<!-- This site is optimized with the Yoast SEO plugin v27.3 - https:\/\/yoast.com\/product\/yoast-seo-wordpress\/ -->\n<title>Jobe Perth 3\/2mm Chestzipper Wetsuit Men Gray - WATERSKIS.LV<\/title>\n<meta name=\"description\" content=\"Jobe Perth 3\/2mm Chestzipper Wetsuit Men Gray. \u0421\u0435\u0440\u044b\u0439 \u0433\u0438\u0434\u0440\u043e\u043a\u043e\u0441\u0442\u044e\u043c, \u043a\u043e\u0442\u043e\u0440\u044b\u0439 \u043e\u0449\u0443\u0449\u0430\u0435\u0442\u0441\u044f \u043a\u0430\u043a \u0432\u0442\u043e\u0440\u0430\u044f \u043a\u043e\u0436\u0430! \u041c\u043e\u043b\u043d\u0438\u044f \u043d\u0430 \u0433\u0440\u0443\u0434\u0438 \u0434\u043b\u044f \u043c\u0430\u043a\u0441\u0438\u043c\u0430\u043b\u044c\u043d\u043e\u0439 \u0433\u0438\u0431\u043a\u043e\u0441\u0442\u0438\" \/>\n<meta name=\"robots\" content=\"index, follow, max-snippet:-1, max-image-preview:large, max-video-preview:-1\" \/>\n<link rel=\"canonical\" href=\"https:\/\/www.waterskis.lv\/ru\/product\/jobe-perth-3-2mm-chestzipper-wetsuit-men-gray\/\" \/>\n<meta property=\"og:locale\" content=\"ru_RU\" \/>\n<meta property=\"og:type\" content=\"article\" \/>\n<meta property=\"og:title\" content=\"Jobe Perth 3\/2mm Chestzipper Wetsuit Men Gray - WATERSKIS.LV\" \/>\n<meta property=\"og:description\" content=\"Jobe Perth 3\/2mm Chestzipper Wetsuit Men Gray. \u0421\u0435\u0440\u044b\u0439 \u0433\u0438\u0434\u0440\u043e\u043a\u043e\u0441\u0442\u044e\u043c, \u043a\u043e\u0442\u043e\u0440\u044b\u0439 \u043e\u0449\u0443\u0449\u0430\u0435\u0442\u0441\u044f \u043a\u0430\u043a \u0432\u0442\u043e\u0440\u0430\u044f \u043a\u043e\u0436\u0430! \u041c\u043e\u043b\u043d\u0438\u044f \u043d\u0430 \u0433\u0440\u0443\u0434\u0438 \u0434\u043b\u044f \u043c\u0430\u043a\u0441\u0438\u043c\u0430\u043b\u044c\u043d\u043e\u0439 \u0433\u0438\u0431\u043a\u043e\u0441\u0442\u0438\" \/>\n<meta property=\"og:url\" content=\"https:\/\/www.waterskis.lv\/ru\/product\/jobe-perth-3-2mm-chestzipper-wetsuit-men-gray\/\" \/>\n<meta property=\"og:site_name\" content=\"WATERSKIS.LV\" \/>\n<meta property=\"article:publisher\" content=\"https:\/\/www.facebook.com\/jurmalawaterskiwakeboardpark\/\" \/>\n<meta property=\"article:modified_time\" content=\"2026-02-07T14:46:58+00:00\" \/>\n<meta property=\"og:image\" content=\"https:\/\/www.waterskis.lv\/wp-content\/uploads\/2026\/01\/perthChest.jpg\" \/>\n\t<meta property=\"og:image:width\" content=\"1500\" \/>\n\t<meta property=\"og:image:height\" content=\"1500\" \/>\n\t<meta property=\"og:image:type\" content=\"image\/jpeg\" \/>\n<meta name=\"twitter:card\" content=\"summary_large_image\" \/>\n<meta name=\"twitter:label1\" content=\"\u041f\u0440\u0438\u043c\u0435\u0440\u043d\u043e\u0435 \u0432\u0440\u0435\u043c\u044f \u0434\u043b\u044f \u0447\u0442\u0435\u043d\u0438\u044f\" \/>\n\t<meta name=\"twitter:data1\" content=\"2 \u043c\u0438\u043d\u0443\u0442\u044b\" \/>\n<script type=\"application\/ld+json\" class=\"yoast-schema-graph\">{\"@context\":\"https:\\\/\\\/schema.org\",\"@graph\":[{\"@type\":\"WebPage\",\"@id\":\"https:\\\/\\\/www.waterskis.lv\\\/ru\\\/product\\\/jobe-perth-3-2mm-chestzipper-wetsuit-men-gray\\\/\",\"url\":\"https:\\\/\\\/www.waterskis.lv\\\/ru\\\/product\\\/jobe-perth-3-2mm-chestzipper-wetsuit-men-gray\\\/\",\"name\":\"Jobe Perth 3\\\/2mm Chestzipper Wetsuit Men Gray - WATERSKIS.LV\",\"isPartOf\":{\"@id\":\"https:\\\/\\\/www.waterskis.lv\\\/ru\\\/#website\"},\"primaryImageOfPage\":{\"@id\":\"https:\\\/\\\/www.waterskis.lv\\\/ru\\\/product\\\/jobe-perth-3-2mm-chestzipper-wetsuit-men-gray\\\/#primaryimage\"},\"image\":{\"@id\":\"https:\\\/\\\/www.waterskis.lv\\\/ru\\\/product\\\/jobe-perth-3-2mm-chestzipper-wetsuit-men-gray\\\/#primaryimage\"},\"thumbnailUrl\":\"https:\\\/\\\/www.waterskis.lv\\\/wp-content\\\/uploads\\\/2026\\\/01\\\/perthChest.jpg\",\"datePublished\":\"2026-01-11T13:22:36+00:00\",\"dateModified\":\"2026-02-07T14:46:58+00:00\",\"description\":\"Jobe Perth 3\\\/2mm Chestzipper Wetsuit Men Gray. \u0421\u0435\u0440\u044b\u0439 \u0433\u0438\u0434\u0440\u043e\u043a\u043e\u0441\u0442\u044e\u043c, \u043a\u043e\u0442\u043e\u0440\u044b\u0439 \u043e\u0449\u0443\u0449\u0430\u0435\u0442\u0441\u044f \u043a\u0430\u043a \u0432\u0442\u043e\u0440\u0430\u044f \u043a\u043e\u0436\u0430! \u041c\u043e\u043b\u043d\u0438\u044f \u043d\u0430 \u0433\u0440\u0443\u0434\u0438 \u0434\u043b\u044f \u043c\u0430\u043a\u0441\u0438\u043c\u0430\u043b\u044c\u043d\u043e\u0439 \u0433\u0438\u0431\u043a\u043e\u0441\u0442\u0438\",\"breadcrumb\":{\"@id\":\"https:\\\/\\\/www.waterskis.lv\\\/ru\\\/product\\\/jobe-perth-3-2mm-chestzipper-wetsuit-men-gray\\\/#breadcrumb\"},\"inLanguage\":\"ru-RU\",\"potentialAction\":[{\"@type\":\"ReadAction\",\"target\":[\"https:\\\/\\\/www.waterskis.lv\\\/ru\\\/product\\\/jobe-perth-3-2mm-chestzipper-wetsuit-men-gray\\\/\"]}]},{\"@type\":\"ImageObject\",\"inLanguage\":\"ru-RU\",\"@id\":\"https:\\\/\\\/www.waterskis.lv\\\/ru\\\/product\\\/jobe-perth-3-2mm-chestzipper-wetsuit-men-gray\\\/#primaryimage\",\"url\":\"https:\\\/\\\/www.waterskis.lv\\\/wp-content\\\/uploads\\\/2026\\\/01\\\/perthChest.jpg\",\"contentUrl\":\"https:\\\/\\\/www.waterskis.lv\\\/wp-content\\\/uploads\\\/2026\\\/01\\\/perthChest.jpg\",\"width\":1500,\"height\":1500,\"caption\":\"Jobe Perth 3\\\/2mm Chestzipper Wetsuit Men Gray\"},{\"@type\":\"BreadcrumbList\",\"@id\":\"https:\\\/\\\/www.waterskis.lv\\\/ru\\\/product\\\/jobe-perth-3-2mm-chestzipper-wetsuit-men-gray\\\/#breadcrumb\",\"itemListElement\":[{\"@type\":\"ListItem\",\"position\":1,\"name\":\"Home\",\"item\":\"https:\\\/\\\/www.waterskis.lv\\\/ru\\\/\"},{\"@type\":\"ListItem\",\"position\":2,\"name\":\"\u041c\u0430\u0433\u0430\u0437\u0438\u043d\",\"item\":\"https:\\\/\\\/www.waterskis.lv\\\/ru\\\/%d0%bc%d0%b0%d0%b3%d0%b0%d0%b7%d0%b8%d0%bd\\\/\"},{\"@type\":\"ListItem\",\"position\":3,\"name\":\"Jobe Perth 3\\\/2mm Chestzipper Wetsuit Men Gray\"}]},{\"@type\":\"WebSite\",\"@id\":\"https:\\\/\\\/www.waterskis.lv\\\/ru\\\/#website\",\"url\":\"https:\\\/\\\/www.waterskis.lv\\\/ru\\\/\",\"name\":\"WATERSKIS.LV\",\"description\":\"SUP d\u0113\u013ci, kajaki, kanoe, airu laivas, \u016bdenssl\u0113po\u0161ana, veikbords, SUP d\u0113\u013cu noma, kajaku nomaakt\u012bv\u0101s atp\u016btas centrs, laivu noma, sup noma, kajaku noma\",\"publisher\":{\"@id\":\"https:\\\/\\\/www.waterskis.lv\\\/ru\\\/#organization\"},\"potentialAction\":[{\"@type\":\"SearchAction\",\"target\":{\"@type\":\"EntryPoint\",\"urlTemplate\":\"https:\\\/\\\/www.waterskis.lv\\\/ru\\\/?s={search_term_string}\"},\"query-input\":{\"@type\":\"PropertyValueSpecification\",\"valueRequired\":true,\"valueName\":\"search_term_string\"}}],\"inLanguage\":\"ru-RU\"},{\"@type\":\"Organization\",\"@id\":\"https:\\\/\\\/www.waterskis.lv\\\/ru\\\/#organization\",\"name\":\"WATERSKIS.LV\",\"url\":\"https:\\\/\\\/www.waterskis.lv\\\/ru\\\/\",\"logo\":{\"@type\":\"ImageObject\",\"inLanguage\":\"ru-RU\",\"@id\":\"https:\\\/\\\/www.waterskis.lv\\\/ru\\\/#\\\/schema\\\/logo\\\/image\\\/\",\"url\":\"https:\\\/\\\/www.waterskis.lv\\\/wp-content\\\/uploads\\\/2025\\\/01\\\/JUVP-logo.png\",\"contentUrl\":\"https:\\\/\\\/www.waterskis.lv\\\/wp-content\\\/uploads\\\/2025\\\/01\\\/JUVP-logo.png\",\"width\":421,\"height\":202,\"caption\":\"WATERSKIS.LV\"},\"image\":{\"@id\":\"https:\\\/\\\/www.waterskis.lv\\\/ru\\\/#\\\/schema\\\/logo\\\/image\\\/\"},\"sameAs\":[\"https:\\\/\\\/www.facebook.com\\\/jurmalawaterskiwakeboardpark\\\/\"]}]}<\/script>\n<!-- \/ Yoast SEO plugin. -->","yoast_head_json":{"title":"Jobe Perth 3\/2mm Chestzipper Wetsuit Men Gray - WATERSKIS.LV","description":"Jobe Perth 3\/2mm Chestzipper Wetsuit Men Gray. \u0421\u0435\u0440\u044b\u0439 \u0433\u0438\u0434\u0440\u043e\u043a\u043e\u0441\u0442\u044e\u043c, \u043a\u043e\u0442\u043e\u0440\u044b\u0439 \u043e\u0449\u0443\u0449\u0430\u0435\u0442\u0441\u044f \u043a\u0430\u043a \u0432\u0442\u043e\u0440\u0430\u044f \u043a\u043e\u0436\u0430! \u041c\u043e\u043b\u043d\u0438\u044f \u043d\u0430 \u0433\u0440\u0443\u0434\u0438 \u0434\u043b\u044f \u043c\u0430\u043a\u0441\u0438\u043c\u0430\u043b\u044c\u043d\u043e\u0439 \u0433\u0438\u0431\u043a\u043e\u0441\u0442\u0438","robots":{"index":"index","follow":"follow","max-snippet":"max-snippet:-1","max-image-preview":"max-image-preview:large","max-video-preview":"max-video-preview:-1"},"canonical":"https:\/\/www.waterskis.lv\/ru\/product\/jobe-perth-3-2mm-chestzipper-wetsuit-men-gray\/","og_locale":"ru_RU","og_type":"article","og_title":"Jobe Perth 3\/2mm Chestzipper Wetsuit Men Gray - WATERSKIS.LV","og_description":"Jobe Perth 3\/2mm Chestzipper Wetsuit Men Gray. \u0421\u0435\u0440\u044b\u0439 \u0433\u0438\u0434\u0440\u043e\u043a\u043e\u0441\u0442\u044e\u043c, \u043a\u043e\u0442\u043e\u0440\u044b\u0439 \u043e\u0449\u0443\u0449\u0430\u0435\u0442\u0441\u044f \u043a\u0430\u043a \u0432\u0442\u043e\u0440\u0430\u044f \u043a\u043e\u0436\u0430! \u041c\u043e\u043b\u043d\u0438\u044f \u043d\u0430 \u0433\u0440\u0443\u0434\u0438 \u0434\u043b\u044f \u043c\u0430\u043a\u0441\u0438\u043c\u0430\u043b\u044c\u043d\u043e\u0439 \u0433\u0438\u0431\u043a\u043e\u0441\u0442\u0438","og_url":"https:\/\/www.waterskis.lv\/ru\/product\/jobe-perth-3-2mm-chestzipper-wetsuit-men-gray\/","og_site_name":"WATERSKIS.LV","article_publisher":"https:\/\/www.facebook.com\/jurmalawaterskiwakeboardpark\/","article_modified_time":"2026-02-07T14:46:58+00:00","og_image":[{"width":1500,"height":1500,"url":"https:\/\/www.waterskis.lv\/wp-content\/uploads\/2026\/01\/perthChest.jpg","type":"image\/jpeg"}],"twitter_card":"summary_large_image","twitter_misc":{"\u041f\u0440\u0438\u043c\u0435\u0440\u043d\u043e\u0435 \u0432\u0440\u0435\u043c\u044f \u0434\u043b\u044f \u0447\u0442\u0435\u043d\u0438\u044f":"2 \u043c\u0438\u043d\u0443\u0442\u044b"},"schema":{"@context":"https:\/\/schema.org","@graph":[{"@type":"WebPage","@id":"https:\/\/www.waterskis.lv\/ru\/product\/jobe-perth-3-2mm-chestzipper-wetsuit-men-gray\/","url":"https:\/\/www.waterskis.lv\/ru\/product\/jobe-perth-3-2mm-chestzipper-wetsuit-men-gray\/","name":"Jobe Perth 3\/2mm Chestzipper Wetsuit Men Gray - WATERSKIS.LV","isPartOf":{"@id":"https:\/\/www.waterskis.lv\/ru\/#website"},"primaryImageOfPage":{"@id":"https:\/\/www.waterskis.lv\/ru\/product\/jobe-perth-3-2mm-chestzipper-wetsuit-men-gray\/#primaryimage"},"image":{"@id":"https:\/\/www.waterskis.lv\/ru\/product\/jobe-perth-3-2mm-chestzipper-wetsuit-men-gray\/#primaryimage"},"thumbnailUrl":"https:\/\/www.waterskis.lv\/wp-content\/uploads\/2026\/01\/perthChest.jpg","datePublished":"2026-01-11T13:22:36+00:00","dateModified":"2026-02-07T14:46:58+00:00","description":"Jobe Perth 3\/2mm Chestzipper Wetsuit Men Gray. \u0421\u0435\u0440\u044b\u0439 \u0433\u0438\u0434\u0440\u043e\u043a\u043e\u0441\u0442\u044e\u043c, \u043a\u043e\u0442\u043e\u0440\u044b\u0439 \u043e\u0449\u0443\u0449\u0430\u0435\u0442\u0441\u044f \u043a\u0430\u043a \u0432\u0442\u043e\u0440\u0430\u044f \u043a\u043e\u0436\u0430! \u041c\u043e\u043b\u043d\u0438\u044f \u043d\u0430 \u0433\u0440\u0443\u0434\u0438 \u0434\u043b\u044f \u043c\u0430\u043a\u0441\u0438\u043c\u0430\u043b\u044c\u043d\u043e\u0439 \u0433\u0438\u0431\u043a\u043e\u0441\u0442\u0438","breadcrumb":{"@id":"https:\/\/www.waterskis.lv\/ru\/product\/jobe-perth-3-2mm-chestzipper-wetsuit-men-gray\/#breadcrumb"},"inLanguage":"ru-RU","potentialAction":[{"@type":"ReadAction","target":["https:\/\/www.waterskis.lv\/ru\/product\/jobe-perth-3-2mm-chestzipper-wetsuit-men-gray\/"]}]},{"@type":"ImageObject","inLanguage":"ru-RU","@id":"https:\/\/www.waterskis.lv\/ru\/product\/jobe-perth-3-2mm-chestzipper-wetsuit-men-gray\/#primaryimage","url":"https:\/\/www.waterskis.lv\/wp-content\/uploads\/2026\/01\/perthChest.jpg","contentUrl":"https:\/\/www.waterskis.lv\/wp-content\/uploads\/2026\/01\/perthChest.jpg","width":1500,"height":1500,"caption":"Jobe Perth 3\/2mm Chestzipper Wetsuit Men Gray"},{"@type":"BreadcrumbList","@id":"https:\/\/www.waterskis.lv\/ru\/product\/jobe-perth-3-2mm-chestzipper-wetsuit-men-gray\/#breadcrumb","itemListElement":[{"@type":"ListItem","position":1,"name":"Home","item":"https:\/\/www.waterskis.lv\/ru\/"},{"@type":"ListItem","position":2,"name":"\u041c\u0430\u0433\u0430\u0437\u0438\u043d","item":"https:\/\/www.waterskis.lv\/ru\/%d0%bc%d0%b0%d0%b3%d0%b0%d0%b7%d0%b8%d0%bd\/"},{"@type":"ListItem","position":3,"name":"Jobe Perth 3\/2mm Chestzipper Wetsuit Men Gray"}]},{"@type":"WebSite","@id":"https:\/\/www.waterskis.lv\/ru\/#website","url":"https:\/\/www.waterskis.lv\/ru\/","name":"WATERSKIS.LV","description":"SUP d\u0113\u013ci, kajaki, kanoe, airu laivas, \u016bdenssl\u0113po\u0161ana, veikbords, SUP d\u0113\u013cu noma, kajaku nomaakt\u012bv\u0101s atp\u016btas centrs, laivu noma, sup noma, kajaku noma","publisher":{"@id":"https:\/\/www.waterskis.lv\/ru\/#organization"},"potentialAction":[{"@type":"SearchAction","target":{"@type":"EntryPoint","urlTemplate":"https:\/\/www.waterskis.lv\/ru\/?s={search_term_string}"},"query-input":{"@type":"PropertyValueSpecification","valueRequired":true,"valueName":"search_term_string"}}],"inLanguage":"ru-RU"},{"@type":"Organization","@id":"https:\/\/www.waterskis.lv\/ru\/#organization","name":"WATERSKIS.LV","url":"https:\/\/www.waterskis.lv\/ru\/","logo":{"@type":"ImageObject","inLanguage":"ru-RU","@id":"https:\/\/www.waterskis.lv\/ru\/#\/schema\/logo\/image\/","url":"https:\/\/www.waterskis.lv\/wp-content\/uploads\/2025\/01\/JUVP-logo.png","contentUrl":"https:\/\/www.waterskis.lv\/wp-content\/uploads\/2025\/01\/JUVP-logo.png","width":421,"height":202,"caption":"WATERSKIS.LV"},"image":{"@id":"https:\/\/www.waterskis.lv\/ru\/#\/schema\/logo\/image\/"},"sameAs":["https:\/\/www.facebook.com\/jurmalawaterskiwakeboardpark\/"]}]}},"_links":{"self":[{"href":"https:\/\/www.waterskis.lv\/ru\/wp-json\/wp\/v2\/product\/69981","targetHints":{"allow":["GET"]}}],"collection":[{"href":"https:\/\/www.waterskis.lv\/ru\/wp-json\/wp\/v2\/product"}],"about":[{"href":"https:\/\/www.waterskis.lv\/ru\/wp-json\/wp\/v2\/types\/product"}],"replies":[{"embeddable":true,"href":"https:\/\/www.waterskis.lv\/ru\/wp-json\/wp\/v2\/comments?post=69981"}],"wp:featuredmedia":[{"embeddable":true,"href":"https:\/\/www.waterskis.lv\/ru\/wp-json\/wp\/v2\/media\/69982"}],"wp:attachment":[{"href":"https:\/\/www.waterskis.lv\/ru\/wp-json\/wp\/v2\/media?parent=69981"}],"wp:term":[{"taxonomy":"product_brand","embeddable":true,"href":"https:\/\/www.waterskis.lv\/ru\/wp-json\/wp\/v2\/product_brand?post=69981"},{"taxonomy":"product_cat","embeddable":true,"href":"https:\/\/www.waterskis.lv\/ru\/wp-json\/wp\/v2\/product_cat?post=69981"},{"taxonomy":"product_tag","embeddable":true,"href":"https:\/\/www.waterskis.lv\/ru\/wp-json\/wp\/v2\/product_tag?post=69981"}],"curies":[{"name":"wp","href":"https:\/\/api.w.org\/{rel}","templated":true}]}}